{"id":11141,"date":"2026-04-06T19:24:27","date_gmt":"2026-04-06T12:24:27","guid":{"rendered":"https:\/\/vannangvn.123websitedev.com\/san-pham\/may-kiem-tra-uon-va-va-dap-erichsen-model-471\/"},"modified":"2026-04-06T19:39:05","modified_gmt":"2026-04-06T12:39:05","slug":"may-kiem-tra-uon-va-va-dap-erichsen-model-471","status":"publish","type":"product","link":"https:\/\/vannangvn.123websitedev.com\/en\/product\/may-kiem-tra-uon-va-va-dap-erichsen-model-471\/","title":{"rendered":"M\u00e1y ki\u1ec3m tra u\u1ed1n v\u00e0 va \u0111\u1eadp Erichsen Model 471"},"content":{"rendered":"<h2 style=\"clear: both; color: #2563eb; font-size: 24px; font-weight: bold; margin-top: 30px; margin-bottom: 15px; text-transform: uppercase; border-bottom: 3px solid #3b82f6; padding-bottom: 5px; font-family: 'Montserrat', 'Segoe UI', Arial, sans-serif; display: block;\">V&#7840;N N&#258;NG GI&#7898;I THI&#7878;U: GI&#7842;I PH&Aacute;P KI&#7874;M TRA &#272;&#7896; B&#7872;N L&#7898;P PH&#7910; T&#7888;I &#431;U<h3 style=\"clear: both; color: #1d4ed8; font-size: 20px; font-weight: bold; margin-top: 15px; margin-bottom: 15px; border-bottom: 1px dashed #e2e8f0; padding-bottom: 8px; font-family: 'Montserrat', 'Segoe UI', Arial, sans-serif; display: block;\">Gi&#7899;i thi&#7879;u chung<\/h3><p style=\"color: #1e293b; font-size: 16px; line-height: 1.6; margin-bottom: 15px; font-weight: normal; font-family: 'Montserrat', 'Segoe UI', Arial, sans-serif;\">M&aacute;y ki&#7875;m tra va &#273;&#7853;p n&agrave;y l&agrave; thi&#7871;t b&#7883; c&#7921;c k&#7923; quan tr&#7885;ng. N&oacute; gi&uacute;p nh&agrave; s&#7843;n xu&#7845;t &#273;&aacute;nh gi&aacute; &#273;&#7897; b&#7873;n c&#417; h&#7885;c c&#7911;a m&agrave;ng s&#417;n. L&#7899;p ph&#7911; tr&ecirc;n b&#7873; m&#7863;t kim lo&#7841;i m&#7887;ng s&#7869; b&#7883; t&aacute;c &#273;&#7897;ng m&#7841;nh. C&ocirc;ng c&#7909; n&agrave;y m&ocirc; ph&#7887;ng l&#7841;i c&aacute;c qu&aacute; tr&igrave;nh gia c&ocirc;ng t&#7841;o h&igrave;nh. V&iacute; d&#7909; nh&#432; thao t&aacute;c u&#7889;n n&#7871;p ho&#7863;c &#273;&#7897;t d&#7853;p v&#7853;t li&#7879;u c&#7913;ng. Qu&aacute; tr&igrave;nh ki&#7875;m &#273;&#7883;nh di&#7877;n ra v&ocirc; c&ugrave;ng nhanh ch&oacute;ng v&agrave; thu&#7853;n ti&#7879;n. M&#7885;i sai s&#7889; &#273;&#7873;u &#273;&#432;&#7907;c gi&#7843;m thi&#7875;u &#7903; m&#7913;c t&#7889;i &#273;a nh&#7845;t.<\/p><h3 style=\"clear: both; color: #1d4ed8; font-size: 20px; font-weight: bold; margin-top: 25px; margin-bottom: 15px; border-bottom: 1px dashed #e2e8f0; padding-bottom: 8px; font-family: 'Montserrat', 'Segoe UI', Arial, sans-serif; display: block;\">Nguy&ecirc;n l&yacute; c&#7911;a M&aacute;y ki&#7875;m tra va &#273;&#7853;p<\/h3><p style=\"color: #1e293b; font-size: 16px; line-height: 1.6; margin-bottom: 15px; font-weight: normal; font-family: 'Montserrat', 'Segoe UI', Arial, sans-serif;\">Quy tr&igrave;nh v&#7853;n h&agrave;nh m&aacute;y &#273;&ograve;i h&#7887;i s&#7921; c&#7849;n th&#7853;n v&agrave; ch&iacute;nh x&aacute;c. T&#7845;m kim lo&#7841;i m&#7851;u s&#7869; &#273;&#432;&#7907;c u&#7889;n cong m&#7897;t g&oacute;c <strong style=\"color: #059669;\">180 &#273;&#7897;<\/strong>. B&#7841;n g&#7853;p t&#7845;m m&#7851;u qua m&#7897;t tr&#7909;c t&acirc;m &#273;&#432;&#7901;ng k&iacute;nh <strong style=\"color: #059669;\">5 mm<\/strong>. Ph&#7847;n m&#7863;t s&#417;n ph&#7843;i &#273;&#432;&#7907;c h&#432;&#7899;ng ra ph&iacute;a b&ecirc;n ngo&agrave;i n&#7871;p g&#7845;p. Ti&#7871;p theo, b&#7841;n &#273;&#7863;t t&#7845;m m&#7851;u l&ecirc;n kh&#7889;i &#273;e th&eacute;p c&#7911;a thi&#7871;t b&#7883;. Kh&#7889;i t&#7841; ph&iacute;a tr&ecirc;n s&#7869; &#273;&#432;&#7907;c th&#7843; r&#417;i m&#7897;t c&aacute;ch t&#7921; do. L&#7921;c &eacute;p l&agrave;m cho n&#7871;p g&#7845;p tr&#7909; bi&#7871;n d&#7841;ng th&agrave;nh h&igrave;nh n&oacute;n. Th&ocirc;ng qua &#273;&oacute;, chuy&ecirc;n gia x&aacute;c &#273;&#7883;nh &#273;&#432;&#7907;c b&aacute;n k&iacute;nh g&acirc;y n&#7913;t m&agrave;ng s&#417;n.<\/p><h3 style=\"clear: both; color: #1d4ed8; font-size: 20px; font-weight: bold; margin-top: 25px; margin-bottom: 15px; border-bottom: 1px dashed #e2e8f0; padding-bottom: 8px; font-family: 'Montserrat', 'Segoe UI', Arial, sans-serif; display: block;\">Quy tr&igrave;nh &#273;&aacute;nh gi&aacute; k&#7871;t qu&#7843; &#273;o l&#432;&#7901;ng<\/h3><p style=\"color: #1e293b; font-size: 16px; line-height: 1.6; margin-bottom: 15px; font-weight: normal; font-family: 'Montserrat', 'Segoe UI', Arial, sans-serif;\">Nh&agrave; s&#7843;n xu&#7845;t &#273;&#432;a ra m&#7897;t ph&#432;&#417;ng ph&aacute;p ki&#7875;m tra n&#7913;t v&ocirc; c&ugrave;ng tr&#7921;c quan. B&#7841;n c&#7847;n pha ch&#7871; m&#7897;t dung d&#7883;ch &#259;n m&ograve;n h&oacute;a h&#7885;c &#273;&#7863;c bi&#7879;t. Dung d&#7883;ch g&#7891;m &#273;&#7891;ng sunfat pha chung v&#7899;i axit xitric v&agrave; axit sunfuric. T&#7845;m m&#7851;u sau khi &#273;&#7853;p s&#7869; &#273;&#432;&#7907;c ng&acirc;m trong dung d&#7883;ch n&#259;m ph&uacute;t. Sau &#273;&oacute;, b&#7841;n l&#7845;y m&#7851;u ra v&agrave; r&#7917;a s&#7841;ch d&#432;&#7899;i v&ograve;i n&#432;&#7899;c ch&#7843;y. B&#7845;t k&#7923; v&#7871;t n&#7913;t n&agrave;o c&#361;ng s&#7869; hi&#7879;n r&otilde; r&#7881; s&eacute;t m&agrave;u s&#7851;m. Chi&#7873;u d&agrave;i v&#7871;t r&#7881; s&eacute;t t&#7927; l&#7879; ngh&#7883;ch v&#7899;i &#273;&#7897; b&#7873;n l&#7899;p ph&#7911;. V&#7871;t h&#7887;ng c&agrave;ng ng&#7855;n ch&#7913;ng t&#7887; ch&#7845;t l&#432;&#7907;ng s&#417;n c&agrave;ng t&#7889;t.<\/p><h3 style=\"clear: both; color: #1d4ed8; font-size: 20px; font-weight: bold; margin-top: 25px; margin-bottom: 15px; border-bottom: 1px dashed #e2e8f0; padding-bottom: 8px; font-family: 'Montserrat', 'Segoe UI', Arial, sans-serif; display: block;\">&#272;&#7863;c &#273;i&#7875;m c&#7845;u t&#7841;o v&agrave; th&ocirc;ng s&#7889; k&#7929; thu&#7853;t<\/h3><p style=\"color: #1e293b; font-size: 16px; line-height: 1.6; margin-bottom: 15px; font-weight: normal; font-family: 'Montserrat', 'Segoe UI', Arial, sans-serif;\">D&#7909;ng c&#7909; s&#7903; h&#7919;u ph&#7847;n khung b&#7857;ng &#7889;ng kim lo&#7841;i c&#7921;c k&#7923; v&#7919;ng ch&#7855;c. H&#7879; th&#7889;ng tr&#7909;c u&#7889;n ph&#7909; tr&#7907; &#273;&#432;&#7907;c g&#7855;n li&#7873;n tr&ecirc;n b&#7879; m&aacute;y c&#417; s&#7903;. Thi&#7871;t k&#7871; n&agrave;y mang l&#7841;i s&#7921; &#273;&#7891;ng b&#7897; v&agrave; g&#7885;n g&agrave;ng t&#7889;i &#273;a.<\/p><ul style=\"color: #1e293b; font-size: 16px; line-height: 1.6; margin-bottom: 15px; padding-left: 20px; font-weight: normal; font-family: 'Montserrat', 'Segoe UI', Arial, sans-serif;\">\n<li style=\"margin-bottom: 8px;\"><strong style=\"color: #059669;\">K&iacute;ch th&#432;&#7899;c t&#7893;ng th&#7875;:<\/strong> &#272;o&#7841;n r&#7897;ng x s&acirc;u x cao l&agrave; <strong style=\"color: #059669;\">250 x 170 x 850 mm<\/strong>.<\/li>\n<li style=\"margin-bottom: 8px;\"><strong style=\"color: #059669;\">Tr&#7885;ng l&#432;&#7907;ng m&aacute;y:<\/strong> &#272;&#7841;t x&#7845;p x&#7881; <strong style=\"color: #059669;\">18 kg<\/strong>.<\/li>\n<li style=\"margin-bottom: 8px;\"><strong style=\"color: #059669;\">&#272;&#7847;u t&#7841; r&#417;i:<\/strong> Tr&#7885;ng l&#432;&#7907;ng chu&#7849;n <strong style=\"color: #059669;\">2300 g<\/strong> k&egrave;m b&#7885;c gi&#7843;m ch&#7845;n.<\/li>\n<li style=\"margin-bottom: 8px;\"><strong style=\"color: #059669;\">K&iacute;ch th&#432;&#7899;c m&#7851;u:<\/strong> Khu&ocirc;n &#273;e ph&ugrave; h&#7907;p t&#7845;m kim lo&#7841;i <strong style=\"color: #059669;\">50 x 140 mm<\/strong>.<\/li>\n<\/ul><h3 style=\"clear: both; color: #1d4ed8; font-size: 20px; font-weight: bold; margin-top: 25px; margin-bottom: 15px; border-bottom: 1px dashed #e2e8f0; padding-bottom: 8px; font-family: 'Montserrat', 'Segoe UI', Arial, sans-serif; display: block;\">T&#7841;i sao n&ecirc;n mua ERICHSEN Model 471 t&#7841;i V&#7841;n N&#259;ng?<\/h3><p style=\"color: #1e293b; font-size: 16px; line-height: 1.6; margin-bottom: 15px; font-weight: normal; font-family: 'Montserrat', 'Segoe UI', Arial, sans-serif;\">R&#7845;t nhi&#7873;u ph&ograve;ng th&iacute; nghi&#7879;m v&#7853;t li&#7879;u &#273;&atilde; ch&#7885;n <strong style=\"color: #b91c1c;\">V&#7841;n N&#259;ng<\/strong> l&agrave;m &#273;&#7889;i t&aacute;c. Ch&uacute;ng t&ocirc;i cam k&#7871;t ph&acirc;n ph&#7889;i <a href=\"\/cua-hang\/\" style=\"text-decoration: none; color: #1d4ed8;\">s&#7843;n ph&#7849;m<\/a> &#273;o l&#432;&#7901;ng ch&iacute;nh h&atilde;ng uy t&iacute;n. &#272;&#7897;i ng&#361; k&#7929; s&#432; s&#7869; b&#7843;o tr&igrave; <a href=\"\/cua-hang\/\" style=\"text-decoration: none; color: #1d4ed8;\">thi&#7871;t b&#7883;<\/a> c&#7911;a b&#7841;n &#273;&#7883;nh k&#7923; c&#7921;c k&#7923; chu &#273;&aacute;o. M&#7885;i th&#7855;c m&#7855;c k&#7929; thu&#7853;t &#273;&#7873;u &#273;&#432;&#7907;c gi&#7843;i &#273;&aacute;p nhanh ch&oacute;ng v&agrave; tri&#7879;t &#273;&#7875;. Kh&aacute;ch h&agrave;ng h&atilde;y g&#7885;i ngay cho <strong style=\"color: #b91c1c;\">Thi&#7871;t B&#7883; C&ocirc;ng Ngh&#7879; Th&#432;&#417;ng M&#7841;i V&#7841;n N&#259;ng<\/strong>. Mua s&#7855;m t&#7841;i <a href=\"\/cua-hang\/\" style=\"text-decoration: none; color: #1d4ed8;\">V&#7841;n N&#259;ng<\/a> l&agrave; gi&#7843;i ph&aacute;p ho&agrave;n h&#7843;o cho doanh nghi&#7879;p.<\/p><div style=\"background-color: #f8fafc; border: 1px solid #e2e8f0; border-radius: 8px; padding: 25px; max-width: 800px; margin: 30px auto 0 auto; color: #1e293b; line-height: 1.8; font-size: 16px; font-weight: normal; font-family: 'Montserrat', 'Segoe UI', Arial, sans-serif; box-shadow: 0 4px 6px -1px rgba(0,0,0,0.05); text-align: left;\">\n<h4 style=\"margin-top: 0; margin-bottom: 15px; color: #1e3a8a; font-size: 18px; font-weight: bold; text-transform: uppercase;\">C&ocirc;ng ty TNHH Th&#432;&#417;ng M&#7841;i D&#7883;ch V&#7909; Thi&#7871;t B&#7883; C&ocirc;ng Ngh&#7879; V&#7841;n N&#259;ng<\/h4>\n<p style=\"margin: 0 0 10px 0; color: #1e293b;\">&#128205; <strong style=\"color: #1e293b;\">&#272;&#7883;a ch&#7881;:<\/strong> <a style=\"color: #059669; text-decoration: none; font-weight: bold;\" href=\"https:\/\/maps.app.goo.gl\/Av7Rf25eG2BRwKXGA\" target=\"_blank\" rel=\"noopener\">818 Tr&#432;&#7901;ng Chinh, Ph&#432;&#7901;ng T&acirc;n S&#417;n, Th&agrave;nh ph&#7889; H&#7891; Ch&iacute; Minh, Vi&#7879;t Nam<\/a><\/p>\n<p style=\"margin: 0 0 10px 0; color: #1e293b;\">&#128222; <strong style=\"color: #1e293b;\">S&#272;T &ndash; Zalo:<\/strong> <a style=\"color: #059669; text-decoration: none; font-weight: bold;\" href=\"https:\/\/zalo.me\/0903991335\" target=\"_blank\" rel=\"noopener\">0903 991 335<\/a> <span style=\"color: #4b5563; font-style: italic;\">(Ms. H&#7841;nh &ndash; Gi&aacute;m &#272;&#7889;c Kinh Doanh)<\/span><\/p>\n<p style=\"margin: 0; color: #1e293b;\">&#9993;&#65039; <strong style=\"color: #1e293b;\">Email:<\/strong> <a style=\"color: #059669; text-decoration: none; font-weight: bold;\" href=\"mailto:hienhanh@vannangvn.com\">hienhanh@vannangvn.com<\/a><\/p>\n<\/div><\/h2>","protected":false},"excerpt":{"rendered":"<p style=\"color: #1e293b; font-size: 16px; line-height: 1.6; margin-bottom: 10px; font-family: 'Montserrat', 'Segoe UI', Arial, sans-serif;\"><strong>Th&#432;&#417;ng hi&#7879;u:<\/strong> ERCHSEN<p style=\"color: #1e293b; font-size: 16px; line-height: 1.6; margin-bottom: 15px; font-family: 'Montserrat', 'Segoe UI', Arial, sans-serif;\"><strong>Model:<\/strong> 471<\/p><p style=\"color: #1e293b; font-size: 16px; line-height: 1.6; margin-bottom: 15px; font-weight: normal; font-family: 'Montserrat', 'Segoe UI', Arial, sans-serif;\">D&#7909;ng c&#7909; chuy&ecirc;n d&#7909;ng n&agrave;y gi&uacute;p &#273;&aacute;nh gi&aacute; <strong style=\"color: #059669;\">&#273;&#7897; linh ho&#7841;t<\/strong> c&#7911;a l&#7899;p s&#417;n ph&#7911;. Qu&aacute; tr&igrave;nh ki&#7875;m tra di&#7877;n ra ch&#7881; trong m&#7897;t thao t&aacute;c duy nh&#7845;t. N&oacute; m&ocirc; ph&#7887;ng l&#7841;i c&aacute;c l&#7921;c <strong style=\"color: #059669;\">&#273;&#7897;t d&#7853;p<\/strong> ho&#7863;c <strong style=\"color: #059669;\">u&#7889;n n&#7871;p<\/strong> kh&#7855;c nghi&#7879;t. &#272;&#7847;u t&#7841; r&#417;i t&#7921; do t&#7841;o ra <strong style=\"color: #059669;\">l&#7921;c t&aacute;c &#273;&#7897;ng &#273;&#7897;t ng&#7897;t<\/strong> v&ocirc; c&ugrave;ng chu&#7849;n x&aacute;c.<\/p><ul style=\"color: #1e293b; font-size: 16px; line-height: 1.6; margin-bottom: 15px; padding-left: 20px; font-weight: normal; font-family: 'Montserrat', 'Segoe UI', Arial, sans-serif;\">\n<li style=\"margin-bottom: 8px;\"><strong style=\"color: #059669;\">Tr&#7885;ng l&#432;&#7907;ng qu&#7843; t&#7841;:<\/strong> N&#7863;ng kho&#7843;ng <strong style=\"color: #059669;\">2300 g<\/strong>.<\/li>\n<li style=\"margin-bottom: 8px;\"><strong style=\"color: #059669;\">Chi&#7873;u cao r&#417;i:<\/strong> &#272;&#7841;t m&#7913;c <strong style=\"color: #059669;\">650 mm<\/strong>.<\/li>\n<li style=\"margin-bottom: 8px;\"><strong style=\"color: #059669;\">Tr&#7909;c u&#7889;n m&#7851;u:<\/strong> &#272;&#432;&#7901;ng k&iacute;nh ti&ecirc;u chu&#7849;n <strong style=\"color: #059669;\">5 mm<\/strong>.<\/li>\n<li style=\"margin-bottom: 8px;\"><strong style=\"color: #059669;\">&#272;&#7897; d&agrave;y t&#7845;m m&#7851;u:<\/strong> Ch&#7845;p nh&#7853;n t&#7915; <strong style=\"color: #059669;\">0.10 &#273;&#7871;n 0.35 mm<\/strong>.<\/li>\n<\/ul><\/p>","protected":false},"featured_media":11113,"comment_status":"open","ping_status":"closed","template":"","meta":[],"product_brand":[],"product_cat":[6535],"product_tag":[6834,6835,6836,6837,78,6833],"class_list":{"0":"post-11141","1":"product","2":"type-product","3":"status-publish","4":"has-post-thumbnail","6":"product_cat-kiem-tra-do-bam-dinh-va-dap-va-do-dan-hoi","7":"product_tag-may-kiem-tra-uon-va-va-dap","8":"product_tag-bend-and-impact-tester","9":"product_tag-thu-nghiem-mang-son","10":"product_tag-do-linh-hoat","11":"product_tag-erichsen","12":"product_tag-model-471","14":"first","15":"instock","16":"shipping-taxable","17":"product-type-simple"},"yoast_head":"<!-- This site is optimized with the Yoast SEO Premium plugin v24.8 (Yoast SEO v24.8) - https:\/\/yoast.com\/wordpress\/plugins\/seo\/ -->\n<title>M\u00e1y ki\u1ec3m tra u\u1ed1n v\u00e0 va \u0111\u1eadp Erichsen Model 471 | V\u1ea1n N\u0103ng<\/title>\n<meta name=\"description\" content=\"M\u00e1y ki\u1ec3m tra u\u1ed1n v\u00e0 va \u0111\u1eadp Erichsen Model 471 \u0111o \u0111\u1ed9 linh ho\u1ea1t v\u00e0 ch\u1ecbu va \u0111\u1eadp c\u1ee7a m\u00e0ng s\u01a1n. Nh\u1eadp kh\u1ea9u ch\u00ednh h\u00e3ng, gi\u00e1 t\u1ed1t. Mua ngay t\u1ea1i V\u1ea1n N\u0103ng!\" \/>\n<meta name=\"robots\" content=\"noindex, follow, max-snippet:-1, max-image-preview:large, max-video-preview:-1\" \/>\n<meta property=\"og:locale\" content=\"en_US\" \/>\n<meta property=\"og:type\" content=\"article\" \/>\n<meta property=\"og:title\" content=\"M\u00e1y ki\u1ec3m tra u\u1ed1n v\u00e0 va \u0111\u1eadp Erichsen Model 471\" \/>\n<meta property=\"og:description\" content=\"M\u00e1y ki\u1ec3m tra u\u1ed1n v\u00e0 va \u0111\u1eadp Erichsen Model 471 \u0111o \u0111\u1ed9 linh ho\u1ea1t v\u00e0 ch\u1ecbu va \u0111\u1eadp c\u1ee7a m\u00e0ng s\u01a1n. Nh\u1eadp kh\u1ea9u ch\u00ednh h\u00e3ng, gi\u00e1 t\u1ed1t. Mua ngay t\u1ea1i V\u1ea1n N\u0103ng!\" \/>\n<meta property=\"og:url\" content=\"https:\/\/vannangvn.123websitedev.com\/en\/product\/may-kiem-tra-uon-va-va-dap-erichsen-model-471\/\" \/>\n<meta property=\"og:site_name\" content=\"Vannang.vn\" \/>\n<meta property=\"article:modified_time\" content=\"2026-04-06T12:39:05+00:00\" \/>\n<meta property=\"og:image\" content=\"http:\/\/vannangvn.123websitedev.com\/wp-content\/uploads\/2026\/04\/Bend-and-Impact-Tester-Model-471_result.jpg\" \/>\n\t<meta property=\"og:image:width\" content=\"650\" \/>\n\t<meta property=\"og:image:height\" content=\"600\" \/>\n\t<meta property=\"og:image:type\" content=\"image\/jpeg\" \/>\n<meta name=\"twitter:card\" content=\"summary_large_image\" \/>\n<meta name=\"twitter:label1\" content=\"Est. reading time\" \/>\n\t<meta name=\"twitter:data1\" content=\"4 minutes\" \/>\n<script type=\"application\/ld+json\" class=\"yoast-schema-graph\">{\"@context\":\"https:\/\/schema.org\",\"@graph\":[{\"@type\":\"WebPage\",\"@id\":\"https:\/\/vannangvn.123websitedev.com\/san-pham\/may-kiem-tra-uon-va-va-dap-erichsen-model-471\/\",\"url\":\"https:\/\/vannangvn.123websitedev.com\/san-pham\/may-kiem-tra-uon-va-va-dap-erichsen-model-471\/\",\"name\":\"M\u00e1y ki\u1ec3m tra u\u1ed1n v\u00e0 va \u0111\u1eadp Erichsen Model 471 | V\u1ea1n N\u0103ng\",\"isPartOf\":{\"@id\":\"https:\/\/vannangvn.123websitedev.com\/#website\"},\"primaryImageOfPage\":{\"@id\":\"https:\/\/vannangvn.123websitedev.com\/san-pham\/may-kiem-tra-uon-va-va-dap-erichsen-model-471\/#primaryimage\"},\"image\":{\"@id\":\"https:\/\/vannangvn.123websitedev.com\/san-pham\/may-kiem-tra-uon-va-va-dap-erichsen-model-471\/#primaryimage\"},\"thumbnailUrl\":\"https:\/\/vannangvn.123websitedev.com\/wp-content\/uploads\/2026\/04\/Bend-and-Impact-Tester-Model-471_result.jpg\",\"datePublished\":\"2026-04-06T12:24:27+00:00\",\"dateModified\":\"2026-04-06T12:39:05+00:00\",\"description\":\"M\u00e1y ki\u1ec3m tra u\u1ed1n v\u00e0 va \u0111\u1eadp Erichsen Model 471 \u0111o \u0111\u1ed9 linh ho\u1ea1t v\u00e0 ch\u1ecbu va \u0111\u1eadp c\u1ee7a m\u00e0ng s\u01a1n. Nh\u1eadp kh\u1ea9u ch\u00ednh h\u00e3ng, gi\u00e1 t\u1ed1t. Mua ngay t\u1ea1i V\u1ea1n N\u0103ng!\",\"breadcrumb\":{\"@id\":\"https:\/\/vannangvn.123websitedev.com\/san-pham\/may-kiem-tra-uon-va-va-dap-erichsen-model-471\/#breadcrumb\"},\"inLanguage\":\"en-US\",\"potentialAction\":[{\"@type\":\"ReadAction\",\"target\":[\"https:\/\/vannangvn.123websitedev.com\/san-pham\/may-kiem-tra-uon-va-va-dap-erichsen-model-471\/\"]}]},{\"@type\":\"ImageObject\",\"inLanguage\":\"en-US\",\"@id\":\"https:\/\/vannangvn.123websitedev.com\/san-pham\/may-kiem-tra-uon-va-va-dap-erichsen-model-471\/#primaryimage\",\"url\":\"https:\/\/vannangvn.123websitedev.com\/wp-content\/uploads\/2026\/04\/Bend-and-Impact-Tester-Model-471_result.jpg\",\"contentUrl\":\"https:\/\/vannangvn.123websitedev.com\/wp-content\/uploads\/2026\/04\/Bend-and-Impact-Tester-Model-471_result.jpg\",\"width\":650,\"height\":600},{\"@type\":\"BreadcrumbList\",\"@id\":\"https:\/\/vannangvn.123websitedev.com\/san-pham\/may-kiem-tra-uon-va-va-dap-erichsen-model-471\/#breadcrumb\",\"itemListElement\":[{\"@type\":\"ListItem\",\"position\":1,\"name\":\"Trang ch\u1ee7\",\"item\":\"https:\/\/vannangvn.123websitedev.com\/\"},{\"@type\":\"ListItem\",\"position\":2,\"name\":\"S\u1ea3n ph\u1ea9m\",\"item\":\"https:\/\/vannangvn.123websitedev.com\/cua-hang\/\"},{\"@type\":\"ListItem\",\"position\":3,\"name\":\"M\u00e1y ki\u1ec3m tra u\u1ed1n v\u00e0 va \u0111\u1eadp Erichsen Model 471\"}]},{\"@type\":\"WebSite\",\"@id\":\"https:\/\/vannangvn.123websitedev.com\/#website\",\"url\":\"https:\/\/vannangvn.123websitedev.com\/\",\"name\":\"Vannang.vn\",\"description\":\"\",\"publisher\":{\"@id\":\"https:\/\/vannangvn.123websitedev.com\/#organization\"},\"potentialAction\":[{\"@type\":\"SearchAction\",\"target\":{\"@type\":\"EntryPoint\",\"urlTemplate\":\"https:\/\/vannangvn.123websitedev.com\/?s={search_term_string}\"},\"query-input\":{\"@type\":\"PropertyValueSpecification\",\"valueRequired\":true,\"valueName\":\"search_term_string\"}}],\"inLanguage\":\"en-US\"},{\"@type\":\"Organization\",\"@id\":\"https:\/\/vannangvn.123websitedev.com\/#organization\",\"name\":\"Vannang.vn\",\"url\":\"https:\/\/vannangvn.123websitedev.com\/\",\"logo\":{\"@type\":\"ImageObject\",\"inLanguage\":\"en-US\",\"@id\":\"https:\/\/vannangvn.123websitedev.com\/#\/schema\/logo\/image\/\",\"url\":\"https:\/\/vannangvn.123websitedev.com\/wp-content\/uploads\/2026\/02\/logo-van-nang-02.png\",\"contentUrl\":\"https:\/\/vannangvn.123websitedev.com\/wp-content\/uploads\/2026\/02\/logo-van-nang-02.png\",\"width\":448,\"height\":111,\"caption\":\"Vannang.vn\"},\"image\":{\"@id\":\"https:\/\/vannangvn.123websitedev.com\/#\/schema\/logo\/image\/\"}}]}<\/script>\n<!-- \/ Yoast SEO Premium plugin. -->","yoast_head_json":{"title":"M\u00e1y ki\u1ec3m tra u\u1ed1n v\u00e0 va \u0111\u1eadp Erichsen Model 471 | V\u1ea1n N\u0103ng","description":"M\u00e1y ki\u1ec3m tra u\u1ed1n v\u00e0 va \u0111\u1eadp Erichsen Model 471 \u0111o \u0111\u1ed9 linh ho\u1ea1t v\u00e0 ch\u1ecbu va \u0111\u1eadp c\u1ee7a m\u00e0ng s\u01a1n. Nh\u1eadp kh\u1ea9u ch\u00ednh h\u00e3ng, gi\u00e1 t\u1ed1t. Mua ngay t\u1ea1i V\u1ea1n N\u0103ng!","robots":{"index":"noindex","follow":"follow","max-snippet":"max-snippet:-1","max-image-preview":"max-image-preview:large","max-video-preview":"max-video-preview:-1"},"og_locale":"en_US","og_type":"article","og_title":"M\u00e1y ki\u1ec3m tra u\u1ed1n v\u00e0 va \u0111\u1eadp Erichsen Model 471","og_description":"M\u00e1y ki\u1ec3m tra u\u1ed1n v\u00e0 va \u0111\u1eadp Erichsen Model 471 \u0111o \u0111\u1ed9 linh ho\u1ea1t v\u00e0 ch\u1ecbu va \u0111\u1eadp c\u1ee7a m\u00e0ng s\u01a1n. Nh\u1eadp kh\u1ea9u ch\u00ednh h\u00e3ng, gi\u00e1 t\u1ed1t. Mua ngay t\u1ea1i V\u1ea1n N\u0103ng!","og_url":"https:\/\/vannangvn.123websitedev.com\/en\/product\/may-kiem-tra-uon-va-va-dap-erichsen-model-471\/","og_site_name":"Vannang.vn","article_modified_time":"2026-04-06T12:39:05+00:00","og_image":[{"width":650,"height":600,"url":"http:\/\/vannangvn.123websitedev.com\/wp-content\/uploads\/2026\/04\/Bend-and-Impact-Tester-Model-471_result.jpg","type":"image\/jpeg"}],"twitter_card":"summary_large_image","twitter_misc":{"Est. reading time":"4 minutes"},"schema":{"@context":"https:\/\/schema.org","@graph":[{"@type":"WebPage","@id":"https:\/\/vannangvn.123websitedev.com\/san-pham\/may-kiem-tra-uon-va-va-dap-erichsen-model-471\/","url":"https:\/\/vannangvn.123websitedev.com\/san-pham\/may-kiem-tra-uon-va-va-dap-erichsen-model-471\/","name":"M\u00e1y ki\u1ec3m tra u\u1ed1n v\u00e0 va \u0111\u1eadp Erichsen Model 471 | V\u1ea1n N\u0103ng","isPartOf":{"@id":"https:\/\/vannangvn.123websitedev.com\/#website"},"primaryImageOfPage":{"@id":"https:\/\/vannangvn.123websitedev.com\/san-pham\/may-kiem-tra-uon-va-va-dap-erichsen-model-471\/#primaryimage"},"image":{"@id":"https:\/\/vannangvn.123websitedev.com\/san-pham\/may-kiem-tra-uon-va-va-dap-erichsen-model-471\/#primaryimage"},"thumbnailUrl":"https:\/\/vannangvn.123websitedev.com\/wp-content\/uploads\/2026\/04\/Bend-and-Impact-Tester-Model-471_result.jpg","datePublished":"2026-04-06T12:24:27+00:00","dateModified":"2026-04-06T12:39:05+00:00","description":"M\u00e1y ki\u1ec3m tra u\u1ed1n v\u00e0 va \u0111\u1eadp Erichsen Model 471 \u0111o \u0111\u1ed9 linh ho\u1ea1t v\u00e0 ch\u1ecbu va \u0111\u1eadp c\u1ee7a m\u00e0ng s\u01a1n. Nh\u1eadp kh\u1ea9u ch\u00ednh h\u00e3ng, gi\u00e1 t\u1ed1t. Mua ngay t\u1ea1i V\u1ea1n N\u0103ng!","breadcrumb":{"@id":"https:\/\/vannangvn.123websitedev.com\/san-pham\/may-kiem-tra-uon-va-va-dap-erichsen-model-471\/#breadcrumb"},"inLanguage":"en-US","potentialAction":[{"@type":"ReadAction","target":["https:\/\/vannangvn.123websitedev.com\/san-pham\/may-kiem-tra-uon-va-va-dap-erichsen-model-471\/"]}]},{"@type":"ImageObject","inLanguage":"en-US","@id":"https:\/\/vannangvn.123websitedev.com\/san-pham\/may-kiem-tra-uon-va-va-dap-erichsen-model-471\/#primaryimage","url":"https:\/\/vannangvn.123websitedev.com\/wp-content\/uploads\/2026\/04\/Bend-and-Impact-Tester-Model-471_result.jpg","contentUrl":"https:\/\/vannangvn.123websitedev.com\/wp-content\/uploads\/2026\/04\/Bend-and-Impact-Tester-Model-471_result.jpg","width":650,"height":600},{"@type":"BreadcrumbList","@id":"https:\/\/vannangvn.123websitedev.com\/san-pham\/may-kiem-tra-uon-va-va-dap-erichsen-model-471\/#breadcrumb","itemListElement":[{"@type":"ListItem","position":1,"name":"Trang ch\u1ee7","item":"https:\/\/vannangvn.123websitedev.com\/"},{"@type":"ListItem","position":2,"name":"S\u1ea3n ph\u1ea9m","item":"https:\/\/vannangvn.123websitedev.com\/cua-hang\/"},{"@type":"ListItem","position":3,"name":"M\u00e1y ki\u1ec3m tra u\u1ed1n v\u00e0 va \u0111\u1eadp Erichsen Model 471"}]},{"@type":"WebSite","@id":"https:\/\/vannangvn.123websitedev.com\/#website","url":"https:\/\/vannangvn.123websitedev.com\/","name":"Vannang.vn","description":"","publisher":{"@id":"https:\/\/vannangvn.123websitedev.com\/#organization"},"potentialAction":[{"@type":"SearchAction","target":{"@type":"EntryPoint","urlTemplate":"https:\/\/vannangvn.123websitedev.com\/?s={search_term_string}"},"query-input":{"@type":"PropertyValueSpecification","valueRequired":true,"valueName":"search_term_string"}}],"inLanguage":"en-US"},{"@type":"Organization","@id":"https:\/\/vannangvn.123websitedev.com\/#organization","name":"Vannang.vn","url":"https:\/\/vannangvn.123websitedev.com\/","logo":{"@type":"ImageObject","inLanguage":"en-US","@id":"https:\/\/vannangvn.123websitedev.com\/#\/schema\/logo\/image\/","url":"https:\/\/vannangvn.123websitedev.com\/wp-content\/uploads\/2026\/02\/logo-van-nang-02.png","contentUrl":"https:\/\/vannangvn.123websitedev.com\/wp-content\/uploads\/2026\/02\/logo-van-nang-02.png","width":448,"height":111,"caption":"Vannang.vn"},"image":{"@id":"https:\/\/vannangvn.123websitedev.com\/#\/schema\/logo\/image\/"}}]}},"_links":{"self":[{"href":"https:\/\/vannangvn.123websitedev.com\/en\/wp-json\/wp\/v2\/product\/11141","targetHints":{"allow":["GET"]}}],"collection":[{"href":"https:\/\/vannangvn.123websitedev.com\/en\/wp-json\/wp\/v2\/product"}],"about":[{"href":"https:\/\/vannangvn.123websitedev.com\/en\/wp-json\/wp\/v2\/types\/product"}],"replies":[{"embeddable":true,"href":"https:\/\/vannangvn.123websitedev.com\/en\/wp-json\/wp\/v2\/comments?post=11141"}],"wp:featuredmedia":[{"embeddable":true,"href":"https:\/\/vannangvn.123websitedev.com\/en\/wp-json\/wp\/v2\/media\/11113"}],"wp:attachment":[{"href":"https:\/\/vannangvn.123websitedev.com\/en\/wp-json\/wp\/v2\/media?parent=11141"}],"wp:term":[{"taxonomy":"product_brand","embeddable":true,"href":"https:\/\/vannangvn.123websitedev.com\/en\/wp-json\/wp\/v2\/product_brand?post=11141"},{"taxonomy":"product_cat","embeddable":true,"href":"https:\/\/vannangvn.123websitedev.com\/en\/wp-json\/wp\/v2\/product_cat?post=11141"},{"taxonomy":"product_tag","embeddable":true,"href":"https:\/\/vannangvn.123websitedev.com\/en\/wp-json\/wp\/v2\/product_tag?post=11141"}],"curies":[{"name":"wp","href":"https:\/\/api.w.org\/{rel}","templated":true}]}}