{"id":5906,"date":"2026-03-20T17:17:39","date_gmt":"2026-03-20T10:17:39","guid":{"rendered":"https:\/\/vannangvn.123websitedev.com\/san-pham\/adapter-bo-nguon-chuyen-doi-va-day-dan-dien-cap-dung-cho-may-nr2100-nr2100ib-kurabo\/"},"modified":"2026-03-30T15:42:23","modified_gmt":"2026-03-30T08:42:23","slug":"adapter-bo-nguon-chuyen-doi-va-day-dan-dien-cap-dung-cho-may-nr2100-nr2100ib-kurabo","status":"publish","type":"product","link":"https:\/\/vannangvn.123websitedev.com\/en\/product\/adapter-bo-nguon-chuyen-doi-va-day-dan-dien-cap-dung-cho-may-nr2100-nr2100ib-kurabo\/","title":{"rendered":"ADAPTER \u2013 B\u1ed8 NGU\u1ed2N CHUY\u1ec2N \u0110\u1ed4I V\u00c0 D\u00c2Y D\u1eaaN \u0110I\u1ec6N C\u1ea4P D\u00d9NG CHO M\u00c1Y NR2100 NR2100IB KURABO"},"content":{"rendered":"<h1 style=\"color: red;\"><strong>T&#7893;ng quan s&#7843;n ph&#7849;m ADAPTER &ndash; B&#7896; NGU&#7890;N CHUY&#7874;N &#272;&#7892;I V&Agrave; D&Acirc;Y D&#7850;N &#272;I&#7878;N C&#7844;P D&Ugrave;NG CHO M&Aacute;Y NR2100 NR2100IB KURABO<\/strong><p>Adapter &ndash; B&#7897; Ngu&#7891;n Chuy&#7875;n &#272;&#7893;i V&agrave; D&acirc;y D&#7851;n &#272;i&#7879;n C&#7845;p D&ugrave;ng Cho M&aacute;y NR2100 NR2100IB (Adapter &amp; Sensor Cable 2m For NR2100, NR2100IB) Kurabo<br>\nAdapter &amp; Sensor Cable 2m Kurabo l&agrave; b&#7897; ph&#7909; ki&#7879;n chuy&ecirc;n d&#7909;ng, g&#7891;m b&#7897; ngu&#7891;n chuy&#7875;n &#273;&#7893;i v&agrave; d&acirc;y d&#7851;n t&iacute;n hi&#7879;u ti&ecirc;u chu&#7849;n, thi&#7871;t k&#7871; ri&ecirc;ng cho d&ograve;ng thi&#7871;t b&#7883; &#273;o l&#7899;p ph&#7911; Antifinger Kurabo NR2100 v&agrave; NR2100IB. B&#7897; ngu&#7891;n h&#7895; tr&#7907; d&#7843;i &#273;i&#7879;n &aacute;p r&#7897;ng t&#7915; 100&ndash;240VAC, t&#7847;n s&#7889; 47&ndash;63Hz, c&ocirc;ng su&#7845;t &#273;&#7883;nh m&#7913;c 65VA, ph&ugrave; h&#7907;p v&#7899;i nhi&#7873;u h&#7879; th&#7889;ng &#273;i&#7879;n c&ocirc;ng nghi&#7879;p hi&#7879;n nay.<\/p><p>Adapter &#273;&#7843;m b&#7843;o kh&#7843; n&#259;ng c&#7845;p ngu&#7891;n &#7893;n &#273;&#7883;nh, gi&uacute;p thi&#7871;t b&#7883; &#273;o ho&#7841;t &#273;&#7897;ng ch&iacute;nh x&aacute;c v&agrave; li&ecirc;n t&#7909;c trong c&aacute;c m&ocirc;i tr&#432;&#7901;ng ki&#7875;m tra nghi&ecirc;m ng&#7863;t. D&acirc;y d&#7851;n t&iacute;n hi&#7879;u d&agrave;i 2 m&eacute;t &#273;i k&egrave;m &#273;&#432;&#7907;c thi&#7871;t k&#7871; &#273;&#7841;t chu&#7849;n, gi&uacute;p k&#7871;t n&#7889;i linh ho&#7841;t v&agrave; truy&#7873;n t&iacute;n hi&#7879;u ch&iacute;nh x&aacute;c t&#7915; c&#7843;m bi&#7871;n &#273;&#7871;n b&#7897; x&#7917; l&yacute;.<\/p><h3 style=\"color: #059669;\"><strong>Nh&#7919;ng L&yacute; Do N&ecirc;n Mua B&#7897; Ngu&#7891;n V&agrave; D&acirc;y D&#7851;n T&#7841;i V&#7841;n N&#259;ng<\/strong><\/h3><p>C&ocirc;ng ty Thi&#7871;t B&#7883; C&ocirc;ng Ngh&#7879; V&#7841;n N&#259;ng l&agrave; &#273;&#7889;i t&aacute;c ch&iacute;nh th&#7913;c ph&acirc;n ph&#7889;i B&#7897; Ngu&#7891;n V&agrave; D&acirc;y D&#7851;n h&agrave;ng &#273;&#7847;u t&#7841;i Vi&#7879;t Nam, cam k&#7871;t cung c&#7845;p s&#7843;n ph&#7849;m ch&iacute;nh h&atilde;ng v&#7899;i gi&aacute; c&#7843; c&#7841;nh tranh nh&#7845;t th&#7883; tr&#432;&#7901;ng. V&#7899;i uy t&iacute;n tr&ecirc;n th&#7883; tr&#432;&#7901;ng v&agrave; ch&#7871; &#273;&#7897; h&#7851;u m&atilde;i t&#7889;t, Thi&#7871;t B&#7883; C&ocirc;ng Ngh&#7879; V&#7841;n N&#259;ng &#273;&atilde; nh&#7853;n &#273;&#432;&#7907;c s&#7921; tin t&#432;&#7903;ng t&#7915; kh&aacute;ch h&agrave;ng nh&#7901; v&agrave;o ch&#7845;t l&#432;&#7907;ng h&agrave;ng &#273;&#7847;u c&#7911;a c&aacute;c d&ograve;ng s&#7843;n ph&#7849;m.<br>\nS&#7843;n ph&#7849;m c&#7911;a ch&uacute;ng t&ocirc;i &#273;&#432;&#7907;c ki&#7875;m &#273;&#7883;nh ch&#7845;t l&#432;&#7907;ng, nh&#7853;p kh&#7849;u tr&#7921;c ti&#7871;p t&#7915; nh&agrave; m&aacute;y b&ecirc;n Ch&acirc;u &Acirc;u, M&#7929;, &Uacute;c, Nh&#7853;t B&#7843;n,&hellip; v&agrave; &#273;&aacute;p &#7913;ng nhu c&#7847;u &#273;a d&#7841;ng c&#7911;a th&#7883; tr&#432;&#7901;ng nh&#432;: M&aacute;y &#272;o &#272;&#7897; C&#7913;ng, M&aacute;y SPECTROMAXx, M&aacute;y Ki&#7875;m Tra &#272;&#432;&#7901;ng Gh&eacute;p M&iacute; Lon,&hellip; Ch&uacute;ng t&ocirc;i cam k&#7871;t cung c&#7845;p s&#7843;n ph&#7849;m n&agrave;y tr&ecirc;n to&agrave;n qu&#7889;c v&#7899;i gi&aacute; c&#7843; c&#7841;nh tranh nh&#7845;t.<br>\nCh&uacute;ng t&ocirc;i c&oacute; &#273;&#7897;i ng&#361; chuy&ecirc;n vi&ecirc;n t&#432; v&#7845;n chuy&ecirc;n s&acirc;u s&#7869; h&#7895; tr&#7907; kh&aacute;ch h&agrave;ng v&#7873; chi ti&#7871;t s&#7843;n ph&#7849;m, h&#432;&#7899;ng d&#7851;n s&#7917; d&#7909;ng hay nh&#7919;ng th&#7913; li&ecirc;n quan &#273;&#7871;n v&#7845;n &#273;&#7873; m&agrave; doanh nghi&#7879;p b&#7841;n &#273;ang g&#7863;p ph&#7843;i. Ch&uacute;ng t&ocirc;i s&#7869; cung c&#7845;p nh&#7919;ng gi&#7843;i ph&aacute;p t&#7889;i &#432;u nh&#7845;t!<br>\nNgo&agrave;i ra Thi&#7871;t B&#7883; C&ocirc;ng Ngh&#7879; V&#7841;n N&#259;ng Ch&uacute;ng T&ocirc;i lu&ocirc;n h&#432;&#7899;ng &#273;&#7871;n tr&#7843;i nghi&#7879;m kh&aacute;ch h&agrave;ng, v&igrave; v&#7853;y ch&uacute;ng t&ocirc;i c&oacute; nh&#7919;ng ch&iacute;nh s&aacute;ch b&#7843;o h&agrave;nh, b&#7843;o tr&igrave; &ndash; b&#7843;o d&#432;&#7905;ng, hi&#7879;u chu&#7849;n v&#7899;i t&#7845;t c&#7843; c&aacute;c thi&#7871;t b&#7883;, m&aacute;y m&oacute;c m&agrave; ch&uacute;ng t&ocirc;i cung c&#7845;p. &#272;&#7843;m b&#7843;o mang &#273;&#7871;n cho Kh&aacute;ch h&agrave;ng s&#7921; y&ecirc;n t&acirc;m tuy&#7879;t &#273;&#7889;i v&#7873; d&#7883;ch v&#7909; khi mua h&agrave;ng.<\/p><p>S&#7843;n ph&#7849;m &#273;&#432;&#7907;c b&#7843;o h&agrave;nh 12 th&aacute;ng theo ti&ecirc;u chu&#7849;n c&#7911;a h&atilde;ng Kurabo Nh&#7853;t B&#7843;n, ph&acirc;n ph&#7889;i ch&iacute;nh h&atilde;ng t&#7841;i Vi&#7879;t Nam, mang &#273;&#7871;n s&#7921; y&ecirc;n t&acirc;m v&#7873; ch&#7845;t l&#432;&#7907;ng v&agrave; d&#7883;ch v&#7909; h&#7853;u m&atilde;i cho kh&aacute;ch h&agrave;ng. H&atilde;y li&ecirc;n h&#7879; v&#7899;i V&#7841;n N&#259;ng ngay &#273;&#7875; &#273;&#432;&#7907;c t&#432; v&#7845;n chuy&ecirc;n s&acirc;u v&agrave; nh&#7853;n nh&#7919;ng &#432;u &#273;&atilde;i h&#7845;p d&#7851;n nh&#7845;t th&ocirc;ng qua hotline\/zalo: <a style=\"color: #059669; font-weight: bold; text-decoration: none;\" href=\"https:\/\/zalo.me\/0903991335\" target=\"_blank\" rel=\"noopener\">0903 991 335<\/a>.<\/p><p>&nbsp;<\/p><div style=\"background-color: #f8fafc; border: 1px solid #e2e8f0; border-radius: 8px; padding: 25px; max-width: 800px; margin: 30px auto; color: #334155; line-height: 1.8; font-size: 17px; box-shadow: 0 4px 6px -1px rgba(0,0,0,0.05); text-align: left; clear: both;\">\n<h3 style=\"color: #059669;\"><strong>C&ocirc;ng ty TNHH Th&#432;&#417;ng M&#7841;i D&#7883;ch V&#7909; Thi&#7871;t B&#7883; C&ocirc;ng Ngh&#7879; V&#7841;n N&#259;ng<\/strong><\/h3>\n<p style=\"margin: 0 0 10px 0;\">&#128205; <strong style=\"color: #1e293b;\">&#272;&#7883;a ch&#7881;:<\/strong> <a style=\"color: #059669; text-decoration: none; font-weight: bold;\" href=\"https:\/\/www.google.com\/maps\/search\/C%C3%B4ng+ty+TNHH+Th%C6%B0%C6%A1ng+M%E1%BA%A1i+D%E1%BB%8Bch+V%E1%BB%A5+Thi%E1%BA%BFt+B%E1%BB%8B+C%C3%B4ng+Ngh%E1%BB%87+V%E1%BA%A1n+N%C4%83ng+818+Tr%C6%B0%E1%BB%9Dng+Chinh\" target=\"_blank\" rel=\"noopener\">818 Tr&#432;&#7901;ng Chinh, Ph&#432;&#7901;ng T&acirc;n S&#417;n, Th&agrave;nh ph&#7889; H&#7891; Ch&iacute; Minh, Vi&#7879;t Nam<\/a><\/p>\n<p style=\"margin: 0 0 10px 0;\">&#128222; <strong style=\"color: #1e293b;\">S&#272;T &ndash; Zalo:<\/strong> <a style=\"color: #059669; text-decoration: none; font-weight: bold;\" href=\"https:\/\/zalo.me\/0903991335\" target=\"_blank\" rel=\"noopener\">0903 991 335<\/a> <span style=\"color: #64748b; font-style: italic;\">(Ms. H&#7841;nh &ndash; Gi&aacute;m &#272;&#7889;c Kinh Doanh)<\/span><\/p>\n<p style=\"margin: 0;\">&#9993;&#65039; <strong style=\"color: #1e293b;\">Email:<\/strong> <a style=\"color: #059669; text-decoration: none; font-weight: bold;\" href=\"mailto:hienhanh@vannangvn.com\">hienhanh@vannangvn.com<\/a><\/p>\n<\/div><\/h1>","protected":false},"excerpt":{"rendered":"<p><strong>Th&#432;&#417;ng hi&#7879;u:<\/strong> Kurabo (Japan)<p><strong>Model:<\/strong> Adapter &amp; Sensor Cable 2m<\/p><p>Kurabo Adapter &amp; Sensor Cable 2m l&agrave; b&#7897; ph&#7909; ki&#7879;n ch&iacute;nh h&atilde;ng d&ugrave;ng &#273;&#7875; c&#7845;p ngu&#7891;n v&agrave; truy&#7873;n t&iacute;n hi&#7879;u &#7893;n &#273;&#7883;nh cho m&aacute;y &#273;o l&#7899;p ph&#7911; Antifinger NR2100 v&agrave; NR2100IB.<\/p><\/p>","protected":false},"featured_media":0,"comment_status":"closed","ping_status":"closed","template":"","meta":[],"product_brand":[],"product_cat":[6510],"product_tag":[6512,6513,96,112,6511],"class_list":{"0":"post-5906","1":"product","2":"type-product","3":"status-publish","5":"product_cat-phu-kien-thiet-bi","6":"product_tag-adapter-sensor-cable-2m","7":"product_tag-bo-nguon","8":"product_tag-adapter","9":"product_tag-kurabo","10":"product_tag-adapter-bo-nguon-chuyen-doi-va-day-dan-dien-cap-dung-cho-may-nr2100-nr2100ib-kurabo","12":"first","13":"instock","14":"shipping-taxable","15":"product-type-simple"},"yoast_head":"<!-- This site is optimized with the Yoast SEO Premium plugin v24.8 (Yoast SEO v24.8) - https:\/\/yoast.com\/wordpress\/plugins\/seo\/ -->\n<title>ADAPTER \u2013 B\u1ed8 NGU\u1ed2N CHUY\u1ec2N \u0110\u1ed4I V\u00c0 D\u00c2Y D... ch\u00ednh h\u00e3ng | V\u1ea1n N\u0103ng<\/title>\n<meta name=\"description\" content=\"Mua ngay ADAPTER \u2013 B\u1ed8 NGU\u1ed2N CHUY\u1ec2N \u0110\u1ed4I V\u00c0 D\u00c2Y D\u1eaaN \u0110I\u1ec6N C\u1ea4P D\u00d9NG CHO M\u00c1Y NR2100 NR2100IB KURABO t\u1eeb th\u01b0\u01a1ng hi\u1ec7u Kurabo. Kurabo Adapter &amp; Sensor Cable 2m l\u00e0 b\u1ed9 ...\" \/>\n<meta name=\"robots\" content=\"noindex, follow, max-snippet:-1, max-image-preview:large, max-video-preview:-1\" \/>\n<meta property=\"og:locale\" content=\"en_US\" \/>\n<meta property=\"og:type\" content=\"article\" \/>\n<meta property=\"og:title\" content=\"ADAPTER \u2013 B\u1ed8 NGU\u1ed2N CHUY\u1ec2N \u0110\u1ed4I V\u00c0 D\u00c2Y D\u1eaaN \u0110I\u1ec6N C\u1ea4P D\u00d9NG CHO M\u00c1Y NR2100 NR2100IB KURABO\" \/>\n<meta property=\"og:description\" content=\"Mua ngay ADAPTER \u2013 B\u1ed8 NGU\u1ed2N CHUY\u1ec2N \u0110\u1ed4I V\u00c0 D\u00c2Y D\u1eaaN \u0110I\u1ec6N C\u1ea4P D\u00d9NG CHO M\u00c1Y NR2100 NR2100IB KURABO t\u1eeb th\u01b0\u01a1ng hi\u1ec7u Kurabo. Kurabo Adapter &amp; Sensor Cable 2m l\u00e0 b\u1ed9 ...\" \/>\n<meta property=\"og:url\" content=\"https:\/\/vannangvn.123websitedev.com\/en\/product\/adapter-bo-nguon-chuyen-doi-va-day-dan-dien-cap-dung-cho-may-nr2100-nr2100ib-kurabo\/\" \/>\n<meta property=\"og:site_name\" content=\"Vannang.vn\" \/>\n<meta property=\"article:modified_time\" content=\"2026-03-30T08:42:23+00:00\" \/>\n<meta name=\"twitter:card\" content=\"summary_large_image\" \/>\n<meta name=\"twitter:label1\" content=\"Est. reading time\" \/>\n\t<meta name=\"twitter:data1\" content=\"4 minutes\" \/>\n<script type=\"application\/ld+json\" class=\"yoast-schema-graph\">{\"@context\":\"https:\/\/schema.org\",\"@graph\":[{\"@type\":\"WebPage\",\"@id\":\"https:\/\/vannangvn.123websitedev.com\/san-pham\/adapter-bo-nguon-chuyen-doi-va-day-dan-dien-cap-dung-cho-may-nr2100-nr2100ib-kurabo\/\",\"url\":\"https:\/\/vannangvn.123websitedev.com\/san-pham\/adapter-bo-nguon-chuyen-doi-va-day-dan-dien-cap-dung-cho-may-nr2100-nr2100ib-kurabo\/\",\"name\":\"ADAPTER \u2013 B\u1ed8 NGU\u1ed2N CHUY\u1ec2N \u0110\u1ed4I V\u00c0 D\u00c2Y D... ch\u00ednh h\u00e3ng | V\u1ea1n N\u0103ng\",\"isPartOf\":{\"@id\":\"https:\/\/vannangvn.123websitedev.com\/#website\"},\"datePublished\":\"2026-03-20T10:17:39+00:00\",\"dateModified\":\"2026-03-30T08:42:23+00:00\",\"description\":\"Mua ngay ADAPTER \u2013 B\u1ed8 NGU\u1ed2N CHUY\u1ec2N \u0110\u1ed4I V\u00c0 D\u00c2Y D\u1eaaN \u0110I\u1ec6N C\u1ea4P D\u00d9NG CHO M\u00c1Y NR2100 NR2100IB KURABO t\u1eeb th\u01b0\u01a1ng hi\u1ec7u Kurabo. Kurabo Adapter & Sensor Cable 2m l\u00e0 b\u1ed9 ...\",\"breadcrumb\":{\"@id\":\"https:\/\/vannangvn.123websitedev.com\/san-pham\/adapter-bo-nguon-chuyen-doi-va-day-dan-dien-cap-dung-cho-may-nr2100-nr2100ib-kurabo\/#breadcrumb\"},\"inLanguage\":\"en-US\",\"potentialAction\":[{\"@type\":\"ReadAction\",\"target\":[\"https:\/\/vannangvn.123websitedev.com\/san-pham\/adapter-bo-nguon-chuyen-doi-va-day-dan-dien-cap-dung-cho-may-nr2100-nr2100ib-kurabo\/\"]}]},{\"@type\":\"BreadcrumbList\",\"@id\":\"https:\/\/vannangvn.123websitedev.com\/san-pham\/adapter-bo-nguon-chuyen-doi-va-day-dan-dien-cap-dung-cho-may-nr2100-nr2100ib-kurabo\/#breadcrumb\",\"itemListElement\":[{\"@type\":\"ListItem\",\"position\":1,\"name\":\"Trang ch\u1ee7\",\"item\":\"https:\/\/vannangvn.123websitedev.com\/\"},{\"@type\":\"ListItem\",\"position\":2,\"name\":\"S\u1ea3n ph\u1ea9m\",\"item\":\"https:\/\/vannangvn.123websitedev.com\/cua-hang\/\"},{\"@type\":\"ListItem\",\"position\":3,\"name\":\"ADAPTER \u2013 B\u1ed8 NGU\u1ed2N CHUY\u1ec2N \u0110\u1ed4I V\u00c0 D\u00c2Y D\u1eaaN \u0110I\u1ec6N C\u1ea4P D\u00d9NG CHO M\u00c1Y NR2100 NR2100IB KURABO\"}]},{\"@type\":\"WebSite\",\"@id\":\"https:\/\/vannangvn.123websitedev.com\/#website\",\"url\":\"https:\/\/vannangvn.123websitedev.com\/\",\"name\":\"Vannang.vn\",\"description\":\"\",\"publisher\":{\"@id\":\"https:\/\/vannangvn.123websitedev.com\/#organization\"},\"potentialAction\":[{\"@type\":\"SearchAction\",\"target\":{\"@type\":\"EntryPoint\",\"urlTemplate\":\"https:\/\/vannangvn.123websitedev.com\/?s={search_term_string}\"},\"query-input\":{\"@type\":\"PropertyValueSpecification\",\"valueRequired\":true,\"valueName\":\"search_term_string\"}}],\"inLanguage\":\"en-US\"},{\"@type\":\"Organization\",\"@id\":\"https:\/\/vannangvn.123websitedev.com\/#organization\",\"name\":\"Vannang.vn\",\"url\":\"https:\/\/vannangvn.123websitedev.com\/\",\"logo\":{\"@type\":\"ImageObject\",\"inLanguage\":\"en-US\",\"@id\":\"https:\/\/vannangvn.123websitedev.com\/#\/schema\/logo\/image\/\",\"url\":\"https:\/\/vannangvn.123websitedev.com\/wp-content\/uploads\/2026\/02\/logo-van-nang-02.png\",\"contentUrl\":\"https:\/\/vannangvn.123websitedev.com\/wp-content\/uploads\/2026\/02\/logo-van-nang-02.png\",\"width\":448,\"height\":111,\"caption\":\"Vannang.vn\"},\"image\":{\"@id\":\"https:\/\/vannangvn.123websitedev.com\/#\/schema\/logo\/image\/\"}}]}<\/script>\n<!-- \/ Yoast SEO Premium plugin. -->","yoast_head_json":{"title":"ADAPTER \u2013 B\u1ed8 NGU\u1ed2N CHUY\u1ec2N \u0110\u1ed4I V\u00c0 D\u00c2Y D... ch\u00ednh h\u00e3ng | V\u1ea1n N\u0103ng","description":"Mua ngay ADAPTER \u2013 B\u1ed8 NGU\u1ed2N CHUY\u1ec2N \u0110\u1ed4I V\u00c0 D\u00c2Y D\u1eaaN \u0110I\u1ec6N C\u1ea4P D\u00d9NG CHO M\u00c1Y NR2100 NR2100IB KURABO t\u1eeb th\u01b0\u01a1ng hi\u1ec7u Kurabo. Kurabo Adapter & Sensor Cable 2m l\u00e0 b\u1ed9 ...","robots":{"index":"noindex","follow":"follow","max-snippet":"max-snippet:-1","max-image-preview":"max-image-preview:large","max-video-preview":"max-video-preview:-1"},"og_locale":"en_US","og_type":"article","og_title":"ADAPTER \u2013 B\u1ed8 NGU\u1ed2N CHUY\u1ec2N \u0110\u1ed4I V\u00c0 D\u00c2Y D\u1eaaN \u0110I\u1ec6N C\u1ea4P D\u00d9NG CHO M\u00c1Y NR2100 NR2100IB KURABO","og_description":"Mua ngay ADAPTER \u2013 B\u1ed8 NGU\u1ed2N CHUY\u1ec2N \u0110\u1ed4I V\u00c0 D\u00c2Y D\u1eaaN \u0110I\u1ec6N C\u1ea4P D\u00d9NG CHO M\u00c1Y NR2100 NR2100IB KURABO t\u1eeb th\u01b0\u01a1ng hi\u1ec7u Kurabo. Kurabo Adapter & Sensor Cable 2m l\u00e0 b\u1ed9 ...","og_url":"https:\/\/vannangvn.123websitedev.com\/en\/product\/adapter-bo-nguon-chuyen-doi-va-day-dan-dien-cap-dung-cho-may-nr2100-nr2100ib-kurabo\/","og_site_name":"Vannang.vn","article_modified_time":"2026-03-30T08:42:23+00:00","twitter_card":"summary_large_image","twitter_misc":{"Est. reading time":"4 minutes"},"schema":{"@context":"https:\/\/schema.org","@graph":[{"@type":"WebPage","@id":"https:\/\/vannangvn.123websitedev.com\/san-pham\/adapter-bo-nguon-chuyen-doi-va-day-dan-dien-cap-dung-cho-may-nr2100-nr2100ib-kurabo\/","url":"https:\/\/vannangvn.123websitedev.com\/san-pham\/adapter-bo-nguon-chuyen-doi-va-day-dan-dien-cap-dung-cho-may-nr2100-nr2100ib-kurabo\/","name":"ADAPTER \u2013 B\u1ed8 NGU\u1ed2N CHUY\u1ec2N \u0110\u1ed4I V\u00c0 D\u00c2Y D... ch\u00ednh h\u00e3ng | V\u1ea1n N\u0103ng","isPartOf":{"@id":"https:\/\/vannangvn.123websitedev.com\/#website"},"datePublished":"2026-03-20T10:17:39+00:00","dateModified":"2026-03-30T08:42:23+00:00","description":"Mua ngay ADAPTER \u2013 B\u1ed8 NGU\u1ed2N CHUY\u1ec2N \u0110\u1ed4I V\u00c0 D\u00c2Y D\u1eaaN \u0110I\u1ec6N C\u1ea4P D\u00d9NG CHO M\u00c1Y NR2100 NR2100IB KURABO t\u1eeb th\u01b0\u01a1ng hi\u1ec7u Kurabo. Kurabo Adapter & Sensor Cable 2m l\u00e0 b\u1ed9 ...","breadcrumb":{"@id":"https:\/\/vannangvn.123websitedev.com\/san-pham\/adapter-bo-nguon-chuyen-doi-va-day-dan-dien-cap-dung-cho-may-nr2100-nr2100ib-kurabo\/#breadcrumb"},"inLanguage":"en-US","potentialAction":[{"@type":"ReadAction","target":["https:\/\/vannangvn.123websitedev.com\/san-pham\/adapter-bo-nguon-chuyen-doi-va-day-dan-dien-cap-dung-cho-may-nr2100-nr2100ib-kurabo\/"]}]},{"@type":"BreadcrumbList","@id":"https:\/\/vannangvn.123websitedev.com\/san-pham\/adapter-bo-nguon-chuyen-doi-va-day-dan-dien-cap-dung-cho-may-nr2100-nr2100ib-kurabo\/#breadcrumb","itemListElement":[{"@type":"ListItem","position":1,"name":"Trang ch\u1ee7","item":"https:\/\/vannangvn.123websitedev.com\/"},{"@type":"ListItem","position":2,"name":"S\u1ea3n ph\u1ea9m","item":"https:\/\/vannangvn.123websitedev.com\/cua-hang\/"},{"@type":"ListItem","position":3,"name":"ADAPTER \u2013 B\u1ed8 NGU\u1ed2N CHUY\u1ec2N \u0110\u1ed4I V\u00c0 D\u00c2Y D\u1eaaN \u0110I\u1ec6N C\u1ea4P D\u00d9NG CHO M\u00c1Y NR2100 NR2100IB KURABO"}]},{"@type":"WebSite","@id":"https:\/\/vannangvn.123websitedev.com\/#website","url":"https:\/\/vannangvn.123websitedev.com\/","name":"Vannang.vn","description":"","publisher":{"@id":"https:\/\/vannangvn.123websitedev.com\/#organization"},"potentialAction":[{"@type":"SearchAction","target":{"@type":"EntryPoint","urlTemplate":"https:\/\/vannangvn.123websitedev.com\/?s={search_term_string}"},"query-input":{"@type":"PropertyValueSpecification","valueRequired":true,"valueName":"search_term_string"}}],"inLanguage":"en-US"},{"@type":"Organization","@id":"https:\/\/vannangvn.123websitedev.com\/#organization","name":"Vannang.vn","url":"https:\/\/vannangvn.123websitedev.com\/","logo":{"@type":"ImageObject","inLanguage":"en-US","@id":"https:\/\/vannangvn.123websitedev.com\/#\/schema\/logo\/image\/","url":"https:\/\/vannangvn.123websitedev.com\/wp-content\/uploads\/2026\/02\/logo-van-nang-02.png","contentUrl":"https:\/\/vannangvn.123websitedev.com\/wp-content\/uploads\/2026\/02\/logo-van-nang-02.png","width":448,"height":111,"caption":"Vannang.vn"},"image":{"@id":"https:\/\/vannangvn.123websitedev.com\/#\/schema\/logo\/image\/"}}]}},"_links":{"self":[{"href":"https:\/\/vannangvn.123websitedev.com\/en\/wp-json\/wp\/v2\/product\/5906","targetHints":{"allow":["GET"]}}],"collection":[{"href":"https:\/\/vannangvn.123websitedev.com\/en\/wp-json\/wp\/v2\/product"}],"about":[{"href":"https:\/\/vannangvn.123websitedev.com\/en\/wp-json\/wp\/v2\/types\/product"}],"replies":[{"embeddable":true,"href":"https:\/\/vannangvn.123websitedev.com\/en\/wp-json\/wp\/v2\/comments?post=5906"}],"wp:attachment":[{"href":"https:\/\/vannangvn.123websitedev.com\/en\/wp-json\/wp\/v2\/media?parent=5906"}],"wp:term":[{"taxonomy":"product_brand","embeddable":true,"href":"https:\/\/vannangvn.123websitedev.com\/en\/wp-json\/wp\/v2\/product_brand?post=5906"},{"taxonomy":"product_cat","embeddable":true,"href":"https:\/\/vannangvn.123websitedev.com\/en\/wp-json\/wp\/v2\/product_cat?post=5906"},{"taxonomy":"product_tag","embeddable":true,"href":"https:\/\/vannangvn.123websitedev.com\/en\/wp-json\/wp\/v2\/product_tag?post=5906"}],"curies":[{"name":"wp","href":"https:\/\/api.w.org\/{rel}","templated":true}]}}