{"id":5913,"date":"2026-03-20T17:17:54","date_gmt":"2026-03-20T10:17:54","guid":{"rendered":"https:\/\/vannangvn.123websitedev.com\/san-pham\/ban-so-mau-3nh-model-cc120-i-2\/"},"modified":"2026-03-30T18:08:11","modified_gmt":"2026-03-30T11:08:11","slug":"ban-so-mau-3nh-model-cc120-i-2","status":"publish","type":"product","link":"https:\/\/vannangvn.123websitedev.com\/en\/product\/ban-so-mau-3nh-model-cc120-i-2\/","title":{"rendered":"B\u00c0N SO M\u00c0U 3NH MODEL CC120-I-2"},"content":{"rendered":"<h1 style=\"color: red; font-weight: bold; font-size: 24px;\">T&#7893;ng quan s&#7843;n ph&#7849;m B&Agrave;N SO M&Agrave;U 3NH MODEL CC120-I-2<p>B&agrave;n So M&agrave;u 3nh (Color Viewer Light Table) Model CC120-I-2<br>\nB&agrave;n so m&agrave;u 3nh CC120-I-2 l&agrave; b&agrave;n soi m&agrave;u ti&ecirc;u chu&#7849;n d&agrave;nh cho ng&agrave;nh in &#7845;n, &#273;&#432;&#7907;c trang b&#7883; c&aacute;c ngu&#7891;n s&aacute;ng ph&#7893; bi&#7871;n nh&#7845;t theo ISO 3664:2009. Thi&#7871;t b&#7883; &#273;&#432;&#7907;c thi&#7871;t k&#7871; d&#7841;ng &#273;&#7913;ng, t&iacute;ch h&#7907;p ng&#259;n k&eacute;o ti&#7879;n l&#7907;i, ph&ugrave; h&#7907;p cho x&#432;&#7903;ng in, ph&ograve;ng proof m&agrave;u v&agrave; trung t&acirc;m ki&#7875;m so&aacute;t ch&#7845;t l&#432;&#7907;ng y&ecirc;u c&#7847;u m&ocirc;i tr&#432;&#7901;ng &aacute;nh s&aacute;ng ch&iacute;nh x&aacute;c, &#7893;n &#273;&#7883;nh v&agrave; &#273;&#7891;ng nh&#7845;t.<br>\nB&agrave;n so m&agrave;u Model CC120-I-2 cho ph&eacute;p quan s&aacute;t tr&#7921;c ti&#7871;p b&#7843;n in ph&#7843;n x&#7841; d&#432;&#7899;i nhi&#7873;u &#273;i&#7873;u ki&#7879;n &aacute;nh s&aacute;ng kh&aacute;c nhau, h&#7895; tr&#7907; &#273;&aacute;nh gi&aacute; m&agrave;u s&#7855;c ch&iacute;nh x&aacute;c trong in offset, flexo, gravure v&agrave; in k&#7929; thu&#7853;t s&#7889;. H&atilde;y c&ugrave;ng V&#7841;n N&#259;ng t&igrave;m hi&#7875;u chi ti&#7871;t h&#417;n v&#7873; s&#7843;n ph&#7849;m th&ocirc;ng qua b&agrave;i vi&#7871;t d&#432;&#7899;i &#273;&acirc;y!<\/p><h2 style=\"color: #2e7d32; font-weight: bold; font-size: 20px;\">&#272;&#7863;c &#272;i&#7875;m N&#7893;i B&#7853;t C&#7911;a CC120-I-2 Color Viewer Light Box Table<\/h2><p>Ngu&#7891;n s&aacute;ng ti&ecirc;u chu&#7849;n ISO 3664:2009, 3nh CC120-I-2 s&#7917; d&#7909;ng c&aacute;c ngu&#7891;n s&aacute;ng chu&#7849;n th&#432;&#7901;ng d&ugrave;ng trong ng&agrave;nh in nh&#432; D65, D50, gi&uacute;p m&ocirc; ph&#7887;ng &aacute;nh s&aacute;ng ban ng&agrave;y, &aacute;nh s&aacute;ng ph&ograve;ng thi&#7871;t k&#7871;<br>\nCh&#7881; s&#7889; ho&agrave;n m&agrave;u cao CRI = 98, &#273;&egrave;n chuy&ecirc;n d&#7909;ng d&ograve;ng Graphica nh&#7853;p kh&#7849;u cho kh&#7843; n&#259;ng t&aacute;i t&#7841;o m&agrave;u trung th&#7921;c, gi&#7843;m sai l&#7879;ch m&agrave;u c&#7843;m quan khi so s&aacute;nh m&#7851;u in.<br>\nThi&#7871;t k&#7871; d&#7841;ng &#273;&#7913;ng, m&#7863;t b&agrave;n nghi&ecirc;ng khoa h&#7885;c, b&#7873; m&#7863;t l&agrave;m vi&#7879;c &#273;&#432;&#7907;c thi&#7871;t k&#7871; nghi&ecirc;ng theo th&oacute;i quen quan s&aacute;t th&#7883; gi&aacute;c, thu&#7853;n ti&#7879;n tr&#7843;i v&agrave; so s&aacute;nh c&aacute;c b&#7843;n in kh&#7893; l&#7899;n, h&#7841;n ch&#7871; hi&#7879;n t&#432;&#7907;ng l&oacute;e s&aacute;ng ho&#7863;c g&oacute;c t&#7889;i.<br>\nK&#7871;t c&#7845;u kim lo&#7841;i b&#7873;n ch&#7855;c, s&#7917; d&#7909;ng l&acirc;u d&agrave;i, khung t&#7911; Model CC120-I-2 &#273;&#432;&#7907;c gia c&ocirc;ng t&#7915; kim lo&#7841;i t&#7845;m d&agrave;y, s&#417;n t&#297;nh &#273;i&#7879;n, &#273;&#7843;m b&#7843;o &#273;&#7897; &#7893;n &#273;&#7883;nh cao trong m&ocirc;i tr&#432;&#7901;ng s&#7843;n xu&#7845;t li&ecirc;n t&#7909;c.<br>\nH&#7879; th&#7889;ng chi&#7871;u s&aacute;ng &#273;&#7891;ng &#273;&#7873;u, &#273;&egrave;n treo b&#7857;ng h&#7907;p kim nh&ocirc;m, k&#7871;t h&#7907;p ph&#7843;n quang nh&#7853;p kh&#7849;u v&agrave; t&#7845;m khu&#7871;ch t&aacute;n &aacute;nh s&aacute;ng, gi&uacute;p &aacute;nh s&aacute;ng ph&acirc;n b&#7889; &#273;&#7873;u tr&ecirc;n to&agrave;n b&#7897; b&#7873; m&#7863;t m&#7851;u.<br>\nNg&#259;n k&eacute;o t&iacute;ch h&#7907;p ti&#7879;n l&#7907;i, thi&#7871;t k&#7871; c&oacute; ng&#259;n k&eacute;o gi&uacute;p l&#432;u tr&#7919; m&#7851;u in, b&#7843;ng m&agrave;u, t&agrave;i li&#7879;u QC ngay t&#7841;i v&#7883; tr&iacute; l&agrave;m vi&#7879;c, t&#7889;i &#432;u kh&ocirc;ng gian v&agrave; thao t&aacute;c.<br>\nD&#7877; chuy&#7875;n &#273;&#7893;i ngu&#7891;n s&aacute;ng, c&ocirc;ng t&#7855;c b&#7853;t\/t&#7855;t theo t&#7915;ng nh&oacute;m &#273;&egrave;n cho ph&eacute;p chuy&#7875;n nhanh gi&#7919;a D65 &ndash; D50 ph&aacute;t hi&#7879;n hi&#7879;n t&#432;&#7907;ng metamerism (&#273;&#7893;i m&agrave;u theo ngu&#7891;n s&aacute;ng).<\/p><p>&#7912;ng d&#7909;ng th&#7921;c t&#7871; c&#7911;a CC120-I-2<\/p><p>Ng&agrave;nh in &#7845;n (offset, flexo, gravure, digital), CC120-I-2 Tilo &#273;&#432;&#7907;c s&#7917; d&#7909;ng &#273;&#7875; so s&aacute;nh b&#7843;n in th&#7917; (proof) v&#7899;i s&#7843;n ph&#7849;m in h&agrave;ng lo&#7841;t, ph&aacute;t hi&#7879;n sai l&#7879;ch t&ocirc;ng m&agrave;u, &#273;&#7897; &#273;&#7853;m nh&#7841;t v&agrave; kh&aacute;c bi&#7879;t m&agrave;u s&#7855;c gi&#7919;a c&aacute;c l&#7847;n in.<br>\nBao b&igrave; v&agrave; nh&atilde;n m&aacute;c, &#272;&aacute;nh gi&aacute; m&agrave;u logo, n&#7873;n bao b&igrave; d&#432;&#7899;i &aacute;nh s&aacute;ng TL84 nh&#7857;m m&ocirc; ph&#7887;ng &#273;i&#7873;u ki&#7879;n tr&#432;ng b&agrave;y t&#7841;i c&#7917;a h&agrave;ng, si&ecirc;u th&#7883;, gi&uacute;p gi&#7843;m r&#7911;i ro l&#7879;ch m&agrave;u khi ra th&#7883; tr&#432;&#7901;ng.<br>\nD&#7879;t may, da gi&agrave;y, nh&#7921;a, v&#7853;t li&#7879;u c&ocirc;ng nghi&#7879;p, B&agrave;n so m&agrave;u CC120-I-2 3nh  h&#7895; tr&#7907; ki&#7875;m tra m&agrave;u gi&#7919;a c&aacute;c l&ocirc; s&#7843;n xu&#7845;t, so s&aacute;nh m&#7851;u &#273;&#7847;u &ndash; cu&#7889;i batch v&agrave; ph&aacute;t hi&#7879;n metamer khi chuy&#7875;n &#273;&#7893;i gi&#7919;a D65, D50 v&agrave; TL84.<br>\nPh&ograve;ng QC\/QA v&agrave; trung t&acirc;m ki&#7875;m m&#7851;u, Thi&#7871;t b&#7883; gi&uacute;p ti&ecirc;u chu&#7849;n h&oacute;a quy tr&igrave;nh soi m&agrave;u, &#273;&#7843;m b&#7843;o m&#7851;u, s&#7843;n xu&#7845;t v&agrave; nghi&#7879;m thu &#273;&#7873;u &#273;&#432;&#7907;c &#273;&aacute;nh gi&aacute; d&#432;&#7899;i c&ugrave;ng &#273;i&#7873;u ki&#7879;n &aacute;nh s&aacute;ng, n&acirc;ng cao &#273;&#7897; tin c&#7853;y c&#7911;a k&#7871;t qu&#7843; ki&#7875;m tra.<br>\nTrung t&acirc;m proof m&agrave;u v&agrave; ph&ograve;ng thi&#7871;t k&#7871;, CC120-I-2 t&#7841;o m&ocirc;i tr&#432;&#7901;ng &aacute;nh s&aacute;ng chu&#7849;n cho designer v&agrave; k&#7929; thu&#7853;t vi&ecirc;n ch&#7889;t m&agrave;u nhanh, gi&#7843;m s&#7889; l&#7847;n ch&#7881;nh s&#7917;a v&agrave; r&uacute;t ng&#7855;n th&#7901;i gian x&#7917; l&yacute; job.<\/p><p>Nh&#7919;ng L&yacute; Do N&ecirc;n Mua T&#7911; So M&agrave;u T&#7841;i Thi&#7871;t B&#7883; C&ocirc;ng Ngh&#7879; V&#7841;n N&#259;ng<\/p><p>C&ocirc;ng ty Thi&#7871;t B&#7883; C&ocirc;ng Ngh&#7879; V&#7841;n N&#259;ng l&agrave; &#273;&#7889;i t&aacute;c ch&iacute;nh th&#7913;c ph&acirc;n ph&#7889;i Thi&#7871;t B&#7883; So M&agrave;u h&agrave;ng &#273;&#7847;u t&#7841;i Vi&#7879;t Nam, cam k&#7871;t cung c&#7845;p s&#7843;n ph&#7849;m ch&iacute;nh h&atilde;ng v&#7899;i gi&aacute; c&#7843; c&#7841;nh tranh nh&#7845;t th&#7883; tr&#432;&#7901;ng. V&#7899;i uy t&iacute;n tr&ecirc;n th&#7883; tr&#432;&#7901;ng v&agrave; ch&#7871; &#273;&#7897; h&#7851;u m&atilde;i t&#7889;t, Thi&#7871;t B&#7883; C&ocirc;ng Ngh&#7879; V&#7841;n N&#259;ng &#273;&atilde; nh&#7853;n&#273;&#432;&#7907;c s&#7921; tin t&#432;&#7903;ng t&#7915; kh&aacute;ch h&agrave;ng nh&#7901; v&agrave;o ch&#7845;t l&#432;&#7907;ng h&agrave;ng &#273;&#7847;u c&#7911;a c&aacute;c d&ograve;ng s&#7843;n ph&#7849;m.<br>\nS&#7843;n ph&#7849;m c&#7911;a ch&uacute;ng t&ocirc;i &#273;&#432;&#7907;c ki&#7875;m &#273;&#7883;nh ch&#7845;t l&#432;&#7907;ng, nh&#7853;p kh&#7849;u tr&#7921;c ti&#7871;p t&#7915; nh&agrave; m&aacute;y b&ecirc;n Ch&acirc;u &Acirc;u, M&#7929;, &Uacute;c, Nh&#7853;t B&#7843;n,&hellip; v&agrave; &#273;&aacute;p &#7913;ng nhu c&#7847;u &#273;a d&#7841;ng c&#7911;a th&#7883; tr&#432;&#7901;ng nh&#432;: M&aacute;y &#272;o &#272;&#7897; C&#7913;ng, M&aacute;y SPECTROMAXx, M&aacute;y Ki&#7875;m Tra &#272;&#432;&#7901;ng Gh&eacute;p M&iacute; Lon,&hellip; Ch&uacute;ng t&ocirc;i cam k&#7871;t cung c&#7845;p s&#7843;n ph&#7849;m n&agrave;y tr&ecirc;n to&agrave;n qu&#7889;c v&#7899;i gi&aacute; c&#7843; c&#7841;nh tranh nh&#7845;t.<br>\nCh&uacute;ng t&ocirc;i c&oacute; &#273;&#7897;i ng&#361; chuy&ecirc;n vi&ecirc;n t&#432; v&#7845;n chuy&ecirc;n s&acirc;u s&#7869; h&#7895; tr&#7907; kh&aacute;ch h&agrave;ng v&#7873; chi ti&#7871;t s&#7843;n ph&#7849;m, h&#432;&#7899;ng d&#7851;n s&#7917; d&#7909;ng hay nh&#7919;ng th&#7913; li&ecirc;n quan &#273;&#7871;n v&#7845;n &#273;&#7873; m&agrave; doanh nghi&#7879;p b&#7841;n &#273;ang g&#7863;p ph&#7843;i. Ch&uacute;ng t&ocirc;i s&#7869; cung c&#7845;p nh&#7919;ng gi&#7843;i ph&aacute;p t&#7889;i &#432;u nh&#7845;t!<br>\nNgo&agrave;i ra Thi&#7871;t B&#7883; C&ocirc;ng Ngh&#7879; V&#7841;n N&#259;ng Ch&uacute;ng T&ocirc;i lu&ocirc;n h&#432;&#7899;ng &#273;&#7871;n tr&#7843;i nghi&#7879;m kh&aacute;ch h&agrave;ng, v&igrave; v&#7853;y ch&uacute;ng t&ocirc;i c&oacute; nh&#7919;ng ch&iacute;nh s&aacute;ch b&#7843;o h&agrave;nh, b&#7843;o tr&igrave; &ndash; b&#7843;o d&#432;&#7905;ng, hi&#7879;u chu&#7849;n v&#7899;i t&#7845;t c&#7843; c&aacute;c thi&#7871;t b&#7883;, m&aacute;y m&oacute;c m&agrave; ch&uacute;ng t&ocirc;i cung c&#7845;p. &#272;&#7843;m b&#7843;o mang &#273;&#7871;n cho Kh&aacute;ch h&agrave;ng s&#7921; y&ecirc;n t&acirc;m tuy&#7879;t &#273;&#7889;i v&#7873; d&#7883;ch v&#7909; khi mua h&agrave;ng.<\/p><p>H&atilde;y li&ecirc;n h&#7879; v&#7899;i V&#7841;n N&#259;ng Company &#273;&#7875; &#273;&#432;&#7907;c t&#432; v&#7845;n chi ti&#7871;t v&agrave; nh&#7853;n ngay &#432;u &#273;&atilde;i h&#7845;p d&#7851;n th&ocirc;ng qua hotline\/zalo: <a href=\"https:\/\/zalo.me\/0903991335\" target=\"_blank\" rel=\"noopener\" style=\"color: #059669; font-weight: bold; text-decoration: none;\">0903 991 335<\/a>!<\/p><div style=\"background-color: #f8fafc; border: 1px solid #e2e8f0; border-radius: 8px; padding: 25px; max-width: 800px; margin: 30px auto; color: #334155; line-height: 1.8; font-size: 17px; box-shadow: 0 4px 6px -1px rgba(0,0,0,0.05); text-align: left; clear: both;\">\nC&ocirc;ng ty TNHH Th&#432;&#417;ng M&#7841;i D&#7883;ch V&#7909; Thi&#7871;t B&#7883; C&ocirc;ng Ngh&#7879; V&#7841;n N&#259;ng\n<p style=\"margin: 0 0 10px 0;\">&#128205; <strong style=\"color: #1e293b;\">&#272;&#7883;a ch&#7881;:<\/strong> <a style=\"color: #059669; text-decoration: none; font-weight: bold;\" href=\"https:\/\/www.google.com\/maps\/search\/C%C3%B4ng+ty+TNHH+Th%C6%B0%C6%A1ng+M%E1%BA%A1i+D%E1%BB%8Bch+V%E1%BB%A5+Thi%E1%BA%BFt+B%E1%BB%8B+C%C3%B4ng+Ngh%E1%BB%87+V%E1%BA%A1n+N%C4%83ng+818+Tr%C6%B0%E1%BB%9Dng+Chinh\" target=\"_blank\" rel=\"noopener\">818 Tr&#432;&#7901;ng Chinh, Ph&#432;&#7901;ng T&acirc;n S&#417;n, Th&agrave;nh ph&#7889; H&#7891; Ch&iacute; Minh, Vi&#7879;t Nam<\/a><\/p>\n<p style=\"margin: 0 0 10px 0;\">&#128222; <strong style=\"color: #1e293b;\">S&#272;T &ndash; Zalo:<\/strong> <a style=\"color: #059669; text-decoration: none; font-weight: bold;\" href=\"https:\/\/zalo.me\/0903991335\" target=\"_blank\" rel=\"noopener\">0903 991 335<\/a> <span style=\"color: #64748b; font-style: italic;\">(Ms. H&#7841;nh &ndash; Gi&aacute;m &#272;&#7889;c Kinh Doanh)<\/span><\/p>\n<p style=\"margin: 0;\">&#9993;&#65039; <strong style=\"color: #1e293b;\">Email:<\/strong> <a style=\"color: #059669; text-decoration: none; font-weight: bold;\" href=\"mailto:hienhanh@vannangvn.com\">hienhanh@vannangvn.com<\/a><\/p>\n<\/div><\/h1>","protected":false},"excerpt":{"rendered":"<p><strong>Th&#432;&#417;ng hi&#7879;u:<\/strong> 3nh<br>\n<strong>Model:<\/strong> CC120-I-2<p>Product <strong>B&Agrave;N SO M&Agrave;U 3NH MODEL CC120-I-2<\/strong> ch&iacute;nh h&atilde;ng. 3nh (China)<br>\nB&agrave;n So M&agrave;u 3nh Model CC120-I-2&nbsp;l&agrave; b&agrave;n soi m&agrave;u &#273;&#7913;ng t&iacute;ch h&#7907;p ngu&#7891;n s&aacute;ng D65 &amp; D50, &#273;&#7841;t chu&#7849;n ISO 3664, h&#7895; tr&#7907; ki&#7875;m tra m&agrave;u ch&iacute;nh x&aacute;c cho in &#7845;n, bao b&igrave; v&agrave; QC.<\/p><\/p>","protected":false},"featured_media":9339,"comment_status":"open","ping_status":"closed","template":"","meta":[],"product_brand":[],"product_cat":[18],"product_tag":[116,118,129,130,131,143],"class_list":{"0":"post-5913","1":"product","2":"type-product","3":"status-publish","4":"has-post-thumbnail","6":"product_cat-chua-phan-loai","7":"product_tag-model","8":"product_tag-ban","9":"product_tag-so","10":"product_tag-mau","11":"product_tag-3nh","12":"product_tag-cc120-i-2","14":"first","15":"instock","16":"shipping-taxable","17":"product-type-simple"},"yoast_head":"<!-- This site is optimized with the Yoast SEO Premium plugin v24.8 (Yoast SEO v24.8) - https:\/\/yoast.com\/wordpress\/plugins\/seo\/ -->\n<title>B\u00c0N SO M\u00c0U 3NH MODEL CC120-I-2 ch\u00ednh h\u00e3ng | V\u1ea1n N\u0103ng<\/title>\n<meta name=\"description\" content=\"Mua ngay B\u00c0N SO M\u00c0U 3NH MODEL CC120-I-2 ch\u00ednh h\u00e3ng. B\u00e0n So M\u00e0u 3nh Model CC120-I-2 l\u00e0 b\u00e0n soi m\u00e0u \u0111\u1ee9ng t\u00edch h\u1ee3p ngu\u1ed3n s\u00e1ng D65 &amp; D... Gi\u00e1 t\u1ed1t!\" \/>\n<meta name=\"robots\" content=\"noindex, follow, max-snippet:-1, max-image-preview:large, max-video-preview:-1\" \/>\n<meta property=\"og:locale\" content=\"en_US\" \/>\n<meta property=\"og:type\" content=\"article\" \/>\n<meta property=\"og:title\" content=\"B\u00c0N SO M\u00c0U 3NH MODEL CC120-I-2\" \/>\n<meta property=\"og:description\" content=\"Mua ngay B\u00c0N SO M\u00c0U 3NH MODEL CC120-I-2 ch\u00ednh h\u00e3ng. B\u00e0n So M\u00e0u 3nh Model CC120-I-2 l\u00e0 b\u00e0n soi m\u00e0u \u0111\u1ee9ng t\u00edch h\u1ee3p ngu\u1ed3n s\u00e1ng D65 &amp; D... Gi\u00e1 t\u1ed1t!\" \/>\n<meta property=\"og:url\" content=\"https:\/\/vannangvn.123websitedev.com\/en\/product\/ban-so-mau-3nh-model-cc120-i-2\/\" \/>\n<meta property=\"og:site_name\" content=\"Vannang.vn\" \/>\n<meta property=\"article:modified_time\" content=\"2026-03-30T11:08:11+00:00\" \/>\n<meta property=\"og:image\" content=\"http:\/\/vannangvn.123websitedev.com\/wp-content\/uploads\/2026\/03\/CC120-i-6-768x576-copy.jpg\" \/>\n\t<meta property=\"og:image:width\" content=\"768\" \/>\n\t<meta property=\"og:image:height\" content=\"576\" \/>\n\t<meta property=\"og:image:type\" content=\"image\/jpeg\" \/>\n<meta name=\"twitter:card\" content=\"summary_large_image\" \/>\n<meta name=\"twitter:label1\" content=\"Est. reading time\" \/>\n\t<meta name=\"twitter:data1\" content=\"8 minutes\" \/>\n<script type=\"application\/ld+json\" class=\"yoast-schema-graph\">{\"@context\":\"https:\/\/schema.org\",\"@graph\":[{\"@type\":\"WebPage\",\"@id\":\"https:\/\/vannangvn.123websitedev.com\/san-pham\/ban-so-mau-3nh-model-cc120-i-2\/\",\"url\":\"https:\/\/vannangvn.123websitedev.com\/san-pham\/ban-so-mau-3nh-model-cc120-i-2\/\",\"name\":\"B\u00c0N SO M\u00c0U 3NH MODEL CC120-I-2 ch\u00ednh h\u00e3ng | V\u1ea1n N\u0103ng\",\"isPartOf\":{\"@id\":\"https:\/\/vannangvn.123websitedev.com\/#website\"},\"primaryImageOfPage\":{\"@id\":\"https:\/\/vannangvn.123websitedev.com\/san-pham\/ban-so-mau-3nh-model-cc120-i-2\/#primaryimage\"},\"image\":{\"@id\":\"https:\/\/vannangvn.123websitedev.com\/san-pham\/ban-so-mau-3nh-model-cc120-i-2\/#primaryimage\"},\"thumbnailUrl\":\"https:\/\/vannangvn.123websitedev.com\/wp-content\/uploads\/2026\/03\/CC120-i-6-768x576-copy.jpg\",\"datePublished\":\"2026-03-20T10:17:54+00:00\",\"dateModified\":\"2026-03-30T11:08:11+00:00\",\"description\":\"Mua ngay B\u00c0N SO M\u00c0U 3NH MODEL CC120-I-2 ch\u00ednh h\u00e3ng. B\u00e0n So M\u00e0u 3nh Model CC120-I-2 l\u00e0 b\u00e0n soi m\u00e0u \u0111\u1ee9ng t\u00edch h\u1ee3p ngu\u1ed3n s\u00e1ng D65 &amp; D... Gi\u00e1 t\u1ed1t!\",\"breadcrumb\":{\"@id\":\"https:\/\/vannangvn.123websitedev.com\/san-pham\/ban-so-mau-3nh-model-cc120-i-2\/#breadcrumb\"},\"inLanguage\":\"en-US\",\"potentialAction\":[{\"@type\":\"ReadAction\",\"target\":[\"https:\/\/vannangvn.123websitedev.com\/san-pham\/ban-so-mau-3nh-model-cc120-i-2\/\"]}]},{\"@type\":\"ImageObject\",\"inLanguage\":\"en-US\",\"@id\":\"https:\/\/vannangvn.123websitedev.com\/san-pham\/ban-so-mau-3nh-model-cc120-i-2\/#primaryimage\",\"url\":\"https:\/\/vannangvn.123websitedev.com\/wp-content\/uploads\/2026\/03\/CC120-i-6-768x576-copy.jpg\",\"contentUrl\":\"https:\/\/vannangvn.123websitedev.com\/wp-content\/uploads\/2026\/03\/CC120-i-6-768x576-copy.jpg\",\"width\":768,\"height\":576},{\"@type\":\"BreadcrumbList\",\"@id\":\"https:\/\/vannangvn.123websitedev.com\/san-pham\/ban-so-mau-3nh-model-cc120-i-2\/#breadcrumb\",\"itemListElement\":[{\"@type\":\"ListItem\",\"position\":1,\"name\":\"Trang ch\u1ee7\",\"item\":\"https:\/\/vannangvn.123websitedev.com\/\"},{\"@type\":\"ListItem\",\"position\":2,\"name\":\"S\u1ea3n ph\u1ea9m\",\"item\":\"https:\/\/vannangvn.123websitedev.com\/cua-hang\/\"},{\"@type\":\"ListItem\",\"position\":3,\"name\":\"B\u00c0N SO M\u00c0U 3NH MODEL CC120-I-2\"}]},{\"@type\":\"WebSite\",\"@id\":\"https:\/\/vannangvn.123websitedev.com\/#website\",\"url\":\"https:\/\/vannangvn.123websitedev.com\/\",\"name\":\"Vannang.vn\",\"description\":\"\",\"publisher\":{\"@id\":\"https:\/\/vannangvn.123websitedev.com\/#organization\"},\"potentialAction\":[{\"@type\":\"SearchAction\",\"target\":{\"@type\":\"EntryPoint\",\"urlTemplate\":\"https:\/\/vannangvn.123websitedev.com\/?s={search_term_string}\"},\"query-input\":{\"@type\":\"PropertyValueSpecification\",\"valueRequired\":true,\"valueName\":\"search_term_string\"}}],\"inLanguage\":\"en-US\"},{\"@type\":\"Organization\",\"@id\":\"https:\/\/vannangvn.123websitedev.com\/#organization\",\"name\":\"Vannang.vn\",\"url\":\"https:\/\/vannangvn.123websitedev.com\/\",\"logo\":{\"@type\":\"ImageObject\",\"inLanguage\":\"en-US\",\"@id\":\"https:\/\/vannangvn.123websitedev.com\/#\/schema\/logo\/image\/\",\"url\":\"https:\/\/vannangvn.123websitedev.com\/wp-content\/uploads\/2026\/02\/logo-van-nang-02.png\",\"contentUrl\":\"https:\/\/vannangvn.123websitedev.com\/wp-content\/uploads\/2026\/02\/logo-van-nang-02.png\",\"width\":448,\"height\":111,\"caption\":\"Vannang.vn\"},\"image\":{\"@id\":\"https:\/\/vannangvn.123websitedev.com\/#\/schema\/logo\/image\/\"}}]}<\/script>\n<!-- \/ Yoast SEO Premium plugin. -->","yoast_head_json":{"title":"B\u00c0N SO M\u00c0U 3NH MODEL CC120-I-2 ch\u00ednh h\u00e3ng | V\u1ea1n N\u0103ng","description":"Mua ngay B\u00c0N SO M\u00c0U 3NH MODEL CC120-I-2 ch\u00ednh h\u00e3ng. B\u00e0n So M\u00e0u 3nh Model CC120-I-2 l\u00e0 b\u00e0n soi m\u00e0u \u0111\u1ee9ng t\u00edch h\u1ee3p ngu\u1ed3n s\u00e1ng D65 &amp; D... Gi\u00e1 t\u1ed1t!","robots":{"index":"noindex","follow":"follow","max-snippet":"max-snippet:-1","max-image-preview":"max-image-preview:large","max-video-preview":"max-video-preview:-1"},"og_locale":"en_US","og_type":"article","og_title":"B\u00c0N SO M\u00c0U 3NH MODEL CC120-I-2","og_description":"Mua ngay B\u00c0N SO M\u00c0U 3NH MODEL CC120-I-2 ch\u00ednh h\u00e3ng. B\u00e0n So M\u00e0u 3nh Model CC120-I-2 l\u00e0 b\u00e0n soi m\u00e0u \u0111\u1ee9ng t\u00edch h\u1ee3p ngu\u1ed3n s\u00e1ng D65 &amp; D... Gi\u00e1 t\u1ed1t!","og_url":"https:\/\/vannangvn.123websitedev.com\/en\/product\/ban-so-mau-3nh-model-cc120-i-2\/","og_site_name":"Vannang.vn","article_modified_time":"2026-03-30T11:08:11+00:00","og_image":[{"width":768,"height":576,"url":"http:\/\/vannangvn.123websitedev.com\/wp-content\/uploads\/2026\/03\/CC120-i-6-768x576-copy.jpg","type":"image\/jpeg"}],"twitter_card":"summary_large_image","twitter_misc":{"Est. reading time":"8 minutes"},"schema":{"@context":"https:\/\/schema.org","@graph":[{"@type":"WebPage","@id":"https:\/\/vannangvn.123websitedev.com\/san-pham\/ban-so-mau-3nh-model-cc120-i-2\/","url":"https:\/\/vannangvn.123websitedev.com\/san-pham\/ban-so-mau-3nh-model-cc120-i-2\/","name":"B\u00c0N SO M\u00c0U 3NH MODEL CC120-I-2 ch\u00ednh h\u00e3ng | V\u1ea1n N\u0103ng","isPartOf":{"@id":"https:\/\/vannangvn.123websitedev.com\/#website"},"primaryImageOfPage":{"@id":"https:\/\/vannangvn.123websitedev.com\/san-pham\/ban-so-mau-3nh-model-cc120-i-2\/#primaryimage"},"image":{"@id":"https:\/\/vannangvn.123websitedev.com\/san-pham\/ban-so-mau-3nh-model-cc120-i-2\/#primaryimage"},"thumbnailUrl":"https:\/\/vannangvn.123websitedev.com\/wp-content\/uploads\/2026\/03\/CC120-i-6-768x576-copy.jpg","datePublished":"2026-03-20T10:17:54+00:00","dateModified":"2026-03-30T11:08:11+00:00","description":"Mua ngay B\u00c0N SO M\u00c0U 3NH MODEL CC120-I-2 ch\u00ednh h\u00e3ng. B\u00e0n So M\u00e0u 3nh Model CC120-I-2 l\u00e0 b\u00e0n soi m\u00e0u \u0111\u1ee9ng t\u00edch h\u1ee3p ngu\u1ed3n s\u00e1ng D65 &amp; D... Gi\u00e1 t\u1ed1t!","breadcrumb":{"@id":"https:\/\/vannangvn.123websitedev.com\/san-pham\/ban-so-mau-3nh-model-cc120-i-2\/#breadcrumb"},"inLanguage":"en-US","potentialAction":[{"@type":"ReadAction","target":["https:\/\/vannangvn.123websitedev.com\/san-pham\/ban-so-mau-3nh-model-cc120-i-2\/"]}]},{"@type":"ImageObject","inLanguage":"en-US","@id":"https:\/\/vannangvn.123websitedev.com\/san-pham\/ban-so-mau-3nh-model-cc120-i-2\/#primaryimage","url":"https:\/\/vannangvn.123websitedev.com\/wp-content\/uploads\/2026\/03\/CC120-i-6-768x576-copy.jpg","contentUrl":"https:\/\/vannangvn.123websitedev.com\/wp-content\/uploads\/2026\/03\/CC120-i-6-768x576-copy.jpg","width":768,"height":576},{"@type":"BreadcrumbList","@id":"https:\/\/vannangvn.123websitedev.com\/san-pham\/ban-so-mau-3nh-model-cc120-i-2\/#breadcrumb","itemListElement":[{"@type":"ListItem","position":1,"name":"Trang ch\u1ee7","item":"https:\/\/vannangvn.123websitedev.com\/"},{"@type":"ListItem","position":2,"name":"S\u1ea3n ph\u1ea9m","item":"https:\/\/vannangvn.123websitedev.com\/cua-hang\/"},{"@type":"ListItem","position":3,"name":"B\u00c0N SO M\u00c0U 3NH MODEL CC120-I-2"}]},{"@type":"WebSite","@id":"https:\/\/vannangvn.123websitedev.com\/#website","url":"https:\/\/vannangvn.123websitedev.com\/","name":"Vannang.vn","description":"","publisher":{"@id":"https:\/\/vannangvn.123websitedev.com\/#organization"},"potentialAction":[{"@type":"SearchAction","target":{"@type":"EntryPoint","urlTemplate":"https:\/\/vannangvn.123websitedev.com\/?s={search_term_string}"},"query-input":{"@type":"PropertyValueSpecification","valueRequired":true,"valueName":"search_term_string"}}],"inLanguage":"en-US"},{"@type":"Organization","@id":"https:\/\/vannangvn.123websitedev.com\/#organization","name":"Vannang.vn","url":"https:\/\/vannangvn.123websitedev.com\/","logo":{"@type":"ImageObject","inLanguage":"en-US","@id":"https:\/\/vannangvn.123websitedev.com\/#\/schema\/logo\/image\/","url":"https:\/\/vannangvn.123websitedev.com\/wp-content\/uploads\/2026\/02\/logo-van-nang-02.png","contentUrl":"https:\/\/vannangvn.123websitedev.com\/wp-content\/uploads\/2026\/02\/logo-van-nang-02.png","width":448,"height":111,"caption":"Vannang.vn"},"image":{"@id":"https:\/\/vannangvn.123websitedev.com\/#\/schema\/logo\/image\/"}}]}},"_links":{"self":[{"href":"https:\/\/vannangvn.123websitedev.com\/en\/wp-json\/wp\/v2\/product\/5913","targetHints":{"allow":["GET"]}}],"collection":[{"href":"https:\/\/vannangvn.123websitedev.com\/en\/wp-json\/wp\/v2\/product"}],"about":[{"href":"https:\/\/vannangvn.123websitedev.com\/en\/wp-json\/wp\/v2\/types\/product"}],"replies":[{"embeddable":true,"href":"https:\/\/vannangvn.123websitedev.com\/en\/wp-json\/wp\/v2\/comments?post=5913"}],"wp:featuredmedia":[{"embeddable":true,"href":"https:\/\/vannangvn.123websitedev.com\/en\/wp-json\/wp\/v2\/media\/9339"}],"wp:attachment":[{"href":"https:\/\/vannangvn.123websitedev.com\/en\/wp-json\/wp\/v2\/media?parent=5913"}],"wp:term":[{"taxonomy":"product_brand","embeddable":true,"href":"https:\/\/vannangvn.123websitedev.com\/en\/wp-json\/wp\/v2\/product_brand?post=5913"},{"taxonomy":"product_cat","embeddable":true,"href":"https:\/\/vannangvn.123websitedev.com\/en\/wp-json\/wp\/v2\/product_cat?post=5913"},{"taxonomy":"product_tag","embeddable":true,"href":"https:\/\/vannangvn.123websitedev.com\/en\/wp-json\/wp\/v2\/product_tag?post=5913"}],"curies":[{"name":"wp","href":"https:\/\/api.w.org\/{rel}","templated":true}]}}