{"id":5923,"date":"2026-03-20T17:18:20","date_gmt":"2026-03-20T10:18:20","guid":{"rendered":"https:\/\/vannangvn.123websitedev.com\/san-pham\/bang-keo-2-mat-cheminstruments-model-ds-tape\/"},"modified":"2026-03-30T18:08:26","modified_gmt":"2026-03-30T11:08:26","slug":"bang-keo-2-mat-cheminstruments-model-ds-tape","status":"publish","type":"product","link":"https:\/\/vannangvn.123websitedev.com\/en\/product\/bang-keo-2-mat-cheminstruments-model-ds-tape\/","title":{"rendered":"B\u0102NG KEO 2 M\u1eb6T CHEMINSTRUMENTS MODEL DS-TAPE"},"content":{"rendered":"<h1 style=\"color: red; font-weight: bold; font-size: 24px;\">T&#7893;ng quan s&#7843;n ph&#7849;m B&#258;NG KEO 2 M&#7862;T CHEMINSTRUMENTS MODEL DS-TAPE<p>B&#259;ng Keo 2 M&#7863;t (Double Sided Tape) ChemInstruments Model DS-TAPE<br>\nDS-TAPE<br>\nB&#259;ng keo hai m&#7863;t DS Tape r&#7845;t h&#7919;u &iacute;ch trong nhi&#7873;u c&ocirc;ng &#273;o&#7841;n c&#7911;a ph&ograve;ng th&iacute; nghi&#7879;m. Lo&#7841;i b&#259;ng n&agrave;y &#273;&#432;&#7907;c d&ugrave;ng &#273;&#7875; c&#7889; &#273;&#7883;nh c&aacute;c m&#7851;u c&oacute; h&igrave;nh d&#7841;ng &#273;&#7863;c bi&#7879;t ph&#7909;c v&#7909; cho th&#7917; nghi&#7879;m k&eacute;o ho&#7863;c th&#7917; nghi&#7879;m b&oacute;c t&aacute;ch. &#272;&acirc;y c&#361;ng l&agrave; ph&#7909; ki&#7879;n h&#7895; tr&#7907; hi&#7879;u qu&#7843; khi th&#7921;c hi&#7879;n c&aacute;c ph&eacute;p th&#7917; gi&#7843;i ph&oacute;ng tr&ecirc;n thi&#7871;t b&#7883; ChemInstruments Adhesion \/ Release Tester.<br>\nC&aacute;ch s&#7917; d&#7909;ng r&#7845;t &#273;&#417;n gi&#7843;n: ch&#7881; c&#7847;n d&aacute;n m&#7897;t &#273;o&#7841;n b&#259;ng keo k&iacute;ch th&#432;&#7899;c 2&Prime; x 12&Prime; l&ecirc;n b&#7873; m&#7863;t b&agrave;n th&#7917;, sau &#273;&oacute; &#273;&#7863;t m&#7851;u nh&atilde;n th&#7917; nghi&#7879;m &#273;&#7847;u ti&ecirc;n l&ecirc;n, v&#7899;i m&#7863;t l&#7899;p gi&#7843;i ph&oacute;ng h&#432;&#7899;ng l&ecirc;n tr&ecirc;n. B&#259;ng s&#7869; gi&#7919; l&#7899;p m&#7863;t ph&#7859;ng ho&agrave;n to&agrave;n, kh&ocirc;ng b&#7883; nh&#259;n hay xo&#7855;n. Sau khi ho&agrave;n t&#7845;t ph&eacute;p th&#7917; gi&#7843;i ph&oacute;ng, b&#7841;n c&oacute; th&#7875; t&#7853;n d&#7909;ng ph&#7847;n m&#7863;t d&iacute;nh c&ograve;n l&#7841;i &#273;&#7875; &#273;&#7863;t m&#7851;u cho l&#7847;n th&#7917; ti&#7871;p theo, v&agrave; c&#7913; th&#7871; ti&#7871;p t&#7909;c.<br>\nB&#259;ng keo hai m&#7863;t &#273;&#432;&#7907;c cung c&#7845;p d&#432;&#7899;i d&#7841;ng cu&#7897;n, k&iacute;ch th&#432;&#7899;c r&#7897;ng 2 inch, d&agrave;i 300 feet, qu&#7845;n tr&ecirc;n l&otilde;i s&#7907;i &#273;&#432;&#7901;ng k&iacute;nh 3 inch.<br>\nH&atilde;y li&ecirc;n h&#7879; v&#7899;i V&#7841;n N&#259;ng Company ngay &#273;&#7875; &#273;&#432;&#7907;c t&#432; v&#7845;n chuy&ecirc;n s&acirc;u v&agrave; nh&#7853;n c&aacute;c &#432;u &#273;&atilde;i h&#7845;p d&#7851;n nh&#7845;t th&ocirc;ng qua hotline\/zalo: <a href=\"https:\/\/zalo.me\/0903991335\" target=\"_blank\" rel=\"noopener\" style=\"color: #059669; font-weight: bold; text-decoration: none;\">0903 991 335<\/a>!<\/p><div style=\"background-color: #f8fafc; border: 1px solid #e2e8f0; border-radius: 8px; padding: 25px; max-width: 800px; margin: 30px auto; color: #334155; line-height: 1.8; font-size: 17px; box-shadow: 0 4px 6px -1px rgba(0,0,0,0.05); text-align: left; clear: both;\">\nC&ocirc;ng ty TNHH Th&#432;&#417;ng M&#7841;i D&#7883;ch V&#7909; Thi&#7871;t B&#7883; C&ocirc;ng Ngh&#7879; V&#7841;n N&#259;ng\n<p style=\"margin: 0 0 10px 0;\">&#128205; <strong style=\"color: #1e293b;\">&#272;&#7883;a ch&#7881;:<\/strong> <a style=\"color: #059669; text-decoration: none; font-weight: bold;\" href=\"https:\/\/www.google.com\/maps\/search\/C%C3%B4ng+ty+TNHH+Th%C6%B0%C6%A1ng+M%E1%BA%A1i+D%E1%BB%8Bch+V%E1%BB%A5+Thi%E1%BA%BFt+B%E1%BB%8B+C%C3%B4ng+Ngh%E1%BB%87+V%E1%BA%A1n+N%C4%83ng+818+Tr%C6%B0%E1%BB%9Dng+Chinh\" target=\"_blank\" rel=\"noopener\">818 Tr&#432;&#7901;ng Chinh, Ph&#432;&#7901;ng T&acirc;n S&#417;n, Th&agrave;nh ph&#7889; H&#7891; Ch&iacute; Minh, Vi&#7879;t Nam<\/a><\/p>\n<p style=\"margin: 0 0 10px 0;\">&#128222; <strong style=\"color: #1e293b;\">S&#272;T &ndash; Zalo:<\/strong> <a style=\"color: #059669; text-decoration: none; font-weight: bold;\" href=\"https:\/\/zalo.me\/0903991335\" target=\"_blank\" rel=\"noopener\">0903 991 335<\/a> <span style=\"color: #64748b; font-style: italic;\">(Ms. H&#7841;nh &ndash; Gi&aacute;m &#272;&#7889;c Kinh Doanh)<\/span><\/p>\n<p style=\"margin: 0;\">&#9993;&#65039; <strong style=\"color: #1e293b;\">Email:<\/strong> <a style=\"color: #059669; text-decoration: none; font-weight: bold;\" href=\"mailto:hienhanh@vannangvn.com\">hienhanh@vannangvn.com<\/a><\/p>\n<\/div><\/h1>","protected":false},"excerpt":{"rendered":"<p><strong>Th&#432;&#417;ng hi&#7879;u:<\/strong> B&#259;ng Keo 2 M&#7863;t  ChemInstruments Model DS-TAPE<br>\n<strong>Model:<\/strong> DS-TAPE<p>Product <strong>B&#258;NG KEO 2 M&#7862;T CHEMINSTRUMENTS MODEL DS-TAPE<\/strong> ch&iacute;nh h&atilde;ng. B&#259;ng Keo 2 M&#7863;t (Double Sided Tape) ChemInstruments Model DS-TAPE<\/p><\/p>","protected":false},"featured_media":9521,"comment_status":"open","ping_status":"closed","template":"","meta":[],"product_brand":[],"product_cat":[18],"product_tag":[179,180,116,166,176,177,178],"class_list":{"0":"post-5923","1":"product","2":"type-product","3":"status-publish","4":"has-post-thumbnail","6":"product_cat-chua-phan-loai","7":"product_tag-cheminstruments","8":"product_tag-ds-tape","9":"product_tag-model","10":"product_tag-bang","11":"product_tag-keo","12":"product_tag-177","13":"product_tag-mat","15":"first","16":"instock","17":"shipping-taxable","18":"product-type-simple"},"yoast_head":"<!-- This site is optimized with the Yoast SEO Premium plugin v24.8 (Yoast SEO v24.8) - https:\/\/yoast.com\/wordpress\/plugins\/seo\/ -->\n<title>B\u0102NG KEO 2 M\u1eb6T CHEMINSTRUMENTS MODE... ch\u00ednh h\u00e3ng | V\u1ea1n N\u0103ng<\/title>\n<meta name=\"description\" content=\"Mua ngay B\u0102NG KEO 2 M\u1eb6T CHEMINSTRUMENTS MODEL DS-TAPE ch\u00ednh h\u00e3ng. Gi\u00e1 t\u1ed1t!\" \/>\n<meta name=\"robots\" content=\"noindex, follow, max-snippet:-1, max-image-preview:large, max-video-preview:-1\" \/>\n<meta property=\"og:locale\" content=\"en_US\" \/>\n<meta property=\"og:type\" content=\"article\" \/>\n<meta property=\"og:title\" content=\"B\u0102NG KEO 2 M\u1eb6T CHEMINSTRUMENTS MODEL DS-TAPE\" \/>\n<meta property=\"og:description\" content=\"Mua ngay B\u0102NG KEO 2 M\u1eb6T CHEMINSTRUMENTS MODEL DS-TAPE ch\u00ednh h\u00e3ng. Gi\u00e1 t\u1ed1t!\" \/>\n<meta property=\"og:url\" content=\"https:\/\/vannangvn.123websitedev.com\/en\/product\/bang-keo-2-mat-cheminstruments-model-ds-tape\/\" \/>\n<meta property=\"og:site_name\" content=\"Vannang.vn\" \/>\n<meta property=\"article:modified_time\" content=\"2026-03-30T11:08:26+00:00\" \/>\n<meta property=\"og:image\" content=\"http:\/\/vannangvn.123websitedev.com\/wp-content\/uploads\/2026\/03\/Double-Sided-Tape-768x576-copy.jpg\" \/>\n\t<meta property=\"og:image:width\" content=\"768\" \/>\n\t<meta property=\"og:image:height\" content=\"576\" \/>\n\t<meta property=\"og:image:type\" content=\"image\/jpeg\" \/>\n<meta name=\"twitter:card\" content=\"summary_large_image\" \/>\n<meta name=\"twitter:label1\" content=\"Est. reading time\" \/>\n\t<meta name=\"twitter:data1\" content=\"2 minutes\" \/>\n<script type=\"application\/ld+json\" class=\"yoast-schema-graph\">{\"@context\":\"https:\/\/schema.org\",\"@graph\":[{\"@type\":\"WebPage\",\"@id\":\"https:\/\/vannangvn.123websitedev.com\/san-pham\/bang-keo-2-mat-cheminstruments-model-ds-tape\/\",\"url\":\"https:\/\/vannangvn.123websitedev.com\/san-pham\/bang-keo-2-mat-cheminstruments-model-ds-tape\/\",\"name\":\"B\u0102NG KEO 2 M\u1eb6T CHEMINSTRUMENTS MODE... ch\u00ednh h\u00e3ng | V\u1ea1n N\u0103ng\",\"isPartOf\":{\"@id\":\"https:\/\/vannangvn.123websitedev.com\/#website\"},\"primaryImageOfPage\":{\"@id\":\"https:\/\/vannangvn.123websitedev.com\/san-pham\/bang-keo-2-mat-cheminstruments-model-ds-tape\/#primaryimage\"},\"image\":{\"@id\":\"https:\/\/vannangvn.123websitedev.com\/san-pham\/bang-keo-2-mat-cheminstruments-model-ds-tape\/#primaryimage\"},\"thumbnailUrl\":\"https:\/\/vannangvn.123websitedev.com\/wp-content\/uploads\/2026\/03\/Double-Sided-Tape-768x576-copy.jpg\",\"datePublished\":\"2026-03-20T10:18:20+00:00\",\"dateModified\":\"2026-03-30T11:08:26+00:00\",\"description\":\"Mua ngay B\u0102NG KEO 2 M\u1eb6T CHEMINSTRUMENTS MODEL DS-TAPE ch\u00ednh h\u00e3ng. Gi\u00e1 t\u1ed1t!\",\"breadcrumb\":{\"@id\":\"https:\/\/vannangvn.123websitedev.com\/san-pham\/bang-keo-2-mat-cheminstruments-model-ds-tape\/#breadcrumb\"},\"inLanguage\":\"en-US\",\"potentialAction\":[{\"@type\":\"ReadAction\",\"target\":[\"https:\/\/vannangvn.123websitedev.com\/san-pham\/bang-keo-2-mat-cheminstruments-model-ds-tape\/\"]}]},{\"@type\":\"ImageObject\",\"inLanguage\":\"en-US\",\"@id\":\"https:\/\/vannangvn.123websitedev.com\/san-pham\/bang-keo-2-mat-cheminstruments-model-ds-tape\/#primaryimage\",\"url\":\"https:\/\/vannangvn.123websitedev.com\/wp-content\/uploads\/2026\/03\/Double-Sided-Tape-768x576-copy.jpg\",\"contentUrl\":\"https:\/\/vannangvn.123websitedev.com\/wp-content\/uploads\/2026\/03\/Double-Sided-Tape-768x576-copy.jpg\",\"width\":768,\"height\":576},{\"@type\":\"BreadcrumbList\",\"@id\":\"https:\/\/vannangvn.123websitedev.com\/san-pham\/bang-keo-2-mat-cheminstruments-model-ds-tape\/#breadcrumb\",\"itemListElement\":[{\"@type\":\"ListItem\",\"position\":1,\"name\":\"Trang ch\u1ee7\",\"item\":\"https:\/\/vannangvn.123websitedev.com\/\"},{\"@type\":\"ListItem\",\"position\":2,\"name\":\"S\u1ea3n ph\u1ea9m\",\"item\":\"https:\/\/vannangvn.123websitedev.com\/cua-hang\/\"},{\"@type\":\"ListItem\",\"position\":3,\"name\":\"B\u0102NG KEO 2 M\u1eb6T CHEMINSTRUMENTS MODEL DS-TAPE\"}]},{\"@type\":\"WebSite\",\"@id\":\"https:\/\/vannangvn.123websitedev.com\/#website\",\"url\":\"https:\/\/vannangvn.123websitedev.com\/\",\"name\":\"Vannang.vn\",\"description\":\"\",\"publisher\":{\"@id\":\"https:\/\/vannangvn.123websitedev.com\/#organization\"},\"potentialAction\":[{\"@type\":\"SearchAction\",\"target\":{\"@type\":\"EntryPoint\",\"urlTemplate\":\"https:\/\/vannangvn.123websitedev.com\/?s={search_term_string}\"},\"query-input\":{\"@type\":\"PropertyValueSpecification\",\"valueRequired\":true,\"valueName\":\"search_term_string\"}}],\"inLanguage\":\"en-US\"},{\"@type\":\"Organization\",\"@id\":\"https:\/\/vannangvn.123websitedev.com\/#organization\",\"name\":\"Vannang.vn\",\"url\":\"https:\/\/vannangvn.123websitedev.com\/\",\"logo\":{\"@type\":\"ImageObject\",\"inLanguage\":\"en-US\",\"@id\":\"https:\/\/vannangvn.123websitedev.com\/#\/schema\/logo\/image\/\",\"url\":\"https:\/\/vannangvn.123websitedev.com\/wp-content\/uploads\/2026\/02\/logo-van-nang-02.png\",\"contentUrl\":\"https:\/\/vannangvn.123websitedev.com\/wp-content\/uploads\/2026\/02\/logo-van-nang-02.png\",\"width\":448,\"height\":111,\"caption\":\"Vannang.vn\"},\"image\":{\"@id\":\"https:\/\/vannangvn.123websitedev.com\/#\/schema\/logo\/image\/\"}}]}<\/script>\n<!-- \/ Yoast SEO Premium plugin. -->","yoast_head_json":{"title":"B\u0102NG KEO 2 M\u1eb6T CHEMINSTRUMENTS MODE... ch\u00ednh h\u00e3ng | V\u1ea1n N\u0103ng","description":"Mua ngay B\u0102NG KEO 2 M\u1eb6T CHEMINSTRUMENTS MODEL DS-TAPE ch\u00ednh h\u00e3ng. Gi\u00e1 t\u1ed1t!","robots":{"index":"noindex","follow":"follow","max-snippet":"max-snippet:-1","max-image-preview":"max-image-preview:large","max-video-preview":"max-video-preview:-1"},"og_locale":"en_US","og_type":"article","og_title":"B\u0102NG KEO 2 M\u1eb6T CHEMINSTRUMENTS MODEL DS-TAPE","og_description":"Mua ngay B\u0102NG KEO 2 M\u1eb6T CHEMINSTRUMENTS MODEL DS-TAPE ch\u00ednh h\u00e3ng. Gi\u00e1 t\u1ed1t!","og_url":"https:\/\/vannangvn.123websitedev.com\/en\/product\/bang-keo-2-mat-cheminstruments-model-ds-tape\/","og_site_name":"Vannang.vn","article_modified_time":"2026-03-30T11:08:26+00:00","og_image":[{"width":768,"height":576,"url":"http:\/\/vannangvn.123websitedev.com\/wp-content\/uploads\/2026\/03\/Double-Sided-Tape-768x576-copy.jpg","type":"image\/jpeg"}],"twitter_card":"summary_large_image","twitter_misc":{"Est. reading time":"2 minutes"},"schema":{"@context":"https:\/\/schema.org","@graph":[{"@type":"WebPage","@id":"https:\/\/vannangvn.123websitedev.com\/san-pham\/bang-keo-2-mat-cheminstruments-model-ds-tape\/","url":"https:\/\/vannangvn.123websitedev.com\/san-pham\/bang-keo-2-mat-cheminstruments-model-ds-tape\/","name":"B\u0102NG KEO 2 M\u1eb6T CHEMINSTRUMENTS MODE... ch\u00ednh h\u00e3ng | V\u1ea1n N\u0103ng","isPartOf":{"@id":"https:\/\/vannangvn.123websitedev.com\/#website"},"primaryImageOfPage":{"@id":"https:\/\/vannangvn.123websitedev.com\/san-pham\/bang-keo-2-mat-cheminstruments-model-ds-tape\/#primaryimage"},"image":{"@id":"https:\/\/vannangvn.123websitedev.com\/san-pham\/bang-keo-2-mat-cheminstruments-model-ds-tape\/#primaryimage"},"thumbnailUrl":"https:\/\/vannangvn.123websitedev.com\/wp-content\/uploads\/2026\/03\/Double-Sided-Tape-768x576-copy.jpg","datePublished":"2026-03-20T10:18:20+00:00","dateModified":"2026-03-30T11:08:26+00:00","description":"Mua ngay B\u0102NG KEO 2 M\u1eb6T CHEMINSTRUMENTS MODEL DS-TAPE ch\u00ednh h\u00e3ng. Gi\u00e1 t\u1ed1t!","breadcrumb":{"@id":"https:\/\/vannangvn.123websitedev.com\/san-pham\/bang-keo-2-mat-cheminstruments-model-ds-tape\/#breadcrumb"},"inLanguage":"en-US","potentialAction":[{"@type":"ReadAction","target":["https:\/\/vannangvn.123websitedev.com\/san-pham\/bang-keo-2-mat-cheminstruments-model-ds-tape\/"]}]},{"@type":"ImageObject","inLanguage":"en-US","@id":"https:\/\/vannangvn.123websitedev.com\/san-pham\/bang-keo-2-mat-cheminstruments-model-ds-tape\/#primaryimage","url":"https:\/\/vannangvn.123websitedev.com\/wp-content\/uploads\/2026\/03\/Double-Sided-Tape-768x576-copy.jpg","contentUrl":"https:\/\/vannangvn.123websitedev.com\/wp-content\/uploads\/2026\/03\/Double-Sided-Tape-768x576-copy.jpg","width":768,"height":576},{"@type":"BreadcrumbList","@id":"https:\/\/vannangvn.123websitedev.com\/san-pham\/bang-keo-2-mat-cheminstruments-model-ds-tape\/#breadcrumb","itemListElement":[{"@type":"ListItem","position":1,"name":"Trang ch\u1ee7","item":"https:\/\/vannangvn.123websitedev.com\/"},{"@type":"ListItem","position":2,"name":"S\u1ea3n ph\u1ea9m","item":"https:\/\/vannangvn.123websitedev.com\/cua-hang\/"},{"@type":"ListItem","position":3,"name":"B\u0102NG KEO 2 M\u1eb6T CHEMINSTRUMENTS MODEL DS-TAPE"}]},{"@type":"WebSite","@id":"https:\/\/vannangvn.123websitedev.com\/#website","url":"https:\/\/vannangvn.123websitedev.com\/","name":"Vannang.vn","description":"","publisher":{"@id":"https:\/\/vannangvn.123websitedev.com\/#organization"},"potentialAction":[{"@type":"SearchAction","target":{"@type":"EntryPoint","urlTemplate":"https:\/\/vannangvn.123websitedev.com\/?s={search_term_string}"},"query-input":{"@type":"PropertyValueSpecification","valueRequired":true,"valueName":"search_term_string"}}],"inLanguage":"en-US"},{"@type":"Organization","@id":"https:\/\/vannangvn.123websitedev.com\/#organization","name":"Vannang.vn","url":"https:\/\/vannangvn.123websitedev.com\/","logo":{"@type":"ImageObject","inLanguage":"en-US","@id":"https:\/\/vannangvn.123websitedev.com\/#\/schema\/logo\/image\/","url":"https:\/\/vannangvn.123websitedev.com\/wp-content\/uploads\/2026\/02\/logo-van-nang-02.png","contentUrl":"https:\/\/vannangvn.123websitedev.com\/wp-content\/uploads\/2026\/02\/logo-van-nang-02.png","width":448,"height":111,"caption":"Vannang.vn"},"image":{"@id":"https:\/\/vannangvn.123websitedev.com\/#\/schema\/logo\/image\/"}}]}},"_links":{"self":[{"href":"https:\/\/vannangvn.123websitedev.com\/en\/wp-json\/wp\/v2\/product\/5923","targetHints":{"allow":["GET"]}}],"collection":[{"href":"https:\/\/vannangvn.123websitedev.com\/en\/wp-json\/wp\/v2\/product"}],"about":[{"href":"https:\/\/vannangvn.123websitedev.com\/en\/wp-json\/wp\/v2\/types\/product"}],"replies":[{"embeddable":true,"href":"https:\/\/vannangvn.123websitedev.com\/en\/wp-json\/wp\/v2\/comments?post=5923"}],"wp:featuredmedia":[{"embeddable":true,"href":"https:\/\/vannangvn.123websitedev.com\/en\/wp-json\/wp\/v2\/media\/9521"}],"wp:attachment":[{"href":"https:\/\/vannangvn.123websitedev.com\/en\/wp-json\/wp\/v2\/media?parent=5923"}],"wp:term":[{"taxonomy":"product_brand","embeddable":true,"href":"https:\/\/vannangvn.123websitedev.com\/en\/wp-json\/wp\/v2\/product_brand?post=5923"},{"taxonomy":"product_cat","embeddable":true,"href":"https:\/\/vannangvn.123websitedev.com\/en\/wp-json\/wp\/v2\/product_cat?post=5923"},{"taxonomy":"product_tag","embeddable":true,"href":"https:\/\/vannangvn.123websitedev.com\/en\/wp-json\/wp\/v2\/product_tag?post=5923"}],"curies":[{"name":"wp","href":"https:\/\/api.w.org\/{rel}","templated":true}]}}