{"id":5936,"date":"2026-03-20T17:18:34","date_gmt":"2026-03-20T10:18:34","guid":{"rendered":"https:\/\/vannangvn.123websitedev.com\/san-pham\/bang-keo-do-do-nham-elcometer-model-122-testex\/"},"modified":"2026-03-30T18:08:47","modified_gmt":"2026-03-30T11:08:47","slug":"bang-keo-do-do-nham-elcometer-model-122-testex","status":"publish","type":"product","link":"https:\/\/vannangvn.123websitedev.com\/en\/product\/bang-keo-do-do-nham-elcometer-model-122-testex\/","title":{"rendered":"B\u0102NG KEO \u0110O \u0110\u1ed8 NH\u00c1M ELCOMETER MODEL 122 TESTEX"},"content":{"rendered":"<h1 style=\"color: red; font-weight: bold; font-size: 24px;\">T&#7893;ng quan s&#7843;n ph&#7849;m B&#258;NG KEO &#272;O &#272;&#7896; NH&Aacute;M ELCOMETER MODEL 122 TESTEX<p>B&#259;ng Keo &#272;o &#272;&#7897; Nh&aacute;m (Testex Replica Tape) Elcometer Model 122 Testex<br>\nElcometer 122 Testex Replica Tape l&agrave; b&#259;ng keo chuy&ecirc;n d&#7909;ng d&ugrave;ng &#273;&#7875; &#273;o bi&ecirc;n d&#7841;ng nh&aacute;m b&#7873; m&#7863;t kim lo&#7841;i sau khi phun c&aacute;t ho&#7863;c x&#7917; l&yacute; c&#417; h&#7885;c. S&#7843;n ph&#7849;m g&#7891;m l&#7899;p foam c&oacute; kh&#7843; n&#259;ng bi&#7871;n d&#7841;ng k&#7871;t h&#7907;p n&#7873;n kh&ocirc;ng n&eacute;n, cho ph&eacute;p t&#7841;o khu&ocirc;n m&#7851;u v&#297;nh vi&#7877;n c&#7911;a c&#7845;u tr&uacute;c &#273;&#7881;nh &ndash; &#273;&aacute;y (peak-to-valley) tr&ecirc;n b&#7873; m&#7863;t th&eacute;p.<br>\nSau khi t&#7841;o b&#7843;n sao bi&ecirc;n d&#7841;ng, &#273;&#7897; nh&aacute;m &#273;&#432;&#7907;c x&aacute;c &#273;&#7883;nh b&#7857;ng &#273;&#7891;ng h&#7891; &#273;o &#273;&#7897; d&agrave;y chuy&ecirc;n d&#7909;ng nh&#432; Elcometer 124, &#273;&#7843;m b&#7843;o k&#7871;t qu&#7843; ch&iacute;nh x&aacute;c v&agrave; ph&ugrave; h&#7907;p ti&ecirc;u chu&#7849;n ki&#7875;m so&aacute;t b&#7873; m&#7863;t tr&#432;&#7899;c khi s&#417;n ph&#7911;. H&atilde;y c&ugrave;ng V&#7841;n N&#259;ng t&igrave;m hi&#7875;u chi ti&#7871;t h&#417;n v&#7873; s&#7843;n ph&#7849;m th&ocirc;ng qua b&agrave;i vi&#7871;t d&#432;&#7899;i &#273;&acirc;y nh&eacute;!<\/p><p>N&eacute;t &#272;&#7863;c Tr&#432;ng C&#7911;a Elcometer Model 122 Testex<\/p><p>T&#7841;o b&#7843;n sao bi&ecirc;n d&#7841;ng ch&iacute;nh x&aacute;c: L&#7899;p foam m&#7873;m &#273;&#432;&#7907;c ch&agrave; x&aacute;t l&ecirc;n b&#7873; m&#7863;t &#273;&atilde; l&agrave;m s&#7841;ch, t&aacute;i t&#7841;o &#273;&#7847;y &#273;&#7911; c&#7845;u tr&uacute;c nh&aacute;m &#273;&#7881;nh &ndash; &#273;&aacute;y &#273;&#7875; ph&#7909;c v&#7909; &#273;o l&#432;&#7901;ng.<br>\nNhi&#7873;u d&#7843;i &#273;o ph&ugrave; h&#7907;p t&#7915;ng c&#7845;p &#273;&#7897; nh&aacute;m: S&#7843;n ph&#7849;m c&oacute; b&#7889;n c&#7845;p b&#259;ng kh&aacute;c nhau, ph&#7843;n &aacute;nh &#273;&uacute;ng bi&ecirc;n d&#7841;ng b&#7873; m&#7863;t c&#7847;n ki&#7875;m tra, t&#7915; 12 &micro;m &#273;&#7871;n 127 &micro;m.<br>\nD&#7877; tri&#7875;n khai t&#7841;i hi&#7879;n tr&#432;&#7901;ng: Quy tr&igrave;nh &#273;o &#273;&#417;n gi&#7843;n, kh&ocirc;ng c&#7847;n thi&#7871;t b&#7883; ph&#7913;c t&#7841;p. M&#7895;i cu&#7897;n b&#259;ng th&#7921;c hi&#7879;n &#273;&#432;&#7907;c 50 ph&eacute;p th&#7917;, t&#7889;i &#432;u chi ph&iacute; ki&#7875;m tra.<\/p><p>&#431;u &#272;i&#7875;m V&#432;&#7907;t Tr&#7897;i C&#7911;a Elcometer Model 122 Testex<\/p><p>&#272;&#7897; ch&iacute;nh x&aacute;c cao v&agrave; l&#7863;p l&#7841;i t&#7889;t: Ph&#432;&#417;ng ph&aacute;p replica gi&uacute;p &#273;&aacute;nh gi&aacute; ch&iacute;nh x&aacute;c chi&#7873;u cao bi&ecirc;n d&#7841;ng, &#273;&#7843;m b&#7843;o l&#7899;p ph&#7911; &#273;&#7841;t &#273;&#7897; b&aacute;m d&iacute;nh t&#7889;i &#432;u.<br>\nL&#7921;a ch&#7885;n &#273;&uacute;ng c&#7845;p b&#259;ng theo d&#7843;i nh&aacute;m: C&oacute; c&aacute;c phi&ecirc;n b&#7843;n Coarse Minus, Coarse, X-Coarse v&agrave; X-Coarse Plus, gi&uacute;p k&#7929; thu&#7853;t vi&ecirc;n ch&#7885;n &#273;&uacute;ng d&#7843;i &#273;o theo y&ecirc;u c&#7847;u k&#7929; thu&#7853;t.<br>\nGhi nh&#7853;n k&#7871;t qu&#7843; tr&#7921;c quan: B&#7843;n sao bi&ecirc;n d&#7841;ng c&oacute; th&#7875; l&#432;u tr&#7919; l&agrave;m h&#7891; s&#417; ki&#7875;m tra ch&#7845;t l&#432;&#7907;ng b&#7873; m&#7863;t tr&#432;&#7899;c khi s&#417;n.<br>\nPh&ugrave; h&#7907;p ti&ecirc;u chu&#7849;n ki&#7875;m so&aacute;t b&#7873; m&#7863;t: &#272;&#432;&#7907;c s&#7917; d&#7909;ng r&#7897;ng r&atilde;i trong quy tr&igrave;nh ki&#7875;m tra &#273;&#7897; nh&aacute;m b&#7873; m&#7863;t th&eacute;p tr&#432;&#7899;c khi thi c&ocirc;ng s&#417;n ch&#7889;ng &#259;n m&ograve;n.<\/p><p>&#7912;ng D&#7909;ng Th&#7921;c T&#7871;<br>\nNg&agrave;nh k&#7871;t c&#7845;u th&eacute;p v&agrave; nh&agrave; m&aacute;y c&ocirc;ng nghi&#7879;p: &#272;o &#273;&#7897; nh&aacute;m b&#7873; m&#7863;t th&eacute;p sau phun c&aacute;t nh&#7857;m &#273;&#7843;m b&#7843;o &#273;i&#7873;u ki&#7879;n t&#7889;i &#432;u cho l&#7899;p s&#417;n epoxy, polyurethane ho&#7863;c s&#417;n ch&#7889;ng &#259;n m&ograve;n.<\/p><p>Ng&agrave;nh d&#7847;u kh&iacute; v&agrave; h&agrave;ng h&#7843;i: Ki&#7875;m tra bi&ecirc;n d&#7841;ng b&#7873; m&#7863;t tr&ecirc;n t&agrave;u bi&#7875;n, gi&agrave;n khoan, b&#7891;n b&#7875; v&agrave; &#273;&#432;&#7901;ng &#7889;ng &#273;&#7875; &#273;&#7843;m b&#7843;o tu&#7893;i th&#7885; l&#7899;p ph&#7911; trong m&ocirc;i tr&#432;&#7901;ng kh&#7855;c nghi&#7879;t.<br>\nNg&agrave;nh x&acirc;y d&#7921;ng v&agrave; h&#7841; t&#7847;ng: &#7912;ng d&#7909;ng trong nghi&#7879;m thu b&#7873; m&#7863;t th&eacute;p c&#7847;u, nh&agrave; x&#432;&#7903;ng, k&#7871;t c&#7845;u ngo&agrave;i tr&#7901;i tr&#432;&#7899;c khi s&#417;n b&#7843;o v&#7879;.<br>\n&#272;&#417;n v&#7883; QA\/QC v&agrave; ki&#7875;m &#273;&#7883;nh: H&#7895; tr&#7907; l&#7853;p h&#7891; s&#417; nghi&#7879;m thu, &#273;&#7843;m b&#7843;o b&#7873; m&#7863;t &#273;&#7841;t y&ecirc;u c&#7847;u k&#7929; thu&#7853;t theo ti&ecirc;u chu&#7849;n tr&#432;&#7899;c khi chuy&#7875;n sang b&#432;&#7899;c thi c&ocirc;ng ti&#7871;p theo.<\/p><p>Nh&#7919;ng L&yacute; Do N&ecirc;n Mua B&#259;ng Keo &#272;o &#272;&#7897; Nh&aacute;m T&#7841;i V&#7841;n N&#259;ng<\/p><p>C&ocirc;ng ty Thi&#7871;t B&#7883; C&ocirc;ng Ngh&#7879; V&#7841;n N&#259;ng l&agrave; &#273;&#7889;i t&aacute;c ch&iacute;nh th&#7913;c ph&acirc;n ph&#7889;i B&#259;ng keo &#273;o &#273;&#7897; nh&aacute;m h&agrave;ng &#273;&#7847;u t&#7841;i Vi&#7879;t Nam, cam k&#7871;t cung c&#7845;p s&#7843;n ph&#7849;m ch&iacute;nh h&atilde;ng v&#7899;i gi&aacute; c&#7843; c&#7841;nh tranh nh&#7845;t th&#7883; tr&#432;&#7901;ng. V&#7899;i uy t&iacute;n tr&ecirc;n th&#7883; tr&#432;&#7901;ng v&agrave; ch&#7871; &#273;&#7897; h&#7851;u m&atilde;i t&#7889;t, Thi&#7871;t B&#7883; C&ocirc;ng Ngh&#7879; V&#7841;n N&#259;ng &#273;&atilde; nh&#7853;n &#273;&#432;&#7907;c s&#7921; tin t&#432;&#7903;ng t&#7915; kh&aacute;ch h&agrave;ng nh&#7901; v&agrave;o ch&#7845;t l&#432;&#7907;ng h&agrave;ng &#273;&#7847;u c&#7911;a c&aacute;c d&ograve;ng s&#7843;n ph&#7849;m.<br>\nS&#7843;n ph&#7849;m c&#7911;a ch&uacute;ng t&ocirc;i &#273;&#432;&#7907;c ki&#7875;m &#273;&#7883;nh ch&#7845;t l&#432;&#7907;ng, nh&#7853;p kh&#7849;u tr&#7921;c ti&#7871;p t&#7915; nh&agrave; m&aacute;y b&ecirc;n Ch&acirc;u &Acirc;u, M&#7929;, &Uacute;c, Nh&#7853;t B&#7843;n,&hellip; v&agrave; &#273;&aacute;p &#7913;ng nhu c&#7847;u &#273;a d&#7841;ng c&#7911;a th&#7883; tr&#432;&#7901;ng nh&#432;: M&aacute;y &#272;o &#272;&#7897; C&#7913;ng, M&aacute;y SPECTROMAXx, M&aacute;y Ki&#7875;m Tra &#272;&#432;&#7901;ng Gh&eacute;p M&iacute; Lon,&hellip; Ch&uacute;ng t&ocirc;i cam k&#7871;t cung c&#7845;p s&#7843;n ph&#7849;m n&agrave;y tr&ecirc;n to&agrave;n qu&#7889;c v&#7899;i gi&aacute; c&#7843; c&#7841;nh tranh nh&#7845;t.<br>\nCh&uacute;ng t&ocirc;i c&oacute; &#273;&#7897;i ng&#361; chuy&ecirc;n vi&ecirc;n t&#432; v&#7845;n chuy&ecirc;n s&acirc;u s&#7869; h&#7895; tr&#7907; kh&aacute;ch h&agrave;ng v&#7873; chi ti&#7871;t s&#7843;n ph&#7849;m, h&#432;&#7899;ng d&#7851;n s&#7917; d&#7909;ng hay nh&#7919;ng th&#7913; li&ecirc;n quan &#273;&#7871;n v&#7845;n &#273;&#7873; m&agrave; doanh nghi&#7879;p b&#7841;n &#273;ang g&#7863;p ph&#7843;i. Ch&uacute;ng t&ocirc;i s&#7869; cung c&#7845;p nh&#7919;ng gi&#7843;i ph&aacute;p t&#7889;i &#432;u nh&#7845;t!<br>\nNgo&agrave;i ra Thi&#7871;t B&#7883; C&ocirc;ng Ngh&#7879; V&#7841;n N&#259;ng Ch&uacute;ng T&ocirc;i lu&ocirc;n h&#432;&#7899;ng &#273;&#7871;n tr&#7843;i nghi&#7879;m kh&aacute;ch h&agrave;ng, v&igrave; v&#7853;y ch&uacute;ng t&ocirc;i c&oacute; nh&#7919;ng ch&iacute;nh s&aacute;ch b&#7843;o h&agrave;nh, b&#7843;o tr&igrave; &ndash; b&#7843;o d&#432;&#7905;ng, hi&#7879;u chu&#7849;n v&#7899;i t&#7845;t c&#7843; c&aacute;c thi&#7871;t b&#7883;, m&aacute;y m&oacute;c m&agrave; ch&uacute;ng t&ocirc;i cung c&#7845;p. &#272;&#7843;m b&#7843;o mang &#273;&#7871;n cho Kh&aacute;ch h&agrave;ng s&#7921; y&ecirc;n t&acirc;m tuy&#7879;t &#273;&#7889;i v&#7873; d&#7883;ch v&#7909; khi mua h&agrave;ng.<\/p><p>T&#7893;ng K&#7871;t<br>\nV&#7899;i nhi&#7873;u d&#7843;i &#273;o ph&ugrave; h&#7907;p t&#7915;ng c&#7845;p &#273;&#7897; nh&aacute;m v&agrave; kh&#7843; n&#259;ng t&#7841;o b&#7843;n sao v&#297;nh vi&#7877;n, Elcometer 122 Testex Replica Tape gi&uacute;p ki&#7875;m so&aacute;t ch&#7845;t l&#432;&#7907;ng b&#7873; m&#7863;t th&eacute;p m&#7897;t c&aacute;ch chuy&ecirc;n nghi&#7879;p, gi&#7843;m r&#7911;i ro bong tr&oacute;c l&#7899;p ph&#7911; v&agrave; n&acirc;ng cao tu&#7893;i th&#7885; c&ocirc;ng tr&igrave;nh. H&atilde;y li&ecirc;n h&#7879; v&#7899;i V&#7841;n N&#259;ng ngay &#273;&#7875; &#273;&#432;&#7907;c t&#432; v&#7845;n chuy&ecirc;n s&acirc;u v&agrave; nh&#7853;n nh&#7919;ng &#432;u &#273;&atilde;i h&#7845;p d&#7851;n nh&#7845;t th&ocirc;ng qua hotline0903 991 335 !<\/p><div style=\"background-color: #f8fafc; border: 1px solid #e2e8f0; border-radius: 8px; padding: 25px; max-width: 800px; margin: 30px auto; color: #334155; line-height: 1.8; font-size: 17px; box-shadow: 0 4px 6px -1px rgba(0,0,0,0.05); text-align: left; clear: both;\">\nC&ocirc;ng ty TNHH Th&#432;&#417;ng M&#7841;i D&#7883;ch V&#7909; Thi&#7871;t B&#7883; C&ocirc;ng Ngh&#7879; V&#7841;n N&#259;ng\n<p style=\"margin: 0 0 10px 0;\">&#128205; <strong style=\"color: #1e293b;\">&#272;&#7883;a ch&#7881;:<\/strong> <a style=\"color: #059669; text-decoration: none; font-weight: bold;\" href=\"https:\/\/www.google.com\/maps\/search\/C%C3%B4ng+ty+TNHH+Th%C6%B0%C6%A1ng+M%E1%BA%A1i+D%E1%BB%8Bch+V%E1%BB%A5+Thi%E1%BA%BFt+B%E1%BB%8B+C%C3%B4ng+Ngh%E1%BB%87+V%E1%BA%A1n+N%C4%83ng+818+Tr%C6%B0%E1%BB%9Dng+Chinh\" target=\"_blank\" rel=\"noopener\">818 Tr&#432;&#7901;ng Chinh, Ph&#432;&#7901;ng T&acirc;n S&#417;n, Th&agrave;nh ph&#7889; H&#7891; Ch&iacute; Minh, Vi&#7879;t Nam<\/a><\/p>\n<p style=\"margin: 0 0 10px 0;\">&#128222; <strong style=\"color: #1e293b;\">S&#272;T &ndash; Zalo:<\/strong> <a style=\"color: #059669; text-decoration: none; font-weight: bold;\" href=\"https:\/\/zalo.me\/0903991335\" target=\"_blank\" rel=\"noopener\">0903 991 335<\/a> <span style=\"color: #64748b; font-style: italic;\">(Ms. H&#7841;nh &ndash; Gi&aacute;m &#272;&#7889;c Kinh Doanh)<\/span><\/p>\n<p style=\"margin: 0;\">&#9993;&#65039; <strong style=\"color: #1e293b;\">Email:<\/strong> <a style=\"color: #059669; text-decoration: none; font-weight: bold;\" href=\"mailto:hienhanh@vannangvn.com\">hienhanh@vannangvn.com<\/a><\/p>\n<\/div><\/h1>","protected":false},"excerpt":{"rendered":"<p><strong>Th&#432;&#417;ng hi&#7879;u:<\/strong> Elcometer<br>\n<strong>Model:<\/strong> 122 Testex<p>Product <strong>B&#258;NG KEO &#272;O &#272;&#7896; NH&Aacute;M ELCOMETER MODEL 122 TESTEX<\/strong> ch&iacute;nh h&atilde;ng. Elcometer (V&#432;&#417;ng Qu&#7889;c Anh)<br>\nB&#259;ng Keo &#272;o &#272;&#7897; Nh&aacute;m Elcometer Model 122 Testex l&agrave; b&#259;ng &#273;o bi&ecirc;n d&#7841;ng nh&aacute;m b&#7873; m&#7863;t th&eacute;p sau phun c&aacute;t, t&#7841;o b&#7843;n sao peak-to-valley ch&iacute;nh x&aacute;c, nhi&#7873;u d&#7843;i &#273;o t&#7915; 12&ndash;127&micro;m, h&#7895; tr&#7907; ki&#7875;m so&aacute;t ch&#7845;t l&#432;&#7907;ng tr&#432;&#7899;c khi s&#417;n ph&#7911;.<\/p><\/p>","protected":false},"featured_media":9847,"comment_status":"open","ping_status":"closed","template":"","meta":[],"product_brand":[],"product_cat":[18],"product_tag":[166,176,181,182,184,188,207,116],"class_list":{"0":"post-5936","1":"product","2":"type-product","3":"status-publish","4":"has-post-thumbnail","6":"product_cat-chua-phan-loai","7":"product_tag-bang","8":"product_tag-keo","9":"product_tag-do","10":"product_tag-nham","11":"product_tag-elcometer","12":"product_tag-188","13":"product_tag-testex","14":"product_tag-model","16":"first","17":"instock","18":"shipping-taxable","19":"product-type-simple"},"yoast_head":"<!-- This site is optimized with the Yoast SEO Premium plugin v24.8 (Yoast SEO v24.8) - https:\/\/yoast.com\/wordpress\/plugins\/seo\/ -->\n<title>B\u0102NG KEO \u0110O \u0110\u1ed8 NH\u00c1M ELCOMETER MODEL... ch\u00ednh h\u00e3ng | V\u1ea1n N\u0103ng<\/title>\n<meta name=\"description\" content=\"Mua ngay B\u0102NG KEO \u0110O \u0110\u1ed8 NH\u00c1M ELCOMETER MODEL 122 TESTEX ch\u00ednh h\u00e3ng. B\u0103ng Keo \u0110o \u0110\u1ed9 Nh\u00e1m Elcometer Model 122 Testex l\u00e0 b\u0103ng \u0111o bi\u00ean... Gi\u00e1 t\u1ed1t!\" \/>\n<meta name=\"robots\" content=\"noindex, follow, max-snippet:-1, max-image-preview:large, max-video-preview:-1\" \/>\n<meta property=\"og:locale\" content=\"en_US\" \/>\n<meta property=\"og:type\" content=\"article\" \/>\n<meta property=\"og:title\" content=\"B\u0102NG KEO \u0110O \u0110\u1ed8 NH\u00c1M ELCOMETER MODEL 122 TESTEX\" \/>\n<meta property=\"og:description\" content=\"Mua ngay B\u0102NG KEO \u0110O \u0110\u1ed8 NH\u00c1M ELCOMETER MODEL 122 TESTEX ch\u00ednh h\u00e3ng. B\u0103ng Keo \u0110o \u0110\u1ed9 Nh\u00e1m Elcometer Model 122 Testex l\u00e0 b\u0103ng \u0111o bi\u00ean... Gi\u00e1 t\u1ed1t!\" \/>\n<meta property=\"og:url\" content=\"https:\/\/vannangvn.123websitedev.com\/en\/product\/bang-keo-do-do-nham-elcometer-model-122-testex\/\" \/>\n<meta property=\"og:site_name\" content=\"Vannang.vn\" \/>\n<meta property=\"article:modified_time\" content=\"2026-03-30T11:08:47+00:00\" \/>\n<meta property=\"og:image\" content=\"http:\/\/vannangvn.123websitedev.com\/wp-content\/uploads\/2026\/03\/11-4-768x576-copy.jpg\" \/>\n\t<meta property=\"og:image:width\" content=\"768\" \/>\n\t<meta property=\"og:image:height\" content=\"576\" \/>\n\t<meta property=\"og:image:type\" content=\"image\/jpeg\" \/>\n<meta name=\"twitter:card\" content=\"summary_large_image\" \/>\n<meta name=\"twitter:label1\" content=\"Est. reading time\" \/>\n\t<meta name=\"twitter:data1\" content=\"7 minutes\" \/>\n<script type=\"application\/ld+json\" class=\"yoast-schema-graph\">{\"@context\":\"https:\/\/schema.org\",\"@graph\":[{\"@type\":\"WebPage\",\"@id\":\"https:\/\/vannangvn.123websitedev.com\/san-pham\/bang-keo-do-do-nham-elcometer-model-122-testex\/\",\"url\":\"https:\/\/vannangvn.123websitedev.com\/san-pham\/bang-keo-do-do-nham-elcometer-model-122-testex\/\",\"name\":\"B\u0102NG KEO \u0110O \u0110\u1ed8 NH\u00c1M ELCOMETER MODEL... ch\u00ednh h\u00e3ng | V\u1ea1n N\u0103ng\",\"isPartOf\":{\"@id\":\"https:\/\/vannangvn.123websitedev.com\/#website\"},\"primaryImageOfPage\":{\"@id\":\"https:\/\/vannangvn.123websitedev.com\/san-pham\/bang-keo-do-do-nham-elcometer-model-122-testex\/#primaryimage\"},\"image\":{\"@id\":\"https:\/\/vannangvn.123websitedev.com\/san-pham\/bang-keo-do-do-nham-elcometer-model-122-testex\/#primaryimage\"},\"thumbnailUrl\":\"https:\/\/vannangvn.123websitedev.com\/wp-content\/uploads\/2026\/03\/11-4-768x576-copy.jpg\",\"datePublished\":\"2026-03-20T10:18:34+00:00\",\"dateModified\":\"2026-03-30T11:08:47+00:00\",\"description\":\"Mua ngay B\u0102NG KEO \u0110O \u0110\u1ed8 NH\u00c1M ELCOMETER MODEL 122 TESTEX ch\u00ednh h\u00e3ng. B\u0103ng Keo \u0110o \u0110\u1ed9 Nh\u00e1m Elcometer Model 122 Testex l\u00e0 b\u0103ng \u0111o bi\u00ean... Gi\u00e1 t\u1ed1t!\",\"breadcrumb\":{\"@id\":\"https:\/\/vannangvn.123websitedev.com\/san-pham\/bang-keo-do-do-nham-elcometer-model-122-testex\/#breadcrumb\"},\"inLanguage\":\"en-US\",\"potentialAction\":[{\"@type\":\"ReadAction\",\"target\":[\"https:\/\/vannangvn.123websitedev.com\/san-pham\/bang-keo-do-do-nham-elcometer-model-122-testex\/\"]}]},{\"@type\":\"ImageObject\",\"inLanguage\":\"en-US\",\"@id\":\"https:\/\/vannangvn.123websitedev.com\/san-pham\/bang-keo-do-do-nham-elcometer-model-122-testex\/#primaryimage\",\"url\":\"https:\/\/vannangvn.123websitedev.com\/wp-content\/uploads\/2026\/03\/11-4-768x576-copy.jpg\",\"contentUrl\":\"https:\/\/vannangvn.123websitedev.com\/wp-content\/uploads\/2026\/03\/11-4-768x576-copy.jpg\",\"width\":768,\"height\":576},{\"@type\":\"BreadcrumbList\",\"@id\":\"https:\/\/vannangvn.123websitedev.com\/san-pham\/bang-keo-do-do-nham-elcometer-model-122-testex\/#breadcrumb\",\"itemListElement\":[{\"@type\":\"ListItem\",\"position\":1,\"name\":\"Trang ch\u1ee7\",\"item\":\"https:\/\/vannangvn.123websitedev.com\/\"},{\"@type\":\"ListItem\",\"position\":2,\"name\":\"S\u1ea3n ph\u1ea9m\",\"item\":\"https:\/\/vannangvn.123websitedev.com\/cua-hang\/\"},{\"@type\":\"ListItem\",\"position\":3,\"name\":\"B\u0102NG KEO \u0110O \u0110\u1ed8 NH\u00c1M ELCOMETER MODEL 122 TESTEX\"}]},{\"@type\":\"WebSite\",\"@id\":\"https:\/\/vannangvn.123websitedev.com\/#website\",\"url\":\"https:\/\/vannangvn.123websitedev.com\/\",\"name\":\"Vannang.vn\",\"description\":\"\",\"publisher\":{\"@id\":\"https:\/\/vannangvn.123websitedev.com\/#organization\"},\"potentialAction\":[{\"@type\":\"SearchAction\",\"target\":{\"@type\":\"EntryPoint\",\"urlTemplate\":\"https:\/\/vannangvn.123websitedev.com\/?s={search_term_string}\"},\"query-input\":{\"@type\":\"PropertyValueSpecification\",\"valueRequired\":true,\"valueName\":\"search_term_string\"}}],\"inLanguage\":\"en-US\"},{\"@type\":\"Organization\",\"@id\":\"https:\/\/vannangvn.123websitedev.com\/#organization\",\"name\":\"Vannang.vn\",\"url\":\"https:\/\/vannangvn.123websitedev.com\/\",\"logo\":{\"@type\":\"ImageObject\",\"inLanguage\":\"en-US\",\"@id\":\"https:\/\/vannangvn.123websitedev.com\/#\/schema\/logo\/image\/\",\"url\":\"https:\/\/vannangvn.123websitedev.com\/wp-content\/uploads\/2026\/02\/logo-van-nang-02.png\",\"contentUrl\":\"https:\/\/vannangvn.123websitedev.com\/wp-content\/uploads\/2026\/02\/logo-van-nang-02.png\",\"width\":448,\"height\":111,\"caption\":\"Vannang.vn\"},\"image\":{\"@id\":\"https:\/\/vannangvn.123websitedev.com\/#\/schema\/logo\/image\/\"}}]}<\/script>\n<!-- \/ Yoast SEO Premium plugin. -->","yoast_head_json":{"title":"B\u0102NG KEO \u0110O \u0110\u1ed8 NH\u00c1M ELCOMETER MODEL... ch\u00ednh h\u00e3ng | V\u1ea1n N\u0103ng","description":"Mua ngay B\u0102NG KEO \u0110O \u0110\u1ed8 NH\u00c1M ELCOMETER MODEL 122 TESTEX ch\u00ednh h\u00e3ng. B\u0103ng Keo \u0110o \u0110\u1ed9 Nh\u00e1m Elcometer Model 122 Testex l\u00e0 b\u0103ng \u0111o bi\u00ean... Gi\u00e1 t\u1ed1t!","robots":{"index":"noindex","follow":"follow","max-snippet":"max-snippet:-1","max-image-preview":"max-image-preview:large","max-video-preview":"max-video-preview:-1"},"og_locale":"en_US","og_type":"article","og_title":"B\u0102NG KEO \u0110O \u0110\u1ed8 NH\u00c1M ELCOMETER MODEL 122 TESTEX","og_description":"Mua ngay B\u0102NG KEO \u0110O \u0110\u1ed8 NH\u00c1M ELCOMETER MODEL 122 TESTEX ch\u00ednh h\u00e3ng. B\u0103ng Keo \u0110o \u0110\u1ed9 Nh\u00e1m Elcometer Model 122 Testex l\u00e0 b\u0103ng \u0111o bi\u00ean... Gi\u00e1 t\u1ed1t!","og_url":"https:\/\/vannangvn.123websitedev.com\/en\/product\/bang-keo-do-do-nham-elcometer-model-122-testex\/","og_site_name":"Vannang.vn","article_modified_time":"2026-03-30T11:08:47+00:00","og_image":[{"width":768,"height":576,"url":"http:\/\/vannangvn.123websitedev.com\/wp-content\/uploads\/2026\/03\/11-4-768x576-copy.jpg","type":"image\/jpeg"}],"twitter_card":"summary_large_image","twitter_misc":{"Est. reading time":"7 minutes"},"schema":{"@context":"https:\/\/schema.org","@graph":[{"@type":"WebPage","@id":"https:\/\/vannangvn.123websitedev.com\/san-pham\/bang-keo-do-do-nham-elcometer-model-122-testex\/","url":"https:\/\/vannangvn.123websitedev.com\/san-pham\/bang-keo-do-do-nham-elcometer-model-122-testex\/","name":"B\u0102NG KEO \u0110O \u0110\u1ed8 NH\u00c1M ELCOMETER MODEL... ch\u00ednh h\u00e3ng | V\u1ea1n N\u0103ng","isPartOf":{"@id":"https:\/\/vannangvn.123websitedev.com\/#website"},"primaryImageOfPage":{"@id":"https:\/\/vannangvn.123websitedev.com\/san-pham\/bang-keo-do-do-nham-elcometer-model-122-testex\/#primaryimage"},"image":{"@id":"https:\/\/vannangvn.123websitedev.com\/san-pham\/bang-keo-do-do-nham-elcometer-model-122-testex\/#primaryimage"},"thumbnailUrl":"https:\/\/vannangvn.123websitedev.com\/wp-content\/uploads\/2026\/03\/11-4-768x576-copy.jpg","datePublished":"2026-03-20T10:18:34+00:00","dateModified":"2026-03-30T11:08:47+00:00","description":"Mua ngay B\u0102NG KEO \u0110O \u0110\u1ed8 NH\u00c1M ELCOMETER MODEL 122 TESTEX ch\u00ednh h\u00e3ng. B\u0103ng Keo \u0110o \u0110\u1ed9 Nh\u00e1m Elcometer Model 122 Testex l\u00e0 b\u0103ng \u0111o bi\u00ean... Gi\u00e1 t\u1ed1t!","breadcrumb":{"@id":"https:\/\/vannangvn.123websitedev.com\/san-pham\/bang-keo-do-do-nham-elcometer-model-122-testex\/#breadcrumb"},"inLanguage":"en-US","potentialAction":[{"@type":"ReadAction","target":["https:\/\/vannangvn.123websitedev.com\/san-pham\/bang-keo-do-do-nham-elcometer-model-122-testex\/"]}]},{"@type":"ImageObject","inLanguage":"en-US","@id":"https:\/\/vannangvn.123websitedev.com\/san-pham\/bang-keo-do-do-nham-elcometer-model-122-testex\/#primaryimage","url":"https:\/\/vannangvn.123websitedev.com\/wp-content\/uploads\/2026\/03\/11-4-768x576-copy.jpg","contentUrl":"https:\/\/vannangvn.123websitedev.com\/wp-content\/uploads\/2026\/03\/11-4-768x576-copy.jpg","width":768,"height":576},{"@type":"BreadcrumbList","@id":"https:\/\/vannangvn.123websitedev.com\/san-pham\/bang-keo-do-do-nham-elcometer-model-122-testex\/#breadcrumb","itemListElement":[{"@type":"ListItem","position":1,"name":"Trang ch\u1ee7","item":"https:\/\/vannangvn.123websitedev.com\/"},{"@type":"ListItem","position":2,"name":"S\u1ea3n ph\u1ea9m","item":"https:\/\/vannangvn.123websitedev.com\/cua-hang\/"},{"@type":"ListItem","position":3,"name":"B\u0102NG KEO \u0110O \u0110\u1ed8 NH\u00c1M ELCOMETER MODEL 122 TESTEX"}]},{"@type":"WebSite","@id":"https:\/\/vannangvn.123websitedev.com\/#website","url":"https:\/\/vannangvn.123websitedev.com\/","name":"Vannang.vn","description":"","publisher":{"@id":"https:\/\/vannangvn.123websitedev.com\/#organization"},"potentialAction":[{"@type":"SearchAction","target":{"@type":"EntryPoint","urlTemplate":"https:\/\/vannangvn.123websitedev.com\/?s={search_term_string}"},"query-input":{"@type":"PropertyValueSpecification","valueRequired":true,"valueName":"search_term_string"}}],"inLanguage":"en-US"},{"@type":"Organization","@id":"https:\/\/vannangvn.123websitedev.com\/#organization","name":"Vannang.vn","url":"https:\/\/vannangvn.123websitedev.com\/","logo":{"@type":"ImageObject","inLanguage":"en-US","@id":"https:\/\/vannangvn.123websitedev.com\/#\/schema\/logo\/image\/","url":"https:\/\/vannangvn.123websitedev.com\/wp-content\/uploads\/2026\/02\/logo-van-nang-02.png","contentUrl":"https:\/\/vannangvn.123websitedev.com\/wp-content\/uploads\/2026\/02\/logo-van-nang-02.png","width":448,"height":111,"caption":"Vannang.vn"},"image":{"@id":"https:\/\/vannangvn.123websitedev.com\/#\/schema\/logo\/image\/"}}]}},"_links":{"self":[{"href":"https:\/\/vannangvn.123websitedev.com\/en\/wp-json\/wp\/v2\/product\/5936","targetHints":{"allow":["GET"]}}],"collection":[{"href":"https:\/\/vannangvn.123websitedev.com\/en\/wp-json\/wp\/v2\/product"}],"about":[{"href":"https:\/\/vannangvn.123websitedev.com\/en\/wp-json\/wp\/v2\/types\/product"}],"replies":[{"embeddable":true,"href":"https:\/\/vannangvn.123websitedev.com\/en\/wp-json\/wp\/v2\/comments?post=5936"}],"wp:featuredmedia":[{"embeddable":true,"href":"https:\/\/vannangvn.123websitedev.com\/en\/wp-json\/wp\/v2\/media\/9847"}],"wp:attachment":[{"href":"https:\/\/vannangvn.123websitedev.com\/en\/wp-json\/wp\/v2\/media?parent=5936"}],"wp:term":[{"taxonomy":"product_brand","embeddable":true,"href":"https:\/\/vannangvn.123websitedev.com\/en\/wp-json\/wp\/v2\/product_brand?post=5936"},{"taxonomy":"product_cat","embeddable":true,"href":"https:\/\/vannangvn.123websitedev.com\/en\/wp-json\/wp\/v2\/product_cat?post=5936"},{"taxonomy":"product_tag","embeddable":true,"href":"https:\/\/vannangvn.123websitedev.com\/en\/wp-json\/wp\/v2\/product_tag?post=5936"}],"curies":[{"name":"wp","href":"https:\/\/api.w.org\/{rel}","templated":true}]}}