{"id":5997,"date":"2026-03-20T17:19:44","date_gmt":"2026-03-20T10:19:44","guid":{"rendered":"https:\/\/vannangvn.123websitedev.com\/san-pham\/bo-dung-cu-do-do-day-son-chuyen-dung-nganh-ton-ma-mau-djh-model-coil-coating\/"},"modified":"2026-03-30T18:10:12","modified_gmt":"2026-03-30T11:10:12","slug":"bo-dung-cu-do-do-day-son-chuyen-dung-nganh-ton-ma-mau-djh-model-coil-coating","status":"publish","type":"product","link":"https:\/\/vannangvn.123websitedev.com\/en\/product\/bo-dung-cu-do-do-day-son-chuyen-dung-nganh-ton-ma-mau-djh-model-coil-coating\/","title":{"rendered":"B\u1ed8 D\u1ee4NG C\u1ee4 \u0110O \u0110\u1ed8 D\u00c0Y S\u01a0N CHUY\u00caN D\u1ee4NG NG\u00c0NH T\u00d4N M\u1ea0 M\u00c0U DJH MODEL COIL COATING"},"content":{"rendered":"<h1 style=\"color: red; font-weight: bold; font-size: 24px;\">T&#7893;ng quan s&#7843;n ph&#7849;m B&#7896; D&#7908;NG C&#7908; &#272;O &#272;&#7896; D&Agrave;Y S&#416;N CHUY&Ecirc;N D&#7908;NG NG&Agrave;NH T&Ocirc;N M&#7840; M&Agrave;U DJH MODEL COIL COATING<p>B&#7897; D&#7909;ng C&#7909; &#272;o &#272;&#7897; D&agrave;y S&#417;n Chuy&ecirc;n D&#7909;ng Ng&agrave;nh T&ocirc;n M&#7841; M&agrave;u DJH Model Coil Coating<br>\nB&#7897; D&#7909;ng C&#7909; &#272;o &#272;&#7897; D&agrave;y S&#417;n DJH Coil Coating c&oacute; th&#7875; &#273;o &#273;&#432;&#7907;c nhi&#7873;u l&#7899;p ph&#7911; s&#417;n tr&ecirc;n c&ugrave;ng 1 m&#7851;u t&ocirc;n, &#273;&#432;&#7907;c thi&#7871;t k&#7871; ti&#7879;n l&#7907;i, d&#7877; s&#7917; d&#7909;ng, b&#7843;o tr&igrave; , thay th&#7871; ph&#7909; t&ugrave;ng. M&#361;i khoan &#273;&#432;&#7907;c l&agrave;m theo chu&#7849;n ISO 2808 t&#7915; th&eacute;p h&#7907;p kim c&oacute; &#273;&#7897; b&#7873;n cao, g&oacute;c c&#7855;t 5.71o (&#273;&#7897; b&#7873;n m&#361;i khoan gi&#7843;m do c&aacute;c y&#7871;u t&#7889; ngo&#7841;i c&#7843;nh nh&#432; ng&#432;&#7901;i s&#7917; d&#7909;ng, b&#7873; m&#7863;t kim lo&#7841;i kh&aacute;c nhau). H&atilde;y c&ugrave;ng V&#7841;n N&#259;ng t&igrave;m hi&#7875;u chi ti&#7871;t h&#417;n v&#7873; s&#7843;n ph&#7849;m th&ocirc;ng qua b&agrave;i vi&#7871;t d&#432;&#7899;i &#273;&acirc;y!<\/p><p>Nguy&ecirc;n L&iacute; Ho&#7841;t &#272;&#7897;ng<\/p><p>M&#361;i khoan s&#7869; &#273;&#432;&#7907;c g&#7855;n v&agrave;o c&#7909;c xoay (Spin) v&agrave; kh&oacute;a l&#7841;i<br>\nM&#7851;u t&ocirc;n s&#7869; n&#7857;m d&#432;&#7899;i b&agrave;n khoan<br>\nSau &#273;&oacute; , ng&#432;&#7901;i s&#7917; d&#7909;ng &#273;&#7863;t m&#361;i khoan l&ecirc;n l&#7895; b&agrave;n khoan v&#7899;i g&oacute;c 90 &#273;&#7897;, ph&#432;&#417;ng th&#7859;ng &#273;&#7913;ng<br>\nNg&#432;&#7901;i s&#7917; d&#7909;ng ch&#7881; c&#7847;n xoay nh&#7865; r&igrave;a c&#7909;c xoay(Spin) t&#7847;m 4-6 v&ograve;ng. Sau &#273;&oacute; nh&#7845;c m&#361;i khoan theo ph&#432;&#417;ng th&#7859;ng &#273;&#7913;ng (tr&aacute;nh t&igrave;nh tr&#7841;ng r&ecirc; m&#361;i khoan sau khi khoan xong, n&#7871;u x&#7843;y ra t&igrave;nh tr&#7841;ng &#273;&oacute;, n&oacute; s&#7869; l&agrave;m m&#361;i khoan v&#7905;, l&#7895; m&#361;i khoan x&#7845;u).<\/p><p>&#272;&#7897; ch&iacute;nh x&aacute;c c&#7911;a c&aacute;c gi&aacute; tr&#7883; &#273;o c&#7911;a D&#7909;ng C&#7909; &#272;o &#272;&#7897; D&agrave;y S&#417;n Coil Coating &#273;&#7841;t kho&#7843;ng &plusmn; 1-3%, t&#432;&#417;ng &#273;&#432;&#417;ng v&#7899;i &#273;&#7897; ch&iacute;nh x&aacute;c c&#7911;a c&aacute;c thi&#7871;t b&#7883; c&#7843;m &#7913;ng t&#7915; ho&#7863;c d&ograve;ng &#273;i&#7879;n xo&aacute;y kh&ocirc;ng ph&aacute; h&#7911;y th&ocirc;ng th&#432;&#7901;ng.<\/p><p>&#431;u &#272;i&#7875;m C&#7911;a B&#7897; D&#7909;ng C&#7909; &#272;o &#272;&#7897; D&agrave;y S&#417;n &ndash; Coil Coating Tool<\/p><p>Ch&iacute;nh x&aacute;c, nhanh ch&oacute;ng<br>\nPh&ugrave; h&#7907;p cho c&#7843; ph&ograve;ng th&iacute; nghi&#7879;m v&agrave; hi&#7879;n tr&#432;&#7901;ng<br>\n&#272;o t&#7915;ng l&#7899;p ri&ecirc;ng bi&#7879;t c&#7911;a h&#7879; th&#7889;ng nhi&#7873;u l&#7899;p<br>\nC&oacute; th&#7875; s&#7917; d&#7909;ng tr&ecirc;n nhi&#7873;u lo&#7841;i b&#7873; m&#7863;t<br>\nC&oacute; th&#7875; s&#7917; d&#7909;ng cho nhi&#7873;u lo&#7841;i l&#7899;p ph&#7911;<br>\nB&#7873;n b&#7881;, &#273;&#417;n gi&#7843;n, kh&ocirc;ng c&#7847;n &#273;i&#7879;n<br>\nNh&#7887; g&#7885;n, tr&#7885;ng l&#432;&#7907;ng kho&#7843;ng 2.0 kg<\/p><p>M&#7897;t b&#7897; d&#7909;ng c&#7909; &#273;o &#273;&#7897; d&agrave;y s&#417;n (Coil Coating Tool) g&#7891;m 4 m&oacute;n:<br>\n1. K&iacute;nh hi&#7875;n vi (Microscope CCS100)<\/p><p>Maximum Magnification<br>\n100X<\/p><p>Minimum Resolution \/ Div<br>\n1 micron<\/p><p>Scale with 100 lines<br>\n100 micron<\/p><p>Light source (Pen Light)<br>\nAdjustable<\/p><p>Battery 1.5 V<br>\n6 units<\/p><p>Dimensions (L x W x H):<br>\n63 x 63 x 210 mm<\/p><p>Net weight<br>\nApprox. 645 g<\/p><p>2. M&#361;i khoan (Bit)<\/p><p>Material<br>\nCarbon Steel<\/p><p>Diameter<br>\n6mm<\/p><p>Length<br>\n44mm<\/p><p>Boring Angle<br>\n5,71o<\/p><p>3. Metal Plates<\/p><p>Con quay<br>\n(The Spin)<\/p><p>Material<br>\nAluminium<\/p><p>Dimensions (L x W x H)<br>\n60 x 60 x 20 mm.<\/p><p>Hole Size (L x W x H)<br>\n6 x 6 x 15 mm<\/p><p>B&agrave;n khoan (The Plate)<\/p><p>Material<br>\nAluminium<\/p><p>Dimensions (L x W x H)<br>\n150 x 50 x 20 mm<\/p><p>Hole Size 1 (L x W x H)<br>\n6 x 6 x 20 mm<\/p><p>Hole Size 2 (L x W x H)<br>\n6 x 6 x 20 mm<\/p><p>4. T&uacute;i &#273;&#7921;ng (Case):<\/p><p>Material:<br>\nLeather<\/p><p>Dimensions (L x W x H)<br>\n260 x 130 x 350 mm<\/p><p>Nh&#7919;ng L&yacute; Do N&ecirc;n Mua B&#7897; D&#7909;ng C&#7909; &#272;o &#272;&#7897; D&agrave;y S&#417;n T&#7841;i V&#7841;n N&#259;ng<\/p><p>C&ocirc;ng ty Thi&#7871;t B&#7883; C&ocirc;ng Ngh&#7879; V&#7841;n N&#259;ng l&agrave; &#273;&#7889;i t&aacute;c ch&iacute;nh th&#7913;c ph&acirc;n ph&#7889;i B&#7897; D&#7909;ng C&#7909; &#272;o &#272;&#7897; D&agrave;y S&#417;n Coil Coating h&agrave;ng &#273;&#7847;u t&#7841;i Vi&#7879;t Nam, cam k&#7871;t cung c&#7845;p s&#7843;n ph&#7849;m ch&iacute;nh h&atilde;ng v&#7899;i gi&aacute; c&#7843; c&#7841;nh tranh nh&#7845;t th&#7883; tr&#432;&#7901;ng. V&#7899;i uy t&iacute;n tr&ecirc;n th&#7883; tr&#432;&#7901;ng v&agrave; ch&#7871; &#273;&#7897; h&#7851;u m&atilde;i t&#7889;t, Thi&#7871;t B&#7883; C&ocirc;ng Ngh&#7879; V&#7841;n N&#259;ng &#273;&atilde; nh&#7853;n &#273;&#432;&#7907;c s&#7921; tin t&#432;&#7903;ng t&#7915; kh&aacute;ch h&agrave;ng nh&#7901; v&agrave;o ch&#7845;t l&#432;&#7907;ng h&agrave;ng &#273;&#7847;u c&#7911;a c&aacute;c d&ograve;ng s&#7843;n ph&#7849;m.<br>\nS&#7843;n ph&#7849;m c&#7911;a ch&uacute;ng t&ocirc;i &#273;&#432;&#7907;c ki&#7875;m &#273;&#7883;nh ch&#7845;t l&#432;&#7907;ng, nh&#7853;p kh&#7849;u tr&#7921;c ti&#7871;p t&#7915; nh&agrave; m&aacute;y b&ecirc;n Ch&acirc;u &Acirc;u, M&#7929;, &Uacute;c, Nh&#7853;t B&#7843;n,&hellip; v&agrave; &#273;&aacute;p &#7913;ng nhu c&#7847;u &#273;a d&#7841;ng c&#7911;a th&#7883; tr&#432;&#7901;ng nh&#432;: M&aacute;y &#272;o &#272;&#7897; C&#7913;ng, M&aacute;y SPECTROMAXx, M&aacute;y Ki&#7875;m Tra &#272;&#432;&#7901;ng Gh&eacute;p M&iacute; Lon,&hellip; Ch&uacute;ng t&ocirc;i cam k&#7871;t cung c&#7845;p s&#7843;n ph&#7849;m n&agrave;y tr&ecirc;n to&agrave;n qu&#7889;c v&#7899;i gi&aacute; c&#7843; c&#7841;nh tranh nh&#7845;t.<br>\nCh&uacute;ng t&ocirc;i c&oacute; &#273;&#7897;i ng&#361; chuy&ecirc;n vi&ecirc;n t&#432; v&#7845;n chuy&ecirc;n s&acirc;u s&#7869; h&#7895; tr&#7907; kh&aacute;ch h&agrave;ng v&#7873; chi ti&#7871;t s&#7843;n ph&#7849;m, h&#432;&#7899;ng d&#7851;n s&#7917; d&#7909;ng hay nh&#7919;ng th&#7913; li&ecirc;n quan &#273;&#7871;n v&#7845;n &#273;&#7873; m&agrave; doanh nghi&#7879;p b&#7841;n &#273;ang g&#7863;p ph&#7843;i. Ch&uacute;ng t&ocirc;i s&#7869; cung c&#7845;p nh&#7919;ng gi&#7843;i ph&aacute;p t&#7889;i &#432;u nh&#7845;t!<br>\nNgo&agrave;i ra Thi&#7871;t B&#7883; C&ocirc;ng Ngh&#7879; V&#7841;n N&#259;ng Ch&uacute;ng T&ocirc;i lu&ocirc;n h&#432;&#7899;ng &#273;&#7871;n tr&#7843;i nghi&#7879;m kh&aacute;ch h&agrave;ng, v&igrave; v&#7853;y ch&uacute;ng t&ocirc;i c&oacute; nh&#7919;ng ch&iacute;nh s&aacute;ch b&#7843;o h&agrave;nh, b&#7843;o tr&igrave; &ndash; b&#7843;o d&#432;&#7905;ng, hi&#7879;u chu&#7849;n v&#7899;i t&#7845;t c&#7843; c&aacute;c thi&#7871;t b&#7883;, m&aacute;y m&oacute;c m&agrave; ch&uacute;ng t&ocirc;i cung c&#7845;p. &#272;&#7843;m b&#7843;o mang &#273;&#7871;n cho Kh&aacute;ch h&agrave;ng s&#7921; y&ecirc;n t&acirc;m tuy&#7879;t &#273;&#7889;i v&#7873; d&#7883;ch v&#7909; khi mua h&agrave;ng.<\/p><p>T&#7893;ng K&#7871;t<br>\nThi&#7871;t B&#7883; &#272;o &#272;&#7897; D&agrave;y S&#417;n Coil Coating l&agrave; gi&#7843;i ph&aacute;p ho&agrave;n h&#7843;o cho vi&#7879;c &#273;o &#273;&#7897; d&agrave;y l&#7899;p ph&#7911; s&#417;n trong ng&agrave;nh s&#417;n t&ocirc;n m&#7841; m&agrave;u. V&#7899;i thi&#7871;t k&#7871; nh&#7887; g&#7885;n, d&#7877; s&#7917; d&#7909;ng v&agrave; m&#361;i khoan ti&ecirc;u chu&#7849;n ISO 2808, b&#7897; d&#7909;ng c&#7909; n&agrave;y gi&uacute;p ng&#432;&#7901;i d&ugrave;ng nhanh ch&oacute;ng x&aacute;c &#273;&#7883;nh &#273;&#7897; d&agrave;y c&#7911;a nhi&#7873;u l&#7899;p s&#417;n tr&ecirc;n c&ugrave;ng m&#7897;t m&#7851;u t&ocirc;n. Coil Coating Tool DJH &#273;&#432;&#7907;c l&agrave;m t&#7915; v&#7853;t li&#7879;u ch&#7845;t l&#432;&#7907;ng cao, &#273;&#7843;m b&#7843;o &#273;&#7897; b&#7873;n v&agrave; &#273;&#7897; ch&iacute;nh x&aacute;c trong qu&aacute; tr&igrave;nh s&#7917; d&#7909;ng.H&atilde;y li&ecirc;n h&#7879; v&#7899;i V&#7841;n N&#259;ng ngay &#273;&#7875; &#273;&#432;&#7907;c t&#432; v&#7845;n chuy&ecirc;n s&acirc;u v&agrave; nh&#7853;n c&aacute;c &#432;u &#273;&atilde;i h&#7845;p d&#7851;n nh&#7845;t th&ocirc;ng qua hotline <a href=\"https:\/\/zalo.me\/0903991335\" target=\"_blank\" rel=\"noopener\" style=\"color: #059669; font-weight: bold; text-decoration: none;\">0903 991 335<\/a>!<\/p><div style=\"background-color: #f8fafc; border: 1px solid #e2e8f0; border-radius: 8px; padding: 25px; max-width: 800px; margin: 30px auto; color: #334155; line-height: 1.8; font-size: 17px; box-shadow: 0 4px 6px -1px rgba(0,0,0,0.05); text-align: left; clear: both;\">\nC&ocirc;ng ty TNHH Th&#432;&#417;ng M&#7841;i D&#7883;ch V&#7909; Thi&#7871;t B&#7883; C&ocirc;ng Ngh&#7879; V&#7841;n N&#259;ng\n<p style=\"margin: 0 0 10px 0;\">&#128205; <strong style=\"color: #1e293b;\">&#272;&#7883;a ch&#7881;:<\/strong> <a style=\"color: #059669; text-decoration: none; font-weight: bold;\" href=\"https:\/\/www.google.com\/maps\/search\/C%C3%B4ng+ty+TNHH+Th%C6%B0%C6%A1ng+M%E1%BA%A1i+D%E1%BB%8Bch+V%E1%BB%A5+Thi%E1%BA%BFt+B%E1%BB%8B+C%C3%B4ng+Ngh%E1%BB%87+V%E1%BA%A1n+N%C4%83ng+818+Tr%C6%B0%E1%BB%9Dng+Chinh\" target=\"_blank\" rel=\"noopener\">818 Tr&#432;&#7901;ng Chinh, Ph&#432;&#7901;ng T&acirc;n S&#417;n, Th&agrave;nh ph&#7889; H&#7891; Ch&iacute; Minh, Vi&#7879;t Nam<\/a><\/p>\n<p style=\"margin: 0 0 10px 0;\">&#128222; <strong style=\"color: #1e293b;\">S&#272;T &ndash; Zalo:<\/strong> <a style=\"color: #059669; text-decoration: none; font-weight: bold;\" href=\"https:\/\/zalo.me\/0903991335\" target=\"_blank\" rel=\"noopener\">0903 991 335<\/a> <span style=\"color: #64748b; font-style: italic;\">(Ms. H&#7841;nh &ndash; Gi&aacute;m &#272;&#7889;c Kinh Doanh)<\/span><\/p>\n<p style=\"margin: 0;\">&#9993;&#65039; <strong style=\"color: #1e293b;\">Email:<\/strong> <a style=\"color: #059669; text-decoration: none; font-weight: bold;\" href=\"mailto:hienhanh@vannangvn.com\">hienhanh@vannangvn.com<\/a><\/p>\n<\/div><\/h1>","protected":false},"excerpt":{"rendered":"<p><strong>Th&#432;&#417;ng hi&#7879;u:<\/strong> B&#7897; D&#7909;ng C&#7909; &#272;o &#272;&#7897; D&agrave;y S&#417;n DJH Coil Coating Tool&nbsp;&#273;&#432;&#7907;c thi&#7871;t k&#7871; &#273;&#7875; &#273;o ch&iacute;nh x&aacute;c &#273;&#7897; d&agrave;y c&#7911;a nhi&#7873;u l&#7899;p ph&#7911; s&#417;n tr&ecirc;n c&ugrave;ng m&#7897;t m&#7851;u t&ocirc;n. S&#7843;n ph&#7849;m tu&acirc;n th&#7911; ti&ecirc;u chu&#7849;n ISO 2808, s&#7917; d&#7909;ng m&#361;i khoan h&#7907;p kim cao c&#7845;p v&#7899;i g&oacute;c c&#7855;t 5.71&deg; &#273;&#7875; &#273;&#7843;m b&#7843;o &#273;&#7897; ch&iacute;nh x&aacute;c v&agrave; &#273;&#7897; b&#7873;n cao. B&#7897; d&#7909;ng c&#7909; n&agrave;y d&#7877; d&agrave;ng s&#7917; d&#7909;ng, b&#7843;o tr&igrave; v&agrave; thay th&#7871; ph&#7909; t&ugrave;ng, &#273;&aacute;p &#7913;ng nhu c&#7847;u &#273;o &#273;&#7841;c nhanh ch&oacute;ng v&agrave; hi&#7879;u qu&#7843; trong ng&agrave;nh t&ocirc;n m&#7841; m&agrave;u.<br>\n<strong>Model:<\/strong> Coil Coating<p>Product <strong>B&#7896; D&#7908;NG C&#7908; &#272;O &#272;&#7896; D&Agrave;Y S&#416;N CHUY&Ecirc;N D&#7908;NG NG&Agrave;NH T&Ocirc;N M&#7840; M&Agrave;U DJH MODEL COIL COATING<\/strong> ch&iacute;nh h&atilde;ng. B&#7897; D&#7909;ng C&#7909; &#272;o &#272;&#7897; D&agrave;y S&#417;n DJH Coil Coating Tool&nbsp;&#273;&#432;&#7907;c thi&#7871;t k&#7871; &#273;&#7875; &#273;o ch&iacute;nh x&aacute;c &#273;&#7897; d&agrave;y c&#7911;a nhi&#7873;u l&#7899;p ph&#7911; s&#417;n tr&ecirc;n c&ugrave;ng m&#7897;t m&#7851;u t&ocirc;n. S&#7843;n ph&#7849;m tu&acirc;n th&#7911; ti&ecirc;u chu&#7849;n ISO 2808, s&#7917; d&#7909;ng m&#361;i khoan h&#7907;p kim cao c&#7845;p v&#7899;i g&oacute;c c&#7855;t 5.71&deg; &#273;&#7875; &#273;&#7843;m b&#7843;o &#273;&#7897; ch&iacute;nh x&aacute;c v&agrave; &#273;&#7897; b&#7873;n cao. B&#7897; d&#7909;ng c&#7909; n&agrave;y d&#7877; d&agrave;ng s&#7917; d&#7909;ng, b&#7843;o tr&igrave; v&agrave; thay th&#7871; ph&#7909; t&ugrave;ng, &#273;&aacute;p &#7913;ng nhu c&#7847;u &#273;o &#273;&#7841;c nhanh ch&oacute;ng v&agrave; hi&#7879;u qu&#7843; trong ng&agrave;nh t&ocirc;n m&#7841; m&agrave;u.<\/p><\/p>","protected":false},"featured_media":0,"comment_status":"open","ping_status":"closed","template":"","meta":[],"product_brand":[],"product_cat":[18],"product_tag":[98,100,103,107,116,130,181,217,371,372,373,374,375,376,377],"class_list":{"0":"post-5997","1":"product","2":"type-product","3":"status-publish","5":"product_cat-chua-phan-loai","6":"product_tag-bo","7":"product_tag-chuyen","8":"product_tag-day","9":"product_tag-dung","10":"product_tag-model","11":"product_tag-mau","12":"product_tag-do","13":"product_tag-son","14":"product_tag-cu","15":"product_tag-nganh","16":"product_tag-ton","17":"product_tag-ma","18":"product_tag-djh","19":"product_tag-coil","20":"product_tag-coating","22":"first","23":"instock","24":"shipping-taxable","25":"product-type-simple"},"yoast_head":"<!-- This site is optimized with the Yoast SEO Premium plugin v24.8 (Yoast SEO v24.8) - https:\/\/yoast.com\/wordpress\/plugins\/seo\/ -->\n<title>B\u1ed8 D\u1ee4NG C\u1ee4 \u0110O \u0110\u1ed8 D\u00c0Y S\u01a0N CHUY\u00caN D\u1ee4N... ch\u00ednh h\u00e3ng | V\u1ea1n N\u0103ng<\/title>\n<meta name=\"description\" content=\"Mua ngay B\u1ed8 D\u1ee4NG C\u1ee4 \u0110O \u0110\u1ed8 D\u00c0Y S\u01a0N CHUY\u00caN D\u1ee4NG NG\u00c0NH T\u00d4N M\u1ea0 M\u00c0U DJH MODEL COIL COATING ch\u00ednh h\u00e3ng. Gi\u00e1 t\u1ed1t!\" \/>\n<meta name=\"robots\" content=\"noindex, follow, max-snippet:-1, max-image-preview:large, max-video-preview:-1\" \/>\n<meta property=\"og:locale\" content=\"en_US\" \/>\n<meta property=\"og:type\" content=\"article\" \/>\n<meta property=\"og:title\" content=\"B\u1ed8 D\u1ee4NG C\u1ee4 \u0110O \u0110\u1ed8 D\u00c0Y S\u01a0N CHUY\u00caN D\u1ee4NG NG\u00c0NH T\u00d4N M\u1ea0 M\u00c0U DJH MODEL COIL COATING\" \/>\n<meta property=\"og:description\" content=\"Mua ngay B\u1ed8 D\u1ee4NG C\u1ee4 \u0110O \u0110\u1ed8 D\u00c0Y S\u01a0N CHUY\u00caN D\u1ee4NG NG\u00c0NH T\u00d4N M\u1ea0 M\u00c0U DJH MODEL COIL COATING ch\u00ednh h\u00e3ng. Gi\u00e1 t\u1ed1t!\" \/>\n<meta property=\"og:url\" content=\"https:\/\/vannangvn.123websitedev.com\/en\/product\/bo-dung-cu-do-do-day-son-chuyen-dung-nganh-ton-ma-mau-djh-model-coil-coating\/\" \/>\n<meta property=\"og:site_name\" content=\"Vannang.vn\" \/>\n<meta property=\"article:modified_time\" content=\"2026-03-30T11:10:12+00:00\" \/>\n<meta name=\"twitter:card\" content=\"summary_large_image\" \/>\n<meta name=\"twitter:label1\" content=\"Est. reading time\" \/>\n\t<meta name=\"twitter:data1\" content=\"7 minutes\" \/>\n<script type=\"application\/ld+json\" class=\"yoast-schema-graph\">{\"@context\":\"https:\/\/schema.org\",\"@graph\":[{\"@type\":\"WebPage\",\"@id\":\"https:\/\/vannangvn.123websitedev.com\/san-pham\/bo-dung-cu-do-do-day-son-chuyen-dung-nganh-ton-ma-mau-djh-model-coil-coating\/\",\"url\":\"https:\/\/vannangvn.123websitedev.com\/san-pham\/bo-dung-cu-do-do-day-son-chuyen-dung-nganh-ton-ma-mau-djh-model-coil-coating\/\",\"name\":\"B\u1ed8 D\u1ee4NG C\u1ee4 \u0110O \u0110\u1ed8 D\u00c0Y S\u01a0N CHUY\u00caN D\u1ee4N... ch\u00ednh h\u00e3ng | V\u1ea1n N\u0103ng\",\"isPartOf\":{\"@id\":\"https:\/\/vannangvn.123websitedev.com\/#website\"},\"datePublished\":\"2026-03-20T10:19:44+00:00\",\"dateModified\":\"2026-03-30T11:10:12+00:00\",\"description\":\"Mua ngay B\u1ed8 D\u1ee4NG C\u1ee4 \u0110O \u0110\u1ed8 D\u00c0Y S\u01a0N CHUY\u00caN D\u1ee4NG NG\u00c0NH T\u00d4N M\u1ea0 M\u00c0U DJH MODEL COIL COATING ch\u00ednh h\u00e3ng. Gi\u00e1 t\u1ed1t!\",\"breadcrumb\":{\"@id\":\"https:\/\/vannangvn.123websitedev.com\/san-pham\/bo-dung-cu-do-do-day-son-chuyen-dung-nganh-ton-ma-mau-djh-model-coil-coating\/#breadcrumb\"},\"inLanguage\":\"en-US\",\"potentialAction\":[{\"@type\":\"ReadAction\",\"target\":[\"https:\/\/vannangvn.123websitedev.com\/san-pham\/bo-dung-cu-do-do-day-son-chuyen-dung-nganh-ton-ma-mau-djh-model-coil-coating\/\"]}]},{\"@type\":\"BreadcrumbList\",\"@id\":\"https:\/\/vannangvn.123websitedev.com\/san-pham\/bo-dung-cu-do-do-day-son-chuyen-dung-nganh-ton-ma-mau-djh-model-coil-coating\/#breadcrumb\",\"itemListElement\":[{\"@type\":\"ListItem\",\"position\":1,\"name\":\"Trang ch\u1ee7\",\"item\":\"https:\/\/vannangvn.123websitedev.com\/\"},{\"@type\":\"ListItem\",\"position\":2,\"name\":\"S\u1ea3n ph\u1ea9m\",\"item\":\"https:\/\/vannangvn.123websitedev.com\/cua-hang\/\"},{\"@type\":\"ListItem\",\"position\":3,\"name\":\"B\u1ed8 D\u1ee4NG C\u1ee4 \u0110O \u0110\u1ed8 D\u00c0Y S\u01a0N CHUY\u00caN D\u1ee4NG NG\u00c0NH T\u00d4N M\u1ea0 M\u00c0U DJH MODEL COIL COATING\"}]},{\"@type\":\"WebSite\",\"@id\":\"https:\/\/vannangvn.123websitedev.com\/#website\",\"url\":\"https:\/\/vannangvn.123websitedev.com\/\",\"name\":\"Vannang.vn\",\"description\":\"\",\"publisher\":{\"@id\":\"https:\/\/vannangvn.123websitedev.com\/#organization\"},\"potentialAction\":[{\"@type\":\"SearchAction\",\"target\":{\"@type\":\"EntryPoint\",\"urlTemplate\":\"https:\/\/vannangvn.123websitedev.com\/?s={search_term_string}\"},\"query-input\":{\"@type\":\"PropertyValueSpecification\",\"valueRequired\":true,\"valueName\":\"search_term_string\"}}],\"inLanguage\":\"en-US\"},{\"@type\":\"Organization\",\"@id\":\"https:\/\/vannangvn.123websitedev.com\/#organization\",\"name\":\"Vannang.vn\",\"url\":\"https:\/\/vannangvn.123websitedev.com\/\",\"logo\":{\"@type\":\"ImageObject\",\"inLanguage\":\"en-US\",\"@id\":\"https:\/\/vannangvn.123websitedev.com\/#\/schema\/logo\/image\/\",\"url\":\"https:\/\/vannangvn.123websitedev.com\/wp-content\/uploads\/2026\/02\/logo-van-nang-02.png\",\"contentUrl\":\"https:\/\/vannangvn.123websitedev.com\/wp-content\/uploads\/2026\/02\/logo-van-nang-02.png\",\"width\":448,\"height\":111,\"caption\":\"Vannang.vn\"},\"image\":{\"@id\":\"https:\/\/vannangvn.123websitedev.com\/#\/schema\/logo\/image\/\"}}]}<\/script>\n<!-- \/ Yoast SEO Premium plugin. -->","yoast_head_json":{"title":"B\u1ed8 D\u1ee4NG C\u1ee4 \u0110O \u0110\u1ed8 D\u00c0Y S\u01a0N CHUY\u00caN D\u1ee4N... ch\u00ednh h\u00e3ng | V\u1ea1n N\u0103ng","description":"Mua ngay B\u1ed8 D\u1ee4NG C\u1ee4 \u0110O \u0110\u1ed8 D\u00c0Y S\u01a0N CHUY\u00caN D\u1ee4NG NG\u00c0NH T\u00d4N M\u1ea0 M\u00c0U DJH MODEL COIL COATING ch\u00ednh h\u00e3ng. Gi\u00e1 t\u1ed1t!","robots":{"index":"noindex","follow":"follow","max-snippet":"max-snippet:-1","max-image-preview":"max-image-preview:large","max-video-preview":"max-video-preview:-1"},"og_locale":"en_US","og_type":"article","og_title":"B\u1ed8 D\u1ee4NG C\u1ee4 \u0110O \u0110\u1ed8 D\u00c0Y S\u01a0N CHUY\u00caN D\u1ee4NG NG\u00c0NH T\u00d4N M\u1ea0 M\u00c0U DJH MODEL COIL COATING","og_description":"Mua ngay B\u1ed8 D\u1ee4NG C\u1ee4 \u0110O \u0110\u1ed8 D\u00c0Y S\u01a0N CHUY\u00caN D\u1ee4NG NG\u00c0NH T\u00d4N M\u1ea0 M\u00c0U DJH MODEL COIL COATING ch\u00ednh h\u00e3ng. Gi\u00e1 t\u1ed1t!","og_url":"https:\/\/vannangvn.123websitedev.com\/en\/product\/bo-dung-cu-do-do-day-son-chuyen-dung-nganh-ton-ma-mau-djh-model-coil-coating\/","og_site_name":"Vannang.vn","article_modified_time":"2026-03-30T11:10:12+00:00","twitter_card":"summary_large_image","twitter_misc":{"Est. reading time":"7 minutes"},"schema":{"@context":"https:\/\/schema.org","@graph":[{"@type":"WebPage","@id":"https:\/\/vannangvn.123websitedev.com\/san-pham\/bo-dung-cu-do-do-day-son-chuyen-dung-nganh-ton-ma-mau-djh-model-coil-coating\/","url":"https:\/\/vannangvn.123websitedev.com\/san-pham\/bo-dung-cu-do-do-day-son-chuyen-dung-nganh-ton-ma-mau-djh-model-coil-coating\/","name":"B\u1ed8 D\u1ee4NG C\u1ee4 \u0110O \u0110\u1ed8 D\u00c0Y S\u01a0N CHUY\u00caN D\u1ee4N... ch\u00ednh h\u00e3ng | V\u1ea1n N\u0103ng","isPartOf":{"@id":"https:\/\/vannangvn.123websitedev.com\/#website"},"datePublished":"2026-03-20T10:19:44+00:00","dateModified":"2026-03-30T11:10:12+00:00","description":"Mua ngay B\u1ed8 D\u1ee4NG C\u1ee4 \u0110O \u0110\u1ed8 D\u00c0Y S\u01a0N CHUY\u00caN D\u1ee4NG NG\u00c0NH T\u00d4N M\u1ea0 M\u00c0U DJH MODEL COIL COATING ch\u00ednh h\u00e3ng. Gi\u00e1 t\u1ed1t!","breadcrumb":{"@id":"https:\/\/vannangvn.123websitedev.com\/san-pham\/bo-dung-cu-do-do-day-son-chuyen-dung-nganh-ton-ma-mau-djh-model-coil-coating\/#breadcrumb"},"inLanguage":"en-US","potentialAction":[{"@type":"ReadAction","target":["https:\/\/vannangvn.123websitedev.com\/san-pham\/bo-dung-cu-do-do-day-son-chuyen-dung-nganh-ton-ma-mau-djh-model-coil-coating\/"]}]},{"@type":"BreadcrumbList","@id":"https:\/\/vannangvn.123websitedev.com\/san-pham\/bo-dung-cu-do-do-day-son-chuyen-dung-nganh-ton-ma-mau-djh-model-coil-coating\/#breadcrumb","itemListElement":[{"@type":"ListItem","position":1,"name":"Trang ch\u1ee7","item":"https:\/\/vannangvn.123websitedev.com\/"},{"@type":"ListItem","position":2,"name":"S\u1ea3n ph\u1ea9m","item":"https:\/\/vannangvn.123websitedev.com\/cua-hang\/"},{"@type":"ListItem","position":3,"name":"B\u1ed8 D\u1ee4NG C\u1ee4 \u0110O \u0110\u1ed8 D\u00c0Y S\u01a0N CHUY\u00caN D\u1ee4NG NG\u00c0NH T\u00d4N M\u1ea0 M\u00c0U DJH MODEL COIL COATING"}]},{"@type":"WebSite","@id":"https:\/\/vannangvn.123websitedev.com\/#website","url":"https:\/\/vannangvn.123websitedev.com\/","name":"Vannang.vn","description":"","publisher":{"@id":"https:\/\/vannangvn.123websitedev.com\/#organization"},"potentialAction":[{"@type":"SearchAction","target":{"@type":"EntryPoint","urlTemplate":"https:\/\/vannangvn.123websitedev.com\/?s={search_term_string}"},"query-input":{"@type":"PropertyValueSpecification","valueRequired":true,"valueName":"search_term_string"}}],"inLanguage":"en-US"},{"@type":"Organization","@id":"https:\/\/vannangvn.123websitedev.com\/#organization","name":"Vannang.vn","url":"https:\/\/vannangvn.123websitedev.com\/","logo":{"@type":"ImageObject","inLanguage":"en-US","@id":"https:\/\/vannangvn.123websitedev.com\/#\/schema\/logo\/image\/","url":"https:\/\/vannangvn.123websitedev.com\/wp-content\/uploads\/2026\/02\/logo-van-nang-02.png","contentUrl":"https:\/\/vannangvn.123websitedev.com\/wp-content\/uploads\/2026\/02\/logo-van-nang-02.png","width":448,"height":111,"caption":"Vannang.vn"},"image":{"@id":"https:\/\/vannangvn.123websitedev.com\/#\/schema\/logo\/image\/"}}]}},"_links":{"self":[{"href":"https:\/\/vannangvn.123websitedev.com\/en\/wp-json\/wp\/v2\/product\/5997","targetHints":{"allow":["GET"]}}],"collection":[{"href":"https:\/\/vannangvn.123websitedev.com\/en\/wp-json\/wp\/v2\/product"}],"about":[{"href":"https:\/\/vannangvn.123websitedev.com\/en\/wp-json\/wp\/v2\/types\/product"}],"replies":[{"embeddable":true,"href":"https:\/\/vannangvn.123websitedev.com\/en\/wp-json\/wp\/v2\/comments?post=5997"}],"wp:attachment":[{"href":"https:\/\/vannangvn.123websitedev.com\/en\/wp-json\/wp\/v2\/media?parent=5997"}],"wp:term":[{"taxonomy":"product_brand","embeddable":true,"href":"https:\/\/vannangvn.123websitedev.com\/en\/wp-json\/wp\/v2\/product_brand?post=5997"},{"taxonomy":"product_cat","embeddable":true,"href":"https:\/\/vannangvn.123websitedev.com\/en\/wp-json\/wp\/v2\/product_cat?post=5997"},{"taxonomy":"product_tag","embeddable":true,"href":"https:\/\/vannangvn.123websitedev.com\/en\/wp-json\/wp\/v2\/product_tag?post=5997"}],"curies":[{"name":"wp","href":"https:\/\/api.w.org\/{rel}","templated":true}]}}