{"id":6008,"date":"2026-03-20T17:20:00","date_gmt":"2026-03-20T10:20:00","guid":{"rendered":"https:\/\/vannangvn.123websitedev.com\/san-pham\/bo-lo-xo-harper-qd-proofer-table-spring-kit\/"},"modified":"2026-03-30T18:10:26","modified_gmt":"2026-03-30T11:10:26","slug":"bo-lo-xo-harper-qd-proofer-table-spring-kit","status":"publish","type":"product","link":"https:\/\/vannangvn.123websitedev.com\/en\/product\/bo-lo-xo-harper-qd-proofer-table-spring-kit\/","title":{"rendered":"B\u1ed8 L\u00d2 XO HARPER QD PROOFER TABLE SPRING KIT"},"content":{"rendered":"<h1 style=\"color: red; font-weight: bold; font-size: 24px;\">T&#7893;ng quan s&#7843;n ph&#7849;m B&#7896; L&Ograve; XO HARPER QD PROOFER TABLE SPRING KIT<p>H&#7897;p &#272;&#7921;ng B&#7843;o V&#7879; Ink Harper Proofer Storage Case<br>\nQD Proofer Table Spring Kit l&agrave; ph&#7909; ki&#7879;n chuy&ecirc;n d&#7909;ng thu&#7897;c nh&oacute;m Proofer System Accessories, &#273;&#432;&#7907;c thi&#7871;t k&#7871; nh&#7857;m gi&uacute;p ng&#432;&#7901;i d&ugrave;ng &#273;i&#7873;u ch&#7881;nh ch&iacute;nh x&aacute;c l&#7921;c &eacute;p (impression) c&#7911;a b&agrave;n proofer. Vi&#7879;c ki&#7875;m so&aacute;t l&#7921;c &eacute;p ph&ugrave; h&#7907;p l&agrave; y&#7871;u t&#7889; then ch&#7889;t &#273;&#7875; &#273;&#7843;m b&#7843;o l&#7899;p m&#7921;c ho&#7863;c l&#7899;p ph&#7911; &#273;&#432;&#7907;c d&agrave;n tr&#7843;i &#273;&#7891;ng &#273;&#7873;u, ph&#7843;n &aacute;nh &#273;&uacute;ng &#273;i&#7873;u ki&#7879;n in th&#7921;c t&#7871; trong c&aacute;c ph&eacute;p th&#7917; flexo v&agrave; gravure.<br>\nB&#7897; QD Proofer Table Spring Kit cung c&#7845;p nhi&#7873;u m&#7913;c l&ograve; xo kh&aacute;c nhau, cho ph&eacute;p ng&#432;&#7901;i v&#7853;n h&agrave;nh tinh ch&#7881;nh &aacute;p l&#7921;c b&agrave;n proofer theo t&#7915;ng lo&#7841;i m&#7921;c, v&#7853;t li&#7879;u n&#7873;n ho&#7863;c y&ecirc;u c&#7847;u th&#7917; nghi&#7879;m c&#7909; th&#7875;. H&atilde;y c&ugrave;ng V&#7841;n N&#259;ng t&igrave;m hi&#7875;u chi ti&#7871;t h&#417;n v&#7873; s&#7843;n ph&#7849;m th&ocirc;ng qua b&agrave;i vi&#7871;t d&#432;&#7899;i &#273;&acirc;y nh&eacute;!<\/p><h2 style=\"color: #2e7d32; font-weight: bold; font-size: 20px;\">&#272;&#7863;c &#272;i&#7875;m N&#7893;i B&#7853;t C&#7911;a QD Proofer Table Spring Kit<\/h2><p>&#272;i&#7873;u ch&#7881;nh l&#7921;c &eacute;p linh ho&#7841;t: D&#7877; d&agrave;ng thay &#273;&#7893;i &aacute;p l&#7921;c b&agrave;n proofer &#273;&#7875; &#273;&#7841;t &#273;&#7897; d&agrave;n m&#7921;c t&#7889;i &#432;u cho t&#7915;ng &#7913;ng d&#7909;ng.<\/p><p>&#272;a d&#7841;ng m&#7913;c t&#7843;i tr&#7885;ng: B&#7897; kit bao g&#7891;m c&aacute;c l&ograve; xo v&#7899;i l&#7921;c 5, 7, 9, 11, 15, 18, 22, 31 v&agrave; 36 pound, &#273;&aacute;p &#7913;ng nhi&#7873;u nhu c&#7847;u th&#7917; nghi&#7879;m kh&aacute;c nhau.<\/p><p>T&#259;ng &#273;&#7897; ch&iacute;nh x&aacute;c c&#7911;a b&#7843;n proof: Gi&uacute;p t&aacute;i t&#7841;o &#273;i&#7873;u ki&#7879;n in th&#7921;c t&#7871;, c&#7843;i thi&#7879;n &#273;&#7897; tin c&#7853;y c&#7911;a k&#7871;t qu&#7843; th&#7917; nghi&#7879;m m&#7921;c v&agrave; coating.<\/p><p>T&#432;&#417;ng th&iacute;ch h&#7879; th&#7889;ng QD&trade; Proofer Table: L&#7855;p &#273;&#7863;t nhanh ch&oacute;ng, s&#7917; d&#7909;ng thu&#7853;n ti&#7879;n, kh&ocirc;ng c&#7847;n hi&#7879;u ch&#7881;nh ph&#7913;c t&#7841;p.<\/p><p>Ph&ugrave; h&#7907;p cho m&#7921;c v&agrave; l&#7899;p ph&#7911;: &Aacute;p d&#7909;ng hi&#7879;u qu&#7843; cho c&#7843; m&#7921;c in v&agrave; c&aacute;c lo&#7841;i coating &#273;&#7863;c bi&#7879;t.<\/p><p>Nh&#7919;ng L&yacute; Do N&ecirc;n Mua H&#7897;p B&#7843;o V&#7879; Proofer T&#7841;i Thi&#7871;t B&#7883; C&ocirc;ng Ngh&#7879; V&#7841;n N&#259;ng<\/p><p>C&ocirc;ng ty Thi&#7871;t B&#7883; C&ocirc;ng Ngh&#7879; V&#7841;n N&#259;ng l&agrave; &#273;&#7889;i t&aacute;c ch&iacute;nh th&#7913;c ph&acirc;n ph&#7889;i H&#7897;p b&#7843;o v&#7879; h&agrave;ng &#273;&#7847;u t&#7841;i Vi&#7879;t Nam, cam k&#7871;t cung c&#7845;p s&#7843;n ph&#7849;m ch&iacute;nh h&atilde;ng v&#7899;i gi&aacute; c&#7843; c&#7841;nh tranh nh&#7845;t th&#7883; tr&#432;&#7901;ng. V&#7899;i uy t&iacute;n tr&ecirc;n th&#7883; tr&#432;&#7901;ng v&agrave; ch&#7871; &#273;&#7897; h&#7851;u m&atilde;i t&#7889;t, Thi&#7871;t B&#7883; C&ocirc;ng Ngh&#7879; V&#7841;n N&#259;ng &#273;&atilde; nh&#7853;n &#273;&#432;&#7907;c s&#7921; tin t&#432;&#7903;ng t&#7915; kh&aacute;ch h&agrave;ng nh&#7901; v&agrave;o ch&#7845;t l&#432;&#7907;ng h&agrave;ng &#273;&#7847;u c&#7911;a c&aacute;c d&ograve;ng s&#7843;n ph&#7849;m.<br>\nS&#7843;n ph&#7849;m c&#7911;a ch&uacute;ng t&ocirc;i &#273;&#432;&#7907;c ki&#7875;m &#273;&#7883;nh ch&#7845;t l&#432;&#7907;ng, nh&#7853;p kh&#7849;u tr&#7921;c ti&#7871;p t&#7915; nh&agrave; m&aacute;y b&ecirc;n Ch&acirc;u &Acirc;u, M&#7929;, &Uacute;c, Nh&#7853;t B&#7843;n,&hellip; v&agrave; &#273;&aacute;p &#7913;ng nhu c&#7847;u &#273;a d&#7841;ng c&#7911;a th&#7883; tr&#432;&#7901;ng nh&#432;: M&aacute;y &#272;o &#272;&#7897; C&#7913;ng, M&aacute;y SPECTROMAXx, M&aacute;y Ki&#7875;m Tra &#272;&#432;&#7901;ng Gh&eacute;p M&iacute; Lon,&hellip; Ch&uacute;ng t&ocirc;i cam k&#7871;t cung c&#7845;p s&#7843;n ph&#7849;m n&agrave;y tr&ecirc;n to&agrave;n qu&#7889;c v&#7899;i gi&aacute; c&#7843; c&#7841;nh tranh nh&#7845;t.<br>\nCh&uacute;ng t&ocirc;i c&oacute; &#273;&#7897;i ng&#361; chuy&ecirc;n vi&ecirc;n t&#432; v&#7845;n chuy&ecirc;n s&acirc;u s&#7869; h&#7895; tr&#7907; kh&aacute;ch h&agrave;ng v&#7873; chi ti&#7871;t s&#7843;n ph&#7849;m, h&#432;&#7899;ng d&#7851;n s&#7917; d&#7909;ng hay nh&#7919;ng th&#7913; li&ecirc;n quan &#273;&#7871;n v&#7845;n &#273;&#7873; m&agrave; doanh nghi&#7879;p b&#7841;n &#273;ang g&#7863;p ph&#7843;i. Ch&uacute;ng t&ocirc;i s&#7869; cung c&#7845;p nh&#7919;ng gi&#7843;i ph&aacute;p t&#7889;i &#432;u nh&#7845;t!<br>\nNgo&agrave;i ra Thi&#7871;t B&#7883; C&ocirc;ng Ngh&#7879; V&#7841;n N&#259;ng Ch&uacute;ng T&ocirc;i lu&ocirc;n h&#432;&#7899;ng &#273;&#7871;n tr&#7843;i nghi&#7879;m kh&aacute;ch h&agrave;ng, v&igrave; v&#7853;y ch&uacute;ng t&ocirc;i c&oacute; nh&#7919;ng ch&iacute;nh s&aacute;ch b&#7843;o h&agrave;nh, b&#7843;o tr&igrave; &ndash; b&#7843;o d&#432;&#7905;ng, hi&#7879;u chu&#7849;n v&#7899;i t&#7845;t c&#7843; c&aacute;c thi&#7871;t b&#7883;, m&aacute;y m&oacute;c m&agrave; ch&uacute;ng t&ocirc;i cung c&#7845;p. &#272;&#7843;m b&#7843;o mang &#273;&#7871;n cho Kh&aacute;ch h&agrave;ng s&#7921; y&ecirc;n t&acirc;m tuy&#7879;t &#273;&#7889;i v&#7873; d&#7883;ch v&#7909; khi mua h&agrave;ng.<\/p><p>H&atilde;y li&ecirc;n h&#7879; v&#7899;i V&#7841;n N&#259;ng Company &#273;&#7875; &#273;&#432;&#7907;c t&#432; v&#7845;n chi ti&#7871;t v&agrave; nh&#7853;n ngay &#432;u &#273;&atilde;i h&#7845;p d&#7851;n th&ocirc;ng qua hotline\/zalo: <a href=\"https:\/\/zalo.me\/0903991335\" target=\"_blank\" rel=\"noopener\" style=\"color: #059669; font-weight: bold; text-decoration: none;\">0903 991 335<\/a>!<\/p><div style=\"background-color: #f8fafc; border: 1px solid #e2e8f0; border-radius: 8px; padding: 25px; max-width: 800px; margin: 30px auto; color: #334155; line-height: 1.8; font-size: 17px; box-shadow: 0 4px 6px -1px rgba(0,0,0,0.05); text-align: left; clear: both;\">\nC&ocirc;ng ty TNHH Th&#432;&#417;ng M&#7841;i D&#7883;ch V&#7909; Thi&#7871;t B&#7883; C&ocirc;ng Ngh&#7879; V&#7841;n N&#259;ng\n<p style=\"margin: 0 0 10px 0;\">&#128205; <strong style=\"color: #1e293b;\">&#272;&#7883;a ch&#7881;:<\/strong> <a style=\"color: #059669; text-decoration: none; font-weight: bold;\" href=\"https:\/\/www.google.com\/maps\/search\/C%C3%B4ng+ty+TNHH+Th%C6%B0%C6%A1ng+M%E1%BA%A1i+D%E1%BB%8Bch+V%E1%BB%A5+Thi%E1%BA%BFt+B%E1%BB%8B+C%C3%B4ng+Ngh%E1%BB%87+V%E1%BA%A1n+N%C4%83ng+818+Tr%C6%B0%E1%BB%9Dng+Chinh\" target=\"_blank\" rel=\"noopener\">818 Tr&#432;&#7901;ng Chinh, Ph&#432;&#7901;ng T&acirc;n S&#417;n, Th&agrave;nh ph&#7889; H&#7891; Ch&iacute; Minh, Vi&#7879;t Nam<\/a><\/p>\n<p style=\"margin: 0 0 10px 0;\">&#128222; <strong style=\"color: #1e293b;\">S&#272;T &ndash; Zalo:<\/strong> <a style=\"color: #059669; text-decoration: none; font-weight: bold;\" href=\"https:\/\/zalo.me\/0903991335\" target=\"_blank\" rel=\"noopener\">0903 991 335<\/a> <span style=\"color: #64748b; font-style: italic;\">(Ms. H&#7841;nh &ndash; Gi&aacute;m &#272;&#7889;c Kinh Doanh)<\/span><\/p>\n<p style=\"margin: 0;\">&#9993;&#65039; <strong style=\"color: #1e293b;\">Email:<\/strong> <a style=\"color: #059669; text-decoration: none; font-weight: bold;\" href=\"mailto:hienhanh@vannangvn.com\">hienhanh@vannangvn.com<\/a><\/p>\n<\/div><\/h1>","protected":false},"excerpt":{"rendered":"<p><strong>Th&#432;&#417;ng hi&#7879;u:<\/strong> Harper<br>\n<strong>Model:<\/strong> QD Proofer Table Spring Kit<p>Product <strong>B&#7896; L&Ograve; XO HARPER QD PROOFER TABLE SPRING KIT<\/strong> ch&iacute;nh h&atilde;ng. Harper (USA)<br>\n B&#7897; L&ograve; Xo Harper QD Proofer Table Spring Kit l&agrave; b&#7897; l&ograve; xo &#273;i&#7873;u ch&#7881;nh l&#7921;c &eacute;p b&agrave;n proofer, gi&uacute;p ki&#7875;m so&aacute;t ch&iacute;nh x&aacute;c &#273;&#7897; d&agrave;n m&#7921;c v&agrave; coating, n&acirc;ng cao &#273;&#7897; ch&iacute;nh x&aacute;c khi proofing flexo v&agrave; gravure.<\/p><\/p>","protected":false},"featured_media":9826,"comment_status":"open","ping_status":"closed","template":"","meta":[],"product_brand":[],"product_cat":[18],"product_tag":[123,125,390,411,412,413,414,415,98],"class_list":{"0":"post-6008","1":"product","2":"type-product","3":"status-publish","4":"has-post-thumbnail","6":"product_cat-chua-phan-loai","7":"product_tag-harper","8":"product_tag-proofer","9":"product_tag-kit-2","10":"product_tag-lo","11":"product_tag-xo","12":"product_tag-qd","13":"product_tag-table","14":"product_tag-spring","15":"product_tag-bo","17":"first","18":"instock","19":"shipping-taxable","20":"product-type-simple"},"yoast_head":"<!-- This site is optimized with the Yoast SEO Premium plugin v24.8 (Yoast SEO v24.8) - https:\/\/yoast.com\/wordpress\/plugins\/seo\/ -->\n<title>B\u1ed8 L\u00d2 XO HARPER QD PROOFER TABLE SP... ch\u00ednh h\u00e3ng | V\u1ea1n N\u0103ng<\/title>\n<meta name=\"description\" content=\"Mua ngay B\u1ed8 L\u00d2 XO HARPER QD PROOFER TABLE SPRING KIT ch\u00ednh h\u00e3ng. B\u1ed9 L\u00f2 Xo Harper QD Proofer Table Spring Kit l\u00e0 b\u1ed9 l\u00f2 xo \u0111i\u1ec1u ch\u1ec9n... Gi\u00e1 t\u1ed1t!\" \/>\n<meta name=\"robots\" content=\"noindex, follow, max-snippet:-1, max-image-preview:large, max-video-preview:-1\" \/>\n<meta property=\"og:locale\" content=\"en_US\" \/>\n<meta property=\"og:type\" content=\"article\" \/>\n<meta property=\"og:title\" content=\"B\u1ed8 L\u00d2 XO HARPER QD PROOFER TABLE SPRING KIT\" \/>\n<meta property=\"og:description\" content=\"Mua ngay B\u1ed8 L\u00d2 XO HARPER QD PROOFER TABLE SPRING KIT ch\u00ednh h\u00e3ng. B\u1ed9 L\u00f2 Xo Harper QD Proofer Table Spring Kit l\u00e0 b\u1ed9 l\u00f2 xo \u0111i\u1ec1u ch\u1ec9n... Gi\u00e1 t\u1ed1t!\" \/>\n<meta property=\"og:url\" content=\"https:\/\/vannangvn.123websitedev.com\/en\/product\/bo-lo-xo-harper-qd-proofer-table-spring-kit\/\" \/>\n<meta property=\"og:site_name\" content=\"Vannang.vn\" \/>\n<meta property=\"article:modified_time\" content=\"2026-03-30T11:10:26+00:00\" \/>\n<meta property=\"og:image\" content=\"http:\/\/vannangvn.123websitedev.com\/wp-content\/uploads\/2026\/03\/1-768x576_2-copy.jpg\" \/>\n\t<meta property=\"og:image:width\" content=\"768\" \/>\n\t<meta property=\"og:image:height\" content=\"576\" \/>\n\t<meta property=\"og:image:type\" content=\"image\/jpeg\" \/>\n<meta name=\"twitter:card\" content=\"summary_large_image\" \/>\n<meta name=\"twitter:label1\" content=\"Est. reading time\" \/>\n\t<meta name=\"twitter:data1\" content=\"5 minutes\" \/>\n<script type=\"application\/ld+json\" class=\"yoast-schema-graph\">{\"@context\":\"https:\/\/schema.org\",\"@graph\":[{\"@type\":\"WebPage\",\"@id\":\"https:\/\/vannangvn.123websitedev.com\/san-pham\/bo-lo-xo-harper-qd-proofer-table-spring-kit\/\",\"url\":\"https:\/\/vannangvn.123websitedev.com\/san-pham\/bo-lo-xo-harper-qd-proofer-table-spring-kit\/\",\"name\":\"B\u1ed8 L\u00d2 XO HARPER QD PROOFER TABLE SP... ch\u00ednh h\u00e3ng | V\u1ea1n N\u0103ng\",\"isPartOf\":{\"@id\":\"https:\/\/vannangvn.123websitedev.com\/#website\"},\"primaryImageOfPage\":{\"@id\":\"https:\/\/vannangvn.123websitedev.com\/san-pham\/bo-lo-xo-harper-qd-proofer-table-spring-kit\/#primaryimage\"},\"image\":{\"@id\":\"https:\/\/vannangvn.123websitedev.com\/san-pham\/bo-lo-xo-harper-qd-proofer-table-spring-kit\/#primaryimage\"},\"thumbnailUrl\":\"https:\/\/vannangvn.123websitedev.com\/wp-content\/uploads\/2026\/03\/1-768x576_2-copy.jpg\",\"datePublished\":\"2026-03-20T10:20:00+00:00\",\"dateModified\":\"2026-03-30T11:10:26+00:00\",\"description\":\"Mua ngay B\u1ed8 L\u00d2 XO HARPER QD PROOFER TABLE SPRING KIT ch\u00ednh h\u00e3ng. B\u1ed9 L\u00f2 Xo Harper QD Proofer Table Spring Kit l\u00e0 b\u1ed9 l\u00f2 xo \u0111i\u1ec1u ch\u1ec9n... Gi\u00e1 t\u1ed1t!\",\"breadcrumb\":{\"@id\":\"https:\/\/vannangvn.123websitedev.com\/san-pham\/bo-lo-xo-harper-qd-proofer-table-spring-kit\/#breadcrumb\"},\"inLanguage\":\"en-US\",\"potentialAction\":[{\"@type\":\"ReadAction\",\"target\":[\"https:\/\/vannangvn.123websitedev.com\/san-pham\/bo-lo-xo-harper-qd-proofer-table-spring-kit\/\"]}]},{\"@type\":\"ImageObject\",\"inLanguage\":\"en-US\",\"@id\":\"https:\/\/vannangvn.123websitedev.com\/san-pham\/bo-lo-xo-harper-qd-proofer-table-spring-kit\/#primaryimage\",\"url\":\"https:\/\/vannangvn.123websitedev.com\/wp-content\/uploads\/2026\/03\/1-768x576_2-copy.jpg\",\"contentUrl\":\"https:\/\/vannangvn.123websitedev.com\/wp-content\/uploads\/2026\/03\/1-768x576_2-copy.jpg\",\"width\":768,\"height\":576},{\"@type\":\"BreadcrumbList\",\"@id\":\"https:\/\/vannangvn.123websitedev.com\/san-pham\/bo-lo-xo-harper-qd-proofer-table-spring-kit\/#breadcrumb\",\"itemListElement\":[{\"@type\":\"ListItem\",\"position\":1,\"name\":\"Trang ch\u1ee7\",\"item\":\"https:\/\/vannangvn.123websitedev.com\/\"},{\"@type\":\"ListItem\",\"position\":2,\"name\":\"S\u1ea3n ph\u1ea9m\",\"item\":\"https:\/\/vannangvn.123websitedev.com\/cua-hang\/\"},{\"@type\":\"ListItem\",\"position\":3,\"name\":\"B\u1ed8 L\u00d2 XO HARPER QD PROOFER TABLE SPRING KIT\"}]},{\"@type\":\"WebSite\",\"@id\":\"https:\/\/vannangvn.123websitedev.com\/#website\",\"url\":\"https:\/\/vannangvn.123websitedev.com\/\",\"name\":\"Vannang.vn\",\"description\":\"\",\"publisher\":{\"@id\":\"https:\/\/vannangvn.123websitedev.com\/#organization\"},\"potentialAction\":[{\"@type\":\"SearchAction\",\"target\":{\"@type\":\"EntryPoint\",\"urlTemplate\":\"https:\/\/vannangvn.123websitedev.com\/?s={search_term_string}\"},\"query-input\":{\"@type\":\"PropertyValueSpecification\",\"valueRequired\":true,\"valueName\":\"search_term_string\"}}],\"inLanguage\":\"en-US\"},{\"@type\":\"Organization\",\"@id\":\"https:\/\/vannangvn.123websitedev.com\/#organization\",\"name\":\"Vannang.vn\",\"url\":\"https:\/\/vannangvn.123websitedev.com\/\",\"logo\":{\"@type\":\"ImageObject\",\"inLanguage\":\"en-US\",\"@id\":\"https:\/\/vannangvn.123websitedev.com\/#\/schema\/logo\/image\/\",\"url\":\"https:\/\/vannangvn.123websitedev.com\/wp-content\/uploads\/2026\/02\/logo-van-nang-02.png\",\"contentUrl\":\"https:\/\/vannangvn.123websitedev.com\/wp-content\/uploads\/2026\/02\/logo-van-nang-02.png\",\"width\":448,\"height\":111,\"caption\":\"Vannang.vn\"},\"image\":{\"@id\":\"https:\/\/vannangvn.123websitedev.com\/#\/schema\/logo\/image\/\"}}]}<\/script>\n<!-- \/ Yoast SEO Premium plugin. -->","yoast_head_json":{"title":"B\u1ed8 L\u00d2 XO HARPER QD PROOFER TABLE SP... ch\u00ednh h\u00e3ng | V\u1ea1n N\u0103ng","description":"Mua ngay B\u1ed8 L\u00d2 XO HARPER QD PROOFER TABLE SPRING KIT ch\u00ednh h\u00e3ng. B\u1ed9 L\u00f2 Xo Harper QD Proofer Table Spring Kit l\u00e0 b\u1ed9 l\u00f2 xo \u0111i\u1ec1u ch\u1ec9n... Gi\u00e1 t\u1ed1t!","robots":{"index":"noindex","follow":"follow","max-snippet":"max-snippet:-1","max-image-preview":"max-image-preview:large","max-video-preview":"max-video-preview:-1"},"og_locale":"en_US","og_type":"article","og_title":"B\u1ed8 L\u00d2 XO HARPER QD PROOFER TABLE SPRING KIT","og_description":"Mua ngay B\u1ed8 L\u00d2 XO HARPER QD PROOFER TABLE SPRING KIT ch\u00ednh h\u00e3ng. B\u1ed9 L\u00f2 Xo Harper QD Proofer Table Spring Kit l\u00e0 b\u1ed9 l\u00f2 xo \u0111i\u1ec1u ch\u1ec9n... Gi\u00e1 t\u1ed1t!","og_url":"https:\/\/vannangvn.123websitedev.com\/en\/product\/bo-lo-xo-harper-qd-proofer-table-spring-kit\/","og_site_name":"Vannang.vn","article_modified_time":"2026-03-30T11:10:26+00:00","og_image":[{"width":768,"height":576,"url":"http:\/\/vannangvn.123websitedev.com\/wp-content\/uploads\/2026\/03\/1-768x576_2-copy.jpg","type":"image\/jpeg"}],"twitter_card":"summary_large_image","twitter_misc":{"Est. reading time":"5 minutes"},"schema":{"@context":"https:\/\/schema.org","@graph":[{"@type":"WebPage","@id":"https:\/\/vannangvn.123websitedev.com\/san-pham\/bo-lo-xo-harper-qd-proofer-table-spring-kit\/","url":"https:\/\/vannangvn.123websitedev.com\/san-pham\/bo-lo-xo-harper-qd-proofer-table-spring-kit\/","name":"B\u1ed8 L\u00d2 XO HARPER QD PROOFER TABLE SP... ch\u00ednh h\u00e3ng | V\u1ea1n N\u0103ng","isPartOf":{"@id":"https:\/\/vannangvn.123websitedev.com\/#website"},"primaryImageOfPage":{"@id":"https:\/\/vannangvn.123websitedev.com\/san-pham\/bo-lo-xo-harper-qd-proofer-table-spring-kit\/#primaryimage"},"image":{"@id":"https:\/\/vannangvn.123websitedev.com\/san-pham\/bo-lo-xo-harper-qd-proofer-table-spring-kit\/#primaryimage"},"thumbnailUrl":"https:\/\/vannangvn.123websitedev.com\/wp-content\/uploads\/2026\/03\/1-768x576_2-copy.jpg","datePublished":"2026-03-20T10:20:00+00:00","dateModified":"2026-03-30T11:10:26+00:00","description":"Mua ngay B\u1ed8 L\u00d2 XO HARPER QD PROOFER TABLE SPRING KIT ch\u00ednh h\u00e3ng. B\u1ed9 L\u00f2 Xo Harper QD Proofer Table Spring Kit l\u00e0 b\u1ed9 l\u00f2 xo \u0111i\u1ec1u ch\u1ec9n... Gi\u00e1 t\u1ed1t!","breadcrumb":{"@id":"https:\/\/vannangvn.123websitedev.com\/san-pham\/bo-lo-xo-harper-qd-proofer-table-spring-kit\/#breadcrumb"},"inLanguage":"en-US","potentialAction":[{"@type":"ReadAction","target":["https:\/\/vannangvn.123websitedev.com\/san-pham\/bo-lo-xo-harper-qd-proofer-table-spring-kit\/"]}]},{"@type":"ImageObject","inLanguage":"en-US","@id":"https:\/\/vannangvn.123websitedev.com\/san-pham\/bo-lo-xo-harper-qd-proofer-table-spring-kit\/#primaryimage","url":"https:\/\/vannangvn.123websitedev.com\/wp-content\/uploads\/2026\/03\/1-768x576_2-copy.jpg","contentUrl":"https:\/\/vannangvn.123websitedev.com\/wp-content\/uploads\/2026\/03\/1-768x576_2-copy.jpg","width":768,"height":576},{"@type":"BreadcrumbList","@id":"https:\/\/vannangvn.123websitedev.com\/san-pham\/bo-lo-xo-harper-qd-proofer-table-spring-kit\/#breadcrumb","itemListElement":[{"@type":"ListItem","position":1,"name":"Trang ch\u1ee7","item":"https:\/\/vannangvn.123websitedev.com\/"},{"@type":"ListItem","position":2,"name":"S\u1ea3n ph\u1ea9m","item":"https:\/\/vannangvn.123websitedev.com\/cua-hang\/"},{"@type":"ListItem","position":3,"name":"B\u1ed8 L\u00d2 XO HARPER QD PROOFER TABLE SPRING KIT"}]},{"@type":"WebSite","@id":"https:\/\/vannangvn.123websitedev.com\/#website","url":"https:\/\/vannangvn.123websitedev.com\/","name":"Vannang.vn","description":"","publisher":{"@id":"https:\/\/vannangvn.123websitedev.com\/#organization"},"potentialAction":[{"@type":"SearchAction","target":{"@type":"EntryPoint","urlTemplate":"https:\/\/vannangvn.123websitedev.com\/?s={search_term_string}"},"query-input":{"@type":"PropertyValueSpecification","valueRequired":true,"valueName":"search_term_string"}}],"inLanguage":"en-US"},{"@type":"Organization","@id":"https:\/\/vannangvn.123websitedev.com\/#organization","name":"Vannang.vn","url":"https:\/\/vannangvn.123websitedev.com\/","logo":{"@type":"ImageObject","inLanguage":"en-US","@id":"https:\/\/vannangvn.123websitedev.com\/#\/schema\/logo\/image\/","url":"https:\/\/vannangvn.123websitedev.com\/wp-content\/uploads\/2026\/02\/logo-van-nang-02.png","contentUrl":"https:\/\/vannangvn.123websitedev.com\/wp-content\/uploads\/2026\/02\/logo-van-nang-02.png","width":448,"height":111,"caption":"Vannang.vn"},"image":{"@id":"https:\/\/vannangvn.123websitedev.com\/#\/schema\/logo\/image\/"}}]}},"_links":{"self":[{"href":"https:\/\/vannangvn.123websitedev.com\/en\/wp-json\/wp\/v2\/product\/6008","targetHints":{"allow":["GET"]}}],"collection":[{"href":"https:\/\/vannangvn.123websitedev.com\/en\/wp-json\/wp\/v2\/product"}],"about":[{"href":"https:\/\/vannangvn.123websitedev.com\/en\/wp-json\/wp\/v2\/types\/product"}],"replies":[{"embeddable":true,"href":"https:\/\/vannangvn.123websitedev.com\/en\/wp-json\/wp\/v2\/comments?post=6008"}],"wp:featuredmedia":[{"embeddable":true,"href":"https:\/\/vannangvn.123websitedev.com\/en\/wp-json\/wp\/v2\/media\/9826"}],"wp:attachment":[{"href":"https:\/\/vannangvn.123websitedev.com\/en\/wp-json\/wp\/v2\/media?parent=6008"}],"wp:term":[{"taxonomy":"product_brand","embeddable":true,"href":"https:\/\/vannangvn.123websitedev.com\/en\/wp-json\/wp\/v2\/product_brand?post=6008"},{"taxonomy":"product_cat","embeddable":true,"href":"https:\/\/vannangvn.123websitedev.com\/en\/wp-json\/wp\/v2\/product_cat?post=6008"},{"taxonomy":"product_tag","embeddable":true,"href":"https:\/\/vannangvn.123websitedev.com\/en\/wp-json\/wp\/v2\/product_tag?post=6008"}],"curies":[{"name":"wp","href":"https:\/\/api.w.org\/{rel}","templated":true}]}}