{"id":6009,"date":"2026-03-20T17:20:01","date_gmt":"2026-03-20T10:20:01","guid":{"rendered":"https:\/\/vannangvn.123websitedev.com\/san-pham\/bo-loc-nuoc-model-283066\/"},"modified":"2026-03-30T18:10:27","modified_gmt":"2026-03-30T11:10:27","slug":"bo-loc-nuoc-model-283066","status":"publish","type":"product","link":"https:\/\/vannangvn.123websitedev.com\/en\/product\/bo-loc-nuoc-model-283066\/","title":{"rendered":"B\u1ed8 L\u1eccC N\u01af\u1edaC MODEL 283066"},"content":{"rendered":"<h1 style=\"color: red; font-weight: bold; font-size: 24px;\">T&#7893;ng quan s&#7843;n ph&#7849;m B&#7896; L&#7884;C N&#431;&#7898;C MODEL 283066<p>B&#7897; L&#7885;c N&#432;&#7899;c (Filter Unit, Complete) Model 283066<br>\nFilter Unit, Complete Model 283066 l&agrave; b&#7897; l&#7885;c c&ocirc;ng nghi&#7879;p c&oacute; xu&#7845;t x&#7913; t&#7915; &#272;&#7913;c, &#273;&#432;&#7907;c thi&#7871;t k&#7871; &#273;&#7875; lo&#7841;i b&#7887; t&#7841;p ch&#7845;t, &#273;&#7843;m b&#7843;o ch&#7845;t l&#432;&#7907;ng d&ograve;ng ch&#7845;t l&#7887;ng ho&#7863;c kh&iacute; trong h&#7879; th&#7889;ng v&#7853;n h&agrave;nh. Nh&#7901; c&#7845;u tr&uacute;c b&#7873;n v&#7919;ng v&agrave; kh&#7843; n&#259;ng l&agrave;m vi&#7879;c &#7893;n &#273;&#7883;nh trong m&ocirc;i tr&#432;&#7901;ng &aacute;p su&#7845;t cao, thi&#7871;t b&#7883; n&agrave;y ph&ugrave; h&#7907;p v&#7899;i nhi&#7873;u d&acirc;y chuy&#7873;n s&#7843;n xu&#7845;t, h&#7879; th&#7889;ng th&#7911;y l&#7921;c, kh&iacute; n&eacute;n ho&#7863;c c&aacute;c m&aacute;y m&oacute;c y&ecirc;u c&#7847;u &#273;&#7897; s&#7841;ch cao. H&atilde;y c&ugrave;ng V&#7841;n N&#259;ng t&igrave;m hi&#7875;u chi ti&#7871;t h&#417;n v&#7873; s&#7843;n ph&#7849;m th&ocirc;ng qua b&agrave;i vi&#7871;t d&#432;&#7899;i &#273;&acirc;y!<\/p><h2 style=\"color: #2e7d32; font-weight: bold; font-size: 20px;\">&#272;&#7863;c &#272;i&#7875;m N&#7893;i B&#7853;t<\/h2><p>Thi&#7871;t k&#7871; &#273;&#7891;ng b&#7897; v&agrave; ch&#7855;c ch&#7855;n, d&#7877; d&agrave;ng l&#7855;p &#273;&#7863;t v&agrave;o h&#7879; th&#7889;ng hi&#7879;n c&oacute;.<br>\nV&#7887; kim lo&#7841;i c&#7913;ng c&aacute;p, ch&#7889;ng &#259;n m&ograve;n v&agrave; ch&#7883;u &#273;&#432;&#7907;c &aacute;p l&#7921;c l&agrave;m vi&#7879;c li&ecirc;n t&#7909;c.<br>\nKh&#7843; n&#259;ng l&#7885;c &#7893;n &#273;&#7883;nh, gi&uacute;p b&#7843;o v&#7879; b&#417;m, van v&agrave; c&aacute;c linh ki&#7879;n quan tr&#7885;ng kh&#7887;i b&#7909;i b&#7849;n v&agrave; c&#7863;n.<br>\nXu&#7845;t x&#7913; &#272;&#7913;c, &#273;&#7843;m b&#7843;o ti&ecirc;u chu&#7849;n ch&#7845;t l&#432;&#7907;ng cao v&agrave; tu&#7893;i th&#7885; l&acirc;u d&agrave;i.<\/p><p>&#7912;ng D&#7909;ng<br>\nFilter Unit 283066 th&#432;&#7901;ng &#273;&#432;&#7907;c s&#7917; d&#7909;ng trong:<\/p><p>H&#7879; th&#7889;ng th&#7911;y l&#7921;c v&agrave; kh&iacute; n&eacute;n c&ocirc;ng nghi&#7879;p.<br>\nM&aacute;y s&#7843;n xu&#7845;t, m&aacute;y gia c&ocirc;ng c&#417; kh&iacute;.<br>\nD&acirc;y chuy&#7873;n t&#7921; &#273;&#7897;ng h&oacute;a ho&#7863;c h&#7879; th&#7889;ng c&#7845;p ch&#7845;t l&#7887;ng.<\/p><p>Nh&#7919;ng L&yacute; Do N&ecirc;n Mua B&#7897; L&#7885;c N&#432;&#7899;c T&#7841;i Thi&#7871;t B&#7883; C&ocirc;ng Ngh&#7879; V&#7841;n N&#259;ng<\/p><p>C&ocirc;ng ty Thi&#7871;t B&#7883; C&ocirc;ng Ngh&#7879; V&#7841;n N&#259;ng l&agrave; &#273;&#7889;i t&aacute;c ch&iacute;nh th&#7913;c ph&acirc;n ph&#7889;i B&#7897; L&#7885;c N&#432;&#7899;c h&agrave;ng &#273;&#7847;u t&#7841;i Vi&#7879;t Nam, cam k&#7871;t cung c&#7845;p s&#7843;n ph&#7849;m ch&iacute;nh h&atilde;ng v&#7899;i gi&aacute; c&#7843; c&#7841;nh tranh nh&#7845;t th&#7883; tr&#432;&#7901;ng. V&#7899;i uy t&iacute;n tr&ecirc;n th&#7883; tr&#432;&#7901;ng v&agrave; ch&#7871; &#273;&#7897; h&#7851;u m&atilde;i t&#7889;t, Thi&#7871;t B&#7883; C&ocirc;ng Ngh&#7879; V&#7841;n N&#259;ng &#273;&atilde; nh&#7853;n &#273;&#432;&#7907;c s&#7921; tin t&#432;&#7903;ng t&#7915; kh&aacute;ch h&agrave;ng nh&#7901; v&agrave;o ch&#7845;t l&#432;&#7907;ng h&agrave;ng &#273;&#7847;u c&#7911;a c&aacute;c d&ograve;ng s&#7843;n ph&#7849;m.<br>\nS&#7843;n ph&#7849;m c&#7911;a ch&uacute;ng t&ocirc;i &#273;&#432;&#7907;c ki&#7875;m &#273;&#7883;nh ch&#7845;t l&#432;&#7907;ng, nh&#7853;p kh&#7849;u tr&#7921;c ti&#7871;p t&#7915; nh&agrave; m&aacute;y b&ecirc;n Ch&acirc;u &Acirc;u, M&#7929;, &Uacute;c, Nh&#7853;t B&#7843;n,&hellip; v&agrave; &#273;&aacute;p &#7913;ng nhu c&#7847;u &#273;a d&#7841;ng c&#7911;a th&#7883; tr&#432;&#7901;ng nh&#432;: M&aacute;y &#272;o &#272;&#7897; C&#7913;ng, M&aacute;y SPECTROMAXx, M&aacute;y Ki&#7875;m Tra &#272;&#432;&#7901;ng Gh&eacute;p M&iacute; Lon,&hellip; Ch&uacute;ng t&ocirc;i cam k&#7871;t cung c&#7845;p s&#7843;n ph&#7849;m n&agrave;y tr&ecirc;n to&agrave;n qu&#7889;c v&#7899;i gi&aacute; c&#7843; c&#7841;nh tranh nh&#7845;t.<br>\nCh&uacute;ng t&ocirc;i c&oacute; &#273;&#7897;i ng&#361; chuy&ecirc;n vi&ecirc;n t&#432; v&#7845;n chuy&ecirc;n s&acirc;u s&#7869; h&#7895; tr&#7907; kh&aacute;ch h&agrave;ng v&#7873; chi ti&#7871;t s&#7843;n ph&#7849;m, h&#432;&#7899;ng d&#7851;n s&#7917; d&#7909;ng hay nh&#7919;ng th&#7913; li&ecirc;n quan &#273;&#7871;n v&#7845;n &#273;&#7873; m&agrave; doanh nghi&#7879;p b&#7841;n &#273;ang g&#7863;p ph&#7843;i. Ch&uacute;ng t&ocirc;i s&#7869; cung c&#7845;p nh&#7919;ng gi&#7843;i ph&aacute;p t&#7889;i &#432;u nh&#7845;t!<br>\nNgo&agrave;i ra Thi&#7871;t B&#7883; C&ocirc;ng Ngh&#7879; V&#7841;n N&#259;ng Ch&uacute;ng T&ocirc;i lu&ocirc;n h&#432;&#7899;ng &#273;&#7871;n tr&#7843;i nghi&#7879;m kh&aacute;ch h&agrave;ng, v&igrave; v&#7853;y ch&uacute;ng t&ocirc;i c&oacute; nh&#7919;ng ch&iacute;nh s&aacute;ch b&#7843;o h&agrave;nh, b&#7843;o tr&igrave; &ndash; b&#7843;o d&#432;&#7905;ng, hi&#7879;u chu&#7849;n v&#7899;i t&#7845;t c&#7843; c&aacute;c thi&#7871;t b&#7883;, m&aacute;y m&oacute;c m&agrave; ch&uacute;ng t&ocirc;i cung c&#7845;p. &#272;&#7843;m b&#7843;o mang &#273;&#7871;n cho Kh&aacute;ch h&agrave;ng s&#7921; y&ecirc;n t&acirc;m tuy&#7879;t &#273;&#7889;i v&#7873; d&#7883;ch v&#7909; khi mua h&agrave;ng.<\/p><p>T&#7893;ng K&#7871;t<br>\nV&#7899;i &#273;&#7897; b&#7873;n cao v&agrave; kh&#7843; n&#259;ng l&#7885;c hi&#7879;u qu&#7843;, Filter Unit, Complete 283066 l&agrave; l&#7921;a ch&#7885;n l&yacute; t&#432;&#7903;ng &#273;&#7875; &#273;&#7843;m b&#7843;o hi&#7879;u su&#7845;t thi&#7871;t b&#7883; v&agrave; gi&#7843;m thi&#7875;u r&#7911;i ro h&#432; h&#7887;ng. &#272;&acirc;y l&agrave; s&#7843;n ph&#7849;m ph&ugrave; h&#7907;p cho c&aacute;c doanh nghi&#7879;p c&#7847;n gi&#7843;i ph&aacute;p l&#7885;c &#7893;n &#273;&#7883;nh, ch&#7845;t l&#432;&#7907;ng ch&acirc;u &Acirc;u. H&atilde;y li&ecirc;n h&#7879; ngay v&#7899;i V&#7841;n N&#259;ng Company &#273;&#7875; &#273;&#432;&#7907;c t&#432; v&#7845;n chi ti&#7871;t v&agrave; nh&#7853;n ngay nh&#7919;ng &#432;u &#273;&atilde;i h&#7845;p d&#7851;n th&ocirc;ng qua hotline\/zalo: <a href=\"https:\/\/zalo.me\/0903991335\" target=\"_blank\" rel=\"noopener\" style=\"color: #059669; font-weight: bold; text-decoration: none;\">0903 991 335<\/a> !<\/p><div style=\"background-color: #f8fafc; border: 1px solid #e2e8f0; border-radius: 8px; padding: 25px; max-width: 800px; margin: 30px auto; color: #334155; line-height: 1.8; font-size: 17px; box-shadow: 0 4px 6px -1px rgba(0,0,0,0.05); text-align: left; clear: both;\">\nC&ocirc;ng ty TNHH Th&#432;&#417;ng M&#7841;i D&#7883;ch V&#7909; Thi&#7871;t B&#7883; C&ocirc;ng Ngh&#7879; V&#7841;n N&#259;ng\n<p style=\"margin: 0 0 10px 0;\">&#128205; <strong style=\"color: #1e293b;\">&#272;&#7883;a ch&#7881;:<\/strong> <a style=\"color: #059669; text-decoration: none; font-weight: bold;\" href=\"https:\/\/www.google.com\/maps\/search\/C%C3%B4ng+ty+TNHH+Th%C6%B0%C6%A1ng+M%E1%BA%A1i+D%E1%BB%8Bch+V%E1%BB%A5+Thi%E1%BA%BFt+B%E1%BB%8B+C%C3%B4ng+Ngh%E1%BB%87+V%E1%BA%A1n+N%C4%83ng+818+Tr%C6%B0%E1%BB%9Dng+Chinh\" target=\"_blank\" rel=\"noopener\">818 Tr&#432;&#7901;ng Chinh, Ph&#432;&#7901;ng T&acirc;n S&#417;n, Th&agrave;nh ph&#7889; H&#7891; Ch&iacute; Minh, Vi&#7879;t Nam<\/a><\/p>\n<p style=\"margin: 0 0 10px 0;\">&#128222; <strong style=\"color: #1e293b;\">S&#272;T &ndash; Zalo:<\/strong> <a style=\"color: #059669; text-decoration: none; font-weight: bold;\" href=\"https:\/\/zalo.me\/0903991335\" target=\"_blank\" rel=\"noopener\">0903 991 335<\/a> <span style=\"color: #64748b; font-style: italic;\">(Ms. H&#7841;nh &ndash; Gi&aacute;m &#272;&#7889;c Kinh Doanh)<\/span><\/p>\n<p style=\"margin: 0;\">&#9993;&#65039; <strong style=\"color: #1e293b;\">Email:<\/strong> <a style=\"color: #059669; text-decoration: none; font-weight: bold;\" href=\"mailto:hienhanh@vannangvn.com\">hienhanh@vannangvn.com<\/a><\/p>\n<\/div><\/h1>","protected":false},"excerpt":{"rendered":"<p><strong>Th&#432;&#417;ng hi&#7879;u:<\/strong> Filter Unit 283066 l&agrave; b&#7897; l&#7885;c c&ocirc;ng nghi&#7879;p xu&#7845;t x&#7913; &#272;&#7913;c, thi&#7871;t k&#7871; b&#7873;n b&#7881; v&agrave; l&#7885;c hi&#7879;u qu&#7843; cho h&#7879; th&#7889;ng th&#7911;y l&#7921;c, kh&iacute; n&eacute;n v&agrave; d&acirc;y chuy&#7873;n s&#7843;n xu&#7845;t. Gi&#7843;i ph&aacute;p b&#7843;o v&#7879; thi&#7871;t b&#7883; tin c&#7853;y.<br>\n<strong>Model:<\/strong> Filter Unit, Complete 283066<p>Product <strong>B&#7896; L&#7884;C N&#431;&#7898;C MODEL 283066<\/strong> ch&iacute;nh h&atilde;ng. Filter Unit 283066 l&agrave; b&#7897; l&#7885;c c&ocirc;ng nghi&#7879;p xu&#7845;t x&#7913; &#272;&#7913;c, thi&#7871;t k&#7871; b&#7873;n b&#7881; v&agrave; l&#7885;c hi&#7879;u qu&#7843; cho h&#7879; th&#7889;ng th&#7911;y l&#7921;c, kh&iacute; n&eacute;n v&agrave; d&acirc;y chuy&#7873;n s&#7843;n xu&#7845;t. Gi&#7843;i ph&aacute;p b&#7843;o v&#7879; thi&#7871;t b&#7883; tin c&#7853;y.<\/p><\/p>","protected":false},"featured_media":10016,"comment_status":"open","ping_status":"closed","template":"","meta":[],"product_brand":[],"product_cat":[18],"product_tag":[98,116,416,417,418],"class_list":{"0":"post-6009","1":"product","2":"type-product","3":"status-publish","4":"has-post-thumbnail","6":"product_cat-chua-phan-loai","7":"product_tag-bo","8":"product_tag-model","9":"product_tag-loc","10":"product_tag-nuoc","11":"product_tag-418","13":"first","14":"instock","15":"shipping-taxable","16":"product-type-simple"},"yoast_head":"<!-- This site is optimized with the Yoast SEO Premium plugin v24.8 (Yoast SEO v24.8) - https:\/\/yoast.com\/wordpress\/plugins\/seo\/ -->\n<title>B\u1ed8 L\u1eccC N\u01af\u1edaC MODEL 283066 ch\u00ednh h\u00e3ng | V\u1ea1n N\u0103ng<\/title>\n<meta name=\"description\" content=\"Mua ngay B\u1ed8 L\u1eccC N\u01af\u1edaC MODEL 283066 ch\u00ednh h\u00e3ng. Gi\u00e1 t\u1ed1t!\" \/>\n<meta name=\"robots\" content=\"noindex, follow, max-snippet:-1, max-image-preview:large, max-video-preview:-1\" \/>\n<meta property=\"og:locale\" content=\"en_US\" \/>\n<meta property=\"og:type\" content=\"article\" \/>\n<meta property=\"og:title\" content=\"B\u1ed8 L\u1eccC N\u01af\u1edaC MODEL 283066\" \/>\n<meta property=\"og:description\" content=\"Mua ngay B\u1ed8 L\u1eccC N\u01af\u1edaC MODEL 283066 ch\u00ednh h\u00e3ng. Gi\u00e1 t\u1ed1t!\" \/>\n<meta property=\"og:url\" content=\"https:\/\/vannangvn.123websitedev.com\/en\/product\/bo-loc-nuoc-model-283066\/\" \/>\n<meta property=\"og:site_name\" content=\"Vannang.vn\" \/>\n<meta property=\"article:modified_time\" content=\"2026-03-30T11:10:27+00:00\" \/>\n<meta property=\"og:image\" content=\"http:\/\/vannangvn.123websitedev.com\/wp-content\/uploads\/2026\/03\/283066-768x576-copy.jpg\" \/>\n\t<meta property=\"og:image:width\" content=\"768\" \/>\n\t<meta property=\"og:image:height\" content=\"576\" \/>\n\t<meta property=\"og:image:type\" content=\"image\/jpeg\" \/>\n<meta name=\"twitter:card\" content=\"summary_large_image\" \/>\n<meta name=\"twitter:label1\" content=\"Est. reading time\" \/>\n\t<meta name=\"twitter:data1\" content=\"5 minutes\" \/>\n<script type=\"application\/ld+json\" class=\"yoast-schema-graph\">{\"@context\":\"https:\/\/schema.org\",\"@graph\":[{\"@type\":\"WebPage\",\"@id\":\"https:\/\/vannangvn.123websitedev.com\/san-pham\/bo-loc-nuoc-model-283066\/\",\"url\":\"https:\/\/vannangvn.123websitedev.com\/san-pham\/bo-loc-nuoc-model-283066\/\",\"name\":\"B\u1ed8 L\u1eccC N\u01af\u1edaC MODEL 283066 ch\u00ednh h\u00e3ng | V\u1ea1n N\u0103ng\",\"isPartOf\":{\"@id\":\"https:\/\/vannangvn.123websitedev.com\/#website\"},\"primaryImageOfPage\":{\"@id\":\"https:\/\/vannangvn.123websitedev.com\/san-pham\/bo-loc-nuoc-model-283066\/#primaryimage\"},\"image\":{\"@id\":\"https:\/\/vannangvn.123websitedev.com\/san-pham\/bo-loc-nuoc-model-283066\/#primaryimage\"},\"thumbnailUrl\":\"https:\/\/vannangvn.123websitedev.com\/wp-content\/uploads\/2026\/03\/283066-768x576-copy.jpg\",\"datePublished\":\"2026-03-20T10:20:01+00:00\",\"dateModified\":\"2026-03-30T11:10:27+00:00\",\"description\":\"Mua ngay B\u1ed8 L\u1eccC N\u01af\u1edaC MODEL 283066 ch\u00ednh h\u00e3ng. Gi\u00e1 t\u1ed1t!\",\"breadcrumb\":{\"@id\":\"https:\/\/vannangvn.123websitedev.com\/san-pham\/bo-loc-nuoc-model-283066\/#breadcrumb\"},\"inLanguage\":\"en-US\",\"potentialAction\":[{\"@type\":\"ReadAction\",\"target\":[\"https:\/\/vannangvn.123websitedev.com\/san-pham\/bo-loc-nuoc-model-283066\/\"]}]},{\"@type\":\"ImageObject\",\"inLanguage\":\"en-US\",\"@id\":\"https:\/\/vannangvn.123websitedev.com\/san-pham\/bo-loc-nuoc-model-283066\/#primaryimage\",\"url\":\"https:\/\/vannangvn.123websitedev.com\/wp-content\/uploads\/2026\/03\/283066-768x576-copy.jpg\",\"contentUrl\":\"https:\/\/vannangvn.123websitedev.com\/wp-content\/uploads\/2026\/03\/283066-768x576-copy.jpg\",\"width\":768,\"height\":576},{\"@type\":\"BreadcrumbList\",\"@id\":\"https:\/\/vannangvn.123websitedev.com\/san-pham\/bo-loc-nuoc-model-283066\/#breadcrumb\",\"itemListElement\":[{\"@type\":\"ListItem\",\"position\":1,\"name\":\"Trang ch\u1ee7\",\"item\":\"https:\/\/vannangvn.123websitedev.com\/\"},{\"@type\":\"ListItem\",\"position\":2,\"name\":\"S\u1ea3n ph\u1ea9m\",\"item\":\"https:\/\/vannangvn.123websitedev.com\/cua-hang\/\"},{\"@type\":\"ListItem\",\"position\":3,\"name\":\"B\u1ed8 L\u1eccC N\u01af\u1edaC MODEL 283066\"}]},{\"@type\":\"WebSite\",\"@id\":\"https:\/\/vannangvn.123websitedev.com\/#website\",\"url\":\"https:\/\/vannangvn.123websitedev.com\/\",\"name\":\"Vannang.vn\",\"description\":\"\",\"publisher\":{\"@id\":\"https:\/\/vannangvn.123websitedev.com\/#organization\"},\"potentialAction\":[{\"@type\":\"SearchAction\",\"target\":{\"@type\":\"EntryPoint\",\"urlTemplate\":\"https:\/\/vannangvn.123websitedev.com\/?s={search_term_string}\"},\"query-input\":{\"@type\":\"PropertyValueSpecification\",\"valueRequired\":true,\"valueName\":\"search_term_string\"}}],\"inLanguage\":\"en-US\"},{\"@type\":\"Organization\",\"@id\":\"https:\/\/vannangvn.123websitedev.com\/#organization\",\"name\":\"Vannang.vn\",\"url\":\"https:\/\/vannangvn.123websitedev.com\/\",\"logo\":{\"@type\":\"ImageObject\",\"inLanguage\":\"en-US\",\"@id\":\"https:\/\/vannangvn.123websitedev.com\/#\/schema\/logo\/image\/\",\"url\":\"https:\/\/vannangvn.123websitedev.com\/wp-content\/uploads\/2026\/02\/logo-van-nang-02.png\",\"contentUrl\":\"https:\/\/vannangvn.123websitedev.com\/wp-content\/uploads\/2026\/02\/logo-van-nang-02.png\",\"width\":448,\"height\":111,\"caption\":\"Vannang.vn\"},\"image\":{\"@id\":\"https:\/\/vannangvn.123websitedev.com\/#\/schema\/logo\/image\/\"}}]}<\/script>\n<!-- \/ Yoast SEO Premium plugin. -->","yoast_head_json":{"title":"B\u1ed8 L\u1eccC N\u01af\u1edaC MODEL 283066 ch\u00ednh h\u00e3ng | V\u1ea1n N\u0103ng","description":"Mua ngay B\u1ed8 L\u1eccC N\u01af\u1edaC MODEL 283066 ch\u00ednh h\u00e3ng. Gi\u00e1 t\u1ed1t!","robots":{"index":"noindex","follow":"follow","max-snippet":"max-snippet:-1","max-image-preview":"max-image-preview:large","max-video-preview":"max-video-preview:-1"},"og_locale":"en_US","og_type":"article","og_title":"B\u1ed8 L\u1eccC N\u01af\u1edaC MODEL 283066","og_description":"Mua ngay B\u1ed8 L\u1eccC N\u01af\u1edaC MODEL 283066 ch\u00ednh h\u00e3ng. Gi\u00e1 t\u1ed1t!","og_url":"https:\/\/vannangvn.123websitedev.com\/en\/product\/bo-loc-nuoc-model-283066\/","og_site_name":"Vannang.vn","article_modified_time":"2026-03-30T11:10:27+00:00","og_image":[{"width":768,"height":576,"url":"http:\/\/vannangvn.123websitedev.com\/wp-content\/uploads\/2026\/03\/283066-768x576-copy.jpg","type":"image\/jpeg"}],"twitter_card":"summary_large_image","twitter_misc":{"Est. reading time":"5 minutes"},"schema":{"@context":"https:\/\/schema.org","@graph":[{"@type":"WebPage","@id":"https:\/\/vannangvn.123websitedev.com\/san-pham\/bo-loc-nuoc-model-283066\/","url":"https:\/\/vannangvn.123websitedev.com\/san-pham\/bo-loc-nuoc-model-283066\/","name":"B\u1ed8 L\u1eccC N\u01af\u1edaC MODEL 283066 ch\u00ednh h\u00e3ng | V\u1ea1n N\u0103ng","isPartOf":{"@id":"https:\/\/vannangvn.123websitedev.com\/#website"},"primaryImageOfPage":{"@id":"https:\/\/vannangvn.123websitedev.com\/san-pham\/bo-loc-nuoc-model-283066\/#primaryimage"},"image":{"@id":"https:\/\/vannangvn.123websitedev.com\/san-pham\/bo-loc-nuoc-model-283066\/#primaryimage"},"thumbnailUrl":"https:\/\/vannangvn.123websitedev.com\/wp-content\/uploads\/2026\/03\/283066-768x576-copy.jpg","datePublished":"2026-03-20T10:20:01+00:00","dateModified":"2026-03-30T11:10:27+00:00","description":"Mua ngay B\u1ed8 L\u1eccC N\u01af\u1edaC MODEL 283066 ch\u00ednh h\u00e3ng. Gi\u00e1 t\u1ed1t!","breadcrumb":{"@id":"https:\/\/vannangvn.123websitedev.com\/san-pham\/bo-loc-nuoc-model-283066\/#breadcrumb"},"inLanguage":"en-US","potentialAction":[{"@type":"ReadAction","target":["https:\/\/vannangvn.123websitedev.com\/san-pham\/bo-loc-nuoc-model-283066\/"]}]},{"@type":"ImageObject","inLanguage":"en-US","@id":"https:\/\/vannangvn.123websitedev.com\/san-pham\/bo-loc-nuoc-model-283066\/#primaryimage","url":"https:\/\/vannangvn.123websitedev.com\/wp-content\/uploads\/2026\/03\/283066-768x576-copy.jpg","contentUrl":"https:\/\/vannangvn.123websitedev.com\/wp-content\/uploads\/2026\/03\/283066-768x576-copy.jpg","width":768,"height":576},{"@type":"BreadcrumbList","@id":"https:\/\/vannangvn.123websitedev.com\/san-pham\/bo-loc-nuoc-model-283066\/#breadcrumb","itemListElement":[{"@type":"ListItem","position":1,"name":"Trang ch\u1ee7","item":"https:\/\/vannangvn.123websitedev.com\/"},{"@type":"ListItem","position":2,"name":"S\u1ea3n ph\u1ea9m","item":"https:\/\/vannangvn.123websitedev.com\/cua-hang\/"},{"@type":"ListItem","position":3,"name":"B\u1ed8 L\u1eccC N\u01af\u1edaC MODEL 283066"}]},{"@type":"WebSite","@id":"https:\/\/vannangvn.123websitedev.com\/#website","url":"https:\/\/vannangvn.123websitedev.com\/","name":"Vannang.vn","description":"","publisher":{"@id":"https:\/\/vannangvn.123websitedev.com\/#organization"},"potentialAction":[{"@type":"SearchAction","target":{"@type":"EntryPoint","urlTemplate":"https:\/\/vannangvn.123websitedev.com\/?s={search_term_string}"},"query-input":{"@type":"PropertyValueSpecification","valueRequired":true,"valueName":"search_term_string"}}],"inLanguage":"en-US"},{"@type":"Organization","@id":"https:\/\/vannangvn.123websitedev.com\/#organization","name":"Vannang.vn","url":"https:\/\/vannangvn.123websitedev.com\/","logo":{"@type":"ImageObject","inLanguage":"en-US","@id":"https:\/\/vannangvn.123websitedev.com\/#\/schema\/logo\/image\/","url":"https:\/\/vannangvn.123websitedev.com\/wp-content\/uploads\/2026\/02\/logo-van-nang-02.png","contentUrl":"https:\/\/vannangvn.123websitedev.com\/wp-content\/uploads\/2026\/02\/logo-van-nang-02.png","width":448,"height":111,"caption":"Vannang.vn"},"image":{"@id":"https:\/\/vannangvn.123websitedev.com\/#\/schema\/logo\/image\/"}}]}},"_links":{"self":[{"href":"https:\/\/vannangvn.123websitedev.com\/en\/wp-json\/wp\/v2\/product\/6009","targetHints":{"allow":["GET"]}}],"collection":[{"href":"https:\/\/vannangvn.123websitedev.com\/en\/wp-json\/wp\/v2\/product"}],"about":[{"href":"https:\/\/vannangvn.123websitedev.com\/en\/wp-json\/wp\/v2\/types\/product"}],"replies":[{"embeddable":true,"href":"https:\/\/vannangvn.123websitedev.com\/en\/wp-json\/wp\/v2\/comments?post=6009"}],"wp:featuredmedia":[{"embeddable":true,"href":"https:\/\/vannangvn.123websitedev.com\/en\/wp-json\/wp\/v2\/media\/10016"}],"wp:attachment":[{"href":"https:\/\/vannangvn.123websitedev.com\/en\/wp-json\/wp\/v2\/media?parent=6009"}],"wp:term":[{"taxonomy":"product_brand","embeddable":true,"href":"https:\/\/vannangvn.123websitedev.com\/en\/wp-json\/wp\/v2\/product_brand?post=6009"},{"taxonomy":"product_cat","embeddable":true,"href":"https:\/\/vannangvn.123websitedev.com\/en\/wp-json\/wp\/v2\/product_cat?post=6009"},{"taxonomy":"product_tag","embeddable":true,"href":"https:\/\/vannangvn.123websitedev.com\/en\/wp-json\/wp\/v2\/product_tag?post=6009"}],"curies":[{"name":"wp","href":"https:\/\/api.w.org\/{rel}","templated":true}]}}