{"id":6022,"date":"2026-03-20T17:20:14","date_gmt":"2026-03-20T10:20:14","guid":{"rendered":"https:\/\/vannangvn.123websitedev.com\/san-pham\/bong-den-cuc-tim-model-q-lab-model-uvc-254\/"},"modified":"2026-03-30T18:10:46","modified_gmt":"2026-03-30T11:10:46","slug":"bong-den-cuc-tim-model-q-lab-model-uvc-254","status":"publish","type":"product","link":"https:\/\/vannangvn.123websitedev.com\/en\/product\/bong-den-cuc-tim-model-q-lab-model-uvc-254\/","title":{"rendered":"B\u00d3NG \u0110\u00c8N C\u1ef0C T\u00cdM MODEL Q-LAB\u00a0MODEL UVC-254"},"content":{"rendered":"<h1 style=\"color: red; font-weight: bold; font-size: 24px;\">T&#7893;ng quan s&#7843;n ph&#7849;m B&Oacute;NG &#272;&Egrave;N C&#7920;C T&Iacute;M MODEL Q-LAB&nbsp;MODEL UVC-254<p>B&oacute;ng &#272;&egrave;n C&#7921;c T&iacute;m (Lamps For The QUV Accelerated Weathering Tester) Q-Lab Model UVC-254<br>\nB&oacute;ng &#272;&egrave;n UVC-254 l&agrave; lo&#7841;i &#273;&egrave;n c&#7921;c t&iacute;m chuy&ecirc;n d&#7909;ng ph&aacute;t ra tia UV c&oacute; b&#432;&#7899;c s&oacute;ng 254 nm, thu&#7897;c v&ugrave;ng UVC. &#272;&acirc;y l&agrave; b&#432;&#7899;c s&oacute;ng ng&#7855;n h&#417;n &aacute;nh s&aacute;ng m&#7863;t tr&#7901;i t&#7921; nhi&ecirc;n, th&#432;&#7901;ng &#273;&#432;&#7907;c d&ugrave;ng cho kh&#7917; tr&ugrave;ng, ti&ecirc;u di&#7879;t vi khu&#7849;n v&agrave; virus, c&#361;ng nh&#432; ki&#7875;m tra s&#7921; xu&#7889;ng c&#7845;p c&#7911;a v&#7853;t li&#7879;u khi ti&#7871;p x&uacute;c v&#7899;i b&#7913;c x&#7841; UVC. H&atilde;y c&ugrave;ng V&#7841;n N&#259;ng t&igrave;m hi&#7875;u chi ti&#7871;t h&#417;n v&#7873; s&#7843;n ph&#7849;m th&ocirc;ng qua b&agrave;i vi&#7871;t d&#432;&#7899;i &#273;&acirc;y nh&eacute;!<\/p><p>Xem th&ecirc;m: M&aacute;y C&#7855;t Xoay B&aacute;n T&#7921; &#272;&#7897;ng (Semi-Automatic Rotating Cutter) METOP Model SARC-3<\/p><p>&#7912;ng D&#7909;ng C&#7911;a B&oacute;ng &#272;&egrave;n UVC-254<br>\nB&oacute;ng &#272;&egrave;n QLAB UVC-254 &#273;&#432;&#7907;c &#7913;ng d&#7909;ng r&#7897;ng r&atilde;i trong nhi&#7873;u ng&agrave;nh c&ocirc;ng nghi&#7879;p, &#273;&#7863;c bi&#7879;t l&agrave; trong l&#297;nh v&#7921;c y t&#7871; v&agrave; nghi&ecirc;n c&#7913;u &#273;&#7897; b&#7873;n v&#7853;t li&#7879;u:<\/p><p>Ng&agrave;nh y t&#7871; &amp; kh&#7917; tr&ugrave;ng: S&#7917; d&#7909;ng &#273;&#7875; ti&ecirc;u di&#7879;t vi khu&#7849;n, virus v&agrave; n&#7845;m m&#7889;c tr&ecirc;n b&#7873; m&#7863;t v&agrave; trong kh&ocirc;ng kh&iacute;.<br>\nNg&agrave;nh nh&#7921;a &amp; polymer: Ki&#7875;m tra kh&#7843; n&#259;ng ch&#7883;u &#273;&#7921;ng c&#7911;a nh&#7921;a, s&#417;n ph&#7911; v&agrave; c&aacute;c v&#7853;t li&#7879;u kh&aacute;c khi ti&#7871;p x&uacute;c v&#7899;i UVC.<br>\nNg&agrave;nh d&#7879;t may: &#272;&aacute;nh gi&aacute; &#273;&#7897; b&#7873;n c&#7911;a v&#7843;i s&#7907;i khi ti&#7871;p x&uacute;c v&#7899;i tia UVC, th&#432;&#7901;ng g&#7863;p trong c&aacute;c m&ocirc;i tr&#432;&#7901;ng kh&#7917; tr&ugrave;ng b&#7879;nh vi&#7879;n.<br>\nNg&agrave;nh th&#7921;c ph&#7849;m &amp; &#273;&oacute;ng g&oacute;i: Kh&#7917; tr&ugrave;ng b&#7873; m&#7863;t bao b&igrave; th&#7921;c ph&#7849;m &#273;&#7875; &#273;&#7843;m b&#7843;o an to&agrave;n v&#7879; sinh.<\/p><p>&#431;u &#272;i&#7875;m V&#432;&#7907;t Tr&#7897;i C&#7911;a B&oacute;ng &#272;&egrave;n UVC-254<\/p><p>Hi&#7879;u qu&#7843; kh&#7917; tr&ugrave;ng cao: B&#432;&#7899;c s&oacute;ng 254 nm c&oacute; kh&#7843; n&#259;ng ti&ecirc;u di&#7879;t vi khu&#7849;n, virus m&#7841;nh m&#7869; m&agrave; kh&ocirc;ng c&#7847;n h&oacute;a ch&#7845;t.<br>\nGi&uacute;p ki&#7875;m tra &#273;&#7897; b&#7873;n v&#7853;t li&#7879;u: UVC-254 ph&ugrave; h&#7907;p &#273;&#7875; &#273;&aacute;nh gi&aacute; t&aacute;c &#273;&#7897;ng c&#7911;a b&#7913;c x&#7841; UVC l&ecirc;n nh&#7921;a, cao su, s&#417;n ph&#7911;.<br>\nT&#432;&#417;ng th&iacute;ch v&#7899;i nhi&#7873;u h&#7879; th&#7889;ng th&#7917; nghi&#7879;m: C&oacute; th&#7875; s&#7917; d&#7909;ng trong QUV Accelerated Weathering Tester v&agrave; c&aacute;c thi&#7871;t b&#7883; kh&#7917; tr&ugrave;ng chuy&ecirc;n d&#7909;ng.<\/p><p>So S&aacute;nh UVC-254 V&#7899;i C&aacute;c Lo&#7841;i &#272;&egrave;n UV Kh&aacute;c<\/p><p>Ti&ecirc;u ch&iacute;<br>\nUVC-254<br>\nUVA-340<br>\nUVB-313EL<\/p><p>Ph&#7893; b&#432;&#7899;c s&oacute;ng<br>\n254 nm<br>\n295 &ndash; 365 nm<br>\n0903 991 335!<\/p><div style=\"background-color: #f8fafc; border: 1px solid #e2e8f0; border-radius: 8px; padding: 25px; max-width: 800px; margin: 30px auto; color: #334155; line-height: 1.8; font-size: 17px; box-shadow: 0 4px 6px -1px rgba(0,0,0,0.05); text-align: left; clear: both;\">\nC&ocirc;ng ty TNHH Th&#432;&#417;ng M&#7841;i D&#7883;ch V&#7909; Thi&#7871;t B&#7883; C&ocirc;ng Ngh&#7879; V&#7841;n N&#259;ng\n<p style=\"margin: 0 0 10px 0;\">&#128205; <strong style=\"color: #1e293b;\">&#272;&#7883;a ch&#7881;:<\/strong> <a style=\"color: #059669; text-decoration: none; font-weight: bold;\" href=\"https:\/\/www.google.com\/maps\/search\/C%C3%B4ng+ty+TNHH+Th%C6%B0%C6%A1ng+M%E1%BA%A1i+D%E1%BB%8Bch+V%E1%BB%A5+Thi%E1%BA%BFt+B%E1%BB%8B+C%C3%B4ng+Ngh%E1%BB%87+V%E1%BA%A1n+N%C4%83ng+818+Tr%C6%B0%E1%BB%9Dng+Chinh\" target=\"_blank\" rel=\"noopener\">818 Tr&#432;&#7901;ng Chinh, Ph&#432;&#7901;ng T&acirc;n S&#417;n, Th&agrave;nh ph&#7889; H&#7891; Ch&iacute; Minh, Vi&#7879;t Nam<\/a><\/p>\n<p style=\"margin: 0 0 10px 0;\">&#128222; <strong style=\"color: #1e293b;\">S&#272;T &ndash; Zalo:<\/strong> <a style=\"color: #059669; text-decoration: none; font-weight: bold;\" href=\"https:\/\/zalo.me\/0903991335\" target=\"_blank\" rel=\"noopener\">0903 991 335<\/a> <span style=\"color: #64748b; font-style: italic;\">(Ms. H&#7841;nh &ndash; Gi&aacute;m &#272;&#7889;c Kinh Doanh)<\/span><\/p>\n<p style=\"margin: 0;\">&#9993;&#65039; <strong style=\"color: #1e293b;\">Email:<\/strong> <a style=\"color: #059669; text-decoration: none; font-weight: bold;\" href=\"mailto:hienhanh@vannangvn.com\">hienhanh@vannangvn.com<\/a><\/p>\n<\/div><\/h1>","protected":false},"excerpt":{"rendered":"<p><strong>Th&#432;&#417;ng hi&#7879;u:<\/strong> Q-LAB<br>\n<strong>Model:<\/strong> UVC-254<p>Product <strong>B&Oacute;NG &#272;&Egrave;N C&#7920;C T&Iacute;M MODEL Q-LAB&nbsp;MODEL UVC-254<\/strong> ch&iacute;nh h&atilde;ng. Q-LAB (USA)<br>\n&#272;&egrave;n&nbsp;UVC-254&nbsp;ph&aacute;t ra tia c&#7921;c t&iacute;m s&oacute;ng ng&#7855;n m&#7841;nh m&#7869; &#7903; b&#432;&#7899;c s&oacute;ng 254 nm, n&#7857;m ngo&agrave;i ph&#7841;m vi quang ph&#7893; m&#7863;t tr&#7901;i. &#272;&acirc;y l&agrave; ngu&#7891;n b&#7913;c x&#7841; UVC ch&#7911; y&#7871;u &#273;&#432;&#7907;c &#7913;ng d&#7909;ng &#273;&#7875; kh&#7917; tr&ugrave;ng b&#7873; m&#7863;t, ti&ecirc;u di&#7879;t hi&#7879;u qu&#7843; vi khu&#7849;n v&agrave; vi r&uacute;t g&acirc;y h&#7841;i. Tuy nhi&ecirc;n, b&#7913;c x&#7841; n&agrave;y c&#361;ng c&oacute; kh&#7843; n&#259;ng g&acirc;y suy gi&#7843;m ch&#7845;t l&#432;&#7907;ng c&#7911;a nh&#7921;a, l&#7899;p ph&#7911; v&agrave; v&#7843;i. Do &#273;&oacute;, &#273;&egrave;n UVC &#273;&#432;&#7907;c s&#7917; d&#7909;ng &#273;&#7875; m&ocirc; ph&#7887;ng t&aacute;c &#273;&#7897;ng n&agrave;y, gi&uacute;p &#273;&aacute;nh gi&aacute; &#273;&#7897; b&#7873;n c&#7911;a v&#7853;t li&#7879;u khi ti&#7871;p x&uacute;c v&#7899;i &aacute;nh s&aacute;ng UVC.<\/p><\/p>","protected":false},"featured_media":9015,"comment_status":"open","ping_status":"closed","template":"","meta":[],"product_brand":[],"product_cat":[18],"product_tag":[469,470,471,472,473,474,116],"class_list":{"0":"post-6022","1":"product","2":"type-product","3":"status-publish","4":"has-post-thumbnail","6":"product_cat-chua-phan-loai","7":"product_tag-bong","8":"product_tag-den","9":"product_tag-cuc","10":"product_tag-tim","11":"product_tag-q-lab-model","12":"product_tag-uvc-254","13":"product_tag-model","15":"first","16":"instock","17":"shipping-taxable","18":"product-type-simple"},"yoast_head":"<!-- This site is optimized with the Yoast SEO Premium plugin v24.8 (Yoast SEO v24.8) - https:\/\/yoast.com\/wordpress\/plugins\/seo\/ -->\n<title>B\u00d3NG \u0110\u00c8N C\u1ef0C T\u00cdM MODEL Q-LAB\u00a0MODEL ... ch\u00ednh h\u00e3ng | V\u1ea1n N\u0103ng<\/title>\n<meta name=\"description\" content=\"Mua ngay B\u00d3NG \u0110\u00c8N C\u1ef0C T\u00cdM MODEL Q-LAB\u00a0MODEL UVC-254 ch\u00ednh h\u00e3ng. \u0110\u00e8n UVC-254 ph\u00e1t ra tia c\u1ef1c t\u00edm s\u00f3ng ng\u1eafn m\u1ea1nh m\u1ebd \u1edf b\u01b0\u1edbc s\u00f3ng 254... Gi\u00e1 t\u1ed1t!\" \/>\n<meta name=\"robots\" content=\"noindex, follow, max-snippet:-1, max-image-preview:large, max-video-preview:-1\" \/>\n<meta property=\"og:locale\" content=\"en_US\" \/>\n<meta property=\"og:type\" content=\"article\" \/>\n<meta property=\"og:title\" content=\"B\u00d3NG \u0110\u00c8N C\u1ef0C T\u00cdM MODEL Q-LAB\u00a0MODEL UVC-254\" \/>\n<meta property=\"og:description\" content=\"Mua ngay B\u00d3NG \u0110\u00c8N C\u1ef0C T\u00cdM MODEL Q-LAB\u00a0MODEL UVC-254 ch\u00ednh h\u00e3ng. \u0110\u00e8n UVC-254 ph\u00e1t ra tia c\u1ef1c t\u00edm s\u00f3ng ng\u1eafn m\u1ea1nh m\u1ebd \u1edf b\u01b0\u1edbc s\u00f3ng 254... Gi\u00e1 t\u1ed1t!\" \/>\n<meta property=\"og:url\" content=\"https:\/\/vannangvn.123websitedev.com\/en\/product\/bong-den-cuc-tim-model-q-lab-model-uvc-254\/\" \/>\n<meta property=\"og:site_name\" content=\"Vannang.vn\" \/>\n<meta property=\"article:modified_time\" content=\"2026-03-30T11:10:46+00:00\" \/>\n<meta property=\"og:image\" content=\"http:\/\/vannangvn.123websitedev.com\/wp-content\/uploads\/2026\/03\/UVC-254-QLAB-no.3-copy.jpg\" \/>\n\t<meta property=\"og:image:width\" content=\"768\" \/>\n\t<meta property=\"og:image:height\" content=\"576\" \/>\n\t<meta property=\"og:image:type\" content=\"image\/jpeg\" \/>\n<meta name=\"twitter:card\" content=\"summary_large_image\" \/>\n<meta name=\"twitter:label1\" content=\"Est. reading time\" \/>\n\t<meta name=\"twitter:data1\" content=\"3 minutes\" \/>\n<script type=\"application\/ld+json\" class=\"yoast-schema-graph\">{\"@context\":\"https:\/\/schema.org\",\"@graph\":[{\"@type\":\"WebPage\",\"@id\":\"https:\/\/vannangvn.123websitedev.com\/san-pham\/bong-den-cuc-tim-model-q-lab-model-uvc-254\/\",\"url\":\"https:\/\/vannangvn.123websitedev.com\/san-pham\/bong-den-cuc-tim-model-q-lab-model-uvc-254\/\",\"name\":\"B\u00d3NG \u0110\u00c8N C\u1ef0C T\u00cdM MODEL Q-LAB\u00a0MODEL ... ch\u00ednh h\u00e3ng | V\u1ea1n N\u0103ng\",\"isPartOf\":{\"@id\":\"https:\/\/vannangvn.123websitedev.com\/#website\"},\"primaryImageOfPage\":{\"@id\":\"https:\/\/vannangvn.123websitedev.com\/san-pham\/bong-den-cuc-tim-model-q-lab-model-uvc-254\/#primaryimage\"},\"image\":{\"@id\":\"https:\/\/vannangvn.123websitedev.com\/san-pham\/bong-den-cuc-tim-model-q-lab-model-uvc-254\/#primaryimage\"},\"thumbnailUrl\":\"https:\/\/vannangvn.123websitedev.com\/wp-content\/uploads\/2026\/03\/UVC-254-QLAB-no.3-copy.jpg\",\"datePublished\":\"2026-03-20T10:20:14+00:00\",\"dateModified\":\"2026-03-30T11:10:46+00:00\",\"description\":\"Mua ngay B\u00d3NG \u0110\u00c8N C\u1ef0C T\u00cdM MODEL Q-LAB\u00a0MODEL UVC-254 ch\u00ednh h\u00e3ng. \u0110\u00e8n UVC-254 ph\u00e1t ra tia c\u1ef1c t\u00edm s\u00f3ng ng\u1eafn m\u1ea1nh m\u1ebd \u1edf b\u01b0\u1edbc s\u00f3ng 254... Gi\u00e1 t\u1ed1t!\",\"breadcrumb\":{\"@id\":\"https:\/\/vannangvn.123websitedev.com\/san-pham\/bong-den-cuc-tim-model-q-lab-model-uvc-254\/#breadcrumb\"},\"inLanguage\":\"en-US\",\"potentialAction\":[{\"@type\":\"ReadAction\",\"target\":[\"https:\/\/vannangvn.123websitedev.com\/san-pham\/bong-den-cuc-tim-model-q-lab-model-uvc-254\/\"]}]},{\"@type\":\"ImageObject\",\"inLanguage\":\"en-US\",\"@id\":\"https:\/\/vannangvn.123websitedev.com\/san-pham\/bong-den-cuc-tim-model-q-lab-model-uvc-254\/#primaryimage\",\"url\":\"https:\/\/vannangvn.123websitedev.com\/wp-content\/uploads\/2026\/03\/UVC-254-QLAB-no.3-copy.jpg\",\"contentUrl\":\"https:\/\/vannangvn.123websitedev.com\/wp-content\/uploads\/2026\/03\/UVC-254-QLAB-no.3-copy.jpg\",\"width\":768,\"height\":576},{\"@type\":\"BreadcrumbList\",\"@id\":\"https:\/\/vannangvn.123websitedev.com\/san-pham\/bong-den-cuc-tim-model-q-lab-model-uvc-254\/#breadcrumb\",\"itemListElement\":[{\"@type\":\"ListItem\",\"position\":1,\"name\":\"Trang ch\u1ee7\",\"item\":\"https:\/\/vannangvn.123websitedev.com\/\"},{\"@type\":\"ListItem\",\"position\":2,\"name\":\"S\u1ea3n ph\u1ea9m\",\"item\":\"https:\/\/vannangvn.123websitedev.com\/cua-hang\/\"},{\"@type\":\"ListItem\",\"position\":3,\"name\":\"B\u00d3NG \u0110\u00c8N C\u1ef0C T\u00cdM MODEL Q-LAB\u00a0MODEL UVC-254\"}]},{\"@type\":\"WebSite\",\"@id\":\"https:\/\/vannangvn.123websitedev.com\/#website\",\"url\":\"https:\/\/vannangvn.123websitedev.com\/\",\"name\":\"Vannang.vn\",\"description\":\"\",\"publisher\":{\"@id\":\"https:\/\/vannangvn.123websitedev.com\/#organization\"},\"potentialAction\":[{\"@type\":\"SearchAction\",\"target\":{\"@type\":\"EntryPoint\",\"urlTemplate\":\"https:\/\/vannangvn.123websitedev.com\/?s={search_term_string}\"},\"query-input\":{\"@type\":\"PropertyValueSpecification\",\"valueRequired\":true,\"valueName\":\"search_term_string\"}}],\"inLanguage\":\"en-US\"},{\"@type\":\"Organization\",\"@id\":\"https:\/\/vannangvn.123websitedev.com\/#organization\",\"name\":\"Vannang.vn\",\"url\":\"https:\/\/vannangvn.123websitedev.com\/\",\"logo\":{\"@type\":\"ImageObject\",\"inLanguage\":\"en-US\",\"@id\":\"https:\/\/vannangvn.123websitedev.com\/#\/schema\/logo\/image\/\",\"url\":\"https:\/\/vannangvn.123websitedev.com\/wp-content\/uploads\/2026\/02\/logo-van-nang-02.png\",\"contentUrl\":\"https:\/\/vannangvn.123websitedev.com\/wp-content\/uploads\/2026\/02\/logo-van-nang-02.png\",\"width\":448,\"height\":111,\"caption\":\"Vannang.vn\"},\"image\":{\"@id\":\"https:\/\/vannangvn.123websitedev.com\/#\/schema\/logo\/image\/\"}}]}<\/script>\n<!-- \/ Yoast SEO Premium plugin. -->","yoast_head_json":{"title":"B\u00d3NG \u0110\u00c8N C\u1ef0C T\u00cdM MODEL Q-LAB\u00a0MODEL ... ch\u00ednh h\u00e3ng | V\u1ea1n N\u0103ng","description":"Mua ngay B\u00d3NG \u0110\u00c8N C\u1ef0C T\u00cdM MODEL Q-LAB\u00a0MODEL UVC-254 ch\u00ednh h\u00e3ng. \u0110\u00e8n UVC-254 ph\u00e1t ra tia c\u1ef1c t\u00edm s\u00f3ng ng\u1eafn m\u1ea1nh m\u1ebd \u1edf b\u01b0\u1edbc s\u00f3ng 254... Gi\u00e1 t\u1ed1t!","robots":{"index":"noindex","follow":"follow","max-snippet":"max-snippet:-1","max-image-preview":"max-image-preview:large","max-video-preview":"max-video-preview:-1"},"og_locale":"en_US","og_type":"article","og_title":"B\u00d3NG \u0110\u00c8N C\u1ef0C T\u00cdM MODEL Q-LAB\u00a0MODEL UVC-254","og_description":"Mua ngay B\u00d3NG \u0110\u00c8N C\u1ef0C T\u00cdM MODEL Q-LAB\u00a0MODEL UVC-254 ch\u00ednh h\u00e3ng. \u0110\u00e8n UVC-254 ph\u00e1t ra tia c\u1ef1c t\u00edm s\u00f3ng ng\u1eafn m\u1ea1nh m\u1ebd \u1edf b\u01b0\u1edbc s\u00f3ng 254... Gi\u00e1 t\u1ed1t!","og_url":"https:\/\/vannangvn.123websitedev.com\/en\/product\/bong-den-cuc-tim-model-q-lab-model-uvc-254\/","og_site_name":"Vannang.vn","article_modified_time":"2026-03-30T11:10:46+00:00","og_image":[{"width":768,"height":576,"url":"http:\/\/vannangvn.123websitedev.com\/wp-content\/uploads\/2026\/03\/UVC-254-QLAB-no.3-copy.jpg","type":"image\/jpeg"}],"twitter_card":"summary_large_image","twitter_misc":{"Est. reading time":"3 minutes"},"schema":{"@context":"https:\/\/schema.org","@graph":[{"@type":"WebPage","@id":"https:\/\/vannangvn.123websitedev.com\/san-pham\/bong-den-cuc-tim-model-q-lab-model-uvc-254\/","url":"https:\/\/vannangvn.123websitedev.com\/san-pham\/bong-den-cuc-tim-model-q-lab-model-uvc-254\/","name":"B\u00d3NG \u0110\u00c8N C\u1ef0C T\u00cdM MODEL Q-LAB\u00a0MODEL ... ch\u00ednh h\u00e3ng | V\u1ea1n N\u0103ng","isPartOf":{"@id":"https:\/\/vannangvn.123websitedev.com\/#website"},"primaryImageOfPage":{"@id":"https:\/\/vannangvn.123websitedev.com\/san-pham\/bong-den-cuc-tim-model-q-lab-model-uvc-254\/#primaryimage"},"image":{"@id":"https:\/\/vannangvn.123websitedev.com\/san-pham\/bong-den-cuc-tim-model-q-lab-model-uvc-254\/#primaryimage"},"thumbnailUrl":"https:\/\/vannangvn.123websitedev.com\/wp-content\/uploads\/2026\/03\/UVC-254-QLAB-no.3-copy.jpg","datePublished":"2026-03-20T10:20:14+00:00","dateModified":"2026-03-30T11:10:46+00:00","description":"Mua ngay B\u00d3NG \u0110\u00c8N C\u1ef0C T\u00cdM MODEL Q-LAB\u00a0MODEL UVC-254 ch\u00ednh h\u00e3ng. \u0110\u00e8n UVC-254 ph\u00e1t ra tia c\u1ef1c t\u00edm s\u00f3ng ng\u1eafn m\u1ea1nh m\u1ebd \u1edf b\u01b0\u1edbc s\u00f3ng 254... Gi\u00e1 t\u1ed1t!","breadcrumb":{"@id":"https:\/\/vannangvn.123websitedev.com\/san-pham\/bong-den-cuc-tim-model-q-lab-model-uvc-254\/#breadcrumb"},"inLanguage":"en-US","potentialAction":[{"@type":"ReadAction","target":["https:\/\/vannangvn.123websitedev.com\/san-pham\/bong-den-cuc-tim-model-q-lab-model-uvc-254\/"]}]},{"@type":"ImageObject","inLanguage":"en-US","@id":"https:\/\/vannangvn.123websitedev.com\/san-pham\/bong-den-cuc-tim-model-q-lab-model-uvc-254\/#primaryimage","url":"https:\/\/vannangvn.123websitedev.com\/wp-content\/uploads\/2026\/03\/UVC-254-QLAB-no.3-copy.jpg","contentUrl":"https:\/\/vannangvn.123websitedev.com\/wp-content\/uploads\/2026\/03\/UVC-254-QLAB-no.3-copy.jpg","width":768,"height":576},{"@type":"BreadcrumbList","@id":"https:\/\/vannangvn.123websitedev.com\/san-pham\/bong-den-cuc-tim-model-q-lab-model-uvc-254\/#breadcrumb","itemListElement":[{"@type":"ListItem","position":1,"name":"Trang ch\u1ee7","item":"https:\/\/vannangvn.123websitedev.com\/"},{"@type":"ListItem","position":2,"name":"S\u1ea3n ph\u1ea9m","item":"https:\/\/vannangvn.123websitedev.com\/cua-hang\/"},{"@type":"ListItem","position":3,"name":"B\u00d3NG \u0110\u00c8N C\u1ef0C T\u00cdM MODEL Q-LAB\u00a0MODEL UVC-254"}]},{"@type":"WebSite","@id":"https:\/\/vannangvn.123websitedev.com\/#website","url":"https:\/\/vannangvn.123websitedev.com\/","name":"Vannang.vn","description":"","publisher":{"@id":"https:\/\/vannangvn.123websitedev.com\/#organization"},"potentialAction":[{"@type":"SearchAction","target":{"@type":"EntryPoint","urlTemplate":"https:\/\/vannangvn.123websitedev.com\/?s={search_term_string}"},"query-input":{"@type":"PropertyValueSpecification","valueRequired":true,"valueName":"search_term_string"}}],"inLanguage":"en-US"},{"@type":"Organization","@id":"https:\/\/vannangvn.123websitedev.com\/#organization","name":"Vannang.vn","url":"https:\/\/vannangvn.123websitedev.com\/","logo":{"@type":"ImageObject","inLanguage":"en-US","@id":"https:\/\/vannangvn.123websitedev.com\/#\/schema\/logo\/image\/","url":"https:\/\/vannangvn.123websitedev.com\/wp-content\/uploads\/2026\/02\/logo-van-nang-02.png","contentUrl":"https:\/\/vannangvn.123websitedev.com\/wp-content\/uploads\/2026\/02\/logo-van-nang-02.png","width":448,"height":111,"caption":"Vannang.vn"},"image":{"@id":"https:\/\/vannangvn.123websitedev.com\/#\/schema\/logo\/image\/"}}]}},"_links":{"self":[{"href":"https:\/\/vannangvn.123websitedev.com\/en\/wp-json\/wp\/v2\/product\/6022","targetHints":{"allow":["GET"]}}],"collection":[{"href":"https:\/\/vannangvn.123websitedev.com\/en\/wp-json\/wp\/v2\/product"}],"about":[{"href":"https:\/\/vannangvn.123websitedev.com\/en\/wp-json\/wp\/v2\/types\/product"}],"replies":[{"embeddable":true,"href":"https:\/\/vannangvn.123websitedev.com\/en\/wp-json\/wp\/v2\/comments?post=6022"}],"wp:featuredmedia":[{"embeddable":true,"href":"https:\/\/vannangvn.123websitedev.com\/en\/wp-json\/wp\/v2\/media\/9015"}],"wp:attachment":[{"href":"https:\/\/vannangvn.123websitedev.com\/en\/wp-json\/wp\/v2\/media?parent=6022"}],"wp:term":[{"taxonomy":"product_brand","embeddable":true,"href":"https:\/\/vannangvn.123websitedev.com\/en\/wp-json\/wp\/v2\/product_brand?post=6022"},{"taxonomy":"product_cat","embeddable":true,"href":"https:\/\/vannangvn.123websitedev.com\/en\/wp-json\/wp\/v2\/product_cat?post=6022"},{"taxonomy":"product_tag","embeddable":true,"href":"https:\/\/vannangvn.123websitedev.com\/en\/wp-json\/wp\/v2\/product_tag?post=6022"}],"curies":[{"name":"wp","href":"https:\/\/api.w.org\/{rel}","templated":true}]}}