{"id":6023,"date":"2026-03-20T17:20:16","date_gmt":"2026-03-20T10:20:16","guid":{"rendered":"https:\/\/vannangvn.123websitedev.com\/san-pham\/bong-den-cuc-tim-q-lab-model-qfs-40-fs-40-f40-uvb\/"},"modified":"2026-03-30T18:10:47","modified_gmt":"2026-03-30T11:10:47","slug":"bong-den-cuc-tim-q-lab-model-qfs-40-fs-40-f40-uvb","status":"publish","type":"product","link":"https:\/\/vannangvn.123websitedev.com\/en\/product\/bong-den-cuc-tim-q-lab-model-qfs-40-fs-40-f40-uvb\/","title":{"rendered":"B\u00d3NG \u0110\u00c8N C\u1ef0C T\u00cdM Q-LAB MODEL QFS-40 (FS-40\/F40 UVB)"},"content":{"rendered":"<h1 style=\"color: red; font-weight: bold; font-size: 24px;\">T&#7893;ng quan s&#7843;n ph&#7849;m B&Oacute;NG &#272;&Egrave;N C&#7920;C T&Iacute;M Q-LAB MODEL QFS-40 (FS-40\/F40 UVB)<p>B&oacute;ng &#272;&egrave;n C&#7921;c T&iacute;m (Lamps For QUV Accelerated Weathering Testers) Q-Lab Model QFS-40 (FS-40\/F40 UVB)<br>\nB&oacute;ng &#272;&egrave;n QFS-40, c&ograve;n &#273;&#432;&#7907;c g&#7885;i l&agrave; F40 UVB, l&agrave; lo&#7841;i b&oacute;ng &#273;&egrave;n UV truy&#7873;n th&#7889;ng &#273;&#432;&#7907;c s&#7917; d&#7909;ng trong c&aacute;c thi&#7871;t b&#7883; ki&#7875;m tra l&atilde;o h&oacute;a QUV. QFS-40 QLAB l&agrave; d&ograve;ng &#273;&egrave;n UVB &#273;&#7847;u ti&ecirc;n &#273;&#432;&#7907;c ph&aacute;t tri&#7875;n cho th&#7917; nghi&#7879;m l&atilde;o h&oacute;a v&#7853;t li&#7879;u, &#273;&#7863;c bi&#7879;t ph&#7893; bi&#7871;n trong ng&agrave;nh &ocirc; t&ocirc; v&agrave; s&#417;n ph&#7911;. H&atilde;y c&ugrave;ng V&#7841;n N&#259;ng t&igrave;m hi&#7875;u chi ti&#7871;t h&#417;n v&#7873; s&#7843;n ph&#7849;m th&ocirc;ng qua b&agrave;i vi&#7871;t d&#432;&#7899;i &#273;&acirc;y nh&eacute;!<\/p><p>Xem th&ecirc;m: Thi&#7871;t B&#7883; Ki&#7875;m Tra &#272;&#7897; L&atilde;o Ho&aacute; (Accelerated Weathering Tester) Q-LAB Model QUV<\/p><p>&#7912;ng D&#7909;ng C&#7911;a B&oacute;ng &#272;&egrave;n QFS-40 (F40 UVB)<br>\nM&#7863;c d&ugrave; hi&#7879;n nay h&#7847;u h&#7871;t c&aacute;c th&#7917; nghi&#7879;m &#273;&atilde; chuy&#7875;n sang s&#7917; d&#7909;ng UVB-313EL, nh&#432;ng QFS-40 v&#7851;n &#273;&#432;&#7907;c s&#7917; d&#7909;ng trong m&#7897;t s&#7889; ti&ecirc;u chu&#7849;n ki&#7875;m tra &ocirc; t&ocirc; v&agrave; c&ocirc;ng nghi&#7879;p:<\/p><p>Ng&agrave;nh &ocirc; t&ocirc;: &#272;&#432;&#7907;c y&ecirc;u c&#7847;u trong m&#7897;t s&#7889; ph&#432;&#417;ng ph&aacute;p th&#7917; nghi&#7879;m c&#7911;a ng&agrave;nh c&ocirc;ng nghi&#7879;p xe h&#417;i &#273;&#7875; &#273;&aacute;nh gi&aacute; s&#7921; xu&#7889;ng c&#7845;p c&#7911;a l&#7899;p s&#417;n v&agrave; v&#7853;t li&#7879;u ngo&#7841;i th&#7845;t.<br>\nNg&agrave;nh s&#417;n ph&#7911;: Ki&#7875;m tra kh&#7843; n&#259;ng ch&#7889;ng ch&#7883;u c&#7911;a s&#417;n tr&#432;&#7899;c t&aacute;c &#273;&#7897;ng c&#7911;a tia UV c&#432;&#7901;ng &#273;&#7897; cao.<br>\nNg&agrave;nh nh&#7921;a &amp; polymer: &#272;&aacute;nh gi&aacute; s&#7921; suy gi&#7843;m v&agrave; bi&#7871;n &#273;&#7893;i t&iacute;nh ch&#7845;t c&#7911;a nh&#7921;a khi ti&#7871;p x&uacute;c v&#7899;i tia UV m&#7841;nh.<\/p><p>&#431;u &#272;i&#7875;m C&#7911;a B&oacute;ng &#272;&egrave;n QFS-40 (F40 UVB)<\/p><p>Tu&acirc;n th&#7911; ti&ecirc;u chu&#7849;n ki&#7875;m tra &ocirc; t&ocirc;: M&#7897;t s&#7889; quy tr&igrave;nh th&#7917; nghi&#7879;m trong ng&agrave;nh &ocirc; t&ocirc; v&#7851;n y&ecirc;u c&#7847;u s&#7917; d&#7909;ng QFS40.<br>\nT&#432;&#417;ng th&iacute;ch v&#7899;i h&#7879; th&#7889;ng QUV c&#361;: &#272;&#432;&#7907;c s&#7917; d&#7909;ng trong c&aacute;c thi&#7871;t b&#7883; QUV\/basic m&agrave; kh&ocirc;ng c&#7847;n n&acirc;ng c&#7845;p.<br>\nChi ph&iacute; th&#7845;p h&#417;n so v&#7899;i c&aacute;c &#273;&egrave;n UVB hi&#7879;n &#273;&#7841;i: Th&iacute;ch h&#7907;p cho c&aacute;c th&#7917; nghi&#7879;m kh&ocirc;ng y&ecirc;u c&#7847;u c&#432;&#7901;ng &#273;&#7897; UV cao.<\/p><p>Xem th&ecirc;m: Thi&#7871;t B&#7883; Hi&#7879;u Chu&#7849;n C&#7843;m Bi&#7871;n &#272;o B&#7913;c X&#7841; V&agrave; Nhi&#7879;t &#272;&#7897; (Universal Calibrator System) Q-LAB<\/p><p>So S&aacute;nh QFS-40 V&#7899;i UVB-313EL<\/p><p>Ti&ecirc;u ch&iacute;<br>\nQFS-40 (F40 UVB)<br>\nUVB-313EL<\/p><p>Ph&#7893; b&#432;&#7899;c s&oacute;ng<br>\n295 &ndash; 365 nm<br>\n0903 991 335!<\/p><div style=\"background-color: #f8fafc; border: 1px solid #e2e8f0; border-radius: 8px; padding: 25px; max-width: 800px; margin: 30px auto; color: #334155; line-height: 1.8; font-size: 17px; box-shadow: 0 4px 6px -1px rgba(0,0,0,0.05); text-align: left; clear: both;\">\nC&ocirc;ng ty TNHH Th&#432;&#417;ng M&#7841;i D&#7883;ch V&#7909; Thi&#7871;t B&#7883; C&ocirc;ng Ngh&#7879; V&#7841;n N&#259;ng\n<p style=\"margin: 0 0 10px 0;\">&#128205; <strong style=\"color: #1e293b;\">&#272;&#7883;a ch&#7881;:<\/strong> <a style=\"color: #059669; text-decoration: none; font-weight: bold;\" href=\"https:\/\/www.google.com\/maps\/search\/C%C3%B4ng+ty+TNHH+Th%C6%B0%C6%A1ng+M%E1%BA%A1i+D%E1%BB%8Bch+V%E1%BB%A5+Thi%E1%BA%BFt+B%E1%BB%8B+C%C3%B4ng+Ngh%E1%BB%87+V%E1%BA%A1n+N%C4%83ng+818+Tr%C6%B0%E1%BB%9Dng+Chinh\" target=\"_blank\" rel=\"noopener\">818 Tr&#432;&#7901;ng Chinh, Ph&#432;&#7901;ng T&acirc;n S&#417;n, Th&agrave;nh ph&#7889; H&#7891; Ch&iacute; Minh, Vi&#7879;t Nam<\/a><\/p>\n<p style=\"margin: 0 0 10px 0;\">&#128222; <strong style=\"color: #1e293b;\">S&#272;T &ndash; Zalo:<\/strong> <a style=\"color: #059669; text-decoration: none; font-weight: bold;\" href=\"https:\/\/zalo.me\/0903991335\" target=\"_blank\" rel=\"noopener\">0903 991 335<\/a> <span style=\"color: #64748b; font-style: italic;\">(Ms. H&#7841;nh &ndash; Gi&aacute;m &#272;&#7889;c Kinh Doanh)<\/span><\/p>\n<p style=\"margin: 0;\">&#9993;&#65039; <strong style=\"color: #1e293b;\">Email:<\/strong> <a style=\"color: #059669; text-decoration: none; font-weight: bold;\" href=\"mailto:hienhanh@vannangvn.com\">hienhanh@vannangvn.com<\/a><\/p>\n<\/div><\/h1>","protected":false},"excerpt":{"rendered":"<p><strong>Th&#432;&#417;ng hi&#7879;u:<\/strong> Q-Lab<br>\n<strong>Model:<\/strong> QFS-40<p>Product <strong>B&Oacute;NG &#272;&Egrave;N C&#7920;C T&Iacute;M Q-LAB MODEL QFS-40 (FS-40\/F40 UVB)<\/strong> ch&iacute;nh h&atilde;ng. Q-Lab&nbsp;(USA)<br>\nV&#7841;n N&#259;ng cam k&#7871;t mang &#273;&#7871;n nh&#7919;ng b&oacute;ng &#273;&egrave;n h&#7891; quang UV ch&#7845;t l&#432;&#7907;ng v&#432;&#7907;t tr&#7897;i. V&#7899;i c&ocirc;ng ngh&#7879; ti&ecirc;n ti&#7871;n, m&#7895;i b&oacute;ng &#273;&egrave;n QFS-40&nbsp;&#273;&#432;&#7907;c thi&#7871;t k&#7871; &#273;&#7875; duy tr&igrave; quang ph&#7893; &#7893;n &#273;&#7883;nh trong su&#7889;t v&ograve;ng &#273;&#7901;i ho&#7841;t &#273;&#7897;ng. Quy tr&igrave;nh ki&#7875;m tra nghi&ecirc;m ng&#7863;t cho t&#7915;ng l&ocirc; s&#7843;n xu&#7845;t &#273;&#7843;m b&#7843;o r&#7857;ng thi&#7871;t b&#7883; th&#7917; nghi&#7879;m QUV c&#7911;a b&#7841;n s&#7869; cung c&#7845;p ph&#7893; &aacute;nh s&aacute;ng nh&#7845;t qu&aacute;n v&agrave; &#273;&aacute;ng tin c&#7853;y h&#7857;ng n&#259;m.<\/p><\/p>","protected":false},"featured_media":8737,"comment_status":"open","ping_status":"closed","template":"","meta":[],"product_brand":[],"product_cat":[18],"product_tag":[116,469,470,471,472,475,476,477,478],"class_list":{"0":"post-6023","1":"product","2":"type-product","3":"status-publish","4":"has-post-thumbnail","6":"product_cat-chua-phan-loai","7":"product_tag-model","8":"product_tag-bong","9":"product_tag-den","10":"product_tag-cuc","11":"product_tag-tim","12":"product_tag-q-lab","13":"product_tag-qfs-40","14":"product_tag-fs-40-f40","15":"product_tag-uvb","17":"first","18":"instock","19":"shipping-taxable","20":"product-type-simple"},"yoast_head":"<!-- This site is optimized with the Yoast SEO Premium plugin v24.8 (Yoast SEO v24.8) - https:\/\/yoast.com\/wordpress\/plugins\/seo\/ -->\n<title>B\u00d3NG \u0110\u00c8N C\u1ef0C T\u00cdM Q-LAB MODEL QFS-40... ch\u00ednh h\u00e3ng | V\u1ea1n N\u0103ng<\/title>\n<meta name=\"description\" content=\"Mua ngay B\u00d3NG \u0110\u00c8N C\u1ef0C T\u00cdM Q-LAB MODEL QFS-40 (FS-40\/F40 UVB) ch\u00ednh h\u00e3ng. V\u1ea1n N\u0103ng cam k\u1ebft mang \u0111\u1ebfn nh\u1eefng b\u00f3ng \u0111\u00e8n h\u1ed3 quang UV ch\u1ea5t... Gi\u00e1 t\u1ed1t!\" \/>\n<meta name=\"robots\" content=\"noindex, follow, max-snippet:-1, max-image-preview:large, max-video-preview:-1\" \/>\n<meta property=\"og:locale\" content=\"en_US\" \/>\n<meta property=\"og:type\" content=\"article\" \/>\n<meta property=\"og:title\" content=\"B\u00d3NG \u0110\u00c8N C\u1ef0C T\u00cdM Q-LAB MODEL QFS-40 (FS-40\/F40 UVB)\" \/>\n<meta property=\"og:description\" content=\"Mua ngay B\u00d3NG \u0110\u00c8N C\u1ef0C T\u00cdM Q-LAB MODEL QFS-40 (FS-40\/F40 UVB) ch\u00ednh h\u00e3ng. V\u1ea1n N\u0103ng cam k\u1ebft mang \u0111\u1ebfn nh\u1eefng b\u00f3ng \u0111\u00e8n h\u1ed3 quang UV ch\u1ea5t... Gi\u00e1 t\u1ed1t!\" \/>\n<meta property=\"og:url\" content=\"https:\/\/vannangvn.123websitedev.com\/en\/product\/bong-den-cuc-tim-q-lab-model-qfs-40-fs-40-f40-uvb\/\" \/>\n<meta property=\"og:site_name\" content=\"Vannang.vn\" \/>\n<meta property=\"article:modified_time\" content=\"2026-03-30T11:10:47+00:00\" \/>\n<meta property=\"og:image\" content=\"http:\/\/vannangvn.123websitedev.com\/wp-content\/uploads\/2026\/03\/QLAB-Model-QFS-40-no.1-copy.jpg\" \/>\n\t<meta property=\"og:image:width\" content=\"768\" \/>\n\t<meta property=\"og:image:height\" content=\"576\" \/>\n\t<meta property=\"og:image:type\" content=\"image\/jpeg\" \/>\n<meta name=\"twitter:card\" content=\"summary_large_image\" \/>\n<meta name=\"twitter:label1\" content=\"Est. reading time\" \/>\n\t<meta name=\"twitter:data1\" content=\"3 minutes\" \/>\n<script type=\"application\/ld+json\" class=\"yoast-schema-graph\">{\"@context\":\"https:\/\/schema.org\",\"@graph\":[{\"@type\":\"WebPage\",\"@id\":\"https:\/\/vannangvn.123websitedev.com\/san-pham\/bong-den-cuc-tim-q-lab-model-qfs-40-fs-40-f40-uvb\/\",\"url\":\"https:\/\/vannangvn.123websitedev.com\/san-pham\/bong-den-cuc-tim-q-lab-model-qfs-40-fs-40-f40-uvb\/\",\"name\":\"B\u00d3NG \u0110\u00c8N C\u1ef0C T\u00cdM Q-LAB MODEL QFS-40... ch\u00ednh h\u00e3ng | V\u1ea1n N\u0103ng\",\"isPartOf\":{\"@id\":\"https:\/\/vannangvn.123websitedev.com\/#website\"},\"primaryImageOfPage\":{\"@id\":\"https:\/\/vannangvn.123websitedev.com\/san-pham\/bong-den-cuc-tim-q-lab-model-qfs-40-fs-40-f40-uvb\/#primaryimage\"},\"image\":{\"@id\":\"https:\/\/vannangvn.123websitedev.com\/san-pham\/bong-den-cuc-tim-q-lab-model-qfs-40-fs-40-f40-uvb\/#primaryimage\"},\"thumbnailUrl\":\"https:\/\/vannangvn.123websitedev.com\/wp-content\/uploads\/2026\/03\/QLAB-Model-QFS-40-no.1-copy.jpg\",\"datePublished\":\"2026-03-20T10:20:16+00:00\",\"dateModified\":\"2026-03-30T11:10:47+00:00\",\"description\":\"Mua ngay B\u00d3NG \u0110\u00c8N C\u1ef0C T\u00cdM Q-LAB MODEL QFS-40 (FS-40\/F40 UVB) ch\u00ednh h\u00e3ng. V\u1ea1n N\u0103ng cam k\u1ebft mang \u0111\u1ebfn nh\u1eefng b\u00f3ng \u0111\u00e8n h\u1ed3 quang UV ch\u1ea5t... Gi\u00e1 t\u1ed1t!\",\"breadcrumb\":{\"@id\":\"https:\/\/vannangvn.123websitedev.com\/san-pham\/bong-den-cuc-tim-q-lab-model-qfs-40-fs-40-f40-uvb\/#breadcrumb\"},\"inLanguage\":\"en-US\",\"potentialAction\":[{\"@type\":\"ReadAction\",\"target\":[\"https:\/\/vannangvn.123websitedev.com\/san-pham\/bong-den-cuc-tim-q-lab-model-qfs-40-fs-40-f40-uvb\/\"]}]},{\"@type\":\"ImageObject\",\"inLanguage\":\"en-US\",\"@id\":\"https:\/\/vannangvn.123websitedev.com\/san-pham\/bong-den-cuc-tim-q-lab-model-qfs-40-fs-40-f40-uvb\/#primaryimage\",\"url\":\"https:\/\/vannangvn.123websitedev.com\/wp-content\/uploads\/2026\/03\/QLAB-Model-QFS-40-no.1-copy.jpg\",\"contentUrl\":\"https:\/\/vannangvn.123websitedev.com\/wp-content\/uploads\/2026\/03\/QLAB-Model-QFS-40-no.1-copy.jpg\",\"width\":768,\"height\":576},{\"@type\":\"BreadcrumbList\",\"@id\":\"https:\/\/vannangvn.123websitedev.com\/san-pham\/bong-den-cuc-tim-q-lab-model-qfs-40-fs-40-f40-uvb\/#breadcrumb\",\"itemListElement\":[{\"@type\":\"ListItem\",\"position\":1,\"name\":\"Trang ch\u1ee7\",\"item\":\"https:\/\/vannangvn.123websitedev.com\/\"},{\"@type\":\"ListItem\",\"position\":2,\"name\":\"S\u1ea3n ph\u1ea9m\",\"item\":\"https:\/\/vannangvn.123websitedev.com\/cua-hang\/\"},{\"@type\":\"ListItem\",\"position\":3,\"name\":\"B\u00d3NG \u0110\u00c8N C\u1ef0C T\u00cdM Q-LAB MODEL QFS-40 (FS-40\/F40 UVB)\"}]},{\"@type\":\"WebSite\",\"@id\":\"https:\/\/vannangvn.123websitedev.com\/#website\",\"url\":\"https:\/\/vannangvn.123websitedev.com\/\",\"name\":\"Vannang.vn\",\"description\":\"\",\"publisher\":{\"@id\":\"https:\/\/vannangvn.123websitedev.com\/#organization\"},\"potentialAction\":[{\"@type\":\"SearchAction\",\"target\":{\"@type\":\"EntryPoint\",\"urlTemplate\":\"https:\/\/vannangvn.123websitedev.com\/?s={search_term_string}\"},\"query-input\":{\"@type\":\"PropertyValueSpecification\",\"valueRequired\":true,\"valueName\":\"search_term_string\"}}],\"inLanguage\":\"en-US\"},{\"@type\":\"Organization\",\"@id\":\"https:\/\/vannangvn.123websitedev.com\/#organization\",\"name\":\"Vannang.vn\",\"url\":\"https:\/\/vannangvn.123websitedev.com\/\",\"logo\":{\"@type\":\"ImageObject\",\"inLanguage\":\"en-US\",\"@id\":\"https:\/\/vannangvn.123websitedev.com\/#\/schema\/logo\/image\/\",\"url\":\"https:\/\/vannangvn.123websitedev.com\/wp-content\/uploads\/2026\/02\/logo-van-nang-02.png\",\"contentUrl\":\"https:\/\/vannangvn.123websitedev.com\/wp-content\/uploads\/2026\/02\/logo-van-nang-02.png\",\"width\":448,\"height\":111,\"caption\":\"Vannang.vn\"},\"image\":{\"@id\":\"https:\/\/vannangvn.123websitedev.com\/#\/schema\/logo\/image\/\"}}]}<\/script>\n<!-- \/ Yoast SEO Premium plugin. -->","yoast_head_json":{"title":"B\u00d3NG \u0110\u00c8N C\u1ef0C T\u00cdM Q-LAB MODEL QFS-40... ch\u00ednh h\u00e3ng | V\u1ea1n N\u0103ng","description":"Mua ngay B\u00d3NG \u0110\u00c8N C\u1ef0C T\u00cdM Q-LAB MODEL QFS-40 (FS-40\/F40 UVB) ch\u00ednh h\u00e3ng. V\u1ea1n N\u0103ng cam k\u1ebft mang \u0111\u1ebfn nh\u1eefng b\u00f3ng \u0111\u00e8n h\u1ed3 quang UV ch\u1ea5t... Gi\u00e1 t\u1ed1t!","robots":{"index":"noindex","follow":"follow","max-snippet":"max-snippet:-1","max-image-preview":"max-image-preview:large","max-video-preview":"max-video-preview:-1"},"og_locale":"en_US","og_type":"article","og_title":"B\u00d3NG \u0110\u00c8N C\u1ef0C T\u00cdM Q-LAB MODEL QFS-40 (FS-40\/F40 UVB)","og_description":"Mua ngay B\u00d3NG \u0110\u00c8N C\u1ef0C T\u00cdM Q-LAB MODEL QFS-40 (FS-40\/F40 UVB) ch\u00ednh h\u00e3ng. V\u1ea1n N\u0103ng cam k\u1ebft mang \u0111\u1ebfn nh\u1eefng b\u00f3ng \u0111\u00e8n h\u1ed3 quang UV ch\u1ea5t... Gi\u00e1 t\u1ed1t!","og_url":"https:\/\/vannangvn.123websitedev.com\/en\/product\/bong-den-cuc-tim-q-lab-model-qfs-40-fs-40-f40-uvb\/","og_site_name":"Vannang.vn","article_modified_time":"2026-03-30T11:10:47+00:00","og_image":[{"width":768,"height":576,"url":"http:\/\/vannangvn.123websitedev.com\/wp-content\/uploads\/2026\/03\/QLAB-Model-QFS-40-no.1-copy.jpg","type":"image\/jpeg"}],"twitter_card":"summary_large_image","twitter_misc":{"Est. reading time":"3 minutes"},"schema":{"@context":"https:\/\/schema.org","@graph":[{"@type":"WebPage","@id":"https:\/\/vannangvn.123websitedev.com\/san-pham\/bong-den-cuc-tim-q-lab-model-qfs-40-fs-40-f40-uvb\/","url":"https:\/\/vannangvn.123websitedev.com\/san-pham\/bong-den-cuc-tim-q-lab-model-qfs-40-fs-40-f40-uvb\/","name":"B\u00d3NG \u0110\u00c8N C\u1ef0C T\u00cdM Q-LAB MODEL QFS-40... ch\u00ednh h\u00e3ng | V\u1ea1n N\u0103ng","isPartOf":{"@id":"https:\/\/vannangvn.123websitedev.com\/#website"},"primaryImageOfPage":{"@id":"https:\/\/vannangvn.123websitedev.com\/san-pham\/bong-den-cuc-tim-q-lab-model-qfs-40-fs-40-f40-uvb\/#primaryimage"},"image":{"@id":"https:\/\/vannangvn.123websitedev.com\/san-pham\/bong-den-cuc-tim-q-lab-model-qfs-40-fs-40-f40-uvb\/#primaryimage"},"thumbnailUrl":"https:\/\/vannangvn.123websitedev.com\/wp-content\/uploads\/2026\/03\/QLAB-Model-QFS-40-no.1-copy.jpg","datePublished":"2026-03-20T10:20:16+00:00","dateModified":"2026-03-30T11:10:47+00:00","description":"Mua ngay B\u00d3NG \u0110\u00c8N C\u1ef0C T\u00cdM Q-LAB MODEL QFS-40 (FS-40\/F40 UVB) ch\u00ednh h\u00e3ng. V\u1ea1n N\u0103ng cam k\u1ebft mang \u0111\u1ebfn nh\u1eefng b\u00f3ng \u0111\u00e8n h\u1ed3 quang UV ch\u1ea5t... Gi\u00e1 t\u1ed1t!","breadcrumb":{"@id":"https:\/\/vannangvn.123websitedev.com\/san-pham\/bong-den-cuc-tim-q-lab-model-qfs-40-fs-40-f40-uvb\/#breadcrumb"},"inLanguage":"en-US","potentialAction":[{"@type":"ReadAction","target":["https:\/\/vannangvn.123websitedev.com\/san-pham\/bong-den-cuc-tim-q-lab-model-qfs-40-fs-40-f40-uvb\/"]}]},{"@type":"ImageObject","inLanguage":"en-US","@id":"https:\/\/vannangvn.123websitedev.com\/san-pham\/bong-den-cuc-tim-q-lab-model-qfs-40-fs-40-f40-uvb\/#primaryimage","url":"https:\/\/vannangvn.123websitedev.com\/wp-content\/uploads\/2026\/03\/QLAB-Model-QFS-40-no.1-copy.jpg","contentUrl":"https:\/\/vannangvn.123websitedev.com\/wp-content\/uploads\/2026\/03\/QLAB-Model-QFS-40-no.1-copy.jpg","width":768,"height":576},{"@type":"BreadcrumbList","@id":"https:\/\/vannangvn.123websitedev.com\/san-pham\/bong-den-cuc-tim-q-lab-model-qfs-40-fs-40-f40-uvb\/#breadcrumb","itemListElement":[{"@type":"ListItem","position":1,"name":"Trang ch\u1ee7","item":"https:\/\/vannangvn.123websitedev.com\/"},{"@type":"ListItem","position":2,"name":"S\u1ea3n ph\u1ea9m","item":"https:\/\/vannangvn.123websitedev.com\/cua-hang\/"},{"@type":"ListItem","position":3,"name":"B\u00d3NG \u0110\u00c8N C\u1ef0C T\u00cdM Q-LAB MODEL QFS-40 (FS-40\/F40 UVB)"}]},{"@type":"WebSite","@id":"https:\/\/vannangvn.123websitedev.com\/#website","url":"https:\/\/vannangvn.123websitedev.com\/","name":"Vannang.vn","description":"","publisher":{"@id":"https:\/\/vannangvn.123websitedev.com\/#organization"},"potentialAction":[{"@type":"SearchAction","target":{"@type":"EntryPoint","urlTemplate":"https:\/\/vannangvn.123websitedev.com\/?s={search_term_string}"},"query-input":{"@type":"PropertyValueSpecification","valueRequired":true,"valueName":"search_term_string"}}],"inLanguage":"en-US"},{"@type":"Organization","@id":"https:\/\/vannangvn.123websitedev.com\/#organization","name":"Vannang.vn","url":"https:\/\/vannangvn.123websitedev.com\/","logo":{"@type":"ImageObject","inLanguage":"en-US","@id":"https:\/\/vannangvn.123websitedev.com\/#\/schema\/logo\/image\/","url":"https:\/\/vannangvn.123websitedev.com\/wp-content\/uploads\/2026\/02\/logo-van-nang-02.png","contentUrl":"https:\/\/vannangvn.123websitedev.com\/wp-content\/uploads\/2026\/02\/logo-van-nang-02.png","width":448,"height":111,"caption":"Vannang.vn"},"image":{"@id":"https:\/\/vannangvn.123websitedev.com\/#\/schema\/logo\/image\/"}}]}},"_links":{"self":[{"href":"https:\/\/vannangvn.123websitedev.com\/en\/wp-json\/wp\/v2\/product\/6023","targetHints":{"allow":["GET"]}}],"collection":[{"href":"https:\/\/vannangvn.123websitedev.com\/en\/wp-json\/wp\/v2\/product"}],"about":[{"href":"https:\/\/vannangvn.123websitedev.com\/en\/wp-json\/wp\/v2\/types\/product"}],"replies":[{"embeddable":true,"href":"https:\/\/vannangvn.123websitedev.com\/en\/wp-json\/wp\/v2\/comments?post=6023"}],"wp:featuredmedia":[{"embeddable":true,"href":"https:\/\/vannangvn.123websitedev.com\/en\/wp-json\/wp\/v2\/media\/8737"}],"wp:attachment":[{"href":"https:\/\/vannangvn.123websitedev.com\/en\/wp-json\/wp\/v2\/media?parent=6023"}],"wp:term":[{"taxonomy":"product_brand","embeddable":true,"href":"https:\/\/vannangvn.123websitedev.com\/en\/wp-json\/wp\/v2\/product_brand?post=6023"},{"taxonomy":"product_cat","embeddable":true,"href":"https:\/\/vannangvn.123websitedev.com\/en\/wp-json\/wp\/v2\/product_cat?post=6023"},{"taxonomy":"product_tag","embeddable":true,"href":"https:\/\/vannangvn.123websitedev.com\/en\/wp-json\/wp\/v2\/product_tag?post=6023"}],"curies":[{"name":"wp","href":"https:\/\/api.w.org\/{rel}","templated":true}]}}