{"id":6024,"date":"2026-03-20T17:20:22","date_gmt":"2026-03-20T10:20:22","guid":{"rendered":"https:\/\/vannangvn.123websitedev.com\/san-pham\/bong-den-cuc-tim-q-lab-model-tuv-42\/"},"modified":"2026-03-30T18:10:48","modified_gmt":"2026-03-30T11:10:48","slug":"bong-den-cuc-tim-q-lab-model-tuv-42","status":"publish","type":"product","link":"https:\/\/vannangvn.123websitedev.com\/en\/product\/bong-den-cuc-tim-q-lab-model-tuv-42\/","title":{"rendered":"B\u00d3NG \u0110\u00c8N C\u1ef0C T\u00cdM Q-LAB MODEL TUV-42"},"content":{"rendered":"<h1 style=\"color: red; font-weight: bold; font-size: 24px;\">T&#7893;ng quan s&#7843;n ph&#7849;m B&Oacute;NG &#272;&Egrave;N C&#7920;C T&Iacute;M Q-LAB MODEL TUV-42<p>B&oacute;ng &#272;&egrave;n C&#7921;c T&iacute;m (Lamps For QUV Accelerated Weathering Testers) Q-Lab Model TUV-42<br>\nB&oacute;ng &#272;&egrave;n TUV-421 l&agrave; m&#7897;t lo&#7841;i &#273;&egrave;n UV &#273;&#7863;c bi&#7879;t, &#273;&#432;&#7907;c thi&#7871;t k&#7871; &#273;&#7875; m&ocirc; ph&#7887;ng &aacute;nh s&aacute;ng m&#7863;t tr&#7901;i v&#7899;i d&#7843;i quang ph&#7893; m&#7903; r&#7897;ng, bao g&#7891;m tia UV b&#432;&#7899;c s&oacute;ng d&agrave;i v&agrave; m&#7897;t ph&#7847;n &aacute;nh s&aacute;ng kh&#7843; ki&#7871;n. QLAB Model TUV-421 ph&ugrave; h&#7907;p &#273;&#7875; ki&#7875;m tra s&#7921; phai m&agrave;u c&#7911;a ch&#7845;t t&#7841;o m&agrave;u, thu&#7889;c nhu&#7897;m, b&#7897;t m&agrave;u v&agrave; c&aacute;c v&#7853;t li&#7879;u nh&#7841;y c&#7843;m v&#7899;i &aacute;nh s&aacute;ng.<br>\nTUV-421 &#273;&aacute;p &#7913;ng ti&ecirc;u chu&#7849;n &ldquo;Type I Daylight&rdquo; c&#7911;a ASTM G155 v&agrave; ISO 4892-2, th&#432;&#7901;ng &#273;&#432;&#7907;c d&ugrave;ng thay th&#7871; cho &#273;&egrave;n h&#7891; quang xenon c&oacute; b&#7897; l&#7885;c quang h&#7885;c trong m&#7897;t s&#7889; th&#7917; nghi&#7879;m. H&atilde;y c&ugrave;ng V&#7841;n N&#259;ng t&igrave;m hi&#7875;u chi ti&#7871;t h&#417;n v&#7873; s&#7843;n ph&#7849;m th&ocirc;ng qua b&agrave;i vi&#7871;t d&#432;&#7899;i &#273;&acirc;y nh&eacute;!<\/p><p>Xem th&ecirc;m: Thi&#7871;t B&#7883; Ki&#7875;m Tra &#272;&#7897; L&atilde;o Ho&aacute; (Accelerated Weathering Tester) Q-LAB Model QUV<\/p><p>&#7912;ng D&#7909;ng C&#7911;a B&oacute;ng &#272;&egrave;n TUV-421<br>\nQLAB TUV-421 &#273;&#432;&#7907;c s&#7917; d&#7909;ng trong c&aacute;c th&#7917; nghi&#7879;m v&#7873; s&#7921; &#7893;n &#273;&#7883;nh m&agrave;u s&#7855;c v&agrave; &#273;&#7897; b&#7873;n v&#7853;t li&#7879;u tr&#432;&#7899;c &aacute;nh s&aacute;ng:<\/p><p>Ng&agrave;nh d&#7879;t may: Ki&#7875;m tra &#273;&#7897; b&#7873;n m&agrave;u c&#7911;a v&#7843;i s&#7907;i, qu&#7847;n &aacute;o khi ti&#7871;p x&uacute;c v&#7899;i &aacute;nh s&aacute;ng m&#7863;t tr&#7901;i.<br>\nNg&agrave;nh s&#417;n ph&#7911; &amp; nh&#7921;a: &#272;&aacute;nh gi&aacute; s&#7921; phai m&agrave;u v&agrave; suy gi&#7843;m c&#7911;a s&#417;n &ocirc; t&ocirc;, nh&#7921;a k&#7929; thu&#7853;t.<br>\nNg&agrave;nh m&#7929; ph&#7849;m &amp; bao b&igrave;: Ki&#7875;m tra &#273;&#7897; b&#7873;n m&agrave;u c&#7911;a bao b&igrave; s&#7843;n ph&#7849;m khi ti&#7871;p x&uacute;c v&#7899;i &aacute;nh s&aacute;ng trong th&#7901;i gian d&agrave;i.<br>\nNg&agrave;nh m&#7921;c in: &#272;&aacute;nh gi&aacute; &#273;&#7897; &#7893;n &#273;&#7883;nh m&agrave;u s&#7855;c c&#7911;a m&#7921;c in tr&ecirc;n gi&#7845;y, nh&#7921;a, kim lo&#7841;i.<\/p><p>&#431;u &#272;i&#7875;m C&#7911;a B&oacute;ng &#272;&egrave;n TUV-421<\/p><p>TUV-421 QLAB m&ocirc; ph&#7887;ng ch&iacute;nh x&aacute;c &aacute;nh s&aacute;ng m&#7863;t tr&#7901;i m&#7903; r&#7897;ng, bao g&#7891;m c&#7843; UV d&agrave;i v&agrave; v&ugrave;ng &aacute;nh s&aacute;ng nh&igrave;n th&#7845;y.<br>\nTh&iacute;ch h&#7907;p &#273;&#7875; ki&#7875;m tra s&#7921; phai m&agrave;u c&#7911;a thu&#7889;c nhu&#7897;m, b&#7897;t m&agrave;u &ndash; &#273;i&#7873;u m&agrave; c&aacute;c lo&#7841;i &#273;&egrave;n UV th&ocirc;ng th&#432;&#7901;ng kh&ocirc;ng th&#7875; t&aacute;i t&#7841;o ch&iacute;nh x&aacute;c.<br>\nT&#432;&#417;ng th&iacute;ch v&#7899;i nhi&#7873;u h&#7879; th&#7889;ng ki&#7875;m tra nh&#432; QUV Accelerated Weathering Tester.<\/p><p>Xem th&ecirc;m: Thi&#7871;t B&#7883; Hi&#7879;u Chu&#7849;n C&#7843;m Bi&#7871;n &#272;o B&#7913;c X&#7841; V&agrave; Nhi&#7879;t &#272;&#7897; (Universal Calibrator System) Q-LAB<\/p><p>So S&aacute;nh TUV-421 V&#7899;i C&aacute;c Lo&#7841;i &#272;&egrave;n UV Kh&aacute;c<\/p><p>Ti&ecirc;u ch&iacute;<br>\nTUV-421<br>\nUVA-340<br>\nUVB-313EL<\/p><p>Ph&#7893; b&#432;&#7899;c s&oacute;ng<br>\n275 &ndash; 450 nm<br>\n295 &ndash; 365 nm<br>\n0903 991 335!<\/p><div style=\"background-color: #f8fafc; border: 1px solid #e2e8f0; border-radius: 8px; padding: 25px; max-width: 800px; margin: 30px auto; color: #334155; line-height: 1.8; font-size: 17px; box-shadow: 0 4px 6px -1px rgba(0,0,0,0.05); text-align: left; clear: both;\">\nC&ocirc;ng ty TNHH Th&#432;&#417;ng M&#7841;i D&#7883;ch V&#7909; Thi&#7871;t B&#7883; C&ocirc;ng Ngh&#7879; V&#7841;n N&#259;ng\n<p style=\"margin: 0 0 10px 0;\">&#128205; <strong style=\"color: #1e293b;\">&#272;&#7883;a ch&#7881;:<\/strong> <a style=\"color: #059669; text-decoration: none; font-weight: bold;\" href=\"https:\/\/www.google.com\/maps\/search\/C%C3%B4ng+ty+TNHH+Th%C6%B0%C6%A1ng+M%E1%BA%A1i+D%E1%BB%8Bch+V%E1%BB%A5+Thi%E1%BA%BFt+B%E1%BB%8B+C%C3%B4ng+Ngh%E1%BB%87+V%E1%BA%A1n+N%C4%83ng+818+Tr%C6%B0%E1%BB%9Dng+Chinh\" target=\"_blank\" rel=\"noopener\">818 Tr&#432;&#7901;ng Chinh, Ph&#432;&#7901;ng T&acirc;n S&#417;n, Th&agrave;nh ph&#7889; H&#7891; Ch&iacute; Minh, Vi&#7879;t Nam<\/a><\/p>\n<p style=\"margin: 0 0 10px 0;\">&#128222; <strong style=\"color: #1e293b;\">S&#272;T &ndash; Zalo:<\/strong> <a style=\"color: #059669; text-decoration: none; font-weight: bold;\" href=\"https:\/\/zalo.me\/0903991335\" target=\"_blank\" rel=\"noopener\">0903 991 335<\/a> <span style=\"color: #64748b; font-style: italic;\">(Ms. H&#7841;nh &ndash; Gi&aacute;m &#272;&#7889;c Kinh Doanh)<\/span><\/p>\n<p style=\"margin: 0;\">&#9993;&#65039; <strong style=\"color: #1e293b;\">Email:<\/strong> <a style=\"color: #059669; text-decoration: none; font-weight: bold;\" href=\"mailto:hienhanh@vannangvn.com\">hienhanh@vannangvn.com<\/a><\/p>\n<\/div><\/h1>","protected":false},"excerpt":{"rendered":"<p><strong>Th&#432;&#417;ng hi&#7879;u:<\/strong> Q-LAB<br>\n<strong>Model:<\/strong> TUV-42<p>Product <strong>B&Oacute;NG &#272;&Egrave;N C&#7920;C T&Iacute;M Q-LAB MODEL TUV-42<\/strong> ch&iacute;nh h&atilde;ng. Q-LAB (USA)<br>\n&#272;&egrave;n TUV-421 m&#7899;i cung c&#7845;p d&#7843;i b&#7913;c x&#7841; ph&#7893; r&#7897;ng h&#417;n so v&#7899;i c&aacute;c lo&#7841;i &#273;&egrave;n hu&#7923;nh quang UV th&ocirc;ng th&#432;&#7901;ng. &#272;i&#7873;u n&agrave;y cho ph&eacute;p b&#7841;n t&#7853;n h&#432;&#7903;ng s&#7921; ti&#7879;n l&#7907;i v&agrave; chi ph&iacute; th&#7845;p c&#7911;a vi&#7879;c ki&#7875;m tra UV b&#7857;ng &#273;&egrave;n hu&#7923;nh quang QUV, nh&#432;ng l&#7841;i c&oacute; kh&#7843; n&#259;ng t&aacute;i t&#7841;o c&aacute;c hi&#7879;u &#7913;ng thay &#273;&#7893;i m&agrave;u s&#7855;c t&#432;&#417;ng t&#7921; nh&#432; nh&#7919;ng g&igrave; th&#432;&#7901;ng th&#7845;y &#7903; c&aacute;c th&#7917; nghi&#7879;m b&#7857;ng &#273;&egrave;n h&#7891; quang xenon Q-SUN. Nh&#7919;ng chi&#7871;c &#273;&egrave;n m&#7899;i n&agrave;y mang &#273;&#7871;n m&#7897;t c&aacute;ch &#273;&#417;n gi&#7843;n &#273;&#7875; ki&#7875;m tra nh&#7919;ng thay &#273;&#7893;i m&agrave;u s&#7855;c n&agrave;y v&#7899;i m&#7897;t m&#7913;c gi&aacute; r&#7845;t ph&#7843;i ch&#259;ng.<\/p><\/p>","protected":false},"featured_media":8729,"comment_status":"open","ping_status":"closed","template":"","meta":[],"product_brand":[],"product_cat":[18],"product_tag":[470,471,472,475,479,116,469],"class_list":{"0":"post-6024","1":"product","2":"type-product","3":"status-publish","4":"has-post-thumbnail","6":"product_cat-chua-phan-loai","7":"product_tag-den","8":"product_tag-cuc","9":"product_tag-tim","10":"product_tag-q-lab","11":"product_tag-tuv-42","12":"product_tag-model","13":"product_tag-bong","15":"first","16":"instock","17":"shipping-taxable","18":"product-type-simple"},"yoast_head":"<!-- This site is optimized with the Yoast SEO Premium plugin v24.8 (Yoast SEO v24.8) - https:\/\/yoast.com\/wordpress\/plugins\/seo\/ -->\n<title>B\u00d3NG \u0110\u00c8N C\u1ef0C T\u00cdM Q-LAB MODEL TUV-42 ch\u00ednh h\u00e3ng | V\u1ea1n N\u0103ng<\/title>\n<meta name=\"description\" content=\"Mua ngay B\u00d3NG \u0110\u00c8N C\u1ef0C T\u00cdM Q-LAB MODEL TUV-42 ch\u00ednh h\u00e3ng. \u0110\u00e8n TUV-421 m\u1edbi cung c\u1ea5p d\u1ea3i b\u1ee9c x\u1ea1 ph\u1ed5 r\u1ed9ng h\u01a1n so v\u1edbi c\u00e1c lo\u1ea1i \u0111\u00e8n hu\u1ef3n... Gi\u00e1 t\u1ed1t!\" \/>\n<meta name=\"robots\" content=\"noindex, follow, max-snippet:-1, max-image-preview:large, max-video-preview:-1\" \/>\n<meta property=\"og:locale\" content=\"en_US\" \/>\n<meta property=\"og:type\" content=\"article\" \/>\n<meta property=\"og:title\" content=\"B\u00d3NG \u0110\u00c8N C\u1ef0C T\u00cdM Q-LAB MODEL TUV-42\" \/>\n<meta property=\"og:description\" content=\"Mua ngay B\u00d3NG \u0110\u00c8N C\u1ef0C T\u00cdM Q-LAB MODEL TUV-42 ch\u00ednh h\u00e3ng. \u0110\u00e8n TUV-421 m\u1edbi cung c\u1ea5p d\u1ea3i b\u1ee9c x\u1ea1 ph\u1ed5 r\u1ed9ng h\u01a1n so v\u1edbi c\u00e1c lo\u1ea1i \u0111\u00e8n hu\u1ef3n... Gi\u00e1 t\u1ed1t!\" \/>\n<meta property=\"og:url\" content=\"https:\/\/vannangvn.123websitedev.com\/en\/product\/bong-den-cuc-tim-q-lab-model-tuv-42\/\" \/>\n<meta property=\"og:site_name\" content=\"Vannang.vn\" \/>\n<meta property=\"article:modified_time\" content=\"2026-03-30T11:10:48+00:00\" \/>\n<meta property=\"og:image\" content=\"http:\/\/vannangvn.123websitedev.com\/wp-content\/uploads\/2026\/03\/Q-LAB-Model-TUV-42-copy.jpg\" \/>\n\t<meta property=\"og:image:width\" content=\"768\" \/>\n\t<meta property=\"og:image:height\" content=\"576\" \/>\n\t<meta property=\"og:image:type\" content=\"image\/jpeg\" \/>\n<meta name=\"twitter:card\" content=\"summary_large_image\" \/>\n<meta name=\"twitter:label1\" content=\"Est. reading time\" \/>\n\t<meta name=\"twitter:data1\" content=\"3 minutes\" \/>\n<script type=\"application\/ld+json\" class=\"yoast-schema-graph\">{\"@context\":\"https:\/\/schema.org\",\"@graph\":[{\"@type\":\"WebPage\",\"@id\":\"https:\/\/vannangvn.123websitedev.com\/san-pham\/bong-den-cuc-tim-q-lab-model-tuv-42\/\",\"url\":\"https:\/\/vannangvn.123websitedev.com\/san-pham\/bong-den-cuc-tim-q-lab-model-tuv-42\/\",\"name\":\"B\u00d3NG \u0110\u00c8N C\u1ef0C T\u00cdM Q-LAB MODEL TUV-42 ch\u00ednh h\u00e3ng | V\u1ea1n N\u0103ng\",\"isPartOf\":{\"@id\":\"https:\/\/vannangvn.123websitedev.com\/#website\"},\"primaryImageOfPage\":{\"@id\":\"https:\/\/vannangvn.123websitedev.com\/san-pham\/bong-den-cuc-tim-q-lab-model-tuv-42\/#primaryimage\"},\"image\":{\"@id\":\"https:\/\/vannangvn.123websitedev.com\/san-pham\/bong-den-cuc-tim-q-lab-model-tuv-42\/#primaryimage\"},\"thumbnailUrl\":\"https:\/\/vannangvn.123websitedev.com\/wp-content\/uploads\/2026\/03\/Q-LAB-Model-TUV-42-copy.jpg\",\"datePublished\":\"2026-03-20T10:20:22+00:00\",\"dateModified\":\"2026-03-30T11:10:48+00:00\",\"description\":\"Mua ngay B\u00d3NG \u0110\u00c8N C\u1ef0C T\u00cdM Q-LAB MODEL TUV-42 ch\u00ednh h\u00e3ng. \u0110\u00e8n TUV-421 m\u1edbi cung c\u1ea5p d\u1ea3i b\u1ee9c x\u1ea1 ph\u1ed5 r\u1ed9ng h\u01a1n so v\u1edbi c\u00e1c lo\u1ea1i \u0111\u00e8n hu\u1ef3n... Gi\u00e1 t\u1ed1t!\",\"breadcrumb\":{\"@id\":\"https:\/\/vannangvn.123websitedev.com\/san-pham\/bong-den-cuc-tim-q-lab-model-tuv-42\/#breadcrumb\"},\"inLanguage\":\"en-US\",\"potentialAction\":[{\"@type\":\"ReadAction\",\"target\":[\"https:\/\/vannangvn.123websitedev.com\/san-pham\/bong-den-cuc-tim-q-lab-model-tuv-42\/\"]}]},{\"@type\":\"ImageObject\",\"inLanguage\":\"en-US\",\"@id\":\"https:\/\/vannangvn.123websitedev.com\/san-pham\/bong-den-cuc-tim-q-lab-model-tuv-42\/#primaryimage\",\"url\":\"https:\/\/vannangvn.123websitedev.com\/wp-content\/uploads\/2026\/03\/Q-LAB-Model-TUV-42-copy.jpg\",\"contentUrl\":\"https:\/\/vannangvn.123websitedev.com\/wp-content\/uploads\/2026\/03\/Q-LAB-Model-TUV-42-copy.jpg\",\"width\":768,\"height\":576},{\"@type\":\"BreadcrumbList\",\"@id\":\"https:\/\/vannangvn.123websitedev.com\/san-pham\/bong-den-cuc-tim-q-lab-model-tuv-42\/#breadcrumb\",\"itemListElement\":[{\"@type\":\"ListItem\",\"position\":1,\"name\":\"Trang ch\u1ee7\",\"item\":\"https:\/\/vannangvn.123websitedev.com\/\"},{\"@type\":\"ListItem\",\"position\":2,\"name\":\"S\u1ea3n ph\u1ea9m\",\"item\":\"https:\/\/vannangvn.123websitedev.com\/cua-hang\/\"},{\"@type\":\"ListItem\",\"position\":3,\"name\":\"B\u00d3NG \u0110\u00c8N C\u1ef0C T\u00cdM Q-LAB MODEL TUV-42\"}]},{\"@type\":\"WebSite\",\"@id\":\"https:\/\/vannangvn.123websitedev.com\/#website\",\"url\":\"https:\/\/vannangvn.123websitedev.com\/\",\"name\":\"Vannang.vn\",\"description\":\"\",\"publisher\":{\"@id\":\"https:\/\/vannangvn.123websitedev.com\/#organization\"},\"potentialAction\":[{\"@type\":\"SearchAction\",\"target\":{\"@type\":\"EntryPoint\",\"urlTemplate\":\"https:\/\/vannangvn.123websitedev.com\/?s={search_term_string}\"},\"query-input\":{\"@type\":\"PropertyValueSpecification\",\"valueRequired\":true,\"valueName\":\"search_term_string\"}}],\"inLanguage\":\"en-US\"},{\"@type\":\"Organization\",\"@id\":\"https:\/\/vannangvn.123websitedev.com\/#organization\",\"name\":\"Vannang.vn\",\"url\":\"https:\/\/vannangvn.123websitedev.com\/\",\"logo\":{\"@type\":\"ImageObject\",\"inLanguage\":\"en-US\",\"@id\":\"https:\/\/vannangvn.123websitedev.com\/#\/schema\/logo\/image\/\",\"url\":\"https:\/\/vannangvn.123websitedev.com\/wp-content\/uploads\/2026\/02\/logo-van-nang-02.png\",\"contentUrl\":\"https:\/\/vannangvn.123websitedev.com\/wp-content\/uploads\/2026\/02\/logo-van-nang-02.png\",\"width\":448,\"height\":111,\"caption\":\"Vannang.vn\"},\"image\":{\"@id\":\"https:\/\/vannangvn.123websitedev.com\/#\/schema\/logo\/image\/\"}}]}<\/script>\n<!-- \/ Yoast SEO Premium plugin. -->","yoast_head_json":{"title":"B\u00d3NG \u0110\u00c8N C\u1ef0C T\u00cdM Q-LAB MODEL TUV-42 ch\u00ednh h\u00e3ng | V\u1ea1n N\u0103ng","description":"Mua ngay B\u00d3NG \u0110\u00c8N C\u1ef0C T\u00cdM Q-LAB MODEL TUV-42 ch\u00ednh h\u00e3ng. \u0110\u00e8n TUV-421 m\u1edbi cung c\u1ea5p d\u1ea3i b\u1ee9c x\u1ea1 ph\u1ed5 r\u1ed9ng h\u01a1n so v\u1edbi c\u00e1c lo\u1ea1i \u0111\u00e8n hu\u1ef3n... Gi\u00e1 t\u1ed1t!","robots":{"index":"noindex","follow":"follow","max-snippet":"max-snippet:-1","max-image-preview":"max-image-preview:large","max-video-preview":"max-video-preview:-1"},"og_locale":"en_US","og_type":"article","og_title":"B\u00d3NG \u0110\u00c8N C\u1ef0C T\u00cdM Q-LAB MODEL TUV-42","og_description":"Mua ngay B\u00d3NG \u0110\u00c8N C\u1ef0C T\u00cdM Q-LAB MODEL TUV-42 ch\u00ednh h\u00e3ng. \u0110\u00e8n TUV-421 m\u1edbi cung c\u1ea5p d\u1ea3i b\u1ee9c x\u1ea1 ph\u1ed5 r\u1ed9ng h\u01a1n so v\u1edbi c\u00e1c lo\u1ea1i \u0111\u00e8n hu\u1ef3n... Gi\u00e1 t\u1ed1t!","og_url":"https:\/\/vannangvn.123websitedev.com\/en\/product\/bong-den-cuc-tim-q-lab-model-tuv-42\/","og_site_name":"Vannang.vn","article_modified_time":"2026-03-30T11:10:48+00:00","og_image":[{"width":768,"height":576,"url":"http:\/\/vannangvn.123websitedev.com\/wp-content\/uploads\/2026\/03\/Q-LAB-Model-TUV-42-copy.jpg","type":"image\/jpeg"}],"twitter_card":"summary_large_image","twitter_misc":{"Est. reading time":"3 minutes"},"schema":{"@context":"https:\/\/schema.org","@graph":[{"@type":"WebPage","@id":"https:\/\/vannangvn.123websitedev.com\/san-pham\/bong-den-cuc-tim-q-lab-model-tuv-42\/","url":"https:\/\/vannangvn.123websitedev.com\/san-pham\/bong-den-cuc-tim-q-lab-model-tuv-42\/","name":"B\u00d3NG \u0110\u00c8N C\u1ef0C T\u00cdM Q-LAB MODEL TUV-42 ch\u00ednh h\u00e3ng | V\u1ea1n N\u0103ng","isPartOf":{"@id":"https:\/\/vannangvn.123websitedev.com\/#website"},"primaryImageOfPage":{"@id":"https:\/\/vannangvn.123websitedev.com\/san-pham\/bong-den-cuc-tim-q-lab-model-tuv-42\/#primaryimage"},"image":{"@id":"https:\/\/vannangvn.123websitedev.com\/san-pham\/bong-den-cuc-tim-q-lab-model-tuv-42\/#primaryimage"},"thumbnailUrl":"https:\/\/vannangvn.123websitedev.com\/wp-content\/uploads\/2026\/03\/Q-LAB-Model-TUV-42-copy.jpg","datePublished":"2026-03-20T10:20:22+00:00","dateModified":"2026-03-30T11:10:48+00:00","description":"Mua ngay B\u00d3NG \u0110\u00c8N C\u1ef0C T\u00cdM Q-LAB MODEL TUV-42 ch\u00ednh h\u00e3ng. \u0110\u00e8n TUV-421 m\u1edbi cung c\u1ea5p d\u1ea3i b\u1ee9c x\u1ea1 ph\u1ed5 r\u1ed9ng h\u01a1n so v\u1edbi c\u00e1c lo\u1ea1i \u0111\u00e8n hu\u1ef3n... Gi\u00e1 t\u1ed1t!","breadcrumb":{"@id":"https:\/\/vannangvn.123websitedev.com\/san-pham\/bong-den-cuc-tim-q-lab-model-tuv-42\/#breadcrumb"},"inLanguage":"en-US","potentialAction":[{"@type":"ReadAction","target":["https:\/\/vannangvn.123websitedev.com\/san-pham\/bong-den-cuc-tim-q-lab-model-tuv-42\/"]}]},{"@type":"ImageObject","inLanguage":"en-US","@id":"https:\/\/vannangvn.123websitedev.com\/san-pham\/bong-den-cuc-tim-q-lab-model-tuv-42\/#primaryimage","url":"https:\/\/vannangvn.123websitedev.com\/wp-content\/uploads\/2026\/03\/Q-LAB-Model-TUV-42-copy.jpg","contentUrl":"https:\/\/vannangvn.123websitedev.com\/wp-content\/uploads\/2026\/03\/Q-LAB-Model-TUV-42-copy.jpg","width":768,"height":576},{"@type":"BreadcrumbList","@id":"https:\/\/vannangvn.123websitedev.com\/san-pham\/bong-den-cuc-tim-q-lab-model-tuv-42\/#breadcrumb","itemListElement":[{"@type":"ListItem","position":1,"name":"Trang ch\u1ee7","item":"https:\/\/vannangvn.123websitedev.com\/"},{"@type":"ListItem","position":2,"name":"S\u1ea3n ph\u1ea9m","item":"https:\/\/vannangvn.123websitedev.com\/cua-hang\/"},{"@type":"ListItem","position":3,"name":"B\u00d3NG \u0110\u00c8N C\u1ef0C T\u00cdM Q-LAB MODEL TUV-42"}]},{"@type":"WebSite","@id":"https:\/\/vannangvn.123websitedev.com\/#website","url":"https:\/\/vannangvn.123websitedev.com\/","name":"Vannang.vn","description":"","publisher":{"@id":"https:\/\/vannangvn.123websitedev.com\/#organization"},"potentialAction":[{"@type":"SearchAction","target":{"@type":"EntryPoint","urlTemplate":"https:\/\/vannangvn.123websitedev.com\/?s={search_term_string}"},"query-input":{"@type":"PropertyValueSpecification","valueRequired":true,"valueName":"search_term_string"}}],"inLanguage":"en-US"},{"@type":"Organization","@id":"https:\/\/vannangvn.123websitedev.com\/#organization","name":"Vannang.vn","url":"https:\/\/vannangvn.123websitedev.com\/","logo":{"@type":"ImageObject","inLanguage":"en-US","@id":"https:\/\/vannangvn.123websitedev.com\/#\/schema\/logo\/image\/","url":"https:\/\/vannangvn.123websitedev.com\/wp-content\/uploads\/2026\/02\/logo-van-nang-02.png","contentUrl":"https:\/\/vannangvn.123websitedev.com\/wp-content\/uploads\/2026\/02\/logo-van-nang-02.png","width":448,"height":111,"caption":"Vannang.vn"},"image":{"@id":"https:\/\/vannangvn.123websitedev.com\/#\/schema\/logo\/image\/"}}]}},"_links":{"self":[{"href":"https:\/\/vannangvn.123websitedev.com\/en\/wp-json\/wp\/v2\/product\/6024","targetHints":{"allow":["GET"]}}],"collection":[{"href":"https:\/\/vannangvn.123websitedev.com\/en\/wp-json\/wp\/v2\/product"}],"about":[{"href":"https:\/\/vannangvn.123websitedev.com\/en\/wp-json\/wp\/v2\/types\/product"}],"replies":[{"embeddable":true,"href":"https:\/\/vannangvn.123websitedev.com\/en\/wp-json\/wp\/v2\/comments?post=6024"}],"wp:featuredmedia":[{"embeddable":true,"href":"https:\/\/vannangvn.123websitedev.com\/en\/wp-json\/wp\/v2\/media\/8729"}],"wp:attachment":[{"href":"https:\/\/vannangvn.123websitedev.com\/en\/wp-json\/wp\/v2\/media?parent=6024"}],"wp:term":[{"taxonomy":"product_brand","embeddable":true,"href":"https:\/\/vannangvn.123websitedev.com\/en\/wp-json\/wp\/v2\/product_brand?post=6024"},{"taxonomy":"product_cat","embeddable":true,"href":"https:\/\/vannangvn.123websitedev.com\/en\/wp-json\/wp\/v2\/product_cat?post=6024"},{"taxonomy":"product_tag","embeddable":true,"href":"https:\/\/vannangvn.123websitedev.com\/en\/wp-json\/wp\/v2\/product_tag?post=6024"}],"curies":[{"name":"wp","href":"https:\/\/api.w.org\/{rel}","templated":true}]}}