{"id":6026,"date":"2026-03-20T17:20:26","date_gmt":"2026-03-20T10:20:26","guid":{"rendered":"https:\/\/vannangvn.123websitedev.com\/san-pham\/bong-den-cuc-tim-q-lab-model-uva-340-2\/"},"modified":"2026-03-30T18:10:50","modified_gmt":"2026-03-30T11:10:50","slug":"bong-den-cuc-tim-q-lab-model-uva-340-2","status":"publish","type":"product","link":"https:\/\/vannangvn.123websitedev.com\/en\/product\/bong-den-cuc-tim-q-lab-model-uva-340-2\/","title":{"rendered":"B\u00d3NG \u0110\u00c8N C\u1ef0C T\u00cdM Q-LAB MODEL UVA-340+"},"content":{"rendered":"<h1 style=\"color: red; font-weight: bold; font-size: 24px;\">T&#7893;ng quan s&#7843;n ph&#7849;m B&Oacute;NG &#272;&Egrave;N C&#7920;C T&Iacute;M Q-LAB MODEL UVA-340+<p>B&oacute;ng &#272;&egrave;n C&#7921;c T&iacute;m (Lamps For QUV Accelerated Weathering Testers) Q-Lab Model UVA-340+<br>\nB&oacute;ng &#272;&egrave;n UVA-340+ l&agrave; m&#7897;t trong nh&#7919;ng lo&#7841;i &#273;&egrave;n c&#7921;c t&iacute;m ph&#7893; bi&#7871;n nh&#7845;t trong m&aacute;y ki&#7875;m tra l&atilde;o h&oacute;a QUV, &#273;&#432;&#7907;c thi&#7871;t k&#7871; &#273;&#7863;c bi&#7879;t &#273;&#7875; m&ocirc; ph&#7887;ng ph&#7893; UV ng&#7855;n c&#7911;a &aacute;nh s&aacute;ng m&#7863;t tr&#7901;i. V&#7899;i kh&#7843; n&#259;ng ph&aacute;t x&#7841; t&#7915; 295 nm &#273;&#7871;n 365 nm, UVA-340+ mang l&#7841;i k&#7871;t qu&#7843; th&#7917; nghi&#7879;m ch&iacute;nh x&aacute;c nh&#7845;t cho c&aacute;c v&#7853;t li&#7879;u nh&#7841;y c&#7843;m v&#7899;i tia UV. H&atilde;y c&ugrave;ng V&#7841;n N&#259;ng t&igrave;m hi&#7875;u chi ti&#7871;t h&#417;n v&#7873; s&#7843;n ph&#7849;m th&ocirc;ng qua b&agrave;i vi&#7871;t d&#432;&#7899;i &#273;&acirc;y nh&eacute;!<\/p><p>Xem th&ecirc;m: B&oacute;ng &#272;&egrave;n C&#7921;c T&iacute;m (Lamps For QUV Accelerated Weathering Testers) Q-Lab Model QFS-40 (FS-40\/F40 UVB)<\/p><p>&#431;u &#272;i&#7875;m V&#432;&#7907;t Tr&#7897;i C&#7911;a B&oacute;ng &#272;&egrave;n UVA-340<\/p><p>M&ocirc; ph&#7887;ng ch&iacute;nh x&aacute;c &aacute;nh s&aacute;ng m&#7863;t tr&#7901;i: &#272;&#7897; ph&aacute;t x&#7841; UV t&#7853;p trung t&#7915; 295-365 nm, g&#7847;n nh&#7845;t v&#7899;i ph&#7893; &aacute;nh s&aacute;ng m&#7863;t tr&#7901;i.<br>\nT&#432;&#417;ng th&iacute;ch v&#7899;i nhi&#7873;u h&#7879; th&#7889;ng th&#7917; nghi&#7879;m: &#272;&#432;&#7907;c s&#7917; d&#7909;ng r&#7897;ng r&atilde;i trong c&aacute;c m&aacute;y QUV Accelerated Weathering Tester.<br>\nTh&iacute;ch h&#7907;p cho ki&#7875;m tra so s&aacute;nh v&#7853;t li&#7879;u: Model UVA-340+ &#273;&#7863;c bi&#7879;t h&#7919;u &iacute;ch trong vi&#7879;c &#273;&aacute;nh gi&aacute; hi&#7879;u su&#7845;t c&#7911;a c&aacute;c c&ocirc;ng th&#7913;c polymer v&agrave; ch&#7845;t &#7893;n &#273;&#7883;nh UV.<\/p><p>Xem th&ecirc;m: Thi&#7871;t B&#7883; Hi&#7879;u Chu&#7849;n C&#7843;m Bi&#7871;n &#272;o B&#7913;c X&#7841; V&agrave; Nhi&#7879;t &#272;&#7897; (Universal Calibrator System) Q-LAB<\/p><p>So S&aacute;nh UVA-340 v&agrave; UVA-340+<\/p><p>Ti&ecirc;u ch&iacute;<br>\nUVA-340<br>\nUVA-340+<\/p><p>Ph&#7893; b&#432;&#7899;c s&oacute;ng<br>\n295 &ndash; 365 nm<br>\n295 &ndash; 365 nm<\/p><p>C&#432;&#7901;ng &#273;&#7897; UV<br>\nB&igrave;nh th&#432;&#7901;ng<br>\nCao h&#417;n UVA-340<\/p><p>&#7912;ng d&#7909;ng<br>\nSo s&aacute;nh v&#7853;t li&#7879;u, th&#7917; nghi&#7879;m ti&ecirc;u chu&#7849;n<br>\nKi&#7875;m tra v&#7899;i c&#432;&#7901;ng &#273;&#7897; cao, t&#259;ng t&#7889;c th&#7917; nghi&#7879;m<\/p><p>&#7912;ng D&#7909;ng C&#7911;a B&oacute;ng &#272;&egrave;n UVA-340+<br>\nB&oacute;ng &#272;&egrave;n QLAB UVA-340+ &#273;&#432;&#7907;c s&#7917; d&#7909;ng r&#7897;ng r&atilde;i trong nhi&#7873;u ng&agrave;nh c&ocirc;ng nghi&#7879;p &#273;&#7875; &#273;&aacute;nh gi&aacute; &#273;&#7897; b&#7873;n c&#7911;a v&#7853;t li&#7879;u d&#432;&#7899;i t&aacute;c &#273;&#7897;ng c&#7911;a tia c&#7921;c t&iacute;m:<\/p><p>Ng&agrave;nh nh&#7921;a &amp; polymer: Ki&#7875;m tra kh&#7843; n&#259;ng ch&#7889;ng l&atilde;o h&oacute;a, phai m&agrave;u.<br>\nNg&agrave;nh s&#417;n ph&#7911;: &#272;&aacute;nh gi&aacute; s&#7921; suy gi&#7843;m ch&#7845;t l&#432;&#7907;ng l&#7899;p ph&#7911;.<br>\nNg&agrave;nh &ocirc; t&ocirc;: Th&#7917; nghi&#7879;m v&#7853;t li&#7879;u n&#7897;i th&#7845;t, ngo&#7841;i th&#7845;t tr&#432;&#7899;c t&aacute;c &#273;&#7897;ng c&#7911;a UV.<br>\nNg&agrave;nh d&#7879;t may: UVA-340+ QLAB x&aacute;c &#273;&#7883;nh &#273;&#7897; b&#7873;n m&agrave;u c&#7911;a v&#7843;i, s&#7907;i khi ti&#7871;p x&uacute;c v&#7899;i &aacute;nh s&aacute;ng m&#7863;t tr&#7901;i.<\/p><p>Xem th&ecirc;m: H&#7879; Th&#7889;ng &#272;o &#272;&#7897; D&agrave;y Antifinger V&agrave; D&#7847;u C&aacute;n Tr&ecirc;n D&acirc;y Chuy&#7873;n T&ocirc;n Th&eacute;p (Oil Thickness On Steel Sheets Measurement) Kurabo Model RX-2500<\/p><p>L&#432;u &Yacute; Khi S&#7917; D&#7909;ng B&oacute;ng &#272;&egrave;n UVA-340+<\/p><p>Kh&ocirc;ng k&#7871;t h&#7907;p UVA-340+ v&#7899;i c&aacute;c lo&#7841;i &#273;&egrave;n kh&aacute;c trong c&ugrave;ng m&#7897;t thi&#7871;t b&#7883; th&#7917; nghi&#7879;m &#273;&#7875; &#273;&#7843;m b&#7843;o t&iacute;nh nh&#7845;t qu&aacute;n.<br>\nThay th&#7871; &#273;&egrave;n &#273;&#7883;nh k&#7923; &#273;&#7875; duy tr&igrave; &#273;&#7897; ch&iacute;nh x&aacute;c c&#7911;a ph&eacute;p th&#7917;.<br>\nS&#7917; d&#7909;ng h&#7879; th&#7889;ng ki&#7875;m so&aacute;t b&#7913;c x&#7841; SOLAR EYE tr&ecirc;n m&aacute;y QUV &#273;&#7875; &#273;&#7843;m b&#7843;o &#273;&#7897; &#7893;n &#273;&#7883;nh khi th&#7917; nghi&#7879;m.<\/p><p>Nh&#7919;ng L&yacute; Do N&ecirc;n Mua B&oacute;ng &#272;&egrave;n C&#7921;c T&iacute;m T&#7841;i V&#7841;n N&#259;ng<\/p><p>C&ocirc;ng ty Thi&#7871;t B&#7883; C&ocirc;ng Ngh&#7879; V&#7841;n N&#259;ng l&agrave; &#273;&#7889;i t&aacute;c ch&iacute;nh th&#7913;c ph&acirc;n ph&#7889;i B&oacute;ng &#272;&egrave;n C&#7921;c T&iacute;m h&agrave;ng &#273;&#7847;u t&#7841;i Vi&#7879;t Nam, cam k&#7871;t cung c&#7845;p s&#7843;n ph&#7849;m ch&iacute;nh h&atilde;ng v&#7899;i gi&aacute; c&#7843; c&#7841;nh tranh nh&#7845;t th&#7883; tr&#432;&#7901;ng. V&#7899;i uy t&iacute;n tr&ecirc;n th&#7883; tr&#432;&#7901;ng v&agrave; ch&#7871; &#273;&#7897; h&#7851;u m&atilde;i t&#7889;t, Thi&#7871;t B&#7883; C&ocirc;ng Ngh&#7879; V&#7841;n N&#259;ng &#273;&atilde; nh&#7853;n &#273;&#432;&#7907;c s&#7921; tin t&#432;&#7903;ng t&#7915; kh&aacute;ch h&agrave;ng nh&#7901; v&agrave;o ch&#7845;t l&#432;&#7907;ng h&agrave;ng &#273;&#7847;u c&#7911;a c&aacute;c d&ograve;ng s&#7843;n ph&#7849;m.<br>\nS&#7843;n ph&#7849;m c&#7911;a ch&uacute;ng t&ocirc;i &#273;&#432;&#7907;c ki&#7875;m &#273;&#7883;nh ch&#7845;t l&#432;&#7907;ng, nh&#7853;p kh&#7849;u tr&#7921;c ti&#7871;p t&#7915; nh&agrave; m&aacute;y b&ecirc;n Ch&acirc;u &Acirc;u, M&#7929;, &Uacute;c, Nh&#7853;t B&#7843;n,&hellip; v&agrave; &#273;&aacute;p &#7913;ng nhu c&#7847;u &#273;a d&#7841;ng c&#7911;a th&#7883; tr&#432;&#7901;ng nh&#432;: M&aacute;y &#272;o &#272;&#7897; C&#7913;ng, M&aacute;y SPECTROMAXx, M&aacute;y Ki&#7875;m Tra &#272;&#432;&#7901;ng Gh&eacute;p M&iacute; Lon,&hellip; Ch&uacute;ng t&ocirc;i cam k&#7871;t cung c&#7845;p s&#7843;n ph&#7849;m n&agrave;y tr&ecirc;n to&agrave;n qu&#7889;c v&#7899;i gi&aacute; c&#7843; c&#7841;nh tranh nh&#7845;t.<br>\nCh&uacute;ng t&ocirc;i c&oacute; &#273;&#7897;i ng&#361; chuy&ecirc;n vi&ecirc;n t&#432; v&#7845;n chuy&ecirc;n s&acirc;u s&#7869; h&#7895; tr&#7907; kh&aacute;ch h&agrave;ng v&#7873; chi ti&#7871;t s&#7843;n ph&#7849;m, h&#432;&#7899;ng d&#7851;n s&#7917; d&#7909;ng hay nh&#7919;ng th&#7913; li&ecirc;n quan &#273;&#7871;n v&#7845;n &#273;&#7873; m&agrave; doanh nghi&#7879;p b&#7841;n &#273;ang g&#7863;p ph&#7843;i. Ch&uacute;ng t&ocirc;i s&#7869; cung c&#7845;p nh&#7919;ng gi&#7843;i ph&aacute;p t&#7889;i &#432;u nh&#7845;t!<br>\nNgo&agrave;i ra Thi&#7871;t B&#7883; C&ocirc;ng Ngh&#7879; V&#7841;n N&#259;ng Ch&uacute;ng T&ocirc;i lu&ocirc;n h&#432;&#7899;ng &#273;&#7871;n tr&#7843;i nghi&#7879;m kh&aacute;ch h&agrave;ng, v&igrave; v&#7853;y ch&uacute;ng t&ocirc;i c&oacute; nh&#7919;ng ch&iacute;nh s&aacute;ch b&#7843;o h&agrave;nh, b&#7843;o tr&igrave; &ndash; b&#7843;o d&#432;&#7905;ng, hi&#7879;u chu&#7849;n v&#7899;i t&#7845;t c&#7843; c&aacute;c thi&#7871;t b&#7883;, m&aacute;y m&oacute;c m&agrave; ch&uacute;ng t&ocirc;i cung c&#7845;p. &#272;&#7843;m b&#7843;o mang &#273;&#7871;n cho Kh&aacute;ch h&agrave;ng s&#7921; y&ecirc;n t&acirc;m tuy&#7879;t &#273;&#7889;i v&#7873; d&#7883;ch v&#7909; khi mua h&agrave;ng.<\/p><p>Xem th&ecirc;m: Pin Li-Po (Battery Changer Lithium Polymer) Kurabo Model NR-21B<\/p><p>T&#7893;ng K&#7871;t<br>\nV&#7899;i &#272;&egrave;n UVA-340+, &#273;&#7897; r&#7885;i 0.89 W\/m&sup2;\/nm@340 nm t&#432;&#417;ng &#7913;ng t&#7889;t v&#7899;i &aacute;nh s&aacute;ng m&#7863;t tr&#7901;i gi&#7919;a tr&#432;a m&ugrave;a h&egrave;. &#272;&#7875; c&oacute; k&#7871;t qu&#7843; nhanh h&#417;n, thi&#7871;t b&#7883; ki&#7875;m tra QUV c&oacute; th&#7875; ho&#7841;t &#273;&#7897;ng &#7903; &#273;&#7897; r&#7885;i g&#7845;p &#273;&ocirc;i kho&#7843;ng &#273;&#7897; r&#7885;i c&#7911;a &aacute;nh s&aacute;ng m&#7863;t tr&#7901;i gi&#7919;a tr&#432;a m&ugrave;a h&egrave;. H&atilde;y li&ecirc;n h&#7879; v&#7899;i V&#7841;n N&#259;ng ngay &#273;&#7875; &#273;&#432;&#7907;c t&#432; v&#7845;n chuy&ecirc;n s&acirc;u v&agrave; nh&#7853;n nh&#7919;ng &#432;u &#273;&atilde;i h&#7845;p d&#7851;n nh&#7845;t th&ocirc;ng qua hotline\/zalo: <a href=\"https:\/\/zalo.me\/0903991335\" target=\"_blank\" rel=\"noopener\" style=\"color: #059669; font-weight: bold; text-decoration: none;\">0903 991 335<\/a>!<\/p><div style=\"background-color: #f8fafc; border: 1px solid #e2e8f0; border-radius: 8px; padding: 25px; max-width: 800px; margin: 30px auto; color: #334155; line-height: 1.8; font-size: 17px; box-shadow: 0 4px 6px -1px rgba(0,0,0,0.05); text-align: left; clear: both;\">\nC&ocirc;ng ty TNHH Th&#432;&#417;ng M&#7841;i D&#7883;ch V&#7909; Thi&#7871;t B&#7883; C&ocirc;ng Ngh&#7879; V&#7841;n N&#259;ng\n<p style=\"margin: 0 0 10px 0;\">&#128205; <strong style=\"color: #1e293b;\">&#272;&#7883;a ch&#7881;:<\/strong> <a style=\"color: #059669; text-decoration: none; font-weight: bold;\" href=\"https:\/\/www.google.com\/maps\/search\/C%C3%B4ng+ty+TNHH+Th%C6%B0%C6%A1ng+M%E1%BA%A1i+D%E1%BB%8Bch+V%E1%BB%A5+Thi%E1%BA%BFt+B%E1%BB%8B+C%C3%B4ng+Ngh%E1%BB%87+V%E1%BA%A1n+N%C4%83ng+818+Tr%C6%B0%E1%BB%9Dng+Chinh\" target=\"_blank\" rel=\"noopener\">818 Tr&#432;&#7901;ng Chinh, Ph&#432;&#7901;ng T&acirc;n S&#417;n, Th&agrave;nh ph&#7889; H&#7891; Ch&iacute; Minh, Vi&#7879;t Nam<\/a><\/p>\n<p style=\"margin: 0 0 10px 0;\">&#128222; <strong style=\"color: #1e293b;\">S&#272;T &ndash; Zalo:<\/strong> <a style=\"color: #059669; text-decoration: none; font-weight: bold;\" href=\"https:\/\/zalo.me\/0903991335\" target=\"_blank\" rel=\"noopener\">0903 991 335<\/a> <span style=\"color: #64748b; font-style: italic;\">(Ms. H&#7841;nh &ndash; Gi&aacute;m &#272;&#7889;c Kinh Doanh)<\/span><\/p>\n<p style=\"margin: 0;\">&#9993;&#65039; <strong style=\"color: #1e293b;\">Email:<\/strong> <a style=\"color: #059669; text-decoration: none; font-weight: bold;\" href=\"mailto:hienhanh@vannangvn.com\">hienhanh@vannangvn.com<\/a><\/p>\n<\/div><\/h1>","protected":false},"excerpt":{"rendered":"<p><strong>Th&#432;&#417;ng hi&#7879;u:<\/strong> Q-LAB<br>\n<strong>Model:<\/strong> UVA-340+<p>Product <strong>B&Oacute;NG &#272;&Egrave;N C&#7920;C T&Iacute;M Q-LAB MODEL UVA-340+<\/strong> ch&iacute;nh h&atilde;ng. Q-LAB (USA)<br>\nH&#7879; th&#7889;ng ki&#7875;m so&aacute;t &#273;&#7897; r&#7885;i SOLAR EYE&reg; (&#273;&#432;&#7907;c s&#7917; d&#7909;ng trong t&#7845;t c&#7843; c&aacute;c model ngo&#7841;i tr&#7915; QUV\/basic) li&ecirc;n t&#7909;c theo d&otilde;i v&agrave; duy tr&igrave; ch&iacute;nh x&aacute;c &#273;&#7897; r&#7885;i b&#7857;ng c&aacute;ch &#273;i&#7873;u ch&#7881;nh c&ocirc;ng su&#7845;t c&#7911;a &#273;&egrave;n. Vi&#7879;c ki&#7875;m so&aacute;t &#273;&#7897; r&#7885;i r&#7845;t quan tr&#7885;ng v&igrave; nh&#7919;ng thay &#273;&#7893;i v&#7873; c&#432;&#7901;ng &#273;&#7897; &aacute;nh s&aacute;ng c&oacute; th&#7875; &#7843;nh h&#432;&#7903;ng &#273;&#7871;n c&#7843; t&#7889;c &#273;&#7897; v&agrave; lo&#7841;i h&igrave;nh suy tho&aacute;i v&#7853;t li&#7879;u.<\/p><\/p>","protected":false},"featured_media":9014,"comment_status":"open","ping_status":"closed","template":"","meta":[],"product_brand":[],"product_cat":[18],"product_tag":[471,472,475,481,116,469,470],"class_list":{"0":"post-6026","1":"product","2":"type-product","3":"status-publish","4":"has-post-thumbnail","6":"product_cat-chua-phan-loai","7":"product_tag-cuc","8":"product_tag-tim","9":"product_tag-q-lab","10":"product_tag-uva-340-2","11":"product_tag-model","12":"product_tag-bong","13":"product_tag-den","15":"first","16":"instock","17":"shipping-taxable","18":"product-type-simple"},"yoast_head":"<!-- This site is optimized with the Yoast SEO Premium plugin v24.8 (Yoast SEO v24.8) - https:\/\/yoast.com\/wordpress\/plugins\/seo\/ -->\n<title>B\u00d3NG \u0110\u00c8N C\u1ef0C T\u00cdM Q-LAB MODEL UVA-340+ ch\u00ednh h\u00e3ng | V\u1ea1n N\u0103ng<\/title>\n<meta name=\"description\" content=\"Mua ngay B\u00d3NG \u0110\u00c8N C\u1ef0C T\u00cdM Q-LAB MODEL UVA-340+ ch\u00ednh h\u00e3ng. H\u1ec7 th\u1ed1ng ki\u1ec3m so\u00e1t \u0111\u1ed9 r\u1ecdi SOLAR EYE\u00ae (\u0111\u01b0\u1ee3c s\u1eed d\u1ee5ng trong t\u1ea5t c\u1ea3 c\u00e1c mod... Gi\u00e1 t\u1ed1t!\" \/>\n<meta name=\"robots\" content=\"noindex, follow, max-snippet:-1, max-image-preview:large, max-video-preview:-1\" \/>\n<meta property=\"og:locale\" content=\"en_US\" \/>\n<meta property=\"og:type\" content=\"article\" \/>\n<meta property=\"og:title\" content=\"B\u00d3NG \u0110\u00c8N C\u1ef0C T\u00cdM Q-LAB MODEL UVA-340+\" \/>\n<meta property=\"og:description\" content=\"Mua ngay B\u00d3NG \u0110\u00c8N C\u1ef0C T\u00cdM Q-LAB MODEL UVA-340+ ch\u00ednh h\u00e3ng. H\u1ec7 th\u1ed1ng ki\u1ec3m so\u00e1t \u0111\u1ed9 r\u1ecdi SOLAR EYE\u00ae (\u0111\u01b0\u1ee3c s\u1eed d\u1ee5ng trong t\u1ea5t c\u1ea3 c\u00e1c mod... Gi\u00e1 t\u1ed1t!\" \/>\n<meta property=\"og:url\" content=\"https:\/\/vannangvn.123websitedev.com\/en\/product\/bong-den-cuc-tim-q-lab-model-uva-340-2\/\" \/>\n<meta property=\"og:site_name\" content=\"Vannang.vn\" \/>\n<meta property=\"article:modified_time\" content=\"2026-03-30T11:10:50+00:00\" \/>\n<meta property=\"og:image\" content=\"http:\/\/vannangvn.123websitedev.com\/wp-content\/uploads\/2026\/03\/UVA-340-768x576-copy.jpg\" \/>\n\t<meta property=\"og:image:width\" content=\"768\" \/>\n\t<meta property=\"og:image:height\" content=\"576\" \/>\n\t<meta property=\"og:image:type\" content=\"image\/jpeg\" \/>\n<meta name=\"twitter:card\" content=\"summary_large_image\" \/>\n<meta name=\"twitter:label1\" content=\"Est. reading time\" \/>\n\t<meta name=\"twitter:data1\" content=\"7 minutes\" \/>\n<script type=\"application\/ld+json\" class=\"yoast-schema-graph\">{\"@context\":\"https:\/\/schema.org\",\"@graph\":[{\"@type\":\"WebPage\",\"@id\":\"https:\/\/vannangvn.123websitedev.com\/san-pham\/bong-den-cuc-tim-q-lab-model-uva-340-2\/\",\"url\":\"https:\/\/vannangvn.123websitedev.com\/san-pham\/bong-den-cuc-tim-q-lab-model-uva-340-2\/\",\"name\":\"B\u00d3NG \u0110\u00c8N C\u1ef0C T\u00cdM Q-LAB MODEL UVA-340+ ch\u00ednh h\u00e3ng | V\u1ea1n N\u0103ng\",\"isPartOf\":{\"@id\":\"https:\/\/vannangvn.123websitedev.com\/#website\"},\"primaryImageOfPage\":{\"@id\":\"https:\/\/vannangvn.123websitedev.com\/san-pham\/bong-den-cuc-tim-q-lab-model-uva-340-2\/#primaryimage\"},\"image\":{\"@id\":\"https:\/\/vannangvn.123websitedev.com\/san-pham\/bong-den-cuc-tim-q-lab-model-uva-340-2\/#primaryimage\"},\"thumbnailUrl\":\"https:\/\/vannangvn.123websitedev.com\/wp-content\/uploads\/2026\/03\/UVA-340-768x576-copy.jpg\",\"datePublished\":\"2026-03-20T10:20:26+00:00\",\"dateModified\":\"2026-03-30T11:10:50+00:00\",\"description\":\"Mua ngay B\u00d3NG \u0110\u00c8N C\u1ef0C T\u00cdM Q-LAB MODEL UVA-340+ ch\u00ednh h\u00e3ng. H\u1ec7 th\u1ed1ng ki\u1ec3m so\u00e1t \u0111\u1ed9 r\u1ecdi SOLAR EYE\u00ae (\u0111\u01b0\u1ee3c s\u1eed d\u1ee5ng trong t\u1ea5t c\u1ea3 c\u00e1c mod... Gi\u00e1 t\u1ed1t!\",\"breadcrumb\":{\"@id\":\"https:\/\/vannangvn.123websitedev.com\/san-pham\/bong-den-cuc-tim-q-lab-model-uva-340-2\/#breadcrumb\"},\"inLanguage\":\"en-US\",\"potentialAction\":[{\"@type\":\"ReadAction\",\"target\":[\"https:\/\/vannangvn.123websitedev.com\/san-pham\/bong-den-cuc-tim-q-lab-model-uva-340-2\/\"]}]},{\"@type\":\"ImageObject\",\"inLanguage\":\"en-US\",\"@id\":\"https:\/\/vannangvn.123websitedev.com\/san-pham\/bong-den-cuc-tim-q-lab-model-uva-340-2\/#primaryimage\",\"url\":\"https:\/\/vannangvn.123websitedev.com\/wp-content\/uploads\/2026\/03\/UVA-340-768x576-copy.jpg\",\"contentUrl\":\"https:\/\/vannangvn.123websitedev.com\/wp-content\/uploads\/2026\/03\/UVA-340-768x576-copy.jpg\",\"width\":768,\"height\":576},{\"@type\":\"BreadcrumbList\",\"@id\":\"https:\/\/vannangvn.123websitedev.com\/san-pham\/bong-den-cuc-tim-q-lab-model-uva-340-2\/#breadcrumb\",\"itemListElement\":[{\"@type\":\"ListItem\",\"position\":1,\"name\":\"Trang ch\u1ee7\",\"item\":\"https:\/\/vannangvn.123websitedev.com\/\"},{\"@type\":\"ListItem\",\"position\":2,\"name\":\"S\u1ea3n ph\u1ea9m\",\"item\":\"https:\/\/vannangvn.123websitedev.com\/cua-hang\/\"},{\"@type\":\"ListItem\",\"position\":3,\"name\":\"B\u00d3NG \u0110\u00c8N C\u1ef0C T\u00cdM Q-LAB MODEL UVA-340+\"}]},{\"@type\":\"WebSite\",\"@id\":\"https:\/\/vannangvn.123websitedev.com\/#website\",\"url\":\"https:\/\/vannangvn.123websitedev.com\/\",\"name\":\"Vannang.vn\",\"description\":\"\",\"publisher\":{\"@id\":\"https:\/\/vannangvn.123websitedev.com\/#organization\"},\"potentialAction\":[{\"@type\":\"SearchAction\",\"target\":{\"@type\":\"EntryPoint\",\"urlTemplate\":\"https:\/\/vannangvn.123websitedev.com\/?s={search_term_string}\"},\"query-input\":{\"@type\":\"PropertyValueSpecification\",\"valueRequired\":true,\"valueName\":\"search_term_string\"}}],\"inLanguage\":\"en-US\"},{\"@type\":\"Organization\",\"@id\":\"https:\/\/vannangvn.123websitedev.com\/#organization\",\"name\":\"Vannang.vn\",\"url\":\"https:\/\/vannangvn.123websitedev.com\/\",\"logo\":{\"@type\":\"ImageObject\",\"inLanguage\":\"en-US\",\"@id\":\"https:\/\/vannangvn.123websitedev.com\/#\/schema\/logo\/image\/\",\"url\":\"https:\/\/vannangvn.123websitedev.com\/wp-content\/uploads\/2026\/02\/logo-van-nang-02.png\",\"contentUrl\":\"https:\/\/vannangvn.123websitedev.com\/wp-content\/uploads\/2026\/02\/logo-van-nang-02.png\",\"width\":448,\"height\":111,\"caption\":\"Vannang.vn\"},\"image\":{\"@id\":\"https:\/\/vannangvn.123websitedev.com\/#\/schema\/logo\/image\/\"}}]}<\/script>\n<!-- \/ Yoast SEO Premium plugin. -->","yoast_head_json":{"title":"B\u00d3NG \u0110\u00c8N C\u1ef0C T\u00cdM Q-LAB MODEL UVA-340+ ch\u00ednh h\u00e3ng | V\u1ea1n N\u0103ng","description":"Mua ngay B\u00d3NG \u0110\u00c8N C\u1ef0C T\u00cdM Q-LAB MODEL UVA-340+ ch\u00ednh h\u00e3ng. H\u1ec7 th\u1ed1ng ki\u1ec3m so\u00e1t \u0111\u1ed9 r\u1ecdi SOLAR EYE\u00ae (\u0111\u01b0\u1ee3c s\u1eed d\u1ee5ng trong t\u1ea5t c\u1ea3 c\u00e1c mod... Gi\u00e1 t\u1ed1t!","robots":{"index":"noindex","follow":"follow","max-snippet":"max-snippet:-1","max-image-preview":"max-image-preview:large","max-video-preview":"max-video-preview:-1"},"og_locale":"en_US","og_type":"article","og_title":"B\u00d3NG \u0110\u00c8N C\u1ef0C T\u00cdM Q-LAB MODEL UVA-340+","og_description":"Mua ngay B\u00d3NG \u0110\u00c8N C\u1ef0C T\u00cdM Q-LAB MODEL UVA-340+ ch\u00ednh h\u00e3ng. H\u1ec7 th\u1ed1ng ki\u1ec3m so\u00e1t \u0111\u1ed9 r\u1ecdi SOLAR EYE\u00ae (\u0111\u01b0\u1ee3c s\u1eed d\u1ee5ng trong t\u1ea5t c\u1ea3 c\u00e1c mod... Gi\u00e1 t\u1ed1t!","og_url":"https:\/\/vannangvn.123websitedev.com\/en\/product\/bong-den-cuc-tim-q-lab-model-uva-340-2\/","og_site_name":"Vannang.vn","article_modified_time":"2026-03-30T11:10:50+00:00","og_image":[{"width":768,"height":576,"url":"http:\/\/vannangvn.123websitedev.com\/wp-content\/uploads\/2026\/03\/UVA-340-768x576-copy.jpg","type":"image\/jpeg"}],"twitter_card":"summary_large_image","twitter_misc":{"Est. reading time":"7 minutes"},"schema":{"@context":"https:\/\/schema.org","@graph":[{"@type":"WebPage","@id":"https:\/\/vannangvn.123websitedev.com\/san-pham\/bong-den-cuc-tim-q-lab-model-uva-340-2\/","url":"https:\/\/vannangvn.123websitedev.com\/san-pham\/bong-den-cuc-tim-q-lab-model-uva-340-2\/","name":"B\u00d3NG \u0110\u00c8N C\u1ef0C T\u00cdM Q-LAB MODEL UVA-340+ ch\u00ednh h\u00e3ng | V\u1ea1n N\u0103ng","isPartOf":{"@id":"https:\/\/vannangvn.123websitedev.com\/#website"},"primaryImageOfPage":{"@id":"https:\/\/vannangvn.123websitedev.com\/san-pham\/bong-den-cuc-tim-q-lab-model-uva-340-2\/#primaryimage"},"image":{"@id":"https:\/\/vannangvn.123websitedev.com\/san-pham\/bong-den-cuc-tim-q-lab-model-uva-340-2\/#primaryimage"},"thumbnailUrl":"https:\/\/vannangvn.123websitedev.com\/wp-content\/uploads\/2026\/03\/UVA-340-768x576-copy.jpg","datePublished":"2026-03-20T10:20:26+00:00","dateModified":"2026-03-30T11:10:50+00:00","description":"Mua ngay B\u00d3NG \u0110\u00c8N C\u1ef0C T\u00cdM Q-LAB MODEL UVA-340+ ch\u00ednh h\u00e3ng. H\u1ec7 th\u1ed1ng ki\u1ec3m so\u00e1t \u0111\u1ed9 r\u1ecdi SOLAR EYE\u00ae (\u0111\u01b0\u1ee3c s\u1eed d\u1ee5ng trong t\u1ea5t c\u1ea3 c\u00e1c mod... Gi\u00e1 t\u1ed1t!","breadcrumb":{"@id":"https:\/\/vannangvn.123websitedev.com\/san-pham\/bong-den-cuc-tim-q-lab-model-uva-340-2\/#breadcrumb"},"inLanguage":"en-US","potentialAction":[{"@type":"ReadAction","target":["https:\/\/vannangvn.123websitedev.com\/san-pham\/bong-den-cuc-tim-q-lab-model-uva-340-2\/"]}]},{"@type":"ImageObject","inLanguage":"en-US","@id":"https:\/\/vannangvn.123websitedev.com\/san-pham\/bong-den-cuc-tim-q-lab-model-uva-340-2\/#primaryimage","url":"https:\/\/vannangvn.123websitedev.com\/wp-content\/uploads\/2026\/03\/UVA-340-768x576-copy.jpg","contentUrl":"https:\/\/vannangvn.123websitedev.com\/wp-content\/uploads\/2026\/03\/UVA-340-768x576-copy.jpg","width":768,"height":576},{"@type":"BreadcrumbList","@id":"https:\/\/vannangvn.123websitedev.com\/san-pham\/bong-den-cuc-tim-q-lab-model-uva-340-2\/#breadcrumb","itemListElement":[{"@type":"ListItem","position":1,"name":"Trang ch\u1ee7","item":"https:\/\/vannangvn.123websitedev.com\/"},{"@type":"ListItem","position":2,"name":"S\u1ea3n ph\u1ea9m","item":"https:\/\/vannangvn.123websitedev.com\/cua-hang\/"},{"@type":"ListItem","position":3,"name":"B\u00d3NG \u0110\u00c8N C\u1ef0C T\u00cdM Q-LAB MODEL UVA-340+"}]},{"@type":"WebSite","@id":"https:\/\/vannangvn.123websitedev.com\/#website","url":"https:\/\/vannangvn.123websitedev.com\/","name":"Vannang.vn","description":"","publisher":{"@id":"https:\/\/vannangvn.123websitedev.com\/#organization"},"potentialAction":[{"@type":"SearchAction","target":{"@type":"EntryPoint","urlTemplate":"https:\/\/vannangvn.123websitedev.com\/?s={search_term_string}"},"query-input":{"@type":"PropertyValueSpecification","valueRequired":true,"valueName":"search_term_string"}}],"inLanguage":"en-US"},{"@type":"Organization","@id":"https:\/\/vannangvn.123websitedev.com\/#organization","name":"Vannang.vn","url":"https:\/\/vannangvn.123websitedev.com\/","logo":{"@type":"ImageObject","inLanguage":"en-US","@id":"https:\/\/vannangvn.123websitedev.com\/#\/schema\/logo\/image\/","url":"https:\/\/vannangvn.123websitedev.com\/wp-content\/uploads\/2026\/02\/logo-van-nang-02.png","contentUrl":"https:\/\/vannangvn.123websitedev.com\/wp-content\/uploads\/2026\/02\/logo-van-nang-02.png","width":448,"height":111,"caption":"Vannang.vn"},"image":{"@id":"https:\/\/vannangvn.123websitedev.com\/#\/schema\/logo\/image\/"}}]}},"_links":{"self":[{"href":"https:\/\/vannangvn.123websitedev.com\/en\/wp-json\/wp\/v2\/product\/6026","targetHints":{"allow":["GET"]}}],"collection":[{"href":"https:\/\/vannangvn.123websitedev.com\/en\/wp-json\/wp\/v2\/product"}],"about":[{"href":"https:\/\/vannangvn.123websitedev.com\/en\/wp-json\/wp\/v2\/types\/product"}],"replies":[{"embeddable":true,"href":"https:\/\/vannangvn.123websitedev.com\/en\/wp-json\/wp\/v2\/comments?post=6026"}],"wp:featuredmedia":[{"embeddable":true,"href":"https:\/\/vannangvn.123websitedev.com\/en\/wp-json\/wp\/v2\/media\/9014"}],"wp:attachment":[{"href":"https:\/\/vannangvn.123websitedev.com\/en\/wp-json\/wp\/v2\/media?parent=6026"}],"wp:term":[{"taxonomy":"product_brand","embeddable":true,"href":"https:\/\/vannangvn.123websitedev.com\/en\/wp-json\/wp\/v2\/product_brand?post=6026"},{"taxonomy":"product_cat","embeddable":true,"href":"https:\/\/vannangvn.123websitedev.com\/en\/wp-json\/wp\/v2\/product_cat?post=6026"},{"taxonomy":"product_tag","embeddable":true,"href":"https:\/\/vannangvn.123websitedev.com\/en\/wp-json\/wp\/v2\/product_tag?post=6026"}],"curies":[{"name":"wp","href":"https:\/\/api.w.org\/{rel}","templated":true}]}}