{"id":6028,"date":"2026-03-20T17:20:28","date_gmt":"2026-03-20T10:20:28","guid":{"rendered":"https:\/\/vannangvn.123websitedev.com\/san-pham\/bong-den-cuc-tim-q-lab-model-uvb-313el\/"},"modified":"2026-03-30T18:10:54","modified_gmt":"2026-03-30T11:10:54","slug":"bong-den-cuc-tim-q-lab-model-uvb-313el","status":"publish","type":"product","link":"https:\/\/vannangvn.123websitedev.com\/en\/product\/bong-den-cuc-tim-q-lab-model-uvb-313el\/","title":{"rendered":"B\u00d3NG \u0110\u00c8N C\u1ef0C T\u00cdM Q-LAB MODEL UVB-313EL"},"content":{"rendered":"<h1 style=\"color: red; font-weight: bold; font-size: 24px;\">T&#7893;ng quan s&#7843;n ph&#7849;m B&Oacute;NG &#272;&Egrave;N C&#7920;C T&Iacute;M Q-LAB MODEL UVB-313EL<p>B&oacute;ng &#272;&egrave;n C&#7921;c T&iacute;m (Lamps For QUV Accelerated Weathering Testers) Q-Lab Model UVB-313EL<br>\nB&oacute;ng &#272;&egrave;n UVB-313EL l&agrave; m&#7897;t trong nh&#7919;ng lo&#7841;i &#273;&egrave;n UV ph&#7893; bi&#7871;n nh&#7845;t trong c&aacute;c thi&#7871;t b&#7883; ki&#7875;m tra l&atilde;o h&oacute;a QUV, chuy&ecirc;n d&ugrave;ng &#273;&#7875; gia t&#7889;c qu&aacute; tr&igrave;nh l&atilde;o h&oacute;a v&#7853;t li&#7879;u. QLAB UVB-313EL ph&aacute;t ra tia UV c&oacute; b&#432;&#7899;c s&oacute;ng d&#432;&#7899;i ng&#432;&#7905;ng c&#7855;t c&#7911;a &aacute;nh s&aacute;ng m&#7863;t tr&#7901;i t&#7921; nhi&ecirc;n (295 nm), gi&uacute;p t&#259;ng t&#7889;c &#273;&#7897; th&#7917; nghi&#7879;m so v&#7899;i &#273;i&#7873;u ki&#7879;n th&#7921;c t&#7871;. H&atilde;y c&ugrave;ng V&#7841;n N&#259;ng t&igrave;m hi&#7875;u chi ti&#7871;t h&#417;n v&#7873; s&#7843;n ph&#7849;m th&ocirc;ng qua b&agrave;i vi&#7871;t d&#432;&#7899;i &#273;&acirc;y nh&eacute;!<\/p><p>Xem th&ecirc;m: B&oacute;ng &#272;&egrave;n C&#7921;c T&iacute;m (Lamps For QUV Accelerated Weathering Testers) Q-Lab Model QFS-40 (FS-40\/F40 UVB)<\/p><p>&#7912;ng D&#7909;ng C&#7911;a B&oacute;ng &#272;&egrave;n UVB-313EL<br>\nB&oacute;ng &#272;&egrave;n QLAB UVB-313EL ch&#7911; y&#7871;u &#273;&#432;&#7907;c s&#7917; d&#7909;ng &#273;&#7875; ki&#7875;m tra ch&#7845;t l&#432;&#7907;ng v&agrave; nghi&ecirc;n c&#7913;u ph&aacute;t tri&#7875;n (QC &amp; R&amp;D) trong c&aacute;c l&#297;nh v&#7921;c:<\/p><p>Ng&agrave;nh s&#417;n ph&#7911;: &#272;&aacute;nh gi&aacute; &#273;&#7897; b&#7873;n m&agrave;u, kh&#7843; n&#259;ng ch&#7889;ng n&#7913;t n&#7867; v&agrave; suy gi&#7843;m ch&#7845;t l&#432;&#7907;ng c&#7911;a l&#7899;p s&#417;n.<br>\nNg&agrave;nh nh&#7921;a &amp; polymer: Th&#7917; nghi&#7879;m s&#7921; l&atilde;o h&oacute;a c&#7911;a v&#7853;t li&#7879;u nh&#7921;a khi ti&#7871;p x&uacute;c v&#7899;i tia UV m&#7841;nh.<br>\nNg&agrave;nh &ocirc; t&ocirc;: Ki&#7875;m tra &#273;&#7897; b&#7873;n c&#7911;a c&aacute;c b&#7897; ph&#7853;n ngo&#7841;i th&#7845;t, nh&#432; nh&#7921;a, s&#417;n xe tr&#432;&#7899;c t&aacute;c &#273;&#7897;ng c&#7911;a tia UV.<br>\nNg&agrave;nh x&acirc;y d&#7921;ng: &#272;&aacute;nh gi&aacute; kh&#7843; n&#259;ng ch&#7889;ng ch&#7883;u c&#7911;a v&#7853;t li&#7879;u ngo&agrave;i tr&#7901;i nh&#432; m&aacute;i l&#7907;p, t&#7845;m &#7889;p.<\/p><p>&#431;u &#272;i&#7875;m C&#7911;a B&oacute;ng &#272;&egrave;n UVB-313EL<\/p><p>T&#259;ng t&#7889;c qu&aacute; tr&igrave;nh th&#7917; nghi&#7879;m l&atilde;o h&oacute;a: Nh&#7901; kh&#7843; n&#259;ng ph&aacute;t tia UV m&#7841;nh d&#432;&#7899;i 295 nm, UVB-313EL gi&uacute;p r&uacute;t ng&#7855;n th&#7901;i gian th&#7917; nghi&#7879;m so v&#7899;i UVA.<br>\nPh&ugrave; h&#7907;p v&#7899;i c&aacute;c v&#7853;t li&#7879;u b&#7873;n ngo&agrave;i tr&#7901;i: &#272;&#7863;c bi&#7879;t hi&#7879;u qu&#7843; v&#7899;i c&aacute;c v&#7853;t li&#7879;u c&oacute; &#273;&#7897; b&#7873;n cao nh&#432; s&#417;n, nh&#7921;a k&#7929; thu&#7853;t.<br>\nT&#432;&#417;ng th&iacute;ch v&#7899;i h&#7879; th&#7889;ng ki&#7875;m tra QUV: C&oacute; th&#7875; s&#7917; d&#7909;ng trong QUV Accelerated Weathering Tester &#273;&#7875; &#273;&#7843;m b&#7843;o k&#7871;t qu&#7843; &#273;&aacute;ng tin c&#7853;y.<\/p><p>Xem th&ecirc;m: M&aacute;y Ki&#7875;m Tra &#272;&#7897; Ph&#7845;n H&oacute;a NeurTek Instruments Model Chalking Tester<\/p><p>So S&aacute;nh UVB-313EL V&agrave; UVB-313EL+<\/p><p>Ti&ecirc;u ch&iacute;<br>\nUVB-313EL<br>\nUVB-313EL+<\/p><p>Ph&#7893; b&#432;&#7899;c s&oacute;ng<br>\n0903 991 335!<\/p><div style=\"background-color: #f8fafc; border: 1px solid #e2e8f0; border-radius: 8px; padding: 25px; max-width: 800px; margin: 30px auto; color: #334155; line-height: 1.8; font-size: 17px; box-shadow: 0 4px 6px -1px rgba(0,0,0,0.05); text-align: left; clear: both;\">\nC&ocirc;ng ty TNHH Th&#432;&#417;ng M&#7841;i D&#7883;ch V&#7909; Thi&#7871;t B&#7883; C&ocirc;ng Ngh&#7879; V&#7841;n N&#259;ng\n<p style=\"margin: 0 0 10px 0;\">&#128205; <strong style=\"color: #1e293b;\">&#272;&#7883;a ch&#7881;:<\/strong> <a style=\"color: #059669; text-decoration: none; font-weight: bold;\" href=\"https:\/\/www.google.com\/maps\/search\/C%C3%B4ng+ty+TNHH+Th%C6%B0%C6%A1ng+M%E1%BA%A1i+D%E1%BB%8Bch+V%E1%BB%A5+Thi%E1%BA%BFt+B%E1%BB%8B+C%C3%B4ng+Ngh%E1%BB%87+V%E1%BA%A1n+N%C4%83ng+818+Tr%C6%B0%E1%BB%9Dng+Chinh\" target=\"_blank\" rel=\"noopener\">818 Tr&#432;&#7901;ng Chinh, Ph&#432;&#7901;ng T&acirc;n S&#417;n, Th&agrave;nh ph&#7889; H&#7891; Ch&iacute; Minh, Vi&#7879;t Nam<\/a><\/p>\n<p style=\"margin: 0 0 10px 0;\">&#128222; <strong style=\"color: #1e293b;\">S&#272;T &ndash; Zalo:<\/strong> <a style=\"color: #059669; text-decoration: none; font-weight: bold;\" href=\"https:\/\/zalo.me\/0903991335\" target=\"_blank\" rel=\"noopener\">0903 991 335<\/a> <span style=\"color: #64748b; font-style: italic;\">(Ms. H&#7841;nh &ndash; Gi&aacute;m &#272;&#7889;c Kinh Doanh)<\/span><\/p>\n<p style=\"margin: 0;\">&#9993;&#65039; <strong style=\"color: #1e293b;\">Email:<\/strong> <a style=\"color: #059669; text-decoration: none; font-weight: bold;\" href=\"mailto:hienhanh@vannangvn.com\">hienhanh@vannangvn.com<\/a><\/p>\n<\/div><\/h1>","protected":false},"excerpt":{"rendered":"<p><strong>Th&#432;&#417;ng hi&#7879;u:<\/strong> Q-LAB<br>\n<strong>Model:<\/strong> UVB-313EL<p>Product <strong>B&Oacute;NG &#272;&Egrave;N C&#7920;C T&Iacute;M Q-LAB MODEL UVB-313EL<\/strong> ch&iacute;nh h&atilde;ng. Q-LAB (USA)<br>\n&#272;&egrave;n UVB-313EL cho k&#7871;t qu&#7843; nhanh ch&oacute;ng v&agrave; &#273;&#7863;c bi&#7879;t h&#7919;u &iacute;ch cho c&aacute;c &#7913;ng d&#7909;ng QC (ki&#7875;m so&aacute;t ch&#7845;t l&#432;&#7907;ng) v&agrave; R&amp;D (nghi&ecirc;n c&#7913;u v&agrave; ph&aacute;t tri&#7875;n), c&#361;ng nh&#432; cho c&aacute;c v&#7853;t li&#7879;u b&#7873;n. So v&#7899;i &#273;&egrave;n QFS-40, &#273;&egrave;n&nbsp;UVB-313EL t&#7841;o ra c&ocirc;ng su&#7845;t UV cao h&#417;n &#273;&aacute;ng k&#7875;, k&#7871;t qu&#7843; th&#7917; nghi&#7879;m nhanh h&#417;n v&agrave; r&#7845;t &#7893;n &#273;&#7883;nh. &#272;&egrave;n UVB-313EL+ cung c&#7845;p c&ocirc;ng su&#7845;t t&#7889;i &#273;a cao h&#417;n v&#7899;i quang ph&#7893; t&#432;&#417;ng t&#7921; nh&#432; &#273;&egrave;n UVB-313EL.<\/p><\/p>","protected":false},"featured_media":0,"comment_status":"open","ping_status":"closed","template":"","meta":[],"product_brand":[],"product_cat":[18],"product_tag":[116,469,470,471,472,475,483],"class_list":{"0":"post-6028","1":"product","2":"type-product","3":"status-publish","5":"product_cat-chua-phan-loai","6":"product_tag-model","7":"product_tag-bong","8":"product_tag-den","9":"product_tag-cuc","10":"product_tag-tim","11":"product_tag-q-lab","12":"product_tag-uvb-313el","14":"first","15":"instock","16":"shipping-taxable","17":"product-type-simple"},"yoast_head":"<!-- This site is optimized with the Yoast SEO Premium plugin v24.8 (Yoast SEO v24.8) - https:\/\/yoast.com\/wordpress\/plugins\/seo\/ -->\n<title>B\u00d3NG \u0110\u00c8N C\u1ef0C T\u00cdM Q-LAB MODEL UVB-313EL ch\u00ednh h\u00e3ng | V\u1ea1n N\u0103ng<\/title>\n<meta name=\"description\" content=\"Mua ngay B\u00d3NG \u0110\u00c8N C\u1ef0C T\u00cdM Q-LAB MODEL UVB-313EL ch\u00ednh h\u00e3ng. \u0110\u00e8n UVB-313EL cho k\u1ebft qu\u1ea3 nhanh ch\u00f3ng v\u00e0 \u0111\u1eb7c bi\u1ec7t h\u1eefu \u00edch cho c\u00e1c \u1ee9ng... Gi\u00e1 t\u1ed1t!\" \/>\n<meta name=\"robots\" content=\"noindex, follow, max-snippet:-1, max-image-preview:large, max-video-preview:-1\" \/>\n<meta property=\"og:locale\" content=\"en_US\" \/>\n<meta property=\"og:type\" content=\"article\" \/>\n<meta property=\"og:title\" content=\"B\u00d3NG \u0110\u00c8N C\u1ef0C T\u00cdM Q-LAB MODEL UVB-313EL\" \/>\n<meta property=\"og:description\" content=\"Mua ngay B\u00d3NG \u0110\u00c8N C\u1ef0C T\u00cdM Q-LAB MODEL UVB-313EL ch\u00ednh h\u00e3ng. \u0110\u00e8n UVB-313EL cho k\u1ebft qu\u1ea3 nhanh ch\u00f3ng v\u00e0 \u0111\u1eb7c bi\u1ec7t h\u1eefu \u00edch cho c\u00e1c \u1ee9ng... Gi\u00e1 t\u1ed1t!\" \/>\n<meta property=\"og:url\" content=\"https:\/\/vannangvn.123websitedev.com\/en\/product\/bong-den-cuc-tim-q-lab-model-uvb-313el\/\" \/>\n<meta property=\"og:site_name\" content=\"Vannang.vn\" \/>\n<meta property=\"article:modified_time\" content=\"2026-03-30T11:10:54+00:00\" \/>\n<meta name=\"twitter:card\" content=\"summary_large_image\" \/>\n<meta name=\"twitter:label1\" content=\"Est. reading time\" \/>\n\t<meta name=\"twitter:data1\" content=\"3 minutes\" \/>\n<script type=\"application\/ld+json\" class=\"yoast-schema-graph\">{\"@context\":\"https:\/\/schema.org\",\"@graph\":[{\"@type\":\"WebPage\",\"@id\":\"https:\/\/vannangvn.123websitedev.com\/san-pham\/bong-den-cuc-tim-q-lab-model-uvb-313el\/\",\"url\":\"https:\/\/vannangvn.123websitedev.com\/san-pham\/bong-den-cuc-tim-q-lab-model-uvb-313el\/\",\"name\":\"B\u00d3NG \u0110\u00c8N C\u1ef0C T\u00cdM Q-LAB MODEL UVB-313EL ch\u00ednh h\u00e3ng | V\u1ea1n N\u0103ng\",\"isPartOf\":{\"@id\":\"https:\/\/vannangvn.123websitedev.com\/#website\"},\"datePublished\":\"2026-03-20T10:20:28+00:00\",\"dateModified\":\"2026-03-30T11:10:54+00:00\",\"description\":\"Mua ngay B\u00d3NG \u0110\u00c8N C\u1ef0C T\u00cdM Q-LAB MODEL UVB-313EL ch\u00ednh h\u00e3ng. \u0110\u00e8n UVB-313EL cho k\u1ebft qu\u1ea3 nhanh ch\u00f3ng v\u00e0 \u0111\u1eb7c bi\u1ec7t h\u1eefu \u00edch cho c\u00e1c \u1ee9ng... Gi\u00e1 t\u1ed1t!\",\"breadcrumb\":{\"@id\":\"https:\/\/vannangvn.123websitedev.com\/san-pham\/bong-den-cuc-tim-q-lab-model-uvb-313el\/#breadcrumb\"},\"inLanguage\":\"en-US\",\"potentialAction\":[{\"@type\":\"ReadAction\",\"target\":[\"https:\/\/vannangvn.123websitedev.com\/san-pham\/bong-den-cuc-tim-q-lab-model-uvb-313el\/\"]}]},{\"@type\":\"BreadcrumbList\",\"@id\":\"https:\/\/vannangvn.123websitedev.com\/san-pham\/bong-den-cuc-tim-q-lab-model-uvb-313el\/#breadcrumb\",\"itemListElement\":[{\"@type\":\"ListItem\",\"position\":1,\"name\":\"Trang ch\u1ee7\",\"item\":\"https:\/\/vannangvn.123websitedev.com\/\"},{\"@type\":\"ListItem\",\"position\":2,\"name\":\"S\u1ea3n ph\u1ea9m\",\"item\":\"https:\/\/vannangvn.123websitedev.com\/cua-hang\/\"},{\"@type\":\"ListItem\",\"position\":3,\"name\":\"B\u00d3NG \u0110\u00c8N C\u1ef0C T\u00cdM Q-LAB MODEL UVB-313EL\"}]},{\"@type\":\"WebSite\",\"@id\":\"https:\/\/vannangvn.123websitedev.com\/#website\",\"url\":\"https:\/\/vannangvn.123websitedev.com\/\",\"name\":\"Vannang.vn\",\"description\":\"\",\"publisher\":{\"@id\":\"https:\/\/vannangvn.123websitedev.com\/#organization\"},\"potentialAction\":[{\"@type\":\"SearchAction\",\"target\":{\"@type\":\"EntryPoint\",\"urlTemplate\":\"https:\/\/vannangvn.123websitedev.com\/?s={search_term_string}\"},\"query-input\":{\"@type\":\"PropertyValueSpecification\",\"valueRequired\":true,\"valueName\":\"search_term_string\"}}],\"inLanguage\":\"en-US\"},{\"@type\":\"Organization\",\"@id\":\"https:\/\/vannangvn.123websitedev.com\/#organization\",\"name\":\"Vannang.vn\",\"url\":\"https:\/\/vannangvn.123websitedev.com\/\",\"logo\":{\"@type\":\"ImageObject\",\"inLanguage\":\"en-US\",\"@id\":\"https:\/\/vannangvn.123websitedev.com\/#\/schema\/logo\/image\/\",\"url\":\"https:\/\/vannangvn.123websitedev.com\/wp-content\/uploads\/2026\/02\/logo-van-nang-02.png\",\"contentUrl\":\"https:\/\/vannangvn.123websitedev.com\/wp-content\/uploads\/2026\/02\/logo-van-nang-02.png\",\"width\":448,\"height\":111,\"caption\":\"Vannang.vn\"},\"image\":{\"@id\":\"https:\/\/vannangvn.123websitedev.com\/#\/schema\/logo\/image\/\"}}]}<\/script>\n<!-- \/ Yoast SEO Premium plugin. -->","yoast_head_json":{"title":"B\u00d3NG \u0110\u00c8N C\u1ef0C T\u00cdM Q-LAB MODEL UVB-313EL ch\u00ednh h\u00e3ng | V\u1ea1n N\u0103ng","description":"Mua ngay B\u00d3NG \u0110\u00c8N C\u1ef0C T\u00cdM Q-LAB MODEL UVB-313EL ch\u00ednh h\u00e3ng. \u0110\u00e8n UVB-313EL cho k\u1ebft qu\u1ea3 nhanh ch\u00f3ng v\u00e0 \u0111\u1eb7c bi\u1ec7t h\u1eefu \u00edch cho c\u00e1c \u1ee9ng... Gi\u00e1 t\u1ed1t!","robots":{"index":"noindex","follow":"follow","max-snippet":"max-snippet:-1","max-image-preview":"max-image-preview:large","max-video-preview":"max-video-preview:-1"},"og_locale":"en_US","og_type":"article","og_title":"B\u00d3NG \u0110\u00c8N C\u1ef0C T\u00cdM Q-LAB MODEL UVB-313EL","og_description":"Mua ngay B\u00d3NG \u0110\u00c8N C\u1ef0C T\u00cdM Q-LAB MODEL UVB-313EL ch\u00ednh h\u00e3ng. \u0110\u00e8n UVB-313EL cho k\u1ebft qu\u1ea3 nhanh ch\u00f3ng v\u00e0 \u0111\u1eb7c bi\u1ec7t h\u1eefu \u00edch cho c\u00e1c \u1ee9ng... Gi\u00e1 t\u1ed1t!","og_url":"https:\/\/vannangvn.123websitedev.com\/en\/product\/bong-den-cuc-tim-q-lab-model-uvb-313el\/","og_site_name":"Vannang.vn","article_modified_time":"2026-03-30T11:10:54+00:00","twitter_card":"summary_large_image","twitter_misc":{"Est. reading time":"3 minutes"},"schema":{"@context":"https:\/\/schema.org","@graph":[{"@type":"WebPage","@id":"https:\/\/vannangvn.123websitedev.com\/san-pham\/bong-den-cuc-tim-q-lab-model-uvb-313el\/","url":"https:\/\/vannangvn.123websitedev.com\/san-pham\/bong-den-cuc-tim-q-lab-model-uvb-313el\/","name":"B\u00d3NG \u0110\u00c8N C\u1ef0C T\u00cdM Q-LAB MODEL UVB-313EL ch\u00ednh h\u00e3ng | V\u1ea1n N\u0103ng","isPartOf":{"@id":"https:\/\/vannangvn.123websitedev.com\/#website"},"datePublished":"2026-03-20T10:20:28+00:00","dateModified":"2026-03-30T11:10:54+00:00","description":"Mua ngay B\u00d3NG \u0110\u00c8N C\u1ef0C T\u00cdM Q-LAB MODEL UVB-313EL ch\u00ednh h\u00e3ng. \u0110\u00e8n UVB-313EL cho k\u1ebft qu\u1ea3 nhanh ch\u00f3ng v\u00e0 \u0111\u1eb7c bi\u1ec7t h\u1eefu \u00edch cho c\u00e1c \u1ee9ng... Gi\u00e1 t\u1ed1t!","breadcrumb":{"@id":"https:\/\/vannangvn.123websitedev.com\/san-pham\/bong-den-cuc-tim-q-lab-model-uvb-313el\/#breadcrumb"},"inLanguage":"en-US","potentialAction":[{"@type":"ReadAction","target":["https:\/\/vannangvn.123websitedev.com\/san-pham\/bong-den-cuc-tim-q-lab-model-uvb-313el\/"]}]},{"@type":"BreadcrumbList","@id":"https:\/\/vannangvn.123websitedev.com\/san-pham\/bong-den-cuc-tim-q-lab-model-uvb-313el\/#breadcrumb","itemListElement":[{"@type":"ListItem","position":1,"name":"Trang ch\u1ee7","item":"https:\/\/vannangvn.123websitedev.com\/"},{"@type":"ListItem","position":2,"name":"S\u1ea3n ph\u1ea9m","item":"https:\/\/vannangvn.123websitedev.com\/cua-hang\/"},{"@type":"ListItem","position":3,"name":"B\u00d3NG \u0110\u00c8N C\u1ef0C T\u00cdM Q-LAB MODEL UVB-313EL"}]},{"@type":"WebSite","@id":"https:\/\/vannangvn.123websitedev.com\/#website","url":"https:\/\/vannangvn.123websitedev.com\/","name":"Vannang.vn","description":"","publisher":{"@id":"https:\/\/vannangvn.123websitedev.com\/#organization"},"potentialAction":[{"@type":"SearchAction","target":{"@type":"EntryPoint","urlTemplate":"https:\/\/vannangvn.123websitedev.com\/?s={search_term_string}"},"query-input":{"@type":"PropertyValueSpecification","valueRequired":true,"valueName":"search_term_string"}}],"inLanguage":"en-US"},{"@type":"Organization","@id":"https:\/\/vannangvn.123websitedev.com\/#organization","name":"Vannang.vn","url":"https:\/\/vannangvn.123websitedev.com\/","logo":{"@type":"ImageObject","inLanguage":"en-US","@id":"https:\/\/vannangvn.123websitedev.com\/#\/schema\/logo\/image\/","url":"https:\/\/vannangvn.123websitedev.com\/wp-content\/uploads\/2026\/02\/logo-van-nang-02.png","contentUrl":"https:\/\/vannangvn.123websitedev.com\/wp-content\/uploads\/2026\/02\/logo-van-nang-02.png","width":448,"height":111,"caption":"Vannang.vn"},"image":{"@id":"https:\/\/vannangvn.123websitedev.com\/#\/schema\/logo\/image\/"}}]}},"_links":{"self":[{"href":"https:\/\/vannangvn.123websitedev.com\/en\/wp-json\/wp\/v2\/product\/6028","targetHints":{"allow":["GET"]}}],"collection":[{"href":"https:\/\/vannangvn.123websitedev.com\/en\/wp-json\/wp\/v2\/product"}],"about":[{"href":"https:\/\/vannangvn.123websitedev.com\/en\/wp-json\/wp\/v2\/types\/product"}],"replies":[{"embeddable":true,"href":"https:\/\/vannangvn.123websitedev.com\/en\/wp-json\/wp\/v2\/comments?post=6028"}],"wp:attachment":[{"href":"https:\/\/vannangvn.123websitedev.com\/en\/wp-json\/wp\/v2\/media?parent=6028"}],"wp:term":[{"taxonomy":"product_brand","embeddable":true,"href":"https:\/\/vannangvn.123websitedev.com\/en\/wp-json\/wp\/v2\/product_brand?post=6028"},{"taxonomy":"product_cat","embeddable":true,"href":"https:\/\/vannangvn.123websitedev.com\/en\/wp-json\/wp\/v2\/product_cat?post=6028"},{"taxonomy":"product_tag","embeddable":true,"href":"https:\/\/vannangvn.123websitedev.com\/en\/wp-json\/wp\/v2\/product_tag?post=6028"}],"curies":[{"name":"wp","href":"https:\/\/api.w.org\/{rel}","templated":true}]}}