{"id":6030,"date":"2026-03-20T17:20:31","date_gmt":"2026-03-20T10:20:31","guid":{"rendered":"https:\/\/vannangvn.123websitedev.com\/san-pham\/buong-kiem-tra-cach-nhiet-lanh-giay-an-toan-gester-model-gt-kb25\/"},"modified":"2026-03-30T18:10:57","modified_gmt":"2026-03-30T11:10:57","slug":"buong-kiem-tra-cach-nhiet-lanh-giay-an-toan-gester-model-gt-kb25","status":"publish","type":"product","link":"https:\/\/vannangvn.123websitedev.com\/en\/product\/buong-kiem-tra-cach-nhiet-lanh-giay-an-toan-gester-model-gt-kb25\/","title":{"rendered":"BU\u1ed2NG KI\u1ec2M TRA C\u00c1CH NHI\u1ec6T L\u1ea0NH GI\u00c0Y AN TO\u00c0N GESTER MODEL GT-KB25"},"content":{"rendered":"<h1 style=\"color: red; font-weight: bold; font-size: 24px;\">T&#7893;ng quan s&#7843;n ph&#7849;m BU&#7890;NG KI&#7874;M TRA C&Aacute;CH NHI&#7878;T L&#7840;NH GI&Agrave;Y AN TO&Agrave;N GESTER MODEL GT-KB25<p>Bu&#7891;ng Ki&#7875;m Tra C&aacute;ch Nhi&#7879;t L&#7841;nh Gi&agrave;y An To&agrave;n (Safety Shoes Cold Insulation Test Chamber) Gester Model GT-KB25<\/p><p>Application of GT-KB25<br>\nSafety Shoes Cold Insulation Test Chamber is used to determine the cold insulation test for safety shoes under low-temperature.<br>\nFeature<\/p><p>Adjust the temperature of the cold box to (&ndash;17 &plusmn; 2) &#8451; and maintain this temperature during the test.<br>\nPlace the test piece on the laboratory jack inside the cold box.<br>\nUse the temperature measuring device connected to the temperature probe to measure the temperature on the insole as a function of time, recording the temperature decrease graphically.<br>\nCalculate, to the nearest 0,5&deg;C, the decrease in temperature 30 min after the test piece was placed in the cold box.<\/p><p>H&atilde;y li&ecirc;n h&#7879; v&#7899;i V&#7841;n N&#259;ng Company ngay &#273;&#7875; &#273;&#432;&#7907;c t&#432; v&#7845;n chuy&ecirc;n s&acirc;u v&agrave; nh&#7853;n c&aacute;c &#432;u &#273;&atilde;i h&#7845;p d&#7851;n nh&#7845;t th&ocirc;ng qua hotline\/zalo: <a href=\"https:\/\/zalo.me\/0903991335\" target=\"_blank\" rel=\"noopener\" style=\"color: #059669; font-weight: bold; text-decoration: none;\">0903 991 335<\/a>!<\/p><div style=\"background-color: #f8fafc; border: 1px solid #e2e8f0; border-radius: 8px; padding: 25px; max-width: 800px; margin: 30px auto; color: #334155; line-height: 1.8; font-size: 17px; box-shadow: 0 4px 6px -1px rgba(0,0,0,0.05); text-align: left; clear: both;\">\nC&ocirc;ng ty TNHH Th&#432;&#417;ng M&#7841;i D&#7883;ch V&#7909; Thi&#7871;t B&#7883; C&ocirc;ng Ngh&#7879; V&#7841;n N&#259;ng\n<p style=\"margin: 0 0 10px 0;\">&#128205; <strong style=\"color: #1e293b;\">&#272;&#7883;a ch&#7881;:<\/strong> <a style=\"color: #059669; text-decoration: none; font-weight: bold;\" href=\"https:\/\/www.google.com\/maps\/search\/C%C3%B4ng+ty+TNHH+Th%C6%B0%C6%A1ng+M%E1%BA%A1i+D%E1%BB%8Bch+V%E1%BB%A5+Thi%E1%BA%BFt+B%E1%BB%8B+C%C3%B4ng+Ngh%E1%BB%87+V%E1%BA%A1n+N%C4%83ng+818+Tr%C6%B0%E1%BB%9Dng+Chinh\" target=\"_blank\" rel=\"noopener\">818 Tr&#432;&#7901;ng Chinh, Ph&#432;&#7901;ng T&acirc;n S&#417;n, Th&agrave;nh ph&#7889; H&#7891; Ch&iacute; Minh, Vi&#7879;t Nam<\/a><\/p>\n<p style=\"margin: 0 0 10px 0;\">&#128222; <strong style=\"color: #1e293b;\">S&#272;T &ndash; Zalo:<\/strong> <a style=\"color: #059669; text-decoration: none; font-weight: bold;\" href=\"https:\/\/zalo.me\/0903991335\" target=\"_blank\" rel=\"noopener\">0903 991 335<\/a> <span style=\"color: #64748b; font-style: italic;\">(Ms. H&#7841;nh &ndash; Gi&aacute;m &#272;&#7889;c Kinh Doanh)<\/span><\/p>\n<p style=\"margin: 0;\">&#9993;&#65039; <strong style=\"color: #1e293b;\">Email:<\/strong> <a style=\"color: #059669; text-decoration: none; font-weight: bold;\" href=\"mailto:hienhanh@vannangvn.com\">hienhanh@vannangvn.com<\/a><\/p>\n<\/div><\/h1>","protected":false},"excerpt":{"rendered":"<p><strong>Th&#432;&#417;ng hi&#7879;u:<\/strong> Bu&#7891;ng Ki&#7875;m Tra C&aacute;ch Nhi&#7879;t L&#7841;nh Gi&agrave;y An To&agrave;n  Gester Model GT-KB25<br>\n<strong>Model:<\/strong> GT-KB08C<p>Product <strong>BU&#7890;NG KI&#7874;M TRA C&Aacute;CH NHI&#7878;T L&#7840;NH GI&Agrave;Y AN TO&Agrave;N GESTER MODEL GT-KB25<\/strong> ch&iacute;nh h&atilde;ng. Bu&#7891;ng Ki&#7875;m Tra C&aacute;ch Nhi&#7879;t L&#7841;nh Gi&agrave;y An To&agrave;n (Safety Shoes Cold Insulation Test Chamber) Gester Model GT-KB25<\/p><\/p>","protected":false},"featured_media":10509,"comment_status":"open","ping_status":"closed","template":"","meta":[],"product_brand":[],"product_cat":[18],"product_tag":[494,495,496,497,116,208,209,228,301,484,492,493],"class_list":{"0":"post-6030","1":"product","2":"type-product","3":"status-publish","4":"has-post-thumbnail","6":"product_cat-chua-phan-loai","7":"product_tag-giay","8":"product_tag-toan","9":"product_tag-gester","10":"product_tag-gt-kb25","11":"product_tag-model","12":"product_tag-kiem","13":"product_tag-tra","14":"product_tag-an","15":"product_tag-nhiet","16":"product_tag-buong","17":"product_tag-cach","18":"product_tag-lanh","20":"first","21":"instock","22":"shipping-taxable","23":"product-type-simple"},"yoast_head":"<!-- This site is optimized with the Yoast SEO Premium plugin v24.8 (Yoast SEO v24.8) - https:\/\/yoast.com\/wordpress\/plugins\/seo\/ -->\n<title>BU\u1ed2NG KI\u1ec2M TRA C\u00c1CH NHI\u1ec6T L\u1ea0NH GI\u00c0Y... ch\u00ednh h\u00e3ng | V\u1ea1n N\u0103ng<\/title>\n<meta name=\"description\" content=\"Mua ngay BU\u1ed2NG KI\u1ec2M TRA C\u00c1CH NHI\u1ec6T L\u1ea0NH GI\u00c0Y AN TO\u00c0N GESTER MODEL GT-KB25 ch\u00ednh h\u00e3ng. Gi\u00e1 t\u1ed1t!\" \/>\n<meta name=\"robots\" content=\"noindex, follow, max-snippet:-1, max-image-preview:large, max-video-preview:-1\" \/>\n<meta property=\"og:locale\" content=\"en_US\" \/>\n<meta property=\"og:type\" content=\"article\" \/>\n<meta property=\"og:title\" content=\"BU\u1ed2NG KI\u1ec2M TRA C\u00c1CH NHI\u1ec6T L\u1ea0NH GI\u00c0Y AN TO\u00c0N GESTER MODEL GT-KB25\" \/>\n<meta property=\"og:description\" content=\"Mua ngay BU\u1ed2NG KI\u1ec2M TRA C\u00c1CH NHI\u1ec6T L\u1ea0NH GI\u00c0Y AN TO\u00c0N GESTER MODEL GT-KB25 ch\u00ednh h\u00e3ng. Gi\u00e1 t\u1ed1t!\" \/>\n<meta property=\"og:url\" content=\"https:\/\/vannangvn.123websitedev.com\/en\/product\/buong-kiem-tra-cach-nhiet-lanh-giay-an-toan-gester-model-gt-kb25\/\" \/>\n<meta property=\"og:site_name\" content=\"Vannang.vn\" \/>\n<meta property=\"article:modified_time\" content=\"2026-03-30T11:10:57+00:00\" \/>\n<meta property=\"og:image\" content=\"http:\/\/vannangvn.123websitedev.com\/wp-content\/uploads\/2026\/03\/GT-KB25-768x576-copy-1.jpg\" \/>\n\t<meta property=\"og:image:width\" content=\"768\" \/>\n\t<meta property=\"og:image:height\" content=\"576\" \/>\n\t<meta property=\"og:image:type\" content=\"image\/jpeg\" \/>\n<meta name=\"twitter:card\" content=\"summary_large_image\" \/>\n<meta name=\"twitter:label1\" content=\"Est. reading time\" \/>\n\t<meta name=\"twitter:data1\" content=\"1 minute\" \/>\n<script type=\"application\/ld+json\" class=\"yoast-schema-graph\">{\"@context\":\"https:\/\/schema.org\",\"@graph\":[{\"@type\":\"WebPage\",\"@id\":\"https:\/\/vannangvn.123websitedev.com\/san-pham\/buong-kiem-tra-cach-nhiet-lanh-giay-an-toan-gester-model-gt-kb25\/\",\"url\":\"https:\/\/vannangvn.123websitedev.com\/san-pham\/buong-kiem-tra-cach-nhiet-lanh-giay-an-toan-gester-model-gt-kb25\/\",\"name\":\"BU\u1ed2NG KI\u1ec2M TRA C\u00c1CH NHI\u1ec6T L\u1ea0NH GI\u00c0Y... ch\u00ednh h\u00e3ng | V\u1ea1n N\u0103ng\",\"isPartOf\":{\"@id\":\"https:\/\/vannangvn.123websitedev.com\/#website\"},\"primaryImageOfPage\":{\"@id\":\"https:\/\/vannangvn.123websitedev.com\/san-pham\/buong-kiem-tra-cach-nhiet-lanh-giay-an-toan-gester-model-gt-kb25\/#primaryimage\"},\"image\":{\"@id\":\"https:\/\/vannangvn.123websitedev.com\/san-pham\/buong-kiem-tra-cach-nhiet-lanh-giay-an-toan-gester-model-gt-kb25\/#primaryimage\"},\"thumbnailUrl\":\"https:\/\/vannangvn.123websitedev.com\/wp-content\/uploads\/2026\/03\/GT-KB25-768x576-copy-1.jpg\",\"datePublished\":\"2026-03-20T10:20:31+00:00\",\"dateModified\":\"2026-03-30T11:10:57+00:00\",\"description\":\"Mua ngay BU\u1ed2NG KI\u1ec2M TRA C\u00c1CH NHI\u1ec6T L\u1ea0NH GI\u00c0Y AN TO\u00c0N GESTER MODEL GT-KB25 ch\u00ednh h\u00e3ng. Gi\u00e1 t\u1ed1t!\",\"breadcrumb\":{\"@id\":\"https:\/\/vannangvn.123websitedev.com\/san-pham\/buong-kiem-tra-cach-nhiet-lanh-giay-an-toan-gester-model-gt-kb25\/#breadcrumb\"},\"inLanguage\":\"en-US\",\"potentialAction\":[{\"@type\":\"ReadAction\",\"target\":[\"https:\/\/vannangvn.123websitedev.com\/san-pham\/buong-kiem-tra-cach-nhiet-lanh-giay-an-toan-gester-model-gt-kb25\/\"]}]},{\"@type\":\"ImageObject\",\"inLanguage\":\"en-US\",\"@id\":\"https:\/\/vannangvn.123websitedev.com\/san-pham\/buong-kiem-tra-cach-nhiet-lanh-giay-an-toan-gester-model-gt-kb25\/#primaryimage\",\"url\":\"https:\/\/vannangvn.123websitedev.com\/wp-content\/uploads\/2026\/03\/GT-KB25-768x576-copy-1.jpg\",\"contentUrl\":\"https:\/\/vannangvn.123websitedev.com\/wp-content\/uploads\/2026\/03\/GT-KB25-768x576-copy-1.jpg\",\"width\":768,\"height\":576},{\"@type\":\"BreadcrumbList\",\"@id\":\"https:\/\/vannangvn.123websitedev.com\/san-pham\/buong-kiem-tra-cach-nhiet-lanh-giay-an-toan-gester-model-gt-kb25\/#breadcrumb\",\"itemListElement\":[{\"@type\":\"ListItem\",\"position\":1,\"name\":\"Trang ch\u1ee7\",\"item\":\"https:\/\/vannangvn.123websitedev.com\/\"},{\"@type\":\"ListItem\",\"position\":2,\"name\":\"S\u1ea3n ph\u1ea9m\",\"item\":\"https:\/\/vannangvn.123websitedev.com\/cua-hang\/\"},{\"@type\":\"ListItem\",\"position\":3,\"name\":\"BU\u1ed2NG KI\u1ec2M TRA C\u00c1CH NHI\u1ec6T L\u1ea0NH GI\u00c0Y AN TO\u00c0N GESTER MODEL GT-KB25\"}]},{\"@type\":\"WebSite\",\"@id\":\"https:\/\/vannangvn.123websitedev.com\/#website\",\"url\":\"https:\/\/vannangvn.123websitedev.com\/\",\"name\":\"Vannang.vn\",\"description\":\"\",\"publisher\":{\"@id\":\"https:\/\/vannangvn.123websitedev.com\/#organization\"},\"potentialAction\":[{\"@type\":\"SearchAction\",\"target\":{\"@type\":\"EntryPoint\",\"urlTemplate\":\"https:\/\/vannangvn.123websitedev.com\/?s={search_term_string}\"},\"query-input\":{\"@type\":\"PropertyValueSpecification\",\"valueRequired\":true,\"valueName\":\"search_term_string\"}}],\"inLanguage\":\"en-US\"},{\"@type\":\"Organization\",\"@id\":\"https:\/\/vannangvn.123websitedev.com\/#organization\",\"name\":\"Vannang.vn\",\"url\":\"https:\/\/vannangvn.123websitedev.com\/\",\"logo\":{\"@type\":\"ImageObject\",\"inLanguage\":\"en-US\",\"@id\":\"https:\/\/vannangvn.123websitedev.com\/#\/schema\/logo\/image\/\",\"url\":\"https:\/\/vannangvn.123websitedev.com\/wp-content\/uploads\/2026\/02\/logo-van-nang-02.png\",\"contentUrl\":\"https:\/\/vannangvn.123websitedev.com\/wp-content\/uploads\/2026\/02\/logo-van-nang-02.png\",\"width\":448,\"height\":111,\"caption\":\"Vannang.vn\"},\"image\":{\"@id\":\"https:\/\/vannangvn.123websitedev.com\/#\/schema\/logo\/image\/\"}}]}<\/script>\n<!-- \/ Yoast SEO Premium plugin. -->","yoast_head_json":{"title":"BU\u1ed2NG KI\u1ec2M TRA C\u00c1CH NHI\u1ec6T L\u1ea0NH GI\u00c0Y... ch\u00ednh h\u00e3ng | V\u1ea1n N\u0103ng","description":"Mua ngay BU\u1ed2NG KI\u1ec2M TRA C\u00c1CH NHI\u1ec6T L\u1ea0NH GI\u00c0Y AN TO\u00c0N GESTER MODEL GT-KB25 ch\u00ednh h\u00e3ng. Gi\u00e1 t\u1ed1t!","robots":{"index":"noindex","follow":"follow","max-snippet":"max-snippet:-1","max-image-preview":"max-image-preview:large","max-video-preview":"max-video-preview:-1"},"og_locale":"en_US","og_type":"article","og_title":"BU\u1ed2NG KI\u1ec2M TRA C\u00c1CH NHI\u1ec6T L\u1ea0NH GI\u00c0Y AN TO\u00c0N GESTER MODEL GT-KB25","og_description":"Mua ngay BU\u1ed2NG KI\u1ec2M TRA C\u00c1CH NHI\u1ec6T L\u1ea0NH GI\u00c0Y AN TO\u00c0N GESTER MODEL GT-KB25 ch\u00ednh h\u00e3ng. Gi\u00e1 t\u1ed1t!","og_url":"https:\/\/vannangvn.123websitedev.com\/en\/product\/buong-kiem-tra-cach-nhiet-lanh-giay-an-toan-gester-model-gt-kb25\/","og_site_name":"Vannang.vn","article_modified_time":"2026-03-30T11:10:57+00:00","og_image":[{"width":768,"height":576,"url":"http:\/\/vannangvn.123websitedev.com\/wp-content\/uploads\/2026\/03\/GT-KB25-768x576-copy-1.jpg","type":"image\/jpeg"}],"twitter_card":"summary_large_image","twitter_misc":{"Est. reading time":"1 minute"},"schema":{"@context":"https:\/\/schema.org","@graph":[{"@type":"WebPage","@id":"https:\/\/vannangvn.123websitedev.com\/san-pham\/buong-kiem-tra-cach-nhiet-lanh-giay-an-toan-gester-model-gt-kb25\/","url":"https:\/\/vannangvn.123websitedev.com\/san-pham\/buong-kiem-tra-cach-nhiet-lanh-giay-an-toan-gester-model-gt-kb25\/","name":"BU\u1ed2NG KI\u1ec2M TRA C\u00c1CH NHI\u1ec6T L\u1ea0NH GI\u00c0Y... ch\u00ednh h\u00e3ng | V\u1ea1n N\u0103ng","isPartOf":{"@id":"https:\/\/vannangvn.123websitedev.com\/#website"},"primaryImageOfPage":{"@id":"https:\/\/vannangvn.123websitedev.com\/san-pham\/buong-kiem-tra-cach-nhiet-lanh-giay-an-toan-gester-model-gt-kb25\/#primaryimage"},"image":{"@id":"https:\/\/vannangvn.123websitedev.com\/san-pham\/buong-kiem-tra-cach-nhiet-lanh-giay-an-toan-gester-model-gt-kb25\/#primaryimage"},"thumbnailUrl":"https:\/\/vannangvn.123websitedev.com\/wp-content\/uploads\/2026\/03\/GT-KB25-768x576-copy-1.jpg","datePublished":"2026-03-20T10:20:31+00:00","dateModified":"2026-03-30T11:10:57+00:00","description":"Mua ngay BU\u1ed2NG KI\u1ec2M TRA C\u00c1CH NHI\u1ec6T L\u1ea0NH GI\u00c0Y AN TO\u00c0N GESTER MODEL GT-KB25 ch\u00ednh h\u00e3ng. Gi\u00e1 t\u1ed1t!","breadcrumb":{"@id":"https:\/\/vannangvn.123websitedev.com\/san-pham\/buong-kiem-tra-cach-nhiet-lanh-giay-an-toan-gester-model-gt-kb25\/#breadcrumb"},"inLanguage":"en-US","potentialAction":[{"@type":"ReadAction","target":["https:\/\/vannangvn.123websitedev.com\/san-pham\/buong-kiem-tra-cach-nhiet-lanh-giay-an-toan-gester-model-gt-kb25\/"]}]},{"@type":"ImageObject","inLanguage":"en-US","@id":"https:\/\/vannangvn.123websitedev.com\/san-pham\/buong-kiem-tra-cach-nhiet-lanh-giay-an-toan-gester-model-gt-kb25\/#primaryimage","url":"https:\/\/vannangvn.123websitedev.com\/wp-content\/uploads\/2026\/03\/GT-KB25-768x576-copy-1.jpg","contentUrl":"https:\/\/vannangvn.123websitedev.com\/wp-content\/uploads\/2026\/03\/GT-KB25-768x576-copy-1.jpg","width":768,"height":576},{"@type":"BreadcrumbList","@id":"https:\/\/vannangvn.123websitedev.com\/san-pham\/buong-kiem-tra-cach-nhiet-lanh-giay-an-toan-gester-model-gt-kb25\/#breadcrumb","itemListElement":[{"@type":"ListItem","position":1,"name":"Trang ch\u1ee7","item":"https:\/\/vannangvn.123websitedev.com\/"},{"@type":"ListItem","position":2,"name":"S\u1ea3n ph\u1ea9m","item":"https:\/\/vannangvn.123websitedev.com\/cua-hang\/"},{"@type":"ListItem","position":3,"name":"BU\u1ed2NG KI\u1ec2M TRA C\u00c1CH NHI\u1ec6T L\u1ea0NH GI\u00c0Y AN TO\u00c0N GESTER MODEL GT-KB25"}]},{"@type":"WebSite","@id":"https:\/\/vannangvn.123websitedev.com\/#website","url":"https:\/\/vannangvn.123websitedev.com\/","name":"Vannang.vn","description":"","publisher":{"@id":"https:\/\/vannangvn.123websitedev.com\/#organization"},"potentialAction":[{"@type":"SearchAction","target":{"@type":"EntryPoint","urlTemplate":"https:\/\/vannangvn.123websitedev.com\/?s={search_term_string}"},"query-input":{"@type":"PropertyValueSpecification","valueRequired":true,"valueName":"search_term_string"}}],"inLanguage":"en-US"},{"@type":"Organization","@id":"https:\/\/vannangvn.123websitedev.com\/#organization","name":"Vannang.vn","url":"https:\/\/vannangvn.123websitedev.com\/","logo":{"@type":"ImageObject","inLanguage":"en-US","@id":"https:\/\/vannangvn.123websitedev.com\/#\/schema\/logo\/image\/","url":"https:\/\/vannangvn.123websitedev.com\/wp-content\/uploads\/2026\/02\/logo-van-nang-02.png","contentUrl":"https:\/\/vannangvn.123websitedev.com\/wp-content\/uploads\/2026\/02\/logo-van-nang-02.png","width":448,"height":111,"caption":"Vannang.vn"},"image":{"@id":"https:\/\/vannangvn.123websitedev.com\/#\/schema\/logo\/image\/"}}]}},"_links":{"self":[{"href":"https:\/\/vannangvn.123websitedev.com\/en\/wp-json\/wp\/v2\/product\/6030","targetHints":{"allow":["GET"]}}],"collection":[{"href":"https:\/\/vannangvn.123websitedev.com\/en\/wp-json\/wp\/v2\/product"}],"about":[{"href":"https:\/\/vannangvn.123websitedev.com\/en\/wp-json\/wp\/v2\/types\/product"}],"replies":[{"embeddable":true,"href":"https:\/\/vannangvn.123websitedev.com\/en\/wp-json\/wp\/v2\/comments?post=6030"}],"wp:featuredmedia":[{"embeddable":true,"href":"https:\/\/vannangvn.123websitedev.com\/en\/wp-json\/wp\/v2\/media\/10509"}],"wp:attachment":[{"href":"https:\/\/vannangvn.123websitedev.com\/en\/wp-json\/wp\/v2\/media?parent=6030"}],"wp:term":[{"taxonomy":"product_brand","embeddable":true,"href":"https:\/\/vannangvn.123websitedev.com\/en\/wp-json\/wp\/v2\/product_brand?post=6030"},{"taxonomy":"product_cat","embeddable":true,"href":"https:\/\/vannangvn.123websitedev.com\/en\/wp-json\/wp\/v2\/product_cat?post=6030"},{"taxonomy":"product_tag","embeddable":true,"href":"https:\/\/vannangvn.123websitedev.com\/en\/wp-json\/wp\/v2\/product_tag?post=6030"}],"curies":[{"name":"wp","href":"https:\/\/api.w.org\/{rel}","templated":true}]}}