{"id":6036,"date":"2026-03-20T17:20:40","date_gmt":"2026-03-20T10:20:40","guid":{"rendered":"https:\/\/vannangvn.123websitedev.com\/san-pham\/buong-kiem-tra-do-lao-hoa-trong-moi-truong-khi-hau-suga-test-model-mv3000\/"},"modified":"2026-03-30T18:11:05","modified_gmt":"2026-03-30T11:11:05","slug":"buong-kiem-tra-do-lao-hoa-trong-moi-truong-khi-hau-suga-test-model-mv3000","status":"publish","type":"product","link":"https:\/\/vannangvn.123websitedev.com\/en\/product\/buong-kiem-tra-do-lao-hoa-trong-moi-truong-khi-hau-suga-test-model-mv3000\/","title":{"rendered":"BU\u1ed2NG KI\u1ec2M TRA \u0110\u1ed8 L\u00c3O H\u00d3A TRONG M\u00d4I TR\u01af\u1edcNG KH\u00cd H\u1eacU SUGA TEST MODEL MV3000"},"content":{"rendered":"<h1 style=\"color: red; font-weight: bold; font-size: 24px;\">T&#7893;ng quan s&#7843;n ph&#7849;m BU&#7890;NG KI&#7874;M TRA &#272;&#7896; L&Atilde;O H&Oacute;A TRONG M&Ocirc;I TR&#431;&#7900;NG KH&Iacute; H&#7852;U SUGA TEST MODEL MV3000<p>Bu&#7891;ng Ki&#7875;m Tra &#272;&#7897; L&atilde;o H&oacute;a Trong M&ocirc;i Tr&#432;&#7901;ng Kh&iacute; H&#7853;u (Metaling Suga Test Model MV3000) Suga Test Model MV3000<br>\nMV3000 l&agrave; m&aacute;y ki&#7875;m tra &#273;&#7897; l&atilde;o h&oacute;a &#273;&#7847;u ti&ecirc;n tr&ecirc;n th&#7871; gi&#7899;i v&#7899;i &#273;&egrave;n halogen kim lo&#7841;i th&#7859;ng &#273;&#7913;ng l&agrave;m ngu&#7891;n s&aacute;ng (&#273;&#432;&#7907;c c&#7845;p b&#7857;ng s&aacute;ng ch&#7871; &#7903; Nh&#7853;t B&#7843;n v&agrave; Hoa K&#7923;) &#273;&#7871;n t&#7915; th&#432;&#417;ng hi&#7879;u n&#7893;i ti&#7871;ng &#7903; Nh&#7853;t B&#7843;n &ndash; Suga Test. Thi&#7871;t k&#7871; &#273;&#7897;t ph&aacute; n&agrave;y cho ph&eacute;p c&aacute;c m&#7851;u v&#7853;t xoay quanh m&#7897;t &#273;&egrave;n &#273;&#432;&#7907;c &#273;&#7863;t theo chi&#7873;u d&#7885;c, gi&uacute;p t&#259;ng s&#7889; l&#432;&#7907;ng m&#7851;u v&#7853;t c&oacute; th&#7875; th&#7917; nghi&#7879;m c&ugrave;ng l&uacute;c v&agrave; c&#7843;i thi&#7879;n s&#7921; ph&acirc;n b&#7889; c&#7911;a &aacute;nh s&aacute;ng, nhi&#7879;t &#273;&#7897; v&agrave; &#273;&#7897; &#7849;m. H&atilde;y c&ugrave;ng V&#7841;n N&#259;ng t&igrave;m hi&#7875;u chi ti&#7871;t h&#417;n v&#7873; s&#7843;n ph&#7849;m th&ocirc;ng qua b&agrave;i vi&#7871;t n&agrave;y!<\/p><h2 style=\"color: #2e7d32; font-weight: bold; font-size: 20px;\">&#431;u &#272;i&#7875;m N&#7893;i B&#7853;t M&aacute;y Ki&#7875;m Tra &#272;&#7897; L&atilde;o H&oacute;a Model MV3000<\/h2><p>Ngu&#7891;n s&aacute;ng &#273;&egrave;n halogen kim lo&#7841;i th&#7859;ng &#273;&#7913;ng<br>\nM&aacute;y MV3000 s&#7917; d&#7909;ng &#273;&egrave;n halogen kim lo&#7841;i th&#7859;ng &#273;&#7913;ng M3.0 (3kW, lo&#7841;i l&agrave;m m&aacute;t b&#7857;ng n&#432;&#7899;c gi&aacute;n ti&#7871;p) l&agrave;m ngu&#7891;n s&aacute;ng. Thi&#7871;t k&#7871; n&agrave;y kh&ocirc;ng ch&#7881; t&#259;ng c&#432;&#7901;ng hi&#7879;u qu&#7843; ph&acirc;n b&#7889; &aacute;nh s&aacute;ng m&agrave; c&ograve;n gi&uacute;p t&#259;ng s&#7889; l&#432;&#7907;ng m&#7851;u v&#7853;t c&oacute; th&#7875; th&#7917; nghi&#7879;m, n&acirc;ng cao hi&#7879;u qu&#7843; ki&#7875;m tra v&agrave; ti&#7871;t ki&#7879;m th&#7901;i gian.<br>\nThi&#7871;t k&#7871; xoay m&#7851;u v&#7853;t<br>\nThi&#7871;t k&#7871; &#273;&#7897;c &#273;&aacute;o cho ph&eacute;p c&aacute;c m&#7851;u v&#7853;t xoay quanh &#273;&egrave;n halogen kim lo&#7841;i th&#7859;ng &#273;&#7913;ng, thay v&igrave; ph&#7843;i c&#7889; &#273;&#7883;nh t&#7841;i m&#7897;t v&#7883; tr&iacute; duy nh&#7845;t. Gi&uacute;p c&#7843;i thi&#7879;n s&#7921; &#273;&#7891;ng &#273;&#7873;u c&#7911;a &aacute;nh s&aacute;ng, nhi&#7879;t &#273;&#7897; v&agrave; &#273;&#7897; &#7849;m tr&ecirc;n c&aacute;c m&#7851;u v&#7853;t, &#273;&#7843;m b&#7843;o k&#7871;t qu&#7843; ki&#7875;m tra ch&iacute;nh x&aacute;c v&agrave; nh&#7845;t qu&aacute;n h&#417;n.<br>\n&#272;&aacute;p &#7913;ng nhu c&#7847;u ki&#7875;m tra si&ecirc;u t&#7889;c<br>\nM&aacute;y Ki&#7875;m Tra &#272;&#7897; L&atilde;o H&oacute;a MV3000 &#273;&aacute;p &#7913;ng nhu c&#7847;u ki&#7875;m tra si&ecirc;u t&#7889;c v&#7899;i kh&#7843; n&#259;ng ki&#7875;m tra &#273;a d&#7841;ng: ki&#7875;m tra &aacute;nh s&aacute;ng, ki&#7875;m tra &aacute;nh s&aacute;ng k&egrave;m phun n&#432;&#7899;c, ki&#7875;m tra trong b&oacute;ng t&#7889;i v&agrave; ki&#7875;m tra b&oacute;ng t&#7889;i k&egrave;m phun s&#432;&#417;ng. &#272;&aacute;p &#7913;ng m&#7885;i y&ecirc;u c&#7847;u kh&#7855;t khe nh&#7845;t trong vi&#7879;c th&#7917; nghi&#7879;m th&#7901;i ti&#7871;t. &#272;em &#273;&#7871;n tr&#7843;i nghi&#7879;m m&#432;&#7907;t m&agrave; cho ng&#432;&#7901;i d&ugrave;ng, &#273;i k&egrave;m v&#7899;i &#273;&oacute; l&agrave; hi&#7879;u su&#7845;t v&#432;&#7907;t tr&#7897;i ch&#7855;c ch&#7855;n s&#7869; l&agrave;m h&agrave;i l&ograve;ng kh&aacute;ch h&agrave;ng.<\/p><h2 style=\"color: #0073aa; font-weight: bold; font-size: 20px;\">Th&ocirc;ng s&#7889; k&#7929; thu&#7853;t<\/h2><p>Ngu&#7891;n s&aacute;ng<\/p><p>&#272;&egrave;n halogen kim lo&#7841;i th&#7859;ng &#273;&#7913;ng M3.0 (3kW, lo&#7841;i l&agrave;m m&aacute;t b&#7857;ng n&#432;&#7899;c gi&aacute;n ti&#7871;p)<br>\n&#272;&#7897; chi&#7871;u x&#7841;: 530W\/&#13217; &#7903; d&#7843;i b&#432;&#7899;c s&oacute;ng 300 &#273;&#7871;n 400 nm (v&#7899;i b&#7897; l&#7885;c th&#7841;ch anh v&agrave; b&#7897; l&#7885;c #255)<br>\nT&ugrave;y ch&#7885;n: 830W\/&#13217; &#7903; d&#7843;i b&#432;&#7899;c s&oacute;ng 295 &#273;&#7871;n 450 nm<\/p><p>Nhi&#7879;t &#273;&#7897; v&agrave; &#273;&#7897; &#7849;m<\/p><p>Ki&#7875;m tra &aacute;nh s&aacute;ng: Nhi&#7879;t &#273;&#7897; b&#7873; m&#7863;t b&#7843;ng &#273;en (BPT) t&#7915; 63 &#273;&#7871;n 85 &plusmn;1&#8451;, &#273;&#7897; &#7849;m 50&plusmn;5% (&#7903; 63&#8451; BPT)<br>\nKi&#7875;m tra trong b&oacute;ng t&#7889;i: Nhi&#7879;t &#273;&#7897; bu&#7891;ng th&#7917; nghi&#7879;m (CT) t&#7915; 30 &#273;&#7871;n 50 &plusmn;1&#8451;, &#273;&#7897; &#7849;m 95&plusmn;5% (&#7903; 38&#8451; CT)<\/p><p>S&#7889; l&#432;&#7907;ng m&#7851;u v&#7853;t<\/p><p>T&#7889;i &#273;a 15 m&#7851;u v&#7853;t (k&iacute;ch th&#432;&#7899;c 150x70x1mm) v&#7899;i &#273;&#432;&#7901;ng k&iacute;nh gi&aacute; &#273;&#7905; &#1060;400mm<\/p><p>K&iacute;ch th&#432;&#7899;c c&#7911;a thi&#7871;t b&#7883;<\/p><p>Chi&#7873;u r&#7897;ng: 105cm<br>\nChi&#7873;u s&acirc;u: 139cm<br>\nChi&#7873;u cao: 204cm<br>\nTr&#7885;ng l&#432;&#7907;ng: kho&#7843;ng 570kg<\/p><p>Nh&#7919;ng L&yacute; Do N&ecirc;n Mua M&aacute;y &#272;o Th&#7901;i Ti&#7871;t T&#7841;i Thi&#7871;t B&#7883; C&ocirc;ng Ngh&#7879; V&#7841;n N&#259;ng<\/p><p>C&ocirc;ng ty Thi&#7871;t B&#7883; C&ocirc;ng Ngh&#7879; V&#7841;n N&#259;ng l&agrave; &#273;&#7889;i t&aacute;c ch&iacute;nh th&#7913;c ph&acirc;n ph&#7889;i M&aacute;y &#272;o Th&#7901;i Ti&#7871;t D&#7885;c h&agrave;ng &#273;&#7847;u t&#7841;i Vi&#7879;t Nam, cam k&#7871;t cung c&#7845;p s&#7843;n ph&#7849;m ch&iacute;nh h&atilde;ng v&#7899;i gi&aacute; c&#7843; c&#7841;nh tranh nh&#7845;t th&#7883; tr&#432;&#7901;ng. V&#7899;i uy t&iacute;n tr&ecirc;n th&#7883; tr&#432;&#7901;ng v&agrave; ch&#7871; &#273;&#7897; h&#7851;u m&atilde;i t&#7889;t, Thi&#7871;t B&#7883; C&ocirc;ng Ngh&#7879; V&#7841;n N&#259;ng &#273;&atilde; nh&#7853;n &#273;&#432;&#7907;c s&#7921; tin t&#432;&#7903;ng t&#7915; kh&aacute;ch h&agrave;ng nh&#7901; v&agrave;o ch&#7845;t l&#432;&#7907;ng h&agrave;ng &#273;&#7847;u c&#7911;a c&aacute;c d&ograve;ng s&#7843;n ph&#7849;m.<br>\nS&#7843;n ph&#7849;m c&#7911;a ch&uacute;ng t&ocirc;i &#273;&#432;&#7907;c ki&#7875;m &#273;&#7883;nh ch&#7845;t l&#432;&#7907;ng, nh&#7853;p kh&#7849;u tr&#7921;c ti&#7871;p t&#7915; nh&agrave; m&aacute;y b&ecirc;n Ch&acirc;u &Acirc;u, M&#7929;, &Uacute;c, Nh&#7853;t B&#7843;n,&hellip; v&agrave; &#273;&aacute;p &#7913;ng nhu c&#7847;u &#273;a d&#7841;ng c&#7911;a th&#7883; tr&#432;&#7901;ng nh&#432;: M&aacute;y &#272;o &#272;&#7897; C&#7913;ng, M&aacute;y SPECTROMAXx, M&aacute;y Ki&#7875;m Tra &#272;&#432;&#7901;ng Gh&eacute;p M&iacute; Lon,&hellip; Ch&uacute;ng t&ocirc;i cam k&#7871;t cung c&#7845;p s&#7843;n ph&#7849;m n&agrave;y tr&ecirc;n to&agrave;n qu&#7889;c v&#7899;i gi&aacute; c&#7843; c&#7841;nh tranh nh&#7845;t.<br>\nCh&uacute;ng t&ocirc;i c&oacute; &#273;&#7897;i ng&#361; chuy&ecirc;n vi&ecirc;n t&#432; v&#7845;n chuy&ecirc;n s&acirc;u s&#7869; h&#7895; tr&#7907; kh&aacute;ch h&agrave;ng v&#7873; chi ti&#7871;t s&#7843;n ph&#7849;m, h&#432;&#7899;ng d&#7851;n s&#7917; d&#7909;ng hay nh&#7919;ng th&#7913; li&ecirc;n quan &#273;&#7871;n v&#7845;n &#273;&#7873; m&agrave; doanh nghi&#7879;p b&#7841;n &#273;ang g&#7863;p ph&#7843;i. Ch&uacute;ng t&ocirc;i s&#7869; cung c&#7845;p nh&#7919;ng gi&#7843;i ph&aacute;p t&#7889;i &#432;u nh&#7845;t!<br>\nNgo&agrave;i ra Thi&#7871;t B&#7883; C&ocirc;ng Ngh&#7879; V&#7841;n N&#259;ng Ch&uacute;ng T&ocirc;i lu&ocirc;n h&#432;&#7899;ng &#273;&#7871;n tr&#7843;i nghi&#7879;m kh&aacute;ch h&agrave;ng, v&igrave; v&#7853;y ch&uacute;ng t&ocirc;i c&oacute; nh&#7919;ng ch&iacute;nh s&aacute;ch b&#7843;o h&agrave;nh, b&#7843;o tr&igrave; &ndash; b&#7843;o d&#432;&#7905;ng, hi&#7879;u chu&#7849;n v&#7899;i t&#7845;t c&#7843; c&aacute;c thi&#7871;t b&#7883;, m&aacute;y m&oacute;c m&agrave; ch&uacute;ng t&ocirc;i cung c&#7845;p. &#272;&#7843;m b&#7843;o mang &#273;&#7871;n cho Kh&aacute;ch h&agrave;ng s&#7921; y&ecirc;n t&acirc;m tuy&#7879;t &#273;&#7889;i v&#7873; d&#7883;ch v&#7909; khi mua h&agrave;ng.<\/p><p>T&#7893;ng K&#7871;t<br>\nMV3000 l&agrave; gi&#7843;i ph&aacute;p ti&ecirc;n ti&#7871;n v&agrave; hi&#7879;u qu&#7843; cho vi&#7879;c ki&#7875;m tra th&#7901;i ti&#7871;t. V&#7899;i thi&#7871;t k&#7871; &#273;&#7897;c &#273;&aacute;o v&agrave; kh&#7843; n&#259;ng ki&#7875;m tra &#273;a d&#7841;ng, MV3000 Suga Test kh&ocirc;ng ch&#7881; c&#7843;i thi&#7879;n &#273;&#7897; ch&iacute;nh x&aacute;c m&agrave; c&ograve;n t&#259;ng c&#432;&#7901;ng hi&#7879;u qu&#7843; ki&#7875;m tra. H&atilde;y li&ecirc;n h&#7879; ngay v&#7899;i V&#7841;n N&#259;ng Company &#273;&#7875; &#273;&#432;&#7907;c t&#432; v&#7845;n chi ti&#7871;t v&agrave; nh&#7853;n ngay nh&#7919;ng &#432;u &#273;&atilde;i h&#7845;p d&#7851;n th&ocirc;ng qua hotline\/zalo: <a href=\"https:\/\/zalo.me\/0903991335\" target=\"_blank\" rel=\"noopener\" style=\"color: #059669; font-weight: bold; text-decoration: none;\">0903 991 335<\/a> !<\/p><div style=\"background-color: #f8fafc; border: 1px solid #e2e8f0; border-radius: 8px; padding: 25px; max-width: 800px; margin: 30px auto; color: #334155; line-height: 1.8; font-size: 17px; box-shadow: 0 4px 6px -1px rgba(0,0,0,0.05); text-align: left; clear: both;\">\nC&ocirc;ng ty TNHH Th&#432;&#417;ng M&#7841;i D&#7883;ch V&#7909; Thi&#7871;t B&#7883; C&ocirc;ng Ngh&#7879; V&#7841;n N&#259;ng\n<p style=\"margin: 0 0 10px 0;\">&#128205; <strong style=\"color: #1e293b;\">&#272;&#7883;a ch&#7881;:<\/strong> <a style=\"color: #059669; text-decoration: none; font-weight: bold;\" href=\"https:\/\/www.google.com\/maps\/search\/C%C3%B4ng+ty+TNHH+Th%C6%B0%C6%A1ng+M%E1%BA%A1i+D%E1%BB%8Bch+V%E1%BB%A5+Thi%E1%BA%BFt+B%E1%BB%8B+C%C3%B4ng+Ngh%E1%BB%87+V%E1%BA%A1n+N%C4%83ng+818+Tr%C6%B0%E1%BB%9Dng+Chinh\" target=\"_blank\" rel=\"noopener\">818 Tr&#432;&#7901;ng Chinh, Ph&#432;&#7901;ng T&acirc;n S&#417;n, Th&agrave;nh ph&#7889; H&#7891; Ch&iacute; Minh, Vi&#7879;t Nam<\/a><\/p>\n<p style=\"margin: 0 0 10px 0;\">&#128222; <strong style=\"color: #1e293b;\">S&#272;T &ndash; Zalo:<\/strong> <a style=\"color: #059669; text-decoration: none; font-weight: bold;\" href=\"https:\/\/zalo.me\/0903991335\" target=\"_blank\" rel=\"noopener\">0903 991 335<\/a> <span style=\"color: #64748b; font-style: italic;\">(Ms. H&#7841;nh &ndash; Gi&aacute;m &#272;&#7889;c Kinh Doanh)<\/span><\/p>\n<p style=\"margin: 0;\">&#9993;&#65039; <strong style=\"color: #1e293b;\">Email:<\/strong> <a style=\"color: #059669; text-decoration: none; font-weight: bold;\" href=\"mailto:hienhanh@vannangvn.com\">hienhanh@vannangvn.com<\/a><\/p>\n<\/div><\/h1>","protected":false},"excerpt":{"rendered":"<p><strong>Th&#432;&#417;ng hi&#7879;u:<\/strong> MV3000 l&agrave; m&aacute;y &#273;o th&#7901;i ti&#7871;t si&ecirc;u t&#7889;c, s&#7917; d&#7909;ng &#273;&egrave;n halide kim lo&#7841;i th&#7859;ng &#273;&#7913;ng, ph&acirc;n ph&#7889;i &aacute;nh s&aacute;ng &#273;&#7873;u, l&yacute; t&#432;&#7903;ng cho vi&#7879;c ki&#7875;m tra &#273;&#7897; b&#7873;n m&agrave;u c&#7911;a nhi&#7873;u m&#7851;u v&#7853;t.<br>\n<strong>Model:<\/strong> MV3000<p>Product <strong>BU&#7890;NG KI&#7874;M TRA &#272;&#7896; L&Atilde;O H&Oacute;A TRONG M&Ocirc;I TR&#431;&#7900;NG KH&Iacute; H&#7852;U SUGA TEST MODEL MV3000<\/strong> ch&iacute;nh h&atilde;ng. MV3000 l&agrave; m&aacute;y &#273;o th&#7901;i ti&#7871;t si&ecirc;u t&#7889;c, s&#7917; d&#7909;ng &#273;&egrave;n halide kim lo&#7841;i th&#7859;ng &#273;&#7913;ng, ph&acirc;n ph&#7889;i &aacute;nh s&aacute;ng &#273;&#7873;u, l&yacute; t&#432;&#7903;ng cho vi&#7879;c ki&#7875;m tra &#273;&#7897; b&#7873;n m&agrave;u c&#7911;a nhi&#7873;u m&#7851;u v&#7853;t.<\/p><\/p>","protected":false},"featured_media":10255,"comment_status":"open","ping_status":"closed","template":"","meta":[],"product_brand":[],"product_cat":[18],"product_tag":[208,209,319,361,426,484,510,511,512,513,514,515,116,122,181],"class_list":{"0":"post-6036","1":"product","2":"type-product","3":"status-publish","4":"has-post-thumbnail","6":"product_cat-chua-phan-loai","7":"product_tag-kiem","8":"product_tag-tra","9":"product_tag-trong","10":"product_tag-khi","11":"product_tag-test","12":"product_tag-buong","13":"product_tag-lao","14":"product_tag-moi","15":"product_tag-truong","16":"product_tag-hau","17":"product_tag-suga","18":"product_tag-mv3000","19":"product_tag-model","20":"product_tag-hoa","21":"product_tag-do","23":"first","24":"instock","25":"shipping-taxable","26":"product-type-simple"},"yoast_head":"<!-- This site is optimized with the Yoast SEO Premium plugin v24.8 (Yoast SEO v24.8) - https:\/\/yoast.com\/wordpress\/plugins\/seo\/ -->\n<title>BU\u1ed2NG KI\u1ec2M TRA \u0110\u1ed8 L\u00c3O H\u00d3A TRONG M\u00d4I... ch\u00ednh h\u00e3ng | V\u1ea1n N\u0103ng<\/title>\n<meta name=\"description\" content=\"Mua ngay BU\u1ed2NG KI\u1ec2M TRA \u0110\u1ed8 L\u00c3O H\u00d3A TRONG M\u00d4I TR\u01af\u1edcNG KH\u00cd H\u1eacU SUGA TEST MODEL MV3000 ch\u00ednh h\u00e3ng. Gi\u00e1 t\u1ed1t!\" \/>\n<meta name=\"robots\" content=\"noindex, follow, max-snippet:-1, max-image-preview:large, max-video-preview:-1\" \/>\n<meta property=\"og:locale\" content=\"en_US\" \/>\n<meta property=\"og:type\" content=\"article\" \/>\n<meta property=\"og:title\" content=\"BU\u1ed2NG KI\u1ec2M TRA \u0110\u1ed8 L\u00c3O H\u00d3A TRONG M\u00d4I TR\u01af\u1edcNG KH\u00cd H\u1eacU SUGA TEST MODEL MV3000\" \/>\n<meta property=\"og:description\" content=\"Mua ngay BU\u1ed2NG KI\u1ec2M TRA \u0110\u1ed8 L\u00c3O H\u00d3A TRONG M\u00d4I TR\u01af\u1edcNG KH\u00cd H\u1eacU SUGA TEST MODEL MV3000 ch\u00ednh h\u00e3ng. Gi\u00e1 t\u1ed1t!\" \/>\n<meta property=\"og:url\" content=\"https:\/\/vannangvn.123websitedev.com\/en\/product\/buong-kiem-tra-do-lao-hoa-trong-moi-truong-khi-hau-suga-test-model-mv3000\/\" \/>\n<meta property=\"og:site_name\" content=\"Vannang.vn\" \/>\n<meta property=\"article:modified_time\" content=\"2026-03-30T11:11:05+00:00\" \/>\n<meta property=\"og:image\" content=\"http:\/\/vannangvn.123websitedev.com\/wp-content\/uploads\/2026\/03\/MV3000-copy.jpg\" \/>\n\t<meta property=\"og:image:width\" content=\"768\" \/>\n\t<meta property=\"og:image:height\" content=\"576\" \/>\n\t<meta property=\"og:image:type\" content=\"image\/jpeg\" \/>\n<meta name=\"twitter:card\" content=\"summary_large_image\" \/>\n<meta name=\"twitter:label1\" content=\"Est. reading time\" \/>\n\t<meta name=\"twitter:data1\" content=\"7 minutes\" \/>\n<script type=\"application\/ld+json\" class=\"yoast-schema-graph\">{\"@context\":\"https:\/\/schema.org\",\"@graph\":[{\"@type\":\"WebPage\",\"@id\":\"https:\/\/vannangvn.123websitedev.com\/san-pham\/buong-kiem-tra-do-lao-hoa-trong-moi-truong-khi-hau-suga-test-model-mv3000\/\",\"url\":\"https:\/\/vannangvn.123websitedev.com\/san-pham\/buong-kiem-tra-do-lao-hoa-trong-moi-truong-khi-hau-suga-test-model-mv3000\/\",\"name\":\"BU\u1ed2NG KI\u1ec2M TRA \u0110\u1ed8 L\u00c3O H\u00d3A TRONG M\u00d4I... ch\u00ednh h\u00e3ng | V\u1ea1n N\u0103ng\",\"isPartOf\":{\"@id\":\"https:\/\/vannangvn.123websitedev.com\/#website\"},\"primaryImageOfPage\":{\"@id\":\"https:\/\/vannangvn.123websitedev.com\/san-pham\/buong-kiem-tra-do-lao-hoa-trong-moi-truong-khi-hau-suga-test-model-mv3000\/#primaryimage\"},\"image\":{\"@id\":\"https:\/\/vannangvn.123websitedev.com\/san-pham\/buong-kiem-tra-do-lao-hoa-trong-moi-truong-khi-hau-suga-test-model-mv3000\/#primaryimage\"},\"thumbnailUrl\":\"https:\/\/vannangvn.123websitedev.com\/wp-content\/uploads\/2026\/03\/MV3000-copy.jpg\",\"datePublished\":\"2026-03-20T10:20:40+00:00\",\"dateModified\":\"2026-03-30T11:11:05+00:00\",\"description\":\"Mua ngay BU\u1ed2NG KI\u1ec2M TRA \u0110\u1ed8 L\u00c3O H\u00d3A TRONG M\u00d4I TR\u01af\u1edcNG KH\u00cd H\u1eacU SUGA TEST MODEL MV3000 ch\u00ednh h\u00e3ng. Gi\u00e1 t\u1ed1t!\",\"breadcrumb\":{\"@id\":\"https:\/\/vannangvn.123websitedev.com\/san-pham\/buong-kiem-tra-do-lao-hoa-trong-moi-truong-khi-hau-suga-test-model-mv3000\/#breadcrumb\"},\"inLanguage\":\"en-US\",\"potentialAction\":[{\"@type\":\"ReadAction\",\"target\":[\"https:\/\/vannangvn.123websitedev.com\/san-pham\/buong-kiem-tra-do-lao-hoa-trong-moi-truong-khi-hau-suga-test-model-mv3000\/\"]}]},{\"@type\":\"ImageObject\",\"inLanguage\":\"en-US\",\"@id\":\"https:\/\/vannangvn.123websitedev.com\/san-pham\/buong-kiem-tra-do-lao-hoa-trong-moi-truong-khi-hau-suga-test-model-mv3000\/#primaryimage\",\"url\":\"https:\/\/vannangvn.123websitedev.com\/wp-content\/uploads\/2026\/03\/MV3000-copy.jpg\",\"contentUrl\":\"https:\/\/vannangvn.123websitedev.com\/wp-content\/uploads\/2026\/03\/MV3000-copy.jpg\",\"width\":768,\"height\":576},{\"@type\":\"BreadcrumbList\",\"@id\":\"https:\/\/vannangvn.123websitedev.com\/san-pham\/buong-kiem-tra-do-lao-hoa-trong-moi-truong-khi-hau-suga-test-model-mv3000\/#breadcrumb\",\"itemListElement\":[{\"@type\":\"ListItem\",\"position\":1,\"name\":\"Trang ch\u1ee7\",\"item\":\"https:\/\/vannangvn.123websitedev.com\/\"},{\"@type\":\"ListItem\",\"position\":2,\"name\":\"S\u1ea3n ph\u1ea9m\",\"item\":\"https:\/\/vannangvn.123websitedev.com\/cua-hang\/\"},{\"@type\":\"ListItem\",\"position\":3,\"name\":\"BU\u1ed2NG KI\u1ec2M TRA \u0110\u1ed8 L\u00c3O H\u00d3A TRONG M\u00d4I TR\u01af\u1edcNG KH\u00cd H\u1eacU SUGA TEST MODEL MV3000\"}]},{\"@type\":\"WebSite\",\"@id\":\"https:\/\/vannangvn.123websitedev.com\/#website\",\"url\":\"https:\/\/vannangvn.123websitedev.com\/\",\"name\":\"Vannang.vn\",\"description\":\"\",\"publisher\":{\"@id\":\"https:\/\/vannangvn.123websitedev.com\/#organization\"},\"potentialAction\":[{\"@type\":\"SearchAction\",\"target\":{\"@type\":\"EntryPoint\",\"urlTemplate\":\"https:\/\/vannangvn.123websitedev.com\/?s={search_term_string}\"},\"query-input\":{\"@type\":\"PropertyValueSpecification\",\"valueRequired\":true,\"valueName\":\"search_term_string\"}}],\"inLanguage\":\"en-US\"},{\"@type\":\"Organization\",\"@id\":\"https:\/\/vannangvn.123websitedev.com\/#organization\",\"name\":\"Vannang.vn\",\"url\":\"https:\/\/vannangvn.123websitedev.com\/\",\"logo\":{\"@type\":\"ImageObject\",\"inLanguage\":\"en-US\",\"@id\":\"https:\/\/vannangvn.123websitedev.com\/#\/schema\/logo\/image\/\",\"url\":\"https:\/\/vannangvn.123websitedev.com\/wp-content\/uploads\/2026\/02\/logo-van-nang-02.png\",\"contentUrl\":\"https:\/\/vannangvn.123websitedev.com\/wp-content\/uploads\/2026\/02\/logo-van-nang-02.png\",\"width\":448,\"height\":111,\"caption\":\"Vannang.vn\"},\"image\":{\"@id\":\"https:\/\/vannangvn.123websitedev.com\/#\/schema\/logo\/image\/\"}}]}<\/script>\n<!-- \/ Yoast SEO Premium plugin. -->","yoast_head_json":{"title":"BU\u1ed2NG KI\u1ec2M TRA \u0110\u1ed8 L\u00c3O H\u00d3A TRONG M\u00d4I... ch\u00ednh h\u00e3ng | V\u1ea1n N\u0103ng","description":"Mua ngay BU\u1ed2NG KI\u1ec2M TRA \u0110\u1ed8 L\u00c3O H\u00d3A TRONG M\u00d4I TR\u01af\u1edcNG KH\u00cd H\u1eacU SUGA TEST MODEL MV3000 ch\u00ednh h\u00e3ng. Gi\u00e1 t\u1ed1t!","robots":{"index":"noindex","follow":"follow","max-snippet":"max-snippet:-1","max-image-preview":"max-image-preview:large","max-video-preview":"max-video-preview:-1"},"og_locale":"en_US","og_type":"article","og_title":"BU\u1ed2NG KI\u1ec2M TRA \u0110\u1ed8 L\u00c3O H\u00d3A TRONG M\u00d4I TR\u01af\u1edcNG KH\u00cd H\u1eacU SUGA TEST MODEL MV3000","og_description":"Mua ngay BU\u1ed2NG KI\u1ec2M TRA \u0110\u1ed8 L\u00c3O H\u00d3A TRONG M\u00d4I TR\u01af\u1edcNG KH\u00cd H\u1eacU SUGA TEST MODEL MV3000 ch\u00ednh h\u00e3ng. Gi\u00e1 t\u1ed1t!","og_url":"https:\/\/vannangvn.123websitedev.com\/en\/product\/buong-kiem-tra-do-lao-hoa-trong-moi-truong-khi-hau-suga-test-model-mv3000\/","og_site_name":"Vannang.vn","article_modified_time":"2026-03-30T11:11:05+00:00","og_image":[{"width":768,"height":576,"url":"http:\/\/vannangvn.123websitedev.com\/wp-content\/uploads\/2026\/03\/MV3000-copy.jpg","type":"image\/jpeg"}],"twitter_card":"summary_large_image","twitter_misc":{"Est. reading time":"7 minutes"},"schema":{"@context":"https:\/\/schema.org","@graph":[{"@type":"WebPage","@id":"https:\/\/vannangvn.123websitedev.com\/san-pham\/buong-kiem-tra-do-lao-hoa-trong-moi-truong-khi-hau-suga-test-model-mv3000\/","url":"https:\/\/vannangvn.123websitedev.com\/san-pham\/buong-kiem-tra-do-lao-hoa-trong-moi-truong-khi-hau-suga-test-model-mv3000\/","name":"BU\u1ed2NG KI\u1ec2M TRA \u0110\u1ed8 L\u00c3O H\u00d3A TRONG M\u00d4I... ch\u00ednh h\u00e3ng | V\u1ea1n N\u0103ng","isPartOf":{"@id":"https:\/\/vannangvn.123websitedev.com\/#website"},"primaryImageOfPage":{"@id":"https:\/\/vannangvn.123websitedev.com\/san-pham\/buong-kiem-tra-do-lao-hoa-trong-moi-truong-khi-hau-suga-test-model-mv3000\/#primaryimage"},"image":{"@id":"https:\/\/vannangvn.123websitedev.com\/san-pham\/buong-kiem-tra-do-lao-hoa-trong-moi-truong-khi-hau-suga-test-model-mv3000\/#primaryimage"},"thumbnailUrl":"https:\/\/vannangvn.123websitedev.com\/wp-content\/uploads\/2026\/03\/MV3000-copy.jpg","datePublished":"2026-03-20T10:20:40+00:00","dateModified":"2026-03-30T11:11:05+00:00","description":"Mua ngay BU\u1ed2NG KI\u1ec2M TRA \u0110\u1ed8 L\u00c3O H\u00d3A TRONG M\u00d4I TR\u01af\u1edcNG KH\u00cd H\u1eacU SUGA TEST MODEL MV3000 ch\u00ednh h\u00e3ng. Gi\u00e1 t\u1ed1t!","breadcrumb":{"@id":"https:\/\/vannangvn.123websitedev.com\/san-pham\/buong-kiem-tra-do-lao-hoa-trong-moi-truong-khi-hau-suga-test-model-mv3000\/#breadcrumb"},"inLanguage":"en-US","potentialAction":[{"@type":"ReadAction","target":["https:\/\/vannangvn.123websitedev.com\/san-pham\/buong-kiem-tra-do-lao-hoa-trong-moi-truong-khi-hau-suga-test-model-mv3000\/"]}]},{"@type":"ImageObject","inLanguage":"en-US","@id":"https:\/\/vannangvn.123websitedev.com\/san-pham\/buong-kiem-tra-do-lao-hoa-trong-moi-truong-khi-hau-suga-test-model-mv3000\/#primaryimage","url":"https:\/\/vannangvn.123websitedev.com\/wp-content\/uploads\/2026\/03\/MV3000-copy.jpg","contentUrl":"https:\/\/vannangvn.123websitedev.com\/wp-content\/uploads\/2026\/03\/MV3000-copy.jpg","width":768,"height":576},{"@type":"BreadcrumbList","@id":"https:\/\/vannangvn.123websitedev.com\/san-pham\/buong-kiem-tra-do-lao-hoa-trong-moi-truong-khi-hau-suga-test-model-mv3000\/#breadcrumb","itemListElement":[{"@type":"ListItem","position":1,"name":"Trang ch\u1ee7","item":"https:\/\/vannangvn.123websitedev.com\/"},{"@type":"ListItem","position":2,"name":"S\u1ea3n ph\u1ea9m","item":"https:\/\/vannangvn.123websitedev.com\/cua-hang\/"},{"@type":"ListItem","position":3,"name":"BU\u1ed2NG KI\u1ec2M TRA \u0110\u1ed8 L\u00c3O H\u00d3A TRONG M\u00d4I TR\u01af\u1edcNG KH\u00cd H\u1eacU SUGA TEST MODEL MV3000"}]},{"@type":"WebSite","@id":"https:\/\/vannangvn.123websitedev.com\/#website","url":"https:\/\/vannangvn.123websitedev.com\/","name":"Vannang.vn","description":"","publisher":{"@id":"https:\/\/vannangvn.123websitedev.com\/#organization"},"potentialAction":[{"@type":"SearchAction","target":{"@type":"EntryPoint","urlTemplate":"https:\/\/vannangvn.123websitedev.com\/?s={search_term_string}"},"query-input":{"@type":"PropertyValueSpecification","valueRequired":true,"valueName":"search_term_string"}}],"inLanguage":"en-US"},{"@type":"Organization","@id":"https:\/\/vannangvn.123websitedev.com\/#organization","name":"Vannang.vn","url":"https:\/\/vannangvn.123websitedev.com\/","logo":{"@type":"ImageObject","inLanguage":"en-US","@id":"https:\/\/vannangvn.123websitedev.com\/#\/schema\/logo\/image\/","url":"https:\/\/vannangvn.123websitedev.com\/wp-content\/uploads\/2026\/02\/logo-van-nang-02.png","contentUrl":"https:\/\/vannangvn.123websitedev.com\/wp-content\/uploads\/2026\/02\/logo-van-nang-02.png","width":448,"height":111,"caption":"Vannang.vn"},"image":{"@id":"https:\/\/vannangvn.123websitedev.com\/#\/schema\/logo\/image\/"}}]}},"_links":{"self":[{"href":"https:\/\/vannangvn.123websitedev.com\/en\/wp-json\/wp\/v2\/product\/6036","targetHints":{"allow":["GET"]}}],"collection":[{"href":"https:\/\/vannangvn.123websitedev.com\/en\/wp-json\/wp\/v2\/product"}],"about":[{"href":"https:\/\/vannangvn.123websitedev.com\/en\/wp-json\/wp\/v2\/types\/product"}],"replies":[{"embeddable":true,"href":"https:\/\/vannangvn.123websitedev.com\/en\/wp-json\/wp\/v2\/comments?post=6036"}],"wp:featuredmedia":[{"embeddable":true,"href":"https:\/\/vannangvn.123websitedev.com\/en\/wp-json\/wp\/v2\/media\/10255"}],"wp:attachment":[{"href":"https:\/\/vannangvn.123websitedev.com\/en\/wp-json\/wp\/v2\/media?parent=6036"}],"wp:term":[{"taxonomy":"product_brand","embeddable":true,"href":"https:\/\/vannangvn.123websitedev.com\/en\/wp-json\/wp\/v2\/product_brand?post=6036"},{"taxonomy":"product_cat","embeddable":true,"href":"https:\/\/vannangvn.123websitedev.com\/en\/wp-json\/wp\/v2\/product_cat?post=6036"},{"taxonomy":"product_tag","embeddable":true,"href":"https:\/\/vannangvn.123websitedev.com\/en\/wp-json\/wp\/v2\/product_tag?post=6036"}],"curies":[{"name":"wp","href":"https:\/\/api.w.org\/{rel}","templated":true}]}}