{"id":6039,"date":"2026-03-20T17:20:50","date_gmt":"2026-03-20T10:20:50","guid":{"rendered":"https:\/\/vannangvn.123websitedev.com\/san-pham\/buong-phun-muoi-ascott-model-alpha-s1000\/"},"modified":"2026-03-30T18:11:08","modified_gmt":"2026-03-30T11:11:08","slug":"buong-phun-muoi-ascott-model-alpha-s1000","status":"publish","type":"product","link":"https:\/\/vannangvn.123websitedev.com\/en\/product\/buong-phun-muoi-ascott-model-alpha-s1000\/","title":{"rendered":"BU\u1ed2NG PHUN MU\u1ed0I ASCOTT MODEL ALPHA+ S1000"},"content":{"rendered":"<h1 style=\"color: red; font-weight: bold; font-size: 24px;\">T&#7893;ng quan s&#7843;n ph&#7849;m BU&#7890;NG PHUN MU&#7888;I ASCOTT MODEL ALPHA+ S1000<p>Bu&#7891;ng Phun Mu&#7889;i (Salt Spray Cabinets For Short-term Tests) ASCOTT Model ALPHA+ S1000<br>\nTrong ng&agrave;nh c&ocirc;ng nghi&#7879;p hi&#7879;n &#273;&#7841;i, vi&#7879;c ki&#7875;m tra &#259;n m&ograve;n l&agrave; m&#7897;t b&#432;&#7899;c kh&ocirc;ng th&#7875; thi&#7871;u &#273;&#7875; &#273;&#7843;m b&#7843;o ch&#7845;t l&#432;&#7907;ng v&agrave; tu&#7893;i th&#7885; c&#7911;a c&aacute;c s&#7843;n ph&#7849;m kim lo&#7841;i. Bu&#7891;ng phun mu&#7889;i ALPHA+ SERIES c&#7911;a Ascott Analytical l&agrave; l&#7921;a ch&#7885;n h&agrave;ng &#273;&#7847;u cho c&aacute;c ph&ograve;ng th&iacute; nghi&#7879;m, &#273;&aacute;p &#7913;ng c&aacute;c ti&ecirc;u chu&#7849;n ki&#7875;m tra &#259;n m&ograve;n ph&#7893; bi&#7871;n nh&#432; ASTM B117, ISO 9227, DIN 50 021 v&agrave; JIS Z 2371. S&#7843;n ph&#7849;m &#273;&#432;&#7907;c s&#7843;n xu&#7845;t t&#7841;i V&#432;&#417;ng qu&#7889;c Anh, n&#7893;i b&#7853;t v&#7899;i t&iacute;nh d&#7877; l&#7855;p &#273;&#7863;t, v&#7853;n h&agrave;nh &#273;&#417;n gi&#7843;n v&agrave; &#273;&#7897; tin c&#7853;y cao. H&atilde;y c&ugrave;ng V&#7841;n N&#259;ng t&igrave;m hi&#7875;u chi ti&#7871;t h&#417;n v&#7873; s&#7843;n ph&#7849;m th&ocirc;ng qua b&agrave;i vi&#7871;t d&#432;&#7899;i &#273;&acirc;y nh&eacute;!<\/p><h2 style=\"color: #2e7d32; font-weight: bold; font-size: 20px;\">&#272;&#7863;c &#272;i&#7875;m N&#7893;i B&#7853;t C&#7911;a ALPHA+ SERIES<\/h2><p>Dung T&iacute;ch Linh Ho&#7841;t v&agrave; Ph&ugrave; H&#7907;p<\/p><p>Hai k&iacute;ch th&#432;&#7899;c l&#7921;a ch&#7885;n: 500 l&iacute;t v&agrave; 1000 l&iacute;t, &#273;&aacute;p &#7913;ng nhu c&#7847;u ki&#7875;m tra t&#7915; ng&#7855;n h&#7841;n &#273;&#7871;n d&agrave;i h&#7841;n.<br>\nSeries &#273;a d&#7841;ng: S Series cho c&aacute;c th&#7917; nghi&#7879;m ng&#7855;n h&#7841;n d&#432;&#7899;i 240 gi&#7901; v&agrave; SP Series cho c&aacute;c th&#7917; nghi&#7879;m d&agrave;i h&#7841;n tr&ecirc;n 240 gi&#7901;.<\/p><p>V&#7853;t Li&#7879;u Cao C&#7845;p, B&#7873;n B&#7881;<\/p><p>Nh&#7921;a gia c&#432;&#7901;ng th&#7911;y tinh (GRP): K&#7871;t h&#7907;p v&#7899;i c&aacute;c v&#7853;t li&#7879;u kh&ocirc;ng &#259;n m&ograve;n kh&aacute;c, &#273;&#7843;m b&#7843;o &#273;&#7897; b&#7873;n v&#432;&#7907;t tr&#7897;i v&agrave; tu&#7893;i th&#7885; d&agrave;i l&acirc;u.<br>\nThi&#7871;t k&#7871; th&acirc;n thi&#7879;n: M&aacute;i v&ograve;m trong su&#7889;t gi&uacute;p quan s&aacute;t to&agrave;n di&#7879;n 360&deg; b&ecirc;n trong bu&#7891;ng, thu&#7853;n ti&#7879;n cho vi&#7879;c theo d&otilde;i v&agrave; ki&#7875;m tra m&#7851;u.<\/p><p>H&#7879; Th&#7889;ng &#272;i&#7873;u Khi&#7875;n Th&ocirc;ng Minh v&agrave; Ti&#7879;n D&#7909;ng<\/p><p>M&agrave;n h&igrave;nh c&#7843;m &#7913;ng: &#272;&#432;&#7907;c &#273;&#7863;t &#7903; v&#7883; tr&iacute; thu&#7853;n ti&#7879;n, cung c&#7845;p tr&#7843;i nghi&#7879;m &#273;i&#7873;u khi&#7875;n tr&#7921;c quan v&agrave; tho&#7843;i m&aacute;i.<\/p><h2 style=\"color: #2e7d32; font-weight: bold; font-size: 20px;\">T&iacute;nh n&#259;ng d&#7915;ng theo th&#7901;i gian v&agrave; b&#7897; &#273;&#7871;m gi&#7901;: Gi&uacute;p qu&#7843;n l&yacute; th&#7901;i gian ki&#7875;m tra m&#7897;t c&aacute;ch hi&#7879;u qu&#7843;.<\/h2><p>Hi&#7879;u Su&#7845;t V&#432;&#7907;t Tr&#7897;i<\/p><p>T&#7889;i &#432;u h&oacute;a khu v&#7921;c t&#7843;i tr&#7885;ng: Cho ph&eacute;p ki&#7875;m tra nhi&#7873;u m&#7851;u c&ugrave;ng l&uacute;c m&agrave; kh&ocirc;ng l&agrave;m gi&#7843;m t&iacute;nh ti&#7879;n d&#7909;ng v&agrave; hi&#7879;u qu&#7843;.<br>\nH&#7879; th&#7889;ng phun mu&#7889;i &#273;&#7891;ng &#273;&#7873;u: S&#7917; d&#7909;ng hi&#7879;u &#7913;ng venturi k&#7871;t h&#7907;p v&#7899;i b&#7897; &#273;i&#7873;u &aacute;p v&agrave; &#273;&#7891;ng h&#7891; &#273;o &aacute;p su&#7845;t, &#273;&#7843;m b&#7843;o l&#432;&#7907;ng phun mu&#7889;i li&ecirc;n t&#7909;c v&agrave; &#273;&#7891;ng &#273;&#7873;u.<\/p><p>Ph&#7909; Ki&#7879;n &#272;i K&egrave;m v&agrave; T&ugrave;y Ch&#7885;n<\/p><p>Gi&aacute; &#273;&#7905; m&#7851;u ch&#7889;ng &#259;n m&ograve;n: &#272;i k&egrave;m v&#7899;i s&#7843;n ph&#7849;m, gi&uacute;p b&#7843;o v&#7879; m&#7851;u th&#7917; trong su&#7889;t qu&aacute; tr&igrave;nh ki&#7875;m tra.<br>\nN&#7873;n t&#7843;ng t&#7843;i trong t&ugrave;y ch&#7885;n: H&#7895; tr&#7907; ki&#7875;m tra c&aacute;c v&#7853;t th&#7875; l&#7899;n\/n&#7863;ng, t&#259;ng t&iacute;nh linh ho&#7841;t trong vi&#7879;c s&#7917; d&#7909;ng.<\/p><p>C&aacute;c M&#7851;u S&#7843;n Ph&#7849;m C&#7909; Th&#7875; C&#7911;a ALPHA+ SERIES<br>\nS500 &amp; S1000<\/p><p>Thi&#7871;t k&#7871; d&agrave;nh ri&ecirc;ng cho c&aacute;c th&#7917; nghi&#7879;m ng&#7855;n h&#7841;n (t&#7889;i &#273;a 240 gi&#7901;): H&#7879; th&#7889;ng s&#432;&#7903;i b&ecirc;n ngo&agrave;i b&#7843;o v&#7879; kh&#7887;i kh&iacute; &#259;n m&ograve;n v&agrave; &#273;&#7843;m b&#7843;o ph&acirc;n ph&#7889;i nhi&#7879;t &#273;&#7873;u.<br>\nTh&aacute;p b&#7885;t kh&iacute; &#273;&#432;&#7907;c l&agrave;m n&oacute;ng: L&agrave;m &#7849;m kh&ocirc;ng kh&iacute; n&eacute;n, tu&acirc;n th&#7911; ti&ecirc;u chu&#7849;n ki&#7875;m tra qu&#7889;c t&#7871;.<br>\nTh&aacute;p b&#7885;t kh&iacute; c&oacute; th&#7875; &#273;&#432;&#7907;c n&#7841;p n&#432;&#7899;c t&#7921; &#273;&#7897;ng ho&#7863;c th&#7911; c&ocirc;ng: Gi&uacute;p duy tr&igrave; m&ocirc;i tr&#432;&#7901;ng ki&#7875;m tra &#7893;n &#273;&#7883;nh.<br>\nB&igrave;nh ch&#7913;a dung d&#7883;ch n&#432;&#7899;c mu&#7889;i ngo&agrave;i 90L: &#272;&#7843;m b&#7843;o ngu&#7891;n cung c&#7845;p li&ecirc;n t&#7909;c cho qu&aacute; tr&igrave;nh ki&#7875;m tra.<\/p><p>SP500 &amp; SP1000<\/p><p>H&#7879; th&#7889;ng &#273;i&#7873;u khi&#7875;n ti&ecirc;n ti&#7871;n: V&#7899;i b&#417;m peristaltic v&agrave; b&#7897; &#273;i&#7873;u ch&#7881;nh t&#7889;c &#273;&#7897; ch&iacute;nh x&aacute;c, &#273;&#7843;m b&#7843;o l&#432;&#7907;ng phun mu&#7889;i li&ecirc;n t&#7909;c v&agrave; &#273;&#7891;ng &#273;&#7873;u trong c&aacute;c th&#7917; nghi&#7879;m d&agrave;i h&#7841;n.<br>\nB&igrave;nh ch&#7913;a dung d&#7883;ch n&#432;&#7899;c mu&#7889;i dung t&iacute;ch l&#7899;n t&ugrave;y ch&#7885;n: Gi&#7843;m th&#7901;i gian thay &#273;&#7893;i trong qu&aacute; tr&igrave;nh ki&#7875;m tra d&agrave;i h&#7841;n, n&acirc;ng cao hi&#7879;u su&#7845;t v&agrave; ti&#7879;n &iacute;ch.<\/p><p>&#431;u &#272;i&#7875;m C&#7911;a Bu&#7891;ng Phun Mu&#7889;i ALPHA+ SERIES<\/p><p>&#272;&#7843;m b&#7843;o ch&#7845;t l&#432;&#7907;ng s&#7843;n ph&#7849;m: Gi&uacute;p ph&aacute;t hi&#7879;n s&#7899;m c&aacute;c v&#7845;n &#273;&#7873; &#259;n m&ograve;n, t&#7915; &#273;&oacute; c&#7843;i thi&#7879;n ch&#7845;t l&#432;&#7907;ng v&agrave; &#273;&#7897; b&#7873;n s&#7843;n ph&#7849;m.<br>\nTi&#7871;t ki&#7879;m th&#7901;i gian v&agrave; chi ph&iacute;: V&#7899;i kh&#7843; n&#259;ng ki&#7875;m tra nhi&#7873;u m&#7851;u c&ugrave;ng l&uacute;c v&agrave; h&#7879; th&#7889;ng &#273;i&#7873;u khi&#7875;n th&ocirc;ng minh, gi&uacute;p gi&#7843;m thi&#7875;u th&#7901;i gian v&agrave; chi ph&iacute; cho m&#7895;i l&#7847;n ki&#7875;m tra.<br>\nT&#259;ng &#273;&#7897; tin c&#7853;y: C&aacute;c ti&ecirc;u chu&#7849;n qu&#7889;c t&#7871; nghi&ecirc;m ng&#7863;t &#273;&#7843;m b&#7843;o k&#7871;t qu&#7843; ki&#7875;m tra ch&iacute;nh x&aacute;c v&agrave; &#273;&aacute;ng tin c&#7853;y.<\/p><p>Nh&#7919;ng L&yacute; Do N&ecirc;n Mua Bu&#7891;ng Phun Mu&#7889;i Alpha SERIES T&#7841;i Thi&#7871;t B&#7883; C&ocirc;ng Ngh&#7879; V&#7841;n N&#259;ng<\/p><p>C&ocirc;ng ty Thi&#7871;t B&#7883; C&ocirc;ng Ngh&#7879; V&#7841;n N&#259;ng l&agrave; &#273;&#7889;i t&aacute;c ch&iacute;nh th&#7913;c ph&acirc;n ph&#7889;i Bu&#7891;ng Phun Mu&#7889;i ALPHA+ SERIES h&agrave;ng &#273;&#7847;u t&#7841;i Vi&#7879;t Nam, cam k&#7871;t cung c&#7845;p s&#7843;n ph&#7849;m ch&iacute;nh h&atilde;ng v&#7899;i gi&aacute; c&#7843; c&#7841;nh tranh nh&#7845;t th&#7883; tr&#432;&#7901;ng. V&#7899;i uy t&iacute;n tr&ecirc;n th&#7883; tr&#432;&#7901;ng v&agrave; ch&#7871; &#273;&#7897; h&#7851;u m&atilde;i t&#7889;t, Thi&#7871;t B&#7883; C&ocirc;ng Ngh&#7879; V&#7841;n N&#259;ng &#273;&atilde; nh&#7853;n &#273;&#432;&#7907;c s&#7921; tin t&#432;&#7903;ng t&#7915; kh&aacute;ch h&agrave;ng nh&#7901; v&agrave;o ch&#7845;t l&#432;&#7907;ng h&agrave;ng &#273;&#7847;u c&#7911;a c&aacute;c d&ograve;ng s&#7843;n ph&#7849;m.<br>\nS&#7843;n ph&#7849;m c&#7911;a ch&uacute;ng t&ocirc;i &#273;&#432;&#7907;c ki&#7875;m &#273;&#7883;nh ch&#7845;t l&#432;&#7907;ng, nh&#7853;p kh&#7849;u tr&#7921;c ti&#7871;p t&#7915; nh&agrave; m&aacute;y b&ecirc;n Ch&acirc;u &Acirc;u, M&#7929;, &Uacute;c, Nh&#7853;t B&#7843;n,&hellip; v&agrave; &#273;&aacute;p &#7913;ng nhu c&#7847;u &#273;a d&#7841;ng c&#7911;a th&#7883; tr&#432;&#7901;ng nh&#432;: M&aacute;y &#272;o &#272;&#7897; C&#7913;ng, M&aacute;y SpectroMaxx, M&aacute;y Ki&#7875;m Tra &#272;&#7897; B&#7873;n S&#417;n,&hellip; Ch&uacute;ng t&ocirc;i cam k&#7871;t cung c&#7845;p s&#7843;n ph&#7849;m n&agrave;y tr&ecirc;n to&agrave;n qu&#7889;c v&#7899;i gi&aacute; c&#7843; c&#7841;nh tranh nh&#7845;t.<br>\nCh&uacute;ng t&ocirc;i c&oacute; &#273;&#7897;i ng&#361; chuy&ecirc;n vi&ecirc;n t&#432; v&#7845;n chuy&ecirc;n s&acirc;u s&#7869; h&#7895; tr&#7907; kh&aacute;ch h&agrave;ng v&#7873; chi ti&#7871;t s&#7843;n ph&#7849;m, h&#432;&#7899;ng d&#7851;n s&#7917; d&#7909;ng hay nh&#7919;ng th&#7913; li&ecirc;n quan &#273;&#7871;n v&#7845;n &#273;&#7873; m&agrave; doanh nghi&#7879;p b&#7841;n &#273;ang g&#7863;p ph&#7843;i. Ch&uacute;ng t&ocirc;i s&#7869; cung c&#7845;p nh&#7919;ng gi&#7843;i ph&aacute;p t&#7889;i &#432;u nh&#7845;t !!!<br>\nNgo&agrave;i ra V&#7841;n N&#259;ng Company lu&ocirc;n h&#432;&#7899;ng &#273;&#7871;n tr&#7843;i nghi&#7879;m kh&aacute;ch h&agrave;ng, v&igrave; v&#7853;y ch&uacute;ng t&ocirc;i c&oacute; nh&#7919;ng ch&iacute;nh s&aacute;ch b&#7843;o h&agrave;nh, b&#7843;o tr&igrave; &ndash; b&#7843;o d&#432;&#7905;ng, hi&#7879;u chu&#7849;n v&#7899;i t&#7845;t c&#7843; c&aacute;c thi&#7871;t b&#7883;, m&aacute;y m&oacute;c m&agrave; ch&uacute;ng t&ocirc;i cung c&#7845;p. &#272;&#7843;m b&#7843;o mang &#273;&#7871;n cho Kh&aacute;ch h&agrave;ng s&#7921; y&ecirc;n t&acirc;m tuy&#7879;t &#273;&#7889;i v&#7873; d&#7883;ch v&#7909; khi mua h&agrave;ng.<\/p><p>T&#7893;ng K&#7871;t<br>\nBu&#7891;ng phun mu&#7889;i ALPHA+ SERIES kh&ocirc;ng ch&#7881; l&agrave; m&#7897;t c&ocirc;ng c&#7909; ki&#7875;m tra &#259;n m&ograve;n &#273;&#417;n thu&#7847;n m&agrave; c&ograve;n l&agrave; gi&#7843;i ph&aacute;p to&agrave;n di&#7879;n gi&uacute;p n&acirc;ng cao ch&#7845;t l&#432;&#7907;ng s&#7843;n ph&#7849;m, ti&#7871;t ki&#7879;m chi ph&iacute; v&agrave; th&#7901;i gian cho doanh nghi&#7879;p. V&#7899;i c&aacute;c t&iacute;nh n&#259;ng v&#432;&#7907;t tr&#7897;i v&agrave; kh&#7843; n&#259;ng tu&acirc;n th&#7911; c&aacute;c ti&ecirc;u chu&#7849;n qu&#7889;c t&#7871;, ALPHA+ SERIES l&agrave; l&#7921;a ch&#7885;n ho&agrave;n h&#7843;o cho m&#7885;i ph&ograve;ng th&iacute; nghi&#7879;m v&agrave; doanh nghi&#7879;p s&#7843;n xu&#7845;t. H&atilde;y li&ecirc;n h&#7879; v&#7899;i V&#7841;n N&#259;ng Company ngay &#273;&#7875; &#273;&#432;&#7907;c t&#432; v&#7845;n chuy&ecirc;n s&acirc;u v&agrave; nh&#7853;n c&aacute;c &#432;u &#273;&atilde;i h&#7845;p d&#7851;n nh&#7845;t th&ocirc;ng qua hotline\/zalo: <a href=\"https:\/\/zalo.me\/0903991335\" target=\"_blank\" rel=\"noopener\" style=\"color: #059669; font-weight: bold; text-decoration: none;\">0903 991 335<\/a>!<\/p><div style=\"background-color: #f8fafc; border: 1px solid #e2e8f0; border-radius: 8px; padding: 25px; max-width: 800px; margin: 30px auto; color: #334155; line-height: 1.8; font-size: 17px; box-shadow: 0 4px 6px -1px rgba(0,0,0,0.05); text-align: left; clear: both;\">\nC&ocirc;ng ty TNHH Th&#432;&#417;ng M&#7841;i D&#7883;ch V&#7909; Thi&#7871;t B&#7883; C&ocirc;ng Ngh&#7879; V&#7841;n N&#259;ng\n<p style=\"margin: 0 0 10px 0;\">&#128205; <strong style=\"color: #1e293b;\">&#272;&#7883;a ch&#7881;:<\/strong> <a style=\"color: #059669; text-decoration: none; font-weight: bold;\" href=\"https:\/\/www.google.com\/maps\/search\/C%C3%B4ng+ty+TNHH+Th%C6%B0%C6%A1ng+M%E1%BA%A1i+D%E1%BB%8Bch+V%E1%BB%A5+Thi%E1%BA%BFt+B%E1%BB%8B+C%C3%B4ng+Ngh%E1%BB%87+V%E1%BA%A1n+N%C4%83ng+818+Tr%C6%B0%E1%BB%9Dng+Chinh\" target=\"_blank\" rel=\"noopener\">818 Tr&#432;&#7901;ng Chinh, Ph&#432;&#7901;ng T&acirc;n S&#417;n, Th&agrave;nh ph&#7889; H&#7891; Ch&iacute; Minh, Vi&#7879;t Nam<\/a><\/p>\n<p style=\"margin: 0 0 10px 0;\">&#128222; <strong style=\"color: #1e293b;\">S&#272;T &ndash; Zalo:<\/strong> <a style=\"color: #059669; text-decoration: none; font-weight: bold;\" href=\"https:\/\/zalo.me\/0903991335\" target=\"_blank\" rel=\"noopener\">0903 991 335<\/a> <span style=\"color: #64748b; font-style: italic;\">(Ms. H&#7841;nh &ndash; Gi&aacute;m &#272;&#7889;c Kinh Doanh)<\/span><\/p>\n<p style=\"margin: 0;\">&#9993;&#65039; <strong style=\"color: #1e293b;\">Email:<\/strong> <a style=\"color: #059669; text-decoration: none; font-weight: bold;\" href=\"mailto:hienhanh@vannangvn.com\">hienhanh@vannangvn.com<\/a><\/p>\n<\/div><\/h1>","protected":false},"excerpt":{"rendered":"<p><strong>Th&#432;&#417;ng hi&#7879;u:<\/strong> OEM<br>\n<strong>Model:<\/strong> ALPHA+<p>Product <strong>BU&#7890;NG PHUN MU&#7888;I ASCOTT MODEL ALPHA+ S1000<\/strong> ch&iacute;nh h&atilde;ng. <\/p><\/p>","protected":false},"featured_media":8784,"comment_status":"open","ping_status":"closed","template":"","meta":[],"product_brand":[],"product_cat":[18],"product_tag":[250,388,484,499,521,522,116],"class_list":{"0":"post-6039","1":"product","2":"type-product","3":"status-publish","4":"has-post-thumbnail","6":"product_cat-chua-phan-loai","7":"product_tag-phun","8":"product_tag-muoi","9":"product_tag-buong","10":"product_tag-ascott","11":"product_tag-alpha","12":"product_tag-s1000","13":"product_tag-model","15":"first","16":"instock","17":"shipping-taxable","18":"product-type-simple"},"yoast_head":"<!-- This site is optimized with the Yoast SEO Premium plugin v24.8 (Yoast SEO v24.8) - https:\/\/yoast.com\/wordpress\/plugins\/seo\/ -->\n<title>BU\u1ed2NG PHUN MU\u1ed0I ASCOTT MODEL ALPHA+... ch\u00ednh h\u00e3ng | V\u1ea1n N\u0103ng<\/title>\n<meta name=\"description\" content=\"Mua ngay BU\u1ed2NG PHUN MU\u1ed0I ASCOTT MODEL ALPHA+ S1000 ch\u00ednh h\u00e3ng. Gi\u00e1 t\u1ed1t!\" \/>\n<meta name=\"robots\" content=\"noindex, follow, max-snippet:-1, max-image-preview:large, max-video-preview:-1\" \/>\n<meta property=\"og:locale\" content=\"en_US\" \/>\n<meta property=\"og:type\" content=\"article\" \/>\n<meta property=\"og:title\" content=\"BU\u1ed2NG PHUN MU\u1ed0I ASCOTT MODEL ALPHA+ S1000\" \/>\n<meta property=\"og:description\" content=\"Mua ngay BU\u1ed2NG PHUN MU\u1ed0I ASCOTT MODEL ALPHA+ S1000 ch\u00ednh h\u00e3ng. Gi\u00e1 t\u1ed1t!\" \/>\n<meta property=\"og:url\" content=\"https:\/\/vannangvn.123websitedev.com\/en\/product\/buong-phun-muoi-ascott-model-alpha-s1000\/\" \/>\n<meta property=\"og:site_name\" content=\"Vannang.vn\" \/>\n<meta property=\"article:modified_time\" content=\"2026-03-30T11:11:08+00:00\" \/>\n<meta property=\"og:image\" content=\"http:\/\/vannangvn.123websitedev.com\/wp-content\/uploads\/2026\/03\/s1000-copy.jpg\" \/>\n\t<meta property=\"og:image:width\" content=\"600\" \/>\n\t<meta property=\"og:image:height\" content=\"600\" \/>\n\t<meta property=\"og:image:type\" content=\"image\/jpeg\" \/>\n<meta name=\"twitter:card\" content=\"summary_large_image\" \/>\n<meta name=\"twitter:label1\" content=\"Est. reading time\" \/>\n\t<meta name=\"twitter:data1\" content=\"9 minutes\" \/>\n<script type=\"application\/ld+json\" class=\"yoast-schema-graph\">{\"@context\":\"https:\/\/schema.org\",\"@graph\":[{\"@type\":\"WebPage\",\"@id\":\"https:\/\/vannangvn.123websitedev.com\/san-pham\/buong-phun-muoi-ascott-model-alpha-s1000\/\",\"url\":\"https:\/\/vannangvn.123websitedev.com\/san-pham\/buong-phun-muoi-ascott-model-alpha-s1000\/\",\"name\":\"BU\u1ed2NG PHUN MU\u1ed0I ASCOTT MODEL ALPHA+... ch\u00ednh h\u00e3ng | V\u1ea1n N\u0103ng\",\"isPartOf\":{\"@id\":\"https:\/\/vannangvn.123websitedev.com\/#website\"},\"primaryImageOfPage\":{\"@id\":\"https:\/\/vannangvn.123websitedev.com\/san-pham\/buong-phun-muoi-ascott-model-alpha-s1000\/#primaryimage\"},\"image\":{\"@id\":\"https:\/\/vannangvn.123websitedev.com\/san-pham\/buong-phun-muoi-ascott-model-alpha-s1000\/#primaryimage\"},\"thumbnailUrl\":\"https:\/\/vannangvn.123websitedev.com\/wp-content\/uploads\/2026\/03\/s1000-copy.jpg\",\"datePublished\":\"2026-03-20T10:20:50+00:00\",\"dateModified\":\"2026-03-30T11:11:08+00:00\",\"description\":\"Mua ngay BU\u1ed2NG PHUN MU\u1ed0I ASCOTT MODEL ALPHA+ S1000 ch\u00ednh h\u00e3ng. Gi\u00e1 t\u1ed1t!\",\"breadcrumb\":{\"@id\":\"https:\/\/vannangvn.123websitedev.com\/san-pham\/buong-phun-muoi-ascott-model-alpha-s1000\/#breadcrumb\"},\"inLanguage\":\"en-US\",\"potentialAction\":[{\"@type\":\"ReadAction\",\"target\":[\"https:\/\/vannangvn.123websitedev.com\/san-pham\/buong-phun-muoi-ascott-model-alpha-s1000\/\"]}]},{\"@type\":\"ImageObject\",\"inLanguage\":\"en-US\",\"@id\":\"https:\/\/vannangvn.123websitedev.com\/san-pham\/buong-phun-muoi-ascott-model-alpha-s1000\/#primaryimage\",\"url\":\"https:\/\/vannangvn.123websitedev.com\/wp-content\/uploads\/2026\/03\/s1000-copy.jpg\",\"contentUrl\":\"https:\/\/vannangvn.123websitedev.com\/wp-content\/uploads\/2026\/03\/s1000-copy.jpg\",\"width\":600,\"height\":600},{\"@type\":\"BreadcrumbList\",\"@id\":\"https:\/\/vannangvn.123websitedev.com\/san-pham\/buong-phun-muoi-ascott-model-alpha-s1000\/#breadcrumb\",\"itemListElement\":[{\"@type\":\"ListItem\",\"position\":1,\"name\":\"Trang ch\u1ee7\",\"item\":\"https:\/\/vannangvn.123websitedev.com\/\"},{\"@type\":\"ListItem\",\"position\":2,\"name\":\"S\u1ea3n ph\u1ea9m\",\"item\":\"https:\/\/vannangvn.123websitedev.com\/cua-hang\/\"},{\"@type\":\"ListItem\",\"position\":3,\"name\":\"BU\u1ed2NG PHUN MU\u1ed0I ASCOTT MODEL ALPHA+ S1000\"}]},{\"@type\":\"WebSite\",\"@id\":\"https:\/\/vannangvn.123websitedev.com\/#website\",\"url\":\"https:\/\/vannangvn.123websitedev.com\/\",\"name\":\"Vannang.vn\",\"description\":\"\",\"publisher\":{\"@id\":\"https:\/\/vannangvn.123websitedev.com\/#organization\"},\"potentialAction\":[{\"@type\":\"SearchAction\",\"target\":{\"@type\":\"EntryPoint\",\"urlTemplate\":\"https:\/\/vannangvn.123websitedev.com\/?s={search_term_string}\"},\"query-input\":{\"@type\":\"PropertyValueSpecification\",\"valueRequired\":true,\"valueName\":\"search_term_string\"}}],\"inLanguage\":\"en-US\"},{\"@type\":\"Organization\",\"@id\":\"https:\/\/vannangvn.123websitedev.com\/#organization\",\"name\":\"Vannang.vn\",\"url\":\"https:\/\/vannangvn.123websitedev.com\/\",\"logo\":{\"@type\":\"ImageObject\",\"inLanguage\":\"en-US\",\"@id\":\"https:\/\/vannangvn.123websitedev.com\/#\/schema\/logo\/image\/\",\"url\":\"https:\/\/vannangvn.123websitedev.com\/wp-content\/uploads\/2026\/02\/logo-van-nang-02.png\",\"contentUrl\":\"https:\/\/vannangvn.123websitedev.com\/wp-content\/uploads\/2026\/02\/logo-van-nang-02.png\",\"width\":448,\"height\":111,\"caption\":\"Vannang.vn\"},\"image\":{\"@id\":\"https:\/\/vannangvn.123websitedev.com\/#\/schema\/logo\/image\/\"}}]}<\/script>\n<!-- \/ Yoast SEO Premium plugin. -->","yoast_head_json":{"title":"BU\u1ed2NG PHUN MU\u1ed0I ASCOTT MODEL ALPHA+... ch\u00ednh h\u00e3ng | V\u1ea1n N\u0103ng","description":"Mua ngay BU\u1ed2NG PHUN MU\u1ed0I ASCOTT MODEL ALPHA+ S1000 ch\u00ednh h\u00e3ng. Gi\u00e1 t\u1ed1t!","robots":{"index":"noindex","follow":"follow","max-snippet":"max-snippet:-1","max-image-preview":"max-image-preview:large","max-video-preview":"max-video-preview:-1"},"og_locale":"en_US","og_type":"article","og_title":"BU\u1ed2NG PHUN MU\u1ed0I ASCOTT MODEL ALPHA+ S1000","og_description":"Mua ngay BU\u1ed2NG PHUN MU\u1ed0I ASCOTT MODEL ALPHA+ S1000 ch\u00ednh h\u00e3ng. Gi\u00e1 t\u1ed1t!","og_url":"https:\/\/vannangvn.123websitedev.com\/en\/product\/buong-phun-muoi-ascott-model-alpha-s1000\/","og_site_name":"Vannang.vn","article_modified_time":"2026-03-30T11:11:08+00:00","og_image":[{"width":600,"height":600,"url":"http:\/\/vannangvn.123websitedev.com\/wp-content\/uploads\/2026\/03\/s1000-copy.jpg","type":"image\/jpeg"}],"twitter_card":"summary_large_image","twitter_misc":{"Est. reading time":"9 minutes"},"schema":{"@context":"https:\/\/schema.org","@graph":[{"@type":"WebPage","@id":"https:\/\/vannangvn.123websitedev.com\/san-pham\/buong-phun-muoi-ascott-model-alpha-s1000\/","url":"https:\/\/vannangvn.123websitedev.com\/san-pham\/buong-phun-muoi-ascott-model-alpha-s1000\/","name":"BU\u1ed2NG PHUN MU\u1ed0I ASCOTT MODEL ALPHA+... ch\u00ednh h\u00e3ng | V\u1ea1n N\u0103ng","isPartOf":{"@id":"https:\/\/vannangvn.123websitedev.com\/#website"},"primaryImageOfPage":{"@id":"https:\/\/vannangvn.123websitedev.com\/san-pham\/buong-phun-muoi-ascott-model-alpha-s1000\/#primaryimage"},"image":{"@id":"https:\/\/vannangvn.123websitedev.com\/san-pham\/buong-phun-muoi-ascott-model-alpha-s1000\/#primaryimage"},"thumbnailUrl":"https:\/\/vannangvn.123websitedev.com\/wp-content\/uploads\/2026\/03\/s1000-copy.jpg","datePublished":"2026-03-20T10:20:50+00:00","dateModified":"2026-03-30T11:11:08+00:00","description":"Mua ngay BU\u1ed2NG PHUN MU\u1ed0I ASCOTT MODEL ALPHA+ S1000 ch\u00ednh h\u00e3ng. Gi\u00e1 t\u1ed1t!","breadcrumb":{"@id":"https:\/\/vannangvn.123websitedev.com\/san-pham\/buong-phun-muoi-ascott-model-alpha-s1000\/#breadcrumb"},"inLanguage":"en-US","potentialAction":[{"@type":"ReadAction","target":["https:\/\/vannangvn.123websitedev.com\/san-pham\/buong-phun-muoi-ascott-model-alpha-s1000\/"]}]},{"@type":"ImageObject","inLanguage":"en-US","@id":"https:\/\/vannangvn.123websitedev.com\/san-pham\/buong-phun-muoi-ascott-model-alpha-s1000\/#primaryimage","url":"https:\/\/vannangvn.123websitedev.com\/wp-content\/uploads\/2026\/03\/s1000-copy.jpg","contentUrl":"https:\/\/vannangvn.123websitedev.com\/wp-content\/uploads\/2026\/03\/s1000-copy.jpg","width":600,"height":600},{"@type":"BreadcrumbList","@id":"https:\/\/vannangvn.123websitedev.com\/san-pham\/buong-phun-muoi-ascott-model-alpha-s1000\/#breadcrumb","itemListElement":[{"@type":"ListItem","position":1,"name":"Trang ch\u1ee7","item":"https:\/\/vannangvn.123websitedev.com\/"},{"@type":"ListItem","position":2,"name":"S\u1ea3n ph\u1ea9m","item":"https:\/\/vannangvn.123websitedev.com\/cua-hang\/"},{"@type":"ListItem","position":3,"name":"BU\u1ed2NG PHUN MU\u1ed0I ASCOTT MODEL ALPHA+ S1000"}]},{"@type":"WebSite","@id":"https:\/\/vannangvn.123websitedev.com\/#website","url":"https:\/\/vannangvn.123websitedev.com\/","name":"Vannang.vn","description":"","publisher":{"@id":"https:\/\/vannangvn.123websitedev.com\/#organization"},"potentialAction":[{"@type":"SearchAction","target":{"@type":"EntryPoint","urlTemplate":"https:\/\/vannangvn.123websitedev.com\/?s={search_term_string}"},"query-input":{"@type":"PropertyValueSpecification","valueRequired":true,"valueName":"search_term_string"}}],"inLanguage":"en-US"},{"@type":"Organization","@id":"https:\/\/vannangvn.123websitedev.com\/#organization","name":"Vannang.vn","url":"https:\/\/vannangvn.123websitedev.com\/","logo":{"@type":"ImageObject","inLanguage":"en-US","@id":"https:\/\/vannangvn.123websitedev.com\/#\/schema\/logo\/image\/","url":"https:\/\/vannangvn.123websitedev.com\/wp-content\/uploads\/2026\/02\/logo-van-nang-02.png","contentUrl":"https:\/\/vannangvn.123websitedev.com\/wp-content\/uploads\/2026\/02\/logo-van-nang-02.png","width":448,"height":111,"caption":"Vannang.vn"},"image":{"@id":"https:\/\/vannangvn.123websitedev.com\/#\/schema\/logo\/image\/"}}]}},"_links":{"self":[{"href":"https:\/\/vannangvn.123websitedev.com\/en\/wp-json\/wp\/v2\/product\/6039","targetHints":{"allow":["GET"]}}],"collection":[{"href":"https:\/\/vannangvn.123websitedev.com\/en\/wp-json\/wp\/v2\/product"}],"about":[{"href":"https:\/\/vannangvn.123websitedev.com\/en\/wp-json\/wp\/v2\/types\/product"}],"replies":[{"embeddable":true,"href":"https:\/\/vannangvn.123websitedev.com\/en\/wp-json\/wp\/v2\/comments?post=6039"}],"wp:featuredmedia":[{"embeddable":true,"href":"https:\/\/vannangvn.123websitedev.com\/en\/wp-json\/wp\/v2\/media\/8784"}],"wp:attachment":[{"href":"https:\/\/vannangvn.123websitedev.com\/en\/wp-json\/wp\/v2\/media?parent=6039"}],"wp:term":[{"taxonomy":"product_brand","embeddable":true,"href":"https:\/\/vannangvn.123websitedev.com\/en\/wp-json\/wp\/v2\/product_brand?post=6039"},{"taxonomy":"product_cat","embeddable":true,"href":"https:\/\/vannangvn.123websitedev.com\/en\/wp-json\/wp\/v2\/product_cat?post=6039"},{"taxonomy":"product_tag","embeddable":true,"href":"https:\/\/vannangvn.123websitedev.com\/en\/wp-json\/wp\/v2\/product_tag?post=6039"}],"curies":[{"name":"wp","href":"https:\/\/api.w.org\/{rel}","templated":true}]}}