{"id":6043,"date":"2026-03-20T17:20:54","date_gmt":"2026-03-20T10:20:54","guid":{"rendered":"https:\/\/vannangvn.123websitedev.com\/san-pham\/buong-phun-muoi-thu-nghiem-an-mon-liebisch-model-constacon-tr\/"},"modified":"2026-03-30T18:11:13","modified_gmt":"2026-03-30T11:11:13","slug":"buong-phun-muoi-thu-nghiem-an-mon-liebisch-model-constacon-tr","status":"publish","type":"product","link":"https:\/\/vannangvn.123websitedev.com\/en\/product\/buong-phun-muoi-thu-nghiem-an-mon-liebisch-model-constacon-tr\/","title":{"rendered":"BU\u1ed2NG PHUN MU\u1ed0I TH\u1eec NGHI\u1ec6M \u0102N M\u00d2N LIEBISCH MODEL CONSTACON TR"},"content":{"rendered":"<h1 style=\"color: red; font-weight: bold; font-size: 24px;\">T&#7893;ng quan s&#7843;n ph&#7849;m BU&#7890;NG PHUN MU&#7888;I TH&#7916; NGHI&#7878;M &#258;N M&Ograve;N LIEBISCH MODEL CONSTACON TR<p>Bu&#7891;ng Phun Mu&#7889;i Th&#7917; Nghi&#7879;m &#258;n M&ograve;n (Corrosion Testing \/ Salt Spray Devices) Liebisch Model Constacon&reg; TR<\/p><p>Constacon TR<br>\nC&aacute;c thi&#7871;t b&#7883; ki&#7875;m tra &#259;n m&ograve;n\/phun mu&#7889;i Liebisch d&#7841;ng n&#7855;p m&#7903; tr&ecirc;n (chest units) &#273;&#432;&#7907;c s&#7843;n xu&#7845;t v&#7899;i dung t&iacute;ch bu&#7891;ng th&#7917; 400, 1000, 1200, 2500 v&agrave; 3000 l&iacute;t.<br>\nT&ugrave;y thu&#7897;c v&agrave;o &#7913;ng d&#7909;ng, thi&#7871;t b&#7883; s&#7869; &#273;&#432;&#7907;c trang b&#7883; h&#7879; th&#7889;ng v&#7853;n h&agrave;nh Liebisch ph&ugrave; h&#7907;p &#273;&#7875; m&ocirc; ph&#7887;ng m&ocirc;i tr&#432;&#7901;ng.<br>\nConstacon&reg; TR<br>\nD&ograve;ng thi&#7871;t b&#7883; n&agrave;y g&#7891;m c&aacute;c bu&#7891;ng th&#7917; v&#7853;n h&agrave;nh th&#7911; c&ocirc;ng lo&#7841;i M-TR, d&ugrave;ng &#273;&#7875; th&#7921;c hi&#7879;n th&#7917; nghi&#7879;m ng&#432;ng t&#7909;.<\/p><p>K 400 M-TR \/ K 1000 M-TR: Bu&#7891;ng th&#7917; dung t&iacute;ch 400\/1000 l&iacute;t, kh&ocirc;ng c&oacute; h&#7879; th&#7889;ng th&ocirc;ng gi&oacute;.<\/p><p>Constasal&reg; TR<br>\nD&ograve;ng s&#7843;n ph&#7849;m n&agrave;y bao g&#7891;m c&aacute;c bu&#7891;ng th&#7917; v&#7853;n h&agrave;nh th&#7911; c&ocirc;ng lo&#7841;i M-TR, chuy&ecirc;n d&ugrave;ng &#273;&#7875; th&#7921;c hi&#7879;n th&#7917; nghi&#7879;m phun mu&#7889;i.<\/p><p>S 400 M-TR \/ S 1000 M-TR \/ S 2500 MT: Bu&#7891;ng th&#7917; dung t&iacute;ch 400\/1000\/2500 l&iacute;t.<\/p><p>Constatwin&reg; TR<br>\nD&ograve;ng n&agrave;y bao g&#7891;m c&aacute;c thi&#7871;t b&#7883; ki&#7875;m tra lu&acirc;n phi&ecirc;n v&#7853;n h&agrave;nh th&#7911; c&ocirc;ng lo&#7841;i M-TR, d&ugrave;ng &#273;&#7875; ti&#7871;n h&agrave;nh th&#7917; nghi&#7879;m s&#432;&#417;ng mu&#7889;i v&agrave; ng&#432;ng t&#7909;, kh&ocirc;ng c&oacute; th&ocirc;ng gi&oacute; t&#7921; &#273;&#7897;ng.<\/p><p>SK 400 M-TR \/ SK 1000 M-TR \/ SK 2500 M-TR: Bu&#7891;ng th&#7917; dung t&iacute;ch 400\/1000\/2500 l&iacute;t.<\/p><p>Constamatic&reg; TR<br>\nD&ograve;ng thi&#7871;t b&#7883; n&agrave;y g&#7891;m c&aacute;c bu&#7891;ng th&#7917; &#273;i&#7873;u khi&#7875;n t&#7921; &#273;&#7897;ng lo&#7841;i A-TR. H&#7879; th&#7889;ng &#273;i&#7873;u khi&#7875;n b&ecirc;n trong v&#7853;n h&agrave;nh qua m&agrave;n h&igrave;nh c&#7843;m &#7913;ng; t&#7845;t c&#7843; ch&#7913;c n&#259;ng &#273;&#432;&#7907;c hi&#7875;n th&#7883; tr&#7921;c quan, d&#7877; s&#7917; d&#7909;ng. C&aacute;c thi&#7871;t b&#7883; m&ocirc; ph&#7887;ng m&ocirc;i tr&#432;&#7901;ng c&oacute; th&#7875; trang b&#7883; h&#7879; th&#7889;ng v&#7853;n h&agrave;nh ri&ecirc;ng l&#7867; ho&#7863;c &#273;&#432;&#7907;c cung c&#7845;p d&#432;&#7899;i d&#7841;ng thi&#7871;t b&#7883; ki&#7875;m tra k&#7871;t h&#7907;p.<\/p><p>S 400 A-TR \/ S 1000 A-TR \/ S 2500 A-TR: Bu&#7891;ng th&#7917; dung t&iacute;ch 400\/1000\/2500 l&iacute;t, d&ugrave;ng cho th&#7917; nghi&#7879;m phun mu&#7889;i.<br>\nSKBW 400 A-TR \/ SKBW 1000 A-TR \/ SKBW 2500 A-TR: Bu&#7891;ng th&#7917; dung t&iacute;ch 400\/1000\/2500 l&iacute;t, d&ugrave;ng cho th&#7917; nghi&#7879;m k&#7871;t h&#7907;p v&#7899;i th&ocirc;ng gi&oacute; t&#7921; &#273;&#7897;ng v&agrave; kh&iacute; n&oacute;ng.<br>\nSKB 400 A-TR \/ SKB 1000 A-TR \/ SKB 2500 A-TR: Bu&#7891;ng th&#7917; dung t&iacute;ch 400\/1000\/2500 l&iacute;t, d&ugrave;ng cho th&#7917; nghi&#7879;m k&#7871;t h&#7907;p v&#7899;i th&ocirc;ng gi&oacute; t&#7921; &#273;&#7897;ng.<br>\nSKBWF 1000 A-TR \/ SKBWF 2500 A-TR: Bu&#7891;ng th&#7917; dung t&iacute;ch 1000\/2500 l&iacute;t, d&ugrave;ng cho th&#7917; nghi&#7879;m k&#7871;t h&#7907;p v&#7899;i th&ocirc;ng gi&oacute; t&#7921; &#273;&#7897;ng, kh&iacute; n&oacute;ng v&agrave; ki&#7875;m so&aacute;t &#273;&#7897; &#7849;m.<\/p><p>Corro&reg; Frost<br>\nH&#7879; th&#7889;ng l&agrave;m l&#7841;nh nhanh, gi&uacute;p gi&#7843;m nhi&#7879;t &#273;&#7897; bu&#7891;ng th&#7917; xu&#7889;ng -20&deg;C theo ti&ecirc;u chu&#7849;n (c&oacute; th&#7875; y&ecirc;u c&#7847;u m&#7913;c nhi&#7879;t th&#7845;p h&#417;n).<br>\nC&aacute;c bu&#7891;ng th&#7917; dung t&iacute;ch l&#7899;n<br>\nN&#7871;u c&#7847;n thi&#7871;t b&#7883; m&ocirc; ph&#7887;ng m&ocirc;i tr&#432;&#7901;ng v&#7899;i k&iacute;ch th&#432;&#7899;c &#273;&#7863;c bi&#7879;t, kh&aacute;ch h&agrave;ng c&oacute; th&#7875; li&ecirc;n h&#7879; tr&#7921;c ti&#7871;p v&#7899;i Liebisch.<\/p><p>Bu&#7891;ng th&#7917; dung t&iacute;ch 3000 l&iacute;t<br>\nBu&#7891;ng th&#7917; dung t&iacute;ch 2500 l&iacute;t<br>\nBu&#7891;ng th&#7917; dung t&iacute;ch 3000 l&iacute;t (m&#7903; n&#7855;p)<br>\nBu&#7891;ng th&#7917; dung t&iacute;ch 1200 l&iacute;t<\/p><p>H&atilde;y li&ecirc;n h&#7879; v&#7899;i V&#7841;n N&#259;ng Company ngay &#273;&#7875; &#273;&#432;&#7907;c t&#432; v&#7845;n chuy&ecirc;n s&acirc;u v&agrave; nh&#7853;n c&aacute;c &#432;u &#273;&atilde;i h&#7845;p d&#7851;n nh&#7845;t th&ocirc;ng qua hotline\/zalo: <a href=\"https:\/\/zalo.me\/0903991335\" target=\"_blank\" rel=\"noopener\" style=\"color: #059669; font-weight: bold; text-decoration: none;\">0903 991 335<\/a>!<\/p><div style=\"background-color: #f8fafc; border: 1px solid #e2e8f0; border-radius: 8px; padding: 25px; max-width: 800px; margin: 30px auto; color: #334155; line-height: 1.8; font-size: 17px; box-shadow: 0 4px 6px -1px rgba(0,0,0,0.05); text-align: left; clear: both;\">\nC&ocirc;ng ty TNHH Th&#432;&#417;ng M&#7841;i D&#7883;ch V&#7909; Thi&#7871;t B&#7883; C&ocirc;ng Ngh&#7879; V&#7841;n N&#259;ng\n<p style=\"margin: 0 0 10px 0;\">&#128205; <strong style=\"color: #1e293b;\">&#272;&#7883;a ch&#7881;:<\/strong> <a style=\"color: #059669; text-decoration: none; font-weight: bold;\" href=\"https:\/\/www.google.com\/maps\/search\/C%C3%B4ng+ty+TNHH+Th%C6%B0%C6%A1ng+M%E1%BA%A1i+D%E1%BB%8Bch+V%E1%BB%A5+Thi%E1%BA%BFt+B%E1%BB%8B+C%C3%B4ng+Ngh%E1%BB%87+V%E1%BA%A1n+N%C4%83ng+818+Tr%C6%B0%E1%BB%9Dng+Chinh\" target=\"_blank\" rel=\"noopener\">818 Tr&#432;&#7901;ng Chinh, Ph&#432;&#7901;ng T&acirc;n S&#417;n, Th&agrave;nh ph&#7889; H&#7891; Ch&iacute; Minh, Vi&#7879;t Nam<\/a><\/p>\n<p style=\"margin: 0 0 10px 0;\">&#128222; <strong style=\"color: #1e293b;\">S&#272;T &ndash; Zalo:<\/strong> <a style=\"color: #059669; text-decoration: none; font-weight: bold;\" href=\"https:\/\/zalo.me\/0903991335\" target=\"_blank\" rel=\"noopener\">0903 991 335<\/a> <span style=\"color: #64748b; font-style: italic;\">(Ms. H&#7841;nh &ndash; Gi&aacute;m &#272;&#7889;c Kinh Doanh)<\/span><\/p>\n<p style=\"margin: 0;\">&#9993;&#65039; <strong style=\"color: #1e293b;\">Email:<\/strong> <a style=\"color: #059669; text-decoration: none; font-weight: bold;\" href=\"mailto:hienhanh@vannangvn.com\">hienhanh@vannangvn.com<\/a><\/p>\n<\/div><\/h1>","protected":false},"excerpt":{"rendered":"<p><strong>Th&#432;&#417;ng hi&#7879;u:<\/strong> Liebisch<br>\n<strong>Model:<\/strong> Constacon TR<p>Product <strong>BU&#7890;NG PHUN MU&#7888;I TH&#7916; NGHI&#7878;M &#258;N M&Ograve;N LIEBISCH MODEL CONSTACON TR<\/strong> ch&iacute;nh h&atilde;ng. Liebisch (Germany)<br>\nBu&#7891;ng Phun Mu&#7889;i Liebisch Constacon TR c&oacute; dung t&iacute;ch l&#7899;n (400-3000L). D&ograve;ng Constacon, Constasal, Constatwin v&#7853;n h&agrave;nh th&#7911; c&ocirc;ng, trong khi Constamatic &#273;i&#7873;u khi&#7875;n t&#7921; &#273;&#7897;ng qua m&agrave;n h&igrave;nh c&#7843;m &#7913;ng.<\/p><\/p>","protected":false},"featured_media":9276,"comment_status":"open","ping_status":"closed","template":"","meta":[],"product_brand":[],"product_cat":[18],"product_tag":[388,392,484,527,528,529,530,116,120,228,250],"class_list":{"0":"post-6043","1":"product","2":"type-product","3":"status-publish","4":"has-post-thumbnail","6":"product_cat-chua-phan-loai","7":"product_tag-muoi","8":"product_tag-mon","9":"product_tag-buong","10":"product_tag-nghiem","11":"product_tag-liebisch","12":"product_tag-constacon","13":"product_tag-tr","14":"product_tag-model","15":"product_tag-thu","16":"product_tag-an","17":"product_tag-phun","19":"first","20":"instock","21":"shipping-taxable","22":"product-type-simple"},"yoast_head":"<!-- This site is optimized with the Yoast SEO Premium plugin v24.8 (Yoast SEO v24.8) - https:\/\/yoast.com\/wordpress\/plugins\/seo\/ -->\n<title>BU\u1ed2NG PHUN MU\u1ed0I TH\u1eec NGHI\u1ec6M \u0102N M\u00d2N L... ch\u00ednh h\u00e3ng | V\u1ea1n N\u0103ng<\/title>\n<meta name=\"description\" content=\"Mua ngay BU\u1ed2NG PHUN MU\u1ed0I TH\u1eec NGHI\u1ec6M \u0102N M\u00d2N LIEBISCH MODEL CONSTACON TR ch\u00ednh h\u00e3ng. Bu\u1ed3ng Phun Mu\u1ed1i Liebisch Constacon TR c\u00f3 dung t... Gi\u00e1 t\u1ed1t!\" \/>\n<meta name=\"robots\" content=\"noindex, follow, max-snippet:-1, max-image-preview:large, max-video-preview:-1\" \/>\n<meta property=\"og:locale\" content=\"en_US\" \/>\n<meta property=\"og:type\" content=\"article\" \/>\n<meta property=\"og:title\" content=\"BU\u1ed2NG PHUN MU\u1ed0I TH\u1eec NGHI\u1ec6M \u0102N M\u00d2N LIEBISCH MODEL CONSTACON TR\" \/>\n<meta property=\"og:description\" content=\"Mua ngay BU\u1ed2NG PHUN MU\u1ed0I TH\u1eec NGHI\u1ec6M \u0102N M\u00d2N LIEBISCH MODEL CONSTACON TR ch\u00ednh h\u00e3ng. Bu\u1ed3ng Phun Mu\u1ed1i Liebisch Constacon TR c\u00f3 dung t... Gi\u00e1 t\u1ed1t!\" \/>\n<meta property=\"og:url\" content=\"https:\/\/vannangvn.123websitedev.com\/en\/product\/buong-phun-muoi-thu-nghiem-an-mon-liebisch-model-constacon-tr\/\" \/>\n<meta property=\"og:site_name\" content=\"Vannang.vn\" \/>\n<meta property=\"article:modified_time\" content=\"2026-03-30T11:11:13+00:00\" \/>\n<meta property=\"og:image\" content=\"http:\/\/vannangvn.123websitedev.com\/wp-content\/uploads\/2026\/03\/Buong-Phun-Muoi-Thu-Nghiem-An-Mon-Tu-Dong-Liebisch-Model-Constacon-TR-1-768x576-copy.jpg\" \/>\n\t<meta property=\"og:image:width\" content=\"768\" \/>\n\t<meta property=\"og:image:height\" content=\"576\" \/>\n\t<meta property=\"og:image:type\" content=\"image\/jpeg\" \/>\n<meta name=\"twitter:card\" content=\"summary_large_image\" \/>\n<meta name=\"twitter:label1\" content=\"Est. reading time\" \/>\n\t<meta name=\"twitter:data1\" content=\"4 minutes\" \/>\n<script type=\"application\/ld+json\" class=\"yoast-schema-graph\">{\"@context\":\"https:\/\/schema.org\",\"@graph\":[{\"@type\":\"WebPage\",\"@id\":\"https:\/\/vannangvn.123websitedev.com\/san-pham\/buong-phun-muoi-thu-nghiem-an-mon-liebisch-model-constacon-tr\/\",\"url\":\"https:\/\/vannangvn.123websitedev.com\/san-pham\/buong-phun-muoi-thu-nghiem-an-mon-liebisch-model-constacon-tr\/\",\"name\":\"BU\u1ed2NG PHUN MU\u1ed0I TH\u1eec NGHI\u1ec6M \u0102N M\u00d2N L... ch\u00ednh h\u00e3ng | V\u1ea1n N\u0103ng\",\"isPartOf\":{\"@id\":\"https:\/\/vannangvn.123websitedev.com\/#website\"},\"primaryImageOfPage\":{\"@id\":\"https:\/\/vannangvn.123websitedev.com\/san-pham\/buong-phun-muoi-thu-nghiem-an-mon-liebisch-model-constacon-tr\/#primaryimage\"},\"image\":{\"@id\":\"https:\/\/vannangvn.123websitedev.com\/san-pham\/buong-phun-muoi-thu-nghiem-an-mon-liebisch-model-constacon-tr\/#primaryimage\"},\"thumbnailUrl\":\"https:\/\/vannangvn.123websitedev.com\/wp-content\/uploads\/2026\/03\/Buong-Phun-Muoi-Thu-Nghiem-An-Mon-Tu-Dong-Liebisch-Model-Constacon-TR-1-768x576-copy.jpg\",\"datePublished\":\"2026-03-20T10:20:54+00:00\",\"dateModified\":\"2026-03-30T11:11:13+00:00\",\"description\":\"Mua ngay BU\u1ed2NG PHUN MU\u1ed0I TH\u1eec NGHI\u1ec6M \u0102N M\u00d2N LIEBISCH MODEL CONSTACON TR ch\u00ednh h\u00e3ng. Bu\u1ed3ng Phun Mu\u1ed1i Liebisch Constacon TR c\u00f3 dung t... Gi\u00e1 t\u1ed1t!\",\"breadcrumb\":{\"@id\":\"https:\/\/vannangvn.123websitedev.com\/san-pham\/buong-phun-muoi-thu-nghiem-an-mon-liebisch-model-constacon-tr\/#breadcrumb\"},\"inLanguage\":\"en-US\",\"potentialAction\":[{\"@type\":\"ReadAction\",\"target\":[\"https:\/\/vannangvn.123websitedev.com\/san-pham\/buong-phun-muoi-thu-nghiem-an-mon-liebisch-model-constacon-tr\/\"]}]},{\"@type\":\"ImageObject\",\"inLanguage\":\"en-US\",\"@id\":\"https:\/\/vannangvn.123websitedev.com\/san-pham\/buong-phun-muoi-thu-nghiem-an-mon-liebisch-model-constacon-tr\/#primaryimage\",\"url\":\"https:\/\/vannangvn.123websitedev.com\/wp-content\/uploads\/2026\/03\/Buong-Phun-Muoi-Thu-Nghiem-An-Mon-Tu-Dong-Liebisch-Model-Constacon-TR-1-768x576-copy.jpg\",\"contentUrl\":\"https:\/\/vannangvn.123websitedev.com\/wp-content\/uploads\/2026\/03\/Buong-Phun-Muoi-Thu-Nghiem-An-Mon-Tu-Dong-Liebisch-Model-Constacon-TR-1-768x576-copy.jpg\",\"width\":768,\"height\":576},{\"@type\":\"BreadcrumbList\",\"@id\":\"https:\/\/vannangvn.123websitedev.com\/san-pham\/buong-phun-muoi-thu-nghiem-an-mon-liebisch-model-constacon-tr\/#breadcrumb\",\"itemListElement\":[{\"@type\":\"ListItem\",\"position\":1,\"name\":\"Trang ch\u1ee7\",\"item\":\"https:\/\/vannangvn.123websitedev.com\/\"},{\"@type\":\"ListItem\",\"position\":2,\"name\":\"S\u1ea3n ph\u1ea9m\",\"item\":\"https:\/\/vannangvn.123websitedev.com\/cua-hang\/\"},{\"@type\":\"ListItem\",\"position\":3,\"name\":\"BU\u1ed2NG PHUN MU\u1ed0I TH\u1eec NGHI\u1ec6M \u0102N M\u00d2N LIEBISCH MODEL CONSTACON TR\"}]},{\"@type\":\"WebSite\",\"@id\":\"https:\/\/vannangvn.123websitedev.com\/#website\",\"url\":\"https:\/\/vannangvn.123websitedev.com\/\",\"name\":\"Vannang.vn\",\"description\":\"\",\"publisher\":{\"@id\":\"https:\/\/vannangvn.123websitedev.com\/#organization\"},\"potentialAction\":[{\"@type\":\"SearchAction\",\"target\":{\"@type\":\"EntryPoint\",\"urlTemplate\":\"https:\/\/vannangvn.123websitedev.com\/?s={search_term_string}\"},\"query-input\":{\"@type\":\"PropertyValueSpecification\",\"valueRequired\":true,\"valueName\":\"search_term_string\"}}],\"inLanguage\":\"en-US\"},{\"@type\":\"Organization\",\"@id\":\"https:\/\/vannangvn.123websitedev.com\/#organization\",\"name\":\"Vannang.vn\",\"url\":\"https:\/\/vannangvn.123websitedev.com\/\",\"logo\":{\"@type\":\"ImageObject\",\"inLanguage\":\"en-US\",\"@id\":\"https:\/\/vannangvn.123websitedev.com\/#\/schema\/logo\/image\/\",\"url\":\"https:\/\/vannangvn.123websitedev.com\/wp-content\/uploads\/2026\/02\/logo-van-nang-02.png\",\"contentUrl\":\"https:\/\/vannangvn.123websitedev.com\/wp-content\/uploads\/2026\/02\/logo-van-nang-02.png\",\"width\":448,\"height\":111,\"caption\":\"Vannang.vn\"},\"image\":{\"@id\":\"https:\/\/vannangvn.123websitedev.com\/#\/schema\/logo\/image\/\"}}]}<\/script>\n<!-- \/ Yoast SEO Premium plugin. -->","yoast_head_json":{"title":"BU\u1ed2NG PHUN MU\u1ed0I TH\u1eec NGHI\u1ec6M \u0102N M\u00d2N L... ch\u00ednh h\u00e3ng | V\u1ea1n N\u0103ng","description":"Mua ngay BU\u1ed2NG PHUN MU\u1ed0I TH\u1eec NGHI\u1ec6M \u0102N M\u00d2N LIEBISCH MODEL CONSTACON TR ch\u00ednh h\u00e3ng. Bu\u1ed3ng Phun Mu\u1ed1i Liebisch Constacon TR c\u00f3 dung t... Gi\u00e1 t\u1ed1t!","robots":{"index":"noindex","follow":"follow","max-snippet":"max-snippet:-1","max-image-preview":"max-image-preview:large","max-video-preview":"max-video-preview:-1"},"og_locale":"en_US","og_type":"article","og_title":"BU\u1ed2NG PHUN MU\u1ed0I TH\u1eec NGHI\u1ec6M \u0102N M\u00d2N LIEBISCH MODEL CONSTACON TR","og_description":"Mua ngay BU\u1ed2NG PHUN MU\u1ed0I TH\u1eec NGHI\u1ec6M \u0102N M\u00d2N LIEBISCH MODEL CONSTACON TR ch\u00ednh h\u00e3ng. Bu\u1ed3ng Phun Mu\u1ed1i Liebisch Constacon TR c\u00f3 dung t... Gi\u00e1 t\u1ed1t!","og_url":"https:\/\/vannangvn.123websitedev.com\/en\/product\/buong-phun-muoi-thu-nghiem-an-mon-liebisch-model-constacon-tr\/","og_site_name":"Vannang.vn","article_modified_time":"2026-03-30T11:11:13+00:00","og_image":[{"width":768,"height":576,"url":"http:\/\/vannangvn.123websitedev.com\/wp-content\/uploads\/2026\/03\/Buong-Phun-Muoi-Thu-Nghiem-An-Mon-Tu-Dong-Liebisch-Model-Constacon-TR-1-768x576-copy.jpg","type":"image\/jpeg"}],"twitter_card":"summary_large_image","twitter_misc":{"Est. reading time":"4 minutes"},"schema":{"@context":"https:\/\/schema.org","@graph":[{"@type":"WebPage","@id":"https:\/\/vannangvn.123websitedev.com\/san-pham\/buong-phun-muoi-thu-nghiem-an-mon-liebisch-model-constacon-tr\/","url":"https:\/\/vannangvn.123websitedev.com\/san-pham\/buong-phun-muoi-thu-nghiem-an-mon-liebisch-model-constacon-tr\/","name":"BU\u1ed2NG PHUN MU\u1ed0I TH\u1eec NGHI\u1ec6M \u0102N M\u00d2N L... ch\u00ednh h\u00e3ng | V\u1ea1n N\u0103ng","isPartOf":{"@id":"https:\/\/vannangvn.123websitedev.com\/#website"},"primaryImageOfPage":{"@id":"https:\/\/vannangvn.123websitedev.com\/san-pham\/buong-phun-muoi-thu-nghiem-an-mon-liebisch-model-constacon-tr\/#primaryimage"},"image":{"@id":"https:\/\/vannangvn.123websitedev.com\/san-pham\/buong-phun-muoi-thu-nghiem-an-mon-liebisch-model-constacon-tr\/#primaryimage"},"thumbnailUrl":"https:\/\/vannangvn.123websitedev.com\/wp-content\/uploads\/2026\/03\/Buong-Phun-Muoi-Thu-Nghiem-An-Mon-Tu-Dong-Liebisch-Model-Constacon-TR-1-768x576-copy.jpg","datePublished":"2026-03-20T10:20:54+00:00","dateModified":"2026-03-30T11:11:13+00:00","description":"Mua ngay BU\u1ed2NG PHUN MU\u1ed0I TH\u1eec NGHI\u1ec6M \u0102N M\u00d2N LIEBISCH MODEL CONSTACON TR ch\u00ednh h\u00e3ng. Bu\u1ed3ng Phun Mu\u1ed1i Liebisch Constacon TR c\u00f3 dung t... Gi\u00e1 t\u1ed1t!","breadcrumb":{"@id":"https:\/\/vannangvn.123websitedev.com\/san-pham\/buong-phun-muoi-thu-nghiem-an-mon-liebisch-model-constacon-tr\/#breadcrumb"},"inLanguage":"en-US","potentialAction":[{"@type":"ReadAction","target":["https:\/\/vannangvn.123websitedev.com\/san-pham\/buong-phun-muoi-thu-nghiem-an-mon-liebisch-model-constacon-tr\/"]}]},{"@type":"ImageObject","inLanguage":"en-US","@id":"https:\/\/vannangvn.123websitedev.com\/san-pham\/buong-phun-muoi-thu-nghiem-an-mon-liebisch-model-constacon-tr\/#primaryimage","url":"https:\/\/vannangvn.123websitedev.com\/wp-content\/uploads\/2026\/03\/Buong-Phun-Muoi-Thu-Nghiem-An-Mon-Tu-Dong-Liebisch-Model-Constacon-TR-1-768x576-copy.jpg","contentUrl":"https:\/\/vannangvn.123websitedev.com\/wp-content\/uploads\/2026\/03\/Buong-Phun-Muoi-Thu-Nghiem-An-Mon-Tu-Dong-Liebisch-Model-Constacon-TR-1-768x576-copy.jpg","width":768,"height":576},{"@type":"BreadcrumbList","@id":"https:\/\/vannangvn.123websitedev.com\/san-pham\/buong-phun-muoi-thu-nghiem-an-mon-liebisch-model-constacon-tr\/#breadcrumb","itemListElement":[{"@type":"ListItem","position":1,"name":"Trang ch\u1ee7","item":"https:\/\/vannangvn.123websitedev.com\/"},{"@type":"ListItem","position":2,"name":"S\u1ea3n ph\u1ea9m","item":"https:\/\/vannangvn.123websitedev.com\/cua-hang\/"},{"@type":"ListItem","position":3,"name":"BU\u1ed2NG PHUN MU\u1ed0I TH\u1eec NGHI\u1ec6M \u0102N M\u00d2N LIEBISCH MODEL CONSTACON TR"}]},{"@type":"WebSite","@id":"https:\/\/vannangvn.123websitedev.com\/#website","url":"https:\/\/vannangvn.123websitedev.com\/","name":"Vannang.vn","description":"","publisher":{"@id":"https:\/\/vannangvn.123websitedev.com\/#organization"},"potentialAction":[{"@type":"SearchAction","target":{"@type":"EntryPoint","urlTemplate":"https:\/\/vannangvn.123websitedev.com\/?s={search_term_string}"},"query-input":{"@type":"PropertyValueSpecification","valueRequired":true,"valueName":"search_term_string"}}],"inLanguage":"en-US"},{"@type":"Organization","@id":"https:\/\/vannangvn.123websitedev.com\/#organization","name":"Vannang.vn","url":"https:\/\/vannangvn.123websitedev.com\/","logo":{"@type":"ImageObject","inLanguage":"en-US","@id":"https:\/\/vannangvn.123websitedev.com\/#\/schema\/logo\/image\/","url":"https:\/\/vannangvn.123websitedev.com\/wp-content\/uploads\/2026\/02\/logo-van-nang-02.png","contentUrl":"https:\/\/vannangvn.123websitedev.com\/wp-content\/uploads\/2026\/02\/logo-van-nang-02.png","width":448,"height":111,"caption":"Vannang.vn"},"image":{"@id":"https:\/\/vannangvn.123websitedev.com\/#\/schema\/logo\/image\/"}}]}},"_links":{"self":[{"href":"https:\/\/vannangvn.123websitedev.com\/en\/wp-json\/wp\/v2\/product\/6043","targetHints":{"allow":["GET"]}}],"collection":[{"href":"https:\/\/vannangvn.123websitedev.com\/en\/wp-json\/wp\/v2\/product"}],"about":[{"href":"https:\/\/vannangvn.123websitedev.com\/en\/wp-json\/wp\/v2\/types\/product"}],"replies":[{"embeddable":true,"href":"https:\/\/vannangvn.123websitedev.com\/en\/wp-json\/wp\/v2\/comments?post=6043"}],"wp:featuredmedia":[{"embeddable":true,"href":"https:\/\/vannangvn.123websitedev.com\/en\/wp-json\/wp\/v2\/media\/9276"}],"wp:attachment":[{"href":"https:\/\/vannangvn.123websitedev.com\/en\/wp-json\/wp\/v2\/media?parent=6043"}],"wp:term":[{"taxonomy":"product_brand","embeddable":true,"href":"https:\/\/vannangvn.123websitedev.com\/en\/wp-json\/wp\/v2\/product_brand?post=6043"},{"taxonomy":"product_cat","embeddable":true,"href":"https:\/\/vannangvn.123websitedev.com\/en\/wp-json\/wp\/v2\/product_cat?post=6043"},{"taxonomy":"product_tag","embeddable":true,"href":"https:\/\/vannangvn.123websitedev.com\/en\/wp-json\/wp\/v2\/product_tag?post=6043"}],"curies":[{"name":"wp","href":"https:\/\/api.w.org\/{rel}","templated":true}]}}