{"id":6059,"date":"2026-03-20T17:21:14","date_gmt":"2026-03-20T10:21:14","guid":{"rendered":"https:\/\/vannangvn.123websitedev.com\/san-pham\/buong-thu-nghiem-pin-cme-model-btc-540\/"},"modified":"2026-03-30T18:11:33","modified_gmt":"2026-03-30T11:11:33","slug":"buong-thu-nghiem-pin-cme-model-btc-540","status":"publish","type":"product","link":"https:\/\/vannangvn.123websitedev.com\/en\/product\/buong-thu-nghiem-pin-cme-model-btc-540\/","title":{"rendered":"BU\u1ed2NG TH\u1eec NGHI\u1ec6M PIN CME MODEL BTC 540"},"content":{"rendered":"<h1 style=\"color: red; font-weight: bold; font-size: 24px;\">T&#7893;ng quan s&#7843;n ph&#7849;m BU&#7890;NG TH&#7916; NGHI&#7878;M PIN CME MODEL BTC 540<p>Bu&#7891;ng Th&#7917; Nghi&#7879;m Pin (Battery Test Chamber) CME Model BTC 540<\/p><p>BTC 540<br>\nBu&#7891;ng th&#7917; nghi&#7879;m pin c&#7911;a CME &#273;&#432;&#7907;c ph&aacute;t tri&#7875;n nh&#7857;m &#273;&aacute;p &#7913;ng xu h&#432;&#7899;ng gi&#7843;m kh&iacute; th&#7843;i &ocirc; t&ocirc; v&agrave; th&uacute;c &#273;&#7849;y ph&#432;&#417;ng ti&#7879;n &#273;i&#7879;n &ndash; hybrid, khi&#7871;n nhu c&#7847;u ki&#7875;m tra pin lithium-ion tr&#7903; n&ecirc;n quan tr&#7885;ng h&#417;n bao gi&#7901; h&#7871;t.<br>\nD&ograve;ng bu&#7891;ng th&#7917; nghi&#7879;m n&agrave;y c&oacute; nhi&#7873;u phi&ecirc;n b&#7843;n, t&#7915; lo&#7841;i reach-in d&ugrave;ng cho c&aacute;c t&#7871; b&agrave;o pin nh&#7887; &#273;&#7871;n lo&#7841;i walk-in d&agrave;nh cho c&aacute;c b&#7897; pin dung l&#432;&#7907;ng l&#7899;n. Nhi&#7879;t &#273;&#7897; l&agrave;m vi&#7879;c r&#7897;ng t&#7915; -40&deg;C &#273;&#7871;n +180&deg;C, k&iacute;ch th&#432;&#7899;c linh ho&#7841;t t&#7915; thi&#7871;t b&#7883; nh&#7887; g&#7885;n &#273;&#7871;n ph&ograve;ng th&#7917; nghi&#7879;m c&#7905; l&#7899;n.<br>\nM&#7895;i bu&#7891;ng th&#7917; &#273;&#432;&#7907;c thi&#7871;t k&#7871; d&#7921;a tr&ecirc;n y&ecirc;u c&#7847;u ki&#7875;m tra c&#7909; th&#7875; v&agrave; c&oacute; th&#7875; t&iacute;ch h&#7907;p v&#7899;i c&aacute;c h&#7879; th&#7889;ng nh&#432; b&#7897; chu tr&igrave;nh pin (battery cyclers), h&#7879; th&#7889;ng &#273;i&#7873;u khi&#7875;n v&agrave; thu th&#7853;p d&#7919; li&#7879;u gi&aacute;m s&aacute;t, c&ugrave;ng nhi&#7873;u thi&#7871;t b&#7883; th&#7917; nghi&#7879;m kh&aacute;c &#273;&#7875; t&#7841;o n&ecirc;n gi&#7843;i ph&aacute;p ki&#7875;m tra t&#7893;ng th&#7875;.<br>\nBu&#7891;ng th&#7917; nghi&#7879;m pin &#273;&atilde; &#273;&#432;&#7907;c cung c&#7845;p cho nhi&#7873;u ng&agrave;nh c&ocirc;ng nghi&#7879;p bao g&#7891;m: &ocirc; t&ocirc;, m&aacute;y t&iacute;nh, vi&#7877;n th&ocirc;ng, qu&#7889;c ph&ograve;ng v&agrave; n&#259;ng l&#432;&#7907;ng t&aacute;i t&#7841;o. V&#7899;i m&#7909;c ti&ecirc;u gi&#7843;m kh&iacute; th&#7843;i &ocirc; t&ocirc; v&agrave; th&uacute;c &#273;&#7849;y ph&#432;&#417;ng ti&#7879;n &#273;i&#7879;n &ndash; hybrid, nhu c&#7847;u th&#7917; nghi&#7879;m pin lithium-ion ng&agrave;y c&agrave;ng c&#7845;p thi&#7871;t.<br>\nNh&#7901; kinh nghi&#7879;m &#273;&atilde; &#273;&#432;&#7907;c ki&#7875;m ch&#7913;ng, CME mang &#273;&#7871;n gi&#7843;i ph&aacute;p ki&#7875;m tra pin ti&#7871;t ki&#7879;m chi ph&iacute; v&agrave; hi&#7879;u qu&#7843; nh&#7845;t. T&#7915;ng bu&#7891;ng th&#7917; &#273;&#432;&#7907;c ch&#7871; t&#7841;o &#273;&aacute;p &#7913;ng y&ecirc;u c&#7847;u ri&ecirc;ng bi&#7879;t c&#7911;a kh&aacute;ch h&agrave;ng, d&#7877; d&agrave;ng k&#7871;t n&#7889;i v&#7899;i c&aacute;c thi&#7871;t b&#7883; h&#7895; tr&#7907; nh&#432; b&#7897; chu tr&igrave;nh pin, h&#7879; th&#7889;ng gi&aacute;m s&aacute;t &ndash; thu th&#7853;p d&#7919; li&#7879;u v&agrave; c&aacute;c thi&#7871;t b&#7883; ki&#7875;m tra kh&aacute;c, t&#7841;o n&ecirc;n gi&#7843;i ph&aacute;p ki&#7875;m &#273;&#7883;nh to&agrave;n di&#7879;n.<br>\nH&atilde;y li&ecirc;n h&#7879; v&#7899;i V&#7841;n N&#259;ng Company ngay &#273;&#7875; &#273;&#432;&#7907;c t&#432; v&#7845;n chuy&ecirc;n s&acirc;u v&agrave; nh&#7853;n c&aacute;c &#432;u &#273;&atilde;i h&#7845;p d&#7851;n nh&#7845;t th&ocirc;ng qua hotline\/zalo: <a href=\"https:\/\/zalo.me\/0903991335\" target=\"_blank\" rel=\"noopener\" style=\"color: #059669; font-weight: bold; text-decoration: none;\">0903 991 335<\/a>!<\/p><div style=\"background-color: #f8fafc; border: 1px solid #e2e8f0; border-radius: 8px; padding: 25px; max-width: 800px; margin: 30px auto; color: #334155; line-height: 1.8; font-size: 17px; box-shadow: 0 4px 6px -1px rgba(0,0,0,0.05); text-align: left; clear: both;\">\nC&ocirc;ng ty TNHH Th&#432;&#417;ng M&#7841;i D&#7883;ch V&#7909; Thi&#7871;t B&#7883; C&ocirc;ng Ngh&#7879; V&#7841;n N&#259;ng\n<p style=\"margin: 0 0 10px 0;\">&#128205; <strong style=\"color: #1e293b;\">&#272;&#7883;a ch&#7881;:<\/strong> <a style=\"color: #059669; text-decoration: none; font-weight: bold;\" href=\"https:\/\/www.google.com\/maps\/search\/C%C3%B4ng+ty+TNHH+Th%C6%B0%C6%A1ng+M%E1%BA%A1i+D%E1%BB%8Bch+V%E1%BB%A5+Thi%E1%BA%BFt+B%E1%BB%8B+C%C3%B4ng+Ngh%E1%BB%87+V%E1%BA%A1n+N%C4%83ng+818+Tr%C6%B0%E1%BB%9Dng+Chinh\" target=\"_blank\" rel=\"noopener\">818 Tr&#432;&#7901;ng Chinh, Ph&#432;&#7901;ng T&acirc;n S&#417;n, Th&agrave;nh ph&#7889; H&#7891; Ch&iacute; Minh, Vi&#7879;t Nam<\/a><\/p>\n<p style=\"margin: 0 0 10px 0;\">&#128222; <strong style=\"color: #1e293b;\">S&#272;T &ndash; Zalo:<\/strong> <a style=\"color: #059669; text-decoration: none; font-weight: bold;\" href=\"https:\/\/zalo.me\/0903991335\" target=\"_blank\" rel=\"noopener\">0903 991 335<\/a> <span style=\"color: #64748b; font-style: italic;\">(Ms. H&#7841;nh &ndash; Gi&aacute;m &#272;&#7889;c Kinh Doanh)<\/span><\/p>\n<p style=\"margin: 0;\">&#9993;&#65039; <strong style=\"color: #1e293b;\">Email:<\/strong> <a style=\"color: #059669; text-decoration: none; font-weight: bold;\" href=\"mailto:hienhanh@vannangvn.com\">hienhanh@vannangvn.com<\/a><\/p>\n<\/div><\/h1>","protected":false},"excerpt":{"rendered":"<p><strong>Th&#432;&#417;ng hi&#7879;u:<\/strong> CM Envirosystems<br>\n<strong>Model:<\/strong> BTC -3<p>Product <strong>BU&#7890;NG TH&#7916; NGHI&#7878;M PIN CME MODEL BTC 540<\/strong> ch&iacute;nh h&atilde;ng. CM Envirosystems (India)<br>\nCME Model BTC 540&nbsp;l&agrave; bu&#7891;ng th&#7917; nghi&#7879;m pin chuy&ecirc;n d&#7909;ng cho pin lithium-ion, &#273;&aacute;p &#7913;ng nhu c&#7847;u ki&#7875;m tra xe &#273;i&#7879;n\/hybrid. D&#7843;i nhi&#7879;t -40&deg;C &#273;&#7871;n +180&deg;C, k&iacute;ch th&#432;&#7899;c linh ho&#7841;t t&#7915; lo&#7841;i reach-in &#273;&#7871;n walk-in.<\/p><\/p>","protected":false},"featured_media":9280,"comment_status":"open","ping_status":"closed","template":"","meta":[],"product_brand":[],"product_cat":[18],"product_tag":[116,120,352,484,527,557,558,560],"class_list":{"0":"post-6059","1":"product","2":"type-product","3":"status-publish","4":"has-post-thumbnail","6":"product_cat-chua-phan-loai","7":"product_tag-model","8":"product_tag-thu","9":"product_tag-pin","10":"product_tag-buong","11":"product_tag-nghiem","12":"product_tag-cme","13":"product_tag-btc","14":"product_tag-560","16":"first","17":"instock","18":"shipping-taxable","19":"product-type-simple"},"yoast_head":"<!-- This site is optimized with the Yoast SEO Premium plugin v24.8 (Yoast SEO v24.8) - https:\/\/yoast.com\/wordpress\/plugins\/seo\/ -->\n<title>BU\u1ed2NG TH\u1eec NGHI\u1ec6M PIN CME MODEL BTC 540 ch\u00ednh h\u00e3ng | V\u1ea1n N\u0103ng<\/title>\n<meta name=\"description\" content=\"Mua ngay BU\u1ed2NG TH\u1eec NGHI\u1ec6M PIN CME MODEL BTC 540 ch\u00ednh h\u00e3ng. CME Model BTC 540 l\u00e0 bu\u1ed3ng th\u1eed nghi\u1ec7m pin chuy\u00ean d\u1ee5ng cho pin lithium-... Gi\u00e1 t\u1ed1t!\" \/>\n<meta name=\"robots\" content=\"noindex, follow, max-snippet:-1, max-image-preview:large, max-video-preview:-1\" \/>\n<meta property=\"og:locale\" content=\"en_US\" \/>\n<meta property=\"og:type\" content=\"article\" \/>\n<meta property=\"og:title\" content=\"BU\u1ed2NG TH\u1eec NGHI\u1ec6M PIN CME MODEL BTC 540\" \/>\n<meta property=\"og:description\" content=\"Mua ngay BU\u1ed2NG TH\u1eec NGHI\u1ec6M PIN CME MODEL BTC 540 ch\u00ednh h\u00e3ng. CME Model BTC 540 l\u00e0 bu\u1ed3ng th\u1eed nghi\u1ec7m pin chuy\u00ean d\u1ee5ng cho pin lithium-... Gi\u00e1 t\u1ed1t!\" \/>\n<meta property=\"og:url\" content=\"https:\/\/vannangvn.123websitedev.com\/en\/product\/buong-thu-nghiem-pin-cme-model-btc-540\/\" \/>\n<meta property=\"og:site_name\" content=\"Vannang.vn\" \/>\n<meta property=\"article:modified_time\" content=\"2026-03-30T11:11:33+00:00\" \/>\n<meta property=\"og:image\" content=\"http:\/\/vannangvn.123websitedev.com\/wp-content\/uploads\/2026\/03\/Buong-Thu-Nghiem-Pin-Battery-Test-Chamber-CME-3-768x576-copy.jpg\" \/>\n\t<meta property=\"og:image:width\" content=\"768\" \/>\n\t<meta property=\"og:image:height\" content=\"576\" \/>\n\t<meta property=\"og:image:type\" content=\"image\/jpeg\" \/>\n<meta name=\"twitter:card\" content=\"summary_large_image\" \/>\n<meta name=\"twitter:label1\" content=\"Est. reading time\" \/>\n\t<meta name=\"twitter:data1\" content=\"3 minutes\" \/>\n<script type=\"application\/ld+json\" class=\"yoast-schema-graph\">{\"@context\":\"https:\/\/schema.org\",\"@graph\":[{\"@type\":\"WebPage\",\"@id\":\"https:\/\/vannangvn.123websitedev.com\/san-pham\/buong-thu-nghiem-pin-cme-model-btc-540\/\",\"url\":\"https:\/\/vannangvn.123websitedev.com\/san-pham\/buong-thu-nghiem-pin-cme-model-btc-540\/\",\"name\":\"BU\u1ed2NG TH\u1eec NGHI\u1ec6M PIN CME MODEL BTC 540 ch\u00ednh h\u00e3ng | V\u1ea1n N\u0103ng\",\"isPartOf\":{\"@id\":\"https:\/\/vannangvn.123websitedev.com\/#website\"},\"primaryImageOfPage\":{\"@id\":\"https:\/\/vannangvn.123websitedev.com\/san-pham\/buong-thu-nghiem-pin-cme-model-btc-540\/#primaryimage\"},\"image\":{\"@id\":\"https:\/\/vannangvn.123websitedev.com\/san-pham\/buong-thu-nghiem-pin-cme-model-btc-540\/#primaryimage\"},\"thumbnailUrl\":\"https:\/\/vannangvn.123websitedev.com\/wp-content\/uploads\/2026\/03\/Buong-Thu-Nghiem-Pin-Battery-Test-Chamber-CME-3-768x576-copy.jpg\",\"datePublished\":\"2026-03-20T10:21:14+00:00\",\"dateModified\":\"2026-03-30T11:11:33+00:00\",\"description\":\"Mua ngay BU\u1ed2NG TH\u1eec NGHI\u1ec6M PIN CME MODEL BTC 540 ch\u00ednh h\u00e3ng. CME Model BTC 540 l\u00e0 bu\u1ed3ng th\u1eed nghi\u1ec7m pin chuy\u00ean d\u1ee5ng cho pin lithium-... Gi\u00e1 t\u1ed1t!\",\"breadcrumb\":{\"@id\":\"https:\/\/vannangvn.123websitedev.com\/san-pham\/buong-thu-nghiem-pin-cme-model-btc-540\/#breadcrumb\"},\"inLanguage\":\"en-US\",\"potentialAction\":[{\"@type\":\"ReadAction\",\"target\":[\"https:\/\/vannangvn.123websitedev.com\/san-pham\/buong-thu-nghiem-pin-cme-model-btc-540\/\"]}]},{\"@type\":\"ImageObject\",\"inLanguage\":\"en-US\",\"@id\":\"https:\/\/vannangvn.123websitedev.com\/san-pham\/buong-thu-nghiem-pin-cme-model-btc-540\/#primaryimage\",\"url\":\"https:\/\/vannangvn.123websitedev.com\/wp-content\/uploads\/2026\/03\/Buong-Thu-Nghiem-Pin-Battery-Test-Chamber-CME-3-768x576-copy.jpg\",\"contentUrl\":\"https:\/\/vannangvn.123websitedev.com\/wp-content\/uploads\/2026\/03\/Buong-Thu-Nghiem-Pin-Battery-Test-Chamber-CME-3-768x576-copy.jpg\",\"width\":768,\"height\":576},{\"@type\":\"BreadcrumbList\",\"@id\":\"https:\/\/vannangvn.123websitedev.com\/san-pham\/buong-thu-nghiem-pin-cme-model-btc-540\/#breadcrumb\",\"itemListElement\":[{\"@type\":\"ListItem\",\"position\":1,\"name\":\"Trang ch\u1ee7\",\"item\":\"https:\/\/vannangvn.123websitedev.com\/\"},{\"@type\":\"ListItem\",\"position\":2,\"name\":\"S\u1ea3n ph\u1ea9m\",\"item\":\"https:\/\/vannangvn.123websitedev.com\/cua-hang\/\"},{\"@type\":\"ListItem\",\"position\":3,\"name\":\"BU\u1ed2NG TH\u1eec NGHI\u1ec6M PIN CME MODEL BTC 540\"}]},{\"@type\":\"WebSite\",\"@id\":\"https:\/\/vannangvn.123websitedev.com\/#website\",\"url\":\"https:\/\/vannangvn.123websitedev.com\/\",\"name\":\"Vannang.vn\",\"description\":\"\",\"publisher\":{\"@id\":\"https:\/\/vannangvn.123websitedev.com\/#organization\"},\"potentialAction\":[{\"@type\":\"SearchAction\",\"target\":{\"@type\":\"EntryPoint\",\"urlTemplate\":\"https:\/\/vannangvn.123websitedev.com\/?s={search_term_string}\"},\"query-input\":{\"@type\":\"PropertyValueSpecification\",\"valueRequired\":true,\"valueName\":\"search_term_string\"}}],\"inLanguage\":\"en-US\"},{\"@type\":\"Organization\",\"@id\":\"https:\/\/vannangvn.123websitedev.com\/#organization\",\"name\":\"Vannang.vn\",\"url\":\"https:\/\/vannangvn.123websitedev.com\/\",\"logo\":{\"@type\":\"ImageObject\",\"inLanguage\":\"en-US\",\"@id\":\"https:\/\/vannangvn.123websitedev.com\/#\/schema\/logo\/image\/\",\"url\":\"https:\/\/vannangvn.123websitedev.com\/wp-content\/uploads\/2026\/02\/logo-van-nang-02.png\",\"contentUrl\":\"https:\/\/vannangvn.123websitedev.com\/wp-content\/uploads\/2026\/02\/logo-van-nang-02.png\",\"width\":448,\"height\":111,\"caption\":\"Vannang.vn\"},\"image\":{\"@id\":\"https:\/\/vannangvn.123websitedev.com\/#\/schema\/logo\/image\/\"}}]}<\/script>\n<!-- \/ Yoast SEO Premium plugin. -->","yoast_head_json":{"title":"BU\u1ed2NG TH\u1eec NGHI\u1ec6M PIN CME MODEL BTC 540 ch\u00ednh h\u00e3ng | V\u1ea1n N\u0103ng","description":"Mua ngay BU\u1ed2NG TH\u1eec NGHI\u1ec6M PIN CME MODEL BTC 540 ch\u00ednh h\u00e3ng. CME Model BTC 540 l\u00e0 bu\u1ed3ng th\u1eed nghi\u1ec7m pin chuy\u00ean d\u1ee5ng cho pin lithium-... Gi\u00e1 t\u1ed1t!","robots":{"index":"noindex","follow":"follow","max-snippet":"max-snippet:-1","max-image-preview":"max-image-preview:large","max-video-preview":"max-video-preview:-1"},"og_locale":"en_US","og_type":"article","og_title":"BU\u1ed2NG TH\u1eec NGHI\u1ec6M PIN CME MODEL BTC 540","og_description":"Mua ngay BU\u1ed2NG TH\u1eec NGHI\u1ec6M PIN CME MODEL BTC 540 ch\u00ednh h\u00e3ng. CME Model BTC 540 l\u00e0 bu\u1ed3ng th\u1eed nghi\u1ec7m pin chuy\u00ean d\u1ee5ng cho pin lithium-... Gi\u00e1 t\u1ed1t!","og_url":"https:\/\/vannangvn.123websitedev.com\/en\/product\/buong-thu-nghiem-pin-cme-model-btc-540\/","og_site_name":"Vannang.vn","article_modified_time":"2026-03-30T11:11:33+00:00","og_image":[{"width":768,"height":576,"url":"http:\/\/vannangvn.123websitedev.com\/wp-content\/uploads\/2026\/03\/Buong-Thu-Nghiem-Pin-Battery-Test-Chamber-CME-3-768x576-copy.jpg","type":"image\/jpeg"}],"twitter_card":"summary_large_image","twitter_misc":{"Est. reading time":"3 minutes"},"schema":{"@context":"https:\/\/schema.org","@graph":[{"@type":"WebPage","@id":"https:\/\/vannangvn.123websitedev.com\/san-pham\/buong-thu-nghiem-pin-cme-model-btc-540\/","url":"https:\/\/vannangvn.123websitedev.com\/san-pham\/buong-thu-nghiem-pin-cme-model-btc-540\/","name":"BU\u1ed2NG TH\u1eec NGHI\u1ec6M PIN CME MODEL BTC 540 ch\u00ednh h\u00e3ng | V\u1ea1n N\u0103ng","isPartOf":{"@id":"https:\/\/vannangvn.123websitedev.com\/#website"},"primaryImageOfPage":{"@id":"https:\/\/vannangvn.123websitedev.com\/san-pham\/buong-thu-nghiem-pin-cme-model-btc-540\/#primaryimage"},"image":{"@id":"https:\/\/vannangvn.123websitedev.com\/san-pham\/buong-thu-nghiem-pin-cme-model-btc-540\/#primaryimage"},"thumbnailUrl":"https:\/\/vannangvn.123websitedev.com\/wp-content\/uploads\/2026\/03\/Buong-Thu-Nghiem-Pin-Battery-Test-Chamber-CME-3-768x576-copy.jpg","datePublished":"2026-03-20T10:21:14+00:00","dateModified":"2026-03-30T11:11:33+00:00","description":"Mua ngay BU\u1ed2NG TH\u1eec NGHI\u1ec6M PIN CME MODEL BTC 540 ch\u00ednh h\u00e3ng. CME Model BTC 540 l\u00e0 bu\u1ed3ng th\u1eed nghi\u1ec7m pin chuy\u00ean d\u1ee5ng cho pin lithium-... Gi\u00e1 t\u1ed1t!","breadcrumb":{"@id":"https:\/\/vannangvn.123websitedev.com\/san-pham\/buong-thu-nghiem-pin-cme-model-btc-540\/#breadcrumb"},"inLanguage":"en-US","potentialAction":[{"@type":"ReadAction","target":["https:\/\/vannangvn.123websitedev.com\/san-pham\/buong-thu-nghiem-pin-cme-model-btc-540\/"]}]},{"@type":"ImageObject","inLanguage":"en-US","@id":"https:\/\/vannangvn.123websitedev.com\/san-pham\/buong-thu-nghiem-pin-cme-model-btc-540\/#primaryimage","url":"https:\/\/vannangvn.123websitedev.com\/wp-content\/uploads\/2026\/03\/Buong-Thu-Nghiem-Pin-Battery-Test-Chamber-CME-3-768x576-copy.jpg","contentUrl":"https:\/\/vannangvn.123websitedev.com\/wp-content\/uploads\/2026\/03\/Buong-Thu-Nghiem-Pin-Battery-Test-Chamber-CME-3-768x576-copy.jpg","width":768,"height":576},{"@type":"BreadcrumbList","@id":"https:\/\/vannangvn.123websitedev.com\/san-pham\/buong-thu-nghiem-pin-cme-model-btc-540\/#breadcrumb","itemListElement":[{"@type":"ListItem","position":1,"name":"Trang ch\u1ee7","item":"https:\/\/vannangvn.123websitedev.com\/"},{"@type":"ListItem","position":2,"name":"S\u1ea3n ph\u1ea9m","item":"https:\/\/vannangvn.123websitedev.com\/cua-hang\/"},{"@type":"ListItem","position":3,"name":"BU\u1ed2NG TH\u1eec NGHI\u1ec6M PIN CME MODEL BTC 540"}]},{"@type":"WebSite","@id":"https:\/\/vannangvn.123websitedev.com\/#website","url":"https:\/\/vannangvn.123websitedev.com\/","name":"Vannang.vn","description":"","publisher":{"@id":"https:\/\/vannangvn.123websitedev.com\/#organization"},"potentialAction":[{"@type":"SearchAction","target":{"@type":"EntryPoint","urlTemplate":"https:\/\/vannangvn.123websitedev.com\/?s={search_term_string}"},"query-input":{"@type":"PropertyValueSpecification","valueRequired":true,"valueName":"search_term_string"}}],"inLanguage":"en-US"},{"@type":"Organization","@id":"https:\/\/vannangvn.123websitedev.com\/#organization","name":"Vannang.vn","url":"https:\/\/vannangvn.123websitedev.com\/","logo":{"@type":"ImageObject","inLanguage":"en-US","@id":"https:\/\/vannangvn.123websitedev.com\/#\/schema\/logo\/image\/","url":"https:\/\/vannangvn.123websitedev.com\/wp-content\/uploads\/2026\/02\/logo-van-nang-02.png","contentUrl":"https:\/\/vannangvn.123websitedev.com\/wp-content\/uploads\/2026\/02\/logo-van-nang-02.png","width":448,"height":111,"caption":"Vannang.vn"},"image":{"@id":"https:\/\/vannangvn.123websitedev.com\/#\/schema\/logo\/image\/"}}]}},"_links":{"self":[{"href":"https:\/\/vannangvn.123websitedev.com\/en\/wp-json\/wp\/v2\/product\/6059","targetHints":{"allow":["GET"]}}],"collection":[{"href":"https:\/\/vannangvn.123websitedev.com\/en\/wp-json\/wp\/v2\/product"}],"about":[{"href":"https:\/\/vannangvn.123websitedev.com\/en\/wp-json\/wp\/v2\/types\/product"}],"replies":[{"embeddable":true,"href":"https:\/\/vannangvn.123websitedev.com\/en\/wp-json\/wp\/v2\/comments?post=6059"}],"wp:featuredmedia":[{"embeddable":true,"href":"https:\/\/vannangvn.123websitedev.com\/en\/wp-json\/wp\/v2\/media\/9280"}],"wp:attachment":[{"href":"https:\/\/vannangvn.123websitedev.com\/en\/wp-json\/wp\/v2\/media?parent=6059"}],"wp:term":[{"taxonomy":"product_brand","embeddable":true,"href":"https:\/\/vannangvn.123websitedev.com\/en\/wp-json\/wp\/v2\/product_brand?post=6059"},{"taxonomy":"product_cat","embeddable":true,"href":"https:\/\/vannangvn.123websitedev.com\/en\/wp-json\/wp\/v2\/product_cat?post=6059"},{"taxonomy":"product_tag","embeddable":true,"href":"https:\/\/vannangvn.123websitedev.com\/en\/wp-json\/wp\/v2\/product_tag?post=6059"}],"curies":[{"name":"wp","href":"https:\/\/api.w.org\/{rel}","templated":true}]}}