{"id":6063,"date":"2026-03-20T17:21:21","date_gmt":"2026-03-20T10:21:21","guid":{"rendered":"https:\/\/vannangvn.123websitedev.com\/san-pham\/but-do-ph-son-biuged-model-bgd-287\/"},"modified":"2026-03-30T18:16:16","modified_gmt":"2026-03-30T11:16:16","slug":"but-do-ph-son-biuged-model-bgd-287","status":"publish","type":"product","link":"https:\/\/vannangvn.123websitedev.com\/en\/product\/but-do-ph-son-biuged-model-bgd-287\/","title":{"rendered":"GI\u00c1 \u0110\u1ee0 CHO C\u1ed0C \u0110O \u0110\u1ed8 NH\u1edaT BIUGED MODEL BGD 131"},"content":{"rendered":"<h1 style=\"color: red; font-weight: bold; font-size: 24px;\">T&#7893;ng quan s&#7843;n ph&#7849;m GI&Aacute; &#272;&#7904; CHO C&#7888;C &#272;O &#272;&#7896; NH&#7898;T BIUGED MODEL BGD 131<p>Gi&aacute; &#272;&#7905; Cho C&#7889;c &#272;o &#272;&#7897; Nh&#7899;t (Tripod Stand) Biuged Model BGD 131<br>\nBGD 131 l&agrave; thi&#7871;t b&#7883; h&#7895; tr&#7907; quan tr&#7885;ng gi&uacute;p &#273;&#7843;m b&#7843;o v&#7883; tr&iacute; chu&#7849;n x&aacute;c c&#7911;a c&#7889;c &#273;o v&agrave; m&#7851;u th&#7917; lu&ocirc;n &#7903; tr&#7841;ng th&aacute;i c&acirc;n b&#7857;ng, gi&#7843;m thi&#7875;u sai s&#7889; trong qu&aacute; tr&igrave;nh th&#7917; nghi&#7879;m. H&atilde;y c&ugrave;ng V&#7841;n N&#259;ng t&igrave;m hi&#7875;u chi ti&#7871;t h&#417;n v&#7873; s&#7843;n ph&#7849;m th&ocirc;ng qua b&agrave;i vi&#7871;t d&#432;&#7899;i &#273;&acirc;y nh&eacute;!<\/p><p>Xem th&ecirc;m: C&#7889;c &#272;o L&#432;u L&#432;&#7907;ng Nh&#7899;t (Viscosity Flow Cups) Neurterk FORD CUP)<\/p><p>T&#7847;m Quan Tr&#7885;ng C&#7911;a Gi&aacute; &#272;&#7905; BGD 131<br>\nVi&#7879;c &#273;o &#273;&#7897; nh&#7899;t c&#7911;a ch&#7845;t l&#7887;ng kh&ocirc;ng ch&#7881; &#273;&#417;n thu&#7847;n l&agrave; &#273;&#7893; m&#7851;u v&agrave;o c&#7889;c v&agrave; quan s&aacute;t t&#7889;c &#273;&#7897; d&ograve;ng ch&#7843;y, m&agrave; c&ograve;n &#273;&ograve;i h&#7887;i s&#7921; &#7893;n &#273;&#7883;nh tuy&#7879;t &#273;&#7889;i c&#7911;a thi&#7871;t b&#7883; &#273;&#7875; tr&aacute;nh sai l&#7879;ch k&#7871;t qu&#7843;. Nh&#7919;ng y&#7871;u t&#7889; nh&#432; &#273;&#7897; nghi&ecirc;ng, s&#7921; rung l&#7855;c c&#7911;a b&#7873; m&#7863;t l&agrave;m vi&#7879;c hay s&#7921; kh&ocirc;ng &#273;&#7891;ng &#273;&#7873;u trong qu&aacute; tr&igrave;nh ch&#7843;y c&oacute; th&#7875; &#7843;nh h&#432;&#7903;ng l&#7899;n &#273;&#7871;n t&iacute;nh ch&iacute;nh x&aacute;c c&#7911;a ph&eacute;p &#273;o.<br>\nGi&aacute; &#272;&#7905; BGD 131 Biuged gi&uacute;p gi&#7843;i quy&#7871;t c&aacute;c v&#7845;n &#273;&#7873; tr&ecirc;n b&#7857;ng c&aacute;ch cung c&#7845;p m&#7897;t b&#7873; m&#7863;t c&#7889; &#273;&#7883;nh, &#273;&#7843;m b&#7843;o c&#7889;c &#273;o lu&ocirc;n &#7903; tr&#7841;ng th&aacute;i c&acirc;n b&#7857;ng. &#272;i&#7873;u n&agrave;y &#273;&#7863;c bi&#7879;t quan tr&#7885;ng trong c&aacute;c ph&ograve;ng th&iacute; nghi&#7879;m, x&#432;&#7903;ng s&#7843;n xu&#7845;t s&#417;n, m&#7921;c in, h&oacute;a ch&#7845;t hay b&#7845;t k&#7923; l&#297;nh v&#7921;c n&agrave;o y&ecirc;u c&#7847;u ki&#7875;m so&aacute;t &#273;&#7897; nh&#7899;t.<\/p><h2 style=\"color: #2e7d32; font-weight: bold; font-size: 20px;\">&#272;&#7863;c &#273;i&#7875;m n&#7893;i b&#7853;t c&#7911;a gi&aacute; &#273;&#7905; Biuged Model BGD 131<\/h2><p>Thi&#7871;t k&#7871; v&#7919;ng ch&#7855;c, &#273;&#7897; &#7893;n &#273;&#7883;nh cao<br>\nGi&aacute; &#272;&#7905; BGD 131 &#273;&#432;&#7907;c ch&#7871; t&#7841;o t&#7915; v&#7853;t li&#7879;u ch&#7845;t l&#432;&#7907;ng cao, gi&uacute;p &#273;&#7843;m b&#7843;o &#273;&#7897; b&#7873;n v&agrave; s&#7921; &#7893;n &#273;&#7883;nh trong qu&aacute; tr&igrave;nh s&#7917; d&#7909;ng. H&#7879; th&#7889;ng ch&acirc;n &#273;&#7871; ch&#7855;c ch&#7855;n gi&uacute;p h&#7841;n ch&#7871; t&#7889;i &#273;a rung &#273;&#7897;ng v&agrave; &#273;&#7843;m b&#7843;o b&#7873; m&#7863;t &#273;&#7863;t c&#7889;c lu&ocirc;n ph&#7859;ng tuy&#7879;t &#273;&#7889;i.<br>\nH&#7879; th&#7889;ng &#273;i&#7873;u ch&#7881;nh c&acirc;n b&#7857;ng linh ho&#7841;t<br>\nBGD131 &#273;&#432;&#7907;c trang b&#7883; b&#7897; ph&#7853;n c&acirc;n b&#7857;ng, gi&uacute;p ng&#432;&#7901;i d&ugrave;ng d&#7877; d&agrave;ng &#273;i&#7873;u ch&#7881;nh &#273;&#7875; &#273;&#7843;m b&#7843;o c&#7889;c &#273;o lu&ocirc;n &#7903; v&#7883; tr&iacute; ngang b&#7857;ng. C&aacute;c ch&acirc;n &#273;&#7871; c&oacute; th&#7875; &#273;i&#7873;u ch&#7881;nh &#273;&#7897; cao gi&uacute;p th&iacute;ch nghi v&#7899;i nhi&#7873;u b&#7873; m&#7863;t l&agrave;m vi&#7879;c kh&aacute;c nhau.<br>\nPh&ugrave; h&#7907;p v&#7899;i nhi&#7873;u lo&#7841;i c&#7889;c &#273;o &#273;&#7897; nh&#7899;t<br>\nModel BGD 131 &#273;&#432;&#7907;c thi&#7871;t k&#7871; &#273;&#7875; s&#7917; d&#7909;ng v&#7899;i nhi&#7873;u lo&#7841;i c&#7889;c &#273;o &#273;&#7897; nh&#7899;t nh&#432; c&#7889;c Ford, c&#7889;c Zahn, c&#7889;c DIN&hellip; mang &#273;&#7871;n s&#7921; linh ho&#7841;t cho ng&#432;&#7901;i d&ugrave;ng trong c&aacute;c &#7913;ng d&#7909;ng ki&#7875;m tra &#273;&#7897; nh&#7899;t kh&aacute;c nhau.<br>\nD&#7877; s&#7917; d&#7909;ng v&agrave; l&#7855;p &#273;&#7863;t<br>\nV&#7899;i thi&#7871;t k&#7871; &#273;&#417;n gi&#7843;n nh&#432;ng hi&#7879;u qu&#7843;, Gi&aacute; &#272;&#7905; C&#7889;c &#272;o &#272;&#7897; Nh&#7899;t Biuged BGD 131 c&oacute; th&#7875; d&#7877; d&agrave;ng l&#7855;p r&aacute;p v&agrave; s&#7917; d&#7909;ng m&agrave; kh&ocirc;ng c&#7847;n c&aacute;c c&ocirc;ng c&#7909; ph&#7913;c t&#7841;p. Ng&#432;&#7901;i d&ugrave;ng c&oacute; th&#7875; nhanh ch&oacute;ng thi&#7871;t l&#7853;p h&#7879; th&#7889;ng &#273;o l&#432;&#7901;ng m&agrave; kh&ocirc;ng m&#7845;t nhi&#7873;u th&#7901;i gian.<\/p><p>Xem th&ecirc;m: M&aacute;y &#272;o &#272;&#7897; Nh&#7899;t Quy Tr&igrave;nh ATAC Model 1077 VISCOMETER (For Low-Viscosity Samples)<\/p><p>H&#432;&#7899;ng D&#7851;n S&#7917; D&#7909;ng Gi&aacute; &#272;&#7905; BGD 131<br>\nB&#432;&#7899;c 1: &#272;&#7863;t gi&aacute; &#273;&#7905; tr&ecirc;n m&#7897;t b&#7873; m&#7863;t l&agrave;m vi&#7879;c ch&#7855;c ch&#7855;n.<br>\nB&#432;&#7899;c 2: &#272;i&#7873;u ch&#7881;nh ch&acirc;n &#273;&#7871; &#273;&#7875; &#273;&#7843;m b&#7843;o m&#7863;t ph&#7859;ng c&#7911;a gi&aacute; &#273;&#7905; ho&agrave;n to&agrave;n c&acirc;n b&#7857;ng.<br>\nB&#432;&#7899;c 3: &#272;&#7863;t c&#7889;c &#273;o &#273;&#7897; nh&#7899;t v&agrave;o v&#7883; tr&iacute; trung t&acirc;m c&#7911;a gi&aacute; &#273;&#7905;.<br>\nB&#432;&#7899;c 4: Ti&#7871;n h&agrave;nh &#273;o &#273;&#7897; nh&#7899;t theo quy tr&igrave;nh chu&#7849;n, &#273;&#7843;m b&#7843;o ch&#7845;t l&#7887;ng &#273;&#432;&#7907;c r&oacute;t v&agrave;o &#273;&uacute;ng c&aacute;ch v&agrave; kh&ocirc;ng g&acirc;y x&ocirc; l&#7879;ch c&#7889;c &#273;o.<br>\nB&#432;&#7899;c 5: Sau khi ho&agrave;n th&agrave;nh ph&eacute;p &#273;o, v&#7879; sinh gi&aacute; &#273;&#7905; v&agrave; c&#7889;c &#273;o &#273;&#7875; chu&#7849;n b&#7883; cho c&aacute;c l&#7847;n th&#7917; nghi&#7879;m ti&#7871;p theo.<\/p><p>&#431;u &#272;i&#7875;m V&#432;&#7907;t Tr&#7897;i C&#7911;a BGD 131<\/p><p>T&#259;ng &#273;&#7897; ch&iacute;nh x&aacute;c c&#7911;a ph&eacute;p &#273;o: H&#7841;n ch&#7871; sai s&#7889; do &#273;&#7897; nghi&ecirc;ng ho&#7863;c rung &#273;&#7897;ng c&#7911;a b&#7873; m&#7863;t &#273;&#7863;t c&#7889;c.<br>\nTi&#7871;t ki&#7879;m th&#7901;i gian v&agrave; c&ocirc;ng s&#7913;c: Biuged BGD 131 gi&uacute;p ng&#432;&#7901;i d&ugrave;ng th&#7921;c hi&#7879;n quy tr&igrave;nh &#273;o nhanh ch&oacute;ng v&agrave; d&#7877; d&agrave;ng h&#417;n.<br>\n&#272;&#7843;m b&#7843;o &#273;&#7897; b&#7873;n v&agrave; hi&#7879;u su&#7845;t l&acirc;u d&agrave;i: &#272;&#432;&#7907;c l&agrave;m t&#7915; v&#7853;t li&#7879;u ch&#7845;t l&#432;&#7907;ng cao, gi&uacute;p duy tr&igrave; &#273;&#7897; &#7893;n &#273;&#7883;nh trong su&#7889;t th&#7901;i gian s&#7917; d&#7909;ng.<br>\nLinh ho&#7841;t trong nhi&#7873;u &#7913;ng d&#7909;ng: BGD 131 Biuged ph&ugrave; h&#7907;p v&#7899;i nhi&#7873;u lo&#7841;i c&#7889;c &#273;o &#273;&#7897; nh&#7899;t, d&#7877; d&agrave;ng s&#7917; d&#7909;ng trong nhi&#7873;u ng&agrave;nh c&ocirc;ng nghi&#7879;p.<\/p><p>Xem th&ecirc;m: M&aacute;y &#272;o &#272;&#7897; Nh&#7899;t M&ocirc;-Men Xo&#7855;n (Universal Torque Viscometer) Anton Paar Model Brabender ViscoQuick<\/p><p>Nh&#7919;ng L&yacute; Do N&ecirc;n Mua Gi&aacute; &#272;&#7905; Cho C&#7889;c &#272;o &#272;&#7897; Nh&#7899;t T&#7841;i V&#7841;n N&#259;ng<\/p><p>C&ocirc;ng ty Thi&#7871;t B&#7883; C&ocirc;ng Ngh&#7879; V&#7841;n N&#259;ng l&agrave; &#273;&#7889;i t&aacute;c ch&iacute;nh th&#7913;c ph&acirc;n ph&#7889;i Gi&aacute; &#272;&#7905; C&#7889;c &#272;o &#272;&#7897; Nh&#7899;t h&agrave;ng &#273;&#7847;u t&#7841;i Vi&#7879;t Nam, cam k&#7871;t cung c&#7845;p s&#7843;n ph&#7849;m ch&iacute;nh h&atilde;ng v&#7899;i gi&aacute; c&#7843; c&#7841;nh tranh nh&#7845;t th&#7883; tr&#432;&#7901;ng. V&#7899;i uy t&iacute;n tr&ecirc;n th&#7883; tr&#432;&#7901;ng v&agrave; ch&#7871; &#273;&#7897; h&#7851;u m&atilde;i t&#7889;t, Thi&#7871;t B&#7883; C&ocirc;ng Ngh&#7879; V&#7841;n N&#259;ng &#273;&atilde; nh&#7853;n &#273;&#432;&#7907;c s&#7921; tin t&#432;&#7903;ng t&#7915; kh&aacute;ch h&agrave;ng nh&#7901; v&agrave;o ch&#7845;t l&#432;&#7907;ng h&agrave;ng &#273;&#7847;u c&#7911;a c&aacute;c d&ograve;ng s&#7843;n ph&#7849;m.<br>\nS&#7843;n ph&#7849;m c&#7911;a ch&uacute;ng t&ocirc;i &#273;&#432;&#7907;c ki&#7875;m &#273;&#7883;nh ch&#7845;t l&#432;&#7907;ng, nh&#7853;p kh&#7849;u tr&#7921;c ti&#7871;p t&#7915; nh&agrave; m&aacute;y b&ecirc;n Ch&acirc;u &Acirc;u, M&#7929;, &Uacute;c, Nh&#7853;t B&#7843;n,&hellip; v&agrave; &#273;&aacute;p &#7913;ng nhu c&#7847;u &#273;a d&#7841;ng c&#7911;a th&#7883; tr&#432;&#7901;ng nh&#432;: M&aacute;y &#272;o &#272;&#7897; C&#7913;ng, M&aacute;y SPECTROMAXx, M&aacute;y Ki&#7875;m Tra &#272;&#432;&#7901;ng Gh&eacute;p M&iacute; Lon,&hellip; Ch&uacute;ng t&ocirc;i cam k&#7871;t cung c&#7845;p s&#7843;n ph&#7849;m n&agrave;y tr&ecirc;n to&agrave;n qu&#7889;c v&#7899;i gi&aacute; c&#7843; c&#7841;nh tranh nh&#7845;t.<br>\nCh&uacute;ng t&ocirc;i c&oacute; &#273;&#7897;i ng&#361; chuy&ecirc;n vi&ecirc;n t&#432; v&#7845;n chuy&ecirc;n s&acirc;u s&#7869; h&#7895; tr&#7907; kh&aacute;ch h&agrave;ng v&#7873; chi ti&#7871;t s&#7843;n ph&#7849;m, h&#432;&#7899;ng d&#7851;n s&#7917; d&#7909;ng hay nh&#7919;ng th&#7913; li&ecirc;n quan &#273;&#7871;n v&#7845;n &#273;&#7873; m&agrave; doanh nghi&#7879;p b&#7841;n &#273;ang g&#7863;p ph&#7843;i. Ch&uacute;ng t&ocirc;i s&#7869; cung c&#7845;p nh&#7919;ng gi&#7843;i ph&aacute;p t&#7889;i &#432;u nh&#7845;t!<br>\nNgo&agrave;i ra Thi&#7871;t B&#7883; C&ocirc;ng Ngh&#7879; V&#7841;n N&#259;ng Ch&uacute;ng T&ocirc;i lu&ocirc;n h&#432;&#7899;ng &#273;&#7871;n tr&#7843;i nghi&#7879;m kh&aacute;ch h&agrave;ng, v&igrave; v&#7853;y ch&uacute;ng t&ocirc;i c&oacute; nh&#7919;ng ch&iacute;nh s&aacute;ch b&#7843;o h&agrave;nh, b&#7843;o tr&igrave; &ndash; b&#7843;o d&#432;&#7905;ng, hi&#7879;u chu&#7849;n v&#7899;i t&#7845;t c&#7843; c&aacute;c thi&#7871;t b&#7883;, m&aacute;y m&oacute;c m&agrave; ch&uacute;ng t&ocirc;i cung c&#7845;p. &#272;&#7843;m b&#7843;o mang &#273;&#7871;n cho Kh&aacute;ch h&agrave;ng s&#7921; y&ecirc;n t&acirc;m tuy&#7879;t &#273;&#7889;i v&#7873; d&#7883;ch v&#7909; khi mua h&agrave;ng.<\/p><p>Xem th&ecirc;m: Thi&#7871;t B&#7883; &#272;o &#272;&#7897; D&agrave;y L&#7899;p Ph&#7911; Antifinger KURABO Model NR-2100IB<\/p><p>T&#7893;ng K&#7871;t<br>\nV&#7899;i thi&#7871;t k&#7871; v&#7919;ng ch&#7855;c, kh&#7843; n&#259;ng &#273;i&#7873;u ch&#7881;nh linh ho&#7841;t v&agrave; s&#7921; t&#432;&#417;ng th&iacute;ch v&#7899;i nhi&#7873;u lo&#7841;i c&#7889;c &#273;o, Gi&aacute; &#272;&#7905; C&#7889;c BGD 131 gi&uacute;p n&acirc;ng cao &#273;&#7897; ch&iacute;nh x&aacute;c v&agrave; hi&#7879;u su&#7845;t &#273;o l&#432;&#7901;ng. H&atilde;y li&ecirc;n h&#7879; v&#7899;i V&#7841;n N&#259;ng ngay &#273;&#7875; &#273;&#432;&#7907;c t&#432; v&#7845;n chuy&ecirc;n s&acirc;u v&agrave; nh&#7853;n nh&#7919;ng &#432;u &#273;&atilde;i h&#7845;p d&#7851;n nh&#7845;t th&ocirc;ng qua hotline0903 991 335 !<\/p><div style=\"background-color: #f8fafc; border: 1px solid #e2e8f0; border-radius: 8px; padding: 25px; max-width: 800px; margin: 30px auto; color: #334155; line-height: 1.8; font-size: 17px; box-shadow: 0 4px 6px -1px rgba(0,0,0,0.05); text-align: left; clear: both;\">\nC&ocirc;ng ty TNHH Th&#432;&#417;ng M&#7841;i D&#7883;ch V&#7909; Thi&#7871;t B&#7883; C&ocirc;ng Ngh&#7879; V&#7841;n N&#259;ng\n<p style=\"margin: 0 0 10px 0;\">&#128205; <strong style=\"color: #1e293b;\">&#272;&#7883;a ch&#7881;:<\/strong> <a style=\"color: #059669; text-decoration: none; font-weight: bold;\" href=\"https:\/\/www.google.com\/maps\/search\/C%C3%B4ng+ty+TNHH+Th%C6%B0%C6%A1ng+M%E1%BA%A1i+D%E1%BB%8Bch+V%E1%BB%A5+Thi%E1%BA%BFt+B%E1%BB%8B+C%C3%B4ng+Ngh%E1%BB%87+V%E1%BA%A1n+N%C4%83ng+818+Tr%C6%B0%E1%BB%9Dng+Chinh\" target=\"_blank\" rel=\"noopener\">818 Tr&#432;&#7901;ng Chinh, Ph&#432;&#7901;ng T&acirc;n S&#417;n, Th&agrave;nh ph&#7889; H&#7891; Ch&iacute; Minh, Vi&#7879;t Nam<\/a><\/p>\n<p style=\"margin: 0 0 10px 0;\">&#128222; <strong style=\"color: #1e293b;\">S&#272;T &ndash; Zalo:<\/strong> <a style=\"color: #059669; text-decoration: none; font-weight: bold;\" href=\"https:\/\/zalo.me\/0903991335\" target=\"_blank\" rel=\"noopener\">0903 991 335<\/a> <span style=\"color: #64748b; font-style: italic;\">(Ms. H&#7841;nh &ndash; Gi&aacute;m &#272;&#7889;c Kinh Doanh)<\/span><\/p>\n<p style=\"margin: 0;\">&#9993;&#65039; <strong style=\"color: #1e293b;\">Email:<\/strong> <a style=\"color: #059669; text-decoration: none; font-weight: bold;\" href=\"mailto:hienhanh@vannangvn.com\">hienhanh@vannangvn.com<\/a><\/p>\n<\/div><\/h1>","protected":false},"excerpt":{"rendered":"<p><strong>Th&#432;&#417;ng hi&#7879;u:<\/strong> Biuged Laboratory Instruments<br>\n<strong>Model:<\/strong> BGD<p>Product <strong>GI&Aacute; &#272;&#7904; CHO C&#7888;C &#272;O &#272;&#7896; NH&#7898;T BIUGED MODEL BGD 131<\/strong> ch&iacute;nh h&atilde;ng. Biuged Laboratory Instruments (China)<br>\nModel BGD 131 &#273;&#432;&#7907;c thi&#7871;t k&#7871; &#273;&#7863;c bi&#7879;t &#273;&#7875; ph&ugrave; h&#7907;p v&#7899;i nhi&#7873;u lo&#7841;i c&#7889;c &#273;o &#273;&#7897; nh&#7899;t kh&aacute;c nhau, gi&uacute;p ng&#432;&#7901;i d&ugrave;ng d&#7877; d&agrave;ng s&#7917; d&#7909;ng trong nhi&#7873;u &#273;i&#7873;u ki&#7879;n th&#7917; nghi&#7879;m kh&aacute;c nhau. V&#7899;i ch&acirc;n &#273;&#7871; c&oacute; th&#7875; &#273;i&#7873;u ch&#7881;nh v&agrave; b&#7897; ph&#7853;n c&acirc;n b&#7857;ng, gi&aacute; &#273;&#7905; n&agrave;y h&#7895; tr&#7907; gi&#7919; c&#7889;c &#273;o &#7893;n &#273;&#7883;nh tr&ecirc;n b&#7873; m&#7863;t l&agrave;m vi&#7879;c, gi&uacute;p &#273;&#7843;m b&#7843;o t&iacute;nh ch&iacute;nh x&aacute;c trong &#273;o l&#432;&#7901;ng.<\/p><\/p>","protected":false},"featured_media":9213,"comment_status":"open","ping_status":"closed","template":"","meta":[],"product_brand":[],"product_cat":[18],"product_tag":[697,999,108,116,181,218,219,304,366],"class_list":{"0":"post-6063","1":"product","2":"type-product","3":"status-publish","4":"has-post-thumbnail","6":"product_cat-chua-phan-loai","7":"product_tag-coc","8":"product_tag-999","9":"product_tag-cho","10":"product_tag-model","11":"product_tag-do","12":"product_tag-biuged","13":"product_tag-bgd","14":"product_tag-gia","15":"product_tag-nhot","17":"first","18":"instock","19":"shipping-taxable","20":"product-type-simple"},"yoast_head":"<!-- This site is optimized with the Yoast SEO Premium plugin v24.8 (Yoast SEO v24.8) - https:\/\/yoast.com\/wordpress\/plugins\/seo\/ -->\n<title>GI\u00c1 \u0110\u1ee0 CHO C\u1ed0C \u0110O \u0110\u1ed8 NH\u1edaT BIUGED MO... ch\u00ednh h\u00e3ng | V\u1ea1n N\u0103ng<\/title>\n<meta name=\"description\" content=\"Mua ngay GI\u00c1 \u0110\u1ee0 CHO C\u1ed0C \u0110O \u0110\u1ed8 NH\u1edaT BIUGED MODEL BGD 131 ch\u00ednh h\u00e3ng. Model BGD 131 \u0111\u01b0\u1ee3c thi\u1ebft k\u1ebf \u0111\u1eb7c bi\u1ec7t \u0111\u1ec3 ph\u00f9 h\u1ee3p v\u1edbi nhi\u1ec1u lo\u1ea1i... Gi\u00e1 t\u1ed1t!\" \/>\n<meta name=\"robots\" content=\"noindex, follow, max-snippet:-1, max-image-preview:large, max-video-preview:-1\" \/>\n<meta property=\"og:locale\" content=\"en_US\" \/>\n<meta property=\"og:type\" content=\"article\" \/>\n<meta property=\"og:title\" content=\"GI\u00c1 \u0110\u1ee0 CHO C\u1ed0C \u0110O \u0110\u1ed8 NH\u1edaT BIUGED MODEL BGD 131\" \/>\n<meta property=\"og:description\" content=\"Mua ngay GI\u00c1 \u0110\u1ee0 CHO C\u1ed0C \u0110O \u0110\u1ed8 NH\u1edaT BIUGED MODEL BGD 131 ch\u00ednh h\u00e3ng. Model BGD 131 \u0111\u01b0\u1ee3c thi\u1ebft k\u1ebf \u0111\u1eb7c bi\u1ec7t \u0111\u1ec3 ph\u00f9 h\u1ee3p v\u1edbi nhi\u1ec1u lo\u1ea1i... Gi\u00e1 t\u1ed1t!\" \/>\n<meta property=\"og:url\" content=\"https:\/\/vannangvn.123websitedev.com\/en\/product\/but-do-ph-son-biuged-model-bgd-287\/\" \/>\n<meta property=\"og:site_name\" content=\"Vannang.vn\" \/>\n<meta property=\"article:modified_time\" content=\"2026-03-30T11:16:16+00:00\" \/>\n<meta property=\"og:image\" content=\"http:\/\/vannangvn.123websitedev.com\/wp-content\/uploads\/2026\/03\/Biuged-Model-BGD-131-copy.jpg\" \/>\n\t<meta property=\"og:image:width\" content=\"768\" \/>\n\t<meta property=\"og:image:height\" content=\"576\" \/>\n\t<meta property=\"og:image:type\" content=\"image\/jpeg\" \/>\n<meta name=\"twitter:card\" content=\"summary_large_image\" \/>\n<meta name=\"twitter:label1\" content=\"Est. reading time\" \/>\n\t<meta name=\"twitter:data1\" content=\"8 minutes\" \/>\n<script type=\"application\/ld+json\" class=\"yoast-schema-graph\">{\"@context\":\"https:\/\/schema.org\",\"@graph\":[{\"@type\":\"WebPage\",\"@id\":\"https:\/\/vannangvn.123websitedev.com\/san-pham\/but-do-ph-son-biuged-model-bgd-287\/\",\"url\":\"https:\/\/vannangvn.123websitedev.com\/san-pham\/but-do-ph-son-biuged-model-bgd-287\/\",\"name\":\"GI\u00c1 \u0110\u1ee0 CHO C\u1ed0C \u0110O \u0110\u1ed8 NH\u1edaT BIUGED MO... ch\u00ednh h\u00e3ng | V\u1ea1n N\u0103ng\",\"isPartOf\":{\"@id\":\"https:\/\/vannangvn.123websitedev.com\/#website\"},\"primaryImageOfPage\":{\"@id\":\"https:\/\/vannangvn.123websitedev.com\/san-pham\/but-do-ph-son-biuged-model-bgd-287\/#primaryimage\"},\"image\":{\"@id\":\"https:\/\/vannangvn.123websitedev.com\/san-pham\/but-do-ph-son-biuged-model-bgd-287\/#primaryimage\"},\"thumbnailUrl\":\"https:\/\/vannangvn.123websitedev.com\/wp-content\/uploads\/2026\/03\/Biuged-Model-BGD-131-copy.jpg\",\"datePublished\":\"2026-03-20T10:21:21+00:00\",\"dateModified\":\"2026-03-30T11:16:16+00:00\",\"description\":\"Mua ngay GI\u00c1 \u0110\u1ee0 CHO C\u1ed0C \u0110O \u0110\u1ed8 NH\u1edaT BIUGED MODEL BGD 131 ch\u00ednh h\u00e3ng. Model BGD 131 \u0111\u01b0\u1ee3c thi\u1ebft k\u1ebf \u0111\u1eb7c bi\u1ec7t \u0111\u1ec3 ph\u00f9 h\u1ee3p v\u1edbi nhi\u1ec1u lo\u1ea1i... Gi\u00e1 t\u1ed1t!\",\"breadcrumb\":{\"@id\":\"https:\/\/vannangvn.123websitedev.com\/san-pham\/but-do-ph-son-biuged-model-bgd-287\/#breadcrumb\"},\"inLanguage\":\"en-US\",\"potentialAction\":[{\"@type\":\"ReadAction\",\"target\":[\"https:\/\/vannangvn.123websitedev.com\/san-pham\/but-do-ph-son-biuged-model-bgd-287\/\"]}]},{\"@type\":\"ImageObject\",\"inLanguage\":\"en-US\",\"@id\":\"https:\/\/vannangvn.123websitedev.com\/san-pham\/but-do-ph-son-biuged-model-bgd-287\/#primaryimage\",\"url\":\"https:\/\/vannangvn.123websitedev.com\/wp-content\/uploads\/2026\/03\/Biuged-Model-BGD-131-copy.jpg\",\"contentUrl\":\"https:\/\/vannangvn.123websitedev.com\/wp-content\/uploads\/2026\/03\/Biuged-Model-BGD-131-copy.jpg\",\"width\":768,\"height\":576},{\"@type\":\"BreadcrumbList\",\"@id\":\"https:\/\/vannangvn.123websitedev.com\/san-pham\/but-do-ph-son-biuged-model-bgd-287\/#breadcrumb\",\"itemListElement\":[{\"@type\":\"ListItem\",\"position\":1,\"name\":\"Trang ch\u1ee7\",\"item\":\"https:\/\/vannangvn.123websitedev.com\/\"},{\"@type\":\"ListItem\",\"position\":2,\"name\":\"S\u1ea3n ph\u1ea9m\",\"item\":\"https:\/\/vannangvn.123websitedev.com\/cua-hang\/\"},{\"@type\":\"ListItem\",\"position\":3,\"name\":\"GI\u00c1 \u0110\u1ee0 CHO C\u1ed0C \u0110O \u0110\u1ed8 NH\u1edaT BIUGED MODEL BGD 131\"}]},{\"@type\":\"WebSite\",\"@id\":\"https:\/\/vannangvn.123websitedev.com\/#website\",\"url\":\"https:\/\/vannangvn.123websitedev.com\/\",\"name\":\"Vannang.vn\",\"description\":\"\",\"publisher\":{\"@id\":\"https:\/\/vannangvn.123websitedev.com\/#organization\"},\"potentialAction\":[{\"@type\":\"SearchAction\",\"target\":{\"@type\":\"EntryPoint\",\"urlTemplate\":\"https:\/\/vannangvn.123websitedev.com\/?s={search_term_string}\"},\"query-input\":{\"@type\":\"PropertyValueSpecification\",\"valueRequired\":true,\"valueName\":\"search_term_string\"}}],\"inLanguage\":\"en-US\"},{\"@type\":\"Organization\",\"@id\":\"https:\/\/vannangvn.123websitedev.com\/#organization\",\"name\":\"Vannang.vn\",\"url\":\"https:\/\/vannangvn.123websitedev.com\/\",\"logo\":{\"@type\":\"ImageObject\",\"inLanguage\":\"en-US\",\"@id\":\"https:\/\/vannangvn.123websitedev.com\/#\/schema\/logo\/image\/\",\"url\":\"https:\/\/vannangvn.123websitedev.com\/wp-content\/uploads\/2026\/02\/logo-van-nang-02.png\",\"contentUrl\":\"https:\/\/vannangvn.123websitedev.com\/wp-content\/uploads\/2026\/02\/logo-van-nang-02.png\",\"width\":448,\"height\":111,\"caption\":\"Vannang.vn\"},\"image\":{\"@id\":\"https:\/\/vannangvn.123websitedev.com\/#\/schema\/logo\/image\/\"}}]}<\/script>\n<!-- \/ Yoast SEO Premium plugin. -->","yoast_head_json":{"title":"GI\u00c1 \u0110\u1ee0 CHO C\u1ed0C \u0110O \u0110\u1ed8 NH\u1edaT BIUGED MO... ch\u00ednh h\u00e3ng | V\u1ea1n N\u0103ng","description":"Mua ngay GI\u00c1 \u0110\u1ee0 CHO C\u1ed0C \u0110O \u0110\u1ed8 NH\u1edaT BIUGED MODEL BGD 131 ch\u00ednh h\u00e3ng. Model BGD 131 \u0111\u01b0\u1ee3c thi\u1ebft k\u1ebf \u0111\u1eb7c bi\u1ec7t \u0111\u1ec3 ph\u00f9 h\u1ee3p v\u1edbi nhi\u1ec1u lo\u1ea1i... Gi\u00e1 t\u1ed1t!","robots":{"index":"noindex","follow":"follow","max-snippet":"max-snippet:-1","max-image-preview":"max-image-preview:large","max-video-preview":"max-video-preview:-1"},"og_locale":"en_US","og_type":"article","og_title":"GI\u00c1 \u0110\u1ee0 CHO C\u1ed0C \u0110O \u0110\u1ed8 NH\u1edaT BIUGED MODEL BGD 131","og_description":"Mua ngay GI\u00c1 \u0110\u1ee0 CHO C\u1ed0C \u0110O \u0110\u1ed8 NH\u1edaT BIUGED MODEL BGD 131 ch\u00ednh h\u00e3ng. Model BGD 131 \u0111\u01b0\u1ee3c thi\u1ebft k\u1ebf \u0111\u1eb7c bi\u1ec7t \u0111\u1ec3 ph\u00f9 h\u1ee3p v\u1edbi nhi\u1ec1u lo\u1ea1i... Gi\u00e1 t\u1ed1t!","og_url":"https:\/\/vannangvn.123websitedev.com\/en\/product\/but-do-ph-son-biuged-model-bgd-287\/","og_site_name":"Vannang.vn","article_modified_time":"2026-03-30T11:16:16+00:00","og_image":[{"width":768,"height":576,"url":"http:\/\/vannangvn.123websitedev.com\/wp-content\/uploads\/2026\/03\/Biuged-Model-BGD-131-copy.jpg","type":"image\/jpeg"}],"twitter_card":"summary_large_image","twitter_misc":{"Est. reading time":"8 minutes"},"schema":{"@context":"https:\/\/schema.org","@graph":[{"@type":"WebPage","@id":"https:\/\/vannangvn.123websitedev.com\/san-pham\/but-do-ph-son-biuged-model-bgd-287\/","url":"https:\/\/vannangvn.123websitedev.com\/san-pham\/but-do-ph-son-biuged-model-bgd-287\/","name":"GI\u00c1 \u0110\u1ee0 CHO C\u1ed0C \u0110O \u0110\u1ed8 NH\u1edaT BIUGED MO... ch\u00ednh h\u00e3ng | V\u1ea1n N\u0103ng","isPartOf":{"@id":"https:\/\/vannangvn.123websitedev.com\/#website"},"primaryImageOfPage":{"@id":"https:\/\/vannangvn.123websitedev.com\/san-pham\/but-do-ph-son-biuged-model-bgd-287\/#primaryimage"},"image":{"@id":"https:\/\/vannangvn.123websitedev.com\/san-pham\/but-do-ph-son-biuged-model-bgd-287\/#primaryimage"},"thumbnailUrl":"https:\/\/vannangvn.123websitedev.com\/wp-content\/uploads\/2026\/03\/Biuged-Model-BGD-131-copy.jpg","datePublished":"2026-03-20T10:21:21+00:00","dateModified":"2026-03-30T11:16:16+00:00","description":"Mua ngay GI\u00c1 \u0110\u1ee0 CHO C\u1ed0C \u0110O \u0110\u1ed8 NH\u1edaT BIUGED MODEL BGD 131 ch\u00ednh h\u00e3ng. Model BGD 131 \u0111\u01b0\u1ee3c thi\u1ebft k\u1ebf \u0111\u1eb7c bi\u1ec7t \u0111\u1ec3 ph\u00f9 h\u1ee3p v\u1edbi nhi\u1ec1u lo\u1ea1i... Gi\u00e1 t\u1ed1t!","breadcrumb":{"@id":"https:\/\/vannangvn.123websitedev.com\/san-pham\/but-do-ph-son-biuged-model-bgd-287\/#breadcrumb"},"inLanguage":"en-US","potentialAction":[{"@type":"ReadAction","target":["https:\/\/vannangvn.123websitedev.com\/san-pham\/but-do-ph-son-biuged-model-bgd-287\/"]}]},{"@type":"ImageObject","inLanguage":"en-US","@id":"https:\/\/vannangvn.123websitedev.com\/san-pham\/but-do-ph-son-biuged-model-bgd-287\/#primaryimage","url":"https:\/\/vannangvn.123websitedev.com\/wp-content\/uploads\/2026\/03\/Biuged-Model-BGD-131-copy.jpg","contentUrl":"https:\/\/vannangvn.123websitedev.com\/wp-content\/uploads\/2026\/03\/Biuged-Model-BGD-131-copy.jpg","width":768,"height":576},{"@type":"BreadcrumbList","@id":"https:\/\/vannangvn.123websitedev.com\/san-pham\/but-do-ph-son-biuged-model-bgd-287\/#breadcrumb","itemListElement":[{"@type":"ListItem","position":1,"name":"Trang ch\u1ee7","item":"https:\/\/vannangvn.123websitedev.com\/"},{"@type":"ListItem","position":2,"name":"S\u1ea3n ph\u1ea9m","item":"https:\/\/vannangvn.123websitedev.com\/cua-hang\/"},{"@type":"ListItem","position":3,"name":"GI\u00c1 \u0110\u1ee0 CHO C\u1ed0C \u0110O \u0110\u1ed8 NH\u1edaT BIUGED MODEL BGD 131"}]},{"@type":"WebSite","@id":"https:\/\/vannangvn.123websitedev.com\/#website","url":"https:\/\/vannangvn.123websitedev.com\/","name":"Vannang.vn","description":"","publisher":{"@id":"https:\/\/vannangvn.123websitedev.com\/#organization"},"potentialAction":[{"@type":"SearchAction","target":{"@type":"EntryPoint","urlTemplate":"https:\/\/vannangvn.123websitedev.com\/?s={search_term_string}"},"query-input":{"@type":"PropertyValueSpecification","valueRequired":true,"valueName":"search_term_string"}}],"inLanguage":"en-US"},{"@type":"Organization","@id":"https:\/\/vannangvn.123websitedev.com\/#organization","name":"Vannang.vn","url":"https:\/\/vannangvn.123websitedev.com\/","logo":{"@type":"ImageObject","inLanguage":"en-US","@id":"https:\/\/vannangvn.123websitedev.com\/#\/schema\/logo\/image\/","url":"https:\/\/vannangvn.123websitedev.com\/wp-content\/uploads\/2026\/02\/logo-van-nang-02.png","contentUrl":"https:\/\/vannangvn.123websitedev.com\/wp-content\/uploads\/2026\/02\/logo-van-nang-02.png","width":448,"height":111,"caption":"Vannang.vn"},"image":{"@id":"https:\/\/vannangvn.123websitedev.com\/#\/schema\/logo\/image\/"}}]}},"_links":{"self":[{"href":"https:\/\/vannangvn.123websitedev.com\/en\/wp-json\/wp\/v2\/product\/6063","targetHints":{"allow":["GET"]}}],"collection":[{"href":"https:\/\/vannangvn.123websitedev.com\/en\/wp-json\/wp\/v2\/product"}],"about":[{"href":"https:\/\/vannangvn.123websitedev.com\/en\/wp-json\/wp\/v2\/types\/product"}],"replies":[{"embeddable":true,"href":"https:\/\/vannangvn.123websitedev.com\/en\/wp-json\/wp\/v2\/comments?post=6063"}],"wp:featuredmedia":[{"embeddable":true,"href":"https:\/\/vannangvn.123websitedev.com\/en\/wp-json\/wp\/v2\/media\/9213"}],"wp:attachment":[{"href":"https:\/\/vannangvn.123websitedev.com\/en\/wp-json\/wp\/v2\/media?parent=6063"}],"wp:term":[{"taxonomy":"product_brand","embeddable":true,"href":"https:\/\/vannangvn.123websitedev.com\/en\/wp-json\/wp\/v2\/product_brand?post=6063"},{"taxonomy":"product_cat","embeddable":true,"href":"https:\/\/vannangvn.123websitedev.com\/en\/wp-json\/wp\/v2\/product_cat?post=6063"},{"taxonomy":"product_tag","embeddable":true,"href":"https:\/\/vannangvn.123websitedev.com\/en\/wp-json\/wp\/v2\/product_tag?post=6063"}],"curies":[{"name":"wp","href":"https:\/\/api.w.org\/{rel}","templated":true}]}}