{"id":6067,"date":"2026-03-20T17:21:25","date_gmt":"2026-03-20T10:21:25","guid":{"rendered":"https:\/\/vannangvn.123websitedev.com\/san-pham\/cam-bien-do-do-am-tuyet-doi-pce-instruments-model-pce-mwm-210\/"},"modified":"2026-03-30T18:11:46","modified_gmt":"2026-03-30T11:11:46","slug":"cam-bien-do-do-am-tuyet-doi-pce-instruments-model-pce-mwm-210","status":"publish","type":"product","link":"https:\/\/vannangvn.123websitedev.com\/en\/product\/cam-bien-do-do-am-tuyet-doi-pce-instruments-model-pce-mwm-210\/","title":{"rendered":"C\u1ea2M BI\u1ebeN \u0110O \u0110\u1ed8 \u1ea8M TUY\u1ec6T \u0110\u1ed0I PCE INSTRUMENTS MODEL PCE-MWM 210"},"content":{"rendered":"<h1 style=\"color: red; font-weight: bold; font-size: 24px;\">T&#7893;ng quan s&#7843;n ph&#7849;m C&#7842;M BI&#7870;N &#272;O &#272;&#7896; &#7848;M TUY&#7878;T &#272;&#7888;I PCE INSTRUMENTS MODEL PCE-MWM 210<p>C&#7843;m Bi&#7871;n &#272;o &#272;&#7897; &#7848;m Tuy&#7879;t &#272;&#7889;i (Wood Moisture Meter) PCE Instruments Model PCE-MWM 210<br>\nPCE-MWM 210 l&agrave; c&#7843;m bi&#7871;n &#273;o &#273;&#7897; &#7849;m trong d&#7843;i t&#7847;n VHF, &#273;&#432;&#7907;c thi&#7871;t k&#7871; &#273;&#7863;c bi&#7879;t &#273;&#7875; &#273;o &#273;&#7897; &#7849;m li&ecirc;n t&#7909;c trong c&aacute;c nguy&ecirc;n li&#7879;u g&#7895; nh&#432; vi&ecirc;n n&eacute;n, d&#259;m b&agrave;o, m&ugrave;n c&#432;a v&agrave; c&aacute;c v&#7853;t li&#7879;u t&#432;&#417;ng t&#7921;. C&#7843;m Bi&#7871;n &#272;&#7897; &#7848;m PCE-MWM 210 ph&ugrave; h&#7907;p cho vi&#7879;c l&#7855;p &#273;&#7863;t trong c&aacute;c th&ugrave;ng ch&#7913;a ho&#7863;c m&aacute;y tr&#7897;n, gi&uacute;p gi&aacute;m s&aacute;t v&agrave; ki&#7875;m so&aacute;t qu&aacute; tr&igrave;nh tr&#7897;n nguy&ecirc;n li&#7879;u trong c&aacute;c d&acirc;y chuy&#7873;n s&#7843;n xu&#7845;t c&ocirc;ng nghi&#7879;p. H&atilde;y c&ugrave;ng V&#7841;n N&#259;ng t&igrave;m hi&#7875;u chi ti&#7871;t h&#417;n v&#7873; s&#7843;n ph&#7849;m th&ocirc;ng qua b&agrave;i vi&#7871;t d&#432;&#7899;i &#273;&acirc;y!<\/p><p>T&#7847;m Quan Tr&#7885;ng C&#7911;a &#272;o &#272;&#7897; &#7848;m Li&ecirc;n T&#7909;c Trong S&#7843;n Xu&#7845;t G&#7895;<br>\nTrong s&#7843;n xu&#7845;t g&#7895; c&ocirc;ng nghi&#7879;p, &#273;&#7897; &#7849;m c&#7911;a nguy&ecirc;n li&#7879;u &#273;&oacute;ng vai tr&ograve; quan tr&#7885;ng, &#7843;nh h&#432;&#7903;ng tr&#7921;c ti&#7871;p &#273;&#7871;n ch&#7845;t l&#432;&#7907;ng s&#7843;n ph&#7849;m cu&#7889;i c&ugrave;ng. Nh&#7919;ng bi&#7871;n &#273;&#7897;ng v&#7873; &#273;&#7897; &#7849;m trong nguy&ecirc;n li&#7879;u th&ocirc; nh&#432; c&aacute;t v&agrave; ph&#7909; gia c&oacute; th&#7875; g&acirc;y ra sai l&#7879;ch ch&#7845;t l&#432;&#7907;ng gi&#7919;a c&aacute;c l&ocirc; s&#7843;n xu&#7845;t.<br>\nC&#7843;m Bi&#7871;n &#272;&#7897; &#7848;m MWM210 gi&uacute;p &#273;o l&#432;&#7901;ng &#273;&#7897; &#7849;m tr&#7921;c tuy&#7871;n trong su&#7889;t qu&aacute; tr&igrave;nh tr&#7897;n, t&#7915; &#273;&oacute; &#273;i&#7873;u ch&#7881;nh l&#432;&#7907;ng n&#432;&#7899;c b&#7893; sung, &#273;&#7843;m b&#7843;o:<\/p><p>Ch&#7845;t l&#432;&#7907;ng &#273;&#7891;ng nh&#7845;t cho t&#7915;ng m&#7867; s&#7843;n xu&#7845;t.<br>\nGi&#7843;m thi&#7875;u th&#7901;i gian tr&#7897;n.<br>\nT&#7889;i &#432;u h&oacute;a l&#432;&#7907;ng ti&ecirc;u th&#7909; nguy&ecirc;n li&#7879;u g&#7895;, ti&#7871;t ki&#7879;m chi ph&iacute; s&#7843;n xu&#7845;t.<\/p><p>C&ocirc;ng Ngh&#7879; &#272;o Ti&ecirc;n Ti&#7871;n V&agrave; Kh&#7843; N&#259;ng B&ugrave; Nhi&#7879;t<br>\nC&#7843;m Bi&#7871;n &#272;o &#272;&#7897; &#7848;m PCE-MWM 210 t&iacute;ch h&#7907;p c&#7843;m bi&#7871;n nhi&#7879;t &#273;&#7897; gi&uacute;p &#273;o li&ecirc;n t&#7909;c nhi&#7879;t &#273;&#7897; c&#7911;a nguy&ecirc;n li&#7879;u g&#7895; nh&#432; vi&ecirc;n n&eacute;n v&agrave; m&ugrave;n c&#432;a. D&#7919; li&#7879;u nhi&#7879;t &#273;&#7897; n&agrave;y &#273;&#432;&#7907;c s&#7917; d&#7909;ng &#273;&#7875; b&ugrave; nhi&#7879;t, gi&uacute;p n&acirc;ng cao &#273;&#7897; ch&iacute;nh x&aacute;c c&#7911;a ph&eacute;p &#273;o &#273;&#7897; &#7849;m trong m&#7885;i &#273;i&#7873;u ki&#7879;n l&agrave;m vi&#7879;c.<\/p><p>&#431;u &#272;i&#7875;m V&#432;&#7907;t Tr&#7897;i C&#7911;a PCE-MWM 210<\/p><p>C&#7843;i thi&#7879;n hi&#7879;u su&#7845;t s&#7843;n xu&#7845;t: Gi&#7843;m th&#7901;i gian tr&#7897;n, t&#7889;i &#432;u h&oacute;a nguy&ecirc;n li&#7879;u, v&agrave; h&#7841;n ch&#7871; l&#7895;i do &#273;&#7897; &#7849;m kh&ocirc;ng &#273;&#7873;u.<br>\nT&#259;ng c&#432;&#7901;ng ch&#7845;t l&#432;&#7907;ng s&#7843;n ph&#7849;m: C&#7843;m Bi&#7871;n MWM210 &#273;&#7843;m b&#7843;o s&#7843;n ph&#7849;m &#273;&#7841;t ti&ecirc;u chu&#7849;n ch&#7845;t l&#432;&#7907;ng cao v&agrave; &#273;&#7891;ng &#273;&#7873;u.<br>\nTi&#7871;t ki&#7879;m chi ph&iacute;: Thi&#7871;t B&#7883; &#272;o &#272;&#7897; &#7848;m PCE-MWM 210 gi&#7843;m l&#432;&#7907;ng nguy&ecirc;n li&#7879;u ti&ecirc;u hao v&agrave; t&#7889;i &#432;u h&oacute;a quy tr&igrave;nh s&#7843;n xu&#7845;t.<\/p><p>Y&ecirc;u C&#7847;u Tr&#432;&#7899;c Khi L&#7855;p &#272;&#7863;t PCE-MWM 210<br>\n&#272;&#7875; &#273;&#7843;m b&#7843;o l&#7855;p &#273;&#7863;t v&agrave; v&#7853;n h&agrave;nh M&aacute;y &#272;o &#272;&#7897; &#7848;m PCE-MWM 210 hi&#7879;u qu&#7843;, c&#7847;n cung c&#7845;p:<\/p><h2 style=\"color: #0073aa; font-weight: bold; font-size: 20px;\">Th&ocirc;ng tin chi ti&#7871;t v&#7873; lo&#7841;i v&#7853;t li&#7879;u c&#7847;n &#273;o.<\/h2><p>M&#7851;u v&#7853;t li&#7879;u.<br>\nB&#7843;n v&#7869; k&#7929; thu&#7853;t v&#7883; tr&iacute; l&#7855;p &#273;&#7863;t c&#7843;m bi&#7871;n.<\/p><p>&#7912;ng D&#7909;ng Linh Ho&#7841;t V&agrave; L&#7855;p &#272;&#7863;t D&#7877; D&agrave;ng<br>\nC&#7843;m Bi&#7871;n PCE-MWM 210 c&oacute; th&#7875; l&#7855;p &#273;&#7863;t linh ho&#7841;t t&#7841;i nhi&#7873;u v&#7883; tr&iacute; kh&aacute;c nhau, ch&#7859;ng h&#7841;n:<\/p><p>M&#7863;t &#273;&aacute;y ho&#7863;c th&agrave;nh b&ecirc;n c&#7911;a m&aacute;y tr&#7897;n (nh&#432; m&aacute;y tr&#7897;n c&aacute;nh qu&#7841;t, m&aacute;y tr&#7897;n tr&#7909;c v&iacute;t).<br>\nPhao ch&#7913;a cho c&aacute;c ph&#7909; gia nh&#432; c&aacute;t, &#273;&aacute;.<\/p><p>Khi k&#7871;t h&#7907;p v&#7899;i h&#7879; th&#7889;ng &#273;i&#7873;u khi&#7875;n nh&#432; SCADA ho&#7863;c DCS, C&#7843;m Bi&#7871;n &#272;o &#272;&#7897; &#7848;m MWM210 kh&ocirc;ng ch&#7881; &#273;o &#273;&#7897; &#7849;m m&agrave; c&ograve;n th&#7921;c hi&#7879;n &#273;i&#7873;u khi&#7875;n theo th&#7901;i gian th&#7921;c, n&acirc;ng cao hi&#7879;u qu&#7843; gi&aacute;m s&aacute;t v&agrave; qu&#7843;n l&yacute; quy tr&igrave;nh s&#7843;n xu&#7845;t.<\/p><p>Nh&#7919;ng L&yacute; Do N&ecirc;n Mua C&#7843;m Bi&#7871;n &#272;o &#272;&#7897; &#7848;m Tuy&#7879;t &#272;&#7889;i T&#7841;i Thi&#7871;t B&#7883; C&ocirc;ng Ngh&#7879; V&#7841;n N&#259;ng<\/p><p>C&ocirc;ng ty Thi&#7871;t B&#7883; C&ocirc;ng Ngh&#7879; V&#7841;n N&#259;ng l&agrave; &#273;&#7889;i t&aacute;c ch&iacute;nh th&#7913;c ph&acirc;n ph&#7889;i C&#7843;m Bi&#7871;n &#272;o &#272;&#7897; &#7848;m Tuy&#7879;t &#272;&#7889;i h&agrave;ng &#273;&#7847;u t&#7841;i Vi&#7879;t Nam, cam k&#7871;t cung c&#7845;p s&#7843;n ph&#7849;m ch&iacute;nh h&atilde;ng v&#7899;i gi&aacute; c&#7843; c&#7841;nh tranh nh&#7845;t th&#7883; tr&#432;&#7901;ng. V&#7899;i uy t&iacute;n tr&ecirc;n th&#7883; tr&#432;&#7901;ng v&agrave; ch&#7871; &#273;&#7897; h&#7851;u m&atilde;i t&#7889;t, Thi&#7871;t B&#7883; C&ocirc;ng Ngh&#7879; V&#7841;n N&#259;ng &#273;&atilde; nh&#7853;n &#273;&#432;&#7907;c s&#7921; tin t&#432;&#7903;ng t&#7915; kh&aacute;ch h&agrave;ng nh&#7901; v&agrave;o ch&#7845;t l&#432;&#7907;ng h&agrave;ng &#273;&#7847;u c&#7911;a c&aacute;c d&ograve;ng s&#7843;n ph&#7849;m.<br>\nS&#7843;n ph&#7849;m c&#7911;a ch&uacute;ng t&ocirc;i &#273;&#432;&#7907;c ki&#7875;m &#273;&#7883;nh ch&#7845;t l&#432;&#7907;ng, nh&#7853;p kh&#7849;u tr&#7921;c ti&#7871;p t&#7915; nh&agrave; m&aacute;y b&ecirc;n Ch&acirc;u &Acirc;u, M&#7929;, &Uacute;c, Nh&#7853;t B&#7843;n,&hellip; v&agrave; &#273;&aacute;p &#7913;ng nhu c&#7847;u &#273;a d&#7841;ng c&#7911;a th&#7883; tr&#432;&#7901;ng nh&#432;: M&aacute;y &#272;o &#272;&#7897; C&#7913;ng, M&aacute;y SPECTROMAXx, M&aacute;y Ki&#7875;m Tra &#272;&#432;&#7901;ng Gh&eacute;p M&iacute; Lon,&hellip; Ch&uacute;ng t&ocirc;i cam k&#7871;t cung c&#7845;p s&#7843;n ph&#7849;m n&agrave;y tr&ecirc;n to&agrave;n qu&#7889;c v&#7899;i gi&aacute; c&#7843; c&#7841;nh tranh nh&#7845;t.<br>\nCh&uacute;ng t&ocirc;i c&oacute; &#273;&#7897;i ng&#361; chuy&ecirc;n vi&ecirc;n t&#432; v&#7845;n chuy&ecirc;n s&acirc;u s&#7869; h&#7895; tr&#7907; kh&aacute;ch h&agrave;ng v&#7873; chi ti&#7871;t s&#7843;n ph&#7849;m, h&#432;&#7899;ng d&#7851;n s&#7917; d&#7909;ng hay nh&#7919;ng th&#7913; li&ecirc;n quan &#273;&#7871;n v&#7845;n &#273;&#7873; m&agrave; doanh nghi&#7879;p b&#7841;n &#273;ang g&#7863;p ph&#7843;i. Ch&uacute;ng t&ocirc;i s&#7869; cung c&#7845;p nh&#7919;ng gi&#7843;i ph&aacute;p t&#7889;i &#432;u nh&#7845;t!<br>\nNgo&agrave;i ra Thi&#7871;t B&#7883; C&ocirc;ng Ngh&#7879; V&#7841;n N&#259;ng Ch&uacute;ng T&ocirc;i lu&ocirc;n h&#432;&#7899;ng &#273;&#7871;n tr&#7843;i nghi&#7879;m kh&aacute;ch h&agrave;ng, v&igrave; v&#7853;y ch&uacute;ng t&ocirc;i c&oacute; nh&#7919;ng ch&iacute;nh s&aacute;ch b&#7843;o h&agrave;nh, b&#7843;o tr&igrave; &ndash; b&#7843;o d&#432;&#7905;ng, hi&#7879;u chu&#7849;n v&#7899;i t&#7845;t c&#7843; c&aacute;c thi&#7871;t b&#7883;, m&aacute;y m&oacute;c m&agrave; ch&uacute;ng t&ocirc;i cung c&#7845;p. &#272;&#7843;m b&#7843;o mang &#273;&#7871;n cho Kh&aacute;ch h&agrave;ng s&#7921; y&ecirc;n t&acirc;m tuy&#7879;t &#273;&#7889;i v&#7873; d&#7883;ch v&#7909; khi mua h&agrave;ng.<\/p><p>T&#7893;ng K&#7871;t<br>\nC&#7843;m Bi&#7871;n &#272;o &#272;&#7897; &#7848;m Tuy&#7879;t &#272;&#7889;i PCE-MWM 210 l&agrave; l&#7921;a ch&#7885;n l&yacute; t&#432;&#7903;ng cho c&aacute;c nh&agrave; s&#7843;n xu&#7845;t g&#7895; c&ocirc;ng nghi&#7879;p, gi&uacute;p t&#7889;i &#432;u h&oacute;a quy tr&igrave;nh s&#7843;n xu&#7845;t v&agrave; n&acirc;ng cao ch&#7845;t l&#432;&#7907;ng s&#7843;n ph&#7849;m. V&#7899;i kh&#7843; n&#259;ng &#273;o l&#432;&#7901;ng ch&iacute;nh x&aacute;c v&agrave; linh ho&#7841;t, MWM210 mang l&#7841;i gi&#7843;i ph&aacute;p ki&#7875;m so&aacute;t &#273;&#7897; &#7849;m to&agrave;n di&#7879;n, ph&ugrave; h&#7907;p cho c&aacute;c &#7913;ng d&#7909;ng c&ocirc;ng nghi&#7879;p hi&#7879;n &#273;&#7841;i. H&atilde;y li&ecirc;n h&#7879; ngay v&#7899;i V&#7841;n N&#259;ng Company &#273;&#7875; &#273;&#432;&#7907;c t&#432; v&#7845;n chi ti&#7871;t v&agrave; nh&#7853;n ngay nh&#7919;ng &#432;u &#273;&atilde;i h&#7845;p d&#7851;n th&ocirc;ng qua hotline\/zalo: <a href=\"https:\/\/zalo.me\/0903991335\" target=\"_blank\" rel=\"noopener\" style=\"color: #059669; font-weight: bold; text-decoration: none;\">0903 991 335<\/a> !<\/p><div style=\"background-color: #f8fafc; border: 1px solid #e2e8f0; border-radius: 8px; padding: 25px; max-width: 800px; margin: 30px auto; color: #334155; line-height: 1.8; font-size: 17px; box-shadow: 0 4px 6px -1px rgba(0,0,0,0.05); text-align: left; clear: both;\">\nC&ocirc;ng ty TNHH Th&#432;&#417;ng M&#7841;i D&#7883;ch V&#7909; Thi&#7871;t B&#7883; C&ocirc;ng Ngh&#7879; V&#7841;n N&#259;ng\n<p style=\"margin: 0 0 10px 0;\">&#128205; <strong style=\"color: #1e293b;\">&#272;&#7883;a ch&#7881;:<\/strong> <a style=\"color: #059669; text-decoration: none; font-weight: bold;\" href=\"https:\/\/www.google.com\/maps\/search\/C%C3%B4ng+ty+TNHH+Th%C6%B0%C6%A1ng+M%E1%BA%A1i+D%E1%BB%8Bch+V%E1%BB%A5+Thi%E1%BA%BFt+B%E1%BB%8B+C%C3%B4ng+Ngh%E1%BB%87+V%E1%BA%A1n+N%C4%83ng+818+Tr%C6%B0%E1%BB%9Dng+Chinh\" target=\"_blank\" rel=\"noopener\">818 Tr&#432;&#7901;ng Chinh, Ph&#432;&#7901;ng T&acirc;n S&#417;n, Th&agrave;nh ph&#7889; H&#7891; Ch&iacute; Minh, Vi&#7879;t Nam<\/a><\/p>\n<p style=\"margin: 0 0 10px 0;\">&#128222; <strong style=\"color: #1e293b;\">S&#272;T &ndash; Zalo:<\/strong> <a style=\"color: #059669; text-decoration: none; font-weight: bold;\" href=\"https:\/\/zalo.me\/0903991335\" target=\"_blank\" rel=\"noopener\">0903 991 335<\/a> <span style=\"color: #64748b; font-style: italic;\">(Ms. H&#7841;nh &ndash; Gi&aacute;m &#272;&#7889;c Kinh Doanh)<\/span><\/p>\n<p style=\"margin: 0;\">&#9993;&#65039; <strong style=\"color: #1e293b;\">Email:<\/strong> <a style=\"color: #059669; text-decoration: none; font-weight: bold;\" href=\"mailto:hienhanh@vannangvn.com\">hienhanh@vannangvn.com<\/a><\/p>\n<\/div><\/h1>","protected":false},"excerpt":{"rendered":"<p><strong>Th&#432;&#417;ng hi&#7879;u:<\/strong> PCE-MWM 210 l&agrave; c&#7843;m bi&#7871;n &#273;o &#273;&#7897; &#7849;m trong d&#7843;i t&#7847;n VHF, &#273;&#432;&#7907;c thi&#7871;t k&#7871; &#273;&#7863;c bi&#7879;t &#273;&#7875; &#273;o &#273;&#7897; &#7849;m li&ecirc;n t&#7909;c trong c&aacute;c nguy&ecirc;n li&#7879;u g&#7895; nh&#432; vi&ecirc;n n&eacute;n, d&#259;m b&agrave;o, m&ugrave;n c&#432;a v&agrave; c&aacute;c v&#7853;t li&#7879;u t&#432;&#417;ng t&#7921;.<br>\n<strong>Model:<\/strong> PCE-MWM 210<p>Product <strong>C&#7842;M BI&#7870;N &#272;O &#272;&#7896; &#7848;M TUY&#7878;T &#272;&#7888;I PCE INSTRUMENTS MODEL PCE-MWM 210<\/strong> ch&iacute;nh h&atilde;ng. PCE-MWM 210 l&agrave; c&#7843;m bi&#7871;n &#273;o &#273;&#7897; &#7849;m trong d&#7843;i t&#7847;n VHF, &#273;&#432;&#7907;c thi&#7871;t k&#7871; &#273;&#7863;c bi&#7879;t &#273;&#7875; &#273;o &#273;&#7897; &#7849;m li&ecirc;n t&#7909;c trong c&aacute;c nguy&ecirc;n li&#7879;u g&#7895; nh&#432; vi&ecirc;n n&eacute;n, d&#259;m b&agrave;o, m&ugrave;n c&#432;a v&agrave; c&aacute;c v&#7853;t li&#7879;u t&#432;&#417;ng t&#7921;.<\/p><\/p>","protected":false},"featured_media":10449,"comment_status":"open","ping_status":"closed","template":"","meta":[],"product_brand":[],"product_cat":[18],"product_tag":[346,424,498,575,580,581,582,583,101,116,181],"class_list":{"0":"post-6067","1":"product","2":"type-product","3":"status-publish","4":"has-post-thumbnail","6":"product_cat-chua-phan-loai","7":"product_tag-pce","8":"product_tag-cam","9":"product_tag-am","10":"product_tag-bien","11":"product_tag-tuyet","12":"product_tag-instruments","13":"product_tag-pce-mwm","14":"product_tag-583","15":"product_tag-doi","16":"product_tag-model","17":"product_tag-do","19":"first","20":"instock","21":"shipping-taxable","22":"product-type-simple"},"yoast_head":"<!-- This site is optimized with the Yoast SEO Premium plugin v24.8 (Yoast SEO v24.8) - https:\/\/yoast.com\/wordpress\/plugins\/seo\/ -->\n<title>C\u1ea2M BI\u1ebeN \u0110O \u0110\u1ed8 \u1ea8M TUY\u1ec6T \u0110\u1ed0I PCE INS... ch\u00ednh h\u00e3ng | V\u1ea1n N\u0103ng<\/title>\n<meta name=\"description\" content=\"Mua ngay C\u1ea2M BI\u1ebeN \u0110O \u0110\u1ed8 \u1ea8M TUY\u1ec6T \u0110\u1ed0I PCE INSTRUMENTS MODEL PCE-MWM 210 ch\u00ednh h\u00e3ng. Gi\u00e1 t\u1ed1t!\" \/>\n<meta name=\"robots\" content=\"noindex, follow, max-snippet:-1, max-image-preview:large, max-video-preview:-1\" \/>\n<meta property=\"og:locale\" content=\"en_US\" \/>\n<meta property=\"og:type\" content=\"article\" \/>\n<meta property=\"og:title\" content=\"C\u1ea2M BI\u1ebeN \u0110O \u0110\u1ed8 \u1ea8M TUY\u1ec6T \u0110\u1ed0I PCE INSTRUMENTS MODEL PCE-MWM 210\" \/>\n<meta property=\"og:description\" content=\"Mua ngay C\u1ea2M BI\u1ebeN \u0110O \u0110\u1ed8 \u1ea8M TUY\u1ec6T \u0110\u1ed0I PCE INSTRUMENTS MODEL PCE-MWM 210 ch\u00ednh h\u00e3ng. Gi\u00e1 t\u1ed1t!\" \/>\n<meta property=\"og:url\" content=\"https:\/\/vannangvn.123websitedev.com\/en\/product\/cam-bien-do-do-am-tuyet-doi-pce-instruments-model-pce-mwm-210\/\" \/>\n<meta property=\"og:site_name\" content=\"Vannang.vn\" \/>\n<meta property=\"article:modified_time\" content=\"2026-03-30T11:11:46+00:00\" \/>\n<meta property=\"og:image\" content=\"http:\/\/vannangvn.123websitedev.com\/wp-content\/uploads\/2026\/03\/PCE-MWM-210-no.1-copy.jpg\" \/>\n\t<meta property=\"og:image:width\" content=\"768\" \/>\n\t<meta property=\"og:image:height\" content=\"576\" \/>\n\t<meta property=\"og:image:type\" content=\"image\/jpeg\" \/>\n<meta name=\"twitter:card\" content=\"summary_large_image\" \/>\n<meta name=\"twitter:label1\" content=\"Est. reading time\" \/>\n\t<meta name=\"twitter:data1\" content=\"7 minutes\" \/>\n<script type=\"application\/ld+json\" class=\"yoast-schema-graph\">{\"@context\":\"https:\/\/schema.org\",\"@graph\":[{\"@type\":\"WebPage\",\"@id\":\"https:\/\/vannangvn.123websitedev.com\/san-pham\/cam-bien-do-do-am-tuyet-doi-pce-instruments-model-pce-mwm-210\/\",\"url\":\"https:\/\/vannangvn.123websitedev.com\/san-pham\/cam-bien-do-do-am-tuyet-doi-pce-instruments-model-pce-mwm-210\/\",\"name\":\"C\u1ea2M BI\u1ebeN \u0110O \u0110\u1ed8 \u1ea8M TUY\u1ec6T \u0110\u1ed0I PCE INS... ch\u00ednh h\u00e3ng | V\u1ea1n N\u0103ng\",\"isPartOf\":{\"@id\":\"https:\/\/vannangvn.123websitedev.com\/#website\"},\"primaryImageOfPage\":{\"@id\":\"https:\/\/vannangvn.123websitedev.com\/san-pham\/cam-bien-do-do-am-tuyet-doi-pce-instruments-model-pce-mwm-210\/#primaryimage\"},\"image\":{\"@id\":\"https:\/\/vannangvn.123websitedev.com\/san-pham\/cam-bien-do-do-am-tuyet-doi-pce-instruments-model-pce-mwm-210\/#primaryimage\"},\"thumbnailUrl\":\"https:\/\/vannangvn.123websitedev.com\/wp-content\/uploads\/2026\/03\/PCE-MWM-210-no.1-copy.jpg\",\"datePublished\":\"2026-03-20T10:21:25+00:00\",\"dateModified\":\"2026-03-30T11:11:46+00:00\",\"description\":\"Mua ngay C\u1ea2M BI\u1ebeN \u0110O \u0110\u1ed8 \u1ea8M TUY\u1ec6T \u0110\u1ed0I PCE INSTRUMENTS MODEL PCE-MWM 210 ch\u00ednh h\u00e3ng. Gi\u00e1 t\u1ed1t!\",\"breadcrumb\":{\"@id\":\"https:\/\/vannangvn.123websitedev.com\/san-pham\/cam-bien-do-do-am-tuyet-doi-pce-instruments-model-pce-mwm-210\/#breadcrumb\"},\"inLanguage\":\"en-US\",\"potentialAction\":[{\"@type\":\"ReadAction\",\"target\":[\"https:\/\/vannangvn.123websitedev.com\/san-pham\/cam-bien-do-do-am-tuyet-doi-pce-instruments-model-pce-mwm-210\/\"]}]},{\"@type\":\"ImageObject\",\"inLanguage\":\"en-US\",\"@id\":\"https:\/\/vannangvn.123websitedev.com\/san-pham\/cam-bien-do-do-am-tuyet-doi-pce-instruments-model-pce-mwm-210\/#primaryimage\",\"url\":\"https:\/\/vannangvn.123websitedev.com\/wp-content\/uploads\/2026\/03\/PCE-MWM-210-no.1-copy.jpg\",\"contentUrl\":\"https:\/\/vannangvn.123websitedev.com\/wp-content\/uploads\/2026\/03\/PCE-MWM-210-no.1-copy.jpg\",\"width\":768,\"height\":576},{\"@type\":\"BreadcrumbList\",\"@id\":\"https:\/\/vannangvn.123websitedev.com\/san-pham\/cam-bien-do-do-am-tuyet-doi-pce-instruments-model-pce-mwm-210\/#breadcrumb\",\"itemListElement\":[{\"@type\":\"ListItem\",\"position\":1,\"name\":\"Trang ch\u1ee7\",\"item\":\"https:\/\/vannangvn.123websitedev.com\/\"},{\"@type\":\"ListItem\",\"position\":2,\"name\":\"S\u1ea3n ph\u1ea9m\",\"item\":\"https:\/\/vannangvn.123websitedev.com\/cua-hang\/\"},{\"@type\":\"ListItem\",\"position\":3,\"name\":\"C\u1ea2M BI\u1ebeN \u0110O \u0110\u1ed8 \u1ea8M TUY\u1ec6T \u0110\u1ed0I PCE INSTRUMENTS MODEL PCE-MWM 210\"}]},{\"@type\":\"WebSite\",\"@id\":\"https:\/\/vannangvn.123websitedev.com\/#website\",\"url\":\"https:\/\/vannangvn.123websitedev.com\/\",\"name\":\"Vannang.vn\",\"description\":\"\",\"publisher\":{\"@id\":\"https:\/\/vannangvn.123websitedev.com\/#organization\"},\"potentialAction\":[{\"@type\":\"SearchAction\",\"target\":{\"@type\":\"EntryPoint\",\"urlTemplate\":\"https:\/\/vannangvn.123websitedev.com\/?s={search_term_string}\"},\"query-input\":{\"@type\":\"PropertyValueSpecification\",\"valueRequired\":true,\"valueName\":\"search_term_string\"}}],\"inLanguage\":\"en-US\"},{\"@type\":\"Organization\",\"@id\":\"https:\/\/vannangvn.123websitedev.com\/#organization\",\"name\":\"Vannang.vn\",\"url\":\"https:\/\/vannangvn.123websitedev.com\/\",\"logo\":{\"@type\":\"ImageObject\",\"inLanguage\":\"en-US\",\"@id\":\"https:\/\/vannangvn.123websitedev.com\/#\/schema\/logo\/image\/\",\"url\":\"https:\/\/vannangvn.123websitedev.com\/wp-content\/uploads\/2026\/02\/logo-van-nang-02.png\",\"contentUrl\":\"https:\/\/vannangvn.123websitedev.com\/wp-content\/uploads\/2026\/02\/logo-van-nang-02.png\",\"width\":448,\"height\":111,\"caption\":\"Vannang.vn\"},\"image\":{\"@id\":\"https:\/\/vannangvn.123websitedev.com\/#\/schema\/logo\/image\/\"}}]}<\/script>\n<!-- \/ Yoast SEO Premium plugin. -->","yoast_head_json":{"title":"C\u1ea2M BI\u1ebeN \u0110O \u0110\u1ed8 \u1ea8M TUY\u1ec6T \u0110\u1ed0I PCE INS... ch\u00ednh h\u00e3ng | V\u1ea1n N\u0103ng","description":"Mua ngay C\u1ea2M BI\u1ebeN \u0110O \u0110\u1ed8 \u1ea8M TUY\u1ec6T \u0110\u1ed0I PCE INSTRUMENTS MODEL PCE-MWM 210 ch\u00ednh h\u00e3ng. Gi\u00e1 t\u1ed1t!","robots":{"index":"noindex","follow":"follow","max-snippet":"max-snippet:-1","max-image-preview":"max-image-preview:large","max-video-preview":"max-video-preview:-1"},"og_locale":"en_US","og_type":"article","og_title":"C\u1ea2M BI\u1ebeN \u0110O \u0110\u1ed8 \u1ea8M TUY\u1ec6T \u0110\u1ed0I PCE INSTRUMENTS MODEL PCE-MWM 210","og_description":"Mua ngay C\u1ea2M BI\u1ebeN \u0110O \u0110\u1ed8 \u1ea8M TUY\u1ec6T \u0110\u1ed0I PCE INSTRUMENTS MODEL PCE-MWM 210 ch\u00ednh h\u00e3ng. Gi\u00e1 t\u1ed1t!","og_url":"https:\/\/vannangvn.123websitedev.com\/en\/product\/cam-bien-do-do-am-tuyet-doi-pce-instruments-model-pce-mwm-210\/","og_site_name":"Vannang.vn","article_modified_time":"2026-03-30T11:11:46+00:00","og_image":[{"width":768,"height":576,"url":"http:\/\/vannangvn.123websitedev.com\/wp-content\/uploads\/2026\/03\/PCE-MWM-210-no.1-copy.jpg","type":"image\/jpeg"}],"twitter_card":"summary_large_image","twitter_misc":{"Est. reading time":"7 minutes"},"schema":{"@context":"https:\/\/schema.org","@graph":[{"@type":"WebPage","@id":"https:\/\/vannangvn.123websitedev.com\/san-pham\/cam-bien-do-do-am-tuyet-doi-pce-instruments-model-pce-mwm-210\/","url":"https:\/\/vannangvn.123websitedev.com\/san-pham\/cam-bien-do-do-am-tuyet-doi-pce-instruments-model-pce-mwm-210\/","name":"C\u1ea2M BI\u1ebeN \u0110O \u0110\u1ed8 \u1ea8M TUY\u1ec6T \u0110\u1ed0I PCE INS... ch\u00ednh h\u00e3ng | V\u1ea1n N\u0103ng","isPartOf":{"@id":"https:\/\/vannangvn.123websitedev.com\/#website"},"primaryImageOfPage":{"@id":"https:\/\/vannangvn.123websitedev.com\/san-pham\/cam-bien-do-do-am-tuyet-doi-pce-instruments-model-pce-mwm-210\/#primaryimage"},"image":{"@id":"https:\/\/vannangvn.123websitedev.com\/san-pham\/cam-bien-do-do-am-tuyet-doi-pce-instruments-model-pce-mwm-210\/#primaryimage"},"thumbnailUrl":"https:\/\/vannangvn.123websitedev.com\/wp-content\/uploads\/2026\/03\/PCE-MWM-210-no.1-copy.jpg","datePublished":"2026-03-20T10:21:25+00:00","dateModified":"2026-03-30T11:11:46+00:00","description":"Mua ngay C\u1ea2M BI\u1ebeN \u0110O \u0110\u1ed8 \u1ea8M TUY\u1ec6T \u0110\u1ed0I PCE INSTRUMENTS MODEL PCE-MWM 210 ch\u00ednh h\u00e3ng. Gi\u00e1 t\u1ed1t!","breadcrumb":{"@id":"https:\/\/vannangvn.123websitedev.com\/san-pham\/cam-bien-do-do-am-tuyet-doi-pce-instruments-model-pce-mwm-210\/#breadcrumb"},"inLanguage":"en-US","potentialAction":[{"@type":"ReadAction","target":["https:\/\/vannangvn.123websitedev.com\/san-pham\/cam-bien-do-do-am-tuyet-doi-pce-instruments-model-pce-mwm-210\/"]}]},{"@type":"ImageObject","inLanguage":"en-US","@id":"https:\/\/vannangvn.123websitedev.com\/san-pham\/cam-bien-do-do-am-tuyet-doi-pce-instruments-model-pce-mwm-210\/#primaryimage","url":"https:\/\/vannangvn.123websitedev.com\/wp-content\/uploads\/2026\/03\/PCE-MWM-210-no.1-copy.jpg","contentUrl":"https:\/\/vannangvn.123websitedev.com\/wp-content\/uploads\/2026\/03\/PCE-MWM-210-no.1-copy.jpg","width":768,"height":576},{"@type":"BreadcrumbList","@id":"https:\/\/vannangvn.123websitedev.com\/san-pham\/cam-bien-do-do-am-tuyet-doi-pce-instruments-model-pce-mwm-210\/#breadcrumb","itemListElement":[{"@type":"ListItem","position":1,"name":"Trang ch\u1ee7","item":"https:\/\/vannangvn.123websitedev.com\/"},{"@type":"ListItem","position":2,"name":"S\u1ea3n ph\u1ea9m","item":"https:\/\/vannangvn.123websitedev.com\/cua-hang\/"},{"@type":"ListItem","position":3,"name":"C\u1ea2M BI\u1ebeN \u0110O \u0110\u1ed8 \u1ea8M TUY\u1ec6T \u0110\u1ed0I PCE INSTRUMENTS MODEL PCE-MWM 210"}]},{"@type":"WebSite","@id":"https:\/\/vannangvn.123websitedev.com\/#website","url":"https:\/\/vannangvn.123websitedev.com\/","name":"Vannang.vn","description":"","publisher":{"@id":"https:\/\/vannangvn.123websitedev.com\/#organization"},"potentialAction":[{"@type":"SearchAction","target":{"@type":"EntryPoint","urlTemplate":"https:\/\/vannangvn.123websitedev.com\/?s={search_term_string}"},"query-input":{"@type":"PropertyValueSpecification","valueRequired":true,"valueName":"search_term_string"}}],"inLanguage":"en-US"},{"@type":"Organization","@id":"https:\/\/vannangvn.123websitedev.com\/#organization","name":"Vannang.vn","url":"https:\/\/vannangvn.123websitedev.com\/","logo":{"@type":"ImageObject","inLanguage":"en-US","@id":"https:\/\/vannangvn.123websitedev.com\/#\/schema\/logo\/image\/","url":"https:\/\/vannangvn.123websitedev.com\/wp-content\/uploads\/2026\/02\/logo-van-nang-02.png","contentUrl":"https:\/\/vannangvn.123websitedev.com\/wp-content\/uploads\/2026\/02\/logo-van-nang-02.png","width":448,"height":111,"caption":"Vannang.vn"},"image":{"@id":"https:\/\/vannangvn.123websitedev.com\/#\/schema\/logo\/image\/"}}]}},"_links":{"self":[{"href":"https:\/\/vannangvn.123websitedev.com\/en\/wp-json\/wp\/v2\/product\/6067","targetHints":{"allow":["GET"]}}],"collection":[{"href":"https:\/\/vannangvn.123websitedev.com\/en\/wp-json\/wp\/v2\/product"}],"about":[{"href":"https:\/\/vannangvn.123websitedev.com\/en\/wp-json\/wp\/v2\/types\/product"}],"replies":[{"embeddable":true,"href":"https:\/\/vannangvn.123websitedev.com\/en\/wp-json\/wp\/v2\/comments?post=6067"}],"wp:featuredmedia":[{"embeddable":true,"href":"https:\/\/vannangvn.123websitedev.com\/en\/wp-json\/wp\/v2\/media\/10449"}],"wp:attachment":[{"href":"https:\/\/vannangvn.123websitedev.com\/en\/wp-json\/wp\/v2\/media?parent=6067"}],"wp:term":[{"taxonomy":"product_brand","embeddable":true,"href":"https:\/\/vannangvn.123websitedev.com\/en\/wp-json\/wp\/v2\/product_brand?post=6067"},{"taxonomy":"product_cat","embeddable":true,"href":"https:\/\/vannangvn.123websitedev.com\/en\/wp-json\/wp\/v2\/product_cat?post=6067"},{"taxonomy":"product_tag","embeddable":true,"href":"https:\/\/vannangvn.123websitedev.com\/en\/wp-json\/wp\/v2\/product_tag?post=6067"}],"curies":[{"name":"wp","href":"https:\/\/api.w.org\/{rel}","templated":true}]}}