{"id":6068,"date":"2026-03-20T17:21:26","date_gmt":"2026-03-20T10:21:26","guid":{"rendered":"https:\/\/vannangvn.123websitedev.com\/san-pham\/cam-bien-do-do-duc-ntu-turbidity-sensor-aqualabo-model-ntu\/"},"modified":"2026-03-30T18:11:46","modified_gmt":"2026-03-30T11:11:46","slug":"cam-bien-do-do-duc-ntu-turbidity-sensor-aqualabo-model-ntu","status":"publish","type":"product","link":"https:\/\/vannangvn.123websitedev.com\/en\/product\/cam-bien-do-do-duc-ntu-turbidity-sensor-aqualabo-model-ntu\/","title":{"rendered":"C\u1ea2M BI\u1ebeN \u0110O \u0110\u1ed8 \u0110\u1ee4C (NTU TURBIDITY SENSOR) AQUALABO MODEL NTU"},"content":{"rendered":"<h1 style=\"color: red; font-weight: bold; font-size: 24px;\">T&#7893;ng quan s&#7843;n ph&#7849;m C&#7842;M BI&#7870;N &#272;O &#272;&#7896; &#272;&#7908;C (NTU TURBIDITY SENSOR) AQUALABO MODEL NTU<p>C&#7843;m Bi&#7871;n &#272;o &#272;&#7897; &#272;&#7909;c (NTU Turbidity Sensor) Aqualabo Model NTU<br>\nTrong nhi&#7873;u l&#297;nh v&#7921;c nh&#432; x&#7917; l&yacute; n&#432;&#7899;c u&#7889;ng, n&#432;&#7899;c th&#7843;i c&ocirc;ng nghi&#7879;p v&agrave; gi&aacute;m s&aacute;t m&ocirc;i tr&#432;&#7901;ng, vi&#7879;c theo d&otilde;i v&agrave; ki&#7875;m so&aacute;t &#273;&#7897; &#273;&#7909;c l&agrave; y&#7871;u t&#7889; then ch&#7889;t &#273;&#7875; &#273;&#7843;m b&#7843;o ch&#7845;t l&#432;&#7907;ng n&#432;&#7899;c. &#272;&#7875; &#273;&aacute;p &#7913;ng nhu c&#7847;u n&agrave;y, AQUALABO &#273;&atilde; ph&aacute;t tri&#7875;n NTU Sensor &ndash; C&#7843;m Bi&#7871;n &#272;o &#272;&#7897; &#272;&#7909;c, mang l&#7841;i &#273;&#7897; ch&iacute;nh x&aacute;c, &#273;&#7897; b&#7873;n v&agrave; kh&#7843; n&#259;ng t&iacute;ch h&#7907;p v&#432;&#7907;t tr&#7897;i. H&atilde;y c&ugrave;ng V&#7841;n N&#259;ng t&igrave;m hi&#7875;u chi ti&#7871;t h&#417;n v&#7873; s&#7843;n ph&#7849;m th&ocirc;ng qua b&agrave;i vi&#7871;t d&#432;&#7899;i &#273;&acirc;y nh&eacute;!<\/p><p>Xem th&ecirc;m: M&#361;i Khoan &#272;o &#272;&#7897; D&agrave;y S&#417;n (Coating Drill) DJH Model S-BIT-CCS (New 2025)<\/p><p>C&#7843;m bi&#7871;n NTU c&#7911;a AQUALABO l&agrave; g&igrave;?<br>\nC&#7843;m Bi&#7871;n &#272;o &#272;&#7897; &#272;&#7909;c Aqualabo NTU ho&#7841;t &#273;&#7897;ng d&#7921;a tr&ecirc;n nguy&ecirc;n l&yacute; &#273;o &#273;&#7897; t&aacute;n x&#7841; &aacute;nh s&aacute;ng h&#7891;ng ngo&#7841;i &#7903; g&oacute;c 90&deg; (Nephelometry). C&#7843;m bi&#7871;n ph&aacute;t ra m&#7897;t ch&ugrave;m tia h&#7891;ng ngo&#7841;i v&agrave;o m&#7851;u n&#432;&#7899;c v&agrave; &#273;o l&#432;&#7907;ng &aacute;nh s&aacute;ng b&#7883; t&aacute;n x&#7841; b&#7903;i c&aacute;c h&#7841;t l&#417; l&#7917;ng &#7903; g&oacute;c 90 &#273;&#7897;. K&#7871;t qu&#7843; &#273;o &#273;&#432;&#7907;c hi&#7875;n th&#7883; theo &#273;&#417;n v&#7883; NTU (Nephelometric Turbidity Units), cung c&#7845;p m&#7897;t &#273;&aacute;nh gi&aacute; &#273;&#7883;nh l&#432;&#7907;ng ch&iacute;nh x&aacute;c v&#7873; m&#7913;c &#273;&#7897; &#273;&#7909;c c&#7911;a n&#432;&#7899;c. V&#7899;i ph&#7841;m vi &#273;o r&#7897;ng t&#7915; 0 &#273;&#7871;n 4000 NTU, c&#7843;m bi&#7871;n &#273;&#7843;m b&#7843;o &#273;&#7897; ch&iacute;nh x&aacute;c cao trong nhi&#7873;u &#7913;ng d&#7909;ng ch&#7845;t l&#432;&#7907;ng n&#432;&#7899;c kh&aacute;c nhau. Ngo&agrave;i ra, C&#7843;m Bi&#7871;n NTU c&ograve;n c&oacute; th&#7875; &#273;o n&#7891;ng &#273;&#7897; ch&#7845;t r&#7855;n l&#417; l&#7917;ng (MES) t&#7915; 0 &#273;&#7871;n 4500 mg\/L.<\/p><h2 style=\"color: #2e7d32; font-weight: bold; font-size: 20px;\">&#431;u &#272;i&#7875;m N&#7893;i B&#7853;t C&#7911;a NTU Sensor<\/h2><p>C&ocirc;ng ngh&#7879; IR s&#7907;i quang v&agrave; &#273;&#7897; ch&iacute;nh x&aacute;c cao<br>\nC&#7843;m Bi&#7871;n Aqualabo NTU s&#7917; d&#7909;ng c&ocirc;ng ngh&#7879; s&#7907;i quang h&#7891;ng ngo&#7841;i (IR fiber optic technology), &#273;&#7843;m b&#7843;o c&aacute;c ph&eacute;p &#273;o &#273;&#7897; &#273;&#7909;c c&#7921;c k&#7923; ch&iacute;nh x&aacute;c v&agrave; &#273;&aacute;ng tin c&#7853;y. V&#7899;i ph&#7841;m vi &#273;o r&#7897;ng t&#7915; 0 &#273;&#7871;n 4000 NTU (trong 4 d&#7843;i &#273;o t&#7921; &#273;&#7897;ng) ho&#7863;c MES t&#7915; 0 &#273;&#7871;n 4500 mg\/L, thi&#7871;t b&#7883; n&agrave;y gi&#7843;m thi&#7875;u sai s&#7889;, &#273;&#7843;m b&#7843;o t&iacute;nh nh&#7845;t qu&aacute;n c&#7911;a d&#7919; li&#7879;u. &#272;i&#7873;u n&agrave;y cho ph&eacute;p c&aacute;c nh&agrave; v&#7853;n h&agrave;nh &#273;&#432;a ra c&aacute;c quy&#7871;t &#273;&#7883;nh nhanh ch&oacute;ng v&agrave; hi&#7879;u qu&#7843; &#273;&#7875; duy tr&igrave; ch&#7845;t l&#432;&#7907;ng n&#432;&#7899;c theo y&ecirc;u c&#7847;u.<br>\nThi&#7871;t k&#7871; m&#7841;nh m&#7869; v&agrave; b&#7873;n b&#7881;<br>\n&#272;&#432;&#7907;c ch&#7871; t&#7841;o &#273;&#7875; ho&#7841;t &#273;&#7897;ng trong m&ocirc;i tr&#432;&#7901;ng kh&#7855;c nghi&#7879;t, Aqualabo NTU Sensor c&oacute; kh&#7843; n&#259;ng ch&#7889;ng n&#432;&#7899;c &#273;&#7841;t ti&ecirc;u chu&#7849;n IP68, ch&#7889;ng &#259;n m&ograve;n v&agrave; ch&#7883;u &#273;&#432;&#7907;c c&aacute;c &#273;i&#7873;u ki&#7879;n m&ocirc;i tr&#432;&#7901;ng b&#7845;t l&#7907;i. Thi&#7871;t k&#7871; b&#7873;n b&#7881; n&agrave;y &#273;&#7843;m b&#7843;o tu&#7893;i th&#7885; cao v&agrave; gi&#7843;m thi&#7875;u chi ph&iacute; b&#7843;o tr&igrave;.<br>\nD&#7877; d&agrave;ng t&iacute;ch h&#7907;p v&agrave; v&#7853;n h&agrave;nh v&#7899;i m&#7913;c ti&ecirc;u th&#7909; n&#259;ng l&#432;&#7907;ng th&#7845;p<br>\nNTU Sensor Aqualabo &#273;&#432;&#7907;c thi&#7871;t k&#7871; &#273;&#7875; d&#7877; d&agrave;ng l&#7855;p &#273;&#7863;t v&agrave; k&#7871;t n&#7889;i v&#7899;i c&aacute;c h&#7879; th&#7889;ng gi&aacute;m s&aacute;t hi&#7879;n c&oacute; th&ocirc;ng qua giao th&#7913;c truy&#7873;n th&ocirc;ng m&#7903; (MODBUS RTU RS485 ho&#7863;c SDI12). Giao di&#7879;n th&acirc;n thi&#7879;n v&agrave; quy tr&igrave;nh hi&#7879;u chu&#7849;n &#273;&#417;n gi&#7843;n gi&uacute;p ti&#7871;t ki&#7879;m th&#7901;i gian v&agrave; c&ocirc;ng s&#7913;c cho ng&#432;&#7901;i d&ugrave;ng. &#272;&#7863;c bi&#7879;t, c&#7843;m bi&#7871;n n&agrave;y c&oacute; m&#7913;c ti&ecirc;u th&#7909; n&#259;ng l&#432;&#7907;ng r&#7845;t th&#7845;p, t&#7889;i &#432;u h&oacute;a hi&#7879;u qu&#7843; ho&#7841;t &#273;&#7897;ng. Ngo&agrave;i ra, t&ugrave;y ch&#7885;n v&#7879; sinh t&#7921; &#273;&#7897;ng HYDROCLEAN gi&uacute;p duy tr&igrave; c&#7843;m bi&#7871;n lu&ocirc;n s&#7841;ch s&#7869; v&agrave; ch&iacute;nh x&aacute;c.<\/p><p>Xem th&ecirc;m: M&aacute;y &#272;o &#272;&#7897; Nh&#7899;t L&#432;u Bi&#7871;n (Rheometer) Lamy Rheology Model RM 200 PLUS<\/p><p>&#7912;ng D&#7909;ng C&#7911;a &#272;&#7847;u D&ograve; NTU Sensor<br>\nC&#7843;m Bi&#7871;n &#272;o &#272;&#7897; &#272;&#7909;c NTU Sensor c&#7911;a h&atilde;ng Aqualabo l&yacute; t&#432;&#7903;ng cho nhi&#7873;u &#7913;ng d&#7909;ng quan tr&#7885;ng, bao g&#7891;m:<\/p><p>X&#7917; l&yacute; n&#432;&#7899;c u&#7889;ng: Gi&aacute;m s&aacute;t v&agrave; ki&#7875;m so&aacute;t &#273;&#7897; &#273;&#7909;c &#273;&#7875; &#273;&#7843;m b&#7843;o n&#432;&#7899;c &#273;&#7841;t ti&ecirc;u chu&#7849;n an to&agrave;n v&#7879; sinh.<br>\nX&#7917; l&yacute; n&#432;&#7899;c th&#7843;i: Theo d&otilde;i &#273;&#7897; &#273;&#7909;c trong c&aacute;c giai &#273;o&#7841;n x&#7917; l&yacute; kh&aacute;c nhau, gi&uacute;p t&#7889;i &#432;u h&oacute;a hi&#7879;u su&#7845;t v&agrave; tu&acirc;n th&#7911; c&aacute;c quy &#273;&#7883;nh x&#7843; th&#7843;i.<br>\nGi&aacute;m s&aacute;t m&ocirc;i tr&#432;&#7901;ng: &#272;&aacute;nh gi&aacute; ch&#7845;t l&#432;&#7907;ng n&#432;&#7899;c c&#7911;a s&ocirc;ng, h&#7891;, ao v&agrave; c&aacute;c ngu&#7891;n n&#432;&#7899;c t&#7921; nhi&ecirc;n kh&aacute;c.<br>\nC&aacute;c quy tr&igrave;nh c&ocirc;ng nghi&#7879;p: Ki&#7875;m so&aacute;t ch&#7845;t l&#432;&#7907;ng n&#432;&#7899;c trong c&aacute;c &#7913;ng d&#7909;ng s&#7843;n xu&#7845;t kh&aacute;c nhau.<\/p><p>Nh&#7919;ng L&yacute; Do N&ecirc;n Mua C&#7843;m Bi&#7871;n &#272;o &#272;&#7897; &#272;&#7909;c T&#7841;i V&#7841;n N&#259;ng<\/p><p>C&ocirc;ng ty Thi&#7871;t B&#7883; C&ocirc;ng Ngh&#7879; V&#7841;n N&#259;ng l&agrave; &#273;&#7889;i t&aacute;c ch&iacute;nh th&#7913;c ph&acirc;n ph&#7889;i C&#7843;m Bi&#7871;n &#272;o &#272;&#7897; &#272;&#7909;c h&agrave;ng &#273;&#7847;u t&#7841;i Vi&#7879;t Nam, cam k&#7871;t cung c&#7845;p s&#7843;n ph&#7849;m ch&iacute;nh h&atilde;ng v&#7899;i gi&aacute; c&#7843; c&#7841;nh tranh nh&#7845;t th&#7883; tr&#432;&#7901;ng. V&#7899;i uy t&iacute;n tr&ecirc;n th&#7883; tr&#432;&#7901;ng v&agrave; ch&#7871; &#273;&#7897; h&#7851;u m&atilde;i t&#7889;t, Thi&#7871;t B&#7883; C&ocirc;ng Ngh&#7879; V&#7841;n N&#259;ng &#273;&atilde; nh&#7853;n &#273;&#432;&#7907;c s&#7921; tin t&#432;&#7903;ng t&#7915; kh&aacute;ch h&agrave;ng nh&#7901; v&agrave;o ch&#7845;t l&#432;&#7907;ng h&agrave;ng &#273;&#7847;u c&#7911;a c&aacute;c d&ograve;ng s&#7843;n ph&#7849;m.<br>\nS&#7843;n ph&#7849;m c&#7911;a ch&uacute;ng t&ocirc;i &#273;&#432;&#7907;c ki&#7875;m &#273;&#7883;nh ch&#7845;t l&#432;&#7907;ng, nh&#7853;p kh&#7849;u tr&#7921;c ti&#7871;p t&#7915; nh&agrave; m&aacute;y b&ecirc;n Ch&acirc;u &Acirc;u, M&#7929;, &Uacute;c, Nh&#7853;t B&#7843;n,&hellip; v&agrave; &#273;&aacute;p &#7913;ng nhu c&#7847;u &#273;a d&#7841;ng c&#7911;a th&#7883; tr&#432;&#7901;ng nh&#432;: M&aacute;y &#272;o &#272;&#7897; C&#7913;ng, M&aacute;y SPECTROMAXx, M&aacute;y Ki&#7875;m Tra &#272;&#432;&#7901;ng Gh&eacute;p M&iacute; Lon,&hellip; Ch&uacute;ng t&ocirc;i cam k&#7871;t cung c&#7845;p s&#7843;n ph&#7849;m n&agrave;y tr&ecirc;n to&agrave;n qu&#7889;c v&#7899;i gi&aacute; c&#7843; c&#7841;nh tranh nh&#7845;t.<br>\nCh&uacute;ng t&ocirc;i c&oacute; &#273;&#7897;i ng&#361; chuy&ecirc;n vi&ecirc;n t&#432; v&#7845;n chuy&ecirc;n s&acirc;u s&#7869; h&#7895; tr&#7907; kh&aacute;ch h&agrave;ng v&#7873; chi ti&#7871;t s&#7843;n ph&#7849;m, h&#432;&#7899;ng d&#7851;n s&#7917; d&#7909;ng hay nh&#7919;ng th&#7913; li&ecirc;n quan &#273;&#7871;n v&#7845;n &#273;&#7873; m&agrave; doanh nghi&#7879;p b&#7841;n &#273;ang g&#7863;p ph&#7843;i. Ch&uacute;ng t&ocirc;i s&#7869; cung c&#7845;p nh&#7919;ng gi&#7843;i ph&aacute;p t&#7889;i &#432;u nh&#7845;t!<br>\nNgo&agrave;i ra Thi&#7871;t B&#7883; C&ocirc;ng Ngh&#7879; V&#7841;n N&#259;ng Ch&uacute;ng T&ocirc;i lu&ocirc;n h&#432;&#7899;ng &#273;&#7871;n tr&#7843;i nghi&#7879;m kh&aacute;ch h&agrave;ng, v&igrave; v&#7853;y ch&uacute;ng t&ocirc;i c&oacute; nh&#7919;ng ch&iacute;nh s&aacute;ch b&#7843;o h&agrave;nh, b&#7843;o tr&igrave; &ndash; b&#7843;o d&#432;&#7905;ng, hi&#7879;u chu&#7849;n v&#7899;i t&#7845;t c&#7843; c&aacute;c thi&#7871;t b&#7883;, m&aacute;y m&oacute;c m&agrave; ch&uacute;ng t&ocirc;i cung c&#7845;p. &#272;&#7843;m b&#7843;o mang &#273;&#7871;n cho Kh&aacute;ch h&agrave;ng s&#7921; y&ecirc;n t&acirc;m tuy&#7879;t &#273;&#7889;i v&#7873; d&#7883;ch v&#7909; khi mua h&agrave;ng.<\/p><p>Xem th&ecirc;m: M&aacute;y &#272;o T&#7927; Tr&#7885;ng C&#7847;m Tay (Handheld Density Meter) Anton Paar DMA 35 Basic<\/p><p>T&#7893;ng K&#7871;t<br>\nC&#7843;m Bi&#7871;n &#272;o &#272;&#7897; &#272;&#7909;c Aqualabo NTU Sensor l&agrave; m&#7897;t c&ocirc;ng c&#7909; kh&ocirc;ng th&#7875; thi&#7871;u cho b&#7845;t k&#7923; ai c&#7847;n theo d&otilde;i &#273;&#7897; &#273;&#7909;c c&#7911;a n&#432;&#7899;c m&#7897;t c&aacute;ch ch&iacute;nh x&aacute;c v&agrave; hi&#7879;u qu&#7843;. V&#7899;i &#273;&#7897; tin c&#7853;y cao, thi&#7871;t k&#7871; b&#7873;n b&#7881;, d&#7877; s&#7917; d&#7909;ng, m&#7913;c ti&ecirc;u th&#7909; n&#259;ng l&#432;&#7907;ng th&#7845;p v&agrave; kh&#7843; n&#259;ng &#7913;ng d&#7909;ng linh ho&#7841;t, &#272;&#7847;u D&ograve; Aqualabo NTU gi&uacute;p t&#7889;i &#432;u h&oacute;a c&aacute;c quy tr&igrave;nh, &#273;&#7843;m b&#7843;o ch&#7845;t l&#432;&#7907;ng n&#432;&#7899;c v&agrave; tu&acirc;n th&#7911; c&aacute;c ti&ecirc;u chu&#7849;n li&ecirc;n quan. H&atilde;y li&ecirc;n h&#7879; v&#7899;i V&#7841;n N&#259;ng ngay &#273;&#7875; &#273;&#432;&#7907;c t&#432; v&#7845;n chuy&ecirc;n s&acirc;u v&agrave; nh&#7853;n nh&#7919;ng &#432;u &#273;&atilde;i h&#7845;p d&#7851;n nh&#7845;t th&ocirc;ng qua hotline0903 991 335 !<\/p><div style=\"background-color: #f8fafc; border: 1px solid #e2e8f0; border-radius: 8px; padding: 25px; max-width: 800px; margin: 30px auto; color: #334155; line-height: 1.8; font-size: 17px; box-shadow: 0 4px 6px -1px rgba(0,0,0,0.05); text-align: left; clear: both;\">\nC&ocirc;ng ty TNHH Th&#432;&#417;ng M&#7841;i D&#7883;ch V&#7909; Thi&#7871;t B&#7883; C&ocirc;ng Ngh&#7879; V&#7841;n N&#259;ng\n<p style=\"margin: 0 0 10px 0;\">&#128205; <strong style=\"color: #1e293b;\">&#272;&#7883;a ch&#7881;:<\/strong> <a style=\"color: #059669; text-decoration: none; font-weight: bold;\" href=\"https:\/\/www.google.com\/maps\/search\/C%C3%B4ng+ty+TNHH+Th%C6%B0%C6%A1ng+M%E1%BA%A1i+D%E1%BB%8Bch+V%E1%BB%A5+Thi%E1%BA%BFt+B%E1%BB%8B+C%C3%B4ng+Ngh%E1%BB%87+V%E1%BA%A1n+N%C4%83ng+818+Tr%C6%B0%E1%BB%9Dng+Chinh\" target=\"_blank\" rel=\"noopener\">818 Tr&#432;&#7901;ng Chinh, Ph&#432;&#7901;ng T&acirc;n S&#417;n, Th&agrave;nh ph&#7889; H&#7891; Ch&iacute; Minh, Vi&#7879;t Nam<\/a><\/p>\n<p style=\"margin: 0 0 10px 0;\">&#128222; <strong style=\"color: #1e293b;\">S&#272;T &ndash; Zalo:<\/strong> <a style=\"color: #059669; text-decoration: none; font-weight: bold;\" href=\"https:\/\/zalo.me\/0903991335\" target=\"_blank\" rel=\"noopener\">0903 991 335<\/a> <span style=\"color: #64748b; font-style: italic;\">(Ms. H&#7841;nh &ndash; Gi&aacute;m &#272;&#7889;c Kinh Doanh)<\/span><\/p>\n<p style=\"margin: 0;\">&#9993;&#65039; <strong style=\"color: #1e293b;\">Email:<\/strong> <a style=\"color: #059669; text-decoration: none; font-weight: bold;\" href=\"mailto:hienhanh@vannangvn.com\">hienhanh@vannangvn.com<\/a><\/p>\n<\/div><\/h1>","protected":false},"excerpt":{"rendered":"<p><strong>Th&#432;&#417;ng hi&#7879;u:<\/strong> Aqualabo<br>\n<strong>Model:<\/strong> NTU<p>Product <strong>C&#7842;M BI&#7870;N &#272;O &#272;&#7896; &#272;&#7908;C (NTU TURBIDITY SENSOR) AQUALABO MODEL NTU<\/strong> ch&iacute;nh h&atilde;ng. Aqualabo (Ph&aacute;p)<\/p><\/p>","protected":false},"featured_media":0,"comment_status":"open","ping_status":"closed","template":"","meta":[],"product_brand":[],"product_cat":[18],"product_tag":[586,587,588,589,116,181,424,575,584,585],"class_list":{"0":"post-6068","1":"product","2":"type-product","3":"status-publish","5":"product_cat-chua-phan-loai","6":"product_tag-turbidity","7":"product_tag-sensor","8":"product_tag-aqualabo","9":"product_tag-ntu-2","10":"product_tag-model","11":"product_tag-do","12":"product_tag-cam","13":"product_tag-bien","14":"product_tag-duc","15":"product_tag-ntu","17":"first","18":"instock","19":"shipping-taxable","20":"product-type-simple"},"yoast_head":"<!-- This site is optimized with the Yoast SEO Premium plugin v24.8 (Yoast SEO v24.8) - https:\/\/yoast.com\/wordpress\/plugins\/seo\/ -->\n<title>C\u1ea2M BI\u1ebeN \u0110O \u0110\u1ed8 \u0110\u1ee4C (NTU TURBIDITY S... ch\u00ednh h\u00e3ng | V\u1ea1n N\u0103ng<\/title>\n<meta name=\"description\" content=\"Mua ngay C\u1ea2M BI\u1ebeN \u0110O \u0110\u1ed8 \u0110\u1ee4C (NTU TURBIDITY SENSOR) AQUALABO MODEL NTU ch\u00ednh h\u00e3ng. Gi\u00e1 t\u1ed1t!\" \/>\n<meta name=\"robots\" content=\"noindex, follow, max-snippet:-1, max-image-preview:large, max-video-preview:-1\" \/>\n<meta property=\"og:locale\" content=\"en_US\" \/>\n<meta property=\"og:type\" content=\"article\" \/>\n<meta property=\"og:title\" content=\"C\u1ea2M BI\u1ebeN \u0110O \u0110\u1ed8 \u0110\u1ee4C (NTU TURBIDITY SENSOR) AQUALABO MODEL NTU\" \/>\n<meta property=\"og:description\" content=\"Mua ngay C\u1ea2M BI\u1ebeN \u0110O \u0110\u1ed8 \u0110\u1ee4C (NTU TURBIDITY SENSOR) AQUALABO MODEL NTU ch\u00ednh h\u00e3ng. Gi\u00e1 t\u1ed1t!\" \/>\n<meta property=\"og:url\" content=\"https:\/\/vannangvn.123websitedev.com\/en\/product\/cam-bien-do-do-duc-ntu-turbidity-sensor-aqualabo-model-ntu\/\" \/>\n<meta property=\"og:site_name\" content=\"Vannang.vn\" \/>\n<meta property=\"article:modified_time\" content=\"2026-03-30T11:11:46+00:00\" \/>\n<meta name=\"twitter:card\" content=\"summary_large_image\" \/>\n<meta name=\"twitter:label1\" content=\"Est. reading time\" \/>\n\t<meta name=\"twitter:data1\" content=\"8 minutes\" \/>\n<script type=\"application\/ld+json\" class=\"yoast-schema-graph\">{\"@context\":\"https:\/\/schema.org\",\"@graph\":[{\"@type\":\"WebPage\",\"@id\":\"https:\/\/vannangvn.123websitedev.com\/san-pham\/cam-bien-do-do-duc-ntu-turbidity-sensor-aqualabo-model-ntu\/\",\"url\":\"https:\/\/vannangvn.123websitedev.com\/san-pham\/cam-bien-do-do-duc-ntu-turbidity-sensor-aqualabo-model-ntu\/\",\"name\":\"C\u1ea2M BI\u1ebeN \u0110O \u0110\u1ed8 \u0110\u1ee4C (NTU TURBIDITY S... ch\u00ednh h\u00e3ng | V\u1ea1n N\u0103ng\",\"isPartOf\":{\"@id\":\"https:\/\/vannangvn.123websitedev.com\/#website\"},\"datePublished\":\"2026-03-20T10:21:26+00:00\",\"dateModified\":\"2026-03-30T11:11:46+00:00\",\"description\":\"Mua ngay C\u1ea2M BI\u1ebeN \u0110O \u0110\u1ed8 \u0110\u1ee4C (NTU TURBIDITY SENSOR) AQUALABO MODEL NTU ch\u00ednh h\u00e3ng. Gi\u00e1 t\u1ed1t!\",\"breadcrumb\":{\"@id\":\"https:\/\/vannangvn.123websitedev.com\/san-pham\/cam-bien-do-do-duc-ntu-turbidity-sensor-aqualabo-model-ntu\/#breadcrumb\"},\"inLanguage\":\"en-US\",\"potentialAction\":[{\"@type\":\"ReadAction\",\"target\":[\"https:\/\/vannangvn.123websitedev.com\/san-pham\/cam-bien-do-do-duc-ntu-turbidity-sensor-aqualabo-model-ntu\/\"]}]},{\"@type\":\"BreadcrumbList\",\"@id\":\"https:\/\/vannangvn.123websitedev.com\/san-pham\/cam-bien-do-do-duc-ntu-turbidity-sensor-aqualabo-model-ntu\/#breadcrumb\",\"itemListElement\":[{\"@type\":\"ListItem\",\"position\":1,\"name\":\"Trang ch\u1ee7\",\"item\":\"https:\/\/vannangvn.123websitedev.com\/\"},{\"@type\":\"ListItem\",\"position\":2,\"name\":\"S\u1ea3n ph\u1ea9m\",\"item\":\"https:\/\/vannangvn.123websitedev.com\/cua-hang\/\"},{\"@type\":\"ListItem\",\"position\":3,\"name\":\"C\u1ea2M BI\u1ebeN \u0110O \u0110\u1ed8 \u0110\u1ee4C (NTU TURBIDITY SENSOR) AQUALABO MODEL NTU\"}]},{\"@type\":\"WebSite\",\"@id\":\"https:\/\/vannangvn.123websitedev.com\/#website\",\"url\":\"https:\/\/vannangvn.123websitedev.com\/\",\"name\":\"Vannang.vn\",\"description\":\"\",\"publisher\":{\"@id\":\"https:\/\/vannangvn.123websitedev.com\/#organization\"},\"potentialAction\":[{\"@type\":\"SearchAction\",\"target\":{\"@type\":\"EntryPoint\",\"urlTemplate\":\"https:\/\/vannangvn.123websitedev.com\/?s={search_term_string}\"},\"query-input\":{\"@type\":\"PropertyValueSpecification\",\"valueRequired\":true,\"valueName\":\"search_term_string\"}}],\"inLanguage\":\"en-US\"},{\"@type\":\"Organization\",\"@id\":\"https:\/\/vannangvn.123websitedev.com\/#organization\",\"name\":\"Vannang.vn\",\"url\":\"https:\/\/vannangvn.123websitedev.com\/\",\"logo\":{\"@type\":\"ImageObject\",\"inLanguage\":\"en-US\",\"@id\":\"https:\/\/vannangvn.123websitedev.com\/#\/schema\/logo\/image\/\",\"url\":\"https:\/\/vannangvn.123websitedev.com\/wp-content\/uploads\/2026\/02\/logo-van-nang-02.png\",\"contentUrl\":\"https:\/\/vannangvn.123websitedev.com\/wp-content\/uploads\/2026\/02\/logo-van-nang-02.png\",\"width\":448,\"height\":111,\"caption\":\"Vannang.vn\"},\"image\":{\"@id\":\"https:\/\/vannangvn.123websitedev.com\/#\/schema\/logo\/image\/\"}}]}<\/script>\n<!-- \/ Yoast SEO Premium plugin. -->","yoast_head_json":{"title":"C\u1ea2M BI\u1ebeN \u0110O \u0110\u1ed8 \u0110\u1ee4C (NTU TURBIDITY S... ch\u00ednh h\u00e3ng | V\u1ea1n N\u0103ng","description":"Mua ngay C\u1ea2M BI\u1ebeN \u0110O \u0110\u1ed8 \u0110\u1ee4C (NTU TURBIDITY SENSOR) AQUALABO MODEL NTU ch\u00ednh h\u00e3ng. Gi\u00e1 t\u1ed1t!","robots":{"index":"noindex","follow":"follow","max-snippet":"max-snippet:-1","max-image-preview":"max-image-preview:large","max-video-preview":"max-video-preview:-1"},"og_locale":"en_US","og_type":"article","og_title":"C\u1ea2M BI\u1ebeN \u0110O \u0110\u1ed8 \u0110\u1ee4C (NTU TURBIDITY SENSOR) AQUALABO MODEL NTU","og_description":"Mua ngay C\u1ea2M BI\u1ebeN \u0110O \u0110\u1ed8 \u0110\u1ee4C (NTU TURBIDITY SENSOR) AQUALABO MODEL NTU ch\u00ednh h\u00e3ng. Gi\u00e1 t\u1ed1t!","og_url":"https:\/\/vannangvn.123websitedev.com\/en\/product\/cam-bien-do-do-duc-ntu-turbidity-sensor-aqualabo-model-ntu\/","og_site_name":"Vannang.vn","article_modified_time":"2026-03-30T11:11:46+00:00","twitter_card":"summary_large_image","twitter_misc":{"Est. reading time":"8 minutes"},"schema":{"@context":"https:\/\/schema.org","@graph":[{"@type":"WebPage","@id":"https:\/\/vannangvn.123websitedev.com\/san-pham\/cam-bien-do-do-duc-ntu-turbidity-sensor-aqualabo-model-ntu\/","url":"https:\/\/vannangvn.123websitedev.com\/san-pham\/cam-bien-do-do-duc-ntu-turbidity-sensor-aqualabo-model-ntu\/","name":"C\u1ea2M BI\u1ebeN \u0110O \u0110\u1ed8 \u0110\u1ee4C (NTU TURBIDITY S... ch\u00ednh h\u00e3ng | V\u1ea1n N\u0103ng","isPartOf":{"@id":"https:\/\/vannangvn.123websitedev.com\/#website"},"datePublished":"2026-03-20T10:21:26+00:00","dateModified":"2026-03-30T11:11:46+00:00","description":"Mua ngay C\u1ea2M BI\u1ebeN \u0110O \u0110\u1ed8 \u0110\u1ee4C (NTU TURBIDITY SENSOR) AQUALABO MODEL NTU ch\u00ednh h\u00e3ng. Gi\u00e1 t\u1ed1t!","breadcrumb":{"@id":"https:\/\/vannangvn.123websitedev.com\/san-pham\/cam-bien-do-do-duc-ntu-turbidity-sensor-aqualabo-model-ntu\/#breadcrumb"},"inLanguage":"en-US","potentialAction":[{"@type":"ReadAction","target":["https:\/\/vannangvn.123websitedev.com\/san-pham\/cam-bien-do-do-duc-ntu-turbidity-sensor-aqualabo-model-ntu\/"]}]},{"@type":"BreadcrumbList","@id":"https:\/\/vannangvn.123websitedev.com\/san-pham\/cam-bien-do-do-duc-ntu-turbidity-sensor-aqualabo-model-ntu\/#breadcrumb","itemListElement":[{"@type":"ListItem","position":1,"name":"Trang ch\u1ee7","item":"https:\/\/vannangvn.123websitedev.com\/"},{"@type":"ListItem","position":2,"name":"S\u1ea3n ph\u1ea9m","item":"https:\/\/vannangvn.123websitedev.com\/cua-hang\/"},{"@type":"ListItem","position":3,"name":"C\u1ea2M BI\u1ebeN \u0110O \u0110\u1ed8 \u0110\u1ee4C (NTU TURBIDITY SENSOR) AQUALABO MODEL NTU"}]},{"@type":"WebSite","@id":"https:\/\/vannangvn.123websitedev.com\/#website","url":"https:\/\/vannangvn.123websitedev.com\/","name":"Vannang.vn","description":"","publisher":{"@id":"https:\/\/vannangvn.123websitedev.com\/#organization"},"potentialAction":[{"@type":"SearchAction","target":{"@type":"EntryPoint","urlTemplate":"https:\/\/vannangvn.123websitedev.com\/?s={search_term_string}"},"query-input":{"@type":"PropertyValueSpecification","valueRequired":true,"valueName":"search_term_string"}}],"inLanguage":"en-US"},{"@type":"Organization","@id":"https:\/\/vannangvn.123websitedev.com\/#organization","name":"Vannang.vn","url":"https:\/\/vannangvn.123websitedev.com\/","logo":{"@type":"ImageObject","inLanguage":"en-US","@id":"https:\/\/vannangvn.123websitedev.com\/#\/schema\/logo\/image\/","url":"https:\/\/vannangvn.123websitedev.com\/wp-content\/uploads\/2026\/02\/logo-van-nang-02.png","contentUrl":"https:\/\/vannangvn.123websitedev.com\/wp-content\/uploads\/2026\/02\/logo-van-nang-02.png","width":448,"height":111,"caption":"Vannang.vn"},"image":{"@id":"https:\/\/vannangvn.123websitedev.com\/#\/schema\/logo\/image\/"}}]}},"_links":{"self":[{"href":"https:\/\/vannangvn.123websitedev.com\/en\/wp-json\/wp\/v2\/product\/6068","targetHints":{"allow":["GET"]}}],"collection":[{"href":"https:\/\/vannangvn.123websitedev.com\/en\/wp-json\/wp\/v2\/product"}],"about":[{"href":"https:\/\/vannangvn.123websitedev.com\/en\/wp-json\/wp\/v2\/types\/product"}],"replies":[{"embeddable":true,"href":"https:\/\/vannangvn.123websitedev.com\/en\/wp-json\/wp\/v2\/comments?post=6068"}],"wp:attachment":[{"href":"https:\/\/vannangvn.123websitedev.com\/en\/wp-json\/wp\/v2\/media?parent=6068"}],"wp:term":[{"taxonomy":"product_brand","embeddable":true,"href":"https:\/\/vannangvn.123websitedev.com\/en\/wp-json\/wp\/v2\/product_brand?post=6068"},{"taxonomy":"product_cat","embeddable":true,"href":"https:\/\/vannangvn.123websitedev.com\/en\/wp-json\/wp\/v2\/product_cat?post=6068"},{"taxonomy":"product_tag","embeddable":true,"href":"https:\/\/vannangvn.123websitedev.com\/en\/wp-json\/wp\/v2\/product_tag?post=6068"}],"curies":[{"name":"wp","href":"https:\/\/api.w.org\/{rel}","templated":true}]}}