{"id":6078,"date":"2026-03-20T17:21:41","date_gmt":"2026-03-20T10:21:41","guid":{"rendered":"https:\/\/vannangvn.123websitedev.com\/san-pham\/camera-kiem-tra-duong-ong-pce-instruments-model-pce-pic-20\/"},"modified":"2026-03-30T18:12:01","modified_gmt":"2026-03-30T11:12:01","slug":"camera-kiem-tra-duong-ong-pce-instruments-model-pce-pic-20","status":"publish","type":"product","link":"https:\/\/vannangvn.123websitedev.com\/en\/product\/camera-kiem-tra-duong-ong-pce-instruments-model-pce-pic-20\/","title":{"rendered":"CAMERA KI\u1ec2M TRA \u0110\u01af\u1edcNG \u1ed0NG PCE INSTRUMENTS MODEL PCE-PIC 20"},"content":{"rendered":"<h1 style=\"color: red; font-weight: bold; font-size: 24px;\">T&#7893;ng quan s&#7843;n ph&#7849;m CAMERA KI&#7874;M TRA &#272;&#431;&#7900;NG &#7888;NG PCE INSTRUMENTS MODEL PCE-PIC 20<p>Camera Ki&#7875;m Tra &#272;&#432;&#7901;ng &#7888;ng (Chimney Camera) PCE Instruments Model PCE-PIC 20<br>\nCamera Ki&#7875;m Tra PCE-PIC 20 l&agrave; thi&#7871;t b&#7883; chuy&ecirc;n d&#7909;ng cho vi&#7879;c ki&#7875;m tra h&#7879; th&#7889;ng &#273;&#432;&#7901;ng &#7889;ng, gi&uacute;p ph&aacute;t hi&#7879;n h&#432; h&#7841;i k&#7883;p th&#7901;i, tr&aacute;nh c&aacute;c chi ph&iacute; s&#7917;a ch&#7919;a kh&ocirc;ng &#273;&aacute;ng c&oacute;. V&#7899;i thi&#7871;t k&#7871; nh&#7887; g&#7885;n, t&iacute;nh n&#259;ng v&#432;&#7907;t tr&#7897;i v&agrave; kh&#7843; n&#259;ng &#7913;ng d&#7909;ng &#273;a d&#7841;ng, s&#7843;n ph&#7849;m n&agrave;y l&agrave; c&ocirc;ng c&#7909; kh&ocirc;ng th&#7875; thi&#7871;u cho c&aacute;c k&#7929; thu&#7853;t vi&ecirc;n, th&#7907; s&#7917;a ch&#7919;a v&agrave; chuy&ecirc;n gia. H&atilde;y c&ugrave;ng V&#7841;n N&#259;ng t&igrave;m hi&#7875;u chi ti&#7871;t h&#417;n v&#7873; s&#7843;n ph&#7849;m th&ocirc;ng qua b&agrave;i vi&#7871;t d&#432;&#7899;i &#273;&acirc;y!<\/p><h2 style=\"color: #2e7d32; font-weight: bold; font-size: 20px;\">T&iacute;nh N&#259;ng N&#7893;i B&#7853;t C&#7911;a PCE-PIC 20<\/h2><p>C&aacute;p &#273;&#7849;y d&agrave;i 20 m&eacute;t: M&aacute;y PCE-PIC 20 trang b&#7883; c&aacute;p s&#7907;i th&#7911;y tinh d&agrave;i 20 m&eacute;t, linh ho&#7841;t cho vi&#7879;c ki&#7875;m tra c&aacute;c &#7889;ng d&#7851;n kh&iacute; v&agrave; h&#7879; th&#7889;ng tho&aacute;t n&#432;&#7899;c.<br>\nCamera ch&#7889;ng n&#432;&#7899;c: Camera &#273;&#7847;u 23mm ch&#7883;u n&#432;&#7899;c t&#7899;i &#273;&#7897; s&acirc;u 20 m&eacute;t, ph&ugrave; h&#7907;p cho &#7889;ng c&oacute; &#273;&#432;&#7901;ng k&iacute;nh danh ngh&#297;a DN40-DN150 (1,6 &ndash; 5,9 inch).<br>\n&#272;&#7891;ng h&#7891; &#273;o &#273;i&#7879;n t&#7917; ch&iacute;nh x&aacute;c: PCE PIC20 x&aacute;c &#273;&#7883;nh v&#7883; tr&iacute; h&#432; h&#7887;ng ch&iacute;nh x&aacute;c v&#7899;i &#273;&#7891;ng h&#7891; &#273;o &#273;i&#7879;n t&#7917; hi&#7875;n th&#7883; m&eacute;t ngay tr&ecirc;n m&agrave;n h&igrave;nh.<br>\nGhi h&igrave;nh v&agrave; ghi ch&uacute;: Ch&#7909;p &#7843;nh v&agrave; quay video c&oacute; &acirc;m thanh, l&#432;u tr&#7919; tr&ecirc;n th&#7867; SD. K&egrave;m theo b&agrave;n ph&iacute;m &#273;&#7875; th&ecirc;m ghi ch&uacute; v&#7873; v&#7883; tr&iacute; v&agrave; t&igrave;nh tr&#7841;ng ki&#7875;m tra.<\/p><p>&#272;&egrave;n LED t&iacute;ch h&#7907;p: 12 &#273;&egrave;n LED chi&#7871;u s&aacute;ng v&ugrave;ng ki&#7875;m tra, v&#7899;i kh&#7843; n&#259;ng &#273;i&#7873;u ch&#7881;nh &#273;&#7897; s&aacute;ng &#273;&#7875; &#273;&#7843;m b&#7843;o h&igrave;nh &#7843;nh r&otilde; n&eacute;t nh&#7845;t.<br>\nThi&#7871;t k&#7871; ti&#7879;n l&#7907;i v&agrave; linh ho&#7841;t:<\/p><p>H&#7897;p &#273;&#7921;ng ch&#7889;ng n&#432;&#7899;c &#273;&#7841;t chu&#7849;n IP66 g&#7855;n tr&#7921;c ti&#7871;p v&agrave;o cu&#7897;n c&aacute;p, d&#7877; d&agrave;ng v&#7853;n chuy&#7875;n v&agrave; b&#7843;o qu&#7843;n.<br>\nPin s&#7841;c t&iacute;ch h&#7907;p cho ph&eacute;p s&#7917; d&#7909;ng &#7903; b&#7845;t k&#7923; &#273;&acirc;u, kh&ocirc;ng ph&#7909; thu&#7897;c ngu&#7891;n &#273;i&#7879;n.<\/p><p>Kh&#7843; n&#259;ng &#7913;ng d&#7909;ng r&#7897;ng r&atilde;i: Thi&#7871;t b&#7883; PCE-PIC 20 ph&ugrave; h&#7907;p ki&#7875;m tra c&aacute;c h&#7879; th&#7889;ng &#7889;ng kh&oacute;i, &#273;&#432;&#7901;ng tho&aacute;t n&#432;&#7899;c, h&#7879; th&#7889;ng &#7889;ng d&#7851;n v&agrave; nh&#7919;ng khu v&#7921;c kh&oacute; ti&#7871;p c&#7853;n kh&aacute;c.<\/p><p>&#431;u &#272;i&#7875;m V&#432;&#7907;t Tr&#7897;i C&#7911;a M&aacute;y PCE-PIC 20<br>\nPh&aacute;t hi&#7879;n h&#432; h&#7887;ng nhanh ch&oacute;ng<br>\nCamera Ki&#7875;m Tra PCE PIC20 gi&uacute;p ph&aacute;t hi&#7879;n c&aacute;c v&#7845;n &#273;&#7873; nh&#432;:<\/p><p>N&#7913;t g&atilde;y trong &#7889;ng kh&oacute;i.<br>\nT&#7855;c ngh&#7869;n, h&#432; h&#7887;ng t&#7841;i c&aacute;c &#273;i&#7875;m giao nhau ho&#7863;c kh&#7899;p n&#7889;i.<\/p><p>&#272;&aacute;nh gi&aacute; t&igrave;nh tr&#7841;ng t&#7913;c th&#7901;i<br>\nV&#7899;i m&agrave;n h&igrave;nh LCD 7 inch, ng&#432;&#7901;i d&ugrave;ng c&oacute; th&#7875; theo d&otilde;i h&igrave;nh &#7843;nh tr&#7921;c ti&#7871;p v&agrave; ph&acirc;n t&iacute;ch s&#417; b&#7897; ngay l&#7853;p t&#7913;c.<\/p><p>B&#7843;o tr&igrave; &#273;&#7883;nh k&#7923; hi&#7879;u qu&#7843;<\/p><p>Ki&#7875;m tra v&agrave; b&#7843;o tr&igrave; &#273;&#7883;nh k&#7923; gi&uacute;p k&eacute;o d&agrave;i tu&#7893;i th&#7885; h&#7879; th&#7889;ng.<br>\nPh&aacute;t hi&#7879;n l&#7895;i k&#7883;p th&#7901;i &#273;&#7875; tr&aacute;nh c&aacute;c s&#7921; c&#7889; nghi&ecirc;m tr&#7885;ng.<\/p><p>Ph&#7909; Ki&#7879;n H&#7895; Tr&#7907; T&#7889;i &#431;u<br>\nNgo&agrave;i camera ch&iacute;nh, PCE Instruments c&ograve;n cung c&#7845;p Thi&#7871;t B&#7883; &#272;&#7883;nh V&#7883; PCE-VE-LOC gi&uacute;p x&aacute;c &#273;&#7883;nh v&#7883; tr&iacute; h&#432; h&#7887;ng &#7903; &#273;&#7897; s&acirc;u l&ecirc;n &#273;&#7871;n 1,8 m&eacute;t, m&#7903; r&#7897;ng kh&#7843; n&#259;ng &#7913;ng d&#7909;ng cho c&aacute;c h&#7879; th&#7889;ng c&#7889;ng r&atilde;nh v&agrave; tho&aacute;t n&#432;&#7899;c.<\/p><p>&#7912;ng D&#7909;ng &#272;a D&#7841;ng C&#7911;a M&aacute;y PCE-PIC 20<br>\nCamera Ki&#7875;m Tra &#7888;ng PCE PIC20 l&agrave; l&#7921;a ch&#7885;n h&agrave;ng &#273;&#7847;u cho:<\/p><p>Th&#7907; &#7889;ng kh&oacute;i: Ki&#7875;m tra v&agrave; b&#7843;o tr&igrave; h&#7879; th&#7889;ng &#7889;ng kh&oacute;i.<br>\nK&#7929; thu&#7853;t vi&ecirc;n: T&igrave;m ki&#7871;m l&#7895;i trong h&#7879; th&#7889;ng &#7889;ng d&#7851;n kh&iacute; v&agrave; tho&aacute;t n&#432;&#7899;c.<br>\nNh&agrave; th&#7847;u x&acirc;y d&#7921;ng: &#272;&aacute;nh gi&aacute; t&igrave;nh tr&#7841;ng &#273;&#432;&#7901;ng &#7889;ng sau khi l&#7855;p &#273;&#7863;t.<br>\nChuy&ecirc;n gia b&#7843;o tr&igrave;: Ki&#7875;m tra nhanh v&agrave; ti&#7871;t ki&#7879;m chi ph&iacute; cho c&aacute;c h&#7879; th&#7889;ng &#7889;ng d&#7851;n.<\/p><p>Nh&#7919;ng L&yacute; Do N&ecirc;n Mua Camera Ki&#7875;m Tra &#272;&#432;&#7901;ng &#7888;ng T&#7841;i V&#7841;n N&#259;ng<\/p><p>C&ocirc;ng ty Thi&#7871;t B&#7883; C&ocirc;ng Ngh&#7879; V&#7841;n N&#259;ng l&agrave; &#273;&#7889;i t&aacute;c ch&iacute;nh th&#7913;c ph&acirc;n ph&#7889;i Camera Ki&#7875;m Tra &#272;&#432;&#7901;ng &#7888;ng h&agrave;ng &#273;&#7847;u t&#7841;i Vi&#7879;t Nam, cam k&#7871;t cung c&#7845;p s&#7843;n ph&#7849;m ch&iacute;nh h&atilde;ng v&#7899;i gi&aacute; c&#7843; c&#7841;nh tranh nh&#7845;t th&#7883; tr&#432;&#7901;ng. V&#7899;i uy t&iacute;n tr&ecirc;n th&#7883; tr&#432;&#7901;ng v&agrave; ch&#7871; &#273;&#7897; h&#7851;u m&atilde;i t&#7889;t, Thi&#7871;t B&#7883; C&ocirc;ng Ngh&#7879; V&#7841;n N&#259;ng &#273;&atilde; nh&#7853;n &#273;&#432;&#7907;c s&#7921; tin t&#432;&#7903;ng t&#7915; kh&aacute;ch h&agrave;ng nh&#7901; v&agrave;o ch&#7845;t l&#432;&#7907;ng h&agrave;ng &#273;&#7847;u c&#7911;a c&aacute;c d&ograve;ng s&#7843;n ph&#7849;m.<br>\nS&#7843;n ph&#7849;m c&#7911;a ch&uacute;ng t&ocirc;i &#273;&#432;&#7907;c ki&#7875;m &#273;&#7883;nh ch&#7845;t l&#432;&#7907;ng, nh&#7853;p kh&#7849;u tr&#7921;c ti&#7871;p t&#7915; nh&agrave; m&aacute;y b&ecirc;n Ch&acirc;u &Acirc;u, M&#7929;, &Uacute;c, Nh&#7853;t B&#7843;n,&hellip; v&agrave; &#273;&aacute;p &#7913;ng nhu c&#7847;u &#273;a d&#7841;ng c&#7911;a th&#7883; tr&#432;&#7901;ng nh&#432;: M&aacute;y &#272;o &#272;&#7897; C&#7913;ng, M&aacute;y SPECTROMAXx, M&aacute;y Ki&#7875;m Tra &#272;&#432;&#7901;ng Gh&eacute;p M&iacute; Lon,&hellip; Ch&uacute;ng t&ocirc;i cam k&#7871;t cung c&#7845;p s&#7843;n ph&#7849;m n&agrave;y tr&ecirc;n to&agrave;n qu&#7889;c v&#7899;i gi&aacute; c&#7843; c&#7841;nh tranh nh&#7845;t.<br>\nCh&uacute;ng t&ocirc;i c&oacute; &#273;&#7897;i ng&#361; chuy&ecirc;n vi&ecirc;n t&#432; v&#7845;n chuy&ecirc;n s&acirc;u s&#7869; h&#7895; tr&#7907; kh&aacute;ch h&agrave;ng v&#7873; chi ti&#7871;t s&#7843;n ph&#7849;m, h&#432;&#7899;ng d&#7851;n s&#7917; d&#7909;ng hay nh&#7919;ng th&#7913; li&ecirc;n quan &#273;&#7871;n v&#7845;n &#273;&#7873; m&agrave; doanh nghi&#7879;p b&#7841;n &#273;ang g&#7863;p ph&#7843;i. Ch&uacute;ng t&ocirc;i s&#7869; cung c&#7845;p nh&#7919;ng gi&#7843;i ph&aacute;p t&#7889;i &#432;u nh&#7845;t!<br>\nNgo&agrave;i ra Thi&#7871;t B&#7883; C&ocirc;ng Ngh&#7879; V&#7841;n N&#259;ng Ch&uacute;ng T&ocirc;i lu&ocirc;n h&#432;&#7899;ng &#273;&#7871;n tr&#7843;i nghi&#7879;m kh&aacute;ch h&agrave;ng, v&igrave; v&#7853;y ch&uacute;ng t&ocirc;i c&oacute; nh&#7919;ng ch&iacute;nh s&aacute;ch b&#7843;o h&agrave;nh, b&#7843;o tr&igrave; &ndash; b&#7843;o d&#432;&#7905;ng, hi&#7879;u chu&#7849;n v&#7899;i t&#7845;t c&#7843; c&aacute;c thi&#7871;t b&#7883;, m&aacute;y m&oacute;c m&agrave; ch&uacute;ng t&ocirc;i cung c&#7845;p. &#272;&#7843;m b&#7843;o mang &#273;&#7871;n cho Kh&aacute;ch h&agrave;ng s&#7921; y&ecirc;n t&acirc;m tuy&#7879;t &#273;&#7889;i v&#7873; d&#7883;ch v&#7909; khi mua h&agrave;ng.<\/p><p>T&#7893;ng K&#7871;t<br>\nCamera Ki&#7875;m Tra &#272;&#432;&#7901;ng &#7888;ng PCE-PIC 20 l&agrave; gi&#7843;i ph&aacute;p ho&agrave;n h&#7843;o &#273;&#7875; ki&#7875;m tra, b&#7843;o tr&igrave; v&agrave; ph&aacute;t hi&#7879;n s&#7921; c&#7889; trong c&aacute;c h&#7879; th&#7889;ng &#273;&#432;&#7901;ng &#7889;ng. V&#7899;i thi&#7871;t k&#7871; th&ocirc;ng minh, t&iacute;nh n&#259;ng hi&#7879;n &#273;&#7841;i v&agrave; kh&#7843; n&#259;ng &#7913;ng d&#7909;ng linh ho&#7841;t, PCE-PIC 20 gi&uacute;p t&#7889;i &#432;u h&oacute;a quy tr&igrave;nh ki&#7875;m tra, ti&#7871;t ki&#7879;m th&#7901;i gian v&agrave; chi ph&iacute; cho ng&#432;&#7901;i d&ugrave;ng. H&atilde;y li&ecirc;n h&#7879; v&#7899;i V&#7841;n N&#259;ng Company &#273;&#7875; &#273;&#432;&#7907;c t&#432; v&#7845;n chi ti&#7871;t v&agrave; nh&#7853;n ngay &#432;u &#273;&atilde;i h&#7845;p d&#7851;n th&ocirc;ng qua hotline\/zalo: <a href=\"https:\/\/zalo.me\/0903991335\" target=\"_blank\" rel=\"noopener\" style=\"color: #059669; font-weight: bold; text-decoration: none;\">0903 991 335<\/a>!<\/p><div style=\"background-color: #f8fafc; border: 1px solid #e2e8f0; border-radius: 8px; padding: 25px; max-width: 800px; margin: 30px auto; color: #334155; line-height: 1.8; font-size: 17px; box-shadow: 0 4px 6px -1px rgba(0,0,0,0.05); text-align: left; clear: both;\">\nC&ocirc;ng ty TNHH Th&#432;&#417;ng M&#7841;i D&#7883;ch V&#7909; Thi&#7871;t B&#7883; C&ocirc;ng Ngh&#7879; V&#7841;n N&#259;ng\n<p style=\"margin: 0 0 10px 0;\">&#128205; <strong style=\"color: #1e293b;\">&#272;&#7883;a ch&#7881;:<\/strong> <a style=\"color: #059669; text-decoration: none; font-weight: bold;\" href=\"https:\/\/www.google.com\/maps\/search\/C%C3%B4ng+ty+TNHH+Th%C6%B0%C6%A1ng+M%E1%BA%A1i+D%E1%BB%8Bch+V%E1%BB%A5+Thi%E1%BA%BFt+B%E1%BB%8B+C%C3%B4ng+Ngh%E1%BB%87+V%E1%BA%A1n+N%C4%83ng+818+Tr%C6%B0%E1%BB%9Dng+Chinh\" target=\"_blank\" rel=\"noopener\">818 Tr&#432;&#7901;ng Chinh, Ph&#432;&#7901;ng T&acirc;n S&#417;n, Th&agrave;nh ph&#7889; H&#7891; Ch&iacute; Minh, Vi&#7879;t Nam<\/a><\/p>\n<p style=\"margin: 0 0 10px 0;\">&#128222; <strong style=\"color: #1e293b;\">S&#272;T &ndash; Zalo:<\/strong> <a style=\"color: #059669; text-decoration: none; font-weight: bold;\" href=\"https:\/\/zalo.me\/0903991335\" target=\"_blank\" rel=\"noopener\">0903 991 335<\/a> <span style=\"color: #64748b; font-style: italic;\">(Ms. H&#7841;nh &ndash; Gi&aacute;m &#272;&#7889;c Kinh Doanh)<\/span><\/p>\n<p style=\"margin: 0;\">&#9993;&#65039; <strong style=\"color: #1e293b;\">Email:<\/strong> <a style=\"color: #059669; text-decoration: none; font-weight: bold;\" href=\"mailto:hienhanh@vannangvn.com\">hienhanh@vannangvn.com<\/a><\/p>\n<\/div><\/h1>","protected":false},"excerpt":{"rendered":"<p><strong>Th&#432;&#417;ng hi&#7879;u:<\/strong> Camera Ki&#7875;m Tra PCE-PIC 20&nbsp;l&agrave; thi&#7871;t b&#7883; chuy&ecirc;n d&#7909;ng cho vi&#7879;c ki&#7875;m tra h&#7879; th&#7889;ng &#273;&#432;&#7901;ng &#7889;ng, gi&uacute;p ph&aacute;t hi&#7879;n h&#432; h&#7841;i k&#7883;p th&#7901;i, tr&aacute;nh c&aacute;c chi ph&iacute; s&#7917;a ch&#7919;a kh&ocirc;ng &#273;&aacute;ng c&oacute;. V&#7899;i thi&#7871;t k&#7871; nh&#7887; g&#7885;n, t&iacute;nh n&#259;ng v&#432;&#7907;t tr&#7897;i v&agrave; kh&#7843; n&#259;ng &#7913;ng d&#7909;ng &#273;a d&#7841;ng, s&#7843;n ph&#7849;m n&agrave;y l&agrave; c&ocirc;ng c&#7909; kh&ocirc;ng th&#7875; thi&#7871;u cho c&aacute;c k&#7929; thu&#7853;t vi&ecirc;n, th&#7907; s&#7917;a ch&#7919;a v&agrave; chuy&ecirc;n gia.<br>\n<strong>Model:<\/strong> PCE-PIC<p>Product <strong>CAMERA KI&#7874;M TRA &#272;&#431;&#7900;NG &#7888;NG PCE INSTRUMENTS MODEL PCE-PIC 20<\/strong> ch&iacute;nh h&atilde;ng. Camera Ki&#7875;m Tra PCE-PIC 20&nbsp;l&agrave; thi&#7871;t b&#7883; chuy&ecirc;n d&#7909;ng cho vi&#7879;c ki&#7875;m tra h&#7879; th&#7889;ng &#273;&#432;&#7901;ng &#7889;ng, gi&uacute;p ph&aacute;t hi&#7879;n h&#432; h&#7841;i k&#7883;p th&#7901;i, tr&aacute;nh c&aacute;c chi ph&iacute; s&#7917;a ch&#7919;a kh&ocirc;ng &#273;&aacute;ng c&oacute;. V&#7899;i thi&#7871;t k&#7871; nh&#7887; g&#7885;n, t&iacute;nh n&#259;ng v&#432;&#7907;t tr&#7897;i v&agrave; kh&#7843; n&#259;ng &#7913;ng d&#7909;ng &#273;a d&#7841;ng, s&#7843;n ph&#7849;m n&agrave;y l&agrave; c&ocirc;ng c&#7909; kh&ocirc;ng th&#7875; thi&#7871;u cho c&aacute;c k&#7929; thu&#7853;t vi&ecirc;n, th&#7907; s&#7917;a ch&#7919;a v&agrave; chuy&ecirc;n gia.<\/p><\/p>","protected":false},"featured_media":10456,"comment_status":"open","ping_status":"closed","template":"","meta":[],"product_brand":[],"product_cat":[18],"product_tag":[333,346,581,598,608,609,610,116,208,209],"class_list":{"0":"post-6078","1":"product","2":"type-product","3":"status-publish","4":"has-post-thumbnail","6":"product_cat-chua-phan-loai","7":"product_tag-duong","8":"product_tag-pce","9":"product_tag-instruments","10":"product_tag-ong","11":"product_tag-camera","12":"product_tag-pce-pic","13":"product_tag-610","14":"product_tag-model","15":"product_tag-kiem","16":"product_tag-tra","18":"first","19":"instock","20":"shipping-taxable","21":"product-type-simple"},"yoast_head":"<!-- This site is optimized with the Yoast SEO Premium plugin v24.8 (Yoast SEO v24.8) - https:\/\/yoast.com\/wordpress\/plugins\/seo\/ -->\n<title>CAMERA KI\u1ec2M TRA \u0110\u01af\u1edcNG \u1ed0NG PCE INSTR... ch\u00ednh h\u00e3ng | V\u1ea1n N\u0103ng<\/title>\n<meta name=\"description\" content=\"Mua ngay CAMERA KI\u1ec2M TRA \u0110\u01af\u1edcNG \u1ed0NG PCE INSTRUMENTS MODEL PCE-PIC 20 ch\u00ednh h\u00e3ng. Gi\u00e1 t\u1ed1t!\" \/>\n<meta name=\"robots\" content=\"noindex, follow, max-snippet:-1, max-image-preview:large, max-video-preview:-1\" \/>\n<meta property=\"og:locale\" content=\"en_US\" \/>\n<meta property=\"og:type\" content=\"article\" \/>\n<meta property=\"og:title\" content=\"CAMERA KI\u1ec2M TRA \u0110\u01af\u1edcNG \u1ed0NG PCE INSTRUMENTS MODEL PCE-PIC 20\" \/>\n<meta property=\"og:description\" content=\"Mua ngay CAMERA KI\u1ec2M TRA \u0110\u01af\u1edcNG \u1ed0NG PCE INSTRUMENTS MODEL PCE-PIC 20 ch\u00ednh h\u00e3ng. Gi\u00e1 t\u1ed1t!\" \/>\n<meta property=\"og:url\" content=\"https:\/\/vannangvn.123websitedev.com\/en\/product\/camera-kiem-tra-duong-ong-pce-instruments-model-pce-pic-20\/\" \/>\n<meta property=\"og:site_name\" content=\"Vannang.vn\" \/>\n<meta property=\"article:modified_time\" content=\"2026-03-30T11:12:01+00:00\" \/>\n<meta property=\"og:image\" content=\"http:\/\/vannangvn.123websitedev.com\/wp-content\/uploads\/2026\/03\/PCE-PIC-20-NO.1_2-copy.jpg\" \/>\n\t<meta property=\"og:image:width\" content=\"768\" \/>\n\t<meta property=\"og:image:height\" content=\"576\" \/>\n\t<meta property=\"og:image:type\" content=\"image\/jpeg\" \/>\n<meta name=\"twitter:card\" content=\"summary_large_image\" \/>\n<meta name=\"twitter:label1\" content=\"Est. reading time\" \/>\n\t<meta name=\"twitter:data1\" content=\"7 minutes\" \/>\n<script type=\"application\/ld+json\" class=\"yoast-schema-graph\">{\"@context\":\"https:\/\/schema.org\",\"@graph\":[{\"@type\":\"WebPage\",\"@id\":\"https:\/\/vannangvn.123websitedev.com\/san-pham\/camera-kiem-tra-duong-ong-pce-instruments-model-pce-pic-20\/\",\"url\":\"https:\/\/vannangvn.123websitedev.com\/san-pham\/camera-kiem-tra-duong-ong-pce-instruments-model-pce-pic-20\/\",\"name\":\"CAMERA KI\u1ec2M TRA \u0110\u01af\u1edcNG \u1ed0NG PCE INSTR... ch\u00ednh h\u00e3ng | V\u1ea1n N\u0103ng\",\"isPartOf\":{\"@id\":\"https:\/\/vannangvn.123websitedev.com\/#website\"},\"primaryImageOfPage\":{\"@id\":\"https:\/\/vannangvn.123websitedev.com\/san-pham\/camera-kiem-tra-duong-ong-pce-instruments-model-pce-pic-20\/#primaryimage\"},\"image\":{\"@id\":\"https:\/\/vannangvn.123websitedev.com\/san-pham\/camera-kiem-tra-duong-ong-pce-instruments-model-pce-pic-20\/#primaryimage\"},\"thumbnailUrl\":\"https:\/\/vannangvn.123websitedev.com\/wp-content\/uploads\/2026\/03\/PCE-PIC-20-NO.1_2-copy.jpg\",\"datePublished\":\"2026-03-20T10:21:41+00:00\",\"dateModified\":\"2026-03-30T11:12:01+00:00\",\"description\":\"Mua ngay CAMERA KI\u1ec2M TRA \u0110\u01af\u1edcNG \u1ed0NG PCE INSTRUMENTS MODEL PCE-PIC 20 ch\u00ednh h\u00e3ng. Gi\u00e1 t\u1ed1t!\",\"breadcrumb\":{\"@id\":\"https:\/\/vannangvn.123websitedev.com\/san-pham\/camera-kiem-tra-duong-ong-pce-instruments-model-pce-pic-20\/#breadcrumb\"},\"inLanguage\":\"en-US\",\"potentialAction\":[{\"@type\":\"ReadAction\",\"target\":[\"https:\/\/vannangvn.123websitedev.com\/san-pham\/camera-kiem-tra-duong-ong-pce-instruments-model-pce-pic-20\/\"]}]},{\"@type\":\"ImageObject\",\"inLanguage\":\"en-US\",\"@id\":\"https:\/\/vannangvn.123websitedev.com\/san-pham\/camera-kiem-tra-duong-ong-pce-instruments-model-pce-pic-20\/#primaryimage\",\"url\":\"https:\/\/vannangvn.123websitedev.com\/wp-content\/uploads\/2026\/03\/PCE-PIC-20-NO.1_2-copy.jpg\",\"contentUrl\":\"https:\/\/vannangvn.123websitedev.com\/wp-content\/uploads\/2026\/03\/PCE-PIC-20-NO.1_2-copy.jpg\",\"width\":768,\"height\":576},{\"@type\":\"BreadcrumbList\",\"@id\":\"https:\/\/vannangvn.123websitedev.com\/san-pham\/camera-kiem-tra-duong-ong-pce-instruments-model-pce-pic-20\/#breadcrumb\",\"itemListElement\":[{\"@type\":\"ListItem\",\"position\":1,\"name\":\"Trang ch\u1ee7\",\"item\":\"https:\/\/vannangvn.123websitedev.com\/\"},{\"@type\":\"ListItem\",\"position\":2,\"name\":\"S\u1ea3n ph\u1ea9m\",\"item\":\"https:\/\/vannangvn.123websitedev.com\/cua-hang\/\"},{\"@type\":\"ListItem\",\"position\":3,\"name\":\"CAMERA KI\u1ec2M TRA \u0110\u01af\u1edcNG \u1ed0NG PCE INSTRUMENTS MODEL PCE-PIC 20\"}]},{\"@type\":\"WebSite\",\"@id\":\"https:\/\/vannangvn.123websitedev.com\/#website\",\"url\":\"https:\/\/vannangvn.123websitedev.com\/\",\"name\":\"Vannang.vn\",\"description\":\"\",\"publisher\":{\"@id\":\"https:\/\/vannangvn.123websitedev.com\/#organization\"},\"potentialAction\":[{\"@type\":\"SearchAction\",\"target\":{\"@type\":\"EntryPoint\",\"urlTemplate\":\"https:\/\/vannangvn.123websitedev.com\/?s={search_term_string}\"},\"query-input\":{\"@type\":\"PropertyValueSpecification\",\"valueRequired\":true,\"valueName\":\"search_term_string\"}}],\"inLanguage\":\"en-US\"},{\"@type\":\"Organization\",\"@id\":\"https:\/\/vannangvn.123websitedev.com\/#organization\",\"name\":\"Vannang.vn\",\"url\":\"https:\/\/vannangvn.123websitedev.com\/\",\"logo\":{\"@type\":\"ImageObject\",\"inLanguage\":\"en-US\",\"@id\":\"https:\/\/vannangvn.123websitedev.com\/#\/schema\/logo\/image\/\",\"url\":\"https:\/\/vannangvn.123websitedev.com\/wp-content\/uploads\/2026\/02\/logo-van-nang-02.png\",\"contentUrl\":\"https:\/\/vannangvn.123websitedev.com\/wp-content\/uploads\/2026\/02\/logo-van-nang-02.png\",\"width\":448,\"height\":111,\"caption\":\"Vannang.vn\"},\"image\":{\"@id\":\"https:\/\/vannangvn.123websitedev.com\/#\/schema\/logo\/image\/\"}}]}<\/script>\n<!-- \/ Yoast SEO Premium plugin. -->","yoast_head_json":{"title":"CAMERA KI\u1ec2M TRA \u0110\u01af\u1edcNG \u1ed0NG PCE INSTR... ch\u00ednh h\u00e3ng | V\u1ea1n N\u0103ng","description":"Mua ngay CAMERA KI\u1ec2M TRA \u0110\u01af\u1edcNG \u1ed0NG PCE INSTRUMENTS MODEL PCE-PIC 20 ch\u00ednh h\u00e3ng. Gi\u00e1 t\u1ed1t!","robots":{"index":"noindex","follow":"follow","max-snippet":"max-snippet:-1","max-image-preview":"max-image-preview:large","max-video-preview":"max-video-preview:-1"},"og_locale":"en_US","og_type":"article","og_title":"CAMERA KI\u1ec2M TRA \u0110\u01af\u1edcNG \u1ed0NG PCE INSTRUMENTS MODEL PCE-PIC 20","og_description":"Mua ngay CAMERA KI\u1ec2M TRA \u0110\u01af\u1edcNG \u1ed0NG PCE INSTRUMENTS MODEL PCE-PIC 20 ch\u00ednh h\u00e3ng. Gi\u00e1 t\u1ed1t!","og_url":"https:\/\/vannangvn.123websitedev.com\/en\/product\/camera-kiem-tra-duong-ong-pce-instruments-model-pce-pic-20\/","og_site_name":"Vannang.vn","article_modified_time":"2026-03-30T11:12:01+00:00","og_image":[{"width":768,"height":576,"url":"http:\/\/vannangvn.123websitedev.com\/wp-content\/uploads\/2026\/03\/PCE-PIC-20-NO.1_2-copy.jpg","type":"image\/jpeg"}],"twitter_card":"summary_large_image","twitter_misc":{"Est. reading time":"7 minutes"},"schema":{"@context":"https:\/\/schema.org","@graph":[{"@type":"WebPage","@id":"https:\/\/vannangvn.123websitedev.com\/san-pham\/camera-kiem-tra-duong-ong-pce-instruments-model-pce-pic-20\/","url":"https:\/\/vannangvn.123websitedev.com\/san-pham\/camera-kiem-tra-duong-ong-pce-instruments-model-pce-pic-20\/","name":"CAMERA KI\u1ec2M TRA \u0110\u01af\u1edcNG \u1ed0NG PCE INSTR... ch\u00ednh h\u00e3ng | V\u1ea1n N\u0103ng","isPartOf":{"@id":"https:\/\/vannangvn.123websitedev.com\/#website"},"primaryImageOfPage":{"@id":"https:\/\/vannangvn.123websitedev.com\/san-pham\/camera-kiem-tra-duong-ong-pce-instruments-model-pce-pic-20\/#primaryimage"},"image":{"@id":"https:\/\/vannangvn.123websitedev.com\/san-pham\/camera-kiem-tra-duong-ong-pce-instruments-model-pce-pic-20\/#primaryimage"},"thumbnailUrl":"https:\/\/vannangvn.123websitedev.com\/wp-content\/uploads\/2026\/03\/PCE-PIC-20-NO.1_2-copy.jpg","datePublished":"2026-03-20T10:21:41+00:00","dateModified":"2026-03-30T11:12:01+00:00","description":"Mua ngay CAMERA KI\u1ec2M TRA \u0110\u01af\u1edcNG \u1ed0NG PCE INSTRUMENTS MODEL PCE-PIC 20 ch\u00ednh h\u00e3ng. Gi\u00e1 t\u1ed1t!","breadcrumb":{"@id":"https:\/\/vannangvn.123websitedev.com\/san-pham\/camera-kiem-tra-duong-ong-pce-instruments-model-pce-pic-20\/#breadcrumb"},"inLanguage":"en-US","potentialAction":[{"@type":"ReadAction","target":["https:\/\/vannangvn.123websitedev.com\/san-pham\/camera-kiem-tra-duong-ong-pce-instruments-model-pce-pic-20\/"]}]},{"@type":"ImageObject","inLanguage":"en-US","@id":"https:\/\/vannangvn.123websitedev.com\/san-pham\/camera-kiem-tra-duong-ong-pce-instruments-model-pce-pic-20\/#primaryimage","url":"https:\/\/vannangvn.123websitedev.com\/wp-content\/uploads\/2026\/03\/PCE-PIC-20-NO.1_2-copy.jpg","contentUrl":"https:\/\/vannangvn.123websitedev.com\/wp-content\/uploads\/2026\/03\/PCE-PIC-20-NO.1_2-copy.jpg","width":768,"height":576},{"@type":"BreadcrumbList","@id":"https:\/\/vannangvn.123websitedev.com\/san-pham\/camera-kiem-tra-duong-ong-pce-instruments-model-pce-pic-20\/#breadcrumb","itemListElement":[{"@type":"ListItem","position":1,"name":"Trang ch\u1ee7","item":"https:\/\/vannangvn.123websitedev.com\/"},{"@type":"ListItem","position":2,"name":"S\u1ea3n ph\u1ea9m","item":"https:\/\/vannangvn.123websitedev.com\/cua-hang\/"},{"@type":"ListItem","position":3,"name":"CAMERA KI\u1ec2M TRA \u0110\u01af\u1edcNG \u1ed0NG PCE INSTRUMENTS MODEL PCE-PIC 20"}]},{"@type":"WebSite","@id":"https:\/\/vannangvn.123websitedev.com\/#website","url":"https:\/\/vannangvn.123websitedev.com\/","name":"Vannang.vn","description":"","publisher":{"@id":"https:\/\/vannangvn.123websitedev.com\/#organization"},"potentialAction":[{"@type":"SearchAction","target":{"@type":"EntryPoint","urlTemplate":"https:\/\/vannangvn.123websitedev.com\/?s={search_term_string}"},"query-input":{"@type":"PropertyValueSpecification","valueRequired":true,"valueName":"search_term_string"}}],"inLanguage":"en-US"},{"@type":"Organization","@id":"https:\/\/vannangvn.123websitedev.com\/#organization","name":"Vannang.vn","url":"https:\/\/vannangvn.123websitedev.com\/","logo":{"@type":"ImageObject","inLanguage":"en-US","@id":"https:\/\/vannangvn.123websitedev.com\/#\/schema\/logo\/image\/","url":"https:\/\/vannangvn.123websitedev.com\/wp-content\/uploads\/2026\/02\/logo-van-nang-02.png","contentUrl":"https:\/\/vannangvn.123websitedev.com\/wp-content\/uploads\/2026\/02\/logo-van-nang-02.png","width":448,"height":111,"caption":"Vannang.vn"},"image":{"@id":"https:\/\/vannangvn.123websitedev.com\/#\/schema\/logo\/image\/"}}]}},"_links":{"self":[{"href":"https:\/\/vannangvn.123websitedev.com\/en\/wp-json\/wp\/v2\/product\/6078","targetHints":{"allow":["GET"]}}],"collection":[{"href":"https:\/\/vannangvn.123websitedev.com\/en\/wp-json\/wp\/v2\/product"}],"about":[{"href":"https:\/\/vannangvn.123websitedev.com\/en\/wp-json\/wp\/v2\/types\/product"}],"replies":[{"embeddable":true,"href":"https:\/\/vannangvn.123websitedev.com\/en\/wp-json\/wp\/v2\/comments?post=6078"}],"wp:featuredmedia":[{"embeddable":true,"href":"https:\/\/vannangvn.123websitedev.com\/en\/wp-json\/wp\/v2\/media\/10456"}],"wp:attachment":[{"href":"https:\/\/vannangvn.123websitedev.com\/en\/wp-json\/wp\/v2\/media?parent=6078"}],"wp:term":[{"taxonomy":"product_brand","embeddable":true,"href":"https:\/\/vannangvn.123websitedev.com\/en\/wp-json\/wp\/v2\/product_brand?post=6078"},{"taxonomy":"product_cat","embeddable":true,"href":"https:\/\/vannangvn.123websitedev.com\/en\/wp-json\/wp\/v2\/product_cat?post=6078"},{"taxonomy":"product_tag","embeddable":true,"href":"https:\/\/vannangvn.123websitedev.com\/en\/wp-json\/wp\/v2\/product_tag?post=6078"}],"curies":[{"name":"wp","href":"https:\/\/api.w.org\/{rel}","templated":true}]}}