{"id":6081,"date":"2026-03-20T17:21:44","date_gmt":"2026-03-20T10:21:44","guid":{"rendered":"https:\/\/vannangvn.123websitedev.com\/san-pham\/camera-kiem-tra-duong-ong-pce-instruments-model-pce-ve-380n\/"},"modified":"2026-03-30T18:12:05","modified_gmt":"2026-03-30T11:12:05","slug":"camera-kiem-tra-duong-ong-pce-instruments-model-pce-ve-380n","status":"publish","type":"product","link":"https:\/\/vannangvn.123websitedev.com\/en\/product\/camera-kiem-tra-duong-ong-pce-instruments-model-pce-ve-380n\/","title":{"rendered":"CAMERA KI\u1ec2M TRA \u0110\u01af\u1edcNG \u1ed0NG PCE INSTRUMENTS MODEL PCE-VE 380N"},"content":{"rendered":"<h1 style=\"color: red; font-weight: bold; font-size: 24px;\">T&#7893;ng quan s&#7843;n ph&#7849;m CAMERA KI&#7874;M TRA &#272;&#431;&#7900;NG &#7888;NG PCE INSTRUMENTS MODEL PCE-VE 380N<p>Camera Ki&#7875;m Tra &#272;&#432;&#7901;ng &#7888;ng (Drain Camera) PCE Instruments Model PCE-VE 380N<br>\nCamera Ki&#7875;m Tra &#272;&#432;&#7901;ng &#7888;ng PCE-VE 380N l&agrave; thi&#7871;t b&#7883; ki&#7875;m tra chuy&ecirc;n d&#7909;ng, &#273;&#432;&#7907;c thi&#7871;t k&#7871; &#273;&#7875; cung c&#7845;p c&aacute;i nh&igrave;n tr&#7921;c quan v&agrave;o c&aacute;c kh&ocirc;ng gian kh&oacute; ti&#7871;p c&#7853;n nh&#432; b&ecirc;n trong m&aacute;y m&oacute;c, &#7889;ng d&#7851;n kh&iacute;, &#273;&#432;&#7901;ng &#7889;ng tho&aacute;t n&#432;&#7899;c, c&#7889;ng r&atilde;nh, &#7889;ng kh&oacute;i v&agrave; nhi&#7873;u &#7913;ng d&#7909;ng c&ocirc;ng nghi&#7879;p kh&aacute;c. V&#7899;i thi&#7871;t k&#7871; nh&#7887; g&#7885;n v&agrave; kh&#7843; n&#259;ng ch&#7889;ng n&#432;&#7899;c, s&#7843;n ph&#7849;m n&agrave;y l&agrave; l&#7921;a ch&#7885;n h&agrave;ng &#273;&#7847;u trong nhi&#7873;u l&#297;nh v&#7921;c c&ocirc;ng nghi&#7879;p v&agrave; th&#432;&#417;ng m&#7841;i. H&atilde;y c&ugrave;ng V&#7841;n N&#259;ng t&igrave;m hi&#7875;u chi ti&#7871;t h&#417;n v&#7873; s&#7843;n ph&#7849;m th&ocirc;ng qua b&agrave;i vi&#7871;t d&#432;&#7899;i &#273;&acirc;y!<\/p><h2 style=\"color: #2e7d32; font-weight: bold; font-size: 20px;\">&#272;&#7863;c &#272;i&#7875;m N&#7893;i B&#7853;t C&#7911;a PCE-VE 380N<\/h2><p>Thi&#7871;t k&#7871; &#273;&#7847;u camera nh&#7887; g&#7885;n: &#272;&#432;&#7901;ng k&iacute;nh ch&#7881; 28 mm (1.1 inch), d&#7877; d&agrave;ng len l&#7887;i v&agrave;o c&aacute;c &#273;&#432;&#7901;ng &#7889;ng c&oacute; k&iacute;ch th&#432;&#7899;c t&#7889;i thi&#7875;u 90 mm (3.54 inch).<br>\nCh&#7889;ng n&#432;&#7899;c v&#432;&#7907;t tr&#7897;i: &#272;&#7847;u camera ch&#7889;ng n&#432;&#7899;c, gi&uacute;p ho&#7841;t &#273;&#7897;ng hi&#7879;u qu&#7843; trong m&ocirc;i tr&#432;&#7901;ng &#7849;m &#432;&#7899;t ho&#7863;c ng&#7853;p n&#432;&#7899;c.<br>\nH&#7879; th&#7889;ng &#273;&egrave;n LED s&aacute;ng m&#7841;nh: H&#7895; tr&#7907; chi&#7871;u s&aacute;ng trong c&aacute;c kh&ocirc;ng gian t&#7889;i ho&#7863;c thi&#7871;u s&aacute;ng, &#273;&#7843;m b&#7843;o h&igrave;nh &#7843;nh r&otilde; r&agrave;ng, chi ti&#7871;t.<\/p><p>C&aacute;p d&agrave;i 30m: C&aacute;p b&aacute;n linh ho&#7841;t, &#273;&#432;&#7907;c cu&#7897;n g&#7885;n tr&ecirc;n r&ograve;ng r&#7885;c, gi&uacute;p d&#7877; d&agrave;ng ki&#7875;m tra c&aacute;c khu v&#7921;c s&acirc;u.<br>\nL&#432;u tr&#7919; h&igrave;nh &#7843;nh v&agrave; video: PCE VE380N h&#7895; tr&#7907; th&#7867; nh&#7899; SD, cho ph&eacute;p l&#432;u tr&#7919; d&#7919; li&#7879;u ngay tr&ecirc;n thi&#7871;t b&#7883;, gi&uacute;p d&#7877; d&agrave;ng chia s&#7867; v&agrave; ph&acirc;n t&iacute;ch sau n&agrave;y.<br>\nHo&#7841;t &#273;&#7897;ng b&#7857;ng pin: Gi&uacute;p thi&#7871;t b&#7883; linh ho&#7841;t khi s&#7917; d&#7909;ng t&#7841;i c&aacute;c v&#7883; tr&iacute; kh&ocirc;ng c&oacute; ngu&#7891;n &#273;i&#7879;n tr&#7921;c ti&#7871;p.<br>\n&#272;i k&egrave;m ph&#7909; ki&#7879;n ti&#7879;n &iacute;ch: Bao g&#7891;m h&#7897;p &#273;&#7921;ng v&agrave; ng&ocirc;i sao &#273;&#7883;nh t&acirc;m, h&#7895; tr&#7907; thao t&aacute;c ki&#7875;m tra &#7893;n &#273;&#7883;nh h&#417;n.<\/p><p>&#7912;ng D&#7909;ng Th&#7921;c Ti&#7877;n C&#7911;a PCE-VE 380N<br>\nModel PCE-VE 380N ph&ugrave; h&#7907;p cho:<\/p><p>Ki&#7875;m tra h&#7879; th&#7889;ng &#7889;ng kh&oacute;i v&agrave; th&ocirc;ng gi&oacute;: &#272;&#7843;m b&#7843;o kh&ocirc;ng c&oacute; t&#7855;c ngh&#7869;n hay h&#432; h&#7887;ng b&ecirc;n trong.<br>\nKi&#7875;m tra c&#7889;ng r&atilde;nh v&agrave; &#7889;ng tho&aacute;t n&#432;&#7899;c: Ph&aacute;t hi&#7879;n nhanh c&aacute;c v&#7845;n &#273;&#7873; nh&#432; r&ograve; r&#7881;, t&#7855;c ngh&#7869;n hay n&#7913;t v&#7905;.<\/p><h2 style=\"color: #0073aa; font-weight: bold; font-size: 20px;\">Ki&#7875;m tra b&ecirc;n trong m&aacute;y m&oacute;c: Cung c&#7845;p h&igrave;nh &#7843;nh chi ti&#7871;t v&#7873; c&aacute;c b&#7897; ph&#7853;n m&aacute;y m&agrave; kh&ocirc;ng c&#7847;n th&aacute;o r&#7901;i.<\/h2><p>&#431;u &#272;i&#7875;m C&#7911;a Camera PCE-VE 380N<\/p><p>Ti&#7871;t ki&#7879;m th&#7901;i gian v&agrave; chi ph&iacute;: Gi&uacute;p nhanh ch&oacute;ng ph&aacute;t hi&#7879;n v&agrave; x&#7917; l&yacute; s&#7921; c&#7889; m&agrave; kh&ocirc;ng c&#7847;n ph&aacute; d&#7905; ho&#7863;c th&aacute;o l&#7855;p.<br>\n&#272;&#7843;m b&#7843;o an to&agrave;n: Camera Soi &#272;&#432;&#7901;ng &#7888;ng PCE-VE 380N h&#7841;n ch&#7871; r&#7911;i ro khi ti&#7871;p c&#7853;n c&aacute;c khu v&#7921;c nguy hi&#7875;m.<br>\nD&#7877; s&#7917; d&#7909;ng: Thi&#7871;t k&#7871; th&acirc;n thi&#7879;n v&#7899;i ng&#432;&#7901;i d&ugrave;ng, &#273;i k&egrave;m m&agrave;n h&igrave;nh c&#7847;m tay tr&#7921;c quan.<\/p><p>Nh&#7919;ng L&yacute; Do N&ecirc;n Mua Camera Ki&#7875;m Tra &#272;&#432;&#7901;ng &#7888;ng T&#7841;i V&#7841;n N&#259;ng<\/p><p>C&ocirc;ng ty Thi&#7871;t B&#7883; C&ocirc;ng Ngh&#7879; V&#7841;n N&#259;ng l&agrave; &#273;&#7889;i t&aacute;c ch&iacute;nh th&#7913;c ph&acirc;n ph&#7889;i Camera Ki&#7875;m Tra &#272;&#432;&#7901;ng &#7888;ng h&agrave;ng &#273;&#7847;u t&#7841;i Vi&#7879;t Nam, cam k&#7871;t cung c&#7845;p s&#7843;n ph&#7849;m ch&iacute;nh h&atilde;ng v&#7899;i gi&aacute; c&#7843; c&#7841;nh tranh nh&#7845;t th&#7883; tr&#432;&#7901;ng. V&#7899;i uy t&iacute;n tr&ecirc;n th&#7883; tr&#432;&#7901;ng v&agrave; ch&#7871; &#273;&#7897; h&#7851;u m&atilde;i t&#7889;t, Thi&#7871;t B&#7883; C&ocirc;ng Ngh&#7879; V&#7841;n N&#259;ng &#273;&atilde; nh&#7853;n &#273;&#432;&#7907;c s&#7921; tin t&#432;&#7903;ng t&#7915; kh&aacute;ch h&agrave;ng nh&#7901; v&agrave;o ch&#7845;t l&#432;&#7907;ng h&agrave;ng &#273;&#7847;u c&#7911;a c&aacute;c d&ograve;ng s&#7843;n ph&#7849;m.<br>\nS&#7843;n ph&#7849;m c&#7911;a ch&uacute;ng t&ocirc;i &#273;&#432;&#7907;c ki&#7875;m &#273;&#7883;nh ch&#7845;t l&#432;&#7907;ng, nh&#7853;p kh&#7849;u tr&#7921;c ti&#7871;p t&#7915; nh&agrave; m&aacute;y b&ecirc;n Ch&acirc;u &Acirc;u, M&#7929;, &Uacute;c, Nh&#7853;t B&#7843;n,&hellip; v&agrave; &#273;&aacute;p &#7913;ng nhu c&#7847;u &#273;a d&#7841;ng c&#7911;a th&#7883; tr&#432;&#7901;ng nh&#432;: M&aacute;y &#272;o &#272;&#7897; C&#7913;ng, M&aacute;y SPECTROMAXx, M&aacute;y Ki&#7875;m Tra &#272;&#432;&#7901;ng Gh&eacute;p M&iacute; Lon,&hellip; Ch&uacute;ng t&ocirc;i cam k&#7871;t cung c&#7845;p s&#7843;n ph&#7849;m n&agrave;y tr&ecirc;n to&agrave;n qu&#7889;c v&#7899;i gi&aacute; c&#7843; c&#7841;nh tranh nh&#7845;t.<br>\nCh&uacute;ng t&ocirc;i c&oacute; &#273;&#7897;i ng&#361; chuy&ecirc;n vi&ecirc;n t&#432; v&#7845;n chuy&ecirc;n s&acirc;u s&#7869; h&#7895; tr&#7907; kh&aacute;ch h&agrave;ng v&#7873; chi ti&#7871;t s&#7843;n ph&#7849;m, h&#432;&#7899;ng d&#7851;n s&#7917; d&#7909;ng hay nh&#7919;ng th&#7913; li&ecirc;n quan &#273;&#7871;n v&#7845;n &#273;&#7873; m&agrave; doanh nghi&#7879;p b&#7841;n &#273;ang g&#7863;p ph&#7843;i. Ch&uacute;ng t&ocirc;i s&#7869; cung c&#7845;p nh&#7919;ng gi&#7843;i ph&aacute;p t&#7889;i &#432;u nh&#7845;t!<br>\nNgo&agrave;i ra Thi&#7871;t B&#7883; C&ocirc;ng Ngh&#7879; V&#7841;n N&#259;ng Ch&uacute;ng T&ocirc;i lu&ocirc;n h&#432;&#7899;ng &#273;&#7871;n tr&#7843;i nghi&#7879;m kh&aacute;ch h&agrave;ng, v&igrave; v&#7853;y ch&uacute;ng t&ocirc;i c&oacute; nh&#7919;ng ch&iacute;nh s&aacute;ch b&#7843;o h&agrave;nh, b&#7843;o tr&igrave; &ndash; b&#7843;o d&#432;&#7905;ng, hi&#7879;u chu&#7849;n v&#7899;i t&#7845;t c&#7843; c&aacute;c thi&#7871;t b&#7883;, m&aacute;y m&oacute;c m&agrave; ch&uacute;ng t&ocirc;i cung c&#7845;p. &#272;&#7843;m b&#7843;o mang &#273;&#7871;n cho Kh&aacute;ch h&agrave;ng s&#7921; y&ecirc;n t&acirc;m tuy&#7879;t &#273;&#7889;i v&#7873; d&#7883;ch v&#7909; khi mua h&agrave;ng.<\/p><p>T&#7893;ng K&#7871;t<br>\nV&#7899;i nh&#7919;ng t&iacute;nh n&#259;ng n&#7893;i b&#7853;t v&agrave; thi&#7871;t k&#7871; chuy&ecirc;n d&#7909;ng, PCE-VE 380N l&agrave; thi&#7871;t b&#7883; ki&#7875;m tra kh&ocirc;ng th&#7875; thi&#7871;u trong c&aacute;c ng&agrave;nh c&ocirc;ng nghi&#7879;p hi&#7879;n &#273;&#7841;i. Camera PCE-VE 380N kh&ocirc;ng ch&#7881; gi&uacute;p n&acirc;ng cao hi&#7879;u qu&#7843; l&agrave;m vi&#7879;c m&agrave; c&ograve;n &#273;&#7843;m b&#7843;o t&iacute;nh ch&iacute;nh x&aacute;c v&agrave; an to&agrave;n trong qu&aacute; tr&igrave;nh ki&#7875;m tra. H&atilde;y li&ecirc;n h&#7879; v&#7899;i V&#7841;n N&#259;ng Company &#273;&#7875; &#273;&#432;&#7907;c t&#432; v&#7845;n chi ti&#7871;t v&agrave; nh&#7853;n ngay &#432;u &#273;&atilde;i h&#7845;p d&#7851;n th&ocirc;ng qua hotline\/zalo: <a href=\"https:\/\/zalo.me\/0903991335\" target=\"_blank\" rel=\"noopener\" style=\"color: #059669; font-weight: bold; text-decoration: none;\">0903 991 335<\/a>!<\/p><div style=\"background-color: #f8fafc; border: 1px solid #e2e8f0; border-radius: 8px; padding: 25px; max-width: 800px; margin: 30px auto; color: #334155; line-height: 1.8; font-size: 17px; box-shadow: 0 4px 6px -1px rgba(0,0,0,0.05); text-align: left; clear: both;\">\nC&ocirc;ng ty TNHH Th&#432;&#417;ng M&#7841;i D&#7883;ch V&#7909; Thi&#7871;t B&#7883; C&ocirc;ng Ngh&#7879; V&#7841;n N&#259;ng\n<p style=\"margin: 0 0 10px 0;\">&#128205; <strong style=\"color: #1e293b;\">&#272;&#7883;a ch&#7881;:<\/strong> <a style=\"color: #059669; text-decoration: none; font-weight: bold;\" href=\"https:\/\/www.google.com\/maps\/search\/C%C3%B4ng+ty+TNHH+Th%C6%B0%C6%A1ng+M%E1%BA%A1i+D%E1%BB%8Bch+V%E1%BB%A5+Thi%E1%BA%BFt+B%E1%BB%8B+C%C3%B4ng+Ngh%E1%BB%87+V%E1%BA%A1n+N%C4%83ng+818+Tr%C6%B0%E1%BB%9Dng+Chinh\" target=\"_blank\" rel=\"noopener\">818 Tr&#432;&#7901;ng Chinh, Ph&#432;&#7901;ng T&acirc;n S&#417;n, Th&agrave;nh ph&#7889; H&#7891; Ch&iacute; Minh, Vi&#7879;t Nam<\/a><\/p>\n<p style=\"margin: 0 0 10px 0;\">&#128222; <strong style=\"color: #1e293b;\">S&#272;T &ndash; Zalo:<\/strong> <a style=\"color: #059669; text-decoration: none; font-weight: bold;\" href=\"https:\/\/zalo.me\/0903991335\" target=\"_blank\" rel=\"noopener\">0903 991 335<\/a> <span style=\"color: #64748b; font-style: italic;\">(Ms. H&#7841;nh &ndash; Gi&aacute;m &#272;&#7889;c Kinh Doanh)<\/span><\/p>\n<p style=\"margin: 0;\">&#9993;&#65039; <strong style=\"color: #1e293b;\">Email:<\/strong> <a style=\"color: #059669; text-decoration: none; font-weight: bold;\" href=\"mailto:hienhanh@vannangvn.com\">hienhanh@vannangvn.com<\/a><\/p>\n<\/div><\/h1>","protected":false},"excerpt":{"rendered":"<p><strong>Th&#432;&#417;ng hi&#7879;u:<\/strong> Camera Ki&#7875;m Tra &#272;&#432;&#7901;ng &#7888;ng PCE-VE 380N&nbsp;l&agrave; thi&#7871;t b&#7883; ki&#7875;m tra chuy&ecirc;n d&#7909;ng, &#273;&#432;&#7907;c thi&#7871;t k&#7871; &#273;&#7875; cung c&#7845;p c&aacute;i nh&igrave;n tr&#7921;c quan v&agrave;o c&aacute;c kh&ocirc;ng gian kh&oacute; ti&#7871;p c&#7853;n nh&#432; b&ecirc;n trong m&aacute;y m&oacute;c, &#7889;ng d&#7851;n kh&iacute;, &#273;&#432;&#7901;ng &#7889;ng tho&aacute;t n&#432;&#7899;c, c&#7889;ng r&atilde;nh, &#7889;ng kh&oacute;i v&agrave; nhi&#7873;u &#7913;ng d&#7909;ng c&ocirc;ng nghi&#7879;p kh&aacute;c. V&#7899;i thi&#7871;t k&#7871; nh&#7887; g&#7885;n v&agrave; kh&#7843; n&#259;ng ch&#7889;ng n&#432;&#7899;c, s&#7843;n ph&#7849;m n&agrave;y l&agrave; l&#7921;a ch&#7885;n h&agrave;ng &#273;&#7847;u trong nhi&#7873;u l&#297;nh v&#7921;c c&ocirc;ng nghi&#7879;p v&agrave; th&#432;&#417;ng m&#7841;i.<br>\n<strong>Model:<\/strong> PCE-VE 380N<p>Product <strong>CAMERA KI&#7874;M TRA &#272;&#431;&#7900;NG &#7888;NG PCE INSTRUMENTS MODEL PCE-VE 380N<\/strong> ch&iacute;nh h&atilde;ng. Camera Ki&#7875;m Tra &#272;&#432;&#7901;ng &#7888;ng PCE-VE 380N&nbsp;l&agrave; thi&#7871;t b&#7883; ki&#7875;m tra chuy&ecirc;n d&#7909;ng, &#273;&#432;&#7907;c thi&#7871;t k&#7871; &#273;&#7875; cung c&#7845;p c&aacute;i nh&igrave;n tr&#7921;c quan v&agrave;o c&aacute;c kh&ocirc;ng gian kh&oacute; ti&#7871;p c&#7853;n nh&#432; b&ecirc;n trong m&aacute;y m&oacute;c, &#7889;ng d&#7851;n kh&iacute;, &#273;&#432;&#7901;ng &#7889;ng tho&aacute;t n&#432;&#7899;c, c&#7889;ng r&atilde;nh, &#7889;ng kh&oacute;i v&agrave; nhi&#7873;u &#7913;ng d&#7909;ng c&ocirc;ng nghi&#7879;p kh&aacute;c. V&#7899;i thi&#7871;t k&#7871; nh&#7887; g&#7885;n v&agrave; kh&#7843; n&#259;ng ch&#7889;ng n&#432;&#7899;c, s&#7843;n ph&#7849;m n&agrave;y l&agrave; l&#7921;a ch&#7885;n h&agrave;ng &#273;&#7847;u trong nhi&#7873;u l&#297;nh v&#7921;c c&ocirc;ng nghi&#7879;p v&agrave; th&#432;&#417;ng m&#7841;i.<\/p><\/p>","protected":false},"featured_media":10432,"comment_status":"open","ping_status":"closed","template":"","meta":[],"product_brand":[],"product_cat":[18],"product_tag":[116,208,209,333,346,581,598,608,611,613],"class_list":{"0":"post-6081","1":"product","2":"type-product","3":"status-publish","4":"has-post-thumbnail","6":"product_cat-chua-phan-loai","7":"product_tag-model","8":"product_tag-kiem","9":"product_tag-tra","10":"product_tag-duong","11":"product_tag-pce","12":"product_tag-instruments","13":"product_tag-ong","14":"product_tag-camera","15":"product_tag-pce-ve","16":"product_tag-380n","18":"first","19":"instock","20":"shipping-taxable","21":"product-type-simple"},"yoast_head":"<!-- This site is optimized with the Yoast SEO Premium plugin v24.8 (Yoast SEO v24.8) - https:\/\/yoast.com\/wordpress\/plugins\/seo\/ -->\n<title>CAMERA KI\u1ec2M TRA \u0110\u01af\u1edcNG \u1ed0NG PCE INSTR... ch\u00ednh h\u00e3ng | V\u1ea1n N\u0103ng<\/title>\n<meta name=\"description\" content=\"Mua ngay CAMERA KI\u1ec2M TRA \u0110\u01af\u1edcNG \u1ed0NG PCE INSTRUMENTS MODEL PCE-VE 380N ch\u00ednh h\u00e3ng. Gi\u00e1 t\u1ed1t!\" \/>\n<meta name=\"robots\" content=\"noindex, follow, max-snippet:-1, max-image-preview:large, max-video-preview:-1\" \/>\n<meta property=\"og:locale\" content=\"en_US\" \/>\n<meta property=\"og:type\" content=\"article\" \/>\n<meta property=\"og:title\" content=\"CAMERA KI\u1ec2M TRA \u0110\u01af\u1edcNG \u1ed0NG PCE INSTRUMENTS MODEL PCE-VE 380N\" \/>\n<meta property=\"og:description\" content=\"Mua ngay CAMERA KI\u1ec2M TRA \u0110\u01af\u1edcNG \u1ed0NG PCE INSTRUMENTS MODEL PCE-VE 380N ch\u00ednh h\u00e3ng. Gi\u00e1 t\u1ed1t!\" \/>\n<meta property=\"og:url\" content=\"https:\/\/vannangvn.123websitedev.com\/en\/product\/camera-kiem-tra-duong-ong-pce-instruments-model-pce-ve-380n\/\" \/>\n<meta property=\"og:site_name\" content=\"Vannang.vn\" \/>\n<meta property=\"article:modified_time\" content=\"2026-03-30T11:12:05+00:00\" \/>\n<meta property=\"og:image\" content=\"http:\/\/vannangvn.123websitedev.com\/wp-content\/uploads\/2026\/03\/PCE-Instruments-Model-PCE-VE-380N-no.4-copy.jpg\" \/>\n\t<meta property=\"og:image:width\" content=\"768\" \/>\n\t<meta property=\"og:image:height\" content=\"576\" \/>\n\t<meta property=\"og:image:type\" content=\"image\/jpeg\" \/>\n<meta name=\"twitter:card\" content=\"summary_large_image\" \/>\n<meta name=\"twitter:label1\" content=\"Est. reading time\" \/>\n\t<meta name=\"twitter:data1\" content=\"7 minutes\" \/>\n<script type=\"application\/ld+json\" class=\"yoast-schema-graph\">{\"@context\":\"https:\/\/schema.org\",\"@graph\":[{\"@type\":\"WebPage\",\"@id\":\"https:\/\/vannangvn.123websitedev.com\/san-pham\/camera-kiem-tra-duong-ong-pce-instruments-model-pce-ve-380n\/\",\"url\":\"https:\/\/vannangvn.123websitedev.com\/san-pham\/camera-kiem-tra-duong-ong-pce-instruments-model-pce-ve-380n\/\",\"name\":\"CAMERA KI\u1ec2M TRA \u0110\u01af\u1edcNG \u1ed0NG PCE INSTR... ch\u00ednh h\u00e3ng | V\u1ea1n N\u0103ng\",\"isPartOf\":{\"@id\":\"https:\/\/vannangvn.123websitedev.com\/#website\"},\"primaryImageOfPage\":{\"@id\":\"https:\/\/vannangvn.123websitedev.com\/san-pham\/camera-kiem-tra-duong-ong-pce-instruments-model-pce-ve-380n\/#primaryimage\"},\"image\":{\"@id\":\"https:\/\/vannangvn.123websitedev.com\/san-pham\/camera-kiem-tra-duong-ong-pce-instruments-model-pce-ve-380n\/#primaryimage\"},\"thumbnailUrl\":\"https:\/\/vannangvn.123websitedev.com\/wp-content\/uploads\/2026\/03\/PCE-Instruments-Model-PCE-VE-380N-no.4-copy.jpg\",\"datePublished\":\"2026-03-20T10:21:44+00:00\",\"dateModified\":\"2026-03-30T11:12:05+00:00\",\"description\":\"Mua ngay CAMERA KI\u1ec2M TRA \u0110\u01af\u1edcNG \u1ed0NG PCE INSTRUMENTS MODEL PCE-VE 380N ch\u00ednh h\u00e3ng. Gi\u00e1 t\u1ed1t!\",\"breadcrumb\":{\"@id\":\"https:\/\/vannangvn.123websitedev.com\/san-pham\/camera-kiem-tra-duong-ong-pce-instruments-model-pce-ve-380n\/#breadcrumb\"},\"inLanguage\":\"en-US\",\"potentialAction\":[{\"@type\":\"ReadAction\",\"target\":[\"https:\/\/vannangvn.123websitedev.com\/san-pham\/camera-kiem-tra-duong-ong-pce-instruments-model-pce-ve-380n\/\"]}]},{\"@type\":\"ImageObject\",\"inLanguage\":\"en-US\",\"@id\":\"https:\/\/vannangvn.123websitedev.com\/san-pham\/camera-kiem-tra-duong-ong-pce-instruments-model-pce-ve-380n\/#primaryimage\",\"url\":\"https:\/\/vannangvn.123websitedev.com\/wp-content\/uploads\/2026\/03\/PCE-Instruments-Model-PCE-VE-380N-no.4-copy.jpg\",\"contentUrl\":\"https:\/\/vannangvn.123websitedev.com\/wp-content\/uploads\/2026\/03\/PCE-Instruments-Model-PCE-VE-380N-no.4-copy.jpg\",\"width\":768,\"height\":576},{\"@type\":\"BreadcrumbList\",\"@id\":\"https:\/\/vannangvn.123websitedev.com\/san-pham\/camera-kiem-tra-duong-ong-pce-instruments-model-pce-ve-380n\/#breadcrumb\",\"itemListElement\":[{\"@type\":\"ListItem\",\"position\":1,\"name\":\"Trang ch\u1ee7\",\"item\":\"https:\/\/vannangvn.123websitedev.com\/\"},{\"@type\":\"ListItem\",\"position\":2,\"name\":\"S\u1ea3n ph\u1ea9m\",\"item\":\"https:\/\/vannangvn.123websitedev.com\/cua-hang\/\"},{\"@type\":\"ListItem\",\"position\":3,\"name\":\"CAMERA KI\u1ec2M TRA \u0110\u01af\u1edcNG \u1ed0NG PCE INSTRUMENTS MODEL PCE-VE 380N\"}]},{\"@type\":\"WebSite\",\"@id\":\"https:\/\/vannangvn.123websitedev.com\/#website\",\"url\":\"https:\/\/vannangvn.123websitedev.com\/\",\"name\":\"Vannang.vn\",\"description\":\"\",\"publisher\":{\"@id\":\"https:\/\/vannangvn.123websitedev.com\/#organization\"},\"potentialAction\":[{\"@type\":\"SearchAction\",\"target\":{\"@type\":\"EntryPoint\",\"urlTemplate\":\"https:\/\/vannangvn.123websitedev.com\/?s={search_term_string}\"},\"query-input\":{\"@type\":\"PropertyValueSpecification\",\"valueRequired\":true,\"valueName\":\"search_term_string\"}}],\"inLanguage\":\"en-US\"},{\"@type\":\"Organization\",\"@id\":\"https:\/\/vannangvn.123websitedev.com\/#organization\",\"name\":\"Vannang.vn\",\"url\":\"https:\/\/vannangvn.123websitedev.com\/\",\"logo\":{\"@type\":\"ImageObject\",\"inLanguage\":\"en-US\",\"@id\":\"https:\/\/vannangvn.123websitedev.com\/#\/schema\/logo\/image\/\",\"url\":\"https:\/\/vannangvn.123websitedev.com\/wp-content\/uploads\/2026\/02\/logo-van-nang-02.png\",\"contentUrl\":\"https:\/\/vannangvn.123websitedev.com\/wp-content\/uploads\/2026\/02\/logo-van-nang-02.png\",\"width\":448,\"height\":111,\"caption\":\"Vannang.vn\"},\"image\":{\"@id\":\"https:\/\/vannangvn.123websitedev.com\/#\/schema\/logo\/image\/\"}}]}<\/script>\n<!-- \/ Yoast SEO Premium plugin. -->","yoast_head_json":{"title":"CAMERA KI\u1ec2M TRA \u0110\u01af\u1edcNG \u1ed0NG PCE INSTR... ch\u00ednh h\u00e3ng | V\u1ea1n N\u0103ng","description":"Mua ngay CAMERA KI\u1ec2M TRA \u0110\u01af\u1edcNG \u1ed0NG PCE INSTRUMENTS MODEL PCE-VE 380N ch\u00ednh h\u00e3ng. Gi\u00e1 t\u1ed1t!","robots":{"index":"noindex","follow":"follow","max-snippet":"max-snippet:-1","max-image-preview":"max-image-preview:large","max-video-preview":"max-video-preview:-1"},"og_locale":"en_US","og_type":"article","og_title":"CAMERA KI\u1ec2M TRA \u0110\u01af\u1edcNG \u1ed0NG PCE INSTRUMENTS MODEL PCE-VE 380N","og_description":"Mua ngay CAMERA KI\u1ec2M TRA \u0110\u01af\u1edcNG \u1ed0NG PCE INSTRUMENTS MODEL PCE-VE 380N ch\u00ednh h\u00e3ng. Gi\u00e1 t\u1ed1t!","og_url":"https:\/\/vannangvn.123websitedev.com\/en\/product\/camera-kiem-tra-duong-ong-pce-instruments-model-pce-ve-380n\/","og_site_name":"Vannang.vn","article_modified_time":"2026-03-30T11:12:05+00:00","og_image":[{"width":768,"height":576,"url":"http:\/\/vannangvn.123websitedev.com\/wp-content\/uploads\/2026\/03\/PCE-Instruments-Model-PCE-VE-380N-no.4-copy.jpg","type":"image\/jpeg"}],"twitter_card":"summary_large_image","twitter_misc":{"Est. reading time":"7 minutes"},"schema":{"@context":"https:\/\/schema.org","@graph":[{"@type":"WebPage","@id":"https:\/\/vannangvn.123websitedev.com\/san-pham\/camera-kiem-tra-duong-ong-pce-instruments-model-pce-ve-380n\/","url":"https:\/\/vannangvn.123websitedev.com\/san-pham\/camera-kiem-tra-duong-ong-pce-instruments-model-pce-ve-380n\/","name":"CAMERA KI\u1ec2M TRA \u0110\u01af\u1edcNG \u1ed0NG PCE INSTR... ch\u00ednh h\u00e3ng | V\u1ea1n N\u0103ng","isPartOf":{"@id":"https:\/\/vannangvn.123websitedev.com\/#website"},"primaryImageOfPage":{"@id":"https:\/\/vannangvn.123websitedev.com\/san-pham\/camera-kiem-tra-duong-ong-pce-instruments-model-pce-ve-380n\/#primaryimage"},"image":{"@id":"https:\/\/vannangvn.123websitedev.com\/san-pham\/camera-kiem-tra-duong-ong-pce-instruments-model-pce-ve-380n\/#primaryimage"},"thumbnailUrl":"https:\/\/vannangvn.123websitedev.com\/wp-content\/uploads\/2026\/03\/PCE-Instruments-Model-PCE-VE-380N-no.4-copy.jpg","datePublished":"2026-03-20T10:21:44+00:00","dateModified":"2026-03-30T11:12:05+00:00","description":"Mua ngay CAMERA KI\u1ec2M TRA \u0110\u01af\u1edcNG \u1ed0NG PCE INSTRUMENTS MODEL PCE-VE 380N ch\u00ednh h\u00e3ng. Gi\u00e1 t\u1ed1t!","breadcrumb":{"@id":"https:\/\/vannangvn.123websitedev.com\/san-pham\/camera-kiem-tra-duong-ong-pce-instruments-model-pce-ve-380n\/#breadcrumb"},"inLanguage":"en-US","potentialAction":[{"@type":"ReadAction","target":["https:\/\/vannangvn.123websitedev.com\/san-pham\/camera-kiem-tra-duong-ong-pce-instruments-model-pce-ve-380n\/"]}]},{"@type":"ImageObject","inLanguage":"en-US","@id":"https:\/\/vannangvn.123websitedev.com\/san-pham\/camera-kiem-tra-duong-ong-pce-instruments-model-pce-ve-380n\/#primaryimage","url":"https:\/\/vannangvn.123websitedev.com\/wp-content\/uploads\/2026\/03\/PCE-Instruments-Model-PCE-VE-380N-no.4-copy.jpg","contentUrl":"https:\/\/vannangvn.123websitedev.com\/wp-content\/uploads\/2026\/03\/PCE-Instruments-Model-PCE-VE-380N-no.4-copy.jpg","width":768,"height":576},{"@type":"BreadcrumbList","@id":"https:\/\/vannangvn.123websitedev.com\/san-pham\/camera-kiem-tra-duong-ong-pce-instruments-model-pce-ve-380n\/#breadcrumb","itemListElement":[{"@type":"ListItem","position":1,"name":"Trang ch\u1ee7","item":"https:\/\/vannangvn.123websitedev.com\/"},{"@type":"ListItem","position":2,"name":"S\u1ea3n ph\u1ea9m","item":"https:\/\/vannangvn.123websitedev.com\/cua-hang\/"},{"@type":"ListItem","position":3,"name":"CAMERA KI\u1ec2M TRA \u0110\u01af\u1edcNG \u1ed0NG PCE INSTRUMENTS MODEL PCE-VE 380N"}]},{"@type":"WebSite","@id":"https:\/\/vannangvn.123websitedev.com\/#website","url":"https:\/\/vannangvn.123websitedev.com\/","name":"Vannang.vn","description":"","publisher":{"@id":"https:\/\/vannangvn.123websitedev.com\/#organization"},"potentialAction":[{"@type":"SearchAction","target":{"@type":"EntryPoint","urlTemplate":"https:\/\/vannangvn.123websitedev.com\/?s={search_term_string}"},"query-input":{"@type":"PropertyValueSpecification","valueRequired":true,"valueName":"search_term_string"}}],"inLanguage":"en-US"},{"@type":"Organization","@id":"https:\/\/vannangvn.123websitedev.com\/#organization","name":"Vannang.vn","url":"https:\/\/vannangvn.123websitedev.com\/","logo":{"@type":"ImageObject","inLanguage":"en-US","@id":"https:\/\/vannangvn.123websitedev.com\/#\/schema\/logo\/image\/","url":"https:\/\/vannangvn.123websitedev.com\/wp-content\/uploads\/2026\/02\/logo-van-nang-02.png","contentUrl":"https:\/\/vannangvn.123websitedev.com\/wp-content\/uploads\/2026\/02\/logo-van-nang-02.png","width":448,"height":111,"caption":"Vannang.vn"},"image":{"@id":"https:\/\/vannangvn.123websitedev.com\/#\/schema\/logo\/image\/"}}]}},"_links":{"self":[{"href":"https:\/\/vannangvn.123websitedev.com\/en\/wp-json\/wp\/v2\/product\/6081","targetHints":{"allow":["GET"]}}],"collection":[{"href":"https:\/\/vannangvn.123websitedev.com\/en\/wp-json\/wp\/v2\/product"}],"about":[{"href":"https:\/\/vannangvn.123websitedev.com\/en\/wp-json\/wp\/v2\/types\/product"}],"replies":[{"embeddable":true,"href":"https:\/\/vannangvn.123websitedev.com\/en\/wp-json\/wp\/v2\/comments?post=6081"}],"wp:featuredmedia":[{"embeddable":true,"href":"https:\/\/vannangvn.123websitedev.com\/en\/wp-json\/wp\/v2\/media\/10432"}],"wp:attachment":[{"href":"https:\/\/vannangvn.123websitedev.com\/en\/wp-json\/wp\/v2\/media?parent=6081"}],"wp:term":[{"taxonomy":"product_brand","embeddable":true,"href":"https:\/\/vannangvn.123websitedev.com\/en\/wp-json\/wp\/v2\/product_brand?post=6081"},{"taxonomy":"product_cat","embeddable":true,"href":"https:\/\/vannangvn.123websitedev.com\/en\/wp-json\/wp\/v2\/product_cat?post=6081"},{"taxonomy":"product_tag","embeddable":true,"href":"https:\/\/vannangvn.123websitedev.com\/en\/wp-json\/wp\/v2\/product_tag?post=6081"}],"curies":[{"name":"wp","href":"https:\/\/api.w.org\/{rel}","templated":true}]}}