{"id":6082,"date":"2026-03-20T17:21:45","date_gmt":"2026-03-20T10:21:45","guid":{"rendered":"https:\/\/vannangvn.123websitedev.com\/san-pham\/camera-kiem-tra-duong-ong-pce-instruments-model-pce-ve-390n\/"},"modified":"2026-03-30T18:12:06","modified_gmt":"2026-03-30T11:12:06","slug":"camera-kiem-tra-duong-ong-pce-instruments-model-pce-ve-390n","status":"publish","type":"product","link":"https:\/\/vannangvn.123websitedev.com\/en\/product\/camera-kiem-tra-duong-ong-pce-instruments-model-pce-ve-390n\/","title":{"rendered":"CAMERA KI\u1ec2M TRA \u0110\u01af\u1edcNG \u1ed0NG PCE INSTRUMENTS MODEL PCE-VE 390N"},"content":{"rendered":"<h1 style=\"color: red; font-weight: bold; font-size: 24px;\">T&#7893;ng quan s&#7843;n ph&#7849;m CAMERA KI&#7874;M TRA &#272;&#431;&#7900;NG &#7888;NG PCE INSTRUMENTS MODEL PCE-VE 390N<p>Camera Ki&#7875;m Tra &#272;&#432;&#7901;ng &#7888;ng (Drain Camera) PCE Instruments Model PCE-VE 390N<br>\nCamera Ki&#7875;m Tra &#272;&#432;&#7901;ng &#7888;ng PCE-VE 390N l&agrave; thi&#7871;t b&#7883; ti&ecirc;n ti&#7871;n h&#7895; tr&#7907; ki&#7875;m tra, b&#7843;o tr&igrave; c&aacute;c h&#7879; th&#7889;ng kh&oacute; ti&#7871;p c&#7853;n trong x&acirc;y d&#7921;ng, h&#7879; th&#7889;ng &#7889;ng n&#432;&#7899;c, v&agrave; c&aacute;c h&#7879; th&#7889;ng s&#432;&#7903;i, th&ocirc;ng gi&oacute;, &#273;i&#7873;u h&ograve;a kh&ocirc;ng kh&iacute; (HVAC). V&#7899;i d&acirc;y camera d&agrave;i 10 m, &#273;&#7847;u camera c&oacute; &#273;&#432;&#7901;ng k&iacute;nh 28 mm, v&agrave; ti&ecirc;u chu&#7849;n ch&#7889;ng n&#432;&#7899;c IP68, thi&#7871;t b&#7883; mang &#273;&#7871;n s&#7921; linh ho&#7841;t v&agrave; b&#7873;n b&#7881;, &#273;&#7863;c bi&#7879;t ph&ugrave; h&#7907;p v&#7899;i c&aacute;c m&ocirc;i tr&#432;&#7901;ng kh&#7855;c nghi&#7879;t nh&#432; c&ocirc;ng tr&#432;&#7901;ng x&acirc;y d&#7921;ng, h&#7879; th&#7889;ng &#7889;ng c&#7889;ng v&agrave; &#273;&#432;&#7901;ng &#7889;ng c&ocirc;ng nghi&#7879;p. H&atilde;y c&ugrave;ng V&#7841;n N&#259;ng t&igrave;m hi&#7875;u chi ti&#7871;t h&#417;n v&#7873; s&#7843;n ph&#7849;m th&ocirc;ng qua b&agrave;i vi&#7871;t d&#432;&#7899;i &#273;&acirc;y!<\/p><h2 style=\"color: #2e7d32; font-weight: bold; font-size: 20px;\">T&iacute;nh n&#259;ng n&#7893;i b&#7853;t c&#7911;a PCE-VE 390N<\/h2><p>D&acirc;y camera ch&#7889;ng n&#432;&#7899;c d&agrave;i 10 m: &#272;&#432;&#7907;c thi&#7871;t k&#7871; b&aacute;n linh ho&#7841;t, ph&ugrave; h&#7907;p cho vi&#7879;c ki&#7875;m tra s&acirc;u v&agrave; d&agrave;i.<br>\n&#272;&#7847;u camera &#273;&#432;&#7901;ng k&iacute;nh 28 mm: Camera Ki&#7875;m Tra PCE-VE 390N &#273;&#7911; nh&#7887; g&#7885;n &#273;&#7875; ti&#7871;p c&#7853;n c&aacute;c khu v&#7921;c ch&#7853;t h&#7865;p.<br>\nCh&#7889;ng n&#432;&#7899;c v&agrave; b&#7873;n b&#7881;: &#272;&#7841;t ti&ecirc;u chu&#7849;n IP68, &#273;&#7843;m b&#7843;o ho&#7841;t &#273;&#7897;ng &#7893;n &#273;&#7883;nh trong m&ocirc;i tr&#432;&#7901;ng &#7849;m &#432;&#7899;t ho&#7863;c nhi&#7873;u h&oacute;a ch&#7845;t.<\/p><p>B&#7897; nh&#7899; SD 8 GB &#273;i k&egrave;m: L&#432;u tr&#7919; h&igrave;nh &#7843;nh v&agrave; video tr&#7921;c ti&#7871;p, h&#7895; tr&#7907; vi&#7879;c b&aacute;o c&aacute;o v&agrave; ph&acirc;n t&iacute;ch sau ki&#7875;m tra.<br>\nH&#7879; th&#7889;ng chi&#7871;u s&aacute;ng LED t&iacute;ch h&#7907;p: Gi&uacute;p quan s&aacute;t r&otilde; r&agrave;ng ngay c&#7843; trong m&ocirc;i tr&#432;&#7901;ng thi&#7871;u s&aacute;ng.<br>\nH&#7897;p &#273;&#7921;ng b&#7843;o v&#7879; ch&#7855;c ch&#7855;n: Thu&#7853;n ti&#7879;n cho vi&#7879;c di chuy&#7875;n v&agrave; b&#7843;o qu&#7843;n.<\/p><p>&#7912;ng D&#7909;ng C&#7911;a PCE-VE 390N<br>\nKi&#7875;m tra h&#7879; th&#7889;ng &#7889;ng kh&oacute;i v&agrave; &#7889;ng c&#7889;ng<br>\nCamera PCE-VE 390N gi&uacute;p ki&#7875;m tra t&igrave;nh tr&#7841;ng c&#7911;a &#7889;ng kh&oacute;i, ph&aacute;t hi&#7879;n c&aacute;c v&#7871;t n&#7913;t, t&#7855;c ngh&#7869;n ho&#7863;c c&aacute;c v&#7845;n &#273;&#7873; li&ecirc;n quan &#273;&#7871;n c&#7845;u tr&uacute;c. Vi&#7879;c ki&#7875;m tra &#273;&#7883;nh k&#7923; gi&uacute;p ng&#259;n ng&#7915;a c&aacute;c r&#7911;i ro nh&#432; r&ograve; r&#7881; kh&iacute; th&#7843;i, t&#7855;c ngh&#7869;n h&#7879; th&#7889;ng HVAC g&acirc;y nguy hi&#7875;m cho ng&#432;&#7901;i s&#7917; d&#7909;ng.<br>\nB&#7843;o tr&igrave; v&agrave; ki&#7875;m tra h&#7879; th&#7889;ng HVAC<br>\nH&#7879; th&#7889;ng HVAC y&ecirc;u c&#7847;u c&aacute;c &#273;&#7907;t ki&#7875;m tra th&#432;&#7901;ng xuy&ecirc;n &#273;&#7875; &#273;&#7843;m b&#7843;o kh&ocirc;ng c&oacute; t&#7855;c ngh&#7869;n ho&#7863;c h&#432; h&#7887;ng. V&#7899;i Camera N&#7897;i Soi PCE-VE 390N, b&#7841;n d&#7877; d&agrave;ng ki&#7875;m tra &#7889;ng d&#7851;n kh&iacute;, &#7889;ng kh&oacute;i l&ograve; s&#432;&#7903;i hay c&aacute;c h&#7879; th&#7889;ng ng&#432;ng t&#7909; m&agrave; kh&ocirc;ng c&#7847;n th&aacute;o d&#7905; ph&#7913;c t&#7841;p.<\/p><p>&#7912;ng d&#7909;ng trong x&acirc;y d&#7921;ng v&agrave; ki&#7875;m tra b&#7843;o tr&igrave; &#273;&#7883;nh k&#7923;<\/p><p>Camera N&#7897;i Soi C&ocirc;ng Nghi&#7879;p PCE-VE 390N &#273;&aacute;nh gi&aacute; t&igrave;nh tr&#7841;ng c&aacute;c b&#7913;c t&#432;&#7901;ng, m&oacute;ng, m&aacute;ng n&#432;&#7899;c, g&aacute;c m&aacute;i v&agrave; t&#7847;ng h&#7847;m.<br>\nKi&#7875;m tra ch&#7845;t l&#432;&#7907;ng l&#7855;p &#273;&#7863;t &#7889;ng kh&oacute;i theo c&aacute;c ti&ecirc;u chu&#7849;n x&acirc;y d&#7921;ng.<br>\nPh&aacute;t hi&#7879;n s&#7899;m c&aacute;c v&#7845;n &#273;&#7873; v&#7873; k&#7871;t c&#7845;u ho&#7863;c hi&#7879;n t&#432;&#7907;ng t&iacute;ch t&#7909; ch&#7845;t th&#7843;i nguy hi&#7875;m.<\/p><p>S&#7917; d&#7909;ng trong c&aacute;c t&igrave;nh hu&#7889;ng &#273;&#7863;c bi&#7879;t<\/p><p>Thi&#7871;t B&#7883; Camera PCE VE390N x&aacute;c &#273;&#7883;nh m&#7913;c &#273;&#7897; h&#432; h&#7841;i sau h&#7887;a ho&#7841;n.<br>\nPh&ecirc; duy&#7879;t c&aacute;c &#7889;ng kh&oacute;i &#273;&atilde; ng&#7915;ng s&#7917; d&#7909;ng l&acirc;u ng&agrave;y.<br>\nT&#259;ng hi&#7879;u qu&#7843; v&agrave; &#273;&#7897; ch&iacute;nh x&aacute;c trong vi&#7879;c ki&#7875;m tra c&aacute;c h&#7879; th&#7889;ng kh&ocirc;ng th&#7875; ti&#7871;p c&#7853;n b&#7857;ng m&#7855;t th&#432;&#7901;ng.<\/p><p>&#431;u &#272;i&#7875;m V&#432;&#7907;t Tr&#7897;i C&#7911;a Camera PCE-VE 390N<\/p><p>Ti&#7871;t ki&#7879;m th&#7901;i gian: Lo&#7841;i b&#7887; nhu c&#7847;u th&aacute;o d&#7905; ho&#7863;c ki&#7875;m tra th&#7911; c&ocirc;ng.<br>\nN&acirc;ng cao ch&#7845;t l&#432;&#7907;ng ki&#7875;m tra: Cung c&#7845;p h&igrave;nh &#7843;nh r&otilde; n&eacute;t v&agrave; ch&iacute;nh x&aacute;c.<br>\n&#272;&aacute;p &#7913;ng ti&ecirc;u chu&#7849;n an to&agrave;n: Gi&#7843;m nguy c&#417; tai n&#7841;n v&agrave; &#273;&#7843;m b&#7843;o c&aacute;c h&#7879; th&#7889;ng ho&#7841;t &#273;&#7897;ng an to&agrave;n.<\/p><p>Nh&#7919;ng L&yacute; Do N&ecirc;n Mua Camera Ki&#7875;m Tra &#272;&#432;&#7901;ng &#7888;ng T&#7841;i V&#7841;n N&#259;ng<\/p><p>C&ocirc;ng ty Thi&#7871;t B&#7883; C&ocirc;ng Ngh&#7879; V&#7841;n N&#259;ng l&agrave; &#273;&#7889;i t&aacute;c ch&iacute;nh th&#7913;c ph&acirc;n ph&#7889;i Camera Ki&#7875;m Tra &#272;&#432;&#7901;ng &#7888;ng h&agrave;ng &#273;&#7847;u t&#7841;i Vi&#7879;t Nam, cam k&#7871;t cung c&#7845;p s&#7843;n ph&#7849;m ch&iacute;nh h&atilde;ng v&#7899;i gi&aacute; c&#7843; c&#7841;nh tranh nh&#7845;t th&#7883; tr&#432;&#7901;ng. V&#7899;i uy t&iacute;n tr&ecirc;n th&#7883; tr&#432;&#7901;ng v&agrave; ch&#7871; &#273;&#7897; h&#7851;u m&atilde;i t&#7889;t, Thi&#7871;t B&#7883; C&ocirc;ng Ngh&#7879; V&#7841;n N&#259;ng &#273;&atilde; nh&#7853;n &#273;&#432;&#7907;c s&#7921; tin t&#432;&#7903;ng t&#7915; kh&aacute;ch h&agrave;ng nh&#7901; v&agrave;o ch&#7845;t l&#432;&#7907;ng h&agrave;ng &#273;&#7847;u c&#7911;a c&aacute;c d&ograve;ng s&#7843;n ph&#7849;m.<br>\nS&#7843;n ph&#7849;m c&#7911;a ch&uacute;ng t&ocirc;i &#273;&#432;&#7907;c ki&#7875;m &#273;&#7883;nh ch&#7845;t l&#432;&#7907;ng, nh&#7853;p kh&#7849;u tr&#7921;c ti&#7871;p t&#7915; nh&agrave; m&aacute;y b&ecirc;n Ch&acirc;u &Acirc;u, M&#7929;, &Uacute;c, Nh&#7853;t B&#7843;n,&hellip; v&agrave; &#273;&aacute;p &#7913;ng nhu c&#7847;u &#273;a d&#7841;ng c&#7911;a th&#7883; tr&#432;&#7901;ng nh&#432;: M&aacute;y &#272;o &#272;&#7897; C&#7913;ng, M&aacute;y SPECTROMAXx, M&aacute;y Ki&#7875;m Tra &#272;&#432;&#7901;ng Gh&eacute;p M&iacute; Lon,&hellip; Ch&uacute;ng t&ocirc;i cam k&#7871;t cung c&#7845;p s&#7843;n ph&#7849;m n&agrave;y tr&ecirc;n to&agrave;n qu&#7889;c v&#7899;i gi&aacute; c&#7843; c&#7841;nh tranh nh&#7845;t.<br>\nCh&uacute;ng t&ocirc;i c&oacute; &#273;&#7897;i ng&#361; chuy&ecirc;n vi&ecirc;n t&#432; v&#7845;n chuy&ecirc;n s&acirc;u s&#7869; h&#7895; tr&#7907; kh&aacute;ch h&agrave;ng v&#7873; chi ti&#7871;t s&#7843;n ph&#7849;m, h&#432;&#7899;ng d&#7851;n s&#7917; d&#7909;ng hay nh&#7919;ng th&#7913; li&ecirc;n quan &#273;&#7871;n v&#7845;n &#273;&#7873; m&agrave; doanh nghi&#7879;p b&#7841;n &#273;ang g&#7863;p ph&#7843;i. Ch&uacute;ng t&ocirc;i s&#7869; cung c&#7845;p nh&#7919;ng gi&#7843;i ph&aacute;p t&#7889;i &#432;u nh&#7845;t!<br>\nNgo&agrave;i ra Thi&#7871;t B&#7883; C&ocirc;ng Ngh&#7879; V&#7841;n N&#259;ng Ch&uacute;ng T&ocirc;i lu&ocirc;n h&#432;&#7899;ng &#273;&#7871;n tr&#7843;i nghi&#7879;m kh&aacute;ch h&agrave;ng, v&igrave; v&#7853;y ch&uacute;ng t&ocirc;i c&oacute; nh&#7919;ng ch&iacute;nh s&aacute;ch b&#7843;o h&agrave;nh, b&#7843;o tr&igrave; &ndash; b&#7843;o d&#432;&#7905;ng, hi&#7879;u chu&#7849;n v&#7899;i t&#7845;t c&#7843; c&aacute;c thi&#7871;t b&#7883;, m&aacute;y m&oacute;c m&agrave; ch&uacute;ng t&ocirc;i cung c&#7845;p. &#272;&#7843;m b&#7843;o mang &#273;&#7871;n cho Kh&aacute;ch h&agrave;ng s&#7921; y&ecirc;n t&acirc;m tuy&#7879;t &#273;&#7889;i v&#7873; d&#7883;ch v&#7909; khi mua h&agrave;ng.<\/p><p>T&#7893;ng K&#7871;t<br>\nCamera Ki&#7875;m Tra &#7888;ng PCE-VE 390N l&agrave; gi&#7843;i ph&aacute;p hi&#7879;u qu&#7843; v&agrave; &#273;&aacute;ng tin c&#7853;y cho vi&#7879;c ki&#7875;m tra v&agrave; b&#7843;o tr&igrave; c&aacute;c h&#7879; th&#7889;ng k&#7929; thu&#7853;t quan tr&#7885;ng. V&#7899;i c&aacute;c t&iacute;nh n&#259;ng ti&ecirc;n ti&#7871;n v&agrave; thi&#7871;t k&#7871; ch&#7855;c ch&#7855;n, PCE-VE 390N kh&ocirc;ng ch&#7881; gi&uacute;p gi&#7843;m thi&#7875;u r&#7911;i ro m&agrave; c&ograve;n n&acirc;ng cao hi&#7879;u su&#7845;t l&agrave;m vi&#7879;c, ph&ugrave; h&#7907;p cho nhi&#7873;u l&#297;nh v&#7921;c t&#7915; x&acirc;y d&#7921;ng &#273;&#7871;n b&#7843;o tr&igrave; c&ocirc;ng nghi&#7879;p. H&atilde;y li&ecirc;n h&#7879; v&#7899;i V&#7841;n N&#259;ng Company &#273;&#7875; &#273;&#432;&#7907;c t&#432; v&#7845;n chi ti&#7871;t v&agrave; nh&#7853;n ngay &#432;u &#273;&atilde;i h&#7845;p d&#7851;n th&ocirc;ng qua hotline\/zalo: <a href=\"https:\/\/zalo.me\/0903991335\" target=\"_blank\" rel=\"noopener\" style=\"color: #059669; font-weight: bold; text-decoration: none;\">0903 991 335<\/a>!<\/p><div style=\"background-color: #f8fafc; border: 1px solid #e2e8f0; border-radius: 8px; padding: 25px; max-width: 800px; margin: 30px auto; color: #334155; line-height: 1.8; font-size: 17px; box-shadow: 0 4px 6px -1px rgba(0,0,0,0.05); text-align: left; clear: both;\">\nC&ocirc;ng ty TNHH Th&#432;&#417;ng M&#7841;i D&#7883;ch V&#7909; Thi&#7871;t B&#7883; C&ocirc;ng Ngh&#7879; V&#7841;n N&#259;ng\n<p style=\"margin: 0 0 10px 0;\">&#128205; <strong style=\"color: #1e293b;\">&#272;&#7883;a ch&#7881;:<\/strong> <a style=\"color: #059669; text-decoration: none; font-weight: bold;\" href=\"https:\/\/www.google.com\/maps\/search\/C%C3%B4ng+ty+TNHH+Th%C6%B0%C6%A1ng+M%E1%BA%A1i+D%E1%BB%8Bch+V%E1%BB%A5+Thi%E1%BA%BFt+B%E1%BB%8B+C%C3%B4ng+Ngh%E1%BB%87+V%E1%BA%A1n+N%C4%83ng+818+Tr%C6%B0%E1%BB%9Dng+Chinh\" target=\"_blank\" rel=\"noopener\">818 Tr&#432;&#7901;ng Chinh, Ph&#432;&#7901;ng T&acirc;n S&#417;n, Th&agrave;nh ph&#7889; H&#7891; Ch&iacute; Minh, Vi&#7879;t Nam<\/a><\/p>\n<p style=\"margin: 0 0 10px 0;\">&#128222; <strong style=\"color: #1e293b;\">S&#272;T &ndash; Zalo:<\/strong> <a style=\"color: #059669; text-decoration: none; font-weight: bold;\" href=\"https:\/\/zalo.me\/0903991335\" target=\"_blank\" rel=\"noopener\">0903 991 335<\/a> <span style=\"color: #64748b; font-style: italic;\">(Ms. H&#7841;nh &ndash; Gi&aacute;m &#272;&#7889;c Kinh Doanh)<\/span><\/p>\n<p style=\"margin: 0;\">&#9993;&#65039; <strong style=\"color: #1e293b;\">Email:<\/strong> <a style=\"color: #059669; text-decoration: none; font-weight: bold;\" href=\"mailto:hienhanh@vannangvn.com\">hienhanh@vannangvn.com<\/a><\/p>\n<\/div><\/h1>","protected":false},"excerpt":{"rendered":"<p><strong>Th&#432;&#417;ng hi&#7879;u:<\/strong> Camera Ki&#7875;m Tra &#272;&#432;&#7901;ng &#7888;ng PCE-VE 390N&nbsp;l&agrave; thi&#7871;t b&#7883; ti&ecirc;n ti&#7871;n h&#7895; tr&#7907; ki&#7875;m tra, b&#7843;o tr&igrave; c&aacute;c h&#7879; th&#7889;ng kh&oacute; ti&#7871;p c&#7853;n trong x&acirc;y d&#7921;ng, h&#7879; th&#7889;ng &#7889;ng n&#432;&#7899;c, v&agrave; c&aacute;c h&#7879; th&#7889;ng s&#432;&#7903;i, th&ocirc;ng gi&oacute;, &#273;i&#7873;u h&ograve;a kh&ocirc;ng kh&iacute; .<br>\n<strong>Model:<\/strong> PCE-VE 390N<p>Product <strong>CAMERA KI&#7874;M TRA &#272;&#431;&#7900;NG &#7888;NG PCE INSTRUMENTS MODEL PCE-VE 390N<\/strong> ch&iacute;nh h&atilde;ng. Camera Ki&#7875;m Tra &#272;&#432;&#7901;ng &#7888;ng PCE-VE 390N&nbsp;l&agrave; thi&#7871;t b&#7883; ti&ecirc;n ti&#7871;n h&#7895; tr&#7907; ki&#7875;m tra, b&#7843;o tr&igrave; c&aacute;c h&#7879; th&#7889;ng kh&oacute; ti&#7871;p c&#7853;n trong x&acirc;y d&#7921;ng, h&#7879; th&#7889;ng &#7889;ng n&#432;&#7899;c, v&agrave; c&aacute;c h&#7879; th&#7889;ng s&#432;&#7903;i, th&ocirc;ng gi&oacute;, &#273;i&#7873;u h&ograve;a kh&ocirc;ng kh&iacute; (HVAC).<\/p><\/p>","protected":false},"featured_media":10483,"comment_status":"open","ping_status":"closed","template":"","meta":[],"product_brand":[],"product_cat":[18],"product_tag":[611,614,116,208,209,333,346,581,598,608],"class_list":{"0":"post-6082","1":"product","2":"type-product","3":"status-publish","4":"has-post-thumbnail","6":"product_cat-chua-phan-loai","7":"product_tag-pce-ve","8":"product_tag-390n","9":"product_tag-model","10":"product_tag-kiem","11":"product_tag-tra","12":"product_tag-duong","13":"product_tag-pce","14":"product_tag-instruments","15":"product_tag-ong","16":"product_tag-camera","18":"first","19":"instock","20":"shipping-taxable","21":"product-type-simple"},"yoast_head":"<!-- This site is optimized with the Yoast SEO Premium plugin v24.8 (Yoast SEO v24.8) - https:\/\/yoast.com\/wordpress\/plugins\/seo\/ -->\n<title>CAMERA KI\u1ec2M TRA \u0110\u01af\u1edcNG \u1ed0NG PCE INSTR... ch\u00ednh h\u00e3ng | V\u1ea1n N\u0103ng<\/title>\n<meta name=\"description\" content=\"Mua ngay CAMERA KI\u1ec2M TRA \u0110\u01af\u1edcNG \u1ed0NG PCE INSTRUMENTS MODEL PCE-VE 390N ch\u00ednh h\u00e3ng. Gi\u00e1 t\u1ed1t!\" \/>\n<meta name=\"robots\" content=\"noindex, follow, max-snippet:-1, max-image-preview:large, max-video-preview:-1\" \/>\n<meta property=\"og:locale\" content=\"en_US\" \/>\n<meta property=\"og:type\" content=\"article\" \/>\n<meta property=\"og:title\" content=\"CAMERA KI\u1ec2M TRA \u0110\u01af\u1edcNG \u1ed0NG PCE INSTRUMENTS MODEL PCE-VE 390N\" \/>\n<meta property=\"og:description\" content=\"Mua ngay CAMERA KI\u1ec2M TRA \u0110\u01af\u1edcNG \u1ed0NG PCE INSTRUMENTS MODEL PCE-VE 390N ch\u00ednh h\u00e3ng. Gi\u00e1 t\u1ed1t!\" \/>\n<meta property=\"og:url\" content=\"https:\/\/vannangvn.123websitedev.com\/en\/product\/camera-kiem-tra-duong-ong-pce-instruments-model-pce-ve-390n\/\" \/>\n<meta property=\"og:site_name\" content=\"Vannang.vn\" \/>\n<meta property=\"article:modified_time\" content=\"2026-03-30T11:12:06+00:00\" \/>\n<meta property=\"og:image\" content=\"http:\/\/vannangvn.123websitedev.com\/wp-content\/uploads\/2026\/03\/PCE-VE-390N-no.1-copy.jpg\" \/>\n\t<meta property=\"og:image:width\" content=\"768\" \/>\n\t<meta property=\"og:image:height\" content=\"576\" \/>\n\t<meta property=\"og:image:type\" content=\"image\/jpeg\" \/>\n<meta name=\"twitter:card\" content=\"summary_large_image\" \/>\n<meta name=\"twitter:label1\" content=\"Est. reading time\" \/>\n\t<meta name=\"twitter:data1\" content=\"8 minutes\" \/>\n<script type=\"application\/ld+json\" class=\"yoast-schema-graph\">{\"@context\":\"https:\/\/schema.org\",\"@graph\":[{\"@type\":\"WebPage\",\"@id\":\"https:\/\/vannangvn.123websitedev.com\/san-pham\/camera-kiem-tra-duong-ong-pce-instruments-model-pce-ve-390n\/\",\"url\":\"https:\/\/vannangvn.123websitedev.com\/san-pham\/camera-kiem-tra-duong-ong-pce-instruments-model-pce-ve-390n\/\",\"name\":\"CAMERA KI\u1ec2M TRA \u0110\u01af\u1edcNG \u1ed0NG PCE INSTR... ch\u00ednh h\u00e3ng | V\u1ea1n N\u0103ng\",\"isPartOf\":{\"@id\":\"https:\/\/vannangvn.123websitedev.com\/#website\"},\"primaryImageOfPage\":{\"@id\":\"https:\/\/vannangvn.123websitedev.com\/san-pham\/camera-kiem-tra-duong-ong-pce-instruments-model-pce-ve-390n\/#primaryimage\"},\"image\":{\"@id\":\"https:\/\/vannangvn.123websitedev.com\/san-pham\/camera-kiem-tra-duong-ong-pce-instruments-model-pce-ve-390n\/#primaryimage\"},\"thumbnailUrl\":\"https:\/\/vannangvn.123websitedev.com\/wp-content\/uploads\/2026\/03\/PCE-VE-390N-no.1-copy.jpg\",\"datePublished\":\"2026-03-20T10:21:45+00:00\",\"dateModified\":\"2026-03-30T11:12:06+00:00\",\"description\":\"Mua ngay CAMERA KI\u1ec2M TRA \u0110\u01af\u1edcNG \u1ed0NG PCE INSTRUMENTS MODEL PCE-VE 390N ch\u00ednh h\u00e3ng. Gi\u00e1 t\u1ed1t!\",\"breadcrumb\":{\"@id\":\"https:\/\/vannangvn.123websitedev.com\/san-pham\/camera-kiem-tra-duong-ong-pce-instruments-model-pce-ve-390n\/#breadcrumb\"},\"inLanguage\":\"en-US\",\"potentialAction\":[{\"@type\":\"ReadAction\",\"target\":[\"https:\/\/vannangvn.123websitedev.com\/san-pham\/camera-kiem-tra-duong-ong-pce-instruments-model-pce-ve-390n\/\"]}]},{\"@type\":\"ImageObject\",\"inLanguage\":\"en-US\",\"@id\":\"https:\/\/vannangvn.123websitedev.com\/san-pham\/camera-kiem-tra-duong-ong-pce-instruments-model-pce-ve-390n\/#primaryimage\",\"url\":\"https:\/\/vannangvn.123websitedev.com\/wp-content\/uploads\/2026\/03\/PCE-VE-390N-no.1-copy.jpg\",\"contentUrl\":\"https:\/\/vannangvn.123websitedev.com\/wp-content\/uploads\/2026\/03\/PCE-VE-390N-no.1-copy.jpg\",\"width\":768,\"height\":576},{\"@type\":\"BreadcrumbList\",\"@id\":\"https:\/\/vannangvn.123websitedev.com\/san-pham\/camera-kiem-tra-duong-ong-pce-instruments-model-pce-ve-390n\/#breadcrumb\",\"itemListElement\":[{\"@type\":\"ListItem\",\"position\":1,\"name\":\"Trang ch\u1ee7\",\"item\":\"https:\/\/vannangvn.123websitedev.com\/\"},{\"@type\":\"ListItem\",\"position\":2,\"name\":\"S\u1ea3n ph\u1ea9m\",\"item\":\"https:\/\/vannangvn.123websitedev.com\/cua-hang\/\"},{\"@type\":\"ListItem\",\"position\":3,\"name\":\"CAMERA KI\u1ec2M TRA \u0110\u01af\u1edcNG \u1ed0NG PCE INSTRUMENTS MODEL PCE-VE 390N\"}]},{\"@type\":\"WebSite\",\"@id\":\"https:\/\/vannangvn.123websitedev.com\/#website\",\"url\":\"https:\/\/vannangvn.123websitedev.com\/\",\"name\":\"Vannang.vn\",\"description\":\"\",\"publisher\":{\"@id\":\"https:\/\/vannangvn.123websitedev.com\/#organization\"},\"potentialAction\":[{\"@type\":\"SearchAction\",\"target\":{\"@type\":\"EntryPoint\",\"urlTemplate\":\"https:\/\/vannangvn.123websitedev.com\/?s={search_term_string}\"},\"query-input\":{\"@type\":\"PropertyValueSpecification\",\"valueRequired\":true,\"valueName\":\"search_term_string\"}}],\"inLanguage\":\"en-US\"},{\"@type\":\"Organization\",\"@id\":\"https:\/\/vannangvn.123websitedev.com\/#organization\",\"name\":\"Vannang.vn\",\"url\":\"https:\/\/vannangvn.123websitedev.com\/\",\"logo\":{\"@type\":\"ImageObject\",\"inLanguage\":\"en-US\",\"@id\":\"https:\/\/vannangvn.123websitedev.com\/#\/schema\/logo\/image\/\",\"url\":\"https:\/\/vannangvn.123websitedev.com\/wp-content\/uploads\/2026\/02\/logo-van-nang-02.png\",\"contentUrl\":\"https:\/\/vannangvn.123websitedev.com\/wp-content\/uploads\/2026\/02\/logo-van-nang-02.png\",\"width\":448,\"height\":111,\"caption\":\"Vannang.vn\"},\"image\":{\"@id\":\"https:\/\/vannangvn.123websitedev.com\/#\/schema\/logo\/image\/\"}}]}<\/script>\n<!-- \/ Yoast SEO Premium plugin. -->","yoast_head_json":{"title":"CAMERA KI\u1ec2M TRA \u0110\u01af\u1edcNG \u1ed0NG PCE INSTR... ch\u00ednh h\u00e3ng | V\u1ea1n N\u0103ng","description":"Mua ngay CAMERA KI\u1ec2M TRA \u0110\u01af\u1edcNG \u1ed0NG PCE INSTRUMENTS MODEL PCE-VE 390N ch\u00ednh h\u00e3ng. Gi\u00e1 t\u1ed1t!","robots":{"index":"noindex","follow":"follow","max-snippet":"max-snippet:-1","max-image-preview":"max-image-preview:large","max-video-preview":"max-video-preview:-1"},"og_locale":"en_US","og_type":"article","og_title":"CAMERA KI\u1ec2M TRA \u0110\u01af\u1edcNG \u1ed0NG PCE INSTRUMENTS MODEL PCE-VE 390N","og_description":"Mua ngay CAMERA KI\u1ec2M TRA \u0110\u01af\u1edcNG \u1ed0NG PCE INSTRUMENTS MODEL PCE-VE 390N ch\u00ednh h\u00e3ng. Gi\u00e1 t\u1ed1t!","og_url":"https:\/\/vannangvn.123websitedev.com\/en\/product\/camera-kiem-tra-duong-ong-pce-instruments-model-pce-ve-390n\/","og_site_name":"Vannang.vn","article_modified_time":"2026-03-30T11:12:06+00:00","og_image":[{"width":768,"height":576,"url":"http:\/\/vannangvn.123websitedev.com\/wp-content\/uploads\/2026\/03\/PCE-VE-390N-no.1-copy.jpg","type":"image\/jpeg"}],"twitter_card":"summary_large_image","twitter_misc":{"Est. reading time":"8 minutes"},"schema":{"@context":"https:\/\/schema.org","@graph":[{"@type":"WebPage","@id":"https:\/\/vannangvn.123websitedev.com\/san-pham\/camera-kiem-tra-duong-ong-pce-instruments-model-pce-ve-390n\/","url":"https:\/\/vannangvn.123websitedev.com\/san-pham\/camera-kiem-tra-duong-ong-pce-instruments-model-pce-ve-390n\/","name":"CAMERA KI\u1ec2M TRA \u0110\u01af\u1edcNG \u1ed0NG PCE INSTR... ch\u00ednh h\u00e3ng | V\u1ea1n N\u0103ng","isPartOf":{"@id":"https:\/\/vannangvn.123websitedev.com\/#website"},"primaryImageOfPage":{"@id":"https:\/\/vannangvn.123websitedev.com\/san-pham\/camera-kiem-tra-duong-ong-pce-instruments-model-pce-ve-390n\/#primaryimage"},"image":{"@id":"https:\/\/vannangvn.123websitedev.com\/san-pham\/camera-kiem-tra-duong-ong-pce-instruments-model-pce-ve-390n\/#primaryimage"},"thumbnailUrl":"https:\/\/vannangvn.123websitedev.com\/wp-content\/uploads\/2026\/03\/PCE-VE-390N-no.1-copy.jpg","datePublished":"2026-03-20T10:21:45+00:00","dateModified":"2026-03-30T11:12:06+00:00","description":"Mua ngay CAMERA KI\u1ec2M TRA \u0110\u01af\u1edcNG \u1ed0NG PCE INSTRUMENTS MODEL PCE-VE 390N ch\u00ednh h\u00e3ng. Gi\u00e1 t\u1ed1t!","breadcrumb":{"@id":"https:\/\/vannangvn.123websitedev.com\/san-pham\/camera-kiem-tra-duong-ong-pce-instruments-model-pce-ve-390n\/#breadcrumb"},"inLanguage":"en-US","potentialAction":[{"@type":"ReadAction","target":["https:\/\/vannangvn.123websitedev.com\/san-pham\/camera-kiem-tra-duong-ong-pce-instruments-model-pce-ve-390n\/"]}]},{"@type":"ImageObject","inLanguage":"en-US","@id":"https:\/\/vannangvn.123websitedev.com\/san-pham\/camera-kiem-tra-duong-ong-pce-instruments-model-pce-ve-390n\/#primaryimage","url":"https:\/\/vannangvn.123websitedev.com\/wp-content\/uploads\/2026\/03\/PCE-VE-390N-no.1-copy.jpg","contentUrl":"https:\/\/vannangvn.123websitedev.com\/wp-content\/uploads\/2026\/03\/PCE-VE-390N-no.1-copy.jpg","width":768,"height":576},{"@type":"BreadcrumbList","@id":"https:\/\/vannangvn.123websitedev.com\/san-pham\/camera-kiem-tra-duong-ong-pce-instruments-model-pce-ve-390n\/#breadcrumb","itemListElement":[{"@type":"ListItem","position":1,"name":"Trang ch\u1ee7","item":"https:\/\/vannangvn.123websitedev.com\/"},{"@type":"ListItem","position":2,"name":"S\u1ea3n ph\u1ea9m","item":"https:\/\/vannangvn.123websitedev.com\/cua-hang\/"},{"@type":"ListItem","position":3,"name":"CAMERA KI\u1ec2M TRA \u0110\u01af\u1edcNG \u1ed0NG PCE INSTRUMENTS MODEL PCE-VE 390N"}]},{"@type":"WebSite","@id":"https:\/\/vannangvn.123websitedev.com\/#website","url":"https:\/\/vannangvn.123websitedev.com\/","name":"Vannang.vn","description":"","publisher":{"@id":"https:\/\/vannangvn.123websitedev.com\/#organization"},"potentialAction":[{"@type":"SearchAction","target":{"@type":"EntryPoint","urlTemplate":"https:\/\/vannangvn.123websitedev.com\/?s={search_term_string}"},"query-input":{"@type":"PropertyValueSpecification","valueRequired":true,"valueName":"search_term_string"}}],"inLanguage":"en-US"},{"@type":"Organization","@id":"https:\/\/vannangvn.123websitedev.com\/#organization","name":"Vannang.vn","url":"https:\/\/vannangvn.123websitedev.com\/","logo":{"@type":"ImageObject","inLanguage":"en-US","@id":"https:\/\/vannangvn.123websitedev.com\/#\/schema\/logo\/image\/","url":"https:\/\/vannangvn.123websitedev.com\/wp-content\/uploads\/2026\/02\/logo-van-nang-02.png","contentUrl":"https:\/\/vannangvn.123websitedev.com\/wp-content\/uploads\/2026\/02\/logo-van-nang-02.png","width":448,"height":111,"caption":"Vannang.vn"},"image":{"@id":"https:\/\/vannangvn.123websitedev.com\/#\/schema\/logo\/image\/"}}]}},"_links":{"self":[{"href":"https:\/\/vannangvn.123websitedev.com\/en\/wp-json\/wp\/v2\/product\/6082","targetHints":{"allow":["GET"]}}],"collection":[{"href":"https:\/\/vannangvn.123websitedev.com\/en\/wp-json\/wp\/v2\/product"}],"about":[{"href":"https:\/\/vannangvn.123websitedev.com\/en\/wp-json\/wp\/v2\/types\/product"}],"replies":[{"embeddable":true,"href":"https:\/\/vannangvn.123websitedev.com\/en\/wp-json\/wp\/v2\/comments?post=6082"}],"wp:featuredmedia":[{"embeddable":true,"href":"https:\/\/vannangvn.123websitedev.com\/en\/wp-json\/wp\/v2\/media\/10483"}],"wp:attachment":[{"href":"https:\/\/vannangvn.123websitedev.com\/en\/wp-json\/wp\/v2\/media?parent=6082"}],"wp:term":[{"taxonomy":"product_brand","embeddable":true,"href":"https:\/\/vannangvn.123websitedev.com\/en\/wp-json\/wp\/v2\/product_brand?post=6082"},{"taxonomy":"product_cat","embeddable":true,"href":"https:\/\/vannangvn.123websitedev.com\/en\/wp-json\/wp\/v2\/product_cat?post=6082"},{"taxonomy":"product_tag","embeddable":true,"href":"https:\/\/vannangvn.123websitedev.com\/en\/wp-json\/wp\/v2\/product_tag?post=6082"}],"curies":[{"name":"wp","href":"https:\/\/api.w.org\/{rel}","templated":true}]}}