{"id":6092,"date":"2026-03-20T17:21:54","date_gmt":"2026-03-20T10:21:54","guid":{"rendered":"https:\/\/vannangvn.123websitedev.com\/san-pham\/can-phan-tich-mettler-toledo-model-ml204t-00\/"},"modified":"2026-03-30T18:12:18","modified_gmt":"2026-03-30T11:12:18","slug":"can-phan-tich-mettler-toledo-model-ml204t-00","status":"publish","type":"product","link":"https:\/\/vannangvn.123websitedev.com\/en\/product\/can-phan-tich-mettler-toledo-model-ml204t-00\/","title":{"rendered":"C\u00c2N PH\u00c2N T\u00cdCH METTLER TOLEDO MODEL ML204T\/00"},"content":{"rendered":"<h1 style=\"color: red; font-weight: bold; font-size: 24px;\">T&#7893;ng quan s&#7843;n ph&#7849;m C&Acirc;N PH&Acirc;N T&Iacute;CH METTLER TOLEDO MODEL ML204T\/00<p>C&acirc;n Ph&acirc;n T&iacute;ch Mettler Toledo Model ML204T\/00<br>\nC&acirc;n Ph&acirc;n T&iacute;ch Analytical Balances ML204T\/00 l&agrave; gi&#7843;i ph&aacute;p c&acirc;n ch&iacute;nh x&aacute;c cao thu&#7897;c d&ograve;ng ML-T n&acirc;ng cao c&#7911;a METTLER TOLEDO, &#273;&#432;&#7907;c thi&#7871;t k&#7871; &#273;&#7875; &#273;&aacute;p &#7913;ng &#273;a d&#7841;ng nhu c&#7847;u c&acirc;n trong ph&ograve;ng th&iacute; nghi&#7879;m hi&#7879;n &#273;&#7841;i. V&#7899;i c&ocirc;ng su&#7845;t t&#7889;i &#273;a 220 g v&agrave; &#273;&#7897; ph&acirc;n gi&#7843;i 0,1 mg, s&#7843;n ph&#7849;m mang l&#7841;i hi&#7879;u su&#7845;t &#7893;n &#273;&#7883;nh, &#273;&#7897; tin c&#7853;y cao v&agrave; kh&#7843; n&#259;ng v&#7853;n h&agrave;nh linh ho&#7841;t cho c&aacute;c l&#297;nh v&#7921;c nh&#432; d&#432;&#7907;c ph&#7849;m, h&oacute;a ch&#7845;t, th&#7921;c ph&#7849;m &amp; &#273;&#7891; u&#7889;ng. H&atilde;y c&ugrave;ng V&#7841;n N&#259;ng t&igrave;m hi&#7875;u chi ti&#7871;t h&#417;n v&#7873; s&#7843;n ph&#7849;m th&ocirc;ng qua b&agrave;i vi&#7871;t d&#432;&#7899;i &#273;&acirc;y nh&eacute;!<\/p><p>N&eacute;t &#272;&#7863;c Tr&#432;ng C&#7911;a ML204T\/00<br>\nThi&#7871;t k&#7871; nh&#7887; g&#7885;n<br>\nML204T\/00 s&#7903; h&#7919;u thi&#7871;t k&#7871; nh&#7887; g&#7885;n, ti&#7879;n d&#7909;ng, gi&uacute;p ti&#7871;t ki&#7879;m di&#7879;n t&iacute;ch b&agrave;n c&acirc;n nh&#432;ng v&#7851;n t&iacute;ch h&#7907;p &#273;&#7847;y &#273;&#7911; c&aacute;c t&iacute;nh n&#259;ng c&#7847;n thi&#7871;t. V&#7887; c&acirc;n l&agrave;m t&#7915; nh&ocirc;m &#273;&uacute;c k&#7871;t h&#7907;p nh&#7921;a ABS, b&#7873;n ch&#7855;c v&agrave; d&#7877; v&#7879; sinh, ph&ugrave; h&#7907;p v&#7899;i m&ocirc;i tr&#432;&#7901;ng ph&ograve;ng lab y&ecirc;u c&#7847;u ti&ecirc;u chu&#7849;n v&#7879; sinh cao.<br>\nHi&#7879;u su&#7845;t c&acirc;n ch&iacute;nh x&aacute;c v&agrave; &#7893;n &#273;&#7883;nh<br>\nC&acirc;n cung c&#7845;p kh&#7843; n&#259;ng l&#7863;p l&#7841;i 0,08 mg, tuy&#7871;n t&iacute;nh &#273;i&#7875;n h&igrave;nh 0,06 mg, th&#7901;i gian &#7893;n &#273;&#7883;nh nhanh ch&#7881; 2 gi&acirc;y, gi&uacute;p t&#259;ng t&#7889;c quy tr&igrave;nh l&agrave;m vi&#7879;c m&agrave; v&#7851;n &#273;&#7843;m b&#7843;o &#273;&#7897; ch&iacute;nh x&aacute;c. T&iacute;nh n&#259;ng hi&#7879;u ch&#7881;nh n&#7897;i t&#7921; &#273;&#7897;ng (FACT) c&ugrave;ng h&#432;&#7899;ng d&#7851;n c&acirc;n b&#7857;ng c&oacute; ch&#7881; d&#7851;n h&#7895; tr&#7907; ng&#432;&#7901;i d&ugrave;ng v&#7853;n h&agrave;nh d&#7877; d&agrave;ng v&agrave; h&#7841;n ch&#7871; sai s&#7889;.<br>\nM&agrave;n h&igrave;nh c&#7843;m &#7913;ng &amp; qu&#7843;n l&yacute; th&ocirc;ng minh<br>\nTrang b&#7883; m&agrave;n h&igrave;nh m&agrave;u c&#7843;m &#7913;ng TFT 4,5 inch, ML204T\/00 cho tr&#7843;i nghi&#7879;m thao t&aacute;c tr&#7921;c quan. H&#7879; th&#7889;ng qu&#7843;n l&yacute; ng&#432;&#7901;i d&ugrave;ng, ph&acirc;n quy&#7873;n v&agrave; b&#7843;o v&#7879; b&#7857;ng m&#7853;t kh&#7849;u gi&uacute;p ki&#7875;m so&aacute;t d&#7919; li&#7879;u t&#7889;t h&#417;n, &#273;&aacute;p &#7913;ng y&ecirc;u c&#7847;u truy xu&#7845;t v&agrave; t&iacute;nh to&agrave;n v&#7865;n d&#7919; li&#7879;u trong ph&ograve;ng th&iacute; nghi&#7879;m.<br>\nD&#7877; d&agrave;ng t&iacute;ch h&#7907;p h&#7879; th&#7889;ng<br>\nC&acirc;n h&#7895; tr&#7907; &#273;a d&#7841;ng c&#7893;ng k&#7871;t n&#7889;i nh&#432; Ethernet (LAN), USB, RS232, c&ugrave;ng c&aacute;c t&ugrave;y ch&#7885;n Bluetooth v&agrave; WLAN, cho ph&eacute;p d&#7877; d&agrave;ng truy&#7873;n d&#7919; li&#7879;u, in b&aacute;o c&aacute;o ho&#7863;c t&iacute;ch h&#7907;p v&agrave;o h&#7879; th&#7889;ng qu&#7843;n l&yacute; ph&ograve;ng lab.<\/p><p>&#7912;ng D&#7909;ng &#272;a D&#7841;ng<br>\nM&aacute;y ML204T\/00 h&#7895; tr&#7907; nhi&#7873;u ch&#7871; &#273;&#7897; c&acirc;n nh&#432;: c&acirc;n th&ocirc;ng th&#432;&#7901;ng, c&acirc;n ki&#7875;m tra, c&acirc;n ph&#7847;n tr&#259;m, c&acirc;n &#273;&#7871;m, c&acirc;n &#273;&#7897;ng, c&acirc;n t&#7927; tr&#7885;ng, c&ocirc;ng th&#7913;c, t&#7893;ng, &#273;&aacute;p &#7913;ng linh ho&#7841;t c&aacute;c y&ecirc;u c&#7847;u ph&acirc;n t&iacute;ch v&agrave; ki&#7875;m so&aacute;t ch&#7845;t l&#432;&#7907;ng.<\/p><p>Nh&#7919;ng L&yacute; Do N&ecirc;n Mua C&acirc;n Ph&acirc;n T&iacute;ch T&#7841;i V&#7841;n N&#259;ng<\/p><p>C&ocirc;ng ty Thi&#7871;t B&#7883; C&ocirc;ng Ngh&#7879; V&#7841;n N&#259;ng l&agrave; &#273;&#7889;i t&aacute;c ch&iacute;nh th&#7913;c ph&acirc;n ph&#7889;i C&acirc;n Ph&acirc;n T&iacute;ch h&agrave;ng &#273;&#7847;u t&#7841;i Vi&#7879;t Nam, cam k&#7871;t cung c&#7845;p s&#7843;n ph&#7849;m ch&iacute;nh h&atilde;ng v&#7899;i gi&aacute; c&#7843; c&#7841;nh tranh nh&#7845;t th&#7883; tr&#432;&#7901;ng. V&#7899;i uy t&iacute;n tr&ecirc;n th&#7883; tr&#432;&#7901;ng v&agrave; ch&#7871; &#273;&#7897; h&#7851;u m&atilde;i t&#7889;t, Thi&#7871;t B&#7883; C&ocirc;ng Ngh&#7879; V&#7841;n N&#259;ng &#273;&atilde; nh&#7853;n &#273;&#432;&#7907;c s&#7921; tin t&#432;&#7903;ng t&#7915; kh&aacute;ch h&agrave;ng nh&#7901; v&agrave;o ch&#7845;t l&#432;&#7907;ng h&agrave;ng &#273;&#7847;u c&#7911;a c&aacute;c d&ograve;ng s&#7843;n ph&#7849;m.<br>\nS&#7843;n ph&#7849;m c&#7911;a ch&uacute;ng t&ocirc;i &#273;&#432;&#7907;c ki&#7875;m &#273;&#7883;nh ch&#7845;t l&#432;&#7907;ng, nh&#7853;p kh&#7849;u tr&#7921;c ti&#7871;p t&#7915; nh&agrave; m&aacute;y b&ecirc;n Ch&acirc;u &Acirc;u, M&#7929;, &Uacute;c, Nh&#7853;t B&#7843;n,&hellip; v&agrave; &#273;&aacute;p &#7913;ng nhu c&#7847;u &#273;a d&#7841;ng c&#7911;a th&#7883; tr&#432;&#7901;ng nh&#432;: M&aacute;y &#272;o &#272;&#7897; C&#7913;ng, M&aacute;y SPECTROMAXx, M&aacute;y Ki&#7875;m Tra &#272;&#432;&#7901;ng Gh&eacute;p M&iacute; Lon,&hellip; Ch&uacute;ng t&ocirc;i cam k&#7871;t cung c&#7845;p s&#7843;n ph&#7849;m n&agrave;y tr&ecirc;n to&agrave;n qu&#7889;c v&#7899;i gi&aacute; c&#7843; c&#7841;nh tranh nh&#7845;t.<br>\nCh&uacute;ng t&ocirc;i c&oacute; &#273;&#7897;i ng&#361; chuy&ecirc;n vi&ecirc;n t&#432; v&#7845;n chuy&ecirc;n s&acirc;u s&#7869; h&#7895; tr&#7907; kh&aacute;ch h&agrave;ng v&#7873; chi ti&#7871;t s&#7843;n ph&#7849;m, h&#432;&#7899;ng d&#7851;n s&#7917; d&#7909;ng hay nh&#7919;ng th&#7913; li&ecirc;n quan &#273;&#7871;n v&#7845;n &#273;&#7873; m&agrave; doanh nghi&#7879;p b&#7841;n &#273;ang g&#7863;p ph&#7843;i. Ch&uacute;ng t&ocirc;i s&#7869; cung c&#7845;p nh&#7919;ng gi&#7843;i ph&aacute;p t&#7889;i &#432;u nh&#7845;t!<br>\nNgo&agrave;i ra Thi&#7871;t B&#7883; C&ocirc;ng Ngh&#7879; V&#7841;n N&#259;ng Ch&uacute;ng T&ocirc;i lu&ocirc;n h&#432;&#7899;ng &#273;&#7871;n tr&#7843;i nghi&#7879;m kh&aacute;ch h&agrave;ng, v&igrave; v&#7853;y ch&uacute;ng t&ocirc;i c&oacute; nh&#7919;ng ch&iacute;nh s&aacute;ch b&#7843;o h&agrave;nh, b&#7843;o tr&igrave; &ndash; b&#7843;o d&#432;&#7905;ng, hi&#7879;u chu&#7849;n v&#7899;i t&#7845;t c&#7843; c&aacute;c thi&#7871;t b&#7883;, m&aacute;y m&oacute;c m&agrave; ch&uacute;ng t&ocirc;i cung c&#7845;p. &#272;&#7843;m b&#7843;o mang &#273;&#7871;n cho Kh&aacute;ch h&agrave;ng s&#7921; y&ecirc;n t&acirc;m tuy&#7879;t &#273;&#7889;i v&#7873; d&#7883;ch v&#7909; khi mua h&agrave;ng.<\/p><p>T&#7893;ng K&#7871;t<br>\nAnalytical Balances ML204T\/00 l&agrave; l&#7921;a ch&#7885;n l&yacute; t&#432;&#7903;ng cho c&aacute;c ph&ograve;ng th&iacute; nghi&#7879;m c&#7847;n m&#7897;t c&acirc;n ph&acirc;n t&iacute;ch ch&iacute;nh x&aacute;c, nh&#7887; g&#7885;n, d&#7877; s&#7917; d&#7909;ng v&agrave; k&#7871;t n&#7889;i linh ho&#7841;t. V&#7899;i ch&#7845;t l&#432;&#7907;ng &#273;&atilde; &#273;&#432;&#7907;c kh&#7859;ng &#273;&#7883;nh t&#7915; METTLER TOLEDO, s&#7843;n ph&#7849;m mang l&#7841;i s&#7921; y&ecirc;n t&acirc;m l&acirc;u d&agrave;i cho c&ocirc;ng vi&#7879;c c&acirc;n &#273;o ch&iacute;nh x&aacute;c m&#7895;i ng&agrave;y. H&atilde;y li&ecirc;n h&#7879; v&#7899;i V&#7841;n N&#259;ng ngay &#273;&#7875; &#273;&#432;&#7907;c t&#432; v&#7845;n chuy&ecirc;n s&acirc;u v&agrave; nh&#7853;n nh&#7919;ng &#432;u &#273;&atilde;i h&#7845;p d&#7851;n nh&#7845;t th&ocirc;ng qua hotline0903 991 335 !<\/p><div style=\"background-color: #f8fafc; border: 1px solid #e2e8f0; border-radius: 8px; padding: 25px; max-width: 800px; margin: 30px auto; color: #334155; line-height: 1.8; font-size: 17px; box-shadow: 0 4px 6px -1px rgba(0,0,0,0.05); text-align: left; clear: both;\">\nC&ocirc;ng ty TNHH Th&#432;&#417;ng M&#7841;i D&#7883;ch V&#7909; Thi&#7871;t B&#7883; C&ocirc;ng Ngh&#7879; V&#7841;n N&#259;ng\n<p style=\"margin: 0 0 10px 0;\">&#128205; <strong style=\"color: #1e293b;\">&#272;&#7883;a ch&#7881;:<\/strong> <a style=\"color: #059669; text-decoration: none; font-weight: bold;\" href=\"https:\/\/www.google.com\/maps\/search\/C%C3%B4ng+ty+TNHH+Th%C6%B0%C6%A1ng+M%E1%BA%A1i+D%E1%BB%8Bch+V%E1%BB%A5+Thi%E1%BA%BFt+B%E1%BB%8B+C%C3%B4ng+Ngh%E1%BB%87+V%E1%BA%A1n+N%C4%83ng+818+Tr%C6%B0%E1%BB%9Dng+Chinh\" target=\"_blank\" rel=\"noopener\">818 Tr&#432;&#7901;ng Chinh, Ph&#432;&#7901;ng T&acirc;n S&#417;n, Th&agrave;nh ph&#7889; H&#7891; Ch&iacute; Minh, Vi&#7879;t Nam<\/a><\/p>\n<p style=\"margin: 0 0 10px 0;\">&#128222; <strong style=\"color: #1e293b;\">S&#272;T &ndash; Zalo:<\/strong> <a style=\"color: #059669; text-decoration: none; font-weight: bold;\" href=\"https:\/\/zalo.me\/0903991335\" target=\"_blank\" rel=\"noopener\">0903 991 335<\/a> <span style=\"color: #64748b; font-style: italic;\">(Ms. H&#7841;nh &ndash; Gi&aacute;m &#272;&#7889;c Kinh Doanh)<\/span><\/p>\n<p style=\"margin: 0;\">&#9993;&#65039; <strong style=\"color: #1e293b;\">Email:<\/strong> <a style=\"color: #059669; text-decoration: none; font-weight: bold;\" href=\"mailto:hienhanh@vannangvn.com\">hienhanh@vannangvn.com<\/a><\/p>\n<\/div><\/h1>","protected":false},"excerpt":{"rendered":"<p><strong>Th&#432;&#417;ng hi&#7879;u:<\/strong> Mettler Toledo<br>\nC&acirc;n ph&acirc;n t&iacute;ch METTLER TOLEDO ML204T\/00 c&ocirc;ng su&#7845;t 220 g, &#273;&#7897; ph&acirc;n gi&#7843;i 0,1 mg, thi&#7871;t k&#7871; nh&#7887; g&#7885;n, hi&#7879;u ch&#7881;nh t&#7921; &#273;&#7897;ng, qu&#7843;n l&yacute; ng&#432;&#7901;i d&ugrave;ng v&agrave; k&#7871;t n&#7889;i linh ho&#7841;t, l&yacute; t&#432;&#7903;ng cho ph&ograve;ng th&iacute; nghi&#7879;m hi&#7879;n &#273;&#7841;i.<br>\n<strong>Model:<\/strong> ML204T\/00<p>Product <strong>C&Acirc;N PH&Acirc;N T&Iacute;CH METTLER TOLEDO MODEL ML204T\/00<\/strong> ch&iacute;nh h&atilde;ng. Mettler Toledo<br>\nC&acirc;n ph&acirc;n t&iacute;ch METTLER TOLEDO ML204T\/00 c&ocirc;ng su&#7845;t 220 g, &#273;&#7897; ph&acirc;n gi&#7843;i 0,1 mg, thi&#7871;t k&#7871; nh&#7887; g&#7885;n, hi&#7879;u ch&#7881;nh t&#7921; &#273;&#7897;ng, qu&#7843;n l&yacute; ng&#432;&#7901;i d&ugrave;ng v&agrave; k&#7871;t n&#7889;i linh ho&#7841;t, l&yacute; t&#432;&#7903;ng cho ph&ograve;ng th&iacute; nghi&#7879;m hi&#7879;n &#273;&#7841;i.<\/p><\/p>","protected":false},"featured_media":10228,"comment_status":"open","ping_status":"closed","template":"","meta":[],"product_brand":[],"product_cat":[18],"product_tag":[116,275,316,576,577,629,635],"class_list":{"0":"post-6092","1":"product","2":"type-product","3":"status-publish","4":"has-post-thumbnail","6":"product_cat-chua-phan-loai","7":"product_tag-model","8":"product_tag-phan","9":"product_tag-can","10":"product_tag-mettler","11":"product_tag-toledo","12":"product_tag-tich","13":"product_tag-ml204t-00","15":"first","16":"instock","17":"shipping-taxable","18":"product-type-simple"},"yoast_head":"<!-- This site is optimized with the Yoast SEO Premium plugin v24.8 (Yoast SEO v24.8) - https:\/\/yoast.com\/wordpress\/plugins\/seo\/ -->\n<title>C\u00c2N PH\u00c2N T\u00cdCH METTLER TOLEDO MODEL ... ch\u00ednh h\u00e3ng | V\u1ea1n N\u0103ng<\/title>\n<meta name=\"description\" content=\"Mua ngay C\u00c2N PH\u00c2N T\u00cdCH METTLER TOLEDO MODEL ML204T\/00 ch\u00ednh h\u00e3ng. C\u00e2n ph\u00e2n t\u00edch METTLER TOLEDO ML204T\/00 c\u00f4ng su\u1ea5t 220 g, \u0111\u1ed9 ph\u00e2n... Gi\u00e1 t\u1ed1t!\" \/>\n<meta name=\"robots\" content=\"noindex, follow, max-snippet:-1, max-image-preview:large, max-video-preview:-1\" \/>\n<meta property=\"og:locale\" content=\"en_US\" \/>\n<meta property=\"og:type\" content=\"article\" \/>\n<meta property=\"og:title\" content=\"C\u00c2N PH\u00c2N T\u00cdCH METTLER TOLEDO MODEL ML204T\/00\" \/>\n<meta property=\"og:description\" content=\"Mua ngay C\u00c2N PH\u00c2N T\u00cdCH METTLER TOLEDO MODEL ML204T\/00 ch\u00ednh h\u00e3ng. C\u00e2n ph\u00e2n t\u00edch METTLER TOLEDO ML204T\/00 c\u00f4ng su\u1ea5t 220 g, \u0111\u1ed9 ph\u00e2n... Gi\u00e1 t\u1ed1t!\" \/>\n<meta property=\"og:url\" content=\"https:\/\/vannangvn.123websitedev.com\/en\/product\/can-phan-tich-mettler-toledo-model-ml204t-00\/\" \/>\n<meta property=\"og:site_name\" content=\"Vannang.vn\" \/>\n<meta property=\"article:modified_time\" content=\"2026-03-30T11:12:18+00:00\" \/>\n<meta property=\"og:image\" content=\"http:\/\/vannangvn.123websitedev.com\/wp-content\/uploads\/2026\/03\/ML204T00-768x576-copy.jpg\" \/>\n\t<meta property=\"og:image:width\" content=\"768\" \/>\n\t<meta property=\"og:image:height\" content=\"576\" \/>\n\t<meta property=\"og:image:type\" content=\"image\/jpeg\" \/>\n<meta name=\"twitter:card\" content=\"summary_large_image\" \/>\n<meta name=\"twitter:label1\" content=\"Est. reading time\" \/>\n\t<meta name=\"twitter:data1\" content=\"6 minutes\" \/>\n<script type=\"application\/ld+json\" class=\"yoast-schema-graph\">{\"@context\":\"https:\/\/schema.org\",\"@graph\":[{\"@type\":\"WebPage\",\"@id\":\"https:\/\/vannangvn.123websitedev.com\/san-pham\/can-phan-tich-mettler-toledo-model-ml204t-00\/\",\"url\":\"https:\/\/vannangvn.123websitedev.com\/san-pham\/can-phan-tich-mettler-toledo-model-ml204t-00\/\",\"name\":\"C\u00c2N PH\u00c2N T\u00cdCH METTLER TOLEDO MODEL ... ch\u00ednh h\u00e3ng | V\u1ea1n N\u0103ng\",\"isPartOf\":{\"@id\":\"https:\/\/vannangvn.123websitedev.com\/#website\"},\"primaryImageOfPage\":{\"@id\":\"https:\/\/vannangvn.123websitedev.com\/san-pham\/can-phan-tich-mettler-toledo-model-ml204t-00\/#primaryimage\"},\"image\":{\"@id\":\"https:\/\/vannangvn.123websitedev.com\/san-pham\/can-phan-tich-mettler-toledo-model-ml204t-00\/#primaryimage\"},\"thumbnailUrl\":\"https:\/\/vannangvn.123websitedev.com\/wp-content\/uploads\/2026\/03\/ML204T00-768x576-copy.jpg\",\"datePublished\":\"2026-03-20T10:21:54+00:00\",\"dateModified\":\"2026-03-30T11:12:18+00:00\",\"description\":\"Mua ngay C\u00c2N PH\u00c2N T\u00cdCH METTLER TOLEDO MODEL ML204T\/00 ch\u00ednh h\u00e3ng. C\u00e2n ph\u00e2n t\u00edch METTLER TOLEDO ML204T\/00 c\u00f4ng su\u1ea5t 220 g, \u0111\u1ed9 ph\u00e2n... Gi\u00e1 t\u1ed1t!\",\"breadcrumb\":{\"@id\":\"https:\/\/vannangvn.123websitedev.com\/san-pham\/can-phan-tich-mettler-toledo-model-ml204t-00\/#breadcrumb\"},\"inLanguage\":\"en-US\",\"potentialAction\":[{\"@type\":\"ReadAction\",\"target\":[\"https:\/\/vannangvn.123websitedev.com\/san-pham\/can-phan-tich-mettler-toledo-model-ml204t-00\/\"]}]},{\"@type\":\"ImageObject\",\"inLanguage\":\"en-US\",\"@id\":\"https:\/\/vannangvn.123websitedev.com\/san-pham\/can-phan-tich-mettler-toledo-model-ml204t-00\/#primaryimage\",\"url\":\"https:\/\/vannangvn.123websitedev.com\/wp-content\/uploads\/2026\/03\/ML204T00-768x576-copy.jpg\",\"contentUrl\":\"https:\/\/vannangvn.123websitedev.com\/wp-content\/uploads\/2026\/03\/ML204T00-768x576-copy.jpg\",\"width\":768,\"height\":576},{\"@type\":\"BreadcrumbList\",\"@id\":\"https:\/\/vannangvn.123websitedev.com\/san-pham\/can-phan-tich-mettler-toledo-model-ml204t-00\/#breadcrumb\",\"itemListElement\":[{\"@type\":\"ListItem\",\"position\":1,\"name\":\"Trang ch\u1ee7\",\"item\":\"https:\/\/vannangvn.123websitedev.com\/\"},{\"@type\":\"ListItem\",\"position\":2,\"name\":\"S\u1ea3n ph\u1ea9m\",\"item\":\"https:\/\/vannangvn.123websitedev.com\/cua-hang\/\"},{\"@type\":\"ListItem\",\"position\":3,\"name\":\"C\u00c2N PH\u00c2N T\u00cdCH METTLER TOLEDO MODEL ML204T\/00\"}]},{\"@type\":\"WebSite\",\"@id\":\"https:\/\/vannangvn.123websitedev.com\/#website\",\"url\":\"https:\/\/vannangvn.123websitedev.com\/\",\"name\":\"Vannang.vn\",\"description\":\"\",\"publisher\":{\"@id\":\"https:\/\/vannangvn.123websitedev.com\/#organization\"},\"potentialAction\":[{\"@type\":\"SearchAction\",\"target\":{\"@type\":\"EntryPoint\",\"urlTemplate\":\"https:\/\/vannangvn.123websitedev.com\/?s={search_term_string}\"},\"query-input\":{\"@type\":\"PropertyValueSpecification\",\"valueRequired\":true,\"valueName\":\"search_term_string\"}}],\"inLanguage\":\"en-US\"},{\"@type\":\"Organization\",\"@id\":\"https:\/\/vannangvn.123websitedev.com\/#organization\",\"name\":\"Vannang.vn\",\"url\":\"https:\/\/vannangvn.123websitedev.com\/\",\"logo\":{\"@type\":\"ImageObject\",\"inLanguage\":\"en-US\",\"@id\":\"https:\/\/vannangvn.123websitedev.com\/#\/schema\/logo\/image\/\",\"url\":\"https:\/\/vannangvn.123websitedev.com\/wp-content\/uploads\/2026\/02\/logo-van-nang-02.png\",\"contentUrl\":\"https:\/\/vannangvn.123websitedev.com\/wp-content\/uploads\/2026\/02\/logo-van-nang-02.png\",\"width\":448,\"height\":111,\"caption\":\"Vannang.vn\"},\"image\":{\"@id\":\"https:\/\/vannangvn.123websitedev.com\/#\/schema\/logo\/image\/\"}}]}<\/script>\n<!-- \/ Yoast SEO Premium plugin. -->","yoast_head_json":{"title":"C\u00c2N PH\u00c2N T\u00cdCH METTLER TOLEDO MODEL ... ch\u00ednh h\u00e3ng | V\u1ea1n N\u0103ng","description":"Mua ngay C\u00c2N PH\u00c2N T\u00cdCH METTLER TOLEDO MODEL ML204T\/00 ch\u00ednh h\u00e3ng. C\u00e2n ph\u00e2n t\u00edch METTLER TOLEDO ML204T\/00 c\u00f4ng su\u1ea5t 220 g, \u0111\u1ed9 ph\u00e2n... Gi\u00e1 t\u1ed1t!","robots":{"index":"noindex","follow":"follow","max-snippet":"max-snippet:-1","max-image-preview":"max-image-preview:large","max-video-preview":"max-video-preview:-1"},"og_locale":"en_US","og_type":"article","og_title":"C\u00c2N PH\u00c2N T\u00cdCH METTLER TOLEDO MODEL ML204T\/00","og_description":"Mua ngay C\u00c2N PH\u00c2N T\u00cdCH METTLER TOLEDO MODEL ML204T\/00 ch\u00ednh h\u00e3ng. C\u00e2n ph\u00e2n t\u00edch METTLER TOLEDO ML204T\/00 c\u00f4ng su\u1ea5t 220 g, \u0111\u1ed9 ph\u00e2n... Gi\u00e1 t\u1ed1t!","og_url":"https:\/\/vannangvn.123websitedev.com\/en\/product\/can-phan-tich-mettler-toledo-model-ml204t-00\/","og_site_name":"Vannang.vn","article_modified_time":"2026-03-30T11:12:18+00:00","og_image":[{"width":768,"height":576,"url":"http:\/\/vannangvn.123websitedev.com\/wp-content\/uploads\/2026\/03\/ML204T00-768x576-copy.jpg","type":"image\/jpeg"}],"twitter_card":"summary_large_image","twitter_misc":{"Est. reading time":"6 minutes"},"schema":{"@context":"https:\/\/schema.org","@graph":[{"@type":"WebPage","@id":"https:\/\/vannangvn.123websitedev.com\/san-pham\/can-phan-tich-mettler-toledo-model-ml204t-00\/","url":"https:\/\/vannangvn.123websitedev.com\/san-pham\/can-phan-tich-mettler-toledo-model-ml204t-00\/","name":"C\u00c2N PH\u00c2N T\u00cdCH METTLER TOLEDO MODEL ... ch\u00ednh h\u00e3ng | V\u1ea1n N\u0103ng","isPartOf":{"@id":"https:\/\/vannangvn.123websitedev.com\/#website"},"primaryImageOfPage":{"@id":"https:\/\/vannangvn.123websitedev.com\/san-pham\/can-phan-tich-mettler-toledo-model-ml204t-00\/#primaryimage"},"image":{"@id":"https:\/\/vannangvn.123websitedev.com\/san-pham\/can-phan-tich-mettler-toledo-model-ml204t-00\/#primaryimage"},"thumbnailUrl":"https:\/\/vannangvn.123websitedev.com\/wp-content\/uploads\/2026\/03\/ML204T00-768x576-copy.jpg","datePublished":"2026-03-20T10:21:54+00:00","dateModified":"2026-03-30T11:12:18+00:00","description":"Mua ngay C\u00c2N PH\u00c2N T\u00cdCH METTLER TOLEDO MODEL ML204T\/00 ch\u00ednh h\u00e3ng. C\u00e2n ph\u00e2n t\u00edch METTLER TOLEDO ML204T\/00 c\u00f4ng su\u1ea5t 220 g, \u0111\u1ed9 ph\u00e2n... Gi\u00e1 t\u1ed1t!","breadcrumb":{"@id":"https:\/\/vannangvn.123websitedev.com\/san-pham\/can-phan-tich-mettler-toledo-model-ml204t-00\/#breadcrumb"},"inLanguage":"en-US","potentialAction":[{"@type":"ReadAction","target":["https:\/\/vannangvn.123websitedev.com\/san-pham\/can-phan-tich-mettler-toledo-model-ml204t-00\/"]}]},{"@type":"ImageObject","inLanguage":"en-US","@id":"https:\/\/vannangvn.123websitedev.com\/san-pham\/can-phan-tich-mettler-toledo-model-ml204t-00\/#primaryimage","url":"https:\/\/vannangvn.123websitedev.com\/wp-content\/uploads\/2026\/03\/ML204T00-768x576-copy.jpg","contentUrl":"https:\/\/vannangvn.123websitedev.com\/wp-content\/uploads\/2026\/03\/ML204T00-768x576-copy.jpg","width":768,"height":576},{"@type":"BreadcrumbList","@id":"https:\/\/vannangvn.123websitedev.com\/san-pham\/can-phan-tich-mettler-toledo-model-ml204t-00\/#breadcrumb","itemListElement":[{"@type":"ListItem","position":1,"name":"Trang ch\u1ee7","item":"https:\/\/vannangvn.123websitedev.com\/"},{"@type":"ListItem","position":2,"name":"S\u1ea3n ph\u1ea9m","item":"https:\/\/vannangvn.123websitedev.com\/cua-hang\/"},{"@type":"ListItem","position":3,"name":"C\u00c2N PH\u00c2N T\u00cdCH METTLER TOLEDO MODEL ML204T\/00"}]},{"@type":"WebSite","@id":"https:\/\/vannangvn.123websitedev.com\/#website","url":"https:\/\/vannangvn.123websitedev.com\/","name":"Vannang.vn","description":"","publisher":{"@id":"https:\/\/vannangvn.123websitedev.com\/#organization"},"potentialAction":[{"@type":"SearchAction","target":{"@type":"EntryPoint","urlTemplate":"https:\/\/vannangvn.123websitedev.com\/?s={search_term_string}"},"query-input":{"@type":"PropertyValueSpecification","valueRequired":true,"valueName":"search_term_string"}}],"inLanguage":"en-US"},{"@type":"Organization","@id":"https:\/\/vannangvn.123websitedev.com\/#organization","name":"Vannang.vn","url":"https:\/\/vannangvn.123websitedev.com\/","logo":{"@type":"ImageObject","inLanguage":"en-US","@id":"https:\/\/vannangvn.123websitedev.com\/#\/schema\/logo\/image\/","url":"https:\/\/vannangvn.123websitedev.com\/wp-content\/uploads\/2026\/02\/logo-van-nang-02.png","contentUrl":"https:\/\/vannangvn.123websitedev.com\/wp-content\/uploads\/2026\/02\/logo-van-nang-02.png","width":448,"height":111,"caption":"Vannang.vn"},"image":{"@id":"https:\/\/vannangvn.123websitedev.com\/#\/schema\/logo\/image\/"}}]}},"_links":{"self":[{"href":"https:\/\/vannangvn.123websitedev.com\/en\/wp-json\/wp\/v2\/product\/6092","targetHints":{"allow":["GET"]}}],"collection":[{"href":"https:\/\/vannangvn.123websitedev.com\/en\/wp-json\/wp\/v2\/product"}],"about":[{"href":"https:\/\/vannangvn.123websitedev.com\/en\/wp-json\/wp\/v2\/types\/product"}],"replies":[{"embeddable":true,"href":"https:\/\/vannangvn.123websitedev.com\/en\/wp-json\/wp\/v2\/comments?post=6092"}],"wp:featuredmedia":[{"embeddable":true,"href":"https:\/\/vannangvn.123websitedev.com\/en\/wp-json\/wp\/v2\/media\/10228"}],"wp:attachment":[{"href":"https:\/\/vannangvn.123websitedev.com\/en\/wp-json\/wp\/v2\/media?parent=6092"}],"wp:term":[{"taxonomy":"product_brand","embeddable":true,"href":"https:\/\/vannangvn.123websitedev.com\/en\/wp-json\/wp\/v2\/product_brand?post=6092"},{"taxonomy":"product_cat","embeddable":true,"href":"https:\/\/vannangvn.123websitedev.com\/en\/wp-json\/wp\/v2\/product_cat?post=6092"},{"taxonomy":"product_tag","embeddable":true,"href":"https:\/\/vannangvn.123websitedev.com\/en\/wp-json\/wp\/v2\/product_tag?post=6092"}],"curies":[{"name":"wp","href":"https:\/\/api.w.org\/{rel}","templated":true}]}}