{"id":6109,"date":"2026-03-20T17:22:17","date_gmt":"2026-03-20T10:22:17","guid":{"rendered":"https:\/\/vannangvn.123websitedev.com\/san-pham\/cap-giao-dien-byk-model-usb-cable-micro-gloss-cat-no-4405\/"},"modified":"2026-03-30T18:12:39","modified_gmt":"2026-03-30T11:12:39","slug":"cap-giao-dien-byk-model-usb-cable-micro-gloss-cat-no-4405","status":"publish","type":"product","link":"https:\/\/vannangvn.123websitedev.com\/en\/product\/cap-giao-dien-byk-model-usb-cable-micro-gloss-cat-no-4405\/","title":{"rendered":"C\u00c1P GIAO DI\u1ec6N BYK MODEL USB-CABLE MICRO-GLOSS CAT NO.4405"},"content":{"rendered":"<h1 style=\"color: red; font-weight: bold; font-size: 24px;\">T&#7893;ng quan s&#7843;n ph&#7849;m C&Aacute;P GIAO DI&#7878;N BYK MODEL USB-CABLE MICRO-GLOSS CAT NO.4405<p>C&aacute;p Giao Di&#7879;n (Interface Cable) BYK Model USB-Cable micro-gloss Cat No.4405<br>\nC&aacute;p Giao Di&#7879;n BYK Model USB-Cable micro-gloss l&agrave; ph&#7909; ki&#7879;n ch&iacute;nh h&atilde;ng &#273;&#432;&#7907;c thi&#7871;t k&#7871; &#273;&#7863;c bi&#7879;t &#273;&#7875; truy&#7873;n d&#7919; li&#7879;u t&#7915; c&aacute;c thi&#7871;t b&#7883; &#273;o &#273;&#7897; b&oacute;ng c&#7911;a BYK, nh&#432; micro-gloss v&agrave; micro-TRI-gloss, sang m&aacute;y t&iacute;nh th&ocirc;ng qua c&#7893;ng USB-A. S&#7843;n ph&#7849;m n&agrave;y &#273;&#7843;m b&#7843;o vi&#7879;c truy&#7873;n d&#7919; li&#7879;u nhanh ch&oacute;ng, &#7893;n &#273;&#7883;nh v&agrave; &#273;&#7891;ng b&#7897;, ph&#7909;c v&#7909; hi&#7879;u qu&#7843; cho c&aacute;c nhu c&#7847;u ki&#7875;m tra ch&#7845;t l&#432;&#7907;ng v&agrave; ph&acirc;n t&iacute;ch trong ph&ograve;ng th&iacute; nghi&#7879;m ho&#7863;c d&acirc;y chuy&#7873;n s&#7843;n xu&#7845;t. H&atilde;y c&ugrave;ng V&#7841;n N&#259;ng t&igrave;m hi&#7875;u chi ti&#7871;t h&#417;n v&#7873; s&#7843;n ph&#7849;m th&ocirc;ng qua b&agrave;i vi&#7871;t d&#432;&#7899;i &#273;&acirc;y nh&eacute;!<\/p><p>Xem th&ecirc;m: M&aacute;y &#272;o &#272;&#7897; B&oacute;ng &#272;a G&oacute;c BYK Model micro-TRI-gloss &micro; Cat No.4564<\/p><p>N&eacute;t &#272;&#7863;c Tr&#432;ng C&#7911;a USB-Cable micro-gloss<\/p><p>K&#7871;t n&#7889;i &#273;&aacute;ng tin c&#7853;y: &#272;&#432;&#7907;c thi&#7871;t k&#7871; &#273;&#7875; t&#432;&#417;ng th&iacute;ch ho&agrave;n h&#7843;o v&#7899;i c&aacute;c Thi&#7871;t B&#7883; &#272;o &#273;&#7897; B&oacute;ng micro-gloss v&agrave; Model micro-TRI-gloss c&#7911;a BYK, &#273;&#7843;m b&#7843;o vi&#7879;c truy&#7873;n d&#7919; li&#7879;u ch&iacute;nh x&aacute;c v&agrave; kh&ocirc;ng b&#7883; gi&aacute;n &#273;o&#7841;n.<br>\nChu&#7849;n giao ti&#7871;p USB-A: S&#7917; d&#7909;ng c&#7893;ng USB-A ph&#7893; bi&#7871;n, d&#7877; d&agrave;ng k&#7871;t n&#7889;i v&#7899;i h&#7847;u h&#7871;t c&aacute;c m&aacute;y t&iacute;nh v&agrave; thi&#7871;t b&#7883; l&#432;u tr&#7919; d&#7919; li&#7879;u hi&#7879;n nay.<br>\nH&#7895; tr&#7907; ph&#7847;n m&#7873;m chuy&ecirc;n d&#7909;ng: T&#432;&#417;ng th&iacute;ch v&#7899;i c&aacute;c ph&#7847;n m&#7873;m ph&acirc;n t&iacute;ch d&#7919; li&#7879;u nh&#432; smart-lab Gloss v&agrave; smart-process Gloss, gi&uacute;p ng&#432;&#7901;i d&ugrave;ng d&#7877; d&agrave;ng x&#7917; l&yacute; v&agrave; l&#432;u tr&#7919; k&#7871;t qu&#7843; &#273;o l&#432;&#7901;ng.<\/p><p>Xem th&ecirc;m: Gi&#7845;y &#272;o Nhi&#7879;t &#272;&#7897; ThermaL 10D<\/p><p>L&#7907;i &Iacute;ch Khi S&#7917; S&#7909;ng USB-Cable micro-gloss<\/p><p>T&#7889;i &#432;u h&oacute;a quy tr&igrave;nh l&agrave;m vi&#7879;c: Gi&uacute;p ng&#432;&#7901;i d&ugrave;ng d&#7877; d&agrave;ng chuy&#7875;n d&#7919; li&#7879;u t&#7915; thi&#7871;t b&#7883; &#273;o sang m&aacute;y t&iacute;nh &#273;&#7875; ph&acirc;n t&iacute;ch v&agrave; l&#432;u tr&#7919;, ti&#7871;t ki&#7879;m th&#7901;i gian v&agrave; c&ocirc;ng s&#7913;c.<br>\n&#272;&#7843;m b&#7843;o &#273;&#7897; ch&iacute;nh x&aacute;c: Vi&#7879;c s&#7917; d&#7909;ng c&aacute;p ch&iacute;nh h&atilde;ng &#273;&#7843;m b&#7843;o d&#7919; li&#7879;u &#273;&#432;&#7907;c truy&#7873;n t&#7843;i ch&iacute;nh x&aacute;c, h&#7895; tr&#7907; qu&aacute; tr&igrave;nh ki&#7875;m tra ch&#7845;t l&#432;&#7907;ng s&#7843;n ph&#7849;m m&#7897;t c&aacute;ch hi&#7879;u qu&#7843;.<br>\nD&#7877; d&agrave;ng t&iacute;ch h&#7907;p: T&#432;&#417;ng th&iacute;ch v&#7899;i c&aacute;c ph&#7847;n m&#7873;m ph&acirc;n t&iacute;ch d&#7919; li&#7879;u c&#7911;a BYK, gi&uacute;p ng&#432;&#7901;i d&ugrave;ng d&#7877; d&agrave;ng t&iacute;ch h&#7907;p v&agrave;o quy tr&igrave;nh l&agrave;m vi&#7879;c hi&#7879;n t&#7841;i.<\/p><p>Xem th&ecirc;m: Thi&#7871;t B&#7883; &#272;o &#272;&#7897; &#272;&agrave;n H&#7891;i Rubber Rebound Resilience Tester Bareiss<\/p><p>Nh&#7919;ng L&yacute; Do N&ecirc;n Mua C&aacute;p Giao Di&#7879;n T&#7841;i V&#7841;n N&#259;ng<\/p><p>C&ocirc;ng ty Thi&#7871;t B&#7883; C&ocirc;ng Ngh&#7879; V&#7841;n N&#259;ng l&agrave; &#273;&#7889;i t&aacute;c ch&iacute;nh th&#7913;c ph&acirc;n ph&#7889;i C&aacute;p Giao Di&#7879;n h&agrave;ng &#273;&#7847;u t&#7841;i Vi&#7879;t Nam, cam k&#7871;t cung c&#7845;p s&#7843;n ph&#7849;m ch&iacute;nh h&atilde;ng v&#7899;i gi&aacute; c&#7843; c&#7841;nh tranh nh&#7845;t th&#7883; tr&#432;&#7901;ng. V&#7899;i uy t&iacute;n tr&ecirc;n th&#7883; tr&#432;&#7901;ng v&agrave; ch&#7871; &#273;&#7897; h&#7851;u m&atilde;i t&#7889;t, Thi&#7871;t B&#7883; C&ocirc;ng Ngh&#7879; V&#7841;n N&#259;ng &#273;&atilde; nh&#7853;n &#273;&#432;&#7907;c s&#7921; tin t&#432;&#7903;ng t&#7915; kh&aacute;ch h&agrave;ng nh&#7901; v&agrave;o ch&#7845;t l&#432;&#7907;ng h&agrave;ng &#273;&#7847;u c&#7911;a c&aacute;c d&ograve;ng s&#7843;n ph&#7849;m.<br>\nS&#7843;n ph&#7849;m c&#7911;a ch&uacute;ng t&ocirc;i &#273;&#432;&#7907;c ki&#7875;m &#273;&#7883;nh ch&#7845;t l&#432;&#7907;ng, nh&#7853;p kh&#7849;u tr&#7921;c ti&#7871;p t&#7915; nh&agrave; m&aacute;y b&ecirc;n Ch&acirc;u &Acirc;u, M&#7929;, &Uacute;c, Nh&#7853;t B&#7843;n,&hellip; v&agrave; &#273;&aacute;p &#7913;ng nhu c&#7847;u &#273;a d&#7841;ng c&#7911;a th&#7883; tr&#432;&#7901;ng nh&#432;: M&aacute;y &#272;o &#272;&#7897; C&#7913;ng, M&aacute;y SPECTROMAXx, M&aacute;y Ki&#7875;m Tra &#272;&#432;&#7901;ng Gh&eacute;p M&iacute; Lon,&hellip; Ch&uacute;ng t&ocirc;i cam k&#7871;t cung c&#7845;p s&#7843;n ph&#7849;m n&agrave;y tr&ecirc;n to&agrave;n qu&#7889;c v&#7899;i gi&aacute; c&#7843; c&#7841;nh tranh nh&#7845;t.<br>\nCh&uacute;ng t&ocirc;i c&oacute; &#273;&#7897;i ng&#361; chuy&ecirc;n vi&ecirc;n t&#432; v&#7845;n chuy&ecirc;n s&acirc;u s&#7869; h&#7895; tr&#7907; kh&aacute;ch h&agrave;ng v&#7873; chi ti&#7871;t s&#7843;n ph&#7849;m, h&#432;&#7899;ng d&#7851;n s&#7917; d&#7909;ng hay nh&#7919;ng th&#7913; li&ecirc;n quan &#273;&#7871;n v&#7845;n &#273;&#7873; m&agrave; doanh nghi&#7879;p b&#7841;n &#273;ang g&#7863;p ph&#7843;i. Ch&uacute;ng t&ocirc;i s&#7869; cung c&#7845;p nh&#7919;ng gi&#7843;i ph&aacute;p t&#7889;i &#432;u nh&#7845;t!<br>\nNgo&agrave;i ra Thi&#7871;t B&#7883; C&ocirc;ng Ngh&#7879; V&#7841;n N&#259;ng Ch&uacute;ng T&ocirc;i lu&ocirc;n h&#432;&#7899;ng &#273;&#7871;n tr&#7843;i nghi&#7879;m kh&aacute;ch h&agrave;ng, v&igrave; v&#7853;y ch&uacute;ng t&ocirc;i c&oacute; nh&#7919;ng ch&iacute;nh s&aacute;ch b&#7843;o h&agrave;nh, b&#7843;o tr&igrave; &ndash; b&#7843;o d&#432;&#7905;ng, hi&#7879;u chu&#7849;n v&#7899;i t&#7845;t c&#7843; c&aacute;c thi&#7871;t b&#7883;, m&aacute;y m&oacute;c m&agrave; ch&uacute;ng t&ocirc;i cung c&#7845;p. &#272;&#7843;m b&#7843;o mang &#273;&#7871;n cho Kh&aacute;ch h&agrave;ng s&#7921; y&ecirc;n t&acirc;m tuy&#7879;t &#273;&#7889;i v&#7873; d&#7883;ch v&#7909; khi mua h&agrave;ng.<\/p><p>Xem th&ecirc;m: M&aacute;y Ph&acirc;n T&iacute;ch &#272;&#7897; &#7848;m Anton Paar Brabender Aquatrac-V 2024<\/p><p>K&#7871;t lu&#7853;n<br>\nC&aacute;p Giao Di&#7879;n BYK USB-Cable micro-gloss l&agrave; ph&#7909; ki&#7879;n kh&ocirc;ng th&#7875; thi&#7871;u cho c&aacute;c chuy&ecirc;n gia trong l&#297;nh v&#7921;c ki&#7875;m tra &#273;&#7897; b&oacute;ng b&#7873; m&#7863;t. V&#7899;i thi&#7871;t k&#7871; chuy&ecirc;n d&#7909;ng, kh&#7843; n&#259;ng k&#7871;t n&#7889;i &#7893;n &#273;&#7883;nh v&agrave; h&#7895; tr&#7907; ph&#7847;n m&#7873;m ph&acirc;n t&iacute;ch m&#7841;nh m&#7869;, s&#7843;n ph&#7849;m n&agrave;y gi&uacute;p n&acirc;ng cao hi&#7879;u qu&#7843; v&agrave; &#273;&#7897; ch&iacute;nh x&aacute;c trong c&ocirc;ng vi&#7879;c &#273;o l&#432;&#7901;ng v&agrave; ki&#7875;m tra ch&#7845;t l&#432;&#7907;ng. H&atilde;y li&ecirc;n h&#7879; v&#7899;i V&#7841;n N&#259;ng ngay &#273;&#7875; &#273;&#432;&#7907;c t&#432; v&#7845;n chuy&ecirc;n s&acirc;u v&agrave; nh&#7853;n nh&#7919;ng &#432;u &#273;&atilde;i h&#7845;p d&#7851;n nh&#7845;t th&ocirc;ng qua hotline0903 991 335 !<\/p><div style=\"background-color: #f8fafc; border: 1px solid #e2e8f0; border-radius: 8px; padding: 25px; max-width: 800px; margin: 30px auto; color: #334155; line-height: 1.8; font-size: 17px; box-shadow: 0 4px 6px -1px rgba(0,0,0,0.05); text-align: left; clear: both;\">\nC&ocirc;ng ty TNHH Th&#432;&#417;ng M&#7841;i D&#7883;ch V&#7909; Thi&#7871;t B&#7883; C&ocirc;ng Ngh&#7879; V&#7841;n N&#259;ng\n<p style=\"margin: 0 0 10px 0;\">&#128205; <strong style=\"color: #1e293b;\">&#272;&#7883;a ch&#7881;:<\/strong> <a style=\"color: #059669; text-decoration: none; font-weight: bold;\" href=\"https:\/\/www.google.com\/maps\/search\/C%C3%B4ng+ty+TNHH+Th%C6%B0%C6%A1ng+M%E1%BA%A1i+D%E1%BB%8Bch+V%E1%BB%A5+Thi%E1%BA%BFt+B%E1%BB%8B+C%C3%B4ng+Ngh%E1%BB%87+V%E1%BA%A1n+N%C4%83ng+818+Tr%C6%B0%E1%BB%9Dng+Chinh\" target=\"_blank\" rel=\"noopener\">818 Tr&#432;&#7901;ng Chinh, Ph&#432;&#7901;ng T&acirc;n S&#417;n, Th&agrave;nh ph&#7889; H&#7891; Ch&iacute; Minh, Vi&#7879;t Nam<\/a><\/p>\n<p style=\"margin: 0 0 10px 0;\">&#128222; <strong style=\"color: #1e293b;\">S&#272;T &ndash; Zalo:<\/strong> <a style=\"color: #059669; text-decoration: none; font-weight: bold;\" href=\"https:\/\/zalo.me\/0903991335\" target=\"_blank\" rel=\"noopener\">0903 991 335<\/a> <span style=\"color: #64748b; font-style: italic;\">(Ms. H&#7841;nh &ndash; Gi&aacute;m &#272;&#7889;c Kinh Doanh)<\/span><\/p>\n<p style=\"margin: 0;\">&#9993;&#65039; <strong style=\"color: #1e293b;\">Email:<\/strong> <a style=\"color: #059669; text-decoration: none; font-weight: bold;\" href=\"mailto:hienhanh@vannangvn.com\">hienhanh@vannangvn.com<\/a><\/p>\n<\/div><\/h1>","protected":false},"excerpt":{"rendered":"<p><strong>Th&#432;&#417;ng hi&#7879;u:<\/strong> BYK Gardner<br>\n<strong>Model:<\/strong> USB-Cable micro-gloss<p>Product <strong>C&Aacute;P GIAO DI&#7878;N BYK MODEL USB-CABLE MICRO-GLOSS CAT NO.4405<\/strong> ch&iacute;nh h&atilde;ng. BYK Gardner (Germany)<br>\nC&aacute;p Giao Di&#7879;n BYK USB-Cable micro-gloss l&agrave; ph&#7909; ki&#7879;n ch&iacute;nh h&atilde;ng d&ugrave;ng &#273;&#7875; truy&#7873;n d&#7919; li&#7879;u nhanh ch&oacute;ng, &#7893;n &#273;&#7883;nh t&#7915; thi&#7871;t b&#7883; &#273;o &#273;&#7897; b&oacute;ng c&#7911;a BYK sang m&aacute;y t&iacute;nh qua c&#7893;ng USB-A.<\/p><\/p>","protected":false},"featured_media":9314,"comment_status":"open","ping_status":"closed","template":"","meta":[],"product_brand":[],"product_cat":[18],"product_tag":[106,116,332,489,662,663,664,665,105],"class_list":{"0":"post-6109","1":"product","2":"type-product","3":"status-publish","4":"has-post-thumbnail","6":"product_cat-chua-phan-loai","7":"product_tag-cap","8":"product_tag-model","9":"product_tag-cat","10":"product_tag-byk","11":"product_tag-giao","12":"product_tag-usb-cable","13":"product_tag-micro-gloss","14":"product_tag-no-4405","15":"product_tag-dien","17":"first","18":"instock","19":"shipping-taxable","20":"product-type-simple"},"yoast_head":"<!-- This site is optimized with the Yoast SEO Premium plugin v24.8 (Yoast SEO v24.8) - https:\/\/yoast.com\/wordpress\/plugins\/seo\/ -->\n<title>C\u00c1P GIAO DI\u1ec6N BYK MODEL USB-CABLE M... ch\u00ednh h\u00e3ng | V\u1ea1n N\u0103ng<\/title>\n<meta name=\"description\" content=\"Mua ngay C\u00c1P GIAO DI\u1ec6N BYK MODEL USB-CABLE MICRO-GLOSS CAT NO.4405 ch\u00ednh h\u00e3ng. C\u00e1p Giao Di\u1ec7n BYK USB-Cable micro-gloss l\u00e0 ph\u1ee5 ki\u1ec7n... Gi\u00e1 t\u1ed1t!\" \/>\n<meta name=\"robots\" content=\"noindex, follow, max-snippet:-1, max-image-preview:large, max-video-preview:-1\" \/>\n<meta property=\"og:locale\" content=\"en_US\" \/>\n<meta property=\"og:type\" content=\"article\" \/>\n<meta property=\"og:title\" content=\"C\u00c1P GIAO DI\u1ec6N BYK MODEL USB-CABLE MICRO-GLOSS CAT NO.4405\" \/>\n<meta property=\"og:description\" content=\"Mua ngay C\u00c1P GIAO DI\u1ec6N BYK MODEL USB-CABLE MICRO-GLOSS CAT NO.4405 ch\u00ednh h\u00e3ng. C\u00e1p Giao Di\u1ec7n BYK USB-Cable micro-gloss l\u00e0 ph\u1ee5 ki\u1ec7n... Gi\u00e1 t\u1ed1t!\" \/>\n<meta property=\"og:url\" content=\"https:\/\/vannangvn.123websitedev.com\/en\/product\/cap-giao-dien-byk-model-usb-cable-micro-gloss-cat-no-4405\/\" \/>\n<meta property=\"og:site_name\" content=\"Vannang.vn\" \/>\n<meta property=\"article:modified_time\" content=\"2026-03-30T11:12:39+00:00\" \/>\n<meta property=\"og:image\" content=\"http:\/\/vannangvn.123websitedev.com\/wp-content\/uploads\/2026\/03\/Cap-Giao-Dien-Interface-Cable-BYK-Model-USB-Cable-micro-gloss-copy.jpg\" \/>\n\t<meta property=\"og:image:width\" content=\"768\" \/>\n\t<meta property=\"og:image:height\" content=\"576\" \/>\n\t<meta property=\"og:image:type\" content=\"image\/jpeg\" \/>\n<meta name=\"twitter:card\" content=\"summary_large_image\" \/>\n<meta name=\"twitter:label1\" content=\"Est. reading time\" \/>\n\t<meta name=\"twitter:data1\" content=\"6 minutes\" \/>\n<script type=\"application\/ld+json\" class=\"yoast-schema-graph\">{\"@context\":\"https:\/\/schema.org\",\"@graph\":[{\"@type\":\"WebPage\",\"@id\":\"https:\/\/vannangvn.123websitedev.com\/san-pham\/cap-giao-dien-byk-model-usb-cable-micro-gloss-cat-no-4405\/\",\"url\":\"https:\/\/vannangvn.123websitedev.com\/san-pham\/cap-giao-dien-byk-model-usb-cable-micro-gloss-cat-no-4405\/\",\"name\":\"C\u00c1P GIAO DI\u1ec6N BYK MODEL USB-CABLE M... ch\u00ednh h\u00e3ng | V\u1ea1n N\u0103ng\",\"isPartOf\":{\"@id\":\"https:\/\/vannangvn.123websitedev.com\/#website\"},\"primaryImageOfPage\":{\"@id\":\"https:\/\/vannangvn.123websitedev.com\/san-pham\/cap-giao-dien-byk-model-usb-cable-micro-gloss-cat-no-4405\/#primaryimage\"},\"image\":{\"@id\":\"https:\/\/vannangvn.123websitedev.com\/san-pham\/cap-giao-dien-byk-model-usb-cable-micro-gloss-cat-no-4405\/#primaryimage\"},\"thumbnailUrl\":\"https:\/\/vannangvn.123websitedev.com\/wp-content\/uploads\/2026\/03\/Cap-Giao-Dien-Interface-Cable-BYK-Model-USB-Cable-micro-gloss-copy.jpg\",\"datePublished\":\"2026-03-20T10:22:17+00:00\",\"dateModified\":\"2026-03-30T11:12:39+00:00\",\"description\":\"Mua ngay C\u00c1P GIAO DI\u1ec6N BYK MODEL USB-CABLE MICRO-GLOSS CAT NO.4405 ch\u00ednh h\u00e3ng. C\u00e1p Giao Di\u1ec7n BYK USB-Cable micro-gloss l\u00e0 ph\u1ee5 ki\u1ec7n... Gi\u00e1 t\u1ed1t!\",\"breadcrumb\":{\"@id\":\"https:\/\/vannangvn.123websitedev.com\/san-pham\/cap-giao-dien-byk-model-usb-cable-micro-gloss-cat-no-4405\/#breadcrumb\"},\"inLanguage\":\"en-US\",\"potentialAction\":[{\"@type\":\"ReadAction\",\"target\":[\"https:\/\/vannangvn.123websitedev.com\/san-pham\/cap-giao-dien-byk-model-usb-cable-micro-gloss-cat-no-4405\/\"]}]},{\"@type\":\"ImageObject\",\"inLanguage\":\"en-US\",\"@id\":\"https:\/\/vannangvn.123websitedev.com\/san-pham\/cap-giao-dien-byk-model-usb-cable-micro-gloss-cat-no-4405\/#primaryimage\",\"url\":\"https:\/\/vannangvn.123websitedev.com\/wp-content\/uploads\/2026\/03\/Cap-Giao-Dien-Interface-Cable-BYK-Model-USB-Cable-micro-gloss-copy.jpg\",\"contentUrl\":\"https:\/\/vannangvn.123websitedev.com\/wp-content\/uploads\/2026\/03\/Cap-Giao-Dien-Interface-Cable-BYK-Model-USB-Cable-micro-gloss-copy.jpg\",\"width\":768,\"height\":576},{\"@type\":\"BreadcrumbList\",\"@id\":\"https:\/\/vannangvn.123websitedev.com\/san-pham\/cap-giao-dien-byk-model-usb-cable-micro-gloss-cat-no-4405\/#breadcrumb\",\"itemListElement\":[{\"@type\":\"ListItem\",\"position\":1,\"name\":\"Trang ch\u1ee7\",\"item\":\"https:\/\/vannangvn.123websitedev.com\/\"},{\"@type\":\"ListItem\",\"position\":2,\"name\":\"S\u1ea3n ph\u1ea9m\",\"item\":\"https:\/\/vannangvn.123websitedev.com\/cua-hang\/\"},{\"@type\":\"ListItem\",\"position\":3,\"name\":\"C\u00c1P GIAO DI\u1ec6N BYK MODEL USB-CABLE MICRO-GLOSS CAT NO.4405\"}]},{\"@type\":\"WebSite\",\"@id\":\"https:\/\/vannangvn.123websitedev.com\/#website\",\"url\":\"https:\/\/vannangvn.123websitedev.com\/\",\"name\":\"Vannang.vn\",\"description\":\"\",\"publisher\":{\"@id\":\"https:\/\/vannangvn.123websitedev.com\/#organization\"},\"potentialAction\":[{\"@type\":\"SearchAction\",\"target\":{\"@type\":\"EntryPoint\",\"urlTemplate\":\"https:\/\/vannangvn.123websitedev.com\/?s={search_term_string}\"},\"query-input\":{\"@type\":\"PropertyValueSpecification\",\"valueRequired\":true,\"valueName\":\"search_term_string\"}}],\"inLanguage\":\"en-US\"},{\"@type\":\"Organization\",\"@id\":\"https:\/\/vannangvn.123websitedev.com\/#organization\",\"name\":\"Vannang.vn\",\"url\":\"https:\/\/vannangvn.123websitedev.com\/\",\"logo\":{\"@type\":\"ImageObject\",\"inLanguage\":\"en-US\",\"@id\":\"https:\/\/vannangvn.123websitedev.com\/#\/schema\/logo\/image\/\",\"url\":\"https:\/\/vannangvn.123websitedev.com\/wp-content\/uploads\/2026\/02\/logo-van-nang-02.png\",\"contentUrl\":\"https:\/\/vannangvn.123websitedev.com\/wp-content\/uploads\/2026\/02\/logo-van-nang-02.png\",\"width\":448,\"height\":111,\"caption\":\"Vannang.vn\"},\"image\":{\"@id\":\"https:\/\/vannangvn.123websitedev.com\/#\/schema\/logo\/image\/\"}}]}<\/script>\n<!-- \/ Yoast SEO Premium plugin. -->","yoast_head_json":{"title":"C\u00c1P GIAO DI\u1ec6N BYK MODEL USB-CABLE M... ch\u00ednh h\u00e3ng | V\u1ea1n N\u0103ng","description":"Mua ngay C\u00c1P GIAO DI\u1ec6N BYK MODEL USB-CABLE MICRO-GLOSS CAT NO.4405 ch\u00ednh h\u00e3ng. C\u00e1p Giao Di\u1ec7n BYK USB-Cable micro-gloss l\u00e0 ph\u1ee5 ki\u1ec7n... Gi\u00e1 t\u1ed1t!","robots":{"index":"noindex","follow":"follow","max-snippet":"max-snippet:-1","max-image-preview":"max-image-preview:large","max-video-preview":"max-video-preview:-1"},"og_locale":"en_US","og_type":"article","og_title":"C\u00c1P GIAO DI\u1ec6N BYK MODEL USB-CABLE MICRO-GLOSS CAT NO.4405","og_description":"Mua ngay C\u00c1P GIAO DI\u1ec6N BYK MODEL USB-CABLE MICRO-GLOSS CAT NO.4405 ch\u00ednh h\u00e3ng. C\u00e1p Giao Di\u1ec7n BYK USB-Cable micro-gloss l\u00e0 ph\u1ee5 ki\u1ec7n... Gi\u00e1 t\u1ed1t!","og_url":"https:\/\/vannangvn.123websitedev.com\/en\/product\/cap-giao-dien-byk-model-usb-cable-micro-gloss-cat-no-4405\/","og_site_name":"Vannang.vn","article_modified_time":"2026-03-30T11:12:39+00:00","og_image":[{"width":768,"height":576,"url":"http:\/\/vannangvn.123websitedev.com\/wp-content\/uploads\/2026\/03\/Cap-Giao-Dien-Interface-Cable-BYK-Model-USB-Cable-micro-gloss-copy.jpg","type":"image\/jpeg"}],"twitter_card":"summary_large_image","twitter_misc":{"Est. reading time":"6 minutes"},"schema":{"@context":"https:\/\/schema.org","@graph":[{"@type":"WebPage","@id":"https:\/\/vannangvn.123websitedev.com\/san-pham\/cap-giao-dien-byk-model-usb-cable-micro-gloss-cat-no-4405\/","url":"https:\/\/vannangvn.123websitedev.com\/san-pham\/cap-giao-dien-byk-model-usb-cable-micro-gloss-cat-no-4405\/","name":"C\u00c1P GIAO DI\u1ec6N BYK MODEL USB-CABLE M... ch\u00ednh h\u00e3ng | V\u1ea1n N\u0103ng","isPartOf":{"@id":"https:\/\/vannangvn.123websitedev.com\/#website"},"primaryImageOfPage":{"@id":"https:\/\/vannangvn.123websitedev.com\/san-pham\/cap-giao-dien-byk-model-usb-cable-micro-gloss-cat-no-4405\/#primaryimage"},"image":{"@id":"https:\/\/vannangvn.123websitedev.com\/san-pham\/cap-giao-dien-byk-model-usb-cable-micro-gloss-cat-no-4405\/#primaryimage"},"thumbnailUrl":"https:\/\/vannangvn.123websitedev.com\/wp-content\/uploads\/2026\/03\/Cap-Giao-Dien-Interface-Cable-BYK-Model-USB-Cable-micro-gloss-copy.jpg","datePublished":"2026-03-20T10:22:17+00:00","dateModified":"2026-03-30T11:12:39+00:00","description":"Mua ngay C\u00c1P GIAO DI\u1ec6N BYK MODEL USB-CABLE MICRO-GLOSS CAT NO.4405 ch\u00ednh h\u00e3ng. C\u00e1p Giao Di\u1ec7n BYK USB-Cable micro-gloss l\u00e0 ph\u1ee5 ki\u1ec7n... Gi\u00e1 t\u1ed1t!","breadcrumb":{"@id":"https:\/\/vannangvn.123websitedev.com\/san-pham\/cap-giao-dien-byk-model-usb-cable-micro-gloss-cat-no-4405\/#breadcrumb"},"inLanguage":"en-US","potentialAction":[{"@type":"ReadAction","target":["https:\/\/vannangvn.123websitedev.com\/san-pham\/cap-giao-dien-byk-model-usb-cable-micro-gloss-cat-no-4405\/"]}]},{"@type":"ImageObject","inLanguage":"en-US","@id":"https:\/\/vannangvn.123websitedev.com\/san-pham\/cap-giao-dien-byk-model-usb-cable-micro-gloss-cat-no-4405\/#primaryimage","url":"https:\/\/vannangvn.123websitedev.com\/wp-content\/uploads\/2026\/03\/Cap-Giao-Dien-Interface-Cable-BYK-Model-USB-Cable-micro-gloss-copy.jpg","contentUrl":"https:\/\/vannangvn.123websitedev.com\/wp-content\/uploads\/2026\/03\/Cap-Giao-Dien-Interface-Cable-BYK-Model-USB-Cable-micro-gloss-copy.jpg","width":768,"height":576},{"@type":"BreadcrumbList","@id":"https:\/\/vannangvn.123websitedev.com\/san-pham\/cap-giao-dien-byk-model-usb-cable-micro-gloss-cat-no-4405\/#breadcrumb","itemListElement":[{"@type":"ListItem","position":1,"name":"Trang ch\u1ee7","item":"https:\/\/vannangvn.123websitedev.com\/"},{"@type":"ListItem","position":2,"name":"S\u1ea3n ph\u1ea9m","item":"https:\/\/vannangvn.123websitedev.com\/cua-hang\/"},{"@type":"ListItem","position":3,"name":"C\u00c1P GIAO DI\u1ec6N BYK MODEL USB-CABLE MICRO-GLOSS CAT NO.4405"}]},{"@type":"WebSite","@id":"https:\/\/vannangvn.123websitedev.com\/#website","url":"https:\/\/vannangvn.123websitedev.com\/","name":"Vannang.vn","description":"","publisher":{"@id":"https:\/\/vannangvn.123websitedev.com\/#organization"},"potentialAction":[{"@type":"SearchAction","target":{"@type":"EntryPoint","urlTemplate":"https:\/\/vannangvn.123websitedev.com\/?s={search_term_string}"},"query-input":{"@type":"PropertyValueSpecification","valueRequired":true,"valueName":"search_term_string"}}],"inLanguage":"en-US"},{"@type":"Organization","@id":"https:\/\/vannangvn.123websitedev.com\/#organization","name":"Vannang.vn","url":"https:\/\/vannangvn.123websitedev.com\/","logo":{"@type":"ImageObject","inLanguage":"en-US","@id":"https:\/\/vannangvn.123websitedev.com\/#\/schema\/logo\/image\/","url":"https:\/\/vannangvn.123websitedev.com\/wp-content\/uploads\/2026\/02\/logo-van-nang-02.png","contentUrl":"https:\/\/vannangvn.123websitedev.com\/wp-content\/uploads\/2026\/02\/logo-van-nang-02.png","width":448,"height":111,"caption":"Vannang.vn"},"image":{"@id":"https:\/\/vannangvn.123websitedev.com\/#\/schema\/logo\/image\/"}}]}},"_links":{"self":[{"href":"https:\/\/vannangvn.123websitedev.com\/en\/wp-json\/wp\/v2\/product\/6109","targetHints":{"allow":["GET"]}}],"collection":[{"href":"https:\/\/vannangvn.123websitedev.com\/en\/wp-json\/wp\/v2\/product"}],"about":[{"href":"https:\/\/vannangvn.123websitedev.com\/en\/wp-json\/wp\/v2\/types\/product"}],"replies":[{"embeddable":true,"href":"https:\/\/vannangvn.123websitedev.com\/en\/wp-json\/wp\/v2\/comments?post=6109"}],"wp:featuredmedia":[{"embeddable":true,"href":"https:\/\/vannangvn.123websitedev.com\/en\/wp-json\/wp\/v2\/media\/9314"}],"wp:attachment":[{"href":"https:\/\/vannangvn.123websitedev.com\/en\/wp-json\/wp\/v2\/media?parent=6109"}],"wp:term":[{"taxonomy":"product_brand","embeddable":true,"href":"https:\/\/vannangvn.123websitedev.com\/en\/wp-json\/wp\/v2\/product_brand?post=6109"},{"taxonomy":"product_cat","embeddable":true,"href":"https:\/\/vannangvn.123websitedev.com\/en\/wp-json\/wp\/v2\/product_cat?post=6109"},{"taxonomy":"product_tag","embeddable":true,"href":"https:\/\/vannangvn.123websitedev.com\/en\/wp-json\/wp\/v2\/product_tag?post=6109"}],"curies":[{"name":"wp","href":"https:\/\/api.w.org\/{rel}","templated":true}]}}