{"id":6122,"date":"2026-03-20T17:22:35","date_gmt":"2026-03-20T10:22:35","guid":{"rendered":"https:\/\/vannangvn.123websitedev.com\/san-pham\/cay-lan-son-hand-roller-rycobel-model-finat\/"},"modified":"2026-03-30T18:12:57","modified_gmt":"2026-03-30T11:12:57","slug":"cay-lan-son-hand-roller-rycobel-model-finat","status":"publish","type":"product","link":"https:\/\/vannangvn.123websitedev.com\/en\/product\/cay-lan-son-hand-roller-rycobel-model-finat\/","title":{"rendered":"C\u00c2Y L\u0102N S\u01a0N (HAND ROLLER) RYCOBEL MODEL\u00a0FINAT"},"content":{"rendered":"<h1 style=\"color: red; font-weight: bold; font-size: 24px;\">T&#7893;ng quan s&#7843;n ph&#7849;m C&Acirc;Y L&#258;N S&#416;N (HAND ROLLER) RYCOBEL MODEL&nbsp;FINAT<p>C&acirc;y L&#259;n S&#417;n (Hand Roller) Rycobel Model FINAT<br>\nThi&#7871;t B&#7883; C&ocirc;ng Ngh&#7879; V&#7841;n N&#259;ng cung c&#7845;p m&#7897;t lo&#7841;t c&aacute;c C&acirc;y L&#259;n S&#417;n (Hand Roller) &#273;&#7875; b&#7893; sung cho quy tr&igrave;nh chu&#7849;n b&#7883; ch&#7845;t k&#7871;t d&iacute;nh theo c&aacute;c ti&ecirc;u chu&#7849;n PSTC, TLMI, ASTM v&agrave; FINAT. C&acirc;y L&#259;n S&#417;n Rycobel &#273;&#432;&#7907;c s&#7843;n xu&#7845;t &#273;&#7875; cho ph&eacute;p d&#7877; d&agrave;ng th&aacute;o r&#7901;i con l&#259;n &#273;&#7875; hi&#7879;u chu&#7849;n v&agrave; thay th&#7871; khi c&#7847;n. Khung c&#7911;a C&acirc;y l&#259;n s&#417;n &#273;&#432;&#7907;c l&agrave;m t&#7915; nh&ocirc;m v&agrave; &#273;&#432;&#7907;c ph&#7911; l&#7899;p Teflon c&#7913;ng &#273;&#7875; d&#7877; d&agrave;ng v&#7879; sinh v&agrave; b&#7843;o d&#432;&#7905;ng. H&atilde;y c&ugrave;ng V&#7841;n N&#259;ng t&igrave;m hi&#7875;u chi ti&#7871;t h&#417;n v&#7873; s&#7843;n ph&#7849;m th&ocirc;ng qua b&agrave;i vi&#7871;t nh&eacute;!<\/p><p>Thi&#7871;t B&#7883; C&ocirc;ng Ngh&#7879; V&#7841;n N&#259;ng Cung C&#7845;p &#272;a D&#7841;ng C&aacute;c Lo&#7841;i C&acirc;y L&#259;n S&#417;n<\/p><p>C&acirc;y L&#259;n S&#417;n 4.5 lb<br>\nC&acirc;y L&#259;n S&#417;n 4.5 lb (2045g) c&oacute; l&otilde;i th&eacute;p v&#7899;i l&#7899;p b&#7885;c cao su silicone c&oacute; &#273;&#7897; c&#7913;ng Shore A 80. &#272;&#432;&#7901;ng k&iacute;nh 3.75&rdquo; (95 mm) v&agrave; chi&#7873;u r&#7897;ng 1.75&rdquo; (45 mm). C&aacute;c ch&acirc;n tr&ecirc;n tay c&#7847;m k&eacute;o d&agrave;i v&#432;&#7907;t qua chu vi c&#7911;a con l&#259;n &#273;&#7875; b&#7843;o v&#7879; b&#7873; m&#7863;t con l&#259;n.<br>\nC&aacute;c khe tr&ecirc;n tay c&#7847;m cho ph&eacute;p tr&#7909;c con l&#259;n &ldquo;n&#7893;i&rdquo; ch&#7881; v&#7899;i tr&#7885;ng l&#432;&#7907;ng c&#7911;a con l&#259;n trong qu&aacute; tr&igrave;nh v&#7853;n h&agrave;nh. C&acirc;y &#273;&aacute;p &#7913;ng c&aacute;c y&ecirc;u c&#7847;u c&#7911;a PSTC Ph&#7909; l&#7909;c B, 2.8 v&agrave; c&aacute;c ti&ecirc;u chu&#7849;n ng&agrave;nh kh&aacute;c.<\/p><p>C&acirc;y L&#259;n S&#417;n 10 lb<br>\nC&acirc;y L&#259;n S&#417;n 10 lb (4540 g) c&oacute; l&otilde;i th&eacute;p r&#7855;n v&#7899;i b&#7873; m&#7863;t &#273;&#432;&#7907;c &#273;&aacute;nh b&oacute;ng 8 RMS. &#272;&#432;&#7901;ng k&iacute;nh 5.00&rdquo; (127 mm) v&agrave; chi&#7873;u r&#7897;ng 1.75&rdquo; (45 mm). C&aacute;c ch&acirc;n tr&ecirc;n tay c&#7847;m k&eacute;o d&agrave;i v&#432;&#7907;t qua chu vi c&#7911;a con l&#259;n &#273;&#7875; b&#7843;o v&#7879; b&#7873; m&#7863;t con l&#259;n.<br>\nC&aacute;c khe tr&ecirc;n tay c&#7847;m cho ph&eacute;p tr&#7909;c con l&#259;n &ldquo;n&#7893;i&rdquo; ch&#7881; v&#7899;i tr&#7885;ng l&#432;&#7907;ng c&#7911;a con l&#259;n trong qu&aacute; tr&igrave;nh v&#7853;n h&agrave;nh. C&acirc;y &#273;&aacute;p &#7913;ng c&aacute;c y&ecirc;u c&#7847;u c&#7911;a PSTC Ph&#7909; l&#7909;c B, 2.8 v&agrave; c&aacute;c ti&ecirc;u chu&#7849;n ng&agrave;nh kh&aacute;c.<\/p><p>C&acirc;y L&#259;n S&#417;n FINAT<br>\nC&acirc;y L&#259;n S&#417;n FINAT 2 Kg (4.4 lb) c&oacute; l&otilde;i th&eacute;p v&#7899;i l&#7899;p b&#7885;c cao su silicone c&oacute; &#273;&#7897; c&#7913;ng Shore A 80. &#272;&#432;&#7901;ng k&iacute;nh 85 mm (3.34&rdquo;) v&agrave; chi&#7873;u r&#7897;ng 50 mm (1.97&rdquo;). C&aacute;c ch&acirc;n tr&ecirc;n tay c&#7847;m k&eacute;o d&agrave;i v&#432;&#7907;t qua chu vi c&#7911;a con l&#259;n &#273;&#7875; b&#7843;o v&#7879; b&#7873; m&#7863;t con l&#259;n.<br>\nC&aacute;c khe tr&ecirc;n tay c&#7847;m cho ph&eacute;p tr&#7909;c con l&#259;n &ldquo;n&#7893;i&rdquo; ch&#7881; v&#7899;i tr&#7885;ng l&#432;&#7907;ng c&#7911;a con l&#259;n trong qu&aacute; tr&igrave;nh v&#7853;n h&agrave;nh. C&acirc;y &#273;&aacute;p &#7913;ng ti&ecirc;u chu&#7849;n FINAT 2.1.<\/p><p>Xem th&ecirc;m: M&aacute;y &#272;o &#272;&#7897; &#7848;m (Universal Moisture Analyzer) Anton Paar Model Brabender MT-CA<\/p><p>&#431;u &#272;i&#7875;m C&#7911;a C&acirc;y L&#259;n S&#417;n (Hand Roller)<br>\n&#272;&#7897; b&#7873;n cao<br>\nKhung nh&ocirc;m v&agrave; l&#7899;p ph&#7911; Teflon &#273;&#7843;m b&#7843;o &#273;&#7897; b&#7873;n v&agrave; d&#7877; d&agrave;ng v&#7879; sinh, gi&uacute;p Hand Roller Rycobel ho&#7841;t &#273;&#7897;ng hi&#7879;u qu&#7843; v&agrave; k&eacute;o d&agrave;i tu&#7893;i th&#7885;.<br>\nD&#7877; s&#7917; d&#7909;ng<br>\nThi&#7871;t k&#7871; v&#7899;i c&aacute;c ch&acirc;n v&agrave; khe tr&ecirc;n tay c&#7847;m gi&uacute;p b&#7843;o v&#7879; b&#7873; m&#7863;t con l&#259;n v&agrave; cho ph&eacute;p con l&#259;n ho&#7841;t &#273;&#7897;ng m&#432;&#7907;t m&agrave; ch&#7881; v&#7899;i tr&#7885;ng l&#432;&#7907;ng t&#7921; nhi&ecirc;n c&#7911;a n&oacute;.<br>\n&#272;&aacute;p &#7913;ng ti&ecirc;u chu&#7849;n<br>\nC&aacute;c C&acirc;y L&#259;n do Thi&#7871;t B&#7883; C&ocirc;ng Ngh&#7879; V&#7841;n N&#259;ng cung c&#7845;p &#273;&#432;&#7907;c s&#7843;n xu&#7845;t &#273;&#7875; &#273;&aacute;p &#7913;ng ho&#7863;c v&#432;&#7907;t qua c&aacute;c ti&ecirc;u chu&#7849;n ng&agrave;nh, &#273;&#7843;m b&#7843;o ch&#7845;t l&#432;&#7907;ng v&agrave; hi&#7879;u su&#7845;t cao. Mang &#273;&#7871;n tr&#7843;i nghi&#7879;m m&#432;&#7907;t m&agrave; cho doanh nghi&#7879;p n&oacute;i chung v&agrave; ng&#432;&#7901;i d&ugrave;ng n&oacute;i ri&ecirc;ng.<\/p><p>Nh&#7919;ng L&yacute; Do N&ecirc;n Mua C&acirc;y L&#259;n S&#417;n T&#7841;i Thi&#7871;t B&#7883; C&ocirc;ng Ngh&#7879; V&#7841;n N&#259;ng<\/p><p>C&ocirc;ng ty Thi&#7871;t B&#7883; C&ocirc;ng Ngh&#7879; V&#7841;n N&#259;ng l&agrave; &#273;&#7889;i t&aacute;c ch&iacute;nh th&#7913;c ph&acirc;n ph&#7889;i C&acirc;y L&#259;n S&#417;n h&agrave;ng &#273;&#7847;u t&#7841;i Vi&#7879;t Nam, cam k&#7871;t cung c&#7845;p s&#7843;n ph&#7849;m ch&iacute;nh h&atilde;ng v&#7899;i gi&aacute; c&#7843; c&#7841;nh tranh nh&#7845;t th&#7883; tr&#432;&#7901;ng. V&#7899;i uy t&iacute;n tr&ecirc;n th&#7883; tr&#432;&#7901;ng v&agrave; ch&#7871; &#273;&#7897; h&#7851;u m&atilde;i t&#7889;t, Thi&#7871;t B&#7883; C&ocirc;ng Ngh&#7879; V&#7841;n N&#259;ng &#273;&atilde; nh&#7853;n &#273;&#432;&#7907;c s&#7921; tin t&#432;&#7903;ng t&#7915; kh&aacute;ch h&agrave;ng nh&#7901; v&agrave;o ch&#7845;t l&#432;&#7907;ng h&agrave;ng &#273;&#7847;u c&#7911;a c&aacute;c d&ograve;ng s&#7843;n ph&#7849;m.<br>\nS&#7843;n ph&#7849;m c&#7911;a ch&uacute;ng t&ocirc;i &#273;&#432;&#7907;c ki&#7875;m &#273;&#7883;nh ch&#7845;t l&#432;&#7907;ng, nh&#7853;p kh&#7849;u tr&#7921;c ti&#7871;p t&#7915; nh&agrave; m&aacute;y b&ecirc;n Ch&acirc;u &Acirc;u, M&#7929;, &Uacute;c, Nh&#7853;t B&#7843;n,&hellip; v&agrave; &#273;&aacute;p &#7913;ng nhu c&#7847;u &#273;a d&#7841;ng c&#7911;a th&#7883; tr&#432;&#7901;ng nh&#432;: M&aacute;y &#272;o &#272;&#7897; C&#7913;ng, M&aacute;y SPECTROMAXx, M&aacute;y Ki&#7875;m Tra &#272;&#432;&#7901;ng Gh&eacute;p M&iacute; Lon,&hellip; Ch&uacute;ng t&ocirc;i cam k&#7871;t cung c&#7845;p s&#7843;n ph&#7849;m n&agrave;y tr&ecirc;n to&agrave;n qu&#7889;c v&#7899;i gi&aacute; c&#7843; c&#7841;nh tranh nh&#7845;t.<br>\nCh&uacute;ng t&ocirc;i c&oacute; &#273;&#7897;i ng&#361; chuy&ecirc;n vi&ecirc;n t&#432; v&#7845;n chuy&ecirc;n s&acirc;u s&#7869; h&#7895; tr&#7907; kh&aacute;ch h&agrave;ng v&#7873; chi ti&#7871;t s&#7843;n ph&#7849;m, h&#432;&#7899;ng d&#7851;n s&#7917; d&#7909;ng hay nh&#7919;ng th&#7913; li&ecirc;n quan &#273;&#7871;n v&#7845;n &#273;&#7873; m&agrave; doanh nghi&#7879;p b&#7841;n &#273;ang g&#7863;p ph&#7843;i. Ch&uacute;ng t&ocirc;i s&#7869; cung c&#7845;p nh&#7919;ng gi&#7843;i ph&aacute;p t&#7889;i &#432;u nh&#7845;t!<br>\nNgo&agrave;i ra Thi&#7871;t B&#7883; C&ocirc;ng Ngh&#7879; V&#7841;n N&#259;ng Ch&uacute;ng T&ocirc;i lu&ocirc;n h&#432;&#7899;ng &#273;&#7871;n tr&#7843;i nghi&#7879;m kh&aacute;ch h&agrave;ng, v&igrave; v&#7853;y ch&uacute;ng t&ocirc;i c&oacute; nh&#7919;ng ch&iacute;nh s&aacute;ch b&#7843;o h&agrave;nh, b&#7843;o tr&igrave; &ndash; b&#7843;o d&#432;&#7905;ng, hi&#7879;u chu&#7849;n v&#7899;i t&#7845;t c&#7843; c&aacute;c thi&#7871;t b&#7883;, m&aacute;y m&oacute;c m&agrave; ch&uacute;ng t&ocirc;i cung c&#7845;p. &#272;&#7843;m b&#7843;o mang &#273;&#7871;n cho Kh&aacute;ch h&agrave;ng s&#7921; y&ecirc;n t&acirc;m tuy&#7879;t &#273;&#7889;i v&#7873; d&#7883;ch v&#7909; khi mua h&agrave;ng.<\/p><p>Xem th&ecirc;m: Thi&#7871;t B&#7883; &#272;o &#272;&#7897; D&agrave;y L&#7899;p Ph&#7911; Antifinger KURABO Model NR-2100IB<\/p><p>T&#7893;ng K&#7871;t<br>\nCh&uacute;ng t&ocirc;i t&#7921; h&agrave;o cung c&#7845;p D&#7909;ng C&#7909; L&#259;n S&#417;n ch&#7845;t l&#432;&#7907;ng cao, &#273;&#432;&#7907;c thi&#7871;t k&#7871; &#273;&#7863;c bi&#7879;t &#273;&#7875; &#273;&aacute;p &#7913;ng c&aacute;c ti&ecirc;u chu&#7849;n th&#7917; nghi&#7879;m &#273;&#7897; d&iacute;nh kh&#7855;t khe nh&#7845;t c&#7911;a PSTC, TLMI, ASTM v&agrave; FINAT. C&acirc;y L&#259;n S&#417;n Rycobel l&agrave; gi&#7843;i ph&aacute;p l&yacute; t&#432;&#7903;ng cho c&aacute;c &#7913;ng d&#7909;ng trong ng&agrave;nh c&ocirc;ng nghi&#7879;p b&#259;ng keo, nh&atilde;n m&aacute;c v&agrave; c&aacute;c ng&agrave;nh c&ocirc;ng nghi&#7879;p kh&aacute;c &#273;&ograve;i h&#7887;i &#273;&#7897; ch&iacute;nh x&aacute;c v&agrave; &#273;&#7897; tin c&#7853;y cao trong qu&aacute; tr&igrave;nh th&#7917; nghi&#7879;m. H&atilde;y li&ecirc;n h&#7879; v&#7899;i Thi&#7871;t B&#7883; C&ocirc;ng Ngh&#7879; V&#7841;n N&#259;ng ngay &#273;&#7875; &#273;&#432;&#7907;c t&#432; v&#7845;n chuy&ecirc;n s&acirc;u v&agrave; nh&#7853;n c&aacute;c &#432;u &#273;&atilde;i h&#7845;p d&#7851;n nh&#7845;t th&ocirc;ng qua hotline\/zalo: <a href=\"https:\/\/zalo.me\/0903991335\" target=\"_blank\" rel=\"noopener\" style=\"color: #059669; font-weight: bold; text-decoration: none;\">0903 991 335<\/a>!<\/p><div style=\"background-color: #f8fafc; border: 1px solid #e2e8f0; border-radius: 8px; padding: 25px; max-width: 800px; margin: 30px auto; color: #334155; line-height: 1.8; font-size: 17px; box-shadow: 0 4px 6px -1px rgba(0,0,0,0.05); text-align: left; clear: both;\">\nC&ocirc;ng ty TNHH Th&#432;&#417;ng M&#7841;i D&#7883;ch V&#7909; Thi&#7871;t B&#7883; C&ocirc;ng Ngh&#7879; V&#7841;n N&#259;ng\n<p style=\"margin: 0 0 10px 0;\">&#128205; <strong style=\"color: #1e293b;\">&#272;&#7883;a ch&#7881;:<\/strong> <a style=\"color: #059669; text-decoration: none; font-weight: bold;\" href=\"https:\/\/www.google.com\/maps\/search\/C%C3%B4ng+ty+TNHH+Th%C6%B0%C6%A1ng+M%E1%BA%A1i+D%E1%BB%8Bch+V%E1%BB%A5+Thi%E1%BA%BFt+B%E1%BB%8B+C%C3%B4ng+Ngh%E1%BB%87+V%E1%BA%A1n+N%C4%83ng+818+Tr%C6%B0%E1%BB%9Dng+Chinh\" target=\"_blank\" rel=\"noopener\">818 Tr&#432;&#7901;ng Chinh, Ph&#432;&#7901;ng T&acirc;n S&#417;n, Th&agrave;nh ph&#7889; H&#7891; Ch&iacute; Minh, Vi&#7879;t Nam<\/a><\/p>\n<p style=\"margin: 0 0 10px 0;\">&#128222; <strong style=\"color: #1e293b;\">S&#272;T &ndash; Zalo:<\/strong> <a style=\"color: #059669; text-decoration: none; font-weight: bold;\" href=\"https:\/\/zalo.me\/0903991335\" target=\"_blank\" rel=\"noopener\">0903 991 335<\/a> <span style=\"color: #64748b; font-style: italic;\">(Ms. H&#7841;nh &ndash; Gi&aacute;m &#272;&#7889;c Kinh Doanh)<\/span><\/p>\n<p style=\"margin: 0;\">&#9993;&#65039; <strong style=\"color: #1e293b;\">Email:<\/strong> <a style=\"color: #059669; text-decoration: none; font-weight: bold;\" href=\"mailto:hienhanh@vannangvn.com\">hienhanh@vannangvn.com<\/a><\/p>\n<\/div><\/h1>","protected":false},"excerpt":{"rendered":"<p><strong>Th&#432;&#417;ng hi&#7879;u:<\/strong> Thi&#7871;t B&#7883; C&ocirc;ng Ngh&#7879; V&#7841;n N&#259;ng cung c&#7845;p m&#7897;t lo&#7841;t c&aacute;c C&acirc;y L&#259;n S&#417;n  &#273;&#7875; b&#7893; sung cho quy tr&igrave;nh chu&#7849;n b&#7883; ch&#7845;t k&#7871;t d&iacute;nh theo c&aacute;c ti&ecirc;u chu&#7849;n PSTC, TLMI, ASTM v&agrave; FINAT. Rycobel Hand Rollers &#273;&#432;&#7907;c s&#7843;n xu&#7845;t &#273;&#7875; cho ph&eacute;p d&#7877; d&agrave;ng th&aacute;o r&#7901;i con l&#259;n &#273;&#7875; hi&#7879;u chu&#7849;n v&agrave; thay th&#7871; khi c&#7847;n. Khung c&#7911;a C&acirc;y l&#259;n s&#417;n &#273;&#432;&#7907;c l&agrave;m t&#7915; nh&ocirc;m v&agrave; &#273;&#432;&#7907;c ph&#7911; l&#7899;p Teflon c&#7913;ng &#273;&#7875; d&#7877; d&agrave;ng v&#7879; sinh v&agrave; b&#7843;o d&#432;&#7905;ng.<br>\n<strong>Model:<\/strong> Hand Roller-3<p>Product <strong>C&Acirc;Y L&#258;N S&#416;N (HAND ROLLER) RYCOBEL MODEL&nbsp;FINAT<\/strong> ch&iacute;nh h&atilde;ng. Thi&#7871;t B&#7883; C&ocirc;ng Ngh&#7879; V&#7841;n N&#259;ng cung c&#7845;p m&#7897;t lo&#7841;t c&aacute;c C&acirc;y L&#259;n S&#417;n (Hand Rollers) &#273;&#7875; b&#7893; sung cho quy tr&igrave;nh chu&#7849;n b&#7883; ch&#7845;t k&#7871;t d&iacute;nh theo c&aacute;c ti&ecirc;u chu&#7849;n PSTC, TLMI, ASTM v&agrave; FINAT. Rycobel Hand Rollers &#273;&#432;&#7907;c s&#7843;n xu&#7845;t &#273;&#7875; cho ph&eacute;p d&#7877; d&agrave;ng th&aacute;o r&#7901;i con l&#259;n &#273;&#7875; hi&#7879;u chu&#7849;n v&agrave; thay th&#7871; khi c&#7847;n. Khung c&#7911;a C&acirc;y l&#259;n s&#417;n &#273;&#432;&#7907;c l&agrave;m t&#7915; nh&ocirc;m v&agrave; &#273;&#432;&#7907;c ph&#7911; l&#7899;p Teflon c&#7913;ng &#273;&#7875; d&#7877; d&agrave;ng v&#7879; sinh v&agrave; b&#7843;o d&#432;&#7905;ng.<\/p><\/p>","protected":false},"featured_media":9665,"comment_status":"open","ping_status":"closed","template":"","meta":[],"product_brand":[],"product_cat":[18],"product_tag":[217,350,684,685,686,687,691],"class_list":{"0":"post-6122","1":"product","2":"type-product","3":"status-publish","4":"has-post-thumbnail","6":"product_cat-chua-phan-loai","7":"product_tag-son","8":"product_tag-lan","9":"product_tag-cay","10":"product_tag-hand","11":"product_tag-roller","12":"product_tag-rycobel","13":"product_tag-model-finat","15":"first","16":"instock","17":"shipping-taxable","18":"product-type-simple"},"yoast_head":"<!-- This site is optimized with the Yoast SEO Premium plugin v24.8 (Yoast SEO v24.8) - https:\/\/yoast.com\/wordpress\/plugins\/seo\/ -->\n<title>C\u00c2Y L\u0102N S\u01a0N (HAND ROLLER) RYCOBEL M... ch\u00ednh h\u00e3ng | V\u1ea1n N\u0103ng<\/title>\n<meta name=\"description\" content=\"Mua ngay C\u00c2Y L\u0102N S\u01a0N (HAND ROLLER) RYCOBEL MODEL\u00a0FINAT ch\u00ednh h\u00e3ng. Gi\u00e1 t\u1ed1t!\" \/>\n<meta name=\"robots\" content=\"noindex, follow, max-snippet:-1, max-image-preview:large, max-video-preview:-1\" \/>\n<meta property=\"og:locale\" content=\"en_US\" \/>\n<meta property=\"og:type\" content=\"article\" \/>\n<meta property=\"og:title\" content=\"C\u00c2Y L\u0102N S\u01a0N (HAND ROLLER) RYCOBEL MODEL\u00a0FINAT\" \/>\n<meta property=\"og:description\" content=\"Mua ngay C\u00c2Y L\u0102N S\u01a0N (HAND ROLLER) RYCOBEL MODEL\u00a0FINAT ch\u00ednh h\u00e3ng. Gi\u00e1 t\u1ed1t!\" \/>\n<meta property=\"og:url\" content=\"https:\/\/vannangvn.123websitedev.com\/en\/product\/cay-lan-son-hand-roller-rycobel-model-finat\/\" \/>\n<meta property=\"og:site_name\" content=\"Vannang.vn\" \/>\n<meta property=\"article:modified_time\" content=\"2026-03-30T11:12:57+00:00\" \/>\n<meta property=\"og:image\" content=\"http:\/\/vannangvn.123websitedev.com\/wp-content\/uploads\/2026\/03\/Hand-Roller-Hang-Rycobel-no.1-copy.jpg\" \/>\n\t<meta property=\"og:image:width\" content=\"768\" \/>\n\t<meta property=\"og:image:height\" content=\"576\" \/>\n\t<meta property=\"og:image:type\" content=\"image\/jpeg\" \/>\n<meta name=\"twitter:card\" content=\"summary_large_image\" \/>\n<meta name=\"twitter:label1\" content=\"Est. reading time\" \/>\n\t<meta name=\"twitter:data1\" content=\"8 minutes\" \/>\n<script type=\"application\/ld+json\" class=\"yoast-schema-graph\">{\"@context\":\"https:\/\/schema.org\",\"@graph\":[{\"@type\":\"WebPage\",\"@id\":\"https:\/\/vannangvn.123websitedev.com\/san-pham\/cay-lan-son-hand-roller-rycobel-model-finat\/\",\"url\":\"https:\/\/vannangvn.123websitedev.com\/san-pham\/cay-lan-son-hand-roller-rycobel-model-finat\/\",\"name\":\"C\u00c2Y L\u0102N S\u01a0N (HAND ROLLER) RYCOBEL M... ch\u00ednh h\u00e3ng | V\u1ea1n N\u0103ng\",\"isPartOf\":{\"@id\":\"https:\/\/vannangvn.123websitedev.com\/#website\"},\"primaryImageOfPage\":{\"@id\":\"https:\/\/vannangvn.123websitedev.com\/san-pham\/cay-lan-son-hand-roller-rycobel-model-finat\/#primaryimage\"},\"image\":{\"@id\":\"https:\/\/vannangvn.123websitedev.com\/san-pham\/cay-lan-son-hand-roller-rycobel-model-finat\/#primaryimage\"},\"thumbnailUrl\":\"https:\/\/vannangvn.123websitedev.com\/wp-content\/uploads\/2026\/03\/Hand-Roller-Hang-Rycobel-no.1-copy.jpg\",\"datePublished\":\"2026-03-20T10:22:35+00:00\",\"dateModified\":\"2026-03-30T11:12:57+00:00\",\"description\":\"Mua ngay C\u00c2Y L\u0102N S\u01a0N (HAND ROLLER) RYCOBEL MODEL\u00a0FINAT ch\u00ednh h\u00e3ng. Gi\u00e1 t\u1ed1t!\",\"breadcrumb\":{\"@id\":\"https:\/\/vannangvn.123websitedev.com\/san-pham\/cay-lan-son-hand-roller-rycobel-model-finat\/#breadcrumb\"},\"inLanguage\":\"en-US\",\"potentialAction\":[{\"@type\":\"ReadAction\",\"target\":[\"https:\/\/vannangvn.123websitedev.com\/san-pham\/cay-lan-son-hand-roller-rycobel-model-finat\/\"]}]},{\"@type\":\"ImageObject\",\"inLanguage\":\"en-US\",\"@id\":\"https:\/\/vannangvn.123websitedev.com\/san-pham\/cay-lan-son-hand-roller-rycobel-model-finat\/#primaryimage\",\"url\":\"https:\/\/vannangvn.123websitedev.com\/wp-content\/uploads\/2026\/03\/Hand-Roller-Hang-Rycobel-no.1-copy.jpg\",\"contentUrl\":\"https:\/\/vannangvn.123websitedev.com\/wp-content\/uploads\/2026\/03\/Hand-Roller-Hang-Rycobel-no.1-copy.jpg\",\"width\":768,\"height\":576},{\"@type\":\"BreadcrumbList\",\"@id\":\"https:\/\/vannangvn.123websitedev.com\/san-pham\/cay-lan-son-hand-roller-rycobel-model-finat\/#breadcrumb\",\"itemListElement\":[{\"@type\":\"ListItem\",\"position\":1,\"name\":\"Trang ch\u1ee7\",\"item\":\"https:\/\/vannangvn.123websitedev.com\/\"},{\"@type\":\"ListItem\",\"position\":2,\"name\":\"S\u1ea3n ph\u1ea9m\",\"item\":\"https:\/\/vannangvn.123websitedev.com\/cua-hang\/\"},{\"@type\":\"ListItem\",\"position\":3,\"name\":\"C\u00c2Y L\u0102N S\u01a0N (HAND ROLLER) RYCOBEL MODEL\u00a0FINAT\"}]},{\"@type\":\"WebSite\",\"@id\":\"https:\/\/vannangvn.123websitedev.com\/#website\",\"url\":\"https:\/\/vannangvn.123websitedev.com\/\",\"name\":\"Vannang.vn\",\"description\":\"\",\"publisher\":{\"@id\":\"https:\/\/vannangvn.123websitedev.com\/#organization\"},\"potentialAction\":[{\"@type\":\"SearchAction\",\"target\":{\"@type\":\"EntryPoint\",\"urlTemplate\":\"https:\/\/vannangvn.123websitedev.com\/?s={search_term_string}\"},\"query-input\":{\"@type\":\"PropertyValueSpecification\",\"valueRequired\":true,\"valueName\":\"search_term_string\"}}],\"inLanguage\":\"en-US\"},{\"@type\":\"Organization\",\"@id\":\"https:\/\/vannangvn.123websitedev.com\/#organization\",\"name\":\"Vannang.vn\",\"url\":\"https:\/\/vannangvn.123websitedev.com\/\",\"logo\":{\"@type\":\"ImageObject\",\"inLanguage\":\"en-US\",\"@id\":\"https:\/\/vannangvn.123websitedev.com\/#\/schema\/logo\/image\/\",\"url\":\"https:\/\/vannangvn.123websitedev.com\/wp-content\/uploads\/2026\/02\/logo-van-nang-02.png\",\"contentUrl\":\"https:\/\/vannangvn.123websitedev.com\/wp-content\/uploads\/2026\/02\/logo-van-nang-02.png\",\"width\":448,\"height\":111,\"caption\":\"Vannang.vn\"},\"image\":{\"@id\":\"https:\/\/vannangvn.123websitedev.com\/#\/schema\/logo\/image\/\"}}]}<\/script>\n<!-- \/ Yoast SEO Premium plugin. -->","yoast_head_json":{"title":"C\u00c2Y L\u0102N S\u01a0N (HAND ROLLER) RYCOBEL M... ch\u00ednh h\u00e3ng | V\u1ea1n N\u0103ng","description":"Mua ngay C\u00c2Y L\u0102N S\u01a0N (HAND ROLLER) RYCOBEL MODEL\u00a0FINAT ch\u00ednh h\u00e3ng. Gi\u00e1 t\u1ed1t!","robots":{"index":"noindex","follow":"follow","max-snippet":"max-snippet:-1","max-image-preview":"max-image-preview:large","max-video-preview":"max-video-preview:-1"},"og_locale":"en_US","og_type":"article","og_title":"C\u00c2Y L\u0102N S\u01a0N (HAND ROLLER) RYCOBEL MODEL\u00a0FINAT","og_description":"Mua ngay C\u00c2Y L\u0102N S\u01a0N (HAND ROLLER) RYCOBEL MODEL\u00a0FINAT ch\u00ednh h\u00e3ng. Gi\u00e1 t\u1ed1t!","og_url":"https:\/\/vannangvn.123websitedev.com\/en\/product\/cay-lan-son-hand-roller-rycobel-model-finat\/","og_site_name":"Vannang.vn","article_modified_time":"2026-03-30T11:12:57+00:00","og_image":[{"width":768,"height":576,"url":"http:\/\/vannangvn.123websitedev.com\/wp-content\/uploads\/2026\/03\/Hand-Roller-Hang-Rycobel-no.1-copy.jpg","type":"image\/jpeg"}],"twitter_card":"summary_large_image","twitter_misc":{"Est. reading time":"8 minutes"},"schema":{"@context":"https:\/\/schema.org","@graph":[{"@type":"WebPage","@id":"https:\/\/vannangvn.123websitedev.com\/san-pham\/cay-lan-son-hand-roller-rycobel-model-finat\/","url":"https:\/\/vannangvn.123websitedev.com\/san-pham\/cay-lan-son-hand-roller-rycobel-model-finat\/","name":"C\u00c2Y L\u0102N S\u01a0N (HAND ROLLER) RYCOBEL M... ch\u00ednh h\u00e3ng | V\u1ea1n N\u0103ng","isPartOf":{"@id":"https:\/\/vannangvn.123websitedev.com\/#website"},"primaryImageOfPage":{"@id":"https:\/\/vannangvn.123websitedev.com\/san-pham\/cay-lan-son-hand-roller-rycobel-model-finat\/#primaryimage"},"image":{"@id":"https:\/\/vannangvn.123websitedev.com\/san-pham\/cay-lan-son-hand-roller-rycobel-model-finat\/#primaryimage"},"thumbnailUrl":"https:\/\/vannangvn.123websitedev.com\/wp-content\/uploads\/2026\/03\/Hand-Roller-Hang-Rycobel-no.1-copy.jpg","datePublished":"2026-03-20T10:22:35+00:00","dateModified":"2026-03-30T11:12:57+00:00","description":"Mua ngay C\u00c2Y L\u0102N S\u01a0N (HAND ROLLER) RYCOBEL MODEL\u00a0FINAT ch\u00ednh h\u00e3ng. Gi\u00e1 t\u1ed1t!","breadcrumb":{"@id":"https:\/\/vannangvn.123websitedev.com\/san-pham\/cay-lan-son-hand-roller-rycobel-model-finat\/#breadcrumb"},"inLanguage":"en-US","potentialAction":[{"@type":"ReadAction","target":["https:\/\/vannangvn.123websitedev.com\/san-pham\/cay-lan-son-hand-roller-rycobel-model-finat\/"]}]},{"@type":"ImageObject","inLanguage":"en-US","@id":"https:\/\/vannangvn.123websitedev.com\/san-pham\/cay-lan-son-hand-roller-rycobel-model-finat\/#primaryimage","url":"https:\/\/vannangvn.123websitedev.com\/wp-content\/uploads\/2026\/03\/Hand-Roller-Hang-Rycobel-no.1-copy.jpg","contentUrl":"https:\/\/vannangvn.123websitedev.com\/wp-content\/uploads\/2026\/03\/Hand-Roller-Hang-Rycobel-no.1-copy.jpg","width":768,"height":576},{"@type":"BreadcrumbList","@id":"https:\/\/vannangvn.123websitedev.com\/san-pham\/cay-lan-son-hand-roller-rycobel-model-finat\/#breadcrumb","itemListElement":[{"@type":"ListItem","position":1,"name":"Trang ch\u1ee7","item":"https:\/\/vannangvn.123websitedev.com\/"},{"@type":"ListItem","position":2,"name":"S\u1ea3n ph\u1ea9m","item":"https:\/\/vannangvn.123websitedev.com\/cua-hang\/"},{"@type":"ListItem","position":3,"name":"C\u00c2Y L\u0102N S\u01a0N (HAND ROLLER) RYCOBEL MODEL\u00a0FINAT"}]},{"@type":"WebSite","@id":"https:\/\/vannangvn.123websitedev.com\/#website","url":"https:\/\/vannangvn.123websitedev.com\/","name":"Vannang.vn","description":"","publisher":{"@id":"https:\/\/vannangvn.123websitedev.com\/#organization"},"potentialAction":[{"@type":"SearchAction","target":{"@type":"EntryPoint","urlTemplate":"https:\/\/vannangvn.123websitedev.com\/?s={search_term_string}"},"query-input":{"@type":"PropertyValueSpecification","valueRequired":true,"valueName":"search_term_string"}}],"inLanguage":"en-US"},{"@type":"Organization","@id":"https:\/\/vannangvn.123websitedev.com\/#organization","name":"Vannang.vn","url":"https:\/\/vannangvn.123websitedev.com\/","logo":{"@type":"ImageObject","inLanguage":"en-US","@id":"https:\/\/vannangvn.123websitedev.com\/#\/schema\/logo\/image\/","url":"https:\/\/vannangvn.123websitedev.com\/wp-content\/uploads\/2026\/02\/logo-van-nang-02.png","contentUrl":"https:\/\/vannangvn.123websitedev.com\/wp-content\/uploads\/2026\/02\/logo-van-nang-02.png","width":448,"height":111,"caption":"Vannang.vn"},"image":{"@id":"https:\/\/vannangvn.123websitedev.com\/#\/schema\/logo\/image\/"}}]}},"_links":{"self":[{"href":"https:\/\/vannangvn.123websitedev.com\/en\/wp-json\/wp\/v2\/product\/6122","targetHints":{"allow":["GET"]}}],"collection":[{"href":"https:\/\/vannangvn.123websitedev.com\/en\/wp-json\/wp\/v2\/product"}],"about":[{"href":"https:\/\/vannangvn.123websitedev.com\/en\/wp-json\/wp\/v2\/types\/product"}],"replies":[{"embeddable":true,"href":"https:\/\/vannangvn.123websitedev.com\/en\/wp-json\/wp\/v2\/comments?post=6122"}],"wp:featuredmedia":[{"embeddable":true,"href":"https:\/\/vannangvn.123websitedev.com\/en\/wp-json\/wp\/v2\/media\/9665"}],"wp:attachment":[{"href":"https:\/\/vannangvn.123websitedev.com\/en\/wp-json\/wp\/v2\/media?parent=6122"}],"wp:term":[{"taxonomy":"product_brand","embeddable":true,"href":"https:\/\/vannangvn.123websitedev.com\/en\/wp-json\/wp\/v2\/product_brand?post=6122"},{"taxonomy":"product_cat","embeddable":true,"href":"https:\/\/vannangvn.123websitedev.com\/en\/wp-json\/wp\/v2\/product_cat?post=6122"},{"taxonomy":"product_tag","embeddable":true,"href":"https:\/\/vannangvn.123websitedev.com\/en\/wp-json\/wp\/v2\/product_tag?post=6122"}],"curies":[{"name":"wp","href":"https:\/\/api.w.org\/{rel}","templated":true}]}}