{"id":6123,"date":"2026-03-20T17:22:36","date_gmt":"2026-03-20T10:22:36","guid":{"rendered":"https:\/\/vannangvn.123websitedev.com\/san-pham\/cay-mau-pantone-model-solid-coated\/"},"modified":"2026-03-30T18:12:58","modified_gmt":"2026-03-30T11:12:58","slug":"cay-mau-pantone-model-solid-coated","status":"publish","type":"product","link":"https:\/\/vannangvn.123websitedev.com\/en\/product\/cay-mau-pantone-model-solid-coated\/","title":{"rendered":"C\u00c2Y M\u00c0U PANTONE MODEL SOLID COATED"},"content":{"rendered":"<h1 style=\"color: red; font-weight: bold; font-size: 24px;\">T&#7893;ng quan s&#7843;n ph&#7849;m C&Acirc;Y M&Agrave;U PANTONE MODEL SOLID COATED<p>C&acirc;y M&agrave;u (Formula Guide Set) PANTONE Model Solid Coated<br>\n229 M&agrave;u M&#7899;i Cho S&#7921; S&aacute;ng T&#7841;o V&#432;&#7907;t Tr&#7897;i!<br>\nPANTONE Solid Coated l&agrave; c&ocirc;ng c&#7909; ph&#7889;i m&agrave;u to&agrave;n di&#7879;n, hi&#7875;n th&#7883; &#273;&#7847;y &#273;&#7911; 2.390 m&agrave;u spot trong h&#7879; th&#7889;ng Pantone Graphics System tr&ecirc;n c&#7843; gi&#7845;y coated v&agrave; uncoated. Phi&ecirc;n b&#7843;n m&#7899;i &#273;&#432;&#7907;c c&#7853;p nh&#7853;t v&#7899;i 224 m&agrave;u Pantone Matching System (PMS) ho&agrave;n to&agrave;n m&#7899;i, &#273;&#7891;ng th&#7901;i b&#7893; sung 5 lo&#7841;i m&#7921;c n&#7873;n th&acirc;n thi&#7879;n m&ocirc;i tr&#432;&#7901;ng c&oacute; th&#7875; s&#7917; d&#7909;ng trong quy tr&igrave;nh in c&oacute; ph&#7911; l&#7899;p b&#7843;o v&#7879;.<\/p><p>Thi&#7871;t k&#7871; d&#7841;ng qu&#7841;t c&#7847;m tay nh&#7887; g&#7885;n, ti&#7879;n l&#7907;i mang theo, gi&uacute;p ng&#432;&#7901;i d&ugrave;ng d&#7877; d&agrave;ng &#273;&#7889;i chi&#7871;u th&#7921;c t&#7871; m&agrave;u s&#7855;c Pantone trong c&aacute;c &#7913;ng d&#7909;ng thi&#7871;t k&#7871; k&#7929; thu&#7853;t s&#7889;, &#273;&#7891;ng th&#7901;i cung c&#7845;p c&ocirc;ng th&#7913;c pha m&#7921;c chu&#7849;n &#273;&#7875; &#273;&#7841;t &#273;&#432;&#7907;c &#273;&#7897; ch&iacute;nh x&aacute;c cao nh&#7845;t.<br>\nPantone Connect l&agrave; c&ocirc;ng c&#7909; kh&ocirc;ng th&#7875; thi&#7871;u cho c&aacute;c chuy&ecirc;n gia s&aacute;ng t&#7841;o, mang &#273;&#7871;n quy&#7873;n truy c&#7853;p h&#417;n 15.000 m&agrave;u Pantone c&#7853;p nh&#7853;t m&#7899;i nh&#7845;t, t&iacute;ch h&#7907;p li&#7873;n m&#7841;ch v&#7899;i Adobe Suite, c&ugrave;ng kh&#7843; n&#259;ng chuy&#7875;n &#273;&#7893;i m&agrave;u ch&iacute;nh x&aacute;c gi&#7919;a c&aacute;c &#273;&#7883;nh d&#7841;ng nh&#432; RGB, CMYK v&agrave; Hex. H&#7907;p t&aacute;c d&#7877; d&agrave;ng theo th&#7901;i gian th&#7921;c, t&#7841;o ra b&#7843;ng m&agrave;u ri&ecirc;ng bi&#7879;t v&agrave; &#273;&#7843;m b&#7843;o t&iacute;nh &#273;&#7891;ng nh&#7845;t v&#7873; m&agrave;u s&#7855;c tr&ecirc;n m&#7885;i d&#7921; &aacute;n. H&atilde;y c&ugrave;ng V&#7841;n N&#259;ng t&igrave;m hi&#7875;u chi ti&#7871;t h&#417;n v&#7873; s&#7843;n ph&#7849;m th&ocirc;ng qua b&agrave;i vi&#7871;t d&#432;&#7899;i &#273;&acirc;y!<\/p><h2 style=\"color: #2e7d32; font-weight: bold; font-size: 20px;\">&#272;&#7863;c &#272;i&#7875;m N&#7893;i B&#7853;t<\/h2><p>&#272;&#7843;m b&#7843;o &#273;&#7897; nh&#7845;t qu&aacute;n m&agrave;u s&#7855;c trong thi&#7871;t k&#7871; nh&#7853;n di&#7879;n th&#432;&#417;ng hi&#7879;u, logo, bao b&igrave;, &#7845;n ph&#7849;m marketing v&agrave; c&aacute;c &#7913;ng d&#7909;ng &#273;&#7891; h&#7885;a kh&aacute;c tr&ecirc;n nhi&#7873;u ch&#7845;t li&#7879;u.<br>\n&bull; Thi&#7871;t k&#7871; d&#7841;ng qu&#7841;t c&#7847;m tay nh&#7887; g&#7885;n, d&#7877; d&agrave;ng tra c&#7913;u v&agrave; mang theo.<br>\n&bull; L&agrave; c&ocirc;ng c&#7909; to&agrave;n di&#7879;n h&#7895; tr&#7907; t&#7915; giai &#273;o&#7841;n l&#7845;y c&#7843;m h&#7913;ng thi&#7871;t k&#7871; &#273;&#7871;n ki&#7875;m tra in &#7845;n.<br>\n&bull; In tr&ecirc;n lo&#7841;i gi&#7845;y ph&#7893; bi&#7871;n nh&#7845;t trong ng&agrave;nh: gi&#7845;y coated 100 lb (168 gsm) v&agrave; gi&#7845;y uncoated 80 lb (118 gsm).<br>\n&bull; Trang ch&#7881; b&aacute;o &aacute;nh s&aacute;ng gi&uacute;p ng&#432;&#7901;i d&ugrave;ng x&aacute;c &#273;&#7883;nh &#273;i&#7873;u ki&#7879;n chi&#7871;u s&aacute;ng ph&ugrave; h&#7907;p &#273;&#7875; &#273;&aacute;nh gi&aacute; m&agrave;u ch&iacute;nh x&aacute;c.<br>\n&bull; &#272;&#432;&#7907;c xem l&agrave; c&ocirc;ng c&#7909; ti&ecirc;u chu&#7849;n truy&#7873;n c&#7843;m h&#7913;ng, ph&#7889;i m&agrave;u v&agrave; giao ti&#7871;p m&agrave;u s&#7855;c d&agrave;nh cho c&aacute;c l&#297;nh v&#7921;c thi&#7871;t k&#7871; &#273;&#7891; h&#7885;a, thi&#7871;t k&#7871; k&#7929; thu&#7853;t s&#7889;, thi&#7871;t k&#7871; s&#7843;n ph&#7849;m v&agrave; in &#7845;n.<\/p><p>M&agrave;u S&#7855;c<br>\nB&#7893; sung 224 m&agrave;u &#273;&#7891; h&#7885;a m&#7899;i ph&ugrave; h&#7907;p xu h&#432;&#7899;ng th&#7883; tr&#432;&#7901;ng c&ugrave;ng 5 m&agrave;u c&#417; b&#7843;n m&#7899;i.<br>\n&bull; T&#7893;ng c&#7897;ng 2.390 m&agrave;u, t&#7841;o n&ecirc;n ph&#7893; m&agrave;u r&#7897;ng nh&#7845;t trong h&#7879; th&#7889;ng Pantone Graphics System.<br>\n&bull; C&aacute;c m&agrave;u m&#7899;i &#273;&#432;&#7907;c &#273;&#7863;t &#7903; &#273;&#7847;u b&#7897; h&#432;&#7899;ng d&#7851;n &#273;&#7875; d&#7877; d&agrave;ng t&igrave;m ki&#7871;m.<br>\n&bull; Quy tr&igrave;nh in c&#7843;i ti&#7871;n cho &#273;&#7897; ch&iacute;nh x&aacute;c m&agrave;u cao h&#417;n.<br>\n&bull; M&#7895;i m&agrave;u hi&#7875;n th&#7883; c&ugrave;ng m&atilde; s&#7889; v&agrave; c&ocirc;ng th&#7913;c pha m&#7921;c t&#432;&#417;ng &#7913;ng.<br>\n&bull; M&#7909;c l&#7909;c ph&iacute;a sau gi&uacute;p ng&#432;&#7901;i d&ugrave;ng tra c&#7913;u nhanh v&#7883; tr&iacute; t&#7915;ng m&agrave;u.<\/p><p>&#7912;ng D&#7909;ng<br>\nPh&ugrave; h&#7907;p cho vi&#7879;c l&ecirc;n &yacute; t&#432;&#7903;ng v&agrave; s&#7843;n xu&#7845;t thi&#7871;t k&#7871; trong l&#297;nh v&#7921;c logo, nh&#7853;n di&#7879;n th&#432;&#417;ng hi&#7879;u, bao b&igrave;, &#7845;n ph&#7849;m qu&#7843;ng c&aacute;o, c&#361;ng nh&#432; c&aacute;c &#7913;ng d&#7909;ng m&#7903; r&#7897;ng nh&#432; ki&#7871;n tr&uacute;c, thi&#7871;t k&#7871; c&ocirc;ng nghi&#7879;p v&agrave; s&#7843;n xu&#7845;t.<br>\n&bull; C&ocirc;ng th&#7913;c pha m&#7921;c h&#7895; tr&#7907; nh&agrave; in &#273;&#7841;t ch&iacute;nh x&aacute;c m&agrave;u Pantone Spot tr&ecirc;n c&aacute;c v&#7853;t li&#7879;u in.<br>\n&bull; Gi&uacute;p duy tr&igrave; s&#7921; &#273;&#7891;ng nh&#7845;t m&agrave;u s&#7855;c xuy&ecirc;n su&#7889;t quy tr&igrave;nh l&agrave;m vi&#7879;c v&agrave; chu&#7895;i cung &#7913;ng to&agrave;n c&#7847;u.<br>\nH&atilde;y li&ecirc;n h&#7879; ngay v&#7899;i V&#7841;n N&#259;ng Company &#273;&#7875; &#273;&#432;&#7907;c t&#432; v&#7845;n chi ti&#7871;t v&agrave; nh&#7853;n ngay nh&#7919;ng &#432;u &#273;&atilde;i h&#7845;p d&#7851;n th&ocirc;ng qua hotline\/zalo: <a href=\"https:\/\/zalo.me\/0903991335\" target=\"_blank\" rel=\"noopener\" style=\"color: #059669; font-weight: bold; text-decoration: none;\">0903 991 335<\/a> !<\/p><div style=\"background-color: #f8fafc; border: 1px solid #e2e8f0; border-radius: 8px; padding: 25px; max-width: 800px; margin: 30px auto; color: #334155; line-height: 1.8; font-size: 17px; box-shadow: 0 4px 6px -1px rgba(0,0,0,0.05); text-align: left; clear: both;\">\nC&ocirc;ng ty TNHH Th&#432;&#417;ng M&#7841;i D&#7883;ch V&#7909; Thi&#7871;t B&#7883; C&ocirc;ng Ngh&#7879; V&#7841;n N&#259;ng\n<p style=\"margin: 0 0 10px 0;\">&#128205; <strong style=\"color: #1e293b;\">&#272;&#7883;a ch&#7881;:<\/strong> <a style=\"color: #059669; text-decoration: none; font-weight: bold;\" href=\"https:\/\/www.google.com\/maps\/search\/C%C3%B4ng+ty+TNHH+Th%C6%B0%C6%A1ng+M%E1%BA%A1i+D%E1%BB%8Bch+V%E1%BB%A5+Thi%E1%BA%BFt+B%E1%BB%8B+C%C3%B4ng+Ngh%E1%BB%87+V%E1%BA%A1n+N%C4%83ng+818+Tr%C6%B0%E1%BB%9Dng+Chinh\" target=\"_blank\" rel=\"noopener\">818 Tr&#432;&#7901;ng Chinh, Ph&#432;&#7901;ng T&acirc;n S&#417;n, Th&agrave;nh ph&#7889; H&#7891; Ch&iacute; Minh, Vi&#7879;t Nam<\/a><\/p>\n<p style=\"margin: 0 0 10px 0;\">&#128222; <strong style=\"color: #1e293b;\">S&#272;T &ndash; Zalo:<\/strong> <a style=\"color: #059669; text-decoration: none; font-weight: bold;\" href=\"https:\/\/zalo.me\/0903991335\" target=\"_blank\" rel=\"noopener\">0903 991 335<\/a> <span style=\"color: #64748b; font-style: italic;\">(Ms. H&#7841;nh &ndash; Gi&aacute;m &#272;&#7889;c Kinh Doanh)<\/span><\/p>\n<p style=\"margin: 0;\">&#9993;&#65039; <strong style=\"color: #1e293b;\">Email:<\/strong> <a style=\"color: #059669; text-decoration: none; font-weight: bold;\" href=\"mailto:hienhanh@vannangvn.com\">hienhanh@vannangvn.com<\/a><\/p>\n<\/div><\/h1>","protected":false},"excerpt":{"rendered":"<p><strong>Th&#432;&#417;ng hi&#7879;u:<\/strong> PANTONE<br>\n<strong>Model:<\/strong> Solid<p>Product <strong>C&Acirc;Y M&Agrave;U PANTONE MODEL SOLID COATED<\/strong> ch&iacute;nh h&atilde;ng. PANTONE (USA)<br>\nC&acirc;y M&agrave;u PANTONE Solid Coated l&agrave; b&#7897; c&ocirc;ng c&#7909; Formula Guide ti&ecirc;u chu&#7849;n, hi&#7875;n th&#7883; 2.390 m&agrave;u spot (224 m&agrave;u m&#7899;i), cung c&#7845;p c&ocirc;ng th&#7913;c pha m&#7921;c ch&iacute;nh x&aacute;c. Thi&#7871;t b&#7883; l&yacute; t&#432;&#7903;ng cho thi&#7871;t k&#7871; &#273;&#7891; h&#7885;a, bao b&igrave; v&agrave; in &#7845;n, &#273;&#7843;m b&#7843;o s&#7921; nh&#7845;t qu&aacute;n m&agrave;u s&#7855;c tr&ecirc;n gi&#7845;y coated v&agrave; uncoated.<\/p><\/p>","protected":false},"featured_media":9917,"comment_status":"open","ping_status":"closed","template":"","meta":[],"product_brand":[],"product_cat":[18],"product_tag":[116,130,684,692,693,694],"class_list":{"0":"post-6123","1":"product","2":"type-product","3":"status-publish","4":"has-post-thumbnail","6":"product_cat-chua-phan-loai","7":"product_tag-model","8":"product_tag-mau","9":"product_tag-cay","10":"product_tag-pantone","11":"product_tag-solid","12":"product_tag-coated","14":"first","15":"instock","16":"shipping-taxable","17":"product-type-simple"},"yoast_head":"<!-- This site is optimized with the Yoast SEO Premium plugin v24.8 (Yoast SEO v24.8) - https:\/\/yoast.com\/wordpress\/plugins\/seo\/ -->\n<title>C\u00c2Y M\u00c0U PANTONE MODEL SOLID COATED ch\u00ednh h\u00e3ng | V\u1ea1n N\u0103ng<\/title>\n<meta name=\"description\" content=\"Mua ngay C\u00c2Y M\u00c0U PANTONE MODEL SOLID COATED ch\u00ednh h\u00e3ng. C\u00e2y M\u00e0u PANTONE Solid Coated l\u00e0 b\u1ed9 c\u00f4ng c\u1ee5 Formula Guide ti\u00eau chu\u1ea9n, hi\u1ec3n... Gi\u00e1 t\u1ed1t!\" \/>\n<meta name=\"robots\" content=\"noindex, follow, max-snippet:-1, max-image-preview:large, max-video-preview:-1\" \/>\n<meta property=\"og:locale\" content=\"en_US\" \/>\n<meta property=\"og:type\" content=\"article\" \/>\n<meta property=\"og:title\" content=\"C\u00c2Y M\u00c0U PANTONE MODEL SOLID COATED\" \/>\n<meta property=\"og:description\" content=\"Mua ngay C\u00c2Y M\u00c0U PANTONE MODEL SOLID COATED ch\u00ednh h\u00e3ng. C\u00e2y M\u00e0u PANTONE Solid Coated l\u00e0 b\u1ed9 c\u00f4ng c\u1ee5 Formula Guide ti\u00eau chu\u1ea9n, hi\u1ec3n... Gi\u00e1 t\u1ed1t!\" \/>\n<meta property=\"og:url\" content=\"https:\/\/vannangvn.123websitedev.com\/en\/product\/cay-mau-pantone-model-solid-coated\/\" \/>\n<meta property=\"og:site_name\" content=\"Vannang.vn\" \/>\n<meta property=\"article:modified_time\" content=\"2026-03-30T11:12:58+00:00\" \/>\n<meta property=\"og:image\" content=\"http:\/\/vannangvn.123websitedev.com\/wp-content\/uploads\/2026\/03\/19-5-768x576-copy.jpg\" \/>\n\t<meta property=\"og:image:width\" content=\"768\" \/>\n\t<meta property=\"og:image:height\" content=\"576\" \/>\n\t<meta property=\"og:image:type\" content=\"image\/jpeg\" \/>\n<meta name=\"twitter:card\" content=\"summary_large_image\" \/>\n<meta name=\"twitter:label1\" content=\"Est. reading time\" \/>\n\t<meta name=\"twitter:data1\" content=\"5 minutes\" \/>\n<script type=\"application\/ld+json\" class=\"yoast-schema-graph\">{\"@context\":\"https:\/\/schema.org\",\"@graph\":[{\"@type\":\"WebPage\",\"@id\":\"https:\/\/vannangvn.123websitedev.com\/san-pham\/cay-mau-pantone-model-solid-coated\/\",\"url\":\"https:\/\/vannangvn.123websitedev.com\/san-pham\/cay-mau-pantone-model-solid-coated\/\",\"name\":\"C\u00c2Y M\u00c0U PANTONE MODEL SOLID COATED ch\u00ednh h\u00e3ng | V\u1ea1n N\u0103ng\",\"isPartOf\":{\"@id\":\"https:\/\/vannangvn.123websitedev.com\/#website\"},\"primaryImageOfPage\":{\"@id\":\"https:\/\/vannangvn.123websitedev.com\/san-pham\/cay-mau-pantone-model-solid-coated\/#primaryimage\"},\"image\":{\"@id\":\"https:\/\/vannangvn.123websitedev.com\/san-pham\/cay-mau-pantone-model-solid-coated\/#primaryimage\"},\"thumbnailUrl\":\"https:\/\/vannangvn.123websitedev.com\/wp-content\/uploads\/2026\/03\/19-5-768x576-copy.jpg\",\"datePublished\":\"2026-03-20T10:22:36+00:00\",\"dateModified\":\"2026-03-30T11:12:58+00:00\",\"description\":\"Mua ngay C\u00c2Y M\u00c0U PANTONE MODEL SOLID COATED ch\u00ednh h\u00e3ng. C\u00e2y M\u00e0u PANTONE Solid Coated l\u00e0 b\u1ed9 c\u00f4ng c\u1ee5 Formula Guide ti\u00eau chu\u1ea9n, hi\u1ec3n... Gi\u00e1 t\u1ed1t!\",\"breadcrumb\":{\"@id\":\"https:\/\/vannangvn.123websitedev.com\/san-pham\/cay-mau-pantone-model-solid-coated\/#breadcrumb\"},\"inLanguage\":\"en-US\",\"potentialAction\":[{\"@type\":\"ReadAction\",\"target\":[\"https:\/\/vannangvn.123websitedev.com\/san-pham\/cay-mau-pantone-model-solid-coated\/\"]}]},{\"@type\":\"ImageObject\",\"inLanguage\":\"en-US\",\"@id\":\"https:\/\/vannangvn.123websitedev.com\/san-pham\/cay-mau-pantone-model-solid-coated\/#primaryimage\",\"url\":\"https:\/\/vannangvn.123websitedev.com\/wp-content\/uploads\/2026\/03\/19-5-768x576-copy.jpg\",\"contentUrl\":\"https:\/\/vannangvn.123websitedev.com\/wp-content\/uploads\/2026\/03\/19-5-768x576-copy.jpg\",\"width\":768,\"height\":576},{\"@type\":\"BreadcrumbList\",\"@id\":\"https:\/\/vannangvn.123websitedev.com\/san-pham\/cay-mau-pantone-model-solid-coated\/#breadcrumb\",\"itemListElement\":[{\"@type\":\"ListItem\",\"position\":1,\"name\":\"Trang ch\u1ee7\",\"item\":\"https:\/\/vannangvn.123websitedev.com\/\"},{\"@type\":\"ListItem\",\"position\":2,\"name\":\"S\u1ea3n ph\u1ea9m\",\"item\":\"https:\/\/vannangvn.123websitedev.com\/cua-hang\/\"},{\"@type\":\"ListItem\",\"position\":3,\"name\":\"C\u00c2Y M\u00c0U PANTONE MODEL SOLID COATED\"}]},{\"@type\":\"WebSite\",\"@id\":\"https:\/\/vannangvn.123websitedev.com\/#website\",\"url\":\"https:\/\/vannangvn.123websitedev.com\/\",\"name\":\"Vannang.vn\",\"description\":\"\",\"publisher\":{\"@id\":\"https:\/\/vannangvn.123websitedev.com\/#organization\"},\"potentialAction\":[{\"@type\":\"SearchAction\",\"target\":{\"@type\":\"EntryPoint\",\"urlTemplate\":\"https:\/\/vannangvn.123websitedev.com\/?s={search_term_string}\"},\"query-input\":{\"@type\":\"PropertyValueSpecification\",\"valueRequired\":true,\"valueName\":\"search_term_string\"}}],\"inLanguage\":\"en-US\"},{\"@type\":\"Organization\",\"@id\":\"https:\/\/vannangvn.123websitedev.com\/#organization\",\"name\":\"Vannang.vn\",\"url\":\"https:\/\/vannangvn.123websitedev.com\/\",\"logo\":{\"@type\":\"ImageObject\",\"inLanguage\":\"en-US\",\"@id\":\"https:\/\/vannangvn.123websitedev.com\/#\/schema\/logo\/image\/\",\"url\":\"https:\/\/vannangvn.123websitedev.com\/wp-content\/uploads\/2026\/02\/logo-van-nang-02.png\",\"contentUrl\":\"https:\/\/vannangvn.123websitedev.com\/wp-content\/uploads\/2026\/02\/logo-van-nang-02.png\",\"width\":448,\"height\":111,\"caption\":\"Vannang.vn\"},\"image\":{\"@id\":\"https:\/\/vannangvn.123websitedev.com\/#\/schema\/logo\/image\/\"}}]}<\/script>\n<!-- \/ Yoast SEO Premium plugin. -->","yoast_head_json":{"title":"C\u00c2Y M\u00c0U PANTONE MODEL SOLID COATED ch\u00ednh h\u00e3ng | V\u1ea1n N\u0103ng","description":"Mua ngay C\u00c2Y M\u00c0U PANTONE MODEL SOLID COATED ch\u00ednh h\u00e3ng. C\u00e2y M\u00e0u PANTONE Solid Coated l\u00e0 b\u1ed9 c\u00f4ng c\u1ee5 Formula Guide ti\u00eau chu\u1ea9n, hi\u1ec3n... Gi\u00e1 t\u1ed1t!","robots":{"index":"noindex","follow":"follow","max-snippet":"max-snippet:-1","max-image-preview":"max-image-preview:large","max-video-preview":"max-video-preview:-1"},"og_locale":"en_US","og_type":"article","og_title":"C\u00c2Y M\u00c0U PANTONE MODEL SOLID COATED","og_description":"Mua ngay C\u00c2Y M\u00c0U PANTONE MODEL SOLID COATED ch\u00ednh h\u00e3ng. C\u00e2y M\u00e0u PANTONE Solid Coated l\u00e0 b\u1ed9 c\u00f4ng c\u1ee5 Formula Guide ti\u00eau chu\u1ea9n, hi\u1ec3n... Gi\u00e1 t\u1ed1t!","og_url":"https:\/\/vannangvn.123websitedev.com\/en\/product\/cay-mau-pantone-model-solid-coated\/","og_site_name":"Vannang.vn","article_modified_time":"2026-03-30T11:12:58+00:00","og_image":[{"width":768,"height":576,"url":"http:\/\/vannangvn.123websitedev.com\/wp-content\/uploads\/2026\/03\/19-5-768x576-copy.jpg","type":"image\/jpeg"}],"twitter_card":"summary_large_image","twitter_misc":{"Est. reading time":"5 minutes"},"schema":{"@context":"https:\/\/schema.org","@graph":[{"@type":"WebPage","@id":"https:\/\/vannangvn.123websitedev.com\/san-pham\/cay-mau-pantone-model-solid-coated\/","url":"https:\/\/vannangvn.123websitedev.com\/san-pham\/cay-mau-pantone-model-solid-coated\/","name":"C\u00c2Y M\u00c0U PANTONE MODEL SOLID COATED ch\u00ednh h\u00e3ng | V\u1ea1n N\u0103ng","isPartOf":{"@id":"https:\/\/vannangvn.123websitedev.com\/#website"},"primaryImageOfPage":{"@id":"https:\/\/vannangvn.123websitedev.com\/san-pham\/cay-mau-pantone-model-solid-coated\/#primaryimage"},"image":{"@id":"https:\/\/vannangvn.123websitedev.com\/san-pham\/cay-mau-pantone-model-solid-coated\/#primaryimage"},"thumbnailUrl":"https:\/\/vannangvn.123websitedev.com\/wp-content\/uploads\/2026\/03\/19-5-768x576-copy.jpg","datePublished":"2026-03-20T10:22:36+00:00","dateModified":"2026-03-30T11:12:58+00:00","description":"Mua ngay C\u00c2Y M\u00c0U PANTONE MODEL SOLID COATED ch\u00ednh h\u00e3ng. C\u00e2y M\u00e0u PANTONE Solid Coated l\u00e0 b\u1ed9 c\u00f4ng c\u1ee5 Formula Guide ti\u00eau chu\u1ea9n, hi\u1ec3n... Gi\u00e1 t\u1ed1t!","breadcrumb":{"@id":"https:\/\/vannangvn.123websitedev.com\/san-pham\/cay-mau-pantone-model-solid-coated\/#breadcrumb"},"inLanguage":"en-US","potentialAction":[{"@type":"ReadAction","target":["https:\/\/vannangvn.123websitedev.com\/san-pham\/cay-mau-pantone-model-solid-coated\/"]}]},{"@type":"ImageObject","inLanguage":"en-US","@id":"https:\/\/vannangvn.123websitedev.com\/san-pham\/cay-mau-pantone-model-solid-coated\/#primaryimage","url":"https:\/\/vannangvn.123websitedev.com\/wp-content\/uploads\/2026\/03\/19-5-768x576-copy.jpg","contentUrl":"https:\/\/vannangvn.123websitedev.com\/wp-content\/uploads\/2026\/03\/19-5-768x576-copy.jpg","width":768,"height":576},{"@type":"BreadcrumbList","@id":"https:\/\/vannangvn.123websitedev.com\/san-pham\/cay-mau-pantone-model-solid-coated\/#breadcrumb","itemListElement":[{"@type":"ListItem","position":1,"name":"Trang ch\u1ee7","item":"https:\/\/vannangvn.123websitedev.com\/"},{"@type":"ListItem","position":2,"name":"S\u1ea3n ph\u1ea9m","item":"https:\/\/vannangvn.123websitedev.com\/cua-hang\/"},{"@type":"ListItem","position":3,"name":"C\u00c2Y M\u00c0U PANTONE MODEL SOLID COATED"}]},{"@type":"WebSite","@id":"https:\/\/vannangvn.123websitedev.com\/#website","url":"https:\/\/vannangvn.123websitedev.com\/","name":"Vannang.vn","description":"","publisher":{"@id":"https:\/\/vannangvn.123websitedev.com\/#organization"},"potentialAction":[{"@type":"SearchAction","target":{"@type":"EntryPoint","urlTemplate":"https:\/\/vannangvn.123websitedev.com\/?s={search_term_string}"},"query-input":{"@type":"PropertyValueSpecification","valueRequired":true,"valueName":"search_term_string"}}],"inLanguage":"en-US"},{"@type":"Organization","@id":"https:\/\/vannangvn.123websitedev.com\/#organization","name":"Vannang.vn","url":"https:\/\/vannangvn.123websitedev.com\/","logo":{"@type":"ImageObject","inLanguage":"en-US","@id":"https:\/\/vannangvn.123websitedev.com\/#\/schema\/logo\/image\/","url":"https:\/\/vannangvn.123websitedev.com\/wp-content\/uploads\/2026\/02\/logo-van-nang-02.png","contentUrl":"https:\/\/vannangvn.123websitedev.com\/wp-content\/uploads\/2026\/02\/logo-van-nang-02.png","width":448,"height":111,"caption":"Vannang.vn"},"image":{"@id":"https:\/\/vannangvn.123websitedev.com\/#\/schema\/logo\/image\/"}}]}},"_links":{"self":[{"href":"https:\/\/vannangvn.123websitedev.com\/en\/wp-json\/wp\/v2\/product\/6123","targetHints":{"allow":["GET"]}}],"collection":[{"href":"https:\/\/vannangvn.123websitedev.com\/en\/wp-json\/wp\/v2\/product"}],"about":[{"href":"https:\/\/vannangvn.123websitedev.com\/en\/wp-json\/wp\/v2\/types\/product"}],"replies":[{"embeddable":true,"href":"https:\/\/vannangvn.123websitedev.com\/en\/wp-json\/wp\/v2\/comments?post=6123"}],"wp:featuredmedia":[{"embeddable":true,"href":"https:\/\/vannangvn.123websitedev.com\/en\/wp-json\/wp\/v2\/media\/9917"}],"wp:attachment":[{"href":"https:\/\/vannangvn.123websitedev.com\/en\/wp-json\/wp\/v2\/media?parent=6123"}],"wp:term":[{"taxonomy":"product_brand","embeddable":true,"href":"https:\/\/vannangvn.123websitedev.com\/en\/wp-json\/wp\/v2\/product_brand?post=6123"},{"taxonomy":"product_cat","embeddable":true,"href":"https:\/\/vannangvn.123websitedev.com\/en\/wp-json\/wp\/v2\/product_cat?post=6123"},{"taxonomy":"product_tag","embeddable":true,"href":"https:\/\/vannangvn.123websitedev.com\/en\/wp-json\/wp\/v2\/product_tag?post=6123"}],"curies":[{"name":"wp","href":"https:\/\/api.w.org\/{rel}","templated":true}]}}