{"id":6129,"date":"2026-03-20T17:22:42","date_gmt":"2026-03-20T10:22:42","guid":{"rendered":"https:\/\/vannangvn.123websitedev.com\/san-pham\/chat-chuan-do-do-cung-canxi-hanna-instruments-model-hi720-25\/"},"modified":"2026-03-30T18:13:07","modified_gmt":"2026-03-30T11:13:07","slug":"chat-chuan-do-do-cung-canxi-hanna-instruments-model-hi720-25","status":"publish","type":"product","link":"https:\/\/vannangvn.123websitedev.com\/en\/product\/chat-chuan-do-do-cung-canxi-hanna-instruments-model-hi720-25\/","title":{"rendered":"CH\u1ea4T CHU\u1ea8N \u0110O \u0110\u1ed8 C\u1ee8NG CANXI HANNA INSTRUMENTS MODEL HI720-25"},"content":{"rendered":"<h1 style=\"color: red; font-weight: bold; font-size: 24px;\">T&#7893;ng quan s&#7843;n ph&#7849;m CH&#7844;T CHU&#7848;N &#272;O &#272;&#7896; C&#7912;NG CANXI HANNA INSTRUMENTS MODEL HI720-25<p>Ch&#7845;t Chu&#7849;n &#272;o &#272;&#7897; C&#7913;ng Canxi Hanna Instruments Model HI720-25<br>\nCh&#7845;t Chu&#7849;n &#272;o &#272;&#7897; C&#7913;ng Canxi HI720-25 l&agrave; l&#7921;a ch&#7885;n l&yacute; t&#432;&#7903;ng cho vi&#7879;c ki&#7875;m tra &#273;&#7897; c&#7913;ng canxi trong n&#432;&#7899;c m&#7897;t c&aacute;ch nhanh ch&oacute;ng v&agrave; ch&iacute;nh x&aacute;c. &#272;&#432;&#7907;c thi&#7871;t k&#7871; &#273;&#7863;c bi&#7879;t &#273;&#7875; s&#7917; d&#7909;ng v&#7899;i m&aacute;y &#273;o &#273;&#7897; c&#7913;ng canxi HI720, s&#7843;n ph&#7849;m n&agrave;y cung c&#7845;p gi&#7843;i ph&aacute;p ti&#7879;n l&#7907;i cho c&#7843; n&#432;&#7899;c s&#7841;ch v&agrave; th&#7911;y s&#7843;n n&#432;&#7899;c ng&#7885;t.<br>\nV&#7899;i m&#7895;i h&#7897;p HI720-25, b&#7841;n s&#7869; c&oacute; 25 l&#7847;n &#273;o, gi&uacute;p ki&#7875;m so&aacute;t hi&#7879;u qu&#7843; ch&#7845;t l&#432;&#7907;ng n&#432;&#7899;c. Thu&#7889;c th&#7917; c&oacute; d&#7843;i &#273;o t&#7915; 0 &#273;&#7871;n 2.7 ppm, ph&ugrave; h&#7907;p &#273;&#7875; ph&aacute;t hi&#7879;n ngay c&#7843; nh&#7919;ng thay &#273;&#7893;i nh&#7887; v&#7873; n&#7891;ng &#273;&#7897; canxi. H&atilde;y c&ugrave;ng V&#7841;n N&#259;ng t&igrave;m hi&#7875;u chi ti&#7871;t h&#417;n v&#7873; s&#7843;n ph&#7849;m th&ocirc;ng qua b&agrave;i vi&#7871;t d&#432;&#7899;i &#273;&acirc;y nh&eacute;!<\/p><p>Xem th&ecirc;m: Thi&#7871;t B&#7883; &#272;o &#272;&#7897; B&oacute;ng G&oacute;c 60&ordm; (Single Angle Gloss Meter) BYK Model micro-gloss 60&ordm; Cat No.4561<\/p><h2 style=\"color: #2e7d32; font-weight: bold; font-size: 20px;\">&#272;&#7863;c &#272;i&#7875;m N&#7893;i B&#7853;t C&#7911;a HI720-25<\/h2><p>Ch&#7881; &#273;&#7883;nh chuy&ecirc;n bi&#7879;t: D&agrave;nh ri&ecirc;ng cho m&aacute;y &#273;o &#273;&#7897; c&#7913;ng canxi HI720, &#273;&#7843;m b&#7843;o k&#7871;t qu&#7843; ch&iacute;nh x&aacute;c v&agrave; &#273;&aacute;ng tin c&#7853;y.<br>\n&#7912;ng d&#7909;ng &#273;a d&#7841;ng: Ph&ugrave; h&#7907;p &#273;&#7875; ki&#7875;m tra &#273;&#7897; c&#7913;ng canxi trong n&#432;&#7899;c s&#7841;ch v&agrave; m&ocirc;i tr&#432;&#7901;ng th&#7911;y s&#7843;n n&#432;&#7899;c ng&#7885;t.<br>\nTi&#7879;n l&#7907;i: M&#7895;i h&#7897;p ch&#7913;a &#273;&#7911; thu&#7889;c th&#7917; cho 25 l&#7847;n &#273;o, ti&#7871;t ki&#7879;m th&#7901;i gian v&agrave; chi ph&iacute;.<br>\nH&#7841;n s&#7917; d&#7909;ng: C&oacute; th&#7901;i h&#7841;n s&#7917; d&#7909;ng 1 n&#259;m k&#7875; t&#7915; ng&agrave;y s&#7843;n xu&#7845;t, &#273;&#7843;m b&#7843;o ch&#7845;t l&#432;&#7907;ng thu&#7889;c th&#7917;.<\/p><p>H&#432;&#7899;ng D&#7851;n S&#7917; D&#7909;ng V&agrave; B&#7843;o Qu&#7843;n<br>\n&#272;&#7875; &#273;&#7841;t &#273;&#432;&#7907;c k&#7871;t qu&#7843; t&#7889;t nh&#7845;t, h&atilde;y s&#7917; d&#7909;ng Ch&#7845;t Chu&#7849;n HI720-25 theo h&#432;&#7899;ng d&#7851;n s&#7917; d&#7909;ng chi ti&#7871;t c&#7911;a m&aacute;y &#273;o HI720.<br>\nV&#7873; b&#7843;o qu&#7843;n, qu&yacute; kh&aacute;ch n&ecirc;n:<\/p><p>Gi&#7919; thu&#7889;c th&#7917; &#7903; nhi&#7879;t &#273;&#7897; ph&ograve;ng v&agrave; tr&aacute;nh &aacute;nh n&#7855;ng tr&#7921;c ti&#7871;p.<br>\nTuy&#7879;t &#273;&#7889;i kh&ocirc;ng th&ecirc;m b&#7845;t c&#7913; h&oacute;a ch&#7845;t n&agrave;o v&agrave;o thu&#7889;c th&#7917;.<br>\nKh&ocirc;ng s&#7917; d&#7909;ng thu&#7889;c th&#7917; &#273;&atilde; h&#7871;t h&#7841;n s&#7917; d&#7909;ng &#273;&#7875; tr&aacute;nh sai l&#7879;ch k&#7871;t qu&#7843;.<\/p><p>HI720-25 Kit &#273;i k&egrave;m v&#7899;i MSDS (B&#7843;ng d&#7919; li&#7879;u an to&agrave;n v&#7853;t li&#7879;u) &#273;&#7875; &#273;&#7843;m b&#7843;o an to&agrave;n trong qu&aacute; tr&igrave;nh s&#7917; d&#7909;ng, v&agrave; m&#7863;c d&ugrave; kh&ocirc;ng c&oacute; ch&#7913;ng nh&#7853;n ph&acirc;n t&iacute;ch (COA) hay b&#7843;o h&agrave;nh, ch&#7845;t l&#432;&#7907;ng c&#7911;a thu&#7889;c th&#7917; v&#7851;n &#273;&#432;&#7907;c &#273;&#7843;m b&#7843;o trong th&#7901;i h&#7841;n s&#7917; d&#7909;ng.<\/p><p>Xem th&ecirc;m: T&#7911; Phun S&#432;&#417;ng Mu&#7889;i Ki&#7875;m Tra &#258;n M&ograve;n (Cyclic Corrosion Test Chamber) Ascott Model CC1000iP<\/p><p>Nh&#7919;ng L&yacute; Do N&ecirc;n Mua Ch&#7845;t Chu&#7849;n &#272;o &#272;&#7897; C&#7913;ng Canxi T&#7841;i V&#7841;n N&#259;ng<\/p><p>C&ocirc;ng ty Thi&#7871;t B&#7883; C&ocirc;ng Ngh&#7879; V&#7841;n N&#259;ng l&agrave; &#273;&#7889;i t&aacute;c ch&iacute;nh th&#7913;c ph&acirc;n ph&#7889;i Ch&#7845;t Chu&#7849;n &#272;o &#272;&#7897; C&#7913;ng Canxi h&agrave;ng &#273;&#7847;u t&#7841;i Vi&#7879;t Nam, cam k&#7871;t cung c&#7845;p s&#7843;n ph&#7849;m ch&iacute;nh h&atilde;ng v&#7899;i gi&aacute; c&#7843; c&#7841;nh tranh nh&#7845;t th&#7883; tr&#432;&#7901;ng. V&#7899;i uy t&iacute;n tr&ecirc;n th&#7883; tr&#432;&#7901;ng v&agrave; ch&#7871; &#273;&#7897; h&#7851;u m&atilde;i t&#7889;t, Thi&#7871;t B&#7883; C&ocirc;ng Ngh&#7879; V&#7841;n N&#259;ng &#273;&atilde; nh&#7853;n &#273;&#432;&#7907;c s&#7921; tin t&#432;&#7903;ng t&#7915; kh&aacute;ch h&agrave;ng nh&#7901; v&agrave;o ch&#7845;t l&#432;&#7907;ng h&agrave;ng &#273;&#7847;u c&#7911;a c&aacute;c d&ograve;ng s&#7843;n ph&#7849;m.<br>\nS&#7843;n ph&#7849;m c&#7911;a ch&uacute;ng t&ocirc;i &#273;&#432;&#7907;c ki&#7875;m &#273;&#7883;nh ch&#7845;t l&#432;&#7907;ng, nh&#7853;p kh&#7849;u tr&#7921;c ti&#7871;p t&#7915; nh&agrave; m&aacute;y b&ecirc;n Ch&acirc;u &Acirc;u, M&#7929;, &Uacute;c, Nh&#7853;t B&#7843;n,&hellip; v&agrave; &#273;&aacute;p &#7913;ng nhu c&#7847;u &#273;a d&#7841;ng c&#7911;a th&#7883; tr&#432;&#7901;ng nh&#432;: M&aacute;y &#272;o &#272;&#7897; C&#7913;ng, M&aacute;y SPECTROMAXx, M&aacute;y Ki&#7875;m Tra &#272;&#432;&#7901;ng Gh&eacute;p M&iacute; Lon,&hellip; Ch&uacute;ng t&ocirc;i cam k&#7871;t cung c&#7845;p s&#7843;n ph&#7849;m n&agrave;y tr&ecirc;n to&agrave;n qu&#7889;c v&#7899;i gi&aacute; c&#7843; c&#7841;nh tranh nh&#7845;t.<br>\nCh&uacute;ng t&ocirc;i c&oacute; &#273;&#7897;i ng&#361; chuy&ecirc;n vi&ecirc;n t&#432; v&#7845;n chuy&ecirc;n s&acirc;u s&#7869; h&#7895; tr&#7907; kh&aacute;ch h&agrave;ng v&#7873; chi ti&#7871;t s&#7843;n ph&#7849;m, h&#432;&#7899;ng d&#7851;n s&#7917; d&#7909;ng hay nh&#7919;ng th&#7913; li&ecirc;n quan &#273;&#7871;n v&#7845;n &#273;&#7873; m&agrave; doanh nghi&#7879;p b&#7841;n &#273;ang g&#7863;p ph&#7843;i. Ch&uacute;ng t&ocirc;i s&#7869; cung c&#7845;p nh&#7919;ng gi&#7843;i ph&aacute;p t&#7889;i &#432;u nh&#7845;t!<br>\nNgo&agrave;i ra Thi&#7871;t B&#7883; C&ocirc;ng Ngh&#7879; V&#7841;n N&#259;ng Ch&uacute;ng T&ocirc;i lu&ocirc;n h&#432;&#7899;ng &#273;&#7871;n tr&#7843;i nghi&#7879;m kh&aacute;ch h&agrave;ng, v&igrave; v&#7853;y ch&uacute;ng t&ocirc;i c&oacute; nh&#7919;ng ch&iacute;nh s&aacute;ch b&#7843;o h&agrave;nh, b&#7843;o tr&igrave; &ndash; b&#7843;o d&#432;&#7905;ng, hi&#7879;u chu&#7849;n v&#7899;i t&#7845;t c&#7843; c&aacute;c thi&#7871;t b&#7883;, m&aacute;y m&oacute;c m&agrave; ch&uacute;ng t&ocirc;i cung c&#7845;p. &#272;&#7843;m b&#7843;o mang &#273;&#7871;n cho Kh&aacute;ch h&agrave;ng s&#7921; y&ecirc;n t&acirc;m tuy&#7879;t &#273;&#7889;i v&#7873; d&#7883;ch v&#7909; khi mua h&agrave;ng.<\/p><p>Xem th&ecirc;m: B&uacute;t Ch&igrave; &#272;o &#272;&#7897; C&#7913;ng M&agrave;ng S&#417;n (Pencil Hardness Tester) Mitsubishi<\/p><p>T&#7893;ng K&#7871;t<br>\nCh&#7845;t Chu&#7849;n D&ugrave;ng Cho M&aacute;y HI720 l&agrave; thu&#7889;c th&#7917; l&yacute; t&#432;&#7903;ng &#273;&#7875; ki&#7875;m tra ch&#7845;t l&#432;&#7907;ng n&#432;&#7899;c s&#7841;ch v&agrave; trong ng&agrave;nh th&#7911;y s&#7843;n n&#432;&#7899;c ng&#7885;t. M&#7895;i h&#7897;p cung c&#7845;p 25 l&#7847;n &#273;o ti&#7879;n l&#7907;i, v&agrave; s&#7843;n ph&#7849;m c&oacute; h&#7841;n s&#7917; d&#7909;ng 1 n&#259;m, &#273;&#7843;m b&#7843;o k&#7871;t qu&#7843; &#273;&aacute;ng tin c&#7853;y. H&atilde;y li&ecirc;n h&#7879; v&#7899;i V&#7841;n N&#259;ng ngay &#273;&#7875; &#273;&#432;&#7907;c t&#432; v&#7845;n chuy&ecirc;n s&acirc;u v&agrave; nh&#7853;n nh&#7919;ng &#432;u &#273;&atilde;i h&#7845;p d&#7851;n nh&#7845;t th&ocirc;ng qua hotline0903 991 335 !<\/p><div style=\"background-color: #f8fafc; border: 1px solid #e2e8f0; border-radius: 8px; padding: 25px; max-width: 800px; margin: 30px auto; color: #334155; line-height: 1.8; font-size: 17px; box-shadow: 0 4px 6px -1px rgba(0,0,0,0.05); text-align: left; clear: both;\">\nC&ocirc;ng ty TNHH Th&#432;&#417;ng M&#7841;i D&#7883;ch V&#7909; Thi&#7871;t B&#7883; C&ocirc;ng Ngh&#7879; V&#7841;n N&#259;ng\n<p style=\"margin: 0 0 10px 0;\">&#128205; <strong style=\"color: #1e293b;\">&#272;&#7883;a ch&#7881;:<\/strong> <a style=\"color: #059669; text-decoration: none; font-weight: bold;\" href=\"https:\/\/www.google.com\/maps\/search\/C%C3%B4ng+ty+TNHH+Th%C6%B0%C6%A1ng+M%E1%BA%A1i+D%E1%BB%8Bch+V%E1%BB%A5+Thi%E1%BA%BFt+B%E1%BB%8B+C%C3%B4ng+Ngh%E1%BB%87+V%E1%BA%A1n+N%C4%83ng+818+Tr%C6%B0%E1%BB%9Dng+Chinh\" target=\"_blank\" rel=\"noopener\">818 Tr&#432;&#7901;ng Chinh, Ph&#432;&#7901;ng T&acirc;n S&#417;n, Th&agrave;nh ph&#7889; H&#7891; Ch&iacute; Minh, Vi&#7879;t Nam<\/a><\/p>\n<p style=\"margin: 0 0 10px 0;\">&#128222; <strong style=\"color: #1e293b;\">S&#272;T &ndash; Zalo:<\/strong> <a style=\"color: #059669; text-decoration: none; font-weight: bold;\" href=\"https:\/\/zalo.me\/0903991335\" target=\"_blank\" rel=\"noopener\">0903 991 335<\/a> <span style=\"color: #64748b; font-style: italic;\">(Ms. H&#7841;nh &ndash; Gi&aacute;m &#272;&#7889;c Kinh Doanh)<\/span><\/p>\n<p style=\"margin: 0;\">&#9993;&#65039; <strong style=\"color: #1e293b;\">Email:<\/strong> <a style=\"color: #059669; text-decoration: none; font-weight: bold;\" href=\"mailto:hienhanh@vannangvn.com\">hienhanh@vannangvn.com<\/a><\/p>\n<\/div><\/h1>","protected":false},"excerpt":{"rendered":"<p><strong>Th&#432;&#417;ng hi&#7879;u:<\/strong> Hanna Instruments<br>\n<strong>Model:<\/strong> HI720-25<p>Product <strong>CH&#7844;T CHU&#7848;N &#272;O &#272;&#7896; C&#7912;NG CANXI HANNA INSTRUMENTS MODEL HI720-25<\/strong> ch&iacute;nh h&atilde;ng. Hanna Instruments (&Yacute;)<br>\nHI720-25 l&agrave; ch&#7845;t chu&#7849;n d&ugrave;ng cho m&aacute;y &#273;o &#273;&#7897; c&#7913;ng canxi HI720, l&yacute; t&#432;&#7903;ng &#273;&#7875; ki&#7875;m tra ch&#7845;t l&#432;&#7907;ng n&#432;&#7899;c s&#7841;ch v&agrave; trong ng&agrave;nh th&#7911;y s&#7843;n n&#432;&#7899;c ng&#7885;t. M&#7895;i h&#7897;p cung c&#7845;p 25 l&#7847;n &#273;o ti&#7879;n l&#7907;i, v&agrave; s&#7843;n ph&#7849;m c&oacute; h&#7841;n s&#7917; d&#7909;ng 1 n&#259;m, &#273;&#7843;m b&#7843;o k&#7871;t qu&#7843; &#273;&aacute;ng tin c&#7853;y.<\/p><\/p>","protected":false},"featured_media":8314,"comment_status":"open","ping_status":"closed","template":"","meta":[],"product_brand":[],"product_cat":[18],"product_tag":[567,581,590,706,707,708,116,181,408],"class_list":{"0":"post-6129","1":"product","2":"type-product","3":"status-publish","4":"has-post-thumbnail","6":"product_cat-chua-phan-loai","7":"product_tag-cung","8":"product_tag-instruments","9":"product_tag-chat","10":"product_tag-canxi","11":"product_tag-hanna","12":"product_tag-hi720-25","13":"product_tag-model","14":"product_tag-do","15":"product_tag-chuan","17":"first","18":"instock","19":"shipping-taxable","20":"product-type-simple"},"yoast_head":"<!-- This site is optimized with the Yoast SEO Premium plugin v24.8 (Yoast SEO v24.8) - https:\/\/yoast.com\/wordpress\/plugins\/seo\/ -->\n<title>CH\u1ea4T CHU\u1ea8N \u0110O \u0110\u1ed8 C\u1ee8NG CANXI HANNA I... ch\u00ednh h\u00e3ng | V\u1ea1n N\u0103ng<\/title>\n<meta name=\"description\" content=\"Mua ngay CH\u1ea4T CHU\u1ea8N \u0110O \u0110\u1ed8 C\u1ee8NG CANXI HANNA INSTRUMENTS MODEL HI720-25 ch\u00ednh h\u00e3ng. HI720-25 l\u00e0 ch\u1ea5t chu\u1ea9n d\u00f9ng cho m\u00e1y \u0111o \u0111\u1ed9 c\u1ee9ng c... Gi\u00e1 t\u1ed1t!\" \/>\n<meta name=\"robots\" content=\"noindex, follow, max-snippet:-1, max-image-preview:large, max-video-preview:-1\" \/>\n<meta property=\"og:locale\" content=\"en_US\" \/>\n<meta property=\"og:type\" content=\"article\" \/>\n<meta property=\"og:title\" content=\"CH\u1ea4T CHU\u1ea8N \u0110O \u0110\u1ed8 C\u1ee8NG CANXI HANNA INSTRUMENTS MODEL HI720-25\" \/>\n<meta property=\"og:description\" content=\"Mua ngay CH\u1ea4T CHU\u1ea8N \u0110O \u0110\u1ed8 C\u1ee8NG CANXI HANNA INSTRUMENTS MODEL HI720-25 ch\u00ednh h\u00e3ng. HI720-25 l\u00e0 ch\u1ea5t chu\u1ea9n d\u00f9ng cho m\u00e1y \u0111o \u0111\u1ed9 c\u1ee9ng c... Gi\u00e1 t\u1ed1t!\" \/>\n<meta property=\"og:url\" content=\"https:\/\/vannangvn.123websitedev.com\/en\/product\/chat-chuan-do-do-cung-canxi-hanna-instruments-model-hi720-25\/\" \/>\n<meta property=\"og:site_name\" content=\"Vannang.vn\" \/>\n<meta property=\"article:modified_time\" content=\"2026-03-30T11:13:07+00:00\" \/>\n<meta property=\"og:image\" content=\"http:\/\/vannangvn.123websitedev.com\/wp-content\/uploads\/2026\/03\/HI720-25-Hanna-no.1-copy.jpg\" \/>\n\t<meta property=\"og:image:width\" content=\"768\" \/>\n\t<meta property=\"og:image:height\" content=\"576\" \/>\n\t<meta property=\"og:image:type\" content=\"image\/jpeg\" \/>\n<meta name=\"twitter:card\" content=\"summary_large_image\" \/>\n<meta name=\"twitter:label1\" content=\"Est. reading time\" \/>\n\t<meta name=\"twitter:data1\" content=\"6 minutes\" \/>\n<script type=\"application\/ld+json\" class=\"yoast-schema-graph\">{\"@context\":\"https:\/\/schema.org\",\"@graph\":[{\"@type\":\"WebPage\",\"@id\":\"https:\/\/vannangvn.123websitedev.com\/san-pham\/chat-chuan-do-do-cung-canxi-hanna-instruments-model-hi720-25\/\",\"url\":\"https:\/\/vannangvn.123websitedev.com\/san-pham\/chat-chuan-do-do-cung-canxi-hanna-instruments-model-hi720-25\/\",\"name\":\"CH\u1ea4T CHU\u1ea8N \u0110O \u0110\u1ed8 C\u1ee8NG CANXI HANNA I... ch\u00ednh h\u00e3ng | V\u1ea1n N\u0103ng\",\"isPartOf\":{\"@id\":\"https:\/\/vannangvn.123websitedev.com\/#website\"},\"primaryImageOfPage\":{\"@id\":\"https:\/\/vannangvn.123websitedev.com\/san-pham\/chat-chuan-do-do-cung-canxi-hanna-instruments-model-hi720-25\/#primaryimage\"},\"image\":{\"@id\":\"https:\/\/vannangvn.123websitedev.com\/san-pham\/chat-chuan-do-do-cung-canxi-hanna-instruments-model-hi720-25\/#primaryimage\"},\"thumbnailUrl\":\"https:\/\/vannangvn.123websitedev.com\/wp-content\/uploads\/2026\/03\/HI720-25-Hanna-no.1-copy.jpg\",\"datePublished\":\"2026-03-20T10:22:42+00:00\",\"dateModified\":\"2026-03-30T11:13:07+00:00\",\"description\":\"Mua ngay CH\u1ea4T CHU\u1ea8N \u0110O \u0110\u1ed8 C\u1ee8NG CANXI HANNA INSTRUMENTS MODEL HI720-25 ch\u00ednh h\u00e3ng. HI720-25 l\u00e0 ch\u1ea5t chu\u1ea9n d\u00f9ng cho m\u00e1y \u0111o \u0111\u1ed9 c\u1ee9ng c... Gi\u00e1 t\u1ed1t!\",\"breadcrumb\":{\"@id\":\"https:\/\/vannangvn.123websitedev.com\/san-pham\/chat-chuan-do-do-cung-canxi-hanna-instruments-model-hi720-25\/#breadcrumb\"},\"inLanguage\":\"en-US\",\"potentialAction\":[{\"@type\":\"ReadAction\",\"target\":[\"https:\/\/vannangvn.123websitedev.com\/san-pham\/chat-chuan-do-do-cung-canxi-hanna-instruments-model-hi720-25\/\"]}]},{\"@type\":\"ImageObject\",\"inLanguage\":\"en-US\",\"@id\":\"https:\/\/vannangvn.123websitedev.com\/san-pham\/chat-chuan-do-do-cung-canxi-hanna-instruments-model-hi720-25\/#primaryimage\",\"url\":\"https:\/\/vannangvn.123websitedev.com\/wp-content\/uploads\/2026\/03\/HI720-25-Hanna-no.1-copy.jpg\",\"contentUrl\":\"https:\/\/vannangvn.123websitedev.com\/wp-content\/uploads\/2026\/03\/HI720-25-Hanna-no.1-copy.jpg\",\"width\":768,\"height\":576},{\"@type\":\"BreadcrumbList\",\"@id\":\"https:\/\/vannangvn.123websitedev.com\/san-pham\/chat-chuan-do-do-cung-canxi-hanna-instruments-model-hi720-25\/#breadcrumb\",\"itemListElement\":[{\"@type\":\"ListItem\",\"position\":1,\"name\":\"Trang ch\u1ee7\",\"item\":\"https:\/\/vannangvn.123websitedev.com\/\"},{\"@type\":\"ListItem\",\"position\":2,\"name\":\"S\u1ea3n ph\u1ea9m\",\"item\":\"https:\/\/vannangvn.123websitedev.com\/cua-hang\/\"},{\"@type\":\"ListItem\",\"position\":3,\"name\":\"CH\u1ea4T CHU\u1ea8N \u0110O \u0110\u1ed8 C\u1ee8NG CANXI HANNA INSTRUMENTS MODEL HI720-25\"}]},{\"@type\":\"WebSite\",\"@id\":\"https:\/\/vannangvn.123websitedev.com\/#website\",\"url\":\"https:\/\/vannangvn.123websitedev.com\/\",\"name\":\"Vannang.vn\",\"description\":\"\",\"publisher\":{\"@id\":\"https:\/\/vannangvn.123websitedev.com\/#organization\"},\"potentialAction\":[{\"@type\":\"SearchAction\",\"target\":{\"@type\":\"EntryPoint\",\"urlTemplate\":\"https:\/\/vannangvn.123websitedev.com\/?s={search_term_string}\"},\"query-input\":{\"@type\":\"PropertyValueSpecification\",\"valueRequired\":true,\"valueName\":\"search_term_string\"}}],\"inLanguage\":\"en-US\"},{\"@type\":\"Organization\",\"@id\":\"https:\/\/vannangvn.123websitedev.com\/#organization\",\"name\":\"Vannang.vn\",\"url\":\"https:\/\/vannangvn.123websitedev.com\/\",\"logo\":{\"@type\":\"ImageObject\",\"inLanguage\":\"en-US\",\"@id\":\"https:\/\/vannangvn.123websitedev.com\/#\/schema\/logo\/image\/\",\"url\":\"https:\/\/vannangvn.123websitedev.com\/wp-content\/uploads\/2026\/02\/logo-van-nang-02.png\",\"contentUrl\":\"https:\/\/vannangvn.123websitedev.com\/wp-content\/uploads\/2026\/02\/logo-van-nang-02.png\",\"width\":448,\"height\":111,\"caption\":\"Vannang.vn\"},\"image\":{\"@id\":\"https:\/\/vannangvn.123websitedev.com\/#\/schema\/logo\/image\/\"}}]}<\/script>\n<!-- \/ Yoast SEO Premium plugin. -->","yoast_head_json":{"title":"CH\u1ea4T CHU\u1ea8N \u0110O \u0110\u1ed8 C\u1ee8NG CANXI HANNA I... ch\u00ednh h\u00e3ng | V\u1ea1n N\u0103ng","description":"Mua ngay CH\u1ea4T CHU\u1ea8N \u0110O \u0110\u1ed8 C\u1ee8NG CANXI HANNA INSTRUMENTS MODEL HI720-25 ch\u00ednh h\u00e3ng. HI720-25 l\u00e0 ch\u1ea5t chu\u1ea9n d\u00f9ng cho m\u00e1y \u0111o \u0111\u1ed9 c\u1ee9ng c... Gi\u00e1 t\u1ed1t!","robots":{"index":"noindex","follow":"follow","max-snippet":"max-snippet:-1","max-image-preview":"max-image-preview:large","max-video-preview":"max-video-preview:-1"},"og_locale":"en_US","og_type":"article","og_title":"CH\u1ea4T CHU\u1ea8N \u0110O \u0110\u1ed8 C\u1ee8NG CANXI HANNA INSTRUMENTS MODEL HI720-25","og_description":"Mua ngay CH\u1ea4T CHU\u1ea8N \u0110O \u0110\u1ed8 C\u1ee8NG CANXI HANNA INSTRUMENTS MODEL HI720-25 ch\u00ednh h\u00e3ng. HI720-25 l\u00e0 ch\u1ea5t chu\u1ea9n d\u00f9ng cho m\u00e1y \u0111o \u0111\u1ed9 c\u1ee9ng c... Gi\u00e1 t\u1ed1t!","og_url":"https:\/\/vannangvn.123websitedev.com\/en\/product\/chat-chuan-do-do-cung-canxi-hanna-instruments-model-hi720-25\/","og_site_name":"Vannang.vn","article_modified_time":"2026-03-30T11:13:07+00:00","og_image":[{"width":768,"height":576,"url":"http:\/\/vannangvn.123websitedev.com\/wp-content\/uploads\/2026\/03\/HI720-25-Hanna-no.1-copy.jpg","type":"image\/jpeg"}],"twitter_card":"summary_large_image","twitter_misc":{"Est. reading time":"6 minutes"},"schema":{"@context":"https:\/\/schema.org","@graph":[{"@type":"WebPage","@id":"https:\/\/vannangvn.123websitedev.com\/san-pham\/chat-chuan-do-do-cung-canxi-hanna-instruments-model-hi720-25\/","url":"https:\/\/vannangvn.123websitedev.com\/san-pham\/chat-chuan-do-do-cung-canxi-hanna-instruments-model-hi720-25\/","name":"CH\u1ea4T CHU\u1ea8N \u0110O \u0110\u1ed8 C\u1ee8NG CANXI HANNA I... ch\u00ednh h\u00e3ng | V\u1ea1n N\u0103ng","isPartOf":{"@id":"https:\/\/vannangvn.123websitedev.com\/#website"},"primaryImageOfPage":{"@id":"https:\/\/vannangvn.123websitedev.com\/san-pham\/chat-chuan-do-do-cung-canxi-hanna-instruments-model-hi720-25\/#primaryimage"},"image":{"@id":"https:\/\/vannangvn.123websitedev.com\/san-pham\/chat-chuan-do-do-cung-canxi-hanna-instruments-model-hi720-25\/#primaryimage"},"thumbnailUrl":"https:\/\/vannangvn.123websitedev.com\/wp-content\/uploads\/2026\/03\/HI720-25-Hanna-no.1-copy.jpg","datePublished":"2026-03-20T10:22:42+00:00","dateModified":"2026-03-30T11:13:07+00:00","description":"Mua ngay CH\u1ea4T CHU\u1ea8N \u0110O \u0110\u1ed8 C\u1ee8NG CANXI HANNA INSTRUMENTS MODEL HI720-25 ch\u00ednh h\u00e3ng. HI720-25 l\u00e0 ch\u1ea5t chu\u1ea9n d\u00f9ng cho m\u00e1y \u0111o \u0111\u1ed9 c\u1ee9ng c... Gi\u00e1 t\u1ed1t!","breadcrumb":{"@id":"https:\/\/vannangvn.123websitedev.com\/san-pham\/chat-chuan-do-do-cung-canxi-hanna-instruments-model-hi720-25\/#breadcrumb"},"inLanguage":"en-US","potentialAction":[{"@type":"ReadAction","target":["https:\/\/vannangvn.123websitedev.com\/san-pham\/chat-chuan-do-do-cung-canxi-hanna-instruments-model-hi720-25\/"]}]},{"@type":"ImageObject","inLanguage":"en-US","@id":"https:\/\/vannangvn.123websitedev.com\/san-pham\/chat-chuan-do-do-cung-canxi-hanna-instruments-model-hi720-25\/#primaryimage","url":"https:\/\/vannangvn.123websitedev.com\/wp-content\/uploads\/2026\/03\/HI720-25-Hanna-no.1-copy.jpg","contentUrl":"https:\/\/vannangvn.123websitedev.com\/wp-content\/uploads\/2026\/03\/HI720-25-Hanna-no.1-copy.jpg","width":768,"height":576},{"@type":"BreadcrumbList","@id":"https:\/\/vannangvn.123websitedev.com\/san-pham\/chat-chuan-do-do-cung-canxi-hanna-instruments-model-hi720-25\/#breadcrumb","itemListElement":[{"@type":"ListItem","position":1,"name":"Trang ch\u1ee7","item":"https:\/\/vannangvn.123websitedev.com\/"},{"@type":"ListItem","position":2,"name":"S\u1ea3n ph\u1ea9m","item":"https:\/\/vannangvn.123websitedev.com\/cua-hang\/"},{"@type":"ListItem","position":3,"name":"CH\u1ea4T CHU\u1ea8N \u0110O \u0110\u1ed8 C\u1ee8NG CANXI HANNA INSTRUMENTS MODEL HI720-25"}]},{"@type":"WebSite","@id":"https:\/\/vannangvn.123websitedev.com\/#website","url":"https:\/\/vannangvn.123websitedev.com\/","name":"Vannang.vn","description":"","publisher":{"@id":"https:\/\/vannangvn.123websitedev.com\/#organization"},"potentialAction":[{"@type":"SearchAction","target":{"@type":"EntryPoint","urlTemplate":"https:\/\/vannangvn.123websitedev.com\/?s={search_term_string}"},"query-input":{"@type":"PropertyValueSpecification","valueRequired":true,"valueName":"search_term_string"}}],"inLanguage":"en-US"},{"@type":"Organization","@id":"https:\/\/vannangvn.123websitedev.com\/#organization","name":"Vannang.vn","url":"https:\/\/vannangvn.123websitedev.com\/","logo":{"@type":"ImageObject","inLanguage":"en-US","@id":"https:\/\/vannangvn.123websitedev.com\/#\/schema\/logo\/image\/","url":"https:\/\/vannangvn.123websitedev.com\/wp-content\/uploads\/2026\/02\/logo-van-nang-02.png","contentUrl":"https:\/\/vannangvn.123websitedev.com\/wp-content\/uploads\/2026\/02\/logo-van-nang-02.png","width":448,"height":111,"caption":"Vannang.vn"},"image":{"@id":"https:\/\/vannangvn.123websitedev.com\/#\/schema\/logo\/image\/"}}]}},"_links":{"self":[{"href":"https:\/\/vannangvn.123websitedev.com\/en\/wp-json\/wp\/v2\/product\/6129","targetHints":{"allow":["GET"]}}],"collection":[{"href":"https:\/\/vannangvn.123websitedev.com\/en\/wp-json\/wp\/v2\/product"}],"about":[{"href":"https:\/\/vannangvn.123websitedev.com\/en\/wp-json\/wp\/v2\/types\/product"}],"replies":[{"embeddable":true,"href":"https:\/\/vannangvn.123websitedev.com\/en\/wp-json\/wp\/v2\/comments?post=6129"}],"wp:featuredmedia":[{"embeddable":true,"href":"https:\/\/vannangvn.123websitedev.com\/en\/wp-json\/wp\/v2\/media\/8314"}],"wp:attachment":[{"href":"https:\/\/vannangvn.123websitedev.com\/en\/wp-json\/wp\/v2\/media?parent=6129"}],"wp:term":[{"taxonomy":"product_brand","embeddable":true,"href":"https:\/\/vannangvn.123websitedev.com\/en\/wp-json\/wp\/v2\/product_brand?post=6129"},{"taxonomy":"product_cat","embeddable":true,"href":"https:\/\/vannangvn.123websitedev.com\/en\/wp-json\/wp\/v2\/product_cat?post=6129"},{"taxonomy":"product_tag","embeddable":true,"href":"https:\/\/vannangvn.123websitedev.com\/en\/wp-json\/wp\/v2\/product_tag?post=6129"}],"curies":[{"name":"wp","href":"https:\/\/api.w.org\/{rel}","templated":true}]}}