{"id":6130,"date":"2026-03-20T17:22:43","date_gmt":"2026-03-20T10:22:43","guid":{"rendered":"https:\/\/vannangvn.123websitedev.com\/san-pham\/coc-do-do-nhot-ford-cup-astm-d1200-testone-model-to-560\/"},"modified":"2026-03-30T18:13:08","modified_gmt":"2026-03-30T11:13:08","slug":"coc-do-do-nhot-ford-cup-astm-d1200-testone-model-to-560","status":"publish","type":"product","link":"https:\/\/vannangvn.123websitedev.com\/en\/product\/coc-do-do-nhot-ford-cup-astm-d1200-testone-model-to-560\/","title":{"rendered":"C\u1ed0C \u0110O \u0110\u1ed8 NH\u1edaT (FORD CUP) ASTM D1200 TESTONE MODEL TO-560"},"content":{"rendered":"<h1 style=\"color: red; font-weight: bold; font-size: 24px;\">T&#7893;ng quan s&#7843;n ph&#7849;m C&#7888;C &#272;O &#272;&#7896; NH&#7898;T (FORD CUP) ASTM D1200 TESTONE MODEL TO-560<p>C&#7889;c &#272;o &#272;&#7897; Nh&#7899;t (Ford Cup) ASTM D1200 TestOne Model TO-560<br>\nFord Cup ASTM D1200 TO-560 c&#7911;a TestOne l&agrave; thi&#7871;t b&#7883; ti&ecirc;u chu&#7849;n &#273;&#7875; &#273;o &#273;&#7897; nh&#7899;t ch&#7845;t l&#7887;ng b&#7857;ng th&#7901;i gian (&#273;&#417;n v&#7883; t&iacute;nh b&#7857;ng gi&acirc;y). &#272;&acirc;y l&agrave; d&#7909;ng c&#7909; kh&ocirc;ng th&#7875; thi&#7871;u trong vi&#7879;c ki&#7875;m tra ch&#7845;t l&#432;&#7907;ng s&#417;n, m&#7921;c in, d&#7847;u nh&#7901;n v&agrave; c&aacute;c lo&#7841;i ch&#7845;t l&#7887;ng kh&aacute;c. H&atilde;y c&ugrave;ng V&#7841;n N&#259;ng t&igrave;m hi&#7875;u chi ti&#7871;t h&#417;n v&#7873; s&#7843;n ph&#7849;m th&ocirc;ng qua b&agrave;i vi&#7871;t d&#432;&#7899;i &#273;&acirc;y nh&eacute;!<\/p><h2 style=\"color: #2e7d32; font-weight: bold; font-size: 20px;\">&#272;&#7863;c &#272;i&#7875;m N&#7893;i B&#7853;t C&#7911;a TO-560<\/h2><p>&#272;a d&#7841;ng k&iacute;ch th&#432;&#7899;c l&#7895; &#273;o: C&#7889;c Ford th&#432;&#7901;ng s&#7917; d&#7909;ng l&#7895; s&#7889; 4, trong khi &#273;&oacute; c&#7889;c Zahn c&oacute; n&#259;m k&iacute;ch th&#432;&#7899;c l&#7895; t&#7915; 1 &#273;&#7871;n 5, cho ph&eacute;p &#273;o &#273;&#7897; nh&#7899;t t&#7915; cao &#273;&#7871;n th&#7845;p.<br>\nChuy&#7875;n &#273;&#7893;i &#273;&#417;n v&#7883;: B&#7843;ng chuy&#7875;n &#273;&#7893;i &#273;&#7897; nh&#7899;t sang &#273;&#417;n v&#7883; centipoise (cp) cho c&aacute;c k&iacute;ch th&#432;&#7899;c l&#7895; Ford s&#7889; 4 v&agrave; Zahn t&#7915; 1 &#273;&#7871;n 5, gi&uacute;p d&#7877; d&agrave;ng x&aacute;c &#273;&#7883;nh &#273;&#7897; nh&#7899;t c&#7911;a ch&#7845;t l&#7887;ng.<br>\nTi&ecirc;u chu&#7849;n &#273;o l&#432;&#7901;ng: Tu&acirc;n th&#7911; ti&ecirc;u chu&#7849;n ASTM D1200 (Ford Cup), &#273;&#7843;m b&#7843;o k&#7871;t qu&#7843; &#273;o ch&iacute;nh x&aacute;c v&agrave; &#273;&aacute;ng tin c&#7853;y.<\/p><p>&#7912;ng D&#7909;ng C&#7911;a TO-560<br>\nC&#7889;c &#272;o &#272;&#7897; Nh&#7899;t TO-560 &#273;&#432;&#7907;c &#7913;ng d&#7909;ng r&#7897;ng r&atilde;i trong nhi&#7873;u l&#297;nh v&#7921;c, bao g&#7891;m:<\/p><p>Ng&agrave;nh s&#417;n v&agrave; ch&#7845;t ph&#7911;: Ki&#7875;m tra &#273;&#7897; nh&#7899;t c&#7911;a s&#417;n tr&#432;&#7899;c khi thi c&ocirc;ng &#273;&#7875; &#273;&#7843;m b&#7843;o &#273;&#7897; ph&#7911; v&agrave; &#273;&#7897; b&aacute;m d&iacute;nh t&#7889;t nh&#7845;t.<br>\nNg&agrave;nh m&#7921;c in: C&#7889;c &#272;o &#272;&#7897; Nh&#7899;t ASTM D1200 TO-560 &#273;&#7843;m b&#7843;o &#273;&#7897; nh&#7899;t c&#7911;a m&#7921;c in ph&ugrave; h&#7907;p, tr&aacute;nh t&igrave;nh tr&#7841;ng m&#7921;c b&#7883; nh&ograve;e hay kh&ocirc;ng &#273;&#7873;u.<br>\nNg&agrave;nh d&#7847;u nh&#7901;n: &#272;&aacute;nh gi&aacute; &#273;&#7897; nh&#7899;t c&#7911;a d&#7847;u nh&#7901;n &#273;&#7875; &#273;&#7843;m b&#7843;o hi&#7879;u su&#7845;t b&ocirc;i tr&#417;n t&#7889;t nh&#7845;t.<\/p><p>L&#7907;i &Iacute;ch Khi S&#7917; D&#7909;ng TO-560<\/p><p>&#272;&#7897; ch&iacute;nh x&aacute;c cao: TO 560 &#273;&#432;&#7907;c thi&#7871;t k&#7871; &#273;&#7875; &#273;o &#273;&#7897; nh&#7899;t m&#7897;t c&aacute;ch ch&iacute;nh x&aacute;c v&agrave; nh&#7845;t qu&aacute;n, gi&#7843;m thi&#7875;u sai s&#7889; trong qu&aacute; tr&igrave;nh &#273;o.<br>\nD&#7877; s&#7917; d&#7909;ng: Thi&#7871;t k&#7871; &#273;&#417;n gi&#7843;n, d&#7877; d&agrave;ng s&#7917; d&#7909;ng ngay c&#7843; v&#7899;i nh&#7919;ng ng&#432;&#7901;i kh&ocirc;ng c&oacute; chuy&ecirc;n m&ocirc;n cao.<br>\nTi&#7871;t ki&#7879;m th&#7901;i gian: K&#7871;t qu&#7843; &#273;o nhanh ch&oacute;ng, gi&uacute;p ti&#7871;t ki&#7879;m th&#7901;i gian trong qu&aacute; tr&igrave;nh ki&#7875;m tra v&agrave; s&#7843;n xu&#7845;t.<\/p><p>H&#432;&#7899;ng D&#7851;n S&#7917; D&#7909;ng TO-560<\/p><p>Chu&#7849;n b&#7883;: &#272;&#7843;m b&#7843;o c&#7889;c &#273;o v&agrave; ch&#7845;t l&#7887;ng c&#7847;n &#273;o &#273;&#7873;u &#7903; nhi&#7879;t &#273;&#7897; ti&ecirc;u chu&#7849;n.<br>\n&#272;&#7893; ch&#7845;t l&#7887;ng v&agrave;o c&#7889;c: &#272;&#7893; ch&#7845;t l&#7887;ng c&#7847;n &#273;o v&agrave;o c&#7889;c &#273;o &#273;&#7897; nh&#7899;t.<br>\n&#272;o th&#7901;i gian: S&#7917; d&#7909;ng &#273;&#7891;ng h&#7891; b&#7845;m gi&#7901; &#273;&#7875; &#273;o th&#7901;i gian ch&#7845;t l&#7887;ng ch&#7843;y qua l&#7895; c&#7889;c.<br>\n&#272;&#7885;c k&#7871;t qu&#7843;: S&#7917; d&#7909;ng b&#7843;ng chuy&#7875;n &#273;&#7893;i &#273;&#7875; x&aacute;c &#273;&#7883;nh &#273;&#7897; nh&#7899;t c&#7911;a ch&#7845;t l&#7887;ng t&#7915; th&#7901;i gian &#273;o &#273;&#432;&#7907;c.<\/p><p>Nh&#7919;ng L&yacute; Do N&ecirc;n Mua C&#7889;c &#272;o &#272;&#7897; Nh&#7899;t T&#7841;i Thi&#7871;t B&#7883; C&ocirc;ng Ngh&#7879; V&#7841;n N&#259;ng<\/p><p>C&ocirc;ng ty Thi&#7871;t B&#7883; C&ocirc;ng Ngh&#7879; V&#7841;n N&#259;ng l&agrave; &#273;&#7889;i t&aacute;c ch&iacute;nh th&#7913;c ph&acirc;n ph&#7889;i C&#7889;c &#272;o &#272;&#7897; Nh&#7899;t h&agrave;ng &#273;&#7847;u t&#7841;i Vi&#7879;t Nam, cam k&#7871;t cung c&#7845;p s&#7843;n ph&#7849;m ch&iacute;nh h&atilde;ng v&#7899;i gi&aacute; c&#7843; c&#7841;nh tranh nh&#7845;t th&#7883; tr&#432;&#7901;ng. V&#7899;i uy t&iacute;n tr&ecirc;n th&#7883; tr&#432;&#7901;ng v&agrave; ch&#7871; &#273;&#7897; h&#7851;u m&atilde;i t&#7889;t, Thi&#7871;t B&#7883; C&ocirc;ng Ngh&#7879; V&#7841;n N&#259;ng &#273;&atilde; nh&#7853;n &#273;&#432;&#7907;c s&#7921; tin t&#432;&#7903;ng t&#7915; kh&aacute;ch h&agrave;ng nh&#7901; v&agrave;o ch&#7845;t l&#432;&#7907;ng h&agrave;ng &#273;&#7847;u c&#7911;a c&aacute;c d&ograve;ng s&#7843;n ph&#7849;m.<br>\nS&#7843;n ph&#7849;m c&#7911;a ch&uacute;ng t&ocirc;i &#273;&#432;&#7907;c ki&#7875;m &#273;&#7883;nh ch&#7845;t l&#432;&#7907;ng, nh&#7853;p kh&#7849;u tr&#7921;c ti&#7871;p t&#7915; nh&agrave; m&aacute;y b&ecirc;n Ch&acirc;u &Acirc;u, M&#7929;, &Uacute;c, Nh&#7853;t B&#7843;n,&hellip; v&agrave; &#273;&aacute;p &#7913;ng nhu c&#7847;u &#273;a d&#7841;ng c&#7911;a th&#7883; tr&#432;&#7901;ng nh&#432;: M&aacute;y &#272;o &#272;&#7897; C&#7913;ng, M&aacute;y SPECTROMAXx, M&aacute;y Ki&#7875;m Tra &#272;&#432;&#7901;ng Gh&eacute;p M&iacute; Lon,&hellip; Ch&uacute;ng t&ocirc;i cam k&#7871;t cung c&#7845;p s&#7843;n ph&#7849;m n&agrave;y tr&ecirc;n to&agrave;n qu&#7889;c v&#7899;i gi&aacute; c&#7843; c&#7841;nh tranh nh&#7845;t.<br>\nCh&uacute;ng t&ocirc;i c&oacute; &#273;&#7897;i ng&#361; chuy&ecirc;n vi&ecirc;n t&#432; v&#7845;n chuy&ecirc;n s&acirc;u s&#7869; h&#7895; tr&#7907; kh&aacute;ch h&agrave;ng v&#7873; chi ti&#7871;t s&#7843;n ph&#7849;m, h&#432;&#7899;ng d&#7851;n s&#7917; d&#7909;ng hay nh&#7919;ng th&#7913; li&ecirc;n quan &#273;&#7871;n v&#7845;n &#273;&#7873; m&agrave; doanh nghi&#7879;p b&#7841;n &#273;ang g&#7863;p ph&#7843;i. Ch&uacute;ng t&ocirc;i s&#7869; cung c&#7845;p nh&#7919;ng gi&#7843;i ph&aacute;p t&#7889;i &#432;u nh&#7845;t!<br>\nNgo&agrave;i ra Thi&#7871;t B&#7883; C&ocirc;ng Ngh&#7879; V&#7841;n N&#259;ng Ch&uacute;ng T&ocirc;i lu&ocirc;n h&#432;&#7899;ng &#273;&#7871;n tr&#7843;i nghi&#7879;m kh&aacute;ch h&agrave;ng, v&igrave; v&#7853;y ch&uacute;ng t&ocirc;i c&oacute; nh&#7919;ng ch&iacute;nh s&aacute;ch b&#7843;o h&agrave;nh, b&#7843;o tr&igrave; &ndash; b&#7843;o d&#432;&#7905;ng, hi&#7879;u chu&#7849;n v&#7899;i t&#7845;t c&#7843; c&aacute;c thi&#7871;t b&#7883;, m&aacute;y m&oacute;c m&agrave; ch&uacute;ng t&ocirc;i cung c&#7845;p. &#272;&#7843;m b&#7843;o mang &#273;&#7871;n cho Kh&aacute;ch h&agrave;ng s&#7921; y&ecirc;n t&acirc;m tuy&#7879;t &#273;&#7889;i v&#7873; d&#7883;ch v&#7909; khi mua h&agrave;ng.<\/p><p>T&#7893;ng K&#7871;t<br>\nTestOne TO-560 l&agrave; gi&#7843;i ph&aacute;p ho&agrave;n h&#7843;o cho vi&#7879;c &#273;o l&#432;&#7901;ng v&agrave; ki&#7875;m tra &#273;&#7897; nh&#7899;t c&#7911;a c&aacute;c lo&#7841;i ch&#7845;t l&#7887;ng trong nhi&#7873;u ng&agrave;nh c&ocirc;ng nghi&#7879;p. V&#7899;i &#273;&#7897; ch&iacute;nh x&aacute;c cao, d&#7877; s&#7917; d&#7909;ng v&agrave; tu&acirc;n th&#7911; c&aacute;c ti&ecirc;u chu&#7849;n qu&#7889;c t&#7871;, TO-560 l&agrave; s&#7921; l&#7921;a ch&#7885;n h&agrave;ng &#273;&#7847;u cho c&aacute;c chuy&ecirc;n gia v&agrave; doanh nghi&#7879;p. H&atilde;y li&ecirc;n h&#7879; ngay v&#7899;i V&#7841;n N&#259;ng &#273;&#7875; &#273;&#432;&#7907;c t&#432; v&#7845;n chi ti&#7871;t v&agrave; nh&#7853;n ngay nh&#7919;ng &#432;u &#273;&atilde;i h&#7845;p d&#7851;n th&ocirc;ng qua hotline\/zalo: <a href=\"https:\/\/zalo.me\/0903991335\" target=\"_blank\" rel=\"noopener\" style=\"color: #059669; font-weight: bold; text-decoration: none;\">0903 991 335<\/a>!<\/p><div style=\"background-color: #f8fafc; border: 1px solid #e2e8f0; border-radius: 8px; padding: 25px; max-width: 800px; margin: 30px auto; color: #334155; line-height: 1.8; font-size: 17px; box-shadow: 0 4px 6px -1px rgba(0,0,0,0.05); text-align: left; clear: both;\">\nC&ocirc;ng ty TNHH Th&#432;&#417;ng M&#7841;i D&#7883;ch V&#7909; Thi&#7871;t B&#7883; C&ocirc;ng Ngh&#7879; V&#7841;n N&#259;ng\n<p style=\"margin: 0 0 10px 0;\">&#128205; <strong style=\"color: #1e293b;\">&#272;&#7883;a ch&#7881;:<\/strong> <a style=\"color: #059669; text-decoration: none; font-weight: bold;\" href=\"https:\/\/www.google.com\/maps\/search\/C%C3%B4ng+ty+TNHH+Th%C6%B0%C6%A1ng+M%E1%BA%A1i+D%E1%BB%8Bch+V%E1%BB%A5+Thi%E1%BA%BFt+B%E1%BB%8B+C%C3%B4ng+Ngh%E1%BB%87+V%E1%BA%A1n+N%C4%83ng+818+Tr%C6%B0%E1%BB%9Dng+Chinh\" target=\"_blank\" rel=\"noopener\">818 Tr&#432;&#7901;ng Chinh, Ph&#432;&#7901;ng T&acirc;n S&#417;n, Th&agrave;nh ph&#7889; H&#7891; Ch&iacute; Minh, Vi&#7879;t Nam<\/a><\/p>\n<p style=\"margin: 0 0 10px 0;\">&#128222; <strong style=\"color: #1e293b;\">S&#272;T &ndash; Zalo:<\/strong> <a style=\"color: #059669; text-decoration: none; font-weight: bold;\" href=\"https:\/\/zalo.me\/0903991335\" target=\"_blank\" rel=\"noopener\">0903 991 335<\/a> <span style=\"color: #64748b; font-style: italic;\">(Ms. H&#7841;nh &ndash; Gi&aacute;m &#272;&#7889;c Kinh Doanh)<\/span><\/p>\n<p style=\"margin: 0;\">&#9993;&#65039; <strong style=\"color: #1e293b;\">Email:<\/strong> <a style=\"color: #059669; text-decoration: none; font-weight: bold;\" href=\"mailto:hienhanh@vannangvn.com\">hienhanh@vannangvn.com<\/a><\/p>\n<\/div><\/h1>","protected":false},"excerpt":{"rendered":"<p><strong>Th&#432;&#417;ng hi&#7879;u:<\/strong> C&#7889;c &#272;o &#272;&#7897; Nh&#7899;t  ASTM D1200 TO-560&nbsp;l&agrave; nh&#7919;ng thi&#7871;t b&#7883; ti&ecirc;u bi&#7875;u &#273;&#7875; &#273;o &#273;&#7897; nh&#7899;t theo th&#7901;i gian . C&#7889;c Ford ch&#7911; y&#7871;u s&#7917; d&#7909;ng s&#7889; 4, v&agrave; c&oacute; n&#259;m l&#7895; c&oacute; s&#7861;n cho C&#7889;c Zahn, t&#7915; 1 &#273;&#7871;n 5. M&#7895;i l&#7895; c&oacute; k&iacute;ch th&#432;&#7899;c kh&aacute;c nhau. Do &#273;&oacute;, &#273;&#7897; nh&#7899;t c&oacute; th&#7875; &#273;&#432;&#7907;c &#273;o t&#7915; cao &#273;&#7871;n th&#7845;p.<br>\n<strong>Model:<\/strong> TO-560<p>Product <strong>C&#7888;C &#272;O &#272;&#7896; NH&#7898;T (FORD CUP) ASTM D1200 TESTONE MODEL TO-560<\/strong> ch&iacute;nh h&atilde;ng. C&#7889;c &#272;o &#272;&#7897; Nh&#7899;t (Ford Cup) ASTM D1200 TO-560&nbsp;l&agrave; nh&#7919;ng thi&#7871;t b&#7883; ti&ecirc;u bi&#7875;u &#273;&#7875; &#273;o &#273;&#7897; nh&#7899;t theo th&#7901;i gian (&#273;&#417;n v&#7883; gi&acirc;y). C&#7889;c Ford ch&#7911; y&#7871;u s&#7917; d&#7909;ng s&#7889; 4, v&agrave; c&oacute; n&#259;m l&#7895; c&oacute; s&#7861;n cho C&#7889;c Zahn, t&#7915; 1 &#273;&#7871;n 5. M&#7895;i l&#7895; c&oacute; k&iacute;ch th&#432;&#7899;c kh&aacute;c nhau. Do &#273;&oacute;, &#273;&#7897; nh&#7899;t c&oacute; th&#7875; &#273;&#432;&#7907;c &#273;o t&#7915; cao &#273;&#7871;n th&#7845;p.<\/p><\/p>","protected":false},"featured_media":9390,"comment_status":"open","ping_status":"closed","template":"","meta":[],"product_brand":[],"product_cat":[18],"product_tag":[116,181,366,697,709,710,711,712,713,714],"class_list":{"0":"post-6130","1":"product","2":"type-product","3":"status-publish","4":"has-post-thumbnail","6":"product_cat-chua-phan-loai","7":"product_tag-model","8":"product_tag-do","9":"product_tag-nhot","10":"product_tag-coc","11":"product_tag-ford","12":"product_tag-cup","13":"product_tag-astm","14":"product_tag-d1200","15":"product_tag-testone","16":"product_tag-to-560","18":"first","19":"instock","20":"shipping-taxable","21":"product-type-simple"},"yoast_head":"<!-- This site is optimized with the Yoast SEO Premium plugin v24.8 (Yoast SEO v24.8) - https:\/\/yoast.com\/wordpress\/plugins\/seo\/ -->\n<title>C\u1ed0C \u0110O \u0110\u1ed8 NH\u1edaT (FORD CUP) ASTM D120... ch\u00ednh h\u00e3ng | V\u1ea1n N\u0103ng<\/title>\n<meta name=\"description\" content=\"Mua ngay C\u1ed0C \u0110O \u0110\u1ed8 NH\u1edaT (FORD CUP) ASTM D1200 TESTONE MODEL TO-560 ch\u00ednh h\u00e3ng. Gi\u00e1 t\u1ed1t!\" \/>\n<meta name=\"robots\" content=\"noindex, follow, max-snippet:-1, max-image-preview:large, max-video-preview:-1\" \/>\n<meta property=\"og:locale\" content=\"en_US\" \/>\n<meta property=\"og:type\" content=\"article\" \/>\n<meta property=\"og:title\" content=\"C\u1ed0C \u0110O \u0110\u1ed8 NH\u1edaT (FORD CUP) ASTM D1200 TESTONE MODEL TO-560\" \/>\n<meta property=\"og:description\" content=\"Mua ngay C\u1ed0C \u0110O \u0110\u1ed8 NH\u1edaT (FORD CUP) ASTM D1200 TESTONE MODEL TO-560 ch\u00ednh h\u00e3ng. Gi\u00e1 t\u1ed1t!\" \/>\n<meta property=\"og:url\" content=\"https:\/\/vannangvn.123websitedev.com\/en\/product\/coc-do-do-nhot-ford-cup-astm-d1200-testone-model-to-560\/\" \/>\n<meta property=\"og:site_name\" content=\"Vannang.vn\" \/>\n<meta property=\"article:modified_time\" content=\"2026-03-30T11:13:08+00:00\" \/>\n<meta property=\"og:image\" content=\"http:\/\/vannangvn.123websitedev.com\/wp-content\/uploads\/2026\/03\/Coc-Do-Do-Nhot-Ford-Cup-ASTM-D1200-TestOne-Model-TO-560-copy.jpg\" \/>\n\t<meta property=\"og:image:width\" content=\"768\" \/>\n\t<meta property=\"og:image:height\" content=\"576\" \/>\n\t<meta property=\"og:image:type\" content=\"image\/jpeg\" \/>\n<meta name=\"twitter:card\" content=\"summary_large_image\" \/>\n<meta name=\"twitter:label1\" content=\"Est. reading time\" \/>\n\t<meta name=\"twitter:data1\" content=\"6 minutes\" \/>\n<script type=\"application\/ld+json\" class=\"yoast-schema-graph\">{\"@context\":\"https:\/\/schema.org\",\"@graph\":[{\"@type\":\"WebPage\",\"@id\":\"https:\/\/vannangvn.123websitedev.com\/san-pham\/coc-do-do-nhot-ford-cup-astm-d1200-testone-model-to-560\/\",\"url\":\"https:\/\/vannangvn.123websitedev.com\/san-pham\/coc-do-do-nhot-ford-cup-astm-d1200-testone-model-to-560\/\",\"name\":\"C\u1ed0C \u0110O \u0110\u1ed8 NH\u1edaT (FORD CUP) ASTM D120... ch\u00ednh h\u00e3ng | V\u1ea1n N\u0103ng\",\"isPartOf\":{\"@id\":\"https:\/\/vannangvn.123websitedev.com\/#website\"},\"primaryImageOfPage\":{\"@id\":\"https:\/\/vannangvn.123websitedev.com\/san-pham\/coc-do-do-nhot-ford-cup-astm-d1200-testone-model-to-560\/#primaryimage\"},\"image\":{\"@id\":\"https:\/\/vannangvn.123websitedev.com\/san-pham\/coc-do-do-nhot-ford-cup-astm-d1200-testone-model-to-560\/#primaryimage\"},\"thumbnailUrl\":\"https:\/\/vannangvn.123websitedev.com\/wp-content\/uploads\/2026\/03\/Coc-Do-Do-Nhot-Ford-Cup-ASTM-D1200-TestOne-Model-TO-560-copy.jpg\",\"datePublished\":\"2026-03-20T10:22:43+00:00\",\"dateModified\":\"2026-03-30T11:13:08+00:00\",\"description\":\"Mua ngay C\u1ed0C \u0110O \u0110\u1ed8 NH\u1edaT (FORD CUP) ASTM D1200 TESTONE MODEL TO-560 ch\u00ednh h\u00e3ng. Gi\u00e1 t\u1ed1t!\",\"breadcrumb\":{\"@id\":\"https:\/\/vannangvn.123websitedev.com\/san-pham\/coc-do-do-nhot-ford-cup-astm-d1200-testone-model-to-560\/#breadcrumb\"},\"inLanguage\":\"en-US\",\"potentialAction\":[{\"@type\":\"ReadAction\",\"target\":[\"https:\/\/vannangvn.123websitedev.com\/san-pham\/coc-do-do-nhot-ford-cup-astm-d1200-testone-model-to-560\/\"]}]},{\"@type\":\"ImageObject\",\"inLanguage\":\"en-US\",\"@id\":\"https:\/\/vannangvn.123websitedev.com\/san-pham\/coc-do-do-nhot-ford-cup-astm-d1200-testone-model-to-560\/#primaryimage\",\"url\":\"https:\/\/vannangvn.123websitedev.com\/wp-content\/uploads\/2026\/03\/Coc-Do-Do-Nhot-Ford-Cup-ASTM-D1200-TestOne-Model-TO-560-copy.jpg\",\"contentUrl\":\"https:\/\/vannangvn.123websitedev.com\/wp-content\/uploads\/2026\/03\/Coc-Do-Do-Nhot-Ford-Cup-ASTM-D1200-TestOne-Model-TO-560-copy.jpg\",\"width\":768,\"height\":576},{\"@type\":\"BreadcrumbList\",\"@id\":\"https:\/\/vannangvn.123websitedev.com\/san-pham\/coc-do-do-nhot-ford-cup-astm-d1200-testone-model-to-560\/#breadcrumb\",\"itemListElement\":[{\"@type\":\"ListItem\",\"position\":1,\"name\":\"Trang ch\u1ee7\",\"item\":\"https:\/\/vannangvn.123websitedev.com\/\"},{\"@type\":\"ListItem\",\"position\":2,\"name\":\"S\u1ea3n ph\u1ea9m\",\"item\":\"https:\/\/vannangvn.123websitedev.com\/cua-hang\/\"},{\"@type\":\"ListItem\",\"position\":3,\"name\":\"C\u1ed0C \u0110O \u0110\u1ed8 NH\u1edaT (FORD CUP) ASTM D1200 TESTONE MODEL TO-560\"}]},{\"@type\":\"WebSite\",\"@id\":\"https:\/\/vannangvn.123websitedev.com\/#website\",\"url\":\"https:\/\/vannangvn.123websitedev.com\/\",\"name\":\"Vannang.vn\",\"description\":\"\",\"publisher\":{\"@id\":\"https:\/\/vannangvn.123websitedev.com\/#organization\"},\"potentialAction\":[{\"@type\":\"SearchAction\",\"target\":{\"@type\":\"EntryPoint\",\"urlTemplate\":\"https:\/\/vannangvn.123websitedev.com\/?s={search_term_string}\"},\"query-input\":{\"@type\":\"PropertyValueSpecification\",\"valueRequired\":true,\"valueName\":\"search_term_string\"}}],\"inLanguage\":\"en-US\"},{\"@type\":\"Organization\",\"@id\":\"https:\/\/vannangvn.123websitedev.com\/#organization\",\"name\":\"Vannang.vn\",\"url\":\"https:\/\/vannangvn.123websitedev.com\/\",\"logo\":{\"@type\":\"ImageObject\",\"inLanguage\":\"en-US\",\"@id\":\"https:\/\/vannangvn.123websitedev.com\/#\/schema\/logo\/image\/\",\"url\":\"https:\/\/vannangvn.123websitedev.com\/wp-content\/uploads\/2026\/02\/logo-van-nang-02.png\",\"contentUrl\":\"https:\/\/vannangvn.123websitedev.com\/wp-content\/uploads\/2026\/02\/logo-van-nang-02.png\",\"width\":448,\"height\":111,\"caption\":\"Vannang.vn\"},\"image\":{\"@id\":\"https:\/\/vannangvn.123websitedev.com\/#\/schema\/logo\/image\/\"}}]}<\/script>\n<!-- \/ Yoast SEO Premium plugin. -->","yoast_head_json":{"title":"C\u1ed0C \u0110O \u0110\u1ed8 NH\u1edaT (FORD CUP) ASTM D120... ch\u00ednh h\u00e3ng | V\u1ea1n N\u0103ng","description":"Mua ngay C\u1ed0C \u0110O \u0110\u1ed8 NH\u1edaT (FORD CUP) ASTM D1200 TESTONE MODEL TO-560 ch\u00ednh h\u00e3ng. Gi\u00e1 t\u1ed1t!","robots":{"index":"noindex","follow":"follow","max-snippet":"max-snippet:-1","max-image-preview":"max-image-preview:large","max-video-preview":"max-video-preview:-1"},"og_locale":"en_US","og_type":"article","og_title":"C\u1ed0C \u0110O \u0110\u1ed8 NH\u1edaT (FORD CUP) ASTM D1200 TESTONE MODEL TO-560","og_description":"Mua ngay C\u1ed0C \u0110O \u0110\u1ed8 NH\u1edaT (FORD CUP) ASTM D1200 TESTONE MODEL TO-560 ch\u00ednh h\u00e3ng. Gi\u00e1 t\u1ed1t!","og_url":"https:\/\/vannangvn.123websitedev.com\/en\/product\/coc-do-do-nhot-ford-cup-astm-d1200-testone-model-to-560\/","og_site_name":"Vannang.vn","article_modified_time":"2026-03-30T11:13:08+00:00","og_image":[{"width":768,"height":576,"url":"http:\/\/vannangvn.123websitedev.com\/wp-content\/uploads\/2026\/03\/Coc-Do-Do-Nhot-Ford-Cup-ASTM-D1200-TestOne-Model-TO-560-copy.jpg","type":"image\/jpeg"}],"twitter_card":"summary_large_image","twitter_misc":{"Est. reading time":"6 minutes"},"schema":{"@context":"https:\/\/schema.org","@graph":[{"@type":"WebPage","@id":"https:\/\/vannangvn.123websitedev.com\/san-pham\/coc-do-do-nhot-ford-cup-astm-d1200-testone-model-to-560\/","url":"https:\/\/vannangvn.123websitedev.com\/san-pham\/coc-do-do-nhot-ford-cup-astm-d1200-testone-model-to-560\/","name":"C\u1ed0C \u0110O \u0110\u1ed8 NH\u1edaT (FORD CUP) ASTM D120... ch\u00ednh h\u00e3ng | V\u1ea1n N\u0103ng","isPartOf":{"@id":"https:\/\/vannangvn.123websitedev.com\/#website"},"primaryImageOfPage":{"@id":"https:\/\/vannangvn.123websitedev.com\/san-pham\/coc-do-do-nhot-ford-cup-astm-d1200-testone-model-to-560\/#primaryimage"},"image":{"@id":"https:\/\/vannangvn.123websitedev.com\/san-pham\/coc-do-do-nhot-ford-cup-astm-d1200-testone-model-to-560\/#primaryimage"},"thumbnailUrl":"https:\/\/vannangvn.123websitedev.com\/wp-content\/uploads\/2026\/03\/Coc-Do-Do-Nhot-Ford-Cup-ASTM-D1200-TestOne-Model-TO-560-copy.jpg","datePublished":"2026-03-20T10:22:43+00:00","dateModified":"2026-03-30T11:13:08+00:00","description":"Mua ngay C\u1ed0C \u0110O \u0110\u1ed8 NH\u1edaT (FORD CUP) ASTM D1200 TESTONE MODEL TO-560 ch\u00ednh h\u00e3ng. Gi\u00e1 t\u1ed1t!","breadcrumb":{"@id":"https:\/\/vannangvn.123websitedev.com\/san-pham\/coc-do-do-nhot-ford-cup-astm-d1200-testone-model-to-560\/#breadcrumb"},"inLanguage":"en-US","potentialAction":[{"@type":"ReadAction","target":["https:\/\/vannangvn.123websitedev.com\/san-pham\/coc-do-do-nhot-ford-cup-astm-d1200-testone-model-to-560\/"]}]},{"@type":"ImageObject","inLanguage":"en-US","@id":"https:\/\/vannangvn.123websitedev.com\/san-pham\/coc-do-do-nhot-ford-cup-astm-d1200-testone-model-to-560\/#primaryimage","url":"https:\/\/vannangvn.123websitedev.com\/wp-content\/uploads\/2026\/03\/Coc-Do-Do-Nhot-Ford-Cup-ASTM-D1200-TestOne-Model-TO-560-copy.jpg","contentUrl":"https:\/\/vannangvn.123websitedev.com\/wp-content\/uploads\/2026\/03\/Coc-Do-Do-Nhot-Ford-Cup-ASTM-D1200-TestOne-Model-TO-560-copy.jpg","width":768,"height":576},{"@type":"BreadcrumbList","@id":"https:\/\/vannangvn.123websitedev.com\/san-pham\/coc-do-do-nhot-ford-cup-astm-d1200-testone-model-to-560\/#breadcrumb","itemListElement":[{"@type":"ListItem","position":1,"name":"Trang ch\u1ee7","item":"https:\/\/vannangvn.123websitedev.com\/"},{"@type":"ListItem","position":2,"name":"S\u1ea3n ph\u1ea9m","item":"https:\/\/vannangvn.123websitedev.com\/cua-hang\/"},{"@type":"ListItem","position":3,"name":"C\u1ed0C \u0110O \u0110\u1ed8 NH\u1edaT (FORD CUP) ASTM D1200 TESTONE MODEL TO-560"}]},{"@type":"WebSite","@id":"https:\/\/vannangvn.123websitedev.com\/#website","url":"https:\/\/vannangvn.123websitedev.com\/","name":"Vannang.vn","description":"","publisher":{"@id":"https:\/\/vannangvn.123websitedev.com\/#organization"},"potentialAction":[{"@type":"SearchAction","target":{"@type":"EntryPoint","urlTemplate":"https:\/\/vannangvn.123websitedev.com\/?s={search_term_string}"},"query-input":{"@type":"PropertyValueSpecification","valueRequired":true,"valueName":"search_term_string"}}],"inLanguage":"en-US"},{"@type":"Organization","@id":"https:\/\/vannangvn.123websitedev.com\/#organization","name":"Vannang.vn","url":"https:\/\/vannangvn.123websitedev.com\/","logo":{"@type":"ImageObject","inLanguage":"en-US","@id":"https:\/\/vannangvn.123websitedev.com\/#\/schema\/logo\/image\/","url":"https:\/\/vannangvn.123websitedev.com\/wp-content\/uploads\/2026\/02\/logo-van-nang-02.png","contentUrl":"https:\/\/vannangvn.123websitedev.com\/wp-content\/uploads\/2026\/02\/logo-van-nang-02.png","width":448,"height":111,"caption":"Vannang.vn"},"image":{"@id":"https:\/\/vannangvn.123websitedev.com\/#\/schema\/logo\/image\/"}}]}},"_links":{"self":[{"href":"https:\/\/vannangvn.123websitedev.com\/en\/wp-json\/wp\/v2\/product\/6130","targetHints":{"allow":["GET"]}}],"collection":[{"href":"https:\/\/vannangvn.123websitedev.com\/en\/wp-json\/wp\/v2\/product"}],"about":[{"href":"https:\/\/vannangvn.123websitedev.com\/en\/wp-json\/wp\/v2\/types\/product"}],"replies":[{"embeddable":true,"href":"https:\/\/vannangvn.123websitedev.com\/en\/wp-json\/wp\/v2\/comments?post=6130"}],"wp:featuredmedia":[{"embeddable":true,"href":"https:\/\/vannangvn.123websitedev.com\/en\/wp-json\/wp\/v2\/media\/9390"}],"wp:attachment":[{"href":"https:\/\/vannangvn.123websitedev.com\/en\/wp-json\/wp\/v2\/media?parent=6130"}],"wp:term":[{"taxonomy":"product_brand","embeddable":true,"href":"https:\/\/vannangvn.123websitedev.com\/en\/wp-json\/wp\/v2\/product_brand?post=6130"},{"taxonomy":"product_cat","embeddable":true,"href":"https:\/\/vannangvn.123websitedev.com\/en\/wp-json\/wp\/v2\/product_cat?post=6130"},{"taxonomy":"product_tag","embeddable":true,"href":"https:\/\/vannangvn.123websitedev.com\/en\/wp-json\/wp\/v2\/product_tag?post=6130"}],"curies":[{"name":"wp","href":"https:\/\/api.w.org\/{rel}","templated":true}]}}