{"id":6169,"date":"2026-03-20T17:23:26","date_gmt":"2026-03-20T10:23:26","guid":{"rendered":"https:\/\/vannangvn.123websitedev.com\/san-pham\/coc-do-ty-trong-biuged-model-bgd-296-5\/"},"modified":"2026-03-30T18:14:07","modified_gmt":"2026-03-30T11:14:07","slug":"coc-do-ty-trong-biuged-model-bgd-296-5","status":"publish","type":"product","link":"https:\/\/vannangvn.123websitedev.com\/en\/product\/coc-do-ty-trong-biuged-model-bgd-296-5\/","title":{"rendered":"C\u1ed0C \u0110O T\u1ef6 TR\u1eccNG BIUGED MODEL BGD 296\/5"},"content":{"rendered":"<h1 style=\"color: red; font-weight: bold; font-size: 24px;\">T&#7893;ng quan s&#7843;n ph&#7849;m C&#7888;C &#272;O T&#7926; TR&#7884;NG BIUGED MODEL BGD 296\/5<p>C&#7889;c &#272;o T&#7927; Tr&#7885;ng (Density Cup) Biuged Model BGD 296\/5<br>\nC&#7889;c &#272;o T&#7927; Tr&#7885;ng BGD 296\/5 l&agrave; thi&#7871;t b&#7883; chuy&ecirc;n d&#7909;ng &#273;&#7875; x&aacute;c &#273;&#7883;nh tr&#7885;ng l&#432;&#7907;ng ri&ecirc;ng c&#7911;a s&#417;n v&agrave; c&aacute;c ch&#7845;t l&#7887;ng kh&aacute;c theo &#273;&#417;n v&#7883; th&#7875; t&iacute;ch &#7903; m&#7897;t nhi&#7879;t &#273;&#7897; nh&#7845;t &#273;&#7883;nh. BGD 296\/5 gi&uacute;p &#273;&#7843;m b&#7843;o s&#7921; &#273;&#7891;ng nh&#7845;t v&#7873; ch&#7845;t l&#432;&#7907;ng s&#7843;n ph&#7849;m, h&#7895; tr&#7907; ki&#7875;m tra, ki&#7875;m so&aacute;t qu&aacute; tr&igrave;nh s&#7843;n xu&#7845;t v&agrave; &#273;&aacute;p &#7913;ng c&aacute;c ti&ecirc;u chu&#7849;n qu&#7889;c t&#7871; kh&#7855;t khe nh&#432; DIN 53217, ISO 2811-1 v&agrave; BS 3900 A19. H&atilde;y c&ugrave;ng V&#7841;n N&#259;ng t&igrave;m hi&#7875;u chi ti&#7871;t h&#417;n v&#7873; s&#7843;n ph&#7849;m th&ocirc;ng qua b&agrave;i vi&#7871;t nh&eacute;!<\/p><p>Xem th&ecirc;m: Th&#432;&#7899;c K&eacute;o M&agrave;ng S&#417;n 4 M&#7863;t (Four-sided Applicator) Biuged Model BGD 206<\/p><p>N&eacute;t &#272;&#7863;c Tr&#432;ng C&#7911;a BGD 296\/5<br>\n&#272;&#7897; ch&iacute;nh x&aacute;c cao<br>\nC&#7889;c &#272;o BGD 296\/5 &#273;&#432;&#7907;c gia c&ocirc;ng v&#7899;i dung sai th&#7845;p, &#273;&#7843;m b&#7843;o &#273;&#7897; ch&iacute;nh x&aacute;c &plusmn;0.1% theo ti&ecirc;u chu&#7849;n ISO v&agrave; DIN.<br>\nCh&#7845;t li&#7879;u b&#7873;n b&#7881;<br>\nS&#7917; d&#7909;ng th&eacute;p kh&ocirc;ng g&#7881; ch&#7845;t l&#432;&#7907;ng cao gi&uacute;p t&#259;ng tu&#7893;i th&#7885; s&#7843;n ph&#7849;m, h&#7841;n ch&#7871; t&igrave;nh tr&#7841;ng oxy h&oacute;a ho&#7863;c bi&#7871;n d&#7841;ng sau th&#7901;i gian d&agrave;i s&#7917; d&#7909;ng.<\/p><p>D&#7877; s&#7917; d&#7909;ng<br>\nThi&#7871;t k&#7871; &#273;&#417;n gi&#7843;n nh&#432;ng t&#7889;i &#432;u gi&uacute;p ng&#432;&#7901;i d&ugrave;ng thao t&aacute;c nhanh ch&oacute;ng, d&#7877; d&agrave;ng m&agrave; kh&ocirc;ng c&#7847;n nhi&#7873;u kinh nghi&#7879;m chuy&ecirc;n m&ocirc;n.<br>\nTu&acirc;n th&#7911; ti&ecirc;u chu&#7849;n qu&#7889;c t&#7871;<br>\nC&#7889;c BGD 296\/5 &#273;&#432;&#7907;c s&#7843;n xu&#7845;t theo c&aacute;c ti&ecirc;u chu&#7849;n nghi&ecirc;m ng&#7863;t, &#273;&#7843;m b&#7843;o t&iacute;nh ch&iacute;nh x&aacute;c v&agrave; &#273;&#7897; tin c&#7853;y cao khi s&#7917; d&#7909;ng trong c&aacute;c ph&ograve;ng th&iacute; nghi&#7879;m v&agrave; d&acirc;y chuy&#7873;n s&#7843;n xu&#7845;t.<\/p><p>H&#432;&#7899;ng D&#7851;n S&#7917; D&#7909;ng C&#7889;c &#272;o T&#7927; Tr&#7885;ng<br>\n&#272;&#7875; &#273;o t&#7927; tr&#7885;ng c&#7911;a m&#7897;t ch&#7845;t l&#7887;ng b&#7857;ng Biuged BGD 296\/5, ng&#432;&#7901;i d&ugrave;ng c&#7847;n th&#7921;c hi&#7879;n theo c&aacute;c b&#432;&#7899;c sau:<br>\nB&#432;&#7899;c 1: C&acirc;n C&#7889;c R&#7895;ng<\/p><p>&#272;&#7843;m b&#7843;o c&#7889;c &#273;o t&#7927; tr&#7885;ng s&#7841;ch v&agrave; kh&ocirc; tr&#432;&#7899;c khi s&#7917; d&#7909;ng.<br>\n&#272;&#7863;t c&#7889;c l&ecirc;n c&acirc;n c&oacute; &#273;&#7897; ch&iacute;nh x&aacute;c cao v&agrave; ghi l&#7841;i tr&#7885;ng l&#432;&#7907;ng c&#7911;a c&#7889;c r&#7895;ng (W1).<\/p><p>B&#432;&#7899;c 2: &#272;i&#7873;u Ch&#7881;nh Nhi&#7879;t &#272;&#7897;<\/p><p>&#272;&#7843;m b&#7843;o nhi&#7879;t &#273;&#7897; c&#7911;a c&#7889;c v&agrave; ch&#7845;t l&#7887;ng c&#7847;n &#273;o &#7903; m&#7913;c 23&#8451; &plusmn; 0.5&#8451; &#273;&#7875; &#273;&#7843;m b&#7843;o &#273;&#7897; ch&iacute;nh x&aacute;c.<\/p><p>B&#432;&#7899;c 3: &#272;&#7893; Ch&#7845;t L&#7887;ng V&agrave;o C&#7889;c<\/p><p>R&oacute;t ch&#7845;t l&#7887;ng c&#7847;n &#273;o v&agrave;o c&#7889;c, tr&aacute;nh l&agrave;m tr&agrave;n ho&#7863;c t&#7841;o b&#7885;t kh&iacute;.<\/p><p>B&#432;&#7899;c 4: &#272;&oacute;ng N&#7855;p C&#7889;c<\/p><p>&#272;&#7863;t n&#7855;p c&#7889;c nh&#7865; nh&agrave;ng v&agrave; t&#7915; t&#7915; &eacute;p ch&#7863;t &#273;&#7875; &#273;&#7843;m b&#7843;o l&#432;&#7907;ng ch&#7845;t l&#7887;ng d&#432; th&#7915;a tr&agrave;n qua l&#7895; tho&aacute;t kh&iacute;.<\/p><p>B&#432;&#7899;c 5: Lo&#7841;i B&#7887; Ch&#7845;t L&#7887;ng D&#432; Th&#7915;a<\/p><p>S&#7917; d&#7909;ng kh&#259;n gi&#7845;y ho&#7863;c v&#7843;i th&#7845;m h&uacute;t &#273;&#7875; lau s&#7841;ch ch&#7845;t l&#7887;ng tr&agrave;n ra ngo&agrave;i, tr&aacute;nh l&agrave;m &#7843;nh h&#432;&#7903;ng &#273;&#7871;n k&#7871;t qu&#7843; c&acirc;n &#273;o.<\/p><p>B&#432;&#7899;c 6: C&acirc;n C&#7889;c &#272;&atilde; &#272;&#7847;y Ch&#7845;t L&#7887;ng<\/p><p>&#272;&#7863;t c&#7889;c &#273;&atilde; &#273;&#7853;y n&#7855;p l&ecirc;n c&acirc;n v&agrave; ghi l&#7841;i tr&#7885;ng l&#432;&#7907;ng t&#7893;ng (W2).<\/p><p>B&#432;&#7899;c 7: T&iacute;nh To&aacute;n T&#7927; Tr&#7885;ng<\/p><p>C&ocirc;ng th&#7913;c t&iacute;nh t&#7927; tr&#7885;ng:<\/p><p>T&#7927; tr&#7885;ng (g\/cm&sup3;) = (W2 &ndash; W1) \/ V<br>\nTrong &#273;&oacute;:<\/p><p>W1: Tr&#7885;ng l&#432;&#7907;ng c&#7889;c r&#7895;ng<br>\nW2: Tr&#7885;ng l&#432;&#7907;ng c&#7889;c &#273;&#7847;y ch&#7845;t l&#7887;ng<br>\nV: Dung t&iacute;ch c&#7911;a c&#7889;c &#273;o t&#7927; tr&#7885;ng (th&#432;&#7901;ng &#273;&#432;&#7907;c ghi tr&ecirc;n thi&#7871;t b&#7883;)<\/p><p>Xem th&ecirc;m: M&aacute;y &#272;o &#272;&#7897; Nh&#7899;t (Krebs Stormer Viscometer) Biuged Model BGD 184<\/p><p>Nh&#7919;ng L&#432;u &Yacute; Khi S&#7917; D&#7909;ng C&#7889;c &#272;o T&#7927; Tr&#7885;ng<br>\n&#272;&#7875; &#273;&#7843;m b&#7843;o k&#7871;t qu&#7843; &#273;o ch&iacute;nh x&aacute;c, ng&#432;&#7901;i d&ugrave;ng c&#7847;n l&#432;u &yacute;:<\/p><p>V&#7879; sinh c&#7889;c &#273;o t&#7927; tr&#7885;ng tr&#432;&#7899;c v&agrave; sau m&#7895;i l&#7847;n s&#7917; d&#7909;ng &#273;&#7875; tr&aacute;nh l&#7851;n t&#7841;p ch&#7845;t gi&#7919;a c&aacute;c ph&eacute;p &#273;o.<br>\nKh&ocirc;ng l&agrave;m nghi&ecirc;ng c&#7889;c khi &#273;&#7853;y n&#7855;p &#273;&#7875; tr&aacute;nh sai s&#7889; do b&#7885;t kh&iacute;.<br>\n&#272;&#7843;m b&#7843;o c&acirc;n c&oacute; &#273;&#7897; ch&iacute;nh x&aacute;c cao &#273;&#7875; h&#7841;n ch&#7871; sai s&#7889; khi c&acirc;n &#273;o.<br>\nKi&#7875;m tra nhi&#7879;t &#273;&#7897; c&#7911;a ch&#7845;t l&#7887;ng v&agrave; c&#7889;c &#273;o t&#7927; tr&#7885;ng tr&#432;&#7899;c khi th&#7921;c hi&#7879;n ph&eacute;p &#273;o &#273;&#7875; &#273;&#7843;m b&#7843;o &#273;&uacute;ng &#273;i&#7873;u ki&#7879;n ti&ecirc;u chu&#7849;n.<\/p><p>&#7912;ng D&#7909;ng C&#7911;a C&#7889;c &#272;o T&#7927; Tr&#7885;ng<br>\nC&#7889;c &#272;o T&#7927; Tr&#7885;ng Biuged BGD 296\/5 &#273;&#432;&#7907;c s&#7917; d&#7909;ng r&#7897;ng r&atilde;i trong nhi&#7873;u l&#297;nh v&#7921;c, &#273;&#7863;c bi&#7879;t l&agrave;:<\/p><p>Ng&agrave;nh s&#417;n: &#272;o t&#7927; tr&#7885;ng s&#417;n &#273;&#7875; &#273;&#7843;m b&#7843;o t&iacute;nh &#273;&#7891;ng nh&#7845;t c&#7911;a s&#7843;n ph&#7849;m.<br>\nNg&agrave;nh m&#7921;c in: Ki&#7875;m tra ch&#7845;t l&#432;&#7907;ng m&#7921;c tr&#432;&#7899;c khi &#273;&#432;a v&agrave;o s&#7917; d&#7909;ng.<br>\nNg&agrave;nh h&oacute;a ch&#7845;t: Ki&#7875;m tra dung d&#7883;ch h&oacute;a h&#7885;c trong s&#7843;n xu&#7845;t c&ocirc;ng nghi&#7879;p.<br>\nNg&agrave;nh th&#7921;c ph&#7849;m: &#272;&#432;&#7907;c &#7913;ng d&#7909;ng &#273;&#7875; &#273;o m&#7853;t &#273;&#7897; c&#7911;a m&#7897;t s&#7889; dung d&#7883;ch l&#7887;ng trong th&#7921;c ph&#7849;m v&agrave; &#273;&#7891; u&#7889;ng.<\/p><p>Nh&#7919;ng L&yacute; Do N&ecirc;n Mua C&#7889;c &#272;o T&#7927; Tr&#7885;ng T&#7841;i V&#7841;n N&#259;ng<\/p><p>C&ocirc;ng ty Thi&#7871;t B&#7883; C&ocirc;ng Ngh&#7879; V&#7841;n N&#259;ng l&agrave; &#273;&#7889;i t&aacute;c ch&iacute;nh th&#7913;c ph&acirc;n ph&#7889;i C&#7889;c &#272;o T&#7927; Tr&#7885;ng h&agrave;ng &#273;&#7847;u t&#7841;i Vi&#7879;t Nam, cam k&#7871;t cung c&#7845;p s&#7843;n ph&#7849;m ch&iacute;nh h&atilde;ng v&#7899;i gi&aacute; c&#7843; c&#7841;nh tranh nh&#7845;t th&#7883; tr&#432;&#7901;ng. V&#7899;i uy t&iacute;n tr&ecirc;n th&#7883; tr&#432;&#7901;ng v&agrave; ch&#7871; &#273;&#7897; h&#7851;u m&atilde;i t&#7889;t, Thi&#7871;t B&#7883; C&ocirc;ng Ngh&#7879; V&#7841;n N&#259;ng &#273;&atilde; nh&#7853;n &#273;&#432;&#7907;c s&#7921; tin t&#432;&#7903;ng t&#7915; kh&aacute;ch h&agrave;ng nh&#7901; v&agrave;o ch&#7845;t l&#432;&#7907;ng h&agrave;ng &#273;&#7847;u c&#7911;a c&aacute;c d&ograve;ng s&#7843;n ph&#7849;m.<br>\nS&#7843;n ph&#7849;m c&#7911;a ch&uacute;ng t&ocirc;i &#273;&#432;&#7907;c ki&#7875;m &#273;&#7883;nh ch&#7845;t l&#432;&#7907;ng, nh&#7853;p kh&#7849;u tr&#7921;c ti&#7871;p t&#7915; nh&agrave; m&aacute;y b&ecirc;n Ch&acirc;u &Acirc;u, M&#7929;, &Uacute;c, Nh&#7853;t B&#7843;n,&hellip; v&agrave; &#273;&aacute;p &#7913;ng nhu c&#7847;u &#273;a d&#7841;ng c&#7911;a th&#7883; tr&#432;&#7901;ng nh&#432;: M&aacute;y &#272;o &#272;&#7897; C&#7913;ng, M&aacute;y SPECTROMAXx, M&aacute;y Ki&#7875;m Tra &#272;&#432;&#7901;ng Gh&eacute;p M&iacute; Lon,&hellip; Ch&uacute;ng t&ocirc;i cam k&#7871;t cung c&#7845;p s&#7843;n ph&#7849;m n&agrave;y tr&ecirc;n to&agrave;n qu&#7889;c v&#7899;i gi&aacute; c&#7843; c&#7841;nh tranh nh&#7845;t.<br>\nCh&uacute;ng t&ocirc;i c&oacute; &#273;&#7897;i ng&#361; chuy&ecirc;n vi&ecirc;n t&#432; v&#7845;n chuy&ecirc;n s&acirc;u s&#7869; h&#7895; tr&#7907; kh&aacute;ch h&agrave;ng v&#7873; chi ti&#7871;t s&#7843;n ph&#7849;m, h&#432;&#7899;ng d&#7851;n s&#7917; d&#7909;ng hay nh&#7919;ng th&#7913; li&ecirc;n quan &#273;&#7871;n v&#7845;n &#273;&#7873; m&agrave; doanh nghi&#7879;p b&#7841;n &#273;ang g&#7863;p ph&#7843;i. Ch&uacute;ng t&ocirc;i s&#7869; cung c&#7845;p nh&#7919;ng gi&#7843;i ph&aacute;p t&#7889;i &#432;u nh&#7845;t!<br>\nNgo&agrave;i ra Thi&#7871;t B&#7883; C&ocirc;ng Ngh&#7879; V&#7841;n N&#259;ng Ch&uacute;ng T&ocirc;i lu&ocirc;n h&#432;&#7899;ng &#273;&#7871;n tr&#7843;i nghi&#7879;m kh&aacute;ch h&agrave;ng, v&igrave; v&#7853;y ch&uacute;ng t&ocirc;i c&oacute; nh&#7919;ng ch&iacute;nh s&aacute;ch b&#7843;o h&agrave;nh, b&#7843;o tr&igrave; &ndash; b&#7843;o d&#432;&#7905;ng, hi&#7879;u chu&#7849;n v&#7899;i t&#7845;t c&#7843; c&aacute;c thi&#7871;t b&#7883;, m&aacute;y m&oacute;c m&agrave; ch&uacute;ng t&ocirc;i cung c&#7845;p. &#272;&#7843;m b&#7843;o mang &#273;&#7871;n cho Kh&aacute;ch h&agrave;ng s&#7921; y&ecirc;n t&acirc;m tuy&#7879;t &#273;&#7889;i v&#7873; d&#7883;ch v&#7909; khi mua h&agrave;ng.<\/p><p>Xem th&ecirc;m: D&#7909;ng C&#7909; Ki&#7875;m Tra Va &#272;&#7853;p Dupont (DuPont Impact Tester) BGD Model Dupont-IPBG301JS<\/p><p>T&#7893;ng K&#7871;t<br>\nC&#7889;c &#272;o T&#7927; Tr&#7885;ng BGD 296\/5 Biuged l&agrave; thi&#7871;t b&#7883; kh&ocirc;ng th&#7875; thi&#7871;u trong ng&agrave;nh s&#417;n, m&#7921;c in, h&oacute;a ch&#7845;t v&agrave; nhi&#7873;u l&#297;nh v&#7921;c kh&aacute;c, gi&uacute;p x&aacute;c &#273;&#7883;nh tr&#7885;ng l&#432;&#7907;ng ri&ecirc;ng c&#7911;a ch&#7845;t l&#7887;ng m&#7897;t c&aacute;ch ch&iacute;nh x&aacute;c. V&#7899;i thi&#7871;t k&#7871; b&#7873;n b&#7881;, &#273;&#7897; ch&iacute;nh x&aacute;c cao v&agrave; d&#7877; s&#7917; d&#7909;ng, BGD 296\/5 Biuged &#273;&#7843;m b&#7843;o s&#7921; &#273;&#7891;ng nh&#7845;t v&agrave; ch&#7845;t l&#432;&#7907;ng cho qu&aacute; tr&igrave;nh s&#7843;n xu&#7845;t. H&atilde;y li&ecirc;n h&#7879; v&#7899;i Thi&#7871;t B&#7883; C&ocirc;ng Ngh&#7879; V&#7841;n N&#259;ng ngay &#273;&#7875; &#273;&#432;&#7907;c t&#432; v&#7845;n chuy&ecirc;n s&acirc;u v&agrave; nh&#7853;n c&aacute;c &#432;u &#273;&atilde;i h&#7845;p d&#7851;n nh&#7845;t th&ocirc;ng qua hotline\/zalo: <a href=\"https:\/\/zalo.me\/0903991335\" target=\"_blank\" rel=\"noopener\" style=\"color: #059669; font-weight: bold; text-decoration: none;\">0903 991 335<\/a>!<\/p><div style=\"background-color: #f8fafc; border: 1px solid #e2e8f0; border-radius: 8px; padding: 25px; max-width: 800px; margin: 30px auto; color: #334155; line-height: 1.8; font-size: 17px; box-shadow: 0 4px 6px -1px rgba(0,0,0,0.05); text-align: left; clear: both;\">\nC&ocirc;ng ty TNHH Th&#432;&#417;ng M&#7841;i D&#7883;ch V&#7909; Thi&#7871;t B&#7883; C&ocirc;ng Ngh&#7879; V&#7841;n N&#259;ng\n<p style=\"margin: 0 0 10px 0;\">&#128205; <strong style=\"color: #1e293b;\">&#272;&#7883;a ch&#7881;:<\/strong> <a style=\"color: #059669; text-decoration: none; font-weight: bold;\" href=\"https:\/\/www.google.com\/maps\/search\/C%C3%B4ng+ty+TNHH+Th%C6%B0%C6%A1ng+M%E1%BA%A1i+D%E1%BB%8Bch+V%E1%BB%A5+Thi%E1%BA%BFt+B%E1%BB%8B+C%C3%B4ng+Ngh%E1%BB%87+V%E1%BA%A1n+N%C4%83ng+818+Tr%C6%B0%E1%BB%9Dng+Chinh\" target=\"_blank\" rel=\"noopener\">818 Tr&#432;&#7901;ng Chinh, Ph&#432;&#7901;ng T&acirc;n S&#417;n, Th&agrave;nh ph&#7889; H&#7891; Ch&iacute; Minh, Vi&#7879;t Nam<\/a><\/p>\n<p style=\"margin: 0 0 10px 0;\">&#128222; <strong style=\"color: #1e293b;\">S&#272;T &ndash; Zalo:<\/strong> <a style=\"color: #059669; text-decoration: none; font-weight: bold;\" href=\"https:\/\/zalo.me\/0903991335\" target=\"_blank\" rel=\"noopener\">0903 991 335<\/a> <span style=\"color: #64748b; font-style: italic;\">(Ms. H&#7841;nh &ndash; Gi&aacute;m &#272;&#7889;c Kinh Doanh)<\/span><\/p>\n<p style=\"margin: 0;\">&#9993;&#65039; <strong style=\"color: #1e293b;\">Email:<\/strong> <a style=\"color: #059669; text-decoration: none; font-weight: bold;\" href=\"mailto:hienhanh@vannangvn.com\">hienhanh@vannangvn.com<\/a><\/p>\n<\/div><\/h1>","protected":false},"excerpt":{"rendered":"<p><strong>Th&#432;&#417;ng hi&#7879;u:<\/strong> C&#7889;c &#272;o T&#7927; Tr&#7885;ng BGD 296\/5&nbsp;l&agrave; thi&#7871;t b&#7883; chuy&ecirc;n d&#7909;ng &#273;&#7875; x&aacute;c &#273;&#7883;nh tr&#7885;ng l&#432;&#7907;ng ri&ecirc;ng c&#7911;a s&#417;n v&agrave; c&aacute;c ch&#7845;t l&#7887;ng kh&aacute;c theo &#273;&#417;n v&#7883; th&#7875; t&iacute;ch &#7903; m&#7897;t nhi&#7879;t &#273;&#7897; nh&#7845;t &#273;&#7883;nh. BGD 296\/5&nbsp;gi&uacute;p &#273;&#7843;m b&#7843;o s&#7921; &#273;&#7891;ng nh&#7845;t v&#7873; ch&#7845;t l&#432;&#7907;ng s&#7843;n ph&#7849;m, h&#7895; tr&#7907; ki&#7875;m tra, ki&#7875;m so&aacute;t qu&aacute; tr&igrave;nh s&#7843;n xu&#7845;t v&agrave; &#273;&aacute;p &#7913;ng c&aacute;c ti&ecirc;u chu&#7849;n qu&#7889;c t&#7871; kh&#7855;t khe nh&#432; DIN 53217, ISO 2811-1 v&agrave; BS 3900 A19.<br>\n<strong>Model:<\/strong> BGD   -3<p>Product <strong>C&#7888;C &#272;O T&#7926; TR&#7884;NG BIUGED MODEL BGD 296\/5<\/strong> ch&iacute;nh h&atilde;ng. C&#7889;c &#272;o T&#7927; Tr&#7885;ng BGD 296\/5&nbsp;l&agrave; thi&#7871;t b&#7883; chuy&ecirc;n d&#7909;ng &#273;&#7875; x&aacute;c &#273;&#7883;nh tr&#7885;ng l&#432;&#7907;ng ri&ecirc;ng c&#7911;a s&#417;n v&agrave; c&aacute;c ch&#7845;t l&#7887;ng kh&aacute;c theo &#273;&#417;n v&#7883; th&#7875; t&iacute;ch &#7903; m&#7897;t nhi&#7879;t &#273;&#7897; nh&#7845;t &#273;&#7883;nh. BGD 296\/5&nbsp;gi&uacute;p &#273;&#7843;m b&#7843;o s&#7921; &#273;&#7891;ng nh&#7845;t v&#7873; ch&#7845;t l&#432;&#7907;ng s&#7843;n ph&#7849;m, h&#7895; tr&#7907; ki&#7875;m tra, ki&#7875;m so&aacute;t qu&aacute; tr&igrave;nh s&#7843;n xu&#7845;t v&agrave; &#273;&aacute;p &#7913;ng c&aacute;c ti&ecirc;u chu&#7849;n qu&#7889;c t&#7871; kh&#7855;t khe nh&#432; DIN 53217, ISO 2811-1 v&agrave; BS 3900 A19.<\/p><\/p>","protected":false},"featured_media":9387,"comment_status":"open","ping_status":"closed","template":"","meta":[],"product_brand":[],"product_cat":[18],"product_tag":[116,181,218,219,319,625,697,764],"class_list":{"0":"post-6169","1":"product","2":"type-product","3":"status-publish","4":"has-post-thumbnail","6":"product_cat-chua-phan-loai","7":"product_tag-model","8":"product_tag-do","9":"product_tag-biuged","10":"product_tag-bgd","11":"product_tag-trong","12":"product_tag-ty","13":"product_tag-coc","14":"product_tag-296-5","16":"first","17":"instock","18":"shipping-taxable","19":"product-type-simple"},"yoast_head":"<!-- This site is optimized with the Yoast SEO Premium plugin v24.8 (Yoast SEO v24.8) - https:\/\/yoast.com\/wordpress\/plugins\/seo\/ -->\n<title>C\u1ed0C \u0110O T\u1ef6 TR\u1eccNG BIUGED MODEL BGD 296\/5 ch\u00ednh h\u00e3ng | V\u1ea1n N\u0103ng<\/title>\n<meta name=\"description\" content=\"Mua ngay C\u1ed0C \u0110O T\u1ef6 TR\u1eccNG BIUGED MODEL BGD 296\/5 ch\u00ednh h\u00e3ng. Gi\u00e1 t\u1ed1t!\" \/>\n<meta name=\"robots\" content=\"noindex, follow, max-snippet:-1, max-image-preview:large, max-video-preview:-1\" \/>\n<meta property=\"og:locale\" content=\"en_US\" \/>\n<meta property=\"og:type\" content=\"article\" \/>\n<meta property=\"og:title\" content=\"C\u1ed0C \u0110O T\u1ef6 TR\u1eccNG BIUGED MODEL BGD 296\/5\" \/>\n<meta property=\"og:description\" content=\"Mua ngay C\u1ed0C \u0110O T\u1ef6 TR\u1eccNG BIUGED MODEL BGD 296\/5 ch\u00ednh h\u00e3ng. Gi\u00e1 t\u1ed1t!\" \/>\n<meta property=\"og:url\" content=\"https:\/\/vannangvn.123websitedev.com\/en\/product\/coc-do-ty-trong-biuged-model-bgd-296-5\/\" \/>\n<meta property=\"og:site_name\" content=\"Vannang.vn\" \/>\n<meta property=\"article:modified_time\" content=\"2026-03-30T11:14:07+00:00\" \/>\n<meta property=\"og:image\" content=\"http:\/\/vannangvn.123websitedev.com\/wp-content\/uploads\/2026\/03\/COC-DO-DO-NHOT-BIUGED-1-copy.jpg\" \/>\n\t<meta property=\"og:image:width\" content=\"768\" \/>\n\t<meta property=\"og:image:height\" content=\"576\" \/>\n\t<meta property=\"og:image:type\" content=\"image\/jpeg\" \/>\n<meta name=\"twitter:card\" content=\"summary_large_image\" \/>\n<meta name=\"twitter:label1\" content=\"Est. reading time\" \/>\n\t<meta name=\"twitter:data1\" content=\"9 minutes\" \/>\n<script type=\"application\/ld+json\" class=\"yoast-schema-graph\">{\"@context\":\"https:\/\/schema.org\",\"@graph\":[{\"@type\":\"WebPage\",\"@id\":\"https:\/\/vannangvn.123websitedev.com\/san-pham\/coc-do-ty-trong-biuged-model-bgd-296-5\/\",\"url\":\"https:\/\/vannangvn.123websitedev.com\/san-pham\/coc-do-ty-trong-biuged-model-bgd-296-5\/\",\"name\":\"C\u1ed0C \u0110O T\u1ef6 TR\u1eccNG BIUGED MODEL BGD 296\/5 ch\u00ednh h\u00e3ng | V\u1ea1n N\u0103ng\",\"isPartOf\":{\"@id\":\"https:\/\/vannangvn.123websitedev.com\/#website\"},\"primaryImageOfPage\":{\"@id\":\"https:\/\/vannangvn.123websitedev.com\/san-pham\/coc-do-ty-trong-biuged-model-bgd-296-5\/#primaryimage\"},\"image\":{\"@id\":\"https:\/\/vannangvn.123websitedev.com\/san-pham\/coc-do-ty-trong-biuged-model-bgd-296-5\/#primaryimage\"},\"thumbnailUrl\":\"https:\/\/vannangvn.123websitedev.com\/wp-content\/uploads\/2026\/03\/COC-DO-DO-NHOT-BIUGED-1-copy.jpg\",\"datePublished\":\"2026-03-20T10:23:26+00:00\",\"dateModified\":\"2026-03-30T11:14:07+00:00\",\"description\":\"Mua ngay C\u1ed0C \u0110O T\u1ef6 TR\u1eccNG BIUGED MODEL BGD 296\/5 ch\u00ednh h\u00e3ng. Gi\u00e1 t\u1ed1t!\",\"breadcrumb\":{\"@id\":\"https:\/\/vannangvn.123websitedev.com\/san-pham\/coc-do-ty-trong-biuged-model-bgd-296-5\/#breadcrumb\"},\"inLanguage\":\"en-US\",\"potentialAction\":[{\"@type\":\"ReadAction\",\"target\":[\"https:\/\/vannangvn.123websitedev.com\/san-pham\/coc-do-ty-trong-biuged-model-bgd-296-5\/\"]}]},{\"@type\":\"ImageObject\",\"inLanguage\":\"en-US\",\"@id\":\"https:\/\/vannangvn.123websitedev.com\/san-pham\/coc-do-ty-trong-biuged-model-bgd-296-5\/#primaryimage\",\"url\":\"https:\/\/vannangvn.123websitedev.com\/wp-content\/uploads\/2026\/03\/COC-DO-DO-NHOT-BIUGED-1-copy.jpg\",\"contentUrl\":\"https:\/\/vannangvn.123websitedev.com\/wp-content\/uploads\/2026\/03\/COC-DO-DO-NHOT-BIUGED-1-copy.jpg\",\"width\":768,\"height\":576},{\"@type\":\"BreadcrumbList\",\"@id\":\"https:\/\/vannangvn.123websitedev.com\/san-pham\/coc-do-ty-trong-biuged-model-bgd-296-5\/#breadcrumb\",\"itemListElement\":[{\"@type\":\"ListItem\",\"position\":1,\"name\":\"Trang ch\u1ee7\",\"item\":\"https:\/\/vannangvn.123websitedev.com\/\"},{\"@type\":\"ListItem\",\"position\":2,\"name\":\"S\u1ea3n ph\u1ea9m\",\"item\":\"https:\/\/vannangvn.123websitedev.com\/cua-hang\/\"},{\"@type\":\"ListItem\",\"position\":3,\"name\":\"C\u1ed0C \u0110O T\u1ef6 TR\u1eccNG BIUGED MODEL BGD 296\/5\"}]},{\"@type\":\"WebSite\",\"@id\":\"https:\/\/vannangvn.123websitedev.com\/#website\",\"url\":\"https:\/\/vannangvn.123websitedev.com\/\",\"name\":\"Vannang.vn\",\"description\":\"\",\"publisher\":{\"@id\":\"https:\/\/vannangvn.123websitedev.com\/#organization\"},\"potentialAction\":[{\"@type\":\"SearchAction\",\"target\":{\"@type\":\"EntryPoint\",\"urlTemplate\":\"https:\/\/vannangvn.123websitedev.com\/?s={search_term_string}\"},\"query-input\":{\"@type\":\"PropertyValueSpecification\",\"valueRequired\":true,\"valueName\":\"search_term_string\"}}],\"inLanguage\":\"en-US\"},{\"@type\":\"Organization\",\"@id\":\"https:\/\/vannangvn.123websitedev.com\/#organization\",\"name\":\"Vannang.vn\",\"url\":\"https:\/\/vannangvn.123websitedev.com\/\",\"logo\":{\"@type\":\"ImageObject\",\"inLanguage\":\"en-US\",\"@id\":\"https:\/\/vannangvn.123websitedev.com\/#\/schema\/logo\/image\/\",\"url\":\"https:\/\/vannangvn.123websitedev.com\/wp-content\/uploads\/2026\/02\/logo-van-nang-02.png\",\"contentUrl\":\"https:\/\/vannangvn.123websitedev.com\/wp-content\/uploads\/2026\/02\/logo-van-nang-02.png\",\"width\":448,\"height\":111,\"caption\":\"Vannang.vn\"},\"image\":{\"@id\":\"https:\/\/vannangvn.123websitedev.com\/#\/schema\/logo\/image\/\"}}]}<\/script>\n<!-- \/ Yoast SEO Premium plugin. -->","yoast_head_json":{"title":"C\u1ed0C \u0110O T\u1ef6 TR\u1eccNG BIUGED MODEL BGD 296\/5 ch\u00ednh h\u00e3ng | V\u1ea1n N\u0103ng","description":"Mua ngay C\u1ed0C \u0110O T\u1ef6 TR\u1eccNG BIUGED MODEL BGD 296\/5 ch\u00ednh h\u00e3ng. Gi\u00e1 t\u1ed1t!","robots":{"index":"noindex","follow":"follow","max-snippet":"max-snippet:-1","max-image-preview":"max-image-preview:large","max-video-preview":"max-video-preview:-1"},"og_locale":"en_US","og_type":"article","og_title":"C\u1ed0C \u0110O T\u1ef6 TR\u1eccNG BIUGED MODEL BGD 296\/5","og_description":"Mua ngay C\u1ed0C \u0110O T\u1ef6 TR\u1eccNG BIUGED MODEL BGD 296\/5 ch\u00ednh h\u00e3ng. Gi\u00e1 t\u1ed1t!","og_url":"https:\/\/vannangvn.123websitedev.com\/en\/product\/coc-do-ty-trong-biuged-model-bgd-296-5\/","og_site_name":"Vannang.vn","article_modified_time":"2026-03-30T11:14:07+00:00","og_image":[{"width":768,"height":576,"url":"http:\/\/vannangvn.123websitedev.com\/wp-content\/uploads\/2026\/03\/COC-DO-DO-NHOT-BIUGED-1-copy.jpg","type":"image\/jpeg"}],"twitter_card":"summary_large_image","twitter_misc":{"Est. reading time":"9 minutes"},"schema":{"@context":"https:\/\/schema.org","@graph":[{"@type":"WebPage","@id":"https:\/\/vannangvn.123websitedev.com\/san-pham\/coc-do-ty-trong-biuged-model-bgd-296-5\/","url":"https:\/\/vannangvn.123websitedev.com\/san-pham\/coc-do-ty-trong-biuged-model-bgd-296-5\/","name":"C\u1ed0C \u0110O T\u1ef6 TR\u1eccNG BIUGED MODEL BGD 296\/5 ch\u00ednh h\u00e3ng | V\u1ea1n N\u0103ng","isPartOf":{"@id":"https:\/\/vannangvn.123websitedev.com\/#website"},"primaryImageOfPage":{"@id":"https:\/\/vannangvn.123websitedev.com\/san-pham\/coc-do-ty-trong-biuged-model-bgd-296-5\/#primaryimage"},"image":{"@id":"https:\/\/vannangvn.123websitedev.com\/san-pham\/coc-do-ty-trong-biuged-model-bgd-296-5\/#primaryimage"},"thumbnailUrl":"https:\/\/vannangvn.123websitedev.com\/wp-content\/uploads\/2026\/03\/COC-DO-DO-NHOT-BIUGED-1-copy.jpg","datePublished":"2026-03-20T10:23:26+00:00","dateModified":"2026-03-30T11:14:07+00:00","description":"Mua ngay C\u1ed0C \u0110O T\u1ef6 TR\u1eccNG BIUGED MODEL BGD 296\/5 ch\u00ednh h\u00e3ng. Gi\u00e1 t\u1ed1t!","breadcrumb":{"@id":"https:\/\/vannangvn.123websitedev.com\/san-pham\/coc-do-ty-trong-biuged-model-bgd-296-5\/#breadcrumb"},"inLanguage":"en-US","potentialAction":[{"@type":"ReadAction","target":["https:\/\/vannangvn.123websitedev.com\/san-pham\/coc-do-ty-trong-biuged-model-bgd-296-5\/"]}]},{"@type":"ImageObject","inLanguage":"en-US","@id":"https:\/\/vannangvn.123websitedev.com\/san-pham\/coc-do-ty-trong-biuged-model-bgd-296-5\/#primaryimage","url":"https:\/\/vannangvn.123websitedev.com\/wp-content\/uploads\/2026\/03\/COC-DO-DO-NHOT-BIUGED-1-copy.jpg","contentUrl":"https:\/\/vannangvn.123websitedev.com\/wp-content\/uploads\/2026\/03\/COC-DO-DO-NHOT-BIUGED-1-copy.jpg","width":768,"height":576},{"@type":"BreadcrumbList","@id":"https:\/\/vannangvn.123websitedev.com\/san-pham\/coc-do-ty-trong-biuged-model-bgd-296-5\/#breadcrumb","itemListElement":[{"@type":"ListItem","position":1,"name":"Trang ch\u1ee7","item":"https:\/\/vannangvn.123websitedev.com\/"},{"@type":"ListItem","position":2,"name":"S\u1ea3n ph\u1ea9m","item":"https:\/\/vannangvn.123websitedev.com\/cua-hang\/"},{"@type":"ListItem","position":3,"name":"C\u1ed0C \u0110O T\u1ef6 TR\u1eccNG BIUGED MODEL BGD 296\/5"}]},{"@type":"WebSite","@id":"https:\/\/vannangvn.123websitedev.com\/#website","url":"https:\/\/vannangvn.123websitedev.com\/","name":"Vannang.vn","description":"","publisher":{"@id":"https:\/\/vannangvn.123websitedev.com\/#organization"},"potentialAction":[{"@type":"SearchAction","target":{"@type":"EntryPoint","urlTemplate":"https:\/\/vannangvn.123websitedev.com\/?s={search_term_string}"},"query-input":{"@type":"PropertyValueSpecification","valueRequired":true,"valueName":"search_term_string"}}],"inLanguage":"en-US"},{"@type":"Organization","@id":"https:\/\/vannangvn.123websitedev.com\/#organization","name":"Vannang.vn","url":"https:\/\/vannangvn.123websitedev.com\/","logo":{"@type":"ImageObject","inLanguage":"en-US","@id":"https:\/\/vannangvn.123websitedev.com\/#\/schema\/logo\/image\/","url":"https:\/\/vannangvn.123websitedev.com\/wp-content\/uploads\/2026\/02\/logo-van-nang-02.png","contentUrl":"https:\/\/vannangvn.123websitedev.com\/wp-content\/uploads\/2026\/02\/logo-van-nang-02.png","width":448,"height":111,"caption":"Vannang.vn"},"image":{"@id":"https:\/\/vannangvn.123websitedev.com\/#\/schema\/logo\/image\/"}}]}},"_links":{"self":[{"href":"https:\/\/vannangvn.123websitedev.com\/en\/wp-json\/wp\/v2\/product\/6169","targetHints":{"allow":["GET"]}}],"collection":[{"href":"https:\/\/vannangvn.123websitedev.com\/en\/wp-json\/wp\/v2\/product"}],"about":[{"href":"https:\/\/vannangvn.123websitedev.com\/en\/wp-json\/wp\/v2\/types\/product"}],"replies":[{"embeddable":true,"href":"https:\/\/vannangvn.123websitedev.com\/en\/wp-json\/wp\/v2\/comments?post=6169"}],"wp:featuredmedia":[{"embeddable":true,"href":"https:\/\/vannangvn.123websitedev.com\/en\/wp-json\/wp\/v2\/media\/9387"}],"wp:attachment":[{"href":"https:\/\/vannangvn.123websitedev.com\/en\/wp-json\/wp\/v2\/media?parent=6169"}],"wp:term":[{"taxonomy":"product_brand","embeddable":true,"href":"https:\/\/vannangvn.123websitedev.com\/en\/wp-json\/wp\/v2\/product_brand?post=6169"},{"taxonomy":"product_cat","embeddable":true,"href":"https:\/\/vannangvn.123websitedev.com\/en\/wp-json\/wp\/v2\/product_cat?post=6169"},{"taxonomy":"product_tag","embeddable":true,"href":"https:\/\/vannangvn.123websitedev.com\/en\/wp-json\/wp\/v2\/product_tag?post=6169"}],"curies":[{"name":"wp","href":"https:\/\/api.w.org\/{rel}","templated":true}]}}