{"id":6171,"date":"2026-03-20T17:23:28","date_gmt":"2026-03-20T10:23:28","guid":{"rendered":"https:\/\/vannangvn.123websitedev.com\/san-pham\/combo-thiet-bi-xu-ly-bot-mi-tinh-bot\/"},"modified":"2026-03-30T18:14:12","modified_gmt":"2026-03-30T11:14:12","slug":"combo-thiet-bi-xu-ly-bot-mi-tinh-bot","status":"publish","type":"product","link":"https:\/\/vannangvn.123websitedev.com\/en\/product\/combo-thiet-bi-xu-ly-bot-mi-tinh-bot\/","title":{"rendered":"COMBO THI\u1ebeT B\u1eca X\u1eec L\u00dd B\u1ed8T M\u00cc (TINH B\u1ed8T)"},"content":{"rendered":"<h1 style=\"color: red; font-weight: bold; font-size: 24px;\">T&#7893;ng quan s&#7843;n ph&#7849;m COMBO THI&#7870;T B&#7882; X&#7916; L&Yacute; B&#7896;T M&Igrave; (TINH B&#7896;T)<p>Combo 4 M&aacute;y Ki&#7875;m Tra, &#272;&aacute;nh Gi&aacute; Ch&#7845;t L&#432;&#7907;ng Tinh B&#7897;t Chu&#7849;n Qu&#7889;c T&#7871;<br>\nVi&#7879;c ki&#7875;m so&aacute;t ch&#7845;t l&#432;&#7907;ng b&#7897;t m&igrave; v&agrave; tinh b&#7897;t trong ng&agrave;nh s&#7843;n xu&#7845;t th&#7921;c ph&#7849;m nh&#432; b&aacute;nh m&igrave;, m&igrave;, v&agrave; nui l&agrave; m&#7897;t y&#7871;u t&#7889; c&#7921;c k&#7923; quan tr&#7885;ng. &#272;&#7875; &#273;&#7843;m b&#7843;o s&#7843;n ph&#7849;m &#273;&#7841;t chu&#7849;n ch&#7845;t l&#432;&#7907;ng, c&aacute;c nh&agrave; s&#7843;n xu&#7845;t nguy&ecirc;n li&#7879;u v&agrave; th&#7921;c ph&#7849;m l&#7899;n &#273;&#7873;u s&#7917; d&#7909;ng nh&#7919;ng thi&#7871;t b&#7883; &#273;o l&#432;&#7901;ng ti&ecirc;n ti&#7871;n. D&#432;&#7899;i &#273;&acirc;y l&agrave; combo 4 m&aacute;y x&#7917; l&yacute; b&#7897;t m&igrave; chuy&ecirc;n d&#7909;ng t&#7915; h&atilde;ng Anton Paar Brabender m&agrave; c&aacute;c &#273;&#417;n v&#7883; s&#7843;n xu&#7845;t uy t&iacute;n tin d&ugrave;ng:<br>\n1. M&aacute;y &#272;o &#272;&#7897; H&#7845;p Thu N&#432;&#7899;c C&#7911;a B&#7897;t M&igrave; Anton Paar Brabender FarinoGraph<br>\nFarinoGraph l&agrave; thi&#7871;t b&#7883; chuy&ecirc;n d&#7909;ng &#273;&#7875; &#273;o &#273;&#7897; h&#7845;p thu n&#432;&#7899;c c&#7911;a b&#7897;t m&igrave;. &#272;i&#7873;u n&agrave;y r&#7845;t quan tr&#7885;ng trong qu&aacute; tr&igrave;nh s&#7843;n xu&#7845;t v&igrave; n&oacute; gi&uacute;p x&aacute;c &#273;&#7883;nh l&#432;&#7907;ng n&#432;&#7899;c c&#7847;n thi&#7871;t &#273;&#7875; b&#7897;t m&igrave; &#273;&#7841;t &#273;&#432;&#7907;c &#273;&#7897; k&#7871;t d&iacute;nh t&#7889;t nh&#7845;t. Khi b&#7897;t m&igrave; c&oacute; &#273;&#7897; h&#7845;p thu n&#432;&#7899;c ph&ugrave; h&#7907;p, b&aacute;nh m&igrave; hay m&igrave; s&#7907;i s&#7869; &#273;&#7841;t &#273;&#432;&#7907;c &#273;&#7897; dai v&agrave; m&#7873;m m&#7883;n nh&#432; mong mu&#7889;n.<\/p><h2 style=\"color: #2e7d32; font-weight: bold; font-size: 20px;\">&#272;&#7863;c &#273;i&#7875;m n&#7893;i b&#7853;t:<\/h2><p>&ndash; &#272;o ch&iacute;nh x&aacute;c kh&#7843; n&#259;ng h&#7845;p thu n&#432;&#7899;c.<br>\n&ndash; Cung c&#7845;p th&ocirc;ng tin v&#7873; t&iacute;nh &#273;&agrave;n h&#7891;i c&#7911;a b&#7897;t khi tr&#7897;n.<br>\n&ndash; Gi&uacute;p t&#7889;i &#432;u h&oacute;a quy tr&igrave;nh s&#7843;n xu&#7845;t, gi&#7843;m l&atilde;ng ph&iacute; nguy&ecirc;n li&#7879;u.<\/p><p>2. M&aacute;y &#272;o &#272;&#7897; Dai C&#7911;a B&#7897;t Nh&agrave;o Anton Paar Brabender Extensograph-E<br>\nExtensograph-E &#273;o l&#432;&#7901;ng &#273;&#7897; dai v&agrave; t&iacute;nh &#273;&agrave;n h&#7891;i c&#7911;a b&#7897;t nh&agrave;o, t&#7915; &#273;&oacute; gi&uacute;p &#273;i&#7873;u ch&#7881;nh c&ocirc;ng th&#7913;c s&#7843;n xu&#7845;t b&#7897;t &#273;&#7875; &#273;&#7843;m b&#7843;o &#273;&#7897; gi&atilde;n n&#7903; t&#7889;t. &#272;i&#7873;u n&agrave;y c&#7921;c k&#7923; quan tr&#7885;ng &#273;&#7889;i v&#7899;i nh&#7919;ng s&#7843;n ph&#7849;m nh&#432; m&igrave; s&#7907;i, nui hay b&aacute;nh m&igrave;, n&#417;i m&agrave; &#273;&#7897; dai c&#7911;a b&#7897;t quy&#7871;t &#273;&#7883;nh ch&#7845;t l&#432;&#7907;ng cu&#7889;i c&ugrave;ng c&#7911;a s&#7843;n ph&#7849;m.<\/p><h2 style=\"color: #2e7d32; font-weight: bold; font-size: 20px;\">&#272;&#7863;c &#273;i&#7875;m n&#7893;i b&#7853;t:<\/h2><p>&ndash; &#272;&aacute;nh gi&aacute; &#273;&#7897; d&#7867;o v&agrave; &#273;&#7897; dai c&#7911;a b&#7897;t m&igrave;.<br>\n&ndash; Gi&uacute;p d&#7921; &#273;o&aacute;n t&iacute;nh ch&#7845;t s&#7843;n ph&#7849;m sau khi n&#432;&#7899;ng ho&#7863;c h&#7845;p.<br>\n&ndash; Cung c&#7845;p d&#7919; li&#7879;u &#273;&#7875; c&#7843;i thi&#7879;n c&ocirc;ng th&#7913;c pha tr&#7897;n b&#7897;t.<\/p><p>3. M&aacute;y &#272;o &#272;&#7897; Nh&#7899;t B&#7897;t M&igrave; Ti&ecirc;u Chu&#7849;n Anton Paar Brabender Amylograph-E<br>\nAmylograph-E chuy&ecirc;n d&ugrave;ng &#273;&#7875; &#273;o &#273;&#7897; nh&#7899;t c&#7911;a b&#7897;t m&igrave;, gi&uacute;p c&aacute;c nh&agrave; s&#7843;n xu&#7845;t hi&#7875;u r&otilde; h&#417;n v&#7873; t&iacute;nh ch&#7845;t tinh b&#7897;t v&agrave; &#7843;nh h&#432;&#7903;ng c&#7911;a nhi&#7879;t &#273;&#7897; l&ecirc;n c&#7845;u tr&uacute;c b&#7897;t. Vi&#7879;c ki&#7875;m so&aacute;t &#273;&#7897; nh&#7899;t gi&uacute;p &#273;&#7843;m b&#7843;o s&#7843;n ph&#7849;m cu&#7889;i c&ugrave;ng c&oacute; k&#7871;t c&#7845;u ho&agrave;n h&#7843;o.<\/p><h2 style=\"color: #2e7d32; font-weight: bold; font-size: 20px;\">&#272;&#7863;c &#273;i&#7875;m n&#7893;i b&#7853;t:<\/h2><p>&ndash; &#272;o l&#432;&#7901;ng qu&aacute; tr&igrave;nh h&#7891; h&oacute;a c&#7911;a tinh b&#7897;t.<br>\n&ndash; Gi&uacute;p x&aacute;c &#273;&#7883;nh nhi&#7879;t &#273;&#7897; v&agrave; th&#7901;i gian l&yacute; t&#432;&#7903;ng trong qu&aacute; tr&igrave;nh n&#7845;u ch&iacute;n.<br>\n&ndash; Ph&ugrave; h&#7907;p cho c&#7843; s&#7843;n xu&#7845;t m&igrave; s&#7907;i, b&aacute;nh m&igrave;, v&agrave; c&aacute;c s&#7843;n ph&#7849;m t&#7915; b&#7897;t.<\/p><p>4. M&aacute;y &#272;o &#272;&#7897; Nh&#7899;t Tinh B&#7897;t Anton Paar Model Brabender Viscograph-E<br>\nViscograph-E l&agrave; thi&#7871;t b&#7883; ti&ecirc;n ti&#7871;n d&ugrave;ng &#273;&#7875; ki&#7875;m tra &#273;&#7897; nh&#7899;t c&#7911;a tinh b&#7897;t trong c&aacute;c &#273;i&#7873;u ki&#7879;n nhi&#7879;t &#273;&#7897; kh&aacute;c nhau. &#272;i&#7873;u n&agrave;y &#273;&#7863;c bi&#7879;t quan tr&#7885;ng trong s&#7843;n xu&#7845;t c&aacute;c s&#7843;n ph&#7849;m nh&#432; m&igrave;, b&aacute;nh, hay c&aacute;c lo&#7841;i th&#7921;c ph&#7849;m c&#7847;n &#273;&#7897; k&#7871;t d&iacute;nh cao. Vi&#7879;c ki&#7875;m tra v&agrave; &#273;i&#7873;u ch&#7881;nh &#273;&#7897; nh&#7899;t gi&uacute;p t&#7889;i &#432;u h&oacute;a ch&#7845;t l&#432;&#7907;ng s&#7843;n ph&#7849;m v&agrave; n&acirc;ng cao hi&#7879;u su&#7845;t s&#7843;n xu&#7845;t.<\/p><h2 style=\"color: #2e7d32; font-weight: bold; font-size: 20px;\">&#272;&#7863;c &#273;i&#7875;m n&#7893;i b&#7853;t:<\/h2><p>&ndash; &#272;o l&#432;&#7901;ng v&agrave; ph&acirc;n t&iacute;ch s&#7921; thay &#273;&#7893;i &#273;&#7897; nh&#7899;t trong qu&aacute; tr&igrave;nh gia nhi&#7879;t.<\/p><h2 style=\"color: #0073aa; font-weight: bold; font-size: 20px;\">&ndash; Ph&acirc;n t&iacute;ch chi ti&#7871;t v&#7873; t&iacute;nh ch&#7845;t tinh b&#7897;t trong c&aacute;c &#273;i&#7873;u ki&#7879;n kh&aacute;c nhau.<\/h2><p>&ndash; Gi&uacute;p nh&agrave; s&#7843;n xu&#7845;t &#273;i&#7873;u ch&#7881;nh quy tr&igrave;nh &#273;&#7875; t&#7841;o ra s&#7843;n ph&#7849;m &#273;&#7891;ng &#273;&#7873;u, ch&#7845;t l&#432;&#7907;ng.<\/p><p>&#7912;ng D&#7909;ng &#272;a D&#7841;ng, Ph&#7893; Bi&#7871;n<br>\nC&aacute;c &#273;&#417;n v&#7883; cung c&#7845;p nguy&ecirc;n li&#7879;u nh&#432; C&ocirc;ng ty TNHH Xay L&uacute;a M&igrave; Vi&#7879;t Nam, C&ocirc;ng ty TNHH Ch&#7871; Bi&#7871;n B&#7897;t M&igrave; Mekong, C&ocirc;ng ty TNHH INTERFLOUR, &hellip; &#273;&atilde; v&agrave; &#273;ang s&#7917; d&#7909;ng c&aacute;c d&ograve;ng m&aacute;y n&agrave;y &#273;&#7875; ki&#7875;m so&aacute;t ch&#7845;t l&#432;&#7907;ng nguy&ecirc;n li&#7879;u b&#7897;t m&igrave; cho doanh nghi&#7879;p m&igrave;nh.<br>\nKh&ocirc;ng ch&#7881; d&#7915;ng l&#7841;i &#7903; c&aacute;c nh&agrave; cung c&#7845;p nguy&ecirc;n li&#7879;u, m&agrave; c&aacute;c c&ocirc;ng ty s&#7843;n xu&#7845;t th&#7921;c ph&#7849;m l&#7899;n nh&#432; Acecook, Masan, v&agrave; Vedan c&#361;ng s&#7917; d&#7909;ng nh&#7919;ng m&aacute;y &#273;o n&agrave;y &#273;&#7875; &#273;&#7843;m b&#7843;o s&#7843;n ph&#7849;m c&#7911;a h&#7885; lu&ocirc;n &#273;&#7841;t chu&#7849;n ch&#7845;t l&#432;&#7907;ng qu&#7889;c t&#7871; c&oacute; th&#7875; xu&#7845;t kh&#7849;u.<\/p><p>L&#7907;i &Iacute;ch Khi S&#7917; D&#7909;ng C&ugrave;ng L&uacute;c Combo 4 M&aacute;y<\/p><p>T&#7889;i &#432;u h&oacute;a quy tr&igrave;nh s&#7843;n xu&#7845;t: C&aacute;c d&#7919; li&#7879;u thu th&#7853;p t&#7915; c&aacute;c m&aacute;y &#273;o s&#7869; gi&uacute;p b&#7841;n &#273;i&#7873;u ch&#7881;nh c&ocirc;ng th&#7913;c v&agrave; quy tr&igrave;nh s&#7843;n xu&#7845;t m&#7897;t c&aacute;ch linh ho&#7841;t, ti&#7871;t ki&#7879;m chi ph&iacute; m&agrave; v&#7851;n &#273;&#7843;m b&#7843;o ch&#7845;t l&#432;&#7907;ng s&#7843;n ph&#7849;m.<br>\n&#272;&#7843;m b&#7843;o ch&#7845;t l&#432;&#7907;ng &#273;&#7891;ng &#273;&#7873;u: S&#7917; d&#7909;ng combo n&agrave;y gi&uacute;p &#273;&#7843;m b&#7843;o s&#7843;n ph&#7849;m cu&#7889;i c&ugrave;ng c&#7911;a b&#7841;n, d&ugrave; l&agrave; b&aacute;nh m&igrave;, m&igrave; hay nui, &#273;&#7873;u c&oacute; &#273;&#7897; k&#7871;t d&iacute;nh, dai, v&agrave; h&#432;&#417;ng v&#7883; tuy&#7879;t v&#7901;i nh&#7845;t.<br>\n&#272;&aacute;p &#7913;ng c&aacute;c ti&ecirc;u chu&#7849;n qu&#7889;c t&#7871;: Nh&#7919;ng thi&#7871;t b&#7883; n&agrave;y gi&uacute;p c&aacute;c nh&agrave; s&#7843;n xu&#7845;t tu&acirc;n th&#7911; c&aacute;c ti&ecirc;u chu&#7849;n ch&#7845;t l&#432;&#7907;ng kh&#7855;t khe, t&#7915; &#273;&oacute; t&#7841;o l&ograve;ng tin cho kh&aacute;ch h&agrave;ng v&agrave; &#273;&#7889;i t&aacute;c.<\/p><p>Nh&#7919;ng L&yacute; Do N&ecirc;n Mua Combo Thi&#7871;t B&#7883; X&#7917; L&yacute; Tinh B&#7897;t T&#7841;i Thi&#7871;t B&#7883; C&ocirc;ng Ngh&#7879; V&#7841;n N&#259;ng<\/p><p>C&ocirc;ng ty Thi&#7871;t B&#7883; C&ocirc;ng Ngh&#7879; V&#7841;n N&#259;ng l&agrave; &#273;&#7889;i t&aacute;c ch&iacute;nh th&#7913;c ph&acirc;n ph&#7889;i ComBo Thi&#7871;t B&#7883; X&#7917; L&yacute; Tinh B&#7897;t Brabender Anton Paar h&agrave;ng &#273;&#7847;u t&#7841;i Vi&#7879;t Nam, cam k&#7871;t cung c&#7845;p s&#7843;n ph&#7849;m ch&iacute;nh h&atilde;ng v&#7899;i gi&aacute; c&#7843; c&#7841;nh tranh nh&#7845;t th&#7883; tr&#432;&#7901;ng. V&#7899;i uy t&iacute;n tr&ecirc;n th&#7883; tr&#432;&#7901;ng v&agrave; ch&#7871; &#273;&#7897; h&#7851;u m&atilde;i t&#7889;t, Thi&#7871;t B&#7883; C&ocirc;ng Ngh&#7879; V&#7841;n N&#259;ng &#273;&atilde; nh&#7853;n &#273;&#432;&#7907;c s&#7921; tin t&#432;&#7903;ng t&#7915; kh&aacute;ch h&agrave;ng nh&#7901; v&agrave;o ch&#7845;t l&#432;&#7907;ng h&agrave;ng &#273;&#7847;u c&#7911;a c&aacute;c d&ograve;ng s&#7843;n ph&#7849;m.<br>\nS&#7843;n ph&#7849;m c&#7911;a ch&uacute;ng t&ocirc;i &#273;&#432;&#7907;c ki&#7875;m &#273;&#7883;nh ch&#7845;t l&#432;&#7907;ng, nh&#7853;p kh&#7849;u tr&#7921;c ti&#7871;p t&#7915; nh&agrave; m&aacute;y b&ecirc;n Ch&acirc;u &Acirc;u, M&#7929;, &Uacute;c, Nh&#7853;t B&#7843;n,&hellip; v&agrave; &#273;&aacute;p &#7913;ng nhu c&#7847;u &#273;a d&#7841;ng c&#7911;a th&#7883; tr&#432;&#7901;ng nh&#432;: M&aacute;y &#272;o &#272;&#7897; C&#7913;ng, M&aacute;y SPECTROMAXx, M&aacute;y Ki&#7875;m Tra &#272;&#7897; B&#7873;n S&#417;n,&hellip; Ch&uacute;ng t&ocirc;i cam k&#7871;t cung c&#7845;p s&#7843;n ph&#7849;m n&agrave;y tr&ecirc;n to&agrave;n qu&#7889;c v&#7899;i gi&aacute; c&#7843; c&#7841;nh tranh nh&#7845;t.<br>\nCh&uacute;ng t&ocirc;i c&oacute; &#273;&#7897;i ng&#361; chuy&ecirc;n vi&ecirc;n t&#432; v&#7845;n chuy&ecirc;n s&acirc;u s&#7869; h&#7895; tr&#7907; kh&aacute;ch h&agrave;ng v&#7873; chi ti&#7871;t s&#7843;n ph&#7849;m, h&#432;&#7899;ng d&#7851;n s&#7917; d&#7909;ng hay nh&#7919;ng th&#7913; li&ecirc;n quan &#273;&#7871;n v&#7845;n &#273;&#7873; m&agrave; doanh nghi&#7879;p b&#7841;n &#273;ang g&#7863;p ph&#7843;i. Ch&uacute;ng t&ocirc;i s&#7869; cung c&#7845;p nh&#7919;ng gi&#7843;i ph&aacute;p t&#7889;i &#432;u nh&#7845;t!<br>\nNgo&agrave;i ra Thi&#7871;t B&#7883; C&ocirc;ng Ngh&#7879; V&#7841;n N&#259;ng Ch&uacute;ng T&ocirc;i lu&ocirc;n h&#432;&#7899;ng &#273;&#7871;n tr&#7843;i nghi&#7879;m kh&aacute;ch h&agrave;ng, v&igrave; v&#7853;y ch&uacute;ng t&ocirc;i c&oacute; nh&#7919;ng ch&iacute;nh s&aacute;ch b&#7843;o h&agrave;nh, b&#7843;o tr&igrave; &ndash; b&#7843;o d&#432;&#7905;ng, hi&#7879;u chu&#7849;n v&#7899;i t&#7845;t c&#7843; c&aacute;c thi&#7871;t b&#7883;, m&aacute;y m&oacute;c m&agrave; ch&uacute;ng t&ocirc;i cung c&#7845;p. &#272;&#7843;m b&#7843;o mang &#273;&#7871;n cho Kh&aacute;ch h&agrave;ng s&#7921; y&ecirc;n t&acirc;m tuy&#7879;t &#273;&#7889;i v&#7873; d&#7883;ch v&#7909; khi mua h&agrave;ng.<\/p><p>Combo 4 M&aacute;y Ki&#7875;m Tra Ch&#7845;t L&#432;&#7907;ng B&#7897;t M&igrave; &#273;&#7871;n t&#7915; th&#432;&#417;ng hi&#7879;u n&#7893;i ti&#7871;ng Ch&acirc;u &Acirc;u &ndash; Anton Paar Brabender &#273;ang &#273;&#432;&#7907;c C&ocirc;ng Ty V&#7841;n N&#259;ng b&aacute;n v&#7899;i m&#7913;c gi&aacute; c&#7841;nh tranh nh&#7845;t th&#7883; tr&#432;&#7901;ng. Li&ecirc;n h&#7879; ngay Hotline\/Zalo: <a href=\"https:\/\/zalo.me\/0903991335\" target=\"_blank\" rel=\"noopener\" style=\"color: #059669; font-weight: bold; text-decoration: none;\">0903 991 335<\/a> &#273;&#7875; &#273;&#432;&#7907;c t&#432; v&#7845;n chi ti&#7871;t v&agrave; nh&#7853;n ngay nh&#7919;ng &#432;u &#273;&atilde;i h&#7845;p d&#7851;n nh&#7845;t h&ocirc;m nay!!!<\/p><div style=\"background-color: #f8fafc; border: 1px solid #e2e8f0; border-radius: 8px; padding: 25px; max-width: 800px; margin: 30px auto; color: #334155; line-height: 1.8; font-size: 17px; box-shadow: 0 4px 6px -1px rgba(0,0,0,0.05); text-align: left; clear: both;\">\nC&ocirc;ng ty TNHH Th&#432;&#417;ng M&#7841;i D&#7883;ch V&#7909; Thi&#7871;t B&#7883; C&ocirc;ng Ngh&#7879; V&#7841;n N&#259;ng\n<p style=\"margin: 0 0 10px 0;\">&#128205; <strong style=\"color: #1e293b;\">&#272;&#7883;a ch&#7881;:<\/strong> <a style=\"color: #059669; text-decoration: none; font-weight: bold;\" href=\"https:\/\/www.google.com\/maps\/search\/C%C3%B4ng+ty+TNHH+Th%C6%B0%C6%A1ng+M%E1%BA%A1i+D%E1%BB%8Bch+V%E1%BB%A5+Thi%E1%BA%BFt+B%E1%BB%8B+C%C3%B4ng+Ngh%E1%BB%87+V%E1%BA%A1n+N%C4%83ng+818+Tr%C6%B0%E1%BB%9Dng+Chinh\" target=\"_blank\" rel=\"noopener\">818 Tr&#432;&#7901;ng Chinh, Ph&#432;&#7901;ng T&acirc;n S&#417;n, Th&agrave;nh ph&#7889; H&#7891; Ch&iacute; Minh, Vi&#7879;t Nam<\/a><\/p>\n<p style=\"margin: 0 0 10px 0;\">&#128222; <strong style=\"color: #1e293b;\">S&#272;T &ndash; Zalo:<\/strong> <a style=\"color: #059669; text-decoration: none; font-weight: bold;\" href=\"https:\/\/zalo.me\/0903991335\" target=\"_blank\" rel=\"noopener\">0903 991 335<\/a> <span style=\"color: #64748b; font-style: italic;\">(Ms. H&#7841;nh &ndash; Gi&aacute;m &#272;&#7889;c Kinh Doanh)<\/span><\/p>\n<p style=\"margin: 0;\">&#9993;&#65039; <strong style=\"color: #1e293b;\">Email:<\/strong> <a style=\"color: #059669; text-decoration: none; font-weight: bold;\" href=\"mailto:hienhanh@vannangvn.com\">hienhanh@vannangvn.com<\/a><\/p>\n<\/div><\/h1>","protected":false},"excerpt":{"rendered":"<p><strong>Th&#432;&#417;ng hi&#7879;u:<\/strong> Combo thi&#7871;t b&#7883; ki&#7875;m tra c&aacute;c ch&#7881; ti&ecirc;u v&#7873; tinh b&#7897;t &#273;&#432;&#7907;c c&aacute;c c&ocirc;ng ty l&#7899;n tin d&ugrave;ng &#273;ang c&oacute; m&#7913;c gi&aacute; c&#7921;c h&#7845;p d&#7851;n t&#7841;i V&#7841;n N&#259;ng.<br>\n<strong>Model:<\/strong> Combo X&#7917; L&yacute; B&#7897;t M&igrave;<p>Product <strong>COMBO THI&#7870;T B&#7882; X&#7916; L&Yacute; B&#7896;T M&Igrave; (TINH B&#7896;T)<\/strong> ch&iacute;nh h&atilde;ng. Combo thi&#7871;t b&#7883; ki&#7875;m tra c&aacute;c ch&#7881; ti&ecirc;u v&#7873; tinh b&#7897;t &#273;&#432;&#7907;c c&aacute;c c&ocirc;ng ty l&#7899;n tin d&ugrave;ng &#273;ang c&oacute; m&#7913;c gi&aacute; c&#7921;c h&#7845;p d&#7851;n t&#7841;i V&#7841;n N&#259;ng.<\/p><\/p>","protected":false},"featured_media":0,"comment_status":"open","ping_status":"closed","template":"","meta":[],"product_brand":[],"product_cat":[18],"product_tag":[335,460,767,768,769,770,771,772,773],"class_list":{"0":"post-6171","1":"product","2":"type-product","3":"status-publish","5":"product_cat-chua-phan-loai","6":"product_tag-mi","7":"product_tag-ly","8":"product_tag-combo","9":"product_tag-thiet","10":"product_tag-bi","11":"product_tag-xu","12":"product_tag-bot","13":"product_tag-tinh-2","14":"product_tag-bot-2","16":"first","17":"instock","18":"shipping-taxable","19":"product-type-simple"},"yoast_head":"<!-- This site is optimized with the Yoast SEO Premium plugin v24.8 (Yoast SEO v24.8) - https:\/\/yoast.com\/wordpress\/plugins\/seo\/ -->\n<title>COMBO THI\u1ebeT B\u1eca X\u1eec L\u00dd B\u1ed8T M\u00cc (TINH B\u1ed8T) ch\u00ednh h\u00e3ng | V\u1ea1n N\u0103ng<\/title>\n<meta name=\"description\" content=\"Mua ngay COMBO THI\u1ebeT B\u1eca X\u1eec L\u00dd B\u1ed8T M\u00cc (TINH B\u1ed8T) ch\u00ednh h\u00e3ng. Gi\u00e1 t\u1ed1t!\" \/>\n<meta name=\"robots\" content=\"noindex, follow, max-snippet:-1, max-image-preview:large, max-video-preview:-1\" \/>\n<meta property=\"og:locale\" content=\"en_US\" \/>\n<meta property=\"og:type\" content=\"article\" \/>\n<meta property=\"og:title\" content=\"COMBO THI\u1ebeT B\u1eca X\u1eec L\u00dd B\u1ed8T M\u00cc (TINH B\u1ed8T)\" \/>\n<meta property=\"og:description\" content=\"Mua ngay COMBO THI\u1ebeT B\u1eca X\u1eec L\u00dd B\u1ed8T M\u00cc (TINH B\u1ed8T) ch\u00ednh h\u00e3ng. Gi\u00e1 t\u1ed1t!\" \/>\n<meta property=\"og:url\" content=\"https:\/\/vannangvn.123websitedev.com\/en\/product\/combo-thiet-bi-xu-ly-bot-mi-tinh-bot\/\" \/>\n<meta property=\"og:site_name\" content=\"Vannang.vn\" \/>\n<meta property=\"article:modified_time\" content=\"2026-03-30T11:14:12+00:00\" \/>\n<meta name=\"twitter:card\" content=\"summary_large_image\" \/>\n<meta name=\"twitter:label1\" content=\"Est. reading time\" \/>\n\t<meta name=\"twitter:data1\" content=\"9 minutes\" \/>\n<script type=\"application\/ld+json\" class=\"yoast-schema-graph\">{\"@context\":\"https:\/\/schema.org\",\"@graph\":[{\"@type\":\"WebPage\",\"@id\":\"https:\/\/vannangvn.123websitedev.com\/san-pham\/combo-thiet-bi-xu-ly-bot-mi-tinh-bot\/\",\"url\":\"https:\/\/vannangvn.123websitedev.com\/san-pham\/combo-thiet-bi-xu-ly-bot-mi-tinh-bot\/\",\"name\":\"COMBO THI\u1ebeT B\u1eca X\u1eec L\u00dd B\u1ed8T M\u00cc (TINH B\u1ed8T) ch\u00ednh h\u00e3ng | V\u1ea1n N\u0103ng\",\"isPartOf\":{\"@id\":\"https:\/\/vannangvn.123websitedev.com\/#website\"},\"datePublished\":\"2026-03-20T10:23:28+00:00\",\"dateModified\":\"2026-03-30T11:14:12+00:00\",\"description\":\"Mua ngay COMBO THI\u1ebeT B\u1eca X\u1eec L\u00dd B\u1ed8T M\u00cc (TINH B\u1ed8T) ch\u00ednh h\u00e3ng. Gi\u00e1 t\u1ed1t!\",\"breadcrumb\":{\"@id\":\"https:\/\/vannangvn.123websitedev.com\/san-pham\/combo-thiet-bi-xu-ly-bot-mi-tinh-bot\/#breadcrumb\"},\"inLanguage\":\"en-US\",\"potentialAction\":[{\"@type\":\"ReadAction\",\"target\":[\"https:\/\/vannangvn.123websitedev.com\/san-pham\/combo-thiet-bi-xu-ly-bot-mi-tinh-bot\/\"]}]},{\"@type\":\"BreadcrumbList\",\"@id\":\"https:\/\/vannangvn.123websitedev.com\/san-pham\/combo-thiet-bi-xu-ly-bot-mi-tinh-bot\/#breadcrumb\",\"itemListElement\":[{\"@type\":\"ListItem\",\"position\":1,\"name\":\"Trang ch\u1ee7\",\"item\":\"https:\/\/vannangvn.123websitedev.com\/\"},{\"@type\":\"ListItem\",\"position\":2,\"name\":\"S\u1ea3n ph\u1ea9m\",\"item\":\"https:\/\/vannangvn.123websitedev.com\/cua-hang\/\"},{\"@type\":\"ListItem\",\"position\":3,\"name\":\"COMBO THI\u1ebeT B\u1eca X\u1eec L\u00dd B\u1ed8T M\u00cc (TINH B\u1ed8T)\"}]},{\"@type\":\"WebSite\",\"@id\":\"https:\/\/vannangvn.123websitedev.com\/#website\",\"url\":\"https:\/\/vannangvn.123websitedev.com\/\",\"name\":\"Vannang.vn\",\"description\":\"\",\"publisher\":{\"@id\":\"https:\/\/vannangvn.123websitedev.com\/#organization\"},\"potentialAction\":[{\"@type\":\"SearchAction\",\"target\":{\"@type\":\"EntryPoint\",\"urlTemplate\":\"https:\/\/vannangvn.123websitedev.com\/?s={search_term_string}\"},\"query-input\":{\"@type\":\"PropertyValueSpecification\",\"valueRequired\":true,\"valueName\":\"search_term_string\"}}],\"inLanguage\":\"en-US\"},{\"@type\":\"Organization\",\"@id\":\"https:\/\/vannangvn.123websitedev.com\/#organization\",\"name\":\"Vannang.vn\",\"url\":\"https:\/\/vannangvn.123websitedev.com\/\",\"logo\":{\"@type\":\"ImageObject\",\"inLanguage\":\"en-US\",\"@id\":\"https:\/\/vannangvn.123websitedev.com\/#\/schema\/logo\/image\/\",\"url\":\"https:\/\/vannangvn.123websitedev.com\/wp-content\/uploads\/2026\/02\/logo-van-nang-02.png\",\"contentUrl\":\"https:\/\/vannangvn.123websitedev.com\/wp-content\/uploads\/2026\/02\/logo-van-nang-02.png\",\"width\":448,\"height\":111,\"caption\":\"Vannang.vn\"},\"image\":{\"@id\":\"https:\/\/vannangvn.123websitedev.com\/#\/schema\/logo\/image\/\"}}]}<\/script>\n<!-- \/ Yoast SEO Premium plugin. -->","yoast_head_json":{"title":"COMBO THI\u1ebeT B\u1eca X\u1eec L\u00dd B\u1ed8T M\u00cc (TINH B\u1ed8T) ch\u00ednh h\u00e3ng | V\u1ea1n N\u0103ng","description":"Mua ngay COMBO THI\u1ebeT B\u1eca X\u1eec L\u00dd B\u1ed8T M\u00cc (TINH B\u1ed8T) ch\u00ednh h\u00e3ng. Gi\u00e1 t\u1ed1t!","robots":{"index":"noindex","follow":"follow","max-snippet":"max-snippet:-1","max-image-preview":"max-image-preview:large","max-video-preview":"max-video-preview:-1"},"og_locale":"en_US","og_type":"article","og_title":"COMBO THI\u1ebeT B\u1eca X\u1eec L\u00dd B\u1ed8T M\u00cc (TINH B\u1ed8T)","og_description":"Mua ngay COMBO THI\u1ebeT B\u1eca X\u1eec L\u00dd B\u1ed8T M\u00cc (TINH B\u1ed8T) ch\u00ednh h\u00e3ng. Gi\u00e1 t\u1ed1t!","og_url":"https:\/\/vannangvn.123websitedev.com\/en\/product\/combo-thiet-bi-xu-ly-bot-mi-tinh-bot\/","og_site_name":"Vannang.vn","article_modified_time":"2026-03-30T11:14:12+00:00","twitter_card":"summary_large_image","twitter_misc":{"Est. reading time":"9 minutes"},"schema":{"@context":"https:\/\/schema.org","@graph":[{"@type":"WebPage","@id":"https:\/\/vannangvn.123websitedev.com\/san-pham\/combo-thiet-bi-xu-ly-bot-mi-tinh-bot\/","url":"https:\/\/vannangvn.123websitedev.com\/san-pham\/combo-thiet-bi-xu-ly-bot-mi-tinh-bot\/","name":"COMBO THI\u1ebeT B\u1eca X\u1eec L\u00dd B\u1ed8T M\u00cc (TINH B\u1ed8T) ch\u00ednh h\u00e3ng | V\u1ea1n N\u0103ng","isPartOf":{"@id":"https:\/\/vannangvn.123websitedev.com\/#website"},"datePublished":"2026-03-20T10:23:28+00:00","dateModified":"2026-03-30T11:14:12+00:00","description":"Mua ngay COMBO THI\u1ebeT B\u1eca X\u1eec L\u00dd B\u1ed8T M\u00cc (TINH B\u1ed8T) ch\u00ednh h\u00e3ng. Gi\u00e1 t\u1ed1t!","breadcrumb":{"@id":"https:\/\/vannangvn.123websitedev.com\/san-pham\/combo-thiet-bi-xu-ly-bot-mi-tinh-bot\/#breadcrumb"},"inLanguage":"en-US","potentialAction":[{"@type":"ReadAction","target":["https:\/\/vannangvn.123websitedev.com\/san-pham\/combo-thiet-bi-xu-ly-bot-mi-tinh-bot\/"]}]},{"@type":"BreadcrumbList","@id":"https:\/\/vannangvn.123websitedev.com\/san-pham\/combo-thiet-bi-xu-ly-bot-mi-tinh-bot\/#breadcrumb","itemListElement":[{"@type":"ListItem","position":1,"name":"Trang ch\u1ee7","item":"https:\/\/vannangvn.123websitedev.com\/"},{"@type":"ListItem","position":2,"name":"S\u1ea3n ph\u1ea9m","item":"https:\/\/vannangvn.123websitedev.com\/cua-hang\/"},{"@type":"ListItem","position":3,"name":"COMBO THI\u1ebeT B\u1eca X\u1eec L\u00dd B\u1ed8T M\u00cc (TINH B\u1ed8T)"}]},{"@type":"WebSite","@id":"https:\/\/vannangvn.123websitedev.com\/#website","url":"https:\/\/vannangvn.123websitedev.com\/","name":"Vannang.vn","description":"","publisher":{"@id":"https:\/\/vannangvn.123websitedev.com\/#organization"},"potentialAction":[{"@type":"SearchAction","target":{"@type":"EntryPoint","urlTemplate":"https:\/\/vannangvn.123websitedev.com\/?s={search_term_string}"},"query-input":{"@type":"PropertyValueSpecification","valueRequired":true,"valueName":"search_term_string"}}],"inLanguage":"en-US"},{"@type":"Organization","@id":"https:\/\/vannangvn.123websitedev.com\/#organization","name":"Vannang.vn","url":"https:\/\/vannangvn.123websitedev.com\/","logo":{"@type":"ImageObject","inLanguage":"en-US","@id":"https:\/\/vannangvn.123websitedev.com\/#\/schema\/logo\/image\/","url":"https:\/\/vannangvn.123websitedev.com\/wp-content\/uploads\/2026\/02\/logo-van-nang-02.png","contentUrl":"https:\/\/vannangvn.123websitedev.com\/wp-content\/uploads\/2026\/02\/logo-van-nang-02.png","width":448,"height":111,"caption":"Vannang.vn"},"image":{"@id":"https:\/\/vannangvn.123websitedev.com\/#\/schema\/logo\/image\/"}}]}},"_links":{"self":[{"href":"https:\/\/vannangvn.123websitedev.com\/en\/wp-json\/wp\/v2\/product\/6171","targetHints":{"allow":["GET"]}}],"collection":[{"href":"https:\/\/vannangvn.123websitedev.com\/en\/wp-json\/wp\/v2\/product"}],"about":[{"href":"https:\/\/vannangvn.123websitedev.com\/en\/wp-json\/wp\/v2\/types\/product"}],"replies":[{"embeddable":true,"href":"https:\/\/vannangvn.123websitedev.com\/en\/wp-json\/wp\/v2\/comments?post=6171"}],"wp:attachment":[{"href":"https:\/\/vannangvn.123websitedev.com\/en\/wp-json\/wp\/v2\/media?parent=6171"}],"wp:term":[{"taxonomy":"product_brand","embeddable":true,"href":"https:\/\/vannangvn.123websitedev.com\/en\/wp-json\/wp\/v2\/product_brand?post=6171"},{"taxonomy":"product_cat","embeddable":true,"href":"https:\/\/vannangvn.123websitedev.com\/en\/wp-json\/wp\/v2\/product_cat?post=6171"},{"taxonomy":"product_tag","embeddable":true,"href":"https:\/\/vannangvn.123websitedev.com\/en\/wp-json\/wp\/v2\/product_tag?post=6171"}],"curies":[{"name":"wp","href":"https:\/\/api.w.org\/{rel}","templated":true}]}}