{"id":6172,"date":"2026-03-20T17:23:29","date_gmt":"2026-03-20T10:23:29","guid":{"rendered":"https:\/\/vannangvn.123websitedev.com\/san-pham\/cong-iot-mirico-model-mr-2540-iot\/"},"modified":"2026-03-30T18:14:12","modified_gmt":"2026-03-30T11:14:12","slug":"cong-iot-mirico-model-mr-2540-iot","status":"publish","type":"product","link":"https:\/\/vannangvn.123websitedev.com\/en\/product\/cong-iot-mirico-model-mr-2540-iot\/","title":{"rendered":"C\u1ed4NG IOT MIRICO MODEL MR-2540-IOT"},"content":{"rendered":"<h1 style=\"color: red; font-weight: bold; font-size: 24px;\">T&#7893;ng quan s&#7843;n ph&#7849;m C&#7892;NG IOT MIRICO MODEL MR-2540-IOT<p>C&#7893;ng IoT (IoT Gateway) MIRICO Model MR-2540-IoT<br>\nC&#7893;ng IoT MIRICO MR-2540-IoT l&agrave; thi&#7871;t b&#7883; trung t&acirc;m gi&uacute;p k&#7871;t n&#7889;i, thu th&#7853;p v&agrave; truy&#7873;n d&#7919; li&#7879;u t&#7915; c&aacute;c c&#7843;m bi&#7871;n c&ocirc;ng nghi&#7879;p &#273;&#7871;n h&#7879; th&#7889;ng &#273;i&#7873;u khi&#7875;n ho&#7863;c n&#7873;n t&#7843;ng gi&aacute;m s&aacute;t IoT. V&#7899;i kh&#7843; n&#259;ng x&#7917; l&yacute; m&#7841;nh m&#7869;, h&#7895; tr&#7907; &#273;a d&#7841;ng chu&#7849;n k&#7871;t n&#7889;i c&oacute; d&acirc;y v&agrave; kh&ocirc;ng d&acirc;y, s&#7843;n ph&#7849;m n&agrave;y l&agrave; gi&#7843;i ph&aacute;p l&yacute; t&#432;&#7903;ng cho c&aacute;c nh&agrave; m&aacute;y, trung t&acirc;m nghi&ecirc;n c&#7913;u v&agrave; doanh nghi&#7879;p mu&#7889;n ti&#7871;t ki&#7879;m chi ph&iacute; v&agrave; n&acirc;ng cao hi&#7879;u su&#7845;t v&#7853;n h&agrave;nh. H&atilde;y c&ugrave;ng V&#7841;n N&#259;ng t&igrave;m hi&#7875;u chi ti&#7871;t h&#417;n v&#7873; s&#7843;n ph&#7849;m th&ocirc;ng qua b&agrave;i vi&#7871;t d&#432;&#7899;i &#273;&acirc;y nh&eacute;!<\/p><p>Xem th&ecirc;m: M&aacute;y Ph&acirc;n T&iacute;ch Th&agrave;nh Ph&#7847;n Kim Lo&#7841;i (Stationary Metal Analyzers) Spectro Model SPECTROCHECK<\/p><p>N&eacute;t &#272;&#7863;c Tr&#432;ng C&#7911;a MIRICO MR-2540-IoT<br>\nH&#7895; tr&#7907; nhi&#7873;u lo&#7841;i c&#7843;m bi&#7871;n c&ocirc;ng nghi&#7879;p<br>\nMIRICO MR-2540-IoT c&oacute; kh&#7843; n&#259;ng k&#7871;t n&#7889;i &#273;&#7891;ng th&#7901;i v&#7899;i nhi&#7873;u lo&#7841;i c&#7843;m bi&#7871;n kh&aacute;c nhau nh&#432; nhi&#7879;t &#273;&#7897;, &aacute;p su&#7845;t, pH, ho&#7863;c c&ocirc;ng su&#7845;t t&iacute;ch l&#361;y. Thi&#7871;t b&#7883; h&#7895; tr&#7907; ng&otilde; v&agrave;o d&#7841;ng 4~20mA v&agrave; RS486\/UART, gi&uacute;p thu nh&#7853;n d&#7919; li&#7879;u &#7893;n &#273;&#7883;nh v&agrave; ch&iacute;nh x&aacute;c t&#7915; h&#7847;u h&#7871;t c&aacute;c thi&#7871;t b&#7883; &#273;o c&ocirc;ng nghi&#7879;p hi&#7879;n nay.<br>\nK&#7871;t n&#7889;i linh ho&#7841;t v&agrave; m&#7841;nh m&#7869;<br>\nC&#7893;ng Ethernet 10\/100base k&#7871;t h&#7907;p c&ugrave;ng WiFi 802.11 b\/g\/n v&agrave; Bluetooth v4.2 cho ph&eacute;p thi&#7871;t b&#7883; ho&#7841;t &#273;&#7897;ng &#7893;n &#273;&#7883;nh trong m&#7885;i m&ocirc;i tr&#432;&#7901;ng. Thi&#7871;t b&#7883; d&#7877; d&agrave;ng t&iacute;ch h&#7907;p v&agrave;o m&#7841;ng n&#7897;i b&#7897; ho&#7863;c h&#7879; th&#7889;ng gi&aacute;m s&aacute;t t&#7915; xa th&ocirc;ng qua Internet, &#273;&#7843;m b&#7843;o d&#7919; li&#7879;u lu&ocirc;n &#273;&#432;&#7907;c truy&#7873;n t&#7843;i li&ecirc;n t&#7909;c v&agrave; an to&agrave;n.<br>\nH&#7879; th&#7889;ng hi&#7875;n th&#7883; v&agrave; c&#7843;nh b&aacute;o tr&#7921;c quan<br>\nThi&#7871;t b&#7883; &#273;&#432;&#7907;c trang b&#7883; m&agrave;n h&igrave;nh FND 4 ch&#7919; s&#7889; v&agrave; 6 &#273;&egrave;n LED b&aacute;o tr&#7841;ng th&aacute;i c&#7843;m bi&#7871;n, gi&uacute;p ng&#432;&#7901;i d&ugrave;ng d&#7877; d&agrave;ng theo d&otilde;i d&#7919; li&#7879;u v&agrave; t&igrave;nh tr&#7841;ng v&#7853;n h&agrave;nh ngay t&#7841;i ch&#7895;. Giao di&#7879;n hi&#7875;n th&#7883; r&otilde; r&agrave;ng, tr&#7921;c quan, h&#7895; tr&#7907; ki&#7875;m tra nhanh c&aacute;c th&ocirc;ng s&#7889; m&agrave; kh&ocirc;ng c&#7847;n k&#7871;t n&#7889;i m&aacute;y t&iacute;nh.<\/p><p>B&#7897; x&#7917; l&yacute; ARM hi&#7879;u n&#259;ng cao<br>\nB&ecirc;n trong Model MR-2540-IoT l&agrave; vi &#273;i&#7873;u khi&#7875;n 32-bit Arm&reg; Cortex&reg;-M0+, k&#7871;t h&#7907;p b&#7897; nh&#7899; 8K SRAM v&agrave; 64KB Flash, &#273;&#7843;m b&#7843;o kh&#7843; n&#259;ng x&#7917; l&yacute; t&iacute;n hi&#7879;u nhanh, &#7893;n &#273;&#7883;nh v&agrave; ti&#7871;t ki&#7879;m n&#259;ng l&#432;&#7907;ng. B&#7897; x&#7917; l&yacute; n&agrave;y c&#361;ng cho ph&eacute;p m&#7903; r&#7897;ng t&iacute;nh n&#259;ng ho&#7863;c c&#7853;p nh&#7853;t ph&#7847;n m&#7873;m d&#7877; d&agrave;ng qua m&#7841;ng.<br>\nH&#7895; tr&#7907; l&#7853;p tr&igrave;nh v&agrave; c&#7853;p nh&#7853;t OTA<br>\nThi&#7871;t b&#7883; h&#7895; tr&#7907; Over-the-air programming (OTA) &ndash; cho ph&eacute;p ng&#432;&#7901;i d&ugrave;ng l&#7853;p tr&igrave;nh, c&#7853;p nh&#7853;t ho&#7863;c hi&#7879;u ch&#7881;nh h&#7879; th&#7889;ng t&#7915; xa th&ocirc;ng qua m&#7841;ng kh&ocirc;ng d&acirc;y. &#272;&acirc;y l&agrave; t&iacute;nh n&#259;ng c&#7921;c k&#7923; quan tr&#7885;ng trong c&aacute;c d&#7921; &aacute;n IoT hi&#7879;n &#273;&#7841;i, gi&uacute;p ti&#7871;t ki&#7879;m th&#7901;i gian v&agrave; chi ph&iacute; b&#7843;o tr&igrave;.<br>\nThi&#7871;t k&#7871; c&ocirc;ng nghi&#7879;p b&#7873;n b&#7881;<br>\nV&#7899;i k&iacute;ch th&#432;&#7899;c 52(W) &times; 160(L) &times; 79(H) mm, v&#7887; b&#7885;c ch&#7855;c ch&#7855;n v&agrave; kh&#7843; n&#259;ng l&agrave;m vi&#7879;c trong m&ocirc;i tr&#432;&#7901;ng kh&#7855;c nghi&#7879;t (-20&deg;C ~ +50&deg;C, 0%~95%RH), MIRICO MR-2540-IoT &#273;&#7843;m b&#7843;o &#273;&#7897; b&#7873;n cao v&agrave; ho&#7841;t &#273;&#7897;ng &#7893;n &#273;&#7883;nh trong nhi&#7873;u &#273;i&#7873;u ki&#7879;n th&#7921;c t&#7871; kh&aacute;c nhau.<\/p><p>Xem th&ecirc;m: Bu&#7891;ng Th&#7917; Nghi&#7879;m &#272;&#7883;nh L&#432;&#7907;ng Kh&iacute; SO&#8322; T&#7921; &#272;&#7897;ng Ascott Model KH300<\/p><p>&#431;u &#272;i&#7875;m V&#432;&#7907;t Tr&#7897;i C&#7911;a Model MR-2540-IoT<br>\nGi&#7843;i ph&aacute;p k&#7871;t n&#7889;i to&agrave;n di&#7879;n cho h&#7879; th&#7889;ng IoT<br>\nC&#7893;ng IoT MR-2540-IoT t&iacute;ch h&#7907;p &#273;&#7847;y &#273;&#7911; c&aacute;c ph&#432;&#417;ng th&#7913;c k&#7871;t n&#7889;i, gi&uacute;p &#273;&#7891;ng b&#7897; d&#7919; li&#7879;u t&#7915; nhi&#7873;u c&#7843;m bi&#7871;n v&agrave; thi&#7871;t b&#7883; &#273;i&#7873;u khi&#7875;n kh&aacute;c nhau. T&#7915; &#273;&oacute;, ng&#432;&#7901;i d&ugrave;ng c&oacute; th&#7875; x&acirc;y d&#7921;ng h&#7879; th&#7889;ng IoT t&#7893;ng th&#7875; ch&#7881; v&#7899;i m&#7897;t gateway duy nh&#7845;t, gi&#7843;m chi ph&iacute; &#273;&#7847;u t&#432; ban &#273;&#7847;u.<br>\nD&#7877; d&agrave;ng t&iacute;ch h&#7907;p v&#7899;i n&#7873;n t&#7843;ng qu&#7843;n l&yacute; d&#7919; li&#7879;u<br>\nThi&#7871;t b&#7883; h&#7895; tr&#7907; nhi&#7873;u giao th&#7913;c truy&#7873;n th&ocirc;ng ph&#7893; bi&#7871;n, d&#7877; d&agrave;ng k&#7871;t n&#7889;i v&#7899;i m&aacute;y ch&#7911; Internet, ph&#7847;n m&#7873;m SCADA, ho&#7863;c &#7913;ng d&#7909;ng gi&aacute;m s&aacute;t qua smartphone. &#272;i&#7873;u n&agrave;y gi&uacute;p doanh nghi&#7879;p c&oacute; th&#7875; gi&aacute;m s&aacute;t d&#7919; li&#7879;u t&#7915; xa theo th&#7901;i gian th&#7921;c, t&#7889;i &#432;u h&oacute;a quy tr&igrave;nh s&#7843;n xu&#7845;t v&agrave; b&#7843;o tr&igrave;.<\/p><p>&#272;&#7897; tin c&#7853;y v&agrave; b&#7843;o m&#7853;t cao<br>\nV&#7899;i c&#7845;u tr&uacute;c ph&#7847;n c&#7913;ng &#273;&#432;&#7907;c thi&#7871;t k&#7871; chuy&ecirc;n bi&#7879;t cho m&ocirc;i tr&#432;&#7901;ng c&ocirc;ng nghi&#7879;p, c&#7893;ng &#273;&#7843;m b&#7843;o d&#7919; li&#7879;u truy&#7873;n &#273;i lu&ocirc;n ch&iacute;nh x&aacute;c, kh&ocirc;ng gi&aacute;n &#273;o&#7841;n v&agrave; &#273;&#432;&#7907;c b&#7843;o v&#7879; kh&#7887;i nhi&#7877;u &#273;i&#7879;n t&#7915; ho&#7863;c t&aacute;c &#273;&#7897;ng m&ocirc;i tr&#432;&#7901;ng. C&aacute;c chu&#7849;n WiFi v&agrave; Bluetooth &#273;&#432;&#7907;c m&atilde; h&oacute;a gi&uacute;p &#273;&#7843;m b&#7843;o t&iacute;nh an to&agrave;n c&#7911;a d&#7919; li&#7879;u trong m&#7885;i t&igrave;nh hu&#7889;ng.<br>\nTi&#7871;t ki&#7879;m n&#259;ng l&#432;&#7907;ng v&agrave; chi ph&iacute; v&#7853;n h&agrave;nh<br>\nNh&#7901; vi x&#7917; l&yacute; ti&#7871;t ki&#7879;m &#273;i&#7879;n n&#259;ng v&agrave; kh&#7843; n&#259;ng truy&#7873;n d&#7919; li&#7879;u th&ocirc;ng minh, thi&#7871;t b&#7883; ti&ecirc;u th&#7909; r&#7845;t &iacute;t &#273;i&#7879;n nh&#432;ng v&#7851;n duy tr&igrave; hi&#7879;u n&#259;ng cao. Vi&#7879;c h&#7895; tr&#7907; c&#7853;p nh&#7853;t OTA gi&uacute;p gi&#7843;m thi&#7875;u chi ph&iacute; b&#7843;o tr&igrave; t&#7841;i hi&#7879;n tr&#432;&#7901;ng, &#273;&#7891;ng th&#7901;i k&eacute;o d&agrave;i tu&#7893;i th&#7885; thi&#7871;t b&#7883;.<br>\nThi&#7871;t k&#7871; t&#7889;i &#432;u cho ng&#432;&#7901;i d&ugrave;ng<br>\nC&#7893;ng IoT MIRICO Model MR-2540-IoT &#273;&#432;&#7907;c thi&#7871;t k&#7871; th&acirc;n thi&#7879;n, d&#7877; l&#7855;p &#273;&#7863;t, kh&ocirc;ng y&ecirc;u c&#7847;u k&#7929; n&#259;ng k&#7929; thu&#7853;t cao. C&aacute;c c&#7893;ng k&#7871;t n&#7889;i v&agrave; &#273;&egrave;n b&aacute;o hi&#7879;u &#273;&#432;&#7907;c b&#7889; tr&iacute; h&#7907;p l&yacute;, gi&uacute;p ng&#432;&#7901;i v&#7853;n h&agrave;nh nhanh ch&oacute;ng x&aacute;c &#273;&#7883;nh tr&#7841;ng th&aacute;i v&agrave; th&#7921;c hi&#7879;n b&#7843;o tr&igrave; khi c&#7847;n thi&#7871;t.<\/p><p>Xem th&ecirc;m: M&aacute;y Ph&acirc;n T&iacute;ch Kh&iacute; Ba Th&agrave;nh Ph&#7847;n C&#7847;m Tay (CO, CO2, CH4) SuperSystem Model PGA 3510<\/p><p>&#7912;ng D&#7909;ng Trong Ng&agrave;nh C&ocirc;ng Nghi&#7879;p<br>\nC&#7893;ng IoT Model MR-2540-IoT l&agrave; gi&#7843;i ph&aacute;p l&yacute; t&#432;&#7903;ng cho c&aacute;c h&#7879; th&#7889;ng c&#7847;n thu th&#7853;p, gi&aacute;m s&aacute;t v&agrave; &#273;i&#7873;u khi&#7875;n d&#7919; li&#7879;u t&#7915; xa. S&#7843;n ph&#7849;m &#273;&#432;&#7907;c &#7913;ng d&#7909;ng r&#7897;ng r&atilde;i trong:<\/p><p>H&#7879; th&#7889;ng t&#7921; &#273;&#7897;ng h&oacute;a nh&agrave; m&aacute;y.<br>\nQu&#7843;n l&yacute; n&#259;ng l&#432;&#7907;ng v&agrave; m&ocirc;i tr&#432;&#7901;ng.<br>\nH&#7879; th&#7889;ng x&#7917; l&yacute; n&#432;&#7899;c v&agrave; kh&iacute; th&#7843;i.<br>\nTrung t&acirc;m nghi&ecirc;n c&#7913;u v&agrave; ph&ograve;ng th&iacute; nghi&#7879;m.<br>\nH&#7879; th&#7889;ng gi&aacute;m s&aacute;t thi&#7871;t b&#7883; d&acirc;n d&#7909;ng th&ocirc;ng minh.<\/p><p>V&#7899;i kh&#7843; n&#259;ng k&#7871;t n&#7889;i m&#7841;nh m&#7869; v&agrave; t&iacute;nh &#7893;n &#273;&#7883;nh cao, thi&#7871;t b&#7883; &#273;&oacute;ng vai tr&ograve; trung t&acirc;m trong vi&#7879;c chuy&#7875;n &#273;&#7893;i d&#7919; li&#7879;u gi&#7919;a th&#7871; gi&#7899;i v&#7853;t l&yacute; v&agrave; k&#7929; thu&#7853;t s&#7889;, g&oacute;p ph&#7847;n th&uacute;c &#273;&#7849;y qu&aacute; tr&igrave;nh chuy&#7875;n &#273;&#7893;i s&#7889; trong c&ocirc;ng nghi&#7879;p.<\/p><p>Nh&#7919;ng L&yacute; Do N&ecirc;n Mua C&#7893;ng IoT T&#7841;i V&#7841;n N&#259;ng<\/p><p>C&ocirc;ng ty Thi&#7871;t B&#7883; C&ocirc;ng Ngh&#7879; V&#7841;n N&#259;ng l&agrave; &#273;&#7889;i t&aacute;c ch&iacute;nh th&#7913;c ph&acirc;n ph&#7889;i C&#7893;ng IoT h&agrave;ng &#273;&#7847;u t&#7841;i Vi&#7879;t Nam, cam k&#7871;t cung c&#7845;p s&#7843;n ph&#7849;m ch&iacute;nh h&atilde;ng v&#7899;i gi&aacute; c&#7843; c&#7841;nh tranh nh&#7845;t th&#7883; tr&#432;&#7901;ng. V&#7899;i uy t&iacute;n tr&ecirc;n th&#7883; tr&#432;&#7901;ng v&agrave; ch&#7871; &#273;&#7897; h&#7851;u m&atilde;i t&#7889;t, Thi&#7871;t B&#7883; C&ocirc;ng Ngh&#7879; V&#7841;n N&#259;ng &#273;&atilde; nh&#7853;n &#273;&#432;&#7907;c s&#7921; tin t&#432;&#7903;ng t&#7915; kh&aacute;ch h&agrave;ng nh&#7901; v&agrave;o ch&#7845;t l&#432;&#7907;ng h&agrave;ng &#273;&#7847;u c&#7911;a c&aacute;c d&ograve;ng s&#7843;n ph&#7849;m.<br>\nS&#7843;n ph&#7849;m c&#7911;a ch&uacute;ng t&ocirc;i &#273;&#432;&#7907;c ki&#7875;m &#273;&#7883;nh ch&#7845;t l&#432;&#7907;ng, nh&#7853;p kh&#7849;u tr&#7921;c ti&#7871;p t&#7915; nh&agrave; m&aacute;y b&ecirc;n Ch&acirc;u &Acirc;u, M&#7929;, &Uacute;c, Nh&#7853;t B&#7843;n,&hellip; v&agrave; &#273;&aacute;p &#7913;ng nhu c&#7847;u &#273;a d&#7841;ng c&#7911;a th&#7883; tr&#432;&#7901;ng nh&#432;: M&aacute;y &#272;o &#272;&#7897; C&#7913;ng, M&aacute;y SPECTROMAXx, M&aacute;y Ki&#7875;m Tra &#272;&#432;&#7901;ng Gh&eacute;p M&iacute; Lon,&hellip; Ch&uacute;ng t&ocirc;i cam k&#7871;t cung c&#7845;p s&#7843;n ph&#7849;m n&agrave;y tr&ecirc;n to&agrave;n qu&#7889;c v&#7899;i gi&aacute; c&#7843; c&#7841;nh tranh nh&#7845;t.<br>\nCh&uacute;ng t&ocirc;i c&oacute; &#273;&#7897;i ng&#361; chuy&ecirc;n vi&ecirc;n t&#432; v&#7845;n chuy&ecirc;n s&acirc;u s&#7869; h&#7895; tr&#7907; kh&aacute;ch h&agrave;ng v&#7873; chi ti&#7871;t s&#7843;n ph&#7849;m, h&#432;&#7899;ng d&#7851;n s&#7917; d&#7909;ng hay nh&#7919;ng th&#7913; li&ecirc;n quan &#273;&#7871;n v&#7845;n &#273;&#7873; m&agrave; doanh nghi&#7879;p b&#7841;n &#273;ang g&#7863;p ph&#7843;i. Ch&uacute;ng t&ocirc;i s&#7869; cung c&#7845;p nh&#7919;ng gi&#7843;i ph&aacute;p t&#7889;i &#432;u nh&#7845;t!<br>\nNgo&agrave;i ra Thi&#7871;t B&#7883; C&ocirc;ng Ngh&#7879; V&#7841;n N&#259;ng Ch&uacute;ng T&ocirc;i lu&ocirc;n h&#432;&#7899;ng &#273;&#7871;n tr&#7843;i nghi&#7879;m kh&aacute;ch h&agrave;ng, v&igrave; v&#7853;y ch&uacute;ng t&ocirc;i c&oacute; nh&#7919;ng ch&iacute;nh s&aacute;ch b&#7843;o h&agrave;nh, b&#7843;o tr&igrave; &ndash; b&#7843;o d&#432;&#7905;ng, hi&#7879;u chu&#7849;n v&#7899;i t&#7845;t c&#7843; c&aacute;c thi&#7871;t b&#7883;, m&aacute;y m&oacute;c m&agrave; ch&uacute;ng t&ocirc;i cung c&#7845;p. &#272;&#7843;m b&#7843;o mang &#273;&#7871;n cho Kh&aacute;ch h&agrave;ng s&#7921; y&ecirc;n t&acirc;m tuy&#7879;t &#273;&#7889;i v&#7873; d&#7883;ch v&#7909; khi mua h&agrave;ng.<\/p><p>Xem th&ecirc;m: Thi&#7871;t B&#7883; Ki&#7875;m Tra &#272;a N&#259;ng (Micro Combi Tester) Anton Paar Model MCT&sup3;<\/p><p>T&#7893;ng K&#7871;t<br>\nC&#7893;ng IoT (IoT Gateway) MIRICO Model MR-2540-IoT l&agrave; gi&#7843;i ph&aacute;p k&#7871;t n&#7889;i th&ocirc;ng minh, m&#7841;nh m&#7869; v&agrave; &#273;&aacute;ng tin c&#7853;y d&agrave;nh cho m&#7885;i h&#7879; th&#7889;ng IoT c&ocirc;ng nghi&#7879;p. V&#7899;i kh&#7843; n&#259;ng h&#7895; tr&#7907; &#273;a d&#7841;ng giao th&#7913;c, c&#7845;u h&igrave;nh linh ho&#7841;t, hi&#7879;u n&#259;ng &#7893;n &#273;&#7883;nh v&agrave; kh&#7843; n&#259;ng m&#7903; r&#7897;ng v&#432;&#7907;t tr&#7897;i, thi&#7871;t b&#7883; n&agrave;y mang &#273;&#7871;n n&#7873;n t&#7843;ng v&#7919;ng ch&#7855;c cho vi&#7879;c x&acirc;y d&#7921;ng h&#7841; t&#7847;ng gi&aacute;m s&aacute;t v&agrave; &#273;i&#7873;u khi&#7875;n t&#7921; &#273;&#7897;ng. H&atilde;y li&ecirc;n h&#7879; v&#7899;i V&#7841;n N&#259;ng ngay &#273;&#7875; &#273;&#432;&#7907;c t&#432; v&#7845;n chuy&ecirc;n s&acirc;u v&agrave; nh&#7853;n nh&#7919;ng &#432;u &#273;&atilde;i h&#7845;p d&#7851;n nh&#7845;t th&ocirc;ng qua hotline0903 991 335 !<\/p><div style=\"background-color: #f8fafc; border: 1px solid #e2e8f0; border-radius: 8px; padding: 25px; max-width: 800px; margin: 30px auto; color: #334155; line-height: 1.8; font-size: 17px; box-shadow: 0 4px 6px -1px rgba(0,0,0,0.05); text-align: left; clear: both;\">\nC&ocirc;ng ty TNHH Th&#432;&#417;ng M&#7841;i D&#7883;ch V&#7909; Thi&#7871;t B&#7883; C&ocirc;ng Ngh&#7879; V&#7841;n N&#259;ng\n<p style=\"margin: 0 0 10px 0;\">&#128205; <strong style=\"color: #1e293b;\">&#272;&#7883;a ch&#7881;:<\/strong> <a style=\"color: #059669; text-decoration: none; font-weight: bold;\" href=\"https:\/\/www.google.com\/maps\/search\/C%C3%B4ng+ty+TNHH+Th%C6%B0%C6%A1ng+M%E1%BA%A1i+D%E1%BB%8Bch+V%E1%BB%A5+Thi%E1%BA%BFt+B%E1%BB%8B+C%C3%B4ng+Ngh%E1%BB%87+V%E1%BA%A1n+N%C4%83ng+818+Tr%C6%B0%E1%BB%9Dng+Chinh\" target=\"_blank\" rel=\"noopener\">818 Tr&#432;&#7901;ng Chinh, Ph&#432;&#7901;ng T&acirc;n S&#417;n, Th&agrave;nh ph&#7889; H&#7891; Ch&iacute; Minh, Vi&#7879;t Nam<\/a><\/p>\n<p style=\"margin: 0 0 10px 0;\">&#128222; <strong style=\"color: #1e293b;\">S&#272;T &ndash; Zalo:<\/strong> <a style=\"color: #059669; text-decoration: none; font-weight: bold;\" href=\"https:\/\/zalo.me\/0903991335\" target=\"_blank\" rel=\"noopener\">0903 991 335<\/a> <span style=\"color: #64748b; font-style: italic;\">(Ms. H&#7841;nh &ndash; Gi&aacute;m &#272;&#7889;c Kinh Doanh)<\/span><\/p>\n<p style=\"margin: 0;\">&#9993;&#65039; <strong style=\"color: #1e293b;\">Email:<\/strong> <a style=\"color: #059669; text-decoration: none; font-weight: bold;\" href=\"mailto:hienhanh@vannangvn.com\">hienhanh@vannangvn.com<\/a><\/p>\n<\/div><\/h1>","protected":false},"excerpt":{"rendered":"<p><strong>Th&#432;&#417;ng hi&#7879;u:<\/strong> MIRICO<br>\n<strong>Model:<\/strong> MR-2540-IoT<p>Product <strong>C&#7892;NG IOT MIRICO MODEL MR-2540-IOT<\/strong> ch&iacute;nh h&atilde;ng. MIRICO (Korea)<br>\nMIRICO MR-2540-IoT l&agrave; thi&#7871;t b&#7883; trung t&acirc;m k&#7871;t n&#7889;i, thu th&#7853;p d&#7919; li&#7879;u t&#7915; c&#7843;m bi&#7871;n c&ocirc;ng nghi&#7879;p (4~20mA, RS486\/UART). V&#7899;i b&#7897; x&#7917; l&yacute; Arm&reg; Cortex&reg;-M0+ v&agrave; h&#7895; tr&#7907; Ethernet, WiFi, Bluetooth, thi&#7871;t b&#7883; l&agrave; n&#7873;n t&#7843;ng v&#7919;ng ch&#7855;c cho h&#7879; th&#7889;ng gi&aacute;m s&aacute;t th&ocirc;ng minh v&agrave; s&#7889; h&oacute;a nh&agrave; m&aacute;y.<\/p><\/p>","protected":false},"featured_media":0,"comment_status":"open","ping_status":"closed","template":"","meta":[],"product_brand":[],"product_cat":[18],"product_tag":[777,778,116,127,363],"class_list":{"0":"post-6172","1":"product","2":"type-product","3":"status-publish","5":"product_cat-chua-phan-loai","6":"product_tag-iot","7":"product_tag-mr-2540-iot","8":"product_tag-model","9":"product_tag-cong","10":"product_tag-mirico","12":"first","13":"instock","14":"shipping-taxable","15":"product-type-simple"},"yoast_head":"<!-- This site is optimized with the Yoast SEO Premium plugin v24.8 (Yoast SEO v24.8) - https:\/\/yoast.com\/wordpress\/plugins\/seo\/ -->\n<title>C\u1ed4NG IOT MIRICO MODEL MR-2540-IOT ch\u00ednh h\u00e3ng | V\u1ea1n N\u0103ng<\/title>\n<meta name=\"description\" content=\"Mua ngay C\u1ed4NG IOT MIRICO MODEL MR-2540-IOT ch\u00ednh h\u00e3ng. MIRICO MR-2540-IoT l\u00e0 thi\u1ebft b\u1ecb trung t\u00e2m k\u1ebft n\u1ed1i, thu th\u1eadp d\u1eef li\u1ec7u t\u1eeb c\u1ea3m b... Gi\u00e1 t\u1ed1t!\" \/>\n<meta name=\"robots\" content=\"noindex, follow, max-snippet:-1, max-image-preview:large, max-video-preview:-1\" \/>\n<meta property=\"og:locale\" content=\"en_US\" \/>\n<meta property=\"og:type\" content=\"article\" \/>\n<meta property=\"og:title\" content=\"C\u1ed4NG IOT MIRICO MODEL MR-2540-IOT\" \/>\n<meta property=\"og:description\" content=\"Mua ngay C\u1ed4NG IOT MIRICO MODEL MR-2540-IOT ch\u00ednh h\u00e3ng. MIRICO MR-2540-IoT l\u00e0 thi\u1ebft b\u1ecb trung t\u00e2m k\u1ebft n\u1ed1i, thu th\u1eadp d\u1eef li\u1ec7u t\u1eeb c\u1ea3m b... Gi\u00e1 t\u1ed1t!\" \/>\n<meta property=\"og:url\" content=\"https:\/\/vannangvn.123websitedev.com\/en\/product\/cong-iot-mirico-model-mr-2540-iot\/\" \/>\n<meta property=\"og:site_name\" content=\"Vannang.vn\" \/>\n<meta property=\"article:modified_time\" content=\"2026-03-30T11:14:12+00:00\" \/>\n<meta name=\"twitter:card\" content=\"summary_large_image\" \/>\n<meta name=\"twitter:label1\" content=\"Est. reading time\" \/>\n\t<meta name=\"twitter:data1\" content=\"11 minutes\" \/>\n<script type=\"application\/ld+json\" class=\"yoast-schema-graph\">{\"@context\":\"https:\/\/schema.org\",\"@graph\":[{\"@type\":\"WebPage\",\"@id\":\"https:\/\/vannangvn.123websitedev.com\/san-pham\/cong-iot-mirico-model-mr-2540-iot\/\",\"url\":\"https:\/\/vannangvn.123websitedev.com\/san-pham\/cong-iot-mirico-model-mr-2540-iot\/\",\"name\":\"C\u1ed4NG IOT MIRICO MODEL MR-2540-IOT ch\u00ednh h\u00e3ng | V\u1ea1n N\u0103ng\",\"isPartOf\":{\"@id\":\"https:\/\/vannangvn.123websitedev.com\/#website\"},\"datePublished\":\"2026-03-20T10:23:29+00:00\",\"dateModified\":\"2026-03-30T11:14:12+00:00\",\"description\":\"Mua ngay C\u1ed4NG IOT MIRICO MODEL MR-2540-IOT ch\u00ednh h\u00e3ng. MIRICO MR-2540-IoT l\u00e0 thi\u1ebft b\u1ecb trung t\u00e2m k\u1ebft n\u1ed1i, thu th\u1eadp d\u1eef li\u1ec7u t\u1eeb c\u1ea3m b... Gi\u00e1 t\u1ed1t!\",\"breadcrumb\":{\"@id\":\"https:\/\/vannangvn.123websitedev.com\/san-pham\/cong-iot-mirico-model-mr-2540-iot\/#breadcrumb\"},\"inLanguage\":\"en-US\",\"potentialAction\":[{\"@type\":\"ReadAction\",\"target\":[\"https:\/\/vannangvn.123websitedev.com\/san-pham\/cong-iot-mirico-model-mr-2540-iot\/\"]}]},{\"@type\":\"BreadcrumbList\",\"@id\":\"https:\/\/vannangvn.123websitedev.com\/san-pham\/cong-iot-mirico-model-mr-2540-iot\/#breadcrumb\",\"itemListElement\":[{\"@type\":\"ListItem\",\"position\":1,\"name\":\"Trang ch\u1ee7\",\"item\":\"https:\/\/vannangvn.123websitedev.com\/\"},{\"@type\":\"ListItem\",\"position\":2,\"name\":\"S\u1ea3n ph\u1ea9m\",\"item\":\"https:\/\/vannangvn.123websitedev.com\/cua-hang\/\"},{\"@type\":\"ListItem\",\"position\":3,\"name\":\"C\u1ed4NG IOT MIRICO MODEL MR-2540-IOT\"}]},{\"@type\":\"WebSite\",\"@id\":\"https:\/\/vannangvn.123websitedev.com\/#website\",\"url\":\"https:\/\/vannangvn.123websitedev.com\/\",\"name\":\"Vannang.vn\",\"description\":\"\",\"publisher\":{\"@id\":\"https:\/\/vannangvn.123websitedev.com\/#organization\"},\"potentialAction\":[{\"@type\":\"SearchAction\",\"target\":{\"@type\":\"EntryPoint\",\"urlTemplate\":\"https:\/\/vannangvn.123websitedev.com\/?s={search_term_string}\"},\"query-input\":{\"@type\":\"PropertyValueSpecification\",\"valueRequired\":true,\"valueName\":\"search_term_string\"}}],\"inLanguage\":\"en-US\"},{\"@type\":\"Organization\",\"@id\":\"https:\/\/vannangvn.123websitedev.com\/#organization\",\"name\":\"Vannang.vn\",\"url\":\"https:\/\/vannangvn.123websitedev.com\/\",\"logo\":{\"@type\":\"ImageObject\",\"inLanguage\":\"en-US\",\"@id\":\"https:\/\/vannangvn.123websitedev.com\/#\/schema\/logo\/image\/\",\"url\":\"https:\/\/vannangvn.123websitedev.com\/wp-content\/uploads\/2026\/02\/logo-van-nang-02.png\",\"contentUrl\":\"https:\/\/vannangvn.123websitedev.com\/wp-content\/uploads\/2026\/02\/logo-van-nang-02.png\",\"width\":448,\"height\":111,\"caption\":\"Vannang.vn\"},\"image\":{\"@id\":\"https:\/\/vannangvn.123websitedev.com\/#\/schema\/logo\/image\/\"}}]}<\/script>\n<!-- \/ Yoast SEO Premium plugin. -->","yoast_head_json":{"title":"C\u1ed4NG IOT MIRICO MODEL MR-2540-IOT ch\u00ednh h\u00e3ng | V\u1ea1n N\u0103ng","description":"Mua ngay C\u1ed4NG IOT MIRICO MODEL MR-2540-IOT ch\u00ednh h\u00e3ng. MIRICO MR-2540-IoT l\u00e0 thi\u1ebft b\u1ecb trung t\u00e2m k\u1ebft n\u1ed1i, thu th\u1eadp d\u1eef li\u1ec7u t\u1eeb c\u1ea3m b... Gi\u00e1 t\u1ed1t!","robots":{"index":"noindex","follow":"follow","max-snippet":"max-snippet:-1","max-image-preview":"max-image-preview:large","max-video-preview":"max-video-preview:-1"},"og_locale":"en_US","og_type":"article","og_title":"C\u1ed4NG IOT MIRICO MODEL MR-2540-IOT","og_description":"Mua ngay C\u1ed4NG IOT MIRICO MODEL MR-2540-IOT ch\u00ednh h\u00e3ng. MIRICO MR-2540-IoT l\u00e0 thi\u1ebft b\u1ecb trung t\u00e2m k\u1ebft n\u1ed1i, thu th\u1eadp d\u1eef li\u1ec7u t\u1eeb c\u1ea3m b... Gi\u00e1 t\u1ed1t!","og_url":"https:\/\/vannangvn.123websitedev.com\/en\/product\/cong-iot-mirico-model-mr-2540-iot\/","og_site_name":"Vannang.vn","article_modified_time":"2026-03-30T11:14:12+00:00","twitter_card":"summary_large_image","twitter_misc":{"Est. reading time":"11 minutes"},"schema":{"@context":"https:\/\/schema.org","@graph":[{"@type":"WebPage","@id":"https:\/\/vannangvn.123websitedev.com\/san-pham\/cong-iot-mirico-model-mr-2540-iot\/","url":"https:\/\/vannangvn.123websitedev.com\/san-pham\/cong-iot-mirico-model-mr-2540-iot\/","name":"C\u1ed4NG IOT MIRICO MODEL MR-2540-IOT ch\u00ednh h\u00e3ng | V\u1ea1n N\u0103ng","isPartOf":{"@id":"https:\/\/vannangvn.123websitedev.com\/#website"},"datePublished":"2026-03-20T10:23:29+00:00","dateModified":"2026-03-30T11:14:12+00:00","description":"Mua ngay C\u1ed4NG IOT MIRICO MODEL MR-2540-IOT ch\u00ednh h\u00e3ng. MIRICO MR-2540-IoT l\u00e0 thi\u1ebft b\u1ecb trung t\u00e2m k\u1ebft n\u1ed1i, thu th\u1eadp d\u1eef li\u1ec7u t\u1eeb c\u1ea3m b... Gi\u00e1 t\u1ed1t!","breadcrumb":{"@id":"https:\/\/vannangvn.123websitedev.com\/san-pham\/cong-iot-mirico-model-mr-2540-iot\/#breadcrumb"},"inLanguage":"en-US","potentialAction":[{"@type":"ReadAction","target":["https:\/\/vannangvn.123websitedev.com\/san-pham\/cong-iot-mirico-model-mr-2540-iot\/"]}]},{"@type":"BreadcrumbList","@id":"https:\/\/vannangvn.123websitedev.com\/san-pham\/cong-iot-mirico-model-mr-2540-iot\/#breadcrumb","itemListElement":[{"@type":"ListItem","position":1,"name":"Trang ch\u1ee7","item":"https:\/\/vannangvn.123websitedev.com\/"},{"@type":"ListItem","position":2,"name":"S\u1ea3n ph\u1ea9m","item":"https:\/\/vannangvn.123websitedev.com\/cua-hang\/"},{"@type":"ListItem","position":3,"name":"C\u1ed4NG IOT MIRICO MODEL MR-2540-IOT"}]},{"@type":"WebSite","@id":"https:\/\/vannangvn.123websitedev.com\/#website","url":"https:\/\/vannangvn.123websitedev.com\/","name":"Vannang.vn","description":"","publisher":{"@id":"https:\/\/vannangvn.123websitedev.com\/#organization"},"potentialAction":[{"@type":"SearchAction","target":{"@type":"EntryPoint","urlTemplate":"https:\/\/vannangvn.123websitedev.com\/?s={search_term_string}"},"query-input":{"@type":"PropertyValueSpecification","valueRequired":true,"valueName":"search_term_string"}}],"inLanguage":"en-US"},{"@type":"Organization","@id":"https:\/\/vannangvn.123websitedev.com\/#organization","name":"Vannang.vn","url":"https:\/\/vannangvn.123websitedev.com\/","logo":{"@type":"ImageObject","inLanguage":"en-US","@id":"https:\/\/vannangvn.123websitedev.com\/#\/schema\/logo\/image\/","url":"https:\/\/vannangvn.123websitedev.com\/wp-content\/uploads\/2026\/02\/logo-van-nang-02.png","contentUrl":"https:\/\/vannangvn.123websitedev.com\/wp-content\/uploads\/2026\/02\/logo-van-nang-02.png","width":448,"height":111,"caption":"Vannang.vn"},"image":{"@id":"https:\/\/vannangvn.123websitedev.com\/#\/schema\/logo\/image\/"}}]}},"_links":{"self":[{"href":"https:\/\/vannangvn.123websitedev.com\/en\/wp-json\/wp\/v2\/product\/6172","targetHints":{"allow":["GET"]}}],"collection":[{"href":"https:\/\/vannangvn.123websitedev.com\/en\/wp-json\/wp\/v2\/product"}],"about":[{"href":"https:\/\/vannangvn.123websitedev.com\/en\/wp-json\/wp\/v2\/types\/product"}],"replies":[{"embeddable":true,"href":"https:\/\/vannangvn.123websitedev.com\/en\/wp-json\/wp\/v2\/comments?post=6172"}],"wp:attachment":[{"href":"https:\/\/vannangvn.123websitedev.com\/en\/wp-json\/wp\/v2\/media?parent=6172"}],"wp:term":[{"taxonomy":"product_brand","embeddable":true,"href":"https:\/\/vannangvn.123websitedev.com\/en\/wp-json\/wp\/v2\/product_brand?post=6172"},{"taxonomy":"product_cat","embeddable":true,"href":"https:\/\/vannangvn.123websitedev.com\/en\/wp-json\/wp\/v2\/product_cat?post=6172"},{"taxonomy":"product_tag","embeddable":true,"href":"https:\/\/vannangvn.123websitedev.com\/en\/wp-json\/wp\/v2\/product_tag?post=6172"}],"curies":[{"name":"wp","href":"https:\/\/api.w.org\/{rel}","templated":true}]}}