{"id":6200,"date":"2026-03-20T17:24:05","date_gmt":"2026-03-20T10:24:05","guid":{"rendered":"https:\/\/vannangvn.123websitedev.com\/san-pham\/dau-in-proofing-ong-dong-harper-qd-gravure-proofers\/"},"modified":"2026-03-30T18:14:48","modified_gmt":"2026-03-30T11:14:48","slug":"dau-in-proofing-ong-dong-harper-qd-gravure-proofers","status":"publish","type":"product","link":"https:\/\/vannangvn.123websitedev.com\/en\/product\/dau-in-proofing-ong-dong-harper-qd-gravure-proofers\/","title":{"rendered":"\u0110\u1ea6U IN PROOFING \u1ed0NG \u0110\u1ed2NG HARPER QD GRAVURE PROOFERS"},"content":{"rendered":"<h1 style=\"color: red; font-weight: bold; font-size: 24px;\">T&#7893;ng quan s&#7843;n ph&#7849;m &#272;&#7846;U IN PROOFING &#7888;NG &#272;&#7890;NG HARPER QD GRAVURE PROOFERS<p>&#272;&#7847;u in proofing &#7889;ng &#273;&#7891;ng Harper QD Gravure Proofers<br>\n&#272;&#7847;u in proofing &#7889;ng &#273;&#7891;ng Harper QD Gravure Proofers l&agrave; &#273;&#7847;u proof in gravure (in &#7889;ng &#273;&#7891;ng) chuy&ecirc;n d&#7909;ng, ph&#7909;c v&#7909; nhu c&#7847;u ki&#7875;m tra m&agrave;u, ki&#7875;m tra l&#7899;p m&#7921;c v&agrave; &#273;&aacute;nh gi&aacute; ch&#7845;t l&#432;&#7907;ng in tr&#432;&#7899;c s&#7843;n xu&#7845;t.<br>\nV&#7899;i kh&#7843; n&#259;ng m&ocirc; ph&#7887;ng ch&iacute;nh x&aacute;c &#273;i&#7873;u ki&#7879;n in gravure th&#7921;c t&#7871;, &#272;&#7847;u in Harper QD Gravure Proofer gi&uacute;p ph&aacute;t hi&#7879;n s&#7899;m sai l&#7879;ch v&#7873; m&agrave;u s&#7855;c, l&#432;&#7907;ng m&#7921;c v&agrave; &#273;&#7897; ph&#7911;, gi&#7843;m r&#7911;i ro khi tri&#7875;n khai tr&ecirc;n m&aacute;y in c&ocirc;ng nghi&#7879;p.<br>\nC&ocirc;ng Ty Thi&#7871;t B&#7883; C&ocirc;ng Ngh&#7879; V&#7841;n N&#259;ng cung c&#7845;p &#273;a d&#7841;ng c&aacute;c m&#7851;u m&atilde; &#273;&#7847;y &#273;&#7911; ph&#7909;c v&#7909; cho t&#7915;ng nhu c&#7847;u, m&#7909;c &#273;&iacute;ch s&#7917; d&#7909;ng c&#7911;a kh&aacute;ch h&agrave;ng:<\/p><p>QD Offset Gravure<br>\nQD Universal Gravure<\/p><h2 style=\"color: #0073aa; font-weight: bold; font-size: 20px;\">H&atilde;y c&ugrave;ng V&#7841;n N&#259;ng t&igrave;m hi&#7875;u chi ti&#7871;t h&#417;n v&#7873; s&#7843;n ph&#7849;m th&ocirc;ng qua b&agrave;i vi&#7871;t d&#432;&#7899;i &#273;&acirc;y nh&eacute;!<\/h2><h2 style=\"color: #2e7d32; font-weight: bold; font-size: 20px;\">&#272;&#7863;c &#272;i&#7875;m N&#7893;i B&#7853;t C&#7911;a QD Gravure Proofers<\/h2><p>Thi&#7871;t k&#7871; chuy&ecirc;n d&#7909;ng cho in gravure<br>\nQD Gravure Proofers &#273;&#432;&#7907;c thi&#7871;t k&#7871; d&agrave;nh ri&ecirc;ng cho c&ocirc;ng ngh&#7879; in &#7889;ng &#273;&#7891;ng, cho ph&eacute;p t&aacute;i t&#7841;o ch&iacute;nh x&aacute;c c&#417; ch&#7871; c&#7845;p m&#7921;c, g&#7841;t m&#7921;c v&agrave; truy&#7873;n m&#7921;c t&#432;&#417;ng t&#7921; d&acirc;y chuy&#7873;n s&#7843;n xu&#7845;t th&#7921;c t&#7871;.<br>\nHai c&#7845;u h&igrave;nh gravure linh ho&#7841;t<\/p><p>QD Gravure: S&#7917; d&#7909;ng tr&#7909;c cao su truy&#7873;n m&#7921;c c&oacute; &#273;&#432;&#7901;ng k&iacute;nh t&#432;&#417;ng &#273;&#432;&#417;ng v&#7899;i tr&#7909;c gravure XDI, gi&uacute;p h&igrave;nh &#7843;nh in gi&#7919; &#273;&uacute;ng c&#259;n ch&#7881;nh, &#273;&#7863;c bi&#7879;t ph&ugrave; h&#7907;p cho c&aacute;c &#7913;ng d&#7909;ng c&#7847;n &#273;&#7897; ch&iacute;nh x&aacute;c cao. &#272;&#432;&#7907;c thi&#7871;t k&#7871; &#273;&#7863;c bi&#7879;t &#273;&#7875; s&#7917; d&#7909;ng v&#7899;i QD&trade; Proofer Tables and Printer nh&#432;ng c&#361;ng c&oacute; th&#7875; &#273;&#432;&#7907;c s&#7917; d&#7909;ng nh&#432; m&#7897;t m&aacute;y in th&#7917; c&#7847;m tay &#273;&#7897;c l&#7853;p.<\/p><p>QD Universal Gravure: Kh&ocirc;ng d&ugrave;ng tr&#7909;c trung gian, cho hi&#7879;u su&#7845;t truy&#7873;n m&#7921;c cao h&#417;n, th&iacute;ch h&#7907;p cho v&#7853;t li&#7879;u m&#7873;m nh&#432; gi&#7845;y, film ho&#7863;c foil. &#272;&#7879;m cao su tr&ecirc;n b&agrave;n gi&uacute;p c&#7889; &#273;&#7883;nh v&#7853;t li&#7879;u &#7893;n &#273;&#7883;nh khi in. &#272;&#7847;u in Universal n&agrave;y cho ph&eacute;p &#273;i&#7873;u ch&#7881;nh g&oacute;c dao g&#7841;t m&#7921;c (doctor blade), gi&uacute;p ki&#7875;m so&aacute;t l&#432;&#7907;ng m&#7921;c ch&iacute;nh x&aacute;c, h&#7895; tr&#7907; th&#7917; nghi&#7879;m nhi&#7873;u lo&#7841;i m&#7921;c v&agrave; &#273;&#7897; nh&#7899;t kh&aacute;c nhau.<\/p><p>B&#7897; kit &#273;&#7847;y &#273;&#7911; &ndash; s&#7861;n s&agrave;ng s&#7917; d&#7909;ng ngay<br>\nQD Gravure Proofers Harper &#273;&#432;&#7907;c cung c&#7845;p k&egrave;m b&#7897; ph&#7909; ki&#7879;n ho&agrave;n ch&#7881;nh, gi&uacute;p ng&#432;&#7901;i d&ugrave;ng b&#7855;t &#273;&#7847;u th&#7917; nghi&#7879;m ngay:<\/p><p>5 dao g&#7841;t m&#7921;c (doctor blades)<br>\nTh&#7843;m cao su &#273;&#7905; v&#7853;t li&#7879;u<br>\nKhay r&#7917;a v&agrave; v&#7879; sinh m&aacute;y<br>\nDung d&#7883;ch l&agrave;m s&#7841;ch chuy&ecirc;n d&#7909;ng HarperScientific<br>\nB&#7897; l&#7909;c gi&aacute;c th&aacute;o l&#7855;p<br>\nCh&#7893;i, t&#259;m b&ocirc;ng v&agrave; d&#7847;u b&ocirc;i tr&#417;n b&#7843;o tr&igrave;<br>\nH&#7897;p &#273;&#7921;ng v&agrave; l&#432;u tr&#7919; thi&#7871;t b&#7883;<\/p><p>T&#432;&#417;ng th&iacute;ch v&#7899;i tr&#7909;c anilox &#273;a d&#7841;ng<br>\nHarper QD Gravure Proofer h&#7895; tr&#7907; s&#7917; d&#7909;ng nhi&#7873;u lo&#7841;i anilox roll (b&aacute;n ri&ecirc;ng), gi&uacute;p m&ocirc; ph&#7887;ng ch&iacute;nh x&aacute;c l&#432;&#7907;ng m&#7921;c theo t&#7915;ng c&#7845;u h&igrave;nh in th&#7921;c t&#7871;.<\/p><p>&#7912;ng D&#7909;ng Th&#7921;c T&#7871; C&#7911;a Harper QD Gravure Proofers<br>\nNg&agrave;nh in &#7889;ng &#273;&#7891;ng (Gravure Printing)<br>\nQD Gravure Proofers &#273;&#432;&#7907;c s&#7917; d&#7909;ng r&#7897;ng r&atilde;i trong c&aacute;c x&#432;&#7903;ng in gravure &#273;&#7875; proof m&#7921;c, ki&#7875;m tra l&#7899;p in v&agrave; &#273;&aacute;nh gi&aacute; &#273;&#7897; &#7893;n &#273;&#7883;nh m&agrave;u tr&#432;&#7899;c khi ch&#7841;y m&aacute;y in t&#7889;c &#273;&#7897; cao.<br>\nNg&agrave;nh bao b&igrave; m&#7873;m v&agrave; m&agrave;ng gh&eacute;p<br>\nThi&#7871;t b&#7883; h&#7895; tr&#7907; th&#7917; nghi&#7879;m in tr&ecirc;n film nh&#7921;a, foil nh&ocirc;m, v&#7853;t li&#7879;u gh&eacute;p nhi&#7873;u l&#7899;p, gi&uacute;p ki&#7875;m so&aacute;t ch&#7845;t l&#432;&#7907;ng in bao b&igrave; th&#7921;c ph&#7849;m, d&#432;&#7907;c ph&#7849;m v&agrave; h&agrave;ng ti&ecirc;u d&ugrave;ng.<br>\nPh&ograve;ng R&amp;D v&agrave; trung t&acirc;m th&#7917; nghi&#7879;m m&agrave;u<br>\nTrong c&aacute;c ph&ograve;ng nghi&ecirc;n c&#7913;u v&agrave; ph&aacute;t tri&#7875;n, QD Gravure Proofer gi&uacute;p &#273;&aacute;nh gi&aacute; c&ocirc;ng th&#7913;c m&#7921;c m&#7899;i, th&#7917; nghi&#7879;m anilox v&agrave; doctor blade m&agrave; kh&ocirc;ng t&#7889;n chi ph&iacute; ch&#7841;y m&aacute;y s&#7843;n xu&#7845;t.<br>\nB&#7897; ph&#7853;n QA\/QC v&agrave; ki&#7875;m so&aacute;t ch&#7845;t l&#432;&#7907;ng<br>\nQD Gravure Proofers gi&uacute;p ti&ecirc;u chu&#7849;n h&oacute;a quy tr&igrave;nh ki&#7875;m tra m&#7921;c, m&agrave;u s&#7855;c v&agrave; &#273;&#7897; ph&#7911;, gi&#7843;m nguy c&#417; sai l&#7879;ch gi&#7919;a m&#7851;u th&#7917; v&agrave; s&#7843;n ph&#7849;m th&#432;&#417;ng m&#7841;i.<br>\n&#272;&agrave;o t&#7841;o v&agrave; tr&igrave;nh di&#7877;n c&ocirc;ng ngh&#7879; in<br>\nThi&#7871;t b&#7883; ph&ugrave; h&#7907;p cho &#273;&agrave;o t&#7841;o k&#7929; thu&#7853;t in gravure, demo c&ocirc;ng ngh&#7879; in v&agrave; tr&igrave;nh b&agrave;y gi&#7843;i ph&aacute;p cho kh&aacute;ch h&agrave;ng.<\/p><p>Nh&#7919;ng L&yacute; Do N&ecirc;n Mua M&aacute;y In Th&#7917; T&#7841;i Thi&#7871;t B&#7883; C&ocirc;ng Ngh&#7879; V&#7841;n N&#259;ng<\/p><p>C&ocirc;ng ty Thi&#7871;t B&#7883; C&ocirc;ng Ngh&#7879; V&#7841;n N&#259;ng l&agrave; &#273;&#7889;i t&aacute;c ch&iacute;nh th&#7913;c ph&acirc;n ph&#7889;i M&aacute;y In Th&#7917; h&agrave;ng &#273;&#7847;u t&#7841;i Vi&#7879;t Nam, cam k&#7871;t cung c&#7845;p s&#7843;n ph&#7849;m ch&iacute;nh h&atilde;ng v&#7899;i gi&aacute; c&#7843; c&#7841;nh tranh nh&#7845;t th&#7883; tr&#432;&#7901;ng. V&#7899;i uy t&iacute;n tr&ecirc;n th&#7883; tr&#432;&#7901;ng v&agrave; ch&#7871; &#273;&#7897; h&#7851;u m&atilde;i t&#7889;t, Thi&#7871;t B&#7883; C&ocirc;ng Ngh&#7879; V&#7841;n N&#259;ng &#273;&atilde; nh&#7853;n &#273;&#432;&#7907;c s&#7921; tin t&#432;&#7903;ng t&#7915; kh&aacute;ch h&agrave;ng nh&#7901; v&agrave;o ch&#7845;t l&#432;&#7907;ng h&agrave;ng &#273;&#7847;u c&#7911;a c&aacute;c d&ograve;ng s&#7843;n ph&#7849;m.<br>\nS&#7843;n ph&#7849;m c&#7911;a ch&uacute;ng t&ocirc;i &#273;&#432;&#7907;c ki&#7875;m &#273;&#7883;nh ch&#7845;t l&#432;&#7907;ng, nh&#7853;p kh&#7849;u tr&#7921;c ti&#7871;p t&#7915; nh&agrave; m&aacute;y b&ecirc;n Ch&acirc;u &Acirc;u, M&#7929;, &Uacute;c, Nh&#7853;t B&#7843;n,&hellip; v&agrave; &#273;&aacute;p &#7913;ng nhu c&#7847;u &#273;a d&#7841;ng c&#7911;a th&#7883; tr&#432;&#7901;ng nh&#432;: M&aacute;y &#272;o &#272;&#7897; C&#7913;ng, M&aacute;y SPECTROMAXx, M&aacute;y Ki&#7875;m Tra &#272;&#432;&#7901;ng Gh&eacute;p M&iacute; Lon,&hellip; Ch&uacute;ng t&ocirc;i cam k&#7871;t cung c&#7845;p s&#7843;n ph&#7849;m n&agrave;y tr&ecirc;n to&agrave;n qu&#7889;c v&#7899;i gi&aacute; c&#7843; c&#7841;nh tranh nh&#7845;t.<br>\nCh&uacute;ng t&ocirc;i c&oacute; &#273;&#7897;i ng&#361; chuy&ecirc;n vi&ecirc;n t&#432; v&#7845;n chuy&ecirc;n s&acirc;u s&#7869; h&#7895; tr&#7907; kh&aacute;ch h&agrave;ng v&#7873; chi ti&#7871;t s&#7843;n ph&#7849;m, h&#432;&#7899;ng d&#7851;n s&#7917; d&#7909;ng hay nh&#7919;ng th&#7913; li&ecirc;n quan &#273;&#7871;n v&#7845;n &#273;&#7873; m&agrave; doanh nghi&#7879;p b&#7841;n &#273;ang g&#7863;p ph&#7843;i. Ch&uacute;ng t&ocirc;i s&#7869; cung c&#7845;p nh&#7919;ng gi&#7843;i ph&aacute;p t&#7889;i &#432;u nh&#7845;t!<br>\nNgo&agrave;i ra Thi&#7871;t B&#7883; C&ocirc;ng Ngh&#7879; V&#7841;n N&#259;ng Ch&uacute;ng T&ocirc;i lu&ocirc;n h&#432;&#7899;ng &#273;&#7871;n tr&#7843;i nghi&#7879;m kh&aacute;ch h&agrave;ng, v&igrave; v&#7853;y ch&uacute;ng t&ocirc;i c&oacute; nh&#7919;ng ch&iacute;nh s&aacute;ch b&#7843;o h&agrave;nh, b&#7843;o tr&igrave; &ndash; b&#7843;o d&#432;&#7905;ng, hi&#7879;u chu&#7849;n v&#7899;i t&#7845;t c&#7843; c&aacute;c thi&#7871;t b&#7883;, m&aacute;y m&oacute;c m&agrave; ch&uacute;ng t&ocirc;i cung c&#7845;p. &#272;&#7843;m b&#7843;o mang &#273;&#7871;n cho Kh&aacute;ch h&agrave;ng s&#7921; y&ecirc;n t&acirc;m tuy&#7879;t &#273;&#7889;i v&#7873; d&#7883;ch v&#7909; khi mua h&agrave;ng.<\/p><p>H&atilde;y li&ecirc;n h&#7879; v&#7899;i V&#7841;n N&#259;ng Company &#273;&#7875; &#273;&#432;&#7907;c t&#432; v&#7845;n chi ti&#7871;t v&agrave; nh&#7853;n ngay &#432;u &#273;&atilde;i h&#7845;p d&#7851;n th&ocirc;ng qua hotline\/zalo: <a href=\"https:\/\/zalo.me\/0903991335\" target=\"_blank\" rel=\"noopener\" style=\"color: #059669; font-weight: bold; text-decoration: none;\">0903 991 335<\/a>!<\/p><div style=\"background-color: #f8fafc; border: 1px solid #e2e8f0; border-radius: 8px; padding: 25px; max-width: 800px; margin: 30px auto; color: #334155; line-height: 1.8; font-size: 17px; box-shadow: 0 4px 6px -1px rgba(0,0,0,0.05); text-align: left; clear: both;\">\nC&ocirc;ng ty TNHH Th&#432;&#417;ng M&#7841;i D&#7883;ch V&#7909; Thi&#7871;t B&#7883; C&ocirc;ng Ngh&#7879; V&#7841;n N&#259;ng\n<p style=\"margin: 0 0 10px 0;\">&#128205; <strong style=\"color: #1e293b;\">&#272;&#7883;a ch&#7881;:<\/strong> <a style=\"color: #059669; text-decoration: none; font-weight: bold;\" href=\"https:\/\/www.google.com\/maps\/search\/C%C3%B4ng+ty+TNHH+Th%C6%B0%C6%A1ng+M%E1%BA%A1i+D%E1%BB%8Bch+V%E1%BB%A5+Thi%E1%BA%BFt+B%E1%BB%8B+C%C3%B4ng+Ngh%E1%BB%87+V%E1%BA%A1n+N%C4%83ng+818+Tr%C6%B0%E1%BB%9Dng+Chinh\" target=\"_blank\" rel=\"noopener\">818 Tr&#432;&#7901;ng Chinh, Ph&#432;&#7901;ng T&acirc;n S&#417;n, Th&agrave;nh ph&#7889; H&#7891; Ch&iacute; Minh, Vi&#7879;t Nam<\/a><\/p>\n<p style=\"margin: 0 0 10px 0;\">&#128222; <strong style=\"color: #1e293b;\">S&#272;T &ndash; Zalo:<\/strong> <a style=\"color: #059669; text-decoration: none; font-weight: bold;\" href=\"https:\/\/zalo.me\/0903991335\" target=\"_blank\" rel=\"noopener\">0903 991 335<\/a> <span style=\"color: #64748b; font-style: italic;\">(Ms. H&#7841;nh &ndash; Gi&aacute;m &#272;&#7889;c Kinh Doanh)<\/span><\/p>\n<p style=\"margin: 0;\">&#9993;&#65039; <strong style=\"color: #1e293b;\">Email:<\/strong> <a style=\"color: #059669; text-decoration: none; font-weight: bold;\" href=\"mailto:hienhanh@vannangvn.com\">hienhanh@vannangvn.com<\/a><\/p>\n<\/div><\/h1>","protected":false},"excerpt":{"rendered":"<p><strong>Th&#432;&#417;ng hi&#7879;u:<\/strong> Harper<br>\n<strong>Model:<\/strong> QD Gravure Proofers<p>Product <strong>&#272;&#7846;U IN PROOFING &#7888;NG &#272;&#7890;NG HARPER QD GRAVURE PROOFERS<\/strong> ch&iacute;nh h&atilde;ng. Harper (USA)<br>\n&#272;&#7847;u in proofing &#7889;ng &#273;&#7891;ng Harper QD Gravure Proofers l&agrave; thi&#7871;t b&#7883; proof in &#7889;ng &#273;&#7891;ng chuy&ecirc;n d&#7909;ng, h&#7895; tr&#7907; offset v&agrave; direct gravure, gi&uacute;p ki&#7875;m tra m&agrave;u, l&#432;&#7907;ng m&#7921;c v&agrave; ch&#7845;t l&#432;&#7907;ng in ch&iacute;nh x&aacute;c cho bao b&igrave;, film v&agrave; ph&ograve;ng R&amp;D.<\/p><\/p>","protected":false},"featured_media":10259,"comment_status":"open","ping_status":"closed","template":"","meta":[],"product_brand":[],"product_cat":[18],"product_tag":[119,123,163,413,420,598,853,854,855],"class_list":{"0":"post-6200","1":"product","2":"type-product","3":"status-publish","4":"has-post-thumbnail","6":"product_cat-chua-phan-loai","7":"product_tag-in","8":"product_tag-harper","9":"product_tag-dong","10":"product_tag-qd","11":"product_tag-dau","12":"product_tag-ong","13":"product_tag-proofing","14":"product_tag-gravure","15":"product_tag-proofers","17":"first","18":"instock","19":"shipping-taxable","20":"product-type-simple"},"yoast_head":"<!-- This site is optimized with the Yoast SEO Premium plugin v24.8 (Yoast SEO v24.8) - https:\/\/yoast.com\/wordpress\/plugins\/seo\/ -->\n<title>\u0110\u1ea6U IN PROOFING \u1ed0NG \u0110\u1ed2NG HARPER QD ... ch\u00ednh h\u00e3ng | V\u1ea1n N\u0103ng<\/title>\n<meta name=\"description\" content=\"Mua ngay \u0110\u1ea6U IN PROOFING \u1ed0NG \u0110\u1ed2NG HARPER QD GRAVURE PROOFERS ch\u00ednh h\u00e3ng. \u0110\u1ea7u in proofing \u1ed1ng \u0111\u1ed3ng Harper QD Gravure Proofers l\u00e0 th... Gi\u00e1 t\u1ed1t!\" \/>\n<meta name=\"robots\" content=\"noindex, follow, max-snippet:-1, max-image-preview:large, max-video-preview:-1\" \/>\n<meta property=\"og:locale\" content=\"en_US\" \/>\n<meta property=\"og:type\" content=\"article\" \/>\n<meta property=\"og:title\" content=\"\u0110\u1ea6U IN PROOFING \u1ed0NG \u0110\u1ed2NG HARPER QD GRAVURE PROOFERS\" \/>\n<meta property=\"og:description\" content=\"Mua ngay \u0110\u1ea6U IN PROOFING \u1ed0NG \u0110\u1ed2NG HARPER QD GRAVURE PROOFERS ch\u00ednh h\u00e3ng. \u0110\u1ea7u in proofing \u1ed1ng \u0111\u1ed3ng Harper QD Gravure Proofers l\u00e0 th... Gi\u00e1 t\u1ed1t!\" \/>\n<meta property=\"og:url\" content=\"https:\/\/vannangvn.123websitedev.com\/en\/product\/dau-in-proofing-ong-dong-harper-qd-gravure-proofers\/\" \/>\n<meta property=\"og:site_name\" content=\"Vannang.vn\" \/>\n<meta property=\"article:modified_time\" content=\"2026-03-30T11:14:48+00:00\" \/>\n<meta property=\"og:image\" content=\"http:\/\/vannangvn.123websitedev.com\/wp-content\/uploads\/2026\/03\/Nang-Luc-Canva-1-768x576-copy.jpg\" \/>\n\t<meta property=\"og:image:width\" content=\"768\" \/>\n\t<meta property=\"og:image:height\" content=\"576\" \/>\n\t<meta property=\"og:image:type\" content=\"image\/jpeg\" \/>\n<meta name=\"twitter:card\" content=\"summary_large_image\" \/>\n<meta name=\"twitter:label1\" content=\"Est. reading time\" \/>\n\t<meta name=\"twitter:data1\" content=\"8 minutes\" \/>\n<script type=\"application\/ld+json\" class=\"yoast-schema-graph\">{\"@context\":\"https:\/\/schema.org\",\"@graph\":[{\"@type\":\"WebPage\",\"@id\":\"https:\/\/vannangvn.123websitedev.com\/san-pham\/dau-in-proofing-ong-dong-harper-qd-gravure-proofers\/\",\"url\":\"https:\/\/vannangvn.123websitedev.com\/san-pham\/dau-in-proofing-ong-dong-harper-qd-gravure-proofers\/\",\"name\":\"\u0110\u1ea6U IN PROOFING \u1ed0NG \u0110\u1ed2NG HARPER QD ... ch\u00ednh h\u00e3ng | V\u1ea1n N\u0103ng\",\"isPartOf\":{\"@id\":\"https:\/\/vannangvn.123websitedev.com\/#website\"},\"primaryImageOfPage\":{\"@id\":\"https:\/\/vannangvn.123websitedev.com\/san-pham\/dau-in-proofing-ong-dong-harper-qd-gravure-proofers\/#primaryimage\"},\"image\":{\"@id\":\"https:\/\/vannangvn.123websitedev.com\/san-pham\/dau-in-proofing-ong-dong-harper-qd-gravure-proofers\/#primaryimage\"},\"thumbnailUrl\":\"https:\/\/vannangvn.123websitedev.com\/wp-content\/uploads\/2026\/03\/Nang-Luc-Canva-1-768x576-copy.jpg\",\"datePublished\":\"2026-03-20T10:24:05+00:00\",\"dateModified\":\"2026-03-30T11:14:48+00:00\",\"description\":\"Mua ngay \u0110\u1ea6U IN PROOFING \u1ed0NG \u0110\u1ed2NG HARPER QD GRAVURE PROOFERS ch\u00ednh h\u00e3ng. \u0110\u1ea7u in proofing \u1ed1ng \u0111\u1ed3ng Harper QD Gravure Proofers l\u00e0 th... Gi\u00e1 t\u1ed1t!\",\"breadcrumb\":{\"@id\":\"https:\/\/vannangvn.123websitedev.com\/san-pham\/dau-in-proofing-ong-dong-harper-qd-gravure-proofers\/#breadcrumb\"},\"inLanguage\":\"en-US\",\"potentialAction\":[{\"@type\":\"ReadAction\",\"target\":[\"https:\/\/vannangvn.123websitedev.com\/san-pham\/dau-in-proofing-ong-dong-harper-qd-gravure-proofers\/\"]}]},{\"@type\":\"ImageObject\",\"inLanguage\":\"en-US\",\"@id\":\"https:\/\/vannangvn.123websitedev.com\/san-pham\/dau-in-proofing-ong-dong-harper-qd-gravure-proofers\/#primaryimage\",\"url\":\"https:\/\/vannangvn.123websitedev.com\/wp-content\/uploads\/2026\/03\/Nang-Luc-Canva-1-768x576-copy.jpg\",\"contentUrl\":\"https:\/\/vannangvn.123websitedev.com\/wp-content\/uploads\/2026\/03\/Nang-Luc-Canva-1-768x576-copy.jpg\",\"width\":768,\"height\":576},{\"@type\":\"BreadcrumbList\",\"@id\":\"https:\/\/vannangvn.123websitedev.com\/san-pham\/dau-in-proofing-ong-dong-harper-qd-gravure-proofers\/#breadcrumb\",\"itemListElement\":[{\"@type\":\"ListItem\",\"position\":1,\"name\":\"Trang ch\u1ee7\",\"item\":\"https:\/\/vannangvn.123websitedev.com\/\"},{\"@type\":\"ListItem\",\"position\":2,\"name\":\"S\u1ea3n ph\u1ea9m\",\"item\":\"https:\/\/vannangvn.123websitedev.com\/cua-hang\/\"},{\"@type\":\"ListItem\",\"position\":3,\"name\":\"\u0110\u1ea6U IN PROOFING \u1ed0NG \u0110\u1ed2NG HARPER QD GRAVURE PROOFERS\"}]},{\"@type\":\"WebSite\",\"@id\":\"https:\/\/vannangvn.123websitedev.com\/#website\",\"url\":\"https:\/\/vannangvn.123websitedev.com\/\",\"name\":\"Vannang.vn\",\"description\":\"\",\"publisher\":{\"@id\":\"https:\/\/vannangvn.123websitedev.com\/#organization\"},\"potentialAction\":[{\"@type\":\"SearchAction\",\"target\":{\"@type\":\"EntryPoint\",\"urlTemplate\":\"https:\/\/vannangvn.123websitedev.com\/?s={search_term_string}\"},\"query-input\":{\"@type\":\"PropertyValueSpecification\",\"valueRequired\":true,\"valueName\":\"search_term_string\"}}],\"inLanguage\":\"en-US\"},{\"@type\":\"Organization\",\"@id\":\"https:\/\/vannangvn.123websitedev.com\/#organization\",\"name\":\"Vannang.vn\",\"url\":\"https:\/\/vannangvn.123websitedev.com\/\",\"logo\":{\"@type\":\"ImageObject\",\"inLanguage\":\"en-US\",\"@id\":\"https:\/\/vannangvn.123websitedev.com\/#\/schema\/logo\/image\/\",\"url\":\"https:\/\/vannangvn.123websitedev.com\/wp-content\/uploads\/2026\/02\/logo-van-nang-02.png\",\"contentUrl\":\"https:\/\/vannangvn.123websitedev.com\/wp-content\/uploads\/2026\/02\/logo-van-nang-02.png\",\"width\":448,\"height\":111,\"caption\":\"Vannang.vn\"},\"image\":{\"@id\":\"https:\/\/vannangvn.123websitedev.com\/#\/schema\/logo\/image\/\"}}]}<\/script>\n<!-- \/ Yoast SEO Premium plugin. -->","yoast_head_json":{"title":"\u0110\u1ea6U IN PROOFING \u1ed0NG \u0110\u1ed2NG HARPER QD ... ch\u00ednh h\u00e3ng | V\u1ea1n N\u0103ng","description":"Mua ngay \u0110\u1ea6U IN PROOFING \u1ed0NG \u0110\u1ed2NG HARPER QD GRAVURE PROOFERS ch\u00ednh h\u00e3ng. \u0110\u1ea7u in proofing \u1ed1ng \u0111\u1ed3ng Harper QD Gravure Proofers l\u00e0 th... Gi\u00e1 t\u1ed1t!","robots":{"index":"noindex","follow":"follow","max-snippet":"max-snippet:-1","max-image-preview":"max-image-preview:large","max-video-preview":"max-video-preview:-1"},"og_locale":"en_US","og_type":"article","og_title":"\u0110\u1ea6U IN PROOFING \u1ed0NG \u0110\u1ed2NG HARPER QD GRAVURE PROOFERS","og_description":"Mua ngay \u0110\u1ea6U IN PROOFING \u1ed0NG \u0110\u1ed2NG HARPER QD GRAVURE PROOFERS ch\u00ednh h\u00e3ng. \u0110\u1ea7u in proofing \u1ed1ng \u0111\u1ed3ng Harper QD Gravure Proofers l\u00e0 th... Gi\u00e1 t\u1ed1t!","og_url":"https:\/\/vannangvn.123websitedev.com\/en\/product\/dau-in-proofing-ong-dong-harper-qd-gravure-proofers\/","og_site_name":"Vannang.vn","article_modified_time":"2026-03-30T11:14:48+00:00","og_image":[{"width":768,"height":576,"url":"http:\/\/vannangvn.123websitedev.com\/wp-content\/uploads\/2026\/03\/Nang-Luc-Canva-1-768x576-copy.jpg","type":"image\/jpeg"}],"twitter_card":"summary_large_image","twitter_misc":{"Est. reading time":"8 minutes"},"schema":{"@context":"https:\/\/schema.org","@graph":[{"@type":"WebPage","@id":"https:\/\/vannangvn.123websitedev.com\/san-pham\/dau-in-proofing-ong-dong-harper-qd-gravure-proofers\/","url":"https:\/\/vannangvn.123websitedev.com\/san-pham\/dau-in-proofing-ong-dong-harper-qd-gravure-proofers\/","name":"\u0110\u1ea6U IN PROOFING \u1ed0NG \u0110\u1ed2NG HARPER QD ... ch\u00ednh h\u00e3ng | V\u1ea1n N\u0103ng","isPartOf":{"@id":"https:\/\/vannangvn.123websitedev.com\/#website"},"primaryImageOfPage":{"@id":"https:\/\/vannangvn.123websitedev.com\/san-pham\/dau-in-proofing-ong-dong-harper-qd-gravure-proofers\/#primaryimage"},"image":{"@id":"https:\/\/vannangvn.123websitedev.com\/san-pham\/dau-in-proofing-ong-dong-harper-qd-gravure-proofers\/#primaryimage"},"thumbnailUrl":"https:\/\/vannangvn.123websitedev.com\/wp-content\/uploads\/2026\/03\/Nang-Luc-Canva-1-768x576-copy.jpg","datePublished":"2026-03-20T10:24:05+00:00","dateModified":"2026-03-30T11:14:48+00:00","description":"Mua ngay \u0110\u1ea6U IN PROOFING \u1ed0NG \u0110\u1ed2NG HARPER QD GRAVURE PROOFERS ch\u00ednh h\u00e3ng. \u0110\u1ea7u in proofing \u1ed1ng \u0111\u1ed3ng Harper QD Gravure Proofers l\u00e0 th... Gi\u00e1 t\u1ed1t!","breadcrumb":{"@id":"https:\/\/vannangvn.123websitedev.com\/san-pham\/dau-in-proofing-ong-dong-harper-qd-gravure-proofers\/#breadcrumb"},"inLanguage":"en-US","potentialAction":[{"@type":"ReadAction","target":["https:\/\/vannangvn.123websitedev.com\/san-pham\/dau-in-proofing-ong-dong-harper-qd-gravure-proofers\/"]}]},{"@type":"ImageObject","inLanguage":"en-US","@id":"https:\/\/vannangvn.123websitedev.com\/san-pham\/dau-in-proofing-ong-dong-harper-qd-gravure-proofers\/#primaryimage","url":"https:\/\/vannangvn.123websitedev.com\/wp-content\/uploads\/2026\/03\/Nang-Luc-Canva-1-768x576-copy.jpg","contentUrl":"https:\/\/vannangvn.123websitedev.com\/wp-content\/uploads\/2026\/03\/Nang-Luc-Canva-1-768x576-copy.jpg","width":768,"height":576},{"@type":"BreadcrumbList","@id":"https:\/\/vannangvn.123websitedev.com\/san-pham\/dau-in-proofing-ong-dong-harper-qd-gravure-proofers\/#breadcrumb","itemListElement":[{"@type":"ListItem","position":1,"name":"Trang ch\u1ee7","item":"https:\/\/vannangvn.123websitedev.com\/"},{"@type":"ListItem","position":2,"name":"S\u1ea3n ph\u1ea9m","item":"https:\/\/vannangvn.123websitedev.com\/cua-hang\/"},{"@type":"ListItem","position":3,"name":"\u0110\u1ea6U IN PROOFING \u1ed0NG \u0110\u1ed2NG HARPER QD GRAVURE PROOFERS"}]},{"@type":"WebSite","@id":"https:\/\/vannangvn.123websitedev.com\/#website","url":"https:\/\/vannangvn.123websitedev.com\/","name":"Vannang.vn","description":"","publisher":{"@id":"https:\/\/vannangvn.123websitedev.com\/#organization"},"potentialAction":[{"@type":"SearchAction","target":{"@type":"EntryPoint","urlTemplate":"https:\/\/vannangvn.123websitedev.com\/?s={search_term_string}"},"query-input":{"@type":"PropertyValueSpecification","valueRequired":true,"valueName":"search_term_string"}}],"inLanguage":"en-US"},{"@type":"Organization","@id":"https:\/\/vannangvn.123websitedev.com\/#organization","name":"Vannang.vn","url":"https:\/\/vannangvn.123websitedev.com\/","logo":{"@type":"ImageObject","inLanguage":"en-US","@id":"https:\/\/vannangvn.123websitedev.com\/#\/schema\/logo\/image\/","url":"https:\/\/vannangvn.123websitedev.com\/wp-content\/uploads\/2026\/02\/logo-van-nang-02.png","contentUrl":"https:\/\/vannangvn.123websitedev.com\/wp-content\/uploads\/2026\/02\/logo-van-nang-02.png","width":448,"height":111,"caption":"Vannang.vn"},"image":{"@id":"https:\/\/vannangvn.123websitedev.com\/#\/schema\/logo\/image\/"}}]}},"_links":{"self":[{"href":"https:\/\/vannangvn.123websitedev.com\/en\/wp-json\/wp\/v2\/product\/6200","targetHints":{"allow":["GET"]}}],"collection":[{"href":"https:\/\/vannangvn.123websitedev.com\/en\/wp-json\/wp\/v2\/product"}],"about":[{"href":"https:\/\/vannangvn.123websitedev.com\/en\/wp-json\/wp\/v2\/types\/product"}],"replies":[{"embeddable":true,"href":"https:\/\/vannangvn.123websitedev.com\/en\/wp-json\/wp\/v2\/comments?post=6200"}],"wp:featuredmedia":[{"embeddable":true,"href":"https:\/\/vannangvn.123websitedev.com\/en\/wp-json\/wp\/v2\/media\/10259"}],"wp:attachment":[{"href":"https:\/\/vannangvn.123websitedev.com\/en\/wp-json\/wp\/v2\/media?parent=6200"}],"wp:term":[{"taxonomy":"product_brand","embeddable":true,"href":"https:\/\/vannangvn.123websitedev.com\/en\/wp-json\/wp\/v2\/product_brand?post=6200"},{"taxonomy":"product_cat","embeddable":true,"href":"https:\/\/vannangvn.123websitedev.com\/en\/wp-json\/wp\/v2\/product_cat?post=6200"},{"taxonomy":"product_tag","embeddable":true,"href":"https:\/\/vannangvn.123websitedev.com\/en\/wp-json\/wp\/v2\/product_tag?post=6200"}],"curies":[{"name":"wp","href":"https:\/\/api.w.org\/{rel}","templated":true}]}}