{"id":6211,"date":"2026-03-20T17:24:16","date_gmt":"2026-03-20T10:24:16","guid":{"rendered":"https:\/\/vannangvn.123websitedev.com\/san-pham\/den-ho-quang-xenon-q-lab-model-x-1800-2\/"},"modified":"2026-03-30T18:15:04","modified_gmt":"2026-03-30T11:15:04","slug":"den-ho-quang-xenon-q-lab-model-x-1800-2","status":"publish","type":"product","link":"https:\/\/vannangvn.123websitedev.com\/en\/product\/den-ho-quang-xenon-q-lab-model-x-1800-2\/","title":{"rendered":"\u0110\u00c8N H\u1ed2 QUANG XENON Q-LAB MODEL X-1800+"},"content":{"rendered":"<h1 style=\"color: red; font-weight: bold; font-size: 24px;\">T&#7893;ng quan s&#7843;n ph&#7849;m &#272;&Egrave;N H&#7890; QUANG XENON Q-LAB MODEL X-1800+<p>&#272;&egrave;n H&#7891; Quang Xenon Q-LAB Model X-1800+<br>\nQ-LAB X-1800+ l&agrave; &#273;&egrave;n h&#7891; quang xenon c&ocirc;ng su&#7845;t 1800W, ph&aacute;t ra quang ph&#7893; li&ecirc;n t&#7909;c t&#432;&#417;ng t&#7921; &aacute;nh s&aacute;ng m&#7863;t tr&#7901;i t&#7921; nhi&ecirc;n. Khi ho&#7841;t &#273;&#7897;ng, h&#7891; quang xenon &#273;&#432;&#7907;c t&#7841;o ra gi&#7919;a hai &#273;i&#7879;n c&#7921;c trong m&ocirc;i tr&#432;&#7901;ng kh&iacute; xenon n&eacute;n cao, cho ngu&#7891;n s&aacute;ng &#7893;n &#273;&#7883;nh v&agrave; c&#432;&#7901;ng &#273;&#7897; m&#7841;nh.<br>\nM&#7895;i b&oacute;ng &#273;&egrave;n c&oacute; tu&#7893;i th&#7885; trung b&igrave;nh 1500 gi&#7901;, duy tr&igrave; quang ph&#7893; &#7893;n &#273;&#7883;nh su&#7889;t qu&aacute; tr&igrave;nh th&#7917; nghi&#7879;m. Khi &#273;&#7841;t gi&#7899;i h&#7841;n s&#7917; d&#7909;ng, b&oacute;ng &#273;&egrave;n &#273;&#432;&#7907;c thay th&#7871; nhanh ch&oacute;ng &#273;&#7875; &#273;&#7843;m b&#7843;o &#273;&#7897; ch&iacute;nh x&aacute;c c&#7911;a k&#7871;t qu&#7843; &#273;o. H&atilde;y c&ugrave;ng V&#7841;n N&#259;ng t&igrave;m hi&#7875;u chi ti&#7871;t h&#417;n v&#7873; s&#7843;n ph&#7849;m th&ocirc;ng qua b&agrave;i vi&#7871;t d&#432;&#7899;i &#273;&acirc;y!<\/p><p>N&eacute;t &#272;&#7863;c Tr&#432;ng C&#7911;a X-1800+<br>\nM&ocirc; ph&#7887;ng to&agrave;n b&#7897; quang ph&#7893; &aacute;nh s&aacute;ng m&#7863;t tr&#7901;i<br>\nModel X-1800+ t&aacute;i t&#7841;o ch&iacute;nh x&aacute;c c&#7843; ba v&ugrave;ng tia UV, kh&#7843; ki&#7871;n v&agrave; IR &ndash; &#273;i&#7873;u m&agrave; c&aacute;c lo&#7841;i &#273;&egrave;n UV th&ocirc;ng th&#432;&#7901;ng kh&ocirc;ng th&#7875; l&agrave;m &#273;&#432;&#7907;c. Nh&#7901; v&#7853;y, v&#7853;t li&#7879;u &#273;&#432;&#7907;c th&#7917; nghi&#7879;m trong &#273;i&#7873;u ki&#7879;n t&#432;&#417;ng t&#7921; ngo&agrave;i tr&#7901;i th&#7921;c t&#7871;.<br>\nL&agrave;m m&aacute;t b&#7857;ng kh&ocirc;ng kh&iacute;<br>\nKh&ocirc;ng c&#7847;n h&#7879; th&#7889;ng l&agrave;m m&aacute;t b&#7857;ng n&#432;&#7899;c, &#272;&egrave;n Model X-1800+ ho&#7841;t &#273;&#7897;ng &#7893;n &#273;&#7883;nh nh&#7901; l&agrave;m m&aacute;t kh&ocirc;ng kh&iacute;, gi&uacute;p:<\/p><p>Gi&#7843;m chi ph&iacute; b&#7843;o tr&igrave; v&agrave; v&#7853;n h&agrave;nh.<br>\nH&#7841;n ch&#7871; r&#7911;i ro r&ograve; r&#7881; ho&#7863;c &#259;n m&ograve;n.<br>\nD&#7877; d&agrave;ng thay th&#7871;, kh&ocirc;ng y&ecirc;u c&#7847;u k&#7929; thu&#7853;t ph&#7913;c t&#7841;p.<\/p><p>Tu&#7893;i th&#7885; d&agrave;i<br>\nTu&#7893;i th&#7885; 1500 gi&#7901; gi&uacute;p k&eacute;o d&agrave;i chu k&#7923; thay th&#7871;, ti&#7871;t ki&#7879;m chi ph&iacute; v&#7853;n h&agrave;nh. N&#259;ng l&#432;&#7907;ng b&#7913;c x&#7841; v&agrave; quang ph&#7893; c&#7911;a &#273;&egrave;n lu&ocirc;n &#7893;n &#273;&#7883;nh, &#273;&#7843;m b&#7843;o t&iacute;nh t&aacute;i l&#7853;p gi&#7919;a c&aacute;c ph&eacute;p th&#7917;.<br>\nHi&#7879;u qu&#7843; kinh t&#7871; v&agrave; &#273;&#7897; tin c&#7853;y<br>\nNh&#7901; hi&#7879;u su&#7845;t cao v&agrave; tu&#7893;i th&#7885; d&agrave;i, &#272;&egrave;n H&#7891; Quang Xenon Q-LAB X-1800+ gi&uacute;p gi&#7843;m &#273;&aacute;ng k&#7875; chi ph&iacute; v&#7853;n h&agrave;nh d&agrave;i h&#7841;n cho ph&ograve;ng th&iacute; nghi&#7879;m. B&ecirc;n c&#7841;nh &#273;&oacute;, ngu&#7891;n s&aacute;ng &#7893;n &#273;&#7883;nh mang l&#7841;i &#273;&#7897; tin c&#7853;y v&agrave; &#273;&#7897; l&#7863;p l&#7841;i cao trong k&#7871;t qu&#7843; th&#7917; nghi&#7879;m &ndash; y&#7871;u t&#7889; quan tr&#7885;ng trong ki&#7875;m &#273;&#7883;nh ch&#7845;t l&#432;&#7907;ng v&agrave; nghi&ecirc;n c&#7913;u v&#7853;t li&#7879;u m&#7899;i.<br>\nTu&acirc;n th&#7911; ti&ecirc;u chu&#7849;n qu&#7889;c t&#7871;<br>\nX-1800+ Q-LAB &#273;&aacute;p &#7913;ng &#273;&#7847;y &#273;&#7911; c&aacute;c ti&ecirc;u chu&#7849;n th&#7917; nghi&#7879;m qu&#7889;c t&#7871;:<\/p><p>ASTM G155 &ndash; Ngu&#7891;n s&aacute;ng xenon cho th&#7917; nghi&#7879;m l&atilde;o h&oacute;a v&#7853;t li&#7879;u.<br>\nISO 4892-2 &ndash; Th&#7917; v&#7853;t li&#7879;u nh&#7921;a d&#432;&#7899;i &#273;&egrave;n xenon.<br>\nSAE J2527 \/ J1960 &ndash; Th&#7917; &#273;&#7897; b&#7873;n &aacute;nh s&aacute;ng cho v&#7853;t li&#7879;u &ocirc; t&ocirc;.<br>\nAATCC TM16 &ndash; Th&#7917; &#273;&#7897; b&#7873;n &aacute;nh s&aacute;ng c&#7911;a d&#7879;t may.<\/p><p>Vi&#7879;c s&#7917; d&#7909;ng X-1800+ &#273;&#7843;m b&#7843;o k&#7871;t qu&#7843; th&#7917; nghi&#7879;m tu&acirc;n th&#7911; quy &#273;&#7883;nh qu&#7889;c t&#7871;, d&#7877; d&agrave;ng &#273;&#7889;i chi&#7871;u v&agrave; ch&#7913;ng minh ch&#7845;t l&#432;&#7907;ng s&#7843;n ph&#7849;m trong c&aacute;c b&aacute;o c&aacute;o k&#7929; thu&#7853;t.<\/p><p>Kh&#7843; N&#259;ng T&#432;&#417;ng Th&iacute;ch V&agrave; &#7912;ng D&#7909;ng<br>\n&#272;&egrave;n Q-LAB X-1800+ &#273;&#432;&#7907;c thi&#7871;t k&#7871; chuy&ecirc;n d&#7909;ng cho:<\/p><p>M&aacute;y Q-SUN Xe-1: D&ograve;ng m&aacute;y m&#7897;t &#273;&egrave;n, nh&#7887; g&#7885;n v&agrave; ti&#7871;t ki&#7879;m kh&ocirc;ng gian.<br>\nM&aacute;y Q-SUN Xe-3: D&ograve;ng m&aacute;y c&ocirc;ng nghi&#7879;p v&#7899;i ba &#273;&egrave;n xenon, cho ph&eacute;p th&#7917; nghi&#7879;m &#273;&#7891;ng th&#7901;i nhi&#7873;u m&#7851;u v&#7899;i &#273;&#7897; ch&iacute;nh x&aacute;c cao.<\/p><p>Nh&#7901; kh&#7843; n&#259;ng m&ocirc; ph&#7887;ng ch&iacute;nh x&aacute;c &aacute;nh s&aacute;ng t&#7921; nhi&ecirc;n, Model X-1800+ &#273;&#432;&#7907;c &#7913;ng d&#7909;ng r&#7897;ng r&atilde;i trong nhi&#7873;u l&#297;nh v&#7921;c:<\/p><p>S&#417;n ph&#7911; v&agrave; m&#7921;c in: &#272;&aacute;nh gi&aacute; &#273;&#7897; phai m&agrave;u, bong tr&oacute;c, n&#7913;t b&#7873; m&#7863;t.<br>\nNh&#7921;a, cao su v&agrave; polymer: Ki&#7875;m tra kh&#7843; n&#259;ng ch&#7883;u &aacute;nh s&aacute;ng v&agrave; gi&#7919; m&agrave;u.<br>\nD&#7879;t may: &#272;&aacute;nh gi&aacute; &#273;&#7897; b&#7873;n &aacute;nh s&aacute;ng, &#273;&#7897; gi&#7919; m&agrave;u v&#7843;i.<\/p><h2 style=\"color: #0073aa; font-weight: bold; font-size: 20px;\">&Ocirc; t&ocirc;, h&agrave;ng kh&ocirc;ng: Ki&#7875;m tra chi ti&#7871;t n&#7897;i th&#7845;t v&agrave; v&#7853;t li&#7879;u trang tr&iacute; ch&#7883;u n&#7855;ng n&oacute;ng.<\/h2><p>Bao b&igrave;, s&#7843;n ph&#7849;m ti&ecirc;u d&ugrave;ng: &#272;&#7843;m b&#7843;o &#273;&#7897; b&#7873;n v&agrave; t&iacute;nh th&#7849;m m&#7929; sau th&#7901;i gian ph&#417;i s&aacute;ng.<\/p><p>Nh&#7919;ng L&yacute; Do N&ecirc;n Mua &#272;&egrave;n H&#7891; Quang Xenon T&#7841;i Thi&#7871;t B&#7883; C&ocirc;ng Ngh&#7879; V&#7841;n N&#259;ng<\/p><p>C&ocirc;ng ty Thi&#7871;t B&#7883; C&ocirc;ng Ngh&#7879; V&#7841;n N&#259;ng l&agrave; &#273;&#7889;i t&aacute;c ch&iacute;nh th&#7913;c ph&acirc;n ph&#7889;i &#272;&egrave;n H&#7891; Quang Xenon h&agrave;ng &#273;&#7847;u t&#7841;i Vi&#7879;t Nam, cam k&#7871;t cung c&#7845;p s&#7843;n ph&#7849;m ch&iacute;nh h&atilde;ng v&#7899;i gi&aacute; c&#7843; c&#7841;nh tranh nh&#7845;t th&#7883; tr&#432;&#7901;ng. V&#7899;i uy t&iacute;n tr&ecirc;n th&#7883; tr&#432;&#7901;ng v&agrave; ch&#7871; &#273;&#7897; h&#7851;u m&atilde;i t&#7889;t, Thi&#7871;t B&#7883; C&ocirc;ng Ngh&#7879; V&#7841;n N&#259;ng &#273;&atilde; nh&#7853;n &#273;&#432;&#7907;c s&#7921; tin t&#432;&#7903;ng t&#7915; kh&aacute;ch h&agrave;ng nh&#7901; v&agrave;o ch&#7845;t l&#432;&#7907;ng h&agrave;ng &#273;&#7847;u c&#7911;a c&aacute;c d&ograve;ng s&#7843;n ph&#7849;m.<br>\nS&#7843;n ph&#7849;m c&#7911;a ch&uacute;ng t&ocirc;i &#273;&#432;&#7907;c ki&#7875;m &#273;&#7883;nh ch&#7845;t l&#432;&#7907;ng, nh&#7853;p kh&#7849;u tr&#7921;c ti&#7871;p t&#7915; nh&agrave; m&aacute;y b&ecirc;n Ch&acirc;u &Acirc;u, M&#7929;, &Uacute;c, Nh&#7853;t B&#7843;n,&hellip; v&agrave; &#273;&aacute;p &#7913;ng nhu c&#7847;u &#273;a d&#7841;ng c&#7911;a th&#7883; tr&#432;&#7901;ng nh&#432;: M&aacute;y &#272;o &#272;&#7897; C&#7913;ng, M&aacute;y SPECTROMAXx, M&aacute;y Ki&#7875;m Tra &#272;&#432;&#7901;ng Gh&eacute;p M&iacute; Lon,&hellip; Ch&uacute;ng t&ocirc;i cam k&#7871;t cung c&#7845;p s&#7843;n ph&#7849;m n&agrave;y tr&ecirc;n to&agrave;n qu&#7889;c v&#7899;i gi&aacute; c&#7843; c&#7841;nh tranh nh&#7845;t.<br>\nCh&uacute;ng t&ocirc;i c&oacute; &#273;&#7897;i ng&#361; chuy&ecirc;n vi&ecirc;n t&#432; v&#7845;n chuy&ecirc;n s&acirc;u s&#7869; h&#7895; tr&#7907; kh&aacute;ch h&agrave;ng v&#7873; chi ti&#7871;t s&#7843;n ph&#7849;m, h&#432;&#7899;ng d&#7851;n s&#7917; d&#7909;ng hay nh&#7919;ng th&#7913; li&ecirc;n quan &#273;&#7871;n v&#7845;n &#273;&#7873; m&agrave; doanh nghi&#7879;p b&#7841;n &#273;ang g&#7863;p ph&#7843;i. Ch&uacute;ng t&ocirc;i s&#7869; cung c&#7845;p nh&#7919;ng gi&#7843;i ph&aacute;p t&#7889;i &#432;u nh&#7845;t!<br>\nNgo&agrave;i ra Thi&#7871;t B&#7883; C&ocirc;ng Ngh&#7879; V&#7841;n N&#259;ng Ch&uacute;ng T&ocirc;i lu&ocirc;n h&#432;&#7899;ng &#273;&#7871;n tr&#7843;i nghi&#7879;m kh&aacute;ch h&agrave;ng, v&igrave; v&#7853;y ch&uacute;ng t&ocirc;i c&oacute; nh&#7919;ng ch&iacute;nh s&aacute;ch b&#7843;o h&agrave;nh, b&#7843;o tr&igrave; &ndash; b&#7843;o d&#432;&#7905;ng, hi&#7879;u chu&#7849;n v&#7899;i t&#7845;t c&#7843; c&aacute;c thi&#7871;t b&#7883;, m&aacute;y m&oacute;c m&agrave; ch&uacute;ng t&ocirc;i cung c&#7845;p. &#272;&#7843;m b&#7843;o mang &#273;&#7871;n cho Kh&aacute;ch h&agrave;ng s&#7921; y&ecirc;n t&acirc;m tuy&#7879;t &#273;&#7889;i v&#7873; d&#7883;ch v&#7909; khi mua h&agrave;ng.<\/p><p>T&#7893;ng K&#7871;t<br>\nV&#7899;i thi&#7871;t k&#7871; l&agrave;m m&aacute;t b&#7857;ng kh&ocirc;ng kh&iacute;, tu&#7893;i th&#7885; 1500 gi&#7901;, hi&#7879;u su&#7845;t chi&#7871;u s&aacute;ng &#7893;n &#273;&#7883;nh v&agrave; kh&#7843; n&#259;ng tu&acirc;n th&#7911; ti&ecirc;u chu&#7849;n qu&#7889;c t&#7871;, &#272;&egrave;n X-1800+ mang l&#7841;i k&#7871;t qu&#7843; th&#7917; nghi&#7879;m ch&iacute;nh x&aacute;c, &#273;&#7897; tin c&#7853;y cao v&agrave; hi&#7879;u qu&#7843; kinh t&#7871; v&#432;&#7907;t tr&#7897;i. H&atilde;y li&ecirc;n h&#7879; ngay v&#7899;i V&#7841;n N&#259;ng Company &#273;&#7875; &#273;&#432;&#7907;c t&#432; v&#7845;n chi ti&#7871;t v&agrave; nh&#7853;n ngay nh&#7919;ng &#432;u &#273;&atilde;i h&#7845;p d&#7851;n th&ocirc;ng qua hotline\/zalo: <a href=\"https:\/\/zalo.me\/0903991335\" target=\"_blank\" rel=\"noopener\" style=\"color: #059669; font-weight: bold; text-decoration: none;\">0903 991 335<\/a> !<\/p><div style=\"background-color: #f8fafc; border: 1px solid #e2e8f0; border-radius: 8px; padding: 25px; max-width: 800px; margin: 30px auto; color: #334155; line-height: 1.8; font-size: 17px; box-shadow: 0 4px 6px -1px rgba(0,0,0,0.05); text-align: left; clear: both;\">\nC&ocirc;ng ty TNHH Th&#432;&#417;ng M&#7841;i D&#7883;ch V&#7909; Thi&#7871;t B&#7883; C&ocirc;ng Ngh&#7879; V&#7841;n N&#259;ng\n<p style=\"margin: 0 0 10px 0;\">&#128205; <strong style=\"color: #1e293b;\">&#272;&#7883;a ch&#7881;:<\/strong> <a style=\"color: #059669; text-decoration: none; font-weight: bold;\" href=\"https:\/\/www.google.com\/maps\/search\/C%C3%B4ng+ty+TNHH+Th%C6%B0%C6%A1ng+M%E1%BA%A1i+D%E1%BB%8Bch+V%E1%BB%A5+Thi%E1%BA%BFt+B%E1%BB%8B+C%C3%B4ng+Ngh%E1%BB%87+V%E1%BA%A1n+N%C4%83ng+818+Tr%C6%B0%E1%BB%9Dng+Chinh\" target=\"_blank\" rel=\"noopener\">818 Tr&#432;&#7901;ng Chinh, Ph&#432;&#7901;ng T&acirc;n S&#417;n, Th&agrave;nh ph&#7889; H&#7891; Ch&iacute; Minh, Vi&#7879;t Nam<\/a><\/p>\n<p style=\"margin: 0 0 10px 0;\">&#128222; <strong style=\"color: #1e293b;\">S&#272;T &ndash; Zalo:<\/strong> <a style=\"color: #059669; text-decoration: none; font-weight: bold;\" href=\"https:\/\/zalo.me\/0903991335\" target=\"_blank\" rel=\"noopener\">0903 991 335<\/a> <span style=\"color: #64748b; font-style: italic;\">(Ms. H&#7841;nh &ndash; Gi&aacute;m &#272;&#7889;c Kinh Doanh)<\/span><\/p>\n<p style=\"margin: 0;\">&#9993;&#65039; <strong style=\"color: #1e293b;\">Email:<\/strong> <a style=\"color: #059669; text-decoration: none; font-weight: bold;\" href=\"mailto:hienhanh@vannangvn.com\">hienhanh@vannangvn.com<\/a><\/p>\n<\/div><\/h1>","protected":false},"excerpt":{"rendered":"<p><strong>Th&#432;&#417;ng hi&#7879;u:<\/strong> &#272;&egrave;n h&#7891; quang xenon Q-LAB X-1800+&nbsp;m&ocirc; ph&#7887;ng to&agrave;n b&#7897; quang ph&#7893; &aacute;nh s&aacute;ng m&#7863;t tr&#7901;i, tu&#7893;i th&#7885; 1500 gi&#7901;, l&agrave;m m&aacute;t b&#7857;ng kh&ocirc;ng kh&iacute;, t&#432;&#417;ng th&iacute;ch Q-SUN Xe-1 &amp; Xe-3 &ndash; gi&#7843;i ph&aacute;p t&#7889;i &#432;u cho th&#7917; nghi&#7879;m l&atilde;o h&oacute;a v&#7853;t li&#7879;u.<br>\n<strong>Model:<\/strong> X-1800+<p>Product <strong>&#272;&Egrave;N H&#7890; QUANG XENON Q-LAB MODEL X-1800+<\/strong> ch&iacute;nh h&atilde;ng. &#272;&egrave;n h&#7891; quang xenon Q-LAB X-1800+&nbsp;m&ocirc; ph&#7887;ng to&agrave;n b&#7897; quang ph&#7893; &aacute;nh s&aacute;ng m&#7863;t tr&#7901;i, tu&#7893;i th&#7885; 1500 gi&#7901;, l&agrave;m m&aacute;t b&#7857;ng kh&ocirc;ng kh&iacute;, t&#432;&#417;ng th&iacute;ch Q-SUN Xe-1 &amp; Xe-3 &ndash; gi&#7843;i ph&aacute;p t&#7889;i &#432;u cho th&#7917; nghi&#7879;m l&atilde;o h&oacute;a v&#7853;t li&#7879;u.<\/p><\/p>","protected":false},"featured_media":9071,"comment_status":"open","ping_status":"closed","template":"","meta":[],"product_brand":[],"product_cat":[18],"product_tag":[880,882,116,470,475,703,704],"class_list":{"0":"post-6211","1":"product","2":"type-product","3":"status-publish","4":"has-post-thumbnail","6":"product_cat-chua-phan-loai","7":"product_tag-xenon","8":"product_tag-x-1800-2","9":"product_tag-model","10":"product_tag-den","11":"product_tag-q-lab","12":"product_tag-ho","13":"product_tag-quang","15":"first","16":"instock","17":"shipping-taxable","18":"product-type-simple"},"yoast_head":"<!-- This site is optimized with the Yoast SEO Premium plugin v24.8 (Yoast SEO v24.8) - https:\/\/yoast.com\/wordpress\/plugins\/seo\/ -->\n<title>\u0110\u00c8N H\u1ed2 QUANG XENON Q-LAB MODEL X-1800+ ch\u00ednh h\u00e3ng | V\u1ea1n N\u0103ng<\/title>\n<meta name=\"description\" content=\"Mua ngay \u0110\u00c8N H\u1ed2 QUANG XENON Q-LAB MODEL X-1800+ ch\u00ednh h\u00e3ng. Gi\u00e1 t\u1ed1t!\" \/>\n<meta name=\"robots\" content=\"noindex, follow, max-snippet:-1, max-image-preview:large, max-video-preview:-1\" \/>\n<meta property=\"og:locale\" content=\"en_US\" \/>\n<meta property=\"og:type\" content=\"article\" \/>\n<meta property=\"og:title\" content=\"\u0110\u00c8N H\u1ed2 QUANG XENON Q-LAB MODEL X-1800+\" \/>\n<meta property=\"og:description\" content=\"Mua ngay \u0110\u00c8N H\u1ed2 QUANG XENON Q-LAB MODEL X-1800+ ch\u00ednh h\u00e3ng. Gi\u00e1 t\u1ed1t!\" \/>\n<meta property=\"og:url\" content=\"https:\/\/vannangvn.123websitedev.com\/en\/product\/den-ho-quang-xenon-q-lab-model-x-1800-2\/\" \/>\n<meta property=\"og:site_name\" content=\"Vannang.vn\" \/>\n<meta property=\"article:modified_time\" content=\"2026-03-30T11:15:04+00:00\" \/>\n<meta property=\"og:image\" content=\"http:\/\/vannangvn.123websitedev.com\/wp-content\/uploads\/2026\/03\/xenon-2-768x576-copy.jpg\" \/>\n\t<meta property=\"og:image:width\" content=\"768\" \/>\n\t<meta property=\"og:image:height\" content=\"576\" \/>\n\t<meta property=\"og:image:type\" content=\"image\/jpeg\" \/>\n<meta name=\"twitter:card\" content=\"summary_large_image\" \/>\n<meta name=\"twitter:label1\" content=\"Est. reading time\" \/>\n\t<meta name=\"twitter:data1\" content=\"7 minutes\" \/>\n<script type=\"application\/ld+json\" class=\"yoast-schema-graph\">{\"@context\":\"https:\/\/schema.org\",\"@graph\":[{\"@type\":\"WebPage\",\"@id\":\"https:\/\/vannangvn.123websitedev.com\/san-pham\/den-ho-quang-xenon-q-lab-model-x-1800-2\/\",\"url\":\"https:\/\/vannangvn.123websitedev.com\/san-pham\/den-ho-quang-xenon-q-lab-model-x-1800-2\/\",\"name\":\"\u0110\u00c8N H\u1ed2 QUANG XENON Q-LAB MODEL X-1800+ ch\u00ednh h\u00e3ng | V\u1ea1n N\u0103ng\",\"isPartOf\":{\"@id\":\"https:\/\/vannangvn.123websitedev.com\/#website\"},\"primaryImageOfPage\":{\"@id\":\"https:\/\/vannangvn.123websitedev.com\/san-pham\/den-ho-quang-xenon-q-lab-model-x-1800-2\/#primaryimage\"},\"image\":{\"@id\":\"https:\/\/vannangvn.123websitedev.com\/san-pham\/den-ho-quang-xenon-q-lab-model-x-1800-2\/#primaryimage\"},\"thumbnailUrl\":\"https:\/\/vannangvn.123websitedev.com\/wp-content\/uploads\/2026\/03\/xenon-2-768x576-copy.jpg\",\"datePublished\":\"2026-03-20T10:24:16+00:00\",\"dateModified\":\"2026-03-30T11:15:04+00:00\",\"description\":\"Mua ngay \u0110\u00c8N H\u1ed2 QUANG XENON Q-LAB MODEL X-1800+ ch\u00ednh h\u00e3ng. Gi\u00e1 t\u1ed1t!\",\"breadcrumb\":{\"@id\":\"https:\/\/vannangvn.123websitedev.com\/san-pham\/den-ho-quang-xenon-q-lab-model-x-1800-2\/#breadcrumb\"},\"inLanguage\":\"en-US\",\"potentialAction\":[{\"@type\":\"ReadAction\",\"target\":[\"https:\/\/vannangvn.123websitedev.com\/san-pham\/den-ho-quang-xenon-q-lab-model-x-1800-2\/\"]}]},{\"@type\":\"ImageObject\",\"inLanguage\":\"en-US\",\"@id\":\"https:\/\/vannangvn.123websitedev.com\/san-pham\/den-ho-quang-xenon-q-lab-model-x-1800-2\/#primaryimage\",\"url\":\"https:\/\/vannangvn.123websitedev.com\/wp-content\/uploads\/2026\/03\/xenon-2-768x576-copy.jpg\",\"contentUrl\":\"https:\/\/vannangvn.123websitedev.com\/wp-content\/uploads\/2026\/03\/xenon-2-768x576-copy.jpg\",\"width\":768,\"height\":576},{\"@type\":\"BreadcrumbList\",\"@id\":\"https:\/\/vannangvn.123websitedev.com\/san-pham\/den-ho-quang-xenon-q-lab-model-x-1800-2\/#breadcrumb\",\"itemListElement\":[{\"@type\":\"ListItem\",\"position\":1,\"name\":\"Trang ch\u1ee7\",\"item\":\"https:\/\/vannangvn.123websitedev.com\/\"},{\"@type\":\"ListItem\",\"position\":2,\"name\":\"S\u1ea3n ph\u1ea9m\",\"item\":\"https:\/\/vannangvn.123websitedev.com\/cua-hang\/\"},{\"@type\":\"ListItem\",\"position\":3,\"name\":\"\u0110\u00c8N H\u1ed2 QUANG XENON Q-LAB MODEL X-1800+\"}]},{\"@type\":\"WebSite\",\"@id\":\"https:\/\/vannangvn.123websitedev.com\/#website\",\"url\":\"https:\/\/vannangvn.123websitedev.com\/\",\"name\":\"Vannang.vn\",\"description\":\"\",\"publisher\":{\"@id\":\"https:\/\/vannangvn.123websitedev.com\/#organization\"},\"potentialAction\":[{\"@type\":\"SearchAction\",\"target\":{\"@type\":\"EntryPoint\",\"urlTemplate\":\"https:\/\/vannangvn.123websitedev.com\/?s={search_term_string}\"},\"query-input\":{\"@type\":\"PropertyValueSpecification\",\"valueRequired\":true,\"valueName\":\"search_term_string\"}}],\"inLanguage\":\"en-US\"},{\"@type\":\"Organization\",\"@id\":\"https:\/\/vannangvn.123websitedev.com\/#organization\",\"name\":\"Vannang.vn\",\"url\":\"https:\/\/vannangvn.123websitedev.com\/\",\"logo\":{\"@type\":\"ImageObject\",\"inLanguage\":\"en-US\",\"@id\":\"https:\/\/vannangvn.123websitedev.com\/#\/schema\/logo\/image\/\",\"url\":\"https:\/\/vannangvn.123websitedev.com\/wp-content\/uploads\/2026\/02\/logo-van-nang-02.png\",\"contentUrl\":\"https:\/\/vannangvn.123websitedev.com\/wp-content\/uploads\/2026\/02\/logo-van-nang-02.png\",\"width\":448,\"height\":111,\"caption\":\"Vannang.vn\"},\"image\":{\"@id\":\"https:\/\/vannangvn.123websitedev.com\/#\/schema\/logo\/image\/\"}}]}<\/script>\n<!-- \/ Yoast SEO Premium plugin. -->","yoast_head_json":{"title":"\u0110\u00c8N H\u1ed2 QUANG XENON Q-LAB MODEL X-1800+ ch\u00ednh h\u00e3ng | V\u1ea1n N\u0103ng","description":"Mua ngay \u0110\u00c8N H\u1ed2 QUANG XENON Q-LAB MODEL X-1800+ ch\u00ednh h\u00e3ng. Gi\u00e1 t\u1ed1t!","robots":{"index":"noindex","follow":"follow","max-snippet":"max-snippet:-1","max-image-preview":"max-image-preview:large","max-video-preview":"max-video-preview:-1"},"og_locale":"en_US","og_type":"article","og_title":"\u0110\u00c8N H\u1ed2 QUANG XENON Q-LAB MODEL X-1800+","og_description":"Mua ngay \u0110\u00c8N H\u1ed2 QUANG XENON Q-LAB MODEL X-1800+ ch\u00ednh h\u00e3ng. Gi\u00e1 t\u1ed1t!","og_url":"https:\/\/vannangvn.123websitedev.com\/en\/product\/den-ho-quang-xenon-q-lab-model-x-1800-2\/","og_site_name":"Vannang.vn","article_modified_time":"2026-03-30T11:15:04+00:00","og_image":[{"width":768,"height":576,"url":"http:\/\/vannangvn.123websitedev.com\/wp-content\/uploads\/2026\/03\/xenon-2-768x576-copy.jpg","type":"image\/jpeg"}],"twitter_card":"summary_large_image","twitter_misc":{"Est. reading time":"7 minutes"},"schema":{"@context":"https:\/\/schema.org","@graph":[{"@type":"WebPage","@id":"https:\/\/vannangvn.123websitedev.com\/san-pham\/den-ho-quang-xenon-q-lab-model-x-1800-2\/","url":"https:\/\/vannangvn.123websitedev.com\/san-pham\/den-ho-quang-xenon-q-lab-model-x-1800-2\/","name":"\u0110\u00c8N H\u1ed2 QUANG XENON Q-LAB MODEL X-1800+ ch\u00ednh h\u00e3ng | V\u1ea1n N\u0103ng","isPartOf":{"@id":"https:\/\/vannangvn.123websitedev.com\/#website"},"primaryImageOfPage":{"@id":"https:\/\/vannangvn.123websitedev.com\/san-pham\/den-ho-quang-xenon-q-lab-model-x-1800-2\/#primaryimage"},"image":{"@id":"https:\/\/vannangvn.123websitedev.com\/san-pham\/den-ho-quang-xenon-q-lab-model-x-1800-2\/#primaryimage"},"thumbnailUrl":"https:\/\/vannangvn.123websitedev.com\/wp-content\/uploads\/2026\/03\/xenon-2-768x576-copy.jpg","datePublished":"2026-03-20T10:24:16+00:00","dateModified":"2026-03-30T11:15:04+00:00","description":"Mua ngay \u0110\u00c8N H\u1ed2 QUANG XENON Q-LAB MODEL X-1800+ ch\u00ednh h\u00e3ng. Gi\u00e1 t\u1ed1t!","breadcrumb":{"@id":"https:\/\/vannangvn.123websitedev.com\/san-pham\/den-ho-quang-xenon-q-lab-model-x-1800-2\/#breadcrumb"},"inLanguage":"en-US","potentialAction":[{"@type":"ReadAction","target":["https:\/\/vannangvn.123websitedev.com\/san-pham\/den-ho-quang-xenon-q-lab-model-x-1800-2\/"]}]},{"@type":"ImageObject","inLanguage":"en-US","@id":"https:\/\/vannangvn.123websitedev.com\/san-pham\/den-ho-quang-xenon-q-lab-model-x-1800-2\/#primaryimage","url":"https:\/\/vannangvn.123websitedev.com\/wp-content\/uploads\/2026\/03\/xenon-2-768x576-copy.jpg","contentUrl":"https:\/\/vannangvn.123websitedev.com\/wp-content\/uploads\/2026\/03\/xenon-2-768x576-copy.jpg","width":768,"height":576},{"@type":"BreadcrumbList","@id":"https:\/\/vannangvn.123websitedev.com\/san-pham\/den-ho-quang-xenon-q-lab-model-x-1800-2\/#breadcrumb","itemListElement":[{"@type":"ListItem","position":1,"name":"Trang ch\u1ee7","item":"https:\/\/vannangvn.123websitedev.com\/"},{"@type":"ListItem","position":2,"name":"S\u1ea3n ph\u1ea9m","item":"https:\/\/vannangvn.123websitedev.com\/cua-hang\/"},{"@type":"ListItem","position":3,"name":"\u0110\u00c8N H\u1ed2 QUANG XENON Q-LAB MODEL X-1800+"}]},{"@type":"WebSite","@id":"https:\/\/vannangvn.123websitedev.com\/#website","url":"https:\/\/vannangvn.123websitedev.com\/","name":"Vannang.vn","description":"","publisher":{"@id":"https:\/\/vannangvn.123websitedev.com\/#organization"},"potentialAction":[{"@type":"SearchAction","target":{"@type":"EntryPoint","urlTemplate":"https:\/\/vannangvn.123websitedev.com\/?s={search_term_string}"},"query-input":{"@type":"PropertyValueSpecification","valueRequired":true,"valueName":"search_term_string"}}],"inLanguage":"en-US"},{"@type":"Organization","@id":"https:\/\/vannangvn.123websitedev.com\/#organization","name":"Vannang.vn","url":"https:\/\/vannangvn.123websitedev.com\/","logo":{"@type":"ImageObject","inLanguage":"en-US","@id":"https:\/\/vannangvn.123websitedev.com\/#\/schema\/logo\/image\/","url":"https:\/\/vannangvn.123websitedev.com\/wp-content\/uploads\/2026\/02\/logo-van-nang-02.png","contentUrl":"https:\/\/vannangvn.123websitedev.com\/wp-content\/uploads\/2026\/02\/logo-van-nang-02.png","width":448,"height":111,"caption":"Vannang.vn"},"image":{"@id":"https:\/\/vannangvn.123websitedev.com\/#\/schema\/logo\/image\/"}}]}},"_links":{"self":[{"href":"https:\/\/vannangvn.123websitedev.com\/en\/wp-json\/wp\/v2\/product\/6211","targetHints":{"allow":["GET"]}}],"collection":[{"href":"https:\/\/vannangvn.123websitedev.com\/en\/wp-json\/wp\/v2\/product"}],"about":[{"href":"https:\/\/vannangvn.123websitedev.com\/en\/wp-json\/wp\/v2\/types\/product"}],"replies":[{"embeddable":true,"href":"https:\/\/vannangvn.123websitedev.com\/en\/wp-json\/wp\/v2\/comments?post=6211"}],"wp:featuredmedia":[{"embeddable":true,"href":"https:\/\/vannangvn.123websitedev.com\/en\/wp-json\/wp\/v2\/media\/9071"}],"wp:attachment":[{"href":"https:\/\/vannangvn.123websitedev.com\/en\/wp-json\/wp\/v2\/media?parent=6211"}],"wp:term":[{"taxonomy":"product_brand","embeddable":true,"href":"https:\/\/vannangvn.123websitedev.com\/en\/wp-json\/wp\/v2\/product_brand?post=6211"},{"taxonomy":"product_cat","embeddable":true,"href":"https:\/\/vannangvn.123websitedev.com\/en\/wp-json\/wp\/v2\/product_cat?post=6211"},{"taxonomy":"product_tag","embeddable":true,"href":"https:\/\/vannangvn.123websitedev.com\/en\/wp-json\/wp\/v2\/product_tag?post=6211"}],"curies":[{"name":"wp","href":"https:\/\/api.w.org\/{rel}","templated":true}]}}