{"id":6221,"date":"2026-03-20T17:24:35","date_gmt":"2026-03-20T10:24:35","guid":{"rendered":"https:\/\/vannangvn.123websitedev.com\/san-pham\/dieu-hoa-lam-mat-tu-dien-ngoai-troi-air-major-model-ap-ess230h\/"},"modified":"2026-03-30T18:15:15","modified_gmt":"2026-03-30T11:15:15","slug":"dieu-hoa-lam-mat-tu-dien-ngoai-troi-air-major-model-ap-ess230h","status":"publish","type":"product","link":"https:\/\/vannangvn.123websitedev.com\/en\/product\/dieu-hoa-lam-mat-tu-dien-ngoai-troi-air-major-model-ap-ess230h\/","title":{"rendered":"\u0110I\u1ec0U H\u00d2A L\u00c0M M\u00c1T T\u1ee6 \u0110I\u1ec6N NGO\u00c0I TR\u1edcI AIR MAJOR MODEL\u00a0AP-ESS230H"},"content":{"rendered":"<h1 style=\"color: red; font-weight: bold; font-size: 24px;\">T&#7893;ng quan s&#7843;n ph&#7849;m &#272;I&#7872;U H&Ograve;A L&Agrave;M M&Aacute;T T&#7910; &#272;I&#7878;N NGO&Agrave;I TR&#7900;I AIR MAJOR MODEL&nbsp;AP-ESS230H<p>&#272;i&#7873;u H&ograve;a L&agrave;m M&aacute;t T&#7911; &#272;i&#7879;n Ngo&agrave;i Tr&#7901;i (Cooler For Outdoor Cabinet) Air Major Model AP-ESS230H<br>\nModel AP-ESS230H l&agrave; s&#7843;n ph&#7849;m thu&#7897;c d&ograve;ng thi&#7871;t b&#7883; &#273;i&#7873;u h&ograve;a l&agrave;m m&aacute;t t&#7911; &#273;i&#7879;n chuy&ecirc;n d&#7909;ng &#273;&#7871;n t&#7915; Air Major. Thi&#7871;t b&#7883; &#273;&#432;&#7907;c thi&#7871;t k&#7871; chuy&ecirc;n bi&#7879;t &#273;&#7875; s&#7917; d&#7909;ng ngo&agrave;i tr&#7901;i v&#7899;i ti&ecirc;u chu&#7849;n IP55, &#273;&#7843;m b&#7843;o kh&#7843; n&#259;ng ch&#7889;ng b&#7909;i v&agrave; ch&#7889;ng n&#432;&#7899;c m&#7841;nh m&#7869;.<br>\nKh&aacute;c v&#7899;i nh&#7919;ng d&ograve;ng m&aacute;y &#273;i&#7873;u h&ograve;a th&ocirc;ng th&#432;&#7901;ng, &#272;i&#7873;u Ho&agrave; L&agrave;m M&aacute;t T&#7911; &#272;i&#7879;n Ngo&agrave;i Tr&#7901;i AP-ESS230H &#273;&#432;&#7907;c thi&#7871;t k&#7871; t&#7889;i &#432;u cho m&ocirc;i tr&#432;&#7901;ng c&ocirc;ng nghi&#7879;p, v&#7853;n h&agrave;nh &#7893;n &#273;&#7883;nh trong &#273;i&#7873;u ki&#7879;n nhi&#7879;t &#273;&#7897; t&#7915; -20&deg;C &#273;&#7871;n 50&deg;C, th&iacute;ch h&#7907;p v&#7899;i &#273;a d&#7841;ng lo&#7841;i h&igrave;nh nh&agrave; m&aacute;y v&agrave; khu v&#7921;c l&#7855;p &#273;&#7863;t, bao g&#7891;m c&#7843; nh&#7919;ng khu v&#7921;c c&oacute; nhi&#7879;t &#273;&#7897; kh&#7855;c nghi&#7879;t ho&#7863;c &#273;&#7897; &#7849;m cao. H&atilde;y c&ugrave;ng V&#7841;n N&#259;ng t&igrave;m hi&#7875;u chi ti&#7871;t h&#417;n v&#7873; s&#7843;n ph&#7849;m th&ocirc;ng qua b&agrave;i vi&#7871;t d&#432;&#7899;i &#273;&acirc;y nh&eacute;!<\/p><p>Xem th&ecirc;m: Thi&#7871;t B&#7883; Ki&#7875;m Tra L&#7895;i S&#7843;n Ph&#7849;m Bo M&#7841;ch Th&ocirc; M&#7841;ch &#272;i&#7879;n Kurabo Model BBMaster-8800<\/p><p>N&eacute;t &#272;&#7863;c Tr&#432;ng C&#7911;a Model AP-ESS230H<br>\nHi&#7879;u su&#7845;t l&agrave;m m&aacute;t cao, ti&#7871;t ki&#7879;m n&#259;ng l&#432;&#7907;ng<br>\nV&#7899;i c&ocirc;ng su&#7845;t l&agrave;m m&aacute;t &#273;&#7841;t 2,300W\/h, Model AP-ESS140H AP-ESS230H c&oacute; kh&#7843; n&#259;ng duy tr&igrave; nhi&#7879;t &#273;&#7897; b&ecirc;n trong t&#7911; &#273;i&#7879;n &#7903; m&#7913;c an to&agrave;n, gi&uacute;p b&#7843;o v&#7879; c&aacute;c linh ki&#7879;n &#273;i&#7879;n t&#7917;, bi&#7871;n t&#7847;n, PLC v&agrave; c&aacute;c thi&#7871;t b&#7883; nh&#7841;y c&#7843;m v&#7899;i nhi&#7879;t &#273;&#7897;. &#272;&acirc;y l&agrave; y&#7871;u t&#7889; then ch&#7889;t trong vi&#7879;c k&eacute;o d&agrave;i tu&#7893;i th&#7885; thi&#7871;t b&#7883; v&agrave; gi&#7843;m thi&#7875;u s&#7921; c&#7889; v&#7853;n h&agrave;nh trong nh&agrave; m&aacute;y.<br>\nM&#7863;c d&ugrave; s&#7903; h&#7919;u hi&#7879;u su&#7845;t l&agrave;m m&aacute;t cao, thi&#7871;t b&#7883; l&#7841;i ti&ecirc;u th&#7909; &#273;i&#7879;n n&#259;ng &#7903; m&#7913;c h&#7907;p l&yacute; v&#7899;i c&ocirc;ng su&#7845;t ti&ecirc;u th&#7909; ch&#7881; 935W, g&oacute;p ph&#7847;n ti&#7871;t ki&#7879;m chi ph&iacute; v&#7853;n h&agrave;nh l&acirc;u d&agrave;i cho doanh nghi&#7879;p.<br>\nT&iacute;ch h&#7907;p ch&#7913;c n&#259;ng s&#432;&#7903;i (heating)<br>\nB&ecirc;n c&#7841;nh kh&#7843; n&#259;ng l&agrave;m m&aacute;t, Air Major Model AP-ESS230H c&ograve;n &#273;&#432;&#7907;c t&iacute;ch h&#7907;p t&iacute;nh n&#259;ng s&#432;&#7903;i v&#7899;i c&ocirc;ng su&#7845;t 1.5kW, cho ph&eacute;p ki&#7875;m so&aacute;t nhi&#7879;t &#273;&#7897; t&#7911; &#273;i&#7879;n m&#7897;t c&aacute;ch linh ho&#7841;t, &#273;&#7863;c bi&#7879;t h&#7919;u &iacute;ch trong m&ocirc;i tr&#432;&#7901;ng c&oacute; kh&iacute; h&#7853;u l&#7841;nh ho&#7863;c &#273;&#7897; &#7849;m cao &ndash; nh&#7919;ng &#273;i&#7873;u ki&#7879;n c&oacute; th&#7875; g&acirc;y ng&#432;ng t&#7909; h&#417;i n&#432;&#7899;c v&agrave; h&#7887;ng h&oacute;c thi&#7871;t b&#7883; b&ecirc;n trong t&#7911; &#273;i&#7879;n.<\/p><p>Thi&#7871;t k&#7871; nh&#7887; g&#7885;n, d&#7877; l&#7855;p &#273;&#7863;t<br>\nV&#7899;i k&iacute;ch th&#432;&#7899;c 400 x 1,330 x 259 mm v&agrave; tr&#7885;ng l&#432;&#7907;ng ch&#7881; 65 kg, s&#7843;n ph&#7849;m &#273;&#432;&#7907;c thi&#7871;t k&#7871; nh&#7887; g&#7885;n, ph&ugrave; h&#7907;p &#273;&#7875; l&#7855;p &#273;&#7863;t &#7903; nhi&#7873;u v&#7883; tr&iacute; kh&aacute;c nhau, k&#7875; c&#7843; tr&ecirc;n t&#432;&#7901;ng t&#7911; hay c&aacute;nh c&#7917;a t&#7911; &#273;i&#7879;n. Thi&#7871;t k&#7871; module gi&uacute;p cho vi&#7879;c b&#7843;o tr&igrave;, thay th&#7871; v&agrave; ki&#7875;m tra tr&#7903; n&ecirc;n &#273;&#417;n gi&#7843;n v&agrave; nhanh ch&oacute;ng h&#417;n.<br>\nTi&ecirc;u chu&#7849;n b&#7843;o v&#7879; cao c&#7845;p &ndash; IP55<br>\nIP55 l&agrave; ti&ecirc;u chu&#7849;n qu&#7889;c t&#7871; &#273;&aacute;nh gi&aacute; kh&#7843; n&#259;ng ch&#7889;ng b&#7909;i v&agrave; n&#432;&#7899;c. V&#7899;i c&#7845;p b&#7843;o v&#7879; n&agrave;y, &#273;i&#7873;u h&ograve;a c&oacute; th&#7875; ho&#7841;t &#273;&#7897;ng &#7893;n &#273;&#7883;nh ngay c&#7843; khi ph&#7843;i ti&#7871;p x&uacute;c th&#432;&#7901;ng xuy&ecirc;n v&#7899;i b&#7909;i b&#7849;n, m&#432;a gi&oacute; hay m&ocirc;i tr&#432;&#7901;ng s&#7843;n xu&#7845;t nhi&#7873;u h&#417;i n&#432;&#7899;c, d&#7847;u nh&#7899;t.<\/p><p>An to&agrave;n v&agrave; b&#7873;n b&#7881; v&#7899;i m&#7841;ch b&#7843;o v&#7879; nhi&#7879;t &#273;&#7897;<br>\n&#272;i&#7873;u Ho&agrave; L&agrave;m M&aacute;t AP-ESS230H &#273;&#432;&#7907;c t&iacute;ch h&#7907;p m&#7841;ch b&#7843;o v&#7879; H.P Switch (Compressor), &#273;&#7843;m b&#7843;o m&aacute;y n&eacute;n kh&ocirc;ng b&#7883; h&#432; h&#7841;i khi nhi&#7879;t &#273;&#7897; m&ocirc;i tr&#432;&#7901;ng v&#432;&#7907;t ng&#432;&#7905;ng gi&#7899;i h&#7841;n. &#272;&acirc;y l&agrave; t&iacute;nh n&#259;ng c&#7921;c k&#7923; quan tr&#7885;ng nh&#7857;m duy tr&igrave; s&#7921; an to&agrave;n v&agrave; &#7893;n &#273;&#7883;nh trong qu&aacute; tr&igrave;nh v&#7853;n h&agrave;nh l&acirc;u d&agrave;i.<\/p><p>Xem th&ecirc;m: C&aacute;p Giao Di&#7879;n (Interface Cable) BYK Model USB-Cable micro-gloss Cat No.4405<\/p><p>&#7912;ng D&#7909;ng Th&#7921;c T&#7871; C&#7911;a Air Major AP-ESS230H<br>\n&#272;i&#7873;u Ho&agrave; L&agrave;m M&aacute;t T&#7911; &#272;i&#7879;n Ngo&agrave;i Tr&#7901;i AP-ESS230H Air Major l&agrave; l&#7921;a ch&#7885;n l&yacute; t&#432;&#7903;ng cho nhi&#7873;u ng&agrave;nh c&ocirc;ng nghi&#7879;p kh&aacute;c nhau, trong &#273;&oacute; bao g&#7891;m:<\/p><p>T&#7911; &#273;i&#7873;u khi&#7875;n CNC: C&aacute;c m&aacute;y CNC th&#432;&#7901;ng ho&#7841;t &#273;&#7897;ng li&ecirc;n t&#7909;c v&agrave; sinh nhi&#7879;t l&#7899;n. Vi&#7879;c l&#7855;p &#273;i&#7873;u h&ograve;a cho t&#7911; &#273;i&#7873;u khi&#7875;n gi&uacute;p duy tr&igrave; &#273;i&#7873;u ki&#7879;n &#7893;n &#273;&#7883;nh, tr&aacute;nh l&#7895;i &#273;i&#7873;u khi&#7875;n.<br>\nT&#7911; &#273;i&#7879;n ch&#7913;a bi&#7871;n t&#7847;n c&ocirc;ng su&#7845;t cao: Nhi&#7879;t &#273;&#7897; t&#259;ng cao l&agrave; nguy&ecirc;n nh&acirc;n h&agrave;ng &#273;&#7847;u g&acirc;y h&#432; h&#7887;ng bi&#7871;n t&#7847;n. AP-ESS075H gi&uacute;p &#273;&#7843;m b&#7843;o bi&#7871;n t&#7847;n ho&#7841;t &#273;&#7897;ng &#7893;n &#273;&#7883;nh, nh&#7845;t l&agrave; trong c&aacute;c h&#7879; th&#7889;ng l&#7899;n nh&#432; bi&#7871;n t&#7847;n ABB 450kW.<br>\nT&#7911; &#273;i&#7873;u khi&#7875;n robot v&agrave; d&acirc;y chuy&#7873;n t&#7921; &#273;&#7897;ng h&oacute;a: Nh&#7919;ng h&#7879; th&#7889;ng t&#7921; &#273;&#7897;ng y&ecirc;u c&#7847;u &#273;&#7897; &#7893;n &#273;&#7883;nh cao v&agrave; kh&ocirc;ng &#273;&#432;&#7907;c ph&eacute;p c&oacute; gi&aacute;n &#273;o&#7841;n. AP-ESS230H Air Major duy tr&igrave; nhi&#7879;t &#273;&#7897; v&agrave; &#273;&#7897; &#7849;m &#7893;n &#273;&#7883;nh gi&uacute;p b&#7843;o v&#7879; to&agrave;n b&#7897; h&#7879; th&#7889;ng.<br>\nNg&agrave;nh th&#7921;c ph&#7849;m v&agrave; y t&#7871;: V&#7899;i y&ecirc;u c&#7847;u cao v&#7873; v&#7879; sinh v&agrave; &#273;&#7897; an to&agrave;n, s&#7843;n ph&#7849;m c&oacute; &#273;&#7847;y &#273;&#7911; ch&#7913;ng nh&#7853;n ph&ugrave; h&#7907;p &#273;&#7875; l&#7855;p &#273;&#7863;t trong c&aacute;c nh&agrave; m&aacute;y th&#7921;c ph&#7849;m, d&#432;&#7907;c ph&#7849;m &ndash; n&#417;i c&#7847;n m&ocirc;i tr&#432;&#7901;ng kh&eacute;p k&iacute;n, s&#7841;ch s&#7869; v&agrave; ki&#7875;m so&aacute;t nhi&#7879;t &#273;&#7897; nghi&ecirc;m ng&#7863;t.<br>\nT&#7911; &#273;i&#7879;n l&#7855;p ngo&agrave;i tr&#7901;i: C&aacute;c h&#7879; th&#7889;ng &#273;i&#7873;u khi&#7875;n tr&#7841;m &#273;i&#7879;n, camera an ninh, thi&#7871;t b&#7883; truy&#7873;n d&#7851;n vi&#7877;n th&ocirc;ng &#273;&#7863;t ngo&agrave;i tr&#7901;i &#273;&#7873;u c&#7847;n &#273;&#7871;n m&#7897;t thi&#7871;t b&#7883; l&agrave;m m&aacute;t tin c&#7853;y nh&#432; &#272;i&#7873;u Ho&agrave; L&agrave;m M&aacute;t T&#7911; &#272;i&#7879;n AP-ESS230H &#273;&#7875; ho&#7841;t &#273;&#7897;ng &#7893;n &#273;&#7883;nh quanh n&#259;m.<\/p><p>Nh&#7919;ng L&yacute; Do N&ecirc;n Mua &#272;i&#7873;u H&ograve;a L&agrave;m M&aacute;t T&#7911; &#272;i&#7879;n Ngo&agrave;i Tr&#7901; T&#7841;i V&#7841;n N&#259;ng<\/p><p>C&ocirc;ng ty Thi&#7871;t B&#7883; C&ocirc;ng Ngh&#7879; V&#7841;n N&#259;ng l&agrave; &#273;&#7889;i t&aacute;c ch&iacute;nh th&#7913;c ph&acirc;n ph&#7889;i &#272;i&#7873;u Ho&agrave; L&agrave;m M&aacute;t T&#7911; &#272;i&#7879;n Ngo&agrave;i Tr&#7901;i h&agrave;ng &#273;&#7847;u t&#7841;i Vi&#7879;t Nam, cam k&#7871;t cung c&#7845;p s&#7843;n ph&#7849;m ch&iacute;nh h&atilde;ng v&#7899;i gi&aacute; c&#7843; c&#7841;nh tranh nh&#7845;t th&#7883; tr&#432;&#7901;ng. V&#7899;i uy t&iacute;n tr&ecirc;n th&#7883; tr&#432;&#7901;ng v&agrave; ch&#7871; &#273;&#7897; h&#7851;u m&atilde;i t&#7889;t, Thi&#7871;t B&#7883; C&ocirc;ng Ngh&#7879; V&#7841;n N&#259;ng &#273;&atilde; nh&#7853;n &#273;&#432;&#7907;c s&#7921; tin t&#432;&#7903;ng t&#7915; kh&aacute;ch h&agrave;ng nh&#7901; v&agrave;o ch&#7845;t l&#432;&#7907;ng h&agrave;ng &#273;&#7847;u c&#7911;a c&aacute;c d&ograve;ng s&#7843;n ph&#7849;m.<br>\nS&#7843;n ph&#7849;m c&#7911;a ch&uacute;ng t&ocirc;i &#273;&#432;&#7907;c ki&#7875;m &#273;&#7883;nh ch&#7845;t l&#432;&#7907;ng, nh&#7853;p kh&#7849;u tr&#7921;c ti&#7871;p t&#7915; nh&agrave; m&aacute;y b&ecirc;n Ch&acirc;u &Acirc;u, M&#7929;, &Uacute;c, Nh&#7853;t B&#7843;n,&hellip; v&agrave; &#273;&aacute;p &#7913;ng nhu c&#7847;u &#273;a d&#7841;ng c&#7911;a th&#7883; tr&#432;&#7901;ng nh&#432;: M&aacute;y &#272;o &#272;&#7897; C&#7913;ng, M&aacute;y SPECTROMAXx, M&aacute;y Ki&#7875;m Tra &#272;&#432;&#7901;ng Gh&eacute;p M&iacute; Lon,&hellip; Ch&uacute;ng t&ocirc;i cam k&#7871;t cung c&#7845;p s&#7843;n ph&#7849;m n&agrave;y tr&ecirc;n to&agrave;n qu&#7889;c v&#7899;i gi&aacute; c&#7843; c&#7841;nh tranh nh&#7845;t.<br>\nCh&uacute;ng t&ocirc;i c&oacute; &#273;&#7897;i ng&#361; chuy&ecirc;n vi&ecirc;n t&#432; v&#7845;n chuy&ecirc;n s&acirc;u s&#7869; h&#7895; tr&#7907; kh&aacute;ch h&agrave;ng v&#7873; chi ti&#7871;t s&#7843;n ph&#7849;m, h&#432;&#7899;ng d&#7851;n s&#7917; d&#7909;ng hay nh&#7919;ng th&#7913; li&ecirc;n quan &#273;&#7871;n v&#7845;n &#273;&#7873; m&agrave; doanh nghi&#7879;p b&#7841;n &#273;ang g&#7863;p ph&#7843;i. Ch&uacute;ng t&ocirc;i s&#7869; cung c&#7845;p nh&#7919;ng gi&#7843;i ph&aacute;p t&#7889;i &#432;u nh&#7845;t!<br>\nNgo&agrave;i ra Thi&#7871;t B&#7883; C&ocirc;ng Ngh&#7879; V&#7841;n N&#259;ng Ch&uacute;ng T&ocirc;i lu&ocirc;n h&#432;&#7899;ng &#273;&#7871;n tr&#7843;i nghi&#7879;m kh&aacute;ch h&agrave;ng, v&igrave; v&#7853;y ch&uacute;ng t&ocirc;i c&oacute; nh&#7919;ng ch&iacute;nh s&aacute;ch b&#7843;o h&agrave;nh, b&#7843;o tr&igrave; &ndash; b&#7843;o d&#432;&#7905;ng, hi&#7879;u chu&#7849;n v&#7899;i t&#7845;t c&#7843; c&aacute;c thi&#7871;t b&#7883;, m&aacute;y m&oacute;c m&agrave; ch&uacute;ng t&ocirc;i cung c&#7845;p. &#272;&#7843;m b&#7843;o mang &#273;&#7871;n cho Kh&aacute;ch h&agrave;ng s&#7921; y&ecirc;n t&acirc;m tuy&#7879;t &#273;&#7889;i v&#7873; d&#7883;ch v&#7909; khi mua h&agrave;ng.<\/p><p>Xem th&ecirc;m: M&aacute;y &#272;o T&#7927; Tr&#7885;ng C&#7847;m Tay (Handheld Density Meter) Anton Paar DMA 35 Basic<\/p><p>T&#7893;ng K&#7871;t<br>\n&#272;i&#7873;u Ho&agrave; L&agrave;m M&aacute;t T&#7911; &#272;i&#7879;n Ngo&agrave;i Tr&#7901;i Air Major AP-ESS230H l&agrave; thi&#7871;t b&#7883; l&yacute; t&#432;&#7903;ng d&agrave;nh cho c&aacute;c doanh nghi&#7879;p trong c&aacute;c l&#297;nh v&#7921;c c&ocirc;ng nghi&#7879;p n&#7863;ng, t&#7921; &#273;&#7897;ng h&oacute;a, th&#7921;c ph&#7849;m, d&#432;&#7907;c ph&#7849;m v&agrave; vi&#7877;n th&ocirc;ng. V&#7899;i kh&#7843; n&#259;ng l&agrave;m m&aacute;t hi&#7879;u qu&#7843;, t&iacute;ch h&#7907;p t&iacute;nh n&#259;ng s&#432;&#7903;i, thi&#7871;t k&#7871; nh&#7887; g&#7885;n v&agrave; ti&ecirc;u chu&#7849;n b&#7843;o v&#7879; IP55, AP ESS230H mang &#273;&#7871;n s&#7921; y&ecirc;n t&acirc;m tuy&#7879;t &#273;&#7889;i trong qu&aacute; tr&igrave;nh v&#7853;n h&agrave;nh h&#7879; th&#7889;ng &#273;i&#7879;n ngo&agrave;i tr&#7901;i. H&atilde;y li&ecirc;n h&#7879; v&#7899;i V&#7841;n N&#259;ng ngay &#273;&#7875; &#273;&#432;&#7907;c t&#432; v&#7845;n chuy&ecirc;n s&acirc;u v&agrave; nh&#7853;n nh&#7919;ng &#432;u &#273;&atilde;i h&#7845;p d&#7851;n nh&#7845;t th&ocirc;ng qua hotline0903 991 335 !<\/p><div style=\"background-color: #f8fafc; border: 1px solid #e2e8f0; border-radius: 8px; padding: 25px; max-width: 800px; margin: 30px auto; color: #334155; line-height: 1.8; font-size: 17px; box-shadow: 0 4px 6px -1px rgba(0,0,0,0.05); text-align: left; clear: both;\">\nC&ocirc;ng ty TNHH Th&#432;&#417;ng M&#7841;i D&#7883;ch V&#7909; Thi&#7871;t B&#7883; C&ocirc;ng Ngh&#7879; V&#7841;n N&#259;ng\n<p style=\"margin: 0 0 10px 0;\">&#128205; <strong style=\"color: #1e293b;\">&#272;&#7883;a ch&#7881;:<\/strong> <a style=\"color: #059669; text-decoration: none; font-weight: bold;\" href=\"https:\/\/www.google.com\/maps\/search\/C%C3%B4ng+ty+TNHH+Th%C6%B0%C6%A1ng+M%E1%BA%A1i+D%E1%BB%8Bch+V%E1%BB%A5+Thi%E1%BA%BFt+B%E1%BB%8B+C%C3%B4ng+Ngh%E1%BB%87+V%E1%BA%A1n+N%C4%83ng+818+Tr%C6%B0%E1%BB%9Dng+Chinh\" target=\"_blank\" rel=\"noopener\">818 Tr&#432;&#7901;ng Chinh, Ph&#432;&#7901;ng T&acirc;n S&#417;n, Th&agrave;nh ph&#7889; H&#7891; Ch&iacute; Minh, Vi&#7879;t Nam<\/a><\/p>\n<p style=\"margin: 0 0 10px 0;\">&#128222; <strong style=\"color: #1e293b;\">S&#272;T &ndash; Zalo:<\/strong> <a style=\"color: #059669; text-decoration: none; font-weight: bold;\" href=\"https:\/\/zalo.me\/0903991335\" target=\"_blank\" rel=\"noopener\">0903 991 335<\/a> <span style=\"color: #64748b; font-style: italic;\">(Ms. H&#7841;nh &ndash; Gi&aacute;m &#272;&#7889;c Kinh Doanh)<\/span><\/p>\n<p style=\"margin: 0;\">&#9993;&#65039; <strong style=\"color: #1e293b;\">Email:<\/strong> <a style=\"color: #059669; text-decoration: none; font-weight: bold;\" href=\"mailto:hienhanh@vannangvn.com\">hienhanh@vannangvn.com<\/a><\/p>\n<\/div><\/h1>","protected":false},"excerpt":{"rendered":"<p><strong>Th&#432;&#417;ng hi&#7879;u:<\/strong> Air Major<br>\n<strong>Model:<\/strong> AP-ESS230H<p>Product <strong>&#272;I&#7872;U H&Ograve;A L&Agrave;M M&Aacute;T T&#7910; &#272;I&#7878;N NGO&Agrave;I TR&#7900;I AIR MAJOR MODEL&nbsp;AP-ESS230H<\/strong> ch&iacute;nh h&atilde;ng. Air Major (Korea)<br>\nM&aacute;y &#272;i&#7873;u H&ograve;a L&agrave;m M&aacute;t T&#7911; &#272;i&#7879;n Ngo&agrave;i Tr&#7901;i AP-ESS230H&nbsp;v&#7899;i c&ocirc;ng su&#7845;t l&agrave;m m&aacute;t 2,300W, chu&#7849;n IP55, ho&#7841;t &#273;&#7897;ng b&#7873;n b&#7881; trong m&ocirc;i tr&#432;&#7901;ng kh&#7855;c nghi&#7879;t, l&yacute; t&#432;&#7903;ng cho t&#7911; &#273;i&#7873;u khi&#7875;n, bi&#7871;n t&#7847;n, CNC v&agrave; nh&agrave; m&aacute;y s&#7843;n xu&#7845;t.<\/p><\/p>","protected":false},"featured_media":0,"comment_status":"open","ping_status":"closed","template":"","meta":[],"product_brand":[],"product_cat":[18],"product_tag":[910,105,122,162,178,300,885,904,905,906,907],"class_list":{"0":"post-6221","1":"product","2":"type-product","3":"status-publish","5":"product_cat-chua-phan-loai","6":"product_tag-model-ap-ess230h","7":"product_tag-dien","8":"product_tag-hoa","9":"product_tag-tu","10":"product_tag-mat","11":"product_tag-dieu","12":"product_tag-troi","13":"product_tag-lam","14":"product_tag-ngoai","15":"product_tag-air","16":"product_tag-major","18":"first","19":"instock","20":"shipping-taxable","21":"product-type-simple"},"yoast_head":"<!-- This site is optimized with the Yoast SEO Premium plugin v24.8 (Yoast SEO v24.8) - https:\/\/yoast.com\/wordpress\/plugins\/seo\/ -->\n<title>\u0110I\u1ec0U H\u00d2A L\u00c0M M\u00c1T T\u1ee6 \u0110I\u1ec6N NGO\u00c0I TR\u1edcI... ch\u00ednh h\u00e3ng | V\u1ea1n N\u0103ng<\/title>\n<meta name=\"description\" content=\"Mua ngay \u0110I\u1ec0U H\u00d2A L\u00c0M M\u00c1T T\u1ee6 \u0110I\u1ec6N NGO\u00c0I TR\u1edcI AIR MAJOR MODEL\u00a0AP-ESS230H ch\u00ednh h\u00e3ng. M\u00e1y \u0110i\u1ec1u H\u00f2a L\u00e0m M\u00e1t T\u1ee7 \u0110i\u1ec7n Ngo\u00e0i Tr\u1eddi AP-ESS... Gi\u00e1 t\u1ed1t!\" \/>\n<meta name=\"robots\" content=\"noindex, follow, max-snippet:-1, max-image-preview:large, max-video-preview:-1\" \/>\n<meta property=\"og:locale\" content=\"en_US\" \/>\n<meta property=\"og:type\" content=\"article\" \/>\n<meta property=\"og:title\" content=\"\u0110I\u1ec0U H\u00d2A L\u00c0M M\u00c1T T\u1ee6 \u0110I\u1ec6N NGO\u00c0I TR\u1edcI AIR MAJOR MODEL\u00a0AP-ESS230H\" \/>\n<meta property=\"og:description\" content=\"Mua ngay \u0110I\u1ec0U H\u00d2A L\u00c0M M\u00c1T T\u1ee6 \u0110I\u1ec6N NGO\u00c0I TR\u1edcI AIR MAJOR MODEL\u00a0AP-ESS230H ch\u00ednh h\u00e3ng. M\u00e1y \u0110i\u1ec1u H\u00f2a L\u00e0m M\u00e1t T\u1ee7 \u0110i\u1ec7n Ngo\u00e0i Tr\u1eddi AP-ESS... Gi\u00e1 t\u1ed1t!\" \/>\n<meta property=\"og:url\" content=\"https:\/\/vannangvn.123websitedev.com\/en\/product\/dieu-hoa-lam-mat-tu-dien-ngoai-troi-air-major-model-ap-ess230h\/\" \/>\n<meta property=\"og:site_name\" content=\"Vannang.vn\" \/>\n<meta property=\"article:modified_time\" content=\"2026-03-30T11:15:15+00:00\" \/>\n<meta name=\"twitter:card\" content=\"summary_large_image\" \/>\n<meta name=\"twitter:label1\" content=\"Est. reading time\" \/>\n\t<meta name=\"twitter:data1\" content=\"10 minutes\" \/>\n<script type=\"application\/ld+json\" class=\"yoast-schema-graph\">{\"@context\":\"https:\/\/schema.org\",\"@graph\":[{\"@type\":\"WebPage\",\"@id\":\"https:\/\/vannangvn.123websitedev.com\/san-pham\/dieu-hoa-lam-mat-tu-dien-ngoai-troi-air-major-model-ap-ess230h\/\",\"url\":\"https:\/\/vannangvn.123websitedev.com\/san-pham\/dieu-hoa-lam-mat-tu-dien-ngoai-troi-air-major-model-ap-ess230h\/\",\"name\":\"\u0110I\u1ec0U H\u00d2A L\u00c0M M\u00c1T T\u1ee6 \u0110I\u1ec6N NGO\u00c0I TR\u1edcI... ch\u00ednh h\u00e3ng | V\u1ea1n N\u0103ng\",\"isPartOf\":{\"@id\":\"https:\/\/vannangvn.123websitedev.com\/#website\"},\"datePublished\":\"2026-03-20T10:24:35+00:00\",\"dateModified\":\"2026-03-30T11:15:15+00:00\",\"description\":\"Mua ngay \u0110I\u1ec0U H\u00d2A L\u00c0M M\u00c1T T\u1ee6 \u0110I\u1ec6N NGO\u00c0I TR\u1edcI AIR MAJOR MODEL\u00a0AP-ESS230H ch\u00ednh h\u00e3ng. M\u00e1y \u0110i\u1ec1u H\u00f2a L\u00e0m M\u00e1t T\u1ee7 \u0110i\u1ec7n Ngo\u00e0i Tr\u1eddi AP-ESS... Gi\u00e1 t\u1ed1t!\",\"breadcrumb\":{\"@id\":\"https:\/\/vannangvn.123websitedev.com\/san-pham\/dieu-hoa-lam-mat-tu-dien-ngoai-troi-air-major-model-ap-ess230h\/#breadcrumb\"},\"inLanguage\":\"en-US\",\"potentialAction\":[{\"@type\":\"ReadAction\",\"target\":[\"https:\/\/vannangvn.123websitedev.com\/san-pham\/dieu-hoa-lam-mat-tu-dien-ngoai-troi-air-major-model-ap-ess230h\/\"]}]},{\"@type\":\"BreadcrumbList\",\"@id\":\"https:\/\/vannangvn.123websitedev.com\/san-pham\/dieu-hoa-lam-mat-tu-dien-ngoai-troi-air-major-model-ap-ess230h\/#breadcrumb\",\"itemListElement\":[{\"@type\":\"ListItem\",\"position\":1,\"name\":\"Trang ch\u1ee7\",\"item\":\"https:\/\/vannangvn.123websitedev.com\/\"},{\"@type\":\"ListItem\",\"position\":2,\"name\":\"S\u1ea3n ph\u1ea9m\",\"item\":\"https:\/\/vannangvn.123websitedev.com\/cua-hang\/\"},{\"@type\":\"ListItem\",\"position\":3,\"name\":\"\u0110I\u1ec0U H\u00d2A L\u00c0M M\u00c1T T\u1ee6 \u0110I\u1ec6N NGO\u00c0I TR\u1edcI AIR MAJOR MODEL\u00a0AP-ESS230H\"}]},{\"@type\":\"WebSite\",\"@id\":\"https:\/\/vannangvn.123websitedev.com\/#website\",\"url\":\"https:\/\/vannangvn.123websitedev.com\/\",\"name\":\"Vannang.vn\",\"description\":\"\",\"publisher\":{\"@id\":\"https:\/\/vannangvn.123websitedev.com\/#organization\"},\"potentialAction\":[{\"@type\":\"SearchAction\",\"target\":{\"@type\":\"EntryPoint\",\"urlTemplate\":\"https:\/\/vannangvn.123websitedev.com\/?s={search_term_string}\"},\"query-input\":{\"@type\":\"PropertyValueSpecification\",\"valueRequired\":true,\"valueName\":\"search_term_string\"}}],\"inLanguage\":\"en-US\"},{\"@type\":\"Organization\",\"@id\":\"https:\/\/vannangvn.123websitedev.com\/#organization\",\"name\":\"Vannang.vn\",\"url\":\"https:\/\/vannangvn.123websitedev.com\/\",\"logo\":{\"@type\":\"ImageObject\",\"inLanguage\":\"en-US\",\"@id\":\"https:\/\/vannangvn.123websitedev.com\/#\/schema\/logo\/image\/\",\"url\":\"https:\/\/vannangvn.123websitedev.com\/wp-content\/uploads\/2026\/02\/logo-van-nang-02.png\",\"contentUrl\":\"https:\/\/vannangvn.123websitedev.com\/wp-content\/uploads\/2026\/02\/logo-van-nang-02.png\",\"width\":448,\"height\":111,\"caption\":\"Vannang.vn\"},\"image\":{\"@id\":\"https:\/\/vannangvn.123websitedev.com\/#\/schema\/logo\/image\/\"}}]}<\/script>\n<!-- \/ Yoast SEO Premium plugin. -->","yoast_head_json":{"title":"\u0110I\u1ec0U H\u00d2A L\u00c0M M\u00c1T T\u1ee6 \u0110I\u1ec6N NGO\u00c0I TR\u1edcI... ch\u00ednh h\u00e3ng | V\u1ea1n N\u0103ng","description":"Mua ngay \u0110I\u1ec0U H\u00d2A L\u00c0M M\u00c1T T\u1ee6 \u0110I\u1ec6N NGO\u00c0I TR\u1edcI AIR MAJOR MODEL\u00a0AP-ESS230H ch\u00ednh h\u00e3ng. M\u00e1y \u0110i\u1ec1u H\u00f2a L\u00e0m M\u00e1t T\u1ee7 \u0110i\u1ec7n Ngo\u00e0i Tr\u1eddi AP-ESS... Gi\u00e1 t\u1ed1t!","robots":{"index":"noindex","follow":"follow","max-snippet":"max-snippet:-1","max-image-preview":"max-image-preview:large","max-video-preview":"max-video-preview:-1"},"og_locale":"en_US","og_type":"article","og_title":"\u0110I\u1ec0U H\u00d2A L\u00c0M M\u00c1T T\u1ee6 \u0110I\u1ec6N NGO\u00c0I TR\u1edcI AIR MAJOR MODEL\u00a0AP-ESS230H","og_description":"Mua ngay \u0110I\u1ec0U H\u00d2A L\u00c0M M\u00c1T T\u1ee6 \u0110I\u1ec6N NGO\u00c0I TR\u1edcI AIR MAJOR MODEL\u00a0AP-ESS230H ch\u00ednh h\u00e3ng. M\u00e1y \u0110i\u1ec1u H\u00f2a L\u00e0m M\u00e1t T\u1ee7 \u0110i\u1ec7n Ngo\u00e0i Tr\u1eddi AP-ESS... Gi\u00e1 t\u1ed1t!","og_url":"https:\/\/vannangvn.123websitedev.com\/en\/product\/dieu-hoa-lam-mat-tu-dien-ngoai-troi-air-major-model-ap-ess230h\/","og_site_name":"Vannang.vn","article_modified_time":"2026-03-30T11:15:15+00:00","twitter_card":"summary_large_image","twitter_misc":{"Est. reading time":"10 minutes"},"schema":{"@context":"https:\/\/schema.org","@graph":[{"@type":"WebPage","@id":"https:\/\/vannangvn.123websitedev.com\/san-pham\/dieu-hoa-lam-mat-tu-dien-ngoai-troi-air-major-model-ap-ess230h\/","url":"https:\/\/vannangvn.123websitedev.com\/san-pham\/dieu-hoa-lam-mat-tu-dien-ngoai-troi-air-major-model-ap-ess230h\/","name":"\u0110I\u1ec0U H\u00d2A L\u00c0M M\u00c1T T\u1ee6 \u0110I\u1ec6N NGO\u00c0I TR\u1edcI... ch\u00ednh h\u00e3ng | V\u1ea1n N\u0103ng","isPartOf":{"@id":"https:\/\/vannangvn.123websitedev.com\/#website"},"datePublished":"2026-03-20T10:24:35+00:00","dateModified":"2026-03-30T11:15:15+00:00","description":"Mua ngay \u0110I\u1ec0U H\u00d2A L\u00c0M M\u00c1T T\u1ee6 \u0110I\u1ec6N NGO\u00c0I TR\u1edcI AIR MAJOR MODEL\u00a0AP-ESS230H ch\u00ednh h\u00e3ng. M\u00e1y \u0110i\u1ec1u H\u00f2a L\u00e0m M\u00e1t T\u1ee7 \u0110i\u1ec7n Ngo\u00e0i Tr\u1eddi AP-ESS... Gi\u00e1 t\u1ed1t!","breadcrumb":{"@id":"https:\/\/vannangvn.123websitedev.com\/san-pham\/dieu-hoa-lam-mat-tu-dien-ngoai-troi-air-major-model-ap-ess230h\/#breadcrumb"},"inLanguage":"en-US","potentialAction":[{"@type":"ReadAction","target":["https:\/\/vannangvn.123websitedev.com\/san-pham\/dieu-hoa-lam-mat-tu-dien-ngoai-troi-air-major-model-ap-ess230h\/"]}]},{"@type":"BreadcrumbList","@id":"https:\/\/vannangvn.123websitedev.com\/san-pham\/dieu-hoa-lam-mat-tu-dien-ngoai-troi-air-major-model-ap-ess230h\/#breadcrumb","itemListElement":[{"@type":"ListItem","position":1,"name":"Trang ch\u1ee7","item":"https:\/\/vannangvn.123websitedev.com\/"},{"@type":"ListItem","position":2,"name":"S\u1ea3n ph\u1ea9m","item":"https:\/\/vannangvn.123websitedev.com\/cua-hang\/"},{"@type":"ListItem","position":3,"name":"\u0110I\u1ec0U H\u00d2A L\u00c0M M\u00c1T T\u1ee6 \u0110I\u1ec6N NGO\u00c0I TR\u1edcI AIR MAJOR MODEL\u00a0AP-ESS230H"}]},{"@type":"WebSite","@id":"https:\/\/vannangvn.123websitedev.com\/#website","url":"https:\/\/vannangvn.123websitedev.com\/","name":"Vannang.vn","description":"","publisher":{"@id":"https:\/\/vannangvn.123websitedev.com\/#organization"},"potentialAction":[{"@type":"SearchAction","target":{"@type":"EntryPoint","urlTemplate":"https:\/\/vannangvn.123websitedev.com\/?s={search_term_string}"},"query-input":{"@type":"PropertyValueSpecification","valueRequired":true,"valueName":"search_term_string"}}],"inLanguage":"en-US"},{"@type":"Organization","@id":"https:\/\/vannangvn.123websitedev.com\/#organization","name":"Vannang.vn","url":"https:\/\/vannangvn.123websitedev.com\/","logo":{"@type":"ImageObject","inLanguage":"en-US","@id":"https:\/\/vannangvn.123websitedev.com\/#\/schema\/logo\/image\/","url":"https:\/\/vannangvn.123websitedev.com\/wp-content\/uploads\/2026\/02\/logo-van-nang-02.png","contentUrl":"https:\/\/vannangvn.123websitedev.com\/wp-content\/uploads\/2026\/02\/logo-van-nang-02.png","width":448,"height":111,"caption":"Vannang.vn"},"image":{"@id":"https:\/\/vannangvn.123websitedev.com\/#\/schema\/logo\/image\/"}}]}},"_links":{"self":[{"href":"https:\/\/vannangvn.123websitedev.com\/en\/wp-json\/wp\/v2\/product\/6221","targetHints":{"allow":["GET"]}}],"collection":[{"href":"https:\/\/vannangvn.123websitedev.com\/en\/wp-json\/wp\/v2\/product"}],"about":[{"href":"https:\/\/vannangvn.123websitedev.com\/en\/wp-json\/wp\/v2\/types\/product"}],"replies":[{"embeddable":true,"href":"https:\/\/vannangvn.123websitedev.com\/en\/wp-json\/wp\/v2\/comments?post=6221"}],"wp:attachment":[{"href":"https:\/\/vannangvn.123websitedev.com\/en\/wp-json\/wp\/v2\/media?parent=6221"}],"wp:term":[{"taxonomy":"product_brand","embeddable":true,"href":"https:\/\/vannangvn.123websitedev.com\/en\/wp-json\/wp\/v2\/product_brand?post=6221"},{"taxonomy":"product_cat","embeddable":true,"href":"https:\/\/vannangvn.123websitedev.com\/en\/wp-json\/wp\/v2\/product_cat?post=6221"},{"taxonomy":"product_tag","embeddable":true,"href":"https:\/\/vannangvn.123websitedev.com\/en\/wp-json\/wp\/v2\/product_tag?post=6221"}],"curies":[{"name":"wp","href":"https:\/\/api.w.org\/{rel}","templated":true}]}}