{"id":6223,"date":"2026-03-20T17:24:37","date_gmt":"2026-03-20T10:24:37","guid":{"rendered":"https:\/\/vannangvn.123websitedev.com\/san-pham\/dong-ho-do-cong-suat-1-pha-pce-instruments-model-pce-gpa-50\/"},"modified":"2026-03-30T18:15:20","modified_gmt":"2026-03-30T11:15:20","slug":"dong-ho-do-cong-suat-1-pha-pce-instruments-model-pce-gpa-50","status":"publish","type":"product","link":"https:\/\/vannangvn.123websitedev.com\/en\/product\/dong-ho-do-cong-suat-1-pha-pce-instruments-model-pce-gpa-50\/","title":{"rendered":"\u0110\u1ed2NG H\u1ed2 \u0110O C\u00d4NG SU\u1ea4T 1 PHA PCE INSTRUMENTS MODEL PCE-GPA 50"},"content":{"rendered":"<h1 style=\"color: red; font-weight: bold; font-size: 24px;\">T&#7893;ng quan s&#7843;n ph&#7849;m &#272;&#7890;NG H&#7890; &#272;O C&Ocirc;NG SU&#7844;T 1 PHA PCE INSTRUMENTS MODEL PCE-GPA 50<p>&#272;&#7891;ng H&#7891; &#272;o C&ocirc;ng Su&#7845;t 1 Pha (1-Phase Power Analyzer) PCE Instruments Model PCE-GPA 50<br>\n&#272;&#7891;ng H&#7891; &#272;o C&ocirc;ng Su&#7845;t 1 Pha PCE-GPA 50 l&agrave; thi&#7871;t b&#7883; &#273;o l&yacute; t&#432;&#7903;ng cho c&aacute;c t&#7843;i 1 pha v&agrave; 3 pha. V&#7899;i kh&#7843; n&#259;ng &#273;o d&ograve;ng l&ecirc;n &#273;&#7871;n 2000 A, thi&#7871;t b&#7883; n&agrave;y &#273;&aacute;p &#7913;ng &#273;&#432;&#7907;c c&aacute;c y&ecirc;u c&#7847;u &#273;o l&#432;&#7901;ng t&#7915; c&#417; b&#7843;n &#273;&#7871;n ph&#7913;c t&#7841;p trong nhi&#7873;u l&#297;nh v&#7921;c. &#272;&#7863;c bi&#7879;t, m&agrave;n h&igrave;nh &#273;&#7891; h&#7885;a c&oacute; &#273;&egrave;n n&#7873;n c&#7911;a M&aacute;y &#272;o PCE-GPA 50 gi&uacute;p hi&#7875;n th&#7883; kh&ocirc;ng ch&#7881; gi&aacute; tr&#7883; &#273;o m&agrave; c&ograve;n d&#7841;ng s&oacute;ng c&#7911;a pha, mang l&#7841;i c&aacute;i nh&igrave;n tr&#7921;c quan v&agrave; chi ti&#7871;t h&#417;n v&#7873; th&ocirc;ng s&#7889; &#273;i&#7879;n. H&atilde;y c&ugrave;ng V&#7841;n N&#259;ng t&igrave;m hi&#7875;u chi ti&#7871;t h&#417;n v&#7873; s&#7843;n ph&#7849;m th&ocirc;ng qua b&agrave;i vi&#7871;t d&#432;&#7899;i &#273;&acirc;y!<\/p><h2 style=\"color: #2e7d32; font-weight: bold; font-size: 20px;\">T&iacute;nh N&#259;ng N&#7893;i B&#7853;t C&#7911;a PCE-GPA 50<\/h2><p>M&agrave;n h&igrave;nh &#273;&#7891; h&#7885;a hi&#7879;n &#273;&#7841;i: Hi&#7875;n th&#7883; d&#7841;ng s&oacute;ng pha v&agrave; gi&aacute; tr&#7883; &#273;o gi&uacute;p ng&#432;&#7901;i d&ugrave;ng d&#7877; d&agrave;ng ph&acirc;n t&iacute;ch.<br>\nCh&#7913;c n&#259;ng l&#432;u tr&#7919; d&#7919; li&#7879;u: M&aacute;y &#272;o C&ocirc;ng Su&#7845;t PCE-GPA 50 h&#7895; tr&#7907; th&#7867; nh&#7899; Micro-SD, thu&#7853;n ti&#7879;n cho vi&#7879;c l&#432;u tr&#7919; v&agrave; ph&acirc;n t&iacute;ch d&#7919; li&#7879;u sau n&agrave;y.<br>\n&#272;o d&ograve;ng v&agrave; &#273;i&#7879;n &aacute;p &#273;a d&#7841;ng:<\/p><p>D&ograve;ng &#273;i&#7879;n: t&#7915; 5 &#273;&#7871;n 2000 A AC RMS.<br>\n&#272;i&#7879;n &aacute;p: t&#7915; 10V &#273;&#7871;n 600V AC RMS.<\/p><h2 style=\"color: #0073aa; font-weight: bold; font-size: 20px;\">&#272;o th&ocirc;ng s&#7889; c&ocirc;ng su&#7845;t: T&iacute;nh to&aacute;n c&ocirc;ng su&#7845;t hi&#7879;u d&#7909;ng, bi&#7875;u ki&#7871;n v&agrave; ph&#7843;n kh&aacute;ng th&ocirc;ng qua g&oacute;c pha.<\/h2><p>Ph&acirc;n t&iacute;ch s&oacute;ng h&agrave;i: &#272;o &#273;&#7897; m&eacute;o h&agrave;i &#273;&#7871;n b&#7853;c th&#7913; 50, gi&uacute;p x&aacute;c &#273;&#7883;nh ch&#7845;t l&#432;&#7907;ng ngu&#7891;n &#273;i&#7879;n.<br>\nNhi&#7879;t &#273;&#7897; &#273;o b&#7857;ng c&#7863;p nhi&#7879;t &#273;i&#7879;n: Thi&#7871;t B&#7883; &#272;o C&ocirc;ng Su&#7845;t PCE-GPA 50 m&#7903; r&#7897;ng kh&#7843; n&#259;ng &#273;o nhi&#7879;t &#273;&#7897; cho nhi&#7873;u &#7913;ng d&#7909;ng kh&aacute;c nhau.<\/p><p>&#431;u &#272;i&#7875;m V&#432;&#7907;t Tr&#7897;i C&#7911;a PCE-GPA 50<\/p><p>&#272;a n&#259;ng v&agrave; ch&iacute;nh x&aacute;c: PCE-GPA 50 Clamp Power Analyzer &#273;o l&#432;&#7901;ng nhi&#7873;u th&ocirc;ng s&#7889; ch&#7881; v&#7899;i m&#7897;t thi&#7871;t b&#7883; duy nh&#7845;t.<br>\nLinh ho&#7841;t trong m&ocirc;i tr&#432;&#7901;ng l&agrave;m vi&#7879;c: S&#7917; d&#7909;ng pin ho&#7863;c ngu&#7891;n &#273;i&#7879;n, ph&ugrave; h&#7907;p v&#7899;i c&aacute;c c&ocirc;ng vi&#7879;c c&#7847;n t&iacute;nh c&#417; &#273;&#7897;ng.<br>\nPh&acirc;n t&iacute;ch chuy&ecirc;n s&acirc;u: T&iacute;nh n&#259;ng ph&acirc;n t&iacute;ch s&oacute;ng h&agrave;i v&agrave; &#273;&#7891; th&#7883; d&#7841;ng s&oacute;ng gi&uacute;p &#273;&aacute;nh gi&aacute; ch&#7845;t l&#432;&#7907;ng ngu&#7891;n &#273;i&#7879;n chi ti&#7871;t.<\/p><p>&#7912;ng D&#7909;ng Linh Ho&#7841;t C&#7911;a PCE-GPA 50<br>\n&#272;&#7891;ng H&#7891; V&#7841;n N&#259;ng K&#7929; Thu&#7853;t S&#7889; PCE-GPA 50 kh&ocirc;ng ch&#7881; ph&ugrave; h&#7907;p cho c&aacute;c ph&eacute;p &#273;o t&#7913;c th&#7901;i m&agrave; c&ograve;n c&oacute; th&#7875; ho&#7841;t &#273;&#7897;ng nh&#432; m&#7897;t data logger nh&#7901; kh&#7843; n&#259;ng l&#432;u tr&#7919; d&#7919; li&#7879;u d&agrave;i h&#7841;n. Thi&#7871;t B&#7883; &#272;o PCE-GPA 50 &#273;&#432;&#7907;c c&#7845;p ngu&#7891;n b&#7903;i 2 pin AA 1.5V ho&#7863;c qua ngu&#7891;n &#273;i&#7879;n &#273;&#7875; th&#7921;c hi&#7879;n c&aacute;c ph&eacute;p &#273;o li&ecirc;n t&#7909;c trong th&#7901;i gian d&agrave;i.<\/p><h2 style=\"color: #0073aa; font-weight: bold; font-size: 20px;\">Th&ocirc;ng S&#7889; K&#7929; Thu&#7853;t Ch&iacute;nh C&#7911;a PCE-GPA 50<\/h2><p>M&#7903; k&#7865;p d&ograve;ng: 50 mm<br>\n&#272;o d&ograve;ng: 5 &hellip; 2000 A AC RMS<br>\n&#272;o &#273;i&#7879;n &aacute;p: 10V &hellip; 600V AC RMS<br>\nPh&acirc;n t&iacute;ch s&oacute;ng h&agrave;i: L&ecirc;n &#273;&#7871;n b&#7853;c 50<\/p><p>Nh&#7919;ng L&yacute; Do N&ecirc;n Mua M&aacute;y &#272;o C&ocirc;ng Su&#7845;t 1 Pha T&#7841;i Thi&#7871;t B&#7883; C&ocirc;ng Ngh&#7879; V&#7841;n N&#259;ng<\/p><p>C&ocirc;ng ty Thi&#7871;t B&#7883; C&ocirc;ng Ngh&#7879; V&#7841;n N&#259;ng l&agrave; &#273;&#7889;i t&aacute;c ch&iacute;nh th&#7913;c ph&acirc;n ph&#7889;i &#272;&#7891;ng H&#7891; &#272;o C&ocirc;ng Su&#7845;t 1 Pha h&agrave;ng &#273;&#7847;u t&#7841;i Vi&#7879;t Nam, cam k&#7871;t cung c&#7845;p s&#7843;n ph&#7849;m ch&iacute;nh h&atilde;ng v&#7899;i gi&aacute; c&#7843; c&#7841;nh tranh nh&#7845;t th&#7883; tr&#432;&#7901;ng. V&#7899;i uy t&iacute;n tr&ecirc;n th&#7883; tr&#432;&#7901;ng v&agrave; ch&#7871; &#273;&#7897; h&#7851;u m&atilde;i t&#7889;t, Thi&#7871;t B&#7883; C&ocirc;ng Ngh&#7879; V&#7841;n N&#259;ng &#273;&atilde; nh&#7853;n &#273;&#432;&#7907;c s&#7921; tin t&#432;&#7903;ng t&#7915; kh&aacute;ch h&agrave;ng nh&#7901; v&agrave;o ch&#7845;t l&#432;&#7907;ng h&agrave;ng &#273;&#7847;u c&#7911;a c&aacute;c d&ograve;ng s&#7843;n ph&#7849;m.<br>\nS&#7843;n ph&#7849;m c&#7911;a ch&uacute;ng t&ocirc;i &#273;&#432;&#7907;c ki&#7875;m &#273;&#7883;nh ch&#7845;t l&#432;&#7907;ng, nh&#7853;p kh&#7849;u tr&#7921;c ti&#7871;p t&#7915; nh&agrave; m&aacute;y b&ecirc;n Ch&acirc;u &Acirc;u, M&#7929;, &Uacute;c, Nh&#7853;t B&#7843;n,&hellip; v&agrave; &#273;&aacute;p &#7913;ng nhu c&#7847;u &#273;a d&#7841;ng c&#7911;a th&#7883; tr&#432;&#7901;ng nh&#432;: M&aacute;y &#272;o &#272;&#7897; C&#7913;ng, M&aacute;y SPECTROMAXx, M&aacute;y Ki&#7875;m Tra &#272;&#432;&#7901;ng Gh&eacute;p M&iacute; Lon,&hellip; Ch&uacute;ng t&ocirc;i cam k&#7871;t cung c&#7845;p s&#7843;n ph&#7849;m n&agrave;y tr&ecirc;n to&agrave;n qu&#7889;c v&#7899;i gi&aacute; c&#7843; c&#7841;nh tranh nh&#7845;t.<br>\nCh&uacute;ng t&ocirc;i c&oacute; &#273;&#7897;i ng&#361; chuy&ecirc;n vi&ecirc;n t&#432; v&#7845;n chuy&ecirc;n s&acirc;u s&#7869; h&#7895; tr&#7907; kh&aacute;ch h&agrave;ng v&#7873; chi ti&#7871;t s&#7843;n ph&#7849;m, h&#432;&#7899;ng d&#7851;n s&#7917; d&#7909;ng hay nh&#7919;ng th&#7913; li&ecirc;n quan &#273;&#7871;n v&#7845;n &#273;&#7873; m&agrave; doanh nghi&#7879;p b&#7841;n &#273;ang g&#7863;p ph&#7843;i. Ch&uacute;ng t&ocirc;i s&#7869; cung c&#7845;p nh&#7919;ng gi&#7843;i ph&aacute;p t&#7889;i &#432;u nh&#7845;t!<br>\nNgo&agrave;i ra Thi&#7871;t B&#7883; C&ocirc;ng Ngh&#7879; V&#7841;n N&#259;ng Ch&uacute;ng T&ocirc;i lu&ocirc;n h&#432;&#7899;ng &#273;&#7871;n tr&#7843;i nghi&#7879;m kh&aacute;ch h&agrave;ng, v&igrave; v&#7853;y ch&uacute;ng t&ocirc;i c&oacute; nh&#7919;ng ch&iacute;nh s&aacute;ch b&#7843;o h&agrave;nh, b&#7843;o tr&igrave; &ndash; b&#7843;o d&#432;&#7905;ng, hi&#7879;u chu&#7849;n v&#7899;i t&#7845;t c&#7843; c&aacute;c thi&#7871;t b&#7883;, m&aacute;y m&oacute;c m&agrave; ch&uacute;ng t&ocirc;i cung c&#7845;p. &#272;&#7843;m b&#7843;o mang &#273;&#7871;n cho Kh&aacute;ch h&agrave;ng s&#7921; y&ecirc;n t&acirc;m tuy&#7879;t &#273;&#7889;i v&#7873; d&#7883;ch v&#7909; khi mua h&agrave;ng.<\/p><p>T&#7893;ng K&#7871;t<br>\nM&aacute;y &#272;o C&ocirc;ng Su&#7845;t 1 Pha PCE-GPA 50 l&agrave; l&#7921;a ch&#7885;n l&yacute; t&#432;&#7903;ng cho c&aacute;c k&#7929; s&#432; &#273;i&#7879;n, chuy&ecirc;n gia &#273;o l&#432;&#7901;ng c&#7847;n m&#7897;t c&ocirc;ng c&#7909; &#273;a n&#259;ng v&agrave; m&#7841;nh m&#7869;. V&#7899;i kh&#7843; n&#259;ng &#273;o l&#432;&#7901;ng &#273;a d&#7841;ng, l&#432;u tr&#7919; d&#7919; li&#7879;u v&agrave; ph&acirc;n t&iacute;ch s&oacute;ng h&agrave;i, PCE-GPA 50 &#273;&#7843;m b&#7843;o mang l&#7841;i k&#7871;t qu&#7843; ch&iacute;nh x&aacute;c v&agrave; &#273;&aacute;ng tin c&#7853;y trong m&#7885;i t&igrave;nh hu&#7889;ng. H&atilde;y li&ecirc;n h&#7879; ngay v&#7899;i V&#7841;n N&#259;ng Company &#273;&#7875; &#273;&#432;&#7907;c t&#432; v&#7845;n chi ti&#7871;t v&agrave; nh&#7853;n ngay nh&#7919;ng &#432;u &#273;&atilde;i h&#7845;p d&#7851;n th&ocirc;ng qua hotline\/zalo: <a href=\"https:\/\/zalo.me\/0903991335\" target=\"_blank\" rel=\"noopener\" style=\"color: #059669; font-weight: bold; text-decoration: none;\">0903 991 335<\/a> !<\/p><div style=\"background-color: #f8fafc; border: 1px solid #e2e8f0; border-radius: 8px; padding: 25px; max-width: 800px; margin: 30px auto; color: #334155; line-height: 1.8; font-size: 17px; box-shadow: 0 4px 6px -1px rgba(0,0,0,0.05); text-align: left; clear: both;\">\nC&ocirc;ng ty TNHH Th&#432;&#417;ng M&#7841;i D&#7883;ch V&#7909; Thi&#7871;t B&#7883; C&ocirc;ng Ngh&#7879; V&#7841;n N&#259;ng\n<p style=\"margin: 0 0 10px 0;\">&#128205; <strong style=\"color: #1e293b;\">&#272;&#7883;a ch&#7881;:<\/strong> <a style=\"color: #059669; text-decoration: none; font-weight: bold;\" href=\"https:\/\/www.google.com\/maps\/search\/C%C3%B4ng+ty+TNHH+Th%C6%B0%C6%A1ng+M%E1%BA%A1i+D%E1%BB%8Bch+V%E1%BB%A5+Thi%E1%BA%BFt+B%E1%BB%8B+C%C3%B4ng+Ngh%E1%BB%87+V%E1%BA%A1n+N%C4%83ng+818+Tr%C6%B0%E1%BB%9Dng+Chinh\" target=\"_blank\" rel=\"noopener\">818 Tr&#432;&#7901;ng Chinh, Ph&#432;&#7901;ng T&acirc;n S&#417;n, Th&agrave;nh ph&#7889; H&#7891; Ch&iacute; Minh, Vi&#7879;t Nam<\/a><\/p>\n<p style=\"margin: 0 0 10px 0;\">&#128222; <strong style=\"color: #1e293b;\">S&#272;T &ndash; Zalo:<\/strong> <a style=\"color: #059669; text-decoration: none; font-weight: bold;\" href=\"https:\/\/zalo.me\/0903991335\" target=\"_blank\" rel=\"noopener\">0903 991 335<\/a> <span style=\"color: #64748b; font-style: italic;\">(Ms. H&#7841;nh &ndash; Gi&aacute;m &#272;&#7889;c Kinh Doanh)<\/span><\/p>\n<p style=\"margin: 0;\">&#9993;&#65039; <strong style=\"color: #1e293b;\">Email:<\/strong> <a style=\"color: #059669; text-decoration: none; font-weight: bold;\" href=\"mailto:hienhanh@vannangvn.com\">hienhanh@vannangvn.com<\/a><\/p>\n<\/div><\/h1>","protected":false},"excerpt":{"rendered":"<p><strong>Th&#432;&#417;ng hi&#7879;u:<\/strong> &#272;&#7891;ng H&#7891; &#272;o C&ocirc;ng Su&#7845;t 1 Pha PCE-GPA 50 l&agrave; thi&#7871;t b&#7883; &#273;o l&yacute; t&#432;&#7903;ng cho c&aacute;c t&#7843;i 1 pha v&agrave; 3 pha. V&#7899;i kh&#7843; n&#259;ng &#273;o d&ograve;ng l&ecirc;n &#273;&#7871;n 2000 A, thi&#7871;t b&#7883; n&agrave;y &#273;&aacute;p &#7913;ng &#273;&#432;&#7907;c c&aacute;c y&ecirc;u c&#7847;u &#273;o l&#432;&#7901;ng t&#7915; c&#417; b&#7843;n &#273;&#7871;n ph&#7913;c t&#7841;p trong nhi&#7873;u l&#297;nh v&#7921;c. &#272;&#7863;c bi&#7879;t, m&agrave;n h&igrave;nh &#273;&#7891; h&#7885;a c&oacute; &#273;&egrave;n n&#7873;n c&#7911;a Thi&#7871;t B&#7883; &#272;o C&ocirc;ng Su&#7845;t 1 Pha&nbsp;PCE-GPA 50 gi&uacute;p hi&#7875;n th&#7883; kh&ocirc;ng ch&#7881; gi&aacute; tr&#7883; &#273;o m&agrave; c&ograve;n d&#7841;ng s&oacute;ng c&#7911;a pha, mang l&#7841;i c&aacute;i nh&igrave;n tr&#7921;c quan v&agrave; chi ti&#7871;t h&#417;n v&#7873; th&ocirc;ng s&#7889; &#273;i&#7879;n.<br>\n<strong>Model:<\/strong> PCE-GPA 50<p>Product <strong>&#272;&#7890;NG H&#7890; &#272;O C&Ocirc;NG SU&#7844;T 1 PHA PCE INSTRUMENTS MODEL PCE-GPA 50<\/strong> ch&iacute;nh h&atilde;ng. &#272;&#7891;ng H&#7891; &#272;o C&ocirc;ng Su&#7845;t 1 Pha PCE-GPA 50 l&agrave; thi&#7871;t b&#7883; &#273;o l&yacute; t&#432;&#7903;ng cho c&aacute;c t&#7843;i 1 pha v&agrave; 3 pha. V&#7899;i kh&#7843; n&#259;ng &#273;o d&ograve;ng l&ecirc;n &#273;&#7871;n 2000 A, thi&#7871;t b&#7883; n&agrave;y &#273;&aacute;p &#7913;ng &#273;&#432;&#7907;c c&aacute;c y&ecirc;u c&#7847;u &#273;o l&#432;&#7901;ng t&#7915; c&#417; b&#7843;n &#273;&#7871;n ph&#7913;c t&#7841;p trong nhi&#7873;u l&#297;nh v&#7921;c. &#272;&#7863;c bi&#7879;t, m&agrave;n h&igrave;nh &#273;&#7891; h&#7885;a c&oacute; &#273;&egrave;n n&#7873;n c&#7911;a Thi&#7871;t B&#7883; &#272;o C&ocirc;ng Su&#7845;t 1 Pha&nbsp;PCE-GPA 50 gi&uacute;p hi&#7875;n th&#7883; kh&ocirc;ng ch&#7881; gi&aacute; tr&#7883; &#273;o m&agrave; c&ograve;n d&#7841;ng s&oacute;ng c&#7911;a pha, mang l&#7841;i c&aacute;i nh&igrave;n tr&#7921;c quan v&agrave; chi ti&#7871;t h&#417;n v&#7873; th&ocirc;ng s&#7889; &#273;i&#7879;n.<\/p><\/p>","protected":false},"featured_media":10423,"comment_status":"open","ping_status":"closed","template":"","meta":[],"product_brand":[],"product_cat":[18],"product_tag":[116,127,163,181,328,344,345,346,581,703,914,915],"class_list":{"0":"post-6223","1":"product","2":"type-product","3":"status-publish","4":"has-post-thumbnail","6":"product_cat-chua-phan-loai","7":"product_tag-model","8":"product_tag-cong","9":"product_tag-dong","10":"product_tag-do","11":"product_tag-suat","12":"product_tag-344","13":"product_tag-pha","14":"product_tag-pce","15":"product_tag-instruments","16":"product_tag-ho","17":"product_tag-pce-gpa","18":"product_tag-915","20":"first","21":"instock","22":"shipping-taxable","23":"product-type-simple"},"yoast_head":"<!-- This site is optimized with the Yoast SEO Premium plugin v24.8 (Yoast SEO v24.8) - https:\/\/yoast.com\/wordpress\/plugins\/seo\/ -->\n<title>\u0110\u1ed2NG H\u1ed2 \u0110O C\u00d4NG SU\u1ea4T 1 PHA PCE INST... ch\u00ednh h\u00e3ng | V\u1ea1n N\u0103ng<\/title>\n<meta name=\"description\" content=\"Mua ngay \u0110\u1ed2NG H\u1ed2 \u0110O C\u00d4NG SU\u1ea4T 1 PHA PCE INSTRUMENTS MODEL PCE-GPA 50 ch\u00ednh h\u00e3ng. Gi\u00e1 t\u1ed1t!\" \/>\n<meta name=\"robots\" content=\"noindex, follow, max-snippet:-1, max-image-preview:large, max-video-preview:-1\" \/>\n<meta property=\"og:locale\" content=\"en_US\" \/>\n<meta property=\"og:type\" content=\"article\" \/>\n<meta property=\"og:title\" content=\"\u0110\u1ed2NG H\u1ed2 \u0110O C\u00d4NG SU\u1ea4T 1 PHA PCE INSTRUMENTS MODEL PCE-GPA 50\" \/>\n<meta property=\"og:description\" content=\"Mua ngay \u0110\u1ed2NG H\u1ed2 \u0110O C\u00d4NG SU\u1ea4T 1 PHA PCE INSTRUMENTS MODEL PCE-GPA 50 ch\u00ednh h\u00e3ng. Gi\u00e1 t\u1ed1t!\" \/>\n<meta property=\"og:url\" content=\"https:\/\/vannangvn.123websitedev.com\/en\/product\/dong-ho-do-cong-suat-1-pha-pce-instruments-model-pce-gpa-50\/\" \/>\n<meta property=\"og:site_name\" content=\"Vannang.vn\" \/>\n<meta property=\"article:modified_time\" content=\"2026-03-30T11:15:20+00:00\" \/>\n<meta property=\"og:image\" content=\"http:\/\/vannangvn.123websitedev.com\/wp-content\/uploads\/2026\/03\/PCE-Instruments-Model-PCE-GPA-50-ICA-1-copy.jpg\" \/>\n\t<meta property=\"og:image:width\" content=\"768\" \/>\n\t<meta property=\"og:image:height\" content=\"576\" \/>\n\t<meta property=\"og:image:type\" content=\"image\/jpeg\" \/>\n<meta name=\"twitter:card\" content=\"summary_large_image\" \/>\n<meta name=\"twitter:label1\" content=\"Est. reading time\" \/>\n\t<meta name=\"twitter:data1\" content=\"7 minutes\" \/>\n<script type=\"application\/ld+json\" class=\"yoast-schema-graph\">{\"@context\":\"https:\/\/schema.org\",\"@graph\":[{\"@type\":\"WebPage\",\"@id\":\"https:\/\/vannangvn.123websitedev.com\/san-pham\/dong-ho-do-cong-suat-1-pha-pce-instruments-model-pce-gpa-50\/\",\"url\":\"https:\/\/vannangvn.123websitedev.com\/san-pham\/dong-ho-do-cong-suat-1-pha-pce-instruments-model-pce-gpa-50\/\",\"name\":\"\u0110\u1ed2NG H\u1ed2 \u0110O C\u00d4NG SU\u1ea4T 1 PHA PCE INST... ch\u00ednh h\u00e3ng | V\u1ea1n N\u0103ng\",\"isPartOf\":{\"@id\":\"https:\/\/vannangvn.123websitedev.com\/#website\"},\"primaryImageOfPage\":{\"@id\":\"https:\/\/vannangvn.123websitedev.com\/san-pham\/dong-ho-do-cong-suat-1-pha-pce-instruments-model-pce-gpa-50\/#primaryimage\"},\"image\":{\"@id\":\"https:\/\/vannangvn.123websitedev.com\/san-pham\/dong-ho-do-cong-suat-1-pha-pce-instruments-model-pce-gpa-50\/#primaryimage\"},\"thumbnailUrl\":\"https:\/\/vannangvn.123websitedev.com\/wp-content\/uploads\/2026\/03\/PCE-Instruments-Model-PCE-GPA-50-ICA-1-copy.jpg\",\"datePublished\":\"2026-03-20T10:24:37+00:00\",\"dateModified\":\"2026-03-30T11:15:20+00:00\",\"description\":\"Mua ngay \u0110\u1ed2NG H\u1ed2 \u0110O C\u00d4NG SU\u1ea4T 1 PHA PCE INSTRUMENTS MODEL PCE-GPA 50 ch\u00ednh h\u00e3ng. Gi\u00e1 t\u1ed1t!\",\"breadcrumb\":{\"@id\":\"https:\/\/vannangvn.123websitedev.com\/san-pham\/dong-ho-do-cong-suat-1-pha-pce-instruments-model-pce-gpa-50\/#breadcrumb\"},\"inLanguage\":\"en-US\",\"potentialAction\":[{\"@type\":\"ReadAction\",\"target\":[\"https:\/\/vannangvn.123websitedev.com\/san-pham\/dong-ho-do-cong-suat-1-pha-pce-instruments-model-pce-gpa-50\/\"]}]},{\"@type\":\"ImageObject\",\"inLanguage\":\"en-US\",\"@id\":\"https:\/\/vannangvn.123websitedev.com\/san-pham\/dong-ho-do-cong-suat-1-pha-pce-instruments-model-pce-gpa-50\/#primaryimage\",\"url\":\"https:\/\/vannangvn.123websitedev.com\/wp-content\/uploads\/2026\/03\/PCE-Instruments-Model-PCE-GPA-50-ICA-1-copy.jpg\",\"contentUrl\":\"https:\/\/vannangvn.123websitedev.com\/wp-content\/uploads\/2026\/03\/PCE-Instruments-Model-PCE-GPA-50-ICA-1-copy.jpg\",\"width\":768,\"height\":576},{\"@type\":\"BreadcrumbList\",\"@id\":\"https:\/\/vannangvn.123websitedev.com\/san-pham\/dong-ho-do-cong-suat-1-pha-pce-instruments-model-pce-gpa-50\/#breadcrumb\",\"itemListElement\":[{\"@type\":\"ListItem\",\"position\":1,\"name\":\"Trang ch\u1ee7\",\"item\":\"https:\/\/vannangvn.123websitedev.com\/\"},{\"@type\":\"ListItem\",\"position\":2,\"name\":\"S\u1ea3n ph\u1ea9m\",\"item\":\"https:\/\/vannangvn.123websitedev.com\/cua-hang\/\"},{\"@type\":\"ListItem\",\"position\":3,\"name\":\"\u0110\u1ed2NG H\u1ed2 \u0110O C\u00d4NG SU\u1ea4T 1 PHA PCE INSTRUMENTS MODEL PCE-GPA 50\"}]},{\"@type\":\"WebSite\",\"@id\":\"https:\/\/vannangvn.123websitedev.com\/#website\",\"url\":\"https:\/\/vannangvn.123websitedev.com\/\",\"name\":\"Vannang.vn\",\"description\":\"\",\"publisher\":{\"@id\":\"https:\/\/vannangvn.123websitedev.com\/#organization\"},\"potentialAction\":[{\"@type\":\"SearchAction\",\"target\":{\"@type\":\"EntryPoint\",\"urlTemplate\":\"https:\/\/vannangvn.123websitedev.com\/?s={search_term_string}\"},\"query-input\":{\"@type\":\"PropertyValueSpecification\",\"valueRequired\":true,\"valueName\":\"search_term_string\"}}],\"inLanguage\":\"en-US\"},{\"@type\":\"Organization\",\"@id\":\"https:\/\/vannangvn.123websitedev.com\/#organization\",\"name\":\"Vannang.vn\",\"url\":\"https:\/\/vannangvn.123websitedev.com\/\",\"logo\":{\"@type\":\"ImageObject\",\"inLanguage\":\"en-US\",\"@id\":\"https:\/\/vannangvn.123websitedev.com\/#\/schema\/logo\/image\/\",\"url\":\"https:\/\/vannangvn.123websitedev.com\/wp-content\/uploads\/2026\/02\/logo-van-nang-02.png\",\"contentUrl\":\"https:\/\/vannangvn.123websitedev.com\/wp-content\/uploads\/2026\/02\/logo-van-nang-02.png\",\"width\":448,\"height\":111,\"caption\":\"Vannang.vn\"},\"image\":{\"@id\":\"https:\/\/vannangvn.123websitedev.com\/#\/schema\/logo\/image\/\"}}]}<\/script>\n<!-- \/ Yoast SEO Premium plugin. -->","yoast_head_json":{"title":"\u0110\u1ed2NG H\u1ed2 \u0110O C\u00d4NG SU\u1ea4T 1 PHA PCE INST... ch\u00ednh h\u00e3ng | V\u1ea1n N\u0103ng","description":"Mua ngay \u0110\u1ed2NG H\u1ed2 \u0110O C\u00d4NG SU\u1ea4T 1 PHA PCE INSTRUMENTS MODEL PCE-GPA 50 ch\u00ednh h\u00e3ng. Gi\u00e1 t\u1ed1t!","robots":{"index":"noindex","follow":"follow","max-snippet":"max-snippet:-1","max-image-preview":"max-image-preview:large","max-video-preview":"max-video-preview:-1"},"og_locale":"en_US","og_type":"article","og_title":"\u0110\u1ed2NG H\u1ed2 \u0110O C\u00d4NG SU\u1ea4T 1 PHA PCE INSTRUMENTS MODEL PCE-GPA 50","og_description":"Mua ngay \u0110\u1ed2NG H\u1ed2 \u0110O C\u00d4NG SU\u1ea4T 1 PHA PCE INSTRUMENTS MODEL PCE-GPA 50 ch\u00ednh h\u00e3ng. Gi\u00e1 t\u1ed1t!","og_url":"https:\/\/vannangvn.123websitedev.com\/en\/product\/dong-ho-do-cong-suat-1-pha-pce-instruments-model-pce-gpa-50\/","og_site_name":"Vannang.vn","article_modified_time":"2026-03-30T11:15:20+00:00","og_image":[{"width":768,"height":576,"url":"http:\/\/vannangvn.123websitedev.com\/wp-content\/uploads\/2026\/03\/PCE-Instruments-Model-PCE-GPA-50-ICA-1-copy.jpg","type":"image\/jpeg"}],"twitter_card":"summary_large_image","twitter_misc":{"Est. reading time":"7 minutes"},"schema":{"@context":"https:\/\/schema.org","@graph":[{"@type":"WebPage","@id":"https:\/\/vannangvn.123websitedev.com\/san-pham\/dong-ho-do-cong-suat-1-pha-pce-instruments-model-pce-gpa-50\/","url":"https:\/\/vannangvn.123websitedev.com\/san-pham\/dong-ho-do-cong-suat-1-pha-pce-instruments-model-pce-gpa-50\/","name":"\u0110\u1ed2NG H\u1ed2 \u0110O C\u00d4NG SU\u1ea4T 1 PHA PCE INST... ch\u00ednh h\u00e3ng | V\u1ea1n N\u0103ng","isPartOf":{"@id":"https:\/\/vannangvn.123websitedev.com\/#website"},"primaryImageOfPage":{"@id":"https:\/\/vannangvn.123websitedev.com\/san-pham\/dong-ho-do-cong-suat-1-pha-pce-instruments-model-pce-gpa-50\/#primaryimage"},"image":{"@id":"https:\/\/vannangvn.123websitedev.com\/san-pham\/dong-ho-do-cong-suat-1-pha-pce-instruments-model-pce-gpa-50\/#primaryimage"},"thumbnailUrl":"https:\/\/vannangvn.123websitedev.com\/wp-content\/uploads\/2026\/03\/PCE-Instruments-Model-PCE-GPA-50-ICA-1-copy.jpg","datePublished":"2026-03-20T10:24:37+00:00","dateModified":"2026-03-30T11:15:20+00:00","description":"Mua ngay \u0110\u1ed2NG H\u1ed2 \u0110O C\u00d4NG SU\u1ea4T 1 PHA PCE INSTRUMENTS MODEL PCE-GPA 50 ch\u00ednh h\u00e3ng. Gi\u00e1 t\u1ed1t!","breadcrumb":{"@id":"https:\/\/vannangvn.123websitedev.com\/san-pham\/dong-ho-do-cong-suat-1-pha-pce-instruments-model-pce-gpa-50\/#breadcrumb"},"inLanguage":"en-US","potentialAction":[{"@type":"ReadAction","target":["https:\/\/vannangvn.123websitedev.com\/san-pham\/dong-ho-do-cong-suat-1-pha-pce-instruments-model-pce-gpa-50\/"]}]},{"@type":"ImageObject","inLanguage":"en-US","@id":"https:\/\/vannangvn.123websitedev.com\/san-pham\/dong-ho-do-cong-suat-1-pha-pce-instruments-model-pce-gpa-50\/#primaryimage","url":"https:\/\/vannangvn.123websitedev.com\/wp-content\/uploads\/2026\/03\/PCE-Instruments-Model-PCE-GPA-50-ICA-1-copy.jpg","contentUrl":"https:\/\/vannangvn.123websitedev.com\/wp-content\/uploads\/2026\/03\/PCE-Instruments-Model-PCE-GPA-50-ICA-1-copy.jpg","width":768,"height":576},{"@type":"BreadcrumbList","@id":"https:\/\/vannangvn.123websitedev.com\/san-pham\/dong-ho-do-cong-suat-1-pha-pce-instruments-model-pce-gpa-50\/#breadcrumb","itemListElement":[{"@type":"ListItem","position":1,"name":"Trang ch\u1ee7","item":"https:\/\/vannangvn.123websitedev.com\/"},{"@type":"ListItem","position":2,"name":"S\u1ea3n ph\u1ea9m","item":"https:\/\/vannangvn.123websitedev.com\/cua-hang\/"},{"@type":"ListItem","position":3,"name":"\u0110\u1ed2NG H\u1ed2 \u0110O C\u00d4NG SU\u1ea4T 1 PHA PCE INSTRUMENTS MODEL PCE-GPA 50"}]},{"@type":"WebSite","@id":"https:\/\/vannangvn.123websitedev.com\/#website","url":"https:\/\/vannangvn.123websitedev.com\/","name":"Vannang.vn","description":"","publisher":{"@id":"https:\/\/vannangvn.123websitedev.com\/#organization"},"potentialAction":[{"@type":"SearchAction","target":{"@type":"EntryPoint","urlTemplate":"https:\/\/vannangvn.123websitedev.com\/?s={search_term_string}"},"query-input":{"@type":"PropertyValueSpecification","valueRequired":true,"valueName":"search_term_string"}}],"inLanguage":"en-US"},{"@type":"Organization","@id":"https:\/\/vannangvn.123websitedev.com\/#organization","name":"Vannang.vn","url":"https:\/\/vannangvn.123websitedev.com\/","logo":{"@type":"ImageObject","inLanguage":"en-US","@id":"https:\/\/vannangvn.123websitedev.com\/#\/schema\/logo\/image\/","url":"https:\/\/vannangvn.123websitedev.com\/wp-content\/uploads\/2026\/02\/logo-van-nang-02.png","contentUrl":"https:\/\/vannangvn.123websitedev.com\/wp-content\/uploads\/2026\/02\/logo-van-nang-02.png","width":448,"height":111,"caption":"Vannang.vn"},"image":{"@id":"https:\/\/vannangvn.123websitedev.com\/#\/schema\/logo\/image\/"}}]}},"_links":{"self":[{"href":"https:\/\/vannangvn.123websitedev.com\/en\/wp-json\/wp\/v2\/product\/6223","targetHints":{"allow":["GET"]}}],"collection":[{"href":"https:\/\/vannangvn.123websitedev.com\/en\/wp-json\/wp\/v2\/product"}],"about":[{"href":"https:\/\/vannangvn.123websitedev.com\/en\/wp-json\/wp\/v2\/types\/product"}],"replies":[{"embeddable":true,"href":"https:\/\/vannangvn.123websitedev.com\/en\/wp-json\/wp\/v2\/comments?post=6223"}],"wp:featuredmedia":[{"embeddable":true,"href":"https:\/\/vannangvn.123websitedev.com\/en\/wp-json\/wp\/v2\/media\/10423"}],"wp:attachment":[{"href":"https:\/\/vannangvn.123websitedev.com\/en\/wp-json\/wp\/v2\/media?parent=6223"}],"wp:term":[{"taxonomy":"product_brand","embeddable":true,"href":"https:\/\/vannangvn.123websitedev.com\/en\/wp-json\/wp\/v2\/product_brand?post=6223"},{"taxonomy":"product_cat","embeddable":true,"href":"https:\/\/vannangvn.123websitedev.com\/en\/wp-json\/wp\/v2\/product_cat?post=6223"},{"taxonomy":"product_tag","embeddable":true,"href":"https:\/\/vannangvn.123websitedev.com\/en\/wp-json\/wp\/v2\/product_tag?post=6223"}],"curies":[{"name":"wp","href":"https:\/\/api.w.org\/{rel}","templated":true}]}}