{"id":6226,"date":"2026-03-20T17:24:40","date_gmt":"2026-03-20T10:24:40","guid":{"rendered":"https:\/\/vannangvn.123websitedev.com\/san-pham\/dong-ho-do-dien-nang-1-pha-pce-instruments-model-pce-pa6000\/"},"modified":"2026-03-30T18:15:24","modified_gmt":"2026-03-30T11:15:24","slug":"dong-ho-do-dien-nang-1-pha-pce-instruments-model-pce-pa6000","status":"publish","type":"product","link":"https:\/\/vannangvn.123websitedev.com\/en\/product\/dong-ho-do-dien-nang-1-pha-pce-instruments-model-pce-pa6000\/","title":{"rendered":"\u0110\u1ed2NG H\u1ed2 \u0110O \u0110I\u1ec6N N\u0102NG 1 PHA PCE INSTRUMENTS MODEL PCE-PA6000"},"content":{"rendered":"<h1 style=\"color: red; font-weight: bold; font-size: 24px;\">T&#7893;ng quan s&#7843;n ph&#7849;m &#272;&#7890;NG H&#7890; &#272;O &#272;I&#7878;N N&#258;NG 1 PHA PCE INSTRUMENTS MODEL PCE-PA6000<p>&#272;&#7891;ng H&#7891; &#272;o &#272;i&#7879;n N&#259;ng 1 Pha (1-Phase Power Quality Analyzer) PCE Instruments Model PCE-PA6000<br>\n&#272;&#7891;ng H&#7891; &#272;o &#272;i&#7879;n N&#259;ng 1 Pha PCE-PA6000 l&agrave; thi&#7871;t b&#7883; &#273;o chuy&ecirc;n d&#7909;ng, cung c&#7845;p c&aacute;c t&iacute;nh n&#259;ng v&#432;&#7907;t tr&#7897;i trong vi&#7879;c &#273;o l&#432;&#7901;ng v&agrave; ph&acirc;n t&iacute;ch &#273;i&#7879;n n&#259;ng. V&#7899;i kh&#7843; n&#259;ng &#273;o c&ocirc;ng su&#7845;t hi&#7879;u d&#7909;ng, c&ocirc;ng su&#7845;t bi&#7875;u ki&#7871;n, h&#7879; s&#7889; c&ocirc;ng su&#7845;t, ti&ecirc;u th&#7909; n&#259;ng l&#432;&#7907;ng, d&ograve;ng &#273;i&#7879;n, &#273;i&#7879;n &aacute;p li&ecirc;n t&#7909;c, &#273;i&#7879;n tr&#7903; v&agrave; t&#7847;n s&#7889;, M&aacute;y &#272;o &#272;i&#7879;n N&#259;ng PCE-PA6000 l&agrave; s&#7921; l&#7921;a ch&#7885;n l&yacute; t&#432;&#7903;ng cho c&aacute;c ph&ograve;ng th&iacute; nghi&#7879;m, x&#432;&#7903;ng s&#7843;n xu&#7845;t v&agrave; c&aacute;c k&#7929; s&#432; b&#7843;o tr&igrave;. H&atilde;y c&ugrave;ng V&#7841;n N&#259;ng t&igrave;m hi&#7875;u chi ti&#7871;t h&#417;n v&#7873; s&#7843;n ph&#7849;m th&ocirc;ng qua b&agrave;i vi&#7871;t d&#432;&#7899;i &#273;&acirc;y!<\/p><h2 style=\"color: #2e7d32; font-weight: bold; font-size: 20px;\">T&iacute;nh N&#259;ng N&#7893;i B&#7853;t C&#7911;a PCE-PA6000<\/h2><p>Ch&#7913;c n&#259;ng &#273;a d&#7841;ng: T&iacute;ch h&#7907;p nhi&#7873;u ch&#7871; &#273;&#7897; &#273;o nh&#432; hi&#7879;u d&#7909;ng, bi&#7875;u ki&#7871;n, v&agrave; ti&ecirc;u th&#7909; &#273;i&#7879;n n&#259;ng.<br>\nH&#7895; tr&#7907; c&#7843;m bi&#7871;n c&ocirc;ng nghi&#7879;p: K&#7871;t n&#7889;i d&#7877; d&agrave;ng v&#7899;i c&aacute;c b&#7897; chuy&#7875;n &#273;&#7893;i d&ograve;ng &#273;i&#7879;n c&ocirc;ng nghi&#7879;p (100\/5A ho&#7863;c 1000\/5A).<\/p><h2 style=\"color: #0073aa; font-weight: bold; font-size: 20px;\">M&agrave;n h&igrave;nh LCD l&#7899;n: K&iacute;ch th&#432;&#7899;c 93 x 52mm, hi&#7875;n th&#7883; r&otilde; r&agrave;ng c&aacute;c th&ocirc;ng s&#7889; nh&#432; Watts, cos &phi;, ACV, ACA.<\/h2><p>Ph&acirc;n t&iacute;ch d&#7919; li&#7879;u qua ph&#7847;n m&#7873;m: Giao di&#7879;n RS-232 cho ph&eacute;p truy&#7873;n d&#7919; li&#7879;u t&#7899;i m&aacute;y t&iacute;nh &#273;&#7875; ph&acirc;n t&iacute;ch chi ti&#7871;t.<br>\nAn to&agrave;n v&agrave; ti&#7879;n l&#7907;i: Tu&acirc;n th&#7911; ti&ecirc;u chu&#7849;n an to&agrave;n IEC-1010-1; CAT II 600V.<\/p><p>&#431;u &#272;i&#7875;m V&#432;&#7907;t Tr&#7897;i C&#7911;a PCE-PA6000<br>\nKh&#7843; n&#259;ng &#273;o l&#432;&#7901;ng linh ho&#7841;t<br>\nM&aacute;y PCE-PA6000 c&oacute; th&#7875; &#273;o tr&#7921;c ti&#7871;p qua d&acirc;y th&#7917; &#273;i k&egrave;m ho&#7863;c gi&aacute;n ti&#7871;p th&ocirc;ng qua k&#7865;p d&ograve;ng. V&#7899;i kh&#7843; n&#259;ng k&#7871;t n&#7889;i b&#7897; chuy&#7875;n &#273;&#7893;i d&ograve;ng &#273;i&#7879;n, thi&#7871;t b&#7883; n&agrave;y ph&ugrave; h&#7907;p cho c&aacute;c &#7913;ng d&#7909;ng c&ocirc;ng nghi&#7879;p v&agrave; d&acirc;n d&#7909;ng.<br>\nPh&acirc;n t&iacute;ch d&#7919; li&#7879;u chuy&ecirc;n s&acirc;u<br>\nTh&ocirc;ng qua c&#7893;ng RS-232 v&agrave; ph&#7847;n m&#7873;m &#273;i k&egrave;m Thi&#7871;t b&#7883; PCE-PA6000, ng&#432;&#7901;i d&ugrave;ng c&oacute; th&#7875; d&#7877; d&agrave;ng l&#432;u tr&#7919;, ph&acirc;n t&iacute;ch d&#7919; li&#7879;u tr&ecirc;n m&aacute;y t&iacute;nh. &#272;i&#7873;u n&agrave;y gi&uacute;p t&#7889;i &#432;u h&oacute;a qu&aacute; tr&igrave;nh ki&#7875;m tra v&agrave; b&#7843;o tr&igrave;, ph&aacute;t hi&#7879;n s&#7899;m c&aacute;c l&#7895;i trong thi&#7871;t b&#7883;.<\/p><p>Thi&#7871;t k&#7871; ti&#7879;n &iacute;ch v&agrave; an to&agrave;n<br>\nThi&#7871;t B&#7883; &#272;o &#272;i&#7879;n N&#259;ng PCE-PA6000 c&oacute; ch&#7871; &#273;&#7897; Data Hold, Peak Hold, v&agrave; Alarm &#273;&#7875; c&#7843;nh b&aacute;o khi v&#432;&#7907;t ng&#432;&#7905;ng cao\/th&#7845;p, gi&uacute;p qu&aacute; tr&igrave;nh &#273;o l&#432;&#7901;ng ch&iacute;nh x&aacute;c v&agrave; an to&agrave;n h&#417;n. Ngo&agrave;i ra, thi&#7871;t b&#7883; c&oacute; th&#7875; ho&#7841;t &#273;&#7897;ng b&#7857;ng ngu&#7891;n &#273;i&#7879;n tr&#7921;c ti&#7871;p ho&#7863;c pin, t&#259;ng t&iacute;nh linh ho&#7841;t cho ng&#432;&#7901;i d&ugrave;ng.<\/p><p>&#7912;ng D&#7909;ng Th&#7921;c T&#7871; C&#7911;a PCE-PA6000<br>\nPower Quality Analyzer PCE-PA6000 l&agrave; c&ocirc;ng c&#7909; &#273;&#7855;c l&#7921;c trong vi&#7879;c:<\/p><p>Ki&#7875;m tra h&#7879; th&#7889;ng &#273;i&#7879;n trong x&#432;&#7903;ng s&#7843;n xu&#7845;t.<br>\n&#272;o l&#432;&#7901;ng v&agrave; ph&acirc;n t&iacute;ch ti&ecirc;u th&#7909; n&#259;ng l&#432;&#7907;ng cho thi&#7871;t b&#7883; gia d&#7909;ng.<br>\nPh&aacute;t hi&#7879;n l&#7895;i v&agrave; t&#7889;i &#432;u h&oacute;a hi&#7879;u su&#7845;t c&#7911;a thi&#7871;t b&#7883; &#273;i&#7879;n.<\/p><p>Nh&#7919;ng L&yacute; Do N&ecirc;n Mua &#272;&#7891;ng H&#7891; &#272;o &#272;i&#7879;n N&#259;ng T&#7841;i Thi&#7871;t B&#7883; C&ocirc;ng Ngh&#7879; V&#7841;n N&#259;ng<\/p><p>C&ocirc;ng ty Thi&#7871;t B&#7883; C&ocirc;ng Ngh&#7879; V&#7841;n N&#259;ng l&agrave; &#273;&#7889;i t&aacute;c ch&iacute;nh th&#7913;c ph&acirc;n ph&#7889;i &#272;&#7891;ng H&#7891; &#272;o &#272;i&#7879;n N&#259;ng h&agrave;ng &#273;&#7847;u t&#7841;i Vi&#7879;t Nam, cam k&#7871;t cung c&#7845;p s&#7843;n ph&#7849;m ch&iacute;nh h&atilde;ng v&#7899;i gi&aacute; c&#7843; c&#7841;nh tranh nh&#7845;t th&#7883; tr&#432;&#7901;ng. V&#7899;i uy t&iacute;n tr&ecirc;n th&#7883; tr&#432;&#7901;ng v&agrave; ch&#7871; &#273;&#7897; h&#7851;u m&atilde;i t&#7889;t, Thi&#7871;t B&#7883; C&ocirc;ng Ngh&#7879; V&#7841;n N&#259;ng &#273;&atilde; nh&#7853;n &#273;&#432;&#7907;c s&#7921; tin t&#432;&#7903;ng t&#7915; kh&aacute;ch h&agrave;ng nh&#7901; v&agrave;o ch&#7845;t l&#432;&#7907;ng h&agrave;ng &#273;&#7847;u c&#7911;a c&aacute;c d&ograve;ng s&#7843;n ph&#7849;m.<br>\nS&#7843;n ph&#7849;m c&#7911;a ch&uacute;ng t&ocirc;i &#273;&#432;&#7907;c ki&#7875;m &#273;&#7883;nh ch&#7845;t l&#432;&#7907;ng, nh&#7853;p kh&#7849;u tr&#7921;c ti&#7871;p t&#7915; nh&agrave; m&aacute;y b&ecirc;n Ch&acirc;u &Acirc;u, M&#7929;, &Uacute;c, Nh&#7853;t B&#7843;n,&hellip; v&agrave; &#273;&aacute;p &#7913;ng nhu c&#7847;u &#273;a d&#7841;ng c&#7911;a th&#7883; tr&#432;&#7901;ng nh&#432;: M&aacute;y &#272;o &#272;&#7897; C&#7913;ng, M&aacute;y SPECTROMAXx, M&aacute;y Ki&#7875;m Tra &#272;&#432;&#7901;ng Gh&eacute;p M&iacute; Lon,&hellip; Ch&uacute;ng t&ocirc;i cam k&#7871;t cung c&#7845;p s&#7843;n ph&#7849;m n&agrave;y tr&ecirc;n to&agrave;n qu&#7889;c v&#7899;i gi&aacute; c&#7843; c&#7841;nh tranh nh&#7845;t.<br>\nCh&uacute;ng t&ocirc;i c&oacute; &#273;&#7897;i ng&#361; chuy&ecirc;n vi&ecirc;n t&#432; v&#7845;n chuy&ecirc;n s&acirc;u s&#7869; h&#7895; tr&#7907; kh&aacute;ch h&agrave;ng v&#7873; chi ti&#7871;t s&#7843;n ph&#7849;m, h&#432;&#7899;ng d&#7851;n s&#7917; d&#7909;ng hay nh&#7919;ng th&#7913; li&ecirc;n quan &#273;&#7871;n v&#7845;n &#273;&#7873; m&agrave; doanh nghi&#7879;p b&#7841;n &#273;ang g&#7863;p ph&#7843;i. Ch&uacute;ng t&ocirc;i s&#7869; cung c&#7845;p nh&#7919;ng gi&#7843;i ph&aacute;p t&#7889;i &#432;u nh&#7845;t!<br>\nNgo&agrave;i ra Thi&#7871;t B&#7883; C&ocirc;ng Ngh&#7879; V&#7841;n N&#259;ng Ch&uacute;ng T&ocirc;i lu&ocirc;n h&#432;&#7899;ng &#273;&#7871;n tr&#7843;i nghi&#7879;m kh&aacute;ch h&agrave;ng, v&igrave; v&#7853;y ch&uacute;ng t&ocirc;i c&oacute; nh&#7919;ng ch&iacute;nh s&aacute;ch b&#7843;o h&agrave;nh, b&#7843;o tr&igrave; &ndash; b&#7843;o d&#432;&#7905;ng, hi&#7879;u chu&#7849;n v&#7899;i t&#7845;t c&#7843; c&aacute;c thi&#7871;t b&#7883;, m&aacute;y m&oacute;c m&agrave; ch&uacute;ng t&ocirc;i cung c&#7845;p. &#272;&#7843;m b&#7843;o mang &#273;&#7871;n cho Kh&aacute;ch h&agrave;ng s&#7921; y&ecirc;n t&acirc;m tuy&#7879;t &#273;&#7889;i v&#7873; d&#7883;ch v&#7909; khi mua h&agrave;ng.<\/p><p>T&#7893;ng K&#7871;t<br>\nV&#7899;i nh&#7919;ng t&iacute;nh n&#259;ng n&#7893;i b&#7853;t v&agrave; hi&#7879;u su&#7845;t v&#432;&#7907;t tr&#7897;i, PCE-PA6000 l&agrave; gi&#7843;i ph&aacute;p t&#7889;i &#432;u cho vi&#7879;c &#273;o l&#432;&#7901;ng v&agrave; ph&acirc;n t&iacute;ch &#273;i&#7879;n n&#259;ng. &#272;&acirc;y l&agrave; c&ocirc;ng c&#7909; kh&ocirc;ng th&#7875; thi&#7871;u cho c&aacute;c k&#7929; s&#432; v&agrave; nh&agrave; qu&#7843;n l&yacute; mong mu&#7889;n gi&aacute;m s&aacute;t hi&#7879;u qu&#7843; ho&#7841;t &#273;&#7897;ng c&#7911;a h&#7879; th&#7889;ng &#273;i&#7879;n. H&atilde;y li&ecirc;n h&#7879; ngay v&#7899;i V&#7841;n N&#259;ng Company &#273;&#7875; &#273;&#432;&#7907;c t&#432; v&#7845;n chi ti&#7871;t v&agrave; nh&#7853;n ngay nh&#7919;ng &#432;u &#273;&atilde;i h&#7845;p d&#7851;n th&ocirc;ng qua hotline\/zalo: <a href=\"https:\/\/zalo.me\/0903991335\" target=\"_blank\" rel=\"noopener\" style=\"color: #059669; font-weight: bold; text-decoration: none;\">0903 991 335<\/a> !<\/p><div style=\"background-color: #f8fafc; border: 1px solid #e2e8f0; border-radius: 8px; padding: 25px; max-width: 800px; margin: 30px auto; color: #334155; line-height: 1.8; font-size: 17px; box-shadow: 0 4px 6px -1px rgba(0,0,0,0.05); text-align: left; clear: both;\">\nC&ocirc;ng ty TNHH Th&#432;&#417;ng M&#7841;i D&#7883;ch V&#7909; Thi&#7871;t B&#7883; C&ocirc;ng Ngh&#7879; V&#7841;n N&#259;ng\n<p style=\"margin: 0 0 10px 0;\">&#128205; <strong style=\"color: #1e293b;\">&#272;&#7883;a ch&#7881;:<\/strong> <a style=\"color: #059669; text-decoration: none; font-weight: bold;\" href=\"https:\/\/www.google.com\/maps\/search\/C%C3%B4ng+ty+TNHH+Th%C6%B0%C6%A1ng+M%E1%BA%A1i+D%E1%BB%8Bch+V%E1%BB%A5+Thi%E1%BA%BFt+B%E1%BB%8B+C%C3%B4ng+Ngh%E1%BB%87+V%E1%BA%A1n+N%C4%83ng+818+Tr%C6%B0%E1%BB%9Dng+Chinh\" target=\"_blank\" rel=\"noopener\">818 Tr&#432;&#7901;ng Chinh, Ph&#432;&#7901;ng T&acirc;n S&#417;n, Th&agrave;nh ph&#7889; H&#7891; Ch&iacute; Minh, Vi&#7879;t Nam<\/a><\/p>\n<p style=\"margin: 0 0 10px 0;\">&#128222; <strong style=\"color: #1e293b;\">S&#272;T &ndash; Zalo:<\/strong> <a style=\"color: #059669; text-decoration: none; font-weight: bold;\" href=\"https:\/\/zalo.me\/0903991335\" target=\"_blank\" rel=\"noopener\">0903 991 335<\/a> <span style=\"color: #64748b; font-style: italic;\">(Ms. H&#7841;nh &ndash; Gi&aacute;m &#272;&#7889;c Kinh Doanh)<\/span><\/p>\n<p style=\"margin: 0;\">&#9993;&#65039; <strong style=\"color: #1e293b;\">Email:<\/strong> <a style=\"color: #059669; text-decoration: none; font-weight: bold;\" href=\"mailto:hienhanh@vannangvn.com\">hienhanh@vannangvn.com<\/a><\/p>\n<\/div><\/h1>","protected":false},"excerpt":{"rendered":"<p><strong>Th&#432;&#417;ng hi&#7879;u:<\/strong> &#272;&#7891;ng H&#7891; &#272;o &#272;i&#7879;n N&#259;ng 1 Pha PCE-PA6000 l&agrave; thi&#7871;t b&#7883; &#273;o chuy&ecirc;n d&#7909;ng, cung c&#7845;p c&aacute;c t&iacute;nh n&#259;ng v&#432;&#7907;t tr&#7897;i trong vi&#7879;c &#273;o l&#432;&#7901;ng v&agrave; ph&acirc;n t&iacute;ch &#273;i&#7879;n n&#259;ng. V&#7899;i kh&#7843; n&#259;ng &#273;o c&ocirc;ng su&#7845;t hi&#7879;u d&#7909;ng, c&ocirc;ng su&#7845;t bi&#7875;u ki&#7871;n, h&#7879; s&#7889; c&ocirc;ng su&#7845;t, ti&ecirc;u th&#7909; n&#259;ng l&#432;&#7907;ng, d&ograve;ng &#273;i&#7879;n, &#273;i&#7879;n &aacute;p li&ecirc;n t&#7909;c, &#273;i&#7879;n tr&#7903; v&agrave; t&#7847;n s&#7889;, M&aacute;y &#272;o &#272;i&#7879;n N&#259;ng PCE-PA6000 l&agrave; s&#7921; l&#7921;a ch&#7885;n l&yacute; t&#432;&#7903;ng cho c&aacute;c ph&ograve;ng th&iacute; nghi&#7879;m, x&#432;&#7903;ng s&#7843;n xu&#7845;t v&agrave; c&aacute;c k&#7929; s&#432; b&#7843;o tr&igrave;.<br>\n<strong>Model:<\/strong> PCE-PA6000<p>Product <strong>&#272;&#7890;NG H&#7890; &#272;O &#272;I&#7878;N N&#258;NG 1 PHA PCE INSTRUMENTS MODEL PCE-PA6000<\/strong> ch&iacute;nh h&atilde;ng. &#272;&#7891;ng H&#7891; &#272;o &#272;i&#7879;n N&#259;ng 1 Pha PCE-PA6000 l&agrave; thi&#7871;t b&#7883; &#273;o chuy&ecirc;n d&#7909;ng, cung c&#7845;p c&aacute;c t&iacute;nh n&#259;ng v&#432;&#7907;t tr&#7897;i trong vi&#7879;c &#273;o l&#432;&#7901;ng v&agrave; ph&acirc;n t&iacute;ch &#273;i&#7879;n n&#259;ng. V&#7899;i kh&#7843; n&#259;ng &#273;o c&ocirc;ng su&#7845;t hi&#7879;u d&#7909;ng, c&ocirc;ng su&#7845;t bi&#7875;u ki&#7871;n, h&#7879; s&#7889; c&ocirc;ng su&#7845;t, ti&ecirc;u th&#7909; n&#259;ng l&#432;&#7907;ng, d&ograve;ng &#273;i&#7879;n, &#273;i&#7879;n &aacute;p li&ecirc;n t&#7909;c, &#273;i&#7879;n tr&#7903; v&agrave; t&#7847;n s&#7889;, M&aacute;y &#272;o &#272;i&#7879;n N&#259;ng PCE-PA6000 l&agrave; s&#7921; l&#7921;a ch&#7885;n l&yacute; t&#432;&#7903;ng cho c&aacute;c ph&ograve;ng th&iacute; nghi&#7879;m, x&#432;&#7903;ng s&#7843;n xu&#7845;t v&agrave; c&aacute;c k&#7929; s&#432; b&#7843;o tr&igrave;.<\/p><\/p>","protected":false},"featured_media":10428,"comment_status":"open","ping_status":"closed","template":"","meta":[],"product_brand":[],"product_cat":[18],"product_tag":[105,116,163,181,223,344,345,346,581,703,918],"class_list":{"0":"post-6226","1":"product","2":"type-product","3":"status-publish","4":"has-post-thumbnail","6":"product_cat-chua-phan-loai","7":"product_tag-dien","8":"product_tag-model","9":"product_tag-dong","10":"product_tag-do","11":"product_tag-nang","12":"product_tag-344","13":"product_tag-pha","14":"product_tag-pce","15":"product_tag-instruments","16":"product_tag-ho","17":"product_tag-pce-pa6000","19":"first","20":"instock","21":"shipping-taxable","22":"product-type-simple"},"yoast_head":"<!-- This site is optimized with the Yoast SEO Premium plugin v24.8 (Yoast SEO v24.8) - https:\/\/yoast.com\/wordpress\/plugins\/seo\/ -->\n<title>\u0110\u1ed2NG H\u1ed2 \u0110O \u0110I\u1ec6N N\u0102NG 1 PHA PCE INST... ch\u00ednh h\u00e3ng | V\u1ea1n N\u0103ng<\/title>\n<meta name=\"description\" content=\"Mua ngay \u0110\u1ed2NG H\u1ed2 \u0110O \u0110I\u1ec6N N\u0102NG 1 PHA PCE INSTRUMENTS MODEL PCE-PA6000 ch\u00ednh h\u00e3ng. Gi\u00e1 t\u1ed1t!\" \/>\n<meta name=\"robots\" content=\"noindex, follow, max-snippet:-1, max-image-preview:large, max-video-preview:-1\" \/>\n<meta property=\"og:locale\" content=\"en_US\" \/>\n<meta property=\"og:type\" content=\"article\" \/>\n<meta property=\"og:title\" content=\"\u0110\u1ed2NG H\u1ed2 \u0110O \u0110I\u1ec6N N\u0102NG 1 PHA PCE INSTRUMENTS MODEL PCE-PA6000\" \/>\n<meta property=\"og:description\" content=\"Mua ngay \u0110\u1ed2NG H\u1ed2 \u0110O \u0110I\u1ec6N N\u0102NG 1 PHA PCE INSTRUMENTS MODEL PCE-PA6000 ch\u00ednh h\u00e3ng. Gi\u00e1 t\u1ed1t!\" \/>\n<meta property=\"og:url\" content=\"https:\/\/vannangvn.123websitedev.com\/en\/product\/dong-ho-do-dien-nang-1-pha-pce-instruments-model-pce-pa6000\/\" \/>\n<meta property=\"og:site_name\" content=\"Vannang.vn\" \/>\n<meta property=\"article:modified_time\" content=\"2026-03-30T11:15:24+00:00\" \/>\n<meta property=\"og:image\" content=\"http:\/\/vannangvn.123websitedev.com\/wp-content\/uploads\/2026\/03\/PCE-Instruments-Model-PCE-PA6000-1-copy.jpg\" \/>\n\t<meta property=\"og:image:width\" content=\"768\" \/>\n\t<meta property=\"og:image:height\" content=\"576\" \/>\n\t<meta property=\"og:image:type\" content=\"image\/jpeg\" \/>\n<meta name=\"twitter:card\" content=\"summary_large_image\" \/>\n<meta name=\"twitter:label1\" content=\"Est. reading time\" \/>\n\t<meta name=\"twitter:data1\" content=\"7 minutes\" \/>\n<script type=\"application\/ld+json\" class=\"yoast-schema-graph\">{\"@context\":\"https:\/\/schema.org\",\"@graph\":[{\"@type\":\"WebPage\",\"@id\":\"https:\/\/vannangvn.123websitedev.com\/san-pham\/dong-ho-do-dien-nang-1-pha-pce-instruments-model-pce-pa6000\/\",\"url\":\"https:\/\/vannangvn.123websitedev.com\/san-pham\/dong-ho-do-dien-nang-1-pha-pce-instruments-model-pce-pa6000\/\",\"name\":\"\u0110\u1ed2NG H\u1ed2 \u0110O \u0110I\u1ec6N N\u0102NG 1 PHA PCE INST... ch\u00ednh h\u00e3ng | V\u1ea1n N\u0103ng\",\"isPartOf\":{\"@id\":\"https:\/\/vannangvn.123websitedev.com\/#website\"},\"primaryImageOfPage\":{\"@id\":\"https:\/\/vannangvn.123websitedev.com\/san-pham\/dong-ho-do-dien-nang-1-pha-pce-instruments-model-pce-pa6000\/#primaryimage\"},\"image\":{\"@id\":\"https:\/\/vannangvn.123websitedev.com\/san-pham\/dong-ho-do-dien-nang-1-pha-pce-instruments-model-pce-pa6000\/#primaryimage\"},\"thumbnailUrl\":\"https:\/\/vannangvn.123websitedev.com\/wp-content\/uploads\/2026\/03\/PCE-Instruments-Model-PCE-PA6000-1-copy.jpg\",\"datePublished\":\"2026-03-20T10:24:40+00:00\",\"dateModified\":\"2026-03-30T11:15:24+00:00\",\"description\":\"Mua ngay \u0110\u1ed2NG H\u1ed2 \u0110O \u0110I\u1ec6N N\u0102NG 1 PHA PCE INSTRUMENTS MODEL PCE-PA6000 ch\u00ednh h\u00e3ng. Gi\u00e1 t\u1ed1t!\",\"breadcrumb\":{\"@id\":\"https:\/\/vannangvn.123websitedev.com\/san-pham\/dong-ho-do-dien-nang-1-pha-pce-instruments-model-pce-pa6000\/#breadcrumb\"},\"inLanguage\":\"en-US\",\"potentialAction\":[{\"@type\":\"ReadAction\",\"target\":[\"https:\/\/vannangvn.123websitedev.com\/san-pham\/dong-ho-do-dien-nang-1-pha-pce-instruments-model-pce-pa6000\/\"]}]},{\"@type\":\"ImageObject\",\"inLanguage\":\"en-US\",\"@id\":\"https:\/\/vannangvn.123websitedev.com\/san-pham\/dong-ho-do-dien-nang-1-pha-pce-instruments-model-pce-pa6000\/#primaryimage\",\"url\":\"https:\/\/vannangvn.123websitedev.com\/wp-content\/uploads\/2026\/03\/PCE-Instruments-Model-PCE-PA6000-1-copy.jpg\",\"contentUrl\":\"https:\/\/vannangvn.123websitedev.com\/wp-content\/uploads\/2026\/03\/PCE-Instruments-Model-PCE-PA6000-1-copy.jpg\",\"width\":768,\"height\":576},{\"@type\":\"BreadcrumbList\",\"@id\":\"https:\/\/vannangvn.123websitedev.com\/san-pham\/dong-ho-do-dien-nang-1-pha-pce-instruments-model-pce-pa6000\/#breadcrumb\",\"itemListElement\":[{\"@type\":\"ListItem\",\"position\":1,\"name\":\"Trang ch\u1ee7\",\"item\":\"https:\/\/vannangvn.123websitedev.com\/\"},{\"@type\":\"ListItem\",\"position\":2,\"name\":\"S\u1ea3n ph\u1ea9m\",\"item\":\"https:\/\/vannangvn.123websitedev.com\/cua-hang\/\"},{\"@type\":\"ListItem\",\"position\":3,\"name\":\"\u0110\u1ed2NG H\u1ed2 \u0110O \u0110I\u1ec6N N\u0102NG 1 PHA PCE INSTRUMENTS MODEL PCE-PA6000\"}]},{\"@type\":\"WebSite\",\"@id\":\"https:\/\/vannangvn.123websitedev.com\/#website\",\"url\":\"https:\/\/vannangvn.123websitedev.com\/\",\"name\":\"Vannang.vn\",\"description\":\"\",\"publisher\":{\"@id\":\"https:\/\/vannangvn.123websitedev.com\/#organization\"},\"potentialAction\":[{\"@type\":\"SearchAction\",\"target\":{\"@type\":\"EntryPoint\",\"urlTemplate\":\"https:\/\/vannangvn.123websitedev.com\/?s={search_term_string}\"},\"query-input\":{\"@type\":\"PropertyValueSpecification\",\"valueRequired\":true,\"valueName\":\"search_term_string\"}}],\"inLanguage\":\"en-US\"},{\"@type\":\"Organization\",\"@id\":\"https:\/\/vannangvn.123websitedev.com\/#organization\",\"name\":\"Vannang.vn\",\"url\":\"https:\/\/vannangvn.123websitedev.com\/\",\"logo\":{\"@type\":\"ImageObject\",\"inLanguage\":\"en-US\",\"@id\":\"https:\/\/vannangvn.123websitedev.com\/#\/schema\/logo\/image\/\",\"url\":\"https:\/\/vannangvn.123websitedev.com\/wp-content\/uploads\/2026\/02\/logo-van-nang-02.png\",\"contentUrl\":\"https:\/\/vannangvn.123websitedev.com\/wp-content\/uploads\/2026\/02\/logo-van-nang-02.png\",\"width\":448,\"height\":111,\"caption\":\"Vannang.vn\"},\"image\":{\"@id\":\"https:\/\/vannangvn.123websitedev.com\/#\/schema\/logo\/image\/\"}}]}<\/script>\n<!-- \/ Yoast SEO Premium plugin. -->","yoast_head_json":{"title":"\u0110\u1ed2NG H\u1ed2 \u0110O \u0110I\u1ec6N N\u0102NG 1 PHA PCE INST... ch\u00ednh h\u00e3ng | V\u1ea1n N\u0103ng","description":"Mua ngay \u0110\u1ed2NG H\u1ed2 \u0110O \u0110I\u1ec6N N\u0102NG 1 PHA PCE INSTRUMENTS MODEL PCE-PA6000 ch\u00ednh h\u00e3ng. Gi\u00e1 t\u1ed1t!","robots":{"index":"noindex","follow":"follow","max-snippet":"max-snippet:-1","max-image-preview":"max-image-preview:large","max-video-preview":"max-video-preview:-1"},"og_locale":"en_US","og_type":"article","og_title":"\u0110\u1ed2NG H\u1ed2 \u0110O \u0110I\u1ec6N N\u0102NG 1 PHA PCE INSTRUMENTS MODEL PCE-PA6000","og_description":"Mua ngay \u0110\u1ed2NG H\u1ed2 \u0110O \u0110I\u1ec6N N\u0102NG 1 PHA PCE INSTRUMENTS MODEL PCE-PA6000 ch\u00ednh h\u00e3ng. Gi\u00e1 t\u1ed1t!","og_url":"https:\/\/vannangvn.123websitedev.com\/en\/product\/dong-ho-do-dien-nang-1-pha-pce-instruments-model-pce-pa6000\/","og_site_name":"Vannang.vn","article_modified_time":"2026-03-30T11:15:24+00:00","og_image":[{"width":768,"height":576,"url":"http:\/\/vannangvn.123websitedev.com\/wp-content\/uploads\/2026\/03\/PCE-Instruments-Model-PCE-PA6000-1-copy.jpg","type":"image\/jpeg"}],"twitter_card":"summary_large_image","twitter_misc":{"Est. reading time":"7 minutes"},"schema":{"@context":"https:\/\/schema.org","@graph":[{"@type":"WebPage","@id":"https:\/\/vannangvn.123websitedev.com\/san-pham\/dong-ho-do-dien-nang-1-pha-pce-instruments-model-pce-pa6000\/","url":"https:\/\/vannangvn.123websitedev.com\/san-pham\/dong-ho-do-dien-nang-1-pha-pce-instruments-model-pce-pa6000\/","name":"\u0110\u1ed2NG H\u1ed2 \u0110O \u0110I\u1ec6N N\u0102NG 1 PHA PCE INST... ch\u00ednh h\u00e3ng | V\u1ea1n N\u0103ng","isPartOf":{"@id":"https:\/\/vannangvn.123websitedev.com\/#website"},"primaryImageOfPage":{"@id":"https:\/\/vannangvn.123websitedev.com\/san-pham\/dong-ho-do-dien-nang-1-pha-pce-instruments-model-pce-pa6000\/#primaryimage"},"image":{"@id":"https:\/\/vannangvn.123websitedev.com\/san-pham\/dong-ho-do-dien-nang-1-pha-pce-instruments-model-pce-pa6000\/#primaryimage"},"thumbnailUrl":"https:\/\/vannangvn.123websitedev.com\/wp-content\/uploads\/2026\/03\/PCE-Instruments-Model-PCE-PA6000-1-copy.jpg","datePublished":"2026-03-20T10:24:40+00:00","dateModified":"2026-03-30T11:15:24+00:00","description":"Mua ngay \u0110\u1ed2NG H\u1ed2 \u0110O \u0110I\u1ec6N N\u0102NG 1 PHA PCE INSTRUMENTS MODEL PCE-PA6000 ch\u00ednh h\u00e3ng. Gi\u00e1 t\u1ed1t!","breadcrumb":{"@id":"https:\/\/vannangvn.123websitedev.com\/san-pham\/dong-ho-do-dien-nang-1-pha-pce-instruments-model-pce-pa6000\/#breadcrumb"},"inLanguage":"en-US","potentialAction":[{"@type":"ReadAction","target":["https:\/\/vannangvn.123websitedev.com\/san-pham\/dong-ho-do-dien-nang-1-pha-pce-instruments-model-pce-pa6000\/"]}]},{"@type":"ImageObject","inLanguage":"en-US","@id":"https:\/\/vannangvn.123websitedev.com\/san-pham\/dong-ho-do-dien-nang-1-pha-pce-instruments-model-pce-pa6000\/#primaryimage","url":"https:\/\/vannangvn.123websitedev.com\/wp-content\/uploads\/2026\/03\/PCE-Instruments-Model-PCE-PA6000-1-copy.jpg","contentUrl":"https:\/\/vannangvn.123websitedev.com\/wp-content\/uploads\/2026\/03\/PCE-Instruments-Model-PCE-PA6000-1-copy.jpg","width":768,"height":576},{"@type":"BreadcrumbList","@id":"https:\/\/vannangvn.123websitedev.com\/san-pham\/dong-ho-do-dien-nang-1-pha-pce-instruments-model-pce-pa6000\/#breadcrumb","itemListElement":[{"@type":"ListItem","position":1,"name":"Trang ch\u1ee7","item":"https:\/\/vannangvn.123websitedev.com\/"},{"@type":"ListItem","position":2,"name":"S\u1ea3n ph\u1ea9m","item":"https:\/\/vannangvn.123websitedev.com\/cua-hang\/"},{"@type":"ListItem","position":3,"name":"\u0110\u1ed2NG H\u1ed2 \u0110O \u0110I\u1ec6N N\u0102NG 1 PHA PCE INSTRUMENTS MODEL PCE-PA6000"}]},{"@type":"WebSite","@id":"https:\/\/vannangvn.123websitedev.com\/#website","url":"https:\/\/vannangvn.123websitedev.com\/","name":"Vannang.vn","description":"","publisher":{"@id":"https:\/\/vannangvn.123websitedev.com\/#organization"},"potentialAction":[{"@type":"SearchAction","target":{"@type":"EntryPoint","urlTemplate":"https:\/\/vannangvn.123websitedev.com\/?s={search_term_string}"},"query-input":{"@type":"PropertyValueSpecification","valueRequired":true,"valueName":"search_term_string"}}],"inLanguage":"en-US"},{"@type":"Organization","@id":"https:\/\/vannangvn.123websitedev.com\/#organization","name":"Vannang.vn","url":"https:\/\/vannangvn.123websitedev.com\/","logo":{"@type":"ImageObject","inLanguage":"en-US","@id":"https:\/\/vannangvn.123websitedev.com\/#\/schema\/logo\/image\/","url":"https:\/\/vannangvn.123websitedev.com\/wp-content\/uploads\/2026\/02\/logo-van-nang-02.png","contentUrl":"https:\/\/vannangvn.123websitedev.com\/wp-content\/uploads\/2026\/02\/logo-van-nang-02.png","width":448,"height":111,"caption":"Vannang.vn"},"image":{"@id":"https:\/\/vannangvn.123websitedev.com\/#\/schema\/logo\/image\/"}}]}},"_links":{"self":[{"href":"https:\/\/vannangvn.123websitedev.com\/en\/wp-json\/wp\/v2\/product\/6226","targetHints":{"allow":["GET"]}}],"collection":[{"href":"https:\/\/vannangvn.123websitedev.com\/en\/wp-json\/wp\/v2\/product"}],"about":[{"href":"https:\/\/vannangvn.123websitedev.com\/en\/wp-json\/wp\/v2\/types\/product"}],"replies":[{"embeddable":true,"href":"https:\/\/vannangvn.123websitedev.com\/en\/wp-json\/wp\/v2\/comments?post=6226"}],"wp:featuredmedia":[{"embeddable":true,"href":"https:\/\/vannangvn.123websitedev.com\/en\/wp-json\/wp\/v2\/media\/10428"}],"wp:attachment":[{"href":"https:\/\/vannangvn.123websitedev.com\/en\/wp-json\/wp\/v2\/media?parent=6226"}],"wp:term":[{"taxonomy":"product_brand","embeddable":true,"href":"https:\/\/vannangvn.123websitedev.com\/en\/wp-json\/wp\/v2\/product_brand?post=6226"},{"taxonomy":"product_cat","embeddable":true,"href":"https:\/\/vannangvn.123websitedev.com\/en\/wp-json\/wp\/v2\/product_cat?post=6226"},{"taxonomy":"product_tag","embeddable":true,"href":"https:\/\/vannangvn.123websitedev.com\/en\/wp-json\/wp\/v2\/product_tag?post=6226"}],"curies":[{"name":"wp","href":"https:\/\/api.w.org\/{rel}","templated":true}]}}