{"id":6235,"date":"2026-03-20T17:24:57","date_gmt":"2026-03-20T10:24:57","guid":{"rendered":"https:\/\/vannangvn.123websitedev.com\/san-pham\/dong-ho-do-milliohm-gwinstek-model-gom-804\/"},"modified":"2026-03-30T18:15:35","modified_gmt":"2026-03-30T11:15:35","slug":"dong-ho-do-milliohm-gwinstek-model-gom-804","status":"publish","type":"product","link":"https:\/\/vannangvn.123websitedev.com\/en\/product\/dong-ho-do-milliohm-gwinstek-model-gom-804\/","title":{"rendered":"\u0110\u1ed2NG H\u1ed2 \u0110O MILLIOHM GWINSTEK MODEL GOM-805"},"content":{"rendered":"<h1 style=\"color: red; font-weight: bold; font-size: 24px;\">T&#7893;ng quan s&#7843;n ph&#7849;m &#272;&#7890;NG H&#7890; &#272;O MILLIOHM GWINSTEK MODEL GOM-805<p>&#272;&#7891;ng H&#7891; &#272;o Milliohm (DC Milli-Ohm Meter) Gwinstek Model GOM-805<br>\n&#272;&#7891;ng H&#7891; &#272;o Milliohm GOM-805 l&agrave; m&#7897;t thi&#7871;t b&#7883; &#273;o l&#432;&#7901;ng chuy&ecirc;n d&#7909;ng v&#7899;i &#273;&#7897; ch&iacute;nh x&aacute;c cao (0,05%), t&#7889;c &#273;&#7897; l&#7845;y m&#7851;u nhanh l&ecirc;n &#273;&#7871;n 60 l&#7847;n\/gi&acirc;y v&agrave; m&agrave;n h&igrave;nh m&agrave;u TFT 3,5 inch s&#7855;c n&eacute;t. Thi&#7871;t b&#7883; n&agrave;y s&#7917; d&#7909;ng ph&#432;&#417;ng ph&aacute;p &#273;o b&#7889;n d&acirc;y Kelvin, gi&uacute;p lo&#7841;i b&#7887; &#7843;nh h&#432;&#7903;ng c&#7911;a &#273;i&#7879;n tr&#7903; d&acirc;y d&#7851;n, mang l&#7841;i k&#7871;t qu&#7843; ch&iacute;nh x&aacute;c tuy&#7879;t &#273;&#7889;i trong c&aacute;c ph&eacute;p &#273;o &#273;i&#7879;n tr&#7903; th&#7845;p. H&atilde;y c&ugrave;ng V&#7841;n N&#259;ng t&igrave;m hi&#7875;u chi ti&#7871;t h&#417;n v&#7873; s&#7843;n ph&#7849;m th&ocirc;ng qua b&agrave;i vi&#7871;t d&#432;&#7899;i &#273;&acirc;y nh&eacute;!<\/p><p>Xem th&ecirc;m: M&aacute;y Ph&acirc;n T&iacute;ch H&#7845;p Ph&#7909; Kh&iacute; &Aacute;p Su&#7845;t Cao (High-Pressure Volumetric Gas Sorption Analyzer) Anton Paar Model iSorb HP2<\/p><p>N&eacute;t &#272;&#7863;c Tr&#432;ng C&#7911;a GOM-805<br>\nHi&#7875;n th&#7883; s&#7855;c n&eacute;t, thao t&aacute;c d&#7877; d&agrave;ng<br>\n&#272;&#7891;ng H&#7891; &#272;o &#272;i&#7879;n Tr&#7903; Nh&#7887; GOM-805 &#273;&#432;&#7907;c trang b&#7883; m&agrave;n h&igrave;nh m&agrave;u TFT 3,5 inch, mang &#273;&#7871;n tr&#7843;i nghi&#7879;m hi&#7875;n th&#7883; r&otilde; r&agrave;ng v&agrave; chi ti&#7871;t. Ng&#432;&#7901;i d&ugrave;ng c&oacute; th&#7875; d&#7877; d&agrave;ng quan s&aacute;t c&aacute;c k&#7871;t qu&#7843; &#273;o, th&ocirc;ng s&#7889; c&agrave;i &#273;&#7863;t v&agrave; t&ugrave;y ch&#7881;nh thi&#7871;t b&#7883; m&#7897;t c&aacute;ch nhanh ch&oacute;ng.<br>\n&#272;&#7897; ch&iacute;nh x&aacute;c cao, t&#7889;c &#273;&#7897; &#273;o nhanh<\/p><p>&#272;&#7897; ch&iacute;nh x&aacute;c &plusmn;0,05%, &#273;&#7843;m b&#7843;o k&#7871;t qu&#7843; &#273;o l&#432;&#7901;ng ch&iacute;nh x&aacute;c nh&#7845;t.<br>\nT&#7889;c &#273;&#7897; l&#7845;y m&#7851;u l&ecirc;n &#273;&#7871;n 60 l&#7847;n\/gi&acirc;y, ph&ugrave; h&#7907;p v&#7899;i c&aacute;c &#7913;ng d&#7909;ng &#273;o l&#432;&#7901;ng c&#7847;n t&#7889;c &#273;&#7897; cao m&agrave; v&#7851;n &#273;&#7843;m b&#7843;o &#273;&#7897; ph&acirc;n gi&#7843;i 50.000 counts.<\/p><p>Ph&#432;&#417;ng ph&aacute;p &#273;o 4 d&acirc;y Kelvin<br>\n&#272;&#7891;ng H&#7891; &#272;o &#272;i&#7879;n Tr&#7903; GOM-805 s&#7917; d&#7909;ng ph&#432;&#417;ng ph&aacute;p &#273;o b&#7889;n d&acirc;y Kelvin, gi&uacute;p lo&#7841;i b&#7887; sai s&#7889; do &#273;i&#7879;n tr&#7903; d&acirc;y &#273;o g&acirc;y ra. &#272;i&#7873;u n&agrave;y &#273;&#7863;c bi&#7879;t quan tr&#7885;ng khi &#273;o c&aacute;c gi&aacute; tr&#7883; &#273;i&#7879;n tr&#7903; th&#7845;p, gi&uacute;p &#273;&#7843;m b&#7843;o &#273;&#7897; ch&iacute;nh x&aacute;c tuy&#7879;t &#273;&#7889;i trong c&aacute;c ph&eacute;p &#273;o.<br>\n&#272;o nhi&#7879;t &#273;&#7897; v&agrave; b&ugrave; nhi&#7879;t &#273;&#7897;<br>\nThi&#7871;t b&#7883; h&#7895; tr&#7907; &#273;o nhi&#7879;t &#273;&#7897; v&agrave; t&iacute;nh n&#259;ng b&ugrave; nhi&#7879;t &#273;&#7897;, gi&uacute;p gi&#7843;m thi&#7875;u sai s&#7889; do &#7843;nh h&#432;&#7903;ng c&#7911;a nhi&#7879;t &#273;&#7897; m&ocirc;i tr&#432;&#7901;ng. &#272;i&#7873;u n&agrave;y r&#7845;t quan tr&#7885;ng trong c&aacute;c ph&eacute;p &#273;o y&ecirc;u c&#7847;u &#273;&#7897; ch&iacute;nh x&aacute;c cao, &#273;&#7863;c bi&#7879;t khi l&agrave;m vi&#7879;c v&#7899;i linh ki&#7879;n &#273;i&#7879;n t&#7917; nh&#7841;y c&#7843;m.<\/p><p>B&#7897; nh&#7899; l&#432;u tr&#7919; 20 b&#7897; c&agrave;i &#273;&#7863;t<br>\nNg&#432;&#7901;i d&ugrave;ng c&oacute; th&#7875; l&#432;u tr&#7919; t&#7899;i 20 b&#7897; thi&#7871;t l&#7853;p &#273;o l&#432;&#7901;ng, gi&uacute;p t&#7889;i &#432;u h&oacute;a quy tr&igrave;nh l&agrave;m vi&#7879;c v&agrave; ti&#7871;t ki&#7879;m th&#7901;i gian khi c&#7847;n l&#7863;p l&#7841;i c&aacute;c ph&eacute;p &#273;o v&#7899;i c&ugrave;ng m&#7897;t c&#7845;u h&igrave;nh.<br>\nGiao di&#7879;n k&#7871;t n&#7889;i &#273;a d&#7841;ng, h&#7895; tr&#7907; t&#7921; &#273;&#7897;ng h&oacute;a<br>\n&#272;&#7891;ng H&#7891; &#272;o Milliohm Gwinstek GOM-805 cung c&#7845;p c&aacute;c giao di&#7879;n k&#7871;t n&#7889;i linh ho&#7841;t, gi&uacute;p d&#7877; d&agrave;ng t&iacute;ch h&#7907;p v&agrave;o h&#7879; th&#7889;ng &#273;o l&#432;&#7901;ng t&#7921; &#273;&#7897;ng:<\/p><p>RS-232C, USB: K&#7871;t n&#7889;i v&#7899;i m&aacute;y t&iacute;nh &#273;&#7875; ghi nh&#7853;n d&#7919; li&#7879;u &#273;o.<br>\nHandler\/Scan\/EXT IO: &#272;i&#7873;u khi&#7875;n &#273;o l&#432;&#7901;ng t&#7915; xa, t&iacute;ch h&#7907;p v&agrave;o h&#7879; th&#7889;ng ki&#7875;m tra t&#7921; &#273;&#7897;ng.<br>\nGPIB (t&ugrave;y ch&#7885;n): H&#7895; tr&#7907; giao ti&#7871;p v&#7899;i c&aacute;c thi&#7871;t b&#7883; &#273;o l&#432;&#7901;ng chuy&ecirc;n nghi&#7879;p trong ph&ograve;ng th&iacute; nghi&#7879;m.<\/p><p>Xem th&ecirc;m: Rotor ti&ecirc;u h&oacute;a m&#7851;u vi s&oacute;ng (Microwave Digestion Rotor) Anton Paar 16HF100<\/p><p>&#7912;ng D&#7909;ng Th&#7921;c T&#7871; C&#7911;a GOM-805<br>\nV&#7899;i &#273;&#7897; ch&iacute;nh x&aacute;c cao, t&#7889;c &#273;&#7897; &#273;o nhanh v&agrave; kh&#7843; n&#259;ng k&#7871;t n&#7889;i linh ho&#7841;t, GOM-805 &#273;&#432;&#7907;c &#7913;ng d&#7909;ng r&#7897;ng r&atilde;i trong nhi&#7873;u l&#297;nh v&#7921;c:<br>\nKi&#7875;m tra ch&#7845;t l&#432;&#7907;ng linh ki&#7879;n &#273;i&#7879;n t&#7917;<\/p><p>&#272;o &#273;i&#7879;n tr&#7903; PCB, c&aacute;p &#273;i&#7879;n, cu&#7897;n c&#7843;m, t&#7909; &#273;i&#7879;n, &#273;i&#7879;n tr&#7903; m&#7851;u.<br>\n&#272;&aacute;nh gi&aacute; ch&#7845;t l&#432;&#7907;ng m&#7889;i h&agrave;n, k&#7871;t n&#7889;i linh ki&#7879;n tr&ecirc;n bo m&#7841;ch.<\/p><p>&#272;o &#273;i&#7879;n tr&#7903; ti&#7871;p x&uacute;c<\/p><p>Ki&#7875;m tra r&#417;-le, c&ocirc;ng t&#7855;c, &#273;&#7847;u n&#7889;i, jack c&#7855;m.<br>\n&#272;&#7843;m b&#7843;o &#273;&#7897; tin c&#7853;y c&#7911;a c&aacute;c k&#7871;t n&#7889;i &#273;i&#7879;n trong h&#7879; th&#7889;ng &#273;i&#7879;n t&#7917;.<\/p><p>&#272;&aacute;nh gi&aacute; v&#7853;t li&#7879;u d&#7851;n &#273;i&#7879;n<\/p><p>&#272;o &#273;i&#7879;n tr&#7903; c&aacute;c lo&#7841;i v&#7853;t li&#7879;u nh&#432; &#273;&#7891;ng, nh&ocirc;m, h&#7907;p kim.<br>\n&#7912;ng d&#7909;ng trong ki&#7875;m tra ch&#7845;t l&#432;&#7907;ng v&#7853;t li&#7879;u trong s&#7843;n xu&#7845;t v&agrave; R&amp;D.<\/p><p>Nh&#7919;ng L&yacute; Do N&ecirc;n Mua &#272;&#7891;ng H&#7891; &#272;o Milliohm T&#7841;i V&#7841;n N&#259;ng<\/p><p>C&ocirc;ng ty Thi&#7871;t B&#7883; C&ocirc;ng Ngh&#7879; V&#7841;n N&#259;ng l&agrave; &#273;&#7889;i t&aacute;c ch&iacute;nh th&#7913;c ph&acirc;n ph&#7889;i &#272;&#7891;ng H&#7891; &#272;o Milliohm h&agrave;ng &#273;&#7847;u t&#7841;i Vi&#7879;t Nam, cam k&#7871;t cung c&#7845;p s&#7843;n ph&#7849;m ch&iacute;nh h&atilde;ng v&#7899;i gi&aacute; c&#7843; c&#7841;nh tranh nh&#7845;t th&#7883; tr&#432;&#7901;ng. V&#7899;i uy t&iacute;n tr&ecirc;n th&#7883; tr&#432;&#7901;ng v&agrave; ch&#7871; &#273;&#7897; h&#7851;u m&atilde;i t&#7889;t, Thi&#7871;t B&#7883; C&ocirc;ng Ngh&#7879; V&#7841;n N&#259;ng &#273;&atilde; nh&#7853;n &#273;&#432;&#7907;c s&#7921; tin t&#432;&#7903;ng t&#7915; kh&aacute;ch h&agrave;ng nh&#7901; v&agrave;o ch&#7845;t l&#432;&#7907;ng h&agrave;ng &#273;&#7847;u c&#7911;a c&aacute;c d&ograve;ng s&#7843;n ph&#7849;m.<br>\nS&#7843;n ph&#7849;m c&#7911;a ch&uacute;ng t&ocirc;i &#273;&#432;&#7907;c ki&#7875;m &#273;&#7883;nh ch&#7845;t l&#432;&#7907;ng, nh&#7853;p kh&#7849;u tr&#7921;c ti&#7871;p t&#7915; nh&agrave; m&aacute;y b&ecirc;n Ch&acirc;u &Acirc;u, M&#7929;, &Uacute;c, Nh&#7853;t B&#7843;n,&hellip; v&agrave; &#273;&aacute;p &#7913;ng nhu c&#7847;u &#273;a d&#7841;ng c&#7911;a th&#7883; tr&#432;&#7901;ng nh&#432;: M&aacute;y &#272;o &#272;&#7897; C&#7913;ng, M&aacute;y SPECTROMAXx, M&aacute;y Ki&#7875;m Tra &#272;&#432;&#7901;ng Gh&eacute;p M&iacute; Lon,&hellip; Ch&uacute;ng t&ocirc;i cam k&#7871;t cung c&#7845;p s&#7843;n ph&#7849;m n&agrave;y tr&ecirc;n to&agrave;n qu&#7889;c v&#7899;i gi&aacute; c&#7843; c&#7841;nh tranh nh&#7845;t.<br>\nCh&uacute;ng t&ocirc;i c&oacute; &#273;&#7897;i ng&#361; chuy&ecirc;n vi&ecirc;n t&#432; v&#7845;n chuy&ecirc;n s&acirc;u s&#7869; h&#7895; tr&#7907; kh&aacute;ch h&agrave;ng v&#7873; chi ti&#7871;t s&#7843;n ph&#7849;m, h&#432;&#7899;ng d&#7851;n s&#7917; d&#7909;ng hay nh&#7919;ng th&#7913; li&ecirc;n quan &#273;&#7871;n v&#7845;n &#273;&#7873; m&agrave; doanh nghi&#7879;p b&#7841;n &#273;ang g&#7863;p ph&#7843;i. Ch&uacute;ng t&ocirc;i s&#7869; cung c&#7845;p nh&#7919;ng gi&#7843;i ph&aacute;p t&#7889;i &#432;u nh&#7845;t!<br>\nNgo&agrave;i ra Thi&#7871;t B&#7883; C&ocirc;ng Ngh&#7879; V&#7841;n N&#259;ng Ch&uacute;ng T&ocirc;i lu&ocirc;n h&#432;&#7899;ng &#273;&#7871;n tr&#7843;i nghi&#7879;m kh&aacute;ch h&agrave;ng, v&igrave; v&#7853;y ch&uacute;ng t&ocirc;i c&oacute; nh&#7919;ng ch&iacute;nh s&aacute;ch b&#7843;o h&agrave;nh, b&#7843;o tr&igrave; &ndash; b&#7843;o d&#432;&#7905;ng, hi&#7879;u chu&#7849;n v&#7899;i t&#7845;t c&#7843; c&aacute;c thi&#7871;t b&#7883;, m&aacute;y m&oacute;c m&agrave; ch&uacute;ng t&ocirc;i cung c&#7845;p. &#272;&#7843;m b&#7843;o mang &#273;&#7871;n cho Kh&aacute;ch h&agrave;ng s&#7921; y&ecirc;n t&acirc;m tuy&#7879;t &#273;&#7889;i v&#7873; d&#7883;ch v&#7909; khi mua h&agrave;ng.<\/p><p>Xem th&ecirc;m: M&aacute;y Ph&acirc;n T&iacute;ch &#272;i&#7879;n &#272;&#7897;ng H&#7885;c B&#7873; M&#7863;t R&#7855;n (Electrokinetic Analyzer for Solid Surface Analysis) Anton Paar Model SurPASS 3 Standard<\/p><p>T&#7893;ng K&#7871;t<br>\nV&#7899;i nhi&#7873;u t&iacute;nh n&#259;ng h&#7895; tr&#7907; nh&#432; &#273;o nhi&#7879;t &#273;&#7897;, b&ugrave; nhi&#7879;t &#273;&#7897; v&agrave; b&#7897; nh&#7899; l&#432;u tr&#7919; 20 b&#7897; c&agrave;i &#273;&#7863;t, M&aacute;y &#272;o Milliohm GOM-805 l&agrave; l&#7921;a ch&#7885;n l&yacute; t&#432;&#7903;ng cho c&aacute;c &#7913;ng d&#7909;ng trong s&#7843;n xu&#7845;t, nghi&ecirc;n c&#7913;u v&agrave; ki&#7875;m &#273;&#7883;nh linh ki&#7879;n &#273;i&#7879;n t&#7917;. H&#7895; tr&#7907; k&#7871;t n&#7889;i &#273;a d&#7841;ng nh&#432; RS-232C, USB, Handler\/Scan\/EXT IO v&agrave; GPIB (t&ugrave;y ch&#7885;n) gi&uacute;p GOM-805 Gwinstek d&#7877; d&agrave;ng t&iacute;ch h&#7907;p v&agrave;o h&#7879; th&#7889;ng t&#7921; &#273;&#7897;ng h&oacute;a. H&atilde;y li&ecirc;n h&#7879; v&#7899;i V&#7841;n N&#259;ng ngay &#273;&#7875; &#273;&#432;&#7907;c t&#432; v&#7845;n chuy&ecirc;n s&acirc;u v&agrave; nh&#7853;n nh&#7919;ng &#432;u &#273;&atilde;i h&#7845;p d&#7851;n nh&#7845;t th&ocirc;ng qua hotline0903 991 335 !<\/p><div style=\"background-color: #f8fafc; border: 1px solid #e2e8f0; border-radius: 8px; padding: 25px; max-width: 800px; margin: 30px auto; color: #334155; line-height: 1.8; font-size: 17px; box-shadow: 0 4px 6px -1px rgba(0,0,0,0.05); text-align: left; clear: both;\">\nC&ocirc;ng ty TNHH Th&#432;&#417;ng M&#7841;i D&#7883;ch V&#7909; Thi&#7871;t B&#7883; C&ocirc;ng Ngh&#7879; V&#7841;n N&#259;ng\n<p style=\"margin: 0 0 10px 0;\">&#128205; <strong style=\"color: #1e293b;\">&#272;&#7883;a ch&#7881;:<\/strong> <a style=\"color: #059669; text-decoration: none; font-weight: bold;\" href=\"https:\/\/www.google.com\/maps\/search\/C%C3%B4ng+ty+TNHH+Th%C6%B0%C6%A1ng+M%E1%BA%A1i+D%E1%BB%8Bch+V%E1%BB%A5+Thi%E1%BA%BFt+B%E1%BB%8B+C%C3%B4ng+Ngh%E1%BB%87+V%E1%BA%A1n+N%C4%83ng+818+Tr%C6%B0%E1%BB%9Dng+Chinh\" target=\"_blank\" rel=\"noopener\">818 Tr&#432;&#7901;ng Chinh, Ph&#432;&#7901;ng T&acirc;n S&#417;n, Th&agrave;nh ph&#7889; H&#7891; Ch&iacute; Minh, Vi&#7879;t Nam<\/a><\/p>\n<p style=\"margin: 0 0 10px 0;\">&#128222; <strong style=\"color: #1e293b;\">S&#272;T &ndash; Zalo:<\/strong> <a style=\"color: #059669; text-decoration: none; font-weight: bold;\" href=\"https:\/\/zalo.me\/0903991335\" target=\"_blank\" rel=\"noopener\">0903 991 335<\/a> <span style=\"color: #64748b; font-style: italic;\">(Ms. H&#7841;nh &ndash; Gi&aacute;m &#272;&#7889;c Kinh Doanh)<\/span><\/p>\n<p style=\"margin: 0;\">&#9993;&#65039; <strong style=\"color: #1e293b;\">Email:<\/strong> <a style=\"color: #059669; text-decoration: none; font-weight: bold;\" href=\"mailto:hienhanh@vannangvn.com\">hienhanh@vannangvn.com<\/a><\/p>\n<\/div><\/h1>","protected":false},"excerpt":{"rendered":"<p><strong>Th&#432;&#417;ng hi&#7879;u:<\/strong> &#272;&#7891;ng H&#7891; GOM-805&nbsp;l&agrave; m&#7897;t thi&#7871;t b&#7883; &#273;o l&#432;&#7901;ng chuy&ecirc;n d&#7909;ng v&#7899;i &#273;&#7897; ch&iacute;nh x&aacute;c cao , t&#7889;c &#273;&#7897; l&#7845;y m&#7851;u nhanh l&ecirc;n &#273;&#7871;n 60 l&#7847;n\/gi&acirc;y v&agrave; m&agrave;n h&igrave;nh m&agrave;u TFT 3,5 inch s&#7855;c n&eacute;t. Thi&#7871;t b&#7883; n&agrave;y s&#7917; d&#7909;ng ph&#432;&#417;ng ph&aacute;p &#273;o b&#7889;n d&acirc;y Kelvin, gi&uacute;p lo&#7841;i b&#7887; &#7843;nh h&#432;&#7903;ng c&#7911;a &#273;i&#7879;n tr&#7903; d&acirc;y d&#7851;n, mang l&#7841;i k&#7871;t qu&#7843; ch&iacute;nh x&aacute;c tuy&#7879;t &#273;&#7889;i trong c&aacute;c ph&eacute;p &#273;o &#273;i&#7879;n tr&#7903; th&#7845;p.<br>\n<strong>Model:<\/strong> GOM<p>Product <strong>&#272;&#7890;NG H&#7890; &#272;O MILLIOHM GWINSTEK MODEL GOM-805<\/strong> ch&iacute;nh h&atilde;ng. &#272;&#7891;ng H&#7891; GOM-805&nbsp;l&agrave; m&#7897;t thi&#7871;t b&#7883; &#273;o l&#432;&#7901;ng chuy&ecirc;n d&#7909;ng v&#7899;i &#273;&#7897; ch&iacute;nh x&aacute;c cao (0,05%), t&#7889;c &#273;&#7897; l&#7845;y m&#7851;u nhanh l&ecirc;n &#273;&#7871;n 60 l&#7847;n\/gi&acirc;y v&agrave; m&agrave;n h&igrave;nh m&agrave;u TFT 3,5 inch s&#7855;c n&eacute;t. Thi&#7871;t b&#7883; n&agrave;y s&#7917; d&#7909;ng ph&#432;&#417;ng ph&aacute;p &#273;o b&#7889;n d&acirc;y Kelvin, gi&uacute;p lo&#7841;i b&#7887; &#7843;nh h&#432;&#7903;ng c&#7911;a &#273;i&#7879;n tr&#7903; d&acirc;y d&#7851;n, mang l&#7841;i k&#7871;t qu&#7843; ch&iacute;nh x&aacute;c tuy&#7879;t &#273;&#7889;i trong c&aacute;c ph&eacute;p &#273;o &#273;i&#7879;n tr&#7903; th&#7845;p.<\/p><\/p>","protected":false},"featured_media":9656,"comment_status":"open","ping_status":"closed","template":"","meta":[],"product_brand":[],"product_cat":[18],"product_tag":[116,163,181,703,934,935,937],"class_list":{"0":"post-6235","1":"product","2":"type-product","3":"status-publish","4":"has-post-thumbnail","6":"product_cat-chua-phan-loai","7":"product_tag-model","8":"product_tag-dong","9":"product_tag-do","10":"product_tag-ho","11":"product_tag-milliohm","12":"product_tag-gwinstek","13":"product_tag-gom-805","15":"first","16":"instock","17":"shipping-taxable","18":"product-type-simple"},"yoast_head":"<!-- This site is optimized with the Yoast SEO Premium plugin v24.8 (Yoast SEO v24.8) - https:\/\/yoast.com\/wordpress\/plugins\/seo\/ -->\n<title>\u0110\u1ed2NG H\u1ed2 \u0110O MILLIOHM GWINSTEK MODEL ... ch\u00ednh h\u00e3ng | V\u1ea1n N\u0103ng<\/title>\n<meta name=\"description\" content=\"Mua ngay \u0110\u1ed2NG H\u1ed2 \u0110O MILLIOHM GWINSTEK MODEL GOM-805 ch\u00ednh h\u00e3ng. Gi\u00e1 t\u1ed1t!\" \/>\n<meta name=\"robots\" content=\"noindex, follow, max-snippet:-1, max-image-preview:large, max-video-preview:-1\" \/>\n<meta property=\"og:locale\" content=\"en_US\" \/>\n<meta property=\"og:type\" content=\"article\" \/>\n<meta property=\"og:title\" content=\"\u0110\u1ed2NG H\u1ed2 \u0110O MILLIOHM GWINSTEK MODEL GOM-805\" \/>\n<meta property=\"og:description\" content=\"Mua ngay \u0110\u1ed2NG H\u1ed2 \u0110O MILLIOHM GWINSTEK MODEL GOM-805 ch\u00ednh h\u00e3ng. Gi\u00e1 t\u1ed1t!\" \/>\n<meta property=\"og:url\" content=\"https:\/\/vannangvn.123websitedev.com\/en\/product\/dong-ho-do-milliohm-gwinstek-model-gom-804\/\" \/>\n<meta property=\"og:site_name\" content=\"Vannang.vn\" \/>\n<meta property=\"article:modified_time\" content=\"2026-03-30T11:15:35+00:00\" \/>\n<meta property=\"og:image\" content=\"http:\/\/vannangvn.123websitedev.com\/wp-content\/uploads\/2026\/03\/GW-INSTEK-Model-GOM-804-NO.4-copy.jpg\" \/>\n\t<meta property=\"og:image:width\" content=\"768\" \/>\n\t<meta property=\"og:image:height\" content=\"576\" \/>\n\t<meta property=\"og:image:type\" content=\"image\/jpeg\" \/>\n<meta name=\"twitter:card\" content=\"summary_large_image\" \/>\n<meta name=\"twitter:label1\" content=\"Est. reading time\" \/>\n\t<meta name=\"twitter:data1\" content=\"8 minutes\" \/>\n<script type=\"application\/ld+json\" class=\"yoast-schema-graph\">{\"@context\":\"https:\/\/schema.org\",\"@graph\":[{\"@type\":\"WebPage\",\"@id\":\"https:\/\/vannangvn.123websitedev.com\/san-pham\/dong-ho-do-milliohm-gwinstek-model-gom-804\/\",\"url\":\"https:\/\/vannangvn.123websitedev.com\/san-pham\/dong-ho-do-milliohm-gwinstek-model-gom-804\/\",\"name\":\"\u0110\u1ed2NG H\u1ed2 \u0110O MILLIOHM GWINSTEK MODEL ... ch\u00ednh h\u00e3ng | V\u1ea1n N\u0103ng\",\"isPartOf\":{\"@id\":\"https:\/\/vannangvn.123websitedev.com\/#website\"},\"primaryImageOfPage\":{\"@id\":\"https:\/\/vannangvn.123websitedev.com\/san-pham\/dong-ho-do-milliohm-gwinstek-model-gom-804\/#primaryimage\"},\"image\":{\"@id\":\"https:\/\/vannangvn.123websitedev.com\/san-pham\/dong-ho-do-milliohm-gwinstek-model-gom-804\/#primaryimage\"},\"thumbnailUrl\":\"https:\/\/vannangvn.123websitedev.com\/wp-content\/uploads\/2026\/03\/GW-INSTEK-Model-GOM-804-NO.4-copy.jpg\",\"datePublished\":\"2026-03-20T10:24:57+00:00\",\"dateModified\":\"2026-03-30T11:15:35+00:00\",\"description\":\"Mua ngay \u0110\u1ed2NG H\u1ed2 \u0110O MILLIOHM GWINSTEK MODEL GOM-805 ch\u00ednh h\u00e3ng. Gi\u00e1 t\u1ed1t!\",\"breadcrumb\":{\"@id\":\"https:\/\/vannangvn.123websitedev.com\/san-pham\/dong-ho-do-milliohm-gwinstek-model-gom-804\/#breadcrumb\"},\"inLanguage\":\"en-US\",\"potentialAction\":[{\"@type\":\"ReadAction\",\"target\":[\"https:\/\/vannangvn.123websitedev.com\/san-pham\/dong-ho-do-milliohm-gwinstek-model-gom-804\/\"]}]},{\"@type\":\"ImageObject\",\"inLanguage\":\"en-US\",\"@id\":\"https:\/\/vannangvn.123websitedev.com\/san-pham\/dong-ho-do-milliohm-gwinstek-model-gom-804\/#primaryimage\",\"url\":\"https:\/\/vannangvn.123websitedev.com\/wp-content\/uploads\/2026\/03\/GW-INSTEK-Model-GOM-804-NO.4-copy.jpg\",\"contentUrl\":\"https:\/\/vannangvn.123websitedev.com\/wp-content\/uploads\/2026\/03\/GW-INSTEK-Model-GOM-804-NO.4-copy.jpg\",\"width\":768,\"height\":576},{\"@type\":\"BreadcrumbList\",\"@id\":\"https:\/\/vannangvn.123websitedev.com\/san-pham\/dong-ho-do-milliohm-gwinstek-model-gom-804\/#breadcrumb\",\"itemListElement\":[{\"@type\":\"ListItem\",\"position\":1,\"name\":\"Trang ch\u1ee7\",\"item\":\"https:\/\/vannangvn.123websitedev.com\/\"},{\"@type\":\"ListItem\",\"position\":2,\"name\":\"S\u1ea3n ph\u1ea9m\",\"item\":\"https:\/\/vannangvn.123websitedev.com\/cua-hang\/\"},{\"@type\":\"ListItem\",\"position\":3,\"name\":\"\u0110\u1ed2NG H\u1ed2 \u0110O MILLIOHM GWINSTEK MODEL GOM-805\"}]},{\"@type\":\"WebSite\",\"@id\":\"https:\/\/vannangvn.123websitedev.com\/#website\",\"url\":\"https:\/\/vannangvn.123websitedev.com\/\",\"name\":\"Vannang.vn\",\"description\":\"\",\"publisher\":{\"@id\":\"https:\/\/vannangvn.123websitedev.com\/#organization\"},\"potentialAction\":[{\"@type\":\"SearchAction\",\"target\":{\"@type\":\"EntryPoint\",\"urlTemplate\":\"https:\/\/vannangvn.123websitedev.com\/?s={search_term_string}\"},\"query-input\":{\"@type\":\"PropertyValueSpecification\",\"valueRequired\":true,\"valueName\":\"search_term_string\"}}],\"inLanguage\":\"en-US\"},{\"@type\":\"Organization\",\"@id\":\"https:\/\/vannangvn.123websitedev.com\/#organization\",\"name\":\"Vannang.vn\",\"url\":\"https:\/\/vannangvn.123websitedev.com\/\",\"logo\":{\"@type\":\"ImageObject\",\"inLanguage\":\"en-US\",\"@id\":\"https:\/\/vannangvn.123websitedev.com\/#\/schema\/logo\/image\/\",\"url\":\"https:\/\/vannangvn.123websitedev.com\/wp-content\/uploads\/2026\/02\/logo-van-nang-02.png\",\"contentUrl\":\"https:\/\/vannangvn.123websitedev.com\/wp-content\/uploads\/2026\/02\/logo-van-nang-02.png\",\"width\":448,\"height\":111,\"caption\":\"Vannang.vn\"},\"image\":{\"@id\":\"https:\/\/vannangvn.123websitedev.com\/#\/schema\/logo\/image\/\"}}]}<\/script>\n<!-- \/ Yoast SEO Premium plugin. -->","yoast_head_json":{"title":"\u0110\u1ed2NG H\u1ed2 \u0110O MILLIOHM GWINSTEK MODEL ... ch\u00ednh h\u00e3ng | V\u1ea1n N\u0103ng","description":"Mua ngay \u0110\u1ed2NG H\u1ed2 \u0110O MILLIOHM GWINSTEK MODEL GOM-805 ch\u00ednh h\u00e3ng. Gi\u00e1 t\u1ed1t!","robots":{"index":"noindex","follow":"follow","max-snippet":"max-snippet:-1","max-image-preview":"max-image-preview:large","max-video-preview":"max-video-preview:-1"},"og_locale":"en_US","og_type":"article","og_title":"\u0110\u1ed2NG H\u1ed2 \u0110O MILLIOHM GWINSTEK MODEL GOM-805","og_description":"Mua ngay \u0110\u1ed2NG H\u1ed2 \u0110O MILLIOHM GWINSTEK MODEL GOM-805 ch\u00ednh h\u00e3ng. Gi\u00e1 t\u1ed1t!","og_url":"https:\/\/vannangvn.123websitedev.com\/en\/product\/dong-ho-do-milliohm-gwinstek-model-gom-804\/","og_site_name":"Vannang.vn","article_modified_time":"2026-03-30T11:15:35+00:00","og_image":[{"width":768,"height":576,"url":"http:\/\/vannangvn.123websitedev.com\/wp-content\/uploads\/2026\/03\/GW-INSTEK-Model-GOM-804-NO.4-copy.jpg","type":"image\/jpeg"}],"twitter_card":"summary_large_image","twitter_misc":{"Est. reading time":"8 minutes"},"schema":{"@context":"https:\/\/schema.org","@graph":[{"@type":"WebPage","@id":"https:\/\/vannangvn.123websitedev.com\/san-pham\/dong-ho-do-milliohm-gwinstek-model-gom-804\/","url":"https:\/\/vannangvn.123websitedev.com\/san-pham\/dong-ho-do-milliohm-gwinstek-model-gom-804\/","name":"\u0110\u1ed2NG H\u1ed2 \u0110O MILLIOHM GWINSTEK MODEL ... ch\u00ednh h\u00e3ng | V\u1ea1n N\u0103ng","isPartOf":{"@id":"https:\/\/vannangvn.123websitedev.com\/#website"},"primaryImageOfPage":{"@id":"https:\/\/vannangvn.123websitedev.com\/san-pham\/dong-ho-do-milliohm-gwinstek-model-gom-804\/#primaryimage"},"image":{"@id":"https:\/\/vannangvn.123websitedev.com\/san-pham\/dong-ho-do-milliohm-gwinstek-model-gom-804\/#primaryimage"},"thumbnailUrl":"https:\/\/vannangvn.123websitedev.com\/wp-content\/uploads\/2026\/03\/GW-INSTEK-Model-GOM-804-NO.4-copy.jpg","datePublished":"2026-03-20T10:24:57+00:00","dateModified":"2026-03-30T11:15:35+00:00","description":"Mua ngay \u0110\u1ed2NG H\u1ed2 \u0110O MILLIOHM GWINSTEK MODEL GOM-805 ch\u00ednh h\u00e3ng. Gi\u00e1 t\u1ed1t!","breadcrumb":{"@id":"https:\/\/vannangvn.123websitedev.com\/san-pham\/dong-ho-do-milliohm-gwinstek-model-gom-804\/#breadcrumb"},"inLanguage":"en-US","potentialAction":[{"@type":"ReadAction","target":["https:\/\/vannangvn.123websitedev.com\/san-pham\/dong-ho-do-milliohm-gwinstek-model-gom-804\/"]}]},{"@type":"ImageObject","inLanguage":"en-US","@id":"https:\/\/vannangvn.123websitedev.com\/san-pham\/dong-ho-do-milliohm-gwinstek-model-gom-804\/#primaryimage","url":"https:\/\/vannangvn.123websitedev.com\/wp-content\/uploads\/2026\/03\/GW-INSTEK-Model-GOM-804-NO.4-copy.jpg","contentUrl":"https:\/\/vannangvn.123websitedev.com\/wp-content\/uploads\/2026\/03\/GW-INSTEK-Model-GOM-804-NO.4-copy.jpg","width":768,"height":576},{"@type":"BreadcrumbList","@id":"https:\/\/vannangvn.123websitedev.com\/san-pham\/dong-ho-do-milliohm-gwinstek-model-gom-804\/#breadcrumb","itemListElement":[{"@type":"ListItem","position":1,"name":"Trang ch\u1ee7","item":"https:\/\/vannangvn.123websitedev.com\/"},{"@type":"ListItem","position":2,"name":"S\u1ea3n ph\u1ea9m","item":"https:\/\/vannangvn.123websitedev.com\/cua-hang\/"},{"@type":"ListItem","position":3,"name":"\u0110\u1ed2NG H\u1ed2 \u0110O MILLIOHM GWINSTEK MODEL GOM-805"}]},{"@type":"WebSite","@id":"https:\/\/vannangvn.123websitedev.com\/#website","url":"https:\/\/vannangvn.123websitedev.com\/","name":"Vannang.vn","description":"","publisher":{"@id":"https:\/\/vannangvn.123websitedev.com\/#organization"},"potentialAction":[{"@type":"SearchAction","target":{"@type":"EntryPoint","urlTemplate":"https:\/\/vannangvn.123websitedev.com\/?s={search_term_string}"},"query-input":{"@type":"PropertyValueSpecification","valueRequired":true,"valueName":"search_term_string"}}],"inLanguage":"en-US"},{"@type":"Organization","@id":"https:\/\/vannangvn.123websitedev.com\/#organization","name":"Vannang.vn","url":"https:\/\/vannangvn.123websitedev.com\/","logo":{"@type":"ImageObject","inLanguage":"en-US","@id":"https:\/\/vannangvn.123websitedev.com\/#\/schema\/logo\/image\/","url":"https:\/\/vannangvn.123websitedev.com\/wp-content\/uploads\/2026\/02\/logo-van-nang-02.png","contentUrl":"https:\/\/vannangvn.123websitedev.com\/wp-content\/uploads\/2026\/02\/logo-van-nang-02.png","width":448,"height":111,"caption":"Vannang.vn"},"image":{"@id":"https:\/\/vannangvn.123websitedev.com\/#\/schema\/logo\/image\/"}}]}},"_links":{"self":[{"href":"https:\/\/vannangvn.123websitedev.com\/en\/wp-json\/wp\/v2\/product\/6235","targetHints":{"allow":["GET"]}}],"collection":[{"href":"https:\/\/vannangvn.123websitedev.com\/en\/wp-json\/wp\/v2\/product"}],"about":[{"href":"https:\/\/vannangvn.123websitedev.com\/en\/wp-json\/wp\/v2\/types\/product"}],"replies":[{"embeddable":true,"href":"https:\/\/vannangvn.123websitedev.com\/en\/wp-json\/wp\/v2\/comments?post=6235"}],"wp:featuredmedia":[{"embeddable":true,"href":"https:\/\/vannangvn.123websitedev.com\/en\/wp-json\/wp\/v2\/media\/9656"}],"wp:attachment":[{"href":"https:\/\/vannangvn.123websitedev.com\/en\/wp-json\/wp\/v2\/media?parent=6235"}],"wp:term":[{"taxonomy":"product_brand","embeddable":true,"href":"https:\/\/vannangvn.123websitedev.com\/en\/wp-json\/wp\/v2\/product_brand?post=6235"},{"taxonomy":"product_cat","embeddable":true,"href":"https:\/\/vannangvn.123websitedev.com\/en\/wp-json\/wp\/v2\/product_cat?post=6235"},{"taxonomy":"product_tag","embeddable":true,"href":"https:\/\/vannangvn.123websitedev.com\/en\/wp-json\/wp\/v2\/product_tag?post=6235"}],"curies":[{"name":"wp","href":"https:\/\/api.w.org\/{rel}","templated":true}]}}