{"id":6248,"date":"2026-03-20T17:25:15","date_gmt":"2026-03-20T10:25:15","guid":{"rendered":"https:\/\/vannangvn.123websitedev.com\/san-pham\/dung-cu-ghi-thoi-gian-qq-model-hs43\/"},"modified":"2026-03-30T18:15:53","modified_gmt":"2026-03-30T11:15:53","slug":"dung-cu-ghi-thoi-gian-qq-model-hs43","status":"publish","type":"product","link":"https:\/\/vannangvn.123websitedev.com\/en\/product\/dung-cu-ghi-thoi-gian-qq-model-hs43\/","title":{"rendered":"D\u1ee4NG C\u1ee4 GHI TH\u1edcI GIAN Q&#038;Q MODEL HS43"},"content":{"rendered":"<h1 style=\"color: red; font-weight: bold; font-size: 24px;\">T&#7893;ng quan s&#7843;n ph&#7849;m D&#7908;NG C&#7908; GHI TH&#7900;I GIAN Q&amp;Q MODEL HS43<p>D&#7909;ng C&#7909; Ghi Th&#7901;i Gian (Stop Watch) Q&amp;Q Model HS43<br>\n&#272;&#7891;ng h&#7891; b&#7845;m gi&acirc;y Q&amp;Q HS43J l&agrave; thi&#7871;t k&#7871; chuy&ecirc;n d&#7909;ng d&agrave;nh cho c&aacute;c ho&#7841;t &#273;&#7897;ng c&#7847;n &#273;&#7897; ch&iacute;nh x&aacute;c tuy&#7879;t &#273;&#7889;i. V&#7899;i &#273;&#7897; b&#7873;n b&#7881; v&#432;&#7907;t tr&#7897;i v&agrave; kh&#7843; n&#259;ng ch&#7889;ng n&#432;&#7899;c m&#7841;nh m&#7869;, HS43J l&#7921;a ch&#7885;n h&agrave;ng &#273;&#7847;u cho th&#7875; thao chuy&ecirc;n nghi&#7879;p v&agrave; ki&#7875;m so&aacute;t quy tr&igrave;nh c&ocirc;ng nghi&#7879;p. H&atilde;y c&ugrave;ng V&#7841;n N&#259;ng t&igrave;m hi&#7875;u chi ti&#7871;t h&#417;n v&#7873; s&#7843;n ph&#7849;m th&ocirc;ng qua b&agrave;i vi&#7871;t d&#432;&#7899;i &#273;&acirc;y nh&eacute;!<\/p><p>Xem th&ecirc;m: &#272;i&#7873;u H&ograve;a L&agrave;m M&aacute;t T&#7911; &#272;i&#7879;n Ngo&agrave;i Tr&#7901;i (Cooler For Outdoor Cabinet) Air Major Model AP-ESS075H<\/p><p>&#7912;ng D&#7909;ng C&#7911;a D&#7909;ng C&#7909; Ghi Th&#7901;i Gian<br>\n&#7912;ng d&#7909;ng: &#272;&#7891;ng h&#7891; Q&amp;Q HS43J &#273;&#432;&#7907;c s&#7917; d&#7909;ng trong t&#7853;p luy&#7879;n, thi &#273;&#7845;u c&aacute;c m&ocirc;n th&#7875; thao (&#273;i&#7873;n kinh, b&#417;i l&#7863;n&hellip;), &#273;o th&#7901;i gian trong c&ocirc;ng vi&#7879;c, ki&#7875;m so&aacute;t quy tr&igrave;nh s&#7843;n xu&#7845;t ho&#7863;c c&aacute;c ho&#7841;t &#273;&#7897;ng c&#7847;n &#273;&#7897; ch&iacute;nh x&aacute;c cao.<br>\n&#272;&#7889;i t&#432;&#7907;ng: Tr&#7885;ng t&agrave;i, gi&aacute;o vi&ecirc;n th&#7875; d&#7909;c, hu&#7845;n luy&#7879;n vi&ecirc;n, Qu&#7843;n &#273;&#7889;c x&iacute; nghi&#7879;p, Thanh tra ki&#7875;m so&aacute;t ch&#7845;t l&#432;&#7907;ng&hellip;<\/p><p>Xem th&ecirc;m: Th&#432;&#7899;c &#272;o &#272;&#7897; Ch&#7843;y X&#7879; M&agrave;ng S&#417;n (Sagging Tester) Biuged Model BGD 225\/1<\/p><h2 style=\"color: #0073aa; font-weight: bold; font-size: 20px;\">&#272;&#7863;c &#272;i&#7875;m K&#7929; Thu&#7853;t Chi Ti&#7871;t<\/h2><p>&#272;&#7897; ch&iacute;nh x&aacute;c: 1\/100 gi&acirc;y (0.01s), &#273;&#7843;m b&#7843;o k&#7871;t qu&#7843; &#273;o l&#432;&#7901;ng chu&#7849;n x&aacute;c nh&#7845;t.<\/p><h2 style=\"color: #0073aa; font-weight: bold; font-size: 20px;\">M&agrave;n h&igrave;nh: Hi&#7875;n th&#7883; 6 s&#7889; l&#7899;n, r&otilde; n&eacute;t c&aacute;c th&ocirc;ng s&#7889;: Gi&#7901; &ndash; Ph&uacute;t &ndash; Gi&acirc;y v&agrave; % gi&acirc;y.<\/h2><h2 style=\"color: #2e7d32; font-weight: bold; font-size: 20px;\">T&iacute;nh n&#259;ng b&#7893; sung:<\/h2><p>&ndash; Xem Gi&#7901; v&agrave; Ng&agrave;y th&aacute;ng hi&#7879;n t&#7841;i.<br>\n&ndash; Ch&#7871; &#273;&#7897; Gi&#7901; b&aacute;o th&#7913;c ti&#7879;n l&#7907;i.<br>\n&ndash; B&#7897; nh&#7899;: Nh&#7899; &#273;&#432;&#7907;c 1 th&#7901;i &#273;i&#7875;m t&#7841;m d&#7915;ng.<br>\n&#272;&#7897; b&#7873;n &amp; Ch&#7889;ng n&#432;&#7899;c:<br>\n&ndash; Trang b&#7883; RON b&#7843;o v&#7879;, an to&agrave;n khi ng&acirc;m n&#432;&#7899;c li&ecirc;n t&#7909;c 24 gi&#7901;.<br>\n&ndash; Kh&#7843; n&#259;ng ch&#7883;u &aacute;p l&#7921;c n&#432;&#7899;c: 50m (5 bar).<\/p><p>N&#259;ng l&#432;&#7907;ng: S&#7917; d&#7909;ng pin CR-2032.<br>\nK&iacute;ch th&#432;&#7899;c: 66mm x 56mm x 18mm (G&#7885;n nh&#7865;, d&#7877; c&#7847;m n&#7855;m).<\/p><p>Xem th&ecirc;m: B&agrave;n So M&agrave;u 3nh (Color Viewer Light Table) Model CC120-I-1<\/p><p>Nh&#7919;ng L&yacute; Do N&ecirc;n Mua D&#7909;ng C&#7909; Ghi Th&#7901;i Gian T&#7841;i V&#7841;n N&#259;ng<\/p><p>C&ocirc;ng ty Thi&#7871;t B&#7883; C&ocirc;ng Ngh&#7879; V&#7841;n N&#259;ng l&agrave; &#273;&#7889;i t&aacute;c ch&iacute;nh th&#7913;c ph&acirc;n ph&#7889;i D&#7909;ng C&#7909; Ghi Th&#7901;i Gian h&agrave;ng &#273;&#7847;u t&#7841;i Vi&#7879;t Nam, cam k&#7871;t cung c&#7845;p s&#7843;n ph&#7849;m ch&iacute;nh h&atilde;ng v&#7899;i gi&aacute; c&#7843; c&#7841;nh tranh nh&#7845;t th&#7883; tr&#432;&#7901;ng. V&#7899;i uy t&iacute;n tr&ecirc;n th&#7883; tr&#432;&#7901;ng v&agrave; ch&#7871; &#273;&#7897; h&#7851;u m&atilde;i t&#7889;t, Thi&#7871;t B&#7883; C&ocirc;ng Ngh&#7879; V&#7841;n N&#259;ng &#273;&atilde; nh&#7853;n &#273;&#432;&#7907;c s&#7921; tin t&#432;&#7903;ng t&#7915; kh&aacute;ch h&agrave;ng nh&#7901; v&agrave;o ch&#7845;t l&#432;&#7907;ng h&agrave;ng &#273;&#7847;u c&#7911;a c&aacute;c d&ograve;ng s&#7843;n ph&#7849;m.<br>\nS&#7843;n ph&#7849;m c&#7911;a ch&uacute;ng t&ocirc;i &#273;&#432;&#7907;c ki&#7875;m &#273;&#7883;nh ch&#7845;t l&#432;&#7907;ng, nh&#7853;p kh&#7849;u tr&#7921;c ti&#7871;p t&#7915; nh&agrave; m&aacute;y b&ecirc;n Ch&acirc;u &Acirc;u, M&#7929;, &Uacute;c, Nh&#7853;t B&#7843;n,&hellip; v&agrave; &#273;&aacute;p &#7913;ng nhu c&#7847;u &#273;a d&#7841;ng c&#7911;a th&#7883; tr&#432;&#7901;ng nh&#432;: M&aacute;y &#272;o &#272;&#7897; C&#7913;ng, M&aacute;y SPECTROMAXx, M&aacute;y Ki&#7875;m Tra &#272;&#432;&#7901;ng Gh&eacute;p M&iacute; Lon,&hellip; Ch&uacute;ng t&ocirc;i cam k&#7871;t cung c&#7845;p s&#7843;n ph&#7849;m n&agrave;y tr&ecirc;n to&agrave;n qu&#7889;c v&#7899;i gi&aacute; c&#7843; c&#7841;nh tranh nh&#7845;t.<br>\nCh&uacute;ng t&ocirc;i c&oacute; &#273;&#7897;i ng&#361; chuy&ecirc;n vi&ecirc;n t&#432; v&#7845;n chuy&ecirc;n s&acirc;u s&#7869; h&#7895; tr&#7907; kh&aacute;ch h&agrave;ng v&#7873; chi ti&#7871;t s&#7843;n ph&#7849;m, h&#432;&#7899;ng d&#7851;n s&#7917; d&#7909;ng hay nh&#7919;ng th&#7913; li&ecirc;n quan &#273;&#7871;n v&#7845;n &#273;&#7873; m&agrave; doanh nghi&#7879;p b&#7841;n &#273;ang g&#7863;p ph&#7843;i. Ch&uacute;ng t&ocirc;i s&#7869; cung c&#7845;p nh&#7919;ng gi&#7843;i ph&aacute;p t&#7889;i &#432;u nh&#7845;t!<br>\nNgo&agrave;i ra Thi&#7871;t B&#7883; C&ocirc;ng Ngh&#7879; V&#7841;n N&#259;ng Ch&uacute;ng T&ocirc;i lu&ocirc;n h&#432;&#7899;ng &#273;&#7871;n tr&#7843;i nghi&#7879;m kh&aacute;ch h&agrave;ng, v&igrave; v&#7853;y ch&uacute;ng t&ocirc;i c&oacute; nh&#7919;ng ch&iacute;nh s&aacute;ch b&#7843;o h&agrave;nh, b&#7843;o tr&igrave; &ndash; b&#7843;o d&#432;&#7905;ng, hi&#7879;u chu&#7849;n v&#7899;i t&#7845;t c&#7843; c&aacute;c thi&#7871;t b&#7883;, m&aacute;y m&oacute;c m&agrave; ch&uacute;ng t&ocirc;i cung c&#7845;p. &#272;&#7843;m b&#7843;o mang &#273;&#7871;n cho Kh&aacute;ch h&agrave;ng s&#7921; y&ecirc;n t&acirc;m tuy&#7879;t &#273;&#7889;i v&#7873; d&#7883;ch v&#7909; khi mua h&agrave;ng.<\/p><p>Xem th&ecirc;m: Thi&#7871;t B&#7883; Ki&#7875;m Tra &#258;n M&ograve;n T&#7911; Phun S&#432;&#417;ng Mu&#7889;i (Salt Spray Chambers) Ascott Model iP Series<\/p><p>T&#7893;ng K&#7871;t<br>\nN&#7871;u b&#7841;n c&#7847;n s&#7921; ch&iacute;nh x&aacute;c &#273;&#7871;n t&#7915;ng mili gi&acirc;y, Q&amp;Q HS43J ch&iacute;nh l&agrave; l&#7921;a ch&#7885;n ho&agrave;n h&#7843;o. V&#7899;i thi&#7871;t k&#7871; si&ecirc;u b&#7873;n v&agrave; kh&#7843; n&#259;ng ch&#7889;ng n&#432;&#7899;c m&#7841;nh m&#7869;, m&#7851;u &#273;&#7891;ng h&#7891; n&agrave;y &#273;&aacute;p &#7913;ng t&#7889;t m&#7885;i ti&ecirc;u chu&#7849;n kh&#7855;t khe nh&#7845;t t&#7915; s&acirc;n v&#7853;n &#273;&#7897;ng chuy&ecirc;n nghi&#7879;p cho &#273;&#7871;n c&aacute;c d&acirc;y chuy&#7873;n s&#7843;n xu&#7845;t c&ocirc;ng nghi&#7879;p. H&atilde;y li&ecirc;n h&#7879; v&#7899;i V&#7841;n N&#259;ng ngay &#273;&#7875; &#273;&#432;&#7907;c t&#432; v&#7845;n chuy&ecirc;n s&acirc;u v&agrave; nh&#7853;n nh&#7919;ng &#432;u &#273;&atilde;i h&#7845;p d&#7851;n nh&#7845;t th&ocirc;ng qua hotline0903 991 335!<\/p><div style=\"background-color: #f8fafc; border: 1px solid #e2e8f0; border-radius: 8px; padding: 25px; max-width: 800px; margin: 30px auto; color: #334155; line-height: 1.8; font-size: 17px; box-shadow: 0 4px 6px -1px rgba(0,0,0,0.05); text-align: left; clear: both;\">\nC&ocirc;ng ty TNHH Th&#432;&#417;ng M&#7841;i D&#7883;ch V&#7909; Thi&#7871;t B&#7883; C&ocirc;ng Ngh&#7879; V&#7841;n N&#259;ng\n<p style=\"margin: 0 0 10px 0;\">&#128205; <strong style=\"color: #1e293b;\">&#272;&#7883;a ch&#7881;:<\/strong> <a style=\"color: #059669; text-decoration: none; font-weight: bold;\" href=\"https:\/\/www.google.com\/maps\/search\/C%C3%B4ng+ty+TNHH+Th%C6%B0%C6%A1ng+M%E1%BA%A1i+D%E1%BB%8Bch+V%E1%BB%A5+Thi%E1%BA%BFt+B%E1%BB%8B+C%C3%B4ng+Ngh%E1%BB%87+V%E1%BA%A1n+N%C4%83ng+818+Tr%C6%B0%E1%BB%9Dng+Chinh\" target=\"_blank\" rel=\"noopener\">818 Tr&#432;&#7901;ng Chinh, Ph&#432;&#7901;ng T&acirc;n S&#417;n, Th&agrave;nh ph&#7889; H&#7891; Ch&iacute; Minh, Vi&#7879;t Nam<\/a><\/p>\n<p style=\"margin: 0 0 10px 0;\">&#128222; <strong style=\"color: #1e293b;\">S&#272;T &ndash; Zalo:<\/strong> <a style=\"color: #059669; text-decoration: none; font-weight: bold;\" href=\"https:\/\/zalo.me\/0903991335\" target=\"_blank\" rel=\"noopener\">0903 991 335<\/a> <span style=\"color: #64748b; font-style: italic;\">(Ms. H&#7841;nh &ndash; Gi&aacute;m &#272;&#7889;c Kinh Doanh)<\/span><\/p>\n<p style=\"margin: 0;\">&#9993;&#65039; <strong style=\"color: #1e293b;\">Email:<\/strong> <a style=\"color: #059669; text-decoration: none; font-weight: bold;\" href=\"mailto:hienhanh@vannangvn.com\">hienhanh@vannangvn.com<\/a><\/p>\n<\/div><\/h1>","protected":false},"excerpt":{"rendered":"<p><strong>Th&#432;&#417;ng hi&#7879;u:<\/strong> H&atilde;ng s&#7843;n xu&#7845;t: Q&amp;Q .<br>\n<strong>Model:<\/strong> HS43<p>Product <strong>D&#7908;NG C&#7908; GHI TH&#7900;I GIAN Q&amp;Q MODEL HS43<\/strong> ch&iacute;nh h&atilde;ng. H&atilde;ng s&#7843;n xu&#7845;t: Q&amp;Q (Thu&#7897;c t&#7853;p &#273;o&agrave;n Citizen Nh&#7853;t B&#7843;n).<br>\nD&#7909;ng c&#7909; &#273;o th&#7901;i gian HS43 ch&iacute;nh x&aacute;c v&agrave; b&#7873;n b&#7881; tuy&#7879;t &#273;&#7889;i v&#7899;i &#7913;ng d&#7909;ng &#273;a n&#259;ng, ho&agrave;n h&#7843;o cho t&#7853;p luy&#7879;n th&#7875; thao, gi&aacute;m s&aacute;t quy tr&igrave;nh s&#7843;n xu&#7845;t, ph&ograve;ng th&iacute; nghi&#7879;m&hellip;<\/p><\/p>","protected":false},"featured_media":9532,"comment_status":"open","ping_status":"closed","template":"","meta":[],"product_brand":[],"product_cat":[18],"product_tag":[107,116,371,958,959,960,961,962],"class_list":{"0":"post-6248","1":"product","2":"type-product","3":"status-publish","4":"has-post-thumbnail","6":"product_cat-chua-phan-loai","7":"product_tag-dung","8":"product_tag-model","9":"product_tag-cu","10":"product_tag-ghi","11":"product_tag-thoi","12":"product_tag-gian","13":"product_tag-qq","14":"product_tag-hs43","16":"first","17":"instock","18":"shipping-taxable","19":"product-type-simple"},"yoast_head":"<!-- This site is optimized with the Yoast SEO Premium plugin v24.8 (Yoast SEO v24.8) - https:\/\/yoast.com\/wordpress\/plugins\/seo\/ -->\n<title>D\u1ee4NG C\u1ee4 GHI TH\u1edcI GIAN Q&amp;Q MODEL HS43 ch\u00ednh h\u00e3ng | V\u1ea1n N\u0103ng<\/title>\n<meta name=\"description\" content=\"Mua ngay D\u1ee4NG C\u1ee4 GHI TH\u1edcI GIAN Q&amp;Q MODEL HS43 ch\u00ednh h\u00e3ng. D\u1ee5ng c\u1ee5 \u0111o th\u1eddi gian HS43 ch\u00ednh x\u00e1c v\u00e0 b\u1ec1n b\u1ec9 tuy\u1ec7t \u0111\u1ed1i v\u1edbi \u1ee9ng d\u1ee5ng \u0111a... Gi\u00e1 t\u1ed1t!\" \/>\n<meta name=\"robots\" content=\"noindex, follow, max-snippet:-1, max-image-preview:large, max-video-preview:-1\" \/>\n<meta property=\"og:locale\" content=\"en_US\" \/>\n<meta property=\"og:type\" content=\"article\" \/>\n<meta property=\"og:title\" content=\"D\u1ee4NG C\u1ee4 GHI TH\u1edcI GIAN Q&amp;Q MODEL HS43\" \/>\n<meta property=\"og:description\" content=\"Mua ngay D\u1ee4NG C\u1ee4 GHI TH\u1edcI GIAN Q&amp;Q MODEL HS43 ch\u00ednh h\u00e3ng. D\u1ee5ng c\u1ee5 \u0111o th\u1eddi gian HS43 ch\u00ednh x\u00e1c v\u00e0 b\u1ec1n b\u1ec9 tuy\u1ec7t \u0111\u1ed1i v\u1edbi \u1ee9ng d\u1ee5ng \u0111a... Gi\u00e1 t\u1ed1t!\" \/>\n<meta property=\"og:url\" content=\"https:\/\/vannangvn.123websitedev.com\/en\/product\/dung-cu-ghi-thoi-gian-qq-model-hs43\/\" \/>\n<meta property=\"og:site_name\" content=\"Vannang.vn\" \/>\n<meta property=\"article:modified_time\" content=\"2026-03-30T11:15:53+00:00\" \/>\n<meta property=\"og:image\" content=\"http:\/\/vannangvn.123websitedev.com\/wp-content\/uploads\/2026\/03\/Dung-cu-ghi-thoi-gian-HS43-QQ.jpg-768x576-copy.jpg\" \/>\n\t<meta property=\"og:image:width\" content=\"768\" \/>\n\t<meta property=\"og:image:height\" content=\"576\" \/>\n\t<meta property=\"og:image:type\" content=\"image\/jpeg\" \/>\n<meta name=\"twitter:card\" content=\"summary_large_image\" \/>\n<meta name=\"twitter:label1\" content=\"Est. reading time\" \/>\n\t<meta name=\"twitter:data1\" content=\"6 minutes\" \/>\n<script type=\"application\/ld+json\" class=\"yoast-schema-graph\">{\"@context\":\"https:\/\/schema.org\",\"@graph\":[{\"@type\":\"WebPage\",\"@id\":\"https:\/\/vannangvn.123websitedev.com\/san-pham\/dung-cu-ghi-thoi-gian-qq-model-hs43\/\",\"url\":\"https:\/\/vannangvn.123websitedev.com\/san-pham\/dung-cu-ghi-thoi-gian-qq-model-hs43\/\",\"name\":\"D\u1ee4NG C\u1ee4 GHI TH\u1edcI GIAN Q&amp;Q MODEL HS43 ch\u00ednh h\u00e3ng | V\u1ea1n N\u0103ng\",\"isPartOf\":{\"@id\":\"https:\/\/vannangvn.123websitedev.com\/#website\"},\"primaryImageOfPage\":{\"@id\":\"https:\/\/vannangvn.123websitedev.com\/san-pham\/dung-cu-ghi-thoi-gian-qq-model-hs43\/#primaryimage\"},\"image\":{\"@id\":\"https:\/\/vannangvn.123websitedev.com\/san-pham\/dung-cu-ghi-thoi-gian-qq-model-hs43\/#primaryimage\"},\"thumbnailUrl\":\"https:\/\/vannangvn.123websitedev.com\/wp-content\/uploads\/2026\/03\/Dung-cu-ghi-thoi-gian-HS43-QQ.jpg-768x576-copy.jpg\",\"datePublished\":\"2026-03-20T10:25:15+00:00\",\"dateModified\":\"2026-03-30T11:15:53+00:00\",\"description\":\"Mua ngay D\u1ee4NG C\u1ee4 GHI TH\u1edcI GIAN Q&amp;Q MODEL HS43 ch\u00ednh h\u00e3ng. D\u1ee5ng c\u1ee5 \u0111o th\u1eddi gian HS43 ch\u00ednh x\u00e1c v\u00e0 b\u1ec1n b\u1ec9 tuy\u1ec7t \u0111\u1ed1i v\u1edbi \u1ee9ng d\u1ee5ng \u0111a... Gi\u00e1 t\u1ed1t!\",\"breadcrumb\":{\"@id\":\"https:\/\/vannangvn.123websitedev.com\/san-pham\/dung-cu-ghi-thoi-gian-qq-model-hs43\/#breadcrumb\"},\"inLanguage\":\"en-US\",\"potentialAction\":[{\"@type\":\"ReadAction\",\"target\":[\"https:\/\/vannangvn.123websitedev.com\/san-pham\/dung-cu-ghi-thoi-gian-qq-model-hs43\/\"]}]},{\"@type\":\"ImageObject\",\"inLanguage\":\"en-US\",\"@id\":\"https:\/\/vannangvn.123websitedev.com\/san-pham\/dung-cu-ghi-thoi-gian-qq-model-hs43\/#primaryimage\",\"url\":\"https:\/\/vannangvn.123websitedev.com\/wp-content\/uploads\/2026\/03\/Dung-cu-ghi-thoi-gian-HS43-QQ.jpg-768x576-copy.jpg\",\"contentUrl\":\"https:\/\/vannangvn.123websitedev.com\/wp-content\/uploads\/2026\/03\/Dung-cu-ghi-thoi-gian-HS43-QQ.jpg-768x576-copy.jpg\",\"width\":768,\"height\":576},{\"@type\":\"BreadcrumbList\",\"@id\":\"https:\/\/vannangvn.123websitedev.com\/san-pham\/dung-cu-ghi-thoi-gian-qq-model-hs43\/#breadcrumb\",\"itemListElement\":[{\"@type\":\"ListItem\",\"position\":1,\"name\":\"Trang ch\u1ee7\",\"item\":\"https:\/\/vannangvn.123websitedev.com\/\"},{\"@type\":\"ListItem\",\"position\":2,\"name\":\"S\u1ea3n ph\u1ea9m\",\"item\":\"https:\/\/vannangvn.123websitedev.com\/cua-hang\/\"},{\"@type\":\"ListItem\",\"position\":3,\"name\":\"D\u1ee4NG C\u1ee4 GHI TH\u1edcI GIAN Q&#038;Q MODEL HS43\"}]},{\"@type\":\"WebSite\",\"@id\":\"https:\/\/vannangvn.123websitedev.com\/#website\",\"url\":\"https:\/\/vannangvn.123websitedev.com\/\",\"name\":\"Vannang.vn\",\"description\":\"\",\"publisher\":{\"@id\":\"https:\/\/vannangvn.123websitedev.com\/#organization\"},\"potentialAction\":[{\"@type\":\"SearchAction\",\"target\":{\"@type\":\"EntryPoint\",\"urlTemplate\":\"https:\/\/vannangvn.123websitedev.com\/?s={search_term_string}\"},\"query-input\":{\"@type\":\"PropertyValueSpecification\",\"valueRequired\":true,\"valueName\":\"search_term_string\"}}],\"inLanguage\":\"en-US\"},{\"@type\":\"Organization\",\"@id\":\"https:\/\/vannangvn.123websitedev.com\/#organization\",\"name\":\"Vannang.vn\",\"url\":\"https:\/\/vannangvn.123websitedev.com\/\",\"logo\":{\"@type\":\"ImageObject\",\"inLanguage\":\"en-US\",\"@id\":\"https:\/\/vannangvn.123websitedev.com\/#\/schema\/logo\/image\/\",\"url\":\"https:\/\/vannangvn.123websitedev.com\/wp-content\/uploads\/2026\/02\/logo-van-nang-02.png\",\"contentUrl\":\"https:\/\/vannangvn.123websitedev.com\/wp-content\/uploads\/2026\/02\/logo-van-nang-02.png\",\"width\":448,\"height\":111,\"caption\":\"Vannang.vn\"},\"image\":{\"@id\":\"https:\/\/vannangvn.123websitedev.com\/#\/schema\/logo\/image\/\"}}]}<\/script>\n<!-- \/ Yoast SEO Premium plugin. -->","yoast_head_json":{"title":"D\u1ee4NG C\u1ee4 GHI TH\u1edcI GIAN Q&amp;Q MODEL HS43 ch\u00ednh h\u00e3ng | V\u1ea1n N\u0103ng","description":"Mua ngay D\u1ee4NG C\u1ee4 GHI TH\u1edcI GIAN Q&amp;Q MODEL HS43 ch\u00ednh h\u00e3ng. D\u1ee5ng c\u1ee5 \u0111o th\u1eddi gian HS43 ch\u00ednh x\u00e1c v\u00e0 b\u1ec1n b\u1ec9 tuy\u1ec7t \u0111\u1ed1i v\u1edbi \u1ee9ng d\u1ee5ng \u0111a... Gi\u00e1 t\u1ed1t!","robots":{"index":"noindex","follow":"follow","max-snippet":"max-snippet:-1","max-image-preview":"max-image-preview:large","max-video-preview":"max-video-preview:-1"},"og_locale":"en_US","og_type":"article","og_title":"D\u1ee4NG C\u1ee4 GHI TH\u1edcI GIAN Q&Q MODEL HS43","og_description":"Mua ngay D\u1ee4NG C\u1ee4 GHI TH\u1edcI GIAN Q&amp;Q MODEL HS43 ch\u00ednh h\u00e3ng. D\u1ee5ng c\u1ee5 \u0111o th\u1eddi gian HS43 ch\u00ednh x\u00e1c v\u00e0 b\u1ec1n b\u1ec9 tuy\u1ec7t \u0111\u1ed1i v\u1edbi \u1ee9ng d\u1ee5ng \u0111a... Gi\u00e1 t\u1ed1t!","og_url":"https:\/\/vannangvn.123websitedev.com\/en\/product\/dung-cu-ghi-thoi-gian-qq-model-hs43\/","og_site_name":"Vannang.vn","article_modified_time":"2026-03-30T11:15:53+00:00","og_image":[{"width":768,"height":576,"url":"http:\/\/vannangvn.123websitedev.com\/wp-content\/uploads\/2026\/03\/Dung-cu-ghi-thoi-gian-HS43-QQ.jpg-768x576-copy.jpg","type":"image\/jpeg"}],"twitter_card":"summary_large_image","twitter_misc":{"Est. reading time":"6 minutes"},"schema":{"@context":"https:\/\/schema.org","@graph":[{"@type":"WebPage","@id":"https:\/\/vannangvn.123websitedev.com\/san-pham\/dung-cu-ghi-thoi-gian-qq-model-hs43\/","url":"https:\/\/vannangvn.123websitedev.com\/san-pham\/dung-cu-ghi-thoi-gian-qq-model-hs43\/","name":"D\u1ee4NG C\u1ee4 GHI TH\u1edcI GIAN Q&amp;Q MODEL HS43 ch\u00ednh h\u00e3ng | V\u1ea1n N\u0103ng","isPartOf":{"@id":"https:\/\/vannangvn.123websitedev.com\/#website"},"primaryImageOfPage":{"@id":"https:\/\/vannangvn.123websitedev.com\/san-pham\/dung-cu-ghi-thoi-gian-qq-model-hs43\/#primaryimage"},"image":{"@id":"https:\/\/vannangvn.123websitedev.com\/san-pham\/dung-cu-ghi-thoi-gian-qq-model-hs43\/#primaryimage"},"thumbnailUrl":"https:\/\/vannangvn.123websitedev.com\/wp-content\/uploads\/2026\/03\/Dung-cu-ghi-thoi-gian-HS43-QQ.jpg-768x576-copy.jpg","datePublished":"2026-03-20T10:25:15+00:00","dateModified":"2026-03-30T11:15:53+00:00","description":"Mua ngay D\u1ee4NG C\u1ee4 GHI TH\u1edcI GIAN Q&amp;Q MODEL HS43 ch\u00ednh h\u00e3ng. D\u1ee5ng c\u1ee5 \u0111o th\u1eddi gian HS43 ch\u00ednh x\u00e1c v\u00e0 b\u1ec1n b\u1ec9 tuy\u1ec7t \u0111\u1ed1i v\u1edbi \u1ee9ng d\u1ee5ng \u0111a... Gi\u00e1 t\u1ed1t!","breadcrumb":{"@id":"https:\/\/vannangvn.123websitedev.com\/san-pham\/dung-cu-ghi-thoi-gian-qq-model-hs43\/#breadcrumb"},"inLanguage":"en-US","potentialAction":[{"@type":"ReadAction","target":["https:\/\/vannangvn.123websitedev.com\/san-pham\/dung-cu-ghi-thoi-gian-qq-model-hs43\/"]}]},{"@type":"ImageObject","inLanguage":"en-US","@id":"https:\/\/vannangvn.123websitedev.com\/san-pham\/dung-cu-ghi-thoi-gian-qq-model-hs43\/#primaryimage","url":"https:\/\/vannangvn.123websitedev.com\/wp-content\/uploads\/2026\/03\/Dung-cu-ghi-thoi-gian-HS43-QQ.jpg-768x576-copy.jpg","contentUrl":"https:\/\/vannangvn.123websitedev.com\/wp-content\/uploads\/2026\/03\/Dung-cu-ghi-thoi-gian-HS43-QQ.jpg-768x576-copy.jpg","width":768,"height":576},{"@type":"BreadcrumbList","@id":"https:\/\/vannangvn.123websitedev.com\/san-pham\/dung-cu-ghi-thoi-gian-qq-model-hs43\/#breadcrumb","itemListElement":[{"@type":"ListItem","position":1,"name":"Trang ch\u1ee7","item":"https:\/\/vannangvn.123websitedev.com\/"},{"@type":"ListItem","position":2,"name":"S\u1ea3n ph\u1ea9m","item":"https:\/\/vannangvn.123websitedev.com\/cua-hang\/"},{"@type":"ListItem","position":3,"name":"D\u1ee4NG C\u1ee4 GHI TH\u1edcI GIAN Q&#038;Q MODEL HS43"}]},{"@type":"WebSite","@id":"https:\/\/vannangvn.123websitedev.com\/#website","url":"https:\/\/vannangvn.123websitedev.com\/","name":"Vannang.vn","description":"","publisher":{"@id":"https:\/\/vannangvn.123websitedev.com\/#organization"},"potentialAction":[{"@type":"SearchAction","target":{"@type":"EntryPoint","urlTemplate":"https:\/\/vannangvn.123websitedev.com\/?s={search_term_string}"},"query-input":{"@type":"PropertyValueSpecification","valueRequired":true,"valueName":"search_term_string"}}],"inLanguage":"en-US"},{"@type":"Organization","@id":"https:\/\/vannangvn.123websitedev.com\/#organization","name":"Vannang.vn","url":"https:\/\/vannangvn.123websitedev.com\/","logo":{"@type":"ImageObject","inLanguage":"en-US","@id":"https:\/\/vannangvn.123websitedev.com\/#\/schema\/logo\/image\/","url":"https:\/\/vannangvn.123websitedev.com\/wp-content\/uploads\/2026\/02\/logo-van-nang-02.png","contentUrl":"https:\/\/vannangvn.123websitedev.com\/wp-content\/uploads\/2026\/02\/logo-van-nang-02.png","width":448,"height":111,"caption":"Vannang.vn"},"image":{"@id":"https:\/\/vannangvn.123websitedev.com\/#\/schema\/logo\/image\/"}}]}},"_links":{"self":[{"href":"https:\/\/vannangvn.123websitedev.com\/en\/wp-json\/wp\/v2\/product\/6248","targetHints":{"allow":["GET"]}}],"collection":[{"href":"https:\/\/vannangvn.123websitedev.com\/en\/wp-json\/wp\/v2\/product"}],"about":[{"href":"https:\/\/vannangvn.123websitedev.com\/en\/wp-json\/wp\/v2\/types\/product"}],"replies":[{"embeddable":true,"href":"https:\/\/vannangvn.123websitedev.com\/en\/wp-json\/wp\/v2\/comments?post=6248"}],"wp:featuredmedia":[{"embeddable":true,"href":"https:\/\/vannangvn.123websitedev.com\/en\/wp-json\/wp\/v2\/media\/9532"}],"wp:attachment":[{"href":"https:\/\/vannangvn.123websitedev.com\/en\/wp-json\/wp\/v2\/media?parent=6248"}],"wp:term":[{"taxonomy":"product_brand","embeddable":true,"href":"https:\/\/vannangvn.123websitedev.com\/en\/wp-json\/wp\/v2\/product_brand?post=6248"},{"taxonomy":"product_cat","embeddable":true,"href":"https:\/\/vannangvn.123websitedev.com\/en\/wp-json\/wp\/v2\/product_cat?post=6248"},{"taxonomy":"product_tag","embeddable":true,"href":"https:\/\/vannangvn.123websitedev.com\/en\/wp-json\/wp\/v2\/product_tag?post=6248"}],"curies":[{"name":"wp","href":"https:\/\/api.w.org\/{rel}","templated":true}]}}