{"id":6249,"date":"2026-03-20T17:25:16","date_gmt":"2026-03-20T10:25:16","guid":{"rendered":"https:\/\/vannangvn.123websitedev.com\/san-pham\/dung-cu-huong-dau-do-chinh-xac-phynix-model-10026\/"},"modified":"2026-03-30T18:15:53","modified_gmt":"2026-03-30T11:15:53","slug":"dung-cu-huong-dau-do-chinh-xac-phynix-model-10026","status":"publish","type":"product","link":"https:\/\/vannangvn.123websitedev.com\/en\/product\/dung-cu-huong-dau-do-chinh-xac-phynix-model-10026\/","title":{"rendered":"D\u1ee4NG C\u1ee4 H\u01af\u1edaNG \u0110\u1ea6U D\u00d2 CH\u00cdNH X\u00c1C PHYNIX MODEL 10026"},"content":{"rendered":"<h1 style=\"color: red; font-weight: bold; font-size: 24px;\">T&#7893;ng quan s&#7843;n ph&#7849;m D&#7908;NG C&#7908; H&#431;&#7898;NG &#272;&#7846;U D&Ograve; CH&Iacute;NH X&Aacute;C PHYNIX MODEL 10026<p>D&#7909;ng C&#7909; H&#432;&#7899;ng &#272;&#7847;u D&ograve; Ch&iacute;nh X&aacute;c (Precision Probe Guide) Phynix Model 10026<br>\nD&#7909;ng C&#7909; H&#432;&#7899;ng &#272;&#7847;u D&ograve; Ch&iacute;nh X&aacute;c Phynix 10026 l&agrave; ph&#7909; ki&#7879;n chuy&ecirc;n d&#7909;ng h&#7895; tr&#7907; &#273;o &#273;&#7897; d&agrave;y l&#7899;p ph&#7911; tr&ecirc;n c&aacute;c chi ti&#7871;t nh&#7887; nh&#432; &#7889;c v&iacute;t, long &#273;&#7873;n, &#273;ai &#7889;c&hellip; V&#7899;i thi&#7871;t k&#7871; &#273;&ograve;n b&#7849;y linh ho&#7841;t v&agrave; khung kim lo&#7841;i nguy&ecirc;n kh&#7889;i, s&#7843;n ph&#7849;m &#273;&#7843;m b&#7843;o kh&#7843; n&#259;ng c&#7889; &#273;&#7883;nh &#273;&#7847;u d&ograve; v&agrave; ki&#7875;m so&aacute;t l&#7921;c &eacute;p m&#7897;t c&aacute;ch ch&iacute;nh x&aacute;c. Thi&#7871;t b&#7883; l&agrave; l&#7921;a ch&#7885;n l&yacute; t&#432;&#7903;ng cho ph&ograve;ng th&iacute; nghi&#7879;m, d&acirc;y chuy&#7873;n ki&#7875;m tra ch&#7845;t l&#432;&#7907;ng, ho&#7863;c c&aacute;c c&ocirc;ng vi&#7879;c &#273;o ki&#7875;m &#273;&ograve;i h&#7887;i &#273;&#7897; ch&iacute;nh x&aacute;c cao. H&atilde;y c&ugrave;ng V&#7841;n N&#259;ng t&igrave;m hi&#7875;u chi ti&#7871;t v&#7873; s&#7843;n ph&#7849;m th&ocirc;ng qua b&agrave;i vi&#7871;t d&#432;&#7899;i &#273;&acirc;y nh&eacute;!<\/p><p>Xem th&ecirc;m: M&aacute;y Ki&#7875;m Tra V&#7871;t X&#432;&#7899;c Revetest (Revetest Scratch Tester) Anton Paar RST 100<\/p><p>N&eacute;t &#272;&#7863;c Tr&#432;ng C&#7911;a Phynix Model 10026<br>\nThi&#7871;t k&#7871; kim lo&#7841;i nguy&ecirc;n kh&#7889;i<br>\nD&#7909;ng C&#7909; D&#7851;n H&#432;&#7899;ng &#272;&#7847;u D&ograve; Model 10026 &#273;&#432;&#7907;c ch&#7871; t&#7841;o ho&agrave;n to&agrave;n b&#7857;ng h&#7907;p kim nh&ocirc;m anodized, mang l&#7841;i &#273;&#7897; b&#7873;n cao, ch&#7889;ng &#259;n m&ograve;n v&agrave; &#7893;n &#273;&#7883;nh khi s&#7917; d&#7909;ng l&acirc;u d&agrave;i. C&#7845;u tr&uacute;c ch&#7855;c ch&#7855;n gi&uacute;p thi&#7871;t b&#7883; duy tr&igrave; &#273;&#7897; ch&iacute;nh x&aacute;c trong nhi&#7873;u m&ocirc;i tr&#432;&#7901;ng l&agrave;m vi&#7879;c kh&aacute;c nhau.<\/p><h2 style=\"color: #0073aa; font-weight: bold; font-size: 20px;\">H&#7895; tr&#7907; &#273;o m&#7851;u chi ti&#7871;t nh&#7887;<\/h2><p>V&#7899;i &#273;&#432;&#7901;ng k&iacute;nh l&#7895; d&#7851;n h&#432;&#7899;ng 14 mm, b&#7897; h&#432;&#7899;ng d&#7851;n &#273;&#7847;u d&ograve; ch&iacute;nh x&aacute;c ph&ugrave; h&#7907;p &#273;&#7875; c&#7889; &#273;&#7883;nh c&aacute;c lo&#7841;i &#273;&#7847;u d&ograve; chu&#7849;n trong qu&aacute; tr&igrave;nh &#273;o l&#7899;p ph&#7911; tr&ecirc;n c&aacute;c b&#7897; ph&#7853;n nh&#7887; nh&#432; &#273;&#7847;u bu-l&ocirc;ng, long &#273;&#7873;n, &#273;inh t&aacute;n&hellip; &#273;&#7843;m b&#7843;o &#273;&#7847;u d&ograve; lu&ocirc;n ti&#7871;p x&uacute;c &#273;&uacute;ng v&#7883; tr&iacute; trung t&acirc;m.<br>\nB&agrave;n &#273;o nh&ocirc;m &#273;&aacute;nh b&oacute;ng tinh x&#7843;o<br>\nB&#7879; &#272;&#7905; &#272;&#7847;u D&ograve; Phynix trang b&#7883; m&#7863;t b&agrave;n nh&ocirc;m k&iacute;ch th&#432;&#7899;c 120 x 160 mm &#273;&#432;&#7907;c &#273;&aacute;nh b&oacute;ng m&#7883;n, gi&uacute;p gi&#7919; ch&#7855;c m&#7851;u &#273;o m&agrave; kh&ocirc;ng l&agrave;m tr&#7847;y x&#432;&#7899;c b&#7873; m&#7863;t. B&agrave;n &#273;o n&agrave;y c&ograve;n c&oacute; th&#7875; c&#7889; &#273;&#7883;nh b&#7857;ng k&#7865;p xu&#7889;ng m&#7863;t b&agrave;n, t&#259;ng &#273;&#7897; &#7893;n &#273;&#7883;nh khi thao t&aacute;c.<br>\nTay g&#7841;t &#273;i&#7873;u ch&#7881;nh linh ho&#7841;t<br>\nC&#7847;n G&#7841;t &#272;i&#7873;u Khi&#7875;n &#272;&#7847;u D&ograve; Phynix 10026 c&oacute; th&#7875; &#273;i&#7873;u ch&#7881;nh g&oacute;c nghi&ecirc;ng linh ho&#7841;t nh&#7901; c&#417; ch&#7871; k&eacute;o&ndash;xoay&ndash;kh&oacute;a, gi&uacute;p ng&#432;&#7901;i d&ugrave;ng d&#7877; d&agrave;ng &#273;&#7863;t &#273;&#7847;u d&ograve; &#273;&uacute;ng v&#7883; tr&iacute; v&agrave; &eacute;p nh&#7865; l&ecirc;n b&#7873; m&#7863;t m&#7851;u &#273;o m&agrave; kh&ocirc;ng g&acirc;y &#7843;nh h&#432;&#7903;ng &#273;&#7871;n k&#7871;t qu&#7843;.<br>\nG&#7855;n &#273;&#7891;ng h&#7891; &#273;o d&#7877; d&agrave;ng<br>\nPh&#7847;n tr&#7909; &#273;&#7913;ng b&#7857;ng th&eacute;p kh&ocirc;ng g&#7881; cho ph&eacute;p g&#7855;n c&aacute;c d&ograve;ng thi&#7871;t b&#7883; Surfix&reg; Coating Thickness Gauge b&#7857;ng gi&aacute; &#273;&#7905; t&#432;&#417;ng th&iacute;ch. Nh&#7901; &#273;&oacute;, ng&#432;&#7901;i d&ugrave;ng c&oacute; th&#7875; &#273;&#7885;c k&#7871;t qu&#7843; tr&#7921;c ti&#7871;p m&agrave; kh&ocirc;ng c&#7847;n di chuy&#7875;n m&#7855;t kh&#7887;i v&#7883; tr&iacute; thao t&aacute;c.<\/p><p>Xem th&ecirc;m: T&#7911; Th&#7917; Nghi&#7879;m &#258;n M&ograve;n (Corrosion Test Chamber) CME Model SF-450-CCT<\/p><p>&#431;u &#272;i&#7875;m V&#432;&#7907;t Tr&#7897;i C&#7911;a Thi&#7871;t B&#7883;<br>\n&#272;&#7843;m b&#7843;o &#273;&#7897; th&#7859;ng &#273;&#7913;ng tuy&#7879;t &#273;&#7889;i<br>\nD&#7909;ng C&#7909; H&#432;&#7899;ng &#272;&#7847;u D&ograve; Phynix Model 10026 gi&uacute;p ki&#7875;m so&aacute;t v&#7883; tr&iacute; &#273;&#7847;u d&ograve; theo ph&#432;&#417;ng th&#7859;ng &#273;&#7913;ng tuy&#7879;t &#273;&#7889;i, lo&#7841;i b&#7887; sai s&#7889; do rung tay ho&#7863;c &#273;&#7863;t l&#7879;ch. K&#7871;t qu&#7843; l&agrave; ph&eacute;p &#273;o l&#7899;p ph&#7911; tr&#7903; n&ecirc;n ch&iacute;nh x&aacute;c v&agrave; l&#7863;p l&#7841;i &#273;&#432;&#7907;c.<br>\nKi&#7875;m so&aacute;t &aacute;p l&#7921;c &#273;o &#7893;n &#273;&#7883;nh<br>\nV&#7899;i kho&#7843;ng n&acirc;ng t&#7889;i &#273;a 12 mm, Thi&#7871;t B&#7883; D&#7851;n H&#432;&#7899;ng &#272;&#7847;u D&ograve; Model 10026 cho ph&eacute;p ng&#432;&#7901;i d&ugrave;ng &#273;i&#7873;u khi&#7875;n l&#7921;c ti&#7871;p x&uacute;c c&#7911;a &#273;&#7847;u d&ograve; l&ecirc;n b&#7873; m&#7863;t m&#7851;u &#273;o m&#7897;t c&aacute;ch &#273;&#7873;u &#273;&#7863;n. &#272;&acirc;y l&agrave; y&#7871;u t&#7889; quan tr&#7885;ng trong c&aacute;c ph&eacute;p &#273;o vi l&#7899;p ho&#7863;c v&#7853;t li&#7879;u m&#7887;ng.<br>\nT&#259;ng hi&#7879;u su&#7845;t &#273;o l&#432;&#7901;ng<br>\nVi&#7879;c c&#7889; &#273;&#7883;nh &#273;&#7847;u d&ograve; v&agrave; m&#7851;u &#273;o v&agrave;o v&#7883; tr&iacute; ti&ecirc;u chu&#7849;n gi&uacute;p gi&#7843;m th&#7901;i gian c&#259;n ch&#7881;nh, &#273;&#7891;ng th&#7901;i &#273;&#7843;m b&#7843;o k&#7871;t qu&#7843; &#273;o c&oacute; &#273;&#7897; l&#7863;p l&#7841;i cao h&#417;n. ch&acirc;n &#273;&#7871; d&#7851;n h&#432;&#7899;ng &#273;&#7847;u d&ograve; ch&iacute;nh x&aacute;c g&oacute;p ph&#7847;n t&#259;ng n&#259;ng su&#7845;t v&agrave; &#273;&#7897; tin c&#7853;y trong qu&aacute; tr&igrave;nh ki&#7875;m tra h&agrave;ng lo&#7841;t.<br>\nD&#7877; v&#7853;n h&agrave;nh, ph&ugrave; h&#7907;p nhi&#7873;u &#273;&#7889;i t&#432;&#7907;ng<br>\nC&#417; ch&#7871; &#273;i&#7873;u khi&#7875;n &#273;&ograve;n b&#7849;y th&acirc;n thi&#7879;n v&#7899;i ng&#432;&#7901;i d&ugrave;ng gi&uacute;p k&#7929; thu&#7853;t vi&ecirc;n, nh&acirc;n vi&ecirc;n QC ho&#7863;c ph&ograve;ng lab d&#7877; d&agrave;ng thao t&aacute;c, k&#7875; c&#7843; khi ch&#432;a c&oacute; nhi&#7873;u kinh nghi&#7879;m s&#7917; d&#7909;ng c&aacute;c thi&#7871;t b&#7883; &#273;o ch&iacute;nh x&aacute;c.<br>\nPh&ugrave; h&#7907;p v&#7899;i nhi&#7873;u m&ocirc;i tr&#432;&#7901;ng l&agrave;m vi&#7879;c<br>\nNh&#7901; v&agrave;o tr&#7885;ng l&#432;&#7907;ng 2.4 kg v&agrave; ch&acirc;n &#273;&#7871; r&#7897;ng, Thi&#7871;t B&#7883; G&#7855;n &#272;&#7847;u D&ograve; Phynix 10026 ho&#7841;t &#273;&#7897;ng &#7893;n &#273;&#7883;nh tr&ecirc;n nhi&#7873;u m&#7863;t b&agrave;n ho&#7863;c h&#7879; th&#7889;ng ki&#7875;m tra. Thi&#7871;t b&#7883; th&iacute;ch h&#7907;p d&ugrave;ng trong ph&ograve;ng th&iacute; nghi&#7879;m, x&#432;&#7903;ng s&#7843;n xu&#7845;t ho&#7863;c khu v&#7921;c ki&#7875;m tra ngo&agrave;i hi&#7879;n tr&#432;&#7901;ng.<\/p><p>Xem th&ecirc;m: M&aacute;y &#272;o &#272;&#7897; D&agrave;y M&agrave;ng Kh&ocirc; (Precise Dry Film Thickness Gauge) Biuged Model BGD 547<\/p><p>&#7912;ng D&#7909;ng Trong Ng&agrave;nh C&ocirc;ng Nghi&#7879;p<br>\nD&#7909;ng C&#7909; H&#432;&#7899;ng &#272;&#7847;u D&ograve; Ch&iacute;nh X&aacute;c Model 10026 l&agrave; gi&#7843;i ph&aacute;p l&yacute; t&#432;&#7903;ng cho c&aacute;c &#7913;ng d&#7909;ng c&#7847;n &#273;&#7897; ch&iacute;nh x&aacute;c cao trong &#273;o &#273;&#7897; d&agrave;y l&#7899;p ph&#7911; tr&ecirc;n chi ti&#7871;t nh&#7887;. Thi&#7871;t b&#7883; h&#7895; tr&#7907; hi&#7879;u qu&#7843; cho c&#7843; s&#7843;n xu&#7845;t h&agrave;ng lo&#7841;t l&#7851;n ki&#7875;m tra m&#7851;u &#273;&#417;n.<br>\nC&aacute;c ng&agrave;nh &#7913;ng d&#7909;ng ti&ecirc;u bi&#7875;u g&#7891;m:<\/p><p>Ng&agrave;nh c&ocirc;ng nghi&#7879;p c&#417; kh&iacute; ch&iacute;nh x&aacute;c<br>\nS&#7843;n xu&#7845;t linh ki&#7879;n &ocirc; t&ocirc; &ndash; xe m&aacute;y<br>\nC&ocirc;ng nghi&#7879;p h&agrave;ng kh&ocirc;ng v&agrave; qu&#7889;c ph&ograve;ng<br>\nC&ocirc;ng ngh&#7879; xi m&#7841; &ndash; s&#417;n ph&#7911;<br>\nNh&agrave; m&aacute;y &#273;i&#7879;n t&#7917; &ndash; b&aacute;n d&#7851;n<br>\nPh&ograve;ng ki&#7875;m tra ch&#7845;t l&#432;&#7907;ng s&#7843;n ph&#7849;m<\/p><p>Nh&#7919;ng L&yacute; Do N&ecirc;n Mua D&#7909;ng C&#7909; H&#432;&#7899;ng &#272;&#7847;u D&ograve; T&#7841;i V&#7841;n N&#259;ng<\/p><p>C&ocirc;ng ty Thi&#7871;t B&#7883; C&ocirc;ng Ngh&#7879; V&#7841;n N&#259;ng l&agrave; &#273;&#7889;i t&aacute;c ch&iacute;nh th&#7913;c ph&acirc;n ph&#7889;i D&#7909;ng C&#7909; H&#432;&#7899;ng &#272;&#7847;u D&ograve; h&agrave;ng &#273;&#7847;u t&#7841;i Vi&#7879;t Nam, cam k&#7871;t cung c&#7845;p s&#7843;n ph&#7849;m ch&iacute;nh h&atilde;ng v&#7899;i gi&aacute; c&#7843; c&#7841;nh tranh nh&#7845;t th&#7883; tr&#432;&#7901;ng. V&#7899;i uy t&iacute;n tr&ecirc;n th&#7883; tr&#432;&#7901;ng v&agrave; ch&#7871; &#273;&#7897; h&#7851;u m&atilde;i t&#7889;t, Thi&#7871;t B&#7883; C&ocirc;ng Ngh&#7879; V&#7841;n N&#259;ng &#273;&atilde; nh&#7853;n &#273;&#432;&#7907;c s&#7921; tin t&#432;&#7903;ng t&#7915; kh&aacute;ch h&agrave;ng nh&#7901; v&agrave;o ch&#7845;t l&#432;&#7907;ng h&agrave;ng &#273;&#7847;u c&#7911;a c&aacute;c d&ograve;ng s&#7843;n ph&#7849;m.<br>\nS&#7843;n ph&#7849;m c&#7911;a ch&uacute;ng t&ocirc;i &#273;&#432;&#7907;c ki&#7875;m &#273;&#7883;nh ch&#7845;t l&#432;&#7907;ng, nh&#7853;p kh&#7849;u tr&#7921;c ti&#7871;p t&#7915; nh&agrave; m&aacute;y b&ecirc;n Ch&acirc;u &Acirc;u, M&#7929;, &Uacute;c, Nh&#7853;t B&#7843;n,&hellip; v&agrave; &#273;&aacute;p &#7913;ng nhu c&#7847;u &#273;a d&#7841;ng c&#7911;a th&#7883; tr&#432;&#7901;ng nh&#432;: M&aacute;y &#272;o &#272;&#7897; C&#7913;ng, &#272;&#7847;u D&ograve; Nhi&#7879;t &#272;&#7897;, M&aacute;y Ki&#7875;m Tra &#272;&#432;&#7901;ng Gh&eacute;p M&iacute; Lon,&hellip; Ch&uacute;ng t&ocirc;i cam k&#7871;t cung c&#7845;p s&#7843;n ph&#7849;m n&agrave;y tr&ecirc;n to&agrave;n qu&#7889;c v&#7899;i gi&aacute; c&#7843; c&#7841;nh tranh nh&#7845;t.<br>\nCh&uacute;ng t&ocirc;i c&oacute; &#273;&#7897;i ng&#361; chuy&ecirc;n vi&ecirc;n t&#432; v&#7845;n chuy&ecirc;n s&acirc;u s&#7869; h&#7895; tr&#7907; kh&aacute;ch h&agrave;ng v&#7873; chi ti&#7871;t s&#7843;n ph&#7849;m, h&#432;&#7899;ng d&#7851;n s&#7917; d&#7909;ng hay nh&#7919;ng th&#7913; li&ecirc;n quan &#273;&#7871;n v&#7845;n &#273;&#7873; m&agrave; doanh nghi&#7879;p b&#7841;n &#273;ang g&#7863;p ph&#7843;i. Ch&uacute;ng t&ocirc;i s&#7869; cung c&#7845;p nh&#7919;ng gi&#7843;i ph&aacute;p t&#7889;i &#432;u nh&#7845;t!<br>\nNgo&agrave;i ra Thi&#7871;t B&#7883; C&ocirc;ng Ngh&#7879; V&#7841;n N&#259;ng Ch&uacute;ng T&ocirc;i lu&ocirc;n h&#432;&#7899;ng &#273;&#7871;n tr&#7843;i nghi&#7879;m kh&aacute;ch h&agrave;ng, v&igrave; v&#7853;y ch&uacute;ng t&ocirc;i c&oacute; nh&#7919;ng ch&iacute;nh s&aacute;ch b&#7843;o h&agrave;nh, b&#7843;o tr&igrave; &ndash; b&#7843;o d&#432;&#7905;ng, hi&#7879;u chu&#7849;n v&#7899;i t&#7845;t c&#7843; c&aacute;c thi&#7871;t b&#7883;, m&aacute;y m&oacute;c m&agrave; ch&uacute;ng t&ocirc;i cung c&#7845;p. &#272;&#7843;m b&#7843;o mang &#273;&#7871;n cho Kh&aacute;ch h&agrave;ng s&#7921; y&ecirc;n t&acirc;m tuy&#7879;t &#273;&#7889;i v&#7873; d&#7883;ch v&#7909; khi mua h&agrave;ng.<\/p><p>Xem th&ecirc;m: &#272;&#7847;u D&ograve; Nhi&#7879;t &#272;&#7897; Ti&#7871;p X&uacute;c (Exposed Junction Thermocouple Hi-Temp) PhoenixTM Model TC64<\/p><p>T&#7893;ng K&#7871;t<br>\nD&#7909;ng C&#7909; H&#432;&#7899;ng &#272;&#7847;u D&ograve; Ch&iacute;nh X&aacute;c Phynix Model 10026 l&agrave; l&#7921;a ch&#7885;n t&#7889;i &#432;u &#273;&#7875; &#273;&#7843;m b&#7843;o &#273;&#7897; ch&iacute;nh x&aacute;c v&agrave; l&#7863;p l&#7841;i trong &#273;o l&#7899;p ph&#7911; tr&ecirc;n c&aacute;c chi ti&#7871;t nh&#7887;. V&#7899;i thi&#7871;t k&#7871; v&#7919;ng ch&#7855;c, thao t&aacute;c linh ho&#7841;t v&agrave; kh&#7843; n&#259;ng t&iacute;ch h&#7907;p v&#7899;i nhi&#7873;u thi&#7871;t b&#7883;, s&#7843;n ph&#7849;m gi&uacute;p n&acirc;ng cao hi&#7879;u qu&#7843; v&agrave; &#273;&#7897; tin c&#7853;y trong c&ocirc;ng vi&#7879;c ki&#7875;m tra k&#7929; thu&#7853;t. H&atilde;y li&ecirc;n h&#7879; ngay v&#7899;i V&#7841;n N&#259;ng &#273;&#7875; &#273;&#432;&#7907;c t&#432; v&#7845;n chi ti&#7871;t v&agrave; nh&#7853;n ngay nh&#7919;ng &#432;u &#273;&atilde;i h&#7845;p d&#7851;n th&ocirc;ng qua hotline\/zalo: <a href=\"https:\/\/zalo.me\/0903991335\" target=\"_blank\" rel=\"noopener\" style=\"color: #059669; font-weight: bold; text-decoration: none;\">0903 991 335<\/a> !<\/p><div style=\"background-color: #f8fafc; border: 1px solid #e2e8f0; border-radius: 8px; padding: 25px; max-width: 800px; margin: 30px auto; color: #334155; line-height: 1.8; font-size: 17px; box-shadow: 0 4px 6px -1px rgba(0,0,0,0.05); text-align: left; clear: both;\">\nC&ocirc;ng ty TNHH Th&#432;&#417;ng M&#7841;i D&#7883;ch V&#7909; Thi&#7871;t B&#7883; C&ocirc;ng Ngh&#7879; V&#7841;n N&#259;ng\n<p style=\"margin: 0 0 10px 0;\">&#128205; <strong style=\"color: #1e293b;\">&#272;&#7883;a ch&#7881;:<\/strong> <a style=\"color: #059669; text-decoration: none; font-weight: bold;\" href=\"https:\/\/www.google.com\/maps\/search\/C%C3%B4ng+ty+TNHH+Th%C6%B0%C6%A1ng+M%E1%BA%A1i+D%E1%BB%8Bch+V%E1%BB%A5+Thi%E1%BA%BFt+B%E1%BB%8B+C%C3%B4ng+Ngh%E1%BB%87+V%E1%BA%A1n+N%C4%83ng+818+Tr%C6%B0%E1%BB%9Dng+Chinh\" target=\"_blank\" rel=\"noopener\">818 Tr&#432;&#7901;ng Chinh, Ph&#432;&#7901;ng T&acirc;n S&#417;n, Th&agrave;nh ph&#7889; H&#7891; Ch&iacute; Minh, Vi&#7879;t Nam<\/a><\/p>\n<p style=\"margin: 0 0 10px 0;\">&#128222; <strong style=\"color: #1e293b;\">S&#272;T &ndash; Zalo:<\/strong> <a style=\"color: #059669; text-decoration: none; font-weight: bold;\" href=\"https:\/\/zalo.me\/0903991335\" target=\"_blank\" rel=\"noopener\">0903 991 335<\/a> <span style=\"color: #64748b; font-style: italic;\">(Ms. H&#7841;nh &ndash; Gi&aacute;m &#272;&#7889;c Kinh Doanh)<\/span><\/p>\n<p style=\"margin: 0;\">&#9993;&#65039; <strong style=\"color: #1e293b;\">Email:<\/strong> <a style=\"color: #059669; text-decoration: none; font-weight: bold;\" href=\"mailto:hienhanh@vannangvn.com\">hienhanh@vannangvn.com<\/a><\/p>\n<\/div><\/h1>","protected":false},"excerpt":{"rendered":"<p><strong>Th&#432;&#417;ng hi&#7879;u:<\/strong> Phynix Sensortechnik<br>\n<strong>Model:<\/strong> 10026<p>Product <strong>D&#7908;NG C&#7908; H&#431;&#7898;NG &#272;&#7846;U D&Ograve; CH&Iacute;NH X&Aacute;C PHYNIX MODEL 10026<\/strong> ch&iacute;nh h&atilde;ng. Phynix Sensortechnik (Germany)<br>\nPhynix Model 10026 l&agrave; b&#7897; h&#432;&#7899;ng d&#7851;n &#273;&#7847;u d&ograve; &#273;&#7843;m b&#7843;o &#273;&#7897; th&#7859;ng &#273;&#7913;ng tuy&#7879;t &#273;&#7889;i v&agrave; ki&#7875;m so&aacute;t &aacute;p l&#7921;c &#273;o &#7893;n &#273;&#7883;nh. T&#259;ng hi&#7879;u su&#7845;t &#273;o, d&#7877; v&#7853;n h&agrave;nh, ph&ugrave; h&#7907;p ph&ograve;ng th&iacute; nghi&#7879;m v&agrave; d&acirc;y chuy&#7873;n s&#7843;n xu&#7845;t.<\/p><\/p>","protected":false},"featured_media":0,"comment_status":"open","ping_status":"closed","template":"","meta":[],"product_brand":[],"product_cat":[18],"product_tag":[699,963,964,965,966,107,116,181,371,420],"class_list":{"0":"post-6249","1":"product","2":"type-product","3":"status-publish","5":"product_cat-chua-phan-loai","6":"product_tag-phynix","7":"product_tag-huong","8":"product_tag-chinh","9":"product_tag-xac","10":"product_tag-966","11":"product_tag-dung","12":"product_tag-model","13":"product_tag-do","14":"product_tag-cu","15":"product_tag-dau","17":"first","18":"instock","19":"shipping-taxable","20":"product-type-simple"},"yoast_head":"<!-- This site is optimized with the Yoast SEO Premium plugin v24.8 (Yoast SEO v24.8) - https:\/\/yoast.com\/wordpress\/plugins\/seo\/ -->\n<title>D\u1ee4NG C\u1ee4 H\u01af\u1edaNG \u0110\u1ea6U D\u00d2 CH\u00cdNH X\u00c1C PHYN... ch\u00ednh h\u00e3ng | V\u1ea1n N\u0103ng<\/title>\n<meta name=\"description\" content=\"Mua ngay D\u1ee4NG C\u1ee4 H\u01af\u1edaNG \u0110\u1ea6U D\u00d2 CH\u00cdNH X\u00c1C PHYNIX MODEL 10026 ch\u00ednh h\u00e3ng. Phynix Model 10026 l\u00e0 b\u1ed9 h\u01b0\u1edbng d\u1eabn \u0111\u1ea7u d\u00f2 \u0111\u1ea3m b\u1ea3o \u0111\u1ed9 th\u1eb3ng... Gi\u00e1 t\u1ed1t!\" \/>\n<meta name=\"robots\" content=\"noindex, follow, max-snippet:-1, max-image-preview:large, max-video-preview:-1\" \/>\n<meta property=\"og:locale\" content=\"en_US\" \/>\n<meta property=\"og:type\" content=\"article\" \/>\n<meta property=\"og:title\" content=\"D\u1ee4NG C\u1ee4 H\u01af\u1edaNG \u0110\u1ea6U D\u00d2 CH\u00cdNH X\u00c1C PHYNIX MODEL 10026\" \/>\n<meta property=\"og:description\" content=\"Mua ngay D\u1ee4NG C\u1ee4 H\u01af\u1edaNG \u0110\u1ea6U D\u00d2 CH\u00cdNH X\u00c1C PHYNIX MODEL 10026 ch\u00ednh h\u00e3ng. Phynix Model 10026 l\u00e0 b\u1ed9 h\u01b0\u1edbng d\u1eabn \u0111\u1ea7u d\u00f2 \u0111\u1ea3m b\u1ea3o \u0111\u1ed9 th\u1eb3ng... Gi\u00e1 t\u1ed1t!\" \/>\n<meta property=\"og:url\" content=\"https:\/\/vannangvn.123websitedev.com\/en\/product\/dung-cu-huong-dau-do-chinh-xac-phynix-model-10026\/\" \/>\n<meta property=\"og:site_name\" content=\"Vannang.vn\" \/>\n<meta property=\"article:modified_time\" content=\"2026-03-30T11:15:53+00:00\" \/>\n<meta name=\"twitter:card\" content=\"summary_large_image\" \/>\n<meta name=\"twitter:label1\" content=\"Est. reading time\" \/>\n\t<meta name=\"twitter:data1\" content=\"10 minutes\" \/>\n<script type=\"application\/ld+json\" class=\"yoast-schema-graph\">{\"@context\":\"https:\/\/schema.org\",\"@graph\":[{\"@type\":\"WebPage\",\"@id\":\"https:\/\/vannangvn.123websitedev.com\/san-pham\/dung-cu-huong-dau-do-chinh-xac-phynix-model-10026\/\",\"url\":\"https:\/\/vannangvn.123websitedev.com\/san-pham\/dung-cu-huong-dau-do-chinh-xac-phynix-model-10026\/\",\"name\":\"D\u1ee4NG C\u1ee4 H\u01af\u1edaNG \u0110\u1ea6U D\u00d2 CH\u00cdNH X\u00c1C PHYN... ch\u00ednh h\u00e3ng | V\u1ea1n N\u0103ng\",\"isPartOf\":{\"@id\":\"https:\/\/vannangvn.123websitedev.com\/#website\"},\"datePublished\":\"2026-03-20T10:25:16+00:00\",\"dateModified\":\"2026-03-30T11:15:53+00:00\",\"description\":\"Mua ngay D\u1ee4NG C\u1ee4 H\u01af\u1edaNG \u0110\u1ea6U D\u00d2 CH\u00cdNH X\u00c1C PHYNIX MODEL 10026 ch\u00ednh h\u00e3ng. Phynix Model 10026 l\u00e0 b\u1ed9 h\u01b0\u1edbng d\u1eabn \u0111\u1ea7u d\u00f2 \u0111\u1ea3m b\u1ea3o \u0111\u1ed9 th\u1eb3ng... Gi\u00e1 t\u1ed1t!\",\"breadcrumb\":{\"@id\":\"https:\/\/vannangvn.123websitedev.com\/san-pham\/dung-cu-huong-dau-do-chinh-xac-phynix-model-10026\/#breadcrumb\"},\"inLanguage\":\"en-US\",\"potentialAction\":[{\"@type\":\"ReadAction\",\"target\":[\"https:\/\/vannangvn.123websitedev.com\/san-pham\/dung-cu-huong-dau-do-chinh-xac-phynix-model-10026\/\"]}]},{\"@type\":\"BreadcrumbList\",\"@id\":\"https:\/\/vannangvn.123websitedev.com\/san-pham\/dung-cu-huong-dau-do-chinh-xac-phynix-model-10026\/#breadcrumb\",\"itemListElement\":[{\"@type\":\"ListItem\",\"position\":1,\"name\":\"Trang ch\u1ee7\",\"item\":\"https:\/\/vannangvn.123websitedev.com\/\"},{\"@type\":\"ListItem\",\"position\":2,\"name\":\"S\u1ea3n ph\u1ea9m\",\"item\":\"https:\/\/vannangvn.123websitedev.com\/cua-hang\/\"},{\"@type\":\"ListItem\",\"position\":3,\"name\":\"D\u1ee4NG C\u1ee4 H\u01af\u1edaNG \u0110\u1ea6U D\u00d2 CH\u00cdNH X\u00c1C PHYNIX MODEL 10026\"}]},{\"@type\":\"WebSite\",\"@id\":\"https:\/\/vannangvn.123websitedev.com\/#website\",\"url\":\"https:\/\/vannangvn.123websitedev.com\/\",\"name\":\"Vannang.vn\",\"description\":\"\",\"publisher\":{\"@id\":\"https:\/\/vannangvn.123websitedev.com\/#organization\"},\"potentialAction\":[{\"@type\":\"SearchAction\",\"target\":{\"@type\":\"EntryPoint\",\"urlTemplate\":\"https:\/\/vannangvn.123websitedev.com\/?s={search_term_string}\"},\"query-input\":{\"@type\":\"PropertyValueSpecification\",\"valueRequired\":true,\"valueName\":\"search_term_string\"}}],\"inLanguage\":\"en-US\"},{\"@type\":\"Organization\",\"@id\":\"https:\/\/vannangvn.123websitedev.com\/#organization\",\"name\":\"Vannang.vn\",\"url\":\"https:\/\/vannangvn.123websitedev.com\/\",\"logo\":{\"@type\":\"ImageObject\",\"inLanguage\":\"en-US\",\"@id\":\"https:\/\/vannangvn.123websitedev.com\/#\/schema\/logo\/image\/\",\"url\":\"https:\/\/vannangvn.123websitedev.com\/wp-content\/uploads\/2026\/02\/logo-van-nang-02.png\",\"contentUrl\":\"https:\/\/vannangvn.123websitedev.com\/wp-content\/uploads\/2026\/02\/logo-van-nang-02.png\",\"width\":448,\"height\":111,\"caption\":\"Vannang.vn\"},\"image\":{\"@id\":\"https:\/\/vannangvn.123websitedev.com\/#\/schema\/logo\/image\/\"}}]}<\/script>\n<!-- \/ Yoast SEO Premium plugin. -->","yoast_head_json":{"title":"D\u1ee4NG C\u1ee4 H\u01af\u1edaNG \u0110\u1ea6U D\u00d2 CH\u00cdNH X\u00c1C PHYN... ch\u00ednh h\u00e3ng | V\u1ea1n N\u0103ng","description":"Mua ngay D\u1ee4NG C\u1ee4 H\u01af\u1edaNG \u0110\u1ea6U D\u00d2 CH\u00cdNH X\u00c1C PHYNIX MODEL 10026 ch\u00ednh h\u00e3ng. Phynix Model 10026 l\u00e0 b\u1ed9 h\u01b0\u1edbng d\u1eabn \u0111\u1ea7u d\u00f2 \u0111\u1ea3m b\u1ea3o \u0111\u1ed9 th\u1eb3ng... Gi\u00e1 t\u1ed1t!","robots":{"index":"noindex","follow":"follow","max-snippet":"max-snippet:-1","max-image-preview":"max-image-preview:large","max-video-preview":"max-video-preview:-1"},"og_locale":"en_US","og_type":"article","og_title":"D\u1ee4NG C\u1ee4 H\u01af\u1edaNG \u0110\u1ea6U D\u00d2 CH\u00cdNH X\u00c1C PHYNIX MODEL 10026","og_description":"Mua ngay D\u1ee4NG C\u1ee4 H\u01af\u1edaNG \u0110\u1ea6U D\u00d2 CH\u00cdNH X\u00c1C PHYNIX MODEL 10026 ch\u00ednh h\u00e3ng. Phynix Model 10026 l\u00e0 b\u1ed9 h\u01b0\u1edbng d\u1eabn \u0111\u1ea7u d\u00f2 \u0111\u1ea3m b\u1ea3o \u0111\u1ed9 th\u1eb3ng... Gi\u00e1 t\u1ed1t!","og_url":"https:\/\/vannangvn.123websitedev.com\/en\/product\/dung-cu-huong-dau-do-chinh-xac-phynix-model-10026\/","og_site_name":"Vannang.vn","article_modified_time":"2026-03-30T11:15:53+00:00","twitter_card":"summary_large_image","twitter_misc":{"Est. reading time":"10 minutes"},"schema":{"@context":"https:\/\/schema.org","@graph":[{"@type":"WebPage","@id":"https:\/\/vannangvn.123websitedev.com\/san-pham\/dung-cu-huong-dau-do-chinh-xac-phynix-model-10026\/","url":"https:\/\/vannangvn.123websitedev.com\/san-pham\/dung-cu-huong-dau-do-chinh-xac-phynix-model-10026\/","name":"D\u1ee4NG C\u1ee4 H\u01af\u1edaNG \u0110\u1ea6U D\u00d2 CH\u00cdNH X\u00c1C PHYN... ch\u00ednh h\u00e3ng | V\u1ea1n N\u0103ng","isPartOf":{"@id":"https:\/\/vannangvn.123websitedev.com\/#website"},"datePublished":"2026-03-20T10:25:16+00:00","dateModified":"2026-03-30T11:15:53+00:00","description":"Mua ngay D\u1ee4NG C\u1ee4 H\u01af\u1edaNG \u0110\u1ea6U D\u00d2 CH\u00cdNH X\u00c1C PHYNIX MODEL 10026 ch\u00ednh h\u00e3ng. Phynix Model 10026 l\u00e0 b\u1ed9 h\u01b0\u1edbng d\u1eabn \u0111\u1ea7u d\u00f2 \u0111\u1ea3m b\u1ea3o \u0111\u1ed9 th\u1eb3ng... Gi\u00e1 t\u1ed1t!","breadcrumb":{"@id":"https:\/\/vannangvn.123websitedev.com\/san-pham\/dung-cu-huong-dau-do-chinh-xac-phynix-model-10026\/#breadcrumb"},"inLanguage":"en-US","potentialAction":[{"@type":"ReadAction","target":["https:\/\/vannangvn.123websitedev.com\/san-pham\/dung-cu-huong-dau-do-chinh-xac-phynix-model-10026\/"]}]},{"@type":"BreadcrumbList","@id":"https:\/\/vannangvn.123websitedev.com\/san-pham\/dung-cu-huong-dau-do-chinh-xac-phynix-model-10026\/#breadcrumb","itemListElement":[{"@type":"ListItem","position":1,"name":"Trang ch\u1ee7","item":"https:\/\/vannangvn.123websitedev.com\/"},{"@type":"ListItem","position":2,"name":"S\u1ea3n ph\u1ea9m","item":"https:\/\/vannangvn.123websitedev.com\/cua-hang\/"},{"@type":"ListItem","position":3,"name":"D\u1ee4NG C\u1ee4 H\u01af\u1edaNG \u0110\u1ea6U D\u00d2 CH\u00cdNH X\u00c1C PHYNIX MODEL 10026"}]},{"@type":"WebSite","@id":"https:\/\/vannangvn.123websitedev.com\/#website","url":"https:\/\/vannangvn.123websitedev.com\/","name":"Vannang.vn","description":"","publisher":{"@id":"https:\/\/vannangvn.123websitedev.com\/#organization"},"potentialAction":[{"@type":"SearchAction","target":{"@type":"EntryPoint","urlTemplate":"https:\/\/vannangvn.123websitedev.com\/?s={search_term_string}"},"query-input":{"@type":"PropertyValueSpecification","valueRequired":true,"valueName":"search_term_string"}}],"inLanguage":"en-US"},{"@type":"Organization","@id":"https:\/\/vannangvn.123websitedev.com\/#organization","name":"Vannang.vn","url":"https:\/\/vannangvn.123websitedev.com\/","logo":{"@type":"ImageObject","inLanguage":"en-US","@id":"https:\/\/vannangvn.123websitedev.com\/#\/schema\/logo\/image\/","url":"https:\/\/vannangvn.123websitedev.com\/wp-content\/uploads\/2026\/02\/logo-van-nang-02.png","contentUrl":"https:\/\/vannangvn.123websitedev.com\/wp-content\/uploads\/2026\/02\/logo-van-nang-02.png","width":448,"height":111,"caption":"Vannang.vn"},"image":{"@id":"https:\/\/vannangvn.123websitedev.com\/#\/schema\/logo\/image\/"}}]}},"_links":{"self":[{"href":"https:\/\/vannangvn.123websitedev.com\/en\/wp-json\/wp\/v2\/product\/6249","targetHints":{"allow":["GET"]}}],"collection":[{"href":"https:\/\/vannangvn.123websitedev.com\/en\/wp-json\/wp\/v2\/product"}],"about":[{"href":"https:\/\/vannangvn.123websitedev.com\/en\/wp-json\/wp\/v2\/types\/product"}],"replies":[{"embeddable":true,"href":"https:\/\/vannangvn.123websitedev.com\/en\/wp-json\/wp\/v2\/comments?post=6249"}],"wp:attachment":[{"href":"https:\/\/vannangvn.123websitedev.com\/en\/wp-json\/wp\/v2\/media?parent=6249"}],"wp:term":[{"taxonomy":"product_brand","embeddable":true,"href":"https:\/\/vannangvn.123websitedev.com\/en\/wp-json\/wp\/v2\/product_brand?post=6249"},{"taxonomy":"product_cat","embeddable":true,"href":"https:\/\/vannangvn.123websitedev.com\/en\/wp-json\/wp\/v2\/product_cat?post=6249"},{"taxonomy":"product_tag","embeddable":true,"href":"https:\/\/vannangvn.123websitedev.com\/en\/wp-json\/wp\/v2\/product_tag?post=6249"}],"curies":[{"name":"wp","href":"https:\/\/api.w.org\/{rel}","templated":true}]}}