{"id":6250,"date":"2026-03-20T17:25:17","date_gmt":"2026-03-20T10:25:17","guid":{"rendered":"https:\/\/vannangvn.123websitedev.com\/san-pham\/dung-cu-keo-muc-in-rk-model-esiproof\/"},"modified":"2026-03-30T18:15:55","modified_gmt":"2026-03-30T11:15:55","slug":"dung-cu-keo-muc-in-rk-model-esiproof","status":"publish","type":"product","link":"https:\/\/vannangvn.123websitedev.com\/en\/product\/dung-cu-keo-muc-in-rk-model-esiproof\/","title":{"rendered":"D\u1ee4NG C\u1ee4 K\u00c9O M\u1ef0C IN RK MODEL ESIPROOF"},"content":{"rendered":"<h1 style=\"color: red; font-weight: bold; font-size: 24px;\">T&#7893;ng quan s&#7843;n ph&#7849;m D&#7908;NG C&#7908; K&Eacute;O M&#7920;C IN RK MODEL ESIPROOF<p>D&#7909;ng C&#7909; K&eacute;o M&#7921;c In (Esiproof) RK Model Esiproof<br>\nD&#7909;ng C&#7909; K&eacute;o M&#7921;c In RK Esiproof l&agrave; thi&#7871;t b&#7883; k&eacute;o m&#7921;c in th&#7911; c&ocirc;ng ch&iacute;nh x&aacute;c cao, &#273;&#432;&#7907;c thi&#7871;t k&#7871; &#273;&#7875; t&#7841;o ra c&aacute;c m&#7851;u in flexo ch&#7845;t l&#432;&#7907;ng th&#7921;c t&#7871; v&agrave; l&#7863;p l&#7841;i. Nh&#7901; c&#417; ch&#7871; s&#7917; d&#7909;ng dao g&#7841;t m&#7921;c (doctor blade), s&#7843;n ph&#7849;m cho ph&eacute;p ki&#7875;m tra t&#7845;t c&#7843; c&aacute;c lo&#7841;i m&#7921;c flexo, bao g&#7891;m m&#7921;c c&oacute; &#273;&#7897; nh&#7899;t cao v&agrave; m&#7921;c UV.<br>\nV&#7899;i kh&#7843; n&#259;ng thay th&#7871; nhanh ch&oacute;ng tr&#7909;c anilox b&#7857;ng th&eacute;p ho&#7863;c g&#7889;m, k&#7871;t h&#7907;p v&#7899;i h&#7879; th&#7889;ng l&ograve; xo &#273;i&#7873;u ch&#7881;nh &aacute;p l&#7921;c, thi&#7871;t b&#7883; mang l&#7841;i k&#7871;t qu&#7843; &#7893;n &#273;&#7883;nh, d&#7877; s&#7917; d&#7909;ng v&agrave; ph&ugrave; h&#7907;p cho c&#7843; ki&#7875;m tra m&agrave;u tr&#7921;c quan l&#7851;n ph&acirc;n t&iacute;ch quang ph&#7893;. H&atilde;y c&ugrave;ng V&#7841;n N&#259;ng t&igrave;m hi&#7875;u chi ti&#7871;t h&#417;n v&#7873; s&#7843;n ph&#7849;m th&ocirc;ng qua b&agrave;i vi&#7871;t d&#432;&#7899;i &#273;&acirc;y nh&eacute;!<\/p><p>Xem th&ecirc;m: Th&#432;&#7899;c K&eacute;o M&agrave;ng S&#417;n (Film Applicator) Neurtek Model Baker Universal Applicator<\/p><p>N&eacute;t &#272;&#7863;c Tr&#432;ng C&#7911;a RK Model Esiproof<br>\nThi&#7871;t k&#7871; th&#7911; c&ocirc;ng ch&iacute;nh x&aacute;c cao<br>\nRK Esiproof &#273;&#432;&#7907;c ch&#7871; t&#7841;o v&#7899;i &#273;&#7897; ch&iacute;nh x&aacute;c c&#417; kh&iacute; cao, &#273;&#7843;m b&#7843;o t&#7841;o ra c&aacute;c m&#7851;u in flexo c&oacute; &#273;&#7897; &#273;&#7891;ng nh&#7845;t, ch&#7845;t l&#432;&#7907;ng g&#7847;n gi&#7889;ng in th&#7921;c t&#7871;.<br>\nH&#7895; tr&#7907; &#273;a d&#7841;ng tr&#7909;c anilox<br>\nThi&#7871;t b&#7883; h&#7895; tr&#7907; c&#7843; tr&#7909;c anilox b&#7857;ng th&eacute;p v&agrave; g&#7889;m, c&oacute; th&#7875; l&#7921;a ch&#7885;n lo&#7841;i &#273;&#417;n ho&#7863;c d&#7841;ng b&#259;ng (banded) theo nhu c&#7847;u ki&#7875;m tra m&#7921;c.<br>\nD&#7877; s&#7917; d&#7909;ng v&agrave; ki&#7875;m so&aacute;t &aacute;p l&#7921;c<br>\nNh&#7901; h&#7879; th&#7889;ng l&ograve; xo &#273;i&#7873;u &aacute;p s&#7861;n, ng&#432;&#7901;i v&#7853;n h&agrave;nh ch&#7881; c&#7847;n k&eacute;o nh&#7865; thi&#7871;t b&#7883; l&agrave; c&oacute; th&#7875; t&#7841;o ra m&#7851;u in ch&iacute;nh x&aacute;c. Phi&ecirc;n b&#7843;n micrometer c&oacute; s&#7861;n &#273;&#7875; tinh ch&#7881;nh &aacute;p l&#7921;c trong c&aacute;c th&#7917; nghi&#7879;m y&ecirc;u c&#7847;u &#273;&#7897; l&#7863;p l&#7841;i cao.<\/p><p>Thi&#7871;t k&#7871; nh&#7887; g&#7885;n, ti&#7879;n di &#273;&#7897;ng<br>\nK&iacute;ch th&#432;&#7899;c nh&#7887; gi&uacute;p Model Esiproof ph&ugrave; h&#7907;p &#273;&#7875; s&#7917; d&#7909;ng ngay t&#7841;i x&#432;&#7903;ng s&#7843;n xu&#7845;t ho&#7863;c mang theo &#273;&#7875; x&#7917; l&yacute; s&#7921; c&#7889; tr&#7921;c ti&#7871;p tr&ecirc;n hi&#7879;n tr&#432;&#7901;ng.<br>\nKh&#7843; n&#259;ng k&eacute;o m&#7851;u d&agrave;i<br>\nThi&#7871;t b&#7883; c&oacute; th&#7875; t&#7841;o m&#7851;u in d&agrave;i &#273;&#7871;n 1 m&eacute;t v&agrave; r&#7897;ng 70 mm, l&yacute; t&#432;&#7903;ng cho vi&#7879;c ki&#7875;m tra m&agrave;u, ph&acirc;n t&iacute;ch quang ph&#7893; ho&#7863;c &#273;&#7889;i chi&#7871;u v&#7899;i y&ecirc;u c&#7847;u c&#7911;a kh&aacute;ch h&agrave;ng.<br>\nV&#7879; sinh nhanh, b&#7843;o tr&igrave; &#273;&#417;n gi&#7843;n<br>\nC&#417; ch&#7871; th&aacute;o l&#7855;p dao g&#7841;t v&agrave; tr&#7909;c anilox nhanh ch&oacute;ng, gi&uacute;p v&#7879; sinh v&agrave; b&#7843;o d&#432;&#7905;ng d&#7877; d&agrave;ng sau m&#7895;i l&#7847;n ch&#7841;y th&#7917;.<\/p><p>Xem th&ecirc;m: Thi&#7871;t B&#7883; Si&ecirc;u &Acirc;m M&#7843;ng Pha Sonatest Model VEO+ 32:128PR C&oacute; Live TFM<\/p><p>&#431;u &#272;i&#7875;m V&#432;&#7907;t Tr&#7897;i C&#7911;a Model Esiproof<br>\nT&#7841;o m&#7851;u in ch&#7845;t l&#432;&#7907;ng cao<br>\nNh&#7901; s&#7917; d&#7909;ng dao g&#7841;t m&#7921;c, M&aacute;y In M&#7851;u Th&#7917; Esiproof c&oacute; th&#7875; x&#7917; l&yacute; c&#7843; m&#7921;c c&oacute; &#273;&#7897; nh&#7899;t cao v&agrave; m&#7921;c UV, mang l&#7841;i m&#7851;u in s&#7855;c n&eacute;t, ch&iacute;nh x&aacute;c.<br>\nT&iacute;nh l&#7863;p l&#7841;i cao v&agrave; &#7893;n &#273;&#7883;nh<br>\nC&#417; ch&#7871; &aacute;p l&#7921;c &#273;&#432;&#7907;c &#273;&#7863;t s&#7861;n gi&uacute;p k&#7871;t qu&#7843; in &#7893;n &#273;&#7883;nh, gi&#7843;m thi&#7875;u sai l&#7879;ch gi&#7919;a c&aacute;c l&#7847;n ki&#7875;m tra.<br>\nLinh ho&#7841;t cho nhi&#7873;u lo&#7841;i m&#7921;c v&agrave; v&#7853;t li&#7879;u<br>\nT&#7845;t c&#7843; c&aacute;c lo&#7841;i m&#7921;c th&#432;&#417;ng m&#7841;i v&agrave; h&#7847;u h&#7871;t c&aacute;c lo&#7841;i v&#7853;t li&#7879;u in &#273;&#7873;u c&oacute; th&#7875; &#273;&#432;&#7907;c ki&#7875;m tra ch&iacute;nh x&aacute;c v&#7899;i thi&#7871;t b&#7883; n&agrave;y.<\/p><p>Thay &#273;&#7893;i tr&#7909;c anilox d&#7877; d&agrave;ng<br>\nNg&#432;&#7901;i v&#7853;n h&agrave;nh c&oacute; th&#7875; nhanh ch&oacute;ng thay th&#7871; tr&#7909;c anilox kh&#7855;c g&#7889;m ho&#7863;c th&eacute;p &#273;&#7875; ph&ugrave; h&#7907;p v&#7899;i t&#7915;ng lo&#7841;i m&#7921;c ho&#7863;c y&ecirc;u c&#7847;u in.<br>\nThi&#7871;t b&#7883; nh&#7887; g&#7885;n, d&#7877; di chuy&#7875;n<br>\nRK Model Esiproof ph&ugrave; h&#7907;p cho ph&ograve;ng th&iacute; nghi&#7879;m, nh&agrave; m&aacute;y ho&#7863;c mang &#273;&#7871;n t&#7853;n n&#417;i kh&aacute;ch h&agrave;ng &#273;&#7875; x&#7917; l&yacute; s&#7921; c&#7889; ho&#7863;c l&#7845;y m&#7851;u in ki&#7875;m ch&#7913;ng.<br>\nH&#7895; tr&#7907; ph&acirc;n t&iacute;ch m&agrave;u v&agrave; R&amp;D<br>\nM&#7851;u in &#273;&#432;&#7907;c t&#7841;o ra l&yacute; t&#432;&#7903;ng cho vi&#7879;c &#273;o b&#7857;ng quang ph&#7893;, ph&acirc;n t&iacute;ch m&agrave;u s&#7855;c ho&#7863;c ph&#7909;c v&#7909; c&ocirc;ng t&aacute;c nghi&ecirc;n c&#7913;u ph&aacute;t tri&#7875;n m&#7921;c in.<\/p><p>Xem th&ecirc;m: Gi&#7845;y K&eacute;o M&agrave;ng S&#417;n (Opacity Charts) Biuged Instruments Model BGD 1101<\/p><p>&#7912;ng D&#7909;ng Trong Ng&agrave;nh C&ocirc;ng Nghi&#7879;p<br>\nD&#7909;ng C&#7909; K&eacute;o M&#7921;c In Model Esiproof &#273;&#432;&#7907;c &#7913;ng d&#7909;ng trong:<\/p><p>S&#7843;n xu&#7845;t v&agrave; ph&aacute;t tri&#7875;n m&#7921;c flexo<br>\nKi&#7875;m so&aacute;t ch&#7845;t l&#432;&#7907;ng t&#7841;i nh&agrave; m&aacute;y in<br>\nNghi&ecirc;n c&#7913;u &amp; ph&aacute;t tri&#7875;n m&#7921;c UV, m&#7921;c dung m&ocirc;i, m&#7921;c g&#7889;c n&#432;&#7899;c<br>\nKi&#7875;m tra m&agrave;u tr&#432;&#7899;c khi in th&#432;&#417;ng m&#7841;i<br>\nPh&acirc;n t&iacute;ch m&agrave;u b&#7857;ng quang ph&#7893; v&agrave; ph&#7889;i m&agrave;u t&#7921; &#273;&#7897;ng<\/p><p>Nh&#7919;ng L&yacute; Do N&ecirc;n Mua D&#7909;ng C&#7909; K&eacute;o M&#7921;c In V&#7841;n N&#259;ng<\/p><p>C&ocirc;ng ty Thi&#7871;t B&#7883; C&ocirc;ng Ngh&#7879; V&#7841;n N&#259;ng l&agrave; &#273;&#7889;i t&aacute;c ch&iacute;nh th&#7913;c ph&acirc;n ph&#7889;i D&#7909;ng C&#7909; K&eacute;o M&#7921;c In h&agrave;ng &#273;&#7847;u t&#7841;i Vi&#7879;t Nam, cam k&#7871;t cung c&#7845;p s&#7843;n ph&#7849;m ch&iacute;nh h&atilde;ng v&#7899;i gi&aacute; c&#7843; c&#7841;nh tranh nh&#7845;t th&#7883; tr&#432;&#7901;ng. V&#7899;i uy t&iacute;n tr&ecirc;n th&#7883; tr&#432;&#7901;ng v&agrave; ch&#7871; &#273;&#7897; h&#7851;u m&atilde;i t&#7889;t, Thi&#7871;t B&#7883; C&ocirc;ng Ngh&#7879; V&#7841;n N&#259;ng &#273;&atilde; nh&#7853;n &#273;&#432;&#7907;c s&#7921; tin t&#432;&#7903;ng t&#7915; kh&aacute;ch h&agrave;ng nh&#7901; v&agrave;o ch&#7845;t l&#432;&#7907;ng h&agrave;ng &#273;&#7847;u c&#7911;a c&aacute;c d&ograve;ng s&#7843;n ph&#7849;m.<br>\nS&#7843;n ph&#7849;m c&#7911;a ch&uacute;ng t&ocirc;i &#273;&#432;&#7907;c ki&#7875;m &#273;&#7883;nh ch&#7845;t l&#432;&#7907;ng, nh&#7853;p kh&#7849;u tr&#7921;c ti&#7871;p t&#7915; nh&agrave; m&aacute;y b&ecirc;n Ch&acirc;u &Acirc;u, M&#7929;, &Uacute;c, Nh&#7853;t B&#7843;n,&hellip; v&agrave; &#273;&aacute;p &#7913;ng nhu c&#7847;u &#273;a d&#7841;ng c&#7911;a th&#7883; tr&#432;&#7901;ng nh&#432;: M&aacute;y &#272;o &#272;&#7897; C&#7913;ng, M&aacute;y SPECTROMAXx, M&aacute;y Ki&#7875;m Tra &#272;&#432;&#7901;ng Gh&eacute;p M&iacute; Lon,&hellip; Ch&uacute;ng t&ocirc;i cam k&#7871;t cung c&#7845;p s&#7843;n ph&#7849;m n&agrave;y tr&ecirc;n to&agrave;n qu&#7889;c v&#7899;i gi&aacute; c&#7843; c&#7841;nh tranh nh&#7845;t.<br>\nCh&uacute;ng t&ocirc;i c&oacute; &#273;&#7897;i ng&#361; chuy&ecirc;n vi&ecirc;n t&#432; v&#7845;n chuy&ecirc;n s&acirc;u s&#7869; h&#7895; tr&#7907; kh&aacute;ch h&agrave;ng v&#7873; chi ti&#7871;t s&#7843;n ph&#7849;m, h&#432;&#7899;ng d&#7851;n s&#7917; d&#7909;ng hay nh&#7919;ng th&#7913; li&ecirc;n quan &#273;&#7871;n v&#7845;n &#273;&#7873; m&agrave; doanh nghi&#7879;p b&#7841;n &#273;ang g&#7863;p ph&#7843;i. Ch&uacute;ng t&ocirc;i s&#7869; cung c&#7845;p nh&#7919;ng gi&#7843;i ph&aacute;p t&#7889;i &#432;u nh&#7845;t!<br>\nNgo&agrave;i ra Thi&#7871;t B&#7883; C&ocirc;ng Ngh&#7879; V&#7841;n N&#259;ng Ch&uacute;ng T&ocirc;i lu&ocirc;n h&#432;&#7899;ng &#273;&#7871;n tr&#7843;i nghi&#7879;m kh&aacute;ch h&agrave;ng, v&igrave; v&#7853;y ch&uacute;ng t&ocirc;i c&oacute; nh&#7919;ng ch&iacute;nh s&aacute;ch b&#7843;o h&agrave;nh, b&#7843;o tr&igrave; &ndash; b&#7843;o d&#432;&#7905;ng, hi&#7879;u chu&#7849;n v&#7899;i t&#7845;t c&#7843; c&aacute;c thi&#7871;t b&#7883;, m&aacute;y m&oacute;c m&agrave; ch&uacute;ng t&ocirc;i cung c&#7845;p. &#272;&#7843;m b&#7843;o mang &#273;&#7871;n cho Kh&aacute;ch h&agrave;ng s&#7921; y&ecirc;n t&acirc;m tuy&#7879;t &#273;&#7889;i v&#7873; d&#7883;ch v&#7909; khi mua h&agrave;ng.<\/p><p>Xem th&ecirc;m: M&aacute;y Th&#7917; &#272;&#7897; B&#7873;n K&eacute;o (Static Material Testing Machines) STEP Lab Model EA200<\/p><p>T&#7893;ng K&#7871;t<br>\nD&#7909;ng C&#7909; K&eacute;o M&#7921;c In RK Model Esiproof l&agrave; c&ocirc;ng c&#7909; kh&ocirc;ng th&#7875; thi&#7871;u cho c&aacute;c nh&agrave; s&#7843;n xu&#7845;t m&#7921;c, ph&ograve;ng th&iacute; nghi&#7879;m v&agrave; nh&agrave; in chuy&ecirc;n nghi&#7879;p. S&#7903; h&#7919;u thi&#7871;t b&#7883; n&agrave;y gi&uacute;p n&acirc;ng cao ch&#7845;t l&#432;&#7907;ng ki&#7875;m tra m&agrave;u, gi&#7843;m r&#7911;i ro khi ch&#7841;y in th&#7921;c t&#7871; v&agrave; t&#7889;i &#432;u h&oacute;a quy tr&igrave;nh s&#7843;n xu&#7845;t. H&atilde;y li&ecirc;n h&#7879; v&#7899;i V&#7841;n N&#259;ng ngay &#273;&#7875; &#273;&#432;&#7907;c t&#432; v&#7845;n chuy&ecirc;n s&acirc;u v&agrave; nh&#7853;n nh&#7919;ng &#432;u &#273;&atilde;i h&#7845;p d&#7851;n nh&#7845;t th&ocirc;ng qua hotline0903 991 335 !<\/p><div style=\"background-color: #f8fafc; border: 1px solid #e2e8f0; border-radius: 8px; padding: 25px; max-width: 800px; margin: 30px auto; color: #334155; line-height: 1.8; font-size: 17px; box-shadow: 0 4px 6px -1px rgba(0,0,0,0.05); text-align: left; clear: both;\">\nC&ocirc;ng ty TNHH Th&#432;&#417;ng M&#7841;i D&#7883;ch V&#7909; Thi&#7871;t B&#7883; C&ocirc;ng Ngh&#7879; V&#7841;n N&#259;ng\n<p style=\"margin: 0 0 10px 0;\">&#128205; <strong style=\"color: #1e293b;\">&#272;&#7883;a ch&#7881;:<\/strong> <a style=\"color: #059669; text-decoration: none; font-weight: bold;\" href=\"https:\/\/www.google.com\/maps\/search\/C%C3%B4ng+ty+TNHH+Th%C6%B0%C6%A1ng+M%E1%BA%A1i+D%E1%BB%8Bch+V%E1%BB%A5+Thi%E1%BA%BFt+B%E1%BB%8B+C%C3%B4ng+Ngh%E1%BB%87+V%E1%BA%A1n+N%C4%83ng+818+Tr%C6%B0%E1%BB%9Dng+Chinh\" target=\"_blank\" rel=\"noopener\">818 Tr&#432;&#7901;ng Chinh, Ph&#432;&#7901;ng T&acirc;n S&#417;n, Th&agrave;nh ph&#7889; H&#7891; Ch&iacute; Minh, Vi&#7879;t Nam<\/a><\/p>\n<p style=\"margin: 0 0 10px 0;\">&#128222; <strong style=\"color: #1e293b;\">S&#272;T &ndash; Zalo:<\/strong> <a style=\"color: #059669; text-decoration: none; font-weight: bold;\" href=\"https:\/\/zalo.me\/0903991335\" target=\"_blank\" rel=\"noopener\">0903 991 335<\/a> <span style=\"color: #64748b; font-style: italic;\">(Ms. H&#7841;nh &ndash; Gi&aacute;m &#272;&#7889;c Kinh Doanh)<\/span><\/p>\n<p style=\"margin: 0;\">&#9993;&#65039; <strong style=\"color: #1e293b;\">Email:<\/strong> <a style=\"color: #059669; text-decoration: none; font-weight: bold;\" href=\"mailto:hienhanh@vannangvn.com\">hienhanh@vannangvn.com<\/a><\/p>\n<\/div><\/h1>","protected":false},"excerpt":{"rendered":"<p><strong>Th&#432;&#417;ng hi&#7879;u:<\/strong> RK Print Coat Instruments<br>\n<strong>Model:<\/strong> Esiproof<p>Product <strong>D&#7908;NG C&#7908; K&Eacute;O M&#7920;C IN RK MODEL ESIPROOF<\/strong> ch&iacute;nh h&atilde;ng. RK Print Coat Instruments (UK)<br>\nD&#7909;ng c&#7909; k&eacute;o m&#7921;c in RK Esiproof l&agrave; thi&#7871;t b&#7883; th&#7911; c&ocirc;ng ch&iacute;nh x&aacute;c cao, chuy&ecirc;n d&ugrave;ng &#273;&#7875; t&#7841;o m&#7851;u in Flexo ch&#7845;t l&#432;&#7907;ng th&#7921;c t&#7871;. M&aacute;y s&#7917; d&#7909;ng dao g&#7841;t m&#7921;c (doctor blade), cho ph&eacute;p ki&#7875;m tra t&#7845;t c&#7843; c&aacute;c lo&#7841;i m&#7921;c, k&#7875; c&#7843; m&#7921;c UV v&agrave; m&#7921;c c&oacute; &#273;&#7897; nh&#7899;t cao.<\/p><\/p>","protected":false},"featured_media":9969,"comment_status":"open","ping_status":"closed","template":"","meta":[],"product_brand":[],"product_cat":[18],"product_tag":[967,968,969,107,116,119,176,371],"class_list":{"0":"post-6250","1":"product","2":"type-product","3":"status-publish","4":"has-post-thumbnail","6":"product_cat-chua-phan-loai","7":"product_tag-muc","8":"product_tag-rk","9":"product_tag-esiproof","10":"product_tag-dung","11":"product_tag-model","12":"product_tag-in","13":"product_tag-keo","14":"product_tag-cu","16":"first","17":"instock","18":"shipping-taxable","19":"product-type-simple"},"yoast_head":"<!-- This site is optimized with the Yoast SEO Premium plugin v24.8 (Yoast SEO v24.8) - https:\/\/yoast.com\/wordpress\/plugins\/seo\/ -->\n<title>D\u1ee4NG C\u1ee4 K\u00c9O M\u1ef0C IN RK MODEL ESIPROOF ch\u00ednh h\u00e3ng | V\u1ea1n N\u0103ng<\/title>\n<meta name=\"description\" content=\"Mua ngay D\u1ee4NG C\u1ee4 K\u00c9O M\u1ef0C IN RK MODEL ESIPROOF ch\u00ednh h\u00e3ng. D\u1ee5ng c\u1ee5 k\u00e9o m\u1ef1c in RK Esiproof l\u00e0 thi\u1ebft b\u1ecb th\u1ee7 c\u00f4ng ch\u00ednh x\u00e1c cao, chuy\u00ea... Gi\u00e1 t\u1ed1t!\" \/>\n<meta name=\"robots\" content=\"noindex, follow, max-snippet:-1, max-image-preview:large, max-video-preview:-1\" \/>\n<meta property=\"og:locale\" content=\"en_US\" \/>\n<meta property=\"og:type\" content=\"article\" \/>\n<meta property=\"og:title\" content=\"D\u1ee4NG C\u1ee4 K\u00c9O M\u1ef0C IN RK MODEL ESIPROOF\" \/>\n<meta property=\"og:description\" content=\"Mua ngay D\u1ee4NG C\u1ee4 K\u00c9O M\u1ef0C IN RK MODEL ESIPROOF ch\u00ednh h\u00e3ng. D\u1ee5ng c\u1ee5 k\u00e9o m\u1ef1c in RK Esiproof l\u00e0 thi\u1ebft b\u1ecb th\u1ee7 c\u00f4ng ch\u00ednh x\u00e1c cao, chuy\u00ea... Gi\u00e1 t\u1ed1t!\" \/>\n<meta property=\"og:url\" content=\"https:\/\/vannangvn.123websitedev.com\/en\/product\/dung-cu-keo-muc-in-rk-model-esiproof\/\" \/>\n<meta property=\"og:site_name\" content=\"Vannang.vn\" \/>\n<meta property=\"article:modified_time\" content=\"2026-03-30T11:15:55+00:00\" \/>\n<meta property=\"og:image\" content=\"http:\/\/vannangvn.123websitedev.com\/wp-content\/uploads\/2026\/03\/23-4-768x576-copy.jpg\" \/>\n\t<meta property=\"og:image:width\" content=\"768\" \/>\n\t<meta property=\"og:image:height\" content=\"576\" \/>\n\t<meta property=\"og:image:type\" content=\"image\/jpeg\" \/>\n<meta name=\"twitter:card\" content=\"summary_large_image\" \/>\n<meta name=\"twitter:label1\" content=\"Est. reading time\" \/>\n\t<meta name=\"twitter:data1\" content=\"9 minutes\" \/>\n<script type=\"application\/ld+json\" class=\"yoast-schema-graph\">{\"@context\":\"https:\/\/schema.org\",\"@graph\":[{\"@type\":\"WebPage\",\"@id\":\"https:\/\/vannangvn.123websitedev.com\/san-pham\/dung-cu-keo-muc-in-rk-model-esiproof\/\",\"url\":\"https:\/\/vannangvn.123websitedev.com\/san-pham\/dung-cu-keo-muc-in-rk-model-esiproof\/\",\"name\":\"D\u1ee4NG C\u1ee4 K\u00c9O M\u1ef0C IN RK MODEL ESIPROOF ch\u00ednh h\u00e3ng | V\u1ea1n N\u0103ng\",\"isPartOf\":{\"@id\":\"https:\/\/vannangvn.123websitedev.com\/#website\"},\"primaryImageOfPage\":{\"@id\":\"https:\/\/vannangvn.123websitedev.com\/san-pham\/dung-cu-keo-muc-in-rk-model-esiproof\/#primaryimage\"},\"image\":{\"@id\":\"https:\/\/vannangvn.123websitedev.com\/san-pham\/dung-cu-keo-muc-in-rk-model-esiproof\/#primaryimage\"},\"thumbnailUrl\":\"https:\/\/vannangvn.123websitedev.com\/wp-content\/uploads\/2026\/03\/23-4-768x576-copy.jpg\",\"datePublished\":\"2026-03-20T10:25:17+00:00\",\"dateModified\":\"2026-03-30T11:15:55+00:00\",\"description\":\"Mua ngay D\u1ee4NG C\u1ee4 K\u00c9O M\u1ef0C IN RK MODEL ESIPROOF ch\u00ednh h\u00e3ng. D\u1ee5ng c\u1ee5 k\u00e9o m\u1ef1c in RK Esiproof l\u00e0 thi\u1ebft b\u1ecb th\u1ee7 c\u00f4ng ch\u00ednh x\u00e1c cao, chuy\u00ea... Gi\u00e1 t\u1ed1t!\",\"breadcrumb\":{\"@id\":\"https:\/\/vannangvn.123websitedev.com\/san-pham\/dung-cu-keo-muc-in-rk-model-esiproof\/#breadcrumb\"},\"inLanguage\":\"en-US\",\"potentialAction\":[{\"@type\":\"ReadAction\",\"target\":[\"https:\/\/vannangvn.123websitedev.com\/san-pham\/dung-cu-keo-muc-in-rk-model-esiproof\/\"]}]},{\"@type\":\"ImageObject\",\"inLanguage\":\"en-US\",\"@id\":\"https:\/\/vannangvn.123websitedev.com\/san-pham\/dung-cu-keo-muc-in-rk-model-esiproof\/#primaryimage\",\"url\":\"https:\/\/vannangvn.123websitedev.com\/wp-content\/uploads\/2026\/03\/23-4-768x576-copy.jpg\",\"contentUrl\":\"https:\/\/vannangvn.123websitedev.com\/wp-content\/uploads\/2026\/03\/23-4-768x576-copy.jpg\",\"width\":768,\"height\":576},{\"@type\":\"BreadcrumbList\",\"@id\":\"https:\/\/vannangvn.123websitedev.com\/san-pham\/dung-cu-keo-muc-in-rk-model-esiproof\/#breadcrumb\",\"itemListElement\":[{\"@type\":\"ListItem\",\"position\":1,\"name\":\"Trang ch\u1ee7\",\"item\":\"https:\/\/vannangvn.123websitedev.com\/\"},{\"@type\":\"ListItem\",\"position\":2,\"name\":\"S\u1ea3n ph\u1ea9m\",\"item\":\"https:\/\/vannangvn.123websitedev.com\/cua-hang\/\"},{\"@type\":\"ListItem\",\"position\":3,\"name\":\"D\u1ee4NG C\u1ee4 K\u00c9O M\u1ef0C IN RK MODEL ESIPROOF\"}]},{\"@type\":\"WebSite\",\"@id\":\"https:\/\/vannangvn.123websitedev.com\/#website\",\"url\":\"https:\/\/vannangvn.123websitedev.com\/\",\"name\":\"Vannang.vn\",\"description\":\"\",\"publisher\":{\"@id\":\"https:\/\/vannangvn.123websitedev.com\/#organization\"},\"potentialAction\":[{\"@type\":\"SearchAction\",\"target\":{\"@type\":\"EntryPoint\",\"urlTemplate\":\"https:\/\/vannangvn.123websitedev.com\/?s={search_term_string}\"},\"query-input\":{\"@type\":\"PropertyValueSpecification\",\"valueRequired\":true,\"valueName\":\"search_term_string\"}}],\"inLanguage\":\"en-US\"},{\"@type\":\"Organization\",\"@id\":\"https:\/\/vannangvn.123websitedev.com\/#organization\",\"name\":\"Vannang.vn\",\"url\":\"https:\/\/vannangvn.123websitedev.com\/\",\"logo\":{\"@type\":\"ImageObject\",\"inLanguage\":\"en-US\",\"@id\":\"https:\/\/vannangvn.123websitedev.com\/#\/schema\/logo\/image\/\",\"url\":\"https:\/\/vannangvn.123websitedev.com\/wp-content\/uploads\/2026\/02\/logo-van-nang-02.png\",\"contentUrl\":\"https:\/\/vannangvn.123websitedev.com\/wp-content\/uploads\/2026\/02\/logo-van-nang-02.png\",\"width\":448,\"height\":111,\"caption\":\"Vannang.vn\"},\"image\":{\"@id\":\"https:\/\/vannangvn.123websitedev.com\/#\/schema\/logo\/image\/\"}}]}<\/script>\n<!-- \/ Yoast SEO Premium plugin. -->","yoast_head_json":{"title":"D\u1ee4NG C\u1ee4 K\u00c9O M\u1ef0C IN RK MODEL ESIPROOF ch\u00ednh h\u00e3ng | V\u1ea1n N\u0103ng","description":"Mua ngay D\u1ee4NG C\u1ee4 K\u00c9O M\u1ef0C IN RK MODEL ESIPROOF ch\u00ednh h\u00e3ng. D\u1ee5ng c\u1ee5 k\u00e9o m\u1ef1c in RK Esiproof l\u00e0 thi\u1ebft b\u1ecb th\u1ee7 c\u00f4ng ch\u00ednh x\u00e1c cao, chuy\u00ea... Gi\u00e1 t\u1ed1t!","robots":{"index":"noindex","follow":"follow","max-snippet":"max-snippet:-1","max-image-preview":"max-image-preview:large","max-video-preview":"max-video-preview:-1"},"og_locale":"en_US","og_type":"article","og_title":"D\u1ee4NG C\u1ee4 K\u00c9O M\u1ef0C IN RK MODEL ESIPROOF","og_description":"Mua ngay D\u1ee4NG C\u1ee4 K\u00c9O M\u1ef0C IN RK MODEL ESIPROOF ch\u00ednh h\u00e3ng. D\u1ee5ng c\u1ee5 k\u00e9o m\u1ef1c in RK Esiproof l\u00e0 thi\u1ebft b\u1ecb th\u1ee7 c\u00f4ng ch\u00ednh x\u00e1c cao, chuy\u00ea... Gi\u00e1 t\u1ed1t!","og_url":"https:\/\/vannangvn.123websitedev.com\/en\/product\/dung-cu-keo-muc-in-rk-model-esiproof\/","og_site_name":"Vannang.vn","article_modified_time":"2026-03-30T11:15:55+00:00","og_image":[{"width":768,"height":576,"url":"http:\/\/vannangvn.123websitedev.com\/wp-content\/uploads\/2026\/03\/23-4-768x576-copy.jpg","type":"image\/jpeg"}],"twitter_card":"summary_large_image","twitter_misc":{"Est. reading time":"9 minutes"},"schema":{"@context":"https:\/\/schema.org","@graph":[{"@type":"WebPage","@id":"https:\/\/vannangvn.123websitedev.com\/san-pham\/dung-cu-keo-muc-in-rk-model-esiproof\/","url":"https:\/\/vannangvn.123websitedev.com\/san-pham\/dung-cu-keo-muc-in-rk-model-esiproof\/","name":"D\u1ee4NG C\u1ee4 K\u00c9O M\u1ef0C IN RK MODEL ESIPROOF ch\u00ednh h\u00e3ng | V\u1ea1n N\u0103ng","isPartOf":{"@id":"https:\/\/vannangvn.123websitedev.com\/#website"},"primaryImageOfPage":{"@id":"https:\/\/vannangvn.123websitedev.com\/san-pham\/dung-cu-keo-muc-in-rk-model-esiproof\/#primaryimage"},"image":{"@id":"https:\/\/vannangvn.123websitedev.com\/san-pham\/dung-cu-keo-muc-in-rk-model-esiproof\/#primaryimage"},"thumbnailUrl":"https:\/\/vannangvn.123websitedev.com\/wp-content\/uploads\/2026\/03\/23-4-768x576-copy.jpg","datePublished":"2026-03-20T10:25:17+00:00","dateModified":"2026-03-30T11:15:55+00:00","description":"Mua ngay D\u1ee4NG C\u1ee4 K\u00c9O M\u1ef0C IN RK MODEL ESIPROOF ch\u00ednh h\u00e3ng. D\u1ee5ng c\u1ee5 k\u00e9o m\u1ef1c in RK Esiproof l\u00e0 thi\u1ebft b\u1ecb th\u1ee7 c\u00f4ng ch\u00ednh x\u00e1c cao, chuy\u00ea... Gi\u00e1 t\u1ed1t!","breadcrumb":{"@id":"https:\/\/vannangvn.123websitedev.com\/san-pham\/dung-cu-keo-muc-in-rk-model-esiproof\/#breadcrumb"},"inLanguage":"en-US","potentialAction":[{"@type":"ReadAction","target":["https:\/\/vannangvn.123websitedev.com\/san-pham\/dung-cu-keo-muc-in-rk-model-esiproof\/"]}]},{"@type":"ImageObject","inLanguage":"en-US","@id":"https:\/\/vannangvn.123websitedev.com\/san-pham\/dung-cu-keo-muc-in-rk-model-esiproof\/#primaryimage","url":"https:\/\/vannangvn.123websitedev.com\/wp-content\/uploads\/2026\/03\/23-4-768x576-copy.jpg","contentUrl":"https:\/\/vannangvn.123websitedev.com\/wp-content\/uploads\/2026\/03\/23-4-768x576-copy.jpg","width":768,"height":576},{"@type":"BreadcrumbList","@id":"https:\/\/vannangvn.123websitedev.com\/san-pham\/dung-cu-keo-muc-in-rk-model-esiproof\/#breadcrumb","itemListElement":[{"@type":"ListItem","position":1,"name":"Trang ch\u1ee7","item":"https:\/\/vannangvn.123websitedev.com\/"},{"@type":"ListItem","position":2,"name":"S\u1ea3n ph\u1ea9m","item":"https:\/\/vannangvn.123websitedev.com\/cua-hang\/"},{"@type":"ListItem","position":3,"name":"D\u1ee4NG C\u1ee4 K\u00c9O M\u1ef0C IN RK MODEL ESIPROOF"}]},{"@type":"WebSite","@id":"https:\/\/vannangvn.123websitedev.com\/#website","url":"https:\/\/vannangvn.123websitedev.com\/","name":"Vannang.vn","description":"","publisher":{"@id":"https:\/\/vannangvn.123websitedev.com\/#organization"},"potentialAction":[{"@type":"SearchAction","target":{"@type":"EntryPoint","urlTemplate":"https:\/\/vannangvn.123websitedev.com\/?s={search_term_string}"},"query-input":{"@type":"PropertyValueSpecification","valueRequired":true,"valueName":"search_term_string"}}],"inLanguage":"en-US"},{"@type":"Organization","@id":"https:\/\/vannangvn.123websitedev.com\/#organization","name":"Vannang.vn","url":"https:\/\/vannangvn.123websitedev.com\/","logo":{"@type":"ImageObject","inLanguage":"en-US","@id":"https:\/\/vannangvn.123websitedev.com\/#\/schema\/logo\/image\/","url":"https:\/\/vannangvn.123websitedev.com\/wp-content\/uploads\/2026\/02\/logo-van-nang-02.png","contentUrl":"https:\/\/vannangvn.123websitedev.com\/wp-content\/uploads\/2026\/02\/logo-van-nang-02.png","width":448,"height":111,"caption":"Vannang.vn"},"image":{"@id":"https:\/\/vannangvn.123websitedev.com\/#\/schema\/logo\/image\/"}}]}},"_links":{"self":[{"href":"https:\/\/vannangvn.123websitedev.com\/en\/wp-json\/wp\/v2\/product\/6250","targetHints":{"allow":["GET"]}}],"collection":[{"href":"https:\/\/vannangvn.123websitedev.com\/en\/wp-json\/wp\/v2\/product"}],"about":[{"href":"https:\/\/vannangvn.123websitedev.com\/en\/wp-json\/wp\/v2\/types\/product"}],"replies":[{"embeddable":true,"href":"https:\/\/vannangvn.123websitedev.com\/en\/wp-json\/wp\/v2\/comments?post=6250"}],"wp:featuredmedia":[{"embeddable":true,"href":"https:\/\/vannangvn.123websitedev.com\/en\/wp-json\/wp\/v2\/media\/9969"}],"wp:attachment":[{"href":"https:\/\/vannangvn.123websitedev.com\/en\/wp-json\/wp\/v2\/media?parent=6250"}],"wp:term":[{"taxonomy":"product_brand","embeddable":true,"href":"https:\/\/vannangvn.123websitedev.com\/en\/wp-json\/wp\/v2\/product_brand?post=6250"},{"taxonomy":"product_cat","embeddable":true,"href":"https:\/\/vannangvn.123websitedev.com\/en\/wp-json\/wp\/v2\/product_cat?post=6250"},{"taxonomy":"product_tag","embeddable":true,"href":"https:\/\/vannangvn.123websitedev.com\/en\/wp-json\/wp\/v2\/product_tag?post=6250"}],"curies":[{"name":"wp","href":"https:\/\/api.w.org\/{rel}","templated":true}]}}