{"id":6262,"date":"2026-03-20T17:25:29","date_gmt":"2026-03-20T10:25:29","guid":{"rendered":"https:\/\/vannangvn.123websitedev.com\/san-pham\/e-to-ban-phay-asaki-model-ak-7030\/"},"modified":"2026-03-30T18:16:12","modified_gmt":"2026-03-30T11:16:12","slug":"e-to-ban-phay-asaki-model-ak-7030","status":"publish","type":"product","link":"https:\/\/vannangvn.123websitedev.com\/en\/product\/e-to-ban-phay-asaki-model-ak-7030\/","title":{"rendered":"\u00ca T\u00d4 B\u00c0N PHAY ASAKI MODEL AK-7030"},"content":{"rendered":"<h1 style=\"color: red; font-weight: bold; font-size: 24px;\">T&#7893;ng quan s&#7843;n ph&#7849;m &Ecirc; T&Ocirc; B&Agrave;N PHAY ASAKI MODEL AK-7030<p>&Ecirc; T&ocirc; B&agrave;n Phay (Heavy-Duty Swivel Vice 75mm) Asaki Model AK-7030<br>\n&Ecirc; T&ocirc; B&agrave;n Phay 75mm Asaki Model AK-7030 l&agrave; m&#7897;t trong nh&#7919;ng s&#7843;n ph&#7849;m ch&#7845;t l&#432;&#7907;ng cao thu&#7897;c d&ograve;ng d&#7909;ng c&#7909; h&#7895; tr&#7907; k&#7865;p gi&#7919; chuy&ecirc;n d&#7909;ng trong gia c&ocirc;ng c&#417; kh&iacute; v&agrave; s&#7917;a ch&#7919;a k&#7929; thu&#7853;t. V&#7899;i thi&#7871;t k&#7871; ch&#7855;c ch&#7855;n, v&#7853;t li&#7879;u cao c&#7845;p v&agrave; kh&#7843; n&#259;ng ho&#7841;t &#273;&#7897;ng linh ho&#7841;t trong nhi&#7873;u m&ocirc;i tr&#432;&#7901;ng kh&aacute;c nhau, s&#7843;n ph&#7849;m &#273;ang &#273;&#432;&#7907;c &#273;&ocirc;ng &#273;&#7843;o ng&#432;&#7901;i d&ugrave;ng t&#7915; k&#7929; thu&#7853;t vi&ecirc;n, th&#7907; m&aacute;y, &#273;&#7871;n c&aacute;c x&#432;&#7903;ng s&#7843;n xu&#7845;t tin t&#432;&#7903;ng s&#7917; d&#7909;ng.<br>\nModel AK-7030 kh&ocirc;ng ch&#7881; gi&uacute;p c&#7889; &#273;&#7883;nh chi ti&#7871;t m&#7897;t c&aacute;ch ch&iacute;nh x&aacute;c, m&agrave; c&ograve;n gia t&#259;ng &#273;&#7897; an to&agrave;n v&agrave; hi&#7879;u qu&#7843; cho ng&#432;&#7901;i thao t&aacute;c. H&atilde;y c&ugrave;ng V&#7841;n N&#259;ng t&igrave;m hi&#7875;u chi ti&#7871;t h&#417;n v&#7873; s&#7843;n ph&#7849;m th&ocirc;ng qua b&agrave;i vi&#7871;t d&#432;&#7899;i &#273;&acirc;y nh&eacute;!<\/p><p>Xem th&ecirc;m: M&aacute;y &#272;o &#272;&#7897; D&agrave;y L&#7899;p Ph&#7911; (Premium Dry Film Thickness Gauge) Phynix Model Surfix Pro X<\/p><p>C&#7845;u T&#7841;o C&#7911;a &Ecirc; T&ocirc; AK-7030<br>\nTh&acirc;n &ecirc; t&ocirc;:<br>\nTo&agrave;n b&#7897; ph&#7847;n th&acirc;n c&#7911;a &Ecirc; T&ocirc; B&agrave;n Phay 75mm Asaki AK-7030 &#273;&#432;&#7907;c &#273;&uacute;c nguy&ecirc;n kh&#7889;i t&#7915; h&#7907;p kim th&eacute;p &#273;&#7863;c bi&#7879;t, c&oacute; kh&#7843; n&#259;ng ch&#7883;u l&#7921;c cao v&agrave; ch&#7889;ng bi&#7871;n d&#7841;ng hi&#7879;u qu&#7843;. Thi&#7871;t k&#7871; n&agrave;y kh&ocirc;ng nh&#7919;ng gi&uacute;p t&#259;ng tu&#7893;i th&#7885; s&#7843;n ph&#7849;m m&agrave; c&ograve;n &#273;&#7843;m b&#7843;o kh&#7843; n&#259;ng ch&#7883;u &#273;&#7921;ng &#273;&#432;&#7907;c m&ocirc;i tr&#432;&#7901;ng l&agrave;m vi&#7879;c kh&#7855;c nghi&#7879;t nh&#432; nh&agrave; m&aacute;y, x&#432;&#7903;ng c&#417; kh&iacute; ho&#7863;c n&#417;i c&oacute; &#273;&#7897; &#7849;m cao.<br>\nNg&agrave;m k&#7865;p:<br>\nNg&agrave;m k&#7865;p &#273;&#432;&#7907;c gia c&ocirc;ng k&#7929; l&#432;&#7905;ng, c&oacute; &#273;&#7897; c&#7913;ng cao v&agrave; ch&#7889;ng m&agrave;i m&ograve;n v&#432;&#7907;t tr&#7897;i. V&#7899;i &#273;&#7897; m&#7903; chu&#7849;n x&aacute;c 75mm, &Ecirc; T&ocirc; B&agrave;n Phay 75mm AK-7030 d&#7877; d&agrave;ng gi&#7919; ch&#7863;t c&aacute;c chi ti&#7871;t c&oacute; k&iacute;ch th&#432;&#7899;c v&#7915;a v&agrave; nh&#7887;, ph&#7909;c v&#7909; &#273;a d&#7841;ng m&#7909;c &#273;&iacute;ch s&#7917; d&#7909;ng t&#7915; k&#7865;p &#7889;ng th&eacute;p, thanh kim lo&#7841;i, g&#7895; cho &#273;&#7871;n c&aacute;c ph&ocirc;i &#273;&#7883;nh h&igrave;nh chuy&ecirc;n bi&#7879;t.<br>\nC&#417; c&#7845;u tr&#432;&#7907;t v&agrave; v&iacute;t me:<br>\nC&#417; ch&#7871; tr&#432;&#7907;t linh ho&#7841;t gi&uacute;p thao t&aacute;c k&#7865;p, gi&#7919; nhanh ch&oacute;ng v&agrave; nh&#7865; nh&agrave;ng, h&#7841;n ch&#7871; ma s&aacute;t v&agrave; n&acirc;ng cao &#273;&#7897; ch&iacute;nh x&aacute;c khi c&#259;n ch&#7881;nh v&#7883; tr&iacute; ph&ocirc;i. V&iacute;t me &#273;&#432;&#7907;c thi&#7871;t k&#7871; v&#7899;i b&#432;&#7899;c ren ti&ecirc;u chu&#7849;n, gia c&ocirc;ng ch&iacute;nh x&aacute;c nh&#7857;m gi&#7843;m thi&#7875;u t&#7889;i &#273;a hi&#7879;n t&#432;&#7907;ng tr&#432;&#7907;t r&#259;ng hay k&#7865;t c&#417;.<br>\n&#272;&#7871; k&#7865;p:<br>\n&#272;&#7871; c&#7911;a &Ecirc; T&ocirc; AK-7030 &#273;&#432;&#7907;c thi&#7871;t k&#7871; ph&#7859;ng, c&oacute; th&#7875; l&#7855;p &#273;&#7863;t c&#7889; &#273;&#7883;nh l&ecirc;n b&agrave;n l&agrave;m vi&#7879;c ho&#7863;c m&#7863;t ph&#7859;ng ngang b&#7857;ng bulong ho&#7863;c k&#7865;p gi&#7919;. Nh&#7901; thi&#7871;t k&#7871; ch&#7855;c ch&#7855;n n&agrave;y, ng&#432;&#7901;i d&ugrave;ng c&oacute; th&#7875; l&agrave;m vi&#7879;c v&#7899;i &#273;&#7897; &#7893;n &#273;&#7883;nh cao v&agrave; h&#7841;n ch&#7871; rung l&#7855;c trong qu&aacute; tr&igrave;nh thao t&aacute;c.<\/p><p>Xem th&ecirc;m: M&aacute;y Hu&#7923;nh Quang Tia X C&#7847;m Tay (Handheld XRF Spectrometers) Bruker Model S1 TITAN 500<\/p><h2 style=\"color: #2e7d32; font-weight: bold; font-size: 20px;\">&#431;u &#272;i&#7875;m N&#7893;i B&#7853;t C&#7911;a &Ecirc; T&ocirc; AK-7030<\/h2><p>Ch&#7845;t li&#7879;u cao c&#7845;p<br>\nAsaki AK-7030 &#273;&#432;&#7907;c s&#7843;n xu&#7845;t t&#7915; h&#7907;p kim th&eacute;p c&#432;&#7901;ng l&#7921;c c&oacute; kh&#7843; n&#259;ng ch&#7889;ng g&#7881; s&eacute;t, ch&#7883;u nhi&#7879;t v&agrave; kh&aacute;ng h&oacute;a ch&#7845;t t&#7889;t. Nh&#7901; &#273;&oacute;, s&#7843;n ph&#7849;m kh&ocirc;ng b&#7883; xu&#7889;ng c&#7845;p sau th&#7901;i gian d&agrave;i s&#7917; d&#7909;ng trong m&ocirc;i tr&#432;&#7901;ng kh&#7855;c nghi&#7879;t.<br>\nThi&#7871;t k&#7871; t&#7889;i &#432;u, thao t&aacute;c d&#7877; d&agrave;ng<br>\nT&#7915; k&#7871;t c&#7845;u ng&agrave;m k&#7865;p &#273;&#7871;n tay quay &#273;&#7873;u &#273;&#432;&#7907;c thi&#7871;t k&#7871; khoa h&#7885;c, Asaki Model AK-7030 gi&uacute;p ng&#432;&#7901;i d&ugrave;ng thao t&aacute;c nh&#7865; nh&agrave;ng nh&#432;ng v&#7851;n &#273;&#7843;m b&#7843;o l&#7921;c k&#7865;p m&#7841;nh. Kh&#7843; n&#259;ng m&#7903; r&#7897;ng c&#7911;a ng&agrave;m l&ecirc;n t&#7899;i 75mm gi&uacute;p linh ho&#7841;t khi gi&#7919; c&aacute;c v&#7853;t th&#7875; c&oacute; k&iacute;ch c&#7905; kh&aacute;c nhau.<\/p><p>&#7912;ng d&#7909;ng &#273;a n&#259;ng<br>\nAK-7030 Asaki l&agrave; d&#7909;ng c&#7909; l&yacute; t&#432;&#7903;ng cho c&aacute;c c&ocirc;ng vi&#7879;c nh&#432; h&agrave;n, c&#7855;t, m&agrave;i, l&#7855;p r&aacute;p hay &#273;&#7883;nh h&igrave;nh chi ti&#7871;t. S&#7843;n ph&#7849;m th&#432;&#7901;ng xuy&ecirc;n &#273;&#432;&#7907;c s&#7917; d&#7909;ng trong c&aacute;c x&#432;&#7903;ng c&#417; kh&iacute;, gara &ocirc; t&ocirc;, c&aacute;c trung t&acirc;m b&#7843;o tr&igrave; k&#7929; thu&#7853;t c&#361;ng nh&#432; trong c&aacute;c tr&#432;&#7901;ng &#273;&agrave;o t&#7841;o ngh&#7873;.<br>\nAn to&agrave;n v&agrave; th&acirc;n thi&#7879;n v&#7899;i ng&#432;&#7901;i d&ugrave;ng<br>\nTo&agrave;n b&#7897; c&aacute;c th&agrave;nh ph&#7847;n &#273;&#432;&#7907;c thi&#7871;t k&#7871; sao cho gi&#7843;m thi&#7875;u t&#7889;i &#273;a nguy c&#417; g&acirc;y t&#7893;n th&#432;&#417;ng trong qu&aacute; tr&igrave;nh s&#7917; d&#7909;ng. Tay quay &#273;&#432;&#7907;c b&#7885;c l&#7899;p c&aacute;ch nhi&#7879;t, c&aacute;c chi ti&#7871;t c&#417; kh&iacute; &#273;&#432;&#7907;c bo tr&ograve;n h&#7907;p l&yacute;, tr&aacute;nh c&#7841;nh s&#7855;c g&acirc;y nguy hi&#7875;m.<\/p><p>Xem th&ecirc;m: H&#7879; Th&#7889;ng &#272;o &#272;&#7897; D&agrave;y M&agrave;ng Film Trong S&#7843;n Xu&#7845;t Kurabo Yamabun Model NME-RM<\/p><p>H&#432;&#7899;ng D&#7851;n S&#7917; D&#7909;ng &Ecirc; T&ocirc; B&agrave;n Phay Asaki AK-7030 Hi&#7879;u Qu&#7843;<\/p><p>L&#7855;p &#273;&#7863;t: C&#7889; &#273;&#7883;nh &ecirc; t&ocirc; l&ecirc;n b&agrave;n l&agrave;m vi&#7879;c b&#7857;ng v&iacute;t ho&#7863;c bulong ch&#7855;c ch&#7855;n tr&#432;&#7899;c khi s&#7917; d&#7909;ng. &#272;&#7843;m b&#7843;o m&#7863;t b&agrave;n ph&#7859;ng, kh&ocirc;ng cong v&ecirc;nh &#273;&#7875; t&#259;ng &#273;&#7897; &#7893;n &#273;&#7883;nh.<br>\nC&#259;n ch&#7881;nh ph&ocirc;i: &#272;&#7863;t ph&ocirc;i c&#7847;n k&#7865;p v&agrave;o ng&agrave;m, sau &#273;&oacute; t&#7915; t&#7915; v&#7863;n tay quay &#273;&#7875; &#273;i&#7873;u ch&#7881;nh &#273;&#7897; si&#7871;t ph&ugrave; h&#7907;p. Kh&ocirc;ng n&ecirc;n si&#7871;t qu&aacute; m&#7841;nh &#273;&#7875; tr&aacute;nh l&agrave;m bi&#7871;n d&#7841;ng chi ti&#7871;t gia c&ocirc;ng.<br>\nTh&#7921;c hi&#7879;n thao t&aacute;c: Ti&#7871;n h&agrave;nh c&aacute;c c&ocirc;ng &#273;o&#7841;n nh&#432; c&#7855;t, m&agrave;i, khoan&hellip; m&#7897;t c&aacute;ch an to&agrave;n khi ph&ocirc;i &#273;&atilde; &#273;&#432;&#7907;c gi&#7919; ch&#7855;c.<br>\nB&#7843;o qu&#7843;n: Sau khi s&#7917; d&#7909;ng, lau s&#7841;ch b&#7873; m&#7863;t s&#7843;n ph&#7849;m b&#7857;ng kh&#259;n kh&ocirc; &#273;&#7875; lo&#7841;i b&#7887; b&#7909;i kim lo&#7841;i ho&#7863;c d&#7847;u m&#7905;. B&#7843;o qu&#7843;n &#7903; n&#417;i kh&ocirc; r&aacute;o, tho&aacute;ng m&aacute;t, tr&aacute;nh ti&#7871;p x&uacute;c tr&#7921;c ti&#7871;p v&#7899;i h&oacute;a ch&#7845;t ho&#7863;c n&#432;&#7899;c.<\/p><p>Nh&#7919;ng L&yacute; Do N&ecirc;n Mua &Ecirc; T&ocirc; B&agrave;n Phay T&#7841;i V&#7841;n N&#259;ng<\/p><p>C&ocirc;ng ty Thi&#7871;t B&#7883; C&ocirc;ng Ngh&#7879; V&#7841;n N&#259;ng l&agrave; &#273;&#7889;i t&aacute;c ch&iacute;nh th&#7913;c ph&acirc;n ph&#7889;i &Ecirc; T&ocirc; B&agrave;n Phay h&agrave;ng &#273;&#7847;u t&#7841;i Vi&#7879;t Nam, cam k&#7871;t cung c&#7845;p s&#7843;n ph&#7849;m ch&iacute;nh h&atilde;ng v&#7899;i gi&aacute; c&#7843; c&#7841;nh tranh nh&#7845;t th&#7883; tr&#432;&#7901;ng. V&#7899;i uy t&iacute;n tr&ecirc;n th&#7883; tr&#432;&#7901;ng v&agrave; ch&#7871; &#273;&#7897; h&#7851;u m&atilde;i t&#7889;t, Thi&#7871;t B&#7883; C&ocirc;ng Ngh&#7879; V&#7841;n N&#259;ng &#273;&atilde; nh&#7853;n &#273;&#432;&#7907;c s&#7921; tin t&#432;&#7903;ng t&#7915; kh&aacute;ch h&agrave;ng nh&#7901; v&agrave;o ch&#7845;t l&#432;&#7907;ng h&agrave;ng &#273;&#7847;u c&#7911;a c&aacute;c d&ograve;ng s&#7843;n ph&#7849;m.<br>\nS&#7843;n ph&#7849;m c&#7911;a ch&uacute;ng t&ocirc;i &#273;&#432;&#7907;c ki&#7875;m &#273;&#7883;nh ch&#7845;t l&#432;&#7907;ng, nh&#7853;p kh&#7849;u tr&#7921;c ti&#7871;p t&#7915; nh&agrave; m&aacute;y b&ecirc;n Ch&acirc;u &Acirc;u, M&#7929;, &Uacute;c, Nh&#7853;t B&#7843;n,&hellip; v&agrave; &#273;&aacute;p &#7913;ng nhu c&#7847;u &#273;a d&#7841;ng c&#7911;a th&#7883; tr&#432;&#7901;ng nh&#432;: M&aacute;y &#272;o &#272;&#7897; C&#7913;ng, &#272;&#7847;u D&ograve; Nhi&#7879;t &#272;&#7897;, M&aacute;y Ki&#7875;m Tra &#272;&#432;&#7901;ng Gh&eacute;p M&iacute; Lon,&hellip; Ch&uacute;ng t&ocirc;i cam k&#7871;t cung c&#7845;p s&#7843;n ph&#7849;m n&agrave;y tr&ecirc;n to&agrave;n qu&#7889;c v&#7899;i gi&aacute; c&#7843; c&#7841;nh tranh nh&#7845;t.<br>\nCh&uacute;ng t&ocirc;i c&oacute; &#273;&#7897;i ng&#361; chuy&ecirc;n vi&ecirc;n t&#432; v&#7845;n chuy&ecirc;n s&acirc;u s&#7869; h&#7895; tr&#7907; kh&aacute;ch h&agrave;ng v&#7873; chi ti&#7871;t s&#7843;n ph&#7849;m, h&#432;&#7899;ng d&#7851;n s&#7917; d&#7909;ng hay nh&#7919;ng th&#7913; li&ecirc;n quan &#273;&#7871;n v&#7845;n &#273;&#7873; m&agrave; doanh nghi&#7879;p b&#7841;n &#273;ang g&#7863;p ph&#7843;i. Ch&uacute;ng t&ocirc;i s&#7869; cung c&#7845;p nh&#7919;ng gi&#7843;i ph&aacute;p t&#7889;i &#432;u nh&#7845;t!<br>\nNgo&agrave;i ra Thi&#7871;t B&#7883; C&ocirc;ng Ngh&#7879; V&#7841;n N&#259;ng Ch&uacute;ng T&ocirc;i lu&ocirc;n h&#432;&#7899;ng &#273;&#7871;n tr&#7843;i nghi&#7879;m kh&aacute;ch h&agrave;ng, v&igrave; v&#7853;y ch&uacute;ng t&ocirc;i c&oacute; nh&#7919;ng ch&iacute;nh s&aacute;ch b&#7843;o h&agrave;nh, b&#7843;o tr&igrave; &ndash; b&#7843;o d&#432;&#7905;ng, hi&#7879;u chu&#7849;n v&#7899;i t&#7845;t c&#7843; c&aacute;c thi&#7871;t b&#7883;, m&aacute;y m&oacute;c m&agrave; ch&uacute;ng t&ocirc;i cung c&#7845;p. &#272;&#7843;m b&#7843;o mang &#273;&#7871;n cho Kh&aacute;ch h&agrave;ng s&#7921; y&ecirc;n t&acirc;m tuy&#7879;t &#273;&#7889;i v&#7873; d&#7883;ch v&#7909; khi mua h&agrave;ng.<\/p><p>Xem th&ecirc;m: H&#7879; Th&#7889;ng &#272;o &#272;&#7897; D&agrave;y M&agrave;ng Film Trong S&#7843;n Xu&#7845;t Kurabo Yamabun Model NME-RM<\/p><p>T&#7893;ng K&#7871;t<br>\nV&#7899;i thi&#7871;t k&#7871; b&#7873;n b&#7881;, ch&#7845;t li&#7879;u cao c&#7845;p v&agrave; &#273;&#7897; ch&iacute;nh x&aacute;c cao trong thao t&aacute;c k&#7865;p gi&#7919;, &Ecirc; T&ocirc; B&agrave;n Phay 75mm AK-7030 mang &#273;&#7871;n hi&#7879;u qu&#7843; v&#432;&#7907;t tr&#7897;i v&agrave; s&#7921; an t&acirc;m tuy&#7879;t &#273;&#7889;i cho ng&#432;&#7901;i d&ugrave;ng.H&atilde;y li&ecirc;n h&#7879; ngay v&#7899;i V&#7841;n N&#259;ng &#273;&#7875; &#273;&#432;&#7907;c t&#432; v&#7845;n chi ti&#7871;t v&agrave; nh&#7853;n ngay nh&#7919;ng &#432;u &#273;&atilde;i h&#7845;p d&#7851;n th&ocirc;ng qua hotline\/zalo: <a href=\"https:\/\/zalo.me\/0903991335\" target=\"_blank\" rel=\"noopener\" style=\"color: #059669; font-weight: bold; text-decoration: none;\">0903 991 335<\/a> !<\/p><div style=\"background-color: #f8fafc; border: 1px solid #e2e8f0; border-radius: 8px; padding: 25px; max-width: 800px; margin: 30px auto; color: #334155; line-height: 1.8; font-size: 17px; box-shadow: 0 4px 6px -1px rgba(0,0,0,0.05); text-align: left; clear: both;\">\nC&ocirc;ng ty TNHH Th&#432;&#417;ng M&#7841;i D&#7883;ch V&#7909; Thi&#7871;t B&#7883; C&ocirc;ng Ngh&#7879; V&#7841;n N&#259;ng\n<p style=\"margin: 0 0 10px 0;\">&#128205; <strong style=\"color: #1e293b;\">&#272;&#7883;a ch&#7881;:<\/strong> <a style=\"color: #059669; text-decoration: none; font-weight: bold;\" href=\"https:\/\/www.google.com\/maps\/search\/C%C3%B4ng+ty+TNHH+Th%C6%B0%C6%A1ng+M%E1%BA%A1i+D%E1%BB%8Bch+V%E1%BB%A5+Thi%E1%BA%BFt+B%E1%BB%8B+C%C3%B4ng+Ngh%E1%BB%87+V%E1%BA%A1n+N%C4%83ng+818+Tr%C6%B0%E1%BB%9Dng+Chinh\" target=\"_blank\" rel=\"noopener\">818 Tr&#432;&#7901;ng Chinh, Ph&#432;&#7901;ng T&acirc;n S&#417;n, Th&agrave;nh ph&#7889; H&#7891; Ch&iacute; Minh, Vi&#7879;t Nam<\/a><\/p>\n<p style=\"margin: 0 0 10px 0;\">&#128222; <strong style=\"color: #1e293b;\">S&#272;T &ndash; Zalo:<\/strong> <a style=\"color: #059669; text-decoration: none; font-weight: bold;\" href=\"https:\/\/zalo.me\/0903991335\" target=\"_blank\" rel=\"noopener\">0903 991 335<\/a> <span style=\"color: #64748b; font-style: italic;\">(Ms. H&#7841;nh &ndash; Gi&aacute;m &#272;&#7889;c Kinh Doanh)<\/span><\/p>\n<p style=\"margin: 0;\">&#9993;&#65039; <strong style=\"color: #1e293b;\">Email:<\/strong> <a style=\"color: #059669; text-decoration: none; font-weight: bold;\" href=\"mailto:hienhanh@vannangvn.com\">hienhanh@vannangvn.com<\/a><\/p>\n<\/div><\/h1>","protected":false},"excerpt":{"rendered":"<p><strong>Th&#432;&#417;ng hi&#7879;u:<\/strong> Asaki<br>\n<strong>Model:<\/strong> AK-7030<p>Product <strong>&Ecirc; T&Ocirc; B&Agrave;N PHAY ASAKI MODEL AK-7030<\/strong> ch&iacute;nh h&atilde;ng. Asaki (China)<br>\n&Ecirc; T&ocirc; B&agrave;n Phay Ch&#7919; Th&#7853;p&nbsp;75mm AK-7030 l&agrave; d&#7909;ng c&#7909; chuy&ecirc;n d&#7909;ng &#273;&#7875; k&#7865;p v&agrave; gi&#7919; ch&#7863;t c&aacute;c chi ti&#7871;t (&#7889;ng th&eacute;p, thanh th&eacute;p, g&#7895;, ph&ocirc;i&hellip;) trong gia c&ocirc;ng, s&#7917;a ch&#7919;a v&agrave; l&#7855;p r&aacute;p.&nbsp;Th&acirc;n &ecirc; t&ocirc; l&agrave;m t&#7915; th&eacute;p high carbon cao c&#7845;p, r&egrave;n d&#7853;p, h&agrave;m k&#7865;p b&#7857;ng th&eacute;p h&#7907;p kim, &#273;&#7843;m b&#7843;o &#273;&#7897; b&#7873;n b&#7881;, ch&#7883;u nhi&#7879;t t&#7889;t, ch&#7889;ng bi&#7871;n d&#7841;ng v&agrave; g&#7881; s&eacute;t ngay c&#7843; trong m&ocirc;i tr&#432;&#7901;ng kh&#7855;c nghi&#7879;t.<\/p><\/p>","protected":false},"featured_media":0,"comment_status":"open","ping_status":"closed","template":"","meta":[],"product_brand":[],"product_cat":[18],"product_tag":[995,996,997,116,118,563,994],"class_list":{"0":"post-6262","1":"product","2":"type-product","3":"status-publish","5":"product_cat-chua-phan-loai","6":"product_tag-phay","7":"product_tag-asaki","8":"product_tag-ak-7030","9":"product_tag-model","10":"product_tag-ban","11":"product_tag-to","12":"product_tag-e","14":"first","15":"instock","16":"shipping-taxable","17":"product-type-simple"},"yoast_head":"<!-- This site is optimized with the Yoast SEO Premium plugin v24.8 (Yoast SEO v24.8) - https:\/\/yoast.com\/wordpress\/plugins\/seo\/ -->\n<title>\u00ca T\u00d4 B\u00c0N PHAY ASAKI MODEL AK-7030 ch\u00ednh h\u00e3ng | V\u1ea1n N\u0103ng<\/title>\n<meta name=\"description\" content=\"Mua ngay \u00ca T\u00d4 B\u00c0N PHAY ASAKI MODEL AK-7030 ch\u00ednh h\u00e3ng. \u00ca T\u00f4 B\u00e0n Phay Ch\u1eef Th\u1eadp 75mm AK-7030 l\u00e0 d\u1ee5ng c\u1ee5 chuy\u00ean d\u1ee5ng \u0111\u1ec3 k\u1eb9p v\u00e0 gi\u1eef ch... Gi\u00e1 t\u1ed1t!\" \/>\n<meta name=\"robots\" content=\"noindex, follow, max-snippet:-1, max-image-preview:large, max-video-preview:-1\" \/>\n<meta property=\"og:locale\" content=\"en_US\" \/>\n<meta property=\"og:type\" content=\"article\" \/>\n<meta property=\"og:title\" content=\"\u00ca T\u00d4 B\u00c0N PHAY ASAKI MODEL AK-7030\" \/>\n<meta property=\"og:description\" content=\"Mua ngay \u00ca T\u00d4 B\u00c0N PHAY ASAKI MODEL AK-7030 ch\u00ednh h\u00e3ng. \u00ca T\u00f4 B\u00e0n Phay Ch\u1eef Th\u1eadp 75mm AK-7030 l\u00e0 d\u1ee5ng c\u1ee5 chuy\u00ean d\u1ee5ng \u0111\u1ec3 k\u1eb9p v\u00e0 gi\u1eef ch... Gi\u00e1 t\u1ed1t!\" \/>\n<meta property=\"og:url\" content=\"https:\/\/vannangvn.123websitedev.com\/en\/product\/e-to-ban-phay-asaki-model-ak-7030\/\" \/>\n<meta property=\"og:site_name\" content=\"Vannang.vn\" \/>\n<meta property=\"article:modified_time\" content=\"2026-03-30T11:16:12+00:00\" \/>\n<meta name=\"twitter:card\" content=\"summary_large_image\" \/>\n<meta name=\"twitter:label1\" content=\"Est. reading time\" \/>\n\t<meta name=\"twitter:data1\" content=\"9 minutes\" \/>\n<script type=\"application\/ld+json\" class=\"yoast-schema-graph\">{\"@context\":\"https:\/\/schema.org\",\"@graph\":[{\"@type\":\"WebPage\",\"@id\":\"https:\/\/vannangvn.123websitedev.com\/san-pham\/e-to-ban-phay-asaki-model-ak-7030\/\",\"url\":\"https:\/\/vannangvn.123websitedev.com\/san-pham\/e-to-ban-phay-asaki-model-ak-7030\/\",\"name\":\"\u00ca T\u00d4 B\u00c0N PHAY ASAKI MODEL AK-7030 ch\u00ednh h\u00e3ng | V\u1ea1n N\u0103ng\",\"isPartOf\":{\"@id\":\"https:\/\/vannangvn.123websitedev.com\/#website\"},\"datePublished\":\"2026-03-20T10:25:29+00:00\",\"dateModified\":\"2026-03-30T11:16:12+00:00\",\"description\":\"Mua ngay \u00ca T\u00d4 B\u00c0N PHAY ASAKI MODEL AK-7030 ch\u00ednh h\u00e3ng. \u00ca T\u00f4 B\u00e0n Phay Ch\u1eef Th\u1eadp 75mm AK-7030 l\u00e0 d\u1ee5ng c\u1ee5 chuy\u00ean d\u1ee5ng \u0111\u1ec3 k\u1eb9p v\u00e0 gi\u1eef ch... Gi\u00e1 t\u1ed1t!\",\"breadcrumb\":{\"@id\":\"https:\/\/vannangvn.123websitedev.com\/san-pham\/e-to-ban-phay-asaki-model-ak-7030\/#breadcrumb\"},\"inLanguage\":\"en-US\",\"potentialAction\":[{\"@type\":\"ReadAction\",\"target\":[\"https:\/\/vannangvn.123websitedev.com\/san-pham\/e-to-ban-phay-asaki-model-ak-7030\/\"]}]},{\"@type\":\"BreadcrumbList\",\"@id\":\"https:\/\/vannangvn.123websitedev.com\/san-pham\/e-to-ban-phay-asaki-model-ak-7030\/#breadcrumb\",\"itemListElement\":[{\"@type\":\"ListItem\",\"position\":1,\"name\":\"Trang ch\u1ee7\",\"item\":\"https:\/\/vannangvn.123websitedev.com\/\"},{\"@type\":\"ListItem\",\"position\":2,\"name\":\"S\u1ea3n ph\u1ea9m\",\"item\":\"https:\/\/vannangvn.123websitedev.com\/cua-hang\/\"},{\"@type\":\"ListItem\",\"position\":3,\"name\":\"\u00ca T\u00d4 B\u00c0N PHAY ASAKI MODEL AK-7030\"}]},{\"@type\":\"WebSite\",\"@id\":\"https:\/\/vannangvn.123websitedev.com\/#website\",\"url\":\"https:\/\/vannangvn.123websitedev.com\/\",\"name\":\"Vannang.vn\",\"description\":\"\",\"publisher\":{\"@id\":\"https:\/\/vannangvn.123websitedev.com\/#organization\"},\"potentialAction\":[{\"@type\":\"SearchAction\",\"target\":{\"@type\":\"EntryPoint\",\"urlTemplate\":\"https:\/\/vannangvn.123websitedev.com\/?s={search_term_string}\"},\"query-input\":{\"@type\":\"PropertyValueSpecification\",\"valueRequired\":true,\"valueName\":\"search_term_string\"}}],\"inLanguage\":\"en-US\"},{\"@type\":\"Organization\",\"@id\":\"https:\/\/vannangvn.123websitedev.com\/#organization\",\"name\":\"Vannang.vn\",\"url\":\"https:\/\/vannangvn.123websitedev.com\/\",\"logo\":{\"@type\":\"ImageObject\",\"inLanguage\":\"en-US\",\"@id\":\"https:\/\/vannangvn.123websitedev.com\/#\/schema\/logo\/image\/\",\"url\":\"https:\/\/vannangvn.123websitedev.com\/wp-content\/uploads\/2026\/02\/logo-van-nang-02.png\",\"contentUrl\":\"https:\/\/vannangvn.123websitedev.com\/wp-content\/uploads\/2026\/02\/logo-van-nang-02.png\",\"width\":448,\"height\":111,\"caption\":\"Vannang.vn\"},\"image\":{\"@id\":\"https:\/\/vannangvn.123websitedev.com\/#\/schema\/logo\/image\/\"}}]}<\/script>\n<!-- \/ Yoast SEO Premium plugin. -->","yoast_head_json":{"title":"\u00ca T\u00d4 B\u00c0N PHAY ASAKI MODEL AK-7030 ch\u00ednh h\u00e3ng | V\u1ea1n N\u0103ng","description":"Mua ngay \u00ca T\u00d4 B\u00c0N PHAY ASAKI MODEL AK-7030 ch\u00ednh h\u00e3ng. \u00ca T\u00f4 B\u00e0n Phay Ch\u1eef Th\u1eadp 75mm AK-7030 l\u00e0 d\u1ee5ng c\u1ee5 chuy\u00ean d\u1ee5ng \u0111\u1ec3 k\u1eb9p v\u00e0 gi\u1eef ch... Gi\u00e1 t\u1ed1t!","robots":{"index":"noindex","follow":"follow","max-snippet":"max-snippet:-1","max-image-preview":"max-image-preview:large","max-video-preview":"max-video-preview:-1"},"og_locale":"en_US","og_type":"article","og_title":"\u00ca T\u00d4 B\u00c0N PHAY ASAKI MODEL AK-7030","og_description":"Mua ngay \u00ca T\u00d4 B\u00c0N PHAY ASAKI MODEL AK-7030 ch\u00ednh h\u00e3ng. \u00ca T\u00f4 B\u00e0n Phay Ch\u1eef Th\u1eadp 75mm AK-7030 l\u00e0 d\u1ee5ng c\u1ee5 chuy\u00ean d\u1ee5ng \u0111\u1ec3 k\u1eb9p v\u00e0 gi\u1eef ch... Gi\u00e1 t\u1ed1t!","og_url":"https:\/\/vannangvn.123websitedev.com\/en\/product\/e-to-ban-phay-asaki-model-ak-7030\/","og_site_name":"Vannang.vn","article_modified_time":"2026-03-30T11:16:12+00:00","twitter_card":"summary_large_image","twitter_misc":{"Est. reading time":"9 minutes"},"schema":{"@context":"https:\/\/schema.org","@graph":[{"@type":"WebPage","@id":"https:\/\/vannangvn.123websitedev.com\/san-pham\/e-to-ban-phay-asaki-model-ak-7030\/","url":"https:\/\/vannangvn.123websitedev.com\/san-pham\/e-to-ban-phay-asaki-model-ak-7030\/","name":"\u00ca T\u00d4 B\u00c0N PHAY ASAKI MODEL AK-7030 ch\u00ednh h\u00e3ng | V\u1ea1n N\u0103ng","isPartOf":{"@id":"https:\/\/vannangvn.123websitedev.com\/#website"},"datePublished":"2026-03-20T10:25:29+00:00","dateModified":"2026-03-30T11:16:12+00:00","description":"Mua ngay \u00ca T\u00d4 B\u00c0N PHAY ASAKI MODEL AK-7030 ch\u00ednh h\u00e3ng. \u00ca T\u00f4 B\u00e0n Phay Ch\u1eef Th\u1eadp 75mm AK-7030 l\u00e0 d\u1ee5ng c\u1ee5 chuy\u00ean d\u1ee5ng \u0111\u1ec3 k\u1eb9p v\u00e0 gi\u1eef ch... Gi\u00e1 t\u1ed1t!","breadcrumb":{"@id":"https:\/\/vannangvn.123websitedev.com\/san-pham\/e-to-ban-phay-asaki-model-ak-7030\/#breadcrumb"},"inLanguage":"en-US","potentialAction":[{"@type":"ReadAction","target":["https:\/\/vannangvn.123websitedev.com\/san-pham\/e-to-ban-phay-asaki-model-ak-7030\/"]}]},{"@type":"BreadcrumbList","@id":"https:\/\/vannangvn.123websitedev.com\/san-pham\/e-to-ban-phay-asaki-model-ak-7030\/#breadcrumb","itemListElement":[{"@type":"ListItem","position":1,"name":"Trang ch\u1ee7","item":"https:\/\/vannangvn.123websitedev.com\/"},{"@type":"ListItem","position":2,"name":"S\u1ea3n ph\u1ea9m","item":"https:\/\/vannangvn.123websitedev.com\/cua-hang\/"},{"@type":"ListItem","position":3,"name":"\u00ca T\u00d4 B\u00c0N PHAY ASAKI MODEL AK-7030"}]},{"@type":"WebSite","@id":"https:\/\/vannangvn.123websitedev.com\/#website","url":"https:\/\/vannangvn.123websitedev.com\/","name":"Vannang.vn","description":"","publisher":{"@id":"https:\/\/vannangvn.123websitedev.com\/#organization"},"potentialAction":[{"@type":"SearchAction","target":{"@type":"EntryPoint","urlTemplate":"https:\/\/vannangvn.123websitedev.com\/?s={search_term_string}"},"query-input":{"@type":"PropertyValueSpecification","valueRequired":true,"valueName":"search_term_string"}}],"inLanguage":"en-US"},{"@type":"Organization","@id":"https:\/\/vannangvn.123websitedev.com\/#organization","name":"Vannang.vn","url":"https:\/\/vannangvn.123websitedev.com\/","logo":{"@type":"ImageObject","inLanguage":"en-US","@id":"https:\/\/vannangvn.123websitedev.com\/#\/schema\/logo\/image\/","url":"https:\/\/vannangvn.123websitedev.com\/wp-content\/uploads\/2026\/02\/logo-van-nang-02.png","contentUrl":"https:\/\/vannangvn.123websitedev.com\/wp-content\/uploads\/2026\/02\/logo-van-nang-02.png","width":448,"height":111,"caption":"Vannang.vn"},"image":{"@id":"https:\/\/vannangvn.123websitedev.com\/#\/schema\/logo\/image\/"}}]}},"_links":{"self":[{"href":"https:\/\/vannangvn.123websitedev.com\/en\/wp-json\/wp\/v2\/product\/6262","targetHints":{"allow":["GET"]}}],"collection":[{"href":"https:\/\/vannangvn.123websitedev.com\/en\/wp-json\/wp\/v2\/product"}],"about":[{"href":"https:\/\/vannangvn.123websitedev.com\/en\/wp-json\/wp\/v2\/types\/product"}],"replies":[{"embeddable":true,"href":"https:\/\/vannangvn.123websitedev.com\/en\/wp-json\/wp\/v2\/comments?post=6262"}],"wp:attachment":[{"href":"https:\/\/vannangvn.123websitedev.com\/en\/wp-json\/wp\/v2\/media?parent=6262"}],"wp:term":[{"taxonomy":"product_brand","embeddable":true,"href":"https:\/\/vannangvn.123websitedev.com\/en\/wp-json\/wp\/v2\/product_brand?post=6262"},{"taxonomy":"product_cat","embeddable":true,"href":"https:\/\/vannangvn.123websitedev.com\/en\/wp-json\/wp\/v2\/product_cat?post=6262"},{"taxonomy":"product_tag","embeddable":true,"href":"https:\/\/vannangvn.123websitedev.com\/en\/wp-json\/wp\/v2\/product_tag?post=6262"}],"curies":[{"name":"wp","href":"https:\/\/api.w.org\/{rel}","templated":true}]}}