{"id":6266,"date":"2026-03-20T17:25:33","date_gmt":"2026-03-20T10:25:33","guid":{"rendered":"https:\/\/vannangvn.123websitedev.com\/san-pham\/gia-do-cuon-ong-bozwang-model-awf-180f\/"},"modified":"2026-03-30T18:16:20","modified_gmt":"2026-03-30T11:16:20","slug":"gia-do-cuon-ong-bozwang-model-awf-180f","status":"publish","type":"product","link":"https:\/\/vannangvn.123websitedev.com\/en\/product\/gia-do-cuon-ong-bozwang-model-awf-180f\/","title":{"rendered":"GI\u00c1 \u0110\u1ee0 CU\u1ed8N \u1ed0NG BOZWANG MODEL AWF-180F"},"content":{"rendered":"<h1 style=\"color: red; font-weight: bold; font-size: 24px;\">T&#7893;ng quan s&#7843;n ph&#7849;m GI&Aacute; &#272;&#7904; CU&#7896;N &#7888;NG BOZWANG MODEL AWF-180F<p>Gi&aacute; &#272;&#7905; Cu&#7897;n &#7888;ng (Automatic Wire Feeder) Bozwang Model AWF-180F<\/p><div style=\"background-color: #f8fafc; border: 1px solid #e2e8f0; border-radius: 8px; padding: 25px; max-width: 800px; margin: 30px auto; color: #334155; line-height: 1.8; font-size: 17px; box-shadow: 0 4px 6px -1px rgba(0,0,0,0.05); text-align: left; clear: both;\">\nC&ocirc;ng ty TNHH Th&#432;&#417;ng M&#7841;i D&#7883;ch V&#7909; Thi&#7871;t B&#7883; C&ocirc;ng Ngh&#7879; V&#7841;n N&#259;ng\n<p style=\"margin: 0 0 10px 0;\">&#128205; <strong style=\"color: #1e293b;\">&#272;&#7883;a ch&#7881;:<\/strong> <a style=\"color: #059669; text-decoration: none; font-weight: bold;\" href=\"https:\/\/www.google.com\/maps\/search\/C%C3%B4ng+ty+TNHH+Th%C6%B0%C6%A1ng+M%E1%BA%A1i+D%E1%BB%8Bch+V%E1%BB%A5+Thi%E1%BA%BFt+B%E1%BB%8B+C%C3%B4ng+Ngh%E1%BB%87+V%E1%BA%A1n+N%C4%83ng+818+Tr%C6%B0%E1%BB%9Dng+Chinh\" target=\"_blank\" rel=\"noopener\">818 Tr&#432;&#7901;ng Chinh, Ph&#432;&#7901;ng T&acirc;n S&#417;n, Th&agrave;nh ph&#7889; H&#7891; Ch&iacute; Minh, Vi&#7879;t Nam<\/a><\/p>\n<p style=\"margin: 0 0 10px 0;\">&#128222; <strong style=\"color: #1e293b;\">S&#272;T &ndash; Zalo:<\/strong> <a style=\"color: #059669; text-decoration: none; font-weight: bold;\" href=\"https:\/\/zalo.me\/0903991335\" target=\"_blank\" rel=\"noopener\">0903 991 335<\/a> <span style=\"color: #64748b; font-style: italic;\">(Ms. H&#7841;nh &ndash; Gi&aacute;m &#272;&#7889;c Kinh Doanh)<\/span><\/p>\n<p style=\"margin: 0;\">&#9993;&#65039; <strong style=\"color: #1e293b;\">Email:<\/strong> <a style=\"color: #059669; text-decoration: none; font-weight: bold;\" href=\"mailto:hienhanh@vannangvn.com\">hienhanh@vannangvn.com<\/a><\/p>\n<\/div><\/h1>","protected":false},"excerpt":{"rendered":"<p><strong>Th&#432;&#417;ng hi&#7879;u:<\/strong> Bozwang<br>\n<strong>Model:<\/strong> AWF-180F<p>Product <strong>GI&Aacute; &#272;&#7904; CU&#7896;N &#7888;NG BOZWANG MODEL AWF-180F<\/strong> ch&iacute;nh h&atilde;ng. Bozwang (China)<br>\nM&aacute;y c&#7845;p d&acirc;y t&#7921; &#273;&#7897;ng BZW-F11 c&oacute; kh&#7843; n&#259;ng ph&#7889;i h&#7907;p v&#7899;i m&aacute;y b&#7845;m &#273;&#7847;u c&#7889;t v&agrave; m&aacute;y tu&#7889;t d&acirc;y t&#7921; &#273;&#7897;ng. BZW-F11 ho&#7841;t &#273;&#7897;ng &#273;&#7897;c l&#7853;p, kh&ocirc;ng ph&#7909; thu&#7897;c v&agrave;o m&aacute;y t&iacute;nh &#273;i&#7873;u khi&#7875;n ch&iacute;nh, gi&uacute;p vi&#7879;c v&#7853;n h&agrave;nh tr&#7903; n&ecirc;n &#273;&#417;n gi&#7843;n. Thi&#7871;t b&#7883; n&agrave;y gi&uacute;p ti&#7871;t ki&#7879;m chi ph&iacute; s&#7843;n xu&#7845;t v&agrave; n&acirc;ng cao hi&#7879;u qu&#7843; c&ocirc;ng vi&#7879;c. Ch&uacute;ng t&ocirc;i c&oacute; th&#7875; &#273;i&#7873;u ch&#7881;nh m&aacute;y theo y&ecirc;u c&#7847;u ri&ecirc;ng bi&#7879;t c&#7911;a t&#7915;ng kh&aacute;ch h&agrave;ng.<\/p><\/p>","protected":false},"featured_media":9302,"comment_status":"open","ping_status":"closed","template":"","meta":[],"product_brand":[],"product_cat":[18],"product_tag":[116,181,304,598,1002,1003,1004],"class_list":{"0":"post-6266","1":"product","2":"type-product","3":"status-publish","4":"has-post-thumbnail","6":"product_cat-chua-phan-loai","7":"product_tag-model","8":"product_tag-do","9":"product_tag-gia","10":"product_tag-ong","11":"product_tag-cuon","12":"product_tag-bozwang","13":"product_tag-awf-180f","15":"first","16":"instock","17":"shipping-taxable","18":"product-type-simple"},"yoast_head":"<!-- This site is optimized with the Yoast SEO Premium plugin v24.8 (Yoast SEO v24.8) - https:\/\/yoast.com\/wordpress\/plugins\/seo\/ -->\n<title>GI\u00c1 \u0110\u1ee0 CU\u1ed8N \u1ed0NG BOZWANG MODEL AWF-180F ch\u00ednh h\u00e3ng | V\u1ea1n N\u0103ng<\/title>\n<meta name=\"description\" content=\"Mua ngay GI\u00c1 \u0110\u1ee0 CU\u1ed8N \u1ed0NG BOZWANG MODEL AWF-180F ch\u00ednh h\u00e3ng. M\u00e1y c\u1ea5p d\u00e2y t\u1ef1 \u0111\u1ed9ng BZW-F11 c\u00f3 kh\u1ea3 n\u0103ng ph\u1ed1i h\u1ee3p v\u1edbi m\u00e1y b\u1ea5m \u0111\u1ea7u c\u1ed1t v... Gi\u00e1 t\u1ed1t!\" \/>\n<meta name=\"robots\" content=\"noindex, follow, max-snippet:-1, max-image-preview:large, max-video-preview:-1\" \/>\n<meta property=\"og:locale\" content=\"en_US\" \/>\n<meta property=\"og:type\" content=\"article\" \/>\n<meta property=\"og:title\" content=\"GI\u00c1 \u0110\u1ee0 CU\u1ed8N \u1ed0NG BOZWANG MODEL AWF-180F\" \/>\n<meta property=\"og:description\" content=\"Mua ngay GI\u00c1 \u0110\u1ee0 CU\u1ed8N \u1ed0NG BOZWANG MODEL AWF-180F ch\u00ednh h\u00e3ng. M\u00e1y c\u1ea5p d\u00e2y t\u1ef1 \u0111\u1ed9ng BZW-F11 c\u00f3 kh\u1ea3 n\u0103ng ph\u1ed1i h\u1ee3p v\u1edbi m\u00e1y b\u1ea5m \u0111\u1ea7u c\u1ed1t v... Gi\u00e1 t\u1ed1t!\" \/>\n<meta property=\"og:url\" content=\"https:\/\/vannangvn.123websitedev.com\/en\/product\/gia-do-cuon-ong-bozwang-model-awf-180f\/\" \/>\n<meta property=\"og:site_name\" content=\"Vannang.vn\" \/>\n<meta property=\"article:modified_time\" content=\"2026-03-30T11:16:20+00:00\" \/>\n<meta property=\"og:image\" content=\"http:\/\/vannangvn.123websitedev.com\/wp-content\/uploads\/2026\/03\/BZW-F11-Automatic-Wire-Feeder-768x576-copy.jpg\" \/>\n\t<meta property=\"og:image:width\" content=\"768\" \/>\n\t<meta property=\"og:image:height\" content=\"576\" \/>\n\t<meta property=\"og:image:type\" content=\"image\/jpeg\" \/>\n<meta name=\"twitter:card\" content=\"summary_large_image\" \/>\n<script type=\"application\/ld+json\" class=\"yoast-schema-graph\">{\"@context\":\"https:\/\/schema.org\",\"@graph\":[{\"@type\":\"WebPage\",\"@id\":\"https:\/\/vannangvn.123websitedev.com\/san-pham\/gia-do-cuon-ong-bozwang-model-awf-180f\/\",\"url\":\"https:\/\/vannangvn.123websitedev.com\/san-pham\/gia-do-cuon-ong-bozwang-model-awf-180f\/\",\"name\":\"GI\u00c1 \u0110\u1ee0 CU\u1ed8N \u1ed0NG BOZWANG MODEL AWF-180F ch\u00ednh h\u00e3ng | V\u1ea1n N\u0103ng\",\"isPartOf\":{\"@id\":\"https:\/\/vannangvn.123websitedev.com\/#website\"},\"primaryImageOfPage\":{\"@id\":\"https:\/\/vannangvn.123websitedev.com\/san-pham\/gia-do-cuon-ong-bozwang-model-awf-180f\/#primaryimage\"},\"image\":{\"@id\":\"https:\/\/vannangvn.123websitedev.com\/san-pham\/gia-do-cuon-ong-bozwang-model-awf-180f\/#primaryimage\"},\"thumbnailUrl\":\"https:\/\/vannangvn.123websitedev.com\/wp-content\/uploads\/2026\/03\/BZW-F11-Automatic-Wire-Feeder-768x576-copy.jpg\",\"datePublished\":\"2026-03-20T10:25:33+00:00\",\"dateModified\":\"2026-03-30T11:16:20+00:00\",\"description\":\"Mua ngay GI\u00c1 \u0110\u1ee0 CU\u1ed8N \u1ed0NG BOZWANG MODEL AWF-180F ch\u00ednh h\u00e3ng. M\u00e1y c\u1ea5p d\u00e2y t\u1ef1 \u0111\u1ed9ng BZW-F11 c\u00f3 kh\u1ea3 n\u0103ng ph\u1ed1i h\u1ee3p v\u1edbi m\u00e1y b\u1ea5m \u0111\u1ea7u c\u1ed1t v... Gi\u00e1 t\u1ed1t!\",\"breadcrumb\":{\"@id\":\"https:\/\/vannangvn.123websitedev.com\/san-pham\/gia-do-cuon-ong-bozwang-model-awf-180f\/#breadcrumb\"},\"inLanguage\":\"en-US\",\"potentialAction\":[{\"@type\":\"ReadAction\",\"target\":[\"https:\/\/vannangvn.123websitedev.com\/san-pham\/gia-do-cuon-ong-bozwang-model-awf-180f\/\"]}]},{\"@type\":\"ImageObject\",\"inLanguage\":\"en-US\",\"@id\":\"https:\/\/vannangvn.123websitedev.com\/san-pham\/gia-do-cuon-ong-bozwang-model-awf-180f\/#primaryimage\",\"url\":\"https:\/\/vannangvn.123websitedev.com\/wp-content\/uploads\/2026\/03\/BZW-F11-Automatic-Wire-Feeder-768x576-copy.jpg\",\"contentUrl\":\"https:\/\/vannangvn.123websitedev.com\/wp-content\/uploads\/2026\/03\/BZW-F11-Automatic-Wire-Feeder-768x576-copy.jpg\",\"width\":768,\"height\":576},{\"@type\":\"BreadcrumbList\",\"@id\":\"https:\/\/vannangvn.123websitedev.com\/san-pham\/gia-do-cuon-ong-bozwang-model-awf-180f\/#breadcrumb\",\"itemListElement\":[{\"@type\":\"ListItem\",\"position\":1,\"name\":\"Trang ch\u1ee7\",\"item\":\"https:\/\/vannangvn.123websitedev.com\/\"},{\"@type\":\"ListItem\",\"position\":2,\"name\":\"S\u1ea3n ph\u1ea9m\",\"item\":\"https:\/\/vannangvn.123websitedev.com\/cua-hang\/\"},{\"@type\":\"ListItem\",\"position\":3,\"name\":\"GI\u00c1 \u0110\u1ee0 CU\u1ed8N \u1ed0NG BOZWANG MODEL AWF-180F\"}]},{\"@type\":\"WebSite\",\"@id\":\"https:\/\/vannangvn.123websitedev.com\/#website\",\"url\":\"https:\/\/vannangvn.123websitedev.com\/\",\"name\":\"Vannang.vn\",\"description\":\"\",\"publisher\":{\"@id\":\"https:\/\/vannangvn.123websitedev.com\/#organization\"},\"potentialAction\":[{\"@type\":\"SearchAction\",\"target\":{\"@type\":\"EntryPoint\",\"urlTemplate\":\"https:\/\/vannangvn.123websitedev.com\/?s={search_term_string}\"},\"query-input\":{\"@type\":\"PropertyValueSpecification\",\"valueRequired\":true,\"valueName\":\"search_term_string\"}}],\"inLanguage\":\"en-US\"},{\"@type\":\"Organization\",\"@id\":\"https:\/\/vannangvn.123websitedev.com\/#organization\",\"name\":\"Vannang.vn\",\"url\":\"https:\/\/vannangvn.123websitedev.com\/\",\"logo\":{\"@type\":\"ImageObject\",\"inLanguage\":\"en-US\",\"@id\":\"https:\/\/vannangvn.123websitedev.com\/#\/schema\/logo\/image\/\",\"url\":\"https:\/\/vannangvn.123websitedev.com\/wp-content\/uploads\/2026\/02\/logo-van-nang-02.png\",\"contentUrl\":\"https:\/\/vannangvn.123websitedev.com\/wp-content\/uploads\/2026\/02\/logo-van-nang-02.png\",\"width\":448,\"height\":111,\"caption\":\"Vannang.vn\"},\"image\":{\"@id\":\"https:\/\/vannangvn.123websitedev.com\/#\/schema\/logo\/image\/\"}}]}<\/script>\n<!-- \/ Yoast SEO Premium plugin. -->","yoast_head_json":{"title":"GI\u00c1 \u0110\u1ee0 CU\u1ed8N \u1ed0NG BOZWANG MODEL AWF-180F ch\u00ednh h\u00e3ng | V\u1ea1n N\u0103ng","description":"Mua ngay GI\u00c1 \u0110\u1ee0 CU\u1ed8N \u1ed0NG BOZWANG MODEL AWF-180F ch\u00ednh h\u00e3ng. M\u00e1y c\u1ea5p d\u00e2y t\u1ef1 \u0111\u1ed9ng BZW-F11 c\u00f3 kh\u1ea3 n\u0103ng ph\u1ed1i h\u1ee3p v\u1edbi m\u00e1y b\u1ea5m \u0111\u1ea7u c\u1ed1t v... Gi\u00e1 t\u1ed1t!","robots":{"index":"noindex","follow":"follow","max-snippet":"max-snippet:-1","max-image-preview":"max-image-preview:large","max-video-preview":"max-video-preview:-1"},"og_locale":"en_US","og_type":"article","og_title":"GI\u00c1 \u0110\u1ee0 CU\u1ed8N \u1ed0NG BOZWANG MODEL AWF-180F","og_description":"Mua ngay GI\u00c1 \u0110\u1ee0 CU\u1ed8N \u1ed0NG BOZWANG MODEL AWF-180F ch\u00ednh h\u00e3ng. M\u00e1y c\u1ea5p d\u00e2y t\u1ef1 \u0111\u1ed9ng BZW-F11 c\u00f3 kh\u1ea3 n\u0103ng ph\u1ed1i h\u1ee3p v\u1edbi m\u00e1y b\u1ea5m \u0111\u1ea7u c\u1ed1t v... Gi\u00e1 t\u1ed1t!","og_url":"https:\/\/vannangvn.123websitedev.com\/en\/product\/gia-do-cuon-ong-bozwang-model-awf-180f\/","og_site_name":"Vannang.vn","article_modified_time":"2026-03-30T11:16:20+00:00","og_image":[{"width":768,"height":576,"url":"http:\/\/vannangvn.123websitedev.com\/wp-content\/uploads\/2026\/03\/BZW-F11-Automatic-Wire-Feeder-768x576-copy.jpg","type":"image\/jpeg"}],"twitter_card":"summary_large_image","schema":{"@context":"https:\/\/schema.org","@graph":[{"@type":"WebPage","@id":"https:\/\/vannangvn.123websitedev.com\/san-pham\/gia-do-cuon-ong-bozwang-model-awf-180f\/","url":"https:\/\/vannangvn.123websitedev.com\/san-pham\/gia-do-cuon-ong-bozwang-model-awf-180f\/","name":"GI\u00c1 \u0110\u1ee0 CU\u1ed8N \u1ed0NG BOZWANG MODEL AWF-180F ch\u00ednh h\u00e3ng | V\u1ea1n N\u0103ng","isPartOf":{"@id":"https:\/\/vannangvn.123websitedev.com\/#website"},"primaryImageOfPage":{"@id":"https:\/\/vannangvn.123websitedev.com\/san-pham\/gia-do-cuon-ong-bozwang-model-awf-180f\/#primaryimage"},"image":{"@id":"https:\/\/vannangvn.123websitedev.com\/san-pham\/gia-do-cuon-ong-bozwang-model-awf-180f\/#primaryimage"},"thumbnailUrl":"https:\/\/vannangvn.123websitedev.com\/wp-content\/uploads\/2026\/03\/BZW-F11-Automatic-Wire-Feeder-768x576-copy.jpg","datePublished":"2026-03-20T10:25:33+00:00","dateModified":"2026-03-30T11:16:20+00:00","description":"Mua ngay GI\u00c1 \u0110\u1ee0 CU\u1ed8N \u1ed0NG BOZWANG MODEL AWF-180F ch\u00ednh h\u00e3ng. M\u00e1y c\u1ea5p d\u00e2y t\u1ef1 \u0111\u1ed9ng BZW-F11 c\u00f3 kh\u1ea3 n\u0103ng ph\u1ed1i h\u1ee3p v\u1edbi m\u00e1y b\u1ea5m \u0111\u1ea7u c\u1ed1t v... Gi\u00e1 t\u1ed1t!","breadcrumb":{"@id":"https:\/\/vannangvn.123websitedev.com\/san-pham\/gia-do-cuon-ong-bozwang-model-awf-180f\/#breadcrumb"},"inLanguage":"en-US","potentialAction":[{"@type":"ReadAction","target":["https:\/\/vannangvn.123websitedev.com\/san-pham\/gia-do-cuon-ong-bozwang-model-awf-180f\/"]}]},{"@type":"ImageObject","inLanguage":"en-US","@id":"https:\/\/vannangvn.123websitedev.com\/san-pham\/gia-do-cuon-ong-bozwang-model-awf-180f\/#primaryimage","url":"https:\/\/vannangvn.123websitedev.com\/wp-content\/uploads\/2026\/03\/BZW-F11-Automatic-Wire-Feeder-768x576-copy.jpg","contentUrl":"https:\/\/vannangvn.123websitedev.com\/wp-content\/uploads\/2026\/03\/BZW-F11-Automatic-Wire-Feeder-768x576-copy.jpg","width":768,"height":576},{"@type":"BreadcrumbList","@id":"https:\/\/vannangvn.123websitedev.com\/san-pham\/gia-do-cuon-ong-bozwang-model-awf-180f\/#breadcrumb","itemListElement":[{"@type":"ListItem","position":1,"name":"Trang ch\u1ee7","item":"https:\/\/vannangvn.123websitedev.com\/"},{"@type":"ListItem","position":2,"name":"S\u1ea3n ph\u1ea9m","item":"https:\/\/vannangvn.123websitedev.com\/cua-hang\/"},{"@type":"ListItem","position":3,"name":"GI\u00c1 \u0110\u1ee0 CU\u1ed8N \u1ed0NG BOZWANG MODEL AWF-180F"}]},{"@type":"WebSite","@id":"https:\/\/vannangvn.123websitedev.com\/#website","url":"https:\/\/vannangvn.123websitedev.com\/","name":"Vannang.vn","description":"","publisher":{"@id":"https:\/\/vannangvn.123websitedev.com\/#organization"},"potentialAction":[{"@type":"SearchAction","target":{"@type":"EntryPoint","urlTemplate":"https:\/\/vannangvn.123websitedev.com\/?s={search_term_string}"},"query-input":{"@type":"PropertyValueSpecification","valueRequired":true,"valueName":"search_term_string"}}],"inLanguage":"en-US"},{"@type":"Organization","@id":"https:\/\/vannangvn.123websitedev.com\/#organization","name":"Vannang.vn","url":"https:\/\/vannangvn.123websitedev.com\/","logo":{"@type":"ImageObject","inLanguage":"en-US","@id":"https:\/\/vannangvn.123websitedev.com\/#\/schema\/logo\/image\/","url":"https:\/\/vannangvn.123websitedev.com\/wp-content\/uploads\/2026\/02\/logo-van-nang-02.png","contentUrl":"https:\/\/vannangvn.123websitedev.com\/wp-content\/uploads\/2026\/02\/logo-van-nang-02.png","width":448,"height":111,"caption":"Vannang.vn"},"image":{"@id":"https:\/\/vannangvn.123websitedev.com\/#\/schema\/logo\/image\/"}}]}},"_links":{"self":[{"href":"https:\/\/vannangvn.123websitedev.com\/en\/wp-json\/wp\/v2\/product\/6266","targetHints":{"allow":["GET"]}}],"collection":[{"href":"https:\/\/vannangvn.123websitedev.com\/en\/wp-json\/wp\/v2\/product"}],"about":[{"href":"https:\/\/vannangvn.123websitedev.com\/en\/wp-json\/wp\/v2\/types\/product"}],"replies":[{"embeddable":true,"href":"https:\/\/vannangvn.123websitedev.com\/en\/wp-json\/wp\/v2\/comments?post=6266"}],"wp:featuredmedia":[{"embeddable":true,"href":"https:\/\/vannangvn.123websitedev.com\/en\/wp-json\/wp\/v2\/media\/9302"}],"wp:attachment":[{"href":"https:\/\/vannangvn.123websitedev.com\/en\/wp-json\/wp\/v2\/media?parent=6266"}],"wp:term":[{"taxonomy":"product_brand","embeddable":true,"href":"https:\/\/vannangvn.123websitedev.com\/en\/wp-json\/wp\/v2\/product_brand?post=6266"},{"taxonomy":"product_cat","embeddable":true,"href":"https:\/\/vannangvn.123websitedev.com\/en\/wp-json\/wp\/v2\/product_cat?post=6266"},{"taxonomy":"product_tag","embeddable":true,"href":"https:\/\/vannangvn.123websitedev.com\/en\/wp-json\/wp\/v2\/product_tag?post=6266"}],"curies":[{"name":"wp","href":"https:\/\/api.w.org\/{rel}","templated":true}]}}