{"id":6268,"date":"2026-03-20T17:25:38","date_gmt":"2026-03-20T10:25:38","guid":{"rendered":"https:\/\/vannangvn.123websitedev.com\/san-pham\/gia-do-ve-sinh-dau-in-harper-qd-flexo-proofer-cleaning-stand\/"},"modified":"2026-03-30T18:16:22","modified_gmt":"2026-03-30T11:16:22","slug":"gia-do-ve-sinh-dau-in-harper-qd-flexo-proofer-cleaning-stand","status":"publish","type":"product","link":"https:\/\/vannangvn.123websitedev.com\/en\/product\/gia-do-ve-sinh-dau-in-harper-qd-flexo-proofer-cleaning-stand\/","title":{"rendered":"GI\u00c1 \u0110\u1ee0 V\u1ec6 SINH \u0110\u1ea6U IN HARPER QD FLEXO PROOFER CLEANING STAND"},"content":{"rendered":"<h1 style=\"color: red; font-weight: bold; font-size: 24px;\">T&#7893;ng quan s&#7843;n ph&#7849;m GI&Aacute; &#272;&#7904; V&#7878; SINH &#272;&#7846;U IN HARPER QD FLEXO PROOFER CLEANING STAND<p>Gi&aacute; &#272;&#7905; V&#7879; Sinh &#272;&#7847;u In Harper QD Flexo Proofer Cleaning Stand<br>\nQD Flexo Proofer Cleaning Stand l&agrave; ph&#7909; ki&#7879;n chuy&ecirc;n d&#7909;ng trong h&#7879; th&#7889;ng QD&trade; Flexo Proofer, &#273;&#432;&#7907;c thi&#7871;t k&#7871; &#273;&#7875; h&#7895; tr&#7907; v&#7879; sinh &#273;&#7847;u in flexo nhanh ch&oacute;ng, an to&agrave;n v&agrave; hi&#7879;u qu&#7843;. S&#7843;n ph&#7849;m gi&uacute;p t&#7889;i &#432;u quy tr&igrave;nh b&#7843;o tr&igrave;, &#273;&#7843;m b&#7843;o &#273;&#7847;u in lu&ocirc;n s&#7841;ch s&#7869;, s&#7861;n s&agrave;ng cho c&aacute;c ph&eacute;p th&#7917; v&agrave; proofing v&#7899;i &#273;&#7897; ch&iacute;nh x&aacute;c cao trong ph&ograve;ng th&iacute; nghi&#7879;m v&agrave; x&#432;&#7903;ng in. H&atilde;y c&ugrave;ng V&#7841;n N&#259;ng t&igrave;m hi&#7875;u chi ti&#7871;t h&#417;n v&#7873; s&#7843;n ph&#7849;m th&ocirc;ng qua b&agrave;i vi&#7871;t d&#432;&#7899;i &#273;&acirc;y nh&eacute;!<\/p><h2 style=\"color: #2e7d32; font-weight: bold; font-size: 20px;\">&#272;&#7863;c &#272;i&#7875;m N&#7893;i B&#7853;t C&#7911;a QD Flexo Proofer Cleaning Stand<\/h2><p>QD Flexo Proofer Cleaning Stand &#273;&#432;&#7907;c thi&#7871;t k&#7871; &#273;&#7863;t tr&#7921;c ti&#7871;p l&ecirc;n khay r&#7917;a (wash tray), gi&uacute;p c&#7889; &#273;&#7883;nh &#273;&#7847;u in flexo trong qu&aacute; tr&igrave;nh v&#7879; sinh, h&#7841;n ch&#7871; rung l&#7855;c v&agrave; b&#7855;n dung d&#7883;ch ra ngo&agrave;i.<br>\nGi&aacute; &#273;&#7905; v&#7879; sinh QD Flexo Proofer h&#7895; tr&#7907; l&agrave;m s&#7841;ch &#273;&#7847;u in nhanh ch&oacute;ng v&agrave; &#273;&#7891;ng &#273;&#7873;u, gi&uacute;p lo&#7841;i b&#7887; m&#7921;c d&#432;, dung m&ocirc;i v&agrave; c&#7863;n b&aacute;m sau qu&aacute; tr&igrave;nh proofing.<br>\nThi&#7871;t k&#7871; t&#7889;i &#432;u cho &#273;&#7847;u in QD&trade; Flexo Printhead, &#273;&#7843;m b&#7843;o thao t&aacute;c v&#7879; sinh &#273;&uacute;ng k&#7929; thu&#7853;t, kh&ocirc;ng l&agrave;m &#7843;nh h&#432;&#7903;ng &#273;&#7871;n b&#7873; m&#7863;t tr&#7909;c anilox v&agrave; l&#432;&#7905;i g&#7841;t.<br>\nQD Flexo Proofer Cleaning Stand Harper gi&uacute;p r&uacute;t ng&#7855;n th&#7901;i gian b&#7843;o tr&igrave;, t&#259;ng hi&#7879;u su&#7845;t l&agrave;m vi&#7879;c cho k&#7929; thu&#7853;t vi&ecirc;n trong ph&ograve;ng proofing v&agrave; ph&ograve;ng QC.<br>\nK&#7871;t c&#7845;u ch&#7855;c ch&#7855;n, d&#7877; s&#7917; d&#7909;ng, ph&ugrave; h&#7907;p cho m&ocirc;i tr&#432;&#7901;ng ph&ograve;ng th&iacute; nghi&#7879;m v&agrave; x&#432;&#7903;ng in c&oacute; t&#7847;n su&#7845;t s&#7917; d&#7909;ng cao.<br>\nG&oacute;p ph&#7847;n duy tr&igrave; &#273;&#7897; &#7893;n &#273;&#7883;nh c&#7911;a ch&#7845;t l&#432;&#7907;ng b&#7843;n in th&#7917;, k&eacute;o d&agrave;i tu&#7893;i th&#7885; &#273;&#7847;u in flexo v&agrave; c&aacute;c linh ki&#7879;n li&ecirc;n quan trong h&#7879; th&#7889;ng QD&trade; Flexo Proofer.<\/p><p>Nh&#7919;ng L&yacute; Do N&ecirc;n Mua Gi&aacute; &#272;&#7905; M&aacute;y In T&#7841;i Thi&#7871;t B&#7883; C&ocirc;ng Ngh&#7879; V&#7841;n N&#259;ng<\/p><p>C&ocirc;ng ty Thi&#7871;t B&#7883; C&ocirc;ng Ngh&#7879; V&#7841;n N&#259;ng l&agrave; &#273;&#7889;i t&aacute;c ch&iacute;nh th&#7913;c ph&acirc;n ph&#7889;i Gi&aacute; &#273;&#7905; m&aacute;y in h&agrave;ng &#273;&#7847;u t&#7841;i Vi&#7879;t Nam, cam k&#7871;t cung c&#7845;p s&#7843;n ph&#7849;m ch&iacute;nh h&atilde;ng v&#7899;i gi&aacute; c&#7843; c&#7841;nh tranh nh&#7845;t th&#7883; tr&#432;&#7901;ng. V&#7899;i uy t&iacute;n tr&ecirc;n th&#7883; tr&#432;&#7901;ng v&agrave; ch&#7871; &#273;&#7897; h&#7851;u m&atilde;i t&#7889;t, Thi&#7871;t B&#7883; C&ocirc;ng Ngh&#7879; V&#7841;n N&#259;ng &#273;&atilde; nh&#7853;n &#273;&#432;&#7907;c s&#7921; tin t&#432;&#7903;ng t&#7915; kh&aacute;ch h&agrave;ng nh&#7901; v&agrave;o ch&#7845;t l&#432;&#7907;ng h&agrave;ng &#273;&#7847;u c&#7911;a c&aacute;c d&ograve;ng s&#7843;n ph&#7849;m.<br>\nS&#7843;n ph&#7849;m c&#7911;a ch&uacute;ng t&ocirc;i &#273;&#432;&#7907;c ki&#7875;m &#273;&#7883;nh ch&#7845;t l&#432;&#7907;ng, nh&#7853;p kh&#7849;u tr&#7921;c ti&#7871;p t&#7915; nh&agrave; m&aacute;y b&ecirc;n Ch&acirc;u &Acirc;u, M&#7929;, &Uacute;c, Nh&#7853;t B&#7843;n,&hellip; v&agrave; &#273;&aacute;p &#7913;ng nhu c&#7847;u &#273;a d&#7841;ng c&#7911;a th&#7883; tr&#432;&#7901;ng nh&#432;: M&aacute;y &#272;o &#272;&#7897; C&#7913;ng, M&aacute;y SPECTROMAXx, M&aacute;y Ki&#7875;m Tra &#272;&#432;&#7901;ng Gh&eacute;p M&iacute; Lon,&hellip; Ch&uacute;ng t&ocirc;i cam k&#7871;t cung c&#7845;p s&#7843;n ph&#7849;m n&agrave;y tr&ecirc;n to&agrave;n qu&#7889;c v&#7899;i gi&aacute; c&#7843; c&#7841;nh tranh nh&#7845;t.<br>\nCh&uacute;ng t&ocirc;i c&oacute; &#273;&#7897;i ng&#361; chuy&ecirc;n vi&ecirc;n t&#432; v&#7845;n chuy&ecirc;n s&acirc;u s&#7869; h&#7895; tr&#7907; kh&aacute;ch h&agrave;ng v&#7873; chi ti&#7871;t s&#7843;n ph&#7849;m, h&#432;&#7899;ng d&#7851;n s&#7917; d&#7909;ng hay nh&#7919;ng th&#7913; li&ecirc;n quan &#273;&#7871;n v&#7845;n &#273;&#7873; m&agrave; doanh nghi&#7879;p b&#7841;n &#273;ang g&#7863;p ph&#7843;i. Ch&uacute;ng t&ocirc;i s&#7869; cung c&#7845;p nh&#7919;ng gi&#7843;i ph&aacute;p t&#7889;i &#432;u nh&#7845;t!<br>\nNgo&agrave;i ra Thi&#7871;t B&#7883; C&ocirc;ng Ngh&#7879; V&#7841;n N&#259;ng Ch&uacute;ng T&ocirc;i lu&ocirc;n h&#432;&#7899;ng &#273;&#7871;n tr&#7843;i nghi&#7879;m kh&aacute;ch h&agrave;ng, v&igrave; v&#7853;y ch&uacute;ng t&ocirc;i c&oacute; nh&#7919;ng ch&iacute;nh s&aacute;ch b&#7843;o h&agrave;nh, b&#7843;o tr&igrave; &ndash; b&#7843;o d&#432;&#7905;ng, hi&#7879;u chu&#7849;n v&#7899;i t&#7845;t c&#7843; c&aacute;c thi&#7871;t b&#7883;, m&aacute;y m&oacute;c m&agrave; ch&uacute;ng t&ocirc;i cung c&#7845;p. &#272;&#7843;m b&#7843;o mang &#273;&#7871;n cho Kh&aacute;ch h&agrave;ng s&#7921; y&ecirc;n t&acirc;m tuy&#7879;t &#273;&#7889;i v&#7873; d&#7883;ch v&#7909; khi mua h&agrave;ng.<\/p><p>H&atilde;y li&ecirc;n h&#7879; v&#7899;i V&#7841;n N&#259;ng Company &#273;&#7875; &#273;&#432;&#7907;c t&#432; v&#7845;n chi ti&#7871;t v&agrave; nh&#7853;n ngay &#432;u &#273;&atilde;i h&#7845;p d&#7851;n th&ocirc;ng qua hotline\/zalo: <a href=\"https:\/\/zalo.me\/0903991335\" target=\"_blank\" rel=\"noopener\" style=\"color: #059669; font-weight: bold; text-decoration: none;\">0903 991 335<\/a>!<\/p><div style=\"background-color: #f8fafc; border: 1px solid #e2e8f0; border-radius: 8px; padding: 25px; max-width: 800px; margin: 30px auto; color: #334155; line-height: 1.8; font-size: 17px; box-shadow: 0 4px 6px -1px rgba(0,0,0,0.05); text-align: left; clear: both;\">\nC&ocirc;ng ty TNHH Th&#432;&#417;ng M&#7841;i D&#7883;ch V&#7909; Thi&#7871;t B&#7883; C&ocirc;ng Ngh&#7879; V&#7841;n N&#259;ng\n<p style=\"margin: 0 0 10px 0;\">&#128205; <strong style=\"color: #1e293b;\">&#272;&#7883;a ch&#7881;:<\/strong> <a style=\"color: #059669; text-decoration: none; font-weight: bold;\" href=\"https:\/\/www.google.com\/maps\/search\/C%C3%B4ng+ty+TNHH+Th%C6%B0%C6%A1ng+M%E1%BA%A1i+D%E1%BB%8Bch+V%E1%BB%A5+Thi%E1%BA%BFt+B%E1%BB%8B+C%C3%B4ng+Ngh%E1%BB%87+V%E1%BA%A1n+N%C4%83ng+818+Tr%C6%B0%E1%BB%9Dng+Chinh\" target=\"_blank\" rel=\"noopener\">818 Tr&#432;&#7901;ng Chinh, Ph&#432;&#7901;ng T&acirc;n S&#417;n, Th&agrave;nh ph&#7889; H&#7891; Ch&iacute; Minh, Vi&#7879;t Nam<\/a><\/p>\n<p style=\"margin: 0 0 10px 0;\">&#128222; <strong style=\"color: #1e293b;\">S&#272;T &ndash; Zalo:<\/strong> <a style=\"color: #059669; text-decoration: none; font-weight: bold;\" href=\"https:\/\/zalo.me\/0903991335\" target=\"_blank\" rel=\"noopener\">0903 991 335<\/a> <span style=\"color: #64748b; font-style: italic;\">(Ms. H&#7841;nh &ndash; Gi&aacute;m &#272;&#7889;c Kinh Doanh)<\/span><\/p>\n<p style=\"margin: 0;\">&#9993;&#65039; <strong style=\"color: #1e293b;\">Email:<\/strong> <a style=\"color: #059669; text-decoration: none; font-weight: bold;\" href=\"mailto:hienhanh@vannangvn.com\">hienhanh@vannangvn.com<\/a><\/p>\n<\/div><\/h1>","protected":false},"excerpt":{"rendered":"<p><strong>Th&#432;&#417;ng hi&#7879;u:<\/strong> Harper<br>\n<strong>Model:<\/strong> QD Flexo Proofer Cleaning Stand-2<p>Product <strong>GI&Aacute; &#272;&#7904; V&#7878; SINH &#272;&#7846;U IN HARPER QD FLEXO PROOFER CLEANING STAND<\/strong> ch&iacute;nh h&atilde;ng. Harper (USA)<br>\nGi&aacute; &#272;&#7905; V&#7879; Sinh &#272;&#7847;u In QD Flexo Proofer Cleaning Stand l&agrave; ph&#7909; ki&#7879;n h&#7895; tr&#7907; qu&aacute; tr&igrave;nh l&agrave;m s&#7841;ch &#273;&#7847;u in flexo chuy&ecirc;n d&#7909;ng, gi&uacute;p v&#7879; sinh QD&trade; Flexo Printhead nhanh, an to&agrave;n v&agrave; hi&#7879;u qu&#7843;.<\/p><\/p>","protected":false},"featured_media":10273,"comment_status":"open","ping_status":"closed","template":"","meta":[],"product_brand":[],"product_cat":[18],"product_tag":[1008,1009,1010,119,123,125,181,304,413,420,856,1007],"class_list":{"0":"post-6268","1":"product","2":"type-product","3":"status-publish","4":"has-post-thumbnail","6":"product_cat-chua-phan-loai","7":"product_tag-ve","8":"product_tag-sinh","9":"product_tag-cleaning","10":"product_tag-in","11":"product_tag-harper","12":"product_tag-proofer","13":"product_tag-do","14":"product_tag-gia","15":"product_tag-qd","16":"product_tag-dau","17":"product_tag-flexo","18":"product_tag-stand","20":"first","21":"instock","22":"shipping-taxable","23":"product-type-simple"},"yoast_head":"<!-- This site is optimized with the Yoast SEO Premium plugin v24.8 (Yoast SEO v24.8) - https:\/\/yoast.com\/wordpress\/plugins\/seo\/ -->\n<title>GI\u00c1 \u0110\u1ee0 V\u1ec6 SINH \u0110\u1ea6U IN HARPER QD FLE... ch\u00ednh h\u00e3ng | V\u1ea1n N\u0103ng<\/title>\n<meta name=\"description\" content=\"Mua ngay GI\u00c1 \u0110\u1ee0 V\u1ec6 SINH \u0110\u1ea6U IN HARPER QD FLEXO PROOFER CLEANING STAND ch\u00ednh h\u00e3ng. Gi\u00e1 \u0110\u1ee1 V\u1ec7 Sinh \u0110\u1ea7u In QD Flexo Proofer Cleaning... Gi\u00e1 t\u1ed1t!\" \/>\n<meta name=\"robots\" content=\"noindex, follow, max-snippet:-1, max-image-preview:large, max-video-preview:-1\" \/>\n<meta property=\"og:locale\" content=\"en_US\" \/>\n<meta property=\"og:type\" content=\"article\" \/>\n<meta property=\"og:title\" content=\"GI\u00c1 \u0110\u1ee0 V\u1ec6 SINH \u0110\u1ea6U IN HARPER QD FLEXO PROOFER CLEANING STAND\" \/>\n<meta property=\"og:description\" content=\"Mua ngay GI\u00c1 \u0110\u1ee0 V\u1ec6 SINH \u0110\u1ea6U IN HARPER QD FLEXO PROOFER CLEANING STAND ch\u00ednh h\u00e3ng. Gi\u00e1 \u0110\u1ee1 V\u1ec7 Sinh \u0110\u1ea7u In QD Flexo Proofer Cleaning... Gi\u00e1 t\u1ed1t!\" \/>\n<meta property=\"og:url\" content=\"https:\/\/vannangvn.123websitedev.com\/en\/product\/gia-do-ve-sinh-dau-in-harper-qd-flexo-proofer-cleaning-stand\/\" \/>\n<meta property=\"og:site_name\" content=\"Vannang.vn\" \/>\n<meta property=\"article:modified_time\" content=\"2026-03-30T11:16:22+00:00\" \/>\n<meta property=\"og:image\" content=\"http:\/\/vannangvn.123websitedev.com\/wp-content\/uploads\/2026\/03\/Nang-Luc-Canva-3-768x576-copy.jpg\" \/>\n\t<meta property=\"og:image:width\" content=\"768\" \/>\n\t<meta property=\"og:image:height\" content=\"576\" \/>\n\t<meta property=\"og:image:type\" content=\"image\/jpeg\" \/>\n<meta name=\"twitter:card\" content=\"summary_large_image\" \/>\n<meta name=\"twitter:label1\" content=\"Est. reading time\" \/>\n\t<meta name=\"twitter:data1\" content=\"5 minutes\" \/>\n<script type=\"application\/ld+json\" class=\"yoast-schema-graph\">{\"@context\":\"https:\/\/schema.org\",\"@graph\":[{\"@type\":\"WebPage\",\"@id\":\"https:\/\/vannangvn.123websitedev.com\/san-pham\/gia-do-ve-sinh-dau-in-harper-qd-flexo-proofer-cleaning-stand\/\",\"url\":\"https:\/\/vannangvn.123websitedev.com\/san-pham\/gia-do-ve-sinh-dau-in-harper-qd-flexo-proofer-cleaning-stand\/\",\"name\":\"GI\u00c1 \u0110\u1ee0 V\u1ec6 SINH \u0110\u1ea6U IN HARPER QD FLE... ch\u00ednh h\u00e3ng | V\u1ea1n N\u0103ng\",\"isPartOf\":{\"@id\":\"https:\/\/vannangvn.123websitedev.com\/#website\"},\"primaryImageOfPage\":{\"@id\":\"https:\/\/vannangvn.123websitedev.com\/san-pham\/gia-do-ve-sinh-dau-in-harper-qd-flexo-proofer-cleaning-stand\/#primaryimage\"},\"image\":{\"@id\":\"https:\/\/vannangvn.123websitedev.com\/san-pham\/gia-do-ve-sinh-dau-in-harper-qd-flexo-proofer-cleaning-stand\/#primaryimage\"},\"thumbnailUrl\":\"https:\/\/vannangvn.123websitedev.com\/wp-content\/uploads\/2026\/03\/Nang-Luc-Canva-3-768x576-copy.jpg\",\"datePublished\":\"2026-03-20T10:25:38+00:00\",\"dateModified\":\"2026-03-30T11:16:22+00:00\",\"description\":\"Mua ngay GI\u00c1 \u0110\u1ee0 V\u1ec6 SINH \u0110\u1ea6U IN HARPER QD FLEXO PROOFER CLEANING STAND ch\u00ednh h\u00e3ng. Gi\u00e1 \u0110\u1ee1 V\u1ec7 Sinh \u0110\u1ea7u In QD Flexo Proofer Cleaning... Gi\u00e1 t\u1ed1t!\",\"breadcrumb\":{\"@id\":\"https:\/\/vannangvn.123websitedev.com\/san-pham\/gia-do-ve-sinh-dau-in-harper-qd-flexo-proofer-cleaning-stand\/#breadcrumb\"},\"inLanguage\":\"en-US\",\"potentialAction\":[{\"@type\":\"ReadAction\",\"target\":[\"https:\/\/vannangvn.123websitedev.com\/san-pham\/gia-do-ve-sinh-dau-in-harper-qd-flexo-proofer-cleaning-stand\/\"]}]},{\"@type\":\"ImageObject\",\"inLanguage\":\"en-US\",\"@id\":\"https:\/\/vannangvn.123websitedev.com\/san-pham\/gia-do-ve-sinh-dau-in-harper-qd-flexo-proofer-cleaning-stand\/#primaryimage\",\"url\":\"https:\/\/vannangvn.123websitedev.com\/wp-content\/uploads\/2026\/03\/Nang-Luc-Canva-3-768x576-copy.jpg\",\"contentUrl\":\"https:\/\/vannangvn.123websitedev.com\/wp-content\/uploads\/2026\/03\/Nang-Luc-Canva-3-768x576-copy.jpg\",\"width\":768,\"height\":576},{\"@type\":\"BreadcrumbList\",\"@id\":\"https:\/\/vannangvn.123websitedev.com\/san-pham\/gia-do-ve-sinh-dau-in-harper-qd-flexo-proofer-cleaning-stand\/#breadcrumb\",\"itemListElement\":[{\"@type\":\"ListItem\",\"position\":1,\"name\":\"Trang ch\u1ee7\",\"item\":\"https:\/\/vannangvn.123websitedev.com\/\"},{\"@type\":\"ListItem\",\"position\":2,\"name\":\"S\u1ea3n ph\u1ea9m\",\"item\":\"https:\/\/vannangvn.123websitedev.com\/cua-hang\/\"},{\"@type\":\"ListItem\",\"position\":3,\"name\":\"GI\u00c1 \u0110\u1ee0 V\u1ec6 SINH \u0110\u1ea6U IN HARPER QD FLEXO PROOFER CLEANING STAND\"}]},{\"@type\":\"WebSite\",\"@id\":\"https:\/\/vannangvn.123websitedev.com\/#website\",\"url\":\"https:\/\/vannangvn.123websitedev.com\/\",\"name\":\"Vannang.vn\",\"description\":\"\",\"publisher\":{\"@id\":\"https:\/\/vannangvn.123websitedev.com\/#organization\"},\"potentialAction\":[{\"@type\":\"SearchAction\",\"target\":{\"@type\":\"EntryPoint\",\"urlTemplate\":\"https:\/\/vannangvn.123websitedev.com\/?s={search_term_string}\"},\"query-input\":{\"@type\":\"PropertyValueSpecification\",\"valueRequired\":true,\"valueName\":\"search_term_string\"}}],\"inLanguage\":\"en-US\"},{\"@type\":\"Organization\",\"@id\":\"https:\/\/vannangvn.123websitedev.com\/#organization\",\"name\":\"Vannang.vn\",\"url\":\"https:\/\/vannangvn.123websitedev.com\/\",\"logo\":{\"@type\":\"ImageObject\",\"inLanguage\":\"en-US\",\"@id\":\"https:\/\/vannangvn.123websitedev.com\/#\/schema\/logo\/image\/\",\"url\":\"https:\/\/vannangvn.123websitedev.com\/wp-content\/uploads\/2026\/02\/logo-van-nang-02.png\",\"contentUrl\":\"https:\/\/vannangvn.123websitedev.com\/wp-content\/uploads\/2026\/02\/logo-van-nang-02.png\",\"width\":448,\"height\":111,\"caption\":\"Vannang.vn\"},\"image\":{\"@id\":\"https:\/\/vannangvn.123websitedev.com\/#\/schema\/logo\/image\/\"}}]}<\/script>\n<!-- \/ Yoast SEO Premium plugin. -->","yoast_head_json":{"title":"GI\u00c1 \u0110\u1ee0 V\u1ec6 SINH \u0110\u1ea6U IN HARPER QD FLE... ch\u00ednh h\u00e3ng | V\u1ea1n N\u0103ng","description":"Mua ngay GI\u00c1 \u0110\u1ee0 V\u1ec6 SINH \u0110\u1ea6U IN HARPER QD FLEXO PROOFER CLEANING STAND ch\u00ednh h\u00e3ng. Gi\u00e1 \u0110\u1ee1 V\u1ec7 Sinh \u0110\u1ea7u In QD Flexo Proofer Cleaning... Gi\u00e1 t\u1ed1t!","robots":{"index":"noindex","follow":"follow","max-snippet":"max-snippet:-1","max-image-preview":"max-image-preview:large","max-video-preview":"max-video-preview:-1"},"og_locale":"en_US","og_type":"article","og_title":"GI\u00c1 \u0110\u1ee0 V\u1ec6 SINH \u0110\u1ea6U IN HARPER QD FLEXO PROOFER CLEANING STAND","og_description":"Mua ngay GI\u00c1 \u0110\u1ee0 V\u1ec6 SINH \u0110\u1ea6U IN HARPER QD FLEXO PROOFER CLEANING STAND ch\u00ednh h\u00e3ng. Gi\u00e1 \u0110\u1ee1 V\u1ec7 Sinh \u0110\u1ea7u In QD Flexo Proofer Cleaning... Gi\u00e1 t\u1ed1t!","og_url":"https:\/\/vannangvn.123websitedev.com\/en\/product\/gia-do-ve-sinh-dau-in-harper-qd-flexo-proofer-cleaning-stand\/","og_site_name":"Vannang.vn","article_modified_time":"2026-03-30T11:16:22+00:00","og_image":[{"width":768,"height":576,"url":"http:\/\/vannangvn.123websitedev.com\/wp-content\/uploads\/2026\/03\/Nang-Luc-Canva-3-768x576-copy.jpg","type":"image\/jpeg"}],"twitter_card":"summary_large_image","twitter_misc":{"Est. reading time":"5 minutes"},"schema":{"@context":"https:\/\/schema.org","@graph":[{"@type":"WebPage","@id":"https:\/\/vannangvn.123websitedev.com\/san-pham\/gia-do-ve-sinh-dau-in-harper-qd-flexo-proofer-cleaning-stand\/","url":"https:\/\/vannangvn.123websitedev.com\/san-pham\/gia-do-ve-sinh-dau-in-harper-qd-flexo-proofer-cleaning-stand\/","name":"GI\u00c1 \u0110\u1ee0 V\u1ec6 SINH \u0110\u1ea6U IN HARPER QD FLE... ch\u00ednh h\u00e3ng | V\u1ea1n N\u0103ng","isPartOf":{"@id":"https:\/\/vannangvn.123websitedev.com\/#website"},"primaryImageOfPage":{"@id":"https:\/\/vannangvn.123websitedev.com\/san-pham\/gia-do-ve-sinh-dau-in-harper-qd-flexo-proofer-cleaning-stand\/#primaryimage"},"image":{"@id":"https:\/\/vannangvn.123websitedev.com\/san-pham\/gia-do-ve-sinh-dau-in-harper-qd-flexo-proofer-cleaning-stand\/#primaryimage"},"thumbnailUrl":"https:\/\/vannangvn.123websitedev.com\/wp-content\/uploads\/2026\/03\/Nang-Luc-Canva-3-768x576-copy.jpg","datePublished":"2026-03-20T10:25:38+00:00","dateModified":"2026-03-30T11:16:22+00:00","description":"Mua ngay GI\u00c1 \u0110\u1ee0 V\u1ec6 SINH \u0110\u1ea6U IN HARPER QD FLEXO PROOFER CLEANING STAND ch\u00ednh h\u00e3ng. Gi\u00e1 \u0110\u1ee1 V\u1ec7 Sinh \u0110\u1ea7u In QD Flexo Proofer Cleaning... Gi\u00e1 t\u1ed1t!","breadcrumb":{"@id":"https:\/\/vannangvn.123websitedev.com\/san-pham\/gia-do-ve-sinh-dau-in-harper-qd-flexo-proofer-cleaning-stand\/#breadcrumb"},"inLanguage":"en-US","potentialAction":[{"@type":"ReadAction","target":["https:\/\/vannangvn.123websitedev.com\/san-pham\/gia-do-ve-sinh-dau-in-harper-qd-flexo-proofer-cleaning-stand\/"]}]},{"@type":"ImageObject","inLanguage":"en-US","@id":"https:\/\/vannangvn.123websitedev.com\/san-pham\/gia-do-ve-sinh-dau-in-harper-qd-flexo-proofer-cleaning-stand\/#primaryimage","url":"https:\/\/vannangvn.123websitedev.com\/wp-content\/uploads\/2026\/03\/Nang-Luc-Canva-3-768x576-copy.jpg","contentUrl":"https:\/\/vannangvn.123websitedev.com\/wp-content\/uploads\/2026\/03\/Nang-Luc-Canva-3-768x576-copy.jpg","width":768,"height":576},{"@type":"BreadcrumbList","@id":"https:\/\/vannangvn.123websitedev.com\/san-pham\/gia-do-ve-sinh-dau-in-harper-qd-flexo-proofer-cleaning-stand\/#breadcrumb","itemListElement":[{"@type":"ListItem","position":1,"name":"Trang ch\u1ee7","item":"https:\/\/vannangvn.123websitedev.com\/"},{"@type":"ListItem","position":2,"name":"S\u1ea3n ph\u1ea9m","item":"https:\/\/vannangvn.123websitedev.com\/cua-hang\/"},{"@type":"ListItem","position":3,"name":"GI\u00c1 \u0110\u1ee0 V\u1ec6 SINH \u0110\u1ea6U IN HARPER QD FLEXO PROOFER CLEANING STAND"}]},{"@type":"WebSite","@id":"https:\/\/vannangvn.123websitedev.com\/#website","url":"https:\/\/vannangvn.123websitedev.com\/","name":"Vannang.vn","description":"","publisher":{"@id":"https:\/\/vannangvn.123websitedev.com\/#organization"},"potentialAction":[{"@type":"SearchAction","target":{"@type":"EntryPoint","urlTemplate":"https:\/\/vannangvn.123websitedev.com\/?s={search_term_string}"},"query-input":{"@type":"PropertyValueSpecification","valueRequired":true,"valueName":"search_term_string"}}],"inLanguage":"en-US"},{"@type":"Organization","@id":"https:\/\/vannangvn.123websitedev.com\/#organization","name":"Vannang.vn","url":"https:\/\/vannangvn.123websitedev.com\/","logo":{"@type":"ImageObject","inLanguage":"en-US","@id":"https:\/\/vannangvn.123websitedev.com\/#\/schema\/logo\/image\/","url":"https:\/\/vannangvn.123websitedev.com\/wp-content\/uploads\/2026\/02\/logo-van-nang-02.png","contentUrl":"https:\/\/vannangvn.123websitedev.com\/wp-content\/uploads\/2026\/02\/logo-van-nang-02.png","width":448,"height":111,"caption":"Vannang.vn"},"image":{"@id":"https:\/\/vannangvn.123websitedev.com\/#\/schema\/logo\/image\/"}}]}},"_links":{"self":[{"href":"https:\/\/vannangvn.123websitedev.com\/en\/wp-json\/wp\/v2\/product\/6268","targetHints":{"allow":["GET"]}}],"collection":[{"href":"https:\/\/vannangvn.123websitedev.com\/en\/wp-json\/wp\/v2\/product"}],"about":[{"href":"https:\/\/vannangvn.123websitedev.com\/en\/wp-json\/wp\/v2\/types\/product"}],"replies":[{"embeddable":true,"href":"https:\/\/vannangvn.123websitedev.com\/en\/wp-json\/wp\/v2\/comments?post=6268"}],"wp:featuredmedia":[{"embeddable":true,"href":"https:\/\/vannangvn.123websitedev.com\/en\/wp-json\/wp\/v2\/media\/10273"}],"wp:attachment":[{"href":"https:\/\/vannangvn.123websitedev.com\/en\/wp-json\/wp\/v2\/media?parent=6268"}],"wp:term":[{"taxonomy":"product_brand","embeddable":true,"href":"https:\/\/vannangvn.123websitedev.com\/en\/wp-json\/wp\/v2\/product_brand?post=6268"},{"taxonomy":"product_cat","embeddable":true,"href":"https:\/\/vannangvn.123websitedev.com\/en\/wp-json\/wp\/v2\/product_cat?post=6268"},{"taxonomy":"product_tag","embeddable":true,"href":"https:\/\/vannangvn.123websitedev.com\/en\/wp-json\/wp\/v2\/product_tag?post=6268"}],"curies":[{"name":"wp","href":"https:\/\/api.w.org\/{rel}","templated":true}]}}