{"id":6269,"date":"2026-03-20T17:25:40","date_gmt":"2026-03-20T10:25:40","guid":{"rendered":"https:\/\/vannangvn.123websitedev.com\/san-pham\/gia-ho-tro-lap-dat-dau-in-harper-qd-plate-cylinder-mounting-stand\/"},"modified":"2026-03-30T18:16:23","modified_gmt":"2026-03-30T11:16:23","slug":"gia-ho-tro-lap-dat-dau-in-harper-qd-plate-cylinder-mounting-stand","status":"publish","type":"product","link":"https:\/\/vannangvn.123websitedev.com\/en\/product\/gia-ho-tro-lap-dat-dau-in-harper-qd-plate-cylinder-mounting-stand\/","title":{"rendered":"GI\u00c1 H\u1ed6 TR\u1ee2 L\u1eaeP \u0110\u1eb6T \u0110\u1ea6U IN HARPER QD PLATE CYLINDER MOUNTING STAND"},"content":{"rendered":"<h1 style=\"color: red; font-weight: bold; font-size: 24px;\">T&#7893;ng quan s&#7843;n ph&#7849;m GI&Aacute; H&#7894; TR&#7906; L&#7854;P &#272;&#7862;T &#272;&#7846;U IN HARPER QD PLATE CYLINDER MOUNTING STAND<p>Gi&aacute; H&#7895; Tr&#7907; L&#7855;p &#272;&#7863;t &#272;&#7847;u In Harper QD Plate Cylinder Mounting Stand<\/p><h2 style=\"color: #2e7d32; font-weight: bold; font-size: 20px;\">&#272;&#7863;c &#272;i&#7875;m C&#7911;a QD Plate Cylinder Mounting Stand<\/h2><p>QD Plate Cylinder Mounting Stand l&agrave; ph&#7909; ki&#7879;n thu&#7897;c h&#7879; QD Proofer System, &#273;&#432;&#7907;c thi&#7871;t k&#7871; chuy&ecirc;n d&#7909;ng &#273;&#7875; h&#7895; tr&#7907; l&#7855;p &#273;&#7863;t b&#7843;n in l&ecirc;n tr&#7909;c QD&trade; Cylinder m&#7897;t c&aacute;ch nhanh ch&oacute;ng v&agrave; ch&iacute;nh x&aacute;c. Gi&aacute; &#273;&#7905; gi&uacute;p c&#7889; &#273;&#7883;nh tr&#7909;c &#7893;n &#273;&#7883;nh trong qu&aacute; tr&igrave;nh g&aacute; b&#7843;n, gi&#7843;m sai l&#7879;ch v&#7883; tr&iacute;, ti&#7871;t ki&#7879;m th&#7901;i gian thao t&aacute;c v&agrave; n&acirc;ng cao &#273;&#7897; ch&iacute;nh x&aacute;c khi chu&#7849;n b&#7883; in th&#7917; gravure. Ph&#7909; ki&#7879;n n&agrave;y &#273;&#7863;c bi&#7879;t h&#7919;u &iacute;ch cho ph&ograve;ng proofing, ph&ograve;ng R&amp;D v&agrave; b&#7897; ph&#7853;n ki&#7875;m so&aacute;t ch&#7845;t l&#432;&#7907;ng c&#7847;n quy tr&igrave;nh l&#7855;p b&#7843;n in chu&#7849;n v&agrave; &#273;&#7891;ng nh&#7845;t.<\/p><p>Nh&#7919;ng L&yacute; Do N&ecirc;n Mua Gi&aacute; &#272;&#7905; M&aacute;y In T&#7841;i Thi&#7871;t B&#7883; C&ocirc;ng Ngh&#7879; V&#7841;n N&#259;ng<\/p><p>C&ocirc;ng ty Thi&#7871;t B&#7883; C&ocirc;ng Ngh&#7879; V&#7841;n N&#259;ng l&agrave; &#273;&#7889;i t&aacute;c ch&iacute;nh th&#7913;c ph&acirc;n ph&#7889;i Gi&aacute; &#273;&#7905; m&aacute;y in h&agrave;ng &#273;&#7847;u t&#7841;i Vi&#7879;t Nam, cam k&#7871;t cung c&#7845;p s&#7843;n ph&#7849;m ch&iacute;nh h&atilde;ng v&#7899;i gi&aacute; c&#7843; c&#7841;nh tranh nh&#7845;t th&#7883; tr&#432;&#7901;ng. V&#7899;i uy t&iacute;n tr&ecirc;n th&#7883; tr&#432;&#7901;ng v&agrave; ch&#7871; &#273;&#7897; h&#7851;u m&atilde;i t&#7889;t, Thi&#7871;t B&#7883; C&ocirc;ng Ngh&#7879; V&#7841;n N&#259;ng &#273;&atilde; nh&#7853;n &#273;&#432;&#7907;c s&#7921; tin t&#432;&#7903;ng t&#7915; kh&aacute;ch h&agrave;ng nh&#7901; v&agrave;o ch&#7845;t l&#432;&#7907;ng h&agrave;ng &#273;&#7847;u c&#7911;a c&aacute;c d&ograve;ng s&#7843;n ph&#7849;m.<br>\nS&#7843;n ph&#7849;m c&#7911;a ch&uacute;ng t&ocirc;i &#273;&#432;&#7907;c ki&#7875;m &#273;&#7883;nh ch&#7845;t l&#432;&#7907;ng, nh&#7853;p kh&#7849;u tr&#7921;c ti&#7871;p t&#7915; nh&agrave; m&aacute;y b&ecirc;n Ch&acirc;u &Acirc;u, M&#7929;, &Uacute;c, Nh&#7853;t B&#7843;n,&hellip; v&agrave; &#273;&aacute;p &#7913;ng nhu c&#7847;u &#273;a d&#7841;ng c&#7911;a th&#7883; tr&#432;&#7901;ng nh&#432;: M&aacute;y &#272;o &#272;&#7897; C&#7913;ng, M&aacute;y SPECTROMAXx, M&aacute;y Ki&#7875;m Tra &#272;&#432;&#7901;ng Gh&eacute;p M&iacute; Lon,&hellip; Ch&uacute;ng t&ocirc;i cam k&#7871;t cung c&#7845;p s&#7843;n ph&#7849;m n&agrave;y tr&ecirc;n to&agrave;n qu&#7889;c v&#7899;i gi&aacute; c&#7843; c&#7841;nh tranh nh&#7845;t.<br>\nCh&uacute;ng t&ocirc;i c&oacute; &#273;&#7897;i ng&#361; chuy&ecirc;n vi&ecirc;n t&#432; v&#7845;n chuy&ecirc;n s&acirc;u s&#7869; h&#7895; tr&#7907; kh&aacute;ch h&agrave;ng v&#7873; chi ti&#7871;t s&#7843;n ph&#7849;m, h&#432;&#7899;ng d&#7851;n s&#7917; d&#7909;ng hay nh&#7919;ng th&#7913; li&ecirc;n quan &#273;&#7871;n v&#7845;n &#273;&#7873; m&agrave; doanh nghi&#7879;p b&#7841;n &#273;ang g&#7863;p ph&#7843;i. Ch&uacute;ng t&ocirc;i s&#7869; cung c&#7845;p nh&#7919;ng gi&#7843;i ph&aacute;p t&#7889;i &#432;u nh&#7845;t!<br>\nNgo&agrave;i ra Thi&#7871;t B&#7883; C&ocirc;ng Ngh&#7879; V&#7841;n N&#259;ng Ch&uacute;ng T&ocirc;i lu&ocirc;n h&#432;&#7899;ng &#273;&#7871;n tr&#7843;i nghi&#7879;m kh&aacute;ch h&agrave;ng, v&igrave; v&#7853;y ch&uacute;ng t&ocirc;i c&oacute; nh&#7919;ng ch&iacute;nh s&aacute;ch b&#7843;o h&agrave;nh, b&#7843;o tr&igrave; &ndash; b&#7843;o d&#432;&#7905;ng, hi&#7879;u chu&#7849;n v&#7899;i t&#7845;t c&#7843; c&aacute;c thi&#7871;t b&#7883;, m&aacute;y m&oacute;c m&agrave; ch&uacute;ng t&ocirc;i cung c&#7845;p. &#272;&#7843;m b&#7843;o mang &#273;&#7871;n cho Kh&aacute;ch h&agrave;ng s&#7921; y&ecirc;n t&acirc;m tuy&#7879;t &#273;&#7889;i v&#7873; d&#7883;ch v&#7909; khi mua h&agrave;ng.<\/p><p>H&atilde;y li&ecirc;n h&#7879; v&#7899;i V&#7841;n N&#259;ng Company &#273;&#7875; &#273;&#432;&#7907;c t&#432; v&#7845;n chi ti&#7871;t v&agrave; nh&#7853;n ngay &#432;u &#273;&atilde;i h&#7845;p d&#7851;n th&ocirc;ng qua hotline\/zalo: <a href=\"https:\/\/zalo.me\/0903991335\" target=\"_blank\" rel=\"noopener\" style=\"color: #059669; font-weight: bold; text-decoration: none;\">0903 991 335<\/a>!<\/p><div style=\"background-color: #f8fafc; border: 1px solid #e2e8f0; border-radius: 8px; padding: 25px; max-width: 800px; margin: 30px auto; color: #334155; line-height: 1.8; font-size: 17px; box-shadow: 0 4px 6px -1px rgba(0,0,0,0.05); text-align: left; clear: both;\">\nC&ocirc;ng ty TNHH Th&#432;&#417;ng M&#7841;i D&#7883;ch V&#7909; Thi&#7871;t B&#7883; C&ocirc;ng Ngh&#7879; V&#7841;n N&#259;ng\n<p style=\"margin: 0 0 10px 0;\">&#128205; <strong style=\"color: #1e293b;\">&#272;&#7883;a ch&#7881;:<\/strong> <a style=\"color: #059669; text-decoration: none; font-weight: bold;\" href=\"https:\/\/www.google.com\/maps\/search\/C%C3%B4ng+ty+TNHH+Th%C6%B0%C6%A1ng+M%E1%BA%A1i+D%E1%BB%8Bch+V%E1%BB%A5+Thi%E1%BA%BFt+B%E1%BB%8B+C%C3%B4ng+Ngh%E1%BB%87+V%E1%BA%A1n+N%C4%83ng+818+Tr%C6%B0%E1%BB%9Dng+Chinh\" target=\"_blank\" rel=\"noopener\">818 Tr&#432;&#7901;ng Chinh, Ph&#432;&#7901;ng T&acirc;n S&#417;n, Th&agrave;nh ph&#7889; H&#7891; Ch&iacute; Minh, Vi&#7879;t Nam<\/a><\/p>\n<p style=\"margin: 0 0 10px 0;\">&#128222; <strong style=\"color: #1e293b;\">S&#272;T &ndash; Zalo:<\/strong> <a style=\"color: #059669; text-decoration: none; font-weight: bold;\" href=\"https:\/\/zalo.me\/0903991335\" target=\"_blank\" rel=\"noopener\">0903 991 335<\/a> <span style=\"color: #64748b; font-style: italic;\">(Ms. H&#7841;nh &ndash; Gi&aacute;m &#272;&#7889;c Kinh Doanh)<\/span><\/p>\n<p style=\"margin: 0;\">&#9993;&#65039; <strong style=\"color: #1e293b;\">Email:<\/strong> <a style=\"color: #059669; text-decoration: none; font-weight: bold;\" href=\"mailto:hienhanh@vannangvn.com\">hienhanh@vannangvn.com<\/a><\/p>\n<\/div><\/h1>","protected":false},"excerpt":{"rendered":"<p><strong>Th&#432;&#417;ng hi&#7879;u:<\/strong> Harper<br>\n<strong>Model:<\/strong> QD Flexo Proofer Cleaning Stand-3<p>Product <strong>GI&Aacute; H&#7894; TR&#7906; L&#7854;P &#272;&#7862;T &#272;&#7846;U IN HARPER QD PLATE CYLINDER MOUNTING STAND<\/strong> ch&iacute;nh h&atilde;ng. Harper (USA)<br>\nQD Plate Cylinder Mounting Stand l&agrave; ph&#7909; ki&#7879;n h&#7879; QD&trade; Proofer System, gi&uacute;p l&#7855;p b&#7843;n in l&ecirc;n tr&#7909;c QD Cylinder nhanh, ch&iacute;nh x&aacute;c, &#7893;n &#273;&#7883;nh, t&#7889;i &#432;u quy tr&igrave;nh<\/p><\/p>","protected":false},"featured_media":10277,"comment_status":"open","ping_status":"closed","template":"","meta":[],"product_brand":[],"product_cat":[18],"product_tag":[1014,119,123,304,325,413,420,703,975,1007,1011,1012,1013],"class_list":{"0":"post-6269","1":"product","2":"type-product","3":"status-publish","4":"has-post-thumbnail","6":"product_cat-chua-phan-loai","7":"product_tag-mounting","8":"product_tag-in","9":"product_tag-harper","10":"product_tag-gia","11":"product_tag-lap","12":"product_tag-qd","13":"product_tag-dau","14":"product_tag-ho","15":"product_tag-plate","16":"product_tag-stand","17":"product_tag-tro","18":"product_tag-dat","19":"product_tag-cylinder","21":"first","22":"instock","23":"shipping-taxable","24":"product-type-simple"},"yoast_head":"<!-- This site is optimized with the Yoast SEO Premium plugin v24.8 (Yoast SEO v24.8) - https:\/\/yoast.com\/wordpress\/plugins\/seo\/ -->\n<title>GI\u00c1 H\u1ed6 TR\u1ee2 L\u1eaeP \u0110\u1eb6T \u0110\u1ea6U IN HARPER QD... ch\u00ednh h\u00e3ng | V\u1ea1n N\u0103ng<\/title>\n<meta name=\"description\" content=\"Mua ngay GI\u00c1 H\u1ed6 TR\u1ee2 L\u1eaeP \u0110\u1eb6T \u0110\u1ea6U IN HARPER QD PLATE CYLINDER MOUNTING STAND ch\u00ednh h\u00e3ng. QD Plate Cylinder Mounting Stand l\u00e0 ph\u1ee5 ki\u1ec7... Gi\u00e1 t\u1ed1t!\" \/>\n<meta name=\"robots\" content=\"noindex, follow, max-snippet:-1, max-image-preview:large, max-video-preview:-1\" \/>\n<meta property=\"og:locale\" content=\"en_US\" \/>\n<meta property=\"og:type\" content=\"article\" \/>\n<meta property=\"og:title\" content=\"GI\u00c1 H\u1ed6 TR\u1ee2 L\u1eaeP \u0110\u1eb6T \u0110\u1ea6U IN HARPER QD PLATE CYLINDER MOUNTING STAND\" \/>\n<meta property=\"og:description\" content=\"Mua ngay GI\u00c1 H\u1ed6 TR\u1ee2 L\u1eaeP \u0110\u1eb6T \u0110\u1ea6U IN HARPER QD PLATE CYLINDER MOUNTING STAND ch\u00ednh h\u00e3ng. QD Plate Cylinder Mounting Stand l\u00e0 ph\u1ee5 ki\u1ec7... Gi\u00e1 t\u1ed1t!\" \/>\n<meta property=\"og:url\" content=\"https:\/\/vannangvn.123websitedev.com\/en\/product\/gia-ho-tro-lap-dat-dau-in-harper-qd-plate-cylinder-mounting-stand\/\" \/>\n<meta property=\"og:site_name\" content=\"Vannang.vn\" \/>\n<meta property=\"article:modified_time\" content=\"2026-03-30T11:16:23+00:00\" \/>\n<meta property=\"og:image\" content=\"http:\/\/vannangvn.123websitedev.com\/wp-content\/uploads\/2026\/03\/Nang-Luc-Canva-4-768x576_2-copy.jpg\" \/>\n\t<meta property=\"og:image:width\" content=\"768\" \/>\n\t<meta property=\"og:image:height\" content=\"576\" \/>\n\t<meta property=\"og:image:type\" content=\"image\/jpeg\" \/>\n<meta name=\"twitter:card\" content=\"summary_large_image\" \/>\n<meta name=\"twitter:label1\" content=\"Est. reading time\" \/>\n\t<meta name=\"twitter:data1\" content=\"4 minutes\" \/>\n<script type=\"application\/ld+json\" class=\"yoast-schema-graph\">{\"@context\":\"https:\/\/schema.org\",\"@graph\":[{\"@type\":\"WebPage\",\"@id\":\"https:\/\/vannangvn.123websitedev.com\/san-pham\/gia-ho-tro-lap-dat-dau-in-harper-qd-plate-cylinder-mounting-stand\/\",\"url\":\"https:\/\/vannangvn.123websitedev.com\/san-pham\/gia-ho-tro-lap-dat-dau-in-harper-qd-plate-cylinder-mounting-stand\/\",\"name\":\"GI\u00c1 H\u1ed6 TR\u1ee2 L\u1eaeP \u0110\u1eb6T \u0110\u1ea6U IN HARPER QD... ch\u00ednh h\u00e3ng | V\u1ea1n N\u0103ng\",\"isPartOf\":{\"@id\":\"https:\/\/vannangvn.123websitedev.com\/#website\"},\"primaryImageOfPage\":{\"@id\":\"https:\/\/vannangvn.123websitedev.com\/san-pham\/gia-ho-tro-lap-dat-dau-in-harper-qd-plate-cylinder-mounting-stand\/#primaryimage\"},\"image\":{\"@id\":\"https:\/\/vannangvn.123websitedev.com\/san-pham\/gia-ho-tro-lap-dat-dau-in-harper-qd-plate-cylinder-mounting-stand\/#primaryimage\"},\"thumbnailUrl\":\"https:\/\/vannangvn.123websitedev.com\/wp-content\/uploads\/2026\/03\/Nang-Luc-Canva-4-768x576_2-copy.jpg\",\"datePublished\":\"2026-03-20T10:25:40+00:00\",\"dateModified\":\"2026-03-30T11:16:23+00:00\",\"description\":\"Mua ngay GI\u00c1 H\u1ed6 TR\u1ee2 L\u1eaeP \u0110\u1eb6T \u0110\u1ea6U IN HARPER QD PLATE CYLINDER MOUNTING STAND ch\u00ednh h\u00e3ng. QD Plate Cylinder Mounting Stand l\u00e0 ph\u1ee5 ki\u1ec7... Gi\u00e1 t\u1ed1t!\",\"breadcrumb\":{\"@id\":\"https:\/\/vannangvn.123websitedev.com\/san-pham\/gia-ho-tro-lap-dat-dau-in-harper-qd-plate-cylinder-mounting-stand\/#breadcrumb\"},\"inLanguage\":\"en-US\",\"potentialAction\":[{\"@type\":\"ReadAction\",\"target\":[\"https:\/\/vannangvn.123websitedev.com\/san-pham\/gia-ho-tro-lap-dat-dau-in-harper-qd-plate-cylinder-mounting-stand\/\"]}]},{\"@type\":\"ImageObject\",\"inLanguage\":\"en-US\",\"@id\":\"https:\/\/vannangvn.123websitedev.com\/san-pham\/gia-ho-tro-lap-dat-dau-in-harper-qd-plate-cylinder-mounting-stand\/#primaryimage\",\"url\":\"https:\/\/vannangvn.123websitedev.com\/wp-content\/uploads\/2026\/03\/Nang-Luc-Canva-4-768x576_2-copy.jpg\",\"contentUrl\":\"https:\/\/vannangvn.123websitedev.com\/wp-content\/uploads\/2026\/03\/Nang-Luc-Canva-4-768x576_2-copy.jpg\",\"width\":768,\"height\":576},{\"@type\":\"BreadcrumbList\",\"@id\":\"https:\/\/vannangvn.123websitedev.com\/san-pham\/gia-ho-tro-lap-dat-dau-in-harper-qd-plate-cylinder-mounting-stand\/#breadcrumb\",\"itemListElement\":[{\"@type\":\"ListItem\",\"position\":1,\"name\":\"Trang ch\u1ee7\",\"item\":\"https:\/\/vannangvn.123websitedev.com\/\"},{\"@type\":\"ListItem\",\"position\":2,\"name\":\"S\u1ea3n ph\u1ea9m\",\"item\":\"https:\/\/vannangvn.123websitedev.com\/cua-hang\/\"},{\"@type\":\"ListItem\",\"position\":3,\"name\":\"GI\u00c1 H\u1ed6 TR\u1ee2 L\u1eaeP \u0110\u1eb6T \u0110\u1ea6U IN HARPER QD PLATE CYLINDER MOUNTING STAND\"}]},{\"@type\":\"WebSite\",\"@id\":\"https:\/\/vannangvn.123websitedev.com\/#website\",\"url\":\"https:\/\/vannangvn.123websitedev.com\/\",\"name\":\"Vannang.vn\",\"description\":\"\",\"publisher\":{\"@id\":\"https:\/\/vannangvn.123websitedev.com\/#organization\"},\"potentialAction\":[{\"@type\":\"SearchAction\",\"target\":{\"@type\":\"EntryPoint\",\"urlTemplate\":\"https:\/\/vannangvn.123websitedev.com\/?s={search_term_string}\"},\"query-input\":{\"@type\":\"PropertyValueSpecification\",\"valueRequired\":true,\"valueName\":\"search_term_string\"}}],\"inLanguage\":\"en-US\"},{\"@type\":\"Organization\",\"@id\":\"https:\/\/vannangvn.123websitedev.com\/#organization\",\"name\":\"Vannang.vn\",\"url\":\"https:\/\/vannangvn.123websitedev.com\/\",\"logo\":{\"@type\":\"ImageObject\",\"inLanguage\":\"en-US\",\"@id\":\"https:\/\/vannangvn.123websitedev.com\/#\/schema\/logo\/image\/\",\"url\":\"https:\/\/vannangvn.123websitedev.com\/wp-content\/uploads\/2026\/02\/logo-van-nang-02.png\",\"contentUrl\":\"https:\/\/vannangvn.123websitedev.com\/wp-content\/uploads\/2026\/02\/logo-van-nang-02.png\",\"width\":448,\"height\":111,\"caption\":\"Vannang.vn\"},\"image\":{\"@id\":\"https:\/\/vannangvn.123websitedev.com\/#\/schema\/logo\/image\/\"}}]}<\/script>\n<!-- \/ Yoast SEO Premium plugin. -->","yoast_head_json":{"title":"GI\u00c1 H\u1ed6 TR\u1ee2 L\u1eaeP \u0110\u1eb6T \u0110\u1ea6U IN HARPER QD... ch\u00ednh h\u00e3ng | V\u1ea1n N\u0103ng","description":"Mua ngay GI\u00c1 H\u1ed6 TR\u1ee2 L\u1eaeP \u0110\u1eb6T \u0110\u1ea6U IN HARPER QD PLATE CYLINDER MOUNTING STAND ch\u00ednh h\u00e3ng. QD Plate Cylinder Mounting Stand l\u00e0 ph\u1ee5 ki\u1ec7... Gi\u00e1 t\u1ed1t!","robots":{"index":"noindex","follow":"follow","max-snippet":"max-snippet:-1","max-image-preview":"max-image-preview:large","max-video-preview":"max-video-preview:-1"},"og_locale":"en_US","og_type":"article","og_title":"GI\u00c1 H\u1ed6 TR\u1ee2 L\u1eaeP \u0110\u1eb6T \u0110\u1ea6U IN HARPER QD PLATE CYLINDER MOUNTING STAND","og_description":"Mua ngay GI\u00c1 H\u1ed6 TR\u1ee2 L\u1eaeP \u0110\u1eb6T \u0110\u1ea6U IN HARPER QD PLATE CYLINDER MOUNTING STAND ch\u00ednh h\u00e3ng. QD Plate Cylinder Mounting Stand l\u00e0 ph\u1ee5 ki\u1ec7... Gi\u00e1 t\u1ed1t!","og_url":"https:\/\/vannangvn.123websitedev.com\/en\/product\/gia-ho-tro-lap-dat-dau-in-harper-qd-plate-cylinder-mounting-stand\/","og_site_name":"Vannang.vn","article_modified_time":"2026-03-30T11:16:23+00:00","og_image":[{"width":768,"height":576,"url":"http:\/\/vannangvn.123websitedev.com\/wp-content\/uploads\/2026\/03\/Nang-Luc-Canva-4-768x576_2-copy.jpg","type":"image\/jpeg"}],"twitter_card":"summary_large_image","twitter_misc":{"Est. reading time":"4 minutes"},"schema":{"@context":"https:\/\/schema.org","@graph":[{"@type":"WebPage","@id":"https:\/\/vannangvn.123websitedev.com\/san-pham\/gia-ho-tro-lap-dat-dau-in-harper-qd-plate-cylinder-mounting-stand\/","url":"https:\/\/vannangvn.123websitedev.com\/san-pham\/gia-ho-tro-lap-dat-dau-in-harper-qd-plate-cylinder-mounting-stand\/","name":"GI\u00c1 H\u1ed6 TR\u1ee2 L\u1eaeP \u0110\u1eb6T \u0110\u1ea6U IN HARPER QD... ch\u00ednh h\u00e3ng | V\u1ea1n N\u0103ng","isPartOf":{"@id":"https:\/\/vannangvn.123websitedev.com\/#website"},"primaryImageOfPage":{"@id":"https:\/\/vannangvn.123websitedev.com\/san-pham\/gia-ho-tro-lap-dat-dau-in-harper-qd-plate-cylinder-mounting-stand\/#primaryimage"},"image":{"@id":"https:\/\/vannangvn.123websitedev.com\/san-pham\/gia-ho-tro-lap-dat-dau-in-harper-qd-plate-cylinder-mounting-stand\/#primaryimage"},"thumbnailUrl":"https:\/\/vannangvn.123websitedev.com\/wp-content\/uploads\/2026\/03\/Nang-Luc-Canva-4-768x576_2-copy.jpg","datePublished":"2026-03-20T10:25:40+00:00","dateModified":"2026-03-30T11:16:23+00:00","description":"Mua ngay GI\u00c1 H\u1ed6 TR\u1ee2 L\u1eaeP \u0110\u1eb6T \u0110\u1ea6U IN HARPER QD PLATE CYLINDER MOUNTING STAND ch\u00ednh h\u00e3ng. QD Plate Cylinder Mounting Stand l\u00e0 ph\u1ee5 ki\u1ec7... Gi\u00e1 t\u1ed1t!","breadcrumb":{"@id":"https:\/\/vannangvn.123websitedev.com\/san-pham\/gia-ho-tro-lap-dat-dau-in-harper-qd-plate-cylinder-mounting-stand\/#breadcrumb"},"inLanguage":"en-US","potentialAction":[{"@type":"ReadAction","target":["https:\/\/vannangvn.123websitedev.com\/san-pham\/gia-ho-tro-lap-dat-dau-in-harper-qd-plate-cylinder-mounting-stand\/"]}]},{"@type":"ImageObject","inLanguage":"en-US","@id":"https:\/\/vannangvn.123websitedev.com\/san-pham\/gia-ho-tro-lap-dat-dau-in-harper-qd-plate-cylinder-mounting-stand\/#primaryimage","url":"https:\/\/vannangvn.123websitedev.com\/wp-content\/uploads\/2026\/03\/Nang-Luc-Canva-4-768x576_2-copy.jpg","contentUrl":"https:\/\/vannangvn.123websitedev.com\/wp-content\/uploads\/2026\/03\/Nang-Luc-Canva-4-768x576_2-copy.jpg","width":768,"height":576},{"@type":"BreadcrumbList","@id":"https:\/\/vannangvn.123websitedev.com\/san-pham\/gia-ho-tro-lap-dat-dau-in-harper-qd-plate-cylinder-mounting-stand\/#breadcrumb","itemListElement":[{"@type":"ListItem","position":1,"name":"Trang ch\u1ee7","item":"https:\/\/vannangvn.123websitedev.com\/"},{"@type":"ListItem","position":2,"name":"S\u1ea3n ph\u1ea9m","item":"https:\/\/vannangvn.123websitedev.com\/cua-hang\/"},{"@type":"ListItem","position":3,"name":"GI\u00c1 H\u1ed6 TR\u1ee2 L\u1eaeP \u0110\u1eb6T \u0110\u1ea6U IN HARPER QD PLATE CYLINDER MOUNTING STAND"}]},{"@type":"WebSite","@id":"https:\/\/vannangvn.123websitedev.com\/#website","url":"https:\/\/vannangvn.123websitedev.com\/","name":"Vannang.vn","description":"","publisher":{"@id":"https:\/\/vannangvn.123websitedev.com\/#organization"},"potentialAction":[{"@type":"SearchAction","target":{"@type":"EntryPoint","urlTemplate":"https:\/\/vannangvn.123websitedev.com\/?s={search_term_string}"},"query-input":{"@type":"PropertyValueSpecification","valueRequired":true,"valueName":"search_term_string"}}],"inLanguage":"en-US"},{"@type":"Organization","@id":"https:\/\/vannangvn.123websitedev.com\/#organization","name":"Vannang.vn","url":"https:\/\/vannangvn.123websitedev.com\/","logo":{"@type":"ImageObject","inLanguage":"en-US","@id":"https:\/\/vannangvn.123websitedev.com\/#\/schema\/logo\/image\/","url":"https:\/\/vannangvn.123websitedev.com\/wp-content\/uploads\/2026\/02\/logo-van-nang-02.png","contentUrl":"https:\/\/vannangvn.123websitedev.com\/wp-content\/uploads\/2026\/02\/logo-van-nang-02.png","width":448,"height":111,"caption":"Vannang.vn"},"image":{"@id":"https:\/\/vannangvn.123websitedev.com\/#\/schema\/logo\/image\/"}}]}},"_links":{"self":[{"href":"https:\/\/vannangvn.123websitedev.com\/en\/wp-json\/wp\/v2\/product\/6269","targetHints":{"allow":["GET"]}}],"collection":[{"href":"https:\/\/vannangvn.123websitedev.com\/en\/wp-json\/wp\/v2\/product"}],"about":[{"href":"https:\/\/vannangvn.123websitedev.com\/en\/wp-json\/wp\/v2\/types\/product"}],"replies":[{"embeddable":true,"href":"https:\/\/vannangvn.123websitedev.com\/en\/wp-json\/wp\/v2\/comments?post=6269"}],"wp:featuredmedia":[{"embeddable":true,"href":"https:\/\/vannangvn.123websitedev.com\/en\/wp-json\/wp\/v2\/media\/10277"}],"wp:attachment":[{"href":"https:\/\/vannangvn.123websitedev.com\/en\/wp-json\/wp\/v2\/media?parent=6269"}],"wp:term":[{"taxonomy":"product_brand","embeddable":true,"href":"https:\/\/vannangvn.123websitedev.com\/en\/wp-json\/wp\/v2\/product_brand?post=6269"},{"taxonomy":"product_cat","embeddable":true,"href":"https:\/\/vannangvn.123websitedev.com\/en\/wp-json\/wp\/v2\/product_cat?post=6269"},{"taxonomy":"product_tag","embeddable":true,"href":"https:\/\/vannangvn.123websitedev.com\/en\/wp-json\/wp\/v2\/product_tag?post=6269"}],"curies":[{"name":"wp","href":"https:\/\/api.w.org\/{rel}","templated":true}]}}