{"id":6270,"date":"2026-03-20T17:25:41","date_gmt":"2026-03-20T10:25:41","guid":{"rendered":"https:\/\/vannangvn.123websitedev.com\/san-pham\/gia-toc-ke-pce-instruments-model-pce-vdr-10\/"},"modified":"2026-03-30T18:16:26","modified_gmt":"2026-03-30T11:16:26","slug":"gia-toc-ke-pce-instruments-model-pce-vdr-10","status":"publish","type":"product","link":"https:\/\/vannangvn.123websitedev.com\/en\/product\/gia-toc-ke-pce-instruments-model-pce-vdr-10\/","title":{"rendered":"GIA T\u1ed0C K\u1ebe PCE INSTRUMENTS MODEL PCE-VDR 10"},"content":{"rendered":"<h1 style=\"color: red; font-weight: bold; font-size: 24px;\">T&#7893;ng quan s&#7843;n ph&#7849;m GIA T&#7888;C K&#7870; PCE INSTRUMENTS MODEL PCE-VDR 10<p>Gia T&#7889;c K&#7871; (Vibration Meter) PCE Instruments Model PCE-VDR 10<br>\nGia T&#7889;c K&#7871; PCE-VDR 10 l&agrave; m&#7897;t thi&#7871;t b&#7883; &#273;o rung &#273;&#7897;ng hi&#7879;n &#273;&#7841;i, chuy&ecirc;n d&ugrave;ng &#273;&#7875; theo d&otilde;i v&agrave; ph&acirc;n t&iacute;ch rung &#273;&#7897;ng trong th&#7901;i gian th&#7921;c. PCE-VDR 10 h&#7895; tr&#7907; &#273;o l&#432;&#7901;ng gia t&#7889;c v&agrave; v&#7853;n t&#7889;c rung &#273;&#7897;ng v&#7899;i &#273;&#7897; ch&iacute;nh x&aacute;c cao, &#273;&aacute;p &#7913;ng nhu c&#7847;u ki&#7875;m tra trong c&aacute;c ng&agrave;nh c&ocirc;ng nghi&#7879;p kh&aacute;c nhau. &#272;i&#7875;m n&#7893;i b&#7853;t c&#7911;a M&aacute;y &#272;o Gia T&#7889;c PCE-VDR 10 ch&iacute;nh l&agrave; kh&#7843; n&#259;ng l&#432;u tr&#7919; d&#7919; li&#7879;u tr&#7921;c ti&#7871;p tr&ecirc;n th&#7867; SD, gi&uacute;p ng&#432;&#7901;i d&ugrave;ng d&#7877; d&agrave;ng qu&#7843;n l&yacute; v&agrave; ph&acirc;n t&iacute;ch d&#7919; li&#7879;u sau khi &#273;o. H&atilde;y c&ugrave;ng V&#7841;n N&#259;ng t&igrave;m hi&#7875;u chi ti&#7871;t h&#417;n v&#7873; s&#7843;n ph&#7849;m th&ocirc;ng qua b&agrave;i vi&#7871;t d&#432;&#7899;i &#273;&acirc;y!<\/p><p>N&eacute;t &#272;&#7863;c Tr&#432;ng C&#7911;a PCE-VDR 10<br>\nM&aacute;y &#272;o V&agrave; Ph&acirc;n T&iacute;ch &#272;&#7897; Rung VDR10 mang &#273;&#7871;n nhi&#7873;u t&iacute;nh n&#259;ng v&#432;&#7907;t tr&#7897;i, &#273;&aacute;p &#7913;ng c&aacute;c y&ecirc;u c&#7847;u kh&#7855;t khe trong qu&aacute; tr&igrave;nh &#273;o l&#432;&#7901;ng rung &#273;&#7897;ng:<br>\n&#272;o l&#432;&#7901;ng &#273;a d&#7841;ng<\/p><p>Gia t&#7889;c: &#272;&#417;n v&#7883; &#273;o bao g&#7891;m m\/s&sup2;, g v&agrave; ft\/s&sup2;.<br>\nV&#7853;n t&#7889;c: C&aacute;c &#273;&#417;n v&#7883; &#273;o nh&#432; mm\/s, cm\/s v&agrave; in\/s.<\/p><p>Kh&#7843; n&#259;ng ghi d&#7919; li&#7879;u t&#7921; &#273;&#7897;ng<br>\nNg&#432;&#7901;i d&ugrave;ng c&oacute; th&#7875; c&agrave;i &#273;&#7863;t ch&#7871; &#273;&#7897; ghi d&#7919; li&#7879;u t&#7921; &#273;&#7897;ng v&#7899;i kho&#7843;ng th&#7901;i gian t&ugrave;y ch&#7881;nh, ph&ugrave; h&#7907;p v&#7899;i nhu c&#7847;u gi&aacute;m s&aacute;t li&ecirc;n t&#7909;c.<\/p><p>L&#432;u tr&#7919; d&#7919; li&#7879;u ti&#7879;n l&#7907;i<br>\nM&aacute;y Ph&acirc;n T&iacute;ch &#272;&#7897; Rung PCE-VDR 10 t&iacute;ch h&#7907;p khe c&#7855;m th&#7867; nh&#7899; SD, cho ph&eacute;p l&#432;u tr&#7919; l&#432;&#7907;ng l&#7899;n d&#7919; li&#7879;u &#273;o l&#432;&#7901;ng. Ng&#432;&#7901;i d&ugrave;ng c&oacute; th&#7875; d&#7877; d&agrave;ng xu&#7845;t d&#7919; li&#7879;u qua th&#7867; nh&#7899; &#273;&#7875; ph&acirc;n t&iacute;ch chi ti&#7871;t tr&ecirc;n m&aacute;y t&iacute;nh.<br>\nK&#7871;t n&#7889;i &#273;a d&#7841;ng<\/p><p>C&#7893;ng RS-232 v&agrave; USB: Gi&uacute;p truy&#7873;n d&#7919; li&#7879;u nhanh ch&oacute;ng v&agrave; ti&#7879;n l&#7907;i.<br>\nD&#7919; li&#7879;u c&oacute; th&#7875; &#273;&#432;&#7907;c t&#7843;i v&#7873; v&agrave; ph&acirc;n t&iacute;ch d&#7877; d&agrave;ng tr&ecirc;n ph&#7847;n m&#7873;m Microsoft Excel.<\/p><p>Thi&#7871;t k&#7871; linh ho&#7841;t v&agrave; di &#273;&#7897;ng<\/p><p>M&agrave;n h&igrave;nh LCD c&oacute; &#273;&egrave;n n&#7873;n, h&#7895; tr&#7907; l&agrave;m vi&#7879;c trong &#273;i&#7873;u ki&#7879;n &aacute;nh s&aacute;ng y&#7871;u.<br>\nThi&#7871;t b&#7883; nh&#7887; g&#7885;n, d&#7877; d&agrave;ng mang theo v&agrave; s&#7917; d&#7909;ng t&#7841;i hi&#7879;n tr&#432;&#7901;ng.<\/p><p>C&agrave;i &#273;&#7863;t d&#7877; d&agrave;ng<br>\n&#272;&#7875; thi&#7871;t l&#7853;p th&#7867; SD l&#7847;n &#273;&#7847;u ti&ecirc;n, M&aacute;y Ph&acirc;n T&iacute;ch Rung PCE-VDR 10 c&#7847;n &#273;&#432;&#7907;c k&#7871;t n&#7889;i v&#7899;i ngu&#7891;n &#273;i&#7879;n AC th&ocirc;ng qua b&#7897; c&#7845;p ngu&#7891;n NET-LUT ho&#7863;c NET-LUT-US (&#273;&#432;&#7907;c b&aacute;n ri&ecirc;ng).<\/p><p>&#431;u &#272;i&#7875;m V&#432;&#7907;t Tr&#7897;i C&#7911;a PCE-VDR 10<\/p><p>&#272;&#7897; ch&iacute;nh x&aacute;c cao trong &#273;o l&#432;&#7901;ng gia t&#7889;c v&agrave; v&#7853;n t&#7889;c.<br>\nKh&#7843; n&#259;ng l&#432;u tr&#7919; v&agrave; ph&acirc;n t&iacute;ch d&#7919; li&#7879;u ti&#7879;n l&#7907;i, VDR10 ph&ugrave; h&#7907;p v&#7899;i m&#7885;i nhu c&#7847;u t&#7915; gi&aacute;m s&aacute;t &#273;&#7871;n nghi&ecirc;n c&#7913;u.<br>\nThi&#7871;t k&#7871; nh&#7887; g&#7885;n, d&#7877; d&agrave;ng s&#7917; d&#7909;ng, l&yacute; t&#432;&#7903;ng cho c&#7843; m&ocirc;i tr&#432;&#7901;ng nh&agrave; m&aacute;y v&agrave; hi&#7879;n tr&#432;&#7901;ng.<\/p><p>Cung C&#7845;p Ph&#7909; Ki&#7879;n<\/p><p>Power Supply<br>\nVibration Sensor Replacement Magnet<br>\nCarrying Case<br>\nUSB Data Cable<br>\nPower Supply<\/p><p>9V \/ 1A<br>\n(European)<br>\nPCE-VT 204mg<br>\n(With Hard Foam Insert)<br>\nIncl. Software Soft-Lut-USB<br>\n9V \/ 0.8A<br>\n(US\/North American)<\/p><p>&#7912;ng D&#7909;ng Th&#7921;c Ti&#7877;n C&#7911;a PCE-VDR 10<br>\nThi&#7871;t B&#7883; &#272;o Gia T&#7889;c PCE-VDR 10 l&agrave; c&ocirc;ng c&#7909; kh&ocirc;ng th&#7875; thi&#7871;u trong vi&#7879;c gi&aacute;m s&aacute;t v&agrave; ph&acirc;n t&iacute;ch rung &#273;&#7897;ng cho nhi&#7873;u l&#297;nh v&#7921;c:<\/p><p>C&ocirc;ng nghi&#7879;p s&#7843;n xu&#7845;t: Theo d&otilde;i t&igrave;nh tr&#7841;ng m&aacute;y m&oacute;c, ph&aacute;t hi&#7879;n s&#7899;m c&aacute;c s&#7921; c&#7889; do rung &#273;&#7897;ng b&#7845;t th&#432;&#7901;ng.<br>\nX&acirc;y d&#7921;ng: &#272;o l&#432;&#7901;ng rung &#273;&#7897;ng trong c&aacute;c c&ocirc;ng tr&igrave;nh, &#273;&#7843;m b&#7843;o an to&agrave;n k&#7871;t c&#7845;u.<br>\nNghi&ecirc;n c&#7913;u v&agrave; ph&aacute;t tri&#7875;n: Ph&acirc;n t&iacute;ch &#273;&#7863;c t&iacute;nh rung &#273;&#7897;ng trong c&aacute;c th&#7917; nghi&#7879;m s&#7843;n ph&#7849;m m&#7899;i.<\/p><p>Nh&#7919;ng L&yacute; Do N&ecirc;n Mua Gia T&#7889;c K&#7871; T&#7841;i Thi&#7871;t B&#7883; C&ocirc;ng Ngh&#7879; V&#7841;n N&#259;ng<\/p><p>C&ocirc;ng ty Thi&#7871;t B&#7883; C&ocirc;ng Ngh&#7879; V&#7841;n N&#259;ng l&agrave; &#273;&#7889;i t&aacute;c ch&iacute;nh th&#7913;c ph&acirc;n ph&#7889;i Gia T&#7889;c K&#7871; h&agrave;ng &#273;&#7847;u t&#7841;i Vi&#7879;t Nam, cam k&#7871;t cung c&#7845;p s&#7843;n ph&#7849;m ch&iacute;nh h&atilde;ng v&#7899;i gi&aacute; c&#7843; c&#7841;nh tranh nh&#7845;t th&#7883; tr&#432;&#7901;ng. V&#7899;i uy t&iacute;n tr&ecirc;n th&#7883; tr&#432;&#7901;ng v&agrave; ch&#7871; &#273;&#7897; h&#7851;u m&atilde;i t&#7889;t, Thi&#7871;t B&#7883; C&ocirc;ng Ngh&#7879; V&#7841;n N&#259;ng &#273;&atilde; nh&#7853;n &#273;&#432;&#7907;c s&#7921; tin t&#432;&#7903;ng t&#7915; kh&aacute;ch h&agrave;ng nh&#7901; v&agrave;o ch&#7845;t l&#432;&#7907;ng h&agrave;ng &#273;&#7847;u c&#7911;a c&aacute;c d&ograve;ng s&#7843;n ph&#7849;m.<br>\nS&#7843;n ph&#7849;m c&#7911;a ch&uacute;ng t&ocirc;i &#273;&#432;&#7907;c ki&#7875;m &#273;&#7883;nh ch&#7845;t l&#432;&#7907;ng, nh&#7853;p kh&#7849;u tr&#7921;c ti&#7871;p t&#7915; nh&agrave; m&aacute;y b&ecirc;n Ch&acirc;u &Acirc;u, M&#7929;, &Uacute;c, Nh&#7853;t B&#7843;n,&hellip; v&agrave; &#273;&aacute;p &#7913;ng nhu c&#7847;u &#273;a d&#7841;ng c&#7911;a th&#7883; tr&#432;&#7901;ng nh&#432;: M&aacute;y &#272;o &#272;&#7897; C&#7913;ng, M&aacute;y SPECTROMAXx, M&aacute;y Ki&#7875;m Tra &#272;&#432;&#7901;ng Gh&eacute;p M&iacute; Lon,&hellip; Ch&uacute;ng t&ocirc;i cam k&#7871;t cung c&#7845;p s&#7843;n ph&#7849;m n&agrave;y tr&ecirc;n to&agrave;n qu&#7889;c v&#7899;i gi&aacute; c&#7843; c&#7841;nh tranh nh&#7845;t.<br>\nCh&uacute;ng t&ocirc;i c&oacute; &#273;&#7897;i ng&#361; chuy&ecirc;n vi&ecirc;n t&#432; v&#7845;n chuy&ecirc;n s&acirc;u s&#7869; h&#7895; tr&#7907; kh&aacute;ch h&agrave;ng v&#7873; chi ti&#7871;t s&#7843;n ph&#7849;m, h&#432;&#7899;ng d&#7851;n s&#7917; d&#7909;ng hay nh&#7919;ng th&#7913; li&ecirc;n quan &#273;&#7871;n v&#7845;n &#273;&#7873; m&agrave; doanh nghi&#7879;p b&#7841;n &#273;ang g&#7863;p ph&#7843;i. Ch&uacute;ng t&ocirc;i s&#7869; cung c&#7845;p nh&#7919;ng gi&#7843;i ph&aacute;p t&#7889;i &#432;u nh&#7845;t!<br>\nNgo&agrave;i ra Thi&#7871;t B&#7883; C&ocirc;ng Ngh&#7879; V&#7841;n N&#259;ng Ch&uacute;ng T&ocirc;i lu&ocirc;n h&#432;&#7899;ng &#273;&#7871;n tr&#7843;i nghi&#7879;m kh&aacute;ch h&agrave;ng, v&igrave; v&#7853;y ch&uacute;ng t&ocirc;i c&oacute; nh&#7919;ng ch&iacute;nh s&aacute;ch b&#7843;o h&agrave;nh, b&#7843;o tr&igrave; &ndash; b&#7843;o d&#432;&#7905;ng, hi&#7879;u chu&#7849;n v&#7899;i t&#7845;t c&#7843; c&aacute;c thi&#7871;t b&#7883;, m&aacute;y m&oacute;c m&agrave; ch&uacute;ng t&ocirc;i cung c&#7845;p. &#272;&#7843;m b&#7843;o mang &#273;&#7871;n cho Kh&aacute;ch h&agrave;ng s&#7921; y&ecirc;n t&acirc;m tuy&#7879;t &#273;&#7889;i v&#7873; d&#7883;ch v&#7909; khi mua h&agrave;ng.<\/p><p>T&#7893;ng K&#7871;t<br>\nV&#7899;i nh&#7919;ng t&iacute;nh n&#259;ng hi&#7879;n &#273;&#7841;i v&agrave; kh&#7843; n&#259;ng &#273;&aacute;p &#7913;ng linh ho&#7841;t, M&aacute;y &#272;o Gia T&#7889;c VDR10 l&agrave; l&#7921;a ch&#7885;n l&yacute; t&#432;&#7903;ng cho b&#7845;t k&#7923; ai &#273;ang t&igrave;m ki&#7871;m m&#7897;t gi&#7843;i ph&aacute;p gi&aacute;m s&aacute;t rung &#273;&#7897;ng hi&#7879;u qu&#7843;. Vibration Meter PCE-VDR 10 kh&ocirc;ng ch&#7881; gi&uacute;p b&#7841;n &#273;&#7843;m b&#7843;o an to&agrave;n v&agrave; hi&#7879;u su&#7845;t ho&#7841;t &#273;&#7897;ng, m&agrave; c&ograve;n h&#7895; tr&#7907; ph&acirc;n t&iacute;ch d&#7919; li&#7879;u chuy&ecirc;n s&acirc;u &#273;&#7875; t&#7889;i &#432;u h&oacute;a quy tr&igrave;nh v&#7853;n h&agrave;nh. H&atilde;y li&ecirc;n h&#7879; ngay v&#7899;i V&#7841;n N&#259;ng Company &#273;&#7875; &#273;&#432;&#7907;c t&#432; v&#7845;n chi ti&#7871;t v&agrave; nh&#7853;n ngay nh&#7919;ng &#432;u &#273;&atilde;i h&#7845;p d&#7851;n th&ocirc;ng qua hotline\/zalo: <a href=\"https:\/\/zalo.me\/0903991335\" target=\"_blank\" rel=\"noopener\" style=\"color: #059669; font-weight: bold; text-decoration: none;\">0903 991 335<\/a> !<\/p><div style=\"background-color: #f8fafc; border: 1px solid #e2e8f0; border-radius: 8px; padding: 25px; max-width: 800px; margin: 30px auto; color: #334155; line-height: 1.8; font-size: 17px; box-shadow: 0 4px 6px -1px rgba(0,0,0,0.05); text-align: left; clear: both;\">\nC&ocirc;ng ty TNHH Th&#432;&#417;ng M&#7841;i D&#7883;ch V&#7909; Thi&#7871;t B&#7883; C&ocirc;ng Ngh&#7879; V&#7841;n N&#259;ng\n<p style=\"margin: 0 0 10px 0;\">&#128205; <strong style=\"color: #1e293b;\">&#272;&#7883;a ch&#7881;:<\/strong> <a style=\"color: #059669; text-decoration: none; font-weight: bold;\" href=\"https:\/\/www.google.com\/maps\/search\/C%C3%B4ng+ty+TNHH+Th%C6%B0%C6%A1ng+M%E1%BA%A1i+D%E1%BB%8Bch+V%E1%BB%A5+Thi%E1%BA%BFt+B%E1%BB%8B+C%C3%B4ng+Ngh%E1%BB%87+V%E1%BA%A1n+N%C4%83ng+818+Tr%C6%B0%E1%BB%9Dng+Chinh\" target=\"_blank\" rel=\"noopener\">818 Tr&#432;&#7901;ng Chinh, Ph&#432;&#7901;ng T&acirc;n S&#417;n, Th&agrave;nh ph&#7889; H&#7891; Ch&iacute; Minh, Vi&#7879;t Nam<\/a><\/p>\n<p style=\"margin: 0 0 10px 0;\">&#128222; <strong style=\"color: #1e293b;\">S&#272;T &ndash; Zalo:<\/strong> <a style=\"color: #059669; text-decoration: none; font-weight: bold;\" href=\"https:\/\/zalo.me\/0903991335\" target=\"_blank\" rel=\"noopener\">0903 991 335<\/a> <span style=\"color: #64748b; font-style: italic;\">(Ms. H&#7841;nh &ndash; Gi&aacute;m &#272;&#7889;c Kinh Doanh)<\/span><\/p>\n<p style=\"margin: 0;\">&#9993;&#65039; <strong style=\"color: #1e293b;\">Email:<\/strong> <a style=\"color: #059669; text-decoration: none; font-weight: bold;\" href=\"mailto:hienhanh@vannangvn.com\">hienhanh@vannangvn.com<\/a><\/p>\n<\/div><\/h1>","protected":false},"excerpt":{"rendered":"<p><strong>Th&#432;&#417;ng hi&#7879;u:<\/strong> M&aacute;y Gia T&#7889;c K&#7871; PCE-VDR 10 l&agrave; m&#7897;t thi&#7871;t b&#7883; &#273;o rung &#273;&#7897;ng hi&#7879;n &#273;&#7841;i, chuy&ecirc;n d&ugrave;ng &#273;&#7875; theo d&otilde;i v&agrave; ph&acirc;n t&iacute;ch rung &#273;&#7897;ng trong th&#7901;i gian th&#7921;c. PCE-VDR 10 h&#7895; tr&#7907; &#273;o l&#432;&#7901;ng gia t&#7889;c v&agrave; v&#7853;n t&#7889;c rung &#273;&#7897;ng v&#7899;i &#273;&#7897; ch&iacute;nh x&aacute;c cao, &#273;&aacute;p &#7913;ng nhu c&#7847;u ki&#7875;m tra trong c&aacute;c ng&agrave;nh c&ocirc;ng nghi&#7879;p kh&aacute;c nhau. &#272;i&#7875;m n&#7893;i b&#7853;t c&#7911;a M&aacute;y &#272;o Gia T&#7889;c&nbsp;PCE-VDR 10 ch&iacute;nh l&agrave; kh&#7843; n&#259;ng l&#432;u tr&#7919; d&#7919; li&#7879;u tr&#7921;c ti&#7871;p tr&ecirc;n th&#7867; SD, gi&uacute;p ng&#432;&#7901;i d&ugrave;ng d&#7877; d&agrave;ng qu&#7843;n l&yacute; v&agrave; ph&acirc;n t&iacute;ch d&#7919; li&#7879;u sau khi &#273;o.<br>\n<strong>Model:<\/strong> PCE-VDR 10<p>Product <strong>GIA T&#7888;C K&#7870; PCE INSTRUMENTS MODEL PCE-VDR 10<\/strong> ch&iacute;nh h&atilde;ng. M&aacute;y Gia T&#7889;c K&#7871; PCE-VDR 10 l&agrave; m&#7897;t thi&#7871;t b&#7883; &#273;o rung &#273;&#7897;ng hi&#7879;n &#273;&#7841;i, chuy&ecirc;n d&ugrave;ng &#273;&#7875; theo d&otilde;i v&agrave; ph&acirc;n t&iacute;ch rung &#273;&#7897;ng trong th&#7901;i gian th&#7921;c. PCE-VDR 10 h&#7895; tr&#7907; &#273;o l&#432;&#7901;ng gia t&#7889;c v&agrave; v&#7853;n t&#7889;c rung &#273;&#7897;ng v&#7899;i &#273;&#7897; ch&iacute;nh x&aacute;c cao, &#273;&aacute;p &#7913;ng nhu c&#7847;u ki&#7875;m tra trong c&aacute;c ng&agrave;nh c&ocirc;ng nghi&#7879;p kh&aacute;c nhau. &#272;i&#7875;m n&#7893;i b&#7853;t c&#7911;a M&aacute;y &#272;o Gia T&#7889;c&nbsp;PCE-VDR 10 ch&iacute;nh l&agrave; kh&#7843; n&#259;ng l&#432;u tr&#7919; d&#7919; li&#7879;u tr&#7921;c ti&#7871;p tr&ecirc;n th&#7867; SD, gi&uacute;p ng&#432;&#7901;i d&ugrave;ng d&#7877; d&agrave;ng qu&#7843;n l&yacute; v&agrave; ph&acirc;n t&iacute;ch d&#7919; li&#7879;u sau khi &#273;o.<\/p><\/p>","protected":false},"featured_media":10478,"comment_status":"open","ping_status":"closed","template":"","meta":[],"product_brand":[],"product_cat":[18],"product_tag":[116,167,274,304,346,581,930,1015],"class_list":{"0":"post-6270","1":"product","2":"type-product","3":"status-publish","4":"has-post-thumbnail","6":"product_cat-chua-phan-loai","7":"product_tag-model","8":"product_tag-ke","9":"product_tag-toc","10":"product_tag-gia","11":"product_tag-pce","12":"product_tag-instruments","13":"product_tag-930","14":"product_tag-pce-vdr","16":"first","17":"instock","18":"shipping-taxable","19":"product-type-simple"},"yoast_head":"<!-- This site is optimized with the Yoast SEO Premium plugin v24.8 (Yoast SEO v24.8) - https:\/\/yoast.com\/wordpress\/plugins\/seo\/ -->\n<title>GIA T\u1ed0C K\u1ebe PCE INSTRUMENTS MODEL PC... ch\u00ednh h\u00e3ng | V\u1ea1n N\u0103ng<\/title>\n<meta name=\"description\" content=\"Mua ngay GIA T\u1ed0C K\u1ebe PCE INSTRUMENTS MODEL PCE-VDR 10 ch\u00ednh h\u00e3ng. Gi\u00e1 t\u1ed1t!\" \/>\n<meta name=\"robots\" content=\"noindex, follow, max-snippet:-1, max-image-preview:large, max-video-preview:-1\" \/>\n<meta property=\"og:locale\" content=\"en_US\" \/>\n<meta property=\"og:type\" content=\"article\" \/>\n<meta property=\"og:title\" content=\"GIA T\u1ed0C K\u1ebe PCE INSTRUMENTS MODEL PCE-VDR 10\" \/>\n<meta property=\"og:description\" content=\"Mua ngay GIA T\u1ed0C K\u1ebe PCE INSTRUMENTS MODEL PCE-VDR 10 ch\u00ednh h\u00e3ng. Gi\u00e1 t\u1ed1t!\" \/>\n<meta property=\"og:url\" content=\"https:\/\/vannangvn.123websitedev.com\/en\/product\/gia-toc-ke-pce-instruments-model-pce-vdr-10\/\" \/>\n<meta property=\"og:site_name\" content=\"Vannang.vn\" \/>\n<meta property=\"article:modified_time\" content=\"2026-03-30T11:16:26+00:00\" \/>\n<meta property=\"og:image\" content=\"http:\/\/vannangvn.123websitedev.com\/wp-content\/uploads\/2026\/03\/PCE-VDR-10-no.1-copy.jpg\" \/>\n\t<meta property=\"og:image:width\" content=\"768\" \/>\n\t<meta property=\"og:image:height\" content=\"576\" \/>\n\t<meta property=\"og:image:type\" content=\"image\/jpeg\" \/>\n<meta name=\"twitter:card\" content=\"summary_large_image\" \/>\n<meta name=\"twitter:label1\" content=\"Est. reading time\" \/>\n\t<meta name=\"twitter:data1\" content=\"7 minutes\" \/>\n<script type=\"application\/ld+json\" class=\"yoast-schema-graph\">{\"@context\":\"https:\/\/schema.org\",\"@graph\":[{\"@type\":\"WebPage\",\"@id\":\"https:\/\/vannangvn.123websitedev.com\/san-pham\/gia-toc-ke-pce-instruments-model-pce-vdr-10\/\",\"url\":\"https:\/\/vannangvn.123websitedev.com\/san-pham\/gia-toc-ke-pce-instruments-model-pce-vdr-10\/\",\"name\":\"GIA T\u1ed0C K\u1ebe PCE INSTRUMENTS MODEL PC... ch\u00ednh h\u00e3ng | V\u1ea1n N\u0103ng\",\"isPartOf\":{\"@id\":\"https:\/\/vannangvn.123websitedev.com\/#website\"},\"primaryImageOfPage\":{\"@id\":\"https:\/\/vannangvn.123websitedev.com\/san-pham\/gia-toc-ke-pce-instruments-model-pce-vdr-10\/#primaryimage\"},\"image\":{\"@id\":\"https:\/\/vannangvn.123websitedev.com\/san-pham\/gia-toc-ke-pce-instruments-model-pce-vdr-10\/#primaryimage\"},\"thumbnailUrl\":\"https:\/\/vannangvn.123websitedev.com\/wp-content\/uploads\/2026\/03\/PCE-VDR-10-no.1-copy.jpg\",\"datePublished\":\"2026-03-20T10:25:41+00:00\",\"dateModified\":\"2026-03-30T11:16:26+00:00\",\"description\":\"Mua ngay GIA T\u1ed0C K\u1ebe PCE INSTRUMENTS MODEL PCE-VDR 10 ch\u00ednh h\u00e3ng. Gi\u00e1 t\u1ed1t!\",\"breadcrumb\":{\"@id\":\"https:\/\/vannangvn.123websitedev.com\/san-pham\/gia-toc-ke-pce-instruments-model-pce-vdr-10\/#breadcrumb\"},\"inLanguage\":\"en-US\",\"potentialAction\":[{\"@type\":\"ReadAction\",\"target\":[\"https:\/\/vannangvn.123websitedev.com\/san-pham\/gia-toc-ke-pce-instruments-model-pce-vdr-10\/\"]}]},{\"@type\":\"ImageObject\",\"inLanguage\":\"en-US\",\"@id\":\"https:\/\/vannangvn.123websitedev.com\/san-pham\/gia-toc-ke-pce-instruments-model-pce-vdr-10\/#primaryimage\",\"url\":\"https:\/\/vannangvn.123websitedev.com\/wp-content\/uploads\/2026\/03\/PCE-VDR-10-no.1-copy.jpg\",\"contentUrl\":\"https:\/\/vannangvn.123websitedev.com\/wp-content\/uploads\/2026\/03\/PCE-VDR-10-no.1-copy.jpg\",\"width\":768,\"height\":576},{\"@type\":\"BreadcrumbList\",\"@id\":\"https:\/\/vannangvn.123websitedev.com\/san-pham\/gia-toc-ke-pce-instruments-model-pce-vdr-10\/#breadcrumb\",\"itemListElement\":[{\"@type\":\"ListItem\",\"position\":1,\"name\":\"Trang ch\u1ee7\",\"item\":\"https:\/\/vannangvn.123websitedev.com\/\"},{\"@type\":\"ListItem\",\"position\":2,\"name\":\"S\u1ea3n ph\u1ea9m\",\"item\":\"https:\/\/vannangvn.123websitedev.com\/cua-hang\/\"},{\"@type\":\"ListItem\",\"position\":3,\"name\":\"GIA T\u1ed0C K\u1ebe PCE INSTRUMENTS MODEL PCE-VDR 10\"}]},{\"@type\":\"WebSite\",\"@id\":\"https:\/\/vannangvn.123websitedev.com\/#website\",\"url\":\"https:\/\/vannangvn.123websitedev.com\/\",\"name\":\"Vannang.vn\",\"description\":\"\",\"publisher\":{\"@id\":\"https:\/\/vannangvn.123websitedev.com\/#organization\"},\"potentialAction\":[{\"@type\":\"SearchAction\",\"target\":{\"@type\":\"EntryPoint\",\"urlTemplate\":\"https:\/\/vannangvn.123websitedev.com\/?s={search_term_string}\"},\"query-input\":{\"@type\":\"PropertyValueSpecification\",\"valueRequired\":true,\"valueName\":\"search_term_string\"}}],\"inLanguage\":\"en-US\"},{\"@type\":\"Organization\",\"@id\":\"https:\/\/vannangvn.123websitedev.com\/#organization\",\"name\":\"Vannang.vn\",\"url\":\"https:\/\/vannangvn.123websitedev.com\/\",\"logo\":{\"@type\":\"ImageObject\",\"inLanguage\":\"en-US\",\"@id\":\"https:\/\/vannangvn.123websitedev.com\/#\/schema\/logo\/image\/\",\"url\":\"https:\/\/vannangvn.123websitedev.com\/wp-content\/uploads\/2026\/02\/logo-van-nang-02.png\",\"contentUrl\":\"https:\/\/vannangvn.123websitedev.com\/wp-content\/uploads\/2026\/02\/logo-van-nang-02.png\",\"width\":448,\"height\":111,\"caption\":\"Vannang.vn\"},\"image\":{\"@id\":\"https:\/\/vannangvn.123websitedev.com\/#\/schema\/logo\/image\/\"}}]}<\/script>\n<!-- \/ Yoast SEO Premium plugin. -->","yoast_head_json":{"title":"GIA T\u1ed0C K\u1ebe PCE INSTRUMENTS MODEL PC... ch\u00ednh h\u00e3ng | V\u1ea1n N\u0103ng","description":"Mua ngay GIA T\u1ed0C K\u1ebe PCE INSTRUMENTS MODEL PCE-VDR 10 ch\u00ednh h\u00e3ng. Gi\u00e1 t\u1ed1t!","robots":{"index":"noindex","follow":"follow","max-snippet":"max-snippet:-1","max-image-preview":"max-image-preview:large","max-video-preview":"max-video-preview:-1"},"og_locale":"en_US","og_type":"article","og_title":"GIA T\u1ed0C K\u1ebe PCE INSTRUMENTS MODEL PCE-VDR 10","og_description":"Mua ngay GIA T\u1ed0C K\u1ebe PCE INSTRUMENTS MODEL PCE-VDR 10 ch\u00ednh h\u00e3ng. Gi\u00e1 t\u1ed1t!","og_url":"https:\/\/vannangvn.123websitedev.com\/en\/product\/gia-toc-ke-pce-instruments-model-pce-vdr-10\/","og_site_name":"Vannang.vn","article_modified_time":"2026-03-30T11:16:26+00:00","og_image":[{"width":768,"height":576,"url":"http:\/\/vannangvn.123websitedev.com\/wp-content\/uploads\/2026\/03\/PCE-VDR-10-no.1-copy.jpg","type":"image\/jpeg"}],"twitter_card":"summary_large_image","twitter_misc":{"Est. reading time":"7 minutes"},"schema":{"@context":"https:\/\/schema.org","@graph":[{"@type":"WebPage","@id":"https:\/\/vannangvn.123websitedev.com\/san-pham\/gia-toc-ke-pce-instruments-model-pce-vdr-10\/","url":"https:\/\/vannangvn.123websitedev.com\/san-pham\/gia-toc-ke-pce-instruments-model-pce-vdr-10\/","name":"GIA T\u1ed0C K\u1ebe PCE INSTRUMENTS MODEL PC... ch\u00ednh h\u00e3ng | V\u1ea1n N\u0103ng","isPartOf":{"@id":"https:\/\/vannangvn.123websitedev.com\/#website"},"primaryImageOfPage":{"@id":"https:\/\/vannangvn.123websitedev.com\/san-pham\/gia-toc-ke-pce-instruments-model-pce-vdr-10\/#primaryimage"},"image":{"@id":"https:\/\/vannangvn.123websitedev.com\/san-pham\/gia-toc-ke-pce-instruments-model-pce-vdr-10\/#primaryimage"},"thumbnailUrl":"https:\/\/vannangvn.123websitedev.com\/wp-content\/uploads\/2026\/03\/PCE-VDR-10-no.1-copy.jpg","datePublished":"2026-03-20T10:25:41+00:00","dateModified":"2026-03-30T11:16:26+00:00","description":"Mua ngay GIA T\u1ed0C K\u1ebe PCE INSTRUMENTS MODEL PCE-VDR 10 ch\u00ednh h\u00e3ng. Gi\u00e1 t\u1ed1t!","breadcrumb":{"@id":"https:\/\/vannangvn.123websitedev.com\/san-pham\/gia-toc-ke-pce-instruments-model-pce-vdr-10\/#breadcrumb"},"inLanguage":"en-US","potentialAction":[{"@type":"ReadAction","target":["https:\/\/vannangvn.123websitedev.com\/san-pham\/gia-toc-ke-pce-instruments-model-pce-vdr-10\/"]}]},{"@type":"ImageObject","inLanguage":"en-US","@id":"https:\/\/vannangvn.123websitedev.com\/san-pham\/gia-toc-ke-pce-instruments-model-pce-vdr-10\/#primaryimage","url":"https:\/\/vannangvn.123websitedev.com\/wp-content\/uploads\/2026\/03\/PCE-VDR-10-no.1-copy.jpg","contentUrl":"https:\/\/vannangvn.123websitedev.com\/wp-content\/uploads\/2026\/03\/PCE-VDR-10-no.1-copy.jpg","width":768,"height":576},{"@type":"BreadcrumbList","@id":"https:\/\/vannangvn.123websitedev.com\/san-pham\/gia-toc-ke-pce-instruments-model-pce-vdr-10\/#breadcrumb","itemListElement":[{"@type":"ListItem","position":1,"name":"Trang ch\u1ee7","item":"https:\/\/vannangvn.123websitedev.com\/"},{"@type":"ListItem","position":2,"name":"S\u1ea3n ph\u1ea9m","item":"https:\/\/vannangvn.123websitedev.com\/cua-hang\/"},{"@type":"ListItem","position":3,"name":"GIA T\u1ed0C K\u1ebe PCE INSTRUMENTS MODEL PCE-VDR 10"}]},{"@type":"WebSite","@id":"https:\/\/vannangvn.123websitedev.com\/#website","url":"https:\/\/vannangvn.123websitedev.com\/","name":"Vannang.vn","description":"","publisher":{"@id":"https:\/\/vannangvn.123websitedev.com\/#organization"},"potentialAction":[{"@type":"SearchAction","target":{"@type":"EntryPoint","urlTemplate":"https:\/\/vannangvn.123websitedev.com\/?s={search_term_string}"},"query-input":{"@type":"PropertyValueSpecification","valueRequired":true,"valueName":"search_term_string"}}],"inLanguage":"en-US"},{"@type":"Organization","@id":"https:\/\/vannangvn.123websitedev.com\/#organization","name":"Vannang.vn","url":"https:\/\/vannangvn.123websitedev.com\/","logo":{"@type":"ImageObject","inLanguage":"en-US","@id":"https:\/\/vannangvn.123websitedev.com\/#\/schema\/logo\/image\/","url":"https:\/\/vannangvn.123websitedev.com\/wp-content\/uploads\/2026\/02\/logo-van-nang-02.png","contentUrl":"https:\/\/vannangvn.123websitedev.com\/wp-content\/uploads\/2026\/02\/logo-van-nang-02.png","width":448,"height":111,"caption":"Vannang.vn"},"image":{"@id":"https:\/\/vannangvn.123websitedev.com\/#\/schema\/logo\/image\/"}}]}},"_links":{"self":[{"href":"https:\/\/vannangvn.123websitedev.com\/en\/wp-json\/wp\/v2\/product\/6270","targetHints":{"allow":["GET"]}}],"collection":[{"href":"https:\/\/vannangvn.123websitedev.com\/en\/wp-json\/wp\/v2\/product"}],"about":[{"href":"https:\/\/vannangvn.123websitedev.com\/en\/wp-json\/wp\/v2\/types\/product"}],"replies":[{"embeddable":true,"href":"https:\/\/vannangvn.123websitedev.com\/en\/wp-json\/wp\/v2\/comments?post=6270"}],"wp:featuredmedia":[{"embeddable":true,"href":"https:\/\/vannangvn.123websitedev.com\/en\/wp-json\/wp\/v2\/media\/10478"}],"wp:attachment":[{"href":"https:\/\/vannangvn.123websitedev.com\/en\/wp-json\/wp\/v2\/media?parent=6270"}],"wp:term":[{"taxonomy":"product_brand","embeddable":true,"href":"https:\/\/vannangvn.123websitedev.com\/en\/wp-json\/wp\/v2\/product_brand?post=6270"},{"taxonomy":"product_cat","embeddable":true,"href":"https:\/\/vannangvn.123websitedev.com\/en\/wp-json\/wp\/v2\/product_cat?post=6270"},{"taxonomy":"product_tag","embeddable":true,"href":"https:\/\/vannangvn.123websitedev.com\/en\/wp-json\/wp\/v2\/product_tag?post=6270"}],"curies":[{"name":"wp","href":"https:\/\/api.w.org\/{rel}","templated":true}]}}