{"id":6354,"date":"2026-03-20T17:27:23","date_gmt":"2026-03-20T10:27:23","guid":{"rendered":"https:\/\/vannangvn.123websitedev.com\/san-pham\/he-thong-loc-nuoc-sieu-sach-proseers-model-nova-eu10\/"},"modified":"2026-03-30T18:18:21","modified_gmt":"2026-03-30T11:18:21","slug":"he-thong-loc-nuoc-sieu-sach-proseers-model-nova-eu10","status":"publish","type":"product","link":"https:\/\/vannangvn.123websitedev.com\/en\/product\/he-thong-loc-nuoc-sieu-sach-proseers-model-nova-eu10\/","title":{"rendered":"H\u1ec6 TH\u1ed0NG L\u1eccC N\u01af\u1edaC SI\u00caU S\u1ea0CH PROSEERS MODEL NOVA EU10"},"content":{"rendered":"<h1 style=\"color: red; font-weight: bold; font-size: 24px;\">T&#7893;ng quan s&#7843;n ph&#7849;m H&#7878; TH&#7888;NG L&#7884;C N&#431;&#7898;C SI&Ecirc;U S&#7840;CH PROSEERS MODEL NOVA EU10<p>H&#7879; Th&#7889;ng L&#7885;c N&#432;&#7899;c Si&ecirc;u S&#7841;ch (All-in-One Lab Water Purification System) Proseers Model NOVA EU10<br>\nH&#7879; Th&#7889;ng L&#7885;c N&#432;&#7899;c Si&ecirc;u S&#7841;ch Proseers NOVA EU10 l&agrave; thi&#7871;t b&#7883; l&#7885;c n&#432;&#7899;c ti&ecirc;n ti&#7871;n t&iacute;ch h&#7907;p to&agrave;n b&#7897; ch&#7913;c n&#259;ng x&#7917; l&yacute;, tinh l&#7885;c v&agrave; ph&acirc;n ph&#7889;i n&#432;&#7899;c si&ecirc;u tinh khi&#7871;t Lo&#7841;i I v&agrave; Lo&#7841;i II trong c&ugrave;ng m&#7897;t h&#7879; th&#7889;ng nh&#7887; g&#7885;n. Thi&#7871;t b&#7883; cung c&#7845;p gi&#7843;i ph&aacute;p to&agrave;n di&#7879;n cho ph&ograve;ng th&iacute; nghi&#7879;m hi&#7879;n &#273;&#7841;i, gi&uacute;p &#273;&#7843;m b&#7843;o &#273;&#7897; tinh khi&#7871;t t&#7889;i &#273;a cho m&#7885;i &#7913;ng d&#7909;ng ph&acirc;n t&iacute;ch. H&atilde;y c&ugrave;ng V&#7841;n N&#259;ng t&igrave;m hi&#7875;u chi ti&#7871;t h&#417;n v&#7873; s&#7843;n ph&#7849;m th&ocirc;ng qua b&agrave;i vi&#7871;t d&#432;&#7899;i &#273;&acirc;y nh&eacute;!<\/p><p>Xem th&ecirc;m: M&aacute;y &#272;o M&#7853;t &#272;&#7897; Th&ocirc;ng Minh Anton Paar EasyDens<\/p><p>N&eacute;t &#272;&#7863;c Tr&#432;ng C&#7911;a Proseers NOVA EU10<br>\nHai d&ograve;ng n&#432;&#7899;c trong m&#7897;t<br>\nNOVA EU10 l&agrave; h&#7879; th&#7889;ng &ldquo;All-in-one&rdquo; &#273;&#7847;u ti&ecirc;n c&#7911;a Proseers cho ph&eacute;p &#273;&#7891;ng th&#7901;i cung c&#7845;p n&#432;&#7899;c Lo&#7841;i I v&agrave; Lo&#7841;i II, ph&ugrave; h&#7907;p v&#7899;i m&#7885;i y&ecirc;u c&#7847;u trong ph&ograve;ng lab. V&#7899;i hai c&aacute;nh tay ph&acirc;n ph&#7889;i n&#432;&#7899;c t&aacute;ch bi&#7879;t v&agrave; &#273;&#7897;c l&#7853;p, thi&#7871;t b&#7883; h&#7895; tr&#7907; ph&acirc;n ph&#7889;i ch&iacute;nh x&aacute;c v&agrave; linh ho&#7841;t cho t&#7915;ng lo&#7841;i n&#432;&#7899;c m&agrave; kh&ocirc;ng c&#7847;n thay &#273;&#7893;i thi&#7871;t l&#7853;p hay h&#7879; th&#7889;ng ph&#7909;.<br>\nM&agrave;n h&igrave;nh c&#7843;m &#7913;ng th&ocirc;ng minh<br>\nM&#7895;i c&aacute;nh tay ph&acirc;n ph&#7889;i n&#432;&#7899;c &#273;&#432;&#7907;c t&iacute;ch h&#7907;p m&agrave;n h&igrave;nh c&#7843;m &#7913;ng ri&ecirc;ng, cho ph&eacute;p &#273;i&#7873;u khi&#7875;n &#273;&#7883;nh l&#432;&#7907;ng theo y&ecirc;u c&#7847;u, thi&#7871;t l&#7853;p l&#432;u l&#432;&#7907;ng ph&acirc;n ph&#7889;i t&#7889;i &#273;a &#273;&#7871;n 2 L\/ph&uacute;t, v&agrave; h&#7895; tr&#7907; theo d&otilde;i ch&#7845;t l&#432;&#7907;ng n&#432;&#7899;c t&#7913;c th&#7901;i. Giao di&#7879;n tr&#7921;c quan, d&#7877; v&#7853;n h&agrave;nh, gi&uacute;p ng&#432;&#7901;i d&ugrave;ng theo d&otilde;i &#273;i&#7879;n tr&#7903; su&#7845;t, &#273;&#7897; d&#7851;n &#273;i&#7879;n v&agrave; th&ocirc;ng tin c&#7843;nh b&aacute;o ngay t&#7841;i &#273;i&#7875;m s&#7917; d&#7909;ng.<br>\nT&iacute;ch h&#7907;p TOC online th&#7901;i gian th&#7921;c<br>\nThi&#7871;t b&#7883; trang b&#7883; b&#7897; ph&acirc;n t&iacute;ch TOC online gi&uacute;p &#273;o ch&#7881; s&#7889; TOC trong th&#7901;i gian th&#7921;c, &#273;&#7843;m b&#7843;o gi&aacute;m s&aacute;t li&ecirc;n t&#7909;c ch&#7845;t l&#432;&#7907;ng n&#432;&#7899;c si&ecirc;u tinh khi&#7871;t. Nh&#7901; v&#7853;y, c&aacute;c &#7913;ng d&#7909;ng &#273;&ograve;i h&#7887;i m&ocirc;i tr&#432;&#7901;ng kh&ocirc;ng ch&#7913;a carbon h&#7919;u c&#417; nh&#432; PCR, LC-MS hay gi&#7843;i tr&igrave;nh t&#7921; DNA &#273;&#432;&#7907;c &#273;&#7843;m b&#7843;o &#7903; m&#7913;c t&#7889;i &#432;u nh&#7845;t.<\/p><p>&#272;&egrave;n UV k&eacute;p lo&#7841;i b&#7887; vi sinh<br>\nProseers NOVA EU10 s&#7917; d&#7909;ng &#273;&egrave;n UV b&#432;&#7899;c s&oacute;ng k&eacute;p 185 nm v&agrave; 254 nm &#273;&#7875; di&#7879;t khu&#7849;n, lo&#7841;i b&#7887; vi sinh v&agrave; ch&#7845;t h&#7919;u c&#417; hi&#7879;u qu&#7843;. &#272;&#7891;ng th&#7901;i, &#273;&egrave;n UV 265 nm b&#7893; sung b&#7843;o v&#7879; n&#432;&#7899;c trong su&#7889;t qu&aacute; tr&igrave;nh l&#432;u tr&#7919;, ng&#259;n ng&#7915;a t&aacute;i nhi&#7877;m khu&#7849;n trong b&igrave;nh ch&#7913;a.<br>\nH&#7879; th&#7889;ng l&#7885;c &#273;a c&#7845;p v&agrave; EDI<br>\nH&#7879; th&#7889;ng bao g&#7891;m c&aacute;c giai &#273;o&#7841;n l&#7885;c RO k&eacute;p, c&#7897;t b&#7843;o v&#7879; A v&agrave; B, m&ocirc;-&#273;un EDI (kh&#7917; ion b&#7857;ng &#273;i&#7879;n) v&agrave; c&#7897;t si&ecirc;u tinh ch&#7871;. Nh&#7901; thi&#7871;t k&#7871; &#273;a t&#7847;ng n&agrave;y, thi&#7871;t b&#7883; c&oacute; kh&#7843; n&#259;ng lo&#7841;i b&#7887; ion l&ecirc;n &#273;&#7871;n &ge; 99% v&agrave; h&#7841;t vi sinh hi&#7879;u qu&#7843;, cung c&#7845;p n&#432;&#7899;c &#273;&#7841;t chu&#7849;n ASTM v&agrave; CLSI.<br>\nQu&#7843;n l&yacute; t&#7915; xa qua U-Cloud<br>\nV&#7899;i kh&#7843; n&#259;ng k&#7871;t n&#7889;i Wifi v&agrave; n&#7873;n t&#7843;ng U-Cloud, ng&#432;&#7901;i d&ugrave;ng c&oacute; th&#7875; theo d&otilde;i ch&#7845;t l&#432;&#7907;ng n&#432;&#7899;c, l&#432;u l&#432;&#7907;ng, tr&#7841;ng th&aacute;i h&#7879; th&#7889;ng v&agrave; l&#7883;ch s&#7917; c&#7843;nh b&aacute;o t&#7915; xa qua tr&igrave;nh duy&#7879;t web. Ngo&agrave;i ra, c&#7893;ng USB t&iacute;ch h&#7907;p gi&uacute;p tr&iacute;ch xu&#7845;t d&#7919; li&#7879;u nhanh ch&oacute;ng ph&#7909;c v&#7909; c&ocirc;ng t&aacute;c ki&#7875;m &#273;&#7883;nh v&agrave; l&#432;u tr&#7919; h&#7891; s&#417;.<\/p><p>Xem th&ecirc;m: M&aacute;y &#272;o &#272;&#7897; Nh&#7899;t C&#7847;m Tay Viscolite Hydramotion Model VL7-100B-d21<\/p><p>&#431;u &#272;i&#7875;m V&#432;&#7907;t Tr&#7897;i C&#7911;a NOVA EU10<br>\nK&#7871;t c&#7845;u nh&#7887; g&#7885;n, tinh g&#7885;n di&#7879;n t&iacute;ch<br>\nTo&agrave;n b&#7897; h&#7879; th&#7889;ng g&#7891;m module ti&#7873;n x&#7917; l&yacute;, th&acirc;n m&aacute;y ch&iacute;nh, c&aacute;nh tay ph&acirc;n ph&#7889;i v&agrave; b&igrave;nh ch&#7913;a 60 L &#273;&#432;&#7907;c thi&#7871;t k&#7871; t&#7889;i &#432;u v&#7873; kh&ocirc;ng gian. K&iacute;ch th&#432;&#7899;c th&acirc;n m&aacute;y ch&#7881; 330 x 545 x 525 mm, r&#7845;t th&iacute;ch h&#7907;p cho m&#7885;i kh&ocirc;ng gian ph&ograve;ng lab &ndash; t&#7915; ph&ograve;ng ki&#7875;m nghi&#7879;m ch&#7863;t ch&#7869; &#273;&#7871;n kh&ocirc;ng gian nghi&ecirc;n c&#7913;u h&#7885;c thu&#7853;t.<br>\n&#272;&#7897; tinh khi&#7871;t &#273;&#7841;t chu&#7849;n cao nh&#7845;t<br>\nH&#7879; Th&#7889;ng L&#7885;c N&#432;&#7899;c Si&ecirc;u S&#7841;ch NOVA EU10 cung c&#7845;p n&#432;&#7899;c Lo&#7841;i I v&#7899;i &#273;i&#7879;n tr&#7903; su&#7845;t 18 M&#8486;.cm, TOC &le; 2 ppb, kh&ocirc;ng ch&#7913;a RNase\/DNase v&agrave; vi sinh v&#7853;t. N&#432;&#7899;c Lo&#7841;i II &#273;&#7841;t &#273;i&#7879;n tr&#7903; su&#7845;t 15 M&#8486;.cm, TOC 0903 991 335.<\/p><div style=\"background-color: #f8fafc; border: 1px solid #e2e8f0; border-radius: 8px; padding: 25px; max-width: 800px; margin: 30px auto; color: #334155; line-height: 1.8; font-size: 17px; box-shadow: 0 4px 6px -1px rgba(0,0,0,0.05); text-align: left; clear: both;\">\nC&ocirc;ng ty TNHH Th&#432;&#417;ng M&#7841;i D&#7883;ch V&#7909; Thi&#7871;t B&#7883; C&ocirc;ng Ngh&#7879; V&#7841;n N&#259;ng\n<p style=\"margin: 0 0 10px 0;\">&#128205; <strong style=\"color: #1e293b;\">&#272;&#7883;a ch&#7881;:<\/strong> <a style=\"color: #059669; text-decoration: none; font-weight: bold;\" href=\"https:\/\/www.google.com\/maps\/search\/C%C3%B4ng+ty+TNHH+Th%C6%B0%C6%A1ng+M%E1%BA%A1i+D%E1%BB%8Bch+V%E1%BB%A5+Thi%E1%BA%BFt+B%E1%BB%8B+C%C3%B4ng+Ngh%E1%BB%87+V%E1%BA%A1n+N%C4%83ng+818+Tr%C6%B0%E1%BB%9Dng+Chinh\" target=\"_blank\" rel=\"noopener\">818 Tr&#432;&#7901;ng Chinh, Ph&#432;&#7901;ng T&acirc;n S&#417;n, Th&agrave;nh ph&#7889; H&#7891; Ch&iacute; Minh, Vi&#7879;t Nam<\/a><\/p>\n<p style=\"margin: 0 0 10px 0;\">&#128222; <strong style=\"color: #1e293b;\">S&#272;T &ndash; Zalo:<\/strong> <a style=\"color: #059669; text-decoration: none; font-weight: bold;\" href=\"https:\/\/zalo.me\/0903991335\" target=\"_blank\" rel=\"noopener\">0903 991 335<\/a> <span style=\"color: #64748b; font-style: italic;\">(Ms. H&#7841;nh &ndash; Gi&aacute;m &#272;&#7889;c Kinh Doanh)<\/span><\/p>\n<p style=\"margin: 0;\">&#9993;&#65039; <strong style=\"color: #1e293b;\">Email:<\/strong> <a style=\"color: #059669; text-decoration: none; font-weight: bold;\" href=\"mailto:hienhanh@vannangvn.com\">hienhanh@vannangvn.com<\/a><\/p>\n<\/div><\/h1>","protected":false},"excerpt":{"rendered":"<p><strong>Th&#432;&#417;ng hi&#7879;u:<\/strong> Proseers<br>\n<strong>Model:<\/strong> NOVA EU10<p>Product <strong>H&#7878; TH&#7888;NG L&#7884;C N&#431;&#7898;C SI&Ecirc;U S&#7840;CH PROSEERS MODEL NOVA EU10<\/strong> ch&iacute;nh h&atilde;ng. Proseers (China)<br>\nProseers NOVA EU10 l&agrave; thi&#7871;t b&#7883; &ldquo;All-in-one&rdquo; cung c&#7845;p n&#432;&#7899;c si&ecirc;u tinh khi&#7871;t Lo&#7841;i I v&agrave; n&#432;&#7899;c tinh khi&#7871;t cao Lo&#7841;i II, t&iacute;ch h&#7907;p m&agrave;n h&igrave;nh c&#7843;m &#7913;ng, TOC online v&agrave; &#273;&egrave;n UV k&eacute;p.<\/p><\/p>","protected":false},"featured_media":9691,"comment_status":"open","ping_status":"closed","template":"","meta":[],"product_brand":[],"product_cat":[18],"product_tag":[1162,1163,1164,1165,116,399,416,417,938,1052],"class_list":{"0":"post-6354","1":"product","2":"type-product","3":"status-publish","4":"has-post-thumbnail","6":"product_cat-chua-phan-loai","7":"product_tag-sieu","8":"product_tag-proseers","9":"product_tag-nova","10":"product_tag-eu10","11":"product_tag-model","12":"product_tag-sach","13":"product_tag-loc","14":"product_tag-nuoc","15":"product_tag-thong","16":"product_tag-he","18":"first","19":"instock","20":"shipping-taxable","21":"product-type-simple"},"yoast_head":"<!-- This site is optimized with the Yoast SEO Premium plugin v24.8 (Yoast SEO v24.8) - https:\/\/yoast.com\/wordpress\/plugins\/seo\/ -->\n<title>H\u1ec6 TH\u1ed0NG L\u1eccC N\u01af\u1edaC SI\u00caU S\u1ea0CH PROSEER... ch\u00ednh h\u00e3ng | V\u1ea1n N\u0103ng<\/title>\n<meta name=\"description\" content=\"Mua ngay H\u1ec6 TH\u1ed0NG L\u1eccC N\u01af\u1edaC SI\u00caU S\u1ea0CH PROSEERS MODEL NOVA EU10 ch\u00ednh h\u00e3ng. Proseers NOVA EU10 l\u00e0 thi\u1ebft b\u1ecb \u201cAll-in-one\u201d cung c\u1ea5p n\u01b0\u1edb... Gi\u00e1 t\u1ed1t!\" \/>\n<meta name=\"robots\" content=\"noindex, follow, max-snippet:-1, max-image-preview:large, max-video-preview:-1\" \/>\n<meta property=\"og:locale\" content=\"en_US\" \/>\n<meta property=\"og:type\" content=\"article\" \/>\n<meta property=\"og:title\" content=\"H\u1ec6 TH\u1ed0NG L\u1eccC N\u01af\u1edaC SI\u00caU S\u1ea0CH PROSEERS MODEL NOVA EU10\" \/>\n<meta property=\"og:description\" content=\"Mua ngay H\u1ec6 TH\u1ed0NG L\u1eccC N\u01af\u1edaC SI\u00caU S\u1ea0CH PROSEERS MODEL NOVA EU10 ch\u00ednh h\u00e3ng. Proseers NOVA EU10 l\u00e0 thi\u1ebft b\u1ecb \u201cAll-in-one\u201d cung c\u1ea5p n\u01b0\u1edb... Gi\u00e1 t\u1ed1t!\" \/>\n<meta property=\"og:url\" content=\"https:\/\/vannangvn.123websitedev.com\/en\/product\/he-thong-loc-nuoc-sieu-sach-proseers-model-nova-eu10\/\" \/>\n<meta property=\"og:site_name\" content=\"Vannang.vn\" \/>\n<meta property=\"article:modified_time\" content=\"2026-03-30T11:18:21+00:00\" \/>\n<meta property=\"og:image\" content=\"http:\/\/vannangvn.123websitedev.com\/wp-content\/uploads\/2026\/03\/He-Thong-Loc-Nuoc-Sieu-Sach-All-in-One-Lab-Water-Purification-System-Proseers-Model-NOVA-EU10-copy.jpg\" \/>\n\t<meta property=\"og:image:width\" content=\"768\" \/>\n\t<meta property=\"og:image:height\" content=\"576\" \/>\n\t<meta property=\"og:image:type\" content=\"image\/jpeg\" \/>\n<meta name=\"twitter:card\" content=\"summary_large_image\" \/>\n<meta name=\"twitter:label1\" content=\"Est. reading time\" \/>\n\t<meta name=\"twitter:data1\" content=\"11 minutes\" \/>\n<script type=\"application\/ld+json\" class=\"yoast-schema-graph\">{\"@context\":\"https:\/\/schema.org\",\"@graph\":[{\"@type\":\"WebPage\",\"@id\":\"https:\/\/vannangvn.123websitedev.com\/san-pham\/he-thong-loc-nuoc-sieu-sach-proseers-model-nova-eu10\/\",\"url\":\"https:\/\/vannangvn.123websitedev.com\/san-pham\/he-thong-loc-nuoc-sieu-sach-proseers-model-nova-eu10\/\",\"name\":\"H\u1ec6 TH\u1ed0NG L\u1eccC N\u01af\u1edaC SI\u00caU S\u1ea0CH PROSEER... ch\u00ednh h\u00e3ng | V\u1ea1n N\u0103ng\",\"isPartOf\":{\"@id\":\"https:\/\/vannangvn.123websitedev.com\/#website\"},\"primaryImageOfPage\":{\"@id\":\"https:\/\/vannangvn.123websitedev.com\/san-pham\/he-thong-loc-nuoc-sieu-sach-proseers-model-nova-eu10\/#primaryimage\"},\"image\":{\"@id\":\"https:\/\/vannangvn.123websitedev.com\/san-pham\/he-thong-loc-nuoc-sieu-sach-proseers-model-nova-eu10\/#primaryimage\"},\"thumbnailUrl\":\"https:\/\/vannangvn.123websitedev.com\/wp-content\/uploads\/2026\/03\/He-Thong-Loc-Nuoc-Sieu-Sach-All-in-One-Lab-Water-Purification-System-Proseers-Model-NOVA-EU10-copy.jpg\",\"datePublished\":\"2026-03-20T10:27:23+00:00\",\"dateModified\":\"2026-03-30T11:18:21+00:00\",\"description\":\"Mua ngay H\u1ec6 TH\u1ed0NG L\u1eccC N\u01af\u1edaC SI\u00caU S\u1ea0CH PROSEERS MODEL NOVA EU10 ch\u00ednh h\u00e3ng. Proseers NOVA EU10 l\u00e0 thi\u1ebft b\u1ecb \u201cAll-in-one\u201d cung c\u1ea5p n\u01b0\u1edb... Gi\u00e1 t\u1ed1t!\",\"breadcrumb\":{\"@id\":\"https:\/\/vannangvn.123websitedev.com\/san-pham\/he-thong-loc-nuoc-sieu-sach-proseers-model-nova-eu10\/#breadcrumb\"},\"inLanguage\":\"en-US\",\"potentialAction\":[{\"@type\":\"ReadAction\",\"target\":[\"https:\/\/vannangvn.123websitedev.com\/san-pham\/he-thong-loc-nuoc-sieu-sach-proseers-model-nova-eu10\/\"]}]},{\"@type\":\"ImageObject\",\"inLanguage\":\"en-US\",\"@id\":\"https:\/\/vannangvn.123websitedev.com\/san-pham\/he-thong-loc-nuoc-sieu-sach-proseers-model-nova-eu10\/#primaryimage\",\"url\":\"https:\/\/vannangvn.123websitedev.com\/wp-content\/uploads\/2026\/03\/He-Thong-Loc-Nuoc-Sieu-Sach-All-in-One-Lab-Water-Purification-System-Proseers-Model-NOVA-EU10-copy.jpg\",\"contentUrl\":\"https:\/\/vannangvn.123websitedev.com\/wp-content\/uploads\/2026\/03\/He-Thong-Loc-Nuoc-Sieu-Sach-All-in-One-Lab-Water-Purification-System-Proseers-Model-NOVA-EU10-copy.jpg\",\"width\":768,\"height\":576},{\"@type\":\"BreadcrumbList\",\"@id\":\"https:\/\/vannangvn.123websitedev.com\/san-pham\/he-thong-loc-nuoc-sieu-sach-proseers-model-nova-eu10\/#breadcrumb\",\"itemListElement\":[{\"@type\":\"ListItem\",\"position\":1,\"name\":\"Trang ch\u1ee7\",\"item\":\"https:\/\/vannangvn.123websitedev.com\/\"},{\"@type\":\"ListItem\",\"position\":2,\"name\":\"S\u1ea3n ph\u1ea9m\",\"item\":\"https:\/\/vannangvn.123websitedev.com\/cua-hang\/\"},{\"@type\":\"ListItem\",\"position\":3,\"name\":\"H\u1ec6 TH\u1ed0NG L\u1eccC N\u01af\u1edaC SI\u00caU S\u1ea0CH PROSEERS MODEL NOVA EU10\"}]},{\"@type\":\"WebSite\",\"@id\":\"https:\/\/vannangvn.123websitedev.com\/#website\",\"url\":\"https:\/\/vannangvn.123websitedev.com\/\",\"name\":\"Vannang.vn\",\"description\":\"\",\"publisher\":{\"@id\":\"https:\/\/vannangvn.123websitedev.com\/#organization\"},\"potentialAction\":[{\"@type\":\"SearchAction\",\"target\":{\"@type\":\"EntryPoint\",\"urlTemplate\":\"https:\/\/vannangvn.123websitedev.com\/?s={search_term_string}\"},\"query-input\":{\"@type\":\"PropertyValueSpecification\",\"valueRequired\":true,\"valueName\":\"search_term_string\"}}],\"inLanguage\":\"en-US\"},{\"@type\":\"Organization\",\"@id\":\"https:\/\/vannangvn.123websitedev.com\/#organization\",\"name\":\"Vannang.vn\",\"url\":\"https:\/\/vannangvn.123websitedev.com\/\",\"logo\":{\"@type\":\"ImageObject\",\"inLanguage\":\"en-US\",\"@id\":\"https:\/\/vannangvn.123websitedev.com\/#\/schema\/logo\/image\/\",\"url\":\"https:\/\/vannangvn.123websitedev.com\/wp-content\/uploads\/2026\/02\/logo-van-nang-02.png\",\"contentUrl\":\"https:\/\/vannangvn.123websitedev.com\/wp-content\/uploads\/2026\/02\/logo-van-nang-02.png\",\"width\":448,\"height\":111,\"caption\":\"Vannang.vn\"},\"image\":{\"@id\":\"https:\/\/vannangvn.123websitedev.com\/#\/schema\/logo\/image\/\"}}]}<\/script>\n<!-- \/ Yoast SEO Premium plugin. -->","yoast_head_json":{"title":"H\u1ec6 TH\u1ed0NG L\u1eccC N\u01af\u1edaC SI\u00caU S\u1ea0CH PROSEER... ch\u00ednh h\u00e3ng | V\u1ea1n N\u0103ng","description":"Mua ngay H\u1ec6 TH\u1ed0NG L\u1eccC N\u01af\u1edaC SI\u00caU S\u1ea0CH PROSEERS MODEL NOVA EU10 ch\u00ednh h\u00e3ng. Proseers NOVA EU10 l\u00e0 thi\u1ebft b\u1ecb \u201cAll-in-one\u201d cung c\u1ea5p n\u01b0\u1edb... Gi\u00e1 t\u1ed1t!","robots":{"index":"noindex","follow":"follow","max-snippet":"max-snippet:-1","max-image-preview":"max-image-preview:large","max-video-preview":"max-video-preview:-1"},"og_locale":"en_US","og_type":"article","og_title":"H\u1ec6 TH\u1ed0NG L\u1eccC N\u01af\u1edaC SI\u00caU S\u1ea0CH PROSEERS MODEL NOVA EU10","og_description":"Mua ngay H\u1ec6 TH\u1ed0NG L\u1eccC N\u01af\u1edaC SI\u00caU S\u1ea0CH PROSEERS MODEL NOVA EU10 ch\u00ednh h\u00e3ng. Proseers NOVA EU10 l\u00e0 thi\u1ebft b\u1ecb \u201cAll-in-one\u201d cung c\u1ea5p n\u01b0\u1edb... Gi\u00e1 t\u1ed1t!","og_url":"https:\/\/vannangvn.123websitedev.com\/en\/product\/he-thong-loc-nuoc-sieu-sach-proseers-model-nova-eu10\/","og_site_name":"Vannang.vn","article_modified_time":"2026-03-30T11:18:21+00:00","og_image":[{"width":768,"height":576,"url":"http:\/\/vannangvn.123websitedev.com\/wp-content\/uploads\/2026\/03\/He-Thong-Loc-Nuoc-Sieu-Sach-All-in-One-Lab-Water-Purification-System-Proseers-Model-NOVA-EU10-copy.jpg","type":"image\/jpeg"}],"twitter_card":"summary_large_image","twitter_misc":{"Est. reading time":"11 minutes"},"schema":{"@context":"https:\/\/schema.org","@graph":[{"@type":"WebPage","@id":"https:\/\/vannangvn.123websitedev.com\/san-pham\/he-thong-loc-nuoc-sieu-sach-proseers-model-nova-eu10\/","url":"https:\/\/vannangvn.123websitedev.com\/san-pham\/he-thong-loc-nuoc-sieu-sach-proseers-model-nova-eu10\/","name":"H\u1ec6 TH\u1ed0NG L\u1eccC N\u01af\u1edaC SI\u00caU S\u1ea0CH PROSEER... ch\u00ednh h\u00e3ng | V\u1ea1n N\u0103ng","isPartOf":{"@id":"https:\/\/vannangvn.123websitedev.com\/#website"},"primaryImageOfPage":{"@id":"https:\/\/vannangvn.123websitedev.com\/san-pham\/he-thong-loc-nuoc-sieu-sach-proseers-model-nova-eu10\/#primaryimage"},"image":{"@id":"https:\/\/vannangvn.123websitedev.com\/san-pham\/he-thong-loc-nuoc-sieu-sach-proseers-model-nova-eu10\/#primaryimage"},"thumbnailUrl":"https:\/\/vannangvn.123websitedev.com\/wp-content\/uploads\/2026\/03\/He-Thong-Loc-Nuoc-Sieu-Sach-All-in-One-Lab-Water-Purification-System-Proseers-Model-NOVA-EU10-copy.jpg","datePublished":"2026-03-20T10:27:23+00:00","dateModified":"2026-03-30T11:18:21+00:00","description":"Mua ngay H\u1ec6 TH\u1ed0NG L\u1eccC N\u01af\u1edaC SI\u00caU S\u1ea0CH PROSEERS MODEL NOVA EU10 ch\u00ednh h\u00e3ng. Proseers NOVA EU10 l\u00e0 thi\u1ebft b\u1ecb \u201cAll-in-one\u201d cung c\u1ea5p n\u01b0\u1edb... Gi\u00e1 t\u1ed1t!","breadcrumb":{"@id":"https:\/\/vannangvn.123websitedev.com\/san-pham\/he-thong-loc-nuoc-sieu-sach-proseers-model-nova-eu10\/#breadcrumb"},"inLanguage":"en-US","potentialAction":[{"@type":"ReadAction","target":["https:\/\/vannangvn.123websitedev.com\/san-pham\/he-thong-loc-nuoc-sieu-sach-proseers-model-nova-eu10\/"]}]},{"@type":"ImageObject","inLanguage":"en-US","@id":"https:\/\/vannangvn.123websitedev.com\/san-pham\/he-thong-loc-nuoc-sieu-sach-proseers-model-nova-eu10\/#primaryimage","url":"https:\/\/vannangvn.123websitedev.com\/wp-content\/uploads\/2026\/03\/He-Thong-Loc-Nuoc-Sieu-Sach-All-in-One-Lab-Water-Purification-System-Proseers-Model-NOVA-EU10-copy.jpg","contentUrl":"https:\/\/vannangvn.123websitedev.com\/wp-content\/uploads\/2026\/03\/He-Thong-Loc-Nuoc-Sieu-Sach-All-in-One-Lab-Water-Purification-System-Proseers-Model-NOVA-EU10-copy.jpg","width":768,"height":576},{"@type":"BreadcrumbList","@id":"https:\/\/vannangvn.123websitedev.com\/san-pham\/he-thong-loc-nuoc-sieu-sach-proseers-model-nova-eu10\/#breadcrumb","itemListElement":[{"@type":"ListItem","position":1,"name":"Trang ch\u1ee7","item":"https:\/\/vannangvn.123websitedev.com\/"},{"@type":"ListItem","position":2,"name":"S\u1ea3n ph\u1ea9m","item":"https:\/\/vannangvn.123websitedev.com\/cua-hang\/"},{"@type":"ListItem","position":3,"name":"H\u1ec6 TH\u1ed0NG L\u1eccC N\u01af\u1edaC SI\u00caU S\u1ea0CH PROSEERS MODEL NOVA EU10"}]},{"@type":"WebSite","@id":"https:\/\/vannangvn.123websitedev.com\/#website","url":"https:\/\/vannangvn.123websitedev.com\/","name":"Vannang.vn","description":"","publisher":{"@id":"https:\/\/vannangvn.123websitedev.com\/#organization"},"potentialAction":[{"@type":"SearchAction","target":{"@type":"EntryPoint","urlTemplate":"https:\/\/vannangvn.123websitedev.com\/?s={search_term_string}"},"query-input":{"@type":"PropertyValueSpecification","valueRequired":true,"valueName":"search_term_string"}}],"inLanguage":"en-US"},{"@type":"Organization","@id":"https:\/\/vannangvn.123websitedev.com\/#organization","name":"Vannang.vn","url":"https:\/\/vannangvn.123websitedev.com\/","logo":{"@type":"ImageObject","inLanguage":"en-US","@id":"https:\/\/vannangvn.123websitedev.com\/#\/schema\/logo\/image\/","url":"https:\/\/vannangvn.123websitedev.com\/wp-content\/uploads\/2026\/02\/logo-van-nang-02.png","contentUrl":"https:\/\/vannangvn.123websitedev.com\/wp-content\/uploads\/2026\/02\/logo-van-nang-02.png","width":448,"height":111,"caption":"Vannang.vn"},"image":{"@id":"https:\/\/vannangvn.123websitedev.com\/#\/schema\/logo\/image\/"}}]}},"_links":{"self":[{"href":"https:\/\/vannangvn.123websitedev.com\/en\/wp-json\/wp\/v2\/product\/6354","targetHints":{"allow":["GET"]}}],"collection":[{"href":"https:\/\/vannangvn.123websitedev.com\/en\/wp-json\/wp\/v2\/product"}],"about":[{"href":"https:\/\/vannangvn.123websitedev.com\/en\/wp-json\/wp\/v2\/types\/product"}],"replies":[{"embeddable":true,"href":"https:\/\/vannangvn.123websitedev.com\/en\/wp-json\/wp\/v2\/comments?post=6354"}],"wp:featuredmedia":[{"embeddable":true,"href":"https:\/\/vannangvn.123websitedev.com\/en\/wp-json\/wp\/v2\/media\/9691"}],"wp:attachment":[{"href":"https:\/\/vannangvn.123websitedev.com\/en\/wp-json\/wp\/v2\/media?parent=6354"}],"wp:term":[{"taxonomy":"product_brand","embeddable":true,"href":"https:\/\/vannangvn.123websitedev.com\/en\/wp-json\/wp\/v2\/product_brand?post=6354"},{"taxonomy":"product_cat","embeddable":true,"href":"https:\/\/vannangvn.123websitedev.com\/en\/wp-json\/wp\/v2\/product_cat?post=6354"},{"taxonomy":"product_tag","embeddable":true,"href":"https:\/\/vannangvn.123websitedev.com\/en\/wp-json\/wp\/v2\/product_tag?post=6354"}],"curies":[{"name":"wp","href":"https:\/\/api.w.org\/{rel}","templated":true}]}}