{"id":6360,"date":"2026-03-20T17:27:30","date_gmt":"2026-03-20T10:27:30","guid":{"rendered":"https:\/\/vannangvn.123websitedev.com\/san-pham\/he-thong-phan-tich-bia-anton-paar-model-animo-3100-mobile\/"},"modified":"2026-03-30T18:18:27","modified_gmt":"2026-03-30T11:18:27","slug":"he-thong-phan-tich-bia-anton-paar-model-animo-3100-mobile","status":"publish","type":"product","link":"https:\/\/vannangvn.123websitedev.com\/en\/product\/he-thong-phan-tich-bia-anton-paar-model-animo-3100-mobile\/","title":{"rendered":"H\u1ec6 TH\u1ed0NG PH\u00c2N T\u00cdCH BIA ANTON PAAR MODEL ANIMO 3100 MOBILE"},"content":{"rendered":"<h1 style=\"color: red; font-weight: bold; font-size: 24px;\">T&#7893;ng quan s&#7843;n ph&#7849;m H&#7878; TH&#7888;NG PH&Acirc;N T&Iacute;CH BIA ANTON PAAR MODEL ANIMO 3100 MOBILE<p>H&#7879; Th&#7889;ng Ph&acirc;n T&iacute;ch Bia (Modular Beer Analysis System) Anton Paar Model Animo 3100 Mobile<br>\nAnimo 3100 Mobile l&agrave; h&#7879; th&#7889;ng ph&acirc;n t&iacute;ch bia &#273;&#432;&#7907;c thi&#7871;t k&#7871; &#273;&#7875; &#273;&aacute;p &#7913;ng nhi&#7873;u nhu c&#7847;u &#273;o l&#432;&#7901;ng kh&aacute;c nhau trong qu&aacute; tr&igrave;nh s&#7843;n xu&#7845;t. N&oacute; c&oacute; th&#7875; &#273;&#432;&#7907;c c&#7845;u h&igrave;nh theo d&#7841;ng m&ocirc;-&#273;un, cho ph&eacute;p t&ugrave;y ch&#7881;nh linh ho&#7841;t ho&#7863;c d&#7841;ng l&#7855;p &#273;&#7863;t c&#7889; &#273;&#7883;nh v&agrave;o d&acirc;y chuy&#7873;n. H&atilde;y c&ugrave;ng V&#7841;n N&#259;ng t&igrave;m hi&#7875;u chi ti&#7871;t h&#417;n v&#7873; s&#7843;n ph&#7849;m th&ocirc;ng qua b&agrave;i vi&#7871;t d&#432;&#7899;i &#273;&acirc;y!<\/p><p>&#272;&#7863;c Tr&#432;ng C&#7911;a Animo 3100 Mobile<br>\nAnimo 3100 Mobile &#273;&#432;&#7907;c thi&#7871;t k&#7871; d&agrave;nh ri&ecirc;ng cho c&aacute;c nh&agrave; m&aacute;y bia th&#7911; c&ocirc;ng, n&#417;i s&#7921; linh ho&#7841;t trong quy tr&igrave;nh s&#7843;n xu&#7845;t l&agrave; y&#7871;u t&#7889; h&agrave;ng &#273;&#7847;u. Kh&ocirc;ng nh&#432; c&aacute;c h&#7879; th&#7889;ng c&#7889; &#273;&#7883;nh, Model 3100 Mobile s&#7917; d&#7909;ng c&aacute;c &#7889;ng d&#7851;n linh ho&#7841;t &#273;&#7875; k&#7871;t n&#7889;i c&aacute;c thi&#7871;t b&#7883; nh&#432; b&#7891;n tr&#7897;n, th&ugrave;ng ch&#7913;a v&agrave; thi&#7871;t b&#7883; &#273;&oacute;ng chai. &#272;i&#7873;u n&agrave;y gi&uacute;p ng&#432;&#7901;i d&ugrave;ng d&#7877; d&agrave;ng di chuy&#7875;n h&#7879; th&#7889;ng v&agrave; &#273;o l&#432;&#7901;ng ch&#7845;t l&#432;&#7907;ng s&#7843;n ph&#7849;m &#7903; nhi&#7873;u v&#7883; tr&iacute; kh&aacute;c nhau.<\/p><p>H&#7879; Th&#7889;ng Animo 3100 Mobile Bao G&#7891;m<\/p><p>Ph&#7847;n m&#7873;m Davis 5<br>\nM&#7897;t trong nh&#7919;ng &#273;i&#7875;m n&#7893;i b&#7853;t c&#7911;a h&#7879; th&#7889;ng ph&acirc;n t&iacute;ch bia Animo ch&iacute;nh l&agrave; ph&#7847;n m&#7873;m Davis 5, gi&uacute;p gi&aacute;m s&aacute;t v&agrave; qu&#7843;n l&yacute; to&agrave;n b&#7897; quy tr&igrave;nh s&#7843;n xu&#7845;t t&#7915; xa. Davis 5 cho ph&eacute;p ng&#432;&#7901;i d&ugrave;ng th&#7921;c hi&#7879;n &#273;&aacute;nh gi&aacute; th&#7889;ng k&ecirc;, theo d&otilde;i hi&#7879;u su&#7845;t s&#7843;n xu&#7845;t v&agrave; ki&#7875;m tra ch&#7845;t l&#432;&#7907;ng s&#7843;n ph&#7849;m bia t&#7915; m&aacute;y t&iacute;nh &#273;&#7875; b&agrave;n, mang l&#7841;i s&#7921; ti&#7879;n l&#7907;i t&#7889;i &#432;u trong qu&aacute; tr&igrave;nh v&#7853;n h&agrave;nh nh&agrave; m&aacute;y.<\/p><p>Theo d&otilde;i ch&#7845;t l&#432;&#7907;ng to&agrave;n di&#7879;n: V&#7899;i Davis 5, ng&#432;&#7901;i d&ugrave;ng c&oacute; th&#7875; d&#7877; d&agrave;ng theo d&otilde;i t&#7845;t c&#7843; c&aacute;c th&ocirc;ng s&#7889; quan tr&#7885;ng c&#7911;a quy tr&igrave;nh s&#7843;n xu&#7845;t bia, t&#7915; n&#7891;ng &#273;&#7897; c&#7891;n, chi&#7871;t xu&#7845;t &#273;&#7871;n h&agrave;m l&#432;&#7907;ng CO&#8322; v&agrave; oxy. H&#7879; th&#7889;ng ghi l&#7841;i d&#7919; li&#7879;u m&#7897;t c&aacute;ch li&ecirc;n t&#7909;c, cho ph&eacute;p ng&#432;&#7901;i d&ugrave;ng d&#7877; d&agrave;ng truy xu&#7845;t v&agrave; &#273;&#7889;i chi&#7871;u c&aacute;c th&ocirc;ng s&#7889; khi c&#7847;n thi&#7871;t.<br>\nChuy&#7875;n &#273;&#7893;i d&#7919; li&#7879;u t&#7921; &#273;&#7897;ng: Ph&#7847;n m&#7873;m c&ograve;n h&#7895; tr&#7907; chuy&#7875;n &#273;&#7893;i gi&aacute; tr&#7883; tham chi&#7871;u t&#7915; c&aacute;c thi&#7871;t b&#7883; ph&ograve;ng th&iacute; nghi&#7879;m sang thi&#7871;t b&#7883; &#273;o tr&#7921;c tuy&#7871;n trong qu&aacute; tr&igrave;nh s&#7843;n xu&#7845;t. &#272;i&#7873;u n&agrave;y gi&uacute;p gi&#7843;m thi&#7875;u th&#7901;i gian v&agrave; r&#7911;i ro sai s&oacute;t do s&#7921; can thi&#7879;p c&#7911;a con ng&#432;&#7901;i, &#273;&#7843;m b&#7843;o r&#7857;ng ch&#7845;t l&#432;&#7907;ng bia lu&ocirc;n &#273;&#432;&#7907;c duy tr&igrave; &#7903; m&#7913;c cao nh&#7845;t.<\/p><p>Beer Monitor 5600<br>\nC&#7843;m bi&#7871;n Beer Monitor 5600 &#273;&#432;&#7907;c thi&#7871;t k&#7871; &#273;&#7875; gi&aacute;m s&aacute;t li&ecirc;n t&#7909;c c&aacute;c tham s&#7889; quan tr&#7885;ng nh&#432; h&agrave;m l&#432;&#7907;ng c&#7891;n, chi&#7871;t xu&#7845;t, v&agrave; n&#7891;ng &#273;&#7897; CO2 trong s&#7843;n xu&#7845;t bia. S&#7917; d&#7909;ng c&#7843;m bi&#7871;n m&#7853;t &#273;&#7897; v&agrave; t&#7889;c &#273;&#7897; &acirc;m k&#7871;t h&#7907;p v&#7899;i &#273;o CO2 quang h&#7885;c, m&aacute;y &#273;&#7843;m b&#7843;o &#273;&#7897; ch&iacute;nh x&aacute;c cao v&agrave; kh&ocirc;ng b&#7883; &#7843;nh h&#432;&#7903;ng b&#7903;i th&agrave;nh ph&#7847;n ho&#7863;c &#273;&#7897; &#273;&#7909;c c&#7911;a bia.<br>\nThi&#7871;t k&#7871; kh&ocirc;ng c&#7847;n b&#7843;o tr&igrave;, ph&ugrave; h&#7907;p v&#7899;i c&aacute;c y&ecirc;u c&#7847;u v&#7879; sinh cao, v&agrave; t&iacute;ch h&#7907;p v&#7899;i c&ocirc;ng ngh&#7879; x&#7917; l&yacute; t&iacute;n hi&#7879;u k&#7929; thu&#7853;t s&#7889;. C&#7843;m bi&#7871;n gi&uacute;p &#273;&#7843;m b&#7843;o ch&#7845;t l&#432;&#7907;ng s&#7843;n ph&#7849;m v&agrave; t&#7889;i &#432;u h&oacute;a quy tr&igrave;nh s&#7843;n xu&#7845;t nh&#7901; kh&#7843; n&#259;ng l&#7855;p &#273;&#7863;t linh ho&#7841;t, d&#7877; d&agrave;ng s&#7917; d&#7909;ng v&agrave; ph&#7847;n m&#7873;m qu&#7843;n l&yacute; quy tr&igrave;nh m&#7841;nh m&#7869;.<\/p><p>C&#7843;m bi&#7871;n Oxy 5100<br>\nC&#7843;m Bi&#7871;n Oxy Inline Oxy 5100 l&agrave; gi&#7843;i ph&aacute;p l&yacute; t&#432;&#7903;ng cho vi&#7879;c gi&aacute;m s&aacute;t v&agrave; ki&#7875;m so&aacute;t ch&iacute;nh x&aacute;c h&agrave;m l&#432;&#7907;ng oxy h&ograve;a tan (DO) trong c&aacute;c quy tr&igrave;nh s&#7843;n xu&#7845;t hi&#7879;n &#273;&#7841;i, &#273;&#7863;c bi&#7879;t trong ng&agrave;nh th&#7921;c ph&#7849;m, d&#432;&#7907;c ph&#7849;m v&agrave; x&#7917; l&yacute; n&#432;&#7899;c.<br>\nV&#7899;i thi&#7871;t k&#7871; th&ocirc;ng minh, Oxy 5100 &#273;&#432;&#7907;c trang b&#7883; n&#7855;p c&#7843;m bi&#7871;n linh ho&#7841;t c&ugrave;ng c&ocirc;ng ngh&#7879; Toolmaster&reg; &#273;&#7897;c quy&#7873;n, gi&uacute;p t&#7921; &#273;&#7897;ng nh&#7853;n di&#7879;n v&agrave; truy&#7873;n c&aacute;c th&ocirc;ng s&#7889; c&agrave;i &#273;&#7863;t m&agrave; kh&ocirc;ng c&#7847;n can thi&#7879;p th&#7911; c&ocirc;ng, gi&#7843;m thi&#7875;u sai s&oacute;t v&agrave; &#273;&#7843;m b&#7843;o t&iacute;nh li&ecirc;n t&#7909;c trong s&#7843;n xu&#7845;t. M&#7897;t t&iacute;nh n&#259;ng n&#7893;i b&#7853;t kh&aacute;c c&#7911;a s&#7843;n ph&#7849;m l&agrave; kh&#7843; n&#259;ng d&#7921; &#273;o&aacute;n tu&#7893;i th&#7885; n&#7855;p c&#7843;m bi&#7871;n, gi&uacute;p ng&#432;&#7901;i d&ugrave;ng l&ecirc;n k&#7871; ho&#7841;ch b&#7843;o tr&igrave; k&#7883;p th&#7901;i v&agrave; tr&aacute;nh gi&aacute;n &#273;o&#7841;n trong qu&aacute; tr&igrave;nh v&#7853;n h&agrave;nh.<br>\nC&#7843;m bi&#7871;n &#273;&#7841;t ti&ecirc;u chu&#7849;n v&#7879; sinh EHEDG v&agrave; h&#7895; tr&#7907; quy tr&igrave;nh l&agrave;m s&#7841;ch SIP\/CIP, &#273;&#7843;m b&#7843;o an to&agrave;n v&#7879; sinh v&agrave; tu&acirc;n th&#7911; c&aacute;c y&ecirc;u c&#7847;u kh&#7855;t khe c&#7911;a FDA. Cung v&#7899;i kh&#7843; n&#259;ng t&iacute;ch h&#7907;p cao v&#7899;i c&aacute;c h&#7879; th&#7889;ng s&#7843;n xu&#7845;t nh&#7901; h&#7895; tr&#7907; nhi&#7873;u giao th&#7913;c truy&#7873;n th&ocirc;ng kh&aacute;c nhau gi&uacute;p qu&aacute; tr&igrave;nh c&agrave;i &#273;&#7863;t v&agrave; v&#7853;n h&agrave;nh tr&#7903; n&ecirc;n &#273;&#417;n gi&#7843;n.<br>\nNgo&agrave;i ra, C&#7843;m Bi&#7871;n Oxy 5100 c&ograve;n &#273;&#432;&#7907;c &#7913;ng d&#7909;ng &#273;&#7875; theo d&otilde;i &#273;&#7897; tinh khi&#7871;t c&#7911;a c&aacute;c lo&#7841;i kh&iacute; trong c&aacute;c quy tr&igrave;nh thu h&#7891;i CO&#8322; v&agrave; h&agrave;n, &#273;&#7843;m b&#7843;o ch&#7845;t l&#432;&#7907;ng s&#7843;n ph&#7849;m v&agrave; an to&agrave;n cho h&#7879; th&#7889;ng.<\/p><p>C&#7843;m bi&#7871;n CO&#8322; Carbo 6300<br>\nM&#7897;t trong nh&#7919;ng y&#7871;u t&#7889; quan tr&#7885;ng trong s&#7843;n xu&#7845;t bia l&agrave; vi&#7879;c &#273;o l&#432;&#7901;ng h&agrave;m l&#432;&#7907;ng CO&#8322;. Carbo 6300 l&agrave; c&#7843;m bi&#7871;n CO&#8322; kh&ocirc;ng c&#7847;n b&#7843;o tr&igrave;, nh&#7901; v&agrave;o c&ocirc;ng ngh&#7879; &#273;o quang h&#7885;c ti&ecirc;n ti&#7871;n. Thi&#7871;t b&#7883; n&agrave;y &#273;&#432;&#7907;c ni&ecirc;m phong k&iacute;n, ng&#259;n ch&#7863;n m&#7885;i s&#7921; x&acirc;m nh&#7853;p c&#7911;a kh&iacute;, &#273;&#7843;m b&#7843;o r&#7857;ng k&#7871;t qu&#7843; &#273;o kh&ocirc;ng b&#7883; tr&ocirc;i ngay c&#7843; trong c&aacute;c quy tr&igrave;nh l&agrave;m s&#7841;ch t&#7921; &#273;&#7897;ng CIP.<\/p><p>B&#7843;o tr&igrave;: V&igrave; kh&ocirc;ng y&ecirc;u c&#7847;u b&#7843;o tr&igrave; th&#432;&#7901;ng xuy&ecirc;n, C&#7843;m Bi&#7871;n Carbo 6300 gi&uacute;p gi&#7843;m chi ph&iacute; v&#7853;n h&agrave;nh cho c&aacute;c nh&agrave; m&aacute;y bia, &#273;&#7891;ng th&#7901;i &#273;&#7843;m b&#7843;o hi&#7879;u su&#7845;t &#7893;n &#273;&#7883;nh trong su&#7889;t th&#7901;i gian d&agrave;i.<br>\n&#272;&#7897; ch&iacute;nh x&aacute;c cao: C&#7843;m bi&#7871;n quang h&#7885;c cung c&#7845;p &#273;&#7897; ch&iacute;nh x&aacute;c v&#432;&#7907;t tr&#7897;i trong vi&#7879;c &#273;o l&#432;&#7901;ng h&agrave;m l&#432;&#7907;ng CO&#8322;, gi&uacute;p c&aacute;c nh&agrave; s&#7843;n xu&#7845;t bia ki&#7875;m so&aacute;t ch&#7845;t l&#432;&#7907;ng s&#7843;n ph&#7849;m m&#7897;t c&aacute;ch t&#7889;i &#432;u.<\/p><p>Nh&#7919;ng L&yacute; Do N&ecirc;n Mua H&#7879; Th&#7889;ng Ph&acirc;n T&iacute;ch Bia T&#7841;i Thi&#7871;t B&#7883; C&ocirc;ng Ngh&#7879; V&#7841;n N&#259;ng<\/p><p>C&ocirc;ng ty Thi&#7871;t B&#7883; C&ocirc;ng Ngh&#7879; V&#7841;n N&#259;ng l&agrave; &#273;&#7889;i t&aacute;c ch&iacute;nh th&#7913;c ph&acirc;n ph&#7889;i H&#7879; Th&#7889;ng Ph&acirc;n T&iacute;ch Bia h&agrave;ng &#273;&#7847;u t&#7841;i Vi&#7879;t Nam, cam k&#7871;t cung c&#7845;p s&#7843;n ph&#7849;m ch&iacute;nh h&atilde;ng v&#7899;i gi&aacute; c&#7843; c&#7841;nh tranh nh&#7845;t th&#7883; tr&#432;&#7901;ng. V&#7899;i uy t&iacute;n tr&ecirc;n th&#7883; tr&#432;&#7901;ng v&agrave; ch&#7871; &#273;&#7897; h&#7851;u m&atilde;i t&#7889;t, Thi&#7871;t B&#7883; C&ocirc;ng Ngh&#7879; V&#7841;n N&#259;ng &#273;&atilde; nh&#7853;n &#273;&#432;&#7907;c s&#7921; tin t&#432;&#7903;ng t&#7915; kh&aacute;ch h&agrave;ng nh&#7901; v&agrave;o ch&#7845;t l&#432;&#7907;ng h&agrave;ng &#273;&#7847;u c&#7911;a c&aacute;c d&ograve;ng s&#7843;n ph&#7849;m.<br>\nS&#7843;n ph&#7849;m c&#7911;a ch&uacute;ng t&ocirc;i &#273;&#432;&#7907;c ki&#7875;m &#273;&#7883;nh ch&#7845;t l&#432;&#7907;ng, nh&#7853;p kh&#7849;u tr&#7921;c ti&#7871;p t&#7915; nh&agrave; m&aacute;y b&ecirc;n Ch&acirc;u &Acirc;u, M&#7929;, &Uacute;c, Nh&#7853;t B&#7843;n,&hellip; v&agrave; &#273;&aacute;p &#7913;ng nhu c&#7847;u &#273;a d&#7841;ng c&#7911;a th&#7883; tr&#432;&#7901;ng nh&#432;: M&aacute;y &#272;o &#272;&#7897; C&#7913;ng, M&aacute;y SPECTROMAXx, M&aacute;y Ki&#7875;m Tra &#272;&#432;&#7901;ng Gh&eacute;p M&iacute; Lon,&hellip; Ch&uacute;ng t&ocirc;i cam k&#7871;t cung c&#7845;p s&#7843;n ph&#7849;m n&agrave;y tr&ecirc;n to&agrave;n qu&#7889;c v&#7899;i gi&aacute; c&#7843; c&#7841;nh tranh nh&#7845;t.<br>\nCh&uacute;ng t&ocirc;i c&oacute; &#273;&#7897;i ng&#361; chuy&ecirc;n vi&ecirc;n t&#432; v&#7845;n chuy&ecirc;n s&acirc;u s&#7869; h&#7895; tr&#7907; kh&aacute;ch h&agrave;ng v&#7873; chi ti&#7871;t s&#7843;n ph&#7849;m, h&#432;&#7899;ng d&#7851;n s&#7917; d&#7909;ng hay nh&#7919;ng th&#7913; li&ecirc;n quan &#273;&#7871;n v&#7845;n &#273;&#7873; m&agrave; doanh nghi&#7879;p b&#7841;n &#273;ang g&#7863;p ph&#7843;i. Ch&uacute;ng t&ocirc;i s&#7869; cung c&#7845;p nh&#7919;ng gi&#7843;i ph&aacute;p t&#7889;i &#432;u nh&#7845;t!<br>\nNgo&agrave;i ra Thi&#7871;t B&#7883; C&ocirc;ng Ngh&#7879; V&#7841;n N&#259;ng Ch&uacute;ng T&ocirc;i lu&ocirc;n h&#432;&#7899;ng &#273;&#7871;n tr&#7843;i nghi&#7879;m kh&aacute;ch h&agrave;ng, v&igrave; v&#7853;y ch&uacute;ng t&ocirc;i c&oacute; nh&#7919;ng ch&iacute;nh s&aacute;ch b&#7843;o h&agrave;nh, b&#7843;o tr&igrave; &ndash; b&#7843;o d&#432;&#7905;ng, hi&#7879;u chu&#7849;n v&#7899;i t&#7845;t c&#7843; c&aacute;c thi&#7871;t b&#7883;, m&aacute;y m&oacute;c m&agrave; ch&uacute;ng t&ocirc;i cung c&#7845;p. &#272;&#7843;m b&#7843;o mang &#273;&#7871;n cho Kh&aacute;ch h&agrave;ng s&#7921; y&ecirc;n t&acirc;m tuy&#7879;t &#273;&#7889;i v&#7873; d&#7883;ch v&#7909; khi mua h&agrave;ng.<\/p><p>T&#7893;ng K&#7871;t<br>\nThi&#7871;t B&#7883; Ph&acirc;n T&iacute;ch Bia Animo 3100 Mobile c&#7911;a Anton Paar l&agrave; gi&#7843;i ph&aacute;p to&agrave;n di&#7879;n, gi&uacute;p c&aacute;c nh&agrave; s&#7843;n xu&#7845;t bia t&#7915; quy m&ocirc; l&#7899;n &#273;&#7871;n th&#7911; c&ocirc;ng t&#7889;i &#432;u h&oacute;a quy tr&igrave;nh s&#7843;n xu&#7845;t v&agrave; &#273;&#7843;m b&#7843;o ch&#7845;t l&#432;&#7907;ng s&#7843;n ph&#7849;m. H&atilde;y li&ecirc;n h&#7879; ngay v&#7899;i V&#7841;n N&#259;ng Company &#273;&#7875; &#273;&#432;&#7907;c t&#432; v&#7845;n chi ti&#7871;t v&agrave; nh&#7853;n ngay nh&#7919;ng &#432;u &#273;&atilde;i h&#7845;p d&#7851;n th&ocirc;ng qua hotline\/zalo: <a href=\"https:\/\/zalo.me\/0903991335\" target=\"_blank\" rel=\"noopener\" style=\"color: #059669; font-weight: bold; text-decoration: none;\">0903 991 335<\/a> !<\/p><div style=\"background-color: #f8fafc; border: 1px solid #e2e8f0; border-radius: 8px; padding: 25px; max-width: 800px; margin: 30px auto; color: #334155; line-height: 1.8; font-size: 17px; box-shadow: 0 4px 6px -1px rgba(0,0,0,0.05); text-align: left; clear: both;\">\nC&ocirc;ng ty TNHH Th&#432;&#417;ng M&#7841;i D&#7883;ch V&#7909; Thi&#7871;t B&#7883; C&ocirc;ng Ngh&#7879; V&#7841;n N&#259;ng\n<p style=\"margin: 0 0 10px 0;\">&#128205; <strong style=\"color: #1e293b;\">&#272;&#7883;a ch&#7881;:<\/strong> <a style=\"color: #059669; text-decoration: none; font-weight: bold;\" href=\"https:\/\/www.google.com\/maps\/search\/C%C3%B4ng+ty+TNHH+Th%C6%B0%C6%A1ng+M%E1%BA%A1i+D%E1%BB%8Bch+V%E1%BB%A5+Thi%E1%BA%BFt+B%E1%BB%8B+C%C3%B4ng+Ngh%E1%BB%87+V%E1%BA%A1n+N%C4%83ng+818+Tr%C6%B0%E1%BB%9Dng+Chinh\" target=\"_blank\" rel=\"noopener\">818 Tr&#432;&#7901;ng Chinh, Ph&#432;&#7901;ng T&acirc;n S&#417;n, Th&agrave;nh ph&#7889; H&#7891; Ch&iacute; Minh, Vi&#7879;t Nam<\/a><\/p>\n<p style=\"margin: 0 0 10px 0;\">&#128222; <strong style=\"color: #1e293b;\">S&#272;T &ndash; Zalo:<\/strong> <a style=\"color: #059669; text-decoration: none; font-weight: bold;\" href=\"https:\/\/zalo.me\/0903991335\" target=\"_blank\" rel=\"noopener\">0903 991 335<\/a> <span style=\"color: #64748b; font-style: italic;\">(Ms. H&#7841;nh &ndash; Gi&aacute;m &#272;&#7889;c Kinh Doanh)<\/span><\/p>\n<p style=\"margin: 0;\">&#9993;&#65039; <strong style=\"color: #1e293b;\">Email:<\/strong> <a style=\"color: #059669; text-decoration: none; font-weight: bold;\" href=\"mailto:hienhanh@vannangvn.com\">hienhanh@vannangvn.com<\/a><\/p>\n<\/div><\/h1>","protected":false},"excerpt":{"rendered":"<p><strong>Th&#432;&#417;ng hi&#7879;u:<\/strong> Animo 3100 Mobile l&agrave; phi&ecirc;n b&#7843;n di &#273;&#7897;ng, &#273;&#7863;c bi&#7879;t ph&ugrave; h&#7907;p v&#7899;i c&aacute;c nh&agrave; m&aacute;y bia th&#7911; c&ocirc;ng c&#7847;n s&#7921; linh ho&#7841;t trong quy tr&igrave;nh s&#7843;n xu&#7845;t. Hi&#7879;n &#273;ang c&oacute; m&#7913;c gi&aacute; c&#7921;c &#432;u &#273;&atilde;i t&#7841;i V&#7841;n N&#259;ng.<br>\n<strong>Model:<\/strong> Animo<p>Product <strong>H&#7878; TH&#7888;NG PH&Acirc;N T&Iacute;CH BIA ANTON PAAR MODEL ANIMO 3100 MOBILE<\/strong> ch&iacute;nh h&atilde;ng. Animo 3100 Mobile l&agrave; phi&ecirc;n b&#7843;n di &#273;&#7897;ng, &#273;&#7863;c bi&#7879;t ph&ugrave; h&#7907;p v&#7899;i c&aacute;c nh&agrave; m&aacute;y bia th&#7911; c&ocirc;ng c&#7847;n s&#7921; linh ho&#7841;t trong quy tr&igrave;nh s&#7843;n xu&#7845;t. Hi&#7879;n &#273;ang c&oacute; m&#7913;c gi&aacute; c&#7921;c &#432;u &#273;&atilde;i t&#7841;i V&#7841;n N&#259;ng.<\/p><\/p>","protected":false},"featured_media":0,"comment_status":"open","ping_status":"closed","template":"","meta":[],"product_brand":[],"product_cat":[18],"product_tag":[116,275,464,465,629,938,1052,1178,1179,1180,1181],"class_list":{"0":"post-6360","1":"product","2":"type-product","3":"status-publish","5":"product_cat-chua-phan-loai","6":"product_tag-model","7":"product_tag-phan","8":"product_tag-anton","9":"product_tag-paar","10":"product_tag-tich","11":"product_tag-thong","12":"product_tag-he","13":"product_tag-bia","14":"product_tag-animo","15":"product_tag-1180","16":"product_tag-mobile","18":"first","19":"instock","20":"shipping-taxable","21":"product-type-simple"},"yoast_head":"<!-- This site is optimized with the Yoast SEO Premium plugin v24.8 (Yoast SEO v24.8) - https:\/\/yoast.com\/wordpress\/plugins\/seo\/ -->\n<title>H\u1ec6 TH\u1ed0NG PH\u00c2N T\u00cdCH BIA ANTON PAAR M... ch\u00ednh h\u00e3ng | V\u1ea1n N\u0103ng<\/title>\n<meta name=\"description\" content=\"Mua ngay H\u1ec6 TH\u1ed0NG PH\u00c2N T\u00cdCH BIA ANTON PAAR MODEL ANIMO 3100 MOBILE ch\u00ednh h\u00e3ng. Gi\u00e1 t\u1ed1t!\" \/>\n<meta name=\"robots\" content=\"noindex, follow, max-snippet:-1, max-image-preview:large, max-video-preview:-1\" \/>\n<meta property=\"og:locale\" content=\"en_US\" \/>\n<meta property=\"og:type\" content=\"article\" \/>\n<meta property=\"og:title\" content=\"H\u1ec6 TH\u1ed0NG PH\u00c2N T\u00cdCH BIA ANTON PAAR MODEL ANIMO 3100 MOBILE\" \/>\n<meta property=\"og:description\" content=\"Mua ngay H\u1ec6 TH\u1ed0NG PH\u00c2N T\u00cdCH BIA ANTON PAAR MODEL ANIMO 3100 MOBILE ch\u00ednh h\u00e3ng. Gi\u00e1 t\u1ed1t!\" \/>\n<meta property=\"og:url\" content=\"https:\/\/vannangvn.123websitedev.com\/en\/product\/he-thong-phan-tich-bia-anton-paar-model-animo-3100-mobile\/\" \/>\n<meta property=\"og:site_name\" content=\"Vannang.vn\" \/>\n<meta property=\"article:modified_time\" content=\"2026-03-30T11:18:27+00:00\" \/>\n<meta name=\"twitter:card\" content=\"summary_large_image\" \/>\n<meta name=\"twitter:label1\" content=\"Est. reading time\" \/>\n\t<meta name=\"twitter:data1\" content=\"10 minutes\" \/>\n<script type=\"application\/ld+json\" class=\"yoast-schema-graph\">{\"@context\":\"https:\/\/schema.org\",\"@graph\":[{\"@type\":\"WebPage\",\"@id\":\"https:\/\/vannangvn.123websitedev.com\/san-pham\/he-thong-phan-tich-bia-anton-paar-model-animo-3100-mobile\/\",\"url\":\"https:\/\/vannangvn.123websitedev.com\/san-pham\/he-thong-phan-tich-bia-anton-paar-model-animo-3100-mobile\/\",\"name\":\"H\u1ec6 TH\u1ed0NG PH\u00c2N T\u00cdCH BIA ANTON PAAR M... ch\u00ednh h\u00e3ng | V\u1ea1n N\u0103ng\",\"isPartOf\":{\"@id\":\"https:\/\/vannangvn.123websitedev.com\/#website\"},\"datePublished\":\"2026-03-20T10:27:30+00:00\",\"dateModified\":\"2026-03-30T11:18:27+00:00\",\"description\":\"Mua ngay H\u1ec6 TH\u1ed0NG PH\u00c2N T\u00cdCH BIA ANTON PAAR MODEL ANIMO 3100 MOBILE ch\u00ednh h\u00e3ng. Gi\u00e1 t\u1ed1t!\",\"breadcrumb\":{\"@id\":\"https:\/\/vannangvn.123websitedev.com\/san-pham\/he-thong-phan-tich-bia-anton-paar-model-animo-3100-mobile\/#breadcrumb\"},\"inLanguage\":\"en-US\",\"potentialAction\":[{\"@type\":\"ReadAction\",\"target\":[\"https:\/\/vannangvn.123websitedev.com\/san-pham\/he-thong-phan-tich-bia-anton-paar-model-animo-3100-mobile\/\"]}]},{\"@type\":\"BreadcrumbList\",\"@id\":\"https:\/\/vannangvn.123websitedev.com\/san-pham\/he-thong-phan-tich-bia-anton-paar-model-animo-3100-mobile\/#breadcrumb\",\"itemListElement\":[{\"@type\":\"ListItem\",\"position\":1,\"name\":\"Trang ch\u1ee7\",\"item\":\"https:\/\/vannangvn.123websitedev.com\/\"},{\"@type\":\"ListItem\",\"position\":2,\"name\":\"S\u1ea3n ph\u1ea9m\",\"item\":\"https:\/\/vannangvn.123websitedev.com\/cua-hang\/\"},{\"@type\":\"ListItem\",\"position\":3,\"name\":\"H\u1ec6 TH\u1ed0NG PH\u00c2N T\u00cdCH BIA ANTON PAAR MODEL ANIMO 3100 MOBILE\"}]},{\"@type\":\"WebSite\",\"@id\":\"https:\/\/vannangvn.123websitedev.com\/#website\",\"url\":\"https:\/\/vannangvn.123websitedev.com\/\",\"name\":\"Vannang.vn\",\"description\":\"\",\"publisher\":{\"@id\":\"https:\/\/vannangvn.123websitedev.com\/#organization\"},\"potentialAction\":[{\"@type\":\"SearchAction\",\"target\":{\"@type\":\"EntryPoint\",\"urlTemplate\":\"https:\/\/vannangvn.123websitedev.com\/?s={search_term_string}\"},\"query-input\":{\"@type\":\"PropertyValueSpecification\",\"valueRequired\":true,\"valueName\":\"search_term_string\"}}],\"inLanguage\":\"en-US\"},{\"@type\":\"Organization\",\"@id\":\"https:\/\/vannangvn.123websitedev.com\/#organization\",\"name\":\"Vannang.vn\",\"url\":\"https:\/\/vannangvn.123websitedev.com\/\",\"logo\":{\"@type\":\"ImageObject\",\"inLanguage\":\"en-US\",\"@id\":\"https:\/\/vannangvn.123websitedev.com\/#\/schema\/logo\/image\/\",\"url\":\"https:\/\/vannangvn.123websitedev.com\/wp-content\/uploads\/2026\/02\/logo-van-nang-02.png\",\"contentUrl\":\"https:\/\/vannangvn.123websitedev.com\/wp-content\/uploads\/2026\/02\/logo-van-nang-02.png\",\"width\":448,\"height\":111,\"caption\":\"Vannang.vn\"},\"image\":{\"@id\":\"https:\/\/vannangvn.123websitedev.com\/#\/schema\/logo\/image\/\"}}]}<\/script>\n<!-- \/ Yoast SEO Premium plugin. -->","yoast_head_json":{"title":"H\u1ec6 TH\u1ed0NG PH\u00c2N T\u00cdCH BIA ANTON PAAR M... ch\u00ednh h\u00e3ng | V\u1ea1n N\u0103ng","description":"Mua ngay H\u1ec6 TH\u1ed0NG PH\u00c2N T\u00cdCH BIA ANTON PAAR MODEL ANIMO 3100 MOBILE ch\u00ednh h\u00e3ng. Gi\u00e1 t\u1ed1t!","robots":{"index":"noindex","follow":"follow","max-snippet":"max-snippet:-1","max-image-preview":"max-image-preview:large","max-video-preview":"max-video-preview:-1"},"og_locale":"en_US","og_type":"article","og_title":"H\u1ec6 TH\u1ed0NG PH\u00c2N T\u00cdCH BIA ANTON PAAR MODEL ANIMO 3100 MOBILE","og_description":"Mua ngay H\u1ec6 TH\u1ed0NG PH\u00c2N T\u00cdCH BIA ANTON PAAR MODEL ANIMO 3100 MOBILE ch\u00ednh h\u00e3ng. Gi\u00e1 t\u1ed1t!","og_url":"https:\/\/vannangvn.123websitedev.com\/en\/product\/he-thong-phan-tich-bia-anton-paar-model-animo-3100-mobile\/","og_site_name":"Vannang.vn","article_modified_time":"2026-03-30T11:18:27+00:00","twitter_card":"summary_large_image","twitter_misc":{"Est. reading time":"10 minutes"},"schema":{"@context":"https:\/\/schema.org","@graph":[{"@type":"WebPage","@id":"https:\/\/vannangvn.123websitedev.com\/san-pham\/he-thong-phan-tich-bia-anton-paar-model-animo-3100-mobile\/","url":"https:\/\/vannangvn.123websitedev.com\/san-pham\/he-thong-phan-tich-bia-anton-paar-model-animo-3100-mobile\/","name":"H\u1ec6 TH\u1ed0NG PH\u00c2N T\u00cdCH BIA ANTON PAAR M... ch\u00ednh h\u00e3ng | V\u1ea1n N\u0103ng","isPartOf":{"@id":"https:\/\/vannangvn.123websitedev.com\/#website"},"datePublished":"2026-03-20T10:27:30+00:00","dateModified":"2026-03-30T11:18:27+00:00","description":"Mua ngay H\u1ec6 TH\u1ed0NG PH\u00c2N T\u00cdCH BIA ANTON PAAR MODEL ANIMO 3100 MOBILE ch\u00ednh h\u00e3ng. Gi\u00e1 t\u1ed1t!","breadcrumb":{"@id":"https:\/\/vannangvn.123websitedev.com\/san-pham\/he-thong-phan-tich-bia-anton-paar-model-animo-3100-mobile\/#breadcrumb"},"inLanguage":"en-US","potentialAction":[{"@type":"ReadAction","target":["https:\/\/vannangvn.123websitedev.com\/san-pham\/he-thong-phan-tich-bia-anton-paar-model-animo-3100-mobile\/"]}]},{"@type":"BreadcrumbList","@id":"https:\/\/vannangvn.123websitedev.com\/san-pham\/he-thong-phan-tich-bia-anton-paar-model-animo-3100-mobile\/#breadcrumb","itemListElement":[{"@type":"ListItem","position":1,"name":"Trang ch\u1ee7","item":"https:\/\/vannangvn.123websitedev.com\/"},{"@type":"ListItem","position":2,"name":"S\u1ea3n ph\u1ea9m","item":"https:\/\/vannangvn.123websitedev.com\/cua-hang\/"},{"@type":"ListItem","position":3,"name":"H\u1ec6 TH\u1ed0NG PH\u00c2N T\u00cdCH BIA ANTON PAAR MODEL ANIMO 3100 MOBILE"}]},{"@type":"WebSite","@id":"https:\/\/vannangvn.123websitedev.com\/#website","url":"https:\/\/vannangvn.123websitedev.com\/","name":"Vannang.vn","description":"","publisher":{"@id":"https:\/\/vannangvn.123websitedev.com\/#organization"},"potentialAction":[{"@type":"SearchAction","target":{"@type":"EntryPoint","urlTemplate":"https:\/\/vannangvn.123websitedev.com\/?s={search_term_string}"},"query-input":{"@type":"PropertyValueSpecification","valueRequired":true,"valueName":"search_term_string"}}],"inLanguage":"en-US"},{"@type":"Organization","@id":"https:\/\/vannangvn.123websitedev.com\/#organization","name":"Vannang.vn","url":"https:\/\/vannangvn.123websitedev.com\/","logo":{"@type":"ImageObject","inLanguage":"en-US","@id":"https:\/\/vannangvn.123websitedev.com\/#\/schema\/logo\/image\/","url":"https:\/\/vannangvn.123websitedev.com\/wp-content\/uploads\/2026\/02\/logo-van-nang-02.png","contentUrl":"https:\/\/vannangvn.123websitedev.com\/wp-content\/uploads\/2026\/02\/logo-van-nang-02.png","width":448,"height":111,"caption":"Vannang.vn"},"image":{"@id":"https:\/\/vannangvn.123websitedev.com\/#\/schema\/logo\/image\/"}}]}},"_links":{"self":[{"href":"https:\/\/vannangvn.123websitedev.com\/en\/wp-json\/wp\/v2\/product\/6360","targetHints":{"allow":["GET"]}}],"collection":[{"href":"https:\/\/vannangvn.123websitedev.com\/en\/wp-json\/wp\/v2\/product"}],"about":[{"href":"https:\/\/vannangvn.123websitedev.com\/en\/wp-json\/wp\/v2\/types\/product"}],"replies":[{"embeddable":true,"href":"https:\/\/vannangvn.123websitedev.com\/en\/wp-json\/wp\/v2\/comments?post=6360"}],"wp:attachment":[{"href":"https:\/\/vannangvn.123websitedev.com\/en\/wp-json\/wp\/v2\/media?parent=6360"}],"wp:term":[{"taxonomy":"product_brand","embeddable":true,"href":"https:\/\/vannangvn.123websitedev.com\/en\/wp-json\/wp\/v2\/product_brand?post=6360"},{"taxonomy":"product_cat","embeddable":true,"href":"https:\/\/vannangvn.123websitedev.com\/en\/wp-json\/wp\/v2\/product_cat?post=6360"},{"taxonomy":"product_tag","embeddable":true,"href":"https:\/\/vannangvn.123websitedev.com\/en\/wp-json\/wp\/v2\/product_tag?post=6360"}],"curies":[{"name":"wp","href":"https:\/\/api.w.org\/{rel}","templated":true}]}}