{"id":6363,"date":"2026-03-20T17:27:33","date_gmt":"2026-03-20T10:27:33","guid":{"rendered":"https:\/\/vannangvn.123websitedev.com\/san-pham\/he-thong-quang-pho-phat-xa-plasma-icp-oes-analytik-jena-model-plasmaquant-9100-elite\/"},"modified":"2026-03-30T18:18:30","modified_gmt":"2026-03-30T11:18:30","slug":"he-thong-quang-pho-phat-xa-plasma-icp-oes-analytik-jena-model-plasmaquant-9100-elite","status":"publish","type":"product","link":"https:\/\/vannangvn.123websitedev.com\/en\/product\/he-thong-quang-pho-phat-xa-plasma-icp-oes-analytik-jena-model-plasmaquant-9100-elite\/","title":{"rendered":"H\u1ec6 TH\u1ed0NG QUANG PH\u1ed4 PH\u00c1T X\u1ea0 PLASMA (ICP-OES) ANALYTIK JENA MODEL PLASMAQUANT 9100 ELITE"},"content":{"rendered":"<h1 style=\"color: red; font-weight: bold; font-size: 24px;\">T&#7893;ng quan s&#7843;n ph&#7849;m H&#7878; TH&#7888;NG QUANG PH&#7892; PH&Aacute;T X&#7840; PLASMA (ICP-OES) ANALYTIK JENA MODEL PLASMAQUANT 9100 ELITE<p>H&#7879; Th&#7889;ng Quang Ph&#7893; Ph&aacute;t X&#7841; Plasma (ICP-OES) Analytik Jena Model PlasmaQuant 9100 Elite<br>\nH&#7879; Th&#7889;ng Quang Ph&#7893; Ph&aacute;t X&#7841; Plasma (ICP-OES) PlasmaQuant 9100 Elite &#273;&#432;&#7907;c ph&aacute;t tri&#7875;n b&#7903;i Analytik Jena, m&#7897;t th&#432;&#417;ng hi&#7879;u uy t&iacute;n h&agrave;ng &#273;&#7847;u trong l&#297;nh v&#7921;c ph&acirc;n t&iacute;ch nguy&ecirc;n t&#7889;. Thi&#7871;t b&#7883; n&agrave;y s&#7903; h&#7919;u nh&#7919;ng t&iacute;nh n&#259;ng v&#432;&#7907;t tr&#7897;i, mang l&#7841;i hi&#7879;u su&#7845;t ph&acirc;n t&iacute;ch cao v&agrave; &#273;&aacute;ng tin c&#7853;y trong c&aacute;c &#7913;ng d&#7909;ng c&ocirc;ng nghi&#7879;p, m&ocirc;i tr&#432;&#7901;ng v&agrave; nghi&ecirc;n c&#7913;u. H&atilde;y c&ugrave;ng V&#7841;n N&#259;ng t&igrave;m hi&#7875;u chi ti&#7871;t h&#417;n v&#7873; s&#7843;n ph&#7849;m th&ocirc;ng qua b&agrave;i vi&#7871;t d&#432;&#7899;i &#273;&acirc;y nh&eacute;!<\/p><p>Xem th&ecirc;m: Thi&#7871;t b&#7883; ki&#7875;m tra nhi&#7879;t &#273;&#7897; l&ograve; ng&agrave;nh th&#7921;c ph&#7849;m &ndash; Food Processing FOS14 Systems &ndash; PhoenixTM<\/p><p>Hai Phi&ecirc;n B&#7843;n &#272;&aacute;p &#7912;ng M&#7885;i Nhu C&#7847;u<br>\nPlasmaQuant 9100 &ndash; Phi&ecirc;n b&#7843;n ti&ecirc;u chu&#7849;n<\/p><p>&#272;&aacute;p &#7913;ng nhu c&#7847;u ph&acirc;n t&iacute;ch th&#432;&#7901;ng quy v&agrave; gi&aacute;m s&aacute;t ch&#7845;t l&#432;&#7907;ng s&#7843;n xu&#7845;t.<br>\nC&acirc;n b&#7857;ng ho&agrave;n h&#7843;o gi&#7919;a chi ph&iacute; &ndash; hi&#7879;u su&#7845;t &ndash; &#273;&#7897; tin c&#7853;y.<\/p><p>PlasmaQuant 9100 Elite &ndash; Phi&ecirc;n b&#7843;n cao c&#7845;p<\/p><p>&#272;&#7897; ph&acirc;n gi&#7843;i quang ph&#7893; t&#7889;i &#432;u, &#273;&#7897; nh&#7841;y v&#432;&#7907;t tr&#7897;i.<br>\nX&#7917; l&yacute; ma tr&#7853;n m&#7851;u ph&#7913;c t&#7841;p v&agrave; ph&aacute;t hi&#7879;n nguy&ecirc;n t&#7889; &#7903; m&#7913;c si&ecirc;u v&#7871;t.<\/p><p>N&eacute;t &#272;&#7863;c Tr&#432;ng C&#7911;a PlasmaQuant 9100 Elite<br>\n&#272;&#7897; ph&acirc;n gi&#7843;i quang ph&#7893; cao<br>\nM&aacute;y Quang Ph&#7893; PlasmaQuant 9100 Elite c&oacute; &#273;&#7897; ph&acirc;n gi&#7843;i quang ph&#7893; &#273;&#7881;nh cao, cho ph&eacute;p:<\/p><p>Lo&#7841;i b&#7887; ho&agrave;n to&agrave;n hi&#7879;n t&#432;&#7907;ng nhi&#7877;u ph&#7893;,<br>\nS&#7917; d&#7909;ng c&aacute;c &#273;&#432;&#7901;ng ph&#7893; nh&#7841;y nh&#7845;t,<br>\n&#272;&#7843;m b&#7843;o k&#7871;t qu&#7843; ph&acirc;n t&iacute;ch ch&iacute;nh x&aacute;c ngay c&#7843; v&#7899;i c&aacute;c m&#7851;u ph&#7913;c t&#7841;p.<\/p><p>Dual View Plus<br>\nM&aacute;y Quang Ph&#7893; Ph&aacute;t X&#7841; Plasma PlasmaQuant 9100 Elite &#273;&#432;&#7907;c trang b&#7883; ch&#7871; &#273;&#7897; Dual View Plus, t&#7889;i &#432;u h&oacute;a g&oacute;c nh&igrave;n plasma &#273;&#7875;:<\/p><p>M&#7903; r&#7897;ng d&#7843;i l&agrave;m vi&#7879;c,<br>\nT&#259;ng c&#432;&#7901;ng &#273;&#7897; nh&#7841;y ph&acirc;n t&iacute;ch,<br>\nGi&#7843;m thi&#7875;u th&#7901;i gian chu&#7849;n b&#7883; m&#7851;u, ti&#7871;t ki&#7879;m chi ph&iacute;.<\/p><p>&#272;&egrave;n plasma m&#7841;nh m&#7869;<br>\nB&#7897; ph&aacute;t plasma c&#7911;a PlasmaQuant 9100 Elite c&oacute;:<\/p><p>Ngu&#7891;n ph&aacute;t c&ocirc;ng su&#7845;t cao,<br>\nKh&#7843; n&#259;ng ch&#7883;u &#273;&#7921;ng m&#7851;u kh&oacute;,<br>\nHo&#7841;t &#273;&#7897;ng &#7893;n &#273;&#7883;nh v&agrave; tu&#7893;i th&#7885; d&agrave;i, gi&#7843;m chi ph&iacute; b&#7843;o tr&igrave;.<\/p><p>Thi&#7871;t k&#7871; th&ocirc;ng minh<br>\nThi&#7871;t B&#7883; Quang Ph&#7893; Ph&aacute;t X&#7841; Quang H&#7885;c PlasmaQuant 9100 Elite &#273;&#432;&#7907;c trang b&#7883;:<\/p><p>&#272;&egrave;n &#273;&#7889;t V Shuttle Torch, gi&uacute;p k&eacute;o d&agrave;i tu&#7893;i th&#7885; b&#7897; ph&#7853;n, h&#7841;n ch&#7871; b&aacute;m c&#7863;n, gi&#7843;m thi&#7875;u vi&#7879;c v&#7879; sinh v&agrave; b&#7843;o tr&igrave;.<br>\nB&#7897; hi&#7879;u chu&#7849;n n&#7897;i Neon, &#273;&#7843;m b&#7843;o &#7893;n &#273;&#7883;nh quang ph&#7893;, duy tr&igrave; &#273;&#7897; ch&iacute;nh x&aacute;c l&acirc;u d&agrave;i.<br>\nH&#7879; th&#7889;ng kh&#7903;i &#273;&#7897;ng nhanh, s&#7861;n s&agrave;ng v&#7853;n h&agrave;nh ch&#7881; trong v&agrave;i ph&uacute;t.<\/p><p>Xem th&ecirc;m: &#272;&#7847;u D&ograve; Nhi&#7879;t &#272;&#7897; Ti&#7871;p X&uacute;c B&#7885;c Kho&aacute;ng (Mineral Insulated Thermocouple) PhoenixTM Model TC28)<\/p><p>&#7912;ng D&#7909;ng &#272;a D&#7841;ng C&#7911;a PlasmaQuant 9100 Elite<br>\nICP-OES PlasmaQuant 9100 Elite th&iacute;ch h&#7907;p cho c&aacute;c l&#297;nh v&#7921;c:<\/p><p>Ph&acirc;n t&iacute;ch kim lo&#7841;i n&#7863;ng v&agrave; nguy&ecirc;n t&#7889; v&#7871;t trong m&ocirc;i tr&#432;&#7901;ng (n&#432;&#7899;c, &#273;&#7845;t, tr&#7847;m t&iacute;ch).<br>\nKi&#7875;m tra ch&#7845;t l&#432;&#7907;ng s&#7843;n ph&#7849;m c&ocirc;ng nghi&#7879;p: kim lo&#7841;i, h&#7907;p kim, h&oacute;a ch&#7845;t.<br>\nNghi&ecirc;n c&#7913;u &amp; ph&aacute;t tri&#7875;n (R&amp;D): ph&aacute;t hi&#7879;n v&#7871;t, si&ecirc;u v&#7871;t, &#273;&aacute;p &#7913;ng c&aacute;c ph&eacute;p &#273;o kh&#7855;t khe.<br>\nKi&#7875;m so&aacute;t ch&#7845;t l&#432;&#7907;ng s&#7843;n xu&#7845;t: gi&aacute;m s&aacute;t quy tr&igrave;nh v&agrave; &#273;&#7843;m b&#7843;o ch&#7845;t l&#432;&#7907;ng &#273;&#7847;u ra.<\/p><p>Linh Ki&#7879;n V&agrave; Ph&#7909; Ki&#7879;n H&#7895; Tr&#7907; &#272;a D&#7841;ng<br>\nPlasmaQuant 9100 Elite ICP-OES h&#7895; tr&#7907; nhi&#7873;u g&oacute;i ph&#7909; ki&#7879;n chuy&ecirc;n bi&#7879;t nh&#432;:<\/p><p>B&#7897; kit ph&acirc;n t&iacute;ch m&#7851;u h&#7919;u c&#417; d&#7877; bay h&#417;i,<br>\nB&#7897; kit ph&acirc;n t&iacute;ch m&#7851;u ch&#7913;a axit HF,<br>\nH&#7879; th&#7889;ng autosampler v&agrave; pha lo&atilde;ng t&#7921; &#273;&#7897;ng.<\/p><p>Nh&#7901; &#273;&oacute;, M&aacute;y Quang Ph&#7893; Ph&aacute;t X&#7841; PlasmaQuant 9100 Elite mang &#273;&#7871;n s&#7921; linh ho&#7841;t v&agrave; t&#7889;i &#432;u h&oacute;a hi&#7879;u qu&#7843; ph&acirc;n t&iacute;ch.<\/p><p>Xem th&ecirc;m: &#272;&aacute; M&agrave;i M&ograve;n (Abrading Wheels) Taber Industries Model Especiales CS-5<\/p><p>&#431;u &#272;i&#7875;m V&#432;&#7907;t Tr&#7897;i C&#7911;a PlasmaQuant 9100 Elite<\/p><p>&#272;&#7897; nh&#7841;y v&agrave; &#273;&#7897; ph&acirc;n gi&#7843;i quang ph&#7893; cao nh&#7845;t th&#7883; tr&#432;&#7901;ng.<br>\nHo&#7841;t &#273;&#7897;ng &#7893;n &#273;&#7883;nh, b&#7873;n b&#7881; v&agrave; chi ph&iacute; b&#7843;o tr&igrave; th&#7845;p.<br>\nT&iacute;ch h&#7907;p c&ocirc;ng ngh&#7879; hi&#7879;n &#273;&#7841;i, ti&#7871;t ki&#7879;m th&#7901;i gian v&agrave; chi ph&iacute; v&#7853;n h&agrave;nh.<br>\n&#272;&aacute;p &#7913;ng &#273;a d&#7841;ng &#7913;ng d&#7909;ng &ndash; t&#7915; m&ocirc;i tr&#432;&#7901;ng, c&ocirc;ng nghi&#7879;p &#273;&#7871;n nghi&ecirc;n c&#7913;u.<\/p><p>Nh&#7919;ng L&yacute; Do N&ecirc;n Mua M&aacute;y Quang Ph&#7893; Ph&aacute;t X&#7841; Plasma T&#7841;i V&#7841;n N&#259;ng<\/p><p>C&ocirc;ng ty Thi&#7871;t B&#7883; C&ocirc;ng Ngh&#7879; V&#7841;n N&#259;ng l&agrave; &#273;&#7889;i t&aacute;c ch&iacute;nh th&#7913;c ph&acirc;n ph&#7889;i M&aacute;y Quang Ph&#7893; Ph&aacute;t X&#7841; Plasma h&agrave;ng &#273;&#7847;u t&#7841;i Vi&#7879;t Nam, cam k&#7871;t cung c&#7845;p s&#7843;n ph&#7849;m ch&iacute;nh h&atilde;ng v&#7899;i gi&aacute; c&#7843; c&#7841;nh tranh nh&#7845;t th&#7883; tr&#432;&#7901;ng. V&#7899;i uy t&iacute;n tr&ecirc;n th&#7883; tr&#432;&#7901;ng v&agrave; ch&#7871; &#273;&#7897; h&#7851;u m&atilde;i t&#7889;t, Thi&#7871;t B&#7883; C&ocirc;ng Ngh&#7879; V&#7841;n N&#259;ng &#273;&atilde; nh&#7853;n &#273;&#432;&#7907;c s&#7921; tin t&#432;&#7903;ng t&#7915; kh&aacute;ch h&agrave;ng nh&#7901; v&agrave;o ch&#7845;t l&#432;&#7907;ng h&agrave;ng &#273;&#7847;u c&#7911;a c&aacute;c d&ograve;ng s&#7843;n ph&#7849;m.<br>\nS&#7843;n ph&#7849;m c&#7911;a ch&uacute;ng t&ocirc;i &#273;&#432;&#7907;c ki&#7875;m &#273;&#7883;nh ch&#7845;t l&#432;&#7907;ng, nh&#7853;p kh&#7849;u tr&#7921;c ti&#7871;p t&#7915; nh&agrave; m&aacute;y b&ecirc;n Ch&acirc;u &Acirc;u, M&#7929;, &Uacute;c, Nh&#7853;t B&#7843;n,&hellip; v&agrave; &#273;&aacute;p &#7913;ng nhu c&#7847;u &#273;a d&#7841;ng c&#7911;a th&#7883; tr&#432;&#7901;ng nh&#432;: M&aacute;y &#272;o &#272;&#7897; C&#7913;ng, M&aacute;y SPECTROMAXx, M&aacute;y Ki&#7875;m Tra &#272;&#432;&#7901;ng Gh&eacute;p M&iacute; Lon,&hellip; Ch&uacute;ng t&ocirc;i cam k&#7871;t cung c&#7845;p s&#7843;n ph&#7849;m n&agrave;y tr&ecirc;n to&agrave;n qu&#7889;c v&#7899;i gi&aacute; c&#7843; c&#7841;nh tranh nh&#7845;t.<br>\nCh&uacute;ng t&ocirc;i c&oacute; &#273;&#7897;i ng&#361; chuy&ecirc;n vi&ecirc;n t&#432; v&#7845;n chuy&ecirc;n s&acirc;u s&#7869; h&#7895; tr&#7907; kh&aacute;ch h&agrave;ng v&#7873; chi ti&#7871;t s&#7843;n ph&#7849;m, h&#432;&#7899;ng d&#7851;n s&#7917; d&#7909;ng hay nh&#7919;ng th&#7913; li&ecirc;n quan &#273;&#7871;n v&#7845;n &#273;&#7873; m&agrave; doanh nghi&#7879;p b&#7841;n &#273;ang g&#7863;p ph&#7843;i. Ch&uacute;ng t&ocirc;i s&#7869; cung c&#7845;p nh&#7919;ng gi&#7843;i ph&aacute;p t&#7889;i &#432;u nh&#7845;t!<br>\nNgo&agrave;i ra Thi&#7871;t B&#7883; C&ocirc;ng Ngh&#7879; V&#7841;n N&#259;ng Ch&uacute;ng T&ocirc;i lu&ocirc;n h&#432;&#7899;ng &#273;&#7871;n tr&#7843;i nghi&#7879;m kh&aacute;ch h&agrave;ng, v&igrave; v&#7853;y ch&uacute;ng t&ocirc;i c&oacute; nh&#7919;ng ch&iacute;nh s&aacute;ch b&#7843;o h&agrave;nh, b&#7843;o tr&igrave; &ndash; b&#7843;o d&#432;&#7905;ng, hi&#7879;u chu&#7849;n v&#7899;i t&#7845;t c&#7843; c&aacute;c thi&#7871;t b&#7883;, m&aacute;y m&oacute;c m&agrave; ch&uacute;ng t&ocirc;i cung c&#7845;p. &#272;&#7843;m b&#7843;o mang &#273;&#7871;n cho Kh&aacute;ch h&agrave;ng s&#7921; y&ecirc;n t&acirc;m tuy&#7879;t &#273;&#7889;i v&#7873; d&#7883;ch v&#7909; khi mua h&agrave;ng.<\/p><p>Xem th&ecirc;m: M&aacute;y &#272;o N&#7891;ng &#272;&#7897; C&#7891;n K&#7929; Thu&#7853;t S&#7889; Anton Paar Alcolyzer M Beer<\/p><p>T&#7893;ng K&#7871;t<br>\nNh&#7901; thi&#7871;t k&#7871; th&ocirc;ng minh v&agrave; c&ocirc;ng ngh&#7879; ti&ecirc;n ti&#7871;n nh&#432; Dual View Plus c&ugrave;ng b&#7897; plasma m&#7841;nh m&#7869;, M&aacute;y Quang Ph&#7893; Ph&aacute;t X&#7841; PlasmaQuant 9100 Elite mang &#273;&#7871;n k&#7871;t qu&#7843; ch&iacute;nh x&aacute;c, tin c&#7853;y v&agrave; &#7893;n &#273;&#7883;nh l&acirc;u d&agrave;i. M&#7897;t trong nh&#7919;ng gi&#7843;i ph&aacute;p to&agrave;n di&#7879;n v&agrave; t&#7889;i &#432;u cho c&aacute;c ph&ograve;ng th&iacute; nghi&#7879;m, doanh nghi&#7879;p c&ocirc;ng nghi&#7879;p v&agrave; c&#417; s&#7903; nghi&ecirc;n c&#7913;u &#273;ang t&igrave;m ki&#7871;m hi&#7879;u su&#7845;t v&agrave; ch&#7845;t l&#432;&#7907;ng ph&acirc;n t&iacute;ch h&agrave;ng &#273;&#7847;u. H&atilde;y li&ecirc;n h&#7879; v&#7899;i V&#7841;n N&#259;ng ngay &#273;&#7875; &#273;&#432;&#7907;c t&#432; v&#7845;n chuy&ecirc;n s&acirc;u v&agrave; nh&#7853;n nh&#7919;ng &#432;u &#273;&atilde;i h&#7845;p d&#7851;n nh&#7845;t th&ocirc;ng qua hotline\/zalo: <a href=\"https:\/\/zalo.me\/0903991335\" target=\"_blank\" rel=\"noopener\" style=\"color: #059669; font-weight: bold; text-decoration: none;\">0903 991 335<\/a>.<\/p><div style=\"background-color: #f8fafc; border: 1px solid #e2e8f0; border-radius: 8px; padding: 25px; max-width: 800px; margin: 30px auto; color: #334155; line-height: 1.8; font-size: 17px; box-shadow: 0 4px 6px -1px rgba(0,0,0,0.05); text-align: left; clear: both;\">\nC&ocirc;ng ty TNHH Th&#432;&#417;ng M&#7841;i D&#7883;ch V&#7909; Thi&#7871;t B&#7883; C&ocirc;ng Ngh&#7879; V&#7841;n N&#259;ng\n<p style=\"margin: 0 0 10px 0;\">&#128205; <strong style=\"color: #1e293b;\">&#272;&#7883;a ch&#7881;:<\/strong> <a style=\"color: #059669; text-decoration: none; font-weight: bold;\" href=\"https:\/\/www.google.com\/maps\/search\/C%C3%B4ng+ty+TNHH+Th%C6%B0%C6%A1ng+M%E1%BA%A1i+D%E1%BB%8Bch+V%E1%BB%A5+Thi%E1%BA%BFt+B%E1%BB%8B+C%C3%B4ng+Ngh%E1%BB%87+V%E1%BA%A1n+N%C4%83ng+818+Tr%C6%B0%E1%BB%9Dng+Chinh\" target=\"_blank\" rel=\"noopener\">818 Tr&#432;&#7901;ng Chinh, Ph&#432;&#7901;ng T&acirc;n S&#417;n, Th&agrave;nh ph&#7889; H&#7891; Ch&iacute; Minh, Vi&#7879;t Nam<\/a><\/p>\n<p style=\"margin: 0 0 10px 0;\">&#128222; <strong style=\"color: #1e293b;\">S&#272;T &ndash; Zalo:<\/strong> <a style=\"color: #059669; text-decoration: none; font-weight: bold;\" href=\"https:\/\/zalo.me\/0903991335\" target=\"_blank\" rel=\"noopener\">0903 991 335<\/a> <span style=\"color: #64748b; font-style: italic;\">(Ms. H&#7841;nh &ndash; Gi&aacute;m &#272;&#7889;c Kinh Doanh)<\/span><\/p>\n<p style=\"margin: 0;\">&#9993;&#65039; <strong style=\"color: #1e293b;\">Email:<\/strong> <a style=\"color: #059669; text-decoration: none; font-weight: bold;\" href=\"mailto:hienhanh@vannangvn.com\">hienhanh@vannangvn.com<\/a><\/p>\n<\/div><\/h1>","protected":false},"excerpt":{"rendered":"<p><strong>Th&#432;&#417;ng hi&#7879;u:<\/strong> Analytik Jena<br>\n<strong>Model:<\/strong> PlasmaQuant -2<p>Product <strong>H&#7878; TH&#7888;NG QUANG PH&#7892; PH&Aacute;T X&#7840; PLASMA (ICP-OES) ANALYTIK JENA MODEL PLASMAQUANT 9100 ELITE<\/strong> ch&iacute;nh h&atilde;ng. Analytik Jena (&#272;&#7913;c)<br>\nPlasmaQuant 9100 Elite&nbsp;l&agrave; thi&#7871;t b&#7883; ph&acirc;n t&iacute;ch nguy&ecirc;n t&#7889; ti&ecirc;n ti&#7871;n b&#7857;ng quang ph&#7893; ph&aacute;t x&#7841; plasma c&#7843;m &#7913;ng cao t&#7847;n (ICP-OES), n&#7893;i b&#7853;t v&#7899;i &#273;&#7897; nh&#7841;y cao, &#273;&#7897; ph&acirc;n gi&#7843;i quang ph&#7893; v&#432;&#7907;t tr&#7897;i v&agrave; kh&#7843; n&#259;ng x&#7917; l&yacute; ma tr&#7853;n m&#7851;u &#273;a d&#7841;ng. &#272;&acirc;y l&agrave; gi&#7843;i ph&aacute;p to&agrave;n di&#7879;n, &#273;&aacute;ng tin c&#7853;y cho c&aacute;c ph&ograve;ng th&iacute; nghi&#7879;m v&agrave; doanh nghi&#7879;p y&ecirc;u c&#7847;u k&#7871;t qu&#7843; ph&acirc;n t&iacute;ch ch&iacute;nh x&aacute;c v&agrave; &#7893;n &#273;&#7883;nh.<\/p><\/p>","protected":false},"featured_media":0,"comment_status":"open","ping_status":"closed","template":"","meta":[],"product_brand":[],"product_cat":[18],"product_tag":[1192,116,291,704,938,1052,1145,1185,1186,1187,1188,1189,1190,1191],"class_list":{"0":"post-6363","1":"product","2":"type-product","3":"status-publish","5":"product_cat-chua-phan-loai","6":"product_tag-elite","7":"product_tag-model","8":"product_tag-phat","9":"product_tag-quang","10":"product_tag-thong","11":"product_tag-he","12":"product_tag-xa","13":"product_tag-pho","14":"product_tag-plasma","15":"product_tag-icp-oes","16":"product_tag-analytik","17":"product_tag-jena","18":"product_tag-plasmaquant","19":"product_tag-1191","21":"first","22":"instock","23":"shipping-taxable","24":"product-type-simple"},"yoast_head":"<!-- This site is optimized with the Yoast SEO Premium plugin v24.8 (Yoast SEO v24.8) - https:\/\/yoast.com\/wordpress\/plugins\/seo\/ -->\n<title>H\u1ec6 TH\u1ed0NG QUANG PH\u1ed4 PH\u00c1T X\u1ea0 PLASMA (... ch\u00ednh h\u00e3ng | V\u1ea1n N\u0103ng<\/title>\n<meta name=\"description\" content=\"Mua ngay H\u1ec6 TH\u1ed0NG QUANG PH\u1ed4 PH\u00c1T X\u1ea0 PLASMA (ICP-OES) ANALYTIK JENA MODEL PLASMAQUANT 9100 ELITE ch\u00ednh h\u00e3ng. PlasmaQuant 9100 Elite... Gi\u00e1 t\u1ed1t!\" \/>\n<meta name=\"robots\" content=\"noindex, follow, max-snippet:-1, max-image-preview:large, max-video-preview:-1\" \/>\n<meta property=\"og:locale\" content=\"en_US\" \/>\n<meta property=\"og:type\" content=\"article\" \/>\n<meta property=\"og:title\" content=\"H\u1ec6 TH\u1ed0NG QUANG PH\u1ed4 PH\u00c1T X\u1ea0 PLASMA (ICP-OES) ANALYTIK JENA MODEL PLASMAQUANT 9100 ELITE\" \/>\n<meta property=\"og:description\" content=\"Mua ngay H\u1ec6 TH\u1ed0NG QUANG PH\u1ed4 PH\u00c1T X\u1ea0 PLASMA (ICP-OES) ANALYTIK JENA MODEL PLASMAQUANT 9100 ELITE ch\u00ednh h\u00e3ng. PlasmaQuant 9100 Elite... Gi\u00e1 t\u1ed1t!\" \/>\n<meta property=\"og:url\" content=\"https:\/\/vannangvn.123websitedev.com\/en\/product\/he-thong-quang-pho-phat-xa-plasma-icp-oes-analytik-jena-model-plasmaquant-9100-elite\/\" \/>\n<meta property=\"og:site_name\" content=\"Vannang.vn\" \/>\n<meta property=\"article:modified_time\" content=\"2026-03-30T11:18:30+00:00\" \/>\n<meta name=\"twitter:card\" content=\"summary_large_image\" \/>\n<meta name=\"twitter:label1\" content=\"Est. reading time\" \/>\n\t<meta name=\"twitter:data1\" content=\"8 minutes\" \/>\n<script type=\"application\/ld+json\" class=\"yoast-schema-graph\">{\"@context\":\"https:\/\/schema.org\",\"@graph\":[{\"@type\":\"WebPage\",\"@id\":\"https:\/\/vannangvn.123websitedev.com\/san-pham\/he-thong-quang-pho-phat-xa-plasma-icp-oes-analytik-jena-model-plasmaquant-9100-elite\/\",\"url\":\"https:\/\/vannangvn.123websitedev.com\/san-pham\/he-thong-quang-pho-phat-xa-plasma-icp-oes-analytik-jena-model-plasmaquant-9100-elite\/\",\"name\":\"H\u1ec6 TH\u1ed0NG QUANG PH\u1ed4 PH\u00c1T X\u1ea0 PLASMA (... ch\u00ednh h\u00e3ng | V\u1ea1n N\u0103ng\",\"isPartOf\":{\"@id\":\"https:\/\/vannangvn.123websitedev.com\/#website\"},\"datePublished\":\"2026-03-20T10:27:33+00:00\",\"dateModified\":\"2026-03-30T11:18:30+00:00\",\"description\":\"Mua ngay H\u1ec6 TH\u1ed0NG QUANG PH\u1ed4 PH\u00c1T X\u1ea0 PLASMA (ICP-OES) ANALYTIK JENA MODEL PLASMAQUANT 9100 ELITE ch\u00ednh h\u00e3ng. PlasmaQuant 9100 Elite... Gi\u00e1 t\u1ed1t!\",\"breadcrumb\":{\"@id\":\"https:\/\/vannangvn.123websitedev.com\/san-pham\/he-thong-quang-pho-phat-xa-plasma-icp-oes-analytik-jena-model-plasmaquant-9100-elite\/#breadcrumb\"},\"inLanguage\":\"en-US\",\"potentialAction\":[{\"@type\":\"ReadAction\",\"target\":[\"https:\/\/vannangvn.123websitedev.com\/san-pham\/he-thong-quang-pho-phat-xa-plasma-icp-oes-analytik-jena-model-plasmaquant-9100-elite\/\"]}]},{\"@type\":\"BreadcrumbList\",\"@id\":\"https:\/\/vannangvn.123websitedev.com\/san-pham\/he-thong-quang-pho-phat-xa-plasma-icp-oes-analytik-jena-model-plasmaquant-9100-elite\/#breadcrumb\",\"itemListElement\":[{\"@type\":\"ListItem\",\"position\":1,\"name\":\"Trang ch\u1ee7\",\"item\":\"https:\/\/vannangvn.123websitedev.com\/\"},{\"@type\":\"ListItem\",\"position\":2,\"name\":\"S\u1ea3n ph\u1ea9m\",\"item\":\"https:\/\/vannangvn.123websitedev.com\/cua-hang\/\"},{\"@type\":\"ListItem\",\"position\":3,\"name\":\"H\u1ec6 TH\u1ed0NG QUANG PH\u1ed4 PH\u00c1T X\u1ea0 PLASMA (ICP-OES) ANALYTIK JENA MODEL PLASMAQUANT 9100 ELITE\"}]},{\"@type\":\"WebSite\",\"@id\":\"https:\/\/vannangvn.123websitedev.com\/#website\",\"url\":\"https:\/\/vannangvn.123websitedev.com\/\",\"name\":\"Vannang.vn\",\"description\":\"\",\"publisher\":{\"@id\":\"https:\/\/vannangvn.123websitedev.com\/#organization\"},\"potentialAction\":[{\"@type\":\"SearchAction\",\"target\":{\"@type\":\"EntryPoint\",\"urlTemplate\":\"https:\/\/vannangvn.123websitedev.com\/?s={search_term_string}\"},\"query-input\":{\"@type\":\"PropertyValueSpecification\",\"valueRequired\":true,\"valueName\":\"search_term_string\"}}],\"inLanguage\":\"en-US\"},{\"@type\":\"Organization\",\"@id\":\"https:\/\/vannangvn.123websitedev.com\/#organization\",\"name\":\"Vannang.vn\",\"url\":\"https:\/\/vannangvn.123websitedev.com\/\",\"logo\":{\"@type\":\"ImageObject\",\"inLanguage\":\"en-US\",\"@id\":\"https:\/\/vannangvn.123websitedev.com\/#\/schema\/logo\/image\/\",\"url\":\"https:\/\/vannangvn.123websitedev.com\/wp-content\/uploads\/2026\/02\/logo-van-nang-02.png\",\"contentUrl\":\"https:\/\/vannangvn.123websitedev.com\/wp-content\/uploads\/2026\/02\/logo-van-nang-02.png\",\"width\":448,\"height\":111,\"caption\":\"Vannang.vn\"},\"image\":{\"@id\":\"https:\/\/vannangvn.123websitedev.com\/#\/schema\/logo\/image\/\"}}]}<\/script>\n<!-- \/ Yoast SEO Premium plugin. -->","yoast_head_json":{"title":"H\u1ec6 TH\u1ed0NG QUANG PH\u1ed4 PH\u00c1T X\u1ea0 PLASMA (... ch\u00ednh h\u00e3ng | V\u1ea1n N\u0103ng","description":"Mua ngay H\u1ec6 TH\u1ed0NG QUANG PH\u1ed4 PH\u00c1T X\u1ea0 PLASMA (ICP-OES) ANALYTIK JENA MODEL PLASMAQUANT 9100 ELITE ch\u00ednh h\u00e3ng. PlasmaQuant 9100 Elite... Gi\u00e1 t\u1ed1t!","robots":{"index":"noindex","follow":"follow","max-snippet":"max-snippet:-1","max-image-preview":"max-image-preview:large","max-video-preview":"max-video-preview:-1"},"og_locale":"en_US","og_type":"article","og_title":"H\u1ec6 TH\u1ed0NG QUANG PH\u1ed4 PH\u00c1T X\u1ea0 PLASMA (ICP-OES) ANALYTIK JENA MODEL PLASMAQUANT 9100 ELITE","og_description":"Mua ngay H\u1ec6 TH\u1ed0NG QUANG PH\u1ed4 PH\u00c1T X\u1ea0 PLASMA (ICP-OES) ANALYTIK JENA MODEL PLASMAQUANT 9100 ELITE ch\u00ednh h\u00e3ng. PlasmaQuant 9100 Elite... Gi\u00e1 t\u1ed1t!","og_url":"https:\/\/vannangvn.123websitedev.com\/en\/product\/he-thong-quang-pho-phat-xa-plasma-icp-oes-analytik-jena-model-plasmaquant-9100-elite\/","og_site_name":"Vannang.vn","article_modified_time":"2026-03-30T11:18:30+00:00","twitter_card":"summary_large_image","twitter_misc":{"Est. reading time":"8 minutes"},"schema":{"@context":"https:\/\/schema.org","@graph":[{"@type":"WebPage","@id":"https:\/\/vannangvn.123websitedev.com\/san-pham\/he-thong-quang-pho-phat-xa-plasma-icp-oes-analytik-jena-model-plasmaquant-9100-elite\/","url":"https:\/\/vannangvn.123websitedev.com\/san-pham\/he-thong-quang-pho-phat-xa-plasma-icp-oes-analytik-jena-model-plasmaquant-9100-elite\/","name":"H\u1ec6 TH\u1ed0NG QUANG PH\u1ed4 PH\u00c1T X\u1ea0 PLASMA (... ch\u00ednh h\u00e3ng | V\u1ea1n N\u0103ng","isPartOf":{"@id":"https:\/\/vannangvn.123websitedev.com\/#website"},"datePublished":"2026-03-20T10:27:33+00:00","dateModified":"2026-03-30T11:18:30+00:00","description":"Mua ngay H\u1ec6 TH\u1ed0NG QUANG PH\u1ed4 PH\u00c1T X\u1ea0 PLASMA (ICP-OES) ANALYTIK JENA MODEL PLASMAQUANT 9100 ELITE ch\u00ednh h\u00e3ng. PlasmaQuant 9100 Elite... Gi\u00e1 t\u1ed1t!","breadcrumb":{"@id":"https:\/\/vannangvn.123websitedev.com\/san-pham\/he-thong-quang-pho-phat-xa-plasma-icp-oes-analytik-jena-model-plasmaquant-9100-elite\/#breadcrumb"},"inLanguage":"en-US","potentialAction":[{"@type":"ReadAction","target":["https:\/\/vannangvn.123websitedev.com\/san-pham\/he-thong-quang-pho-phat-xa-plasma-icp-oes-analytik-jena-model-plasmaquant-9100-elite\/"]}]},{"@type":"BreadcrumbList","@id":"https:\/\/vannangvn.123websitedev.com\/san-pham\/he-thong-quang-pho-phat-xa-plasma-icp-oes-analytik-jena-model-plasmaquant-9100-elite\/#breadcrumb","itemListElement":[{"@type":"ListItem","position":1,"name":"Trang ch\u1ee7","item":"https:\/\/vannangvn.123websitedev.com\/"},{"@type":"ListItem","position":2,"name":"S\u1ea3n ph\u1ea9m","item":"https:\/\/vannangvn.123websitedev.com\/cua-hang\/"},{"@type":"ListItem","position":3,"name":"H\u1ec6 TH\u1ed0NG QUANG PH\u1ed4 PH\u00c1T X\u1ea0 PLASMA (ICP-OES) ANALYTIK JENA MODEL PLASMAQUANT 9100 ELITE"}]},{"@type":"WebSite","@id":"https:\/\/vannangvn.123websitedev.com\/#website","url":"https:\/\/vannangvn.123websitedev.com\/","name":"Vannang.vn","description":"","publisher":{"@id":"https:\/\/vannangvn.123websitedev.com\/#organization"},"potentialAction":[{"@type":"SearchAction","target":{"@type":"EntryPoint","urlTemplate":"https:\/\/vannangvn.123websitedev.com\/?s={search_term_string}"},"query-input":{"@type":"PropertyValueSpecification","valueRequired":true,"valueName":"search_term_string"}}],"inLanguage":"en-US"},{"@type":"Organization","@id":"https:\/\/vannangvn.123websitedev.com\/#organization","name":"Vannang.vn","url":"https:\/\/vannangvn.123websitedev.com\/","logo":{"@type":"ImageObject","inLanguage":"en-US","@id":"https:\/\/vannangvn.123websitedev.com\/#\/schema\/logo\/image\/","url":"https:\/\/vannangvn.123websitedev.com\/wp-content\/uploads\/2026\/02\/logo-van-nang-02.png","contentUrl":"https:\/\/vannangvn.123websitedev.com\/wp-content\/uploads\/2026\/02\/logo-van-nang-02.png","width":448,"height":111,"caption":"Vannang.vn"},"image":{"@id":"https:\/\/vannangvn.123websitedev.com\/#\/schema\/logo\/image\/"}}]}},"_links":{"self":[{"href":"https:\/\/vannangvn.123websitedev.com\/en\/wp-json\/wp\/v2\/product\/6363","targetHints":{"allow":["GET"]}}],"collection":[{"href":"https:\/\/vannangvn.123websitedev.com\/en\/wp-json\/wp\/v2\/product"}],"about":[{"href":"https:\/\/vannangvn.123websitedev.com\/en\/wp-json\/wp\/v2\/types\/product"}],"replies":[{"embeddable":true,"href":"https:\/\/vannangvn.123websitedev.com\/en\/wp-json\/wp\/v2\/comments?post=6363"}],"wp:attachment":[{"href":"https:\/\/vannangvn.123websitedev.com\/en\/wp-json\/wp\/v2\/media?parent=6363"}],"wp:term":[{"taxonomy":"product_brand","embeddable":true,"href":"https:\/\/vannangvn.123websitedev.com\/en\/wp-json\/wp\/v2\/product_brand?post=6363"},{"taxonomy":"product_cat","embeddable":true,"href":"https:\/\/vannangvn.123websitedev.com\/en\/wp-json\/wp\/v2\/product_cat?post=6363"},{"taxonomy":"product_tag","embeddable":true,"href":"https:\/\/vannangvn.123websitedev.com\/en\/wp-json\/wp\/v2\/product_tag?post=6363"}],"curies":[{"name":"wp","href":"https:\/\/api.w.org\/{rel}","templated":true}]}}